{"id":5209,"date":"2023-08-18T21:33:13","date_gmt":"2023-08-18T21:33:13","guid":{"rendered":"https:\/\/egytourpackages.com\/product\/velke-egyptske-muzeum-a-prohlidka-stare-kahiry\/"},"modified":"2026-01-08T12:07:59","modified_gmt":"2026-01-08T12:07:59","slug":"velke-egyptske-muzeum-a-prohlidka-stare-kahiry","status":"publish","type":"product","link":"https:\/\/egytourpackages.com\/cs\/prohlidky\/velke-egyptske-muzeum-a-prohlidka-stare-kahiry\/","title":{"rendered":"Velk\u00e9 egyptsk\u00e9 muzeum a prohl\u00eddka Star\u00e9 K\u00e1hiry"},"content":{"rendered":"<p><strong><span style=\"color: #ff6600;\">Velk\u00e9 egyptsk\u00e9 muzeum a prohl\u00eddka Star\u00e9 K\u00e1hiry<\/span><\/strong><\/p>\n<p>Za\u017eijte slavn\u00e9 m\u011bsto <strong>K\u00e1hiru<\/strong> s pohlcuj\u00edc\u00ed celodenn\u00ed prohl\u00eddkou Velk\u00e9ho egyptsk\u00e9ho muzea a Star\u00e9 K\u00e1hiry, navr\u017eenou tak, aby p\u0159edstavila bezkonkuren\u010dn\u00ed <strong>starov\u011bkou historii<\/strong> m\u011bsta a rozmanit\u00e9 kulturn\u00ed d\u011bdictv\u00ed. Tento komplexn\u00ed <strong>k\u00e1hirsk\u00fd jednodenn\u00ed v\u00fdlet<\/strong> nab\u00edz\u00ed nezapomenutelnou cestu tis\u00edcilet\u00edmi, ide\u00e1ln\u00ed pro ka\u017ed\u00e9ho <strong>milovn\u00edka cestov\u00e1n\u00ed po Egypt\u011b<\/strong>.<\/p>\n<p>Va\u0161e prohl\u00eddka za\u010d\u00edn\u00e1 v historick\u00e9 <strong>Koptsk\u00e9 K\u00e1hi\u0159e<\/strong>, duchovn\u00edm srdci m\u011bsta. Projd\u011bte se starobyl\u00fdmi uli\u010dkami a objevte ikonick\u00fd <strong>Visut\u00fd kostel<\/strong>, z\u00e1zrak ran\u011b k\u0159es\u0165ansk\u00e9 architektury zav\u011b\u0161en\u00fd nad <strong>\u0159\u00edmskou pevnost\u00ed<\/strong>. Prozkoumejte poz\u016fstatky starov\u011bk\u00e9 <strong>\u0159\u00edmsk\u00e9 pevnosti Babylon<\/strong> a nav\u0161tivte posv\u00e1tn\u00fd <strong>kostel svat\u00e9ho Sergeje a Bakcha<\/strong>, o kter\u00e9m se v\u011b\u0159\u00ed, \u017ee byl \u00fato\u010di\u0161t\u011bm Svat\u00e9 rodiny. Tuto \u010d\u00e1st zakon\u010dete v uct\u00edvan\u00e9 <strong>synagoze Ben Ezra<\/strong>, pono\u0159en\u00e9 do \u017eidovsk\u00e9 historie a legend.<\/p>\n<p>D\u00e1le n\u00e1sleduje velkolep\u00e9 <strong>Velk\u00e9 egyptsk\u00e9 muzeum (GEM)<\/strong>, nejv\u011bt\u0161\u00ed archeologick\u00e9 muzeum na sv\u011bt\u011b a p\u0159edn\u00ed <strong>k\u00e1hirsk\u00e1 atrakce<\/strong>. Pono\u0159te se do bezkonkuren\u010dn\u00ed sb\u00edrky <strong>starov\u011bk\u00fdch egyptsk\u00fdch artefakt\u016f<\/strong>, s t\u0159pytiv\u00fdmi <strong>Tutanchamonov\u00fdmi poklady<\/strong> jako \u00fast\u0159edn\u00edm bodem. Obdivujte kolos\u00e1ln\u00ed sochy, slo\u017eit\u00e9 kr\u00e1lovsk\u00e9 insignie a tis\u00edce expon\u00e1t\u016f, kter\u00e9 vypr\u00e1v\u011bj\u00ed o v\u00edce ne\u017e 5 000 letech <strong>faraonsk\u00e9 historie<\/strong>.<\/p>\n<p>Nakonec sv\u016fj den zakon\u010d\u00edte v <strong>Isl\u00e1msk\u00e9 K\u00e1hi\u0159e<\/strong> proch\u00e1zkou po <strong>ulici El Moez<\/strong>, \u010dasto popisovan\u00e9 jako \u201emuzeum pod \u0161ir\u00fdm nebem\u201c kv\u016fli jej\u00ed hust\u00e9 koncentraci \u00fachvatn\u00fdch st\u0159edov\u011bk\u00fdch me\u0161it, madras a historick\u00fdch budov. Pono\u0159te se do ru\u0161n\u00e9 atmosf\u00e9ry <strong>bazaru Khan El Khalili<\/strong>, nejstar\u0161\u00edho a nejslavn\u011bj\u0161\u00edho tr\u017ei\u0161t\u011b v K\u00e1hi\u0159e.<\/p>\n<h3><span style=\"color: #ff6600;\">Detaily z\u00e1jezdu<\/span><\/h3>\n<ul>\n<li>D\u00e9lka: Jeden den<\/li>\n<li>M\u00edsto z\u00e1jezdu: K\u00e1hira<\/li>\n<li>Dostupnost z\u00e1jezdu: Denn\u011b<\/li>\n<li>Vyzvednut\u00ed a odvoz: Hotely v K\u00e1hi\u0159e a G\u00edze<\/li>\n<li>Typ z\u00e1jezdu: Soukrom\u00fd<\/li>\n<\/ul>\n<h3><span style=\"color: #ff6600;\">Hlavn\u00ed body z\u00e1jezdu<\/span><\/h3>\n<ul>\n<li>Egyptsk\u00e9 muzeum<\/li>\n<li>Visut\u00fd kostel<\/li>\n<li>\u0158\u00edmsk\u00e1 pevnost<\/li>\n<li>Kostel Abu Serga<\/li>\n<li>Synagoga Ben Ezra<\/li>\n<li>Ulice El Moez<\/li>\n<li>Khan El Khalili<\/li>\n<\/ul>\n<h3><span style=\"color: #ff6600;\">Zahrnuto v cen\u011b<\/span><\/h3>\n<ul>\n<li>Zp\u00e1te\u010dn\u00ed transfer modern\u00edm vozidlem s klimatizac\u00ed<\/li>\n<li>Expertn\u00ed archeologick\u00fd pr\u016fvodce<\/li>\n<li>Ob\u011bd<\/li>\n<li>Voda b\u011bhem prohl\u00eddky<\/li>\n<\/ul>\n<h3><span style=\"color: #ff6600;\">Nen\u00ed zahrnuto v cen\u011b<\/span><\/h3>\n<ul>\n<li>Spropitn\u00e9<\/li>\n<li>Jak\u00e9koli osobn\u00ed v\u00fddaje<\/li>\n<\/ul>\n<h3><span style=\"color: #ff6600;\">Co si sbalit<\/span><\/h3>\n<ul>\n<li>Opalovac\u00ed kr\u00e9m a slune\u010dn\u00ed br\u00fdle<\/li>\n<li>Klobouk nebo \u0161\u00e1tek<\/li>\n<\/ul>\n<h2><span style=\"color: #ff6600;\">Itiner\u00e1\u0159<\/span><\/h2>\n<p>Po lahodn\u00e9 sn\u00eddani se s v\u00e1mi setk\u00e1 v\u00e1\u0161 odborn\u00fd pr\u016fvodce, abyste za\u010dali prozkoum\u00e1vat ikonick\u00e9 atrakce K\u00e1hiry. Va\u0161e cesta do duchovn\u00edho srdce m\u011bsta za\u010d\u00edn\u00e1 podmanivou <strong>prohl\u00eddkou Koptsk\u00e9 K\u00e1hiry<\/strong>, n\u00e1v\u0161t\u011bvou uct\u00edvan\u00e9ho <strong>Visut\u00e9ho kostela<\/strong>, z\u00e1zraku ran\u011b k\u0159es\u0165ansk\u00e9 architektury. Objevte z\u00e1kladn\u00ed zdi <strong>\u0159\u00edmsk\u00e9 pevnosti<\/strong> a pono\u0159te se do posv\u00e1tn\u00e9 historie <strong>kostela svat\u00e9ho Sergeje a Bakcha<\/strong>, o kter\u00e9m se v\u011b\u0159\u00ed, \u017ee ukr\u00fdval <strong>Svatou rodinu<\/strong>. Tuto \u010d\u00e1st zakon\u010dete v historick\u00e9 <strong>Synagoze Ben Ezra a Geniza<\/strong>, zn\u00e1m\u00e9 sv\u00fdmi v\u00fdznamn\u00fdmi dokumenty Geniza.<\/p>\n<h3><span style=\"color: #ff6600;\">GEM, Velk\u00e9 egyptsk\u00e9 muzeum<\/span><\/h3>\n<p>D\u00e1le se pono\u0159te do bezkonkuren\u010dn\u00edch div\u016f <strong>Velk\u00e9ho egyptsk\u00e9ho muzea<\/strong>. P\u0159ipravte se, \u017ee v\u00e1s uchv\u00e1t\u00ed t\u0159pytiv\u00e9 <strong>Tutanchamonovy poklady<\/strong>, vrchol <strong>staroegyptsk\u00fdch artefakt\u016f<\/strong> z hrobky chlapeck\u00e9ho kr\u00e1le. Prozkoumejte pozoruhodn\u00e9 expon\u00e1ty v\u010detn\u011b st\u0159\u00edbrn\u00e9ho kr\u00e1le <strong>Psusennese I<\/strong>, majest\u00e1tn\u00ed <strong>Hatshepsutiny Sfingy<\/strong> z <strong>Deir El Bahari<\/strong>, monument\u00e1ln\u00ed <strong>Cheopsovy sochy<\/strong>, starobyl\u00e9 <strong>Cheopsovy lodi<\/strong>, kr\u00e1lovsk\u00e9 <strong>Chefrenovy dioritov\u00e9 sochy<\/strong>, \u017eiv\u00e9 d\u0159ev\u011bn\u00e9 sochy <strong>Kaapera<\/strong>, fascinuj\u00edc\u00edch <strong>zv\u00ed\u0159ec\u00edch mumi\u00ed<\/strong> a n\u00e1dhern\u00fdch poklad\u016f <strong>Yuya a Tuya<\/strong>, spolu se starov\u011bk\u00fdmi papyry a slo\u017eit\u00fdmi d\u0159ev\u011bn\u00fdmi maketami. Po va\u0161em pohlcuj\u00edc\u00edm muze\u00e1ln\u00edm z\u00e1\u017eitku si vychutnejte lahodn\u00fd <strong>ob\u011bd v m\u00edstn\u00ed restauraci<\/strong>, p\u0159ipraveni pokra\u010dovat v prozkoum\u00e1v\u00e1n\u00ed rozmanit\u00e9 historick\u00e9 krajiny K\u00e1hiry.<\/p>\n<p>Na konci va\u0161\u00ed celodenn\u00ed prohl\u00eddky K\u00e1hiry v muzeu si vychutn\u00e1te ob\u011bd v m\u00edstn\u00ed restauraci a pot\u00e9 se p\u0159esunete na dal\u0161\u00ed zast\u00e1vku.<\/p>\n<h3><span style=\"color: #ff6600;\">Ulice El Moez<\/span><\/h3>\n<p>Tato ulice poch\u00e1z\u00ed ze \u010dtvrt\u00e9ho chal\u00edf\u00e1tu <strong>Fatimovsk\u00e9 dynastie<\/strong> a uchov\u00e1v\u00e1 egyptskou kulturu od fatimovsk\u00fdch, <strong>maml\u00fack\u00fdch<\/strong>, ajj\u00fabovsk\u00fdch, osmansk\u00fdch dob a\u017e do \u00e9ry <strong>Mohameda Ali Pa\u0161i<\/strong>. Ve skute\u010dnosti je n\u00e1v\u0161t\u011bva ulice El Moez jednou z <strong>nejlep\u0161\u00edch v\u011bc\u00ed, kter\u00e9 lze v K\u00e1hi\u0159e d\u011blat<\/strong>, proto\u017ee zde m\u016f\u017eete vid\u011bt <strong>me\u0161ity<\/strong>, <strong>Wikaly<\/strong>, <strong>Sabily<\/strong>, <strong>Kuttaby<\/strong>, <strong>Madrasy<\/strong> a domy. Pot\u00e9 sv\u016fj den zakon\u010d\u00edte na velmi slavn\u00e9m k\u00e1hirsk\u00e9m <strong>bazaru Khan El Khalili<\/strong>. Pot\u00e9 zp\u011bt do va\u0161eho hotelu.<\/p>\n<h3><span style=\"color: #ff6600;\">Cena prohl\u00eddky Egyptsk\u00e9ho muzea a Star\u00e9 K\u00e1hiry<\/span><\/h3>\n<ul>\n<li>Cena pro dosp\u011bl\u00e9 = 90 \u20ac<\/li>\n<li>D\u011bti 0-5 let = zdarma<\/li>\n<li>D\u011bti 5-11 let = 50% ceny pro dosp\u011bl\u00e9<\/li>\n<\/ul>\n<h3><span style=\"color: #ff6600;\">Rezervace<\/span><\/h3>\n<p>Sv\u00e9 <strong>k\u00e1hirsk\u00e9 jednodenn\u00ed v\u00fdlety<\/strong> si m\u016f\u017eete zarezervovat p\u0159es WhatsApp nebo n\u00e1m poslat e-mail a potvrzen\u00ed obdr\u017e\u00edte na m\u00edst\u011b. Pros\u00edm, po\u0161lete n\u00e1m n\u00e1zev va\u0161eho hotelu, \u010d\u00edslo pokoje, kopie pas\u016f.<\/p>\n<p>WhatsApp: +201000852186<\/p>\n<p>info@egytourpackages.com<\/p>\n<h3><span style=\"color: #ff6600;\">Rezervujte nyn\u00ed a zapla\u0165te na m\u00edst\u011b<\/span><\/h3>\n<p>Zarezervujte si sv\u016fj obl\u00edben\u00fd z\u00e1jezd a zapla\u0165te v den v\u00fdletu.<\/p>\n<h3><span style=\"color: #ff6600;\">Platba<\/span><\/h3>\n<p>M\u016f\u017eete platit egyptsk\u00fdmi librami, $, \u20ac nebo \u00a3.<\/p>\n<h3><span style=\"color: #ff6600;\">Storno podm\u00ednky<\/span><\/h3>\n<ul>\n<li>Zru\u0161en\u00ed je zdarma do 24 hodin p\u0159edem<\/li>\n<li>Rann\u00ed zru\u0161en\u00ed je 50% z ceny<\/li>\n<\/ul>\n","protected":false},"excerpt":{"rendered":"<p>Velk\u00e9 egyptsk\u00e9 muzeum a prohl\u00eddka Star\u00e9 K\u00e1hiry: Pro\u017eijte celodenn\u00ed v\u00fdlet, kter\u00fd v\u00e1s provede starov\u011bkou histori\u00ed a bohat\u00fdm kulturn\u00edm d\u011bdictv\u00edm K\u00e1hiry.<\/p>\n","protected":false},"featured_media":2935,"comment_status":"open","ping_status":"closed","template":"","meta":[],"product_brand":[],"product_cat":[1466],"product_tag":[2373,1470,2810,2028],"class_list":{"0":"post-5209","1":"product","2":"type-product","3":"status-publish","4":"has-post-thumbnail","6":"product_cat-vylety","7":"product_tag-jednodenni-vylety-kahira","8":"product_tag-jednodenni-vylety-po-egypte","9":"product_tag-stara-kahira","10":"product_tag-velke-egyptske-muzeum","11":"tour_category-jednodenni-vylet-do-kahiry","12":"tour_category-jednodenni-vylety-po-egypte-cs","14":"first","15":"instock","16":"sale","17":"shipping-taxable","18":"purchasable","19":"product-type-tour","20":"has-default-attributes"},"yoast_head":"<!-- This site is optimized with the Yoast SEO Premium plugin v27.2 (Yoast SEO v27.2) - https:\/\/yoast.com\/product\/yoast-seo-premium-wordpress\/ -->\n<title>Velk\u00e9 egyptsk\u00e9 muzeum a prohl\u00eddka Star\u00e9 K\u00e1hiry<\/title>\n<meta name=\"description\" content=\"Velk\u00e9 egyptsk\u00e9 muzeum a prohl\u00eddka Star\u00e9 K\u00e1hiry: Pro\u017eijte celodenn\u00ed v\u00fdlet, kter\u00fd v\u00e1s provede starov\u011bkou histori\u00ed a bohat\u00fdm kulturn\u00edm d\u011bdictv\u00edm K\u00e1hiry.\" \/>\n<meta name=\"robots\" content=\"index, follow, max-snippet:-1, max-image-preview:large, max-video-preview:-1\" \/>\n<link rel=\"canonical\" href=\"https:\/\/egytourpackages.com\/cs\/prohlidky\/velke-egyptske-muzeum-a-prohlidka-stare-kahiry\/\" \/>\n<meta property=\"og:locale\" content=\"cs_CZ\" \/>\n<meta property=\"og:type\" content=\"article\" \/>\n<meta property=\"og:title\" content=\"Velk\u00e9 egyptsk\u00e9 muzeum a prohl\u00eddka Star\u00e9 K\u00e1hiry\" \/>\n<meta property=\"og:description\" content=\"Velk\u00e9 egyptsk\u00e9 muzeum a prohl\u00eddka Star\u00e9 K\u00e1hiry: Pro\u017eijte celodenn\u00ed v\u00fdlet, kter\u00fd v\u00e1s provede starov\u011bkou histori\u00ed a bohat\u00fdm kulturn\u00edm d\u011bdictv\u00edm K\u00e1hiry.\" \/>\n<meta property=\"og:url\" content=\"https:\/\/egytourpackages.com\/cs\/prohlidky\/velke-egyptske-muzeum-a-prohlidka-stare-kahiry\/\" \/>\n<meta property=\"og:site_name\" content=\"Z\u00e1jezdy po Egypt\u011b\" \/>\n<meta property=\"article:publisher\" content=\"https:\/\/www.facebook.com\/egytourpackages\" \/>\n<meta property=\"article:modified_time\" content=\"2026-01-08T12:07:59+00:00\" \/>\n<meta property=\"og:image\" content=\"https:\/\/egytourpackages.com\/wp-content\/uploads\/2023\/08\/Wooden-Maquettes-Egyptian-Museum-1024x768.jpg\" \/>\n<meta name=\"twitter:card\" content=\"summary_large_image\" \/>\n<meta name=\"twitter:title\" content=\"Velk\u00e9 egyptsk\u00e9 muzeum a prohl\u00eddka Star\u00e9 K\u00e1hiry\" \/>\n<meta name=\"twitter:description\" content=\"Velk\u00e9 egyptsk\u00e9 muzeum a prohl\u00eddka Star\u00e9 K\u00e1hiry: Pro\u017eijte celodenn\u00ed v\u00fdlet, kter\u00fd v\u00e1s provede starov\u011bkou histori\u00ed a bohat\u00fdm kulturn\u00edm d\u011bdictv\u00edm K\u00e1hiry.\" \/>\n<meta name=\"twitter:image\" content=\"https:\/\/egytourpackages.com\/wp-content\/uploads\/2023\/08\/Wooden-Maquettes-Egyptian-Museum-1024x768.jpg\" \/>\n<meta name=\"twitter:label1\" content=\"Cena\" \/>\n\t<meta name=\"twitter:data1\" content=\"&euro;90\" \/>\n\t<meta name=\"twitter:label2\" content=\"Dostupnost\" \/>\n\t<meta name=\"twitter:data2\" content=\"Skladem\" \/>\n<script type=\"application\/ld+json\" class=\"yoast-schema-graph\">{\"@context\":\"https:\/\/schema.org\",\"@graph\":[{\"@type\":\"WebPage\",\"@id\":\"https:\/\/egytourpackages.com\/cs\/prohlidky\/velke-egyptske-muzeum-a-prohlidka-stare-kahiry\/\",\"url\":\"https:\/\/egytourpackages.com\/cs\/prohlidky\/velke-egyptske-muzeum-a-prohlidka-stare-kahiry\/\",\"name\":\"Velk\u00e9 egyptsk\u00e9 muzeum a prohl\u00eddka Star\u00e9 K\u00e1hiry\",\"isPartOf\":{\"@id\":\"https:\/\/egytourpackages.com\/cs\/#website\"},\"primaryImageOfPage\":{\"@id\":\"https:\/\/egytourpackages.com\/cs\/prohlidky\/velke-egyptske-muzeum-a-prohlidka-stare-kahiry\/#primaryimage\"},\"image\":{\"@id\":\"https:\/\/egytourpackages.com\/cs\/prohlidky\/velke-egyptske-muzeum-a-prohlidka-stare-kahiry\/#primaryimage\"},\"thumbnailUrl\":\"https:\/\/egytourpackages.com\/wp-content\/uploads\/2023\/08\/Wooden-Maquettes-Egyptian-Museum.jpg\",\"datePublished\":\"2023-08-18T21:33:13+00:00\",\"dateModified\":\"2026-01-08T12:07:59+00:00\",\"description\":\"Velk\u00e9 egyptsk\u00e9 muzeum a prohl\u00eddka Star\u00e9 K\u00e1hiry: Pro\u017eijte celodenn\u00ed v\u00fdlet, kter\u00fd v\u00e1s provede starov\u011bkou histori\u00ed a bohat\u00fdm kulturn\u00edm d\u011bdictv\u00edm K\u00e1hiry.\",\"breadcrumb\":{\"@id\":\"https:\/\/egytourpackages.com\/cs\/prohlidky\/velke-egyptske-muzeum-a-prohlidka-stare-kahiry\/#breadcrumb\"},\"inLanguage\":\"cs\",\"potentialAction\":[{\"@type\":\"ReadAction\",\"target\":[\"https:\/\/egytourpackages.com\/cs\/prohlidky\/velke-egyptske-muzeum-a-prohlidka-stare-kahiry\/\"]}]},{\"@type\":\"ImageObject\",\"inLanguage\":\"cs\",\"@id\":\"https:\/\/egytourpackages.com\/cs\/prohlidky\/velke-egyptske-muzeum-a-prohlidka-stare-kahiry\/#primaryimage\",\"url\":\"https:\/\/egytourpackages.com\/wp-content\/uploads\/2023\/08\/Wooden-Maquettes-Egyptian-Museum.jpg\",\"contentUrl\":\"https:\/\/egytourpackages.com\/wp-content\/uploads\/2023\/08\/Wooden-Maquettes-Egyptian-Museum.jpg\",\"width\":2000,\"height\":1500,\"caption\":\"D\u0159ev\u011bn\u00e9 makety, Egyptsk\u00e9 muzeum\"},{\"@type\":\"BreadcrumbList\",\"@id\":\"https:\/\/egytourpackages.com\/cs\/prohlidky\/velke-egyptske-muzeum-a-prohlidka-stare-kahiry\/#breadcrumb\",\"itemListElement\":[{\"@type\":\"ListItem\",\"position\":1,\"name\":\"Dom\u016f\",\"item\":\"https:\/\/egytourpackages.com\/cs\/balicky-vyletu-po-egypte\/\"},{\"@type\":\"ListItem\",\"position\":2,\"name\":\"Shop\",\"item\":\"https:\/\/egytourpackages.com\/cs\/shop\/\"},{\"@type\":\"ListItem\",\"position\":3,\"name\":\"Velk\u00e9 egyptsk\u00e9 muzeum a prohl\u00eddka Star\u00e9 K\u00e1hiry\"}]},{\"@type\":\"WebSite\",\"@id\":\"https:\/\/egytourpackages.com\/cs\/#website\",\"url\":\"https:\/\/egytourpackages.com\/cs\/\",\"name\":\"Egy tour packages\",\"description\":\"\",\"publisher\":{\"@id\":\"https:\/\/egytourpackages.com\/cs\/#organization\"},\"potentialAction\":[{\"@type\":\"SearchAction\",\"target\":{\"@type\":\"EntryPoint\",\"urlTemplate\":\"https:\/\/egytourpackages.com\/cs\/?s={search_term_string}\"},\"query-input\":{\"@type\":\"PropertyValueSpecification\",\"valueRequired\":true,\"valueName\":\"search_term_string\"}}],\"inLanguage\":\"cs\"},{\"@type\":[\"Organization\",\"Place\",\"TravelAgency\"],\"@id\":\"https:\/\/egytourpackages.com\/cs\/#organization\",\"name\":\"egypt tour packages\",\"alternateName\":\"egypt tour packages\",\"url\":\"https:\/\/egytourpackages.com\/cs\/\",\"logo\":{\"@id\":\"https:\/\/egytourpackages.com\/cs\/prohlidky\/velke-egyptske-muzeum-a-prohlidka-stare-kahiry\/#local-main-organization-logo\"},\"image\":{\"@id\":\"https:\/\/egytourpackages.com\/cs\/prohlidky\/velke-egyptske-muzeum-a-prohlidka-stare-kahiry\/#local-main-organization-logo\"},\"sameAs\":[\"https:\/\/www.facebook.com\/egytourpackages\"],\"legalName\":\"Egy tour packages\",\"address\":{\"@id\":\"https:\/\/egytourpackages.com\/cs\/prohlidky\/velke-egyptske-muzeum-a-prohlidka-stare-kahiry\/#local-main-place-address\"},\"telephone\":[\"00201000852186\",\"00201028685533\"],\"contactPoint\":{\"@type\":\"ContactPoint\",\"telephone\":\"00201000852186\"},\"openingHoursSpecification\":[{\"@type\":\"OpeningHoursSpecification\",\"dayOfWeek\":[\"Monday\",\"Tuesday\",\"Wednesday\",\"Thursday\",\"Friday\",\"Saturday\",\"Sunday\"],\"opens\":\"00:00\",\"closes\":\"23:59\"}],\"email\":\"info@egytourpackages.com\",\"areaServed\":\"Cairo, Hurghada, Luxor, Sharm El Sheikh, Marsa Alam, Aswan\",\"priceRange\":\"$\",\"currenciesAccepted\":\"euro\",\"paymentAccepted\":\"Payment links online\"},{\"@type\":\"PostalAddress\",\"@id\":\"https:\/\/egytourpackages.com\/cs\/prohlidky\/velke-egyptske-muzeum-a-prohlidka-stare-kahiry\/#local-main-place-address\",\"streetAddress\":\"Mubarak 8, Al Kawthar District, Hurghada\",\"addressLocality\":\"Hurghada\",\"postalCode\":\"84511\",\"addressRegion\":\"Red Sea\",\"addressCountry\":\"EG\"},{\"@type\":\"ImageObject\",\"inLanguage\":\"cs\",\"@id\":\"https:\/\/egytourpackages.com\/cs\/prohlidky\/velke-egyptske-muzeum-a-prohlidka-stare-kahiry\/#local-main-organization-logo\",\"url\":\"https:\/\/egytourpackages.com\/wp-content\/uploads\/2025\/12\/Turquoise-Dahabiya-Nile-Cruise-1.jpeg\",\"contentUrl\":\"https:\/\/egytourpackages.com\/wp-content\/uploads\/2025\/12\/Turquoise-Dahabiya-Nile-Cruise-1.jpeg\",\"width\":1040,\"height\":694,\"caption\":\"egypt tour packages\"}]}<\/script>\n<meta property=\"product:brand\" content=\"Jednodenn\u00ed v\u00fdlet do K\u00e1hiry\" \/>\n<meta property=\"product:price:amount\" content=\"90\" \/>\n<meta property=\"product:price:currency\" content=\"EUR\" \/>\n<meta property=\"og:availability\" content=\"instock\" \/>\n<meta property=\"product:availability\" content=\"instock\" \/>\n<meta property=\"product:retailer_item_id\" content=\"CDT04\" \/>\n<meta property=\"product:condition\" content=\"new\" \/>\n<meta name=\"geo.placename\" content=\"Hurghada\" \/>\n<meta name=\"geo.region\" content=\"Egypt\" \/>\n<!-- \/ Yoast SEO Premium plugin. -->","yoast_head_json":{"title":"Velk\u00e9 egyptsk\u00e9 muzeum a prohl\u00eddka Star\u00e9 K\u00e1hiry","description":"Velk\u00e9 egyptsk\u00e9 muzeum a prohl\u00eddka Star\u00e9 K\u00e1hiry: Pro\u017eijte celodenn\u00ed v\u00fdlet, kter\u00fd v\u00e1s provede starov\u011bkou histori\u00ed a bohat\u00fdm kulturn\u00edm d\u011bdictv\u00edm K\u00e1hiry.","robots":{"index":"index","follow":"follow","max-snippet":"max-snippet:-1","max-image-preview":"max-image-preview:large","max-video-preview":"max-video-preview:-1"},"canonical":"https:\/\/egytourpackages.com\/cs\/prohlidky\/velke-egyptske-muzeum-a-prohlidka-stare-kahiry\/","og_locale":"cs_CZ","og_type":"article","og_title":"Velk\u00e9 egyptsk\u00e9 muzeum a prohl\u00eddka Star\u00e9 K\u00e1hiry","og_description":"Velk\u00e9 egyptsk\u00e9 muzeum a prohl\u00eddka Star\u00e9 K\u00e1hiry: Pro\u017eijte celodenn\u00ed v\u00fdlet, kter\u00fd v\u00e1s provede starov\u011bkou histori\u00ed a bohat\u00fdm kulturn\u00edm d\u011bdictv\u00edm K\u00e1hiry.","og_url":"https:\/\/egytourpackages.com\/cs\/prohlidky\/velke-egyptske-muzeum-a-prohlidka-stare-kahiry\/","og_site_name":"Z\u00e1jezdy po Egypt\u011b","article_publisher":"https:\/\/www.facebook.com\/egytourpackages","article_modified_time":"2026-01-08T12:07:59+00:00","og_image":[{"url":"https:\/\/egytourpackages.com\/wp-content\/uploads\/2023\/08\/Wooden-Maquettes-Egyptian-Museum-1024x768.jpg","type":"","width":"","height":""}],"twitter_card":"summary_large_image","twitter_title":"Velk\u00e9 egyptsk\u00e9 muzeum a prohl\u00eddka Star\u00e9 K\u00e1hiry","twitter_description":"Velk\u00e9 egyptsk\u00e9 muzeum a prohl\u00eddka Star\u00e9 K\u00e1hiry: Pro\u017eijte celodenn\u00ed v\u00fdlet, kter\u00fd v\u00e1s provede starov\u011bkou histori\u00ed a bohat\u00fdm kulturn\u00edm d\u011bdictv\u00edm K\u00e1hiry.","twitter_image":"https:\/\/egytourpackages.com\/wp-content\/uploads\/2023\/08\/Wooden-Maquettes-Egyptian-Museum-1024x768.jpg","twitter_misc":{"Cena":"&euro;90","Dostupnost":"Skladem"},"schema":{"@context":"https:\/\/schema.org","@graph":[{"@type":"WebPage","@id":"https:\/\/egytourpackages.com\/cs\/prohlidky\/velke-egyptske-muzeum-a-prohlidka-stare-kahiry\/","url":"https:\/\/egytourpackages.com\/cs\/prohlidky\/velke-egyptske-muzeum-a-prohlidka-stare-kahiry\/","name":"Velk\u00e9 egyptsk\u00e9 muzeum a prohl\u00eddka Star\u00e9 K\u00e1hiry","isPartOf":{"@id":"https:\/\/egytourpackages.com\/cs\/#website"},"primaryImageOfPage":{"@id":"https:\/\/egytourpackages.com\/cs\/prohlidky\/velke-egyptske-muzeum-a-prohlidka-stare-kahiry\/#primaryimage"},"image":{"@id":"https:\/\/egytourpackages.com\/cs\/prohlidky\/velke-egyptske-muzeum-a-prohlidka-stare-kahiry\/#primaryimage"},"thumbnailUrl":"https:\/\/egytourpackages.com\/wp-content\/uploads\/2023\/08\/Wooden-Maquettes-Egyptian-Museum.jpg","datePublished":"2023-08-18T21:33:13+00:00","dateModified":"2026-01-08T12:07:59+00:00","description":"Velk\u00e9 egyptsk\u00e9 muzeum a prohl\u00eddka Star\u00e9 K\u00e1hiry: Pro\u017eijte celodenn\u00ed v\u00fdlet, kter\u00fd v\u00e1s provede starov\u011bkou histori\u00ed a bohat\u00fdm kulturn\u00edm d\u011bdictv\u00edm K\u00e1hiry.","breadcrumb":{"@id":"https:\/\/egytourpackages.com\/cs\/prohlidky\/velke-egyptske-muzeum-a-prohlidka-stare-kahiry\/#breadcrumb"},"inLanguage":"cs","potentialAction":[{"@type":"ReadAction","target":["https:\/\/egytourpackages.com\/cs\/prohlidky\/velke-egyptske-muzeum-a-prohlidka-stare-kahiry\/"]}]},{"@type":"ImageObject","inLanguage":"cs","@id":"https:\/\/egytourpackages.com\/cs\/prohlidky\/velke-egyptske-muzeum-a-prohlidka-stare-kahiry\/#primaryimage","url":"https:\/\/egytourpackages.com\/wp-content\/uploads\/2023\/08\/Wooden-Maquettes-Egyptian-Museum.jpg","contentUrl":"https:\/\/egytourpackages.com\/wp-content\/uploads\/2023\/08\/Wooden-Maquettes-Egyptian-Museum.jpg","width":2000,"height":1500,"caption":"D\u0159ev\u011bn\u00e9 makety, Egyptsk\u00e9 muzeum"},{"@type":"BreadcrumbList","@id":"https:\/\/egytourpackages.com\/cs\/prohlidky\/velke-egyptske-muzeum-a-prohlidka-stare-kahiry\/#breadcrumb","itemListElement":[{"@type":"ListItem","position":1,"name":"Dom\u016f","item":"https:\/\/egytourpackages.com\/cs\/balicky-vyletu-po-egypte\/"},{"@type":"ListItem","position":2,"name":"Shop","item":"https:\/\/egytourpackages.com\/cs\/shop\/"},{"@type":"ListItem","position":3,"name":"Velk\u00e9 egyptsk\u00e9 muzeum a prohl\u00eddka Star\u00e9 K\u00e1hiry"}]},{"@type":"WebSite","@id":"https:\/\/egytourpackages.com\/cs\/#website","url":"https:\/\/egytourpackages.com\/cs\/","name":"Egy tour packages","description":"","publisher":{"@id":"https:\/\/egytourpackages.com\/cs\/#organization"},"potentialAction":[{"@type":"SearchAction","target":{"@type":"EntryPoint","urlTemplate":"https:\/\/egytourpackages.com\/cs\/?s={search_term_string}"},"query-input":{"@type":"PropertyValueSpecification","valueRequired":true,"valueName":"search_term_string"}}],"inLanguage":"cs"},{"@type":["Organization","Place","TravelAgency"],"@id":"https:\/\/egytourpackages.com\/cs\/#organization","name":"egypt tour packages","alternateName":"egypt tour packages","url":"https:\/\/egytourpackages.com\/cs\/","logo":{"@id":"https:\/\/egytourpackages.com\/cs\/prohlidky\/velke-egyptske-muzeum-a-prohlidka-stare-kahiry\/#local-main-organization-logo"},"image":{"@id":"https:\/\/egytourpackages.com\/cs\/prohlidky\/velke-egyptske-muzeum-a-prohlidka-stare-kahiry\/#local-main-organization-logo"},"sameAs":["https:\/\/www.facebook.com\/egytourpackages"],"legalName":"Egy tour packages","address":{"@id":"https:\/\/egytourpackages.com\/cs\/prohlidky\/velke-egyptske-muzeum-a-prohlidka-stare-kahiry\/#local-main-place-address"},"telephone":["00201000852186","00201028685533"],"contactPoint":{"@type":"ContactPoint","telephone":"00201000852186"},"openingHoursSpecification":[{"@type":"OpeningHoursSpecification","dayOfWeek":["Monday","Tuesday","Wednesday","Thursday","Friday","Saturday","Sunday"],"opens":"00:00","closes":"23:59"}],"email":"info@egytourpackages.com","areaServed":"Cairo, Hurghada, Luxor, Sharm El Sheikh, Marsa Alam, Aswan","priceRange":"$","currenciesAccepted":"euro","paymentAccepted":"Payment links online"},{"@type":"PostalAddress","@id":"https:\/\/egytourpackages.com\/cs\/prohlidky\/velke-egyptske-muzeum-a-prohlidka-stare-kahiry\/#local-main-place-address","streetAddress":"Mubarak 8, Al Kawthar District, Hurghada","addressLocality":"Hurghada","postalCode":"84511","addressRegion":"Red Sea","addressCountry":"EG"},{"@type":"ImageObject","inLanguage":"cs","@id":"https:\/\/egytourpackages.com\/cs\/prohlidky\/velke-egyptske-muzeum-a-prohlidka-stare-kahiry\/#local-main-organization-logo","url":"https:\/\/egytourpackages.com\/wp-content\/uploads\/2025\/12\/Turquoise-Dahabiya-Nile-Cruise-1.jpeg","contentUrl":"https:\/\/egytourpackages.com\/wp-content\/uploads\/2025\/12\/Turquoise-Dahabiya-Nile-Cruise-1.jpeg","width":1040,"height":694,"caption":"egypt tour packages"}]},"product_brand":"Jednodenn\u00ed v\u00fdlet do K\u00e1hiry","product_price_amount":"90","product_price_currency":"EUR","og_availability":"instock","product_availability":"instock","product_retailer_item_id":"CDT04","product_condition":"new","geo.placename":"Hurghada","geo.region":"Egypt"},"_links":{"self":[{"href":"https:\/\/egytourpackages.com\/cs\/wp-json\/wp\/v2\/product\/5209","targetHints":{"allow":["GET"]}}],"collection":[{"href":"https:\/\/egytourpackages.com\/cs\/wp-json\/wp\/v2\/product"}],"about":[{"href":"https:\/\/egytourpackages.com\/cs\/wp-json\/wp\/v2\/types\/product"}],"replies":[{"embeddable":true,"href":"https:\/\/egytourpackages.com\/cs\/wp-json\/wp\/v2\/comments?post=5209"}],"wp:featuredmedia":[{"embeddable":true,"href":"https:\/\/egytourpackages.com\/cs\/wp-json\/wp\/v2\/media\/2935"}],"wp:attachment":[{"href":"https:\/\/egytourpackages.com\/cs\/wp-json\/wp\/v2\/media?parent=5209"}],"wp:term":[{"taxonomy":"product_brand","embeddable":true,"href":"https:\/\/egytourpackages.com\/cs\/wp-json\/wp\/v2\/product_brand?post=5209"},{"taxonomy":"product_cat","embeddable":true,"href":"https:\/\/egytourpackages.com\/cs\/wp-json\/wp\/v2\/product_cat?post=5209"},{"taxonomy":"product_tag","embeddable":true,"href":"https:\/\/egytourpackages.com\/cs\/wp-json\/wp\/v2\/product_tag?post=5209"}],"curies":[{"name":"wp","href":"https:\/\/api.w.org\/{rel}","templated":true}]}}