{"id":5250,"date":"2024-06-23T23:59:46","date_gmt":"2024-06-23T23:59:46","guid":{"rendered":"https:\/\/egytourpackages.com\/product\/vylet-do-luxoru-na-miru-ze-soma-bay\/"},"modified":"2026-01-28T10:53:03","modified_gmt":"2026-01-28T10:53:03","slug":"vylet-do-luxoru-na-miru-ze-soma-bay","status":"publish","type":"product","link":"https:\/\/egytourpackages.com\/cs\/prohlidky\/vylet-do-luxoru-na-miru-ze-soma-bay\/","title":{"rendered":"V\u00fdlet do Luxoru na m\u00edru ze Soma Bay"},"content":{"rendered":"<p><strong><span style=\"color: #ff6600;\">V\u00fdlet do Luxoru na m\u00edru ze Soma Bay<\/span><\/strong><\/p>\n<p>Za\u017eijte <strong>Luxor<\/strong> podle sv\u00fdch p\u0159edstav s na\u0161\u00edm exkluzivn\u00edm <strong>soukrom\u00fdm jednodenn\u00edm v\u00fdletem ze Soma Bay<\/strong>! Tato flexibiln\u00ed prohl\u00eddka v\u00e1m umo\u017en\u00ed vybrat si <strong>\u010dty\u0159i preferovan\u00e9 pam\u011btihodnosti v Luxoru<\/strong>, co\u017e v\u00e1m umo\u017en\u00ed p\u0159izp\u016fsobit si sv\u00e9 historick\u00e9 dobrodru\u017estv\u00ed p\u0159esn\u011b podle va\u0161ich z\u00e1jm\u016f.<\/p>\n<p><strong>Soukrom\u00e9 vozidlo a cestovn\u00ed povolen\u00ed<\/strong><\/p>\n<p>U\u017eijte si pohodlnou a p\u0159\u00edmou <strong>dopravu ze Soma Bay do Luxoru<\/strong> soukrom\u00fdm vozidlem, v\u010detn\u011b v\u0161ech nezbytn\u00fdch cestovn\u00edch povolen\u00ed. Cena t\u00e9to slu\u017eby je <strong>130 USD za vozidlo pro a\u017e 3 osoby<\/strong>, co\u017e nab\u00edz\u00ed vynikaj\u00edc\u00ed hodnotu pro mal\u00e9 skupiny.<\/p>\n<p><strong>\u00dapln\u00e1 flexibilita<\/strong><\/p>\n<p>Vy rozhodujete, kter\u00e9 \u010dty\u0159i pam\u00e1tky chcete nav\u0161t\u00edvit a kolik \u010dasu chcete na ka\u017ed\u00e9 str\u00e1vit. Plat\u00edte pouze vstupn\u00e9 do atrakc\u00ed, kter\u00e9 si vyberete.<\/p>\n<p><strong>Vylep\u0161ete si z\u00e1\u017eitek (voliteln\u00e9, za p\u0159\u00edplatek)<\/strong><\/p>\n<p><strong>Pr\u016fvodce egyptolog<\/strong><\/p>\n<p>Pro hlub\u0161\u00ed pochopen\u00ed bohat\u00e9 historie a neuv\u011b\u0159iteln\u00fdch pam\u00e1tek Luxoru v\u00e1m m\u016f\u017eeme zajistit kvalifikovan\u00e9ho <strong>pr\u016fvodce egyptologa<\/strong>, kter\u00fd v\u00e1s bude doprov\u00e1zet po celou dobu va\u0161eho zvolen\u00e9ho itiner\u00e1\u0159e.<\/p>\n<p>Navrhn\u011bte si sv\u016fj perfektn\u00ed <strong>jednodenn\u00ed v\u00fdlet do Luxoru<\/strong>, zam\u011b\u0159te se na divy, kter\u00e9 v\u00e1s nejv\u00edce uchv\u00e1t\u00ed!<\/p>\n<h3><span style=\"color: #ff6600;\">Detaily z\u00e1jezdu<\/span><\/h3>\n<ul>\n<li>D\u00e9lka trv\u00e1n\u00ed: 14 hodin<\/li>\n<li>M\u00edsto z\u00e1jezdu: Luxor<\/li>\n<li>Dostupnost z\u00e1jezdu: Ka\u017ed\u00fd den<\/li>\n<li>Vyzvednut\u00ed a odvoz: V\u00e1\u0161 hotel v Soma Bay<\/li>\n<li>Typ z\u00e1jezdu: Soukrom\u00fd<\/li>\n<li>Bezbari\u00e9rov\u00fd p\u0159\u00edstup: K dispozici<\/li>\n<\/ul>\n<h3><span style=\"color: #ff6600;\">Zahrnuje<\/span><\/h3>\n<ul>\n<li>Soukrom\u00fd zp\u00e1te\u010dn\u00ed transfer nov\u00fdm vozidlem<\/li>\n<li>Ob\u011bd v m\u00edstn\u00ed restauraci<\/li>\n<\/ul>\n<h3><span style=\"color: #ff6600;\">Nezahrnuje<\/span><\/h3>\n<ul>\n<li>N\u00e1poje b\u011bhem ob\u011bda<\/li>\n<li>Vstupn\u00e9 do nav\u0161t\u00edven\u00fdch pam\u00e1tek<\/li>\n<li>Voliteln\u00e1 30minutov\u00e1 proj\u00ed\u017e\u010fka motorov\u00fdm \u010dlunem (10 \u20ac placen\u00e9 v hotovosti na m\u00edst\u011b)<\/li>\n<li>Pr\u016fvodce egyptologem, pokud je pot\u0159eba<\/li>\n<li>Spropitn\u00e9<\/li>\n<\/ul>\n<h3><span style=\"color: #ff6600;\">Co si vz\u00edt s sebou<\/span><\/h3>\n<ul>\n<li>Klobouk, slune\u010dn\u00ed br\u00fdle a opalovac\u00ed kr\u00e9m<\/li>\n<li>Pohodln\u00e9 boty a oble\u010den\u00ed<\/li>\n<li>Drobn\u00e9 na toaletu<\/li>\n<\/ul>\n<h2><span style=\"color: #ff6600;\">Itiner\u00e1\u0159<\/span><\/h2>\n<p><span style=\"color: #ff6600;\"><strong>05:00 Vyzvednut\u00ed v hotelu<\/strong> <\/span><\/p>\n<p>Vyzvedneme v\u00e1s ve vstupn\u00ed hale va\u0161eho hotelu, abyste zah\u00e1jili svou <strong>prohl\u00eddku turistick\u00fdch atrakc\u00ed Luxoru ze Soma Bay<\/strong>.<\/p>\n<p><span style=\"color: #ff6600;\"><strong>Kr\u00e1tk\u00e1 p\u0159est\u00e1vka<\/strong> <\/span><\/p>\n<p>Kolem 07:00 si u\u017eijete 20minutovou k\u00e1vovou p\u0159est\u00e1vku v \u00fatuln\u00e9m salonku, kde si m\u016f\u017eete zaj\u00edt na toaletu (20 EGP na osobu), nasn\u00eddat se a vychutnat si drink.<\/p>\n<h3><span style=\"color: #ff6600;\">Atrakce Luxoru na v\u00fdchodn\u00edm b\u0159ehu <\/span><\/h3>\n<p>Va\u0161e prohl\u00eddka zahrnuje 4 pam\u011btihodnosti na v\u00fdchodn\u00edm a z\u00e1padn\u00edm b\u0159ehu \u0159eky Nil v Luxoru. M\u016f\u017eete si vybrat, co se v\u00e1m l\u00edb\u00ed z n\u00e1sleduj\u00edc\u00edch atrakc\u00ed:<\/p>\n<ul>\n<li><strong>Komplex chr\u00e1m\u016f Karnak na v\u00fdchodn\u00edm b\u0159ehu Luxoru<\/strong><\/li>\n<li><strong>Chr\u00e1m Luxor na v\u00fdchodn\u00edm b\u0159ehu Luxoru<\/strong><\/li>\n<\/ul>\n<h3><span style=\"color: #ff6600;\">Atrakce Luxoru na z\u00e1padn\u00edm b\u0159ehu<\/span><\/h3>\n<ul>\n<li><strong>Memnonovy kolosy<\/strong><\/li>\n<li><strong>Chr\u00e1m Hat\u0161epsut<\/strong><\/li>\n<li><strong>Medinet Habu<\/strong><\/li>\n<li><strong>\u00dadol\u00ed \u0161lechtic\u016f<\/strong><\/li>\n<li><strong>\u00dadol\u00ed kr\u00e1loven<\/strong><\/li>\n<li><strong>Ramesseum<\/strong><\/li>\n<li><strong>D\u00e9r el-Med\u00edna<\/strong><\/li>\n<li><strong>\u00dadol\u00ed kr\u00e1l\u016f<\/strong><\/li>\n<\/ul>\n<p>Ve skute\u010dnosti je jednou z nejlep\u0161\u00edch <strong>aktivit v Egypt\u011b<\/strong> n\u00e1v\u0161t\u011bva <strong>\u00dadol\u00ed kr\u00e1l\u016f<\/strong> s jeho \u00fa\u017easn\u00fdmi 62 hrobkami. Se svou vstupenkou m\u016f\u017eete nav\u0161t\u00edvit 3 hrobky a zdarma v nich fotografovat. Tyto t\u0159i hrobky mohou b\u00fdt 3 z n\u00e1sleduj\u00edc\u00edch hrobek:<\/p>\n<ul>\n<li><strong>(KV 02) Ramesse IV.<\/strong><\/li>\n<li><strong>Hrobka Ramesse III. (KV 11)<\/strong><\/li>\n<li><strong>Hrobka Ramesse IX. KV 6<\/strong><\/li>\n<li><strong>Hrobka Merenptaha (KV 8)<\/strong><\/li>\n<li><strong>Hrobka Tausert a Setnacht (KV 14)<\/strong><\/li>\n<li><strong>Hrobka Ramesse I. je KV16<\/strong><\/li>\n<\/ul>\n<p>Jakmile nav\u0161t\u00edv\u00edte sv\u00e1 \u010dty\u0159i m\u00edsta na v\u00fdchodn\u00edm b\u0159ehu, z\u00e1padn\u00edm b\u0159ehu nebo oboj\u00edm, v\u00e1\u0161 \u0159idi\u010d v\u00e1s odveze zp\u011bt do va\u0161eho hotelu v Soma Bay.<\/p>\n<h3><span style=\"color: #ff6600;\">Cena z\u00e1jezd\u016f do Luxoru ze Soma Bay<\/span><\/h3>\n<ul>\n<li>Cena pro dosp\u011bl\u00e9 = 150 \u20ac<\/li>\n<li>D\u011bti 0-5 let = zdarma<\/li>\n<li>D\u011bti 5-11 let = 50% z ceny pro dosp\u011bl\u00e9<\/li>\n<\/ul>\n<p>(maxim\u00e1ln\u011b 3 osoby)<\/p>\n<h3><span style=\"color: #ff6600;\">Rezervace<\/span><\/h3>\n<ul>\n<li>Svou prohl\u00eddku si m\u016f\u017eete rezervovat p\u0159es WhatsApp nebo n\u00e1m poslat e-mail a potvrzen\u00ed obdr\u017e\u00edte ihned.<\/li>\n<li>Laskav\u011b n\u00e1m za\u0161lete n\u00e1zev va\u0161eho hotelu, \u010d\u00edslo pokoje, kopie pas\u016f.<\/li>\n<\/ul>\n<p>WhatsApp: +201000852186<\/p>\n<p>info@egytourpackages.com<\/p>\n<h3><span style=\"color: #ff6600;\">Rezervujte nyn\u00ed a zapla\u0165te na m\u00edst\u011b<\/span><\/h3>\n<p>Rezervujte si svou obl\u00edbenou prohl\u00eddku a zapla\u0165te v den v\u00fdletu.<\/p>\n<h3><span style=\"color: #ff6600;\">Platba<\/span><\/h3>\n<p>M\u016f\u017eete platit egyptsk\u00fdmi librami, USD, EUR nebo GBP.<\/p>\n<h3><span style=\"color: #ff6600;\">Storno podm\u00ednky<\/span><\/h3>\n<ul>\n<li>Zru\u0161en\u00ed zdarma a\u017e 24 hodin p\u0159edem<\/li>\n<li>Rann\u00ed zru\u0161en\u00ed je 50 % z ceny<\/li>\n<\/ul>\n","protected":false},"excerpt":{"rendered":"<p>V\u00fdlet do Luxoru na m\u00edru ze Soma Bay: Prozkoumejte \u00dadol\u00ed kr\u00e1l\u016f, Karnak a dal\u0161\u00ed pam\u00e1tky soukrom\u011b. Va\u0161e egyptsk\u00e9 dobrodru\u017estv\u00ed \u010dek\u00e1!&#8220;<\/p>\n","protected":false},"featured_media":3248,"comment_status":"open","ping_status":"closed","template":"","meta":[],"product_brand":[],"product_cat":[1466],"product_tag":[1467,1981],"class_list":{"0":"post-5250","1":"product","2":"type-product","3":"status-publish","4":"has-post-thumbnail","6":"product_cat-vylety","7":"product_tag-chram-v-karnaku","8":"product_tag-vylety-ze-soma-bay","9":"tour_category-jednodenni-vylety-po-egypte-cs","10":"tour_category-vylety-do-soma-bay","11":"tour_category-zajezdy-do-luxoru-z-hurghady","13":"first","14":"instock","15":"sale","16":"shipping-taxable","17":"purchasable","18":"product-type-tour","19":"has-default-attributes"},"yoast_head":"<!-- This site is optimized with the Yoast SEO Premium plugin v27.4 (Yoast SEO v27.4) - https:\/\/yoast.com\/product\/yoast-seo-premium-wordpress\/ -->\n<title>V\u00fdlet do Luxoru na m\u00edru ze Soma Bay | Soukrom\u00fd v\u00fdlet Luxor<\/title>\n<meta name=\"description\" content=\"V\u00fdlet do Luxoru na m\u00edru ze Soma Bay: Prozkoumejte \u00dadol\u00ed kr\u00e1l\u016f, Karnak a dal\u0161\u00ed pam\u00e1tky soukrom\u011b. Va\u0161e egyptsk\u00e9 dobrodru\u017estv\u00ed \u010dek\u00e1!&quot;\" \/>\n<meta name=\"robots\" content=\"index, follow, max-snippet:-1, max-image-preview:large, max-video-preview:-1\" \/>\n<link rel=\"canonical\" href=\"https:\/\/egytourpackages.com\/cs\/prohlidky\/vylet-do-luxoru-na-miru-ze-soma-bay\/\" \/>\n<meta property=\"og:locale\" content=\"cs_CZ\" \/>\n<meta property=\"og:type\" content=\"article\" \/>\n<meta property=\"og:title\" content=\"V\u00fdlet do Luxoru na m\u00edru ze Soma Bay\" \/>\n<meta property=\"og:description\" content=\"V\u00fdlet do Luxoru na m\u00edru ze Soma Bay: Prozkoumejte \u00dadol\u00ed kr\u00e1l\u016f, Karnak a dal\u0161\u00ed pam\u00e1tky soukrom\u011b. Va\u0161e egyptsk\u00e9 dobrodru\u017estv\u00ed \u010dek\u00e1!&quot;\" \/>\n<meta property=\"og:url\" content=\"https:\/\/egytourpackages.com\/cs\/prohlidky\/vylet-do-luxoru-na-miru-ze-soma-bay\/\" \/>\n<meta property=\"og:site_name\" content=\"Z\u00e1jezdy po Egypt\u011b\" \/>\n<meta property=\"article:publisher\" content=\"https:\/\/www.facebook.com\/egytourpackages\" \/>\n<meta property=\"article:modified_time\" content=\"2026-01-28T10:53:03+00:00\" \/>\n<meta property=\"og:image\" content=\"https:\/\/egytourpackages.com\/wp-content\/uploads\/2024\/06\/Karnak-temple-Luxor-1024x682.jpg\" \/>\n<meta name=\"twitter:card\" content=\"summary_large_image\" \/>\n<meta name=\"twitter:title\" content=\"V\u00fdlet do Luxoru na m\u00edru ze Soma Bay\" \/>\n<meta name=\"twitter:label1\" content=\"Cena\" \/>\n\t<meta name=\"twitter:data1\" content=\"&euro;150\" \/>\n\t<meta name=\"twitter:label2\" content=\"Dostupnost\" \/>\n\t<meta name=\"twitter:data2\" content=\"Skladem\" \/>\n<script type=\"application\/ld+json\" class=\"yoast-schema-graph\">{\"@context\":\"https:\\\/\\\/schema.org\",\"@graph\":[{\"@type\":\"WebPage\",\"@id\":\"https:\\\/\\\/egytourpackages.com\\\/cs\\\/prohlidky\\\/vylet-do-luxoru-na-miru-ze-soma-bay\\\/\",\"url\":\"https:\\\/\\\/egytourpackages.com\\\/cs\\\/prohlidky\\\/vylet-do-luxoru-na-miru-ze-soma-bay\\\/\",\"name\":\"V\u00fdlet do Luxoru na m\u00edru ze Soma Bay | Soukrom\u00fd v\u00fdlet Luxor\",\"isPartOf\":{\"@id\":\"https:\\\/\\\/egytourpackages.com\\\/cs\\\/#website\"},\"primaryImageOfPage\":{\"@id\":\"https:\\\/\\\/egytourpackages.com\\\/cs\\\/prohlidky\\\/vylet-do-luxoru-na-miru-ze-soma-bay\\\/#primaryimage\"},\"image\":{\"@id\":\"https:\\\/\\\/egytourpackages.com\\\/cs\\\/prohlidky\\\/vylet-do-luxoru-na-miru-ze-soma-bay\\\/#primaryimage\"},\"thumbnailUrl\":\"https:\\\/\\\/egytourpackages.com\\\/wp-content\\\/uploads\\\/2024\\\/06\\\/Karnak-temple-Luxor.jpg\",\"datePublished\":\"2024-06-23T23:59:46+00:00\",\"dateModified\":\"2026-01-28T10:53:03+00:00\",\"description\":\"V\u00fdlet do Luxoru na m\u00edru ze Soma Bay: Prozkoumejte \u00dadol\u00ed kr\u00e1l\u016f, Karnak a dal\u0161\u00ed pam\u00e1tky soukrom\u011b. Va\u0161e egyptsk\u00e9 dobrodru\u017estv\u00ed \u010dek\u00e1!\\\"\",\"breadcrumb\":{\"@id\":\"https:\\\/\\\/egytourpackages.com\\\/cs\\\/prohlidky\\\/vylet-do-luxoru-na-miru-ze-soma-bay\\\/#breadcrumb\"},\"inLanguage\":\"cs\",\"potentialAction\":[{\"@type\":\"ReadAction\",\"target\":[\"https:\\\/\\\/egytourpackages.com\\\/cs\\\/prohlidky\\\/vylet-do-luxoru-na-miru-ze-soma-bay\\\/\"]}]},{\"@type\":\"ImageObject\",\"inLanguage\":\"cs\",\"@id\":\"https:\\\/\\\/egytourpackages.com\\\/cs\\\/prohlidky\\\/vylet-do-luxoru-na-miru-ze-soma-bay\\\/#primaryimage\",\"url\":\"https:\\\/\\\/egytourpackages.com\\\/wp-content\\\/uploads\\\/2024\\\/06\\\/Karnak-temple-Luxor.jpg\",\"contentUrl\":\"https:\\\/\\\/egytourpackages.com\\\/wp-content\\\/uploads\\\/2024\\\/06\\\/Karnak-temple-Luxor.jpg\",\"width\":2000,\"height\":1333,\"caption\":\"V\u00fdlet do Luxoru na m\u00edru ze Soma Bay\"},{\"@type\":\"BreadcrumbList\",\"@id\":\"https:\\\/\\\/egytourpackages.com\\\/cs\\\/prohlidky\\\/vylet-do-luxoru-na-miru-ze-soma-bay\\\/#breadcrumb\",\"itemListElement\":[{\"@type\":\"ListItem\",\"position\":1,\"name\":\"Dom\u016f\",\"item\":\"https:\\\/\\\/egytourpackages.com\\\/cs\\\/balicky-vyletu-po-egypte\\\/\"},{\"@type\":\"ListItem\",\"position\":2,\"name\":\"Shop\",\"item\":\"https:\\\/\\\/egytourpackages.com\\\/cs\\\/shop\\\/\"},{\"@type\":\"ListItem\",\"position\":3,\"name\":\"V\u00fdlet do Luxoru na m\u00edru ze Soma Bay\"}]},{\"@type\":\"WebSite\",\"@id\":\"https:\\\/\\\/egytourpackages.com\\\/cs\\\/#website\",\"url\":\"https:\\\/\\\/egytourpackages.com\\\/cs\\\/\",\"name\":\"Egy tour packages\",\"description\":\"\",\"publisher\":{\"@id\":\"https:\\\/\\\/egytourpackages.com\\\/cs\\\/#organization\"},\"potentialAction\":[{\"@type\":\"SearchAction\",\"target\":{\"@type\":\"EntryPoint\",\"urlTemplate\":\"https:\\\/\\\/egytourpackages.com\\\/cs\\\/?s={search_term_string}\"},\"query-input\":{\"@type\":\"PropertyValueSpecification\",\"valueRequired\":true,\"valueName\":\"search_term_string\"}}],\"inLanguage\":\"cs\"},{\"@type\":[\"Organization\",\"Place\",\"TravelAgency\"],\"@id\":\"https:\\\/\\\/egytourpackages.com\\\/cs\\\/#organization\",\"name\":\"egypt tour packages\",\"alternateName\":\"egypt tour packages\",\"url\":\"https:\\\/\\\/egytourpackages.com\\\/cs\\\/\",\"logo\":{\"@id\":\"https:\\\/\\\/egytourpackages.com\\\/cs\\\/prohlidky\\\/vylet-do-luxoru-na-miru-ze-soma-bay\\\/#local-main-organization-logo\"},\"image\":{\"@id\":\"https:\\\/\\\/egytourpackages.com\\\/cs\\\/prohlidky\\\/vylet-do-luxoru-na-miru-ze-soma-bay\\\/#local-main-organization-logo\"},\"sameAs\":[\"https:\\\/\\\/www.facebook.com\\\/egytourpackages\"],\"legalName\":\"Egy tour packages\",\"address\":{\"@id\":\"https:\\\/\\\/egytourpackages.com\\\/cs\\\/prohlidky\\\/vylet-do-luxoru-na-miru-ze-soma-bay\\\/#local-main-place-address\"},\"telephone\":[\"00201000852186\",\"00201028685533\"],\"contactPoint\":{\"@type\":\"ContactPoint\",\"telephone\":\"00201000852186\"},\"openingHoursSpecification\":[{\"@type\":\"OpeningHoursSpecification\",\"dayOfWeek\":[\"Monday\",\"Tuesday\",\"Wednesday\",\"Thursday\",\"Friday\",\"Saturday\",\"Sunday\"],\"opens\":\"00:00\",\"closes\":\"23:59\"}],\"email\":\"info@egytourpackages.com\",\"areaServed\":\"Cairo, Hurghada, Luxor, Sharm El Sheikh, Marsa Alam, Aswan\",\"priceRange\":\"$\",\"currenciesAccepted\":\"euro\",\"paymentAccepted\":\"Payment links online\"},{\"@type\":\"PostalAddress\",\"@id\":\"https:\\\/\\\/egytourpackages.com\\\/cs\\\/prohlidky\\\/vylet-do-luxoru-na-miru-ze-soma-bay\\\/#local-main-place-address\",\"streetAddress\":\"Mubarak 8, Al Kawthar District, Hurghada\",\"addressLocality\":\"Hurghada\",\"postalCode\":\"84511\",\"addressRegion\":\"Red Sea\",\"addressCountry\":\"EG\"},{\"@type\":\"ImageObject\",\"inLanguage\":\"cs\",\"@id\":\"https:\\\/\\\/egytourpackages.com\\\/cs\\\/prohlidky\\\/vylet-do-luxoru-na-miru-ze-soma-bay\\\/#local-main-organization-logo\",\"url\":\"https:\\\/\\\/egytourpackages.com\\\/wp-content\\\/uploads\\\/2025\\\/12\\\/Turquoise-Dahabiya-Nile-Cruise-1.jpeg\",\"contentUrl\":\"https:\\\/\\\/egytourpackages.com\\\/wp-content\\\/uploads\\\/2025\\\/12\\\/Turquoise-Dahabiya-Nile-Cruise-1.jpeg\",\"width\":1040,\"height\":694,\"caption\":\"egypt tour packages\"}]}<\/script>\n<meta property=\"product:brand\" content=\"Jednodenn\u00ed v\u00fdlety po Egypt\u011b\" \/>\n<meta property=\"product:price:amount\" content=\"150\" \/>\n<meta property=\"product:price:currency\" content=\"EUR\" \/>\n<meta property=\"og:availability\" content=\"instock\" \/>\n<meta property=\"product:availability\" content=\"instock\" \/>\n<meta property=\"product:retailer_item_id\" content=\"SBE05\" \/>\n<meta property=\"product:condition\" content=\"new\" \/>\n<meta name=\"geo.placename\" content=\"Hurghada\" \/>\n<meta name=\"geo.region\" content=\"Egypt\" \/>\n<!-- \/ Yoast SEO Premium plugin. -->","yoast_head_json":{"title":"V\u00fdlet do Luxoru na m\u00edru ze Soma Bay | Soukrom\u00fd v\u00fdlet Luxor","description":"V\u00fdlet do Luxoru na m\u00edru ze Soma Bay: Prozkoumejte \u00dadol\u00ed kr\u00e1l\u016f, Karnak a dal\u0161\u00ed pam\u00e1tky soukrom\u011b. Va\u0161e egyptsk\u00e9 dobrodru\u017estv\u00ed \u010dek\u00e1!\"","robots":{"index":"index","follow":"follow","max-snippet":"max-snippet:-1","max-image-preview":"max-image-preview:large","max-video-preview":"max-video-preview:-1"},"canonical":"https:\/\/egytourpackages.com\/cs\/prohlidky\/vylet-do-luxoru-na-miru-ze-soma-bay\/","og_locale":"cs_CZ","og_type":"article","og_title":"V\u00fdlet do Luxoru na m\u00edru ze Soma Bay","og_description":"V\u00fdlet do Luxoru na m\u00edru ze Soma Bay: Prozkoumejte \u00dadol\u00ed kr\u00e1l\u016f, Karnak a dal\u0161\u00ed pam\u00e1tky soukrom\u011b. Va\u0161e egyptsk\u00e9 dobrodru\u017estv\u00ed \u010dek\u00e1!\"","og_url":"https:\/\/egytourpackages.com\/cs\/prohlidky\/vylet-do-luxoru-na-miru-ze-soma-bay\/","og_site_name":"Z\u00e1jezdy po Egypt\u011b","article_publisher":"https:\/\/www.facebook.com\/egytourpackages","article_modified_time":"2026-01-28T10:53:03+00:00","og_image":[{"url":"https:\/\/egytourpackages.com\/wp-content\/uploads\/2024\/06\/Karnak-temple-Luxor-1024x682.jpg","type":"","width":"","height":""}],"twitter_card":"summary_large_image","twitter_title":"V\u00fdlet do Luxoru na m\u00edru ze Soma Bay","twitter_misc":{"Cena":"&euro;150","Dostupnost":"Skladem"},"schema":{"@context":"https:\/\/schema.org","@graph":[{"@type":"WebPage","@id":"https:\/\/egytourpackages.com\/cs\/prohlidky\/vylet-do-luxoru-na-miru-ze-soma-bay\/","url":"https:\/\/egytourpackages.com\/cs\/prohlidky\/vylet-do-luxoru-na-miru-ze-soma-bay\/","name":"V\u00fdlet do Luxoru na m\u00edru ze Soma Bay | Soukrom\u00fd v\u00fdlet Luxor","isPartOf":{"@id":"https:\/\/egytourpackages.com\/cs\/#website"},"primaryImageOfPage":{"@id":"https:\/\/egytourpackages.com\/cs\/prohlidky\/vylet-do-luxoru-na-miru-ze-soma-bay\/#primaryimage"},"image":{"@id":"https:\/\/egytourpackages.com\/cs\/prohlidky\/vylet-do-luxoru-na-miru-ze-soma-bay\/#primaryimage"},"thumbnailUrl":"https:\/\/egytourpackages.com\/wp-content\/uploads\/2024\/06\/Karnak-temple-Luxor.jpg","datePublished":"2024-06-23T23:59:46+00:00","dateModified":"2026-01-28T10:53:03+00:00","description":"V\u00fdlet do Luxoru na m\u00edru ze Soma Bay: Prozkoumejte \u00dadol\u00ed kr\u00e1l\u016f, Karnak a dal\u0161\u00ed pam\u00e1tky soukrom\u011b. Va\u0161e egyptsk\u00e9 dobrodru\u017estv\u00ed \u010dek\u00e1!\"","breadcrumb":{"@id":"https:\/\/egytourpackages.com\/cs\/prohlidky\/vylet-do-luxoru-na-miru-ze-soma-bay\/#breadcrumb"},"inLanguage":"cs","potentialAction":[{"@type":"ReadAction","target":["https:\/\/egytourpackages.com\/cs\/prohlidky\/vylet-do-luxoru-na-miru-ze-soma-bay\/"]}]},{"@type":"ImageObject","inLanguage":"cs","@id":"https:\/\/egytourpackages.com\/cs\/prohlidky\/vylet-do-luxoru-na-miru-ze-soma-bay\/#primaryimage","url":"https:\/\/egytourpackages.com\/wp-content\/uploads\/2024\/06\/Karnak-temple-Luxor.jpg","contentUrl":"https:\/\/egytourpackages.com\/wp-content\/uploads\/2024\/06\/Karnak-temple-Luxor.jpg","width":2000,"height":1333,"caption":"V\u00fdlet do Luxoru na m\u00edru ze Soma Bay"},{"@type":"BreadcrumbList","@id":"https:\/\/egytourpackages.com\/cs\/prohlidky\/vylet-do-luxoru-na-miru-ze-soma-bay\/#breadcrumb","itemListElement":[{"@type":"ListItem","position":1,"name":"Dom\u016f","item":"https:\/\/egytourpackages.com\/cs\/balicky-vyletu-po-egypte\/"},{"@type":"ListItem","position":2,"name":"Shop","item":"https:\/\/egytourpackages.com\/cs\/shop\/"},{"@type":"ListItem","position":3,"name":"V\u00fdlet do Luxoru na m\u00edru ze Soma Bay"}]},{"@type":"WebSite","@id":"https:\/\/egytourpackages.com\/cs\/#website","url":"https:\/\/egytourpackages.com\/cs\/","name":"Egy tour packages","description":"","publisher":{"@id":"https:\/\/egytourpackages.com\/cs\/#organization"},"potentialAction":[{"@type":"SearchAction","target":{"@type":"EntryPoint","urlTemplate":"https:\/\/egytourpackages.com\/cs\/?s={search_term_string}"},"query-input":{"@type":"PropertyValueSpecification","valueRequired":true,"valueName":"search_term_string"}}],"inLanguage":"cs"},{"@type":["Organization","Place","TravelAgency"],"@id":"https:\/\/egytourpackages.com\/cs\/#organization","name":"egypt tour packages","alternateName":"egypt tour packages","url":"https:\/\/egytourpackages.com\/cs\/","logo":{"@id":"https:\/\/egytourpackages.com\/cs\/prohlidky\/vylet-do-luxoru-na-miru-ze-soma-bay\/#local-main-organization-logo"},"image":{"@id":"https:\/\/egytourpackages.com\/cs\/prohlidky\/vylet-do-luxoru-na-miru-ze-soma-bay\/#local-main-organization-logo"},"sameAs":["https:\/\/www.facebook.com\/egytourpackages"],"legalName":"Egy tour packages","address":{"@id":"https:\/\/egytourpackages.com\/cs\/prohlidky\/vylet-do-luxoru-na-miru-ze-soma-bay\/#local-main-place-address"},"telephone":["00201000852186","00201028685533"],"contactPoint":{"@type":"ContactPoint","telephone":"00201000852186"},"openingHoursSpecification":[{"@type":"OpeningHoursSpecification","dayOfWeek":["Monday","Tuesday","Wednesday","Thursday","Friday","Saturday","Sunday"],"opens":"00:00","closes":"23:59"}],"email":"info@egytourpackages.com","areaServed":"Cairo, Hurghada, Luxor, Sharm El Sheikh, Marsa Alam, Aswan","priceRange":"$","currenciesAccepted":"euro","paymentAccepted":"Payment links online"},{"@type":"PostalAddress","@id":"https:\/\/egytourpackages.com\/cs\/prohlidky\/vylet-do-luxoru-na-miru-ze-soma-bay\/#local-main-place-address","streetAddress":"Mubarak 8, Al Kawthar District, Hurghada","addressLocality":"Hurghada","postalCode":"84511","addressRegion":"Red Sea","addressCountry":"EG"},{"@type":"ImageObject","inLanguage":"cs","@id":"https:\/\/egytourpackages.com\/cs\/prohlidky\/vylet-do-luxoru-na-miru-ze-soma-bay\/#local-main-organization-logo","url":"https:\/\/egytourpackages.com\/wp-content\/uploads\/2025\/12\/Turquoise-Dahabiya-Nile-Cruise-1.jpeg","contentUrl":"https:\/\/egytourpackages.com\/wp-content\/uploads\/2025\/12\/Turquoise-Dahabiya-Nile-Cruise-1.jpeg","width":1040,"height":694,"caption":"egypt tour packages"}]},"product_brand":"Jednodenn\u00ed v\u00fdlety po Egypt\u011b","product_price_amount":"150","product_price_currency":"EUR","og_availability":"instock","product_availability":"instock","product_retailer_item_id":"SBE05","product_condition":"new","geo.placename":"Hurghada","geo.region":"Egypt"},"_links":{"self":[{"href":"https:\/\/egytourpackages.com\/cs\/wp-json\/wp\/v2\/product\/5250","targetHints":{"allow":["GET"]}}],"collection":[{"href":"https:\/\/egytourpackages.com\/cs\/wp-json\/wp\/v2\/product"}],"about":[{"href":"https:\/\/egytourpackages.com\/cs\/wp-json\/wp\/v2\/types\/product"}],"replies":[{"embeddable":true,"href":"https:\/\/egytourpackages.com\/cs\/wp-json\/wp\/v2\/comments?post=5250"}],"wp:featuredmedia":[{"embeddable":true,"href":"https:\/\/egytourpackages.com\/cs\/wp-json\/wp\/v2\/media\/3248"}],"wp:attachment":[{"href":"https:\/\/egytourpackages.com\/cs\/wp-json\/wp\/v2\/media?parent=5250"}],"wp:term":[{"taxonomy":"product_brand","embeddable":true,"href":"https:\/\/egytourpackages.com\/cs\/wp-json\/wp\/v2\/product_brand?post=5250"},{"taxonomy":"product_cat","embeddable":true,"href":"https:\/\/egytourpackages.com\/cs\/wp-json\/wp\/v2\/product_cat?post=5250"},{"taxonomy":"product_tag","embeddable":true,"href":"https:\/\/egytourpackages.com\/cs\/wp-json\/wp\/v2\/product_tag?post=5250"}],"curies":[{"name":"wp","href":"https:\/\/api.w.org\/{rel}","templated":true}]}}