{"id":5273,"date":"2023-07-12T19:36:10","date_gmt":"2023-07-12T19:36:10","guid":{"rendered":"https:\/\/egytourpackages.com\/product\/celodenni-snorchlovani-v-abu-dabbabu-z-marsa-alam\/"},"modified":"2026-01-07T18:26:02","modified_gmt":"2026-01-07T18:26:02","slug":"celodenni-snorchlovani-v-abu-dabbabu-z-marsa-alam","status":"publish","type":"product","link":"https:\/\/egytourpackages.com\/cs\/prohlidky\/celodenni-snorchlovani-v-abu-dabbabu-z-marsa-alam\/","title":{"rendered":"Celodenn\u00ed \u0161norchlov\u00e1n\u00ed v Abu Dabbabu z Marsa Alam"},"content":{"rendered":"<p><strong><span style=\"color: #ff6600;\">Celodenn\u00ed \u0161norchlov\u00e1n\u00ed v Abu Dabbabu z Marsa Alam<\/span><\/strong><\/p>\n<p>zn\u00e1m\u00e9 jako jedno z nejlep\u0161\u00edch mo\u0159sk\u00fdch m\u00edst Rud\u00e9ho mo\u0159e. Tento pohlcuj\u00edc\u00ed <strong>v\u00fdlet za \u0161norchlov\u00e1n\u00edm z Marsa Alam<\/strong> nab\u00edz\u00ed jedine\u010dnou p\u0159\u00edle\u017eitost prozkoumat k\u0159i\u0161\u0165\u00e1lov\u011b \u010dist\u00e9 vody a \u017eiv\u00e9 <strong>kor\u00e1lov\u00e9 \u00fatesy z\u00e1livu Abu Dabbab<\/strong>, kter\u00fd je proslul\u00fd domovem n\u011b\u017en\u00fdch <strong>dugong\u016f<\/strong>, <strong>delf\u00edn\u016f<\/strong> a majest\u00e1tn\u00edch <strong>zelen\u00fdch mo\u0159sk\u00fdch \u017eelv<\/strong>.<\/p>\n<p>Tento <strong>\u0161norchlovac\u00ed v\u00fdlet do Abu Dabbabu<\/strong> ve skute\u010dnosti nab\u00edz\u00ed pohlcuj\u00edc\u00ed z\u00e1\u017eitek z div\u016f <strong>Rud\u00e9ho mo\u0159e<\/strong> s <strong>z\u00e1jezdy do Egypta<\/strong>. <strong>Z\u00e1jezdy z Marsa Alam<\/strong> zahrnuj\u00ed \u00fato\u010di\u0161t\u011b pro milovn\u00edky podmo\u0159sk\u00e9ho sv\u011bta a p\u0159\u00edrody a bohat\u00fd mo\u0159sk\u00fd \u017eivot. Zarezervujte si sv\u016fj <strong>bal\u00ed\u010dek do Egypta<\/strong> s Abu Dabbabem a pro\u017eijte velmi relaxa\u010dn\u00ed den a nezapomenuteln\u00e9 chv\u00edle pod vodou.<\/p>\n<h3><span style=\"color: #ff6600;\">Podrobnosti o prohl\u00eddce<\/span><\/h3>\n<ul>\n<li>D\u00e9lka trv\u00e1n\u00ed: 7 hodin<\/li>\n<li>M\u00edsto prohl\u00eddky: Marsa Alam<\/li>\n<li>Dostupnost prohl\u00eddky: Ka\u017ed\u00fd den<\/li>\n<li>Vyzvednut\u00ed a odvoz: V\u00e1\u0161 hotel v Marsa Alam<\/li>\n<li>Typ prohl\u00eddky: Rekrea\u010dn\u00ed prohl\u00eddka<\/li>\n<li>Invalidn\u00ed voz\u00edk: P\u0159\u00edstupn\u00e9<\/li>\n<\/ul>\n<h3><span style=\"color: #ff6600;\">Zahrnuto ve v\u00fdletu do Abu Dabbabu<\/span><\/h3>\n<ul>\n<li>Zp\u00e1te\u010dn\u00ed transfer<\/li>\n<li>Ob\u011bd<\/li>\n<li>Slune\u010dn\u00edk a leh\u00e1tko<\/li>\n<li>Voda b\u011bhem dne<\/li>\n<\/ul>\n<h3><span style=\"color: #ff6600;\">Nezahrnuto ve v\u00fdletu do Abu Dabbabu<\/span><\/h3>\n<ul>\n<li>\u0160norchlovac\u00ed vybaven\u00ed<\/li>\n<li>N\u00e1poje v pl\u00e1\u017eov\u00fdch restaurac\u00edch a barech<\/li>\n<li>Pot\u00e1p\u011bn\u00ed<\/li>\n<\/ul>\n<h3><span style=\"color: #ff6600;\">Co si sbalit<\/span><\/h3>\n<ul>\n<li>Pl\u00e1\u017eov\u00fd ru\u010dn\u00edk z hotelu<\/li>\n<li>Klobouk nebo \u0161\u00e1tek<\/li>\n<li>Opalovac\u00ed kr\u00e9m<\/li>\n<li>Plavky<\/li>\n<li>N\u011bjak\u00e9 drobn\u00e9<\/li>\n<\/ul>\n<h2><span style=\"color: #ff6600;\">Itiner\u00e1\u0159<\/span><\/h2>\n<p>V\u00e1\u0161 den za\u010d\u00edn\u00e1 pohodln\u00fdm <strong>vyzvednut\u00edm z hotelu v Marsa Alam<\/strong>, n\u00e1sledovan\u00fdm pohodln\u00fdm transferem do Abu Dabbabu. Po p\u0159\u00edjezdu se vybav\u00edte poskytnut\u00fdm <strong>\u0161norchlovac\u00edm vybaven\u00edm<\/strong> a pono\u0159\u00edte se do klidn\u00fdch, m\u011blk\u00fdch vod z\u00e1livu.<\/p>\n<p>Odborn\u00ed pr\u016fvodci v\u00e1s zavedou na nejlep\u0161\u00ed m\u00edsta, zajist\u00ed neuv\u011b\u0159iteln\u00e1 setk\u00e1n\u00ed s rozmanit\u00fdm <strong>mo\u0159sk\u00fdm \u017eivotem<\/strong>, od barevn\u00fdch ryb po dugongy a \u017eelvy \u017eij\u00edc\u00ed v z\u00e1toce, co\u017e z n\u011bj \u010din\u00ed \u0161pi\u010dkov\u00fd <strong>v\u00fdlet z Marsa Alam<\/strong> pro milovn\u00edky p\u0159\u00edrody a nezbytn\u00fd <strong>z\u00e1\u017eitek ze \u0161norchlov\u00e1n\u00ed v Rud\u00e9m mo\u0159i<\/strong>. Ob\u011bd a ob\u010derstven\u00ed jsou obvykle zahrnuty a nab\u00edzej\u00ed relaxa\u010dn\u00ed celodenn\u00ed ponor do podmo\u0159sk\u00e9ho r\u00e1je Egypta.<\/p>\n<p><strong>V\u00fdlety z Marsa Alam<\/strong> do \u017eelv\u00edho z\u00e1livu v\u00e1m umo\u017en\u00ed objevit <strong>mo\u0159sk\u00fd \u017eivot v Rud\u00e9m mo\u0159i<\/strong>, <strong>ryby Rud\u00e9ho mo\u0159e<\/strong> a <strong>kor\u00e1lov\u00e9 \u00fatesy Rud\u00e9ho mo\u0159e<\/strong>. Ve skute\u010dnosti jsou <strong>z\u00e1jezdy do Egypta<\/strong> do Abu Dabbabu jednou z <strong>nejlep\u0161\u00edch v\u011bc\u00ed, co d\u011blat v Marsa Alam<\/strong>, s mo\u017enost\u00ed <strong>pot\u00e1p\u011bn\u00ed v Abu Dabbabu<\/strong> za poplatek.<\/p>\n<h3><span style=\"color: #ff6600;\">Cena celodenn\u00edho \u0161norchlov\u00e1n\u00ed v Abu Dabbabu z Marsa Alam<\/span><\/h3>\n<ul>\n<li>Cena pro dosp\u011bl\u00e9: 75 \u20ac<\/li>\n<li>D\u011bti 0-5 let: zdarma<\/li>\n<li>D\u011bti 5-11 let: 50 % z ceny pro dosp\u011bl\u00e9<\/li>\n<\/ul>\n<h3><span style=\"color: #ff6600;\">Rezervace<\/span><\/h3>\n<p>Svou prohl\u00eddku si m\u016f\u017eete zarezervovat p\u0159es WhatsApp nebo n\u00e1m poslat e-mail a potvrzen\u00ed obdr\u017e\u00edte ihned. Pros\u00edm, za\u0161lete n\u00e1m n\u00e1zev va\u0161eho hotelu, \u010d\u00edslo pokoje a kopie pas\u016f.<\/p>\n<p>WhatsApp: +201000852186<\/p>\n<p>info@egytourpackages.com<\/p>\n<h3><span style=\"color: #ff6600;\">Rezervujte nyn\u00ed a zapla\u0165te na m\u00edst\u011b<\/span><\/h3>\n<p>Zarezervujte si svou obl\u00edbenou prohl\u00eddku a zapla\u0165te v den v\u00fdletu.<\/p>\n<h3><span style=\"color: #ff6600;\">Platba<\/span><\/h3>\n<p>Platit m\u016f\u017eete egyptsk\u00fdmi librami, $, \u20ac nebo \u00a3.<\/p>\n<h3><span style=\"color: #ff6600;\">Storno podm\u00ednky<\/span><\/h3>\n<ul>\n<li>Zru\u0161en\u00ed je zdarma a\u017e 24 hodin p\u0159edem<\/li>\n<li>Rann\u00ed zru\u0161en\u00ed je 50 % z ceny<\/li>\n<\/ul>\n","protected":false},"excerpt":{"rendered":"<p>Celodenn\u00ed \u0161norchlov\u00e1n\u00ed v Abu Dabbabu z Marsa Alam: Za\u017eijte dugong, \u017eelvy a kor\u00e1lov\u00e9 \u00fatesy z Marsa Alam. \u010cek\u00e1 na v\u00e1s va\u0161e nejlep\u0161\u00ed dobrodru\u017estv\u00ed v Rud\u00e9m mo\u0159i<\/p>\n","protected":false},"featured_media":2845,"comment_status":"open","ping_status":"closed","template":"","meta":[],"product_brand":[],"product_cat":[1466],"product_tag":[2822,1470,2823,2341,2824],"class_list":{"0":"post-5273","1":"product","2":"type-product","3":"status-publish","4":"has-post-thumbnail","6":"product_cat-vylety","7":"product_tag-domaci-utes-abu-dabbab","8":"product_tag-jednodenni-vylety-po-egypte","9":"product_tag-potapeni-v-abu-dabbabu","10":"product_tag-zajezdy-marsa-alam","11":"product_tag-zatoka-dugongu","12":"tour_category-jednodenni-vylety-po-egypte-cs","13":"tour_category-vylety-do-marsa-alam","15":"first","16":"instock","17":"sale","18":"shipping-taxable","19":"purchasable","20":"product-type-tour","21":"has-default-attributes"},"yoast_head":"<!-- This site is optimized with the Yoast SEO Premium plugin v27.2 (Yoast SEO v27.2) - https:\/\/yoast.com\/product\/yoast-seo-premium-wordpress\/ -->\n<title>Celodenn\u00ed \u0161norchlov\u00e1n\u00ed v Abu Dabbabu z Marsa Alam<\/title>\n<meta name=\"description\" content=\"Celodenn\u00ed \u0161norchlov\u00e1n\u00ed v Abu Dabbabu z Marsa Alam: Za\u017eijte dugong, \u017eelvy a kor\u00e1lov\u00e9 \u00fatesy z Marsa Alam. \u010cek\u00e1 na v\u00e1s va\u0161e nejlep\u0161\u00ed dobrodru\u017estv\u00ed v Rud\u00e9m mo\u0159i\" \/>\n<meta name=\"robots\" content=\"index, follow, max-snippet:-1, max-image-preview:large, max-video-preview:-1\" \/>\n<link rel=\"canonical\" href=\"https:\/\/egytourpackages.com\/cs\/prohlidky\/celodenni-snorchlovani-v-abu-dabbabu-z-marsa-alam\/\" \/>\n<meta property=\"og:locale\" content=\"cs_CZ\" \/>\n<meta property=\"og:type\" content=\"article\" \/>\n<meta property=\"og:title\" content=\"Celodenn\u00ed \u0161norchlov\u00e1n\u00ed v Abu Dabbabu z Marsa Alam\" \/>\n<meta property=\"og:description\" content=\"Celodenn\u00ed \u0161norchlov\u00e1n\u00ed v Abu Dabbabu z Marsa Alam: Za\u017eijte dugong, \u017eelvy a kor\u00e1lov\u00e9 \u00fatesy z Marsa Alam. \u010cek\u00e1 na v\u00e1s va\u0161e nejlep\u0161\u00ed dobrodru\u017estv\u00ed v Rud\u00e9m mo\u0159i\" \/>\n<meta property=\"og:url\" content=\"https:\/\/egytourpackages.com\/cs\/prohlidky\/celodenni-snorchlovani-v-abu-dabbabu-z-marsa-alam\/\" \/>\n<meta property=\"og:site_name\" content=\"Z\u00e1jezdy po Egypt\u011b\" \/>\n<meta property=\"article:publisher\" content=\"https:\/\/www.facebook.com\/egytourpackages\" \/>\n<meta property=\"article:modified_time\" content=\"2026-01-07T18:26:02+00:00\" \/>\n<meta property=\"og:image\" content=\"https:\/\/egytourpackages.com\/wp-content\/uploads\/2023\/07\/Snorkeling-Abu-Dabbab.jpg\" \/>\n<meta name=\"twitter:card\" content=\"summary_large_image\" \/>\n<meta name=\"twitter:title\" content=\"Celodenn\u00ed \u0161norchlov\u00e1n\u00ed v Abu Dabbabu z Marsa Alam\" \/>\n<meta name=\"twitter:description\" content=\"Celodenn\u00ed \u0161norchlov\u00e1n\u00ed v Abu Dabbabu z Marsa Alam: Za\u017eijte dugong, \u017eelvy a kor\u00e1lov\u00e9 \u00fatesy z Marsa Alam. \u010cek\u00e1 na v\u00e1s va\u0161e nejlep\u0161\u00ed dobrodru\u017estv\u00ed v Rud\u00e9m mo\u0159i\" \/>\n<meta name=\"twitter:image\" content=\"https:\/\/egytourpackages.com\/wp-content\/uploads\/2023\/07\/Snorkeling-Abu-Dabbab.jpg\" \/>\n<meta name=\"twitter:label1\" content=\"Cena\" \/>\n\t<meta name=\"twitter:data1\" content=\"&euro;75\" \/>\n\t<meta name=\"twitter:label2\" content=\"Dostupnost\" \/>\n\t<meta name=\"twitter:data2\" content=\"Skladem\" \/>\n<script type=\"application\/ld+json\" class=\"yoast-schema-graph\">{\"@context\":\"https:\/\/schema.org\",\"@graph\":[{\"@type\":\"WebPage\",\"@id\":\"https:\/\/egytourpackages.com\/cs\/prohlidky\/celodenni-snorchlovani-v-abu-dabbabu-z-marsa-alam\/\",\"url\":\"https:\/\/egytourpackages.com\/cs\/prohlidky\/celodenni-snorchlovani-v-abu-dabbabu-z-marsa-alam\/\",\"name\":\"Celodenn\u00ed \u0161norchlov\u00e1n\u00ed v Abu Dabbabu z Marsa Alam\",\"isPartOf\":{\"@id\":\"https:\/\/egytourpackages.com\/cs\/#website\"},\"primaryImageOfPage\":{\"@id\":\"https:\/\/egytourpackages.com\/cs\/prohlidky\/celodenni-snorchlovani-v-abu-dabbabu-z-marsa-alam\/#primaryimage\"},\"image\":{\"@id\":\"https:\/\/egytourpackages.com\/cs\/prohlidky\/celodenni-snorchlovani-v-abu-dabbabu-z-marsa-alam\/#primaryimage\"},\"thumbnailUrl\":\"https:\/\/egytourpackages.com\/wp-content\/uploads\/2023\/07\/Snorkeling-Abu-Dabbab.jpg\",\"datePublished\":\"2023-07-12T19:36:10+00:00\",\"dateModified\":\"2026-01-07T18:26:02+00:00\",\"description\":\"Celodenn\u00ed \u0161norchlov\u00e1n\u00ed v Abu Dabbabu z Marsa Alam: Za\u017eijte dugong, \u017eelvy a kor\u00e1lov\u00e9 \u00fatesy z Marsa Alam. \u010cek\u00e1 na v\u00e1s va\u0161e nejlep\u0161\u00ed dobrodru\u017estv\u00ed v Rud\u00e9m mo\u0159i\",\"breadcrumb\":{\"@id\":\"https:\/\/egytourpackages.com\/cs\/prohlidky\/celodenni-snorchlovani-v-abu-dabbabu-z-marsa-alam\/#breadcrumb\"},\"inLanguage\":\"cs\",\"potentialAction\":[{\"@type\":\"ReadAction\",\"target\":[\"https:\/\/egytourpackages.com\/cs\/prohlidky\/celodenni-snorchlovani-v-abu-dabbabu-z-marsa-alam\/\"]}]},{\"@type\":\"ImageObject\",\"inLanguage\":\"cs\",\"@id\":\"https:\/\/egytourpackages.com\/cs\/prohlidky\/celodenni-snorchlovani-v-abu-dabbabu-z-marsa-alam\/#primaryimage\",\"url\":\"https:\/\/egytourpackages.com\/wp-content\/uploads\/2023\/07\/Snorkeling-Abu-Dabbab.jpg\",\"contentUrl\":\"https:\/\/egytourpackages.com\/wp-content\/uploads\/2023\/07\/Snorkeling-Abu-Dabbab.jpg\",\"width\":1000,\"height\":750,\"caption\":\"\u0160norchlov\u00e1n\u00ed v Abu Dabbabu\"},{\"@type\":\"BreadcrumbList\",\"@id\":\"https:\/\/egytourpackages.com\/cs\/prohlidky\/celodenni-snorchlovani-v-abu-dabbabu-z-marsa-alam\/#breadcrumb\",\"itemListElement\":[{\"@type\":\"ListItem\",\"position\":1,\"name\":\"Dom\u016f\",\"item\":\"https:\/\/egytourpackages.com\/cs\/balicky-vyletu-po-egypte\/\"},{\"@type\":\"ListItem\",\"position\":2,\"name\":\"Shop\",\"item\":\"https:\/\/egytourpackages.com\/cs\/shop\/\"},{\"@type\":\"ListItem\",\"position\":3,\"name\":\"Celodenn\u00ed \u0161norchlov\u00e1n\u00ed v Abu Dabbabu z Marsa Alam\"}]},{\"@type\":\"WebSite\",\"@id\":\"https:\/\/egytourpackages.com\/cs\/#website\",\"url\":\"https:\/\/egytourpackages.com\/cs\/\",\"name\":\"Egy tour packages\",\"description\":\"\",\"publisher\":{\"@id\":\"https:\/\/egytourpackages.com\/cs\/#organization\"},\"potentialAction\":[{\"@type\":\"SearchAction\",\"target\":{\"@type\":\"EntryPoint\",\"urlTemplate\":\"https:\/\/egytourpackages.com\/cs\/?s={search_term_string}\"},\"query-input\":{\"@type\":\"PropertyValueSpecification\",\"valueRequired\":true,\"valueName\":\"search_term_string\"}}],\"inLanguage\":\"cs\"},{\"@type\":[\"Organization\",\"Place\",\"TravelAgency\"],\"@id\":\"https:\/\/egytourpackages.com\/cs\/#organization\",\"name\":\"egypt tour packages\",\"alternateName\":\"egypt tour packages\",\"url\":\"https:\/\/egytourpackages.com\/cs\/\",\"logo\":{\"@id\":\"https:\/\/egytourpackages.com\/cs\/prohlidky\/celodenni-snorchlovani-v-abu-dabbabu-z-marsa-alam\/#local-main-organization-logo\"},\"image\":{\"@id\":\"https:\/\/egytourpackages.com\/cs\/prohlidky\/celodenni-snorchlovani-v-abu-dabbabu-z-marsa-alam\/#local-main-organization-logo\"},\"sameAs\":[\"https:\/\/www.facebook.com\/egytourpackages\"],\"legalName\":\"Egy tour packages\",\"address\":{\"@id\":\"https:\/\/egytourpackages.com\/cs\/prohlidky\/celodenni-snorchlovani-v-abu-dabbabu-z-marsa-alam\/#local-main-place-address\"},\"telephone\":[\"00201000852186\",\"00201028685533\"],\"contactPoint\":{\"@type\":\"ContactPoint\",\"telephone\":\"00201000852186\"},\"openingHoursSpecification\":[{\"@type\":\"OpeningHoursSpecification\",\"dayOfWeek\":[\"Monday\",\"Tuesday\",\"Wednesday\",\"Thursday\",\"Friday\",\"Saturday\",\"Sunday\"],\"opens\":\"00:00\",\"closes\":\"23:59\"}],\"email\":\"info@egytourpackages.com\",\"areaServed\":\"Cairo, Hurghada, Luxor, Sharm El Sheikh, Marsa Alam, Aswan\",\"priceRange\":\"$\",\"currenciesAccepted\":\"euro\",\"paymentAccepted\":\"Payment links online\"},{\"@type\":\"PostalAddress\",\"@id\":\"https:\/\/egytourpackages.com\/cs\/prohlidky\/celodenni-snorchlovani-v-abu-dabbabu-z-marsa-alam\/#local-main-place-address\",\"streetAddress\":\"Mubarak 8, Al Kawthar District, Hurghada\",\"addressLocality\":\"Hurghada\",\"postalCode\":\"84511\",\"addressRegion\":\"Red Sea\",\"addressCountry\":\"EG\"},{\"@type\":\"ImageObject\",\"inLanguage\":\"cs\",\"@id\":\"https:\/\/egytourpackages.com\/cs\/prohlidky\/celodenni-snorchlovani-v-abu-dabbabu-z-marsa-alam\/#local-main-organization-logo\",\"url\":\"https:\/\/egytourpackages.com\/wp-content\/uploads\/2025\/12\/Turquoise-Dahabiya-Nile-Cruise-1.jpeg\",\"contentUrl\":\"https:\/\/egytourpackages.com\/wp-content\/uploads\/2025\/12\/Turquoise-Dahabiya-Nile-Cruise-1.jpeg\",\"width\":1040,\"height\":694,\"caption\":\"egypt tour packages\"}]}<\/script>\n<meta property=\"product:brand\" content=\"Jednodenn\u00ed v\u00fdlety po Egypt\u011b\" \/>\n<meta property=\"product:price:amount\" content=\"75\" \/>\n<meta property=\"product:price:currency\" content=\"EUR\" \/>\n<meta property=\"og:availability\" content=\"instock\" \/>\n<meta property=\"product:availability\" content=\"instock\" \/>\n<meta property=\"product:retailer_item_id\" content=\"MAT05\" \/>\n<meta property=\"product:condition\" content=\"new\" \/>\n<meta name=\"geo.placename\" content=\"Hurghada\" \/>\n<meta name=\"geo.region\" content=\"Egypt\" \/>\n<!-- \/ Yoast SEO Premium plugin. -->","yoast_head_json":{"title":"Celodenn\u00ed \u0161norchlov\u00e1n\u00ed v Abu Dabbabu z Marsa Alam","description":"Celodenn\u00ed \u0161norchlov\u00e1n\u00ed v Abu Dabbabu z Marsa Alam: Za\u017eijte dugong, \u017eelvy a kor\u00e1lov\u00e9 \u00fatesy z Marsa Alam. \u010cek\u00e1 na v\u00e1s va\u0161e nejlep\u0161\u00ed dobrodru\u017estv\u00ed v Rud\u00e9m mo\u0159i","robots":{"index":"index","follow":"follow","max-snippet":"max-snippet:-1","max-image-preview":"max-image-preview:large","max-video-preview":"max-video-preview:-1"},"canonical":"https:\/\/egytourpackages.com\/cs\/prohlidky\/celodenni-snorchlovani-v-abu-dabbabu-z-marsa-alam\/","og_locale":"cs_CZ","og_type":"article","og_title":"Celodenn\u00ed \u0161norchlov\u00e1n\u00ed v Abu Dabbabu z Marsa Alam","og_description":"Celodenn\u00ed \u0161norchlov\u00e1n\u00ed v Abu Dabbabu z Marsa Alam: Za\u017eijte dugong, \u017eelvy a kor\u00e1lov\u00e9 \u00fatesy z Marsa Alam. \u010cek\u00e1 na v\u00e1s va\u0161e nejlep\u0161\u00ed dobrodru\u017estv\u00ed v Rud\u00e9m mo\u0159i","og_url":"https:\/\/egytourpackages.com\/cs\/prohlidky\/celodenni-snorchlovani-v-abu-dabbabu-z-marsa-alam\/","og_site_name":"Z\u00e1jezdy po Egypt\u011b","article_publisher":"https:\/\/www.facebook.com\/egytourpackages","article_modified_time":"2026-01-07T18:26:02+00:00","og_image":[{"url":"https:\/\/egytourpackages.com\/wp-content\/uploads\/2023\/07\/Snorkeling-Abu-Dabbab.jpg","type":"","width":"","height":""}],"twitter_card":"summary_large_image","twitter_title":"Celodenn\u00ed \u0161norchlov\u00e1n\u00ed v Abu Dabbabu z Marsa Alam","twitter_description":"Celodenn\u00ed \u0161norchlov\u00e1n\u00ed v Abu Dabbabu z Marsa Alam: Za\u017eijte dugong, \u017eelvy a kor\u00e1lov\u00e9 \u00fatesy z Marsa Alam. \u010cek\u00e1 na v\u00e1s va\u0161e nejlep\u0161\u00ed dobrodru\u017estv\u00ed v Rud\u00e9m mo\u0159i","twitter_image":"https:\/\/egytourpackages.com\/wp-content\/uploads\/2023\/07\/Snorkeling-Abu-Dabbab.jpg","twitter_misc":{"Cena":"&euro;75","Dostupnost":"Skladem"},"schema":{"@context":"https:\/\/schema.org","@graph":[{"@type":"WebPage","@id":"https:\/\/egytourpackages.com\/cs\/prohlidky\/celodenni-snorchlovani-v-abu-dabbabu-z-marsa-alam\/","url":"https:\/\/egytourpackages.com\/cs\/prohlidky\/celodenni-snorchlovani-v-abu-dabbabu-z-marsa-alam\/","name":"Celodenn\u00ed \u0161norchlov\u00e1n\u00ed v Abu Dabbabu z Marsa Alam","isPartOf":{"@id":"https:\/\/egytourpackages.com\/cs\/#website"},"primaryImageOfPage":{"@id":"https:\/\/egytourpackages.com\/cs\/prohlidky\/celodenni-snorchlovani-v-abu-dabbabu-z-marsa-alam\/#primaryimage"},"image":{"@id":"https:\/\/egytourpackages.com\/cs\/prohlidky\/celodenni-snorchlovani-v-abu-dabbabu-z-marsa-alam\/#primaryimage"},"thumbnailUrl":"https:\/\/egytourpackages.com\/wp-content\/uploads\/2023\/07\/Snorkeling-Abu-Dabbab.jpg","datePublished":"2023-07-12T19:36:10+00:00","dateModified":"2026-01-07T18:26:02+00:00","description":"Celodenn\u00ed \u0161norchlov\u00e1n\u00ed v Abu Dabbabu z Marsa Alam: Za\u017eijte dugong, \u017eelvy a kor\u00e1lov\u00e9 \u00fatesy z Marsa Alam. \u010cek\u00e1 na v\u00e1s va\u0161e nejlep\u0161\u00ed dobrodru\u017estv\u00ed v Rud\u00e9m mo\u0159i","breadcrumb":{"@id":"https:\/\/egytourpackages.com\/cs\/prohlidky\/celodenni-snorchlovani-v-abu-dabbabu-z-marsa-alam\/#breadcrumb"},"inLanguage":"cs","potentialAction":[{"@type":"ReadAction","target":["https:\/\/egytourpackages.com\/cs\/prohlidky\/celodenni-snorchlovani-v-abu-dabbabu-z-marsa-alam\/"]}]},{"@type":"ImageObject","inLanguage":"cs","@id":"https:\/\/egytourpackages.com\/cs\/prohlidky\/celodenni-snorchlovani-v-abu-dabbabu-z-marsa-alam\/#primaryimage","url":"https:\/\/egytourpackages.com\/wp-content\/uploads\/2023\/07\/Snorkeling-Abu-Dabbab.jpg","contentUrl":"https:\/\/egytourpackages.com\/wp-content\/uploads\/2023\/07\/Snorkeling-Abu-Dabbab.jpg","width":1000,"height":750,"caption":"\u0160norchlov\u00e1n\u00ed v Abu Dabbabu"},{"@type":"BreadcrumbList","@id":"https:\/\/egytourpackages.com\/cs\/prohlidky\/celodenni-snorchlovani-v-abu-dabbabu-z-marsa-alam\/#breadcrumb","itemListElement":[{"@type":"ListItem","position":1,"name":"Dom\u016f","item":"https:\/\/egytourpackages.com\/cs\/balicky-vyletu-po-egypte\/"},{"@type":"ListItem","position":2,"name":"Shop","item":"https:\/\/egytourpackages.com\/cs\/shop\/"},{"@type":"ListItem","position":3,"name":"Celodenn\u00ed \u0161norchlov\u00e1n\u00ed v Abu Dabbabu z Marsa Alam"}]},{"@type":"WebSite","@id":"https:\/\/egytourpackages.com\/cs\/#website","url":"https:\/\/egytourpackages.com\/cs\/","name":"Egy tour packages","description":"","publisher":{"@id":"https:\/\/egytourpackages.com\/cs\/#organization"},"potentialAction":[{"@type":"SearchAction","target":{"@type":"EntryPoint","urlTemplate":"https:\/\/egytourpackages.com\/cs\/?s={search_term_string}"},"query-input":{"@type":"PropertyValueSpecification","valueRequired":true,"valueName":"search_term_string"}}],"inLanguage":"cs"},{"@type":["Organization","Place","TravelAgency"],"@id":"https:\/\/egytourpackages.com\/cs\/#organization","name":"egypt tour packages","alternateName":"egypt tour packages","url":"https:\/\/egytourpackages.com\/cs\/","logo":{"@id":"https:\/\/egytourpackages.com\/cs\/prohlidky\/celodenni-snorchlovani-v-abu-dabbabu-z-marsa-alam\/#local-main-organization-logo"},"image":{"@id":"https:\/\/egytourpackages.com\/cs\/prohlidky\/celodenni-snorchlovani-v-abu-dabbabu-z-marsa-alam\/#local-main-organization-logo"},"sameAs":["https:\/\/www.facebook.com\/egytourpackages"],"legalName":"Egy tour packages","address":{"@id":"https:\/\/egytourpackages.com\/cs\/prohlidky\/celodenni-snorchlovani-v-abu-dabbabu-z-marsa-alam\/#local-main-place-address"},"telephone":["00201000852186","00201028685533"],"contactPoint":{"@type":"ContactPoint","telephone":"00201000852186"},"openingHoursSpecification":[{"@type":"OpeningHoursSpecification","dayOfWeek":["Monday","Tuesday","Wednesday","Thursday","Friday","Saturday","Sunday"],"opens":"00:00","closes":"23:59"}],"email":"info@egytourpackages.com","areaServed":"Cairo, Hurghada, Luxor, Sharm El Sheikh, Marsa Alam, Aswan","priceRange":"$","currenciesAccepted":"euro","paymentAccepted":"Payment links online"},{"@type":"PostalAddress","@id":"https:\/\/egytourpackages.com\/cs\/prohlidky\/celodenni-snorchlovani-v-abu-dabbabu-z-marsa-alam\/#local-main-place-address","streetAddress":"Mubarak 8, Al Kawthar District, Hurghada","addressLocality":"Hurghada","postalCode":"84511","addressRegion":"Red Sea","addressCountry":"EG"},{"@type":"ImageObject","inLanguage":"cs","@id":"https:\/\/egytourpackages.com\/cs\/prohlidky\/celodenni-snorchlovani-v-abu-dabbabu-z-marsa-alam\/#local-main-organization-logo","url":"https:\/\/egytourpackages.com\/wp-content\/uploads\/2025\/12\/Turquoise-Dahabiya-Nile-Cruise-1.jpeg","contentUrl":"https:\/\/egytourpackages.com\/wp-content\/uploads\/2025\/12\/Turquoise-Dahabiya-Nile-Cruise-1.jpeg","width":1040,"height":694,"caption":"egypt tour packages"}]},"product_brand":"Jednodenn\u00ed v\u00fdlety po Egypt\u011b","product_price_amount":"75","product_price_currency":"EUR","og_availability":"instock","product_availability":"instock","product_retailer_item_id":"MAT05","product_condition":"new","geo.placename":"Hurghada","geo.region":"Egypt"},"_links":{"self":[{"href":"https:\/\/egytourpackages.com\/cs\/wp-json\/wp\/v2\/product\/5273","targetHints":{"allow":["GET"]}}],"collection":[{"href":"https:\/\/egytourpackages.com\/cs\/wp-json\/wp\/v2\/product"}],"about":[{"href":"https:\/\/egytourpackages.com\/cs\/wp-json\/wp\/v2\/types\/product"}],"replies":[{"embeddable":true,"href":"https:\/\/egytourpackages.com\/cs\/wp-json\/wp\/v2\/comments?post=5273"}],"wp:featuredmedia":[{"embeddable":true,"href":"https:\/\/egytourpackages.com\/cs\/wp-json\/wp\/v2\/media\/2845"}],"wp:attachment":[{"href":"https:\/\/egytourpackages.com\/cs\/wp-json\/wp\/v2\/media?parent=5273"}],"wp:term":[{"taxonomy":"product_brand","embeddable":true,"href":"https:\/\/egytourpackages.com\/cs\/wp-json\/wp\/v2\/product_brand?post=5273"},{"taxonomy":"product_cat","embeddable":true,"href":"https:\/\/egytourpackages.com\/cs\/wp-json\/wp\/v2\/product_cat?post=5273"},{"taxonomy":"product_tag","embeddable":true,"href":"https:\/\/egytourpackages.com\/cs\/wp-json\/wp\/v2\/product_tag?post=5273"}],"curies":[{"name":"wp","href":"https:\/\/api.w.org\/{rel}","templated":true}]}}