{"id":5297,"date":"2023-08-16T12:26:05","date_gmt":"2023-08-16T12:26:05","guid":{"rendered":"https:\/\/egytourpackages.com\/product\/puldenni-prohlidka-pyramid-v-gize-z-kahiry-nejlepsi-jednodenni-vylety-v-egypte\/"},"modified":"2026-01-08T11:26:35","modified_gmt":"2026-01-08T11:26:35","slug":"puldenni-prohlidka-pyramid-v-gize-z-kahiry-nejlepsi-jednodenni-vylety-v-egypte","status":"publish","type":"product","link":"https:\/\/egytourpackages.com\/cs\/prohlidky\/puldenni-prohlidka-pyramid-v-gize-z-kahiry-nejlepsi-jednodenni-vylety-v-egypte\/","title":{"rendered":"P\u016fldenn\u00ed prohl\u00eddka pyramid v G\u00edze z K\u00e1hiry | Nejlep\u0161\u00ed jednodenn\u00ed v\u00fdlety v Egypt\u011b"},"content":{"rendered":"<p><strong><span style=\"color: #ff6600;\">P\u016fldenn\u00ed prohl\u00eddka pyramid v G\u00edze z K\u00e1hiry a 30 minut j\u00edzdy na velbloudu<\/span><\/strong><\/p>\n<p>Zarezervujte si nezapomenutelnou <strong>p\u016fldenn\u00ed prohl\u00eddku pyramid v G\u00edze z K\u00e1hiry<\/strong>, \u0161pi\u010dkovou volbu pro <strong>prohl\u00eddku K\u00e1hiry<\/strong> a z\u00e1sadn\u00ed <strong>jednodenn\u00ed v\u00fdlet do Egypta<\/strong>. Tato soukrom\u00e1 <strong>prohl\u00eddka K\u00e1hiry<\/strong> nab\u00edz\u00ed podmanivou cestu zp\u011bt v \u010dase za pozn\u00e1n\u00edm div\u016f <strong>starov\u011bk\u00e9ho Egypta<\/strong>. Stanete se sv\u011bdky ikonick\u00fdch <strong>Velk\u00fdch pyramid v G\u00edze<\/strong> \u2013 <strong>Chufevovy<\/strong> (<strong>Cheopsovy<\/strong>), <strong>Rachefovy<\/strong> (<strong>Khafre<\/strong>) a <strong>Menkaureovy<\/strong> \u2013 a pono\u0159\u00edte se do fascinuj\u00edc\u00ed historie <strong>Star\u00e9 \u0159\u00ed\u0161e<\/strong>.<\/p>\n<p>V\u00e1\u0161 zku\u0161en\u00fd egyptologick\u00fd pr\u016fvodce v\u00e1m osv\u011btl\u00ed architektonick\u00e9 z\u00e1zraky a kr\u00e1lovsk\u00fd v\u00fdznam t\u011bchto starov\u011bk\u00fdch staveb. Krom\u011b hlavn\u00edch pyramid zahrnuje tato komplexn\u00ed <strong>prohl\u00eddka G\u00edzy<\/strong> tak\u00e9 n\u00e1v\u0161t\u011bvy <strong>kr\u00e1lovnin\u00fdch pyramid<\/strong>, starov\u011bk\u00fdch <strong>lodn\u00edch jam<\/strong> a <strong>hrobek stavitel\u016f pyramid<\/strong>.<\/p>\n<p>Za\u017eijte pou\u0161tn\u00ed krajinu s vzru\u0161uj\u00edc\u00ed <strong>30minutovou j\u00edzdou na velbloudu u pyramid v G\u00edze<\/strong>, kter\u00e1 dod\u00e1 va\u0161emu <strong>cestov\u00e1n\u00ed do Egypta<\/strong> autentick\u00fd n\u00e1dech. U\u017eijte si pohodl\u00ed soukrom\u00e9ho vozidla, osobn\u00edho servisu a znal\u00e9ho m\u00edstn\u00edho pr\u016fvodce b\u011bhem t\u00e9to neuv\u011b\u0159iteln\u00e9 <strong>prohl\u00eddky pyramid z K\u00e1hiry<\/strong>.<\/p>\n<h3><span style=\"color: #ff6600;\">Detaily prohl\u00eddky<\/span><\/h3>\n<ul>\n<li>D\u00e9lka: P\u016fldenn\u00ed prohl\u00eddka<\/li>\n<li>M\u00edsto: G\u00edza<\/li>\n<li>Dostupnost: Denn\u011b<\/li>\n<li>Vyzvednut\u00ed a odvoz: Hotely v K\u00e1hi\u0159e a G\u00edze<\/li>\n<li>Typ prohl\u00eddky: Soukrom\u00e1<\/li>\n<\/ul>\n<h3><span style=\"color: #ff6600;\">Hlavn\u00ed body prohl\u00eddky<\/span><\/h3>\n<ul>\n<li>Cheopsova pyramida<\/li>\n<li>Rachefova pyramida<\/li>\n<li>Menkaureova pyramida<\/li>\n<li>Kr\u00e1lovniny pyramidy<\/li>\n<li>Lodn\u00ed j\u00e1my<\/li>\n<li>Hrobky stavitel\u016f pyramid<\/li>\n<li>Panor\u00e1ma<\/li>\n<li>\u00dadoln\u00ed chr\u00e1m<\/li>\n<li>Velk\u00e1 Sfinga<\/li>\n<\/ul>\n<h3><span style=\"color: #ff6600;\">V\u010detn\u011b<\/span><\/h3>\n<ul>\n<li>Zp\u00e1te\u010dn\u00ed transfer modern\u00edm klimatizovan\u00fdm vozidlem<\/li>\n<li>Zku\u0161en\u00fd archeologick\u00fd pr\u016fvodce<\/li>\n<li>Voda b\u011bhem prohl\u00eddky<\/li>\n<li><strong>30 minut j\u00edzdy na velbloudu<\/strong> u panor\u00e1matu<\/li>\n<\/ul>\n<h3><span style=\"color: #ff6600;\">Nezahrnuje<\/span><\/h3>\n<ul>\n<li>Spropitn\u00e9<\/li>\n<li>Jak\u00e9koli osobn\u00ed v\u00fddaje<\/li>\n<li>Vstupn\u00e9 do jak\u00e9koli z pyramid<\/li>\n<\/ul>\n<h3><span style=\"color: #ff6600;\">Co si sbalit<\/span><\/h3>\n<ul>\n<li>Opalovac\u00ed kr\u00e9m a slune\u010dn\u00ed br\u00fdle<\/li>\n<li>Klobouk nebo \u0161\u00e1tek<\/li>\n<\/ul>\n<h2><span style=\"color: #ff6600;\">Itiner\u00e1\u0159<\/span><\/h2>\n<p>U\u017eijte si sn\u00eddani v hotelu a pot\u00e9 se setkejte se sv\u00fdm pr\u016fvodcem v hotelov\u00e9 hale, abyste zah\u00e1jili sv\u00e9 <strong>jednodenn\u00ed prohl\u00eddky K\u00e1hiry<\/strong> k jedn\u00e9 z hlavn\u00edch <strong>egyptsk\u00fdch atrakc\u00ed<\/strong>, pyramid\u00e1m v G\u00edze. V\u00e1\u0161 pr\u016fvodce v\u00e1m zodpov\u00ed t\u0159i nejd\u016fle\u017eit\u011bj\u0161\u00ed ot\u00e1zky, kter\u00e9 v\u00e1s napadnou. Jak byly pyramidy postaveny? Pro\u010d byly pyramidy postaveny? A kdo pyramidy postavil?<\/p>\n<p>B\u011bhem va\u0161\u00ed <strong>prohl\u00eddky pyramid<\/strong> s pr\u016fvodcem budete moci vstoupit do <strong>Velk\u00e9 pyramidy Cheopse<\/strong>, pokud si to p\u0159ejete, za poplatek. Tak\u00e9 m\u016f\u017eete zdarma vstoupit do jedn\u00e9 z <strong>Kr\u00e1lovnin\u00fdch pyramid<\/strong> a prohl\u00e9dnout si ruiny <strong>z\u00e1du\u0161n\u00edho chr\u00e1mu Cheopse<\/strong>.<\/p>\n<p>Mezit\u00edm m\u016f\u017eete se sv\u00fdm pr\u016fvodcem objevit <strong>Rachefovu pyramidu<\/strong> a osm d\u011br <strong>mumifika\u010dn\u00edho<\/strong> stanu nalezen\u00fdch vedle jeho z\u00e1du\u0161n\u00edho chr\u00e1mu. A\u010dkoliv m\u016f\u017eete z panor\u00e1matu po\u0159\u00eddit velmi p\u011bkn\u00e9 fotografie v\u0161ech t\u0159\u00ed pyramid se\u0159azen\u00fdch na velbloudech, kter\u00e9 jsou sou\u010d\u00e1st\u00ed prohl\u00eddky. M\u016f\u017eete se tak\u00e9 p\u0159ibl\u00ed\u017eit k <strong>Menkaureov\u011b pyramid\u011b<\/strong> s jej\u00edmi \u017eulov\u00fdmi kryty z <strong>Asu\u00e1nu<\/strong>.<\/p>\n<p>Ve skute\u010dnosti zakon\u010d\u00edte sv\u00e9 <strong>jednodenn\u00ed v\u00fdlety do Egypta<\/strong> k pyramid\u00e1m v G\u00edze u <strong>\u00dadoln\u00edho chr\u00e1mu<\/strong>, kde prob\u00edhaly ritu\u00e1ly <strong>otev\u00edr\u00e1n\u00ed \u00fast<\/strong>. Nakonec dojdete k <strong>Velk\u00e9 Sfinze<\/strong> a uvid\u00edte <strong>Snovou st\u00e9lu<\/strong> a dozv\u00edte se v\u00edce o pozd\u011bji objeven\u00e9 \u017eensk\u00e9 Sfinze. P\u0159i odchodu od Sfingy uvid\u00edte po prav\u00e9 stran\u011b <strong>hrobky stavitel\u016f pyramid<\/strong>.<\/p>\n<h3><span style=\"color: #ff6600;\">Cena P\u016fldenn\u00ed prohl\u00eddka pyramid v G\u00edze z K\u00e1hiry<\/span><\/h3>\n<ul>\n<li>Cena pro dosp\u011bl\u00e9 = 60 \u20ac<\/li>\n<li>D\u011bti 0-5 let = zdarma<\/li>\n<li>D\u011bti 5-11 let = 50 % ceny pro dosp\u011bl\u00e9<\/li>\n<\/ul>\n<h3><span style=\"color: #ff6600;\">Rezervace<\/span><\/h3>\n<p>Prohl\u00eddku si m\u016f\u017eete zarezervovat p\u0159es WhatsApp nebo n\u00e1m poslat e-mail a obdr\u017e\u00edte potvrzen\u00ed ihned na m\u00edst\u011b. Pros\u00edm, za\u0161lete n\u00e1m n\u00e1zev va\u0161eho hotelu, \u010d\u00edslo pokoje a kopie pas\u016f.<\/p>\n<p>WhatsApp: +201000852186<\/p>\n<p>info@egytourpackages.com<\/p>\n<h3><span style=\"color: #ff6600;\">Rezervujte nyn\u00ed a zapla\u0165te na m\u00edst\u011b<\/span><\/h3>\n<p>Zarezervujte si svou obl\u00edbenou prohl\u00eddku a zapla\u0165te v den v\u00fdletu.<\/p>\n<h3><span style=\"color: #ff6600;\">Platba<\/span><\/h3>\n<p>Platit m\u016f\u017eete v egyptsk\u00fdch libr\u00e1ch, USD, EUR nebo GBP.<\/p>\n<h3><span style=\"color: #ff6600;\">Storno podm\u00ednky<\/span><\/h3>\n<p>Bezplatn\u00e9 storno je mo\u017en\u00e9 a\u017e 24 hodin p\u0159edem.<\/p>\n<h3><span style=\"color: #ff6600;\">Rezervace a platba<\/span><\/h3>\n<ul>\n<li>Nejsnadn\u011bj\u0161\u00ed zp\u016fsob je zarezervovat si prohl\u00eddku p\u0159es WhatsApp nebo n\u00e1m m\u016f\u017eete poslat e-mail.<\/li>\n<li>Platba na m\u00edst\u011b v den v\u00fdletu.<\/li>\n<\/ul>\n","protected":false},"excerpt":{"rendered":"<p>Prozkoumejte ikonickou P\u016fldenn\u00ed prohl\u00eddka pyramid v G\u00edze z K\u00e1hiry. Uvid\u00edte pyramidy v G\u00edze a Sfingu, nav\u00edc si u\u017eijete nezapomenutelnou j\u00edzdu na velbloudu!<\/p>\n","protected":false},"featured_media":9807,"comment_status":"open","ping_status":"closed","template":"","meta":[],"product_brand":[],"product_cat":[1466],"product_tag":[2373,1470,2344],"class_list":{"0":"post-5297","1":"product","2":"type-product","3":"status-publish","4":"has-post-thumbnail","6":"product_cat-vylety","7":"product_tag-jednodenni-vylety-kahira","8":"product_tag-jednodenni-vylety-po-egypte","9":"product_tag-pyramidy-v-gize","10":"tour_category-jednodenni-vylet-do-kahiry","11":"tour_category-jednodenni-vylety-po-egypte-cs","13":"first","14":"instock","15":"sale","16":"shipping-taxable","17":"purchasable","18":"product-type-tour","19":"has-default-attributes"},"yoast_head":"<!-- This site is optimized with the Yoast SEO Premium plugin v27.4 (Yoast SEO v27.4) - https:\/\/yoast.com\/product\/yoast-seo-premium-wordpress\/ -->\n<title>P\u016fldenn\u00ed prohl\u00eddka pyramid v G\u00edze z K\u00e1hiry | Nejlep\u0161\u00ed jednodenn\u00ed v\u00fdlety v Egypt\u011b<\/title>\n<meta name=\"description\" content=\"Prozkoumejte ikonickou P\u016fldenn\u00ed prohl\u00eddka pyramid v G\u00edze z K\u00e1hiry. Uvid\u00edte pyramidy v G\u00edze a Sfingu, nav\u00edc si u\u017eijete nezapomenutelnou j\u00edzdu na velbloudu!\" \/>\n<meta name=\"robots\" content=\"index, follow, max-snippet:-1, max-image-preview:large, max-video-preview:-1\" \/>\n<link rel=\"canonical\" href=\"https:\/\/egytourpackages.com\/cs\/prohlidky\/puldenni-prohlidka-pyramid-v-gize-z-kahiry-nejlepsi-jednodenni-vylety-v-egypte\/\" \/>\n<meta property=\"og:locale\" content=\"cs_CZ\" \/>\n<meta property=\"og:type\" content=\"article\" \/>\n<meta property=\"og:title\" content=\"P\u016fldenn\u00ed prohl\u00eddka pyramid v G\u00edze z K\u00e1hiry\" \/>\n<meta property=\"og:description\" content=\"Prozkoumejte ikonickou P\u016fldenn\u00ed prohl\u00eddka pyramid v G\u00edze z K\u00e1hiry. Uvid\u00edte pyramidy v G\u00edze a Sfingu, nav\u00edc si u\u017eijete nezapomenutelnou j\u00edzdu na velbloudu!\" \/>\n<meta property=\"og:url\" content=\"https:\/\/egytourpackages.com\/cs\/prohlidky\/puldenni-prohlidka-pyramid-v-gize-z-kahiry-nejlepsi-jednodenni-vylety-v-egypte\/\" \/>\n<meta property=\"og:site_name\" content=\"Z\u00e1jezdy po Egypt\u011b\" \/>\n<meta property=\"article:publisher\" content=\"https:\/\/www.facebook.com\/egytourpackages\" \/>\n<meta property=\"article:modified_time\" content=\"2026-01-08T11:26:35+00:00\" \/>\n<meta property=\"og:image\" content=\"https:\/\/egytourpackages.com\/wp-content\/uploads\/2023\/07\/Giza-Pyramids-1-1024x768.jpg\" \/>\n<meta name=\"twitter:card\" content=\"summary_large_image\" \/>\n<meta name=\"twitter:title\" content=\"P\u016fldenn\u00ed prohl\u00eddka pyramid v G\u00edze z K\u00e1hiry\" \/>\n<meta name=\"twitter:description\" content=\"Prozkoumejte ikonickou P\u016fldenn\u00ed prohl\u00eddka pyramid v G\u00edze z K\u00e1hiry. Uvid\u00edte pyramidy v G\u00edze a Sfingu, nav\u00edc si u\u017eijete nezapomenutelnou j\u00edzdu na velbloudu!\" \/>\n<meta name=\"twitter:image\" content=\"https:\/\/egytourpackages.com\/wp-content\/uploads\/2023\/07\/Giza-Pyramids-1-1024x768.jpg\" \/>\n<meta name=\"twitter:label1\" content=\"Cena\" \/>\n\t<meta name=\"twitter:data1\" content=\"&euro;70\" \/>\n\t<meta name=\"twitter:label2\" content=\"Dostupnost\" \/>\n\t<meta name=\"twitter:data2\" content=\"Skladem\" \/>\n<script type=\"application\/ld+json\" class=\"yoast-schema-graph\">{\"@context\":\"https:\\\/\\\/schema.org\",\"@graph\":[{\"@type\":\"WebPage\",\"@id\":\"https:\\\/\\\/egytourpackages.com\\\/cs\\\/prohlidky\\\/puldenni-prohlidka-pyramid-v-gize-z-kahiry-nejlepsi-jednodenni-vylety-v-egypte\\\/\",\"url\":\"https:\\\/\\\/egytourpackages.com\\\/cs\\\/prohlidky\\\/puldenni-prohlidka-pyramid-v-gize-z-kahiry-nejlepsi-jednodenni-vylety-v-egypte\\\/\",\"name\":\"P\u016fldenn\u00ed prohl\u00eddka pyramid v G\u00edze z K\u00e1hiry | Nejlep\u0161\u00ed jednodenn\u00ed v\u00fdlety v Egypt\u011b\",\"isPartOf\":{\"@id\":\"https:\\\/\\\/egytourpackages.com\\\/cs\\\/#website\"},\"primaryImageOfPage\":{\"@id\":\"https:\\\/\\\/egytourpackages.com\\\/cs\\\/prohlidky\\\/puldenni-prohlidka-pyramid-v-gize-z-kahiry-nejlepsi-jednodenni-vylety-v-egypte\\\/#primaryimage\"},\"image\":{\"@id\":\"https:\\\/\\\/egytourpackages.com\\\/cs\\\/prohlidky\\\/puldenni-prohlidka-pyramid-v-gize-z-kahiry-nejlepsi-jednodenni-vylety-v-egypte\\\/#primaryimage\"},\"thumbnailUrl\":\"https:\\\/\\\/egytourpackages.com\\\/wp-content\\\/uploads\\\/2023\\\/08\\\/Half-Day-Pyramids-Tour-from-Cairo.jpg\",\"datePublished\":\"2023-08-16T12:26:05+00:00\",\"dateModified\":\"2026-01-08T11:26:35+00:00\",\"description\":\"Prozkoumejte ikonickou P\u016fldenn\u00ed prohl\u00eddka pyramid v G\u00edze z K\u00e1hiry. Uvid\u00edte pyramidy v G\u00edze a Sfingu, nav\u00edc si u\u017eijete nezapomenutelnou j\u00edzdu na velbloudu!\",\"breadcrumb\":{\"@id\":\"https:\\\/\\\/egytourpackages.com\\\/cs\\\/prohlidky\\\/puldenni-prohlidka-pyramid-v-gize-z-kahiry-nejlepsi-jednodenni-vylety-v-egypte\\\/#breadcrumb\"},\"inLanguage\":\"cs\",\"potentialAction\":[{\"@type\":\"ReadAction\",\"target\":[\"https:\\\/\\\/egytourpackages.com\\\/cs\\\/prohlidky\\\/puldenni-prohlidka-pyramid-v-gize-z-kahiry-nejlepsi-jednodenni-vylety-v-egypte\\\/\"]}]},{\"@type\":\"ImageObject\",\"inLanguage\":\"cs\",\"@id\":\"https:\\\/\\\/egytourpackages.com\\\/cs\\\/prohlidky\\\/puldenni-prohlidka-pyramid-v-gize-z-kahiry-nejlepsi-jednodenni-vylety-v-egypte\\\/#primaryimage\",\"url\":\"https:\\\/\\\/egytourpackages.com\\\/wp-content\\\/uploads\\\/2023\\\/08\\\/Half-Day-Pyramids-Tour-from-Cairo.jpg\",\"contentUrl\":\"https:\\\/\\\/egytourpackages.com\\\/wp-content\\\/uploads\\\/2023\\\/08\\\/Half-Day-Pyramids-Tour-from-Cairo.jpg\",\"width\":1600,\"height\":1200,\"caption\":\"Half Day Pyramids Tour from Cairo\"},{\"@type\":\"BreadcrumbList\",\"@id\":\"https:\\\/\\\/egytourpackages.com\\\/cs\\\/prohlidky\\\/puldenni-prohlidka-pyramid-v-gize-z-kahiry-nejlepsi-jednodenni-vylety-v-egypte\\\/#breadcrumb\",\"itemListElement\":[{\"@type\":\"ListItem\",\"position\":1,\"name\":\"Dom\u016f\",\"item\":\"https:\\\/\\\/egytourpackages.com\\\/cs\\\/balicky-vyletu-po-egypte\\\/\"},{\"@type\":\"ListItem\",\"position\":2,\"name\":\"Shop\",\"item\":\"https:\\\/\\\/egytourpackages.com\\\/cs\\\/shop\\\/\"},{\"@type\":\"ListItem\",\"position\":3,\"name\":\"P\u016fldenn\u00ed prohl\u00eddka pyramid v G\u00edze z K\u00e1hiry | Nejlep\u0161\u00ed jednodenn\u00ed v\u00fdlety v Egypt\u011b\"}]},{\"@type\":\"WebSite\",\"@id\":\"https:\\\/\\\/egytourpackages.com\\\/cs\\\/#website\",\"url\":\"https:\\\/\\\/egytourpackages.com\\\/cs\\\/\",\"name\":\"Egy tour packages\",\"description\":\"\",\"publisher\":{\"@id\":\"https:\\\/\\\/egytourpackages.com\\\/cs\\\/#organization\"},\"potentialAction\":[{\"@type\":\"SearchAction\",\"target\":{\"@type\":\"EntryPoint\",\"urlTemplate\":\"https:\\\/\\\/egytourpackages.com\\\/cs\\\/?s={search_term_string}\"},\"query-input\":{\"@type\":\"PropertyValueSpecification\",\"valueRequired\":true,\"valueName\":\"search_term_string\"}}],\"inLanguage\":\"cs\"},{\"@type\":[\"Organization\",\"Place\",\"TravelAgency\"],\"@id\":\"https:\\\/\\\/egytourpackages.com\\\/cs\\\/#organization\",\"name\":\"egypt tour packages\",\"alternateName\":\"egypt tour packages\",\"url\":\"https:\\\/\\\/egytourpackages.com\\\/cs\\\/\",\"logo\":{\"@id\":\"https:\\\/\\\/egytourpackages.com\\\/cs\\\/prohlidky\\\/puldenni-prohlidka-pyramid-v-gize-z-kahiry-nejlepsi-jednodenni-vylety-v-egypte\\\/#local-main-organization-logo\"},\"image\":{\"@id\":\"https:\\\/\\\/egytourpackages.com\\\/cs\\\/prohlidky\\\/puldenni-prohlidka-pyramid-v-gize-z-kahiry-nejlepsi-jednodenni-vylety-v-egypte\\\/#local-main-organization-logo\"},\"sameAs\":[\"https:\\\/\\\/www.facebook.com\\\/egytourpackages\"],\"legalName\":\"Egy tour packages\",\"address\":{\"@id\":\"https:\\\/\\\/egytourpackages.com\\\/cs\\\/prohlidky\\\/puldenni-prohlidka-pyramid-v-gize-z-kahiry-nejlepsi-jednodenni-vylety-v-egypte\\\/#local-main-place-address\"},\"telephone\":[\"00201000852186\",\"00201028685533\"],\"contactPoint\":{\"@type\":\"ContactPoint\",\"telephone\":\"00201000852186\"},\"openingHoursSpecification\":[{\"@type\":\"OpeningHoursSpecification\",\"dayOfWeek\":[\"Monday\",\"Tuesday\",\"Wednesday\",\"Thursday\",\"Friday\",\"Saturday\",\"Sunday\"],\"opens\":\"00:00\",\"closes\":\"23:59\"}],\"email\":\"info@egytourpackages.com\",\"areaServed\":\"Cairo, Hurghada, Luxor, Sharm El Sheikh, Marsa Alam, Aswan\",\"priceRange\":\"$\",\"currenciesAccepted\":\"euro\",\"paymentAccepted\":\"Payment links online\"},{\"@type\":\"PostalAddress\",\"@id\":\"https:\\\/\\\/egytourpackages.com\\\/cs\\\/prohlidky\\\/puldenni-prohlidka-pyramid-v-gize-z-kahiry-nejlepsi-jednodenni-vylety-v-egypte\\\/#local-main-place-address\",\"streetAddress\":\"Mubarak 8, Al Kawthar District, Hurghada\",\"addressLocality\":\"Hurghada\",\"postalCode\":\"84511\",\"addressRegion\":\"Red Sea\",\"addressCountry\":\"EG\"},{\"@type\":\"ImageObject\",\"inLanguage\":\"cs\",\"@id\":\"https:\\\/\\\/egytourpackages.com\\\/cs\\\/prohlidky\\\/puldenni-prohlidka-pyramid-v-gize-z-kahiry-nejlepsi-jednodenni-vylety-v-egypte\\\/#local-main-organization-logo\",\"url\":\"https:\\\/\\\/egytourpackages.com\\\/wp-content\\\/uploads\\\/2025\\\/12\\\/Turquoise-Dahabiya-Nile-Cruise-1.jpeg\",\"contentUrl\":\"https:\\\/\\\/egytourpackages.com\\\/wp-content\\\/uploads\\\/2025\\\/12\\\/Turquoise-Dahabiya-Nile-Cruise-1.jpeg\",\"width\":1040,\"height\":694,\"caption\":\"egypt tour packages\"}]}<\/script>\n<meta property=\"product:brand\" content=\"Jednodenn\u00ed v\u00fdlet do K\u00e1hiry\" \/>\n<meta property=\"product:price:amount\" content=\"70\" \/>\n<meta property=\"product:price:currency\" content=\"EUR\" \/>\n<meta property=\"og:availability\" content=\"instock\" \/>\n<meta property=\"product:availability\" content=\"instock\" \/>\n<meta property=\"product:retailer_item_id\" content=\"CDT02\" \/>\n<meta property=\"product:condition\" content=\"new\" \/>\n<meta name=\"geo.placename\" content=\"Hurghada\" \/>\n<meta name=\"geo.region\" content=\"Egypt\" \/>\n<!-- \/ Yoast SEO Premium plugin. -->","yoast_head_json":{"title":"P\u016fldenn\u00ed prohl\u00eddka pyramid v G\u00edze z K\u00e1hiry | Nejlep\u0161\u00ed jednodenn\u00ed v\u00fdlety v Egypt\u011b","description":"Prozkoumejte ikonickou P\u016fldenn\u00ed prohl\u00eddka pyramid v G\u00edze z K\u00e1hiry. Uvid\u00edte pyramidy v G\u00edze a Sfingu, nav\u00edc si u\u017eijete nezapomenutelnou j\u00edzdu na velbloudu!","robots":{"index":"index","follow":"follow","max-snippet":"max-snippet:-1","max-image-preview":"max-image-preview:large","max-video-preview":"max-video-preview:-1"},"canonical":"https:\/\/egytourpackages.com\/cs\/prohlidky\/puldenni-prohlidka-pyramid-v-gize-z-kahiry-nejlepsi-jednodenni-vylety-v-egypte\/","og_locale":"cs_CZ","og_type":"article","og_title":"P\u016fldenn\u00ed prohl\u00eddka pyramid v G\u00edze z K\u00e1hiry","og_description":"Prozkoumejte ikonickou P\u016fldenn\u00ed prohl\u00eddka pyramid v G\u00edze z K\u00e1hiry. Uvid\u00edte pyramidy v G\u00edze a Sfingu, nav\u00edc si u\u017eijete nezapomenutelnou j\u00edzdu na velbloudu!","og_url":"https:\/\/egytourpackages.com\/cs\/prohlidky\/puldenni-prohlidka-pyramid-v-gize-z-kahiry-nejlepsi-jednodenni-vylety-v-egypte\/","og_site_name":"Z\u00e1jezdy po Egypt\u011b","article_publisher":"https:\/\/www.facebook.com\/egytourpackages","article_modified_time":"2026-01-08T11:26:35+00:00","og_image":[{"url":"https:\/\/egytourpackages.com\/wp-content\/uploads\/2023\/07\/Giza-Pyramids-1-1024x768.jpg","type":"","width":"","height":""}],"twitter_card":"summary_large_image","twitter_title":"P\u016fldenn\u00ed prohl\u00eddka pyramid v G\u00edze z K\u00e1hiry","twitter_description":"Prozkoumejte ikonickou P\u016fldenn\u00ed prohl\u00eddka pyramid v G\u00edze z K\u00e1hiry. Uvid\u00edte pyramidy v G\u00edze a Sfingu, nav\u00edc si u\u017eijete nezapomenutelnou j\u00edzdu na velbloudu!","twitter_image":"https:\/\/egytourpackages.com\/wp-content\/uploads\/2023\/07\/Giza-Pyramids-1-1024x768.jpg","twitter_misc":{"Cena":"&euro;70","Dostupnost":"Skladem"},"schema":{"@context":"https:\/\/schema.org","@graph":[{"@type":"WebPage","@id":"https:\/\/egytourpackages.com\/cs\/prohlidky\/puldenni-prohlidka-pyramid-v-gize-z-kahiry-nejlepsi-jednodenni-vylety-v-egypte\/","url":"https:\/\/egytourpackages.com\/cs\/prohlidky\/puldenni-prohlidka-pyramid-v-gize-z-kahiry-nejlepsi-jednodenni-vylety-v-egypte\/","name":"P\u016fldenn\u00ed prohl\u00eddka pyramid v G\u00edze z K\u00e1hiry | Nejlep\u0161\u00ed jednodenn\u00ed v\u00fdlety v Egypt\u011b","isPartOf":{"@id":"https:\/\/egytourpackages.com\/cs\/#website"},"primaryImageOfPage":{"@id":"https:\/\/egytourpackages.com\/cs\/prohlidky\/puldenni-prohlidka-pyramid-v-gize-z-kahiry-nejlepsi-jednodenni-vylety-v-egypte\/#primaryimage"},"image":{"@id":"https:\/\/egytourpackages.com\/cs\/prohlidky\/puldenni-prohlidka-pyramid-v-gize-z-kahiry-nejlepsi-jednodenni-vylety-v-egypte\/#primaryimage"},"thumbnailUrl":"https:\/\/egytourpackages.com\/wp-content\/uploads\/2023\/08\/Half-Day-Pyramids-Tour-from-Cairo.jpg","datePublished":"2023-08-16T12:26:05+00:00","dateModified":"2026-01-08T11:26:35+00:00","description":"Prozkoumejte ikonickou P\u016fldenn\u00ed prohl\u00eddka pyramid v G\u00edze z K\u00e1hiry. Uvid\u00edte pyramidy v G\u00edze a Sfingu, nav\u00edc si u\u017eijete nezapomenutelnou j\u00edzdu na velbloudu!","breadcrumb":{"@id":"https:\/\/egytourpackages.com\/cs\/prohlidky\/puldenni-prohlidka-pyramid-v-gize-z-kahiry-nejlepsi-jednodenni-vylety-v-egypte\/#breadcrumb"},"inLanguage":"cs","potentialAction":[{"@type":"ReadAction","target":["https:\/\/egytourpackages.com\/cs\/prohlidky\/puldenni-prohlidka-pyramid-v-gize-z-kahiry-nejlepsi-jednodenni-vylety-v-egypte\/"]}]},{"@type":"ImageObject","inLanguage":"cs","@id":"https:\/\/egytourpackages.com\/cs\/prohlidky\/puldenni-prohlidka-pyramid-v-gize-z-kahiry-nejlepsi-jednodenni-vylety-v-egypte\/#primaryimage","url":"https:\/\/egytourpackages.com\/wp-content\/uploads\/2023\/08\/Half-Day-Pyramids-Tour-from-Cairo.jpg","contentUrl":"https:\/\/egytourpackages.com\/wp-content\/uploads\/2023\/08\/Half-Day-Pyramids-Tour-from-Cairo.jpg","width":1600,"height":1200,"caption":"Half Day Pyramids Tour from Cairo"},{"@type":"BreadcrumbList","@id":"https:\/\/egytourpackages.com\/cs\/prohlidky\/puldenni-prohlidka-pyramid-v-gize-z-kahiry-nejlepsi-jednodenni-vylety-v-egypte\/#breadcrumb","itemListElement":[{"@type":"ListItem","position":1,"name":"Dom\u016f","item":"https:\/\/egytourpackages.com\/cs\/balicky-vyletu-po-egypte\/"},{"@type":"ListItem","position":2,"name":"Shop","item":"https:\/\/egytourpackages.com\/cs\/shop\/"},{"@type":"ListItem","position":3,"name":"P\u016fldenn\u00ed prohl\u00eddka pyramid v G\u00edze z K\u00e1hiry | Nejlep\u0161\u00ed jednodenn\u00ed v\u00fdlety v Egypt\u011b"}]},{"@type":"WebSite","@id":"https:\/\/egytourpackages.com\/cs\/#website","url":"https:\/\/egytourpackages.com\/cs\/","name":"Egy tour packages","description":"","publisher":{"@id":"https:\/\/egytourpackages.com\/cs\/#organization"},"potentialAction":[{"@type":"SearchAction","target":{"@type":"EntryPoint","urlTemplate":"https:\/\/egytourpackages.com\/cs\/?s={search_term_string}"},"query-input":{"@type":"PropertyValueSpecification","valueRequired":true,"valueName":"search_term_string"}}],"inLanguage":"cs"},{"@type":["Organization","Place","TravelAgency"],"@id":"https:\/\/egytourpackages.com\/cs\/#organization","name":"egypt tour packages","alternateName":"egypt tour packages","url":"https:\/\/egytourpackages.com\/cs\/","logo":{"@id":"https:\/\/egytourpackages.com\/cs\/prohlidky\/puldenni-prohlidka-pyramid-v-gize-z-kahiry-nejlepsi-jednodenni-vylety-v-egypte\/#local-main-organization-logo"},"image":{"@id":"https:\/\/egytourpackages.com\/cs\/prohlidky\/puldenni-prohlidka-pyramid-v-gize-z-kahiry-nejlepsi-jednodenni-vylety-v-egypte\/#local-main-organization-logo"},"sameAs":["https:\/\/www.facebook.com\/egytourpackages"],"legalName":"Egy tour packages","address":{"@id":"https:\/\/egytourpackages.com\/cs\/prohlidky\/puldenni-prohlidka-pyramid-v-gize-z-kahiry-nejlepsi-jednodenni-vylety-v-egypte\/#local-main-place-address"},"telephone":["00201000852186","00201028685533"],"contactPoint":{"@type":"ContactPoint","telephone":"00201000852186"},"openingHoursSpecification":[{"@type":"OpeningHoursSpecification","dayOfWeek":["Monday","Tuesday","Wednesday","Thursday","Friday","Saturday","Sunday"],"opens":"00:00","closes":"23:59"}],"email":"info@egytourpackages.com","areaServed":"Cairo, Hurghada, Luxor, Sharm El Sheikh, Marsa Alam, Aswan","priceRange":"$","currenciesAccepted":"euro","paymentAccepted":"Payment links online"},{"@type":"PostalAddress","@id":"https:\/\/egytourpackages.com\/cs\/prohlidky\/puldenni-prohlidka-pyramid-v-gize-z-kahiry-nejlepsi-jednodenni-vylety-v-egypte\/#local-main-place-address","streetAddress":"Mubarak 8, Al Kawthar District, Hurghada","addressLocality":"Hurghada","postalCode":"84511","addressRegion":"Red Sea","addressCountry":"EG"},{"@type":"ImageObject","inLanguage":"cs","@id":"https:\/\/egytourpackages.com\/cs\/prohlidky\/puldenni-prohlidka-pyramid-v-gize-z-kahiry-nejlepsi-jednodenni-vylety-v-egypte\/#local-main-organization-logo","url":"https:\/\/egytourpackages.com\/wp-content\/uploads\/2025\/12\/Turquoise-Dahabiya-Nile-Cruise-1.jpeg","contentUrl":"https:\/\/egytourpackages.com\/wp-content\/uploads\/2025\/12\/Turquoise-Dahabiya-Nile-Cruise-1.jpeg","width":1040,"height":694,"caption":"egypt tour packages"}]},"product_brand":"Jednodenn\u00ed v\u00fdlet do K\u00e1hiry","product_price_amount":"70","product_price_currency":"EUR","og_availability":"instock","product_availability":"instock","product_retailer_item_id":"CDT02","product_condition":"new","geo.placename":"Hurghada","geo.region":"Egypt"},"_links":{"self":[{"href":"https:\/\/egytourpackages.com\/cs\/wp-json\/wp\/v2\/product\/5297","targetHints":{"allow":["GET"]}}],"collection":[{"href":"https:\/\/egytourpackages.com\/cs\/wp-json\/wp\/v2\/product"}],"about":[{"href":"https:\/\/egytourpackages.com\/cs\/wp-json\/wp\/v2\/types\/product"}],"replies":[{"embeddable":true,"href":"https:\/\/egytourpackages.com\/cs\/wp-json\/wp\/v2\/comments?post=5297"}],"wp:featuredmedia":[{"embeddable":true,"href":"https:\/\/egytourpackages.com\/cs\/wp-json\/wp\/v2\/media\/9807"}],"wp:attachment":[{"href":"https:\/\/egytourpackages.com\/cs\/wp-json\/wp\/v2\/media?parent=5297"}],"wp:term":[{"taxonomy":"product_brand","embeddable":true,"href":"https:\/\/egytourpackages.com\/cs\/wp-json\/wp\/v2\/product_brand?post=5297"},{"taxonomy":"product_cat","embeddable":true,"href":"https:\/\/egytourpackages.com\/cs\/wp-json\/wp\/v2\/product_cat?post=5297"},{"taxonomy":"product_tag","embeddable":true,"href":"https:\/\/egytourpackages.com\/cs\/wp-json\/wp\/v2\/product_tag?post=5297"}],"curies":[{"name":"wp","href":"https:\/\/api.w.org\/{rel}","templated":true}]}}