{"id":5460,"date":"2023-05-17T19:50:21","date_gmt":"2023-05-17T19:50:21","guid":{"rendered":"https:\/\/egytourpackages.com\/product\/vylet-do-luxoru-z-pristavu-safaga\/"},"modified":"2026-01-28T21:25:20","modified_gmt":"2026-01-28T21:25:20","slug":"vylet-do-luxoru-z-pristavu-safaga","status":"publish","type":"product","link":"https:\/\/egytourpackages.com\/cs\/prohlidky\/vylet-do-luxoru-z-pristavu-safaga\/","title":{"rendered":"V\u00fdlet do Luxoru z p\u0159\u00edstavu Safaga"},"content":{"rendered":"<p><strong><span style=\"color: #ff6600;\">V\u00fdlet do Luxoru z p\u0159\u00edstavu Safaga<\/span><\/strong><\/p>\n<p><strong>V\u00fdlet do Luxoru z p\u0159\u00edstavu Safaga<\/strong> je skv\u011blou volbou pro <strong>cestuj\u00edc\u00ed zaoce\u00e1nsk\u00fdch lod\u00ed<\/strong> kotv\u00edc\u00edch v Safaze, kte\u0159\u00ed si cht\u011bj\u00ed u\u017e\u00edt <strong>Egyptsk\u00e9 z\u00e1jezdy<\/strong>. B\u011bhem va\u0161ich <strong>jednodenn\u00edch v\u00fdlet\u016f po Egypt\u011b<\/strong> do Luxoru prozkoum\u00e1te ikonick\u00e1 m\u00edsta, jako je <strong>\u00dadol\u00ed kr\u00e1l\u016f<\/strong>, a z\u00edsk\u00e1te p\u0159\u00edle\u017eitost vstoupit do slavn\u00e9 <strong>Tutanchamonovy hrobky<\/strong>. D\u00e1le nav\u0161t\u00edv\u00edte <strong>z\u00e1du\u0161n\u00ed chr\u00e1m kr\u00e1lovny Hat\u0161epsut<\/strong>, postaven\u00fd jej\u00edm <strong>hlavn\u00edm architektem Senenmutem<\/strong>. Krom\u011b toho uvid\u00edte <strong>chr\u00e1m Mentuhotepa<\/strong> a <strong>chr\u00e1m Thutmose III<\/strong> v D\u00e9r el-Bahr\u00ed, zasv\u011bcen\u00e9 <strong>bohu Amonovi<\/strong>. Nav\u0161t\u00edv\u00edte tak\u00e9 slavn\u00e9 sochy <strong>Amenhotepa III<\/strong>, zn\u00e1m\u00e9 jako <strong>Memnonovy kolosy<\/strong>.<\/p>\n<p>To nen\u00ed v\u0161e, co v\u00e1s \u010dek\u00e1. Vychutn\u00e1te si \u010derstv\u011b p\u0159ipraven\u00fd ob\u011bd v p\u0159\u00edjemn\u00e9 restauraci mezi palmami a pot\u00e9 si u\u017eijete kr\u00e1tkou proj\u00ed\u017e\u010fku motorov\u00fdm \u010dlunem p\u0159es <strong>Nil<\/strong>. Na z\u00e1v\u011br va\u0161\u00ed cesty nav\u0161t\u00edv\u00edte <strong>chr\u00e1mov\u00fd komplex v Karnaku<\/strong>.<\/p>\n<p>V\u00e1\u0161 zku\u0161en\u00fd pr\u016fvodce-archeolog v\u00e1s sezn\u00e1m\u00ed s <strong>histori\u00ed starov\u011bk\u00e9ho Egypta<\/strong> a <strong>staroegyptsk\u00fdm n\u00e1bo\u017eenstv\u00edm<\/strong>, aby byla va\u0161e cesta vzd\u011bl\u00e1vac\u00ed a nezapomenuteln\u00e1. B\u011bhem va\u0161ich <strong>lodn\u00edch v\u00fdlet\u016f<\/strong> se dozv\u00edte v\u00edce o slavn\u00fdch <strong>egyptsk\u00fdch faraonech<\/strong> z <strong>Nov\u00e9ho kr\u00e1lovstv\u00ed<\/strong>, jako jsou <strong>Ramesse Velik\u00fd<\/strong>, <strong>Hat\u0161epsut<\/strong>, <strong>Merenptah<\/strong> a <strong>Amenhotep<\/strong>. B\u011bhem cel\u00e9ho dne m\u016f\u017eete po\u0159izovat fotografie, zejm\u00e9na <strong>hieroglyfick\u00fdch reli\u00e9f\u016f<\/strong> na st\u011bn\u00e1ch <strong>faraonsk\u00fdch hrobek<\/strong> v \u00dadol\u00ed kr\u00e1l\u016f.<\/p>\n<h3><span style=\"color: #ff6600;\">Podrobnosti o z\u00e1jezdu<\/span><\/h3>\n<ul>\n<li>D\u00e9lka: 1 den<\/li>\n<li>M\u00edsto z\u00e1jezdu: Luxor<\/li>\n<li>Dostupnost z\u00e1jezdu: Na vy\u017e\u00e1d\u00e1n\u00ed<\/li>\n<li>Vyzvednut\u00ed a odvoz: P\u0159\u00edstav Safaga<\/li>\n<li>Typ z\u00e1jezdu: Soukrom\u00fd<\/li>\n<\/ul>\n<h3><span style=\"color: #ff6600;\">Hlavn\u00ed body z\u00e1jezdu<\/span><\/h3>\n<ul>\n<li>\u00dadol\u00ed kr\u00e1l\u016f<\/li>\n<li>Z\u00e1du\u0161n\u00ed chr\u00e1m kr\u00e1lovny Hat\u0161epsut<\/li>\n<li>Memnonovy kolosy<\/li>\n<li>Karnak<\/li>\n<li>Kr\u00e1tk\u00e1 j\u00edzda motorov\u00fdm \u010dlunem<\/li>\n<li>Ob\u011bd<\/li>\n<\/ul>\n<h2><span style=\"color: #ff6600;\">Itiner\u00e1\u0159<\/span><\/h2>\n<p>\u010cas vyzvednut\u00ed u v\u00fdchodu z p\u0159\u00edstavu Safaga z\u00e1vis\u00ed na \u010dase p\u0159\u00edjezdu va\u0161\u00ed lodi, abyste mohli zah\u00e1jit sv\u016fj <strong>jednodenn\u00ed v\u00fdlet do Luxoru ze Safagy<\/strong>. Vzd\u00e1lenost mezi Safagou a Luxorem je asi 220 km a cesta trv\u00e1 p\u0159ibli\u017en\u011b 3 hodiny. Po p\u0159\u00edjezdu zah\u00e1j\u00edte celodenn\u00ed v\u00fdlet se sv\u00fdm odborn\u00fdm pr\u016fvodcem po luxorsk\u00fdch <strong>pam\u00e1tk\u00e1ch<\/strong>.<\/p>\n<p><strong>Memnonovy kolosy<\/strong><\/p>\n<p>Nejkrat\u0161\u00ed a nejjednodu\u0161\u0161\u00ed zast\u00e1vka na va\u0161\u00ed <strong>denn\u00ed cest\u011b do Luxoru<\/strong>. Dv\u011b masivn\u00ed sochy lemovaly vchod do z\u00e1du\u0161n\u00edho chr\u00e1mu Amenhotepa III. Bohu\u017eel chr\u00e1m zcela zmizel, krom\u011b soch <strong>Memnonov\u00fdch kolos\u016f<\/strong>, n\u011bkter\u00fdch st\u00e9l, bust a zbytk\u016f sloup\u016f.<\/p>\n<p><strong>Chr\u00e1m Hat\u0161epsut<\/strong><\/p>\n<p>Faraonka <strong>Hat\u0161epsut<\/strong> si pro sv\u016fj chr\u00e1m zvolila m\u00edsto <strong>D\u00e9r el-Bahr\u00ed<\/strong> a dovolila, aby si jej\u00ed dvo\u0159an\u00e9 vykopali hrobky kolem jej\u00edho chr\u00e1mu. St\u00e1le m\u016f\u017eete vid\u011bt jej\u00ed <strong>sfingy<\/strong>, <strong>kapli Hathor<\/strong>, <strong>kapli Anubise<\/strong> a svatyni svat\u00fdch.<\/p>\n<p><strong>\u00dadol\u00ed kr\u00e1l\u016f<\/strong><\/p>\n<p>V\u00e1\u0161 v\u00fdlet do <strong>\u00dadol\u00ed kr\u00e1l\u016f<\/strong> bude v\u00fdjime\u010dn\u00fd, proto\u017ee je to m\u00edsto, kde si <strong>egypt\u0161t\u00ed faraoni<\/strong> z <strong>18., 19. a 20. dynastie<\/strong> vyhloubili sv\u016fj posledn\u00ed odpo\u010dinek uvnit\u0159 hory. Dozv\u00edte se o poh\u0159ebn\u00edch ritu\u00e1lech, n\u00e1bo\u017eensk\u00fdch knih\u00e1ch zdob\u00edc\u00edch st\u011bny, jako je <strong>Kniha mrtv\u00fdch<\/strong>, <strong>Kniha dne a noci<\/strong> a <strong>Posledn\u00ed soud<\/strong>. V p\u0159\u00edpad\u011b, \u017ee byste cht\u011bli nav\u0161t\u00edvit <strong>hrobku Tutanchamona<\/strong>, <strong>hrobku Sethiho I<\/strong> nebo <strong>hrobku Ramesse V<\/strong>, je to mo\u017en\u00e9 za p\u0159\u00edplatek.<\/p>\n<p><strong>Ob\u011bd<\/strong><\/p>\n<p>U\u017eijte si \u010derstv\u011b p\u0159ipraven\u00fd ob\u011bd v tajine v p\u011bkn\u00e9 restauraci p\u0159\u00edmo za <strong>Memnonov\u00fdmi kolosy<\/strong> mezi palmami.<\/p>\n<p><strong>Kr\u00e1tk\u00e1 j\u00edzda motorov\u00fdm \u010dlunem<\/strong><\/p>\n<p>U\u017eijete si kr\u00e1tkou <strong>plavbu po Nilu<\/strong> trvaj\u00edc\u00ed asi 30 minut, abyste vid\u011bli Luxor z vody. <strong>Luxorsk\u00fd chr\u00e1m<\/strong> a <strong>Winter Palace<\/strong> pat\u0159\u00ed mezi hlavn\u00ed body, kter\u00e9 uvid\u00edte z vody.<\/p>\n<p><strong>Chr\u00e1m Karnak<\/strong><\/p>\n<p>Ukon\u010dete sv\u016fj den se sv\u00fdm pr\u016fvodcem v nejv\u011bt\u0161\u00edm chr\u00e1mu na sv\u011bt\u011b, <strong>komplexu Karnak<\/strong>. U\u017eijte si obrovsk\u00e9 pylony, svatyn\u011b, <strong>Hypostylovou s\u00ed\u0148<\/strong> a <strong>Posv\u00e1tn\u00e9 jezero<\/strong>. Nezapome\u0148te obej\u00edt <strong>skaraba<\/strong> 7kr\u00e1t, n\u011bco si p\u0159\u00e1t, a p\u0159idat si na sv\u016fj seznam v chr\u00e1mu Karnak <strong>\u010cervenou kapli<\/strong> a <strong>B\u00edlou kapli<\/strong>.<\/p>\n<h3><span style=\"color: #ff6600;\">V cen\u011b je zahrnuto<\/span><\/h3>\n<ul>\n<li>Transfer klimatizovan\u00fdm vozidlem nejnov\u011bj\u0161\u00ed zna\u010dky<\/li>\n<li>Vstupn\u00ed poplatky do v\u0161ech v programu zm\u00edn\u011bn\u00fdch pam\u00e1tek<\/li>\n<li>Ob\u011bd v m\u00edstn\u00ed restauraci<\/li>\n<li>Zku\u0161en\u00fd pr\u016fvodce<\/li>\n<li>Voda b\u011bhem z\u00e1jezdu<\/li>\n<\/ul>\n<h3><span style=\"color: #ff6600;\">V cen\u011b nen\u00ed zahrnuto<\/span><\/h3>\n<ul>\n<li>N\u00e1poje b\u011bhem ob\u011bda<\/li>\n<li>Vstupn\u00e9 do speci\u00e1ln\u00edch hrobek v \u00dadol\u00ed kr\u00e1l\u016f<\/li>\n<li>Spropitn\u00e9 pro pr\u016fvodce a \u0159idi\u010de<\/li>\n<\/ul>\n<h3><span style=\"color: #ff6600;\">Co si sbalit<\/span><\/h3>\n<ul>\n<li>Pohodlnou obuv, proto\u017ee v\u011bt\u0161ina m\u00edst jsou p\u00edse\u010dn\u00e9 nebo kamenn\u00e9 cesty<\/li>\n<li>Slune\u010dn\u00ed br\u00fdle<\/li>\n<li>Opalovac\u00ed kr\u00e9m<\/li>\n<li>Klobouk<\/li>\n<\/ul>\n<h3><span style=\"color: #ff6600;\">Cena za jednodenn\u00ed v\u00fdlet do Luxoru z p\u0159\u00edstavu Safaga<\/span><\/h3>\n<ul>\n<li>Cena pro dosp\u011bl\u00e9 = 150 \u20ac<\/li>\n<li>D\u011bti 0-5 let = zdarma<\/li>\n<li>D\u011bti 5-11 let = 50 % z ceny pro dosp\u011bl\u00e9<\/li>\n<\/ul>\n<h3><span style=\"color: #ff6600;\">Rezervace a platba<\/span><\/h3>\n<p>Z\u00e1jezd si m\u016f\u017eete rezervovat p\u0159es WhatsApp, e-mail nebo telefonicky.<\/p>\n<p>WhatsApp +201000852186<\/p>\n<p>info@egytourpackages.com<\/p>\n<h3><span style=\"color: #ff6600;\">Storno podm\u00ednky<\/span><\/h3>\n<p>Z\u00e1jezd m\u016f\u017eete kdykoli zru\u0161it a\u017e 24 hodin p\u0159ed jeho za\u010d\u00e1tkem.<\/p>\n<h3><span style=\"color: #ff6600;\">Upozorn\u011bn\u00ed<\/span><\/h3>\n<ul>\n<li>Upozor\u0148ujeme, \u017ee dle egyptsk\u00e9ho z\u00e1kona mus\u00edme jeden den p\u0159edem zajistit cestovn\u00ed povolen\u00ed.<\/li>\n<li>Za\u0161lete n\u00e1m pros\u00edm kopie pas\u016f, \u010d\u00edslo pokoje a n\u00e1zev va\u0161\u00ed lodi nejpozd\u011bji dva dny p\u0159edem.<\/li>\n<\/ul>\n","protected":false},"excerpt":{"rendered":"<p>V\u00fdlet do Luxoru z p\u0159\u00edstavu Safaga. Prozkoumejte \u00dadol\u00ed kr\u00e1l\u016f, majest\u00e1tn\u00ed Karnak a Memnonovy kolosy. Rezervujte si sv\u016fj z\u00e1jezd.<\/p>\n","protected":false},"featured_media":2788,"comment_status":"open","ping_status":"closed","template":"","meta":[],"product_brand":[],"product_cat":[1466],"product_tag":[1467,2472],"class_list":{"0":"post-5460","1":"product","2":"type-product","3":"status-publish","4":"has-post-thumbnail","6":"product_cat-vylety","7":"product_tag-chram-v-karnaku","8":"product_tag-zajezdy-do-egypta","9":"tour_category-jednodenni-vylety-po-egypte-cs","10":"tour_category-vylety-do-soma-bay","11":"tour_category-zajezdy-do-luxoru-z-hurghady","13":"first","14":"instock","15":"sale","16":"shipping-taxable","17":"purchasable","18":"product-type-tour","19":"has-default-attributes"},"yoast_head":"<!-- This site is optimized with the Yoast SEO Premium plugin v27.4 (Yoast SEO v27.4) - https:\/\/yoast.com\/product\/yoast-seo-premium-wordpress\/ -->\n<title>V\u00fdlet do Luxoru z p\u0159\u00edstavu Safaga | Nejlep\u0161\u00ed aktivity v Safaze<\/title>\n<meta name=\"description\" content=\"V\u00fdlet do Luxoru z p\u0159\u00edstavu Safaga. Prozkoumejte \u00dadol\u00ed kr\u00e1l\u016f, majest\u00e1tn\u00ed Karnak a Memnonovy kolosy. Rezervujte si sv\u016fj z\u00e1jezd.\" \/>\n<meta name=\"robots\" content=\"index, follow, max-snippet:-1, max-image-preview:large, max-video-preview:-1\" \/>\n<link rel=\"canonical\" href=\"https:\/\/egytourpackages.com\/cs\/prohlidky\/vylet-do-luxoru-z-pristavu-safaga\/\" \/>\n<meta property=\"og:locale\" content=\"cs_CZ\" \/>\n<meta property=\"og:type\" content=\"article\" \/>\n<meta property=\"og:title\" content=\"V\u00fdlet do Luxoru z p\u0159\u00edstavu Safaga\" \/>\n<meta property=\"og:description\" content=\"V\u00fdlet do Luxoru z p\u0159\u00edstavu Safaga. Prozkoumejte \u00dadol\u00ed kr\u00e1l\u016f, majest\u00e1tn\u00ed Karnak a Memnonovy kolosy. Rezervujte si sv\u016fj z\u00e1jezd.\" \/>\n<meta property=\"og:url\" content=\"https:\/\/egytourpackages.com\/cs\/prohlidky\/vylet-do-luxoru-z-pristavu-safaga\/\" \/>\n<meta property=\"og:site_name\" content=\"Z\u00e1jezdy po Egypt\u011b\" \/>\n<meta property=\"article:publisher\" content=\"https:\/\/www.facebook.com\/egytourpackages\" \/>\n<meta property=\"article:modified_time\" content=\"2026-01-28T21:25:20+00:00\" \/>\n<meta property=\"og:image\" content=\"https:\/\/egytourpackages.com\/wp-content\/uploads\/2023\/05\/Hypostyle-Hall-Karnak-1024x682.jpg\" \/>\n<meta name=\"twitter:card\" content=\"summary_large_image\" \/>\n<meta name=\"twitter:title\" content=\"V\u00fdlet do Luxoru z p\u0159\u00edstavu Safaga\" \/>\n<meta name=\"twitter:label1\" content=\"Cena\" \/>\n\t<meta name=\"twitter:data1\" content=\"&euro;150\" \/>\n\t<meta name=\"twitter:label2\" content=\"Dostupnost\" \/>\n\t<meta name=\"twitter:data2\" content=\"Skladem\" \/>\n<script type=\"application\/ld+json\" class=\"yoast-schema-graph\">{\"@context\":\"https:\\\/\\\/schema.org\",\"@graph\":[{\"@type\":\"WebPage\",\"@id\":\"https:\\\/\\\/egytourpackages.com\\\/cs\\\/prohlidky\\\/vylet-do-luxoru-z-pristavu-safaga\\\/\",\"url\":\"https:\\\/\\\/egytourpackages.com\\\/cs\\\/prohlidky\\\/vylet-do-luxoru-z-pristavu-safaga\\\/\",\"name\":\"V\u00fdlet do Luxoru z p\u0159\u00edstavu Safaga | Nejlep\u0161\u00ed aktivity v Safaze\",\"isPartOf\":{\"@id\":\"https:\\\/\\\/egytourpackages.com\\\/cs\\\/#website\"},\"primaryImageOfPage\":{\"@id\":\"https:\\\/\\\/egytourpackages.com\\\/cs\\\/prohlidky\\\/vylet-do-luxoru-z-pristavu-safaga\\\/#primaryimage\"},\"image\":{\"@id\":\"https:\\\/\\\/egytourpackages.com\\\/cs\\\/prohlidky\\\/vylet-do-luxoru-z-pristavu-safaga\\\/#primaryimage\"},\"thumbnailUrl\":\"https:\\\/\\\/egytourpackages.com\\\/wp-content\\\/uploads\\\/2023\\\/05\\\/Hypostyle-Hall-Karnak.jpg\",\"datePublished\":\"2023-05-17T19:50:21+00:00\",\"dateModified\":\"2026-01-28T21:25:20+00:00\",\"description\":\"V\u00fdlet do Luxoru z p\u0159\u00edstavu Safaga. Prozkoumejte \u00dadol\u00ed kr\u00e1l\u016f, majest\u00e1tn\u00ed Karnak a Memnonovy kolosy. Rezervujte si sv\u016fj z\u00e1jezd.\",\"breadcrumb\":{\"@id\":\"https:\\\/\\\/egytourpackages.com\\\/cs\\\/prohlidky\\\/vylet-do-luxoru-z-pristavu-safaga\\\/#breadcrumb\"},\"inLanguage\":\"cs\",\"potentialAction\":[{\"@type\":\"ReadAction\",\"target\":[\"https:\\\/\\\/egytourpackages.com\\\/cs\\\/prohlidky\\\/vylet-do-luxoru-z-pristavu-safaga\\\/\"]}]},{\"@type\":\"ImageObject\",\"inLanguage\":\"cs\",\"@id\":\"https:\\\/\\\/egytourpackages.com\\\/cs\\\/prohlidky\\\/vylet-do-luxoru-z-pristavu-safaga\\\/#primaryimage\",\"url\":\"https:\\\/\\\/egytourpackages.com\\\/wp-content\\\/uploads\\\/2023\\\/05\\\/Hypostyle-Hall-Karnak.jpg\",\"contentUrl\":\"https:\\\/\\\/egytourpackages.com\\\/wp-content\\\/uploads\\\/2023\\\/05\\\/Hypostyle-Hall-Karnak.jpg\",\"width\":1600,\"height\":1066,\"caption\":\"V\u00fdlet do Luxoru z p\u0159\u00edstavu Safaga\"},{\"@type\":\"BreadcrumbList\",\"@id\":\"https:\\\/\\\/egytourpackages.com\\\/cs\\\/prohlidky\\\/vylet-do-luxoru-z-pristavu-safaga\\\/#breadcrumb\",\"itemListElement\":[{\"@type\":\"ListItem\",\"position\":1,\"name\":\"Dom\u016f\",\"item\":\"https:\\\/\\\/egytourpackages.com\\\/cs\\\/balicky-vyletu-po-egypte\\\/\"},{\"@type\":\"ListItem\",\"position\":2,\"name\":\"Shop\",\"item\":\"https:\\\/\\\/egytourpackages.com\\\/cs\\\/shop\\\/\"},{\"@type\":\"ListItem\",\"position\":3,\"name\":\"V\u00fdlet do Luxoru z p\u0159\u00edstavu Safaga\"}]},{\"@type\":\"WebSite\",\"@id\":\"https:\\\/\\\/egytourpackages.com\\\/cs\\\/#website\",\"url\":\"https:\\\/\\\/egytourpackages.com\\\/cs\\\/\",\"name\":\"Egy tour packages\",\"description\":\"\",\"publisher\":{\"@id\":\"https:\\\/\\\/egytourpackages.com\\\/cs\\\/#organization\"},\"potentialAction\":[{\"@type\":\"SearchAction\",\"target\":{\"@type\":\"EntryPoint\",\"urlTemplate\":\"https:\\\/\\\/egytourpackages.com\\\/cs\\\/?s={search_term_string}\"},\"query-input\":{\"@type\":\"PropertyValueSpecification\",\"valueRequired\":true,\"valueName\":\"search_term_string\"}}],\"inLanguage\":\"cs\"},{\"@type\":[\"Organization\",\"Place\",\"TravelAgency\"],\"@id\":\"https:\\\/\\\/egytourpackages.com\\\/cs\\\/#organization\",\"name\":\"egypt tour packages\",\"alternateName\":\"egypt tour packages\",\"url\":\"https:\\\/\\\/egytourpackages.com\\\/cs\\\/\",\"logo\":{\"@id\":\"https:\\\/\\\/egytourpackages.com\\\/cs\\\/prohlidky\\\/vylet-do-luxoru-z-pristavu-safaga\\\/#local-main-organization-logo\"},\"image\":{\"@id\":\"https:\\\/\\\/egytourpackages.com\\\/cs\\\/prohlidky\\\/vylet-do-luxoru-z-pristavu-safaga\\\/#local-main-organization-logo\"},\"sameAs\":[\"https:\\\/\\\/www.facebook.com\\\/egytourpackages\"],\"legalName\":\"Egy tour packages\",\"address\":{\"@id\":\"https:\\\/\\\/egytourpackages.com\\\/cs\\\/prohlidky\\\/vylet-do-luxoru-z-pristavu-safaga\\\/#local-main-place-address\"},\"telephone\":[\"00201000852186\",\"00201028685533\"],\"contactPoint\":{\"@type\":\"ContactPoint\",\"telephone\":\"00201000852186\"},\"openingHoursSpecification\":[{\"@type\":\"OpeningHoursSpecification\",\"dayOfWeek\":[\"Monday\",\"Tuesday\",\"Wednesday\",\"Thursday\",\"Friday\",\"Saturday\",\"Sunday\"],\"opens\":\"00:00\",\"closes\":\"23:59\"}],\"email\":\"info@egytourpackages.com\",\"areaServed\":\"Cairo, Hurghada, Luxor, Sharm El Sheikh, Marsa Alam, Aswan\",\"priceRange\":\"$\",\"currenciesAccepted\":\"euro\",\"paymentAccepted\":\"Payment links online\"},{\"@type\":\"PostalAddress\",\"@id\":\"https:\\\/\\\/egytourpackages.com\\\/cs\\\/prohlidky\\\/vylet-do-luxoru-z-pristavu-safaga\\\/#local-main-place-address\",\"streetAddress\":\"Mubarak 8, Al Kawthar District, Hurghada\",\"addressLocality\":\"Hurghada\",\"postalCode\":\"84511\",\"addressRegion\":\"Red Sea\",\"addressCountry\":\"EG\"},{\"@type\":\"ImageObject\",\"inLanguage\":\"cs\",\"@id\":\"https:\\\/\\\/egytourpackages.com\\\/cs\\\/prohlidky\\\/vylet-do-luxoru-z-pristavu-safaga\\\/#local-main-organization-logo\",\"url\":\"https:\\\/\\\/egytourpackages.com\\\/wp-content\\\/uploads\\\/2025\\\/12\\\/Turquoise-Dahabiya-Nile-Cruise-1.jpeg\",\"contentUrl\":\"https:\\\/\\\/egytourpackages.com\\\/wp-content\\\/uploads\\\/2025\\\/12\\\/Turquoise-Dahabiya-Nile-Cruise-1.jpeg\",\"width\":1040,\"height\":694,\"caption\":\"egypt tour packages\"}]}<\/script>\n<meta property=\"product:brand\" content=\"Jednodenn\u00ed v\u00fdlety po Egypt\u011b\" \/>\n<meta property=\"product:price:amount\" content=\"150\" \/>\n<meta property=\"product:price:currency\" content=\"EUR\" \/>\n<meta property=\"og:availability\" content=\"instock\" \/>\n<meta property=\"product:availability\" content=\"instock\" \/>\n<meta property=\"product:retailer_item_id\" content=\"SBE06\" \/>\n<meta property=\"product:condition\" content=\"new\" \/>\n<meta name=\"geo.placename\" content=\"Hurghada\" \/>\n<meta name=\"geo.region\" content=\"Egypt\" \/>\n<!-- \/ Yoast SEO Premium plugin. -->","yoast_head_json":{"title":"V\u00fdlet do Luxoru z p\u0159\u00edstavu Safaga | Nejlep\u0161\u00ed aktivity v Safaze","description":"V\u00fdlet do Luxoru z p\u0159\u00edstavu Safaga. Prozkoumejte \u00dadol\u00ed kr\u00e1l\u016f, majest\u00e1tn\u00ed Karnak a Memnonovy kolosy. Rezervujte si sv\u016fj z\u00e1jezd.","robots":{"index":"index","follow":"follow","max-snippet":"max-snippet:-1","max-image-preview":"max-image-preview:large","max-video-preview":"max-video-preview:-1"},"canonical":"https:\/\/egytourpackages.com\/cs\/prohlidky\/vylet-do-luxoru-z-pristavu-safaga\/","og_locale":"cs_CZ","og_type":"article","og_title":"V\u00fdlet do Luxoru z p\u0159\u00edstavu Safaga","og_description":"V\u00fdlet do Luxoru z p\u0159\u00edstavu Safaga. Prozkoumejte \u00dadol\u00ed kr\u00e1l\u016f, majest\u00e1tn\u00ed Karnak a Memnonovy kolosy. Rezervujte si sv\u016fj z\u00e1jezd.","og_url":"https:\/\/egytourpackages.com\/cs\/prohlidky\/vylet-do-luxoru-z-pristavu-safaga\/","og_site_name":"Z\u00e1jezdy po Egypt\u011b","article_publisher":"https:\/\/www.facebook.com\/egytourpackages","article_modified_time":"2026-01-28T21:25:20+00:00","og_image":[{"url":"https:\/\/egytourpackages.com\/wp-content\/uploads\/2023\/05\/Hypostyle-Hall-Karnak-1024x682.jpg","type":"","width":"","height":""}],"twitter_card":"summary_large_image","twitter_title":"V\u00fdlet do Luxoru z p\u0159\u00edstavu Safaga","twitter_misc":{"Cena":"&euro;150","Dostupnost":"Skladem"},"schema":{"@context":"https:\/\/schema.org","@graph":[{"@type":"WebPage","@id":"https:\/\/egytourpackages.com\/cs\/prohlidky\/vylet-do-luxoru-z-pristavu-safaga\/","url":"https:\/\/egytourpackages.com\/cs\/prohlidky\/vylet-do-luxoru-z-pristavu-safaga\/","name":"V\u00fdlet do Luxoru z p\u0159\u00edstavu Safaga | Nejlep\u0161\u00ed aktivity v Safaze","isPartOf":{"@id":"https:\/\/egytourpackages.com\/cs\/#website"},"primaryImageOfPage":{"@id":"https:\/\/egytourpackages.com\/cs\/prohlidky\/vylet-do-luxoru-z-pristavu-safaga\/#primaryimage"},"image":{"@id":"https:\/\/egytourpackages.com\/cs\/prohlidky\/vylet-do-luxoru-z-pristavu-safaga\/#primaryimage"},"thumbnailUrl":"https:\/\/egytourpackages.com\/wp-content\/uploads\/2023\/05\/Hypostyle-Hall-Karnak.jpg","datePublished":"2023-05-17T19:50:21+00:00","dateModified":"2026-01-28T21:25:20+00:00","description":"V\u00fdlet do Luxoru z p\u0159\u00edstavu Safaga. Prozkoumejte \u00dadol\u00ed kr\u00e1l\u016f, majest\u00e1tn\u00ed Karnak a Memnonovy kolosy. Rezervujte si sv\u016fj z\u00e1jezd.","breadcrumb":{"@id":"https:\/\/egytourpackages.com\/cs\/prohlidky\/vylet-do-luxoru-z-pristavu-safaga\/#breadcrumb"},"inLanguage":"cs","potentialAction":[{"@type":"ReadAction","target":["https:\/\/egytourpackages.com\/cs\/prohlidky\/vylet-do-luxoru-z-pristavu-safaga\/"]}]},{"@type":"ImageObject","inLanguage":"cs","@id":"https:\/\/egytourpackages.com\/cs\/prohlidky\/vylet-do-luxoru-z-pristavu-safaga\/#primaryimage","url":"https:\/\/egytourpackages.com\/wp-content\/uploads\/2023\/05\/Hypostyle-Hall-Karnak.jpg","contentUrl":"https:\/\/egytourpackages.com\/wp-content\/uploads\/2023\/05\/Hypostyle-Hall-Karnak.jpg","width":1600,"height":1066,"caption":"V\u00fdlet do Luxoru z p\u0159\u00edstavu Safaga"},{"@type":"BreadcrumbList","@id":"https:\/\/egytourpackages.com\/cs\/prohlidky\/vylet-do-luxoru-z-pristavu-safaga\/#breadcrumb","itemListElement":[{"@type":"ListItem","position":1,"name":"Dom\u016f","item":"https:\/\/egytourpackages.com\/cs\/balicky-vyletu-po-egypte\/"},{"@type":"ListItem","position":2,"name":"Shop","item":"https:\/\/egytourpackages.com\/cs\/shop\/"},{"@type":"ListItem","position":3,"name":"V\u00fdlet do Luxoru z p\u0159\u00edstavu Safaga"}]},{"@type":"WebSite","@id":"https:\/\/egytourpackages.com\/cs\/#website","url":"https:\/\/egytourpackages.com\/cs\/","name":"Egy tour packages","description":"","publisher":{"@id":"https:\/\/egytourpackages.com\/cs\/#organization"},"potentialAction":[{"@type":"SearchAction","target":{"@type":"EntryPoint","urlTemplate":"https:\/\/egytourpackages.com\/cs\/?s={search_term_string}"},"query-input":{"@type":"PropertyValueSpecification","valueRequired":true,"valueName":"search_term_string"}}],"inLanguage":"cs"},{"@type":["Organization","Place","TravelAgency"],"@id":"https:\/\/egytourpackages.com\/cs\/#organization","name":"egypt tour packages","alternateName":"egypt tour packages","url":"https:\/\/egytourpackages.com\/cs\/","logo":{"@id":"https:\/\/egytourpackages.com\/cs\/prohlidky\/vylet-do-luxoru-z-pristavu-safaga\/#local-main-organization-logo"},"image":{"@id":"https:\/\/egytourpackages.com\/cs\/prohlidky\/vylet-do-luxoru-z-pristavu-safaga\/#local-main-organization-logo"},"sameAs":["https:\/\/www.facebook.com\/egytourpackages"],"legalName":"Egy tour packages","address":{"@id":"https:\/\/egytourpackages.com\/cs\/prohlidky\/vylet-do-luxoru-z-pristavu-safaga\/#local-main-place-address"},"telephone":["00201000852186","00201028685533"],"contactPoint":{"@type":"ContactPoint","telephone":"00201000852186"},"openingHoursSpecification":[{"@type":"OpeningHoursSpecification","dayOfWeek":["Monday","Tuesday","Wednesday","Thursday","Friday","Saturday","Sunday"],"opens":"00:00","closes":"23:59"}],"email":"info@egytourpackages.com","areaServed":"Cairo, Hurghada, Luxor, Sharm El Sheikh, Marsa Alam, Aswan","priceRange":"$","currenciesAccepted":"euro","paymentAccepted":"Payment links online"},{"@type":"PostalAddress","@id":"https:\/\/egytourpackages.com\/cs\/prohlidky\/vylet-do-luxoru-z-pristavu-safaga\/#local-main-place-address","streetAddress":"Mubarak 8, Al Kawthar District, Hurghada","addressLocality":"Hurghada","postalCode":"84511","addressRegion":"Red Sea","addressCountry":"EG"},{"@type":"ImageObject","inLanguage":"cs","@id":"https:\/\/egytourpackages.com\/cs\/prohlidky\/vylet-do-luxoru-z-pristavu-safaga\/#local-main-organization-logo","url":"https:\/\/egytourpackages.com\/wp-content\/uploads\/2025\/12\/Turquoise-Dahabiya-Nile-Cruise-1.jpeg","contentUrl":"https:\/\/egytourpackages.com\/wp-content\/uploads\/2025\/12\/Turquoise-Dahabiya-Nile-Cruise-1.jpeg","width":1040,"height":694,"caption":"egypt tour packages"}]},"product_brand":"Jednodenn\u00ed v\u00fdlety po Egypt\u011b","product_price_amount":"150","product_price_currency":"EUR","og_availability":"instock","product_availability":"instock","product_retailer_item_id":"SBE06","product_condition":"new","geo.placename":"Hurghada","geo.region":"Egypt"},"_links":{"self":[{"href":"https:\/\/egytourpackages.com\/cs\/wp-json\/wp\/v2\/product\/5460","targetHints":{"allow":["GET"]}}],"collection":[{"href":"https:\/\/egytourpackages.com\/cs\/wp-json\/wp\/v2\/product"}],"about":[{"href":"https:\/\/egytourpackages.com\/cs\/wp-json\/wp\/v2\/types\/product"}],"replies":[{"embeddable":true,"href":"https:\/\/egytourpackages.com\/cs\/wp-json\/wp\/v2\/comments?post=5460"}],"wp:featuredmedia":[{"embeddable":true,"href":"https:\/\/egytourpackages.com\/cs\/wp-json\/wp\/v2\/media\/2788"}],"wp:attachment":[{"href":"https:\/\/egytourpackages.com\/cs\/wp-json\/wp\/v2\/media?parent=5460"}],"wp:term":[{"taxonomy":"product_brand","embeddable":true,"href":"https:\/\/egytourpackages.com\/cs\/wp-json\/wp\/v2\/product_brand?post=5460"},{"taxonomy":"product_cat","embeddable":true,"href":"https:\/\/egytourpackages.com\/cs\/wp-json\/wp\/v2\/product_cat?post=5460"},{"taxonomy":"product_tag","embeddable":true,"href":"https:\/\/egytourpackages.com\/cs\/wp-json\/wp\/v2\/product_tag?post=5460"}],"curies":[{"name":"wp","href":"https:\/\/api.w.org\/{rel}","templated":true}]}}