{"id":5464,"date":"2023-08-22T11:14:52","date_gmt":"2023-08-22T11:14:52","guid":{"rendered":"https:\/\/egytourpackages.com\/product\/ostrove-bianca-utopia-ze-safagy-all-inclusive\/"},"modified":"2026-01-28T02:49:07","modified_gmt":"2026-01-28T02:49:07","slug":"ostrove-bianca-utopia-ze-safagy-all-inclusive","status":"publish","type":"product","link":"https:\/\/egytourpackages.com\/cs\/prohlidky\/ostrove-bianca-utopia-ze-safagy-all-inclusive\/","title":{"rendered":"Ostrov\u011b Bianca Utopia ze Safagy all-inclusive"},"content":{"rendered":"<p><strong><span style=\"color: #ff6600;\">Ostrov\u011b Bianca Utopia ze Safagy all-inclusive <\/span><\/strong><\/p>\n<p>Hled\u00e1te <strong>nejlep\u0161\u00ed aktivity v Safaze<\/strong>? Za\u017eijte fantastick\u00fd <strong>jednodenn\u00ed v\u00fdlet na ostrov Bianca Utopia<\/strong>, kter\u00fd pat\u0159\u00ed mezi nejlep\u0161\u00ed <strong>v\u00fdlety z Hurghady<\/strong>, a objevte dechberouc\u00ed <strong>Rud\u00e9 mo\u0159e<\/strong>. Tato <strong>celodenn\u00ed plavba lod\u00ed ze Safagy<\/strong> je ide\u00e1ln\u00ed pro ka\u017ed\u00e9ho, kdo hled\u00e1 dobrodru\u017estv\u00ed, odpo\u010dinek a mo\u017enost prozkoumat \u017eiv\u00fd podmo\u0159sk\u00fd sv\u011bt.<\/p>\n<p>Pokud hled\u00e1te nezapomenuteln\u00fd den, <strong>v\u00fdlet na ostrov Bianca Utopia<\/strong> je perfektn\u00ed volbou, kter\u00e1 nab\u00edz\u00ed n\u011bco pro ka\u017ed\u00e9ho. A\u0165 u\u017e hled\u00e1te <strong>z\u00e1bavn\u00e9 aktivity pro rodiny<\/strong>, romantickou <strong>dovolenou na pl\u00e1\u017ei pro p\u00e1ry<\/strong> nebo den pln\u00fd dobrodru\u017estv\u00ed s <strong>p\u0159\u00e1teli<\/strong>, tento v\u00fdlet je ide\u00e1ln\u00ed volbou.<\/p>\n<p>Tento z\u00e1jezd poskytuje <strong>nezapomenuteln\u00fd rodinn\u00fd z\u00e1\u017eitek<\/strong> s mo\u017enost\u00ed pozorovat rozmanit\u00fd mo\u0159sk\u00fd \u017eivot, jako jsou barevn\u00e9 ryby, hv\u011bzdice a mo\u0159sk\u00e9 \u017eelvy. Je tak\u00e9 skv\u011blou volbou pro <strong>seniory a osoby se zdravotn\u00edm posti\u017een\u00edm<\/strong>, v\u010detn\u011b t\u011bch na invalidn\u00edm voz\u00edku, co\u017e zaji\u0161\u0165uje bezbari\u00e9rovost a pohodl\u00ed pro v\u0161echny.<\/p>\n<p>Zat\u00edmco jste na ostrov\u011b, m\u00e1te mo\u017enost str\u00e1vit a\u017e \u010dty\u0159i hodiny odpo\u010dinkem na pl\u00e1\u017ei, nebo se m\u016f\u017eete rozhodnout pro <strong>\u0161norchlov\u00e1n\u00ed s pr\u016fvodcem<\/strong>, abyste prozkoumali \u017eiv\u00fd podmo\u0159sk\u00fd sv\u011bt. Pro jedine\u010dn\u00fd pohled na <strong>kor\u00e1lov\u00e9 \u00fatesy<\/strong>, ani\u017e byste se namo\u010dili, si m\u016f\u017eete u\u017e\u00edt j\u00edzdu <strong>poloponorkou<\/strong>.<\/p>\n<h3><span style=\"color: #ff6600;\">Hlavn\u00ed body v\u00fdletu<\/span><\/h3>\n<ul>\n<li>Dv\u011b zast\u00e1vky na \u0161norchlov\u00e1n\u00ed na dvou r\u016fzn\u00fdch m\u00edstech<\/li>\n<li>\u010cerstv\u011b uva\u0159en\u00fd ob\u011bd na palub\u011b<\/li>\n<li>Vodn\u00ed sporty, jako je Banana Boat a Sofa Boat<\/li>\n<\/ul>\n<h3><span style=\"color: #ff6600;\">Podrobnosti o v\u00fdletu<\/span><\/h3>\n<ul>\n<li>D\u00e9lka: 8 hodin<\/li>\n<li>M\u00edsto: Rud\u00e9 mo\u0159e<\/li>\n<li>Dostupnost: Denn\u011b<\/li>\n<li>Typ v\u00fdletu: Skupinov\u00fd<\/li>\n<li>Vyzvednut\u00ed a odvoz: V\u00e1\u0161 hotel v Safaze<\/li>\n<li>Invalidn\u00ed voz\u00edk: Bezbari\u00e9rov\u00fd p\u0159\u00edstup<\/li>\n<\/ul>\n<h3><span style=\"color: #ff6600;\">Zahrnuto<\/span><\/h3>\n<ul>\n<li>Zp\u00e1te\u010dn\u00ed transfer z va\u0161eho hotelu v Safaze<\/li>\n<li>\u0160norchlovac\u00ed vybaven\u00ed, jako je z\u00e1chrann\u00e1 vesta, maska, ploutve<\/li>\n<li>Pr\u016fvodce pro \u0161norchlov\u00e1n\u00ed<\/li>\n<li>\u010cerstv\u011b uva\u0159en\u00fd ob\u011bd na palub\u011b<\/li>\n<li>Miner\u00e1ln\u00ed voda, tepl\u00e9 a studen\u00e9 n\u00e1poje po cel\u00fd den<\/li>\n<\/ul>\n<h3><span style=\"color: #ff6600;\">Nen\u00ed zahrnuto<\/span><\/h3>\n<ul>\n<li>DVD a fotografie od kameramana<\/li>\n<li>Spropitn\u00e9<\/li>\n<li>Pot\u00e1p\u011bn\u00ed<\/li>\n<\/ul>\n<h3><span style=\"color: #ff6600;\">Co si vz\u00edt s sebou<\/span><\/h3>\n<ul>\n<li>Vlastn\u00ed ru\u010dn\u00edk z hotelu<\/li>\n<li>Klobouk nebo \u0161\u00e1tek<\/li>\n<li>Opalovac\u00ed kr\u00e9m<\/li>\n<li>Slune\u010dn\u00ed br\u00fdle<\/li>\n<li>Pohodlnou obuv<\/li>\n<li>Plavky<\/li>\n<li>Trochu hotovosti na osobn\u00ed v\u00fddaje<\/li>\n<\/ul>\n<h2><span style=\"color: #ff6600;\">Itiner\u00e1\u0159<\/span><\/h2>\n<p>V\u00e1\u0161 den za\u010dne pohodln\u00fdm <strong>vyzvednut\u00edm v hotelu<\/strong> kolem 8:00 r\u00e1no, po n\u011bm\u017e n\u00e1sleduje vyhl\u00eddkov\u00e1 plavba lod\u00ed na vynikaj\u00edc\u00ed <strong>m\u00edsto pro \u0161norchlov\u00e1n\u00ed<\/strong>. Pono\u0159te se do <strong>k\u0159i\u0161\u0165\u00e1lov\u011b \u010dist\u00e9 vody<\/strong> na 45minutovou <strong>\u0161norchlovac\u00ed lekci<\/strong> a bu\u010fte sv\u011bdky \u00fachvatn\u00e9ho podmo\u0159sk\u00e9ho sv\u011bta a <strong>barevn\u00fdch kor\u00e1lov\u00fdch \u00fates\u016f<\/strong>.<\/p>\n<p>D\u00e1le va\u0161e cesta pokra\u010duje do soukrom\u00e9ho r\u00e1je <strong>Bianca Island Utopia<\/strong>. Po p\u0159\u00edjezdu budete m\u00edt rezervovan\u00e9 m\u00edsto u mo\u0159e, kde si m\u016f\u017eete odpo\u010dinout a u\u017e\u00edt si slunce. V\u00fdlet zahrnuje <strong>z\u00e1\u017eitek all-inclusive<\/strong> s <strong>neomezen\u00fdmi n\u00e1poji<\/strong> a ob\u010derstven\u00edm po cel\u00fd den.<\/p>\n<p>Lahodn\u00fd <strong>ob\u011bd formou bufetu all-you-can-eat<\/strong> se pod\u00e1v\u00e1 na ostrov\u011b od 12:30 do 14:00. Pro v\u00edce z\u00e1bavy si u\u017eijte <strong>bezplatnou proj\u00ed\u017e\u010fku lod\u00ed se sklen\u011bn\u00fdm dnem<\/strong>, abyste obdivovali ryby a kor\u00e1ly, ani\u017e byste se namo\u010dili, nebo se p\u0159ipojte k p\u016flhodinov\u00e9 <strong>p\u011bnov\u00e9 p\u00e1rty<\/strong> ve 14:00. Pro ty, kte\u0159\u00ed cht\u011bj\u00ed prozkoumat vody v bl\u00edzkosti ostrova, je k dispozici <strong>\u0161norchlovac\u00ed vybaven\u00ed<\/strong>.<\/p>\n<p>Tento <strong>rodinn\u00fd v\u00fdlet<\/strong> je zdarma pro d\u011bti do 5 let a s 50% slevou pro d\u011bti ve v\u011bku 5 a\u017e 7 let. Celodenn\u00ed v\u00fdlet kon\u010d\u00ed n\u00e1vratem do p\u0159\u00edstavu a transferem zp\u011bt do va\u0161eho hotelu kolem 16:30. Nenechte si uj\u00edt tuto p\u0159\u00edle\u017eitost vytvo\u0159it nezapomenuteln\u00e9 vzpom\u00ednky na jednom z nejobl\u00edben\u011bj\u0161\u00edch <strong>v\u00fdlet\u016f ze Soma Bay<\/strong>.<\/p>\n<h3><span style=\"color: #ff6600;\">Cena za Ostrov\u011b Bianca Utopia ze Safagy all-inclusive<\/span><\/h3>\n<ul>\n<li>Cena pro dosp\u011bl\u00e9 = 60 \u20ac<\/li>\n<li>D\u011bti 0-5 let = zdarma<\/li>\n<li>D\u011bti 5-11 let = 50 % z ceny pro dosp\u011bl\u00e9<\/li>\n<\/ul>\n<h3><span style=\"color: #ff6600;\">Rezervace<\/span><\/h3>\n<p>Sv\u016fj v\u00fdlet si m\u016f\u017eete rezervovat p\u0159es WhatsApp nebo n\u00e1m poslat e-mail a obdr\u017e\u00edte okam\u017eit\u00e9 potvrzen\u00ed. Pros\u00edme, za\u0161lete n\u00e1m n\u00e1zev va\u0161eho hotelu, \u010d\u00edslo pokoje a kopie pas\u016f.<\/p>\n<p>WhatsApp: +201000852186<\/p>\n<p>info@egytourpackages.com<\/p>\n<h3><span style=\"color: #ff6600;\">Rezervujte nyn\u00ed a zapla\u0165te na m\u00edst\u011b<\/span><\/h3>\n<p>Rezervujte si sv\u016fj obl\u00edben\u00fd v\u00fdlet a zapla\u0165te v den cesty.<\/p>\n<h3><span style=\"color: #ff6600;\">Storno podm\u00ednky<\/span><\/h3>\n<ul>\n<li>Zru\u0161en\u00ed je zdarma a\u017e 24 hodin p\u0159edem<\/li>\n<li>Rann\u00ed zru\u0161en\u00ed je zpoplatn\u011bno 50 % z ceny<\/li>\n<\/ul>\n","protected":false},"excerpt":{"rendered":"<p>\u0160norchlov\u00e1n\u00ed Ostrov\u011b Bianca Utopia ze Safagy all-inclusive. Vybaven\u00ed, ob\u011bd a neomezen\u00e9 n\u00e1poje v r\u00e1ji. Ide\u00e1ln\u00ed denn\u00ed v\u00fdlet!<\/p>\n","protected":false},"featured_media":5444,"comment_status":"open","ping_status":"closed","template":"","meta":[],"product_brand":[],"product_cat":[1466],"product_tag":[2795],"class_list":{"0":"post-5464","1":"product","2":"type-product","3":"status-publish","4":"has-post-thumbnail","6":"product_cat-vylety","7":"product_tag-nejlepsi-vylet-lodi-za-snorchlovanim","8":"tour_category-jednodenni-vylety-po-egypte-cs","9":"tour_category-snorchlovaci-vylety-v-hurghade","10":"tour_category-vylety-do-soma-bay","12":"first","13":"instock","14":"sale","15":"shipping-taxable","16":"purchasable","17":"product-type-tour","18":"has-default-attributes"},"yoast_head":"<!-- This site is optimized with the Yoast SEO Premium plugin v27.4 (Yoast SEO v27.4) - https:\/\/yoast.com\/product\/yoast-seo-premium-wordpress\/ -->\n<title>Ostrov\u011b Bianca Utopia ze Safagy all-inclusive<\/title>\n<meta name=\"description\" content=\"\u0160norchlov\u00e1n\u00ed Ostrov\u011b Bianca Utopia ze Safagy all-inclusive. Vybaven\u00ed, ob\u011bd a neomezen\u00e9 n\u00e1poje v r\u00e1ji. Ide\u00e1ln\u00ed denn\u00ed v\u00fdlet!\" \/>\n<meta name=\"robots\" content=\"index, follow, max-snippet:-1, max-image-preview:large, max-video-preview:-1\" \/>\n<link rel=\"canonical\" href=\"https:\/\/egytourpackages.com\/cs\/prohlidky\/ostrove-bianca-utopia-ze-safagy-all-inclusive\/\" \/>\n<meta property=\"og:locale\" content=\"cs_CZ\" \/>\n<meta property=\"og:type\" content=\"article\" \/>\n<meta property=\"og:title\" content=\"Nejlep\u0161\u00ed \u0161norchlovac\u00ed v\u00fdlet v Safaze\" \/>\n<meta property=\"og:description\" content=\"\u0160norchlov\u00e1n\u00ed Ostrov\u011b Bianca Utopia ze Safagy all-inclusive. Vybaven\u00ed, ob\u011bd a neomezen\u00e9 n\u00e1poje v r\u00e1ji. Ide\u00e1ln\u00ed denn\u00ed v\u00fdlet!\" \/>\n<meta property=\"og:url\" content=\"https:\/\/egytourpackages.com\/cs\/prohlidky\/ostrove-bianca-utopia-ze-safagy-all-inclusive\/\" \/>\n<meta property=\"og:site_name\" content=\"Z\u00e1jezdy po Egypt\u011b\" \/>\n<meta property=\"article:publisher\" content=\"https:\/\/www.facebook.com\/egytourpackages\" \/>\n<meta property=\"article:modified_time\" content=\"2026-01-28T02:49:07+00:00\" \/>\n<meta property=\"og:image\" content=\"https:\/\/egytourpackages.com\/wp-content\/uploads\/2023\/08\/Safaga-best-Snorkeling-Trip-1024x682.jpg\" \/>\n<meta name=\"twitter:card\" content=\"summary_large_image\" \/>\n<meta name=\"twitter:title\" content=\"Nejlep\u0161\u00ed \u0161norchlovac\u00ed v\u00fdlet v Safaze\" \/>\n<meta name=\"twitter:description\" content=\"\u0160norchlov\u00e1n\u00ed Ostrov\u011b Bianca Utopia ze Safagy all-inclusive. Vybaven\u00ed, ob\u011bd a neomezen\u00e9 n\u00e1poje v r\u00e1ji. Ide\u00e1ln\u00ed denn\u00ed v\u00fdlet!\" \/>\n<meta name=\"twitter:image\" content=\"https:\/\/egytourpackages.com\/wp-content\/uploads\/2023\/08\/Safaga-best-Snorkeling-Trip-1024x682.jpg\" \/>\n<meta name=\"twitter:label1\" content=\"Cena\" \/>\n\t<meta name=\"twitter:data1\" content=\"&euro;0\" \/>\n\t<meta name=\"twitter:label2\" content=\"Dostupnost\" \/>\n\t<meta name=\"twitter:data2\" content=\"Skladem\" \/>\n<script type=\"application\/ld+json\" class=\"yoast-schema-graph\">{\"@context\":\"https:\\\/\\\/schema.org\",\"@graph\":[{\"@type\":\"WebPage\",\"@id\":\"https:\\\/\\\/egytourpackages.com\\\/cs\\\/prohlidky\\\/ostrove-bianca-utopia-ze-safagy-all-inclusive\\\/\",\"url\":\"https:\\\/\\\/egytourpackages.com\\\/cs\\\/prohlidky\\\/ostrove-bianca-utopia-ze-safagy-all-inclusive\\\/\",\"name\":\"Ostrov\u011b Bianca Utopia ze Safagy all-inclusive\",\"isPartOf\":{\"@id\":\"https:\\\/\\\/egytourpackages.com\\\/cs\\\/#website\"},\"primaryImageOfPage\":{\"@id\":\"https:\\\/\\\/egytourpackages.com\\\/cs\\\/prohlidky\\\/ostrove-bianca-utopia-ze-safagy-all-inclusive\\\/#primaryimage\"},\"image\":{\"@id\":\"https:\\\/\\\/egytourpackages.com\\\/cs\\\/prohlidky\\\/ostrove-bianca-utopia-ze-safagy-all-inclusive\\\/#primaryimage\"},\"thumbnailUrl\":\"https:\\\/\\\/egytourpackages.com\\\/wp-content\\\/uploads\\\/2023\\\/08\\\/Bianca-Island-Utopia-Safaga.jpeg\",\"datePublished\":\"2023-08-22T11:14:52+00:00\",\"dateModified\":\"2026-01-28T02:49:07+00:00\",\"description\":\"\u0160norchlov\u00e1n\u00ed Ostrov\u011b Bianca Utopia ze Safagy all-inclusive. Vybaven\u00ed, ob\u011bd a neomezen\u00e9 n\u00e1poje v r\u00e1ji. Ide\u00e1ln\u00ed denn\u00ed v\u00fdlet!\",\"breadcrumb\":{\"@id\":\"https:\\\/\\\/egytourpackages.com\\\/cs\\\/prohlidky\\\/ostrove-bianca-utopia-ze-safagy-all-inclusive\\\/#breadcrumb\"},\"inLanguage\":\"cs\",\"potentialAction\":[{\"@type\":\"ReadAction\",\"target\":[\"https:\\\/\\\/egytourpackages.com\\\/cs\\\/prohlidky\\\/ostrove-bianca-utopia-ze-safagy-all-inclusive\\\/\"]}]},{\"@type\":\"ImageObject\",\"inLanguage\":\"cs\",\"@id\":\"https:\\\/\\\/egytourpackages.com\\\/cs\\\/prohlidky\\\/ostrove-bianca-utopia-ze-safagy-all-inclusive\\\/#primaryimage\",\"url\":\"https:\\\/\\\/egytourpackages.com\\\/wp-content\\\/uploads\\\/2023\\\/08\\\/Bianca-Island-Utopia-Safaga.jpeg\",\"contentUrl\":\"https:\\\/\\\/egytourpackages.com\\\/wp-content\\\/uploads\\\/2023\\\/08\\\/Bianca-Island-Utopia-Safaga.jpeg\",\"width\":1250,\"height\":833,\"caption\":\"Ostrov Bianca Utopia, Safaga\"},{\"@type\":\"BreadcrumbList\",\"@id\":\"https:\\\/\\\/egytourpackages.com\\\/cs\\\/prohlidky\\\/ostrove-bianca-utopia-ze-safagy-all-inclusive\\\/#breadcrumb\",\"itemListElement\":[{\"@type\":\"ListItem\",\"position\":1,\"name\":\"Dom\u016f\",\"item\":\"https:\\\/\\\/egytourpackages.com\\\/cs\\\/balicky-vyletu-po-egypte\\\/\"},{\"@type\":\"ListItem\",\"position\":2,\"name\":\"Shop\",\"item\":\"https:\\\/\\\/egytourpackages.com\\\/cs\\\/shop\\\/\"},{\"@type\":\"ListItem\",\"position\":3,\"name\":\"Ostrov\u011b Bianca Utopia ze Safagy all-inclusive\"}]},{\"@type\":\"WebSite\",\"@id\":\"https:\\\/\\\/egytourpackages.com\\\/cs\\\/#website\",\"url\":\"https:\\\/\\\/egytourpackages.com\\\/cs\\\/\",\"name\":\"Egy tour packages\",\"description\":\"\",\"publisher\":{\"@id\":\"https:\\\/\\\/egytourpackages.com\\\/cs\\\/#organization\"},\"potentialAction\":[{\"@type\":\"SearchAction\",\"target\":{\"@type\":\"EntryPoint\",\"urlTemplate\":\"https:\\\/\\\/egytourpackages.com\\\/cs\\\/?s={search_term_string}\"},\"query-input\":{\"@type\":\"PropertyValueSpecification\",\"valueRequired\":true,\"valueName\":\"search_term_string\"}}],\"inLanguage\":\"cs\"},{\"@type\":[\"Organization\",\"Place\",\"TravelAgency\"],\"@id\":\"https:\\\/\\\/egytourpackages.com\\\/cs\\\/#organization\",\"name\":\"egypt tour packages\",\"alternateName\":\"egypt tour packages\",\"url\":\"https:\\\/\\\/egytourpackages.com\\\/cs\\\/\",\"logo\":{\"@id\":\"https:\\\/\\\/egytourpackages.com\\\/cs\\\/prohlidky\\\/ostrove-bianca-utopia-ze-safagy-all-inclusive\\\/#local-main-organization-logo\"},\"image\":{\"@id\":\"https:\\\/\\\/egytourpackages.com\\\/cs\\\/prohlidky\\\/ostrove-bianca-utopia-ze-safagy-all-inclusive\\\/#local-main-organization-logo\"},\"sameAs\":[\"https:\\\/\\\/www.facebook.com\\\/egytourpackages\"],\"legalName\":\"Egy tour packages\",\"address\":{\"@id\":\"https:\\\/\\\/egytourpackages.com\\\/cs\\\/prohlidky\\\/ostrove-bianca-utopia-ze-safagy-all-inclusive\\\/#local-main-place-address\"},\"telephone\":[\"00201000852186\",\"00201028685533\"],\"contactPoint\":{\"@type\":\"ContactPoint\",\"telephone\":\"00201000852186\"},\"openingHoursSpecification\":[{\"@type\":\"OpeningHoursSpecification\",\"dayOfWeek\":[\"Monday\",\"Tuesday\",\"Wednesday\",\"Thursday\",\"Friday\",\"Saturday\",\"Sunday\"],\"opens\":\"00:00\",\"closes\":\"23:59\"}],\"email\":\"info@egytourpackages.com\",\"areaServed\":\"Cairo, Hurghada, Luxor, Sharm El Sheikh, Marsa Alam, Aswan\",\"priceRange\":\"$\",\"currenciesAccepted\":\"euro\",\"paymentAccepted\":\"Payment links online\"},{\"@type\":\"PostalAddress\",\"@id\":\"https:\\\/\\\/egytourpackages.com\\\/cs\\\/prohlidky\\\/ostrove-bianca-utopia-ze-safagy-all-inclusive\\\/#local-main-place-address\",\"streetAddress\":\"Mubarak 8, Al Kawthar District, Hurghada\",\"addressLocality\":\"Hurghada\",\"postalCode\":\"84511\",\"addressRegion\":\"Red Sea\",\"addressCountry\":\"EG\"},{\"@type\":\"ImageObject\",\"inLanguage\":\"cs\",\"@id\":\"https:\\\/\\\/egytourpackages.com\\\/cs\\\/prohlidky\\\/ostrove-bianca-utopia-ze-safagy-all-inclusive\\\/#local-main-organization-logo\",\"url\":\"https:\\\/\\\/egytourpackages.com\\\/wp-content\\\/uploads\\\/2025\\\/12\\\/Turquoise-Dahabiya-Nile-Cruise-1.jpeg\",\"contentUrl\":\"https:\\\/\\\/egytourpackages.com\\\/wp-content\\\/uploads\\\/2025\\\/12\\\/Turquoise-Dahabiya-Nile-Cruise-1.jpeg\",\"width\":1040,\"height\":694,\"caption\":\"egypt tour packages\"}]}<\/script>\n<meta property=\"product:brand\" content=\"Jednodenn\u00ed v\u00fdlety po Egypt\u011b\" \/>\n<meta property=\"product:price:amount\" content=\"0\" \/>\n<meta property=\"product:price:currency\" content=\"EUR\" \/>\n<meta property=\"og:availability\" content=\"instock\" \/>\n<meta property=\"product:availability\" content=\"instock\" \/>\n<meta property=\"product:retailer_item_id\" content=\"SBE11\" \/>\n<meta property=\"product:condition\" content=\"new\" \/>\n<meta name=\"geo.placename\" content=\"Hurghada\" \/>\n<meta name=\"geo.region\" content=\"Egypt\" \/>\n<!-- \/ Yoast SEO Premium plugin. -->","yoast_head_json":{"title":"Ostrov\u011b Bianca Utopia ze Safagy all-inclusive","description":"\u0160norchlov\u00e1n\u00ed Ostrov\u011b Bianca Utopia ze Safagy all-inclusive. Vybaven\u00ed, ob\u011bd a neomezen\u00e9 n\u00e1poje v r\u00e1ji. Ide\u00e1ln\u00ed denn\u00ed v\u00fdlet!","robots":{"index":"index","follow":"follow","max-snippet":"max-snippet:-1","max-image-preview":"max-image-preview:large","max-video-preview":"max-video-preview:-1"},"canonical":"https:\/\/egytourpackages.com\/cs\/prohlidky\/ostrove-bianca-utopia-ze-safagy-all-inclusive\/","og_locale":"cs_CZ","og_type":"article","og_title":"Nejlep\u0161\u00ed \u0161norchlovac\u00ed v\u00fdlet v Safaze","og_description":"\u0160norchlov\u00e1n\u00ed Ostrov\u011b Bianca Utopia ze Safagy all-inclusive. Vybaven\u00ed, ob\u011bd a neomezen\u00e9 n\u00e1poje v r\u00e1ji. Ide\u00e1ln\u00ed denn\u00ed v\u00fdlet!","og_url":"https:\/\/egytourpackages.com\/cs\/prohlidky\/ostrove-bianca-utopia-ze-safagy-all-inclusive\/","og_site_name":"Z\u00e1jezdy po Egypt\u011b","article_publisher":"https:\/\/www.facebook.com\/egytourpackages","article_modified_time":"2026-01-28T02:49:07+00:00","og_image":[{"url":"https:\/\/egytourpackages.com\/wp-content\/uploads\/2023\/08\/Safaga-best-Snorkeling-Trip-1024x682.jpg","type":"","width":"","height":""}],"twitter_card":"summary_large_image","twitter_title":"Nejlep\u0161\u00ed \u0161norchlovac\u00ed v\u00fdlet v Safaze","twitter_description":"\u0160norchlov\u00e1n\u00ed Ostrov\u011b Bianca Utopia ze Safagy all-inclusive. Vybaven\u00ed, ob\u011bd a neomezen\u00e9 n\u00e1poje v r\u00e1ji. Ide\u00e1ln\u00ed denn\u00ed v\u00fdlet!","twitter_image":"https:\/\/egytourpackages.com\/wp-content\/uploads\/2023\/08\/Safaga-best-Snorkeling-Trip-1024x682.jpg","twitter_misc":{"Cena":"&euro;0","Dostupnost":"Skladem"},"schema":{"@context":"https:\/\/schema.org","@graph":[{"@type":"WebPage","@id":"https:\/\/egytourpackages.com\/cs\/prohlidky\/ostrove-bianca-utopia-ze-safagy-all-inclusive\/","url":"https:\/\/egytourpackages.com\/cs\/prohlidky\/ostrove-bianca-utopia-ze-safagy-all-inclusive\/","name":"Ostrov\u011b Bianca Utopia ze Safagy all-inclusive","isPartOf":{"@id":"https:\/\/egytourpackages.com\/cs\/#website"},"primaryImageOfPage":{"@id":"https:\/\/egytourpackages.com\/cs\/prohlidky\/ostrove-bianca-utopia-ze-safagy-all-inclusive\/#primaryimage"},"image":{"@id":"https:\/\/egytourpackages.com\/cs\/prohlidky\/ostrove-bianca-utopia-ze-safagy-all-inclusive\/#primaryimage"},"thumbnailUrl":"https:\/\/egytourpackages.com\/wp-content\/uploads\/2023\/08\/Bianca-Island-Utopia-Safaga.jpeg","datePublished":"2023-08-22T11:14:52+00:00","dateModified":"2026-01-28T02:49:07+00:00","description":"\u0160norchlov\u00e1n\u00ed Ostrov\u011b Bianca Utopia ze Safagy all-inclusive. Vybaven\u00ed, ob\u011bd a neomezen\u00e9 n\u00e1poje v r\u00e1ji. Ide\u00e1ln\u00ed denn\u00ed v\u00fdlet!","breadcrumb":{"@id":"https:\/\/egytourpackages.com\/cs\/prohlidky\/ostrove-bianca-utopia-ze-safagy-all-inclusive\/#breadcrumb"},"inLanguage":"cs","potentialAction":[{"@type":"ReadAction","target":["https:\/\/egytourpackages.com\/cs\/prohlidky\/ostrove-bianca-utopia-ze-safagy-all-inclusive\/"]}]},{"@type":"ImageObject","inLanguage":"cs","@id":"https:\/\/egytourpackages.com\/cs\/prohlidky\/ostrove-bianca-utopia-ze-safagy-all-inclusive\/#primaryimage","url":"https:\/\/egytourpackages.com\/wp-content\/uploads\/2023\/08\/Bianca-Island-Utopia-Safaga.jpeg","contentUrl":"https:\/\/egytourpackages.com\/wp-content\/uploads\/2023\/08\/Bianca-Island-Utopia-Safaga.jpeg","width":1250,"height":833,"caption":"Ostrov Bianca Utopia, Safaga"},{"@type":"BreadcrumbList","@id":"https:\/\/egytourpackages.com\/cs\/prohlidky\/ostrove-bianca-utopia-ze-safagy-all-inclusive\/#breadcrumb","itemListElement":[{"@type":"ListItem","position":1,"name":"Dom\u016f","item":"https:\/\/egytourpackages.com\/cs\/balicky-vyletu-po-egypte\/"},{"@type":"ListItem","position":2,"name":"Shop","item":"https:\/\/egytourpackages.com\/cs\/shop\/"},{"@type":"ListItem","position":3,"name":"Ostrov\u011b Bianca Utopia ze Safagy all-inclusive"}]},{"@type":"WebSite","@id":"https:\/\/egytourpackages.com\/cs\/#website","url":"https:\/\/egytourpackages.com\/cs\/","name":"Egy tour packages","description":"","publisher":{"@id":"https:\/\/egytourpackages.com\/cs\/#organization"},"potentialAction":[{"@type":"SearchAction","target":{"@type":"EntryPoint","urlTemplate":"https:\/\/egytourpackages.com\/cs\/?s={search_term_string}"},"query-input":{"@type":"PropertyValueSpecification","valueRequired":true,"valueName":"search_term_string"}}],"inLanguage":"cs"},{"@type":["Organization","Place","TravelAgency"],"@id":"https:\/\/egytourpackages.com\/cs\/#organization","name":"egypt tour packages","alternateName":"egypt tour packages","url":"https:\/\/egytourpackages.com\/cs\/","logo":{"@id":"https:\/\/egytourpackages.com\/cs\/prohlidky\/ostrove-bianca-utopia-ze-safagy-all-inclusive\/#local-main-organization-logo"},"image":{"@id":"https:\/\/egytourpackages.com\/cs\/prohlidky\/ostrove-bianca-utopia-ze-safagy-all-inclusive\/#local-main-organization-logo"},"sameAs":["https:\/\/www.facebook.com\/egytourpackages"],"legalName":"Egy tour packages","address":{"@id":"https:\/\/egytourpackages.com\/cs\/prohlidky\/ostrove-bianca-utopia-ze-safagy-all-inclusive\/#local-main-place-address"},"telephone":["00201000852186","00201028685533"],"contactPoint":{"@type":"ContactPoint","telephone":"00201000852186"},"openingHoursSpecification":[{"@type":"OpeningHoursSpecification","dayOfWeek":["Monday","Tuesday","Wednesday","Thursday","Friday","Saturday","Sunday"],"opens":"00:00","closes":"23:59"}],"email":"info@egytourpackages.com","areaServed":"Cairo, Hurghada, Luxor, Sharm El Sheikh, Marsa Alam, Aswan","priceRange":"$","currenciesAccepted":"euro","paymentAccepted":"Payment links online"},{"@type":"PostalAddress","@id":"https:\/\/egytourpackages.com\/cs\/prohlidky\/ostrove-bianca-utopia-ze-safagy-all-inclusive\/#local-main-place-address","streetAddress":"Mubarak 8, Al Kawthar District, Hurghada","addressLocality":"Hurghada","postalCode":"84511","addressRegion":"Red Sea","addressCountry":"EG"},{"@type":"ImageObject","inLanguage":"cs","@id":"https:\/\/egytourpackages.com\/cs\/prohlidky\/ostrove-bianca-utopia-ze-safagy-all-inclusive\/#local-main-organization-logo","url":"https:\/\/egytourpackages.com\/wp-content\/uploads\/2025\/12\/Turquoise-Dahabiya-Nile-Cruise-1.jpeg","contentUrl":"https:\/\/egytourpackages.com\/wp-content\/uploads\/2025\/12\/Turquoise-Dahabiya-Nile-Cruise-1.jpeg","width":1040,"height":694,"caption":"egypt tour packages"}]},"product_brand":"Jednodenn\u00ed v\u00fdlety po Egypt\u011b","product_price_currency":"EUR","og_availability":"instock","product_availability":"instock","product_retailer_item_id":"SBE11","product_condition":"new","geo.placename":"Hurghada","geo.region":"Egypt"},"_links":{"self":[{"href":"https:\/\/egytourpackages.com\/cs\/wp-json\/wp\/v2\/product\/5464","targetHints":{"allow":["GET"]}}],"collection":[{"href":"https:\/\/egytourpackages.com\/cs\/wp-json\/wp\/v2\/product"}],"about":[{"href":"https:\/\/egytourpackages.com\/cs\/wp-json\/wp\/v2\/types\/product"}],"replies":[{"embeddable":true,"href":"https:\/\/egytourpackages.com\/cs\/wp-json\/wp\/v2\/comments?post=5464"}],"wp:featuredmedia":[{"embeddable":true,"href":"https:\/\/egytourpackages.com\/cs\/wp-json\/wp\/v2\/media\/5444"}],"wp:attachment":[{"href":"https:\/\/egytourpackages.com\/cs\/wp-json\/wp\/v2\/media?parent=5464"}],"wp:term":[{"taxonomy":"product_brand","embeddable":true,"href":"https:\/\/egytourpackages.com\/cs\/wp-json\/wp\/v2\/product_brand?post=5464"},{"taxonomy":"product_cat","embeddable":true,"href":"https:\/\/egytourpackages.com\/cs\/wp-json\/wp\/v2\/product_cat?post=5464"},{"taxonomy":"product_tag","embeddable":true,"href":"https:\/\/egytourpackages.com\/cs\/wp-json\/wp\/v2\/product_tag?post=5464"}],"curies":[{"name":"wp","href":"https:\/\/api.w.org\/{rel}","templated":true}]}}