{"id":5465,"date":"2023-08-22T17:07:45","date_gmt":"2023-08-22T17:07:45","guid":{"rendered":"https:\/\/egytourpackages.com\/product\/snorchlovaci-vylet-lodi-ze-sahl-hasheesh\/"},"modified":"2026-01-28T20:42:28","modified_gmt":"2026-01-28T20:42:28","slug":"snorchlovaci-vylet-lodi-ze-sahl-hasheesh","status":"publish","type":"product","link":"https:\/\/egytourpackages.com\/cs\/prohlidky\/snorchlovaci-vylet-lodi-ze-sahl-hasheesh\/","title":{"rendered":"\u0160norchlovac\u00ed v\u00fdlet lod\u00ed ze Sahl Hasheesh"},"content":{"rendered":"<p><span style=\"color: #ff6600;\"><strong>\u0160norchlovac\u00ed v\u00fdlet lod\u00ed ze Sahl Hasheesh<\/strong>\u00a0<\/span><\/p>\n<p>P\u0159ipravte se na neuv\u011b\u0159iteln\u00fd <strong>\u0161norchlovac\u00ed v\u00fdlet lod\u00ed ze Sahl Hasheesh<\/strong>, co\u017e je jedna z <strong>nejlep\u0161\u00edch aktivit v Sahl Hasheesh<\/strong>. Tato <strong>\u0161norchlovac\u00ed plavba po mo\u0159i<\/strong> nab\u00edz\u00ed dokonalou kombinaci dobrodru\u017estv\u00ed a odpo\u010dinku a pono\u0159\u00ed v\u00e1s do dechberouc\u00ed kr\u00e1sy <strong>Rud\u00e9ho mo\u0159e<\/strong>. Jako pr\u00e9miov\u00fd <strong>v\u00fdlet ze Sahl Hasheesh<\/strong> v\u00e1s tato all-inclusive plavba zaveze na ta nej\u00fa\u017easn\u011bj\u0161\u00ed <strong>m\u00edsta pro \u0161norchlov\u00e1n\u00ed<\/strong> na pohodln\u00e9 lodi.<\/p>\n<p>Tato plavba je skv\u011bl\u00fdm zp\u016fsobem, jak prozkoumat slavn\u00e9 <strong>kor\u00e1lov\u00e9 \u00fatesy Rud\u00e9ho mo\u0159e<\/strong>. Budete m\u00edt \u0161anci sko\u010dit do <strong>k\u0159i\u0161\u0165\u00e1lov\u011b \u010dist\u00e9 vody<\/strong> a b\u00fdt sv\u011bdky \u017eiv\u00e9ho podmo\u0159sk\u00e9ho sv\u011bta. D\u00e1vejte pozor na hrav\u00e9 <strong>delf\u00edny v Egypt\u011b<\/strong>, kte\u0159\u00ed \u010dasto plavou pod\u00e9l lodi, co\u017e dod\u00e1 va\u0161emu dni skute\u010dn\u011b kouzeln\u00fd n\u00e1dech.<\/p>\n<p>V\u00fdlet obvykle zahrnuje dv\u011b r\u016fzn\u00e9 zast\u00e1vky na \u0161norchlov\u00e1n\u00ed, z nich\u017e ka\u017ed\u00e1 poskytuje jedine\u010dn\u00fd pohled na rozmanit\u00fd <strong>mo\u0159sk\u00fd \u017eivot v Rud\u00e9m mo\u0159i<\/strong>. Ve\u0161ker\u00e9 pot\u0159ebn\u00e9 <strong>\u0161norchlovac\u00ed vybaven\u00ed<\/strong>, v\u010detn\u011b masek, ploutv\u00ed a z\u00e1chrann\u00fdch vest, je k dispozici na palub\u011b. Pro dopln\u011bn\u00ed energie na cel\u00fd den pr\u016fzkumu bude pod\u00e1v\u00e1n \u010derstv\u011b uva\u0159en\u00fd <strong>ob\u011bd<\/strong>. Pro trochu extra vzru\u0161en\u00ed m\u016f\u017eete m\u00edt tak\u00e9 mo\u017enost vyzkou\u0161et vzru\u0161uj\u00edc\u00ed <strong>vodn\u00ed sporty<\/strong>, jako je <strong>Banana Boat<\/strong> a <strong>Sofa Boat<\/strong>.<\/p>\n<p>V\u00e1\u0161 den za\u010d\u00edn\u00e1 pohodln\u00fdm <strong>vyzvednut\u00edm v hotelu<\/strong> v Sahl Hasheesh, co\u017e zaji\u0161\u0165uje za\u010d\u00e1tek va\u0161eho dobrodru\u017estv\u00ed bez stresu. Plavba je all-inclusive, s lahodn\u00fdm ob\u011bdem, ob\u010derstven\u00edm a neomezen\u00fdmi tepl\u00fdmi a studen\u00fdmi n\u00e1poji. Po cel\u00e9m dni z\u00e1bavy budete odvezeni zp\u011bt do va\u0161eho hotelu, plni nezapomenuteln\u00fdch vzpom\u00ednek z va\u0161eho <strong>\u0161norchlovac\u00edho v\u00fdletu lod\u00ed<\/strong>.<\/p>\n<h3><span style=\"color: #ff6600;\">Hlavn\u00ed body v\u00fdletu<\/span><\/h3>\n<ul>\n<li>Dv\u011b zast\u00e1vky na \u0161norchlov\u00e1n\u00ed na dvou r\u016fzn\u00fdch m\u00edstech<\/li>\n<li>\u010cerstv\u011b uva\u0159en\u00fd ob\u011bd na palub\u011b<\/li>\n<li>Vodn\u00ed sporty, jako je Banana Boat a Sofa Boat<\/li>\n<\/ul>\n<h3><span style=\"color: #ff6600;\">Podrobnosti o v\u00fdletu<\/span><\/h3>\n<ul>\n<li>D\u00e9lka: 8 hodin<\/li>\n<li>M\u00edsto: Rud\u00e9 mo\u0159e<\/li>\n<li>Dostupnost v\u00fdletu: Denn\u011b<\/li>\n<li>Typ v\u00fdletu: Skupinov\u00fd<\/li>\n<li>Vyzvednut\u00ed a odvoz: V\u00e1\u0161 hotel v Sahl Hasheesh<\/li>\n<li>Invalidn\u00ed voz\u00edk: Bezbari\u00e9rov\u00fd p\u0159\u00edstup<\/li>\n<\/ul>\n<h3><span style=\"color: #ff6600;\">Zahrnuto<\/span><\/h3>\n<ul>\n<li>Zp\u00e1te\u010dn\u00ed transfer z va\u0161eho hotelu v Sahl Hasheesh<\/li>\n<li>\u0160norchlovac\u00ed vybaven\u00ed, jako je z\u00e1chrann\u00e1 vesta, maska, ploutve<\/li>\n<li>Pr\u016fvodce pro \u0161norchlov\u00e1n\u00ed<\/li>\n<li>\u010cerstv\u011b uva\u0159en\u00fd ob\u011bd na palub\u011b<\/li>\n<li>Miner\u00e1ln\u00ed voda, tepl\u00e9 a studen\u00e9 n\u00e1poje po cel\u00fd den<\/li>\n<\/ul>\n<h3><span style=\"color: #ff6600;\">Nen\u00ed zahrnuto<\/span><\/h3>\n<ul>\n<li>DVD a fotografie od kameramana<\/li>\n<li>Spropitn\u00e9<\/li>\n<li>Pot\u00e1p\u011bn\u00ed<\/li>\n<\/ul>\n<h3><span style=\"color: #ff6600;\">Co si sbalit<\/span><\/h3>\n<ul>\n<li>Vlastn\u00ed ru\u010dn\u00edk z hotelu<\/li>\n<li>Klobouk nebo \u0161\u00e1tek<\/li>\n<li>Opalovac\u00ed kr\u00e9m<\/li>\n<li>Slune\u010dn\u00ed br\u00fdle<\/li>\n<li>Pohodlnou obuv<\/li>\n<li>Plavky<\/li>\n<li>Trochu hotovosti na osobn\u00ed v\u00fddaje<\/li>\n<\/ul>\n<h3><span style=\"color: #ff6600;\">Cena \u0161norchlovac\u00edho v\u00fdletu lod\u00ed ze Sahl Hasheesh<\/span><\/h3>\n<ul>\n<li>Cena pro dosp\u011bl\u00e9 = 30 \u20ac<\/li>\n<li>D\u011bti 0-5 let = zdarma<\/li>\n<li>D\u011bti 5-11 let = 50 % z ceny pro dosp\u011bl\u00e9<\/li>\n<\/ul>\n<h3><span style=\"color: #ff6600;\">Rezervace<\/span><\/h3>\n<p>Sv\u016fj v\u00fdlet si m\u016f\u017eete zarezervovat p\u0159es WhatsApp nebo n\u00e1m poslat e-mail a obdr\u017e\u00edte okam\u017eit\u00e9 potvrzen\u00ed. Pros\u00edme, za\u0161lete n\u00e1m n\u00e1zev va\u0161eho hotelu, \u010d\u00edslo pokoje a kopie pas\u016f.<\/p>\n<p>WhatsApp: +201000852186<\/p>\n<p>info@egytourpackages.com<\/p>\n<h3><span style=\"color: #ff6600;\">Rezervujte nyn\u00ed a zapla\u0165te na m\u00edst\u011b<\/span><\/h3>\n<p>Zarezervujte si sv\u016fj obl\u00edben\u00fd v\u00fdlet a zapla\u0165te v den cesty. M\u016f\u017eete platit v egyptsk\u00fdch libr\u00e1ch, $, \u20ac nebo \u00a3.<\/p>\n<h3><span style=\"color: #ff6600;\">Storno podm\u00ednky<\/span><\/h3>\n<ul>\n<li>Zru\u0161en\u00ed je zdarma a\u017e 24 hodin p\u0159edem<\/li>\n<li>Rann\u00ed zru\u0161en\u00ed je zpoplatn\u011bno 50 % z ceny<\/li>\n<\/ul>\n","protected":false},"excerpt":{"rendered":"<p>Prozkoumejte \u00fachvatn\u00e9 Rud\u00e9 mo\u0159e na \u0160norchlovac\u00ed v\u00fdlet lod\u00ed ze Sahl Hasheesh . Objevte kor\u00e1lov\u00e9 \u00fatesy, mo\u0159sk\u00fd \u017eivot a u\u017eijte si vodn\u00ed sporty.<\/p>\n","protected":false},"featured_media":2953,"comment_status":"open","ping_status":"closed","template":"","meta":[],"product_brand":[],"product_cat":[1466],"product_tag":[2372,1470,2878],"class_list":{"0":"post-5465","1":"product","2":"type-product","3":"status-publish","4":"has-post-thumbnail","6":"product_cat-vylety","7":"product_tag-exkurze-ze-sahl-hasheeshe","8":"product_tag-jednodenni-vylety-po-egypte","9":"product_tag-nejlepsi-aktivity-v-sahl-hasheesh","10":"tour_category-jednodenni-vylety-po-egypte-cs","11":"tour_category-snorchlovaci-vylety-v-hurghade","12":"tour_category-vylety-do-sahl-hasheesh","14":"first","15":"instock","16":"sale","17":"shipping-taxable","18":"purchasable","19":"product-type-tour","20":"has-default-attributes"},"yoast_head":"<!-- This site is optimized with the Yoast SEO Premium plugin v27.2 (Yoast SEO v27.2) - https:\/\/yoast.com\/product\/yoast-seo-premium-wordpress\/ -->\n<title>\u0160norchlovac\u00ed v\u00fdlet lod\u00ed ze Sahl Hasheesh<\/title>\n<meta name=\"description\" content=\"Prozkoumejte \u00fachvatn\u00e9 Rud\u00e9 mo\u0159e na \u0160norchlovac\u00ed v\u00fdlet lod\u00ed ze Sahl Hasheesh . Objevte kor\u00e1lov\u00e9 \u00fatesy, mo\u0159sk\u00fd \u017eivot a u\u017eijte si vodn\u00ed sporty.\" \/>\n<meta name=\"robots\" content=\"index, follow, max-snippet:-1, max-image-preview:large, max-video-preview:-1\" \/>\n<link rel=\"canonical\" href=\"https:\/\/egytourpackages.com\/cs\/prohlidky\/snorchlovaci-vylet-lodi-ze-sahl-hasheesh\/\" \/>\n<meta property=\"og:locale\" content=\"cs_CZ\" \/>\n<meta property=\"og:type\" content=\"article\" \/>\n<meta property=\"og:title\" content=\"\u0160norchlovac\u00ed v\u00fdlet lod\u00ed ze Sahl Hasheesh\" \/>\n<meta property=\"og:description\" content=\"Prozkoumejte \u00fachvatn\u00e9 Rud\u00e9 mo\u0159e na \u0160norchlovac\u00ed v\u00fdlet lod\u00ed ze Sahl Hasheesh . Objevte kor\u00e1lov\u00e9 \u00fatesy, mo\u0159sk\u00fd \u017eivot a u\u017eijte si vodn\u00ed sporty.\" \/>\n<meta property=\"og:url\" content=\"https:\/\/egytourpackages.com\/cs\/prohlidky\/snorchlovaci-vylet-lodi-ze-sahl-hasheesh\/\" \/>\n<meta property=\"og:site_name\" content=\"Z\u00e1jezdy po Egypt\u011b\" \/>\n<meta property=\"article:publisher\" content=\"https:\/\/www.facebook.com\/egytourpackages\" \/>\n<meta property=\"article:modified_time\" content=\"2026-01-28T20:42:28+00:00\" \/>\n<meta property=\"og:image\" content=\"https:\/\/egytourpackages.com\/wp-content\/uploads\/2023\/08\/Snorkeling-Boat-Trip-from-Sahl-Hasheesh-1024x682.jpg\" \/>\n<meta name=\"twitter:card\" content=\"summary_large_image\" \/>\n<meta name=\"twitter:title\" content=\"\u0160norchlovac\u00ed v\u00fdlet lod\u00ed ze Sahl Hasheesh\" \/>\n<meta name=\"twitter:description\" content=\"Prozkoumejte \u00fachvatn\u00e9 Rud\u00e9 mo\u0159e na \u0160norchlovac\u00ed v\u00fdlet lod\u00ed ze Sahl Hasheesh . Objevte kor\u00e1lov\u00e9 \u00fatesy, mo\u0159sk\u00fd \u017eivot a u\u017eijte si vodn\u00ed sporty.\" \/>\n<meta name=\"twitter:image\" content=\"https:\/\/egytourpackages.com\/wp-content\/uploads\/2023\/08\/Snorkeling-Boat-Trip-from-Sahl-Hasheesh-1024x682.jpg\" \/>\n<meta name=\"twitter:label1\" content=\"Cena\" \/>\n\t<meta name=\"twitter:data1\" content=\"&euro;30\" \/>\n\t<meta name=\"twitter:label2\" content=\"Dostupnost\" \/>\n\t<meta name=\"twitter:data2\" content=\"Skladem\" \/>\n<script type=\"application\/ld+json\" class=\"yoast-schema-graph\">{\"@context\":\"https:\/\/schema.org\",\"@graph\":[{\"@type\":\"WebPage\",\"@id\":\"https:\/\/egytourpackages.com\/cs\/prohlidky\/snorchlovaci-vylet-lodi-ze-sahl-hasheesh\/\",\"url\":\"https:\/\/egytourpackages.com\/cs\/prohlidky\/snorchlovaci-vylet-lodi-ze-sahl-hasheesh\/\",\"name\":\"\u0160norchlovac\u00ed v\u00fdlet lod\u00ed ze Sahl Hasheesh\",\"isPartOf\":{\"@id\":\"https:\/\/egytourpackages.com\/cs\/#website\"},\"primaryImageOfPage\":{\"@id\":\"https:\/\/egytourpackages.com\/cs\/prohlidky\/snorchlovaci-vylet-lodi-ze-sahl-hasheesh\/#primaryimage\"},\"image\":{\"@id\":\"https:\/\/egytourpackages.com\/cs\/prohlidky\/snorchlovaci-vylet-lodi-ze-sahl-hasheesh\/#primaryimage\"},\"thumbnailUrl\":\"https:\/\/egytourpackages.com\/wp-content\/uploads\/2023\/08\/Snorkeling-Boat-Trip-from-Sahl-Hasheesh.jpg\",\"datePublished\":\"2023-08-22T17:07:45+00:00\",\"dateModified\":\"2026-01-28T20:42:28+00:00\",\"description\":\"Prozkoumejte \u00fachvatn\u00e9 Rud\u00e9 mo\u0159e na \u0160norchlovac\u00ed v\u00fdlet lod\u00ed ze Sahl Hasheesh . Objevte kor\u00e1lov\u00e9 \u00fatesy, mo\u0159sk\u00fd \u017eivot a u\u017eijte si vodn\u00ed sporty.\",\"breadcrumb\":{\"@id\":\"https:\/\/egytourpackages.com\/cs\/prohlidky\/snorchlovaci-vylet-lodi-ze-sahl-hasheesh\/#breadcrumb\"},\"inLanguage\":\"cs\",\"potentialAction\":[{\"@type\":\"ReadAction\",\"target\":[\"https:\/\/egytourpackages.com\/cs\/prohlidky\/snorchlovaci-vylet-lodi-ze-sahl-hasheesh\/\"]}]},{\"@type\":\"ImageObject\",\"inLanguage\":\"cs\",\"@id\":\"https:\/\/egytourpackages.com\/cs\/prohlidky\/snorchlovaci-vylet-lodi-ze-sahl-hasheesh\/#primaryimage\",\"url\":\"https:\/\/egytourpackages.com\/wp-content\/uploads\/2023\/08\/Snorkeling-Boat-Trip-from-Sahl-Hasheesh.jpg\",\"contentUrl\":\"https:\/\/egytourpackages.com\/wp-content\/uploads\/2023\/08\/Snorkeling-Boat-Trip-from-Sahl-Hasheesh.jpg\",\"width\":2000,\"height\":1333,\"caption\":\"\u0160norchlovac\u00ed v\u00fdlet lod\u00ed ze Sahl Hasheesh\"},{\"@type\":\"BreadcrumbList\",\"@id\":\"https:\/\/egytourpackages.com\/cs\/prohlidky\/snorchlovaci-vylet-lodi-ze-sahl-hasheesh\/#breadcrumb\",\"itemListElement\":[{\"@type\":\"ListItem\",\"position\":1,\"name\":\"Dom\u016f\",\"item\":\"https:\/\/egytourpackages.com\/cs\/balicky-vyletu-po-egypte\/\"},{\"@type\":\"ListItem\",\"position\":2,\"name\":\"Shop\",\"item\":\"https:\/\/egytourpackages.com\/cs\/shop\/\"},{\"@type\":\"ListItem\",\"position\":3,\"name\":\"\u0160norchlovac\u00ed v\u00fdlet lod\u00ed ze Sahl Hasheesh\"}]},{\"@type\":\"WebSite\",\"@id\":\"https:\/\/egytourpackages.com\/cs\/#website\",\"url\":\"https:\/\/egytourpackages.com\/cs\/\",\"name\":\"Egy tour packages\",\"description\":\"\",\"publisher\":{\"@id\":\"https:\/\/egytourpackages.com\/cs\/#organization\"},\"potentialAction\":[{\"@type\":\"SearchAction\",\"target\":{\"@type\":\"EntryPoint\",\"urlTemplate\":\"https:\/\/egytourpackages.com\/cs\/?s={search_term_string}\"},\"query-input\":{\"@type\":\"PropertyValueSpecification\",\"valueRequired\":true,\"valueName\":\"search_term_string\"}}],\"inLanguage\":\"cs\"},{\"@type\":[\"Organization\",\"Place\",\"TravelAgency\"],\"@id\":\"https:\/\/egytourpackages.com\/cs\/#organization\",\"name\":\"egypt tour packages\",\"alternateName\":\"egypt tour packages\",\"url\":\"https:\/\/egytourpackages.com\/cs\/\",\"logo\":{\"@id\":\"https:\/\/egytourpackages.com\/cs\/prohlidky\/snorchlovaci-vylet-lodi-ze-sahl-hasheesh\/#local-main-organization-logo\"},\"image\":{\"@id\":\"https:\/\/egytourpackages.com\/cs\/prohlidky\/snorchlovaci-vylet-lodi-ze-sahl-hasheesh\/#local-main-organization-logo\"},\"sameAs\":[\"https:\/\/www.facebook.com\/egytourpackages\"],\"legalName\":\"Egy tour packages\",\"address\":{\"@id\":\"https:\/\/egytourpackages.com\/cs\/prohlidky\/snorchlovaci-vylet-lodi-ze-sahl-hasheesh\/#local-main-place-address\"},\"telephone\":[\"00201000852186\",\"00201028685533\"],\"contactPoint\":{\"@type\":\"ContactPoint\",\"telephone\":\"00201000852186\"},\"openingHoursSpecification\":[{\"@type\":\"OpeningHoursSpecification\",\"dayOfWeek\":[\"Monday\",\"Tuesday\",\"Wednesday\",\"Thursday\",\"Friday\",\"Saturday\",\"Sunday\"],\"opens\":\"00:00\",\"closes\":\"23:59\"}],\"email\":\"info@egytourpackages.com\",\"areaServed\":\"Cairo, Hurghada, Luxor, Sharm El Sheikh, Marsa Alam, Aswan\",\"priceRange\":\"$\",\"currenciesAccepted\":\"euro\",\"paymentAccepted\":\"Payment links online\"},{\"@type\":\"PostalAddress\",\"@id\":\"https:\/\/egytourpackages.com\/cs\/prohlidky\/snorchlovaci-vylet-lodi-ze-sahl-hasheesh\/#local-main-place-address\",\"streetAddress\":\"Mubarak 8, Al Kawthar District, Hurghada\",\"addressLocality\":\"Hurghada\",\"postalCode\":\"84511\",\"addressRegion\":\"Red Sea\",\"addressCountry\":\"EG\"},{\"@type\":\"ImageObject\",\"inLanguage\":\"cs\",\"@id\":\"https:\/\/egytourpackages.com\/cs\/prohlidky\/snorchlovaci-vylet-lodi-ze-sahl-hasheesh\/#local-main-organization-logo\",\"url\":\"https:\/\/egytourpackages.com\/wp-content\/uploads\/2025\/12\/Turquoise-Dahabiya-Nile-Cruise-1.jpeg\",\"contentUrl\":\"https:\/\/egytourpackages.com\/wp-content\/uploads\/2025\/12\/Turquoise-Dahabiya-Nile-Cruise-1.jpeg\",\"width\":1040,\"height\":694,\"caption\":\"egypt tour packages\"}]}<\/script>\n<meta property=\"product:brand\" content=\"Jednodenn\u00ed v\u00fdlety po Egypt\u011b\" \/>\n<meta property=\"product:price:amount\" content=\"30\" \/>\n<meta property=\"product:price:currency\" content=\"EUR\" \/>\n<meta property=\"og:availability\" content=\"instock\" \/>\n<meta property=\"product:availability\" content=\"instock\" \/>\n<meta property=\"product:retailer_item_id\" content=\"SHDT03\" \/>\n<meta property=\"product:condition\" content=\"new\" \/>\n<meta name=\"geo.placename\" content=\"Hurghada\" \/>\n<meta name=\"geo.region\" content=\"Egypt\" \/>\n<!-- \/ Yoast SEO Premium plugin. -->","yoast_head_json":{"title":"\u0160norchlovac\u00ed v\u00fdlet lod\u00ed ze Sahl Hasheesh","description":"Prozkoumejte \u00fachvatn\u00e9 Rud\u00e9 mo\u0159e na \u0160norchlovac\u00ed v\u00fdlet lod\u00ed ze Sahl Hasheesh . Objevte kor\u00e1lov\u00e9 \u00fatesy, mo\u0159sk\u00fd \u017eivot a u\u017eijte si vodn\u00ed sporty.","robots":{"index":"index","follow":"follow","max-snippet":"max-snippet:-1","max-image-preview":"max-image-preview:large","max-video-preview":"max-video-preview:-1"},"canonical":"https:\/\/egytourpackages.com\/cs\/prohlidky\/snorchlovaci-vylet-lodi-ze-sahl-hasheesh\/","og_locale":"cs_CZ","og_type":"article","og_title":"\u0160norchlovac\u00ed v\u00fdlet lod\u00ed ze Sahl Hasheesh","og_description":"Prozkoumejte \u00fachvatn\u00e9 Rud\u00e9 mo\u0159e na \u0160norchlovac\u00ed v\u00fdlet lod\u00ed ze Sahl Hasheesh . Objevte kor\u00e1lov\u00e9 \u00fatesy, mo\u0159sk\u00fd \u017eivot a u\u017eijte si vodn\u00ed sporty.","og_url":"https:\/\/egytourpackages.com\/cs\/prohlidky\/snorchlovaci-vylet-lodi-ze-sahl-hasheesh\/","og_site_name":"Z\u00e1jezdy po Egypt\u011b","article_publisher":"https:\/\/www.facebook.com\/egytourpackages","article_modified_time":"2026-01-28T20:42:28+00:00","og_image":[{"url":"https:\/\/egytourpackages.com\/wp-content\/uploads\/2023\/08\/Snorkeling-Boat-Trip-from-Sahl-Hasheesh-1024x682.jpg","type":"","width":"","height":""}],"twitter_card":"summary_large_image","twitter_title":"\u0160norchlovac\u00ed v\u00fdlet lod\u00ed ze Sahl Hasheesh","twitter_description":"Prozkoumejte \u00fachvatn\u00e9 Rud\u00e9 mo\u0159e na \u0160norchlovac\u00ed v\u00fdlet lod\u00ed ze Sahl Hasheesh . Objevte kor\u00e1lov\u00e9 \u00fatesy, mo\u0159sk\u00fd \u017eivot a u\u017eijte si vodn\u00ed sporty.","twitter_image":"https:\/\/egytourpackages.com\/wp-content\/uploads\/2023\/08\/Snorkeling-Boat-Trip-from-Sahl-Hasheesh-1024x682.jpg","twitter_misc":{"Cena":"&euro;30","Dostupnost":"Skladem"},"schema":{"@context":"https:\/\/schema.org","@graph":[{"@type":"WebPage","@id":"https:\/\/egytourpackages.com\/cs\/prohlidky\/snorchlovaci-vylet-lodi-ze-sahl-hasheesh\/","url":"https:\/\/egytourpackages.com\/cs\/prohlidky\/snorchlovaci-vylet-lodi-ze-sahl-hasheesh\/","name":"\u0160norchlovac\u00ed v\u00fdlet lod\u00ed ze Sahl Hasheesh","isPartOf":{"@id":"https:\/\/egytourpackages.com\/cs\/#website"},"primaryImageOfPage":{"@id":"https:\/\/egytourpackages.com\/cs\/prohlidky\/snorchlovaci-vylet-lodi-ze-sahl-hasheesh\/#primaryimage"},"image":{"@id":"https:\/\/egytourpackages.com\/cs\/prohlidky\/snorchlovaci-vylet-lodi-ze-sahl-hasheesh\/#primaryimage"},"thumbnailUrl":"https:\/\/egytourpackages.com\/wp-content\/uploads\/2023\/08\/Snorkeling-Boat-Trip-from-Sahl-Hasheesh.jpg","datePublished":"2023-08-22T17:07:45+00:00","dateModified":"2026-01-28T20:42:28+00:00","description":"Prozkoumejte \u00fachvatn\u00e9 Rud\u00e9 mo\u0159e na \u0160norchlovac\u00ed v\u00fdlet lod\u00ed ze Sahl Hasheesh . Objevte kor\u00e1lov\u00e9 \u00fatesy, mo\u0159sk\u00fd \u017eivot a u\u017eijte si vodn\u00ed sporty.","breadcrumb":{"@id":"https:\/\/egytourpackages.com\/cs\/prohlidky\/snorchlovaci-vylet-lodi-ze-sahl-hasheesh\/#breadcrumb"},"inLanguage":"cs","potentialAction":[{"@type":"ReadAction","target":["https:\/\/egytourpackages.com\/cs\/prohlidky\/snorchlovaci-vylet-lodi-ze-sahl-hasheesh\/"]}]},{"@type":"ImageObject","inLanguage":"cs","@id":"https:\/\/egytourpackages.com\/cs\/prohlidky\/snorchlovaci-vylet-lodi-ze-sahl-hasheesh\/#primaryimage","url":"https:\/\/egytourpackages.com\/wp-content\/uploads\/2023\/08\/Snorkeling-Boat-Trip-from-Sahl-Hasheesh.jpg","contentUrl":"https:\/\/egytourpackages.com\/wp-content\/uploads\/2023\/08\/Snorkeling-Boat-Trip-from-Sahl-Hasheesh.jpg","width":2000,"height":1333,"caption":"\u0160norchlovac\u00ed v\u00fdlet lod\u00ed ze Sahl Hasheesh"},{"@type":"BreadcrumbList","@id":"https:\/\/egytourpackages.com\/cs\/prohlidky\/snorchlovaci-vylet-lodi-ze-sahl-hasheesh\/#breadcrumb","itemListElement":[{"@type":"ListItem","position":1,"name":"Dom\u016f","item":"https:\/\/egytourpackages.com\/cs\/balicky-vyletu-po-egypte\/"},{"@type":"ListItem","position":2,"name":"Shop","item":"https:\/\/egytourpackages.com\/cs\/shop\/"},{"@type":"ListItem","position":3,"name":"\u0160norchlovac\u00ed v\u00fdlet lod\u00ed ze Sahl Hasheesh"}]},{"@type":"WebSite","@id":"https:\/\/egytourpackages.com\/cs\/#website","url":"https:\/\/egytourpackages.com\/cs\/","name":"Egy tour packages","description":"","publisher":{"@id":"https:\/\/egytourpackages.com\/cs\/#organization"},"potentialAction":[{"@type":"SearchAction","target":{"@type":"EntryPoint","urlTemplate":"https:\/\/egytourpackages.com\/cs\/?s={search_term_string}"},"query-input":{"@type":"PropertyValueSpecification","valueRequired":true,"valueName":"search_term_string"}}],"inLanguage":"cs"},{"@type":["Organization","Place","TravelAgency"],"@id":"https:\/\/egytourpackages.com\/cs\/#organization","name":"egypt tour packages","alternateName":"egypt tour packages","url":"https:\/\/egytourpackages.com\/cs\/","logo":{"@id":"https:\/\/egytourpackages.com\/cs\/prohlidky\/snorchlovaci-vylet-lodi-ze-sahl-hasheesh\/#local-main-organization-logo"},"image":{"@id":"https:\/\/egytourpackages.com\/cs\/prohlidky\/snorchlovaci-vylet-lodi-ze-sahl-hasheesh\/#local-main-organization-logo"},"sameAs":["https:\/\/www.facebook.com\/egytourpackages"],"legalName":"Egy tour packages","address":{"@id":"https:\/\/egytourpackages.com\/cs\/prohlidky\/snorchlovaci-vylet-lodi-ze-sahl-hasheesh\/#local-main-place-address"},"telephone":["00201000852186","00201028685533"],"contactPoint":{"@type":"ContactPoint","telephone":"00201000852186"},"openingHoursSpecification":[{"@type":"OpeningHoursSpecification","dayOfWeek":["Monday","Tuesday","Wednesday","Thursday","Friday","Saturday","Sunday"],"opens":"00:00","closes":"23:59"}],"email":"info@egytourpackages.com","areaServed":"Cairo, Hurghada, Luxor, Sharm El Sheikh, Marsa Alam, Aswan","priceRange":"$","currenciesAccepted":"euro","paymentAccepted":"Payment links online"},{"@type":"PostalAddress","@id":"https:\/\/egytourpackages.com\/cs\/prohlidky\/snorchlovaci-vylet-lodi-ze-sahl-hasheesh\/#local-main-place-address","streetAddress":"Mubarak 8, Al Kawthar District, Hurghada","addressLocality":"Hurghada","postalCode":"84511","addressRegion":"Red Sea","addressCountry":"EG"},{"@type":"ImageObject","inLanguage":"cs","@id":"https:\/\/egytourpackages.com\/cs\/prohlidky\/snorchlovaci-vylet-lodi-ze-sahl-hasheesh\/#local-main-organization-logo","url":"https:\/\/egytourpackages.com\/wp-content\/uploads\/2025\/12\/Turquoise-Dahabiya-Nile-Cruise-1.jpeg","contentUrl":"https:\/\/egytourpackages.com\/wp-content\/uploads\/2025\/12\/Turquoise-Dahabiya-Nile-Cruise-1.jpeg","width":1040,"height":694,"caption":"egypt tour packages"}]},"product_brand":"Jednodenn\u00ed v\u00fdlety po Egypt\u011b","product_price_amount":"30","product_price_currency":"EUR","og_availability":"instock","product_availability":"instock","product_retailer_item_id":"SHDT03","product_condition":"new","geo.placename":"Hurghada","geo.region":"Egypt"},"_links":{"self":[{"href":"https:\/\/egytourpackages.com\/cs\/wp-json\/wp\/v2\/product\/5465","targetHints":{"allow":["GET"]}}],"collection":[{"href":"https:\/\/egytourpackages.com\/cs\/wp-json\/wp\/v2\/product"}],"about":[{"href":"https:\/\/egytourpackages.com\/cs\/wp-json\/wp\/v2\/types\/product"}],"replies":[{"embeddable":true,"href":"https:\/\/egytourpackages.com\/cs\/wp-json\/wp\/v2\/comments?post=5465"}],"wp:featuredmedia":[{"embeddable":true,"href":"https:\/\/egytourpackages.com\/cs\/wp-json\/wp\/v2\/media\/2953"}],"wp:attachment":[{"href":"https:\/\/egytourpackages.com\/cs\/wp-json\/wp\/v2\/media?parent=5465"}],"wp:term":[{"taxonomy":"product_brand","embeddable":true,"href":"https:\/\/egytourpackages.com\/cs\/wp-json\/wp\/v2\/product_brand?post=5465"},{"taxonomy":"product_cat","embeddable":true,"href":"https:\/\/egytourpackages.com\/cs\/wp-json\/wp\/v2\/product_cat?post=5465"},{"taxonomy":"product_tag","embeddable":true,"href":"https:\/\/egytourpackages.com\/cs\/wp-json\/wp\/v2\/product_tag?post=5465"}],"curies":[{"name":"wp","href":"https:\/\/api.w.org\/{rel}","templated":true}]}}