{"id":5468,"date":"2023-08-22T11:32:17","date_gmt":"2023-08-22T11:32:17","guid":{"rendered":"https:\/\/egytourpackages.com\/product\/snorchlovaci-vylet-lodi-z-hurghady-nejlepsi-vylety-z-hurghady\/"},"modified":"2026-01-28T20:40:57","modified_gmt":"2026-01-28T20:40:57","slug":"snorchlovaci-vylet-lodi-z-hurghady-nejlepsi-vylety-z-hurghady","status":"publish","type":"product","link":"https:\/\/egytourpackages.com\/cs\/prohlidky\/snorchlovaci-vylet-lodi-z-hurghady-nejlepsi-vylety-z-hurghady\/","title":{"rendered":"\u0160norchlovac\u00ed v\u00fdlet lod\u00ed z Hurghady | Nejlep\u0161\u00ed v\u00fdlety z Hurghady"},"content":{"rendered":"<p><strong><span style=\"color: #ff6600;\">\u0160norchlovac\u00ed v\u00fdlet lod\u00ed z Hurghady | Nejlep\u0161\u00ed v\u00fdlety z Hurghady<\/span><\/strong><\/p>\n<p>Zarezervujte si a u\u017eijte si nezapomenuteln\u00fd <strong>\u0161norchlovac\u00ed v\u00fdlet lod\u00ed z Hurghady<\/strong>, kter\u00fd je pova\u017eov\u00e1n za jednu z <strong>nejlep\u0161\u00edch aktivit v Hurghad\u011b<\/strong>. Tato <strong>\u0161norchlovac\u00ed plavba po mo\u0159i<\/strong> je navr\u017eena tak, aby v\u00e1s pono\u0159ila do \u00fachvatn\u00e9 kr\u00e1sy <strong>Rud\u00e9ho mo\u0159e<\/strong> a nab\u00eddla dokonalou kombinaci relaxace a dobrodru\u017estv\u00ed. Jako jeden z nejlep\u0161\u00edch <strong>v\u00fdlet\u016f z Hurghady<\/strong> a p\u0159edn\u00ed <strong>jednodenn\u00ed v\u00fdlet po Egypt\u011b<\/strong> v\u00e1s tato cesta zavede na nej\u00fa\u017easn\u011bj\u0161\u00ed <strong>m\u00edsta pro \u0161norchlov\u00e1n\u00ed<\/strong> na palub\u011b luxusn\u00ed jachty a slibuje all-inclusive z\u00e1\u017eitek.<\/p>\n<p>Va\u0161e cesta za\u010dne malebnou plavbou na nedot\u010den\u00fd <strong>ostrov Orange Bay<\/strong>. <strong>Ostrov Orange Bay<\/strong> je zn\u00e1m\u00fd svou atmosf\u00e9rou p\u0159ipom\u00ednaj\u00edc\u00ed Karibik a je klidn\u00fdm \u00fato\u010di\u0161t\u011bm s m\u011blk\u00fdmi, tyrkysov\u00fdmi vodami a jemn\u00fdmi, b\u00edl\u00fdmi p\u00edse\u010dn\u00fdmi pl\u00e1\u017eemi. Je to ide\u00e1ln\u00ed m\u00edsto k odpo\u010dinku na slavn\u00fdch houpa\u010dk\u00e1ch a houpac\u00edch s\u00edt\u00edch v mo\u0159i nebo k pouh\u00e9mu slun\u011bn\u00ed. Chr\u00e1n\u011bn\u00e9 vody kolem ostrova jsou ide\u00e1ln\u00ed pro rodiny a za\u010d\u00e1te\u010dn\u00edky, kte\u0159\u00ed si cht\u011bj\u00ed prohl\u00e9dnout pestrobarevn\u00e9 <strong>ryby Rud\u00e9ho mo\u0159e<\/strong> a n\u00e1dhern\u00e9 <strong>kor\u00e1lov\u00e9 \u00fatesy Rud\u00e9ho mo\u0159e<\/strong>.<\/p>\n<p><strong>Druhou mo\u017enost\u00ed<\/strong> pro tento z\u00e1jezd je dal\u0161\u00ed velkolep\u00e1 destinace: <strong>ostrov Hula Hula<\/strong>. Tento klidn\u00fd ostrovn\u00ed r\u00e1j je sou\u010d\u00e1st\u00ed <strong>n\u00e1rodn\u00edho parku Giftun Islands<\/strong> a je proslul\u00fd sv\u00fdmi nedot\u010den\u00fdmi kor\u00e1lov\u00fdmi zahradami a poklidn\u00fdm prost\u0159ed\u00edm. Zde budete m\u00edt v\u00edce p\u0159\u00edle\u017eitost\u00ed ke \u0161norchlov\u00e1n\u00ed mezi rozmanit\u00fdm <strong>mo\u0159sk\u00fdm \u017eivotem v Rud\u00e9m mo\u0159i<\/strong> a k objevov\u00e1n\u00ed \u00fachvatn\u00fdch podvodn\u00edch scen\u00e9ri\u00ed. Jak <strong>ostrov Hula Hula<\/strong>, tak i Orange Bay nab\u00edzej\u00ed jedine\u010dn\u00fd z\u00e1\u017eitek ze \u0161norchlov\u00e1n\u00ed s mno\u017estv\u00edm tropick\u00fdch ryb, p\u016fsobiv\u00fdmi kor\u00e1lov\u00fdmi \u00fatvary a \u0161anc\u00ed zahl\u00e9dnout dal\u0161\u00ed mo\u0159sk\u00e9 tvory, jako jsou hv\u011bzdice a \u017eelvy.<\/p>\n<p>Z\u00e1jezd zahrnuje ve\u0161ker\u00e9 pot\u0159ebn\u00e9 <strong>\u0161norchlovac\u00ed vybaven\u00ed<\/strong>, stejn\u011b jako lahodn\u00fd ob\u011bd formou bufetu, ob\u010derstven\u00ed a neomezen\u00e9 n\u00e1poje na palub\u011b. A\u0165 u\u017e jste zku\u0161en\u00fd \u0161norchla\u0159 nebo to zkou\u0161\u00edte poprv\u00e9, tento v\u00fdlet je dokonal\u00fdm zp\u016fsobem, jak objevit vodn\u00ed z\u00e1zraky Rud\u00e9ho mo\u0159e.<\/p>\n<h3><span style=\"color: #ff6600;\">PC<\/span><\/h3>\n<p>Tento <strong>rodinn\u00fd v\u00fdlet<\/strong> je zdarma pro d\u011bti do 5 let a s 50% slevou pro d\u011bti ve v\u011bku 5-7 let. Celodenn\u00ed v\u00fdlet kon\u010d\u00ed n\u00e1vratem do p\u0159\u00edstavu a transferem zp\u011bt do va\u0161eho hotelu kolem 16:30. Nenechte si uj\u00edt tuto p\u0159\u00edle\u017eitost a vytvo\u0159te si nezapomenuteln\u00e9 vzpom\u00ednky na jednom z nejobl\u00edben\u011bj\u0161\u00edch <strong>v\u00fdlet\u016f z Hurghady<\/strong>.<\/p>\n<h3><span style=\"color: #ff6600;\">Hlavn\u00ed body v\u00fdletu<\/span><\/h3>\n<ul>\n<li>Dv\u011b zast\u00e1vky na \u0161norchlov\u00e1n\u00ed na dvou r\u016fzn\u00fdch m\u00edstech<\/li>\n<li>\u010cerstv\u011b uva\u0159en\u00fd ob\u011bd na palub\u011b<\/li>\n<li>Vodn\u00ed sporty, jako je Banana Boat a Sofa Boat<\/li>\n<\/ul>\n<h3><span style=\"color: #ff6600;\">Podrobnosti o v\u00fdletu<\/span><\/h3>\n<ul>\n<li>D\u00e9lka: 8 hodin<\/li>\n<li>M\u00edsto: Rud\u00e9 mo\u0159e<\/li>\n<li>Dostupnost: Denn\u011b<\/li>\n<li>Typ v\u00fdletu: Skupinov\u00fd<\/li>\n<li>Vyzvednut\u00ed a odvoz: V\u00e1\u0161 hotel v Hurghad\u011b<\/li>\n<li>Invalidn\u00ed voz\u00edk: Bezbari\u00e9rov\u00fd p\u0159\u00edstup<\/li>\n<\/ul>\n<h3><span style=\"color: #ff6600;\">Zahrnuto<\/span><\/h3>\n<ul>\n<li>Zp\u00e1te\u010dn\u00ed transfer z va\u0161eho hotelu v Hurghad\u011b<\/li>\n<li>\u0160norchlovac\u00ed vybaven\u00ed, jako je z\u00e1chrann\u00e1 vesta, maska, ploutve<\/li>\n<li>Pr\u016fvodce pro \u0161norchlov\u00e1n\u00ed<\/li>\n<li>\u010cerstv\u011b uva\u0159en\u00fd ob\u011bd na palub\u011b<\/li>\n<li>Miner\u00e1ln\u00ed voda, tepl\u00e9 a studen\u00e9 n\u00e1poje po cel\u00fd den<\/li>\n<\/ul>\n<h3><span style=\"color: #ff6600;\">Nen\u00ed zahrnuto<\/span><\/h3>\n<ul>\n<li>DVD a fotografie od kameramana<\/li>\n<li>Spropitn\u00e9<\/li>\n<li>Pot\u00e1p\u011bn\u00ed<\/li>\n<\/ul>\n<h3><span style=\"color: #ff6600;\">Co si vz\u00edt s sebou<\/span><\/h3>\n<ul>\n<li>Vlastn\u00ed ru\u010dn\u00edk z hotelu<\/li>\n<li>Klobouk nebo \u0161\u00e1tek<\/li>\n<li>Opalovac\u00ed kr\u00e9m<\/li>\n<li>Slune\u010dn\u00ed br\u00fdle<\/li>\n<li>Pohodlnou obuv<\/li>\n<li>Plavky<\/li>\n<li>Trochu hotovosti na osobn\u00ed v\u00fddaje<\/li>\n<\/ul>\n<h3><span style=\"color: #ff6600;\">Cena \u0161norchlovac\u00edho v\u00fdletu lod\u00ed z Hurghady<\/span><\/h3>\n<ul>\n<li>Cena pro dosp\u011bl\u00e9 = 25 \u20ac<\/li>\n<li>D\u011bti 0-5 let = zdarma<\/li>\n<li>D\u011bti 5-11 let = 50 % z ceny pro dosp\u011bl\u00e9<\/li>\n<\/ul>\n<h3><span style=\"color: #ff6600;\">Rezervace<\/span><\/h3>\n<p>Sv\u016fj v\u00fdlet si m\u016f\u017eete rezervovat p\u0159es WhatsApp nebo n\u00e1m poslat e-mail a obdr\u017e\u00edte okam\u017eit\u00e9 potvrzen\u00ed. Pros\u00edme, za\u0161lete n\u00e1m n\u00e1zev va\u0161eho hotelu, \u010d\u00edslo pokoje a kopie pas\u016f.<\/p>\n<p>WhatsApp: +201000852186<\/p>\n<p>info@egytourpackages.com<\/p>\n<h3><span style=\"color: #ff6600;\">Rezervujte nyn\u00ed a zapla\u0165te na m\u00edst\u011b<\/span><\/h3>\n<p>Rezervujte si sv\u016fj obl\u00edben\u00fd v\u00fdlet a zapla\u0165te v den cesty.<\/p>\n<h3><span style=\"color: #ff6600;\">Storno podm\u00ednky<\/span><\/h3>\n<ul>\n<li>Zru\u0161en\u00ed je zdarma a\u017e 24 hodin p\u0159edem<\/li>\n<li>Rann\u00ed zru\u0161en\u00ed je zpoplatn\u011bno 50 % z ceny<\/li>\n<\/ul>\n","protected":false},"excerpt":{"rendered":"<p>Vydejte se na \u0160norchlovac\u00ed v\u00fdlet lod\u00ed z Hurghady. Objevte kor\u00e1lov\u00e9 \u00fatesy Rud\u00e9ho mo\u0159e, pestr\u00fd podmo\u0159sk\u00fd \u017eivot a u\u017eijte si vodn\u00ed sporty. Rezervujte si v\u00fdlet!<\/p>\n","protected":false},"featured_media":2944,"comment_status":"open","ping_status":"closed","template":"","meta":[],"product_brand":[],"product_cat":[1466],"product_tag":[2795,1469],"class_list":{"0":"post-5468","1":"product","2":"type-product","3":"status-publish","4":"has-post-thumbnail","6":"product_cat-vylety","7":"product_tag-nejlepsi-vylet-lodi-za-snorchlovanim","8":"product_tag-vylety-v-hurgade","9":"tour_category-jednodenni-vylety-po-egypte-cs","10":"tour_category-snorchlovaci-vylety-v-hurghade","11":"tour_category-vylety-v-hurgade","13":"first","14":"instock","15":"sale","16":"shipping-taxable","17":"purchasable","18":"product-type-tour","19":"has-default-attributes"},"yoast_head":"<!-- This site is optimized with the Yoast SEO Premium plugin v27.4 (Yoast SEO v27.4) - https:\/\/yoast.com\/product\/yoast-seo-premium-wordpress\/ -->\n<title>\u0160norchlovac\u00ed v\u00fdlet lod\u00ed z Hurghady | Nejlep\u0161\u00ed v\u00fdlety z Hurghady<\/title>\n<meta name=\"description\" content=\"Vydejte se na \u0160norchlovac\u00ed v\u00fdlet lod\u00ed z Hurghady. Objevte kor\u00e1lov\u00e9 \u00fatesy Rud\u00e9ho mo\u0159e, pestr\u00fd podmo\u0159sk\u00fd \u017eivot a u\u017eijte si vodn\u00ed sporty. Rezervujte si v\u00fdlet!\" \/>\n<meta name=\"robots\" content=\"index, follow, max-snippet:-1, max-image-preview:large, max-video-preview:-1\" \/>\n<link rel=\"canonical\" href=\"https:\/\/egytourpackages.com\/cs\/prohlidky\/snorchlovaci-vylet-lodi-z-hurghady-nejlepsi-vylety-z-hurghady\/\" \/>\n<meta property=\"og:locale\" content=\"cs_CZ\" \/>\n<meta property=\"og:type\" content=\"article\" \/>\n<meta property=\"og:title\" content=\"\u0160norchlovac\u00ed v\u00fdlet lod\u00ed z Hurghady\" \/>\n<meta property=\"og:description\" content=\"Vydejte se na \u0160norchlovac\u00ed v\u00fdlet lod\u00ed z Hurghady. Objevte kor\u00e1lov\u00e9 \u00fatesy Rud\u00e9ho mo\u0159e, pestr\u00fd podmo\u0159sk\u00fd \u017eivot a u\u017eijte si vodn\u00ed sporty. Rezervujte si v\u00fdlet!\" \/>\n<meta property=\"og:url\" content=\"https:\/\/egytourpackages.com\/cs\/prohlidky\/snorchlovaci-vylet-lodi-z-hurghady-nejlepsi-vylety-z-hurghady\/\" \/>\n<meta property=\"og:site_name\" content=\"Z\u00e1jezdy po Egypt\u011b\" \/>\n<meta property=\"article:publisher\" content=\"https:\/\/www.facebook.com\/egytourpackages\" \/>\n<meta property=\"article:modified_time\" content=\"2026-01-28T20:40:57+00:00\" \/>\n<meta property=\"og:image\" content=\"https:\/\/egytourpackages.com\/wp-content\/uploads\/2023\/08\/Snorkeling-Boat-Trip-from-Hurghada-1024x682.jpg\" \/>\n<meta name=\"twitter:card\" content=\"summary_large_image\" \/>\n<meta name=\"twitter:title\" content=\"\u0160norchlovac\u00ed v\u00fdlet lod\u00ed z Hurghady\" \/>\n<meta name=\"twitter:description\" content=\"Vydejte se na \u0160norchlovac\u00ed v\u00fdlet lod\u00ed z Hurghady. Objevte kor\u00e1lov\u00e9 \u00fatesy Rud\u00e9ho mo\u0159e, pestr\u00fd podmo\u0159sk\u00fd \u017eivot a u\u017eijte si vodn\u00ed sporty. Rezervujte si v\u00fdlet!\" \/>\n<meta name=\"twitter:image\" content=\"https:\/\/egytourpackages.com\/wp-content\/uploads\/2023\/08\/Snorkeling-Boat-Trip-from-Hurghada-1024x682.jpg\" \/>\n<meta name=\"twitter:label1\" content=\"Cena\" \/>\n\t<meta name=\"twitter:data1\" content=\"&euro;25\" \/>\n\t<meta name=\"twitter:label2\" content=\"Dostupnost\" \/>\n\t<meta name=\"twitter:data2\" content=\"Skladem\" \/>\n<script type=\"application\/ld+json\" class=\"yoast-schema-graph\">{\"@context\":\"https:\\\/\\\/schema.org\",\"@graph\":[{\"@type\":\"WebPage\",\"@id\":\"https:\\\/\\\/egytourpackages.com\\\/cs\\\/prohlidky\\\/snorchlovaci-vylet-lodi-z-hurghady-nejlepsi-vylety-z-hurghady\\\/\",\"url\":\"https:\\\/\\\/egytourpackages.com\\\/cs\\\/prohlidky\\\/snorchlovaci-vylet-lodi-z-hurghady-nejlepsi-vylety-z-hurghady\\\/\",\"name\":\"\u0160norchlovac\u00ed v\u00fdlet lod\u00ed z Hurghady | Nejlep\u0161\u00ed v\u00fdlety z Hurghady\",\"isPartOf\":{\"@id\":\"https:\\\/\\\/egytourpackages.com\\\/cs\\\/#website\"},\"primaryImageOfPage\":{\"@id\":\"https:\\\/\\\/egytourpackages.com\\\/cs\\\/prohlidky\\\/snorchlovaci-vylet-lodi-z-hurghady-nejlepsi-vylety-z-hurghady\\\/#primaryimage\"},\"image\":{\"@id\":\"https:\\\/\\\/egytourpackages.com\\\/cs\\\/prohlidky\\\/snorchlovaci-vylet-lodi-z-hurghady-nejlepsi-vylety-z-hurghady\\\/#primaryimage\"},\"thumbnailUrl\":\"https:\\\/\\\/egytourpackages.com\\\/wp-content\\\/uploads\\\/2023\\\/08\\\/Snorkeling-Boat-Trip-from-Hurghada.jpg\",\"datePublished\":\"2023-08-22T11:32:17+00:00\",\"dateModified\":\"2026-01-28T20:40:57+00:00\",\"description\":\"Vydejte se na \u0160norchlovac\u00ed v\u00fdlet lod\u00ed z Hurghady. Objevte kor\u00e1lov\u00e9 \u00fatesy Rud\u00e9ho mo\u0159e, pestr\u00fd podmo\u0159sk\u00fd \u017eivot a u\u017eijte si vodn\u00ed sporty. Rezervujte si v\u00fdlet!\",\"breadcrumb\":{\"@id\":\"https:\\\/\\\/egytourpackages.com\\\/cs\\\/prohlidky\\\/snorchlovaci-vylet-lodi-z-hurghady-nejlepsi-vylety-z-hurghady\\\/#breadcrumb\"},\"inLanguage\":\"cs\",\"potentialAction\":[{\"@type\":\"ReadAction\",\"target\":[\"https:\\\/\\\/egytourpackages.com\\\/cs\\\/prohlidky\\\/snorchlovaci-vylet-lodi-z-hurghady-nejlepsi-vylety-z-hurghady\\\/\"]}]},{\"@type\":\"ImageObject\",\"inLanguage\":\"cs\",\"@id\":\"https:\\\/\\\/egytourpackages.com\\\/cs\\\/prohlidky\\\/snorchlovaci-vylet-lodi-z-hurghady-nejlepsi-vylety-z-hurghady\\\/#primaryimage\",\"url\":\"https:\\\/\\\/egytourpackages.com\\\/wp-content\\\/uploads\\\/2023\\\/08\\\/Snorkeling-Boat-Trip-from-Hurghada.jpg\",\"contentUrl\":\"https:\\\/\\\/egytourpackages.com\\\/wp-content\\\/uploads\\\/2023\\\/08\\\/Snorkeling-Boat-Trip-from-Hurghada.jpg\",\"width\":2000,\"height\":1333,\"caption\":\"\u0160norchlovac\u00ed v\u00fdlet lod\u00ed z Hurghady\"},{\"@type\":\"BreadcrumbList\",\"@id\":\"https:\\\/\\\/egytourpackages.com\\\/cs\\\/prohlidky\\\/snorchlovaci-vylet-lodi-z-hurghady-nejlepsi-vylety-z-hurghady\\\/#breadcrumb\",\"itemListElement\":[{\"@type\":\"ListItem\",\"position\":1,\"name\":\"Dom\u016f\",\"item\":\"https:\\\/\\\/egytourpackages.com\\\/cs\\\/balicky-vyletu-po-egypte\\\/\"},{\"@type\":\"ListItem\",\"position\":2,\"name\":\"Shop\",\"item\":\"https:\\\/\\\/egytourpackages.com\\\/cs\\\/shop\\\/\"},{\"@type\":\"ListItem\",\"position\":3,\"name\":\"\u0160norchlovac\u00ed v\u00fdlet lod\u00ed z Hurghady | Nejlep\u0161\u00ed v\u00fdlety z Hurghady\"}]},{\"@type\":\"WebSite\",\"@id\":\"https:\\\/\\\/egytourpackages.com\\\/cs\\\/#website\",\"url\":\"https:\\\/\\\/egytourpackages.com\\\/cs\\\/\",\"name\":\"Egy tour packages\",\"description\":\"\",\"publisher\":{\"@id\":\"https:\\\/\\\/egytourpackages.com\\\/cs\\\/#organization\"},\"potentialAction\":[{\"@type\":\"SearchAction\",\"target\":{\"@type\":\"EntryPoint\",\"urlTemplate\":\"https:\\\/\\\/egytourpackages.com\\\/cs\\\/?s={search_term_string}\"},\"query-input\":{\"@type\":\"PropertyValueSpecification\",\"valueRequired\":true,\"valueName\":\"search_term_string\"}}],\"inLanguage\":\"cs\"},{\"@type\":[\"Organization\",\"Place\",\"TravelAgency\"],\"@id\":\"https:\\\/\\\/egytourpackages.com\\\/cs\\\/#organization\",\"name\":\"egypt tour packages\",\"alternateName\":\"egypt tour packages\",\"url\":\"https:\\\/\\\/egytourpackages.com\\\/cs\\\/\",\"logo\":{\"@id\":\"https:\\\/\\\/egytourpackages.com\\\/cs\\\/prohlidky\\\/snorchlovaci-vylet-lodi-z-hurghady-nejlepsi-vylety-z-hurghady\\\/#local-main-organization-logo\"},\"image\":{\"@id\":\"https:\\\/\\\/egytourpackages.com\\\/cs\\\/prohlidky\\\/snorchlovaci-vylet-lodi-z-hurghady-nejlepsi-vylety-z-hurghady\\\/#local-main-organization-logo\"},\"sameAs\":[\"https:\\\/\\\/www.facebook.com\\\/egytourpackages\"],\"legalName\":\"Egy tour packages\",\"address\":{\"@id\":\"https:\\\/\\\/egytourpackages.com\\\/cs\\\/prohlidky\\\/snorchlovaci-vylet-lodi-z-hurghady-nejlepsi-vylety-z-hurghady\\\/#local-main-place-address\"},\"telephone\":[\"00201000852186\",\"00201028685533\"],\"contactPoint\":{\"@type\":\"ContactPoint\",\"telephone\":\"00201000852186\"},\"openingHoursSpecification\":[{\"@type\":\"OpeningHoursSpecification\",\"dayOfWeek\":[\"Monday\",\"Tuesday\",\"Wednesday\",\"Thursday\",\"Friday\",\"Saturday\",\"Sunday\"],\"opens\":\"00:00\",\"closes\":\"23:59\"}],\"email\":\"info@egytourpackages.com\",\"areaServed\":\"Cairo, Hurghada, Luxor, Sharm El Sheikh, Marsa Alam, Aswan\",\"priceRange\":\"$\",\"currenciesAccepted\":\"euro\",\"paymentAccepted\":\"Payment links online\"},{\"@type\":\"PostalAddress\",\"@id\":\"https:\\\/\\\/egytourpackages.com\\\/cs\\\/prohlidky\\\/snorchlovaci-vylet-lodi-z-hurghady-nejlepsi-vylety-z-hurghady\\\/#local-main-place-address\",\"streetAddress\":\"Mubarak 8, Al Kawthar District, Hurghada\",\"addressLocality\":\"Hurghada\",\"postalCode\":\"84511\",\"addressRegion\":\"Red Sea\",\"addressCountry\":\"EG\"},{\"@type\":\"ImageObject\",\"inLanguage\":\"cs\",\"@id\":\"https:\\\/\\\/egytourpackages.com\\\/cs\\\/prohlidky\\\/snorchlovaci-vylet-lodi-z-hurghady-nejlepsi-vylety-z-hurghady\\\/#local-main-organization-logo\",\"url\":\"https:\\\/\\\/egytourpackages.com\\\/wp-content\\\/uploads\\\/2025\\\/12\\\/Turquoise-Dahabiya-Nile-Cruise-1.jpeg\",\"contentUrl\":\"https:\\\/\\\/egytourpackages.com\\\/wp-content\\\/uploads\\\/2025\\\/12\\\/Turquoise-Dahabiya-Nile-Cruise-1.jpeg\",\"width\":1040,\"height\":694,\"caption\":\"egypt tour packages\"}]}<\/script>\n<meta property=\"product:brand\" content=\"Jednodenn\u00ed v\u00fdlety po Egypt\u011b\" \/>\n<meta property=\"product:price:amount\" content=\"25\" \/>\n<meta property=\"product:price:currency\" content=\"EUR\" \/>\n<meta property=\"og:availability\" content=\"instock\" \/>\n<meta property=\"product:availability\" content=\"instock\" \/>\n<meta property=\"product:retailer_item_id\" content=\"HDT04\" \/>\n<meta property=\"product:condition\" content=\"new\" \/>\n<meta name=\"geo.placename\" content=\"Hurghada\" \/>\n<meta name=\"geo.region\" content=\"Egypt\" \/>\n<!-- \/ Yoast SEO Premium plugin. -->","yoast_head_json":{"title":"\u0160norchlovac\u00ed v\u00fdlet lod\u00ed z Hurghady | Nejlep\u0161\u00ed v\u00fdlety z Hurghady","description":"Vydejte se na \u0160norchlovac\u00ed v\u00fdlet lod\u00ed z Hurghady. Objevte kor\u00e1lov\u00e9 \u00fatesy Rud\u00e9ho mo\u0159e, pestr\u00fd podmo\u0159sk\u00fd \u017eivot a u\u017eijte si vodn\u00ed sporty. Rezervujte si v\u00fdlet!","robots":{"index":"index","follow":"follow","max-snippet":"max-snippet:-1","max-image-preview":"max-image-preview:large","max-video-preview":"max-video-preview:-1"},"canonical":"https:\/\/egytourpackages.com\/cs\/prohlidky\/snorchlovaci-vylet-lodi-z-hurghady-nejlepsi-vylety-z-hurghady\/","og_locale":"cs_CZ","og_type":"article","og_title":"\u0160norchlovac\u00ed v\u00fdlet lod\u00ed z Hurghady","og_description":"Vydejte se na \u0160norchlovac\u00ed v\u00fdlet lod\u00ed z Hurghady. Objevte kor\u00e1lov\u00e9 \u00fatesy Rud\u00e9ho mo\u0159e, pestr\u00fd podmo\u0159sk\u00fd \u017eivot a u\u017eijte si vodn\u00ed sporty. Rezervujte si v\u00fdlet!","og_url":"https:\/\/egytourpackages.com\/cs\/prohlidky\/snorchlovaci-vylet-lodi-z-hurghady-nejlepsi-vylety-z-hurghady\/","og_site_name":"Z\u00e1jezdy po Egypt\u011b","article_publisher":"https:\/\/www.facebook.com\/egytourpackages","article_modified_time":"2026-01-28T20:40:57+00:00","og_image":[{"url":"https:\/\/egytourpackages.com\/wp-content\/uploads\/2023\/08\/Snorkeling-Boat-Trip-from-Hurghada-1024x682.jpg","type":"","width":"","height":""}],"twitter_card":"summary_large_image","twitter_title":"\u0160norchlovac\u00ed v\u00fdlet lod\u00ed z Hurghady","twitter_description":"Vydejte se na \u0160norchlovac\u00ed v\u00fdlet lod\u00ed z Hurghady. Objevte kor\u00e1lov\u00e9 \u00fatesy Rud\u00e9ho mo\u0159e, pestr\u00fd podmo\u0159sk\u00fd \u017eivot a u\u017eijte si vodn\u00ed sporty. Rezervujte si v\u00fdlet!","twitter_image":"https:\/\/egytourpackages.com\/wp-content\/uploads\/2023\/08\/Snorkeling-Boat-Trip-from-Hurghada-1024x682.jpg","twitter_misc":{"Cena":"&euro;25","Dostupnost":"Skladem"},"schema":{"@context":"https:\/\/schema.org","@graph":[{"@type":"WebPage","@id":"https:\/\/egytourpackages.com\/cs\/prohlidky\/snorchlovaci-vylet-lodi-z-hurghady-nejlepsi-vylety-z-hurghady\/","url":"https:\/\/egytourpackages.com\/cs\/prohlidky\/snorchlovaci-vylet-lodi-z-hurghady-nejlepsi-vylety-z-hurghady\/","name":"\u0160norchlovac\u00ed v\u00fdlet lod\u00ed z Hurghady | Nejlep\u0161\u00ed v\u00fdlety z Hurghady","isPartOf":{"@id":"https:\/\/egytourpackages.com\/cs\/#website"},"primaryImageOfPage":{"@id":"https:\/\/egytourpackages.com\/cs\/prohlidky\/snorchlovaci-vylet-lodi-z-hurghady-nejlepsi-vylety-z-hurghady\/#primaryimage"},"image":{"@id":"https:\/\/egytourpackages.com\/cs\/prohlidky\/snorchlovaci-vylet-lodi-z-hurghady-nejlepsi-vylety-z-hurghady\/#primaryimage"},"thumbnailUrl":"https:\/\/egytourpackages.com\/wp-content\/uploads\/2023\/08\/Snorkeling-Boat-Trip-from-Hurghada.jpg","datePublished":"2023-08-22T11:32:17+00:00","dateModified":"2026-01-28T20:40:57+00:00","description":"Vydejte se na \u0160norchlovac\u00ed v\u00fdlet lod\u00ed z Hurghady. Objevte kor\u00e1lov\u00e9 \u00fatesy Rud\u00e9ho mo\u0159e, pestr\u00fd podmo\u0159sk\u00fd \u017eivot a u\u017eijte si vodn\u00ed sporty. Rezervujte si v\u00fdlet!","breadcrumb":{"@id":"https:\/\/egytourpackages.com\/cs\/prohlidky\/snorchlovaci-vylet-lodi-z-hurghady-nejlepsi-vylety-z-hurghady\/#breadcrumb"},"inLanguage":"cs","potentialAction":[{"@type":"ReadAction","target":["https:\/\/egytourpackages.com\/cs\/prohlidky\/snorchlovaci-vylet-lodi-z-hurghady-nejlepsi-vylety-z-hurghady\/"]}]},{"@type":"ImageObject","inLanguage":"cs","@id":"https:\/\/egytourpackages.com\/cs\/prohlidky\/snorchlovaci-vylet-lodi-z-hurghady-nejlepsi-vylety-z-hurghady\/#primaryimage","url":"https:\/\/egytourpackages.com\/wp-content\/uploads\/2023\/08\/Snorkeling-Boat-Trip-from-Hurghada.jpg","contentUrl":"https:\/\/egytourpackages.com\/wp-content\/uploads\/2023\/08\/Snorkeling-Boat-Trip-from-Hurghada.jpg","width":2000,"height":1333,"caption":"\u0160norchlovac\u00ed v\u00fdlet lod\u00ed z Hurghady"},{"@type":"BreadcrumbList","@id":"https:\/\/egytourpackages.com\/cs\/prohlidky\/snorchlovaci-vylet-lodi-z-hurghady-nejlepsi-vylety-z-hurghady\/#breadcrumb","itemListElement":[{"@type":"ListItem","position":1,"name":"Dom\u016f","item":"https:\/\/egytourpackages.com\/cs\/balicky-vyletu-po-egypte\/"},{"@type":"ListItem","position":2,"name":"Shop","item":"https:\/\/egytourpackages.com\/cs\/shop\/"},{"@type":"ListItem","position":3,"name":"\u0160norchlovac\u00ed v\u00fdlet lod\u00ed z Hurghady | Nejlep\u0161\u00ed v\u00fdlety z Hurghady"}]},{"@type":"WebSite","@id":"https:\/\/egytourpackages.com\/cs\/#website","url":"https:\/\/egytourpackages.com\/cs\/","name":"Egy tour packages","description":"","publisher":{"@id":"https:\/\/egytourpackages.com\/cs\/#organization"},"potentialAction":[{"@type":"SearchAction","target":{"@type":"EntryPoint","urlTemplate":"https:\/\/egytourpackages.com\/cs\/?s={search_term_string}"},"query-input":{"@type":"PropertyValueSpecification","valueRequired":true,"valueName":"search_term_string"}}],"inLanguage":"cs"},{"@type":["Organization","Place","TravelAgency"],"@id":"https:\/\/egytourpackages.com\/cs\/#organization","name":"egypt tour packages","alternateName":"egypt tour packages","url":"https:\/\/egytourpackages.com\/cs\/","logo":{"@id":"https:\/\/egytourpackages.com\/cs\/prohlidky\/snorchlovaci-vylet-lodi-z-hurghady-nejlepsi-vylety-z-hurghady\/#local-main-organization-logo"},"image":{"@id":"https:\/\/egytourpackages.com\/cs\/prohlidky\/snorchlovaci-vylet-lodi-z-hurghady-nejlepsi-vylety-z-hurghady\/#local-main-organization-logo"},"sameAs":["https:\/\/www.facebook.com\/egytourpackages"],"legalName":"Egy tour packages","address":{"@id":"https:\/\/egytourpackages.com\/cs\/prohlidky\/snorchlovaci-vylet-lodi-z-hurghady-nejlepsi-vylety-z-hurghady\/#local-main-place-address"},"telephone":["00201000852186","00201028685533"],"contactPoint":{"@type":"ContactPoint","telephone":"00201000852186"},"openingHoursSpecification":[{"@type":"OpeningHoursSpecification","dayOfWeek":["Monday","Tuesday","Wednesday","Thursday","Friday","Saturday","Sunday"],"opens":"00:00","closes":"23:59"}],"email":"info@egytourpackages.com","areaServed":"Cairo, Hurghada, Luxor, Sharm El Sheikh, Marsa Alam, Aswan","priceRange":"$","currenciesAccepted":"euro","paymentAccepted":"Payment links online"},{"@type":"PostalAddress","@id":"https:\/\/egytourpackages.com\/cs\/prohlidky\/snorchlovaci-vylet-lodi-z-hurghady-nejlepsi-vylety-z-hurghady\/#local-main-place-address","streetAddress":"Mubarak 8, Al Kawthar District, Hurghada","addressLocality":"Hurghada","postalCode":"84511","addressRegion":"Red Sea","addressCountry":"EG"},{"@type":"ImageObject","inLanguage":"cs","@id":"https:\/\/egytourpackages.com\/cs\/prohlidky\/snorchlovaci-vylet-lodi-z-hurghady-nejlepsi-vylety-z-hurghady\/#local-main-organization-logo","url":"https:\/\/egytourpackages.com\/wp-content\/uploads\/2025\/12\/Turquoise-Dahabiya-Nile-Cruise-1.jpeg","contentUrl":"https:\/\/egytourpackages.com\/wp-content\/uploads\/2025\/12\/Turquoise-Dahabiya-Nile-Cruise-1.jpeg","width":1040,"height":694,"caption":"egypt tour packages"}]},"product_brand":"Jednodenn\u00ed v\u00fdlety po Egypt\u011b","product_price_amount":"25","product_price_currency":"EUR","og_availability":"instock","product_availability":"instock","product_retailer_item_id":"HDT04","product_condition":"new","geo.placename":"Hurghada","geo.region":"Egypt"},"_links":{"self":[{"href":"https:\/\/egytourpackages.com\/cs\/wp-json\/wp\/v2\/product\/5468","targetHints":{"allow":["GET"]}}],"collection":[{"href":"https:\/\/egytourpackages.com\/cs\/wp-json\/wp\/v2\/product"}],"about":[{"href":"https:\/\/egytourpackages.com\/cs\/wp-json\/wp\/v2\/types\/product"}],"replies":[{"embeddable":true,"href":"https:\/\/egytourpackages.com\/cs\/wp-json\/wp\/v2\/comments?post=5468"}],"wp:featuredmedia":[{"embeddable":true,"href":"https:\/\/egytourpackages.com\/cs\/wp-json\/wp\/v2\/media\/2944"}],"wp:attachment":[{"href":"https:\/\/egytourpackages.com\/cs\/wp-json\/wp\/v2\/media?parent=5468"}],"wp:term":[{"taxonomy":"product_brand","embeddable":true,"href":"https:\/\/egytourpackages.com\/cs\/wp-json\/wp\/v2\/product_brand?post=5468"},{"taxonomy":"product_cat","embeddable":true,"href":"https:\/\/egytourpackages.com\/cs\/wp-json\/wp\/v2\/product_cat?post=5468"},{"taxonomy":"product_tag","embeddable":true,"href":"https:\/\/egytourpackages.com\/cs\/wp-json\/wp\/v2\/product_tag?post=5468"}],"curies":[{"name":"wp","href":"https:\/\/api.w.org\/{rel}","templated":true}]}}