{"id":5548,"date":"2025-08-11T21:12:56","date_gmt":"2025-08-11T21:12:56","guid":{"rendered":"https:\/\/egytourpackages.com\/product\/jednodenni-vylet-do-klastera-svate-kateriny-ze-sharm-el-sheikh\/"},"modified":"2026-01-03T22:14:20","modified_gmt":"2026-01-03T22:14:20","slug":"jednodenni-vylet-do-klastera-svate-kateriny-ze-sharm-el-sheikh","status":"publish","type":"product","link":"https:\/\/egytourpackages.com\/cs\/prohlidky\/jednodenni-vylet-do-klastera-svate-kateriny-ze-sharm-el-sheikh\/","title":{"rendered":"Jednodenn\u00ed v\u00fdlet do kl\u00e1\u0161tera svat\u00e9 Kate\u0159iny ze Sharm El Sheikh"},"content":{"rendered":"<p><span style=\"color: #ff6600;\"><strong>Jednodenn\u00ed v\u00fdlet do kl\u00e1\u0161tera svat\u00e9 Kate\u0159iny ze Sharm El<\/strong> <strong>Sheikh<\/strong><\/span><\/p>\n<p>Pro cestovatele, kte\u0159\u00ed hledaj\u00ed hlubok\u00fd duchovn\u00ed a historick\u00fd z\u00e1\u017eitek, je <strong>jednodenn\u00ed v\u00fdlet do kl\u00e1\u0161tera svat\u00e9 Kate\u0159iny ze Sharm El Sheikh<\/strong> vysoce profesion\u00e1ln\u00ed a specializovan\u00e1 t\u00fara. Cesta nab\u00edz\u00ed jedine\u010dnou p\u0159\u00edle\u017eitost prozkoumat jeden z nejstar\u0161\u00edch nep\u0159etr\u017eit\u011b obydlen\u00fdch k\u0159es\u0165ansk\u00fdch kl\u00e1\u0161ter\u016f na sv\u011bt\u011b, <strong>m\u00edsto sv\u011btov\u00e9ho d\u011bdictv\u00ed UNESCO<\/strong> nach\u00e1zej\u00edc\u00ed se na \u00fapat\u00ed <strong>hory Sinaj<\/strong>. Jako\u017eto <strong>pravoslavn\u00fd \u0159eck\u00fd kl\u00e1\u0161ter<\/strong> je nejstar\u0161\u00edm k\u0159es\u0165ansk\u00fdm kl\u00e1\u0161terem na sv\u011bt\u011b. V\u00e1\u0161 pr\u016fvodce v\u00e1m poskytne vhled do jeho hlubok\u00e9 historie, v\u00fdznamu v k\u0159es\u0165anstv\u00ed a isl\u00e1mu a jeho neoceniteln\u00e9 sb\u00edrky n\u00e1bo\u017eensk\u00fdch artefakt\u016f.<\/p>\n<p>Tento <strong>jednodenn\u00ed v\u00fdlet ze Sharm El Sheikh<\/strong> je obvykle prov\u00e1d\u011bn v modern\u00edch, klimatizovan\u00fdch vozidlech, co\u017e zaji\u0161\u0165uje pohodln\u00fd a p\u0159\u00edm\u00fd transfer do kl\u00e1\u0161tera a zp\u011bt. Itiner\u00e1\u0159 je promy\u0161len\u011b strukturov\u00e1n tak, aby nab\u00eddl komplexn\u00ed pr\u016fzkum t\u00e9to starobyl\u00e9 pam\u00e1tky. \u010casto zahrnuje voliteln\u00fd, ale vysoce doporu\u010den\u00fd, no\u010dn\u00ed v\u00fdstup na <strong>horu Sinaj<\/strong>, abyste byli sv\u011bdky dechberouc\u00edho v\u00fdchodu slunce z vrcholu, co\u017e je skute\u010dn\u011b nezapomenuteln\u00fd a biblick\u00fd z\u00e1\u017eitek. Pro ty, kte\u0159\u00ed d\u00e1vaj\u00ed p\u0159ednost uvoln\u011bn\u011bj\u0161\u00edmu tempu, se jednodenn\u00ed v\u00fdlet zam\u011b\u0159uje na samotn\u00fd kl\u00e1\u0161ter a poskytuje dostatek \u010dasu na prozkoum\u00e1n\u00ed jeho historick\u00fdch poklad\u016f.<\/p>\n<p>Pod veden\u00edm zku\u0161en\u00e9ho, <strong>anglicky mluv\u00edc\u00edho pr\u016fvodce<\/strong>, se n\u00e1v\u0161t\u011bvn\u00edci pono\u0159\u00ed do bohat\u00e9 historie <strong>kl\u00e1\u0161tera svat\u00e9 Kate\u0159iny<\/strong>. Kl\u00ed\u010dov\u00e9 body zahrnuj\u00ed n\u00e1v\u0161t\u011bvu Kaple <strong>Ho\u0159\u00edc\u00edho ke\u0159e<\/strong>, slavn\u00e9 <strong>Baziliky Prom\u011bn\u011bn\u00ed<\/strong> a neoceniteln\u00e9 sb\u00edrky starov\u011bk\u00fdch rukopis\u016f a n\u00e1bo\u017eensk\u00fdch ikon. Tento c\u00edlen\u00fd itiner\u00e1\u0159 umo\u017e\u0148uje hlub\u0161\u00ed spojen\u00ed s hlubok\u00fdm n\u00e1bo\u017eensk\u00fdm a kulturn\u00edm v\u00fdznamem m\u00edsta.<\/p>\n<p><strong>Exkurze ze Sharm El Sheikh<\/strong> jsou obl\u00edbenou volbou pro poutn\u00edky, nad\u0161ence do historie a kohokoli, kdo hled\u00e1 klidn\u00fd a obohacuj\u00edc\u00ed \u00fat\u011bk do srdce Sinajsk\u00e9ho poloostrova.<\/p>\n<h3><span style=\"color: #ff6600;\">Detaily z\u00e1jezdu<\/span><\/h3>\n<ul>\n<li>D\u00e9lka: 11 hodin<\/li>\n<li>Lokalita: Ji\u017en\u00ed Sinaj \/ Dahab \/ Sharm El Sheikh<\/li>\n<li>Dostupnost z\u00e1jezdu: Ka\u017ed\u00fd den krom\u011b p\u00e1tku<\/li>\n<li>Vyzvednut\u00ed a odvoz: Hotely v Sharm El Sheikh<\/li>\n<li>Typ z\u00e1jezdu: Priv\u00e1tn\u00ed<\/li>\n<li>Vhodn\u00e9 pro: P\u00e1ry, rodiny, seniory<\/li>\n<li>Bezbari\u00e9rov\u00fd p\u0159\u00edstup: P\u0159\u00edstupn\u00e9<\/li>\n<\/ul>\n<h3><span style=\"color: #ff6600;\">Hlavn\u00ed body z\u00e1jezdu<\/span><\/h3>\n<ul>\n<li>Kl\u00e1\u0161ter svat\u00e9 Kate\u0159iny<\/li>\n<li>Ob\u011bd v Dahabu<\/li>\n<\/ul>\n<h3><span style=\"color: #ff6600;\">Co je zahrnuto<\/span><\/h3>\n<ul>\n<li>P\u0159eprava klimatizovan\u00fdm vozidlem tam i zp\u011bt<\/li>\n<li>Vstupn\u00ed poplatky<\/li>\n<li>Pr\u016fvodce &#8211; egyptolog<\/li>\n<li>Bedu\u00ednsk\u00fd pr\u016fvodce<\/li>\n<li>Ob\u011bd<\/li>\n<\/ul>\n<h3><span style=\"color: #ff6600;\">Co nen\u00ed zahrnuto<\/span><\/h3>\n<ul>\n<li>Vstupn\u00e9 do N\u00e1rodn\u00edho parku svat\u00e9 Kate\u0159iny: 10 \u20ac na osobu<\/li>\n<li>N\u00e1poje b\u011bhem ob\u011bda<\/li>\n<li>Spropitn\u00e9<\/li>\n<\/ul>\n<h3><span style=\"color: #ff6600;\">Co si sbalit<\/span><\/h3>\n<ul>\n<li>Pohodln\u00e9 boty a vhodn\u00e9 oble\u010den\u00ed na t\u00faru<\/li>\n<li>Tepl\u00e9 oble\u010den\u00ed v zim\u011b<\/li>\n<li>Slune\u010dn\u00ed br\u00fdle, klobouk nebo \u0161\u00e1tek<\/li>\n<li>Opalovac\u00ed kr\u00e9m v l\u00e9t\u011b<\/li>\n<\/ul>\n<h2><span style=\"color: #ff6600;\">Itiner\u00e1\u0159<\/span><\/h2>\n<p>V\u00e1\u0161 den za\u010d\u00edn\u00e1 pohodln\u00fdm vyzvednut\u00edm z va\u0161eho hotelu v Sharm El Sheikh. Budete cestovat v pohodln\u00e9m, klimatizovan\u00e9m vozidle na malebnou cestu p\u0159es Sinajskou pou\u0161\u0165. Cesta do kl\u00e1\u0161tera svat\u00e9 Kate\u0159iny trv\u00e1 p\u0159ibli\u017en\u011b 2-3 hodiny.<\/p>\n<p>Po p\u0159\u00edjezdu do kl\u00e1\u0161tera zah\u00e1j\u00edte prohl\u00eddku s va\u0161\u00edm profesion\u00e1ln\u00edm anglicky mluv\u00edc\u00edm pr\u016fvodcem. Ten v\u00e1s provede kl\u00ed\u010dov\u00fdmi oblastmi tohoto <strong>m\u00edsta sv\u011btov\u00e9ho d\u011bdictv\u00ed UNESCO<\/strong>. Dozv\u00edte se o historii kl\u00e1\u0161tera, jeho v\u00fdznamu v k\u0159es\u0165anstv\u00ed a isl\u00e1mu a jeho neoceniteln\u00e9 sb\u00edrce n\u00e1bo\u017eensk\u00fdch artefakt\u016f.<\/p>\n<p>B\u011bhem t\u00e9to doby nav\u0161t\u00edv\u00edte nejd\u016fle\u017eit\u011bj\u0161\u00ed m\u00edsta uvnit\u0159 kl\u00e1\u0161tern\u00edch zd\u00ed. Uvnit\u0159 zd\u00ed <strong>kl\u00e1\u0161tera svat\u00e9 Kate\u0159iny<\/strong> objev\u00edte bohatstv\u00ed biblick\u00fdch a historick\u00fdch poklad\u016f. Hlavn\u00ed body prohl\u00eddky zahrnuj\u00ed uct\u00edvanou <strong>Kapli Ho\u0159\u00edc\u00edho ke\u0159e<\/strong>, kter\u00e1 je pova\u017eov\u00e1na za p\u0159esn\u00e9 m\u00edsto, kde B\u016fh mluvil k <strong>Moj\u017e\u00ed\u0161ovi<\/strong>.<\/p>\n<p>D\u00e1le nav\u0161t\u00edv\u00edte <strong>Moj\u017e\u00ed\u0161ovu studnu<\/strong>, stejnou studnu, kde \u00fadajn\u011b potkal svou budouc\u00ed man\u017eelku. Hlavn\u00ed bazilika kl\u00e1\u0161tera je velkolep\u00fdm p\u0159\u00edkladem starov\u011bk\u00e9 architektury, kter\u00e1 se py\u0161n\u00ed ohromuj\u00edc\u00edmi mozaikami, kter\u00e9 p\u0159e\u017eily stalet\u00ed.<\/p>\n<p>Nakonec se dozv\u00edte o sv\u011btov\u011b proslul\u00e9 kl\u00e1\u0161tern\u00ed knihovn\u011b, kter\u00e1 uchov\u00e1v\u00e1 jednu z nejv\u011bt\u0161\u00edch sb\u00edrek starov\u011bk\u00fdch rukopis\u016f, sb\u00edrku, kter\u00e1 je druh\u00e1 pouze po Vatik\u00e1nu.<\/p>\n<p>Po ob\u011bd\u011b v Dahabu se vyd\u00e1te na cestu zp\u011bt do Sharm El Sheikh jako sou\u010d\u00e1st va\u0161ich <strong>jednodenn\u00edch v\u00fdlet\u016f v Egypt\u011b<\/strong>. J\u00eddla: ob\u011bd<\/p>\n<h3><span style=\"color: #ff6600;\">Cena jednodenn\u00edho v\u00fdletu do kl\u00e1\u0161tera svat\u00e9 Kate\u0159iny ze Sharm El Sheikh<\/span><\/h3>\n<ul>\n<li>Cena pro dosp\u011bl\u00e9ho: 50 \u20ac<\/li>\n<li>D\u011bti 0-5 let: zdarma<\/li>\n<li>D\u011bti 5-11 let: 50 % ceny pro dosp\u011bl\u00e9ho<\/li>\n<\/ul>\n<h3><span style=\"color: #ff6600;\">Rezervace<\/span><\/h3>\n<p>Svou t\u00faru si m\u016f\u017eete zarezervovat p\u0159es WhatsApp nebo n\u00e1m poslat e-mail a obdr\u017e\u00edte potvrzen\u00ed na m\u00edst\u011b. Laskav\u011b n\u00e1m za\u0161lete n\u00e1zev va\u0161eho hotelu, \u010d\u00edslo pokoje, kopie pas\u016f.<\/p>\n<p>WhatsApp: +201000852186<\/p>\n<p>info@egytourpackages.com<\/p>\n<h3><span style=\"color: #ff6600;\">Zarezervujte si nyn\u00ed a zapla\u0165te na m\u00edst\u011b<\/span><\/h3>\n<p>Zarezervujte si sv\u016fj obl\u00edben\u00fd z\u00e1jezd a zapla\u0165te v den v\u00fdletu.<\/p>\n<h3><span style=\"color: #ff6600;\">Platba<\/span><\/h3>\n<p>M\u016f\u017eete platit v egyptsk\u00fdch libr\u00e1ch, $, \u20ac nebo \u00a3.<\/p>\n<h3><span style=\"color: #ff6600;\">Storno podm\u00ednky<\/span><\/h3>\n<ul>\n<li>Storno je zdarma a\u017e 24 hodin p\u0159edem<\/li>\n<li>Rann\u00ed storno je 50 % z ceny<\/li>\n<\/ul>\n","protected":false},"excerpt":{"rendered":"<p>Vydajte se na jednodenn\u00ed v\u00fdlet do kl\u00e1\u0161tera svat\u00e9 Kate\u0159iny ze Sharm El Sheikh a objevte historii, kulturu a n\u00e1bo\u017eenstv\u00ed. objevte historii, kulturu.<\/p>\n","protected":false},"featured_media":5544,"comment_status":"closed","ping_status":"closed","template":"","meta":[],"product_brand":[],"product_cat":[1466],"product_tag":[2622,1470,2799],"class_list":{"0":"post-5548","1":"product","2":"type-product","3":"status-publish","4":"has-post-thumbnail","6":"product_cat-vylety","7":"product_tag-egyptske-turisticke-zajezdy","8":"product_tag-jednodenni-vylety-po-egypte","9":"product_tag-jednodenni-vylety-ze-sharm-el-sheikhu","10":"tour_category-jednodenni-vylety-po-egypte-cs","11":"tour_category-vylety-do-sharm-el-sheikh","13":"first","14":"instock","15":"sale","16":"shipping-taxable","17":"purchasable","18":"product-type-tour","19":"has-default-attributes"},"yoast_head":"<!-- This site is optimized with the Yoast SEO Premium plugin v27.4 (Yoast SEO v27.4) - https:\/\/yoast.com\/product\/yoast-seo-premium-wordpress\/ -->\n<title>Jednodenn\u00ed v\u00fdlet do kl\u00e1\u0161tera svat\u00e9 Kate\u0159iny ze Sharm El Sheikh<\/title>\n<meta name=\"description\" content=\"Vydajte se na jednodenn\u00ed v\u00fdlet do kl\u00e1\u0161tera svat\u00e9 Kate\u0159iny ze Sharm El Sheikh a objevte historii, kulturu a n\u00e1bo\u017eenstv\u00ed. objevte historii, kulturu.\" \/>\n<meta name=\"robots\" content=\"index, follow, max-snippet:-1, max-image-preview:large, max-video-preview:-1\" \/>\n<link rel=\"canonical\" href=\"https:\/\/egytourpackages.com\/cs\/prohlidky\/jednodenni-vylet-do-klastera-svate-kateriny-ze-sharm-el-sheikh\/\" \/>\n<meta property=\"og:locale\" content=\"cs_CZ\" \/>\n<meta property=\"og:type\" content=\"article\" \/>\n<meta property=\"og:title\" content=\"Jednodenn\u00ed v\u00fdlet do kl\u00e1\u0161tera svat\u00e9 Kate\u0159iny ze Sharm El Sheikh\" \/>\n<meta property=\"og:description\" content=\"Vydajte se na jednodenn\u00ed v\u00fdlet do kl\u00e1\u0161tera svat\u00e9 Kate\u0159iny ze Sharm El Sheikh a objevte historii, kulturu a n\u00e1bo\u017eenstv\u00ed. objevte historii, kulturu.\" \/>\n<meta property=\"og:url\" content=\"https:\/\/egytourpackages.com\/cs\/prohlidky\/jednodenni-vylet-do-klastera-svate-kateriny-ze-sharm-el-sheikh\/\" \/>\n<meta property=\"og:site_name\" content=\"Z\u00e1jezdy po Egypt\u011b\" \/>\n<meta property=\"article:publisher\" content=\"https:\/\/www.facebook.com\/egytourpackages\" \/>\n<meta property=\"article:modified_time\" content=\"2026-01-03T22:14:20+00:00\" \/>\n<meta property=\"og:image\" content=\"https:\/\/egytourpackages.com\/wp-content\/uploads\/2025\/08\/St.-Catherines-Monastery-South-Sinai.jpeg\" \/>\n\t<meta property=\"og:image:width\" content=\"1800\" \/>\n\t<meta property=\"og:image:height\" content=\"1196\" \/>\n\t<meta property=\"og:image:type\" content=\"image\/jpeg\" \/>\n<meta name=\"twitter:card\" content=\"summary_large_image\" \/>\n<meta name=\"twitter:title\" content=\"Jednodenn\u00ed v\u00fdlet do kl\u00e1\u0161tera svat\u00e9 Kate\u0159iny ze Sharm El Sheikh\" \/>\n<meta name=\"twitter:label1\" content=\"Cena\" \/>\n\t<meta name=\"twitter:data1\" content=\"&euro;0\" \/>\n\t<meta name=\"twitter:label2\" content=\"Dostupnost\" \/>\n\t<meta name=\"twitter:data2\" content=\"Skladem\" \/>\n<script type=\"application\/ld+json\" class=\"yoast-schema-graph\">{\"@context\":\"https:\\\/\\\/schema.org\",\"@graph\":[{\"@type\":\"WebPage\",\"@id\":\"https:\\\/\\\/egytourpackages.com\\\/cs\\\/prohlidky\\\/jednodenni-vylet-do-klastera-svate-kateriny-ze-sharm-el-sheikh\\\/\",\"url\":\"https:\\\/\\\/egytourpackages.com\\\/cs\\\/prohlidky\\\/jednodenni-vylet-do-klastera-svate-kateriny-ze-sharm-el-sheikh\\\/\",\"name\":\"Jednodenn\u00ed v\u00fdlet do kl\u00e1\u0161tera svat\u00e9 Kate\u0159iny ze Sharm El Sheikh\",\"isPartOf\":{\"@id\":\"https:\\\/\\\/egytourpackages.com\\\/cs\\\/#website\"},\"primaryImageOfPage\":{\"@id\":\"https:\\\/\\\/egytourpackages.com\\\/cs\\\/prohlidky\\\/jednodenni-vylet-do-klastera-svate-kateriny-ze-sharm-el-sheikh\\\/#primaryimage\"},\"image\":{\"@id\":\"https:\\\/\\\/egytourpackages.com\\\/cs\\\/prohlidky\\\/jednodenni-vylet-do-klastera-svate-kateriny-ze-sharm-el-sheikh\\\/#primaryimage\"},\"thumbnailUrl\":\"https:\\\/\\\/egytourpackages.com\\\/wp-content\\\/uploads\\\/2025\\\/08\\\/St.-Catherines-Monastery-South-Sinai.jpeg\",\"datePublished\":\"2025-08-11T21:12:56+00:00\",\"dateModified\":\"2026-01-03T22:14:20+00:00\",\"description\":\"Vydajte se na jednodenn\u00ed v\u00fdlet do kl\u00e1\u0161tera svat\u00e9 Kate\u0159iny ze Sharm El Sheikh a objevte historii, kulturu a n\u00e1bo\u017eenstv\u00ed. objevte historii, kulturu.\",\"breadcrumb\":{\"@id\":\"https:\\\/\\\/egytourpackages.com\\\/cs\\\/prohlidky\\\/jednodenni-vylet-do-klastera-svate-kateriny-ze-sharm-el-sheikh\\\/#breadcrumb\"},\"inLanguage\":\"cs\",\"potentialAction\":[{\"@type\":\"ReadAction\",\"target\":[\"https:\\\/\\\/egytourpackages.com\\\/cs\\\/prohlidky\\\/jednodenni-vylet-do-klastera-svate-kateriny-ze-sharm-el-sheikh\\\/\"]}]},{\"@type\":\"ImageObject\",\"inLanguage\":\"cs\",\"@id\":\"https:\\\/\\\/egytourpackages.com\\\/cs\\\/prohlidky\\\/jednodenni-vylet-do-klastera-svate-kateriny-ze-sharm-el-sheikh\\\/#primaryimage\",\"url\":\"https:\\\/\\\/egytourpackages.com\\\/wp-content\\\/uploads\\\/2025\\\/08\\\/St.-Catherines-Monastery-South-Sinai.jpeg\",\"contentUrl\":\"https:\\\/\\\/egytourpackages.com\\\/wp-content\\\/uploads\\\/2025\\\/08\\\/St.-Catherines-Monastery-South-Sinai.jpeg\",\"width\":1800,\"height\":1196,\"caption\":\"Jednodenn\u00ed v\u00fdlet do kl\u00e1\u0161tera svat\u00e9 Kate\u0159iny ze Sharm El Sheikh\"},{\"@type\":\"BreadcrumbList\",\"@id\":\"https:\\\/\\\/egytourpackages.com\\\/cs\\\/prohlidky\\\/jednodenni-vylet-do-klastera-svate-kateriny-ze-sharm-el-sheikh\\\/#breadcrumb\",\"itemListElement\":[{\"@type\":\"ListItem\",\"position\":1,\"name\":\"Dom\u016f\",\"item\":\"https:\\\/\\\/egytourpackages.com\\\/cs\\\/balicky-vyletu-po-egypte\\\/\"},{\"@type\":\"ListItem\",\"position\":2,\"name\":\"Shop\",\"item\":\"https:\\\/\\\/egytourpackages.com\\\/cs\\\/shop\\\/\"},{\"@type\":\"ListItem\",\"position\":3,\"name\":\"Jednodenn\u00ed v\u00fdlet do kl\u00e1\u0161tera svat\u00e9 Kate\u0159iny ze Sharm El Sheikh\"}]},{\"@type\":\"WebSite\",\"@id\":\"https:\\\/\\\/egytourpackages.com\\\/cs\\\/#website\",\"url\":\"https:\\\/\\\/egytourpackages.com\\\/cs\\\/\",\"name\":\"Egy tour packages\",\"description\":\"\",\"publisher\":{\"@id\":\"https:\\\/\\\/egytourpackages.com\\\/cs\\\/#organization\"},\"potentialAction\":[{\"@type\":\"SearchAction\",\"target\":{\"@type\":\"EntryPoint\",\"urlTemplate\":\"https:\\\/\\\/egytourpackages.com\\\/cs\\\/?s={search_term_string}\"},\"query-input\":{\"@type\":\"PropertyValueSpecification\",\"valueRequired\":true,\"valueName\":\"search_term_string\"}}],\"inLanguage\":\"cs\"},{\"@type\":[\"Organization\",\"Place\",\"TravelAgency\"],\"@id\":\"https:\\\/\\\/egytourpackages.com\\\/cs\\\/#organization\",\"name\":\"egypt tour packages\",\"alternateName\":\"egypt tour packages\",\"url\":\"https:\\\/\\\/egytourpackages.com\\\/cs\\\/\",\"logo\":{\"@id\":\"https:\\\/\\\/egytourpackages.com\\\/cs\\\/prohlidky\\\/jednodenni-vylet-do-klastera-svate-kateriny-ze-sharm-el-sheikh\\\/#local-main-organization-logo\"},\"image\":{\"@id\":\"https:\\\/\\\/egytourpackages.com\\\/cs\\\/prohlidky\\\/jednodenni-vylet-do-klastera-svate-kateriny-ze-sharm-el-sheikh\\\/#local-main-organization-logo\"},\"sameAs\":[\"https:\\\/\\\/www.facebook.com\\\/egytourpackages\"],\"legalName\":\"Egy tour packages\",\"address\":{\"@id\":\"https:\\\/\\\/egytourpackages.com\\\/cs\\\/prohlidky\\\/jednodenni-vylet-do-klastera-svate-kateriny-ze-sharm-el-sheikh\\\/#local-main-place-address\"},\"telephone\":[\"00201000852186\",\"00201028685533\"],\"contactPoint\":{\"@type\":\"ContactPoint\",\"telephone\":\"00201000852186\"},\"openingHoursSpecification\":[{\"@type\":\"OpeningHoursSpecification\",\"dayOfWeek\":[\"Monday\",\"Tuesday\",\"Wednesday\",\"Thursday\",\"Friday\",\"Saturday\",\"Sunday\"],\"opens\":\"00:00\",\"closes\":\"23:59\"}],\"email\":\"info@egytourpackages.com\",\"areaServed\":\"Cairo, Hurghada, Luxor, Sharm El Sheikh, Marsa Alam, Aswan\",\"priceRange\":\"$\",\"currenciesAccepted\":\"euro\",\"paymentAccepted\":\"Payment links online\"},{\"@type\":\"PostalAddress\",\"@id\":\"https:\\\/\\\/egytourpackages.com\\\/cs\\\/prohlidky\\\/jednodenni-vylet-do-klastera-svate-kateriny-ze-sharm-el-sheikh\\\/#local-main-place-address\",\"streetAddress\":\"Mubarak 8, Al Kawthar District, Hurghada\",\"addressLocality\":\"Hurghada\",\"postalCode\":\"84511\",\"addressRegion\":\"Red Sea\",\"addressCountry\":\"EG\"},{\"@type\":\"ImageObject\",\"inLanguage\":\"cs\",\"@id\":\"https:\\\/\\\/egytourpackages.com\\\/cs\\\/prohlidky\\\/jednodenni-vylet-do-klastera-svate-kateriny-ze-sharm-el-sheikh\\\/#local-main-organization-logo\",\"url\":\"https:\\\/\\\/egytourpackages.com\\\/wp-content\\\/uploads\\\/2025\\\/12\\\/Turquoise-Dahabiya-Nile-Cruise-1.jpeg\",\"contentUrl\":\"https:\\\/\\\/egytourpackages.com\\\/wp-content\\\/uploads\\\/2025\\\/12\\\/Turquoise-Dahabiya-Nile-Cruise-1.jpeg\",\"width\":1040,\"height\":694,\"caption\":\"egypt tour packages\"}]}<\/script>\n<meta property=\"product:brand\" content=\"Jednodenn\u00ed v\u00fdlety po Egypt\u011b\" \/>\n<meta property=\"product:price:amount\" content=\"0\" \/>\n<meta property=\"product:price:currency\" content=\"EUR\" \/>\n<meta property=\"og:availability\" content=\"instock\" \/>\n<meta property=\"product:availability\" content=\"instock\" \/>\n<meta property=\"product:retailer_item_id\" content=\"SESDT03\" \/>\n<meta property=\"product:condition\" content=\"new\" \/>\n<meta name=\"geo.placename\" content=\"Hurghada\" \/>\n<meta name=\"geo.region\" content=\"Egypt\" \/>\n<!-- \/ Yoast SEO Premium plugin. -->","yoast_head_json":{"title":"Jednodenn\u00ed v\u00fdlet do kl\u00e1\u0161tera svat\u00e9 Kate\u0159iny ze Sharm El Sheikh","description":"Vydajte se na jednodenn\u00ed v\u00fdlet do kl\u00e1\u0161tera svat\u00e9 Kate\u0159iny ze Sharm El Sheikh a objevte historii, kulturu a n\u00e1bo\u017eenstv\u00ed. objevte historii, kulturu.","robots":{"index":"index","follow":"follow","max-snippet":"max-snippet:-1","max-image-preview":"max-image-preview:large","max-video-preview":"max-video-preview:-1"},"canonical":"https:\/\/egytourpackages.com\/cs\/prohlidky\/jednodenni-vylet-do-klastera-svate-kateriny-ze-sharm-el-sheikh\/","og_locale":"cs_CZ","og_type":"article","og_title":"Jednodenn\u00ed v\u00fdlet do kl\u00e1\u0161tera svat\u00e9 Kate\u0159iny ze Sharm El Sheikh","og_description":"Vydajte se na jednodenn\u00ed v\u00fdlet do kl\u00e1\u0161tera svat\u00e9 Kate\u0159iny ze Sharm El Sheikh a objevte historii, kulturu a n\u00e1bo\u017eenstv\u00ed. objevte historii, kulturu.","og_url":"https:\/\/egytourpackages.com\/cs\/prohlidky\/jednodenni-vylet-do-klastera-svate-kateriny-ze-sharm-el-sheikh\/","og_site_name":"Z\u00e1jezdy po Egypt\u011b","article_publisher":"https:\/\/www.facebook.com\/egytourpackages","article_modified_time":"2026-01-03T22:14:20+00:00","og_image":[{"width":1800,"height":1196,"url":"https:\/\/egytourpackages.com\/wp-content\/uploads\/2025\/08\/St.-Catherines-Monastery-South-Sinai.jpeg","type":"image\/jpeg"}],"twitter_card":"summary_large_image","twitter_title":"Jednodenn\u00ed v\u00fdlet do kl\u00e1\u0161tera svat\u00e9 Kate\u0159iny ze Sharm El Sheikh","twitter_misc":{"Cena":"&euro;0","Dostupnost":"Skladem"},"schema":{"@context":"https:\/\/schema.org","@graph":[{"@type":"WebPage","@id":"https:\/\/egytourpackages.com\/cs\/prohlidky\/jednodenni-vylet-do-klastera-svate-kateriny-ze-sharm-el-sheikh\/","url":"https:\/\/egytourpackages.com\/cs\/prohlidky\/jednodenni-vylet-do-klastera-svate-kateriny-ze-sharm-el-sheikh\/","name":"Jednodenn\u00ed v\u00fdlet do kl\u00e1\u0161tera svat\u00e9 Kate\u0159iny ze Sharm El Sheikh","isPartOf":{"@id":"https:\/\/egytourpackages.com\/cs\/#website"},"primaryImageOfPage":{"@id":"https:\/\/egytourpackages.com\/cs\/prohlidky\/jednodenni-vylet-do-klastera-svate-kateriny-ze-sharm-el-sheikh\/#primaryimage"},"image":{"@id":"https:\/\/egytourpackages.com\/cs\/prohlidky\/jednodenni-vylet-do-klastera-svate-kateriny-ze-sharm-el-sheikh\/#primaryimage"},"thumbnailUrl":"https:\/\/egytourpackages.com\/wp-content\/uploads\/2025\/08\/St.-Catherines-Monastery-South-Sinai.jpeg","datePublished":"2025-08-11T21:12:56+00:00","dateModified":"2026-01-03T22:14:20+00:00","description":"Vydajte se na jednodenn\u00ed v\u00fdlet do kl\u00e1\u0161tera svat\u00e9 Kate\u0159iny ze Sharm El Sheikh a objevte historii, kulturu a n\u00e1bo\u017eenstv\u00ed. objevte historii, kulturu.","breadcrumb":{"@id":"https:\/\/egytourpackages.com\/cs\/prohlidky\/jednodenni-vylet-do-klastera-svate-kateriny-ze-sharm-el-sheikh\/#breadcrumb"},"inLanguage":"cs","potentialAction":[{"@type":"ReadAction","target":["https:\/\/egytourpackages.com\/cs\/prohlidky\/jednodenni-vylet-do-klastera-svate-kateriny-ze-sharm-el-sheikh\/"]}]},{"@type":"ImageObject","inLanguage":"cs","@id":"https:\/\/egytourpackages.com\/cs\/prohlidky\/jednodenni-vylet-do-klastera-svate-kateriny-ze-sharm-el-sheikh\/#primaryimage","url":"https:\/\/egytourpackages.com\/wp-content\/uploads\/2025\/08\/St.-Catherines-Monastery-South-Sinai.jpeg","contentUrl":"https:\/\/egytourpackages.com\/wp-content\/uploads\/2025\/08\/St.-Catherines-Monastery-South-Sinai.jpeg","width":1800,"height":1196,"caption":"Jednodenn\u00ed v\u00fdlet do kl\u00e1\u0161tera svat\u00e9 Kate\u0159iny ze Sharm El Sheikh"},{"@type":"BreadcrumbList","@id":"https:\/\/egytourpackages.com\/cs\/prohlidky\/jednodenni-vylet-do-klastera-svate-kateriny-ze-sharm-el-sheikh\/#breadcrumb","itemListElement":[{"@type":"ListItem","position":1,"name":"Dom\u016f","item":"https:\/\/egytourpackages.com\/cs\/balicky-vyletu-po-egypte\/"},{"@type":"ListItem","position":2,"name":"Shop","item":"https:\/\/egytourpackages.com\/cs\/shop\/"},{"@type":"ListItem","position":3,"name":"Jednodenn\u00ed v\u00fdlet do kl\u00e1\u0161tera svat\u00e9 Kate\u0159iny ze Sharm El Sheikh"}]},{"@type":"WebSite","@id":"https:\/\/egytourpackages.com\/cs\/#website","url":"https:\/\/egytourpackages.com\/cs\/","name":"Egy tour packages","description":"","publisher":{"@id":"https:\/\/egytourpackages.com\/cs\/#organization"},"potentialAction":[{"@type":"SearchAction","target":{"@type":"EntryPoint","urlTemplate":"https:\/\/egytourpackages.com\/cs\/?s={search_term_string}"},"query-input":{"@type":"PropertyValueSpecification","valueRequired":true,"valueName":"search_term_string"}}],"inLanguage":"cs"},{"@type":["Organization","Place","TravelAgency"],"@id":"https:\/\/egytourpackages.com\/cs\/#organization","name":"egypt tour packages","alternateName":"egypt tour packages","url":"https:\/\/egytourpackages.com\/cs\/","logo":{"@id":"https:\/\/egytourpackages.com\/cs\/prohlidky\/jednodenni-vylet-do-klastera-svate-kateriny-ze-sharm-el-sheikh\/#local-main-organization-logo"},"image":{"@id":"https:\/\/egytourpackages.com\/cs\/prohlidky\/jednodenni-vylet-do-klastera-svate-kateriny-ze-sharm-el-sheikh\/#local-main-organization-logo"},"sameAs":["https:\/\/www.facebook.com\/egytourpackages"],"legalName":"Egy tour packages","address":{"@id":"https:\/\/egytourpackages.com\/cs\/prohlidky\/jednodenni-vylet-do-klastera-svate-kateriny-ze-sharm-el-sheikh\/#local-main-place-address"},"telephone":["00201000852186","00201028685533"],"contactPoint":{"@type":"ContactPoint","telephone":"00201000852186"},"openingHoursSpecification":[{"@type":"OpeningHoursSpecification","dayOfWeek":["Monday","Tuesday","Wednesday","Thursday","Friday","Saturday","Sunday"],"opens":"00:00","closes":"23:59"}],"email":"info@egytourpackages.com","areaServed":"Cairo, Hurghada, Luxor, Sharm El Sheikh, Marsa Alam, Aswan","priceRange":"$","currenciesAccepted":"euro","paymentAccepted":"Payment links online"},{"@type":"PostalAddress","@id":"https:\/\/egytourpackages.com\/cs\/prohlidky\/jednodenni-vylet-do-klastera-svate-kateriny-ze-sharm-el-sheikh\/#local-main-place-address","streetAddress":"Mubarak 8, Al Kawthar District, Hurghada","addressLocality":"Hurghada","postalCode":"84511","addressRegion":"Red Sea","addressCountry":"EG"},{"@type":"ImageObject","inLanguage":"cs","@id":"https:\/\/egytourpackages.com\/cs\/prohlidky\/jednodenni-vylet-do-klastera-svate-kateriny-ze-sharm-el-sheikh\/#local-main-organization-logo","url":"https:\/\/egytourpackages.com\/wp-content\/uploads\/2025\/12\/Turquoise-Dahabiya-Nile-Cruise-1.jpeg","contentUrl":"https:\/\/egytourpackages.com\/wp-content\/uploads\/2025\/12\/Turquoise-Dahabiya-Nile-Cruise-1.jpeg","width":1040,"height":694,"caption":"egypt tour packages"}]},"product_brand":"Jednodenn\u00ed v\u00fdlety po Egypt\u011b","product_price_currency":"EUR","og_availability":"instock","product_availability":"instock","product_retailer_item_id":"SESDT03","product_condition":"new","geo.placename":"Hurghada","geo.region":"Egypt"},"_links":{"self":[{"href":"https:\/\/egytourpackages.com\/cs\/wp-json\/wp\/v2\/product\/5548","targetHints":{"allow":["GET"]}}],"collection":[{"href":"https:\/\/egytourpackages.com\/cs\/wp-json\/wp\/v2\/product"}],"about":[{"href":"https:\/\/egytourpackages.com\/cs\/wp-json\/wp\/v2\/types\/product"}],"replies":[{"embeddable":true,"href":"https:\/\/egytourpackages.com\/cs\/wp-json\/wp\/v2\/comments?post=5548"}],"wp:featuredmedia":[{"embeddable":true,"href":"https:\/\/egytourpackages.com\/cs\/wp-json\/wp\/v2\/media\/5544"}],"wp:attachment":[{"href":"https:\/\/egytourpackages.com\/cs\/wp-json\/wp\/v2\/media?parent=5548"}],"wp:term":[{"taxonomy":"product_brand","embeddable":true,"href":"https:\/\/egytourpackages.com\/cs\/wp-json\/wp\/v2\/product_brand?post=5548"},{"taxonomy":"product_cat","embeddable":true,"href":"https:\/\/egytourpackages.com\/cs\/wp-json\/wp\/v2\/product_cat?post=5548"},{"taxonomy":"product_tag","embeddable":true,"href":"https:\/\/egytourpackages.com\/cs\/wp-json\/wp\/v2\/product_tag?post=5548"}],"curies":[{"name":"wp","href":"https:\/\/api.w.org\/{rel}","templated":true}]}}