{"id":5590,"date":"2025-08-12T14:52:18","date_gmt":"2025-08-12T14:52:18","guid":{"rendered":"https:\/\/egytourpackages.com\/product\/tour-alessandria-da-marsa-matruh\/"},"modified":"2026-01-03T22:33:35","modified_gmt":"2026-01-03T22:33:35","slug":"vylet-do-alexandrie-z-marsa-matrouh","status":"publish","type":"product","link":"https:\/\/egytourpackages.com\/cs\/prohlidky\/vylet-do-alexandrie-z-marsa-matrouh\/","title":{"rendered":"V\u00fdlet do Alexandrie z Marsa Matrouh"},"content":{"rendered":"<p><strong><span style=\"color: #ff6600;\">V\u00fdlet do Alexandrie z Marsa Matrouh<\/span><\/strong><\/p>\n<p>Ute\u010dte na jeden den od pob\u0159e\u017en\u00ed pohody Marsa Matrouh a vydejte se do historick\u00e9ho m\u011bsta Alexandrie. N\u00e1\u0161 <strong>z\u00e1jezd do Alexandrie z Marsa Matruh<\/strong> je dokonal\u00fdm zp\u016fsobem, jak prozkoumat bohat\u00e9 \u0159ecko-\u0159\u00edmsk\u00e9 d\u011bdictv\u00ed Egypta a jeho ikonick\u00e9 st\u0159edomo\u0159sk\u00e9 kouzlo. Tato komplexn\u00ed <strong>prohl\u00eddka Marsa Matruh<\/strong> je navr\u017eena tak, aby maximalizovala va\u0161e z\u00e1\u017eitky z pam\u00e1tek a zavedla v\u00e1s k nejv\u00fdznamn\u011bj\u0161\u00edm pam\u011btihodnostem m\u011bsta v r\u00e1mci jedin\u00e9ho, dob\u0159e napl\u00e1novan\u00e9ho dobrodru\u017estv\u00ed.<\/p>\n<p>Po p\u0159\u00edjezdu za\u010d\u00edn\u00e1 va\u0161e historick\u00e9 pozn\u00e1v\u00e1n\u00ed n\u00e1v\u0161t\u011bvou velkolep\u00e9ho <strong>Pompeova sloupu<\/strong>, ty\u010d\u00edc\u00edho se \u0159\u00edmsk\u00e9ho triumf\u00e1ln\u00edho sloupu, kter\u00fd je sv\u011bdectv\u00edm o starov\u011bk\u00e9 moci m\u011bsta. D\u00e1le sestoup\u00edte do fascinuj\u00edc\u00edch <strong>katakomb Kom el Shoqafa<\/strong>, pozoruhodn\u00e9ho \u0159\u00edmsk\u00e9ho poh\u0159ebi\u0161t\u011b vytesan\u00e9ho do sk\u00e1ly, kter\u00e9 p\u0159edstavuje jedine\u010dnou sm\u011bs egyptsk\u00e9ho a \u0159ecko-\u0159\u00edmsk\u00e9ho um\u011bn\u00ed a architektury. Prohl\u00eddka v\u00e1s tak\u00e9 zavede k modern\u00edmu architektonick\u00e9mu z\u00e1zraku <strong>Alexandrijsk\u00e9 knihovny<\/strong> (Bibliotheca Alexandrina), kde budete m\u00edt ide\u00e1ln\u00ed p\u0159\u00edle\u017eitost k fotografov\u00e1n\u00ed tohoto velkolep\u00e9ho hold nejzn\u00e1m\u011bj\u0161\u00ed knihovn\u011b starov\u011bk\u00e9ho sv\u011bta.<\/p>\n<p>Pot\u00e9 si ud\u011bl\u00e1te posledn\u00ed foto zast\u00e1vku u mohutn\u00e9 <strong>Citadely Qaitbay<\/strong> zven\u010d\u00ed, n\u00e1dhern\u00e9 pevnosti z 15. stolet\u00ed postaven\u00e9 na z\u00e1kladech starov\u011bk\u00e9ho <strong>Alexandrijsk\u00e9ho maj\u00e1ku<\/strong>. Tento <strong>jednodenn\u00ed v\u00fdlet do Alexandrie<\/strong> je skv\u011bl\u00fd zp\u016fsob, jak za\u017e\u00edt legend\u00e1rn\u00ed minulost m\u011bsta b\u011bhem jedin\u00e9, nezapomenuteln\u00e9 cesty.<\/p>\n<h3><span style=\"color: #ff6600;\">Detaily z\u00e1jezdu<\/span><\/h3>\n<ul>\n<li>Doba trv\u00e1n\u00ed: 7 hodin<\/li>\n<li>M\u00edsto kon\u00e1n\u00ed z\u00e1jezdu: Alexandrie<\/li>\n<li>Dostupnost z\u00e1jezdu: Denn\u011b<\/li>\n<li>Vyzvednut\u00ed a odvoz: Hotely v Marsa Matruh<\/li>\n<li>Typ z\u00e1jezdu: Soukrom\u00fd<\/li>\n<\/ul>\n<h3><span style=\"color: #ff6600;\">Hlavn\u00ed body z\u00e1jezdu<\/span><\/h3>\n<ul>\n<li>Pompe\u016fv sloup<\/li>\n<li>Serapeum v Alexandrii<\/li>\n<li>Katakomby Kom El Shoqafa<\/li>\n<li>Citadela Qaitbay a maj\u00e1k v Alexandrii<\/li>\n<li>Alexandrijsk\u00e1 knihovna<\/li>\n<\/ul>\n<h3><span style=\"color: #ff6600;\">Zahrnuto v cen\u011b<\/span><\/h3>\n<ul>\n<li>Zp\u00e1te\u010dn\u00ed transfer modern\u00edm vozidlem s klimatizac\u00ed<\/li>\n<li>Pr\u016fvodce \u2013 expert archeolog<\/li>\n<li>Ob\u011bd<\/li>\n<li>Voda b\u011bhem prohl\u00eddky<\/li>\n<\/ul>\n<h3><span style=\"color: #ff6600;\">Vylou\u010deno z ceny<\/span><\/h3>\n<ul>\n<li>Spropitn\u00e9<\/li>\n<li>Jak\u00e9koliv osobn\u00ed v\u00fddaje<\/li>\n<li>Vstupn\u00e9 do Citadely Qaitbay<\/li>\n<\/ul>\n<h3><span style=\"color: #ff6600;\">Co si sbalit<\/span><\/h3>\n<ul>\n<li>Opalovac\u00ed kr\u00e9m a slune\u010dn\u00ed br\u00fdle<\/li>\n<li>Klobouk nebo \u0161\u00e1tek<\/li>\n<\/ul>\n<h2><span style=\"color: #ff6600;\">Itiner\u00e1\u0159<\/span><\/h2>\n<p>Va\u0161e dobrodru\u017estv\u00ed za\u010d\u00edn\u00e1 brzy r\u00e1no vyzvednut\u00edm z va\u0161eho hotelu v <strong>Marsa Matrouh<\/strong>, po kter\u00e9m n\u00e1sleduje pohodln\u00fd, klimatizovan\u00fd transfer do historick\u00e9ho m\u011bsta Alexandrie, cesta trv\u00e1 p\u0159ibli\u017en\u011b 3 a\u017e 3,5 hodiny.<\/p>\n<p>Po p\u0159\u00edjezdu va\u0161e prohl\u00eddka okam\u017eit\u011b za\u010d\u00edn\u00e1 s pr\u016fvodcem n\u00e1v\u0161t\u011bvou <strong>Pompeova sloupu<\/strong>, ohromuj\u00edc\u00edho \u0159\u00edmsk\u00e9ho triumf\u00e1ln\u00edho sloupu, kter\u00fd stoj\u00ed jako sv\u011bdectv\u00ed o bohat\u00e9 minulosti m\u011bsta.<\/p>\n<p>D\u00e1le prozkoum\u00e1te podmaniv\u00fd podzemn\u00ed sv\u011bt <strong>katakomb Kom el Shoqafa<\/strong>, nejv\u011bt\u0161\u00edho zn\u00e1m\u00e9ho \u0159\u00edmsk\u00e9ho poh\u0159ebi\u0161t\u011b v Egypt\u011b, kter\u00e9 se vyzna\u010duje jedine\u010dnou f\u00faz\u00ed \u0159\u00edmsk\u00e9ho, \u0159eck\u00e9ho a egyptsk\u00e9ho um\u011bn\u00ed.<\/p>\n<p>Pot\u00e9 budete pokra\u010dovat k modern\u00ed <strong>Alexandrijsk\u00e9 knihovn\u011b<\/strong> (Bibliotheca Alexandrina), kde si u\u017eijete prohl\u00eddku tohoto architektonick\u00e9ho mistrovsk\u00e9ho d\u00edla, kter\u00e9 stoj\u00ed jako maj\u00e1k v\u011bd\u011bn\u00ed a kultury.<\/p>\n<p>Po dopoledni pln\u00e9m historick\u00e9ho pozn\u00e1v\u00e1n\u00ed si vychutn\u00e1te vynikaj\u00edc\u00ed <strong>ob\u011bd v ryb\u00ed restauraci<\/strong>, kde si pochutn\u00e1te na \u010derstv\u00fdch st\u0159edomo\u0159sk\u00fdch chut\u00edch. Den zakon\u010d\u00edte n\u00e1v\u0161t\u011bvou velkolep\u00e9 <strong>Citadely Qaitbay<\/strong>. Budete m\u00edt foto zast\u00e1vku p\u0159ed pevnost\u00ed, kter\u00e1 byla postavena v 15. stolet\u00ed na p\u0159esn\u00e9m m\u00edst\u011b starov\u011bk\u00e9ho <strong>Alexandrijsk\u00e9ho maj\u00e1ku<\/strong>, jednoho ze Sedmi div\u016f starov\u011bk\u00e9ho sv\u011bta. Z tohoto m\u00edsta si m\u016f\u017eete vychutnat \u00fachvatn\u00fd v\u00fdhled na St\u0159edozemn\u00ed mo\u0159e.<\/p>\n<p>Jak den kon\u010d\u00ed, za\u010dne v\u00e1\u0161 pohodln\u00fd soukrom\u00fd transfer zp\u011bt do va\u0161eho hotelu v <strong>Marsa Matruh<\/strong>, pln\u00fd neuv\u011b\u0159iteln\u00fdch vzpom\u00ednek z va\u0161eho <strong>jednodenn\u00edho z\u00e1jezdu do Alexandrie<\/strong>.<\/p>\n<h3><span style=\"color: #ff6600;\">Cena V\u00fdlet do Alexandrie z Marsa Matrouh<\/span><\/h3>\n<ul>\n<li>Cena pro dosp\u011bl\u00e9ho = 100 \u20ac<\/li>\n<li>D\u011bti 0-5 let = zdarma<\/li>\n<li>D\u011bti 5-11 let = 50 % z ceny pro dosp\u011bl\u00e9ho<\/li>\n<\/ul>\n<h3><span style=\"color: #ff6600;\">Rezervace<\/span><\/h3>\n<p>Svou prohl\u00eddku si m\u016f\u017eete zarezervovat p\u0159es WhatsApp nebo n\u00e1m poslat e-mail a obdr\u017e\u00edte potvrzen\u00ed na m\u00edst\u011b.<\/p>\n<p>Pros\u00edm, za\u0161lete n\u00e1m n\u00e1zev va\u0161eho hotelu, \u010d\u00edslo pokoje a kopie pas\u016f.<\/p>\n<p>WhatsApp: +201000852186<\/p>\n<p>info@egytourpackages.com<\/p>\n<h3><span style=\"color: #ff6600;\">Rezervujte ihned a zapla\u0165te na m\u00edst\u011b<\/span><\/h3>\n<p>Rezervujte si sv\u016fj obl\u00edben\u00fd z\u00e1jezd a zapla\u0165te v den cesty.<\/p>\n<h3><span style=\"color: #ff6600;\">Platba<\/span><\/h3>\n<p>M\u016f\u017eete platit v egyptsk\u00fdch libr\u00e1ch, $, \u20ac nebo \u00a3.<\/p>\n<h3><span style=\"color: #ff6600;\">Storno podm\u00ednky<\/span><\/h3>\n<ul>\n<li style=\"list-style-type: none;\">\n<ul>\n<li>Zru\u0161en\u00ed je zdarma a\u017e 24 hodin p\u0159edem.<\/li>\n<li>Rann\u00ed zru\u0161en\u00ed je 50 % z ceny.<\/li>\n<\/ul>\n<\/li>\n<\/ul>\n","protected":false},"excerpt":{"rendered":"<p>Pono\u0159te se do historie na na\u0161em V\u00fdlet do Alexandrie z Marsa Matrouh. Prozkoumejte Citadelu Qaitbay, Katakomby a \u0158\u00edmsk\u00fd amfite\u00e1tr.<\/p>\n","protected":false},"featured_media":5583,"comment_status":"closed","ping_status":"closed","template":"","meta":[],"product_brand":[],"product_cat":[1466],"product_tag":[2941,1470,2940],"class_list":{"0":"post-5590","1":"product","2":"type-product","3":"status-publish","4":"has-post-thumbnail","6":"product_cat-vylety","7":"product_tag-cose-da-fare-a-marsa-matruh","8":"product_tag-jednodenni-vylety-po-egypte","9":"product_tag-viaggi-a-marsa-matruh","10":"tour_category-jednodenni-vylety-po-egypte-cs","11":"tour_category-migliori-cose-da-fare-a-marsa-matruh","12":"tour_category-viaggi-a-marsa-matruh","14":"first","15":"instock","16":"sale","17":"shipping-taxable","18":"purchasable","19":"product-type-tour","20":"has-default-attributes"},"yoast_head":"<!-- This site is optimized with the Yoast SEO Premium plugin v27.2 (Yoast SEO v27.2) - https:\/\/yoast.com\/product\/yoast-seo-premium-wordpress\/ -->\n<title>V\u00fdlet do Alexandrie z Marsa Matrouh | Z\u00e1jezdy do Egypta<\/title>\n<meta name=\"description\" content=\"Pono\u0159te se do historie na na\u0161em V\u00fdlet do Alexandrie z Marsa Matrouh. Prozkoumejte Citadelu Qaitbay, Katakomby a \u0158\u00edmsk\u00fd amfite\u00e1tr.\" \/>\n<meta name=\"robots\" content=\"index, follow, max-snippet:-1, max-image-preview:large, max-video-preview:-1\" \/>\n<link rel=\"canonical\" href=\"https:\/\/egytourpackages.com\/cs\/prohlidky\/vylet-do-alexandrie-z-marsa-matrouh\/\" \/>\n<meta property=\"og:locale\" content=\"cs_CZ\" \/>\n<meta property=\"og:type\" content=\"article\" \/>\n<meta property=\"og:title\" content=\"Tour Alessandria da Marsa Matruh\" \/>\n<meta property=\"og:description\" content=\"Pono\u0159te se do historie na na\u0161em V\u00fdlet do Alexandrie z Marsa Matrouh. Prozkoumejte Citadelu Qaitbay, Katakomby a \u0158\u00edmsk\u00fd amfite\u00e1tr.\" \/>\n<meta property=\"og:url\" content=\"https:\/\/egytourpackages.com\/cs\/prohlidky\/vylet-do-alexandrie-z-marsa-matrouh\/\" \/>\n<meta property=\"og:site_name\" content=\"Z\u00e1jezdy po Egypt\u011b\" \/>\n<meta property=\"article:publisher\" content=\"https:\/\/www.facebook.com\/egytourpackages\" \/>\n<meta property=\"article:modified_time\" content=\"2026-01-03T22:33:35+00:00\" \/>\n<meta property=\"og:image\" content=\"https:\/\/egytourpackages.com\/wp-content\/uploads\/2025\/08\/Burial-chamber-of-the-Catacomb.jpg\" \/>\n\t<meta property=\"og:image:width\" content=\"1900\" \/>\n\t<meta property=\"og:image:height\" content=\"1266\" \/>\n\t<meta property=\"og:image:type\" content=\"image\/jpeg\" \/>\n<meta name=\"twitter:card\" content=\"summary_large_image\" \/>\n<meta name=\"twitter:title\" content=\"V\u00fdlet do Alexandrie z Marsa Matrouh\" \/>\n<meta name=\"twitter:label1\" content=\"Cena\" \/>\n\t<meta name=\"twitter:data1\" content=\"&euro;100\" \/>\n\t<meta name=\"twitter:label2\" content=\"Dostupnost\" \/>\n\t<meta name=\"twitter:data2\" content=\"Skladem\" \/>\n<script type=\"application\/ld+json\" class=\"yoast-schema-graph\">{\"@context\":\"https:\/\/schema.org\",\"@graph\":[{\"@type\":\"WebPage\",\"@id\":\"https:\/\/egytourpackages.com\/cs\/prohlidky\/vylet-do-alexandrie-z-marsa-matrouh\/\",\"url\":\"https:\/\/egytourpackages.com\/cs\/prohlidky\/vylet-do-alexandrie-z-marsa-matrouh\/\",\"name\":\"V\u00fdlet do Alexandrie z Marsa Matrouh | Z\u00e1jezdy do Egypta\",\"isPartOf\":{\"@id\":\"https:\/\/egytourpackages.com\/cs\/#website\"},\"primaryImageOfPage\":{\"@id\":\"https:\/\/egytourpackages.com\/cs\/prohlidky\/vylet-do-alexandrie-z-marsa-matrouh\/#primaryimage\"},\"image\":{\"@id\":\"https:\/\/egytourpackages.com\/cs\/prohlidky\/vylet-do-alexandrie-z-marsa-matrouh\/#primaryimage\"},\"thumbnailUrl\":\"https:\/\/egytourpackages.com\/wp-content\/uploads\/2025\/08\/Burial-chamber-of-the-Catacomb.jpg\",\"datePublished\":\"2025-08-12T14:52:18+00:00\",\"dateModified\":\"2026-01-03T22:33:35+00:00\",\"description\":\"Pono\u0159te se do historie na na\u0161em V\u00fdlet do Alexandrie z Marsa Matrouh. Prozkoumejte Citadelu Qaitbay, Katakomby a \u0158\u00edmsk\u00fd amfite\u00e1tr.\",\"breadcrumb\":{\"@id\":\"https:\/\/egytourpackages.com\/cs\/prohlidky\/vylet-do-alexandrie-z-marsa-matrouh\/#breadcrumb\"},\"inLanguage\":\"cs\",\"potentialAction\":[{\"@type\":\"ReadAction\",\"target\":[\"https:\/\/egytourpackages.com\/cs\/prohlidky\/vylet-do-alexandrie-z-marsa-matrouh\/\"]}]},{\"@type\":\"ImageObject\",\"inLanguage\":\"cs\",\"@id\":\"https:\/\/egytourpackages.com\/cs\/prohlidky\/vylet-do-alexandrie-z-marsa-matrouh\/#primaryimage\",\"url\":\"https:\/\/egytourpackages.com\/wp-content\/uploads\/2025\/08\/Burial-chamber-of-the-Catacomb.jpg\",\"contentUrl\":\"https:\/\/egytourpackages.com\/wp-content\/uploads\/2025\/08\/Burial-chamber-of-the-Catacomb.jpg\",\"width\":1900,\"height\":1266,\"caption\":\"poh\u0159ebn\u00ed komora katakomby\"},{\"@type\":\"BreadcrumbList\",\"@id\":\"https:\/\/egytourpackages.com\/cs\/prohlidky\/vylet-do-alexandrie-z-marsa-matrouh\/#breadcrumb\",\"itemListElement\":[{\"@type\":\"ListItem\",\"position\":1,\"name\":\"Dom\u016f\",\"item\":\"https:\/\/egytourpackages.com\/cs\/balicky-vyletu-po-egypte\/\"},{\"@type\":\"ListItem\",\"position\":2,\"name\":\"Shop\",\"item\":\"https:\/\/egytourpackages.com\/cs\/shop\/\"},{\"@type\":\"ListItem\",\"position\":3,\"name\":\"V\u00fdlet do Alexandrie z Marsa Matrouh\"}]},{\"@type\":\"WebSite\",\"@id\":\"https:\/\/egytourpackages.com\/cs\/#website\",\"url\":\"https:\/\/egytourpackages.com\/cs\/\",\"name\":\"Egy tour packages\",\"description\":\"\",\"publisher\":{\"@id\":\"https:\/\/egytourpackages.com\/cs\/#organization\"},\"potentialAction\":[{\"@type\":\"SearchAction\",\"target\":{\"@type\":\"EntryPoint\",\"urlTemplate\":\"https:\/\/egytourpackages.com\/cs\/?s={search_term_string}\"},\"query-input\":{\"@type\":\"PropertyValueSpecification\",\"valueRequired\":true,\"valueName\":\"search_term_string\"}}],\"inLanguage\":\"cs\"},{\"@type\":[\"Organization\",\"Place\",\"TravelAgency\"],\"@id\":\"https:\/\/egytourpackages.com\/cs\/#organization\",\"name\":\"egypt tour packages\",\"alternateName\":\"egypt tour packages\",\"url\":\"https:\/\/egytourpackages.com\/cs\/\",\"logo\":{\"@id\":\"https:\/\/egytourpackages.com\/cs\/prohlidky\/vylet-do-alexandrie-z-marsa-matrouh\/#local-main-organization-logo\"},\"image\":{\"@id\":\"https:\/\/egytourpackages.com\/cs\/prohlidky\/vylet-do-alexandrie-z-marsa-matrouh\/#local-main-organization-logo\"},\"sameAs\":[\"https:\/\/www.facebook.com\/egytourpackages\"],\"legalName\":\"Egy tour packages\",\"address\":{\"@id\":\"https:\/\/egytourpackages.com\/cs\/prohlidky\/vylet-do-alexandrie-z-marsa-matrouh\/#local-main-place-address\"},\"telephone\":[\"00201000852186\",\"00201028685533\"],\"contactPoint\":{\"@type\":\"ContactPoint\",\"telephone\":\"00201000852186\"},\"openingHoursSpecification\":[{\"@type\":\"OpeningHoursSpecification\",\"dayOfWeek\":[\"Monday\",\"Tuesday\",\"Wednesday\",\"Thursday\",\"Friday\",\"Saturday\",\"Sunday\"],\"opens\":\"00:00\",\"closes\":\"23:59\"}],\"email\":\"info@egytourpackages.com\",\"areaServed\":\"Cairo, Hurghada, Luxor, Sharm El Sheikh, Marsa Alam, Aswan\",\"priceRange\":\"$\",\"currenciesAccepted\":\"euro\",\"paymentAccepted\":\"Payment links online\"},{\"@type\":\"PostalAddress\",\"@id\":\"https:\/\/egytourpackages.com\/cs\/prohlidky\/vylet-do-alexandrie-z-marsa-matrouh\/#local-main-place-address\",\"streetAddress\":\"Mubarak 8, Al Kawthar District, Hurghada\",\"addressLocality\":\"Hurghada\",\"postalCode\":\"84511\",\"addressRegion\":\"Red Sea\",\"addressCountry\":\"EG\"},{\"@type\":\"ImageObject\",\"inLanguage\":\"cs\",\"@id\":\"https:\/\/egytourpackages.com\/cs\/prohlidky\/vylet-do-alexandrie-z-marsa-matrouh\/#local-main-organization-logo\",\"url\":\"https:\/\/egytourpackages.com\/wp-content\/uploads\/2025\/12\/Turquoise-Dahabiya-Nile-Cruise-1.jpeg\",\"contentUrl\":\"https:\/\/egytourpackages.com\/wp-content\/uploads\/2025\/12\/Turquoise-Dahabiya-Nile-Cruise-1.jpeg\",\"width\":1040,\"height\":694,\"caption\":\"egypt tour packages\"}]}<\/script>\n<meta property=\"product:brand\" content=\"Jednodenn\u00ed v\u00fdlety po Egypt\u011b\" \/>\n<meta property=\"product:price:amount\" content=\"100\" \/>\n<meta property=\"product:price:currency\" content=\"EUR\" \/>\n<meta property=\"og:availability\" content=\"instock\" \/>\n<meta property=\"product:availability\" content=\"instock\" \/>\n<meta property=\"product:retailer_item_id\" content=\"MMT03\" \/>\n<meta property=\"product:condition\" content=\"new\" \/>\n<meta name=\"geo.placename\" content=\"Hurghada\" \/>\n<meta name=\"geo.region\" content=\"Egypt\" \/>\n<!-- \/ Yoast SEO Premium plugin. -->","yoast_head_json":{"title":"V\u00fdlet do Alexandrie z Marsa Matrouh | Z\u00e1jezdy do Egypta","description":"Pono\u0159te se do historie na na\u0161em V\u00fdlet do Alexandrie z Marsa Matrouh. Prozkoumejte Citadelu Qaitbay, Katakomby a \u0158\u00edmsk\u00fd amfite\u00e1tr.","robots":{"index":"index","follow":"follow","max-snippet":"max-snippet:-1","max-image-preview":"max-image-preview:large","max-video-preview":"max-video-preview:-1"},"canonical":"https:\/\/egytourpackages.com\/cs\/prohlidky\/vylet-do-alexandrie-z-marsa-matrouh\/","og_locale":"cs_CZ","og_type":"article","og_title":"Tour Alessandria da Marsa Matruh","og_description":"Pono\u0159te se do historie na na\u0161em V\u00fdlet do Alexandrie z Marsa Matrouh. Prozkoumejte Citadelu Qaitbay, Katakomby a \u0158\u00edmsk\u00fd amfite\u00e1tr.","og_url":"https:\/\/egytourpackages.com\/cs\/prohlidky\/vylet-do-alexandrie-z-marsa-matrouh\/","og_site_name":"Z\u00e1jezdy po Egypt\u011b","article_publisher":"https:\/\/www.facebook.com\/egytourpackages","article_modified_time":"2026-01-03T22:33:35+00:00","og_image":[{"width":1900,"height":1266,"url":"https:\/\/egytourpackages.com\/wp-content\/uploads\/2025\/08\/Burial-chamber-of-the-Catacomb.jpg","type":"image\/jpeg"}],"twitter_card":"summary_large_image","twitter_title":"V\u00fdlet do Alexandrie z Marsa Matrouh","twitter_misc":{"Cena":"&euro;100","Dostupnost":"Skladem"},"schema":{"@context":"https:\/\/schema.org","@graph":[{"@type":"WebPage","@id":"https:\/\/egytourpackages.com\/cs\/prohlidky\/vylet-do-alexandrie-z-marsa-matrouh\/","url":"https:\/\/egytourpackages.com\/cs\/prohlidky\/vylet-do-alexandrie-z-marsa-matrouh\/","name":"V\u00fdlet do Alexandrie z Marsa Matrouh | Z\u00e1jezdy do Egypta","isPartOf":{"@id":"https:\/\/egytourpackages.com\/cs\/#website"},"primaryImageOfPage":{"@id":"https:\/\/egytourpackages.com\/cs\/prohlidky\/vylet-do-alexandrie-z-marsa-matrouh\/#primaryimage"},"image":{"@id":"https:\/\/egytourpackages.com\/cs\/prohlidky\/vylet-do-alexandrie-z-marsa-matrouh\/#primaryimage"},"thumbnailUrl":"https:\/\/egytourpackages.com\/wp-content\/uploads\/2025\/08\/Burial-chamber-of-the-Catacomb.jpg","datePublished":"2025-08-12T14:52:18+00:00","dateModified":"2026-01-03T22:33:35+00:00","description":"Pono\u0159te se do historie na na\u0161em V\u00fdlet do Alexandrie z Marsa Matrouh. Prozkoumejte Citadelu Qaitbay, Katakomby a \u0158\u00edmsk\u00fd amfite\u00e1tr.","breadcrumb":{"@id":"https:\/\/egytourpackages.com\/cs\/prohlidky\/vylet-do-alexandrie-z-marsa-matrouh\/#breadcrumb"},"inLanguage":"cs","potentialAction":[{"@type":"ReadAction","target":["https:\/\/egytourpackages.com\/cs\/prohlidky\/vylet-do-alexandrie-z-marsa-matrouh\/"]}]},{"@type":"ImageObject","inLanguage":"cs","@id":"https:\/\/egytourpackages.com\/cs\/prohlidky\/vylet-do-alexandrie-z-marsa-matrouh\/#primaryimage","url":"https:\/\/egytourpackages.com\/wp-content\/uploads\/2025\/08\/Burial-chamber-of-the-Catacomb.jpg","contentUrl":"https:\/\/egytourpackages.com\/wp-content\/uploads\/2025\/08\/Burial-chamber-of-the-Catacomb.jpg","width":1900,"height":1266,"caption":"poh\u0159ebn\u00ed komora katakomby"},{"@type":"BreadcrumbList","@id":"https:\/\/egytourpackages.com\/cs\/prohlidky\/vylet-do-alexandrie-z-marsa-matrouh\/#breadcrumb","itemListElement":[{"@type":"ListItem","position":1,"name":"Dom\u016f","item":"https:\/\/egytourpackages.com\/cs\/balicky-vyletu-po-egypte\/"},{"@type":"ListItem","position":2,"name":"Shop","item":"https:\/\/egytourpackages.com\/cs\/shop\/"},{"@type":"ListItem","position":3,"name":"V\u00fdlet do Alexandrie z Marsa Matrouh"}]},{"@type":"WebSite","@id":"https:\/\/egytourpackages.com\/cs\/#website","url":"https:\/\/egytourpackages.com\/cs\/","name":"Egy tour packages","description":"","publisher":{"@id":"https:\/\/egytourpackages.com\/cs\/#organization"},"potentialAction":[{"@type":"SearchAction","target":{"@type":"EntryPoint","urlTemplate":"https:\/\/egytourpackages.com\/cs\/?s={search_term_string}"},"query-input":{"@type":"PropertyValueSpecification","valueRequired":true,"valueName":"search_term_string"}}],"inLanguage":"cs"},{"@type":["Organization","Place","TravelAgency"],"@id":"https:\/\/egytourpackages.com\/cs\/#organization","name":"egypt tour packages","alternateName":"egypt tour packages","url":"https:\/\/egytourpackages.com\/cs\/","logo":{"@id":"https:\/\/egytourpackages.com\/cs\/prohlidky\/vylet-do-alexandrie-z-marsa-matrouh\/#local-main-organization-logo"},"image":{"@id":"https:\/\/egytourpackages.com\/cs\/prohlidky\/vylet-do-alexandrie-z-marsa-matrouh\/#local-main-organization-logo"},"sameAs":["https:\/\/www.facebook.com\/egytourpackages"],"legalName":"Egy tour packages","address":{"@id":"https:\/\/egytourpackages.com\/cs\/prohlidky\/vylet-do-alexandrie-z-marsa-matrouh\/#local-main-place-address"},"telephone":["00201000852186","00201028685533"],"contactPoint":{"@type":"ContactPoint","telephone":"00201000852186"},"openingHoursSpecification":[{"@type":"OpeningHoursSpecification","dayOfWeek":["Monday","Tuesday","Wednesday","Thursday","Friday","Saturday","Sunday"],"opens":"00:00","closes":"23:59"}],"email":"info@egytourpackages.com","areaServed":"Cairo, Hurghada, Luxor, Sharm El Sheikh, Marsa Alam, Aswan","priceRange":"$","currenciesAccepted":"euro","paymentAccepted":"Payment links online"},{"@type":"PostalAddress","@id":"https:\/\/egytourpackages.com\/cs\/prohlidky\/vylet-do-alexandrie-z-marsa-matrouh\/#local-main-place-address","streetAddress":"Mubarak 8, Al Kawthar District, Hurghada","addressLocality":"Hurghada","postalCode":"84511","addressRegion":"Red Sea","addressCountry":"EG"},{"@type":"ImageObject","inLanguage":"cs","@id":"https:\/\/egytourpackages.com\/cs\/prohlidky\/vylet-do-alexandrie-z-marsa-matrouh\/#local-main-organization-logo","url":"https:\/\/egytourpackages.com\/wp-content\/uploads\/2025\/12\/Turquoise-Dahabiya-Nile-Cruise-1.jpeg","contentUrl":"https:\/\/egytourpackages.com\/wp-content\/uploads\/2025\/12\/Turquoise-Dahabiya-Nile-Cruise-1.jpeg","width":1040,"height":694,"caption":"egypt tour packages"}]},"product_brand":"Jednodenn\u00ed v\u00fdlety po Egypt\u011b","product_price_amount":"100","product_price_currency":"EUR","og_availability":"instock","product_availability":"instock","product_retailer_item_id":"MMT03","product_condition":"new","geo.placename":"Hurghada","geo.region":"Egypt"},"_links":{"self":[{"href":"https:\/\/egytourpackages.com\/cs\/wp-json\/wp\/v2\/product\/5590","targetHints":{"allow":["GET"]}}],"collection":[{"href":"https:\/\/egytourpackages.com\/cs\/wp-json\/wp\/v2\/product"}],"about":[{"href":"https:\/\/egytourpackages.com\/cs\/wp-json\/wp\/v2\/types\/product"}],"replies":[{"embeddable":true,"href":"https:\/\/egytourpackages.com\/cs\/wp-json\/wp\/v2\/comments?post=5590"}],"wp:featuredmedia":[{"embeddable":true,"href":"https:\/\/egytourpackages.com\/cs\/wp-json\/wp\/v2\/media\/5583"}],"wp:attachment":[{"href":"https:\/\/egytourpackages.com\/cs\/wp-json\/wp\/v2\/media?parent=5590"}],"wp:term":[{"taxonomy":"product_brand","embeddable":true,"href":"https:\/\/egytourpackages.com\/cs\/wp-json\/wp\/v2\/product_brand?post=5590"},{"taxonomy":"product_cat","embeddable":true,"href":"https:\/\/egytourpackages.com\/cs\/wp-json\/wp\/v2\/product_cat?post=5590"},{"taxonomy":"product_tag","embeddable":true,"href":"https:\/\/egytourpackages.com\/cs\/wp-json\/wp\/v2\/product_tag?post=5590"}],"curies":[{"name":"wp","href":"https:\/\/api.w.org\/{rel}","templated":true}]}}