{"id":5595,"date":"2025-08-12T13:04:19","date_gmt":"2025-08-12T13:04:19","guid":{"rendered":"https:\/\/egytourpackages.com\/product\/dvoudenni-oaza-siwa-z-marsa-matrouh\/"},"modified":"2026-04-07T16:39:20","modified_gmt":"2026-04-07T16:39:20","slug":"dvoudenni-oaza-siwa-z-marsa-matrouh","status":"publish","type":"product","link":"https:\/\/egytourpackages.com\/cs\/prohlidky\/dvoudenni-oaza-siwa-z-marsa-matrouh\/","title":{"rendered":"Dvoudenn\u00ed O\u00e1za Siwa z Marsa Matrouh"},"content":{"rendered":"<p><strong><span style=\"color: #ff6600;\">Dvoudenn\u00ed O\u00e1za Siwa z Marsa Matrouh<\/span><\/strong><\/p>\n<p>Na\u0161e <strong>Dvoudenn\u00ed O\u00e1za Siwa z Marsa Matrouh <\/strong>je ide\u00e1ln\u00edm \u00fanikem pro ty, kte\u0159\u00ed hledaj\u00ed jedine\u010dnou kombinaci dobrodru\u017estv\u00ed, starov\u011bk\u00e9 historie a klidn\u00e9 p\u0159\u00edrodn\u00ed kr\u00e1sy. Tento speci\u00e1ln\u011b p\u0159ipraven\u00fd <strong>z\u00e1jezdov\u00fd bal\u00ed\u010dek do Egypta<\/strong> nab\u00edz\u00ed ucelen\u00fd z\u00e1\u017eitek z toho nejlep\u0161\u00edho, co <strong>o\u00e1za Siwa<\/strong> nab\u00edz\u00ed, a to od okam\u017eiku va\u0161eho p\u0159\u00edjezdu. Nav\u00edc uvid\u00edte ty nej\u00fa\u017easn\u011bj\u0161\u00ed pam\u00e1tky, navr\u017een\u00e9 pro maxim\u00e1ln\u00ed po\u017eitek a minim\u00e1ln\u00ed dobu cestov\u00e1n\u00ed. Zjist\u011bte, pro\u010d je Siwa klenotem <strong>Z\u00e1padn\u00ed pou\u0161t\u011b<\/strong>.<\/p>\n<p>Va\u0161e dobrodru\u017estv\u00ed za\u010d\u00edn\u00e1 pohodlnou j\u00edzdou, kter\u00e1 v\u00e1s p\u0159enese z pob\u0159e\u017e\u00ed do srdce Sahary. N\u00e1sleduj\u00edc\u00ed dva dny jsou hlubok\u00fdm ponorem do siwansk\u00e9 kultury a p\u0159\u00edrodn\u00edch div\u016f.<\/p>\n<p>Tato <strong>Siwa tour<\/strong> je ide\u00e1ln\u00ed pro dobrodruhy, milovn\u00edky historie a p\u0159\u00edrody. Je to dokonal\u00fd zp\u016fsob, jak prozkoumat skryt\u00e9 klenoty egyptsk\u00e9 Z\u00e1padn\u00ed pou\u0161t\u011b. Hlavn\u00ed body va\u0161\u00ed prohl\u00eddky jsou nezapomenutelnou sm\u011bs\u00ed dobrodru\u017estv\u00ed a klidu.<\/p>\n<h3><span style=\"color: #ff6600;\">Atrakce v o\u00e1ze Siwa<\/span><\/h3>\n<p>Za\u010dn\u011bte svou prohl\u00eddku t\u00edm, \u017ee se budete bez n\u00e1mahy vzn\u00e1\u0161et v surrealistick\u00fdch, tyrkysov\u00fdch vod\u00e1ch slavn\u00fdch <strong>Siwsk\u00fdch soln\u00fdch jezer<\/strong>, kter\u00e1 jsou zn\u00e1m\u00e1 sv\u00fdmi l\u00e9\u010debn\u00fdmi vlastnostmi. Pot\u00e9 se vr\u00e1t\u00edte v \u010dase p\u0159i n\u00e1v\u0161t\u011bv\u011b ikonick\u00e9 <strong>pevnosti Shali<\/strong>, historick\u00e9ho srdce o\u00e1zy.<\/p>\n<p>Prozkoum\u00e1te tak\u00e9 posv\u00e1tn\u00fd <strong>Chr\u00e1m or\u00e1kula<\/strong>, kde <strong>Alexandr Velik\u00fd<\/strong> hledal sv\u016fj osud, a starov\u011bk\u00e1 poh\u0159ebi\u0161t\u011b <strong>Gebel al-Mawta<\/strong> (Hora mrtv\u00fdch).<\/p>\n<p>Pro omlazen\u00ed t\u011bla i mysli se osv\u011b\u017ete v legend\u00e1rn\u00edm <strong>Kleopat\u0159in\u011b prameni<\/strong> a s p\u0159\u00edchodem ve\u010dera si odpo\u010di\u0148te v p\u0159\u00edrodn\u00edm hork\u00e9m prameni pod dekou hv\u011bzd.<\/p>\n<p>Den zakon\u010d\u00edte \u00fachvatn\u00fdm z\u00e1padem slunce z <strong>ostrova Fatnas<\/strong>, kde se slunce rozpou\u0161t\u00ed v klidn\u00e9m jeze\u0159e. Prohl\u00eddka kon\u010d\u00ed <strong>autentick\u00fdm bedu\u00ednsk\u00fdm z\u00e1\u017eitkem<\/strong>, kde si vychutn\u00e1te tradi\u010dn\u00ed ve\u010de\u0159i a p\u0159enocov\u00e1n\u00ed v pohodln\u00e9m hotelu.<\/p>\n<p>Zarezervujte si svou <strong>pou\u0161tn\u00ed safari a Siwa tour<\/strong> je\u0161t\u011b dnes a za\u017eijte dobrodru\u017estv\u00ed, kter\u00e9 vytvo\u0159\u00ed vzpom\u00ednky na cel\u00fd \u017eivot.<\/p>\n<h3><span style=\"color: #ff6600;\">Podrobnosti o prohl\u00eddce<\/span><\/h3>\n<ul>\n<li>D\u00e9lka trv\u00e1n\u00ed: 2 dny \/ 1 noc<\/li>\n<li>Typ prohl\u00eddky: Soukrom\u00e1<\/li>\n<li>Dostupnost: Ka\u017ed\u00fd den<\/li>\n<li>Velikost skupiny: od 1 do 10 osob<\/li>\n<li>Jazyky: Zku\u0161en\u00fd archeolog hovo\u0159\u00ed va\u0161\u00edm jazykem<\/li>\n<li>Pl\u00e1n: Online rezervace<\/li>\n<li>Vyzvednut\u00ed a odvoz: Hotely v Marsa Matruh<\/li>\n<\/ul>\n<h3><span style=\"color: #ff6600;\">Hlavn\u00ed body<\/span><\/h3>\n<ul>\n<li>Slan\u00e9 jezero<\/li>\n<li>Kleopat\u0159ina l\u00e1ze\u0148<\/li>\n<li>Ostrov Fatnas<\/li>\n<li>Hora mrtv\u00fdch<\/li>\n<li>Hora Dakror<\/li>\n<li>Chr\u00e1m or\u00e1kula<\/li>\n<li>Pevnost Shali<\/li>\n<\/ul>\n<h3><span style=\"color: #ff6600;\">Zahrnuto v cen\u011b<\/span><\/h3>\n<ul>\n<li>Vyzvednut\u00ed a odvoz z hotelu nov\u00fdm klimatizovan\u00fdm vozidlem<\/li>\n<li>Vstupn\u00e9 na v\u0161echny pam\u00e1tky v programu<\/li>\n<li>Zku\u0161en\u00fd pr\u016fvodce<\/li>\n<li>1 noc ubytov\u00e1n\u00ed v hotelu v Siw\u011b se sn\u00eddan\u00ed (B\/B)<\/li>\n<\/ul>\n<h3><span style=\"color: #ff6600;\">Nen\u00ed zahrnuto<\/span><\/h3>\n<ul>\n<li>Spropitn\u00e9<\/li>\n<li>N\u00e1poje b\u011bhem j\u00eddla<\/li>\n<li>Cokoli, co nen\u00ed uvedeno v programu<\/li>\n<\/ul>\n<h3><span style=\"color: #ff6600;\">Co si vz\u00edt s sebou?<\/span><\/h3>\n<ul>\n<li>Pasy<\/li>\n<li>Klobouk, \u0161\u00e1tek<\/li>\n<li>Slune\u010dn\u00ed br\u00fdle a opalovac\u00ed kr\u00e9m<\/li>\n<li>Plavky<\/li>\n<li>Tepl\u00e9 oble\u010den\u00ed v zim\u011b<\/li>\n<\/ul>\n<h2><span style=\"color: #ff6600;\">Itiner\u00e1\u0159<\/span><\/h2>\n<h3><span style=\"color: #ff6600;\">Den 1: Soln\u00e1 jezera, prameny a z\u00e1pad slunce v Siw\u011b<\/span><\/h3>\n<p>Va\u0161e dobrodru\u017estv\u00ed za\u010d\u00edn\u00e1 pohodln\u00fdm transferem do okouzluj\u00edc\u00ed <strong>o\u00e1zy Siwa<\/strong>. Po p\u0159\u00edjezdu si vychutn\u00e1te vynikaj\u00edc\u00ed <strong>ob\u011bd v m\u00edstn\u00ed restauraci<\/strong>, abyste ochutnali autentickou siwanskou kuchyni, ne\u017e se ubytujete ve sv\u00e9m hotelu. Odpoledne za\u010d\u00edn\u00e1 v\u00e1\u0161 program n\u00e1v\u0161t\u011bvou surrealistick\u00fdch a dechberouc\u00edch <strong>Soln\u00fdch jezer v Siw\u011b<\/strong>. Budete m\u00edt nezapomenutelnou p\u0159\u00edle\u017eitost bez n\u00e1mahy plout ve vysoce l\u00e9\u010div\u00e9, k\u0159i\u0161\u0165\u00e1lov\u011b \u010dist\u00e9 slan\u00e9 vod\u011b, co\u017e je z\u00e1\u017eitek \u010dasto p\u0159irovn\u00e1van\u00fd k Mrtv\u00e9mu mo\u0159i.<\/p>\n<p>D\u00e1le nav\u0161t\u00edv\u00edte legend\u00e1rn\u00ed <strong>Kleopat\u0159in pramen<\/strong> (tak\u00e9 zn\u00e1m\u00fd jako <strong>Ain Guba<\/strong>), p\u0159\u00edrodn\u00ed hork\u00fd pramen, kde si m\u016f\u017eete u\u017e\u00edt osv\u011b\u017euj\u00edc\u00ed a relaxa\u010dn\u00ed koupel. Jak den postupuje, vyd\u00e1me se na <strong>ostrov Fatnas<\/strong> pro skute\u010dn\u011b magick\u00fd z\u00e1\u017eitek. Tento mal\u00fd ostrov, proslul\u00fd svou kr\u00e1sou, je ide\u00e1ln\u00edm m\u00edstem k pozorov\u00e1n\u00ed dechberouc\u00edho <strong>z\u00e1padu slunce v Siw\u011b<\/strong>, jakmile slunce zapadne za obzor.<\/p>\n<p>Den zakon\u010d\u00edte lahodnou ve\u010de\u0159\u00ed a p\u0159enocov\u00e1n\u00edm v hotelu.<\/p>\n<p><em><strong>J\u00eddla<\/strong>: ob\u011bd, ve\u010de\u0159e<\/em><\/p>\n<h3><span style=\"color: #ff6600;\">Den 2: Historick\u00e9 poklady a n\u00e1vratov\u00e1 cesta<\/span><\/h3>\n<p>Po vynikaj\u00edc\u00ed sn\u00eddani v hotelu se pono\u0159\u00edme hloub\u011bji do bohat\u00e9 minulosti Siwy. Na\u0161\u00ed prvn\u00ed zast\u00e1vkou je ikonick\u00e1 <strong>pevnost Shali<\/strong>, historick\u00e9 epicentrum o\u00e1zy.<\/p>\n<p>D\u00e1le nav\u0161t\u00edv\u00edme posv\u00e1tn\u00fd <strong>Gebel al-Mawta<\/strong> (Hora mrtv\u00fdch), starov\u011bkou nekropoli s ohromuj\u00edc\u00edmi poh\u0159ebn\u00edmi hrobkami. Pot\u00e9 pokra\u010dujeme k jedine\u010dn\u00e9mu <strong>Gebel al-Dakror<\/strong>, ho\u0159e, o kter\u00e9 se v\u011b\u0159\u00ed, \u017ee m\u00e1 l\u00e9\u010div\u00e9 vlastnosti.<\/p>\n<p>Vrcholem dne je n\u00e1v\u0161t\u011bva celosv\u011btov\u011b proslul\u00e9ho <strong>Chr\u00e1mu or\u00e1kula<\/strong>, zn\u00e1m\u00e9ho tak\u00e9 jako <strong>Chr\u00e1m Amona<\/strong>, kde <strong>Alexandr Velik\u00fd<\/strong> hledal sv\u016fj osud. Po posledn\u00edm <strong>ob\u011bd\u011b<\/strong>, kter\u00fd je sou\u010d\u00e1st\u00ed va\u0161\u00ed prohl\u00eddky, zah\u00e1j\u00edte svou malebnou cestu zp\u011bt do hotelu v Marsa Matruh, napln\u011bnou neuv\u011b\u0159iteln\u00fdmi vzpom\u00ednkami na va\u0161e <strong>pou\u0161tn\u00ed dobrodru\u017estv\u00ed v Siw\u011b<\/strong>.<\/p>\n<p><em>J\u00eddla: sn\u00eddan\u011b, ob\u011bd<\/em><\/p>\n<h3><span style=\"color: #ff6600;\">Cena za 2denn\u00ed prohl\u00eddku o\u00e1zy Siwa z Marsa Matruh<\/span><\/h3>\n<ul>\n<li>Cena pro dosp\u011bl\u00e9: 150 \u20ac<\/li>\n<li>D\u011bti 0-5 let: zdarma<\/li>\n<li>D\u011bti 5-11 let: 50 % z ceny pro dosp\u011bl\u00e9<\/li>\n<\/ul>\n<h3><span style=\"color: #ff6600;\">Rezervace<\/span><\/h3>\n<p>Svou prohl\u00eddku si m\u016f\u017eete zarezervovat p\u0159es WhatsApp nebo n\u00e1m poslat e-mail a obdr\u017e\u00edte potvrzen\u00ed na m\u00edst\u011b.<\/p>\n<p>Pros\u00edme, po\u0161lete n\u00e1m n\u00e1zev va\u0161eho hotelu, \u010d\u00edslo pokoje a kopie pas\u016f.<\/p>\n<ul>\n<li><strong>WhatsApp:<\/strong> +201000852186<\/li>\n<li><strong>E-mail:<\/strong> info@egytourpackages.com<\/li>\n<\/ul>\n<h3><span style=\"color: #ff6600;\">Rezervujte hned &amp; pla\u0165te na m\u00edst\u011b<\/span><\/h3>\n<p>Zarezervujte si svou obl\u00edbenou prohl\u00eddku a zapla\u0165te v den v\u00fdletu.<\/p>\n<h3><span style=\"color: #ff6600;\">Platba<\/span><\/h3>\n<p>M\u016f\u017eete platit egyptsk\u00fdmi librami, $, \u20ac\u200e nebo \u00a3.<\/p>\n<h3><span style=\"color: #ff6600;\">Storno podm\u00ednky<\/span><\/h3>\n<ul>\n<li>Bezplatn\u00e9 storno je mo\u017en\u00e9 a\u017e 24 hodin p\u0159edem<\/li>\n<li>Storno r\u00e1no stoj\u00ed 50 % z ceny<\/li>\n<\/ul>\n","protected":false},"excerpt":{"rendered":"<p>Prozkoumejte Dvoudenn\u00ed O\u00e1za Siwa z Marsa Matrouh. Plavte se v soln\u00fdch jezerech, vydejte se na pou\u0161tn\u00ed safari a objevte jedine\u010dnou berberskou kulturu.<\/p>\n","protected":false},"featured_media":5558,"comment_status":"closed","ping_status":"closed","template":"","meta":[],"product_brand":[],"product_cat":[1466],"product_tag":[1470,2940,2954],"class_list":{"0":"post-5595","1":"product","2":"type-product","3":"status-publish","4":"has-post-thumbnail","6":"product_cat-vylety","7":"product_tag-jednodenni-vylety-po-egypte","8":"product_tag-viaggi-a-marsa-matruh","9":"product_tag-vylety-do-oazy-siwa-z-marsa-matrouh","10":"tour_category-jednodenni-vylety-po-egypte-cs","11":"tour_category-viaggi-a-marsa-matruh","12":"tour_category-vylety-do-oazy-siwa-z-marsa-matrouh","14":"first","15":"instock","16":"sale","17":"shipping-taxable","18":"purchasable","19":"product-type-tour","20":"has-default-attributes"},"yoast_head":"<!-- This site is optimized with the Yoast SEO Premium plugin v27.4 (Yoast SEO v27.4) - https:\/\/yoast.com\/product\/yoast-seo-premium-wordpress\/ -->\n<title>Dvoudenn\u00ed O\u00e1za Siwa z Marsa Matrouh | z\u00e1jezdy do Egypta<\/title>\n<meta name=\"description\" content=\"Prozkoumejte Dvoudenn\u00ed O\u00e1za Siwa z Marsa Matrouh. Plavte se v soln\u00fdch jezerech, vydejte se na pou\u0161tn\u00ed safari a objevte jedine\u010dnou berberskou kulturu.\" \/>\n<meta name=\"robots\" content=\"index, follow, max-snippet:-1, max-image-preview:large, max-video-preview:-1\" \/>\n<link rel=\"canonical\" href=\"https:\/\/egytourpackages.com\/cs\/prohlidky\/dvoudenni-oaza-siwa-z-marsa-matrouh\/\" \/>\n<meta property=\"og:locale\" content=\"cs_CZ\" \/>\n<meta property=\"og:type\" content=\"article\" \/>\n<meta property=\"og:title\" content=\"Dvoudenn\u00ed O\u00e1za Siwa z Marsa Matrouh\" \/>\n<meta property=\"og:description\" content=\"Prozkoumejte Dvoudenn\u00ed O\u00e1za Siwa z Marsa Matrouh. Plavte se v soln\u00fdch jezerech, vydejte se na pou\u0161tn\u00ed safari a objevte jedine\u010dnou berberskou kulturu.\" \/>\n<meta property=\"og:url\" content=\"https:\/\/egytourpackages.com\/cs\/prohlidky\/dvoudenni-oaza-siwa-z-marsa-matrouh\/\" \/>\n<meta property=\"og:site_name\" content=\"Z\u00e1jezdy po Egypt\u011b\" \/>\n<meta property=\"article:publisher\" content=\"https:\/\/www.facebook.com\/egytourpackages\" \/>\n<meta property=\"article:modified_time\" content=\"2026-04-07T16:39:20+00:00\" \/>\n<meta property=\"og:image\" content=\"https:\/\/egytourpackages.com\/wp-content\/uploads\/2025\/08\/Siwa-Oasis.jpeg\" \/>\n\t<meta property=\"og:image:width\" content=\"1600\" \/>\n\t<meta property=\"og:image:height\" content=\"1200\" \/>\n\t<meta property=\"og:image:type\" content=\"image\/jpeg\" \/>\n<meta name=\"twitter:card\" content=\"summary_large_image\" \/>\n<meta name=\"twitter:title\" content=\"Dvoudenn\u00ed O\u00e1za Siwa z Marsa Matrouh\" \/>\n<meta name=\"twitter:label1\" content=\"Cena\" \/>\n\t<meta name=\"twitter:data1\" content=\"&euro;0\" \/>\n\t<meta name=\"twitter:label2\" content=\"Dostupnost\" \/>\n\t<meta name=\"twitter:data2\" content=\"Skladem\" \/>\n<script type=\"application\/ld+json\" class=\"yoast-schema-graph\">{\"@context\":\"https:\\\/\\\/schema.org\",\"@graph\":[{\"@type\":\"WebPage\",\"@id\":\"https:\\\/\\\/egytourpackages.com\\\/cs\\\/prohlidky\\\/dvoudenni-oaza-siwa-z-marsa-matrouh\\\/\",\"url\":\"https:\\\/\\\/egytourpackages.com\\\/cs\\\/prohlidky\\\/dvoudenni-oaza-siwa-z-marsa-matrouh\\\/\",\"name\":\"Dvoudenn\u00ed O\u00e1za Siwa z Marsa Matrouh | z\u00e1jezdy do Egypta\",\"isPartOf\":{\"@id\":\"https:\\\/\\\/egytourpackages.com\\\/cs\\\/#website\"},\"primaryImageOfPage\":{\"@id\":\"https:\\\/\\\/egytourpackages.com\\\/cs\\\/prohlidky\\\/dvoudenni-oaza-siwa-z-marsa-matrouh\\\/#primaryimage\"},\"image\":{\"@id\":\"https:\\\/\\\/egytourpackages.com\\\/cs\\\/prohlidky\\\/dvoudenni-oaza-siwa-z-marsa-matrouh\\\/#primaryimage\"},\"thumbnailUrl\":\"https:\\\/\\\/egytourpackages.com\\\/wp-content\\\/uploads\\\/2025\\\/08\\\/Siwa-Oasis.jpeg\",\"datePublished\":\"2025-08-12T13:04:19+00:00\",\"dateModified\":\"2026-04-07T16:39:20+00:00\",\"description\":\"Prozkoumejte Dvoudenn\u00ed O\u00e1za Siwa z Marsa Matrouh. Plavte se v soln\u00fdch jezerech, vydejte se na pou\u0161tn\u00ed safari a objevte jedine\u010dnou berberskou kulturu.\",\"breadcrumb\":{\"@id\":\"https:\\\/\\\/egytourpackages.com\\\/cs\\\/prohlidky\\\/dvoudenni-oaza-siwa-z-marsa-matrouh\\\/#breadcrumb\"},\"inLanguage\":\"cs\",\"potentialAction\":[{\"@type\":\"ReadAction\",\"target\":[\"https:\\\/\\\/egytourpackages.com\\\/cs\\\/prohlidky\\\/dvoudenni-oaza-siwa-z-marsa-matrouh\\\/\"]}]},{\"@type\":\"ImageObject\",\"inLanguage\":\"cs\",\"@id\":\"https:\\\/\\\/egytourpackages.com\\\/cs\\\/prohlidky\\\/dvoudenni-oaza-siwa-z-marsa-matrouh\\\/#primaryimage\",\"url\":\"https:\\\/\\\/egytourpackages.com\\\/wp-content\\\/uploads\\\/2025\\\/08\\\/Siwa-Oasis.jpeg\",\"contentUrl\":\"https:\\\/\\\/egytourpackages.com\\\/wp-content\\\/uploads\\\/2025\\\/08\\\/Siwa-Oasis.jpeg\",\"width\":1600,\"height\":1200,\"caption\":\"o\u00e1za Siwa\"},{\"@type\":\"BreadcrumbList\",\"@id\":\"https:\\\/\\\/egytourpackages.com\\\/cs\\\/prohlidky\\\/dvoudenni-oaza-siwa-z-marsa-matrouh\\\/#breadcrumb\",\"itemListElement\":[{\"@type\":\"ListItem\",\"position\":1,\"name\":\"Dom\u016f\",\"item\":\"https:\\\/\\\/egytourpackages.com\\\/cs\\\/balicky-vyletu-po-egypte\\\/\"},{\"@type\":\"ListItem\",\"position\":2,\"name\":\"Shop\",\"item\":\"https:\\\/\\\/egytourpackages.com\\\/cs\\\/shop\\\/\"},{\"@type\":\"ListItem\",\"position\":3,\"name\":\"Dvoudenn\u00ed O\u00e1za Siwa z Marsa Matrouh\"}]},{\"@type\":\"WebSite\",\"@id\":\"https:\\\/\\\/egytourpackages.com\\\/cs\\\/#website\",\"url\":\"https:\\\/\\\/egytourpackages.com\\\/cs\\\/\",\"name\":\"Egy tour packages\",\"description\":\"\",\"publisher\":{\"@id\":\"https:\\\/\\\/egytourpackages.com\\\/cs\\\/#organization\"},\"potentialAction\":[{\"@type\":\"SearchAction\",\"target\":{\"@type\":\"EntryPoint\",\"urlTemplate\":\"https:\\\/\\\/egytourpackages.com\\\/cs\\\/?s={search_term_string}\"},\"query-input\":{\"@type\":\"PropertyValueSpecification\",\"valueRequired\":true,\"valueName\":\"search_term_string\"}}],\"inLanguage\":\"cs\"},{\"@type\":[\"Organization\",\"Place\",\"TravelAgency\"],\"@id\":\"https:\\\/\\\/egytourpackages.com\\\/cs\\\/#organization\",\"name\":\"egypt tour packages\",\"alternateName\":\"egypt tour packages\",\"url\":\"https:\\\/\\\/egytourpackages.com\\\/cs\\\/\",\"logo\":{\"@id\":\"https:\\\/\\\/egytourpackages.com\\\/cs\\\/prohlidky\\\/dvoudenni-oaza-siwa-z-marsa-matrouh\\\/#local-main-organization-logo\"},\"image\":{\"@id\":\"https:\\\/\\\/egytourpackages.com\\\/cs\\\/prohlidky\\\/dvoudenni-oaza-siwa-z-marsa-matrouh\\\/#local-main-organization-logo\"},\"sameAs\":[\"https:\\\/\\\/www.facebook.com\\\/egytourpackages\"],\"legalName\":\"Egy tour packages\",\"address\":{\"@id\":\"https:\\\/\\\/egytourpackages.com\\\/cs\\\/prohlidky\\\/dvoudenni-oaza-siwa-z-marsa-matrouh\\\/#local-main-place-address\"},\"telephone\":[\"00201000852186\",\"00201028685533\"],\"contactPoint\":{\"@type\":\"ContactPoint\",\"telephone\":\"00201000852186\"},\"openingHoursSpecification\":[{\"@type\":\"OpeningHoursSpecification\",\"dayOfWeek\":[\"Monday\",\"Tuesday\",\"Wednesday\",\"Thursday\",\"Friday\",\"Saturday\",\"Sunday\"],\"opens\":\"00:00\",\"closes\":\"23:59\"}],\"email\":\"info@egytourpackages.com\",\"areaServed\":\"Cairo, Hurghada, Luxor, Sharm El Sheikh, Marsa Alam, Aswan\",\"priceRange\":\"$\",\"currenciesAccepted\":\"euro\",\"paymentAccepted\":\"Payment links online\"},{\"@type\":\"PostalAddress\",\"@id\":\"https:\\\/\\\/egytourpackages.com\\\/cs\\\/prohlidky\\\/dvoudenni-oaza-siwa-z-marsa-matrouh\\\/#local-main-place-address\",\"streetAddress\":\"Mubarak 8, Al Kawthar District, Hurghada\",\"addressLocality\":\"Hurghada\",\"postalCode\":\"84511\",\"addressRegion\":\"Red Sea\",\"addressCountry\":\"EG\"},{\"@type\":\"ImageObject\",\"inLanguage\":\"cs\",\"@id\":\"https:\\\/\\\/egytourpackages.com\\\/cs\\\/prohlidky\\\/dvoudenni-oaza-siwa-z-marsa-matrouh\\\/#local-main-organization-logo\",\"url\":\"https:\\\/\\\/egytourpackages.com\\\/wp-content\\\/uploads\\\/2025\\\/12\\\/Turquoise-Dahabiya-Nile-Cruise-1.jpeg\",\"contentUrl\":\"https:\\\/\\\/egytourpackages.com\\\/wp-content\\\/uploads\\\/2025\\\/12\\\/Turquoise-Dahabiya-Nile-Cruise-1.jpeg\",\"width\":1040,\"height\":694,\"caption\":\"egypt tour packages\"}]}<\/script>\n<meta property=\"product:brand\" content=\"Jednodenn\u00ed v\u00fdlety po Egypt\u011b\" \/>\n<meta property=\"product:price:amount\" content=\"0\" \/>\n<meta property=\"product:price:currency\" content=\"EUR\" \/>\n<meta property=\"og:availability\" content=\"instock\" \/>\n<meta property=\"product:availability\" content=\"instock\" \/>\n<meta property=\"product:retailer_item_id\" content=\"MMT01\" \/>\n<meta property=\"product:condition\" content=\"new\" \/>\n<meta name=\"geo.placename\" content=\"Hurghada\" \/>\n<meta name=\"geo.region\" content=\"Egypt\" \/>\n<!-- \/ Yoast SEO Premium plugin. -->","yoast_head_json":{"title":"Dvoudenn\u00ed O\u00e1za Siwa z Marsa Matrouh | z\u00e1jezdy do Egypta","description":"Prozkoumejte Dvoudenn\u00ed O\u00e1za Siwa z Marsa Matrouh. Plavte se v soln\u00fdch jezerech, vydejte se na pou\u0161tn\u00ed safari a objevte jedine\u010dnou berberskou kulturu.","robots":{"index":"index","follow":"follow","max-snippet":"max-snippet:-1","max-image-preview":"max-image-preview:large","max-video-preview":"max-video-preview:-1"},"canonical":"https:\/\/egytourpackages.com\/cs\/prohlidky\/dvoudenni-oaza-siwa-z-marsa-matrouh\/","og_locale":"cs_CZ","og_type":"article","og_title":"Dvoudenn\u00ed O\u00e1za Siwa z Marsa Matrouh","og_description":"Prozkoumejte Dvoudenn\u00ed O\u00e1za Siwa z Marsa Matrouh. Plavte se v soln\u00fdch jezerech, vydejte se na pou\u0161tn\u00ed safari a objevte jedine\u010dnou berberskou kulturu.","og_url":"https:\/\/egytourpackages.com\/cs\/prohlidky\/dvoudenni-oaza-siwa-z-marsa-matrouh\/","og_site_name":"Z\u00e1jezdy po Egypt\u011b","article_publisher":"https:\/\/www.facebook.com\/egytourpackages","article_modified_time":"2026-04-07T16:39:20+00:00","og_image":[{"width":1600,"height":1200,"url":"https:\/\/egytourpackages.com\/wp-content\/uploads\/2025\/08\/Siwa-Oasis.jpeg","type":"image\/jpeg"}],"twitter_card":"summary_large_image","twitter_title":"Dvoudenn\u00ed O\u00e1za Siwa z Marsa Matrouh","twitter_misc":{"Cena":"&euro;0","Dostupnost":"Skladem"},"schema":{"@context":"https:\/\/schema.org","@graph":[{"@type":"WebPage","@id":"https:\/\/egytourpackages.com\/cs\/prohlidky\/dvoudenni-oaza-siwa-z-marsa-matrouh\/","url":"https:\/\/egytourpackages.com\/cs\/prohlidky\/dvoudenni-oaza-siwa-z-marsa-matrouh\/","name":"Dvoudenn\u00ed O\u00e1za Siwa z Marsa Matrouh | z\u00e1jezdy do Egypta","isPartOf":{"@id":"https:\/\/egytourpackages.com\/cs\/#website"},"primaryImageOfPage":{"@id":"https:\/\/egytourpackages.com\/cs\/prohlidky\/dvoudenni-oaza-siwa-z-marsa-matrouh\/#primaryimage"},"image":{"@id":"https:\/\/egytourpackages.com\/cs\/prohlidky\/dvoudenni-oaza-siwa-z-marsa-matrouh\/#primaryimage"},"thumbnailUrl":"https:\/\/egytourpackages.com\/wp-content\/uploads\/2025\/08\/Siwa-Oasis.jpeg","datePublished":"2025-08-12T13:04:19+00:00","dateModified":"2026-04-07T16:39:20+00:00","description":"Prozkoumejte Dvoudenn\u00ed O\u00e1za Siwa z Marsa Matrouh. Plavte se v soln\u00fdch jezerech, vydejte se na pou\u0161tn\u00ed safari a objevte jedine\u010dnou berberskou kulturu.","breadcrumb":{"@id":"https:\/\/egytourpackages.com\/cs\/prohlidky\/dvoudenni-oaza-siwa-z-marsa-matrouh\/#breadcrumb"},"inLanguage":"cs","potentialAction":[{"@type":"ReadAction","target":["https:\/\/egytourpackages.com\/cs\/prohlidky\/dvoudenni-oaza-siwa-z-marsa-matrouh\/"]}]},{"@type":"ImageObject","inLanguage":"cs","@id":"https:\/\/egytourpackages.com\/cs\/prohlidky\/dvoudenni-oaza-siwa-z-marsa-matrouh\/#primaryimage","url":"https:\/\/egytourpackages.com\/wp-content\/uploads\/2025\/08\/Siwa-Oasis.jpeg","contentUrl":"https:\/\/egytourpackages.com\/wp-content\/uploads\/2025\/08\/Siwa-Oasis.jpeg","width":1600,"height":1200,"caption":"o\u00e1za Siwa"},{"@type":"BreadcrumbList","@id":"https:\/\/egytourpackages.com\/cs\/prohlidky\/dvoudenni-oaza-siwa-z-marsa-matrouh\/#breadcrumb","itemListElement":[{"@type":"ListItem","position":1,"name":"Dom\u016f","item":"https:\/\/egytourpackages.com\/cs\/balicky-vyletu-po-egypte\/"},{"@type":"ListItem","position":2,"name":"Shop","item":"https:\/\/egytourpackages.com\/cs\/shop\/"},{"@type":"ListItem","position":3,"name":"Dvoudenn\u00ed O\u00e1za Siwa z Marsa Matrouh"}]},{"@type":"WebSite","@id":"https:\/\/egytourpackages.com\/cs\/#website","url":"https:\/\/egytourpackages.com\/cs\/","name":"Egy tour packages","description":"","publisher":{"@id":"https:\/\/egytourpackages.com\/cs\/#organization"},"potentialAction":[{"@type":"SearchAction","target":{"@type":"EntryPoint","urlTemplate":"https:\/\/egytourpackages.com\/cs\/?s={search_term_string}"},"query-input":{"@type":"PropertyValueSpecification","valueRequired":true,"valueName":"search_term_string"}}],"inLanguage":"cs"},{"@type":["Organization","Place","TravelAgency"],"@id":"https:\/\/egytourpackages.com\/cs\/#organization","name":"egypt tour packages","alternateName":"egypt tour packages","url":"https:\/\/egytourpackages.com\/cs\/","logo":{"@id":"https:\/\/egytourpackages.com\/cs\/prohlidky\/dvoudenni-oaza-siwa-z-marsa-matrouh\/#local-main-organization-logo"},"image":{"@id":"https:\/\/egytourpackages.com\/cs\/prohlidky\/dvoudenni-oaza-siwa-z-marsa-matrouh\/#local-main-organization-logo"},"sameAs":["https:\/\/www.facebook.com\/egytourpackages"],"legalName":"Egy tour packages","address":{"@id":"https:\/\/egytourpackages.com\/cs\/prohlidky\/dvoudenni-oaza-siwa-z-marsa-matrouh\/#local-main-place-address"},"telephone":["00201000852186","00201028685533"],"contactPoint":{"@type":"ContactPoint","telephone":"00201000852186"},"openingHoursSpecification":[{"@type":"OpeningHoursSpecification","dayOfWeek":["Monday","Tuesday","Wednesday","Thursday","Friday","Saturday","Sunday"],"opens":"00:00","closes":"23:59"}],"email":"info@egytourpackages.com","areaServed":"Cairo, Hurghada, Luxor, Sharm El Sheikh, Marsa Alam, Aswan","priceRange":"$","currenciesAccepted":"euro","paymentAccepted":"Payment links online"},{"@type":"PostalAddress","@id":"https:\/\/egytourpackages.com\/cs\/prohlidky\/dvoudenni-oaza-siwa-z-marsa-matrouh\/#local-main-place-address","streetAddress":"Mubarak 8, Al Kawthar District, Hurghada","addressLocality":"Hurghada","postalCode":"84511","addressRegion":"Red Sea","addressCountry":"EG"},{"@type":"ImageObject","inLanguage":"cs","@id":"https:\/\/egytourpackages.com\/cs\/prohlidky\/dvoudenni-oaza-siwa-z-marsa-matrouh\/#local-main-organization-logo","url":"https:\/\/egytourpackages.com\/wp-content\/uploads\/2025\/12\/Turquoise-Dahabiya-Nile-Cruise-1.jpeg","contentUrl":"https:\/\/egytourpackages.com\/wp-content\/uploads\/2025\/12\/Turquoise-Dahabiya-Nile-Cruise-1.jpeg","width":1040,"height":694,"caption":"egypt tour packages"}]},"product_brand":"Jednodenn\u00ed v\u00fdlety po Egypt\u011b","product_price_currency":"EUR","og_availability":"instock","product_availability":"instock","product_retailer_item_id":"MMT01","product_condition":"new","geo.placename":"Hurghada","geo.region":"Egypt"},"_links":{"self":[{"href":"https:\/\/egytourpackages.com\/cs\/wp-json\/wp\/v2\/product\/5595","targetHints":{"allow":["GET"]}}],"collection":[{"href":"https:\/\/egytourpackages.com\/cs\/wp-json\/wp\/v2\/product"}],"about":[{"href":"https:\/\/egytourpackages.com\/cs\/wp-json\/wp\/v2\/types\/product"}],"replies":[{"embeddable":true,"href":"https:\/\/egytourpackages.com\/cs\/wp-json\/wp\/v2\/comments?post=5595"}],"wp:featuredmedia":[{"embeddable":true,"href":"https:\/\/egytourpackages.com\/cs\/wp-json\/wp\/v2\/media\/5558"}],"wp:attachment":[{"href":"https:\/\/egytourpackages.com\/cs\/wp-json\/wp\/v2\/media?parent=5595"}],"wp:term":[{"taxonomy":"product_brand","embeddable":true,"href":"https:\/\/egytourpackages.com\/cs\/wp-json\/wp\/v2\/product_brand?post=5595"},{"taxonomy":"product_cat","embeddable":true,"href":"https:\/\/egytourpackages.com\/cs\/wp-json\/wp\/v2\/product_cat?post=5595"},{"taxonomy":"product_tag","embeddable":true,"href":"https:\/\/egytourpackages.com\/cs\/wp-json\/wp\/v2\/product_tag?post=5595"}],"curies":[{"name":"wp","href":"https:\/\/api.w.org\/{rel}","templated":true}]}}