{"id":9712,"date":"2025-10-31T23:10:50","date_gmt":"2025-10-31T23:10:50","guid":{"rendered":"https:\/\/egytourpackages.com\/product\/safari-s-pozorovanim-hvezd-v-sahl-hasheesh\/"},"modified":"2026-01-28T23:57:53","modified_gmt":"2026-01-28T23:57:53","slug":"safari-s-pozorovanim-hvezd-v-sahl-hasheesh","status":"publish","type":"product","link":"https:\/\/egytourpackages.com\/cs\/prohlidky\/safari-s-pozorovanim-hvezd-v-sahl-hasheesh\/","title":{"rendered":"Safari s Pozorov\u00e1n\u00edm Hv\u011bzd v Sahl Hasheesh"},"content":{"rendered":"<p><span style=\"color: #ff6600;\"><strong>Safari s Pozorov\u00e1n\u00edm Hv\u011bzd v Sahl Hasheesh: \u010cty\u0159kolky, Velbloudi, Kon\u011b a Ve\u010dern\u00ed Show<\/strong><\/span><\/p>\n<p>Za\u017eijte to nejlep\u0161\u00ed <strong>Dobrodru\u017estv\u00ed v Pou\u0161ti Sahl Hasheesh<\/strong> s t\u00edmto all-inclusive ve\u010dern\u00edm safari. Toto dobrodru\u017estv\u00ed kombinuje vzru\u0161en\u00ed z <strong>J\u00edzdy na \u010cty\u0159kolk\u00e1ch<\/strong>, klid <strong>Proj\u00ed\u017e\u010fky na Kon\u00edch<\/strong>, tradici <strong>Trekingu na Velbloudech<\/strong>, lahodnou <strong>Bedu\u00ednskou BBQ Ve\u010de\u0159i<\/strong> a div sv\u011bta \u2013 <strong>Pozorov\u00e1n\u00ed Hv\u011bzd<\/strong> pomoc\u00ed v\u00fdkonn\u00e9ho teleskopu. Je to <strong>nejlep\u0161\u00ed pou\u0161tn\u00ed safari z Sahl Hasheesh<\/strong> pro nezapomenutelnou noc pod oblohou <strong>Egyptsk\u00e9 Pou\u0161t\u011b<\/strong>.<\/p>\n<h3><span style=\"color: #ff6600;\">Detaily<\/span><\/h3>\n<ul>\n<li>D\u00e9lka trv\u00e1n\u00ed: Odpoledn\u00ed v\u00fdlet (p\u0159ibli\u017en\u011b 5\u20136 hodin celkem)<\/li>\n<li>Aktivity: 1 hodina j\u00edzdy na \u010dty\u0159kolce, 30 minut proj\u00ed\u017e\u010fka na velbloudu, 30 minut proj\u00ed\u017e\u010fka na koni<\/li>\n<li>Dostupnost: Denn\u011b<\/li>\n<li>Jazyk: \u010ce\u0161tina<\/li>\n<\/ul>\n<h3><span style=\"color: #ff6600;\">V cen\u011b<\/span><\/h3>\n<ul>\n<li>Zp\u00e1te\u010dn\u00ed transfer ze v\u0161ech Hotel\u016f v Sahl Hasheesh klimatizovan\u00fdm vozidlem<\/li>\n<li>1 hodina z\u00e1\u017eitku j\u00edzdy na \u010dty\u0159kolce.<\/li>\n<li>30 minut z\u00e1\u017eitku j\u00edzdy na velbloudu<\/li>\n<li>30 minut z\u00e1\u017eitku j\u00edzdy na koni.<\/li>\n<li>BBQ ve\u010de\u0159e<\/li>\n<li>Tradi\u010dn\u00ed bedu\u00ednsk\u00fd \u010daj<\/li>\n<li>Folklorn\u00ed show<\/li>\n<li>Pozorov\u00e1n\u00ed hv\u011bzd s profesion\u00e1ln\u00edm pr\u016fvodcem a teleskopem<\/li>\n<li>Bezpe\u010dnostn\u00ed vybaven\u00ed (P\u0159ilby pro \u010dty\u0159kolky\/j\u00edzdu na koni)<\/li>\n<\/ul>\n<h3><span style=\"color: #ff6600;\">Vylou\u010deno z ceny<\/span><\/h3>\n<ul>\n<li>Spropitn\u00e9 (Tipy).<\/li>\n<li>Osobn\u00ed v\u00fddaje.<\/li>\n<li>Bal\u00ed\u010dky fotografi\u00ed\/vide\u00ed (\u010dasto dostupn\u00e9 ke koupi).<\/li>\n<li>\u0160\u00e1tek\/Ochrann\u00e9 br\u00fdle (\u010dasto lze zap\u016fj\u010dit nebo zakoupit na stanici).<\/li>\n<\/ul>\n<h2><span style=\"color: #ff6600;\">Itiner\u00e1\u0159<\/span><\/h2>\n<p>Za\u017eijte to nejlep\u0161\u00ed <strong>Dobrodru\u017estv\u00ed v Pou\u0161ti Sahl Hasheesh<\/strong> s t\u00edmto celove\u010dern\u00edm <strong>No\u010dn\u00edm Safari<\/strong>. Prohl\u00eddka je dokonale navr\u017eena tak, aby kombinovala energetick\u00e9 aktivity s tradi\u010dn\u00ed kulturou a astronomick\u00fdm divem, co\u017e poskytuje skute\u010dn\u011b jedine\u010dn\u00fd z\u00e1\u017eitek s jasn\u00fdmi v\u00fdhledy na <strong>No\u010dn\u00ed Oblohu<\/strong>.<\/p>\n<p>Va\u0161e dobrodru\u017estv\u00ed za\u010d\u00edn\u00e1 pohodln\u00fdm <strong>vyzvednut\u00edm z hotelu<\/strong> z va\u0161ich <strong>Hotel\u016f v Sahl Hasheesh<\/strong> mezi 14:00, s transferem p\u0159\u00edmo na stanici safari, kde zah\u00e1j\u00edte sv\u00e9 adrenalinov\u00e9 aktivity.<\/p>\n<p>Prvn\u00ed aktivitou je vzru\u0161uj\u00edc\u00ed <strong>1hodinov\u00e1 j\u00edzda na \u010dty\u0159kolce<\/strong>. Po bezpe\u010dnostn\u00ed instrukt\u00e1\u017ei nasednete na v\u00fdkonnou <strong>\u010dty\u0159kolku<\/strong>. Pot\u00e9 budete se sv\u00fdm pr\u016fvodcem uh\u00e1n\u011bt rozs\u00e1hlou krajinou <strong>Pou\u0161t\u011b Rud\u00e9ho Mo\u0159e<\/strong>, navigovat vzru\u0161uj\u00edc\u00edmi p\u00edse\u010dn\u00fdmi dunami a otev\u0159en\u00fdmi pl\u00e1n\u011bmi.<\/p>\n<p>Po motorizovan\u00e9m vzru\u0161en\u00ed se pono\u0159\u00edte do tradi\u010dn\u00edho cestov\u00e1n\u00ed pou\u0161t\u00ed s jezdeckou \u010d\u00e1st\u00ed z\u00e1jezdu. Ta zahrnuje klidnou <strong>30minutovou proj\u00ed\u017e\u010fku na velbloudu<\/strong>, kter\u00e1 nab\u00edz\u00ed autentick\u00fd z\u00e1\u017eitek z <strong>treku na velbloudech<\/strong>. Ihned n\u00e1sleduje elegantn\u00ed <strong>30minutov\u00e1 proj\u00ed\u017e\u010fka na koni<\/strong> na dob\u0159e tr\u00e9novan\u00e9m <strong>Arabsk\u00e9m koni<\/strong>. Tato kombinace zaji\u0161\u0165uje, \u017ee za\u017eijete to nejlep\u0161\u00ed z pohybu v pou\u0161ti.<\/p>\n<p>Jakmile slunce za\u010dne zapadat, doraz\u00edte do tradi\u010dn\u00edho <strong>bedu\u00ednsk\u00e9ho stanu<\/strong>. Zde budete p\u0159iv\u00edt\u00e1ni autentick\u00fdm <strong>bedu\u00ednsk\u00fdm \u010dajem<\/strong> a budete m\u00edt p\u0159\u00edle\u017eitost po\u0159\u00eddit \u00fa\u017easn\u00e9 fotografie <strong>z\u00e1padu slunce v pou\u0161ti<\/strong>, jak barvy osv\u011btluj\u00ed hory.<\/p>\n<p>Ve\u010der pokra\u010duje hostinou a oslavou. Vychutn\u00e1te si vynikaj\u00edc\u00ed <strong>bedu\u00ednskou BBQ ve\u010de\u0159i<\/strong>\u2014otev\u0159en\u00fd bufet m\u00edstn\u00edch specialit\u2014pod\u00e1vanou pod \u0161ir\u00fdm nebem. Po ve\u010de\u0159i n\u00e1sleduje \u017eiv\u00e1 <strong>Folklorn\u00ed Show<\/strong>. P\u0159edstavuje tradi\u010dn\u00ed folklor, hudbu a fascinuj\u00edc\u00ed <strong>Tanoura Tanec<\/strong>.<\/p>\n<h3><span style=\"color: #ff6600;\">Pozorov\u00e1n\u00ed Hv\u011bzd<\/span><\/h3>\n<p>Velk\u00fdm fin\u00e1le je <strong>Exkurze za Pozorov\u00e1n\u00edm Hv\u011bzd<\/strong>. Daleko od jak\u00e9hokoli sv\u011bteln\u00e9ho zne\u010di\u0161t\u011bn\u00ed m\u011bsta povede profesion\u00e1ln\u00ed <strong>Astronomie Pr\u016fvodce<\/strong> lekci nebesk\u00e9ho pozorov\u00e1n\u00ed. Pomoc\u00ed v\u00fdkonn\u00e9ho <strong>Teleskopu<\/strong> budete pozorovat viditeln\u00e9 planety, vzd\u00e1len\u00e9 hv\u011bzdy a r\u016fzn\u00e1 <strong>Souhv\u011bzd\u00ed<\/strong>. Dozv\u00edte se o vesm\u00edru a m\u00fdtech <strong>No\u010dn\u00ed Oblohy<\/strong>.<\/p>\n<p>Na z\u00e1v\u011br va\u0161e komplexn\u00ed <strong>Pou\u0161tn\u00ed Safari Sahl Hasheesh<\/strong> kon\u010d\u00ed pohodln\u00fdm transferem zp\u011bt do va\u0161ich <strong>Hotel\u016f v Sahl Hasheesh<\/strong> kolem 21:30.<\/p>\n<h2><span style=\"color: #ff6600;\">FAQ<\/span><\/h2>\n<h3><span style=\"color: #ff6600;\">\u010c\u00edm je z\u00e1\u017eitek Pozorov\u00e1n\u00ed Hv\u011bzd v Sahl Hasheesh jedine\u010dn\u00fd ve srovn\u00e1n\u00ed s pozorov\u00e1n\u00edm z pob\u0159e\u017e\u00ed?<\/span><\/h3>\n<p>Exkurze za Pozorov\u00e1n\u00edm Hv\u011bzd se kon\u00e1 hluboko v pou\u0161ti, aby unikla sv\u011bteln\u00e9mu zne\u010di\u0161t\u011bn\u00ed letovisek. To zaru\u010duje dramaticky \u010dist\u0161\u00ed No\u010dn\u00ed Oblohu. Odborn\u00fd Astronomie Pr\u016fvodce pou\u017e\u00edv\u00e1 profesion\u00e1ln\u00ed Teleskop, aby v\u00e1m pomohl identifikovat planety a Souhv\u011bzd\u00ed. Ty jsou z pob\u0159e\u017e\u00ed obvykle neviditeln\u00e9. Prohl\u00eddka nab\u00edz\u00ed pohlcuj\u00edc\u00ed pohled do kosmu.<\/p>\n<h3><span style=\"color: #ff6600;\">Jak jsou strukturov\u00e1ny r\u016fzn\u00e9 pou\u0161tn\u00ed aktivity a na co se ka\u017ed\u00e1 \u010d\u00e1st zam\u011b\u0159uje?<\/span><\/h3>\n<p>Pou\u0161tn\u00ed Safari Sahl Hasheesh vyva\u017euje adrenalin a tradici. Prvn\u00ed \u010d\u00e1st je vysoce energetick\u00e1, zahrnuj\u00edc\u00ed 1hodinovou j\u00edzdu na \u010dty\u0159kolce, kde se na \u010dty\u0159kolce pohybujete po p\u00edse\u010dn\u00fdch dun\u00e1ch.<\/p>\n<p>Druh\u00e1 \u010d\u00e1st je autentick\u00fd Trek na Velbloudech a kr\u00e1tk\u00e1 Proj\u00ed\u017e\u010fka na Kon\u00edch (30 minut ka\u017ed\u00e1). To nab\u00edz\u00ed klasick\u00fd, klidn\u00fd pou\u0161tn\u00ed z\u00e1\u017eitek p\u0159ed usazen\u00edm se ve Bedu\u00ednsk\u00e9 Vesnici na ve\u010der.<\/p>\n","protected":false},"excerpt":{"rendered":"<p><b>Safari s Pozorov\u00e1n\u00edm Hv\u011bzd v Sahl Hasheesh<\/b>: <b>\u010cty\u0159kolky<\/b>, velbloudi, <b>BBQ ve\u010de\u0159e<\/b> a teleskop. Nejlep\u0161\u00ed <b>pou\u0161tn\u00ed dobrodru\u017estv\u00ed v Egypt\u011b<\/b>!<\/p>\n","protected":false},"featured_media":8914,"comment_status":"closed","ping_status":"closed","template":"","meta":[],"product_brand":[],"product_cat":[1466],"product_tag":[2372,1470],"class_list":{"0":"post-9712","1":"product","2":"type-product","3":"status-publish","4":"has-post-thumbnail","6":"product_cat-vylety","7":"product_tag-exkurze-ze-sahl-hasheeshe","8":"product_tag-jednodenni-vylety-po-egypte","9":"tour_category-jednodenni-vylety-po-egypte-cs","10":"tour_category-safari-vylety-v-pousti-hurghada","11":"tour_category-vylety-do-sahl-hasheesh","13":"first","14":"instock","15":"sale","16":"shipping-taxable","17":"purchasable","18":"product-type-tour"},"yoast_head":"<!-- This site is optimized with the Yoast SEO Premium plugin v27.4 (Yoast SEO v27.4) - https:\/\/yoast.com\/product\/yoast-seo-premium-wordpress\/ -->\n<title>Safari s Pozorov\u00e1n\u00edm Hv\u011bzd v Sahl Hasheesh: Egy tour packages<\/title>\n<meta name=\"description\" content=\"Safari s Pozorov\u00e1n\u00edm Hv\u011bzd v Sahl Hasheesh: \u010cty\u0159kolky, velbloudi, BBQ ve\u010de\u0159e a teleskop. Nejlep\u0161\u00ed pou\u0161tn\u00ed dobrodru\u017estv\u00ed v Egypt\u011b!\" \/>\n<meta name=\"robots\" content=\"index, follow, max-snippet:-1, max-image-preview:large, max-video-preview:-1\" \/>\n<link rel=\"canonical\" href=\"https:\/\/egytourpackages.com\/cs\/prohlidky\/safari-s-pozorovanim-hvezd-v-sahl-hasheesh\/\" \/>\n<meta property=\"og:locale\" content=\"cs_CZ\" \/>\n<meta property=\"og:type\" content=\"article\" \/>\n<meta property=\"og:title\" content=\"Safari s Pozorov\u00e1n\u00edm Hv\u011bzd v Sahl Hasheesh\" \/>\n<meta property=\"og:description\" content=\"Safari s Pozorov\u00e1n\u00edm Hv\u011bzd v Sahl Hasheesh: \u010cty\u0159kolky, velbloudi, BBQ ve\u010de\u0159e a teleskop. Nejlep\u0161\u00ed pou\u0161tn\u00ed dobrodru\u017estv\u00ed v Egypt\u011b!\" \/>\n<meta property=\"og:url\" content=\"https:\/\/egytourpackages.com\/cs\/prohlidky\/safari-s-pozorovanim-hvezd-v-sahl-hasheesh\/\" \/>\n<meta property=\"og:site_name\" content=\"Z\u00e1jezdy po Egypt\u011b\" \/>\n<meta property=\"article:publisher\" content=\"https:\/\/www.facebook.com\/egytourpackages\" \/>\n<meta property=\"article:modified_time\" content=\"2026-01-28T23:57:53+00:00\" \/>\n<meta property=\"og:image\" content=\"https:\/\/egytourpackages.com\/wp-content\/uploads\/2025\/10\/Camel-ride-from-Sahl-Hasheesh.jpeg\" \/>\n\t<meta property=\"og:image:width\" content=\"1550\" \/>\n\t<meta property=\"og:image:height\" content=\"697\" \/>\n\t<meta property=\"og:image:type\" content=\"image\/jpeg\" \/>\n<meta name=\"twitter:card\" content=\"summary_large_image\" \/>\n<meta name=\"twitter:title\" content=\"Safari s Pozorov\u00e1n\u00edm Hv\u011bzd v Sahl Hasheesh\" \/>\n<meta name=\"twitter:label1\" content=\"Cena\" \/>\n\t<meta name=\"twitter:data1\" content=\"&euro;50\" \/>\n\t<meta name=\"twitter:label2\" content=\"Dostupnost\" \/>\n\t<meta name=\"twitter:data2\" content=\"Skladem\" \/>\n<script type=\"application\/ld+json\" class=\"yoast-schema-graph\">{\"@context\":\"https:\\\/\\\/schema.org\",\"@graph\":[{\"@type\":\"WebPage\",\"@id\":\"https:\\\/\\\/egytourpackages.com\\\/cs\\\/prohlidky\\\/safari-s-pozorovanim-hvezd-v-sahl-hasheesh\\\/\",\"url\":\"https:\\\/\\\/egytourpackages.com\\\/cs\\\/prohlidky\\\/safari-s-pozorovanim-hvezd-v-sahl-hasheesh\\\/\",\"name\":\"Safari s Pozorov\u00e1n\u00edm Hv\u011bzd v Sahl Hasheesh: Egy tour packages\",\"isPartOf\":{\"@id\":\"https:\\\/\\\/egytourpackages.com\\\/cs\\\/#website\"},\"primaryImageOfPage\":{\"@id\":\"https:\\\/\\\/egytourpackages.com\\\/cs\\\/prohlidky\\\/safari-s-pozorovanim-hvezd-v-sahl-hasheesh\\\/#primaryimage\"},\"image\":{\"@id\":\"https:\\\/\\\/egytourpackages.com\\\/cs\\\/prohlidky\\\/safari-s-pozorovanim-hvezd-v-sahl-hasheesh\\\/#primaryimage\"},\"thumbnailUrl\":\"https:\\\/\\\/egytourpackages.com\\\/wp-content\\\/uploads\\\/2025\\\/10\\\/Camel-ride-from-Sahl-Hasheesh.jpeg\",\"datePublished\":\"2025-10-31T23:10:50+00:00\",\"dateModified\":\"2026-01-28T23:57:53+00:00\",\"description\":\"Safari s Pozorov\u00e1n\u00edm Hv\u011bzd v Sahl Hasheesh: \u010cty\u0159kolky, velbloudi, BBQ ve\u010de\u0159e a teleskop. Nejlep\u0161\u00ed pou\u0161tn\u00ed dobrodru\u017estv\u00ed v Egypt\u011b!\",\"breadcrumb\":{\"@id\":\"https:\\\/\\\/egytourpackages.com\\\/cs\\\/prohlidky\\\/safari-s-pozorovanim-hvezd-v-sahl-hasheesh\\\/#breadcrumb\"},\"inLanguage\":\"cs\",\"potentialAction\":[{\"@type\":\"ReadAction\",\"target\":[\"https:\\\/\\\/egytourpackages.com\\\/cs\\\/prohlidky\\\/safari-s-pozorovanim-hvezd-v-sahl-hasheesh\\\/\"]}]},{\"@type\":\"ImageObject\",\"inLanguage\":\"cs\",\"@id\":\"https:\\\/\\\/egytourpackages.com\\\/cs\\\/prohlidky\\\/safari-s-pozorovanim-hvezd-v-sahl-hasheesh\\\/#primaryimage\",\"url\":\"https:\\\/\\\/egytourpackages.com\\\/wp-content\\\/uploads\\\/2025\\\/10\\\/Camel-ride-from-Sahl-Hasheesh.jpeg\",\"contentUrl\":\"https:\\\/\\\/egytourpackages.com\\\/wp-content\\\/uploads\\\/2025\\\/10\\\/Camel-ride-from-Sahl-Hasheesh.jpeg\",\"width\":1550,\"height\":697,\"caption\":\"J\u00edzda na velbloudech ze Sahl Hasheesh\"},{\"@type\":\"BreadcrumbList\",\"@id\":\"https:\\\/\\\/egytourpackages.com\\\/cs\\\/prohlidky\\\/safari-s-pozorovanim-hvezd-v-sahl-hasheesh\\\/#breadcrumb\",\"itemListElement\":[{\"@type\":\"ListItem\",\"position\":1,\"name\":\"Dom\u016f\",\"item\":\"https:\\\/\\\/egytourpackages.com\\\/cs\\\/balicky-vyletu-po-egypte\\\/\"},{\"@type\":\"ListItem\",\"position\":2,\"name\":\"Shop\",\"item\":\"https:\\\/\\\/egytourpackages.com\\\/cs\\\/shop\\\/\"},{\"@type\":\"ListItem\",\"position\":3,\"name\":\"Safari s Pozorov\u00e1n\u00edm Hv\u011bzd v Sahl Hasheesh\"}]},{\"@type\":\"WebSite\",\"@id\":\"https:\\\/\\\/egytourpackages.com\\\/cs\\\/#website\",\"url\":\"https:\\\/\\\/egytourpackages.com\\\/cs\\\/\",\"name\":\"Egy tour packages\",\"description\":\"\",\"publisher\":{\"@id\":\"https:\\\/\\\/egytourpackages.com\\\/cs\\\/#organization\"},\"potentialAction\":[{\"@type\":\"SearchAction\",\"target\":{\"@type\":\"EntryPoint\",\"urlTemplate\":\"https:\\\/\\\/egytourpackages.com\\\/cs\\\/?s={search_term_string}\"},\"query-input\":{\"@type\":\"PropertyValueSpecification\",\"valueRequired\":true,\"valueName\":\"search_term_string\"}}],\"inLanguage\":\"cs\"},{\"@type\":[\"Organization\",\"Place\",\"TravelAgency\"],\"@id\":\"https:\\\/\\\/egytourpackages.com\\\/cs\\\/#organization\",\"name\":\"egypt tour packages\",\"alternateName\":\"egypt tour packages\",\"url\":\"https:\\\/\\\/egytourpackages.com\\\/cs\\\/\",\"logo\":{\"@id\":\"https:\\\/\\\/egytourpackages.com\\\/cs\\\/prohlidky\\\/safari-s-pozorovanim-hvezd-v-sahl-hasheesh\\\/#local-main-organization-logo\"},\"image\":{\"@id\":\"https:\\\/\\\/egytourpackages.com\\\/cs\\\/prohlidky\\\/safari-s-pozorovanim-hvezd-v-sahl-hasheesh\\\/#local-main-organization-logo\"},\"sameAs\":[\"https:\\\/\\\/www.facebook.com\\\/egytourpackages\"],\"legalName\":\"Egy tour packages\",\"address\":{\"@id\":\"https:\\\/\\\/egytourpackages.com\\\/cs\\\/prohlidky\\\/safari-s-pozorovanim-hvezd-v-sahl-hasheesh\\\/#local-main-place-address\"},\"telephone\":[\"00201000852186\",\"00201028685533\"],\"contactPoint\":{\"@type\":\"ContactPoint\",\"telephone\":\"00201000852186\"},\"openingHoursSpecification\":[{\"@type\":\"OpeningHoursSpecification\",\"dayOfWeek\":[\"Monday\",\"Tuesday\",\"Wednesday\",\"Thursday\",\"Friday\",\"Saturday\",\"Sunday\"],\"opens\":\"00:00\",\"closes\":\"23:59\"}],\"email\":\"info@egytourpackages.com\",\"areaServed\":\"Cairo, Hurghada, Luxor, Sharm El Sheikh, Marsa Alam, Aswan\",\"priceRange\":\"$\",\"currenciesAccepted\":\"euro\",\"paymentAccepted\":\"Payment links online\"},{\"@type\":\"PostalAddress\",\"@id\":\"https:\\\/\\\/egytourpackages.com\\\/cs\\\/prohlidky\\\/safari-s-pozorovanim-hvezd-v-sahl-hasheesh\\\/#local-main-place-address\",\"streetAddress\":\"Mubarak 8, Al Kawthar District, Hurghada\",\"addressLocality\":\"Hurghada\",\"postalCode\":\"84511\",\"addressRegion\":\"Red Sea\",\"addressCountry\":\"EG\"},{\"@type\":\"ImageObject\",\"inLanguage\":\"cs\",\"@id\":\"https:\\\/\\\/egytourpackages.com\\\/cs\\\/prohlidky\\\/safari-s-pozorovanim-hvezd-v-sahl-hasheesh\\\/#local-main-organization-logo\",\"url\":\"https:\\\/\\\/egytourpackages.com\\\/wp-content\\\/uploads\\\/2025\\\/12\\\/Turquoise-Dahabiya-Nile-Cruise-1.jpeg\",\"contentUrl\":\"https:\\\/\\\/egytourpackages.com\\\/wp-content\\\/uploads\\\/2025\\\/12\\\/Turquoise-Dahabiya-Nile-Cruise-1.jpeg\",\"width\":1040,\"height\":694,\"caption\":\"egypt tour packages\"}]}<\/script>\n<meta property=\"product:brand\" content=\"Jednodenn\u00ed v\u00fdlety po Egypt\u011b\" \/>\n<meta property=\"product:price:amount\" content=\"50\" \/>\n<meta property=\"product:price:currency\" content=\"EUR\" \/>\n<meta property=\"og:availability\" content=\"instock\" \/>\n<meta property=\"product:availability\" content=\"instock\" \/>\n<meta property=\"product:retailer_item_id\" content=\"SHDT07\" \/>\n<meta property=\"product:condition\" content=\"new\" \/>\n<meta name=\"geo.placename\" content=\"Hurghada\" \/>\n<meta name=\"geo.region\" content=\"Egypt\" \/>\n<!-- \/ Yoast SEO Premium plugin. -->","yoast_head_json":{"title":"Safari s Pozorov\u00e1n\u00edm Hv\u011bzd v Sahl Hasheesh: Egy tour packages","description":"Safari s Pozorov\u00e1n\u00edm Hv\u011bzd v Sahl Hasheesh: \u010cty\u0159kolky, velbloudi, BBQ ve\u010de\u0159e a teleskop. Nejlep\u0161\u00ed pou\u0161tn\u00ed dobrodru\u017estv\u00ed v Egypt\u011b!","robots":{"index":"index","follow":"follow","max-snippet":"max-snippet:-1","max-image-preview":"max-image-preview:large","max-video-preview":"max-video-preview:-1"},"canonical":"https:\/\/egytourpackages.com\/cs\/prohlidky\/safari-s-pozorovanim-hvezd-v-sahl-hasheesh\/","og_locale":"cs_CZ","og_type":"article","og_title":"Safari s Pozorov\u00e1n\u00edm Hv\u011bzd v Sahl Hasheesh","og_description":"Safari s Pozorov\u00e1n\u00edm Hv\u011bzd v Sahl Hasheesh: \u010cty\u0159kolky, velbloudi, BBQ ve\u010de\u0159e a teleskop. Nejlep\u0161\u00ed pou\u0161tn\u00ed dobrodru\u017estv\u00ed v Egypt\u011b!","og_url":"https:\/\/egytourpackages.com\/cs\/prohlidky\/safari-s-pozorovanim-hvezd-v-sahl-hasheesh\/","og_site_name":"Z\u00e1jezdy po Egypt\u011b","article_publisher":"https:\/\/www.facebook.com\/egytourpackages","article_modified_time":"2026-01-28T23:57:53+00:00","og_image":[{"width":1550,"height":697,"url":"https:\/\/egytourpackages.com\/wp-content\/uploads\/2025\/10\/Camel-ride-from-Sahl-Hasheesh.jpeg","type":"image\/jpeg"}],"twitter_card":"summary_large_image","twitter_title":"Safari s Pozorov\u00e1n\u00edm Hv\u011bzd v Sahl Hasheesh","twitter_misc":{"Cena":"&euro;50","Dostupnost":"Skladem"},"schema":{"@context":"https:\/\/schema.org","@graph":[{"@type":"WebPage","@id":"https:\/\/egytourpackages.com\/cs\/prohlidky\/safari-s-pozorovanim-hvezd-v-sahl-hasheesh\/","url":"https:\/\/egytourpackages.com\/cs\/prohlidky\/safari-s-pozorovanim-hvezd-v-sahl-hasheesh\/","name":"Safari s Pozorov\u00e1n\u00edm Hv\u011bzd v Sahl Hasheesh: Egy tour packages","isPartOf":{"@id":"https:\/\/egytourpackages.com\/cs\/#website"},"primaryImageOfPage":{"@id":"https:\/\/egytourpackages.com\/cs\/prohlidky\/safari-s-pozorovanim-hvezd-v-sahl-hasheesh\/#primaryimage"},"image":{"@id":"https:\/\/egytourpackages.com\/cs\/prohlidky\/safari-s-pozorovanim-hvezd-v-sahl-hasheesh\/#primaryimage"},"thumbnailUrl":"https:\/\/egytourpackages.com\/wp-content\/uploads\/2025\/10\/Camel-ride-from-Sahl-Hasheesh.jpeg","datePublished":"2025-10-31T23:10:50+00:00","dateModified":"2026-01-28T23:57:53+00:00","description":"Safari s Pozorov\u00e1n\u00edm Hv\u011bzd v Sahl Hasheesh: \u010cty\u0159kolky, velbloudi, BBQ ve\u010de\u0159e a teleskop. Nejlep\u0161\u00ed pou\u0161tn\u00ed dobrodru\u017estv\u00ed v Egypt\u011b!","breadcrumb":{"@id":"https:\/\/egytourpackages.com\/cs\/prohlidky\/safari-s-pozorovanim-hvezd-v-sahl-hasheesh\/#breadcrumb"},"inLanguage":"cs","potentialAction":[{"@type":"ReadAction","target":["https:\/\/egytourpackages.com\/cs\/prohlidky\/safari-s-pozorovanim-hvezd-v-sahl-hasheesh\/"]}]},{"@type":"ImageObject","inLanguage":"cs","@id":"https:\/\/egytourpackages.com\/cs\/prohlidky\/safari-s-pozorovanim-hvezd-v-sahl-hasheesh\/#primaryimage","url":"https:\/\/egytourpackages.com\/wp-content\/uploads\/2025\/10\/Camel-ride-from-Sahl-Hasheesh.jpeg","contentUrl":"https:\/\/egytourpackages.com\/wp-content\/uploads\/2025\/10\/Camel-ride-from-Sahl-Hasheesh.jpeg","width":1550,"height":697,"caption":"J\u00edzda na velbloudech ze Sahl Hasheesh"},{"@type":"BreadcrumbList","@id":"https:\/\/egytourpackages.com\/cs\/prohlidky\/safari-s-pozorovanim-hvezd-v-sahl-hasheesh\/#breadcrumb","itemListElement":[{"@type":"ListItem","position":1,"name":"Dom\u016f","item":"https:\/\/egytourpackages.com\/cs\/balicky-vyletu-po-egypte\/"},{"@type":"ListItem","position":2,"name":"Shop","item":"https:\/\/egytourpackages.com\/cs\/shop\/"},{"@type":"ListItem","position":3,"name":"Safari s Pozorov\u00e1n\u00edm Hv\u011bzd v Sahl Hasheesh"}]},{"@type":"WebSite","@id":"https:\/\/egytourpackages.com\/cs\/#website","url":"https:\/\/egytourpackages.com\/cs\/","name":"Egy tour packages","description":"","publisher":{"@id":"https:\/\/egytourpackages.com\/cs\/#organization"},"potentialAction":[{"@type":"SearchAction","target":{"@type":"EntryPoint","urlTemplate":"https:\/\/egytourpackages.com\/cs\/?s={search_term_string}"},"query-input":{"@type":"PropertyValueSpecification","valueRequired":true,"valueName":"search_term_string"}}],"inLanguage":"cs"},{"@type":["Organization","Place","TravelAgency"],"@id":"https:\/\/egytourpackages.com\/cs\/#organization","name":"egypt tour packages","alternateName":"egypt tour packages","url":"https:\/\/egytourpackages.com\/cs\/","logo":{"@id":"https:\/\/egytourpackages.com\/cs\/prohlidky\/safari-s-pozorovanim-hvezd-v-sahl-hasheesh\/#local-main-organization-logo"},"image":{"@id":"https:\/\/egytourpackages.com\/cs\/prohlidky\/safari-s-pozorovanim-hvezd-v-sahl-hasheesh\/#local-main-organization-logo"},"sameAs":["https:\/\/www.facebook.com\/egytourpackages"],"legalName":"Egy tour packages","address":{"@id":"https:\/\/egytourpackages.com\/cs\/prohlidky\/safari-s-pozorovanim-hvezd-v-sahl-hasheesh\/#local-main-place-address"},"telephone":["00201000852186","00201028685533"],"contactPoint":{"@type":"ContactPoint","telephone":"00201000852186"},"openingHoursSpecification":[{"@type":"OpeningHoursSpecification","dayOfWeek":["Monday","Tuesday","Wednesday","Thursday","Friday","Saturday","Sunday"],"opens":"00:00","closes":"23:59"}],"email":"info@egytourpackages.com","areaServed":"Cairo, Hurghada, Luxor, Sharm El Sheikh, Marsa Alam, Aswan","priceRange":"$","currenciesAccepted":"euro","paymentAccepted":"Payment links online"},{"@type":"PostalAddress","@id":"https:\/\/egytourpackages.com\/cs\/prohlidky\/safari-s-pozorovanim-hvezd-v-sahl-hasheesh\/#local-main-place-address","streetAddress":"Mubarak 8, Al Kawthar District, Hurghada","addressLocality":"Hurghada","postalCode":"84511","addressRegion":"Red Sea","addressCountry":"EG"},{"@type":"ImageObject","inLanguage":"cs","@id":"https:\/\/egytourpackages.com\/cs\/prohlidky\/safari-s-pozorovanim-hvezd-v-sahl-hasheesh\/#local-main-organization-logo","url":"https:\/\/egytourpackages.com\/wp-content\/uploads\/2025\/12\/Turquoise-Dahabiya-Nile-Cruise-1.jpeg","contentUrl":"https:\/\/egytourpackages.com\/wp-content\/uploads\/2025\/12\/Turquoise-Dahabiya-Nile-Cruise-1.jpeg","width":1040,"height":694,"caption":"egypt tour packages"}]},"product_brand":"Jednodenn\u00ed v\u00fdlety po Egypt\u011b","product_price_amount":"50","product_price_currency":"EUR","og_availability":"instock","product_availability":"instock","product_retailer_item_id":"SHDT07","product_condition":"new","geo.placename":"Hurghada","geo.region":"Egypt"},"_links":{"self":[{"href":"https:\/\/egytourpackages.com\/cs\/wp-json\/wp\/v2\/product\/9712","targetHints":{"allow":["GET"]}}],"collection":[{"href":"https:\/\/egytourpackages.com\/cs\/wp-json\/wp\/v2\/product"}],"about":[{"href":"https:\/\/egytourpackages.com\/cs\/wp-json\/wp\/v2\/types\/product"}],"replies":[{"embeddable":true,"href":"https:\/\/egytourpackages.com\/cs\/wp-json\/wp\/v2\/comments?post=9712"}],"wp:featuredmedia":[{"embeddable":true,"href":"https:\/\/egytourpackages.com\/cs\/wp-json\/wp\/v2\/media\/8914"}],"wp:attachment":[{"href":"https:\/\/egytourpackages.com\/cs\/wp-json\/wp\/v2\/media?parent=9712"}],"wp:term":[{"taxonomy":"product_brand","embeddable":true,"href":"https:\/\/egytourpackages.com\/cs\/wp-json\/wp\/v2\/product_brand?post=9712"},{"taxonomy":"product_cat","embeddable":true,"href":"https:\/\/egytourpackages.com\/cs\/wp-json\/wp\/v2\/product_cat?post=9712"},{"taxonomy":"product_tag","embeddable":true,"href":"https:\/\/egytourpackages.com\/cs\/wp-json\/wp\/v2\/product_tag?post=9712"}],"curies":[{"name":"wp","href":"https:\/\/api.w.org\/{rel}","templated":true}]}}