{"id":3816,"date":"2022-12-17T12:35:09","date_gmt":"2022-12-17T12:35:09","guid":{"rendered":"https:\/\/egytourpackages.com\/ueber-uns\/"},"modified":"2025-06-02T22:43:09","modified_gmt":"2025-06-02T22:43:09","slug":"ueber-uns","status":"publish","type":"page","link":"https:\/\/egytourpackages.com\/de\/ueber-uns\/","title":{"rendered":"\u00dcber uns"},"content":{"rendered":"&#13;\n<p>Wir wollen die Menschen sein, die den Zauber wirken lassen. Wir haben unseren Mut zusammengenommen und beschlossen, dieses Unternehmen zu gr\u00fcnden, da wir organisiert und auf dem richtigen Weg bleiben m\u00fcssen. Egy Tour Packages ist \u00fcberzeugt, dass unser Weg nicht mit Rosen gepflastert ist. Wir m\u00f6chten sicherstellen, dass unser Service von h\u00f6chster Qualit\u00e4t und komfortabel ist.<\/p>&#13;\n&#13;\n<p>Bei Egy Tour Packages sind wir davon \u00fcberzeugt, dass es immer eine bessere M\u00f6glichkeit gibt, Ihre \u00c4gypten-Reise zu organisieren. Wir sind mit Leidenschaft dabei und unsere Mission ist es, Menschen dabei zu unterst\u00fctzen. Kundenzufriedenheit steht bei uns im Mittelpunkt.<\/p>&#13;\n&#13;\n<p>Aus unserer Lekt\u00fcre wissen wir, dass laut dem Institute of Service Excellence (ISES) die Kundenzufriedenheit gesunken ist, Budget-Hotels nicht immer eine gute Idee sind und der Umgang mit Taxifahrern wirklich furchtbar ist. Reisen Sie also mit Stil und Kundenzufriedenheit \u2013 was Ihnen wichtig ist, ist uns sehr wichtig. Unser Ziel ist es, Ihnen den besten verf\u00fcgbaren Service zum niedrigsten Preis zu bieten. Maximieren Sie gleichzeitig Ihren Genuss und Ihre Erlebnisse.<\/p>&#13;\n&#13;\n<p>Wir freuen uns, mit unseren hochwertigen Dienstleistungen, Reisef\u00fchrern und Preisen \u00c4gypten-Reisepakete f\u00fcr jedermann anbieten zu k\u00f6nnen.<\/p>&#13;\n","protected":false},"excerpt":{"rendered":"<p>&#13; Wir wollen die Menschen sein, die den Zauber wirken lassen. Wir haben unseren Mut zusammengenommen und beschlossen, dieses Unternehmen zu gr\u00fcnden, da wir organisiert und auf dem richtigen Weg bleiben m\u00fcssen. Egy Tour Packages ist \u00fcberzeugt, dass unser Weg nicht mit Rosen gepflastert ist. Wir m\u00f6chten sicherstellen, dass unser Service von h\u00f6chster Qualit\u00e4t und<\/p>\n<div class=\"padding-top text-center\"><a href=\"https:\/\/egytourpackages.com\/de\/ueber-uns\/\" class=\"atbtn atbtn--medium atbtn--rounded atbtn--transparent\">&#8230;mehr<i class=\"atbtn__icon atbtn__icon--right fa fa-long-arrow-right\"><\/i><\/a><\/div>\n","protected":false},"author":1,"featured_media":0,"parent":0,"menu_order":0,"comment_status":"closed","ping_status":"closed","template":"","meta":{"footnotes":""},"class_list":["post-3816","page","type-page","status-publish","hentry"],"yoast_head":"<!-- This site is optimized with the Yoast SEO Premium plugin v27.4 (Yoast SEO v27.4) - https:\/\/yoast.com\/product\/yoast-seo-premium-wordpress\/ -->\n<title>\u00dcber uns | \u00c4gypten-Reisepakete<\/title>\n<meta name=\"description\" content=\"\u00dcber uns | Wir glauben, dass unser Weg nicht mit Rosen gepflastert ist. Wir m\u00f6chten sicherstellen, dass der von uns angebotene Service von h\u00f6chster Qualit\u00e4t ist.\" \/>\n<meta name=\"robots\" content=\"index, follow, max-snippet:-1, max-image-preview:large, max-video-preview:-1\" \/>\n<link rel=\"canonical\" href=\"https:\/\/egytourpackages.com\/de\/ueber-uns\/\" \/>\n<meta property=\"og:locale\" content=\"de_DE\" \/>\n<meta property=\"og:type\" content=\"article\" \/>\n<meta property=\"og:title\" content=\"\u00dcber uns | \u00c4gypten-Reisepakete\" \/>\n<meta property=\"og:description\" content=\"\u00dcber uns | Wir glauben, dass unser Weg nicht mit Rosen gepflastert ist. Wir m\u00f6chten sicherstellen, dass der von uns angebotene Service von h\u00f6chster Qualit\u00e4t ist.\" \/>\n<meta property=\"og:url\" content=\"https:\/\/egytourpackages.com\/de\/ueber-uns\/\" \/>\n<meta property=\"og:site_name\" content=\"\u00c4gypten-Reisepakete\" \/>\n<meta property=\"article:publisher\" content=\"https:\/\/www.facebook.com\/egytourpackages\" \/>\n<meta property=\"article:modified_time\" content=\"2025-06-02T22:43:09+00:00\" \/>\n<meta property=\"og:image\" content=\"https:\/\/egytourpackages.com\/wp-content\/uploads\/2025\/12\/IMG_20241212_130656.jpg\" \/>\n\t<meta property=\"og:image:width\" content=\"900\" \/>\n\t<meta property=\"og:image:height\" content=\"675\" \/>\n\t<meta property=\"og:image:type\" content=\"image\/jpeg\" \/>\n<meta name=\"twitter:card\" content=\"summary_large_image\" \/>\n<meta name=\"twitter:title\" content=\"\u00dcber uns\" \/>\n<meta name=\"twitter:label1\" content=\"Gesch\u00e4tzte Lesezeit\" \/>\n\t<meta name=\"twitter:data1\" content=\"1\u00a0Minute\" \/>\n<script type=\"application\/ld+json\" class=\"yoast-schema-graph\">{\"@context\":\"https:\\\/\\\/schema.org\",\"@graph\":[{\"@type\":\"WebPage\",\"@id\":\"https:\\\/\\\/egytourpackages.com\\\/de\\\/ueber-uns\\\/\",\"url\":\"https:\\\/\\\/egytourpackages.com\\\/de\\\/ueber-uns\\\/\",\"name\":\"\u00dcber uns | \u00c4gypten-Reisepakete\",\"isPartOf\":{\"@id\":\"https:\\\/\\\/egytourpackages.com\\\/de\\\/#website\"},\"datePublished\":\"2022-12-17T12:35:09+00:00\",\"dateModified\":\"2025-06-02T22:43:09+00:00\",\"description\":\"\u00dcber uns | Wir glauben, dass unser Weg nicht mit Rosen gepflastert ist. Wir m\u00f6chten sicherstellen, dass der von uns angebotene Service von h\u00f6chster Qualit\u00e4t ist.\",\"breadcrumb\":{\"@id\":\"https:\\\/\\\/egytourpackages.com\\\/de\\\/ueber-uns\\\/#breadcrumb\"},\"inLanguage\":\"de\",\"potentialAction\":[{\"@type\":\"ReadAction\",\"target\":[\"https:\\\/\\\/egytourpackages.com\\\/de\\\/ueber-uns\\\/\"]}]},{\"@type\":\"BreadcrumbList\",\"@id\":\"https:\\\/\\\/egytourpackages.com\\\/de\\\/ueber-uns\\\/#breadcrumb\",\"itemListElement\":[{\"@type\":\"ListItem\",\"position\":1,\"name\":\"Startseite\",\"item\":\"https:\\\/\\\/egytourpackages.com\\\/de\\\/\"},{\"@type\":\"ListItem\",\"position\":2,\"name\":\"\u00dcber uns\"}]},{\"@type\":\"WebSite\",\"@id\":\"https:\\\/\\\/egytourpackages.com\\\/de\\\/#website\",\"url\":\"https:\\\/\\\/egytourpackages.com\\\/de\\\/\",\"name\":\"Egy tour packages\",\"description\":\"\",\"publisher\":{\"@id\":\"https:\\\/\\\/egytourpackages.com\\\/de\\\/#organization\"},\"potentialAction\":[{\"@type\":\"SearchAction\",\"target\":{\"@type\":\"EntryPoint\",\"urlTemplate\":\"https:\\\/\\\/egytourpackages.com\\\/de\\\/?s={search_term_string}\"},\"query-input\":{\"@type\":\"PropertyValueSpecification\",\"valueRequired\":true,\"valueName\":\"search_term_string\"}}],\"inLanguage\":\"de\"},{\"@type\":[\"Organization\",\"Place\",\"TravelAgency\"],\"@id\":\"https:\\\/\\\/egytourpackages.com\\\/de\\\/#organization\",\"name\":\"egypt tour packages\",\"alternateName\":\"egypt tour packages\",\"url\":\"https:\\\/\\\/egytourpackages.com\\\/de\\\/\",\"logo\":{\"@id\":\"https:\\\/\\\/egytourpackages.com\\\/de\\\/ueber-uns\\\/#local-main-organization-logo\"},\"image\":{\"@id\":\"https:\\\/\\\/egytourpackages.com\\\/de\\\/ueber-uns\\\/#local-main-organization-logo\"},\"sameAs\":[\"https:\\\/\\\/www.facebook.com\\\/egytourpackages\"],\"legalName\":\"Egy tour packages\",\"address\":{\"@id\":\"https:\\\/\\\/egytourpackages.com\\\/de\\\/ueber-uns\\\/#local-main-place-address\"},\"telephone\":[\"00201000852186\",\"00201028685533\"],\"contactPoint\":{\"@type\":\"ContactPoint\",\"telephone\":\"00201000852186\"},\"openingHoursSpecification\":[{\"@type\":\"OpeningHoursSpecification\",\"dayOfWeek\":[\"Monday\",\"Tuesday\",\"Wednesday\",\"Thursday\",\"Friday\",\"Saturday\",\"Sunday\"],\"opens\":\"00:00\",\"closes\":\"23:59\"}],\"email\":\"info@egytourpackages.com\",\"areaServed\":\"Cairo, Hurghada, Luxor, Sharm El Sheikh, Marsa Alam, Aswan\",\"priceRange\":\"$\",\"currenciesAccepted\":\"euro\",\"paymentAccepted\":\"Payment links online\"},{\"@type\":\"PostalAddress\",\"@id\":\"https:\\\/\\\/egytourpackages.com\\\/de\\\/ueber-uns\\\/#local-main-place-address\",\"streetAddress\":\"Mubarak 8, Al Kawthar District, Hurghada\",\"addressLocality\":\"Hurghada\",\"postalCode\":\"84511\",\"addressRegion\":\"Red Sea\",\"addressCountry\":\"EG\"},{\"@type\":\"ImageObject\",\"inLanguage\":\"de\",\"@id\":\"https:\\\/\\\/egytourpackages.com\\\/de\\\/ueber-uns\\\/#local-main-organization-logo\",\"url\":\"https:\\\/\\\/egytourpackages.com\\\/wp-content\\\/uploads\\\/2025\\\/12\\\/Turquoise-Dahabiya-Nile-Cruise-1.jpeg\",\"contentUrl\":\"https:\\\/\\\/egytourpackages.com\\\/wp-content\\\/uploads\\\/2025\\\/12\\\/Turquoise-Dahabiya-Nile-Cruise-1.jpeg\",\"width\":1040,\"height\":694,\"caption\":\"egypt tour packages\"}]}<\/script>\n<meta name=\"geo.placename\" content=\"Hurghada\" \/>\n<meta name=\"geo.region\" content=\"\u00c4gypten\" \/>\n<!-- \/ Yoast SEO Premium plugin. -->","yoast_head_json":{"title":"\u00dcber uns | \u00c4gypten-Reisepakete","description":"\u00dcber uns | Wir glauben, dass unser Weg nicht mit Rosen gepflastert ist. Wir m\u00f6chten sicherstellen, dass der von uns angebotene Service von h\u00f6chster Qualit\u00e4t ist.","robots":{"index":"index","follow":"follow","max-snippet":"max-snippet:-1","max-image-preview":"max-image-preview:large","max-video-preview":"max-video-preview:-1"},"canonical":"https:\/\/egytourpackages.com\/de\/ueber-uns\/","og_locale":"de_DE","og_type":"article","og_title":"\u00dcber uns | \u00c4gypten-Reisepakete","og_description":"\u00dcber uns | Wir glauben, dass unser Weg nicht mit Rosen gepflastert ist. Wir m\u00f6chten sicherstellen, dass der von uns angebotene Service von h\u00f6chster Qualit\u00e4t ist.","og_url":"https:\/\/egytourpackages.com\/de\/ueber-uns\/","og_site_name":"\u00c4gypten-Reisepakete","article_publisher":"https:\/\/www.facebook.com\/egytourpackages","article_modified_time":"2025-06-02T22:43:09+00:00","og_image":[{"width":900,"height":675,"url":"https:\/\/egytourpackages.com\/wp-content\/uploads\/2025\/12\/IMG_20241212_130656.jpg","type":"image\/jpeg"}],"twitter_card":"summary_large_image","twitter_title":"\u00dcber uns","twitter_misc":{"Gesch\u00e4tzte Lesezeit":"1\u00a0Minute"},"schema":{"@context":"https:\/\/schema.org","@graph":[{"@type":"WebPage","@id":"https:\/\/egytourpackages.com\/de\/ueber-uns\/","url":"https:\/\/egytourpackages.com\/de\/ueber-uns\/","name":"\u00dcber uns | \u00c4gypten-Reisepakete","isPartOf":{"@id":"https:\/\/egytourpackages.com\/de\/#website"},"datePublished":"2022-12-17T12:35:09+00:00","dateModified":"2025-06-02T22:43:09+00:00","description":"\u00dcber uns | Wir glauben, dass unser Weg nicht mit Rosen gepflastert ist. Wir m\u00f6chten sicherstellen, dass der von uns angebotene Service von h\u00f6chster Qualit\u00e4t ist.","breadcrumb":{"@id":"https:\/\/egytourpackages.com\/de\/ueber-uns\/#breadcrumb"},"inLanguage":"de","potentialAction":[{"@type":"ReadAction","target":["https:\/\/egytourpackages.com\/de\/ueber-uns\/"]}]},{"@type":"BreadcrumbList","@id":"https:\/\/egytourpackages.com\/de\/ueber-uns\/#breadcrumb","itemListElement":[{"@type":"ListItem","position":1,"name":"Startseite","item":"https:\/\/egytourpackages.com\/de\/"},{"@type":"ListItem","position":2,"name":"\u00dcber uns"}]},{"@type":"WebSite","@id":"https:\/\/egytourpackages.com\/de\/#website","url":"https:\/\/egytourpackages.com\/de\/","name":"Egy tour packages","description":"","publisher":{"@id":"https:\/\/egytourpackages.com\/de\/#organization"},"potentialAction":[{"@type":"SearchAction","target":{"@type":"EntryPoint","urlTemplate":"https:\/\/egytourpackages.com\/de\/?s={search_term_string}"},"query-input":{"@type":"PropertyValueSpecification","valueRequired":true,"valueName":"search_term_string"}}],"inLanguage":"de"},{"@type":["Organization","Place","TravelAgency"],"@id":"https:\/\/egytourpackages.com\/de\/#organization","name":"egypt tour packages","alternateName":"egypt tour packages","url":"https:\/\/egytourpackages.com\/de\/","logo":{"@id":"https:\/\/egytourpackages.com\/de\/ueber-uns\/#local-main-organization-logo"},"image":{"@id":"https:\/\/egytourpackages.com\/de\/ueber-uns\/#local-main-organization-logo"},"sameAs":["https:\/\/www.facebook.com\/egytourpackages"],"legalName":"Egy tour packages","address":{"@id":"https:\/\/egytourpackages.com\/de\/ueber-uns\/#local-main-place-address"},"telephone":["00201000852186","00201028685533"],"contactPoint":{"@type":"ContactPoint","telephone":"00201000852186"},"openingHoursSpecification":[{"@type":"OpeningHoursSpecification","dayOfWeek":["Monday","Tuesday","Wednesday","Thursday","Friday","Saturday","Sunday"],"opens":"00:00","closes":"23:59"}],"email":"info@egytourpackages.com","areaServed":"Cairo, Hurghada, Luxor, Sharm El Sheikh, Marsa Alam, Aswan","priceRange":"$","currenciesAccepted":"euro","paymentAccepted":"Payment links online"},{"@type":"PostalAddress","@id":"https:\/\/egytourpackages.com\/de\/ueber-uns\/#local-main-place-address","streetAddress":"Mubarak 8, Al Kawthar District, Hurghada","addressLocality":"Hurghada","postalCode":"84511","addressRegion":"Red Sea","addressCountry":"EG"},{"@type":"ImageObject","inLanguage":"de","@id":"https:\/\/egytourpackages.com\/de\/ueber-uns\/#local-main-organization-logo","url":"https:\/\/egytourpackages.com\/wp-content\/uploads\/2025\/12\/Turquoise-Dahabiya-Nile-Cruise-1.jpeg","contentUrl":"https:\/\/egytourpackages.com\/wp-content\/uploads\/2025\/12\/Turquoise-Dahabiya-Nile-Cruise-1.jpeg","width":1040,"height":694,"caption":"egypt tour packages"}]},"geo.placename":"Hurghada","geo.region":"\u00c4gypten"},"_links":{"self":[{"href":"https:\/\/egytourpackages.com\/de\/wp-json\/wp\/v2\/pages\/3816","targetHints":{"allow":["GET"]}}],"collection":[{"href":"https:\/\/egytourpackages.com\/de\/wp-json\/wp\/v2\/pages"}],"about":[{"href":"https:\/\/egytourpackages.com\/de\/wp-json\/wp\/v2\/types\/page"}],"author":[{"embeddable":true,"href":"https:\/\/egytourpackages.com\/de\/wp-json\/wp\/v2\/users\/1"}],"replies":[{"embeddable":true,"href":"https:\/\/egytourpackages.com\/de\/wp-json\/wp\/v2\/comments?post=3816"}],"version-history":[{"count":0,"href":"https:\/\/egytourpackages.com\/de\/wp-json\/wp\/v2\/pages\/3816\/revisions"}],"wp:attachment":[{"href":"https:\/\/egytourpackages.com\/de\/wp-json\/wp\/v2\/media?parent=3816"}],"curies":[{"name":"wp","href":"https:\/\/api.w.org\/{rel}","templated":true}]}}