{"id":13706,"date":"2026-01-20T14:03:02","date_gmt":"2026-01-20T14:03:02","guid":{"rendered":"https:\/\/egytourpackages.com\/product\/5-taegige-royal-elite-nilkreuzfahrt-von-luxor-nach-assuan\/"},"modified":"2026-01-21T23:59:40","modified_gmt":"2026-01-21T23:59:40","slug":"5-taegige-royal-elite-nilkreuzfahrt-von-luxor-nach-assuan","status":"publish","type":"product","link":"https:\/\/egytourpackages.com\/de\/touren\/5-taegige-royal-elite-nilkreuzfahrt-von-luxor-nach-assuan\/","title":{"rendered":"5-t\u00e4gige Royal Elite Nilkreuzfahrt von Luxor nach Assuan"},"content":{"rendered":"<p><span style=\"color: #ff6600;\">5-t\u00e4gige Royal Elite Nilkreuzfahrt von Luxor nach Assuan<\/span><\/p>\n<p>Die <strong>Royal Elite Nilkreuzfahrt<\/strong> bietet ein unvergleichliches Fenster in die Seele des <strong>Alten \u00c4gyptens<\/strong>. Diese 5-t\u00e4gige Reise zwischen <strong>Luxor und Assuan<\/strong> verbindet die Anmut des langsamen Reisens mit dem Komfort einer <strong>Luxus-Nilkreuzfahrt<\/strong>.<\/p>\n<p>Von den lebhaften M\u00e4rkten im Norden bis zu den ruhigen Gew\u00e4ssern im S\u00fcden offenbart jede Meile ein neues Kapitel der Geschichte. W\u00e4hrend Sie segeln, bietet die <strong>Royal Elite<\/strong> einen raffinierten R\u00fcckzugsort, an dem Sie das Leben am Flussufer beobachten k\u00f6nnen, das sich seit Jahrtausenden kaum ver\u00e4ndert hat.<\/p>\n<p>Diese <strong>\u00c4gypten Nilkreuzfahrt<\/strong> ist f\u00fcr all jene konzipiert, die die Pracht der Pharaonen erleben m\u00f6chten, ohne auf moderne Eleganz zu verzichten.<\/p>\n<h3><span style=\"color: #ff6600;\">Details zur Tour<\/span><\/h3>\n<ul>\n<li>Dauer: 5 Tage \/ 4 N\u00e4chte<\/li>\n<li>Ort der Tour: Ober\u00e4gypten<\/li>\n<li>Verf\u00fcgbarkeit: Auf Anfrage<\/li>\n<li>Abholung &amp; R\u00fcckgabe: Luxor\/Assuan<\/li>\n<li>Art der Tour: Privat<\/li>\n<li>Geeignet f\u00fcr: Paare, Familien, Senioren \u00fcber 60<\/li>\n<li>Rollstuhl: Zug\u00e4nglich<\/li>\n<\/ul>\n<h3><span style=\"color: #ff6600;\">Highlights der Tour<\/span><\/h3>\n<ul>\n<li>Luxor-Tempel<\/li>\n<li>Karnak-Tempel<\/li>\n<li>Edfu-Tempel<\/li>\n<li>Kom Ombo Tempel<\/li>\n<li>Abu Simbel Tempel<\/li>\n<li>Assuan-Staudamm<\/li>\n<li>Philae-Tempel | Isis-Tempel<\/li>\n<li>Unvollendeter Obelisk<\/li>\n<\/ul>\n<h3><span style=\"color: #ff6600;\">Inklusive Leistungen<\/span><\/h3>\n<ul>\n<li>Alle genannten Transfers in einem klimatisierten Fahrzeug<\/li>\n<li>Eintrittsgelder f\u00fcr alle oben genannten Sehensw\u00fcrdigkeiten<\/li>\n<li>\u00c4gyptologe als Reiseleiter (deutschsprachig)<\/li>\n<li>04 N\u00e4chte auf einer 5-Sterne-Deluxe-Nilkreuzfahrt mit Vollpension<\/li>\n<li>Unterst\u00fctzung bei Ankunft und Abreise<\/li>\n<li>Gep\u00e4ckabwicklung<\/li>\n<\/ul>\n<h3><span style=\"color: #ff6600;\">Nicht inklusive<\/span><\/h3>\n<ul>\n<li>Pers\u00f6nliche Ausgaben<\/li>\n<li>Trinkgelder<\/li>\n<li>Internationaler Flug<\/li>\n<li>Einreisevisum<\/li>\n<\/ul>\n<h2><span style=\"color: #ff6600;\">Reiseverlauf<\/span><\/h2>\n<h3><span style=\"color: #ff6600;\">Tag 1: Ankunft in der Stadt der Pal\u00e4ste<\/span><\/h3>\n<p>Ihr Abenteuer beginnt in Luxor, das oft als das gr\u00f6\u00dfte Freilichtmuseum der Welt bezeichnet wird. Nach dem Check-in in Ihrer Kabine auf der <strong>Royal Elite<\/strong> erkunden Sie den gewaltigen <strong>Karnak-Tempel<\/strong>, ein Labyrinth aus hochragenden S\u00e4ulen, dessen Bau Jahrhunderte dauerte.<\/p>\n<p>Bei Einbruch der Dunkelheit besuchen Sie den stimmungsvollen <strong>Luxor-Tempel<\/strong>. Wundersch\u00f6n gegen den Nachthimmel beleuchtet, bietet er eine perfekte Einf\u00fchrung in die Gr\u00f6\u00dfe und Sch\u00f6nheit der \u00e4gyptischen Architektur vor Ihrem ersten Abendessen an Bord.<\/p>\n<p><strong>Mahlzeiten:<\/strong> Mittagessen, Abendessen<\/p>\n<h3><span style=\"color: #ff6600;\">Tag 2: Geheimnisse des Westufers<\/span><\/h3>\n<p>Nach dem Fr\u00fchst\u00fcck \u00fcberqueren Sie das Westufer, um das <strong>Tal der K\u00f6nige<\/strong> zu entdecken, wo die verborgenen Gr\u00e4ber legend\u00e4rer Pharaonen noch immer in antiken Farben leuchten. Sie besuchen au\u00dferdem den beeindruckenden <strong>Tempel der Hatschepsut<\/strong> und die gewaltigen <strong>Memnonkolosse<\/strong>.<\/p>\n<p>Am Nachmittag beginnt das Schiff seine Reise flussaufw\u00e4rts in Richtung Edfu. Dies ist der perfekte Zeitpunkt, um auf dem Sonnendeck zu entspannen und den Sonnenuntergang zu beobachten, w\u00e4hrend Sie die <strong>Schleuse von Esna<\/strong> passieren \u2013 ein einzigartiges Highlight jeder Luxor- und Assuan-Route.<\/p>\n<p><strong>Mahlzeiten:<\/strong> Fr\u00fchst\u00fcck, Mittagessen, Abendessen<\/p>\n<h3><span style=\"color: #ff6600;\">Tag 3: Die Tempel des Nils<\/span><\/h3>\n<p>Der Tag beginnt mit einer traditionellen Pferdekutsche zum <strong>Horus-Tempel<\/strong> in <strong>Edfu<\/strong>, dem am besten erhaltenen Kulttempel in ganz \u00c4gypten. Sie erfahren mehr \u00fcber die antike Schlacht zwischen Horus und Seth, bevor Sie zum Schiff zur\u00fcckkehren.<\/p>\n<p>Am Nachmittag erreichen Sie den einzigartigen \u201eDoppeltempel\u201c von <strong>Kom Ombo<\/strong>, der sowohl dem Krokodilgott Sobek als auch dem Falkengott Horus geweiht ist.<\/p>\n<p>Nach der Besichtigung des Tempels und des nahe gelegenen <strong>Krokodilmuseums<\/strong> setzen Sie die Fahrt in Richtung Assuan fort.<\/p>\n<p><strong>Mahlzeiten:<\/strong> Fr\u00fchst\u00fcck, Mittagessen, Abendessen<\/p>\n<h3><span style=\"color: #ff6600;\">Tag 4: Die Sch\u00f6nheit von Assuan<\/span><\/h3>\n<p>Assuan begr\u00fc\u00dft Sie mit seinen markanten Granitfelsen und smaragdgr\u00fcnen Inseln. Heute besuchen Sie den <strong>Hochdamm<\/strong> und den romantischen <strong>Philae-Tempel<\/strong>, der vor den steigenden Wassermassen gerettet und auf die Insel Agilkia versetzt wurde.<\/p>\n<p>F\u00fcr viele ist das Highlight dieser <strong>Luxus-Nilkreuzfahrt<\/strong> der optionale fr\u00fchmorgendliche Ausflug nach <strong>Abu Simbel<\/strong>. Diese kolossalen Tempel, die von Ramses II. in den Berghang gehauen wurden, geh\u00f6ren zu den ehrfurchtgebietendsten Sehensw\u00fcrdigkeiten der Welt.<\/p>\n<p><strong>Mahlzeiten:<\/strong> Fr\u00fchst\u00fcck, Mittagessen, Abendessen<\/p>\n<h3><span style=\"color: #ff6600;\">Tag 5: Abschied vom Nil<\/span><\/h3>\n<p>An Ihrem letzten Morgen genie\u00dfen Sie ein <strong>sp\u00e4tes Fr\u00fchst\u00fcck<\/strong> an Bord mit einem letzten Blick auf die ruhigen Ufer des Nils. Nach dem Check-out sorgen wir f\u00fcr einen reibungslosen Transfer zum Flughafen oder zu Ihrem Hotel in Assuan, womit Ihre unvergessliche Reise durch das Herz des <strong>Alten \u00c4gyptens<\/strong> endet.<\/p>\n<p><strong>Mahlzeiten:<\/strong> Fr\u00fchst\u00fcck<\/p>\n<h3><span style=\"color: #ff6600;\">Zusatzoptionen (PC)<\/span><\/h3>\n<p>Um Ihr Erlebnis einer <strong>Luxus-Nilkreuzfahrt<\/strong> abzurunden, bietet Assuan einzigartige M\u00f6glichkeiten, tiefer in die lokale Kultur einzutauchen. Diese <strong>optionalen Touren in Assuan<\/strong> erm\u00f6glichen es Ihnen, die Seele der Region jenseits der antiken Monumente zu erkunden.<\/p>\n<h3><span style=\"color: #ff6600;\">Entdecken Sie das lebhafte nubische Dorf<\/span><\/h3>\n<p>Ein Besuch im <strong>nubischen Dorf<\/strong> ist einer der farbenfrohesten und authentischsten <strong>Ausfl\u00fcge in Assuan<\/strong>, die Sie w\u00e4hlen k\u00f6nnen. Die Reise beginnt oft mit einer malerischen <strong>Felukenfahrt<\/strong> oder einer Motorbootfahrt durch die Granitinseln des Flusses.<\/p>\n<p>Dort angekommen, werden Sie von der ber\u00fchmten <strong>\u00e4gyptischen Gastfreundschaft<\/strong> der Nubier begr\u00fc\u00dft. Das Dorf ist ein Kaleidoskop aus bunten, handbemalten H\u00e4usern und gesch\u00e4ftigen Gew\u00fcrzm\u00e4rkten.<\/p>\n<p>Es ist eine wunderbare Gelegenheit, traditionellen Minztee in einem lokalen Haus zu genie\u00dfen und mehr \u00fcber die <strong>nubische Kultur<\/strong> zu erfahren.<\/p>\n<h3><span style=\"color: #ff6600;\">Erkunden Sie das Nubische Museum in Assuan<\/span><\/h3>\n<p>F\u00fcr Geschichtsinteressierte ist das <strong>Nubische Museum in Assuan<\/strong> ein Muss. Dieses preisgekr\u00f6nte Museum wurde mit Unterst\u00fctzung der UNESCO errichtet, um das <strong>nubische Erbe<\/strong> zu bewahren, das durch den Bau des Hochdamms bedroht war.<\/p>\n<p>Es beherbergt \u00fcber 3.000 Artefakte, von pr\u00e4historischen Werkzeugen bis hin zu pr\u00e4chtigen Statuen der \u201eSchwarzen Pharaonen\u201c.<\/p>\n<h3><span style=\"color: #ff6600;\">Preise: 5-Tage Royal Elite Nilkreuzfahrt von Luxor nach Assuan<\/span><\/h3>\n<ul>\n<li>Preis f\u00fcr Erwachsene: 950 Euro<\/li>\n<li>Kinder 0\u20135 Jahre: kostenlos<\/li>\n<li>Kinder 5\u201311 Jahre: 50 % des Preises f\u00fcr Erwachsene<\/li>\n<\/ul>\n<h3><span style=\"color: #ff6600;\">Buchung<\/span><\/h3>\n<p>Sie k\u00f6nnen Ihre Tour per WhatsApp oder E-Mail buchen und erhalten die Best\u00e4tigung sofort.<\/p>\n<p>Bitte senden Sie uns Ihren Hotelnamen, die Zimmernummer und Passkopien.<\/p>\n<p>WhatsApp: +20 1000852186<\/p>\n<p>E-Mail: info@egytourpackages.com<\/p>\n<h3><span style=\"color: #ff6600;\">Jetzt buchen &amp; vor Ort bezahlen<\/span><\/h3>\n<p>Buchen Sie Ihre bevorzugte Nilkreuzfahrt so fr\u00fch wie m\u00f6glich.<\/p>\n<h3><span style=\"color: #ff6600;\">Zahlung<\/span><\/h3>\n<p>Sie k\u00f6nnen in \u00c4gyptischen Pfund, US-Dollar, Euro oder Britischen Pfund bezahlen.<\/p>\n<h3><span style=\"color: #ff6600;\">Stornierungsbedingungen<\/span><\/h3>\n<ul>\n<li>Stornierung bis zu zwei Wochen im Voraus ist kostenlos.<\/li>\n<li>Bei einer Stornierung am Morgen der Tour werden 100 % des Preises f\u00e4llig.<\/li>\n<\/ul>\n","protected":false},"excerpt":{"rendered":"<p>Erleben Sie eine 5-t\u00e4gige Royal Elite Nilkreuzfahrt von Luxor nach Assuan. Luxus pur, privater Guide &amp; Vollpension. Jetzt Platz sichern!<\/p>\n","protected":false},"featured_media":13552,"comment_status":"closed","ping_status":"closed","template":"","meta":[],"product_brand":[],"product_cat":[1494],"product_tag":[3914,3911,3916,3976,3913,3915,3912],"class_list":{"0":"post-13706","1":"product","2":"type-product","3":"status-publish","4":"has-post-thumbnail","6":"product_cat-touren","7":"product_tag-buchen-sie-die-besten-preise-fur-eine-luxuriose-nilkreuzfahrt-mit-amwaj-in-agypten-fur-ihren-nilurlaub","8":"product_tag-buchen-sie-die-besten-preise-fur-eine-luxuriose-nilkreuzfahrt-mit-coral-2-in-agypten-fur-ihren-nilurlaub","9":"product_tag-buchen-sie-die-besten-preise-fur-eine-luxuriose-nilkreuzfahrt-mit-historia-in-agypten-fur-ihren-nilurlaub","10":"product_tag-buchen-sie-die-besten-preise-fur-eine-luxuriose-nilkreuzfahrt-mit-royal-elite-in-agypten-fur-ihren-nilurlaub","11":"product_tag-buchen-sie-die-besten-preise-fur-eine-luxuriose-nilkreuzfahrt-mit-royal-signature-in-agypten-fur-ihren-nilurlaub","12":"product_tag-buchen-sie-die-besten-preise-fur-eine-luxuriose-nilkreuzfahrt-mit-royal-viking-in-agypten-fur-ihren-nilurlaub","13":"product_tag-buchen-sie-die-besten-preise-fur-eine-luxuriose-nilkreuzfahrt-mit-semiramis-in-agypten-fur-ihren-nilurlaub","14":"tour_category-nilkreuzfahrten-ab-luxor-und-assuan","15":"tour_category-nilkreuzfahrten-in-agypten","17":"first","18":"instock","19":"sale","20":"shipping-taxable","21":"purchasable","22":"product-type-tour","23":"has-default-attributes"},"yoast_head":"<!-- This site is optimized with the Yoast SEO Premium plugin v27.4 (Yoast SEO v27.4) - https:\/\/yoast.com\/product\/yoast-seo-premium-wordpress\/ -->\n<title>5-t\u00e4gige Royal Elite Nilkreuzfahrt von Luxor nach Assuan<\/title>\n<meta name=\"description\" content=\"Erleben Sie eine 5-t\u00e4gige Royal Elite Nilkreuzfahrt von Luxor nach Assuan. Luxus pur, privater Guide &amp; Vollpension. Jetzt Platz sichern!\" \/>\n<meta name=\"robots\" content=\"index, follow, max-snippet:-1, max-image-preview:large, max-video-preview:-1\" \/>\n<link rel=\"canonical\" href=\"https:\/\/egytourpackages.com\/de\/touren\/5-taegige-royal-elite-nilkreuzfahrt-von-luxor-nach-assuan\/\" \/>\n<meta property=\"og:locale\" content=\"de_DE\" \/>\n<meta property=\"og:type\" content=\"article\" \/>\n<meta property=\"og:title\" content=\"5-t\u00e4gige Royal Elite Nilkreuzfahrt von Luxor nach Assuan\" \/>\n<meta property=\"og:description\" content=\"Erleben Sie eine 5-t\u00e4gige Royal Elite Nilkreuzfahrt von Luxor nach Assuan. Luxus pur, privater Guide &amp; Vollpension. Jetzt Platz sichern!\" \/>\n<meta property=\"og:url\" content=\"https:\/\/egytourpackages.com\/de\/touren\/5-taegige-royal-elite-nilkreuzfahrt-von-luxor-nach-assuan\/\" \/>\n<meta property=\"og:site_name\" content=\"\u00c4gypten-Reisepakete\" \/>\n<meta property=\"article:publisher\" content=\"https:\/\/www.facebook.com\/egytourpackages\" \/>\n<meta property=\"article:modified_time\" content=\"2026-01-21T23:59:40+00:00\" \/>\n<meta property=\"og:image\" content=\"https:\/\/egytourpackages.com\/wp-content\/uploads\/2026\/01\/Swimming-pool-of-Royal-Elite-1024x768.png\" \/>\n\t<meta property=\"og:image:width\" content=\"1024\" \/>\n\t<meta property=\"og:image:height\" content=\"768\" \/>\n\t<meta property=\"og:image:type\" content=\"image\/png\" \/>\n<meta name=\"twitter:card\" content=\"summary_large_image\" \/>\n<meta name=\"twitter:label1\" content=\"Preis\" \/>\n\t<meta name=\"twitter:data1\" content=\"&euro;1,100\" \/>\n\t<meta name=\"twitter:label2\" content=\"Verf\u00fcgbarkeit\" \/>\n\t<meta name=\"twitter:data2\" content=\"Auf Lager\" \/>\n<script type=\"application\/ld+json\" class=\"yoast-schema-graph\">{\"@context\":\"https:\\\/\\\/schema.org\",\"@graph\":[{\"@type\":\"WebPage\",\"@id\":\"https:\\\/\\\/egytourpackages.com\\\/de\\\/touren\\\/5-taegige-royal-elite-nilkreuzfahrt-von-luxor-nach-assuan\\\/\",\"url\":\"https:\\\/\\\/egytourpackages.com\\\/de\\\/touren\\\/5-taegige-royal-elite-nilkreuzfahrt-von-luxor-nach-assuan\\\/\",\"name\":\"5-t\u00e4gige Royal Elite Nilkreuzfahrt von Luxor nach Assuan\",\"isPartOf\":{\"@id\":\"https:\\\/\\\/egytourpackages.com\\\/de\\\/#website\"},\"primaryImageOfPage\":{\"@id\":\"https:\\\/\\\/egytourpackages.com\\\/de\\\/touren\\\/5-taegige-royal-elite-nilkreuzfahrt-von-luxor-nach-assuan\\\/#primaryimage\"},\"image\":{\"@id\":\"https:\\\/\\\/egytourpackages.com\\\/de\\\/touren\\\/5-taegige-royal-elite-nilkreuzfahrt-von-luxor-nach-assuan\\\/#primaryimage\"},\"thumbnailUrl\":\"https:\\\/\\\/egytourpackages.com\\\/wp-content\\\/uploads\\\/2026\\\/01\\\/Swimming-pool-of-Royal-Elite.png\",\"datePublished\":\"2026-01-20T14:03:02+00:00\",\"dateModified\":\"2026-01-21T23:59:40+00:00\",\"description\":\"Erleben Sie eine 5-t\u00e4gige Royal Elite Nilkreuzfahrt von Luxor nach Assuan. Luxus pur, privater Guide & Vollpension. Jetzt Platz sichern!\",\"breadcrumb\":{\"@id\":\"https:\\\/\\\/egytourpackages.com\\\/de\\\/touren\\\/5-taegige-royal-elite-nilkreuzfahrt-von-luxor-nach-assuan\\\/#breadcrumb\"},\"inLanguage\":\"de\",\"potentialAction\":[{\"@type\":\"ReadAction\",\"target\":[\"https:\\\/\\\/egytourpackages.com\\\/de\\\/touren\\\/5-taegige-royal-elite-nilkreuzfahrt-von-luxor-nach-assuan\\\/\"]}]},{\"@type\":\"ImageObject\",\"inLanguage\":\"de\",\"@id\":\"https:\\\/\\\/egytourpackages.com\\\/de\\\/touren\\\/5-taegige-royal-elite-nilkreuzfahrt-von-luxor-nach-assuan\\\/#primaryimage\",\"url\":\"https:\\\/\\\/egytourpackages.com\\\/wp-content\\\/uploads\\\/2026\\\/01\\\/Swimming-pool-of-Royal-Elite.png\",\"contentUrl\":\"https:\\\/\\\/egytourpackages.com\\\/wp-content\\\/uploads\\\/2026\\\/01\\\/Swimming-pool-of-Royal-Elite.png\",\"width\":1200,\"height\":900,\"caption\":\"5-t\u00e4gige Royal Elite Nilkreuzfahrt von Luxor nach Assuan\"},{\"@type\":\"BreadcrumbList\",\"@id\":\"https:\\\/\\\/egytourpackages.com\\\/de\\\/touren\\\/5-taegige-royal-elite-nilkreuzfahrt-von-luxor-nach-assuan\\\/#breadcrumb\",\"itemListElement\":[{\"@type\":\"ListItem\",\"position\":1,\"name\":\"Startseite\",\"item\":\"https:\\\/\\\/egytourpackages.com\\\/de\\\/\"},{\"@type\":\"ListItem\",\"position\":2,\"name\":\"Shop\",\"item\":\"https:\\\/\\\/egytourpackages.com\\\/de\\\/shop\\\/\"},{\"@type\":\"ListItem\",\"position\":3,\"name\":\"5-t\u00e4gige Royal Elite Nilkreuzfahrt von Luxor nach Assuan\"}]},{\"@type\":\"WebSite\",\"@id\":\"https:\\\/\\\/egytourpackages.com\\\/de\\\/#website\",\"url\":\"https:\\\/\\\/egytourpackages.com\\\/de\\\/\",\"name\":\"Egy tour packages\",\"description\":\"\",\"publisher\":{\"@id\":\"https:\\\/\\\/egytourpackages.com\\\/de\\\/#organization\"},\"potentialAction\":[{\"@type\":\"SearchAction\",\"target\":{\"@type\":\"EntryPoint\",\"urlTemplate\":\"https:\\\/\\\/egytourpackages.com\\\/de\\\/?s={search_term_string}\"},\"query-input\":{\"@type\":\"PropertyValueSpecification\",\"valueRequired\":true,\"valueName\":\"search_term_string\"}}],\"inLanguage\":\"de\"},{\"@type\":[\"Organization\",\"Place\",\"TravelAgency\"],\"@id\":\"https:\\\/\\\/egytourpackages.com\\\/de\\\/#organization\",\"name\":\"egypt tour packages\",\"alternateName\":\"egypt tour packages\",\"url\":\"https:\\\/\\\/egytourpackages.com\\\/de\\\/\",\"logo\":{\"@id\":\"https:\\\/\\\/egytourpackages.com\\\/de\\\/touren\\\/5-taegige-royal-elite-nilkreuzfahrt-von-luxor-nach-assuan\\\/#local-main-organization-logo\"},\"image\":{\"@id\":\"https:\\\/\\\/egytourpackages.com\\\/de\\\/touren\\\/5-taegige-royal-elite-nilkreuzfahrt-von-luxor-nach-assuan\\\/#local-main-organization-logo\"},\"sameAs\":[\"https:\\\/\\\/www.facebook.com\\\/egytourpackages\"],\"legalName\":\"Egy tour packages\",\"address\":{\"@id\":\"https:\\\/\\\/egytourpackages.com\\\/de\\\/touren\\\/5-taegige-royal-elite-nilkreuzfahrt-von-luxor-nach-assuan\\\/#local-main-place-address\"},\"telephone\":[\"00201000852186\",\"00201028685533\"],\"contactPoint\":{\"@type\":\"ContactPoint\",\"telephone\":\"00201000852186\"},\"openingHoursSpecification\":[{\"@type\":\"OpeningHoursSpecification\",\"dayOfWeek\":[\"Monday\",\"Tuesday\",\"Wednesday\",\"Thursday\",\"Friday\",\"Saturday\",\"Sunday\"],\"opens\":\"00:00\",\"closes\":\"23:59\"}],\"email\":\"info@egytourpackages.com\",\"areaServed\":\"Cairo, Hurghada, Luxor, Sharm El Sheikh, Marsa Alam, Aswan\",\"priceRange\":\"$\",\"currenciesAccepted\":\"euro\",\"paymentAccepted\":\"Payment links online\"},{\"@type\":\"PostalAddress\",\"@id\":\"https:\\\/\\\/egytourpackages.com\\\/de\\\/touren\\\/5-taegige-royal-elite-nilkreuzfahrt-von-luxor-nach-assuan\\\/#local-main-place-address\",\"streetAddress\":\"Mubarak 8, Al Kawthar District, Hurghada\",\"addressLocality\":\"Hurghada\",\"postalCode\":\"84511\",\"addressRegion\":\"Red Sea\",\"addressCountry\":\"EG\"},{\"@type\":\"ImageObject\",\"inLanguage\":\"de\",\"@id\":\"https:\\\/\\\/egytourpackages.com\\\/de\\\/touren\\\/5-taegige-royal-elite-nilkreuzfahrt-von-luxor-nach-assuan\\\/#local-main-organization-logo\",\"url\":\"https:\\\/\\\/egytourpackages.com\\\/wp-content\\\/uploads\\\/2025\\\/12\\\/Turquoise-Dahabiya-Nile-Cruise-1.jpeg\",\"contentUrl\":\"https:\\\/\\\/egytourpackages.com\\\/wp-content\\\/uploads\\\/2025\\\/12\\\/Turquoise-Dahabiya-Nile-Cruise-1.jpeg\",\"width\":1040,\"height\":694,\"caption\":\"egypt tour packages\"}]}<\/script>\n<meta property=\"product:brand\" content=\"Luxor und Assuan Nilkreuzfahrt\" \/>\n<meta property=\"product:price:amount\" content=\"1100\" \/>\n<meta property=\"product:price:currency\" content=\"EUR\" \/>\n<meta property=\"og:availability\" content=\"instock\" \/>\n<meta property=\"product:availability\" content=\"instock\" \/>\n<meta property=\"product:retailer_item_id\" content=\"LASNC 03\" \/>\n<meta property=\"product:condition\" content=\"new\" \/>\n<meta name=\"geo.placename\" content=\"Hurghada\" \/>\n<meta name=\"geo.region\" content=\"\u00c4gypten\" \/>\n<!-- \/ Yoast SEO Premium plugin. -->","yoast_head_json":{"title":"5-t\u00e4gige Royal Elite Nilkreuzfahrt von Luxor nach Assuan","description":"Erleben Sie eine 5-t\u00e4gige Royal Elite Nilkreuzfahrt von Luxor nach Assuan. Luxus pur, privater Guide & Vollpension. Jetzt Platz sichern!","robots":{"index":"index","follow":"follow","max-snippet":"max-snippet:-1","max-image-preview":"max-image-preview:large","max-video-preview":"max-video-preview:-1"},"canonical":"https:\/\/egytourpackages.com\/de\/touren\/5-taegige-royal-elite-nilkreuzfahrt-von-luxor-nach-assuan\/","og_locale":"de_DE","og_type":"article","og_title":"5-t\u00e4gige Royal Elite Nilkreuzfahrt von Luxor nach Assuan","og_description":"Erleben Sie eine 5-t\u00e4gige Royal Elite Nilkreuzfahrt von Luxor nach Assuan. Luxus pur, privater Guide & Vollpension. Jetzt Platz sichern!","og_url":"https:\/\/egytourpackages.com\/de\/touren\/5-taegige-royal-elite-nilkreuzfahrt-von-luxor-nach-assuan\/","og_site_name":"\u00c4gypten-Reisepakete","article_publisher":"https:\/\/www.facebook.com\/egytourpackages","article_modified_time":"2026-01-21T23:59:40+00:00","og_image":[{"width":1024,"height":768,"url":"https:\/\/egytourpackages.com\/wp-content\/uploads\/2026\/01\/Swimming-pool-of-Royal-Elite-1024x768.png","type":"image\/png"}],"twitter_card":"summary_large_image","twitter_misc":{"Preis":"&euro;1,100","Verf\u00fcgbarkeit":"Auf Lager"},"schema":{"@context":"https:\/\/schema.org","@graph":[{"@type":"WebPage","@id":"https:\/\/egytourpackages.com\/de\/touren\/5-taegige-royal-elite-nilkreuzfahrt-von-luxor-nach-assuan\/","url":"https:\/\/egytourpackages.com\/de\/touren\/5-taegige-royal-elite-nilkreuzfahrt-von-luxor-nach-assuan\/","name":"5-t\u00e4gige Royal Elite Nilkreuzfahrt von Luxor nach Assuan","isPartOf":{"@id":"https:\/\/egytourpackages.com\/de\/#website"},"primaryImageOfPage":{"@id":"https:\/\/egytourpackages.com\/de\/touren\/5-taegige-royal-elite-nilkreuzfahrt-von-luxor-nach-assuan\/#primaryimage"},"image":{"@id":"https:\/\/egytourpackages.com\/de\/touren\/5-taegige-royal-elite-nilkreuzfahrt-von-luxor-nach-assuan\/#primaryimage"},"thumbnailUrl":"https:\/\/egytourpackages.com\/wp-content\/uploads\/2026\/01\/Swimming-pool-of-Royal-Elite.png","datePublished":"2026-01-20T14:03:02+00:00","dateModified":"2026-01-21T23:59:40+00:00","description":"Erleben Sie eine 5-t\u00e4gige Royal Elite Nilkreuzfahrt von Luxor nach Assuan. Luxus pur, privater Guide & Vollpension. Jetzt Platz sichern!","breadcrumb":{"@id":"https:\/\/egytourpackages.com\/de\/touren\/5-taegige-royal-elite-nilkreuzfahrt-von-luxor-nach-assuan\/#breadcrumb"},"inLanguage":"de","potentialAction":[{"@type":"ReadAction","target":["https:\/\/egytourpackages.com\/de\/touren\/5-taegige-royal-elite-nilkreuzfahrt-von-luxor-nach-assuan\/"]}]},{"@type":"ImageObject","inLanguage":"de","@id":"https:\/\/egytourpackages.com\/de\/touren\/5-taegige-royal-elite-nilkreuzfahrt-von-luxor-nach-assuan\/#primaryimage","url":"https:\/\/egytourpackages.com\/wp-content\/uploads\/2026\/01\/Swimming-pool-of-Royal-Elite.png","contentUrl":"https:\/\/egytourpackages.com\/wp-content\/uploads\/2026\/01\/Swimming-pool-of-Royal-Elite.png","width":1200,"height":900,"caption":"5-t\u00e4gige Royal Elite Nilkreuzfahrt von Luxor nach Assuan"},{"@type":"BreadcrumbList","@id":"https:\/\/egytourpackages.com\/de\/touren\/5-taegige-royal-elite-nilkreuzfahrt-von-luxor-nach-assuan\/#breadcrumb","itemListElement":[{"@type":"ListItem","position":1,"name":"Startseite","item":"https:\/\/egytourpackages.com\/de\/"},{"@type":"ListItem","position":2,"name":"Shop","item":"https:\/\/egytourpackages.com\/de\/shop\/"},{"@type":"ListItem","position":3,"name":"5-t\u00e4gige Royal Elite Nilkreuzfahrt von Luxor nach Assuan"}]},{"@type":"WebSite","@id":"https:\/\/egytourpackages.com\/de\/#website","url":"https:\/\/egytourpackages.com\/de\/","name":"Egy tour packages","description":"","publisher":{"@id":"https:\/\/egytourpackages.com\/de\/#organization"},"potentialAction":[{"@type":"SearchAction","target":{"@type":"EntryPoint","urlTemplate":"https:\/\/egytourpackages.com\/de\/?s={search_term_string}"},"query-input":{"@type":"PropertyValueSpecification","valueRequired":true,"valueName":"search_term_string"}}],"inLanguage":"de"},{"@type":["Organization","Place","TravelAgency"],"@id":"https:\/\/egytourpackages.com\/de\/#organization","name":"egypt tour packages","alternateName":"egypt tour packages","url":"https:\/\/egytourpackages.com\/de\/","logo":{"@id":"https:\/\/egytourpackages.com\/de\/touren\/5-taegige-royal-elite-nilkreuzfahrt-von-luxor-nach-assuan\/#local-main-organization-logo"},"image":{"@id":"https:\/\/egytourpackages.com\/de\/touren\/5-taegige-royal-elite-nilkreuzfahrt-von-luxor-nach-assuan\/#local-main-organization-logo"},"sameAs":["https:\/\/www.facebook.com\/egytourpackages"],"legalName":"Egy tour packages","address":{"@id":"https:\/\/egytourpackages.com\/de\/touren\/5-taegige-royal-elite-nilkreuzfahrt-von-luxor-nach-assuan\/#local-main-place-address"},"telephone":["00201000852186","00201028685533"],"contactPoint":{"@type":"ContactPoint","telephone":"00201000852186"},"openingHoursSpecification":[{"@type":"OpeningHoursSpecification","dayOfWeek":["Monday","Tuesday","Wednesday","Thursday","Friday","Saturday","Sunday"],"opens":"00:00","closes":"23:59"}],"email":"info@egytourpackages.com","areaServed":"Cairo, Hurghada, Luxor, Sharm El Sheikh, Marsa Alam, Aswan","priceRange":"$","currenciesAccepted":"euro","paymentAccepted":"Payment links online"},{"@type":"PostalAddress","@id":"https:\/\/egytourpackages.com\/de\/touren\/5-taegige-royal-elite-nilkreuzfahrt-von-luxor-nach-assuan\/#local-main-place-address","streetAddress":"Mubarak 8, Al Kawthar District, Hurghada","addressLocality":"Hurghada","postalCode":"84511","addressRegion":"Red Sea","addressCountry":"EG"},{"@type":"ImageObject","inLanguage":"de","@id":"https:\/\/egytourpackages.com\/de\/touren\/5-taegige-royal-elite-nilkreuzfahrt-von-luxor-nach-assuan\/#local-main-organization-logo","url":"https:\/\/egytourpackages.com\/wp-content\/uploads\/2025\/12\/Turquoise-Dahabiya-Nile-Cruise-1.jpeg","contentUrl":"https:\/\/egytourpackages.com\/wp-content\/uploads\/2025\/12\/Turquoise-Dahabiya-Nile-Cruise-1.jpeg","width":1040,"height":694,"caption":"egypt tour packages"}]},"product_brand":"Luxor und Assuan Nilkreuzfahrt","product_price_amount":"1100","product_price_currency":"EUR","og_availability":"instock","product_availability":"instock","product_retailer_item_id":"LASNC 03","product_condition":"new","geo.placename":"Hurghada","geo.region":"\u00c4gypten"},"_links":{"self":[{"href":"https:\/\/egytourpackages.com\/de\/wp-json\/wp\/v2\/product\/13706","targetHints":{"allow":["GET"]}}],"collection":[{"href":"https:\/\/egytourpackages.com\/de\/wp-json\/wp\/v2\/product"}],"about":[{"href":"https:\/\/egytourpackages.com\/de\/wp-json\/wp\/v2\/types\/product"}],"replies":[{"embeddable":true,"href":"https:\/\/egytourpackages.com\/de\/wp-json\/wp\/v2\/comments?post=13706"}],"wp:featuredmedia":[{"embeddable":true,"href":"https:\/\/egytourpackages.com\/de\/wp-json\/wp\/v2\/media\/13552"}],"wp:attachment":[{"href":"https:\/\/egytourpackages.com\/de\/wp-json\/wp\/v2\/media?parent=13706"}],"wp:term":[{"taxonomy":"product_brand","embeddable":true,"href":"https:\/\/egytourpackages.com\/de\/wp-json\/wp\/v2\/product_brand?post=13706"},{"taxonomy":"product_cat","embeddable":true,"href":"https:\/\/egytourpackages.com\/de\/wp-json\/wp\/v2\/product_cat?post=13706"},{"taxonomy":"product_tag","embeddable":true,"href":"https:\/\/egytourpackages.com\/de\/wp-json\/wp\/v2\/product_tag?post=13706"}],"curies":[{"name":"wp","href":"https:\/\/api.w.org\/{rel}","templated":true}]}}