{"id":14266,"date":"2026-01-24T21:33:15","date_gmt":"2026-01-24T21:33:15","guid":{"rendered":"https:\/\/egytourpackages.com\/product\/5-tage-zeina-nilkreuzfahrt-von-luxor-nach-assuan\/"},"modified":"2026-01-30T23:10:55","modified_gmt":"2026-01-30T23:10:55","slug":"5-tage-zeina-nilkreuzfahrt-von-luxor-nach-assuan","status":"publish","type":"product","link":"https:\/\/egytourpackages.com\/de\/touren\/5-tage-zeina-nilkreuzfahrt-von-luxor-nach-assuan\/","title":{"rendered":"5 Tage Zeina Nilkreuzfahrt von Luxor nach Assuan"},"content":{"rendered":"<p><span style=\"color: #ff6600;\"><strong>5 Tage Zeina Nilkreuzfahrt von Luxor nach Assuan<\/strong><\/span><\/p>\n<p>Die <strong>5 Tage Zeina Nilkreuzfahrt von Luxor nach Assuan<\/strong> ist eine Reise, die weit \u00fcber einen gew\u00f6hnlichen Urlaub hinausgeht und Sie tief in das Herz \u00c4gyptens f\u00fchrt. Stellen Sie sich eine Landschaft vor, in der die goldenen D\u00fcnen der Sahara auf das lebendige, smaragdgr\u00fcne Wasser des Nils treffen.<\/p>\n<p>Von Ihrer Ankunft an sorgen unsere <strong>reibungslosen Transfer-Services<\/strong> daf\u00fcr, dass Ihr \u00dcbergang in die Welt der Pharaonen v\u00f6llig m\u00fchelos und entspannt verl\u00e4uft.<\/p>\n<h3><span style=\"color: #ff6600;\">Eintauchen in die Erhabenheit des alten Theben<\/span><\/h3>\n<p>Bereiten Sie sich auf eine kuratierte Zeitreise vor, bei der Ihr Komfort an erster Stelle steht. Begleitet von <strong>erfahrenen \u00c4gyptologen<\/strong> reisen Sie in einem modernen, <strong>klimatisierten Fahrzeug<\/strong>, um den legend\u00e4ren <strong>Karnak-Tempel<\/strong> zu erkunden \u2013 die gewaltigste religi\u00f6se Anlage der Welt.<\/p>\n<p>Wenn der Abend d\u00e4mmert, erleben Sie den faszinierenden Glanz des <strong>Luxor-Tempels<\/strong> unter dem Sternenhimmel, wo jeder Stein die Geschichte einer verlorenen Zivilisation erz\u00e4hlt.<\/p>\n<h3><span style=\"color: #ff6600;\">Enth\u00fcllen Sie die Geheimnisse von West-Theben<\/span><\/h3>\n<p>Erwachen Sie mit einem ruhigen Blick auf den nebligen Fluss, bevor Sie das <strong>Tal der K\u00f6nige<\/strong> besuchen, die letzte Ruhest\u00e4tte der gr\u00f6\u00dften Monarchen \u00c4gyptens. Bewundern Sie zudem die einzigartige <strong>architektonische Brillanz<\/strong> des <strong>Hatschepsut-Tempels<\/strong> und stehen Sie im Schatten der massiven <strong>Memnonkolosse<\/strong>.<\/p>\n<p>W\u00e4hrend die Segel den Wind einfangen, setzt sich Ihre Reise in Richtung Edfu fort, um den <strong>Horus-Tempel<\/strong> zu besichtigen, gefolgt von einem Stopp am mysteri\u00f6sen und symmetrischen <strong>Doppeltempel von Kom Ombo<\/strong>.<\/p>\n<h3><span style=\"color: #ff6600;\">Assuan: Das Juwel am Nil<\/span><\/h3>\n<p>Segeln Sie entlang \u00fcppiger, palmenges\u00e4umter Ufer der gelassenen Sch\u00f6nheit von <strong>Assuan<\/strong> entgegen. Hier besuchen Sie den <strong>Philae-Tempel<\/strong>, der der G\u00f6ttin <strong>Isis<\/strong> gewidmet ist und malerisch auf einer romantischen Insel liegt.<\/p>\n<p>Sie erkunden au\u00dferdem den <strong>Assuan-Staudamm<\/strong>, ein <strong>architektonisches Wunderwerk<\/strong> des 20. Jahrhunderts, und besuchen den <strong>Unvollendeten Obelisken<\/strong> \u2013 einen Ort, der die unglaublichen technischen Geheimnisse der Antike offenbart.<\/p>\n<h3><span style=\"color: #ff6600;\">Tour-Details<\/span><\/h3>\n<ul>\n<li>Dauer: 5 Tage \/ 4 N\u00e4chte<\/li>\n<li>Ort der Tour: Ober\u00e4gypten<\/li>\n<li>Verf\u00fcgbarkeit: Auf Anfrage<\/li>\n<li>Abholung &amp; R\u00fcckbringung: Luxor\/Assuan<\/li>\n<li>Tour-Typ: Privat<\/li>\n<li>Sprache: Deutsch<\/li>\n<li>Geeignet f\u00fcr: Paare, Familien, Senioren<\/li>\n<li>Rollstuhlgerecht: Ja<\/li>\n<\/ul>\n<h3><span style=\"color: #ff6600;\">Highlights der Tour<\/span><\/h3>\n<ul>\n<li>Luxor-Tempel<\/li>\n<li>Karnak-Tempel<\/li>\n<li>Edfu-Tempel<\/li>\n<li>Kom Ombo Tempel<\/li>\n<li>Abu Simbel Tempel<\/li>\n<li>Assuan-Staudamm<\/li>\n<li>Philae-Tempel | Isis-Tempel<\/li>\n<li>Unvollendeter Obelisk<\/li>\n<\/ul>\n<h3><span style=\"color: #ff6600;\">Inklusive Leistungen<\/span><\/h3>\n<ul>\n<li>Alle genannten Transfers in einem klimatisierten Fahrzeug<\/li>\n<li>Eintrittsgelder f\u00fcr alle oben genannten Sehensw\u00fcrdigkeiten<\/li>\n<li>Deutschsprachiger \u00c4gyptologe als Reiseleiter<\/li>\n<li>04 N\u00e4chte auf der 5***** Deluxe Nilkreuzfahrt (Vollpension)<\/li>\n<li>Unterst\u00fctzung bei Ankunft und Abreise<\/li>\n<li>Gep\u00e4ckservice<\/li>\n<\/ul>\n<h3><span style=\"color: #ff6600;\">Exklusive Leistungen<\/span><\/h3>\n<ul>\n<li>Pers\u00f6nliche Ausgaben<\/li>\n<li>Trinkgelder<\/li>\n<li>Internationaler Flug<\/li>\n<li>Einreisevisum<\/li>\n<\/ul>\n<h2><span style=\"color: #ff6600;\">Reiseverlauf<\/span><\/h2>\n<h3><span style=\"color: #ff6600;\">Tag 1: Ankunft &amp; der Glanz des alten Theben<\/span><\/h3>\n<p>Ihr Abenteuer auf der <strong>Nilkreuzfahrt ab Luxor<\/strong> beginnt mit einer pers\u00f6nlichen Begr\u00fc\u00dfung am Flughafen, Bahnhof oder Ihrem Hotel. Unser Experte bringt Sie zum <strong>Karnak-Tempel<\/strong>, einer gewaltigen Anlage mit der weltweit <strong>gr\u00f6\u00dften S\u00e4ulenhalle (Hypostyl)<\/strong>.<\/p>\n<p>Bewundern Sie die <strong>Reliefs<\/strong> der <strong>Schlacht von Qadesch<\/strong> und den <strong>ersten Friedensvertrag<\/strong> der Weltgeschichte.<\/p>\n<p>Nach der Besichtigung der <strong>Festhalle von Thutmosis III. (Ach-menu)<\/strong> und dem <strong>Heiligen See<\/strong> checken Sie auf der <strong>Zeina Nilkreuzfahrt<\/strong> ein. Genie\u00dfen Sie das Mittagessen und eine Ruhepause.<\/p>\n<p>Erleben Sie bei Sonnenuntergang die beleuchteten S\u00e4ulen des <strong>Luxor-Tempels bei Nacht<\/strong>, wo die Geschichte unter den Sternen lebendig wird, bevor das Abendessen an Bord serviert wird.<\/p>\n<p><strong>Mahlzeiten:<\/strong> Fr\u00fchst\u00fcck, Mittagessen<\/p>\n<h3><span style=\"color: #ff6600;\">Tag 2: Geheimnisse von West-Theben &amp; Segeln Richtung S\u00fcden<\/span><\/h3>\n<p>Nach dem <strong>Fr\u00fchst\u00fcck<\/strong> setzen wir \u00fcber nach <strong>West-Luxor<\/strong>, der antiken \u201eStadt der Toten\u201c. Wir starten bei den <strong>Memnonkolossen<\/strong>, um mehr \u00fcber die <strong>Mumifizierung<\/strong> zu erfahren, bevor es ins <strong>Tal der K\u00f6nige<\/strong> geht. Hier erkunden Sie die <strong>ewigen H\u00e4user<\/strong> der Pharaonen mit ihren <strong>riesigen Sarkophagen<\/strong> und heiligen Texten.<\/p>\n<p>Der Vormittag endet am <strong>Tempel der K\u00f6nigin Hatschepsut<\/strong>, einem beeindruckenden Monument direkt am Fels. Entdecken Sie die Geschichten der <strong>Puntexpedition<\/strong> und der <strong>g\u00f6ttlichen Geburt<\/strong>, bevor Sie zur <strong>Zeina Nilkreuzfahrt<\/strong> zur\u00fcckkehren.<\/p>\n<p>Entspannen Sie nachmittags an Deck, w\u00e4hrend wir durch die <strong>Schleuse von Esna<\/strong> Richtung Edfu segeln.<\/p>\n<p><strong>Mahlzeiten:<\/strong> Fr\u00fchst\u00fcck, Mittagessen, Abendessen<\/p>\n<h3><span style=\"color: #ff6600;\">Tag 3: Die Legende von Horus &amp; die Zwillinstempel<\/span><\/h3>\n<p>Beginnen Sie den Tag mit einer traditionellen <strong>Pferdekutschenfahrt<\/strong> zum <strong>Horus-Tempel<\/strong> in Edfu. Als <strong>besterhaltener Tempel \u00c4gyptens<\/strong> zeigt er lebhaft den mythologischen <strong>Kampf zwischen Horus und Seth<\/strong>.<\/p>\n<p>Zur\u00fcck auf der <strong>Zeina Nilkreuzfahrt<\/strong> genie\u00dfen Sie das <strong>Fr\u00fchst\u00fcck<\/strong>, w\u00e4hrend wir nach Kom Ombo segeln. Dieser Flussabschnitt bietet die sch\u00f6nsten Einblicke in das <strong>allt\u00e4gliche Leben<\/strong> am Nilufer.<\/p>\n<p>Nach dem Mittagessen besuchen Sie den einzigartigen <strong>Doppeltempel<\/strong>, der <strong>Sobek<\/strong> und <strong>Haroeris<\/strong> gewidmet ist, und sehen die antiken Mumien im <strong>Krokodilmuseum<\/strong>. Wir beenden den Tag mit der Fahrt nach <strong>Assuan<\/strong> und dem Abendessen an Bord.<\/p>\n<p><strong>Mahlzeiten:<\/strong> Fr\u00fchst\u00fcck, Mittagessen, Abendessen<\/p>\n<h3><span style=\"color: #ff6600;\">Tag 4: Abu Simbel &amp; die Juwelen von Assuan<\/span><\/h3>\n<p>Genie\u00dfen Sie einen fr\u00fchen Kaffee, bevor Sie zu den atemberaubenden <strong>Tempeln von Abu Simbel<\/strong> aufbrechen. Diese <strong>4-st\u00fcndige Fahrt<\/strong> f\u00fchrt Sie zu den kolossalen Monumenten von <strong>Ramses II.<\/strong>, einem echten <strong>architektonischen Wunder<\/strong>.<\/p>\n<p>Zum Mittagessen kehren wir auf das Schiff zur\u00fcck, bevor wir unsere Tour zu den <strong>Sehensw\u00fcrdigkeiten von Assuan<\/strong> starten. Sie besuchen den <strong>Assuan-Staudamm<\/strong>, gefolgt von einer malerischen <strong>Motorbootfahrt<\/strong> zum Insel-Tempel von <strong>Philae<\/strong>, der der G\u00f6ttin <strong>Isis<\/strong> gewidmet ist.<\/p>\n<p>Genie\u00dfen Sie Ihren letzten Abend mit der 5-Sterne-Gastfreundschaft der <strong>Zeina Nilkreuzfahrt<\/strong> und \u00fcbernachten Sie in Assuan.<\/p>\n<p><strong>Mahlzeiten:<\/strong> Fr\u00fchst\u00fcck, Mittagessen, Abendessen<\/p>\n<h3><span style=\"color: #ff6600;\">Tag 5: Abschied &amp; kulturelle Entdeckungen<\/span><\/h3>\n<p>Genie\u00dfen Sie Ihr <strong>letztes Fr\u00fchst\u00fcck<\/strong> auf dem Nil vor dem Check-out. Ihr Reiseleiter sorgt f\u00fcr einen reibungslosen Transfer zum <strong>Flughafen Assuan<\/strong>, zum Bahnhof oder zu Ihrem Hotel.<\/p>\n<p>Falls Sie noch Zeit haben, bietet sich ein <strong>optionaler Ausflug<\/strong> in das lebhafte <strong>Nubische Dorf<\/strong>, das <strong>Nubische Museum<\/strong> oder eine Bootsfahrt zur <strong>Insel Elephantine<\/strong> an, um die <strong>Hungerstele<\/strong> zu sehen. Der perfekte Abschluss f\u00fcr Ihr <strong>\u00c4gypten-Rundreise-Paket<\/strong>.<\/p>\n<p><strong>Mahlzeiten:<\/strong> Fr\u00fchst\u00fcck<\/p>\n<h3><span style=\"color: #ff6600;\">Preise f\u00fcr die 5 Tage Zeina Nilkreuzfahrt von Luxor nach Assuan<\/span><\/h3>\n<ul>\n<li>Erwachsene = 900 Euro<\/li>\n<li>Kinder 0-5 Jahre = kostenlos<\/li>\n<li>Kinder 5-11 Jahre = 50% des Erwachsenenpreises<\/li>\n<\/ul>\n<h3><span style=\"color: #ff6600;\">Buchung<\/span><\/h3>\n<p>Sie k\u00f6nnen Ihre Tour bequem per WhatsApp oder E-Mail buchen und erhalten umgehend eine Best\u00e4tigung.<\/p>\n<p>WhatsApp: +201000852186<\/p>\n<p>E-Mail: info@egytourpackages.com<\/p>\n<h3><span style=\"color: #ff6600;\">Jetzt buchen &amp; vor Ort bezahlen <\/span><\/h3>\n<p>Sichern Sie sich Ihre Nilkreuzfahrt so fr\u00fch wie m\u00f6glich!<\/p>\n<h3><span style=\"color: #ff6600;\">Bezahlung<\/span><\/h3>\n<p>Wir akzeptieren \u00c4gyptische Pfund, US-Dollar, Euro oder Britische Pfund.<\/p>\n<h3><span style=\"color: #ff6600;\">Stornierungsbedingungen<\/span><\/h3>\n<ul>\n<li>Kostenlose Stornierung bis zu zwei Wochen im Voraus.<\/li>\n<li>Bei Stornierung am Morgen des Ausflugs werden 100% des Preises f\u00e4llig.<\/li>\n<\/ul>\n","protected":false},"excerpt":{"rendered":"<p>Erleben Sie die <b data-path-to-node=\"0\" data-index-in-node=\"16\">5 Tage Zeina Nilkreuzfahrt von Luxor nach Assuan<\/b>. Inklusive Experten-Guide, luxuri\u00f6sem 5-Sterne-Schiff und antiken Tempeln. Jetzt buchen!<\/p>\n","protected":false},"featured_media":13873,"comment_status":"closed","ping_status":"closed","template":"","meta":[],"product_brand":[],"product_cat":[1494],"product_tag":[3911,3976,3913,3915,4074],"class_list":{"0":"post-14266","1":"product","2":"type-product","3":"status-publish","4":"has-post-thumbnail","6":"product_cat-touren","7":"product_tag-buchen-sie-die-besten-preise-fur-eine-luxuriose-nilkreuzfahrt-mit-coral-2-in-agypten-fur-ihren-nilurlaub","8":"product_tag-buchen-sie-die-besten-preise-fur-eine-luxuriose-nilkreuzfahrt-mit-royal-elite-in-agypten-fur-ihren-nilurlaub","9":"product_tag-buchen-sie-die-besten-preise-fur-eine-luxuriose-nilkreuzfahrt-mit-royal-signature-in-agypten-fur-ihren-nilurlaub","10":"product_tag-buchen-sie-die-besten-preise-fur-eine-luxuriose-nilkreuzfahrt-mit-royal-viking-in-agypten-fur-ihren-nilurlaub","11":"product_tag-buchen-sie-die-besten-preise-fur-eine-nilkreuzfahrt-mit-zeina-in-agypten-fur-ihren-nilurlaub","12":"tour_category-nilkreuzfahrten-ab-luxor-und-assuan","13":"tour_category-nilkreuzfahrten-in-agypten","15":"first","16":"instock","17":"sale","18":"shipping-taxable","19":"purchasable","20":"product-type-tour","21":"has-default-attributes"},"yoast_head":"<!-- This site is optimized with the Yoast SEO Premium plugin v27.2 (Yoast SEO v27.2) - https:\/\/yoast.com\/product\/yoast-seo-premium-wordpress\/ -->\n<title>5 Tage Zeina Nilkreuzfahrt von Luxor nach Assuan<\/title>\n<meta name=\"description\" content=\"Erleben Sie die 5 Tage Zeina Nilkreuzfahrt von Luxor nach Assuan. Inklusive Experten-Guide, luxuri\u00f6sem 5-Sterne-Schiff und antiken Tempeln. Jetzt buchen!\" \/>\n<meta name=\"robots\" content=\"index, follow, max-snippet:-1, max-image-preview:large, max-video-preview:-1\" \/>\n<link rel=\"canonical\" href=\"https:\/\/egytourpackages.com\/de\/touren\/5-tage-zeina-nilkreuzfahrt-von-luxor-nach-assuan\/\" \/>\n<meta property=\"og:locale\" content=\"de_DE\" \/>\n<meta property=\"og:type\" content=\"article\" \/>\n<meta property=\"og:title\" content=\"5 Tage Zeina Nilkreuzfahrt von Luxor nach Assuan\" \/>\n<meta property=\"og:description\" content=\"Erleben Sie die 5 Tage Zeina Nilkreuzfahrt von Luxor nach Assuan. Inklusive Experten-Guide, luxuri\u00f6sem 5-Sterne-Schiff und antiken Tempeln. Jetzt buchen!\" \/>\n<meta property=\"og:url\" content=\"https:\/\/egytourpackages.com\/de\/touren\/5-tage-zeina-nilkreuzfahrt-von-luxor-nach-assuan\/\" \/>\n<meta property=\"og:site_name\" content=\"\u00c4gypten-Reisepakete\" \/>\n<meta property=\"article:publisher\" content=\"https:\/\/www.facebook.com\/egytourpackages\" \/>\n<meta property=\"article:modified_time\" content=\"2026-01-30T23:10:55+00:00\" \/>\n<meta property=\"og:image\" content=\"https:\/\/egytourpackages.com\/wp-content\/uploads\/2026\/01\/Zeina-Nile-Cruise.jpeg\" \/>\n\t<meta property=\"og:image:width\" content=\"1200\" \/>\n\t<meta property=\"og:image:height\" content=\"675\" \/>\n\t<meta property=\"og:image:type\" content=\"image\/jpeg\" \/>\n<meta name=\"twitter:card\" content=\"summary_large_image\" \/>\n<meta name=\"twitter:label1\" content=\"Preis\" \/>\n\t<meta name=\"twitter:data1\" content=\"&euro;900\" \/>\n\t<meta name=\"twitter:label2\" content=\"Verf\u00fcgbarkeit\" \/>\n\t<meta name=\"twitter:data2\" content=\"Auf Lager\" \/>\n<script type=\"application\/ld+json\" class=\"yoast-schema-graph\">{\"@context\":\"https:\/\/schema.org\",\"@graph\":[{\"@type\":\"WebPage\",\"@id\":\"https:\/\/egytourpackages.com\/de\/touren\/5-tage-zeina-nilkreuzfahrt-von-luxor-nach-assuan\/\",\"url\":\"https:\/\/egytourpackages.com\/de\/touren\/5-tage-zeina-nilkreuzfahrt-von-luxor-nach-assuan\/\",\"name\":\"5 Tage Zeina Nilkreuzfahrt von Luxor nach Assuan\",\"isPartOf\":{\"@id\":\"https:\/\/egytourpackages.com\/de\/#website\"},\"primaryImageOfPage\":{\"@id\":\"https:\/\/egytourpackages.com\/de\/touren\/5-tage-zeina-nilkreuzfahrt-von-luxor-nach-assuan\/#primaryimage\"},\"image\":{\"@id\":\"https:\/\/egytourpackages.com\/de\/touren\/5-tage-zeina-nilkreuzfahrt-von-luxor-nach-assuan\/#primaryimage\"},\"thumbnailUrl\":\"https:\/\/egytourpackages.com\/wp-content\/uploads\/2026\/01\/Zeina-Nile-Cruise.jpeg\",\"datePublished\":\"2026-01-24T21:33:15+00:00\",\"dateModified\":\"2026-01-30T23:10:55+00:00\",\"description\":\"Erleben Sie die 5 Tage Zeina Nilkreuzfahrt von Luxor nach Assuan. Inklusive Experten-Guide, luxuri\u00f6sem 5-Sterne-Schiff und antiken Tempeln. Jetzt buchen!\",\"breadcrumb\":{\"@id\":\"https:\/\/egytourpackages.com\/de\/touren\/5-tage-zeina-nilkreuzfahrt-von-luxor-nach-assuan\/#breadcrumb\"},\"inLanguage\":\"de\",\"potentialAction\":[{\"@type\":\"ReadAction\",\"target\":[\"https:\/\/egytourpackages.com\/de\/touren\/5-tage-zeina-nilkreuzfahrt-von-luxor-nach-assuan\/\"]}]},{\"@type\":\"ImageObject\",\"inLanguage\":\"de\",\"@id\":\"https:\/\/egytourpackages.com\/de\/touren\/5-tage-zeina-nilkreuzfahrt-von-luxor-nach-assuan\/#primaryimage\",\"url\":\"https:\/\/egytourpackages.com\/wp-content\/uploads\/2026\/01\/Zeina-Nile-Cruise.jpeg\",\"contentUrl\":\"https:\/\/egytourpackages.com\/wp-content\/uploads\/2026\/01\/Zeina-Nile-Cruise.jpeg\",\"width\":1200,\"height\":675,\"caption\":\"5 Tage Zeina Nilkreuzfahrt von Luxor nach Assuan\"},{\"@type\":\"BreadcrumbList\",\"@id\":\"https:\/\/egytourpackages.com\/de\/touren\/5-tage-zeina-nilkreuzfahrt-von-luxor-nach-assuan\/#breadcrumb\",\"itemListElement\":[{\"@type\":\"ListItem\",\"position\":1,\"name\":\"Startseite\",\"item\":\"https:\/\/egytourpackages.com\/de\/\"},{\"@type\":\"ListItem\",\"position\":2,\"name\":\"Shop\",\"item\":\"https:\/\/egytourpackages.com\/de\/shop\/\"},{\"@type\":\"ListItem\",\"position\":3,\"name\":\"5 Tage Zeina Nilkreuzfahrt von Luxor nach Assuan\"}]},{\"@type\":\"WebSite\",\"@id\":\"https:\/\/egytourpackages.com\/de\/#website\",\"url\":\"https:\/\/egytourpackages.com\/de\/\",\"name\":\"Egy tour packages\",\"description\":\"\",\"publisher\":{\"@id\":\"https:\/\/egytourpackages.com\/de\/#organization\"},\"potentialAction\":[{\"@type\":\"SearchAction\",\"target\":{\"@type\":\"EntryPoint\",\"urlTemplate\":\"https:\/\/egytourpackages.com\/de\/?s={search_term_string}\"},\"query-input\":{\"@type\":\"PropertyValueSpecification\",\"valueRequired\":true,\"valueName\":\"search_term_string\"}}],\"inLanguage\":\"de\"},{\"@type\":[\"Organization\",\"Place\",\"TravelAgency\"],\"@id\":\"https:\/\/egytourpackages.com\/de\/#organization\",\"name\":\"egypt tour packages\",\"alternateName\":\"egypt tour packages\",\"url\":\"https:\/\/egytourpackages.com\/de\/\",\"logo\":{\"@id\":\"https:\/\/egytourpackages.com\/de\/touren\/5-tage-zeina-nilkreuzfahrt-von-luxor-nach-assuan\/#local-main-organization-logo\"},\"image\":{\"@id\":\"https:\/\/egytourpackages.com\/de\/touren\/5-tage-zeina-nilkreuzfahrt-von-luxor-nach-assuan\/#local-main-organization-logo\"},\"sameAs\":[\"https:\/\/www.facebook.com\/egytourpackages\"],\"legalName\":\"Egy tour packages\",\"address\":{\"@id\":\"https:\/\/egytourpackages.com\/de\/touren\/5-tage-zeina-nilkreuzfahrt-von-luxor-nach-assuan\/#local-main-place-address\"},\"telephone\":[\"00201000852186\",\"00201028685533\"],\"contactPoint\":{\"@type\":\"ContactPoint\",\"telephone\":\"00201000852186\"},\"openingHoursSpecification\":[{\"@type\":\"OpeningHoursSpecification\",\"dayOfWeek\":[\"Monday\",\"Tuesday\",\"Wednesday\",\"Thursday\",\"Friday\",\"Saturday\",\"Sunday\"],\"opens\":\"00:00\",\"closes\":\"23:59\"}],\"email\":\"info@egytourpackages.com\",\"areaServed\":\"Cairo, Hurghada, Luxor, Sharm El Sheikh, Marsa Alam, Aswan\",\"priceRange\":\"$\",\"currenciesAccepted\":\"euro\",\"paymentAccepted\":\"Payment links online\"},{\"@type\":\"PostalAddress\",\"@id\":\"https:\/\/egytourpackages.com\/de\/touren\/5-tage-zeina-nilkreuzfahrt-von-luxor-nach-assuan\/#local-main-place-address\",\"streetAddress\":\"Mubarak 8, Al Kawthar District, Hurghada\",\"addressLocality\":\"Hurghada\",\"postalCode\":\"84511\",\"addressRegion\":\"Red Sea\",\"addressCountry\":\"EG\"},{\"@type\":\"ImageObject\",\"inLanguage\":\"de\",\"@id\":\"https:\/\/egytourpackages.com\/de\/touren\/5-tage-zeina-nilkreuzfahrt-von-luxor-nach-assuan\/#local-main-organization-logo\",\"url\":\"https:\/\/egytourpackages.com\/wp-content\/uploads\/2025\/12\/Turquoise-Dahabiya-Nile-Cruise-1.jpeg\",\"contentUrl\":\"https:\/\/egytourpackages.com\/wp-content\/uploads\/2025\/12\/Turquoise-Dahabiya-Nile-Cruise-1.jpeg\",\"width\":1040,\"height\":694,\"caption\":\"egypt tour packages\"}]}<\/script>\n<meta property=\"product:brand\" content=\"Luxor und Assuan Nilkreuzfahrt\" \/>\n<meta property=\"product:price:amount\" content=\"900\" \/>\n<meta property=\"product:price:currency\" content=\"EUR\" \/>\n<meta property=\"og:availability\" content=\"instock\" \/>\n<meta property=\"product:availability\" content=\"instock\" \/>\n<meta property=\"product:retailer_item_id\" content=\"LASNC 05\" \/>\n<meta property=\"product:condition\" content=\"new\" \/>\n<meta name=\"geo.placename\" content=\"Hurghada\" \/>\n<meta name=\"geo.region\" content=\"\u00c4gypten\" \/>\n<!-- \/ Yoast SEO Premium plugin. -->","yoast_head_json":{"title":"5 Tage Zeina Nilkreuzfahrt von Luxor nach Assuan","description":"Erleben Sie die 5 Tage Zeina Nilkreuzfahrt von Luxor nach Assuan. Inklusive Experten-Guide, luxuri\u00f6sem 5-Sterne-Schiff und antiken Tempeln. Jetzt buchen!","robots":{"index":"index","follow":"follow","max-snippet":"max-snippet:-1","max-image-preview":"max-image-preview:large","max-video-preview":"max-video-preview:-1"},"canonical":"https:\/\/egytourpackages.com\/de\/touren\/5-tage-zeina-nilkreuzfahrt-von-luxor-nach-assuan\/","og_locale":"de_DE","og_type":"article","og_title":"5 Tage Zeina Nilkreuzfahrt von Luxor nach Assuan","og_description":"Erleben Sie die 5 Tage Zeina Nilkreuzfahrt von Luxor nach Assuan. Inklusive Experten-Guide, luxuri\u00f6sem 5-Sterne-Schiff und antiken Tempeln. Jetzt buchen!","og_url":"https:\/\/egytourpackages.com\/de\/touren\/5-tage-zeina-nilkreuzfahrt-von-luxor-nach-assuan\/","og_site_name":"\u00c4gypten-Reisepakete","article_publisher":"https:\/\/www.facebook.com\/egytourpackages","article_modified_time":"2026-01-30T23:10:55+00:00","og_image":[{"width":1200,"height":675,"url":"https:\/\/egytourpackages.com\/wp-content\/uploads\/2026\/01\/Zeina-Nile-Cruise.jpeg","type":"image\/jpeg"}],"twitter_card":"summary_large_image","twitter_misc":{"Preis":"&euro;900","Verf\u00fcgbarkeit":"Auf Lager"},"schema":{"@context":"https:\/\/schema.org","@graph":[{"@type":"WebPage","@id":"https:\/\/egytourpackages.com\/de\/touren\/5-tage-zeina-nilkreuzfahrt-von-luxor-nach-assuan\/","url":"https:\/\/egytourpackages.com\/de\/touren\/5-tage-zeina-nilkreuzfahrt-von-luxor-nach-assuan\/","name":"5 Tage Zeina Nilkreuzfahrt von Luxor nach Assuan","isPartOf":{"@id":"https:\/\/egytourpackages.com\/de\/#website"},"primaryImageOfPage":{"@id":"https:\/\/egytourpackages.com\/de\/touren\/5-tage-zeina-nilkreuzfahrt-von-luxor-nach-assuan\/#primaryimage"},"image":{"@id":"https:\/\/egytourpackages.com\/de\/touren\/5-tage-zeina-nilkreuzfahrt-von-luxor-nach-assuan\/#primaryimage"},"thumbnailUrl":"https:\/\/egytourpackages.com\/wp-content\/uploads\/2026\/01\/Zeina-Nile-Cruise.jpeg","datePublished":"2026-01-24T21:33:15+00:00","dateModified":"2026-01-30T23:10:55+00:00","description":"Erleben Sie die 5 Tage Zeina Nilkreuzfahrt von Luxor nach Assuan. Inklusive Experten-Guide, luxuri\u00f6sem 5-Sterne-Schiff und antiken Tempeln. Jetzt buchen!","breadcrumb":{"@id":"https:\/\/egytourpackages.com\/de\/touren\/5-tage-zeina-nilkreuzfahrt-von-luxor-nach-assuan\/#breadcrumb"},"inLanguage":"de","potentialAction":[{"@type":"ReadAction","target":["https:\/\/egytourpackages.com\/de\/touren\/5-tage-zeina-nilkreuzfahrt-von-luxor-nach-assuan\/"]}]},{"@type":"ImageObject","inLanguage":"de","@id":"https:\/\/egytourpackages.com\/de\/touren\/5-tage-zeina-nilkreuzfahrt-von-luxor-nach-assuan\/#primaryimage","url":"https:\/\/egytourpackages.com\/wp-content\/uploads\/2026\/01\/Zeina-Nile-Cruise.jpeg","contentUrl":"https:\/\/egytourpackages.com\/wp-content\/uploads\/2026\/01\/Zeina-Nile-Cruise.jpeg","width":1200,"height":675,"caption":"5 Tage Zeina Nilkreuzfahrt von Luxor nach Assuan"},{"@type":"BreadcrumbList","@id":"https:\/\/egytourpackages.com\/de\/touren\/5-tage-zeina-nilkreuzfahrt-von-luxor-nach-assuan\/#breadcrumb","itemListElement":[{"@type":"ListItem","position":1,"name":"Startseite","item":"https:\/\/egytourpackages.com\/de\/"},{"@type":"ListItem","position":2,"name":"Shop","item":"https:\/\/egytourpackages.com\/de\/shop\/"},{"@type":"ListItem","position":3,"name":"5 Tage Zeina Nilkreuzfahrt von Luxor nach Assuan"}]},{"@type":"WebSite","@id":"https:\/\/egytourpackages.com\/de\/#website","url":"https:\/\/egytourpackages.com\/de\/","name":"Egy tour packages","description":"","publisher":{"@id":"https:\/\/egytourpackages.com\/de\/#organization"},"potentialAction":[{"@type":"SearchAction","target":{"@type":"EntryPoint","urlTemplate":"https:\/\/egytourpackages.com\/de\/?s={search_term_string}"},"query-input":{"@type":"PropertyValueSpecification","valueRequired":true,"valueName":"search_term_string"}}],"inLanguage":"de"},{"@type":["Organization","Place","TravelAgency"],"@id":"https:\/\/egytourpackages.com\/de\/#organization","name":"egypt tour packages","alternateName":"egypt tour packages","url":"https:\/\/egytourpackages.com\/de\/","logo":{"@id":"https:\/\/egytourpackages.com\/de\/touren\/5-tage-zeina-nilkreuzfahrt-von-luxor-nach-assuan\/#local-main-organization-logo"},"image":{"@id":"https:\/\/egytourpackages.com\/de\/touren\/5-tage-zeina-nilkreuzfahrt-von-luxor-nach-assuan\/#local-main-organization-logo"},"sameAs":["https:\/\/www.facebook.com\/egytourpackages"],"legalName":"Egy tour packages","address":{"@id":"https:\/\/egytourpackages.com\/de\/touren\/5-tage-zeina-nilkreuzfahrt-von-luxor-nach-assuan\/#local-main-place-address"},"telephone":["00201000852186","00201028685533"],"contactPoint":{"@type":"ContactPoint","telephone":"00201000852186"},"openingHoursSpecification":[{"@type":"OpeningHoursSpecification","dayOfWeek":["Monday","Tuesday","Wednesday","Thursday","Friday","Saturday","Sunday"],"opens":"00:00","closes":"23:59"}],"email":"info@egytourpackages.com","areaServed":"Cairo, Hurghada, Luxor, Sharm El Sheikh, Marsa Alam, Aswan","priceRange":"$","currenciesAccepted":"euro","paymentAccepted":"Payment links online"},{"@type":"PostalAddress","@id":"https:\/\/egytourpackages.com\/de\/touren\/5-tage-zeina-nilkreuzfahrt-von-luxor-nach-assuan\/#local-main-place-address","streetAddress":"Mubarak 8, Al Kawthar District, Hurghada","addressLocality":"Hurghada","postalCode":"84511","addressRegion":"Red Sea","addressCountry":"EG"},{"@type":"ImageObject","inLanguage":"de","@id":"https:\/\/egytourpackages.com\/de\/touren\/5-tage-zeina-nilkreuzfahrt-von-luxor-nach-assuan\/#local-main-organization-logo","url":"https:\/\/egytourpackages.com\/wp-content\/uploads\/2025\/12\/Turquoise-Dahabiya-Nile-Cruise-1.jpeg","contentUrl":"https:\/\/egytourpackages.com\/wp-content\/uploads\/2025\/12\/Turquoise-Dahabiya-Nile-Cruise-1.jpeg","width":1040,"height":694,"caption":"egypt tour packages"}]},"product_brand":"Luxor und Assuan Nilkreuzfahrt","product_price_amount":"900","product_price_currency":"EUR","og_availability":"instock","product_availability":"instock","product_retailer_item_id":"LASNC 05","product_condition":"new","geo.placename":"Hurghada","geo.region":"\u00c4gypten"},"_links":{"self":[{"href":"https:\/\/egytourpackages.com\/de\/wp-json\/wp\/v2\/product\/14266","targetHints":{"allow":["GET"]}}],"collection":[{"href":"https:\/\/egytourpackages.com\/de\/wp-json\/wp\/v2\/product"}],"about":[{"href":"https:\/\/egytourpackages.com\/de\/wp-json\/wp\/v2\/types\/product"}],"replies":[{"embeddable":true,"href":"https:\/\/egytourpackages.com\/de\/wp-json\/wp\/v2\/comments?post=14266"}],"wp:featuredmedia":[{"embeddable":true,"href":"https:\/\/egytourpackages.com\/de\/wp-json\/wp\/v2\/media\/13873"}],"wp:attachment":[{"href":"https:\/\/egytourpackages.com\/de\/wp-json\/wp\/v2\/media?parent=14266"}],"wp:term":[{"taxonomy":"product_brand","embeddable":true,"href":"https:\/\/egytourpackages.com\/de\/wp-json\/wp\/v2\/product_brand?post=14266"},{"taxonomy":"product_cat","embeddable":true,"href":"https:\/\/egytourpackages.com\/de\/wp-json\/wp\/v2\/product_cat?post=14266"},{"taxonomy":"product_tag","embeddable":true,"href":"https:\/\/egytourpackages.com\/de\/wp-json\/wp\/v2\/product_tag?post=14266"}],"curies":[{"name":"wp","href":"https:\/\/api.w.org\/{rel}","templated":true}]}}