{"id":14701,"date":"2025-10-25T20:50:19","date_gmt":"2025-10-25T20:50:19","guid":{"rendered":"https:\/\/egytourpackages.com\/product\/5-tage-siwa-oase-bahariya-tour-ab-kairo\/"},"modified":"2026-02-09T03:47:48","modified_gmt":"2026-02-09T03:47:48","slug":"5-tage-siwa-oase-bahariya-tour-ab-kairo","status":"publish","type":"product","link":"https:\/\/egytourpackages.com\/de\/touren\/5-tage-siwa-oase-bahariya-tour-ab-kairo\/","title":{"rendered":"5 Tage Siwa Oase &#038; Bahariya Tour ab Kairo"},"content":{"rendered":"<p><span style=\"color: #ff6600;\"><strong>5 Tage Siwa Oase &amp; Bahariya Tour ab Kairo: W\u00fcstensafari \u00c4gypten<\/strong><\/span><\/p>\n<p>Entfliehen Sie der Hektik der Stadt und begeben Sie sich auf die <strong>ultimative 5-t\u00e4gige Siwa Oase &amp; Bahariya Tour ab Kairo<\/strong> \u2013 Ihr Ticket zur Entdeckung der atemberaubenden <strong>Westlichen W\u00fcste<\/strong> \u00c4gyptens.<\/p>\n<p>Dieses erstklassige <strong>W\u00fcstensafari-Paket<\/strong> wurde speziell f\u00fcr Reisende entwickelt, die Abenteuer, Geschichte und ganzheitliches Wohlbefinden suchen. Ihre Reise beginnt mit einem komfortablen <strong>Privattransfer<\/strong> von Kairo zur mystischen <strong>Oase Siwa<\/strong>.<\/p>\n<p>Hier gleiten Sie schwerelos in den therapeutischen <strong>Salzseen<\/strong> und schwimmen im legend\u00e4ren <strong>Kleopatra-Bad<\/strong>.<\/p>\n<p>Zudem erkunden Sie die antiken Ruinen des <strong>Orakeltempels<\/strong> (Amun-Tempel) und die historische <strong>Festung von Schali<\/strong>. Dieses umfassende <strong>\u00c4gypten-Abenteuerpaket<\/strong> verbindet aufregende <strong>Jeep 4&#215;4 Touren<\/strong> mit tiefem kulturellen Eintauchen und verspricht ein nahtloses, transformatives Erlebnis.<\/p>\n<p>Die Reise f\u00fchrt Sie weiter zur <strong>Oase Bahariya<\/strong>, Ihrem Tor zur Sahara. Sie durchqueren die dramatischen Landschaften der <strong>Schwarzen W\u00fcste<\/strong> und bestaunen das geologische Wunder des <strong>Crystal Mountain<\/strong>. Den H\u00f6hepunkt bildet eine unvergessliche Nacht beim <strong>Camping in der W\u00fcste<\/strong> im \u00e4therischen <strong>Wei\u00dfen W\u00fcste Nationalpark<\/strong>.<\/p>\n<p>Hier schaffen windgepeitschte Kalksteinformationen eine surreale Landschaft, die perfekt f\u00fcr die <strong>Sternebeobachtung<\/strong> geeignet ist.<\/p>\n<h3><span style=\"color: #ff6600;\">Details<\/span><\/h3>\n<ul>\n<li>Dauer: 5 Tage \/ 4 N\u00e4chte<\/li>\n<li>Ort der Tour: Westliche W\u00fcste<\/li>\n<li>Verf\u00fcgbarkeit: T\u00e4glich<\/li>\n<li>Abholung &amp; R\u00fcckgabe: Kairo<\/li>\n<li>Tour-Typ: Privat<\/li>\n<li>Sprache: Deutsch<\/li>\n<li>Barrierefreiheit: Rollstuhlgerecht<\/li>\n<\/ul>\n<h3><span style=\"color: #ff6600;\">Inklusivleistungen<\/span><\/h3>\n<ul>\n<li>Hin- und R\u00fccktransfer in einem modernen, klimatisierten Fahrzeug<\/li>\n<li>Erfahrener W\u00fcstenf\u00fchrer<\/li>\n<li>Alle Steuern und Geb\u00fchren<\/li>\n<li>Alle Mahlzeiten w\u00e4hrend der Reise<\/li>\n<li>Schlafs\u00e4cke und Zelte<\/li>\n<li>1 Nacht im Hotel in Siwa<\/li>\n<li>1 Nacht Camping in der W\u00fcste von Siwa<\/li>\n<li>1 Nacht im Hotel in Bahariya<\/li>\n<li>1 Nacht Camping in der Wei\u00dfen W\u00fcste<\/li>\n<\/ul>\n<h3><span style=\"color: #ff6600;\">Exklusivleistungen<\/span><\/h3>\n<ul>\n<li>Trinkgelder<\/li>\n<li>Pers\u00f6nliche Ausgaben<\/li>\n<\/ul>\n<h3><span style=\"color: #ff6600;\">Was Sie mitbringen sollten<\/span><\/h3>\n<ul>\n<li>Hut, Sonnenbrille &amp; Sonnencreme<\/li>\n<li>Bequeme Schuhe und Kleidung<\/li>\n<li>Warme Kleidung f\u00fcr den Winter<\/li>\n<\/ul>\n<h2><span style=\"color: #993366;\"><em>Reiseverlauf<\/em><\/span><\/h2>\n<h3><span style=\"color: #ff6600;\">Tag 1: Kairo \u2013 Siwa<\/span><\/h3>\n<p>Heute beginnt Ihre Reise fr\u00fch gegen 05:00 Uhr morgens in Richtung der mystischen <strong>Oase Siwa<\/strong>, einer wahren <strong>\u00e4gyptischen W\u00fcstenoase<\/strong>.<\/p>\n<p>Ihr komfortabler Privattransfer f\u00fchrt Sie durch die weite Westliche W\u00fcste, vorbei an der K\u00fcstenstadt <strong>Marsa Matrouh<\/strong>, bevor Sie Ihr friedliches Ziel erreichen.<\/p>\n<p>Die malerische Fahrt dauert in der Regel <strong>8\u201310 Stunden<\/strong> und bietet Ausblicke auf sich st\u00e4ndig ver\u00e4ndernde W\u00fcstenlandschaften. Nach der Ankunft in Siwa genie\u00dfen Sie ein wohlverdientes <strong>Mittagessen in Siwa<\/strong>, bei dem Sie lokale Spezialit\u00e4ten probieren k\u00f6nnen.<\/p>\n<p>Am sp\u00e4ten Nachmittag erwartet Sie ein magischer <strong>Sonnenuntergang am Fatnas-See<\/strong> (Fantasy Island). Dieser Ort bietet einen unvergleichlichen Panoramablick, w\u00e4hrend die Sonne den Himmel in leuchtende Farben taucht.<\/p>\n<p>Sp\u00e4ter am Abend wird ein k\u00f6stliches <strong>Abendessen in einem lokalen Restaurant<\/strong> in Siwa serviert.<\/p>\n<p>Sie \u00fcbernachten in der au\u00dfergew\u00f6hnlichen <strong>Ghaliet Ecolodge<\/strong>, die f\u00fcr ihre traditionelle Siwan-Architektur und ihre nat\u00fcrlichen Quellpools bekannt ist.<\/p>\n<p>Diese <strong>umweltfreundliche Lodge<\/strong> bietet einen ruhigen R\u00fcckzugsort nach einem Tag voller Erkundungen.<\/p>\n<p><strong>Mahlzeiten:<\/strong> Fr\u00fchst\u00fcck, Mittagessen, Abendessen<\/p>\n<h3><span style=\"color: #ff6600;\">Tag 2: Oase Siwa<\/span><\/h3>\n<p>Genie\u00dfen Sie Ihr <strong>Fr\u00fchst\u00fcck in der Eco-Lodge<\/strong>, bevor Sie einen ganzen Tag lang die faszinierendsten <strong>Sehensw\u00fcrdigkeiten von Siwa<\/strong> erkunden.<\/p>\n<p>Der Morgen beginnt mit einem Besuch des antiken <strong>Orakeltempels (Amun-Tempel)<\/strong>, einer historisch bedeutenden St\u00e4tte, an der einst <strong>Alexander der Gro\u00dfe<\/strong> das Schicksal befragte.<\/p>\n<p>Anschlie\u00dfend erleben Sie die heilende Kraft der <strong>Salzseen von Siwa<\/strong>, in denen Sie m\u00fchelos auf dem Wasser treiben k\u00f6nnen. Den Vormittag schlie\u00dfen Sie mit einem erfrischenden Bad im <strong>Kleopatra-Bad<\/strong> ab, einem nat\u00fcrlichen Quellbecken inmitten von Palmen.<\/p>\n<p>Zum <strong>Mittagessen<\/strong> werden Sie im Abdo Restaurant mit traditioneller <strong>Siwan-K\u00fcche<\/strong> verw\u00f6hnt.<\/p>\n<p>Am Nachmittag erwartet Sie ein echtes <strong>W\u00fcstenabenteuer<\/strong> im <strong>Gro\u00dfen Sandmeer<\/strong>. Bei einer aufregenden <strong>Jeep 4&#215;4 Safari<\/strong> bezwingen Sie riesige D\u00fcnen und k\u00f6nnen sich beim <strong>Sandboarding<\/strong> auf den goldenen H\u00e4ngen austoben. Sp\u00e4ter entdecken Sie die hei\u00dfen und kalten Quellen von <strong>Bir Wahed<\/strong>.<\/p>\n<p>Zum Sonnenuntergang genie\u00dfen Sie einen <strong>traditionellen Beduinentee<\/strong>. Der Tag gipfelt in einer unvergesslichen <strong>\u00dcbernachtung im W\u00fcstencamp<\/strong>, wo ein <strong>BBQ-Abendessen<\/strong> unter einem gigantischen Sternenhimmel serviert wird \u2013 eine perfekte Gelegenheit zur <strong>Sternebeobachtung<\/strong>.<\/p>\n<p><strong>Mahlzeiten:<\/strong> Fr\u00fchst\u00fcck, Mittagessen, Abendessen<\/p>\n<h3><span style=\"color: #ff6600;\">Tag 3: Siwa \u2013 Kairo \u2013 Oase Bahariya<\/span><\/h3>\n<p>Nach einem herzhaften Fr\u00fchst\u00fcck im Camp kehren Sie f\u00fcr eine letzte Erkundung kurz in die <strong>Oase Siwa<\/strong> zur\u00fcck.<\/p>\n<p>Sie besuchen die ikonische <strong>Festung von Schali<\/strong>, eine antike Zitadelle aus Lehmziegeln, und den <strong>Berg der Toten (Gabal al-Mawta)<\/strong>, eine antike Nekropole mit faszinierenden Felsengr\u00e4bern.<\/p>\n<p>Anschlie\u00dfend beginnt die Fahrt in Richtung der <strong>Oase Bahariya<\/strong>. Unterwegs machen Sie Halt in <strong>Marsa Matrouh<\/strong> f\u00fcr ein exzellentes <strong>Mittagessen im Restaurant Magdy<\/strong>, das f\u00fcr seine frischen Meeresfr\u00fcchte bekannt ist. Nach der Ankunft in Bahariya beziehen Sie Ihr Hotel f\u00fcr die Nacht.<\/p>\n<p><strong>Mahlzeiten:<\/strong> Fr\u00fchst\u00fcck, Mittagessen, Abendessen<\/p>\n<h3><span style=\"color: #ff6600;\">Tag 4: Bahariya \u2013 Wei\u00dfe W\u00fcste<\/span><\/h3>\n<p>Genie\u00dfen Sie das Fr\u00fchst\u00fcck im Hotel und etwas Freizeit. Mittags erwartet Sie ein frisch zubereitetes Essen bei einer lokalen Familie.<\/p>\n<p>Danach startet Ihr Abenteuer im <strong>Jeep 4&#215;4<\/strong> zu den Highlights von Bahariya und Farafra.<\/p>\n<p>Zuerst erkunden Sie die <strong>Schwarze W\u00fcste<\/strong> mit ihren vulkanischen H\u00fcgeln. Sie k\u00f6nnen den Berg <strong>El Marsos<\/strong> besteigen, bevor wir zur kalten Quelle im Dorf <strong>El Heiz<\/strong> weiterfahren.<\/p>\n<p>Danach geht es zum <strong>Crystal Mountain<\/strong> und in das Gebiet von <strong>Aqabat<\/strong> mit seinen bizarren Felsformationen \u2013 ideal f\u00fcr fantastische Fotos.<\/p>\n<p>Nach einer weiteren Runde <strong>Sandboarding<\/strong> und einer Teepause mit Datteln fahren wir in die <strong>Alte Wei\u00dfe W\u00fcste<\/strong>.<\/p>\n<p>Der Tag endet im Camp im <strong>Wei\u00dfen W\u00fcste Nationalpark<\/strong> mit einem BBQ-Dinner und einer \u00dcbernachtung unter freiem Himmel (oder im Zelt).<\/p>\n<p><strong>Mahlzeiten:<\/strong> Fr\u00fchst\u00fcck, Mittagessen, Abendessen<\/p>\n<h3><span style=\"color: #ff6600;\">Tag 5: Wei\u00dfe W\u00fcste \u2013 Bahariya \u2013 Kairo<\/span><\/h3>\n<p>Nach dem Fr\u00fchst\u00fcck im Camp erkunden wir die <strong>Neue Wei\u00dfe W\u00fcste<\/strong> mit ihren ber\u00fchmten Kalksteinfiguren wie dem &#8222;Hasen&#8220; oder dem &#8222;Pilz&#8220;.<\/p>\n<p>Nach einem Spaziergang im &#8222;Tal der Tische&#8220; fahren wir zur\u00fcck nach Bahariya f\u00fcr ein letztes lokales Mittagessen. Danach erfolgt der Transfer zur\u00fcck nach Kairo zu Ihrem Hotel.<\/p>\n<p><strong>Mahlzeiten:<\/strong> Fr\u00fchst\u00fcck, Mittagessen, Abendessen<\/p>\n<h3><span style=\"color: #ff6600;\">Preise f\u00fcr die 5-t\u00e4gige Tour<\/span><\/h3>\n<ul>\n<li>Erwachsene: 850 \u20ac<\/li>\n<li>Kinder (0\u20135 Jahre): Kostenlos<\/li>\n<li>Kinder (5\u201311 Jahre): 50 % des Erwachsenenpreises<\/li>\n<\/ul>\n<h3><span style=\"color: #ff6600;\">Buchung<\/span><\/h3>\n<p>Sie k\u00f6nnen Ihre Tour bequem per WhatsApp oder E-Mail buchen. Sie erhalten sofort eine Best\u00e4tigung. Bitte senden Sie uns Ihren Hotelnamen, die Zimmernummer und eine Passkopie.<\/p>\n<p>WhatsApp: +201000852186<\/p>\n<p>E-Mail: info@egytourpackages.com<\/p>\n<h3><span style=\"color: #ff6600;\">Buchen Sie jetzt<\/span><\/h3>\n<p>Ihre 5-t\u00e4gige Reise nach Siwa &amp; Bahariya!<\/p>\n<h3><span style=\"color: #ff6600;\">Zahlung<\/span><\/h3>\n<p>Sie k\u00f6nnen in \u00c4gyptischen Pfund, $, \u20ac oder \u00a3 bezahlen.<\/p>\n<h3><span style=\"color: #ff6600;\">Stornierungsbedingungen<\/span><\/h3>\n<p>Kostenlose Stornierung bis zu 2 Tage im Voraus.<\/p>\n","protected":false},"excerpt":{"rendered":"<p>Buchen Sie die <b data-path-to-node=\"0\" data-index-in-node=\"15\">5 Tage Siwa Oase &amp; Bahariya Tour ab Kairo<\/b>. Erleben Sie Salzseen, Jeep-Safaris und Camping im Wei\u00dfen W\u00fcste Nationalpark. Jetzt Platz sichern!<\/p>\n","protected":false},"featured_media":8846,"comment_status":"closed","ping_status":"closed","template":"","meta":[],"product_brand":[],"product_cat":[1494],"product_tag":[1495,1518],"class_list":{"0":"post-14701","1":"product","2":"type-product","3":"status-publish","4":"has-post-thumbnail","6":"product_cat-touren","7":"product_tag-agypten-tagestouren","8":"product_tag-tagesausfluge-in-kairo","9":"tour_category-5-tage-agypten-rundreisen","10":"tour_category-agypten-tagestouren","11":"tour_category-siwa-oasen-touren-ab-kairo","12":"tour_category-tagesausfluge-in-kairo","13":"tour_category-touren-durch-die-weise-wuste-ab-kairo","15":"first","16":"instock","17":"sale","18":"shipping-taxable","19":"purchasable","20":"product-type-tour","21":"has-default-attributes"},"yoast_head":"<!-- This site is optimized with the Yoast SEO Premium plugin v27.4 (Yoast SEO v27.4) - https:\/\/yoast.com\/product\/yoast-seo-premium-wordpress\/ -->\n<title>5 Tage Siwa Oase &amp; Bahariya Tour ab Kairo<\/title>\n<meta name=\"description\" content=\"Buchen Sie die 5 Tage Siwa Oase &amp; Bahariya Tour ab Kairo. Erleben Sie Salzseen, Jeep-Safaris und Camping im Wei\u00dfen W\u00fcste Nationalpark. Jetzt Platz sichern!\" \/>\n<meta name=\"robots\" content=\"index, follow, max-snippet:-1, max-image-preview:large, max-video-preview:-1\" \/>\n<link rel=\"canonical\" href=\"https:\/\/egytourpackages.com\/de\/touren\/5-tage-siwa-oase-bahariya-tour-ab-kairo\/\" \/>\n<meta property=\"og:locale\" content=\"de_DE\" \/>\n<meta property=\"og:type\" content=\"article\" \/>\n<meta property=\"og:title\" content=\"5 Tage Siwa Oase &amp; Bahariya Tour ab Kairo\" \/>\n<meta property=\"og:description\" content=\"Buchen Sie die 5 Tage Siwa Oase &amp; Bahariya Tour ab Kairo. Erleben Sie Salzseen, Jeep-Safaris und Camping im Wei\u00dfen W\u00fcste Nationalpark. Jetzt Platz sichern!\" \/>\n<meta property=\"og:url\" content=\"https:\/\/egytourpackages.com\/de\/touren\/5-tage-siwa-oase-bahariya-tour-ab-kairo\/\" \/>\n<meta property=\"og:site_name\" content=\"\u00c4gypten-Reisepakete\" \/>\n<meta property=\"article:publisher\" content=\"https:\/\/www.facebook.com\/egytourpackages\" \/>\n<meta property=\"article:modified_time\" content=\"2026-02-09T03:47:48+00:00\" \/>\n<meta property=\"og:image\" content=\"https:\/\/egytourpackages.com\/wp-content\/uploads\/2025\/10\/Sand-dunes-sand-boarding-1024x768.jpg\" \/>\n<meta name=\"twitter:card\" content=\"summary_large_image\" \/>\n<meta name=\"twitter:title\" content=\"5 Tage Siwa Oase &amp; Bahariya Tour ab Kairo\" \/>\n<meta name=\"twitter:label1\" content=\"Preis\" \/>\n\t<meta name=\"twitter:data1\" content=\"&euro;0\" \/>\n\t<meta name=\"twitter:label2\" content=\"Verf\u00fcgbarkeit\" \/>\n\t<meta name=\"twitter:data2\" content=\"Auf Lager\" \/>\n<script type=\"application\/ld+json\" class=\"yoast-schema-graph\">{\"@context\":\"https:\\\/\\\/schema.org\",\"@graph\":[{\"@type\":\"WebPage\",\"@id\":\"https:\\\/\\\/egytourpackages.com\\\/de\\\/touren\\\/5-tage-siwa-oase-bahariya-tour-ab-kairo\\\/\",\"url\":\"https:\\\/\\\/egytourpackages.com\\\/de\\\/touren\\\/5-tage-siwa-oase-bahariya-tour-ab-kairo\\\/\",\"name\":\"5 Tage Siwa Oase & Bahariya Tour ab Kairo\",\"isPartOf\":{\"@id\":\"https:\\\/\\\/egytourpackages.com\\\/de\\\/#website\"},\"primaryImageOfPage\":{\"@id\":\"https:\\\/\\\/egytourpackages.com\\\/de\\\/touren\\\/5-tage-siwa-oase-bahariya-tour-ab-kairo\\\/#primaryimage\"},\"image\":{\"@id\":\"https:\\\/\\\/egytourpackages.com\\\/de\\\/touren\\\/5-tage-siwa-oase-bahariya-tour-ab-kairo\\\/#primaryimage\"},\"thumbnailUrl\":\"https:\\\/\\\/egytourpackages.com\\\/wp-content\\\/uploads\\\/2025\\\/10\\\/Camping-at-white-desert.jpg\",\"datePublished\":\"2025-10-25T20:50:19+00:00\",\"dateModified\":\"2026-02-09T03:47:48+00:00\",\"description\":\"Buchen Sie die 5 Tage Siwa Oase & Bahariya Tour ab Kairo. Erleben Sie Salzseen, Jeep-Safaris und Camping im Wei\u00dfen W\u00fcste Nationalpark. Jetzt Platz sichern!\",\"breadcrumb\":{\"@id\":\"https:\\\/\\\/egytourpackages.com\\\/de\\\/touren\\\/5-tage-siwa-oase-bahariya-tour-ab-kairo\\\/#breadcrumb\"},\"inLanguage\":\"de\",\"potentialAction\":[{\"@type\":\"ReadAction\",\"target\":[\"https:\\\/\\\/egytourpackages.com\\\/de\\\/touren\\\/5-tage-siwa-oase-bahariya-tour-ab-kairo\\\/\"]}]},{\"@type\":\"ImageObject\",\"inLanguage\":\"de\",\"@id\":\"https:\\\/\\\/egytourpackages.com\\\/de\\\/touren\\\/5-tage-siwa-oase-bahariya-tour-ab-kairo\\\/#primaryimage\",\"url\":\"https:\\\/\\\/egytourpackages.com\\\/wp-content\\\/uploads\\\/2025\\\/10\\\/Camping-at-white-desert.jpg\",\"contentUrl\":\"https:\\\/\\\/egytourpackages.com\\\/wp-content\\\/uploads\\\/2025\\\/10\\\/Camping-at-white-desert.jpg\",\"width\":1800,\"height\":1350,\"caption\":\"5 Tage Siwa Oase & Bahariya Tour ab Kairo\"},{\"@type\":\"BreadcrumbList\",\"@id\":\"https:\\\/\\\/egytourpackages.com\\\/de\\\/touren\\\/5-tage-siwa-oase-bahariya-tour-ab-kairo\\\/#breadcrumb\",\"itemListElement\":[{\"@type\":\"ListItem\",\"position\":1,\"name\":\"Startseite\",\"item\":\"https:\\\/\\\/egytourpackages.com\\\/de\\\/\"},{\"@type\":\"ListItem\",\"position\":2,\"name\":\"Shop\",\"item\":\"https:\\\/\\\/egytourpackages.com\\\/de\\\/shop\\\/\"},{\"@type\":\"ListItem\",\"position\":3,\"name\":\"5 Tage Siwa Oase &#038; Bahariya Tour ab Kairo\"}]},{\"@type\":\"WebSite\",\"@id\":\"https:\\\/\\\/egytourpackages.com\\\/de\\\/#website\",\"url\":\"https:\\\/\\\/egytourpackages.com\\\/de\\\/\",\"name\":\"Egy tour packages\",\"description\":\"\",\"publisher\":{\"@id\":\"https:\\\/\\\/egytourpackages.com\\\/de\\\/#organization\"},\"potentialAction\":[{\"@type\":\"SearchAction\",\"target\":{\"@type\":\"EntryPoint\",\"urlTemplate\":\"https:\\\/\\\/egytourpackages.com\\\/de\\\/?s={search_term_string}\"},\"query-input\":{\"@type\":\"PropertyValueSpecification\",\"valueRequired\":true,\"valueName\":\"search_term_string\"}}],\"inLanguage\":\"de\"},{\"@type\":[\"Organization\",\"Place\",\"TravelAgency\"],\"@id\":\"https:\\\/\\\/egytourpackages.com\\\/de\\\/#organization\",\"name\":\"egypt tour packages\",\"alternateName\":\"egypt tour packages\",\"url\":\"https:\\\/\\\/egytourpackages.com\\\/de\\\/\",\"logo\":{\"@id\":\"https:\\\/\\\/egytourpackages.com\\\/de\\\/touren\\\/5-tage-siwa-oase-bahariya-tour-ab-kairo\\\/#local-main-organization-logo\"},\"image\":{\"@id\":\"https:\\\/\\\/egytourpackages.com\\\/de\\\/touren\\\/5-tage-siwa-oase-bahariya-tour-ab-kairo\\\/#local-main-organization-logo\"},\"sameAs\":[\"https:\\\/\\\/www.facebook.com\\\/egytourpackages\"],\"legalName\":\"Egy tour packages\",\"address\":{\"@id\":\"https:\\\/\\\/egytourpackages.com\\\/de\\\/touren\\\/5-tage-siwa-oase-bahariya-tour-ab-kairo\\\/#local-main-place-address\"},\"telephone\":[\"00201000852186\",\"00201028685533\"],\"contactPoint\":{\"@type\":\"ContactPoint\",\"telephone\":\"00201000852186\"},\"openingHoursSpecification\":[{\"@type\":\"OpeningHoursSpecification\",\"dayOfWeek\":[\"Monday\",\"Tuesday\",\"Wednesday\",\"Thursday\",\"Friday\",\"Saturday\",\"Sunday\"],\"opens\":\"00:00\",\"closes\":\"23:59\"}],\"email\":\"info@egytourpackages.com\",\"areaServed\":\"Cairo, Hurghada, Luxor, Sharm El Sheikh, Marsa Alam, Aswan\",\"priceRange\":\"$\",\"currenciesAccepted\":\"euro\",\"paymentAccepted\":\"Payment links online\"},{\"@type\":\"PostalAddress\",\"@id\":\"https:\\\/\\\/egytourpackages.com\\\/de\\\/touren\\\/5-tage-siwa-oase-bahariya-tour-ab-kairo\\\/#local-main-place-address\",\"streetAddress\":\"Mubarak 8, Al Kawthar District, Hurghada\",\"addressLocality\":\"Hurghada\",\"postalCode\":\"84511\",\"addressRegion\":\"Red Sea\",\"addressCountry\":\"EG\"},{\"@type\":\"ImageObject\",\"inLanguage\":\"de\",\"@id\":\"https:\\\/\\\/egytourpackages.com\\\/de\\\/touren\\\/5-tage-siwa-oase-bahariya-tour-ab-kairo\\\/#local-main-organization-logo\",\"url\":\"https:\\\/\\\/egytourpackages.com\\\/wp-content\\\/uploads\\\/2025\\\/12\\\/Turquoise-Dahabiya-Nile-Cruise-1.jpeg\",\"contentUrl\":\"https:\\\/\\\/egytourpackages.com\\\/wp-content\\\/uploads\\\/2025\\\/12\\\/Turquoise-Dahabiya-Nile-Cruise-1.jpeg\",\"width\":1040,\"height\":694,\"caption\":\"egypt tour packages\"}]}<\/script>\n<meta property=\"product:brand\" content=\"5 Tage \u00c4gypten Rundreisen\" \/>\n<meta property=\"product:price:amount\" content=\"0\" \/>\n<meta property=\"product:price:currency\" content=\"EUR\" \/>\n<meta property=\"og:availability\" content=\"instock\" \/>\n<meta property=\"product:availability\" content=\"instock\" \/>\n<meta property=\"product:retailer_item_id\" content=\"CDT9\" \/>\n<meta property=\"product:condition\" content=\"new\" \/>\n<meta name=\"geo.placename\" content=\"Hurghada\" \/>\n<meta name=\"geo.region\" content=\"\u00c4gypten\" \/>\n<!-- \/ Yoast SEO Premium plugin. -->","yoast_head_json":{"title":"5 Tage Siwa Oase & Bahariya Tour ab Kairo","description":"Buchen Sie die 5 Tage Siwa Oase & Bahariya Tour ab Kairo. Erleben Sie Salzseen, Jeep-Safaris und Camping im Wei\u00dfen W\u00fcste Nationalpark. Jetzt Platz sichern!","robots":{"index":"index","follow":"follow","max-snippet":"max-snippet:-1","max-image-preview":"max-image-preview:large","max-video-preview":"max-video-preview:-1"},"canonical":"https:\/\/egytourpackages.com\/de\/touren\/5-tage-siwa-oase-bahariya-tour-ab-kairo\/","og_locale":"de_DE","og_type":"article","og_title":"5 Tage Siwa Oase & Bahariya Tour ab Kairo","og_description":"Buchen Sie die 5 Tage Siwa Oase & Bahariya Tour ab Kairo. Erleben Sie Salzseen, Jeep-Safaris und Camping im Wei\u00dfen W\u00fcste Nationalpark. Jetzt Platz sichern!","og_url":"https:\/\/egytourpackages.com\/de\/touren\/5-tage-siwa-oase-bahariya-tour-ab-kairo\/","og_site_name":"\u00c4gypten-Reisepakete","article_publisher":"https:\/\/www.facebook.com\/egytourpackages","article_modified_time":"2026-02-09T03:47:48+00:00","og_image":[{"url":"https:\/\/egytourpackages.com\/wp-content\/uploads\/2025\/10\/Sand-dunes-sand-boarding-1024x768.jpg","type":"","width":"","height":""}],"twitter_card":"summary_large_image","twitter_title":"5 Tage Siwa Oase & Bahariya Tour ab Kairo","twitter_misc":{"Preis":"&euro;0","Verf\u00fcgbarkeit":"Auf Lager"},"schema":{"@context":"https:\/\/schema.org","@graph":[{"@type":"WebPage","@id":"https:\/\/egytourpackages.com\/de\/touren\/5-tage-siwa-oase-bahariya-tour-ab-kairo\/","url":"https:\/\/egytourpackages.com\/de\/touren\/5-tage-siwa-oase-bahariya-tour-ab-kairo\/","name":"5 Tage Siwa Oase & Bahariya Tour ab Kairo","isPartOf":{"@id":"https:\/\/egytourpackages.com\/de\/#website"},"primaryImageOfPage":{"@id":"https:\/\/egytourpackages.com\/de\/touren\/5-tage-siwa-oase-bahariya-tour-ab-kairo\/#primaryimage"},"image":{"@id":"https:\/\/egytourpackages.com\/de\/touren\/5-tage-siwa-oase-bahariya-tour-ab-kairo\/#primaryimage"},"thumbnailUrl":"https:\/\/egytourpackages.com\/wp-content\/uploads\/2025\/10\/Camping-at-white-desert.jpg","datePublished":"2025-10-25T20:50:19+00:00","dateModified":"2026-02-09T03:47:48+00:00","description":"Buchen Sie die 5 Tage Siwa Oase & Bahariya Tour ab Kairo. Erleben Sie Salzseen, Jeep-Safaris und Camping im Wei\u00dfen W\u00fcste Nationalpark. Jetzt Platz sichern!","breadcrumb":{"@id":"https:\/\/egytourpackages.com\/de\/touren\/5-tage-siwa-oase-bahariya-tour-ab-kairo\/#breadcrumb"},"inLanguage":"de","potentialAction":[{"@type":"ReadAction","target":["https:\/\/egytourpackages.com\/de\/touren\/5-tage-siwa-oase-bahariya-tour-ab-kairo\/"]}]},{"@type":"ImageObject","inLanguage":"de","@id":"https:\/\/egytourpackages.com\/de\/touren\/5-tage-siwa-oase-bahariya-tour-ab-kairo\/#primaryimage","url":"https:\/\/egytourpackages.com\/wp-content\/uploads\/2025\/10\/Camping-at-white-desert.jpg","contentUrl":"https:\/\/egytourpackages.com\/wp-content\/uploads\/2025\/10\/Camping-at-white-desert.jpg","width":1800,"height":1350,"caption":"5 Tage Siwa Oase & Bahariya Tour ab Kairo"},{"@type":"BreadcrumbList","@id":"https:\/\/egytourpackages.com\/de\/touren\/5-tage-siwa-oase-bahariya-tour-ab-kairo\/#breadcrumb","itemListElement":[{"@type":"ListItem","position":1,"name":"Startseite","item":"https:\/\/egytourpackages.com\/de\/"},{"@type":"ListItem","position":2,"name":"Shop","item":"https:\/\/egytourpackages.com\/de\/shop\/"},{"@type":"ListItem","position":3,"name":"5 Tage Siwa Oase &#038; Bahariya Tour ab Kairo"}]},{"@type":"WebSite","@id":"https:\/\/egytourpackages.com\/de\/#website","url":"https:\/\/egytourpackages.com\/de\/","name":"Egy tour packages","description":"","publisher":{"@id":"https:\/\/egytourpackages.com\/de\/#organization"},"potentialAction":[{"@type":"SearchAction","target":{"@type":"EntryPoint","urlTemplate":"https:\/\/egytourpackages.com\/de\/?s={search_term_string}"},"query-input":{"@type":"PropertyValueSpecification","valueRequired":true,"valueName":"search_term_string"}}],"inLanguage":"de"},{"@type":["Organization","Place","TravelAgency"],"@id":"https:\/\/egytourpackages.com\/de\/#organization","name":"egypt tour packages","alternateName":"egypt tour packages","url":"https:\/\/egytourpackages.com\/de\/","logo":{"@id":"https:\/\/egytourpackages.com\/de\/touren\/5-tage-siwa-oase-bahariya-tour-ab-kairo\/#local-main-organization-logo"},"image":{"@id":"https:\/\/egytourpackages.com\/de\/touren\/5-tage-siwa-oase-bahariya-tour-ab-kairo\/#local-main-organization-logo"},"sameAs":["https:\/\/www.facebook.com\/egytourpackages"],"legalName":"Egy tour packages","address":{"@id":"https:\/\/egytourpackages.com\/de\/touren\/5-tage-siwa-oase-bahariya-tour-ab-kairo\/#local-main-place-address"},"telephone":["00201000852186","00201028685533"],"contactPoint":{"@type":"ContactPoint","telephone":"00201000852186"},"openingHoursSpecification":[{"@type":"OpeningHoursSpecification","dayOfWeek":["Monday","Tuesday","Wednesday","Thursday","Friday","Saturday","Sunday"],"opens":"00:00","closes":"23:59"}],"email":"info@egytourpackages.com","areaServed":"Cairo, Hurghada, Luxor, Sharm El Sheikh, Marsa Alam, Aswan","priceRange":"$","currenciesAccepted":"euro","paymentAccepted":"Payment links online"},{"@type":"PostalAddress","@id":"https:\/\/egytourpackages.com\/de\/touren\/5-tage-siwa-oase-bahariya-tour-ab-kairo\/#local-main-place-address","streetAddress":"Mubarak 8, Al Kawthar District, Hurghada","addressLocality":"Hurghada","postalCode":"84511","addressRegion":"Red Sea","addressCountry":"EG"},{"@type":"ImageObject","inLanguage":"de","@id":"https:\/\/egytourpackages.com\/de\/touren\/5-tage-siwa-oase-bahariya-tour-ab-kairo\/#local-main-organization-logo","url":"https:\/\/egytourpackages.com\/wp-content\/uploads\/2025\/12\/Turquoise-Dahabiya-Nile-Cruise-1.jpeg","contentUrl":"https:\/\/egytourpackages.com\/wp-content\/uploads\/2025\/12\/Turquoise-Dahabiya-Nile-Cruise-1.jpeg","width":1040,"height":694,"caption":"egypt tour packages"}]},"product_brand":"5 Tage \u00c4gypten Rundreisen","product_price_currency":"EUR","og_availability":"instock","product_availability":"instock","product_retailer_item_id":"CDT9","product_condition":"new","geo.placename":"Hurghada","geo.region":"\u00c4gypten"},"_links":{"self":[{"href":"https:\/\/egytourpackages.com\/de\/wp-json\/wp\/v2\/product\/14701","targetHints":{"allow":["GET"]}}],"collection":[{"href":"https:\/\/egytourpackages.com\/de\/wp-json\/wp\/v2\/product"}],"about":[{"href":"https:\/\/egytourpackages.com\/de\/wp-json\/wp\/v2\/types\/product"}],"replies":[{"embeddable":true,"href":"https:\/\/egytourpackages.com\/de\/wp-json\/wp\/v2\/comments?post=14701"}],"wp:featuredmedia":[{"embeddable":true,"href":"https:\/\/egytourpackages.com\/de\/wp-json\/wp\/v2\/media\/8846"}],"wp:attachment":[{"href":"https:\/\/egytourpackages.com\/de\/wp-json\/wp\/v2\/media?parent=14701"}],"wp:term":[{"taxonomy":"product_brand","embeddable":true,"href":"https:\/\/egytourpackages.com\/de\/wp-json\/wp\/v2\/product_brand?post=14701"},{"taxonomy":"product_cat","embeddable":true,"href":"https:\/\/egytourpackages.com\/de\/wp-json\/wp\/v2\/product_cat?post=14701"},{"taxonomy":"product_tag","embeddable":true,"href":"https:\/\/egytourpackages.com\/de\/wp-json\/wp\/v2\/product_tag?post=14701"}],"curies":[{"name":"wp","href":"https:\/\/api.w.org\/{rel}","templated":true}]}}