{"id":14764,"date":"2025-11-04T14:04:09","date_gmt":"2025-11-04T14:04:09","guid":{"rendered":"https:\/\/egytourpackages.com\/product\/2-tage-siwa-oasen-tour-ab-kairo\/"},"modified":"2026-02-10T20:29:05","modified_gmt":"2026-02-10T20:29:05","slug":"2-tage-siwa-oasen-tour-ab-kairo","status":"publish","type":"product","link":"https:\/\/egytourpackages.com\/de\/touren\/2-tage-siwa-oasen-tour-ab-kairo\/","title":{"rendered":"2 Tage Siwa Oasen Tour ab Kairo"},"content":{"rendered":"<p><span style=\"color: #ff6600;\"><strong>2 Tage Siwa Oasen Tour ab Kairo: Das ultimative 2-Tage W\u00fcstenabenteuer<\/strong><\/span><\/p>\n<p>Beginnen Sie die ultimative <strong>2 Tage Siwa Oasen Tour ab Kairo<\/strong>, ein transformatives 2-t\u00e4giges <strong>\u00c4gypten Westw\u00fcsten-Abenteuer<\/strong>. Diese intensive, erlebnisreiche Reise ist darauf ausgelegt, Sie in die abgelegene Sch\u00f6nheit und tiefgreifende Geschichte der <strong>Oase Siwa<\/strong> eintauchen zu lassen, die oft als das Juwel der Sahara bezeichnet wird.<\/p>\n<p>Die Expedition beginnt mit einem komfortablen Nachttransfer, damit Sie erfrischt und bereit f\u00fcr Entdeckungen ankommen. Ihr erster Halt ist der legend\u00e4re <strong>Orakeltempel von Amun<\/strong>, eine St\u00e4tte von immenser historischer Bedeutung, an der einst Alexander der Gro\u00dfe g\u00f6ttliche Best\u00e4tigung suchte.<\/p>\n<p>Erleben Sie als N\u00e4chstes das surreale, therapeutische Wasser der <strong>Siwa Salzseen beim Floating<\/strong>, gefolgt von einem erfrischenden Bad in der ber\u00fchmten <strong>Cleopatra\u2019s Bath<\/strong> Quelle.<\/p>\n<p>Am Nachmittag folgt ein aufregendes <strong>Great Sand Sea Safari<\/strong>, mit rasantem <strong>Sandboarding<\/strong> an riesigen D\u00fcnen und einer tiefen Erkundung der W\u00fcste, bevor Sie an der nat\u00fcrlichen <strong>Bir Waheed hei\u00dfen und kalten Quelle<\/strong> entspannen.<\/p>\n<p>Ihren Abend verbringen Sie in authentischem Luxus in der renommierten <strong>Ghaliet Eco-Lodge Siwa<\/strong>. Tag zwei schlie\u00dft Ihr W\u00fcstenabenteuer mit der Erkundung der ikonischen Lehmziegel-Ruinen der <strong>Festung Shali<\/strong> ab, bevor eine malerische K\u00fcstenfahrt \u00fcber <strong>Marsa Matrouh<\/strong> zur\u00fcck nach Kairo f\u00fchrt.<\/p>\n<p>Diese Reiseroute ist perfekt f\u00fcr Reisende, die unvergleichliches kulturelles Eintauchen und adrenalingeladene W\u00fcsten-Action suchen.<\/p>\n<h3><span style=\"color: #ff6600;\">Details<\/span><\/h3>\n<ul>\n<li>Dauer: 2 Tage \/ 1 Nacht Ausflug ab Kairo<\/li>\n<li>Tour-Typ: Privat<\/li>\n<li>Verf\u00fcgbarkeit: T\u00e4glich<\/li>\n<li>Gruppengr\u00f6\u00dfe: von 1 bis 8 Personen<\/li>\n<li>Sprachen: Deutsch<\/li>\n<li>Zeitplan: Online-Buchung<\/li>\n<li>Abholung &amp; R\u00fcckbringung: Kairo Hotels<\/li>\n<\/ul>\n<h3><span style=\"color: #ff6600;\">Highlights<\/span><\/h3>\n<ul>\n<li>Salzsee<\/li>\n<li>Cleopatra\u2019s Bath<\/li>\n<li>Berg der Toten<\/li>\n<li>Dakror Berg<\/li>\n<li>Orakeltempel<\/li>\n<li>Gro\u00dfes Sandmeer<\/li>\n<li>Bir Wahed hei\u00dfe Quelle<\/li>\n<li>Festung Shali<\/li>\n<\/ul>\n<h3><span style=\"color: #ff6600;\">Inklusivleistungen<\/span><\/h3>\n<ul>\n<li>Hin- und R\u00fccktransfer mit modernen klimatisierten Autos von Kairo nach Siwa.<\/li>\n<li>Ein erfahrener Reiseleiter, der Deutsch spricht.<\/li>\n<li>1 \u00dcbernachtung im Hotel auf Basis Halbpension.<\/li>\n<li>Mittagessen in einem lokalen Restaurant.<\/li>\n<li>Wasser und Snacks.<\/li>\n<li>Eintrittsgelder f\u00fcr alle im Programm genannten Sehensw\u00fcrdigkeiten.<\/li>\n<li>Steuern und Servicegeb\u00fchren.<\/li>\n<\/ul>\n<h3><span style=\"color: #ff6600;\">Ausschl\u00fcsse<\/span><\/h3>\n<ul>\n<li>Pers\u00f6nliche Ausgaben.<\/li>\n<li>Alkoholische Getr\u00e4nke.<\/li>\n<li>Trinkgelder.<\/li>\n<\/ul>\n<h3><span style=\"color: #ff6600;\">Was Sie mitbringen sollten?<\/span><\/h3>\n<ul>\n<li>Reisep\u00e4sse.<\/li>\n<li>Hut, Schal.<\/li>\n<li>Sonnenbrille &amp; Sonnencreme.<\/li>\n<li>Badekleidung.<\/li>\n<li>Warme Kleidung im Winter.<\/li>\n<\/ul>\n<h2><span style=\"color: #993366;\"><em>Reiseverlauf<\/em><\/span><\/h2>\n<h3><span style=\"color: #ff6600;\">Tag 1: Kairo zur Oase Siwa \u2013 W\u00fcstenentdeckung<\/span><\/h3>\n<p>Unsere intensive zweit\u00e4gige <strong>Siwa Oasen Tour ab Kairo<\/strong> beginnt mit einer fr\u00fchen Abreise von Ihrem Hotel in Kairo gegen 01:00 Uhr morgens; das Hotel stellt Ihnen Fr\u00fchst\u00fccksboxen f\u00fcr die Fahrt zur Verf\u00fcgung.<\/p>\n<p>Nach der Ankunft beginnt unser historisches Eintauchen sofort mit dem Besuch des antiken <strong>Orakeltempels<\/strong> (Amun-Tempel). Danach erleben wir das einzigartige, therapeutische Schwebegef\u00fchl in den faszinierenden <strong>Siwa Salzseen<\/strong>.<\/p>\n<p>Anschlie\u00dfend entspannen und schwimmen wir im legend\u00e4ren Wasser von <strong>Cleopatra\u2019s Bath<\/strong>, bevor wir in einem lokalen Restaurant zu Mittag essen. Am Nachmittag steigert sich das Abenteuer bei einer spannenden <strong>Great Sand Sea Safari<\/strong>, bei der Sie die weite W\u00fcste entdecken und aufregendes <strong>Sandboarding<\/strong> an den hohen D\u00fcnen genie\u00dfen.<\/p>\n<p>Danach besuchen wir die nat\u00fcrliche <strong>Bir Waheed hei\u00dfe und kalte Quelle<\/strong> zur tiefen Entspannung und genie\u00dfen authentischen <strong>Beduinentee<\/strong>, w\u00e4hrend die Sonne \u00fcber der Sahara untergeht.<\/p>\n<p>Den Tag schlie\u00dfen wir mit einem Abendessen und der \u00dcbernachtung in der renommierten <strong>Ghaliet Eco-Lodge<\/strong> in Siwa ab \u2013 ein Tag voller Abenteuer und Kultur.<\/p>\n<p><strong>Mahlzeiten:<\/strong> Fr\u00fchst\u00fcck, Mittagessen, Abendessen<\/p>\n<h3><span style=\"color: #ff6600;\">Tag 2: Siwa Geschichte und R\u00fcckkehr nach Kairo<\/span><\/h3>\n<p>Beginnen Sie Ihren Tag mit einem herzhaften Fr\u00fchst\u00fcck in der Eco-Lodge, gefolgt von einer Erkundung der ikonischen, historischen <strong>Ruinen der Festung Shali<\/strong>, die die Oase \u00fcberblicken.<\/p>\n<p>Nachdem wir die Geschichte der Lehmziegelstadt aufgesogen haben, beginnen wir sofort mit der langen, malerischen Fahrt zur\u00fcck nach Kairo. Die R\u00fcckreise f\u00fchrt uns \u00fcber die wundersch\u00f6ne K\u00fcstenroute von <strong>Marsa Matrouh<\/strong>, wobei ein wichtiger Zwischenstopp f\u00fcr das Mittagessen eingeplant ist.<\/p>\n<p>Schlie\u00dflich endet unsere <strong>Siwa Oasen Tour ab Kairo<\/strong> mit der Ankunft an Ihrem Hotel in Kairo und beschlie\u00dft dieses unvergessliche <strong>\u00c4gypten Westw\u00fcsten-Abenteuer<\/strong>.<\/p>\n<p><strong>Mahlzeiten:<\/strong> Fr\u00fchst\u00fcck, Mittagessen<\/p>\n<h3><span style=\"color: #ff6600;\">Preis der 2 Tage Siwa Oasen Tour ab Kairo<\/span><\/h3>\n<ul>\n<li>Preis pro Erwachsener = 400 \u20ac<\/li>\n<li>Kinder 0\u20135 Jahre = kostenlos<\/li>\n<li>Kinder 5\u201311 Jahre = 50 % des Erwachsenenpreises<\/li>\n<\/ul>\n<h3><span style=\"color: #ff6600;\">Buchung<\/span><\/h3>\n<p>Sie k\u00f6nnen Ihre Tour \u00fcber WhatsApp oder per E-Mail buchen und erhalten die Best\u00e4tigung sofort. Bitte senden Sie uns Ihren Hotelnamen, die Zimmernummer und Passkopien zu.<\/p>\n<p>WhatsApp: +201000852186<\/p>\n<p>info@egytourpackages.com<\/p>\n<h3><span style=\"color: #ff6600;\">Jetzt buchen &amp; vor Ort bezahlen<\/span><\/h3>\n<p>Buchen Sie Ihre Lieblingstour und bezahlen Sie am Tag des Ausflugs.<\/p>\n<h3><span style=\"color: #ff6600;\">Bezahlung<\/span><\/h3>\n<p>Sie k\u00f6nnen in \u00c4gyptischen Pfund, $, \u20ac oder \u00a3 bezahlen.<\/p>\n<h3><span style=\"color: #ff6600;\">Stornierungsbedingungen<\/span><\/h3>\n<ul>\n<li>Stornierung ist kostenlos bis zu 24 Stunden im Voraus.<\/li>\n<li>Eine Stornierung am Morgen des Ausflugs kostet 50 % des Preises.<\/li>\n<\/ul>\n","protected":false},"excerpt":{"rendered":"<p>2 Tage Siwa Oasen Tour ab Kairo: Entdecken Sie den Amun-Tempel, Kleopatras Bad und die Sahara. Erleben Sie ein magisches W\u00fcstenabenteuer. Jetzt buchen!<\/p>\n","protected":false},"featured_media":9061,"comment_status":"closed","ping_status":"closed","template":"","meta":[],"product_brand":[],"product_cat":[1494],"product_tag":[1495,3797,1518],"class_list":{"0":"post-14764","1":"product","2":"type-product","3":"status-publish","4":"has-post-thumbnail","6":"product_cat-touren","7":"product_tag-agypten-tagestouren","8":"product_tag-siwa-oase","9":"product_tag-tagesausfluge-in-kairo","10":"tour_category-agypten-tagestouren","11":"tour_category-siwa-oasen-touren-ab-kairo","12":"tour_category-tagesausfluge-in-kairo","14":"first","15":"instock","16":"sale","17":"shipping-taxable","18":"purchasable","19":"product-type-tour","20":"has-default-attributes"},"yoast_head":"<!-- This site is optimized with the Yoast SEO Premium plugin v27.4 (Yoast SEO v27.4) - https:\/\/yoast.com\/product\/yoast-seo-premium-wordpress\/ -->\n<title>2 Tage Siwa Oasen Tour ab Kairo<\/title>\n<meta name=\"description\" content=\"2 Tage Siwa Oasen Tour ab Kairo: Entdecken Sie den Amun-Tempel, Kleopatras Bad und die Sahara. Erleben Sie ein magisches W\u00fcstenabenteuer. Jetzt buchen!\" \/>\n<meta name=\"robots\" content=\"index, follow, max-snippet:-1, max-image-preview:large, max-video-preview:-1\" \/>\n<link rel=\"canonical\" href=\"https:\/\/egytourpackages.com\/de\/touren\/2-tage-siwa-oasen-tour-ab-kairo\/\" \/>\n<meta property=\"og:locale\" content=\"de_DE\" \/>\n<meta property=\"og:type\" content=\"article\" \/>\n<meta property=\"og:title\" content=\"2 Tage Siwa Oasen Tour ab Kairo\" \/>\n<meta property=\"og:description\" content=\"2 Tage Siwa Oasen Tour ab Kairo: Entdecken Sie den Amun-Tempel, Kleopatras Bad und die Sahara. Erleben Sie ein magisches W\u00fcstenabenteuer. Jetzt buchen!\" \/>\n<meta property=\"og:url\" content=\"https:\/\/egytourpackages.com\/de\/touren\/2-tage-siwa-oasen-tour-ab-kairo\/\" \/>\n<meta property=\"og:site_name\" content=\"\u00c4gypten-Reisepakete\" \/>\n<meta property=\"article:publisher\" content=\"https:\/\/www.facebook.com\/egytourpackages\" \/>\n<meta property=\"article:modified_time\" content=\"2026-02-10T20:29:05+00:00\" \/>\n<meta property=\"og:image\" content=\"https:\/\/egytourpackages.com\/wp-content\/uploads\/2025\/11\/CleopatraSpring.jpg\" \/>\n\t<meta property=\"og:image:width\" content=\"1500\" \/>\n\t<meta property=\"og:image:height\" content=\"1125\" \/>\n\t<meta property=\"og:image:type\" content=\"image\/jpeg\" \/>\n<meta name=\"twitter:card\" content=\"summary_large_image\" \/>\n<meta name=\"twitter:title\" content=\"2 Tage Siwa Oasen Tour ab Kairo\" \/>\n<meta name=\"twitter:label1\" content=\"Preis\" \/>\n\t<meta name=\"twitter:data1\" content=\"&euro;400\" \/>\n\t<meta name=\"twitter:label2\" content=\"Verf\u00fcgbarkeit\" \/>\n\t<meta name=\"twitter:data2\" content=\"Auf Lager\" \/>\n<script type=\"application\/ld+json\" class=\"yoast-schema-graph\">{\"@context\":\"https:\\\/\\\/schema.org\",\"@graph\":[{\"@type\":\"WebPage\",\"@id\":\"https:\\\/\\\/egytourpackages.com\\\/de\\\/touren\\\/2-tage-siwa-oasen-tour-ab-kairo\\\/\",\"url\":\"https:\\\/\\\/egytourpackages.com\\\/de\\\/touren\\\/2-tage-siwa-oasen-tour-ab-kairo\\\/\",\"name\":\"2 Tage Siwa Oasen Tour ab Kairo\",\"isPartOf\":{\"@id\":\"https:\\\/\\\/egytourpackages.com\\\/de\\\/#website\"},\"primaryImageOfPage\":{\"@id\":\"https:\\\/\\\/egytourpackages.com\\\/de\\\/touren\\\/2-tage-siwa-oasen-tour-ab-kairo\\\/#primaryimage\"},\"image\":{\"@id\":\"https:\\\/\\\/egytourpackages.com\\\/de\\\/touren\\\/2-tage-siwa-oasen-tour-ab-kairo\\\/#primaryimage\"},\"thumbnailUrl\":\"https:\\\/\\\/egytourpackages.com\\\/wp-content\\\/uploads\\\/2025\\\/11\\\/CleopatraSpring.jpg\",\"datePublished\":\"2025-11-04T14:04:09+00:00\",\"dateModified\":\"2026-02-10T20:29:05+00:00\",\"description\":\"2 Tage Siwa Oasen Tour ab Kairo: Entdecken Sie den Amun-Tempel, Kleopatras Bad und die Sahara. Erleben Sie ein magisches W\u00fcstenabenteuer. Jetzt buchen!\",\"breadcrumb\":{\"@id\":\"https:\\\/\\\/egytourpackages.com\\\/de\\\/touren\\\/2-tage-siwa-oasen-tour-ab-kairo\\\/#breadcrumb\"},\"inLanguage\":\"de\",\"potentialAction\":[{\"@type\":\"ReadAction\",\"target\":[\"https:\\\/\\\/egytourpackages.com\\\/de\\\/touren\\\/2-tage-siwa-oasen-tour-ab-kairo\\\/\"]}]},{\"@type\":\"ImageObject\",\"inLanguage\":\"de\",\"@id\":\"https:\\\/\\\/egytourpackages.com\\\/de\\\/touren\\\/2-tage-siwa-oasen-tour-ab-kairo\\\/#primaryimage\",\"url\":\"https:\\\/\\\/egytourpackages.com\\\/wp-content\\\/uploads\\\/2025\\\/11\\\/CleopatraSpring.jpg\",\"contentUrl\":\"https:\\\/\\\/egytourpackages.com\\\/wp-content\\\/uploads\\\/2025\\\/11\\\/CleopatraSpring.jpg\",\"width\":1500,\"height\":1125,\"caption\":\"2 Tage Siwa Oasen Tour ab Kairo\"},{\"@type\":\"BreadcrumbList\",\"@id\":\"https:\\\/\\\/egytourpackages.com\\\/de\\\/touren\\\/2-tage-siwa-oasen-tour-ab-kairo\\\/#breadcrumb\",\"itemListElement\":[{\"@type\":\"ListItem\",\"position\":1,\"name\":\"Startseite\",\"item\":\"https:\\\/\\\/egytourpackages.com\\\/de\\\/\"},{\"@type\":\"ListItem\",\"position\":2,\"name\":\"Shop\",\"item\":\"https:\\\/\\\/egytourpackages.com\\\/de\\\/shop\\\/\"},{\"@type\":\"ListItem\",\"position\":3,\"name\":\"2 Tage Siwa Oasen Tour ab Kairo\"}]},{\"@type\":\"WebSite\",\"@id\":\"https:\\\/\\\/egytourpackages.com\\\/de\\\/#website\",\"url\":\"https:\\\/\\\/egytourpackages.com\\\/de\\\/\",\"name\":\"Egy tour packages\",\"description\":\"\",\"publisher\":{\"@id\":\"https:\\\/\\\/egytourpackages.com\\\/de\\\/#organization\"},\"potentialAction\":[{\"@type\":\"SearchAction\",\"target\":{\"@type\":\"EntryPoint\",\"urlTemplate\":\"https:\\\/\\\/egytourpackages.com\\\/de\\\/?s={search_term_string}\"},\"query-input\":{\"@type\":\"PropertyValueSpecification\",\"valueRequired\":true,\"valueName\":\"search_term_string\"}}],\"inLanguage\":\"de\"},{\"@type\":[\"Organization\",\"Place\",\"TravelAgency\"],\"@id\":\"https:\\\/\\\/egytourpackages.com\\\/de\\\/#organization\",\"name\":\"egypt tour packages\",\"alternateName\":\"egypt tour packages\",\"url\":\"https:\\\/\\\/egytourpackages.com\\\/de\\\/\",\"logo\":{\"@id\":\"https:\\\/\\\/egytourpackages.com\\\/de\\\/touren\\\/2-tage-siwa-oasen-tour-ab-kairo\\\/#local-main-organization-logo\"},\"image\":{\"@id\":\"https:\\\/\\\/egytourpackages.com\\\/de\\\/touren\\\/2-tage-siwa-oasen-tour-ab-kairo\\\/#local-main-organization-logo\"},\"sameAs\":[\"https:\\\/\\\/www.facebook.com\\\/egytourpackages\"],\"legalName\":\"Egy tour packages\",\"address\":{\"@id\":\"https:\\\/\\\/egytourpackages.com\\\/de\\\/touren\\\/2-tage-siwa-oasen-tour-ab-kairo\\\/#local-main-place-address\"},\"telephone\":[\"00201000852186\",\"00201028685533\"],\"contactPoint\":{\"@type\":\"ContactPoint\",\"telephone\":\"00201000852186\"},\"openingHoursSpecification\":[{\"@type\":\"OpeningHoursSpecification\",\"dayOfWeek\":[\"Monday\",\"Tuesday\",\"Wednesday\",\"Thursday\",\"Friday\",\"Saturday\",\"Sunday\"],\"opens\":\"00:00\",\"closes\":\"23:59\"}],\"email\":\"info@egytourpackages.com\",\"areaServed\":\"Cairo, Hurghada, Luxor, Sharm El Sheikh, Marsa Alam, Aswan\",\"priceRange\":\"$\",\"currenciesAccepted\":\"euro\",\"paymentAccepted\":\"Payment links online\"},{\"@type\":\"PostalAddress\",\"@id\":\"https:\\\/\\\/egytourpackages.com\\\/de\\\/touren\\\/2-tage-siwa-oasen-tour-ab-kairo\\\/#local-main-place-address\",\"streetAddress\":\"Mubarak 8, Al Kawthar District, Hurghada\",\"addressLocality\":\"Hurghada\",\"postalCode\":\"84511\",\"addressRegion\":\"Red Sea\",\"addressCountry\":\"EG\"},{\"@type\":\"ImageObject\",\"inLanguage\":\"de\",\"@id\":\"https:\\\/\\\/egytourpackages.com\\\/de\\\/touren\\\/2-tage-siwa-oasen-tour-ab-kairo\\\/#local-main-organization-logo\",\"url\":\"https:\\\/\\\/egytourpackages.com\\\/wp-content\\\/uploads\\\/2025\\\/12\\\/Turquoise-Dahabiya-Nile-Cruise-1.jpeg\",\"contentUrl\":\"https:\\\/\\\/egytourpackages.com\\\/wp-content\\\/uploads\\\/2025\\\/12\\\/Turquoise-Dahabiya-Nile-Cruise-1.jpeg\",\"width\":1040,\"height\":694,\"caption\":\"egypt tour packages\"}]}<\/script>\n<meta property=\"product:brand\" content=\"\u00c4gypten Tagestouren\" \/>\n<meta property=\"product:price:amount\" content=\"400\" \/>\n<meta property=\"product:price:currency\" content=\"EUR\" \/>\n<meta property=\"og:availability\" content=\"instock\" \/>\n<meta property=\"product:availability\" content=\"instock\" \/>\n<meta property=\"product:retailer_item_id\" content=\"CDT09\" \/>\n<meta property=\"product:condition\" content=\"new\" \/>\n<meta name=\"geo.placename\" content=\"Hurghada\" \/>\n<meta name=\"geo.region\" content=\"\u00c4gypten\" \/>\n<!-- \/ Yoast SEO Premium plugin. -->","yoast_head_json":{"title":"2 Tage Siwa Oasen Tour ab Kairo","description":"2 Tage Siwa Oasen Tour ab Kairo: Entdecken Sie den Amun-Tempel, Kleopatras Bad und die Sahara. Erleben Sie ein magisches W\u00fcstenabenteuer. Jetzt buchen!","robots":{"index":"index","follow":"follow","max-snippet":"max-snippet:-1","max-image-preview":"max-image-preview:large","max-video-preview":"max-video-preview:-1"},"canonical":"https:\/\/egytourpackages.com\/de\/touren\/2-tage-siwa-oasen-tour-ab-kairo\/","og_locale":"de_DE","og_type":"article","og_title":"2 Tage Siwa Oasen Tour ab Kairo","og_description":"2 Tage Siwa Oasen Tour ab Kairo: Entdecken Sie den Amun-Tempel, Kleopatras Bad und die Sahara. Erleben Sie ein magisches W\u00fcstenabenteuer. Jetzt buchen!","og_url":"https:\/\/egytourpackages.com\/de\/touren\/2-tage-siwa-oasen-tour-ab-kairo\/","og_site_name":"\u00c4gypten-Reisepakete","article_publisher":"https:\/\/www.facebook.com\/egytourpackages","article_modified_time":"2026-02-10T20:29:05+00:00","og_image":[{"width":1500,"height":1125,"url":"https:\/\/egytourpackages.com\/wp-content\/uploads\/2025\/11\/CleopatraSpring.jpg","type":"image\/jpeg"}],"twitter_card":"summary_large_image","twitter_title":"2 Tage Siwa Oasen Tour ab Kairo","twitter_misc":{"Preis":"&euro;400","Verf\u00fcgbarkeit":"Auf Lager"},"schema":{"@context":"https:\/\/schema.org","@graph":[{"@type":"WebPage","@id":"https:\/\/egytourpackages.com\/de\/touren\/2-tage-siwa-oasen-tour-ab-kairo\/","url":"https:\/\/egytourpackages.com\/de\/touren\/2-tage-siwa-oasen-tour-ab-kairo\/","name":"2 Tage Siwa Oasen Tour ab Kairo","isPartOf":{"@id":"https:\/\/egytourpackages.com\/de\/#website"},"primaryImageOfPage":{"@id":"https:\/\/egytourpackages.com\/de\/touren\/2-tage-siwa-oasen-tour-ab-kairo\/#primaryimage"},"image":{"@id":"https:\/\/egytourpackages.com\/de\/touren\/2-tage-siwa-oasen-tour-ab-kairo\/#primaryimage"},"thumbnailUrl":"https:\/\/egytourpackages.com\/wp-content\/uploads\/2025\/11\/CleopatraSpring.jpg","datePublished":"2025-11-04T14:04:09+00:00","dateModified":"2026-02-10T20:29:05+00:00","description":"2 Tage Siwa Oasen Tour ab Kairo: Entdecken Sie den Amun-Tempel, Kleopatras Bad und die Sahara. Erleben Sie ein magisches W\u00fcstenabenteuer. Jetzt buchen!","breadcrumb":{"@id":"https:\/\/egytourpackages.com\/de\/touren\/2-tage-siwa-oasen-tour-ab-kairo\/#breadcrumb"},"inLanguage":"de","potentialAction":[{"@type":"ReadAction","target":["https:\/\/egytourpackages.com\/de\/touren\/2-tage-siwa-oasen-tour-ab-kairo\/"]}]},{"@type":"ImageObject","inLanguage":"de","@id":"https:\/\/egytourpackages.com\/de\/touren\/2-tage-siwa-oasen-tour-ab-kairo\/#primaryimage","url":"https:\/\/egytourpackages.com\/wp-content\/uploads\/2025\/11\/CleopatraSpring.jpg","contentUrl":"https:\/\/egytourpackages.com\/wp-content\/uploads\/2025\/11\/CleopatraSpring.jpg","width":1500,"height":1125,"caption":"2 Tage Siwa Oasen Tour ab Kairo"},{"@type":"BreadcrumbList","@id":"https:\/\/egytourpackages.com\/de\/touren\/2-tage-siwa-oasen-tour-ab-kairo\/#breadcrumb","itemListElement":[{"@type":"ListItem","position":1,"name":"Startseite","item":"https:\/\/egytourpackages.com\/de\/"},{"@type":"ListItem","position":2,"name":"Shop","item":"https:\/\/egytourpackages.com\/de\/shop\/"},{"@type":"ListItem","position":3,"name":"2 Tage Siwa Oasen Tour ab Kairo"}]},{"@type":"WebSite","@id":"https:\/\/egytourpackages.com\/de\/#website","url":"https:\/\/egytourpackages.com\/de\/","name":"Egy tour packages","description":"","publisher":{"@id":"https:\/\/egytourpackages.com\/de\/#organization"},"potentialAction":[{"@type":"SearchAction","target":{"@type":"EntryPoint","urlTemplate":"https:\/\/egytourpackages.com\/de\/?s={search_term_string}"},"query-input":{"@type":"PropertyValueSpecification","valueRequired":true,"valueName":"search_term_string"}}],"inLanguage":"de"},{"@type":["Organization","Place","TravelAgency"],"@id":"https:\/\/egytourpackages.com\/de\/#organization","name":"egypt tour packages","alternateName":"egypt tour packages","url":"https:\/\/egytourpackages.com\/de\/","logo":{"@id":"https:\/\/egytourpackages.com\/de\/touren\/2-tage-siwa-oasen-tour-ab-kairo\/#local-main-organization-logo"},"image":{"@id":"https:\/\/egytourpackages.com\/de\/touren\/2-tage-siwa-oasen-tour-ab-kairo\/#local-main-organization-logo"},"sameAs":["https:\/\/www.facebook.com\/egytourpackages"],"legalName":"Egy tour packages","address":{"@id":"https:\/\/egytourpackages.com\/de\/touren\/2-tage-siwa-oasen-tour-ab-kairo\/#local-main-place-address"},"telephone":["00201000852186","00201028685533"],"contactPoint":{"@type":"ContactPoint","telephone":"00201000852186"},"openingHoursSpecification":[{"@type":"OpeningHoursSpecification","dayOfWeek":["Monday","Tuesday","Wednesday","Thursday","Friday","Saturday","Sunday"],"opens":"00:00","closes":"23:59"}],"email":"info@egytourpackages.com","areaServed":"Cairo, Hurghada, Luxor, Sharm El Sheikh, Marsa Alam, Aswan","priceRange":"$","currenciesAccepted":"euro","paymentAccepted":"Payment links online"},{"@type":"PostalAddress","@id":"https:\/\/egytourpackages.com\/de\/touren\/2-tage-siwa-oasen-tour-ab-kairo\/#local-main-place-address","streetAddress":"Mubarak 8, Al Kawthar District, Hurghada","addressLocality":"Hurghada","postalCode":"84511","addressRegion":"Red Sea","addressCountry":"EG"},{"@type":"ImageObject","inLanguage":"de","@id":"https:\/\/egytourpackages.com\/de\/touren\/2-tage-siwa-oasen-tour-ab-kairo\/#local-main-organization-logo","url":"https:\/\/egytourpackages.com\/wp-content\/uploads\/2025\/12\/Turquoise-Dahabiya-Nile-Cruise-1.jpeg","contentUrl":"https:\/\/egytourpackages.com\/wp-content\/uploads\/2025\/12\/Turquoise-Dahabiya-Nile-Cruise-1.jpeg","width":1040,"height":694,"caption":"egypt tour packages"}]},"product_brand":"\u00c4gypten Tagestouren","product_price_amount":"400","product_price_currency":"EUR","og_availability":"instock","product_availability":"instock","product_retailer_item_id":"CDT09","product_condition":"new","geo.placename":"Hurghada","geo.region":"\u00c4gypten"},"_links":{"self":[{"href":"https:\/\/egytourpackages.com\/de\/wp-json\/wp\/v2\/product\/14764","targetHints":{"allow":["GET"]}}],"collection":[{"href":"https:\/\/egytourpackages.com\/de\/wp-json\/wp\/v2\/product"}],"about":[{"href":"https:\/\/egytourpackages.com\/de\/wp-json\/wp\/v2\/types\/product"}],"replies":[{"embeddable":true,"href":"https:\/\/egytourpackages.com\/de\/wp-json\/wp\/v2\/comments?post=14764"}],"wp:featuredmedia":[{"embeddable":true,"href":"https:\/\/egytourpackages.com\/de\/wp-json\/wp\/v2\/media\/9061"}],"wp:attachment":[{"href":"https:\/\/egytourpackages.com\/de\/wp-json\/wp\/v2\/media?parent=14764"}],"wp:term":[{"taxonomy":"product_brand","embeddable":true,"href":"https:\/\/egytourpackages.com\/de\/wp-json\/wp\/v2\/product_brand?post=14764"},{"taxonomy":"product_cat","embeddable":true,"href":"https:\/\/egytourpackages.com\/de\/wp-json\/wp\/v2\/product_cat?post=14764"},{"taxonomy":"product_tag","embeddable":true,"href":"https:\/\/egytourpackages.com\/de\/wp-json\/wp\/v2\/product_tag?post=14764"}],"curies":[{"name":"wp","href":"https:\/\/api.w.org\/{rel}","templated":true}]}}