{"id":15208,"date":"2026-02-12T14:05:14","date_gmt":"2026-02-12T14:05:14","guid":{"rendered":"https:\/\/egytourpackages.com\/product\/privattransfer-vom-flughafen-hurghada-nach-sahl-hasheesh\/"},"modified":"2026-02-17T13:19:06","modified_gmt":"2026-02-17T13:19:06","slug":"privattransfer-vom-flughafen-hurghada-nach-sahl-hasheesh","status":"publish","type":"product","link":"https:\/\/egytourpackages.com\/de\/touren\/privattransfer-vom-flughafen-hurghada-nach-sahl-hasheesh\/","title":{"rendered":"Privattransfer vom Flughafen Hurghada nach Sahl Hasheesh"},"content":{"rendered":"<p><span style=\"color: #ff6600;\"><strong>Privattransfer vom Flughafen Hurghada nach Sahl Hasheesh<\/strong><\/span><\/p>\n<p>Unser <strong>Privattransfer vom Flughafen Hurghada nach Sahl Hasheesh<\/strong> bietet Ihnen den schnellsten und komfortabelsten Weg zu Ihrem Resort direkt am Meer. Warum sollten Sie sich mit einem \u00fcberf\u00fcllten Bus zufriedengeben, wenn Sie einen <strong>VIP-Chauffeurservice<\/strong> genie\u00dfen k\u00f6nnen?<\/p>\n<p><span style=\"color: #993366;\"><em><strong>Ma\u00dfgeschneidertes Abholerlebnis<\/strong><\/em><\/span><\/p>\n<p>Unser Team verfolgt Ihren Flug in Echtzeit, um sicherzustellen, dass Ihr <strong>privater Chauffeur<\/strong> genau in dem Moment bereitsteht, in dem Sie das Terminal verlassen. Unser Service mit Namensschild garantiert einen <strong>reibungslosen \u00dcbergang<\/strong> vom Flughafen zu Ihrem Luxusfahrzeug.<\/p>\n<p><span style=\"color: #993366;\"><em><strong>Elite-Transportstandards<\/strong><\/em><\/span><\/p>\n<p>Wir bieten Ihnen mehr als nur eine Fahrt; wir bieten Ihnen Sicherheit. Unser <strong>Sahl Hasheesh Flughafentransfer<\/strong> zeichnet sich aus durch:<\/p>\n<ul>\n<li><strong>Luxusfahrzeuge:<\/strong> Saubere, stilvolle und voll <strong>klimatisierte<\/strong> Autos.<\/li>\n<li><strong>Zuverl\u00e4ssigkeit:<\/strong> Rund um die Uhr verf\u00fcgbar, auch f\u00fcr Last-Minute-Buchungen (bis zu 1 Stunde vorher).<\/li>\n<li><strong>Professionalit\u00e4t:<\/strong> Mehrsprachige, <strong>h\u00f6fliche Fahrer<\/strong>, welche die besten Routen kennen, um Staus zu vermeiden.<\/li>\n<\/ul>\n<h3><span style=\"color: #ff6600;\">Preise f\u00fcr den Sahl Hasheesh Transfer<\/span><\/h3>\n<table>\n<thead>\n<tr>\n<td><strong>Anzahl der Passagiere<\/strong><\/td>\n<td><strong>Preis pro Person<\/strong><\/td>\n<td><strong>Gesamtpreis des Transfers<\/strong><\/td>\n<\/tr>\n<\/thead>\n<tbody>\n<tr>\n<td>1 Person<\/td>\n<td>\u20ac 25<\/td>\n<td>\u20ac 25<\/td>\n<\/tr>\n<tr>\n<td>2 Personen<\/td>\n<td>\u20ac 12.5<\/td>\n<td>\u20ac 25<\/td>\n<\/tr>\n<tr>\n<td>3 Personen<\/td>\n<td>\u20ac 8.5<\/td>\n<td>\u20ac 25<\/td>\n<\/tr>\n<\/tbody>\n<\/table>\n<h3><span style=\"color: #ff6600;\">In Ihrem Paket enthalten<\/span><\/h3>\n<ul>\n<li>Privater T\u00fcr-zu-T\u00fcr-Transfer zu jedem Resort in Sahl Hasheesh.<\/li>\n<li>Kostenloses WLAN an Bord f\u00fcr alle G\u00e4ste.<\/li>\n<li>Erfrischende Willkommensgetr\u00e4nke bei der Abholung.<\/li>\n<li>Gep\u00e4ckunterst\u00fctzung und Treibstoffzuschl\u00e4ge.<\/li>\n<\/ul>\n<h3><span style=\"color: #ff6600;\">Nicht enthalten<\/span><\/h3>\n<ul>\n<li>Einreisevisum f\u00fcr \u00c4gypten.<\/li>\n<li>Pers\u00f6nliche Trinkgelder.<\/li>\n<\/ul>\n","protected":false},"excerpt":{"rendered":"<p>Genie\u00dfen Sie Ihren Privattransfer vom Flughafen Hurghada nach Sahl Hasheesh. Wir bieten P\u00fcnktlichkeit, modernen Komfort und Bestpreis-Garantie. Jetzt buchen<\/p>\n","protected":false},"featured_media":14864,"comment_status":"closed","ping_status":"closed","template":"","meta":[],"product_brand":[],"product_cat":[1494],"product_tag":[4180,4182,4183,4181],"class_list":{"0":"post-15208","1":"product","2":"type-product","3":"status-publish","4":"has-post-thumbnail","6":"product_cat-touren","7":"product_tag-buche-deinen-privaten-transfer-vom-flughafen-hurghada-zum-baron-palace-sahl-hasheesh","8":"product_tag-buche-deinen-privaten-transfer-vom-flughafen-hurghada-zum-gravity-sahl-hasheesh","9":"product_tag-buche-deinen-privaten-transfer-vom-flughafen-hurghada-zum-old-palace-sahl-hasheesh","10":"product_tag-buche-deinen-privaten-transfer-vom-flughafen-hurghada-zum-premier-le-reve-sahl-hasheesh","11":"tour_category-agypten-tagestouren","12":"tour_category-flughafentransfer","13":"tour_category-sahl-hasheesh-ausfluge","15":"first","16":"instock","17":"sale","18":"shipping-taxable","19":"purchasable","20":"product-type-tour","21":"has-default-attributes"},"yoast_head":"<!-- This site is optimized with the Yoast SEO Premium plugin v27.2 (Yoast SEO v27.2) - https:\/\/yoast.com\/product\/yoast-seo-premium-wordpress\/ -->\n<title>Privattransfer vom Flughafen Hurghada nach Sahl Hasheesh<\/title>\n<meta name=\"description\" content=\"Genie\u00dfen Sie Ihren Privattransfer vom Flughafen Hurghada nach Sahl Hasheesh. Wir bieten P\u00fcnktlichkeit, modernen Komfort und Bestpreis-Garantie. Jetzt buchen\" \/>\n<meta name=\"robots\" content=\"index, follow, max-snippet:-1, max-image-preview:large, max-video-preview:-1\" \/>\n<link rel=\"canonical\" href=\"https:\/\/egytourpackages.com\/de\/touren\/privattransfer-vom-flughafen-hurghada-nach-sahl-hasheesh\/\" \/>\n<meta property=\"og:locale\" content=\"de_DE\" \/>\n<meta property=\"og:type\" content=\"article\" \/>\n<meta property=\"og:title\" content=\"Privattransfer vom Flughafen Hurghada nach Sahl Hasheesh\" \/>\n<meta property=\"og:description\" content=\"Genie\u00dfen Sie Ihren Privattransfer vom Flughafen Hurghada nach Sahl Hasheesh. Wir bieten P\u00fcnktlichkeit, modernen Komfort und Bestpreis-Garantie. Jetzt buchen\" \/>\n<meta property=\"og:url\" content=\"https:\/\/egytourpackages.com\/de\/touren\/privattransfer-vom-flughafen-hurghada-nach-sahl-hasheesh\/\" \/>\n<meta property=\"og:site_name\" content=\"\u00c4gypten-Reisepakete\" \/>\n<meta property=\"article:publisher\" content=\"https:\/\/www.facebook.com\/egytourpackages\" \/>\n<meta property=\"article:modified_time\" content=\"2026-02-17T13:19:06+00:00\" \/>\n<meta property=\"og:image\" content=\"https:\/\/egytourpackages.com\/wp-content\/uploads\/2026\/02\/Private-Transfers-from-Hurghada-Airport-to-Sahl-Hasheesh.jpeg\" \/>\n\t<meta property=\"og:image:width\" content=\"1400\" \/>\n\t<meta property=\"og:image:height\" content=\"1050\" \/>\n\t<meta property=\"og:image:type\" content=\"image\/jpeg\" \/>\n<meta name=\"twitter:card\" content=\"summary_large_image\" \/>\n<meta name=\"twitter:label1\" content=\"Preis\" \/>\n\t<meta name=\"twitter:data1\" content=\"&euro;0\" \/>\n\t<meta name=\"twitter:label2\" content=\"Verf\u00fcgbarkeit\" \/>\n\t<meta name=\"twitter:data2\" content=\"Auf Lager\" \/>\n<script type=\"application\/ld+json\" class=\"yoast-schema-graph\">{\"@context\":\"https:\/\/schema.org\",\"@graph\":[{\"@type\":\"WebPage\",\"@id\":\"https:\/\/egytourpackages.com\/de\/touren\/privattransfer-vom-flughafen-hurghada-nach-sahl-hasheesh\/\",\"url\":\"https:\/\/egytourpackages.com\/de\/touren\/privattransfer-vom-flughafen-hurghada-nach-sahl-hasheesh\/\",\"name\":\"Privattransfer vom Flughafen Hurghada nach Sahl Hasheesh\",\"isPartOf\":{\"@id\":\"https:\/\/egytourpackages.com\/de\/#website\"},\"primaryImageOfPage\":{\"@id\":\"https:\/\/egytourpackages.com\/de\/touren\/privattransfer-vom-flughafen-hurghada-nach-sahl-hasheesh\/#primaryimage\"},\"image\":{\"@id\":\"https:\/\/egytourpackages.com\/de\/touren\/privattransfer-vom-flughafen-hurghada-nach-sahl-hasheesh\/#primaryimage\"},\"thumbnailUrl\":\"https:\/\/egytourpackages.com\/wp-content\/uploads\/2026\/02\/Private-Transfers-from-Hurghada-Airport-to-Sahl-Hasheesh.jpeg\",\"datePublished\":\"2026-02-12T14:05:14+00:00\",\"dateModified\":\"2026-02-17T13:19:06+00:00\",\"description\":\"Genie\u00dfen Sie Ihren Privattransfer vom Flughafen Hurghada nach Sahl Hasheesh. Wir bieten P\u00fcnktlichkeit, modernen Komfort und Bestpreis-Garantie. Jetzt buchen\",\"breadcrumb\":{\"@id\":\"https:\/\/egytourpackages.com\/de\/touren\/privattransfer-vom-flughafen-hurghada-nach-sahl-hasheesh\/#breadcrumb\"},\"inLanguage\":\"de\",\"potentialAction\":[{\"@type\":\"ReadAction\",\"target\":[\"https:\/\/egytourpackages.com\/de\/touren\/privattransfer-vom-flughafen-hurghada-nach-sahl-hasheesh\/\"]}]},{\"@type\":\"ImageObject\",\"inLanguage\":\"de\",\"@id\":\"https:\/\/egytourpackages.com\/de\/touren\/privattransfer-vom-flughafen-hurghada-nach-sahl-hasheesh\/#primaryimage\",\"url\":\"https:\/\/egytourpackages.com\/wp-content\/uploads\/2026\/02\/Private-Transfers-from-Hurghada-Airport-to-Sahl-Hasheesh.jpeg\",\"contentUrl\":\"https:\/\/egytourpackages.com\/wp-content\/uploads\/2026\/02\/Private-Transfers-from-Hurghada-Airport-to-Sahl-Hasheesh.jpeg\",\"width\":1400,\"height\":1050,\"caption\":\"Privattransfer vom Flughafen Hurghada nach Sahl Hasheesh\"},{\"@type\":\"BreadcrumbList\",\"@id\":\"https:\/\/egytourpackages.com\/de\/touren\/privattransfer-vom-flughafen-hurghada-nach-sahl-hasheesh\/#breadcrumb\",\"itemListElement\":[{\"@type\":\"ListItem\",\"position\":1,\"name\":\"Startseite\",\"item\":\"https:\/\/egytourpackages.com\/de\/\"},{\"@type\":\"ListItem\",\"position\":2,\"name\":\"Shop\",\"item\":\"https:\/\/egytourpackages.com\/de\/shop\/\"},{\"@type\":\"ListItem\",\"position\":3,\"name\":\"Privattransfer vom Flughafen Hurghada nach Sahl Hasheesh\"}]},{\"@type\":\"WebSite\",\"@id\":\"https:\/\/egytourpackages.com\/de\/#website\",\"url\":\"https:\/\/egytourpackages.com\/de\/\",\"name\":\"Egy tour packages\",\"description\":\"\",\"publisher\":{\"@id\":\"https:\/\/egytourpackages.com\/de\/#organization\"},\"potentialAction\":[{\"@type\":\"SearchAction\",\"target\":{\"@type\":\"EntryPoint\",\"urlTemplate\":\"https:\/\/egytourpackages.com\/de\/?s={search_term_string}\"},\"query-input\":{\"@type\":\"PropertyValueSpecification\",\"valueRequired\":true,\"valueName\":\"search_term_string\"}}],\"inLanguage\":\"de\"},{\"@type\":[\"Organization\",\"Place\",\"TravelAgency\"],\"@id\":\"https:\/\/egytourpackages.com\/de\/#organization\",\"name\":\"egypt tour packages\",\"alternateName\":\"egypt tour packages\",\"url\":\"https:\/\/egytourpackages.com\/de\/\",\"logo\":{\"@id\":\"https:\/\/egytourpackages.com\/de\/touren\/privattransfer-vom-flughafen-hurghada-nach-sahl-hasheesh\/#local-main-organization-logo\"},\"image\":{\"@id\":\"https:\/\/egytourpackages.com\/de\/touren\/privattransfer-vom-flughafen-hurghada-nach-sahl-hasheesh\/#local-main-organization-logo\"},\"sameAs\":[\"https:\/\/www.facebook.com\/egytourpackages\"],\"legalName\":\"Egy tour packages\",\"address\":{\"@id\":\"https:\/\/egytourpackages.com\/de\/touren\/privattransfer-vom-flughafen-hurghada-nach-sahl-hasheesh\/#local-main-place-address\"},\"telephone\":[\"00201000852186\",\"00201028685533\"],\"contactPoint\":{\"@type\":\"ContactPoint\",\"telephone\":\"00201000852186\"},\"openingHoursSpecification\":[{\"@type\":\"OpeningHoursSpecification\",\"dayOfWeek\":[\"Monday\",\"Tuesday\",\"Wednesday\",\"Thursday\",\"Friday\",\"Saturday\",\"Sunday\"],\"opens\":\"00:00\",\"closes\":\"23:59\"}],\"email\":\"info@egytourpackages.com\",\"areaServed\":\"Cairo, Hurghada, Luxor, Sharm El Sheikh, Marsa Alam, Aswan\",\"priceRange\":\"$\",\"currenciesAccepted\":\"euro\",\"paymentAccepted\":\"Payment links online\"},{\"@type\":\"PostalAddress\",\"@id\":\"https:\/\/egytourpackages.com\/de\/touren\/privattransfer-vom-flughafen-hurghada-nach-sahl-hasheesh\/#local-main-place-address\",\"streetAddress\":\"Mubarak 8, Al Kawthar District, Hurghada\",\"addressLocality\":\"Hurghada\",\"postalCode\":\"84511\",\"addressRegion\":\"Red Sea\",\"addressCountry\":\"EG\"},{\"@type\":\"ImageObject\",\"inLanguage\":\"de\",\"@id\":\"https:\/\/egytourpackages.com\/de\/touren\/privattransfer-vom-flughafen-hurghada-nach-sahl-hasheesh\/#local-main-organization-logo\",\"url\":\"https:\/\/egytourpackages.com\/wp-content\/uploads\/2025\/12\/Turquoise-Dahabiya-Nile-Cruise-1.jpeg\",\"contentUrl\":\"https:\/\/egytourpackages.com\/wp-content\/uploads\/2025\/12\/Turquoise-Dahabiya-Nile-Cruise-1.jpeg\",\"width\":1040,\"height\":694,\"caption\":\"egypt tour packages\"}]}<\/script>\n<meta property=\"product:brand\" content=\"\u00c4gypten Tagestouren\" \/>\n<meta property=\"product:price:amount\" content=\"0\" \/>\n<meta property=\"product:price:currency\" content=\"EUR\" \/>\n<meta property=\"og:availability\" content=\"instock\" \/>\n<meta property=\"product:availability\" content=\"instock\" \/>\n<meta property=\"product:retailer_item_id\" content=\"AT 06\" \/>\n<meta property=\"product:condition\" content=\"new\" \/>\n<meta name=\"geo.placename\" content=\"Hurghada\" \/>\n<meta name=\"geo.region\" content=\"\u00c4gypten\" \/>\n<!-- \/ Yoast SEO Premium plugin. -->","yoast_head_json":{"title":"Privattransfer vom Flughafen Hurghada nach Sahl Hasheesh","description":"Genie\u00dfen Sie Ihren Privattransfer vom Flughafen Hurghada nach Sahl Hasheesh. Wir bieten P\u00fcnktlichkeit, modernen Komfort und Bestpreis-Garantie. Jetzt buchen","robots":{"index":"index","follow":"follow","max-snippet":"max-snippet:-1","max-image-preview":"max-image-preview:large","max-video-preview":"max-video-preview:-1"},"canonical":"https:\/\/egytourpackages.com\/de\/touren\/privattransfer-vom-flughafen-hurghada-nach-sahl-hasheesh\/","og_locale":"de_DE","og_type":"article","og_title":"Privattransfer vom Flughafen Hurghada nach Sahl Hasheesh","og_description":"Genie\u00dfen Sie Ihren Privattransfer vom Flughafen Hurghada nach Sahl Hasheesh. Wir bieten P\u00fcnktlichkeit, modernen Komfort und Bestpreis-Garantie. Jetzt buchen","og_url":"https:\/\/egytourpackages.com\/de\/touren\/privattransfer-vom-flughafen-hurghada-nach-sahl-hasheesh\/","og_site_name":"\u00c4gypten-Reisepakete","article_publisher":"https:\/\/www.facebook.com\/egytourpackages","article_modified_time":"2026-02-17T13:19:06+00:00","og_image":[{"width":1400,"height":1050,"url":"https:\/\/egytourpackages.com\/wp-content\/uploads\/2026\/02\/Private-Transfers-from-Hurghada-Airport-to-Sahl-Hasheesh.jpeg","type":"image\/jpeg"}],"twitter_card":"summary_large_image","twitter_misc":{"Preis":"&euro;0","Verf\u00fcgbarkeit":"Auf Lager"},"schema":{"@context":"https:\/\/schema.org","@graph":[{"@type":"WebPage","@id":"https:\/\/egytourpackages.com\/de\/touren\/privattransfer-vom-flughafen-hurghada-nach-sahl-hasheesh\/","url":"https:\/\/egytourpackages.com\/de\/touren\/privattransfer-vom-flughafen-hurghada-nach-sahl-hasheesh\/","name":"Privattransfer vom Flughafen Hurghada nach Sahl Hasheesh","isPartOf":{"@id":"https:\/\/egytourpackages.com\/de\/#website"},"primaryImageOfPage":{"@id":"https:\/\/egytourpackages.com\/de\/touren\/privattransfer-vom-flughafen-hurghada-nach-sahl-hasheesh\/#primaryimage"},"image":{"@id":"https:\/\/egytourpackages.com\/de\/touren\/privattransfer-vom-flughafen-hurghada-nach-sahl-hasheesh\/#primaryimage"},"thumbnailUrl":"https:\/\/egytourpackages.com\/wp-content\/uploads\/2026\/02\/Private-Transfers-from-Hurghada-Airport-to-Sahl-Hasheesh.jpeg","datePublished":"2026-02-12T14:05:14+00:00","dateModified":"2026-02-17T13:19:06+00:00","description":"Genie\u00dfen Sie Ihren Privattransfer vom Flughafen Hurghada nach Sahl Hasheesh. Wir bieten P\u00fcnktlichkeit, modernen Komfort und Bestpreis-Garantie. Jetzt buchen","breadcrumb":{"@id":"https:\/\/egytourpackages.com\/de\/touren\/privattransfer-vom-flughafen-hurghada-nach-sahl-hasheesh\/#breadcrumb"},"inLanguage":"de","potentialAction":[{"@type":"ReadAction","target":["https:\/\/egytourpackages.com\/de\/touren\/privattransfer-vom-flughafen-hurghada-nach-sahl-hasheesh\/"]}]},{"@type":"ImageObject","inLanguage":"de","@id":"https:\/\/egytourpackages.com\/de\/touren\/privattransfer-vom-flughafen-hurghada-nach-sahl-hasheesh\/#primaryimage","url":"https:\/\/egytourpackages.com\/wp-content\/uploads\/2026\/02\/Private-Transfers-from-Hurghada-Airport-to-Sahl-Hasheesh.jpeg","contentUrl":"https:\/\/egytourpackages.com\/wp-content\/uploads\/2026\/02\/Private-Transfers-from-Hurghada-Airport-to-Sahl-Hasheesh.jpeg","width":1400,"height":1050,"caption":"Privattransfer vom Flughafen Hurghada nach Sahl Hasheesh"},{"@type":"BreadcrumbList","@id":"https:\/\/egytourpackages.com\/de\/touren\/privattransfer-vom-flughafen-hurghada-nach-sahl-hasheesh\/#breadcrumb","itemListElement":[{"@type":"ListItem","position":1,"name":"Startseite","item":"https:\/\/egytourpackages.com\/de\/"},{"@type":"ListItem","position":2,"name":"Shop","item":"https:\/\/egytourpackages.com\/de\/shop\/"},{"@type":"ListItem","position":3,"name":"Privattransfer vom Flughafen Hurghada nach Sahl Hasheesh"}]},{"@type":"WebSite","@id":"https:\/\/egytourpackages.com\/de\/#website","url":"https:\/\/egytourpackages.com\/de\/","name":"Egy tour packages","description":"","publisher":{"@id":"https:\/\/egytourpackages.com\/de\/#organization"},"potentialAction":[{"@type":"SearchAction","target":{"@type":"EntryPoint","urlTemplate":"https:\/\/egytourpackages.com\/de\/?s={search_term_string}"},"query-input":{"@type":"PropertyValueSpecification","valueRequired":true,"valueName":"search_term_string"}}],"inLanguage":"de"},{"@type":["Organization","Place","TravelAgency"],"@id":"https:\/\/egytourpackages.com\/de\/#organization","name":"egypt tour packages","alternateName":"egypt tour packages","url":"https:\/\/egytourpackages.com\/de\/","logo":{"@id":"https:\/\/egytourpackages.com\/de\/touren\/privattransfer-vom-flughafen-hurghada-nach-sahl-hasheesh\/#local-main-organization-logo"},"image":{"@id":"https:\/\/egytourpackages.com\/de\/touren\/privattransfer-vom-flughafen-hurghada-nach-sahl-hasheesh\/#local-main-organization-logo"},"sameAs":["https:\/\/www.facebook.com\/egytourpackages"],"legalName":"Egy tour packages","address":{"@id":"https:\/\/egytourpackages.com\/de\/touren\/privattransfer-vom-flughafen-hurghada-nach-sahl-hasheesh\/#local-main-place-address"},"telephone":["00201000852186","00201028685533"],"contactPoint":{"@type":"ContactPoint","telephone":"00201000852186"},"openingHoursSpecification":[{"@type":"OpeningHoursSpecification","dayOfWeek":["Monday","Tuesday","Wednesday","Thursday","Friday","Saturday","Sunday"],"opens":"00:00","closes":"23:59"}],"email":"info@egytourpackages.com","areaServed":"Cairo, Hurghada, Luxor, Sharm El Sheikh, Marsa Alam, Aswan","priceRange":"$","currenciesAccepted":"euro","paymentAccepted":"Payment links online"},{"@type":"PostalAddress","@id":"https:\/\/egytourpackages.com\/de\/touren\/privattransfer-vom-flughafen-hurghada-nach-sahl-hasheesh\/#local-main-place-address","streetAddress":"Mubarak 8, Al Kawthar District, Hurghada","addressLocality":"Hurghada","postalCode":"84511","addressRegion":"Red Sea","addressCountry":"EG"},{"@type":"ImageObject","inLanguage":"de","@id":"https:\/\/egytourpackages.com\/de\/touren\/privattransfer-vom-flughafen-hurghada-nach-sahl-hasheesh\/#local-main-organization-logo","url":"https:\/\/egytourpackages.com\/wp-content\/uploads\/2025\/12\/Turquoise-Dahabiya-Nile-Cruise-1.jpeg","contentUrl":"https:\/\/egytourpackages.com\/wp-content\/uploads\/2025\/12\/Turquoise-Dahabiya-Nile-Cruise-1.jpeg","width":1040,"height":694,"caption":"egypt tour packages"}]},"product_brand":"\u00c4gypten Tagestouren","product_price_currency":"EUR","og_availability":"instock","product_availability":"instock","product_retailer_item_id":"AT 06","product_condition":"new","geo.placename":"Hurghada","geo.region":"\u00c4gypten"},"_links":{"self":[{"href":"https:\/\/egytourpackages.com\/de\/wp-json\/wp\/v2\/product\/15208","targetHints":{"allow":["GET"]}}],"collection":[{"href":"https:\/\/egytourpackages.com\/de\/wp-json\/wp\/v2\/product"}],"about":[{"href":"https:\/\/egytourpackages.com\/de\/wp-json\/wp\/v2\/types\/product"}],"replies":[{"embeddable":true,"href":"https:\/\/egytourpackages.com\/de\/wp-json\/wp\/v2\/comments?post=15208"}],"wp:featuredmedia":[{"embeddable":true,"href":"https:\/\/egytourpackages.com\/de\/wp-json\/wp\/v2\/media\/14864"}],"wp:attachment":[{"href":"https:\/\/egytourpackages.com\/de\/wp-json\/wp\/v2\/media?parent=15208"}],"wp:term":[{"taxonomy":"product_brand","embeddable":true,"href":"https:\/\/egytourpackages.com\/de\/wp-json\/wp\/v2\/product_brand?post=15208"},{"taxonomy":"product_cat","embeddable":true,"href":"https:\/\/egytourpackages.com\/de\/wp-json\/wp\/v2\/product_cat?post=15208"},{"taxonomy":"product_tag","embeddable":true,"href":"https:\/\/egytourpackages.com\/de\/wp-json\/wp\/v2\/product_tag?post=15208"}],"curies":[{"name":"wp","href":"https:\/\/api.w.org\/{rel}","templated":true}]}}