{"id":15372,"date":"2025-11-03T20:11:49","date_gmt":"2025-11-03T20:11:49","guid":{"rendered":"https:\/\/egytourpackages.com\/product\/schwimmen-mit-delfinen-makadi-bay\/"},"modified":"2026-02-19T21:36:40","modified_gmt":"2026-02-19T21:36:40","slug":"schwimmen-mit-delfinen-makadi-bay","status":"publish","type":"product","link":"https:\/\/egytourpackages.com\/de\/touren\/schwimmen-mit-delfinen-makadi-bay\/","title":{"rendered":"Schwimmen mit Delfinen Makadi Bay"},"content":{"rendered":"<p><span style=\"color: #ff6600;\"><strong>Schwimmen mit Delfinen Makadi Bay | 5 oder 10 Minuten pures Gl\u00fcck<\/strong><\/span><\/p>\n<p>Erf\u00fcllen Sie sich einen Lebenstraum und buchen Sie ein <strong>unvergessliches Delfinschwimmen<\/strong> im erstklassigen Wasserzentrum in der N\u00e4he der Makadi Bay.<\/p>\n<p>Dieser <strong>Makadi Bay Ausflug<\/strong> ist der ultimative Weg, um eine tiefe, pers\u00f6nliche Verbindung zu diesen unglaublich <strong>intelligenten Meeress\u00e4ugern<\/strong> in einer sicheren und kontrollierten Umgebung zu erleben.<\/p>\n<p>W\u00e4hlen Sie Ihre perfekte Zeit \u2013 entweder die intensiven <strong>5 Minuten Delfin-Freude<\/strong> oder das erweiterte <strong>10-min\u00fctige interaktive Schwimmen<\/strong> \u2013 um w\u00e4hrend Ihres <strong>\u00c4gypten-Urlaubs<\/strong> wirklich <strong>unvergessliche Familienmomente<\/strong> zu schaffen.<\/p>\n<p>Unter der genauen Aufsicht von <strong>professionellen Delfintrainern<\/strong> betreten Sie das Becken f\u00fcr eine <strong>hautnahe Wasserinteraktion<\/strong>.<\/p>\n<p>Dieses Erlebnis beinhaltet in der Regel spannende Aktivit\u00e4ten, wie das Festhalten an der R\u00fcckenflosse des Delfins f\u00fcr einen kurzen <strong>Delfinritt<\/strong> durch das Becken, einen sanften <strong>Delfinkuss<\/strong> oder gemeinsames Spielen im Wasser.<\/p>\n<p>Diese kurze, kraftvolle Einheit ist bekannt f\u00fcr ihre <strong>positive Energie<\/strong> und <strong>therapeutische Wirkung<\/strong>, was sie zu einem Highlight unter den <strong>Attraktionen in Makadi Bay<\/strong> macht.<\/p>\n<p>Sowohl die <strong>5-min\u00fctigen<\/strong> als auch die <strong>10-min\u00fctigen<\/strong> Einheiten bieten ausreichend Zeit f\u00fcr eine pers\u00f6nliche Bindung und stellen sicher, dass unvergessliche Momente von einem professionellen Fotografen festgehalten werden (Fotos und Videos separat erh\u00e4ltlich).<\/p>\n<p>Dies ist ein Erlebnis f\u00fcr eine <strong>kurze Auszeit<\/strong>, das sich ganz auf die <strong>intime Interaktion mit Delfinen<\/strong> konzentriert \u2013 die perfekte Erg\u00e4nzung f\u00fcr jeden Urlaub am Roten Meer.<\/p>\n<h3><span style=\"color: #ff6600;\">Tour-Details<\/span><\/h3>\n<ul>\n<li>Dauer: ca. 2 Stunden (Gesamtzeit inklusive Transfer und Vorbereitung)<\/li>\n<li>Sitzungsoptionen: 5 Minuten (Einzelperson) oder 10 Minuten (Duo\/Einzelperson)<\/li>\n<li>Ort: Dolphin World (In der N\u00e4he von Makadi Bay\/Hurghada)<\/li>\n<li>Verf\u00fcgbarkeit: t\u00e4glich (abgestimmt auf die Hauptshowzeiten)<\/li>\n<li>Abholung &amp; R\u00fcckgabe: Ihr Hotel in Hurghada<\/li>\n<li>Typ: Gruppe (gemeinsamer Transfer) \/ private Sitzung (Zeitfenster ist f\u00fcr Ihre Gruppe reserviert)<\/li>\n<\/ul>\n<h3><span style=\"color: #ff6600;\">Tour-Highlights<\/span><\/h3>\n<ul>\n<li>Wahl zwischen 5 oder 10 Minuten direkter Interaktion mit Delfinen<\/li>\n<li>Erleben Sie einen aufregenden Delfinritt (Ziehen an der R\u00fcckenflosse)<\/li>\n<li>Gelegenheit f\u00fcr einen Delfinkuss und einen H\u00e4ndedruck<\/li>\n<li>\u00dcberwachte und sichere Poolumgebung mit Experten-Trainern<\/li>\n<li>Unvergessliche Gef\u00fchle und positiver Energieaustausch<\/li>\n<\/ul>\n<h3><span style=\"color: #ff6600;\">Inklusivleistungen<\/span><\/h3>\n<ul>\n<li>Hin- und R\u00fccktransfer von Ihrem Hotel in der Makadi Bay in einem modernen, klimatisierten Fahrzeug.<\/li>\n<li>Sitzungszeit im Pool (5 oder 10 Minuten) mit dem Delfin.<\/li>\n<li>Nutzung von Schwimmwesten und Sicherheitsausr\u00fcstung.<\/li>\n<li>Anleitung und Sicherheits\u00fcberwachung durch professionelle Delfintrainer.<\/li>\n<\/ul>\n<h3><span style=\"color: #ff6600;\">Ausschl\u00fcsse<\/span><\/h3>\n<ul>\n<li>Eintrittskarte zur Haupt-Delfinshow (muss separat erworben werden).<\/li>\n<li>Fotos und Videos vom professionellen Fotografen (gegen Aufpreis).<\/li>\n<li>Trinkgeld (empfohlen f\u00fcr Trainer und Fahrer).<\/li>\n<li>Speisen oder Getr\u00e4nke vor Ort.<\/li>\n<\/ul>\n<h3><span style=\"color: #ff6600;\">Was Sie mitbringen sollten<\/span><\/h3>\n<ul>\n<li>Badeanzug \/ Badehose (Muss unter der Kleidung getragen werden)<\/li>\n<li>Handtuch<\/li>\n<li>Sonnencreme (Vor der Sitzung aufgetragen)<\/li>\n<li>Bargeld f\u00fcr Foto-\/Videok\u00e4ufe und optionale Trinkgelder<\/li>\n<\/ul>\n<h2><span style=\"color: #993366;\"><em>Ablauf<\/em><\/span><\/h2>\n<h3><span style=\"color: #ff6600;\">Abholung vor der Sitzung:<\/span><\/h3>\n<p>Ihr klimatisiertes Fahrzeug holt Sie von Ihrem Hotel in der Makadi Bay ab (die Zeit richtet sich nach dem Sitzungsfenster, oft vor oder nach der Hauptshow).<\/p>\n<p><span style=\"color: #993366;\"><em><strong>Ankunft und Sicherheitseinweisung:<\/strong><\/em><\/span><\/p>\n<p>Ankunft im Zentrum <strong>Dolphin World<\/strong>. Sie treffen Ihren Trainer, erhalten eine Schwimmweste und eine strikte <strong>Sicherheitsunterweisung<\/strong> f\u00fcr den Umgang mit den <strong>Delfinen<\/strong>.<\/p>\n<p><span style=\"color: #993366;\"><em><strong>Das Schwimmen (5 oder 10 Minuten):<\/strong><\/em><\/span><\/p>\n<p>Betreten des Poolbereichs. Sie verbringen Ihre reservierte Zeit mit dem <strong>Schwimmen und Spielen mit den Delfinen<\/strong> unter direkter Aufsicht des Trainers. Beliebte Posen sind der <strong>Delfinritt<\/strong> und eine interaktive Umarmung oder ein Kuss.<\/p>\n<p><span style=\"color: #993366;\"><em><strong>Foto-Ansicht und R\u00fcckkehr:<\/strong><\/em><\/span><\/p>\n<p>Unmittelbar nach der <strong>hautnahen Interaktion<\/strong> verlassen Sie das Becken. Sie haben die M\u00f6glichkeit, die professionellen Fotos\/Videos Ihrer Sitzung anzusehen und zu erwerben, bevor Sie Ihr komfortabler Transfer zur\u00fcck zu Ihrem Hotel in der Makadi Bay bringt.<\/p>\n<p><span style=\"color: #993366;\"><em>Schwimmen mit Delfinen Makadi Bay Preis<\/em><\/span><\/p>\n<ul>\n<li>Erwachsenenpreis f\u00fcr 5 Minuten = 40 \u20ac<\/li>\n<li>Erwachsenenpreis f\u00fcr 10 Minuten = 55 \u20ac<\/li>\n<li>Kinder 5-11 Jahre = gleicher Preis wie Erwachsene<\/li>\n<\/ul>\n<h3><span style=\"color: #ff6600;\">Buchung<\/span><\/h3>\n<p>Sie k\u00f6nnen Ihr Schwimmen mit Delfinen in der Makadi Bay \u00fcber WhatsApp buchen oder uns eine E-Mail senden. Sie erhalten die Best\u00e4tigung sofort.<\/p>\n<p>Bitte senden Sie uns Ihren Hotelnamen und Ihre Zimmernummer.<\/p>\n<p>WhatsApp: +201000852186<\/p>\n<p>info@egytourpackages.com<\/p>\n<h3><span style=\"color: #ff6600;\">Jetzt buchen &amp; vor Ort bezahlen<\/span><\/h3>\n<p>Buchen Sie Ihre Lieblingstour und bezahlen Sie am Tag des Ausflugs.<\/p>\n<h3><span style=\"color: #ff6600;\">Bezahlung<\/span><\/h3>\n<p>Sie k\u00f6nnen in \u00c4gyptischen Pfund, $, \u20ac oder \u00a3 bezahlen.<\/p>\n<h2><span style=\"color: #993366;\"><em>FAQ<\/em><\/span><\/h2>\n<h3><span style=\"color: #ff6600;\">Welche Dauer wird empfohlen?<\/span><\/h3>\n<p>Die 5-min\u00fctige Sitzung ist perfekt f\u00fcr Kinder oder diejenigen, die eine kurze, magische Begegnung suchen.<\/p>\n<p>Die 10-min\u00fctige Sitzung wird f\u00fcr Paare oder Einzelpersonen empfohlen, die eine l\u00e4ngere Interaktion mit dem Delfin w\u00fcnschen, was mehr Abwechslung beim Spielen und mehr Fotom\u00f6glichkeiten bietet.<\/p>\n<h3><span style=\"color: #ff6600;\">Kann ein Nichtschwimmer teilnehmen?<\/span><\/h3>\n<p>Ja. Die Sitzungen finden in einem Pool mit einem Trainer statt, und eine Schwimmweste wird gestellt und ist f\u00fcr alle Teilnehmer obligatorisch, um maximale Sicherheit unabh\u00e4ngig von den Schwimmf\u00e4higkeiten zu gew\u00e4hrleisten.<\/p>\n<h3><span style=\"color: #ff6600;\">Kann ich in der 5-Minuten-Sitzung mit meinem eigenen Kind schwimmen?<\/span><\/h3>\n<p>In der Regel ist die 5-min\u00fctige Sitzung f\u00fcr Einzelpersonen gedacht.<\/p>\n<p>Wenn Sie die Zeit im Wasser mit einem geliebten Menschen teilen m\u00f6chten (z. B. Kind oder Partner), sollten Sie die 10-min\u00fctige Duo-Option buchen, damit Sie beide gen\u00fcgend interaktive Zeit haben.<\/p>\n<h3><span style=\"color: #ff6600;\">Warum sind eigene Kameras im Pool nicht erlaubt?<\/span><\/h3>\n<p>Zur Sicherheit der Delfine ist das Fotografieren im Poolbereich strengstens untersagt.<\/p>\n<p>Diese Regelung stellt sicher, dass die Tiere nicht durch Ger\u00e4te abgelenkt werden und die Trainer sich voll und ganz auf die Interaktion konzentrieren k\u00f6nnen.<\/p>\n<h3><span style=\"color: #ff6600;\">Ben\u00f6tige ich ein separates Ticket f\u00fcr die Delfinshow?<\/span><\/h3>\n<p>Ja. Das Schwimmen mit Delfinen ist eine exklusive Aktivit\u00e4t mit festem Zeitplan, und der Preis beinhaltet nicht den Eintritt zur allgemeinen Delfinshow. Diese Tickets m\u00fcssen separat erworben werden.<\/p>\n","protected":false},"excerpt":{"rendered":"<p>Erleben Sie Schwimmen mit Delfinen Makadi Bay! Genie\u00dfen Sie unvergessliche Momente im Wasser, professionelle Begleitung und puren Urlaubsspa\u00df in \u00c4gypten.<\/p>\n","protected":false},"featured_media":0,"comment_status":"closed","ping_status":"closed","template":"","meta":[],"product_brand":[],"product_cat":[1494],"product_tag":[1495,1503],"class_list":{"0":"post-15372","1":"product","2":"type-product","3":"status-publish","5":"product_cat-touren","6":"product_tag-agypten-tagestouren","7":"product_tag-hurghada-ausfluge","8":"tour_category-agypten-tagestouren","9":"tour_category-die-besten-aktivitaten-in-hurghada-mit-kindern","10":"tour_category-hurghada-ausfluge","12":"first","13":"instock","14":"sale","15":"shipping-taxable","16":"purchasable","17":"product-type-tour","18":"has-default-attributes"},"yoast_head":"<!-- This site is optimized with the Yoast SEO Premium plugin v27.2 (Yoast SEO v27.2) - https:\/\/yoast.com\/product\/yoast-seo-premium-wordpress\/ -->\n<title>Schwimmen mit Delfinen Makadi Bay<\/title>\n<meta name=\"description\" content=\"Erleben Sie Schwimmen mit Delfinen Makadi Bay! Genie\u00dfen Sie unvergessliche Momente im Wasser, professionelle Begleitung und puren Urlaubsspa\u00df in \u00c4gypten.\" \/>\n<meta name=\"robots\" content=\"index, follow, max-snippet:-1, max-image-preview:large, max-video-preview:-1\" \/>\n<link rel=\"canonical\" href=\"https:\/\/egytourpackages.com\/de\/touren\/schwimmen-mit-delfinen-makadi-bay\/\" \/>\n<meta property=\"og:locale\" content=\"de_DE\" \/>\n<meta property=\"og:type\" content=\"article\" \/>\n<meta property=\"og:title\" content=\"Schwimmen mit Delfinen Makadi Bay\" \/>\n<meta property=\"og:description\" content=\"Erleben Sie Schwimmen mit Delfinen Makadi Bay! Genie\u00dfen Sie unvergessliche Momente im Wasser, professionelle Begleitung und puren Urlaubsspa\u00df in \u00c4gypten.\" \/>\n<meta property=\"og:url\" content=\"https:\/\/egytourpackages.com\/de\/touren\/schwimmen-mit-delfinen-makadi-bay\/\" \/>\n<meta property=\"og:site_name\" content=\"\u00c4gypten-Reisepakete\" \/>\n<meta property=\"article:publisher\" content=\"https:\/\/www.facebook.com\/egytourpackages\" \/>\n<meta property=\"article:modified_time\" content=\"2026-02-19T21:36:40+00:00\" \/>\n<meta property=\"og:image\" content=\"https:\/\/egytourpackages.com\/wp-content\/uploads\/2025\/12\/IMG_20241212_130656.jpg\" \/>\n\t<meta property=\"og:image:width\" content=\"900\" \/>\n\t<meta property=\"og:image:height\" content=\"675\" \/>\n\t<meta property=\"og:image:type\" content=\"image\/jpeg\" \/>\n<meta name=\"twitter:card\" content=\"summary_large_image\" \/>\n<meta name=\"twitter:title\" content=\"Schwimmen mit Delfinen Makadi Bay\" \/>\n<meta name=\"twitter:label1\" content=\"Preis\" \/>\n\t<meta name=\"twitter:data1\" content=\"&euro;40\" \/>\n\t<meta name=\"twitter:label2\" content=\"Verf\u00fcgbarkeit\" \/>\n\t<meta name=\"twitter:data2\" content=\"Auf Lager\" \/>\n<script type=\"application\/ld+json\" class=\"yoast-schema-graph\">{\"@context\":\"https:\/\/schema.org\",\"@graph\":[{\"@type\":\"WebPage\",\"@id\":\"https:\/\/egytourpackages.com\/de\/touren\/schwimmen-mit-delfinen-makadi-bay\/\",\"url\":\"https:\/\/egytourpackages.com\/de\/touren\/schwimmen-mit-delfinen-makadi-bay\/\",\"name\":\"Schwimmen mit Delfinen Makadi Bay\",\"isPartOf\":{\"@id\":\"https:\/\/egytourpackages.com\/de\/#website\"},\"datePublished\":\"2025-11-03T20:11:49+00:00\",\"dateModified\":\"2026-02-19T21:36:40+00:00\",\"description\":\"Erleben Sie Schwimmen mit Delfinen Makadi Bay! Genie\u00dfen Sie unvergessliche Momente im Wasser, professionelle Begleitung und puren Urlaubsspa\u00df in \u00c4gypten.\",\"breadcrumb\":{\"@id\":\"https:\/\/egytourpackages.com\/de\/touren\/schwimmen-mit-delfinen-makadi-bay\/#breadcrumb\"},\"inLanguage\":\"de\",\"potentialAction\":[{\"@type\":\"ReadAction\",\"target\":[\"https:\/\/egytourpackages.com\/de\/touren\/schwimmen-mit-delfinen-makadi-bay\/\"]}]},{\"@type\":\"BreadcrumbList\",\"@id\":\"https:\/\/egytourpackages.com\/de\/touren\/schwimmen-mit-delfinen-makadi-bay\/#breadcrumb\",\"itemListElement\":[{\"@type\":\"ListItem\",\"position\":1,\"name\":\"Startseite\",\"item\":\"https:\/\/egytourpackages.com\/de\/\"},{\"@type\":\"ListItem\",\"position\":2,\"name\":\"Shop\",\"item\":\"https:\/\/egytourpackages.com\/de\/shop\/\"},{\"@type\":\"ListItem\",\"position\":3,\"name\":\"Schwimmen mit Delfinen Makadi Bay\"}]},{\"@type\":\"WebSite\",\"@id\":\"https:\/\/egytourpackages.com\/de\/#website\",\"url\":\"https:\/\/egytourpackages.com\/de\/\",\"name\":\"Egy tour packages\",\"description\":\"\",\"publisher\":{\"@id\":\"https:\/\/egytourpackages.com\/de\/#organization\"},\"potentialAction\":[{\"@type\":\"SearchAction\",\"target\":{\"@type\":\"EntryPoint\",\"urlTemplate\":\"https:\/\/egytourpackages.com\/de\/?s={search_term_string}\"},\"query-input\":{\"@type\":\"PropertyValueSpecification\",\"valueRequired\":true,\"valueName\":\"search_term_string\"}}],\"inLanguage\":\"de\"},{\"@type\":[\"Organization\",\"Place\",\"TravelAgency\"],\"@id\":\"https:\/\/egytourpackages.com\/de\/#organization\",\"name\":\"egypt tour packages\",\"alternateName\":\"egypt tour packages\",\"url\":\"https:\/\/egytourpackages.com\/de\/\",\"logo\":{\"@id\":\"https:\/\/egytourpackages.com\/de\/touren\/schwimmen-mit-delfinen-makadi-bay\/#local-main-organization-logo\"},\"image\":{\"@id\":\"https:\/\/egytourpackages.com\/de\/touren\/schwimmen-mit-delfinen-makadi-bay\/#local-main-organization-logo\"},\"sameAs\":[\"https:\/\/www.facebook.com\/egytourpackages\"],\"legalName\":\"Egy tour packages\",\"address\":{\"@id\":\"https:\/\/egytourpackages.com\/de\/touren\/schwimmen-mit-delfinen-makadi-bay\/#local-main-place-address\"},\"telephone\":[\"00201000852186\",\"00201028685533\"],\"contactPoint\":{\"@type\":\"ContactPoint\",\"telephone\":\"00201000852186\"},\"openingHoursSpecification\":[{\"@type\":\"OpeningHoursSpecification\",\"dayOfWeek\":[\"Monday\",\"Tuesday\",\"Wednesday\",\"Thursday\",\"Friday\",\"Saturday\",\"Sunday\"],\"opens\":\"00:00\",\"closes\":\"23:59\"}],\"email\":\"info@egytourpackages.com\",\"areaServed\":\"Cairo, Hurghada, Luxor, Sharm El Sheikh, Marsa Alam, Aswan\",\"priceRange\":\"$\",\"currenciesAccepted\":\"euro\",\"paymentAccepted\":\"Payment links online\"},{\"@type\":\"PostalAddress\",\"@id\":\"https:\/\/egytourpackages.com\/de\/touren\/schwimmen-mit-delfinen-makadi-bay\/#local-main-place-address\",\"streetAddress\":\"Mubarak 8, Al Kawthar District, Hurghada\",\"addressLocality\":\"Hurghada\",\"postalCode\":\"84511\",\"addressRegion\":\"Red Sea\",\"addressCountry\":\"EG\"},{\"@type\":\"ImageObject\",\"inLanguage\":\"de\",\"@id\":\"https:\/\/egytourpackages.com\/de\/touren\/schwimmen-mit-delfinen-makadi-bay\/#local-main-organization-logo\",\"url\":\"https:\/\/egytourpackages.com\/wp-content\/uploads\/2025\/12\/Turquoise-Dahabiya-Nile-Cruise-1.jpeg\",\"contentUrl\":\"https:\/\/egytourpackages.com\/wp-content\/uploads\/2025\/12\/Turquoise-Dahabiya-Nile-Cruise-1.jpeg\",\"width\":1040,\"height\":694,\"caption\":\"egypt tour packages\"}]}<\/script>\n<meta property=\"product:brand\" content=\"\u00c4gypten Tagestouren\" \/>\n<meta property=\"product:price:amount\" content=\"40\" \/>\n<meta property=\"product:price:currency\" content=\"EUR\" \/>\n<meta property=\"og:availability\" content=\"instock\" \/>\n<meta property=\"product:availability\" content=\"instock\" \/>\n<meta property=\"product:retailer_item_id\" content=\"HDT28\" \/>\n<meta property=\"product:condition\" content=\"new\" \/>\n<meta name=\"geo.placename\" content=\"Hurghada\" \/>\n<meta name=\"geo.region\" content=\"\u00c4gypten\" \/>\n<!-- \/ Yoast SEO Premium plugin. -->","yoast_head_json":{"title":"Schwimmen mit Delfinen Makadi Bay","description":"Erleben Sie Schwimmen mit Delfinen Makadi Bay! Genie\u00dfen Sie unvergessliche Momente im Wasser, professionelle Begleitung und puren Urlaubsspa\u00df in \u00c4gypten.","robots":{"index":"index","follow":"follow","max-snippet":"max-snippet:-1","max-image-preview":"max-image-preview:large","max-video-preview":"max-video-preview:-1"},"canonical":"https:\/\/egytourpackages.com\/de\/touren\/schwimmen-mit-delfinen-makadi-bay\/","og_locale":"de_DE","og_type":"article","og_title":"Schwimmen mit Delfinen Makadi Bay","og_description":"Erleben Sie Schwimmen mit Delfinen Makadi Bay! Genie\u00dfen Sie unvergessliche Momente im Wasser, professionelle Begleitung und puren Urlaubsspa\u00df in \u00c4gypten.","og_url":"https:\/\/egytourpackages.com\/de\/touren\/schwimmen-mit-delfinen-makadi-bay\/","og_site_name":"\u00c4gypten-Reisepakete","article_publisher":"https:\/\/www.facebook.com\/egytourpackages","article_modified_time":"2026-02-19T21:36:40+00:00","og_image":[{"width":900,"height":675,"url":"https:\/\/egytourpackages.com\/wp-content\/uploads\/2025\/12\/IMG_20241212_130656.jpg","type":"image\/jpeg"}],"twitter_card":"summary_large_image","twitter_title":"Schwimmen mit Delfinen Makadi Bay","twitter_misc":{"Preis":"&euro;40","Verf\u00fcgbarkeit":"Auf Lager"},"schema":{"@context":"https:\/\/schema.org","@graph":[{"@type":"WebPage","@id":"https:\/\/egytourpackages.com\/de\/touren\/schwimmen-mit-delfinen-makadi-bay\/","url":"https:\/\/egytourpackages.com\/de\/touren\/schwimmen-mit-delfinen-makadi-bay\/","name":"Schwimmen mit Delfinen Makadi Bay","isPartOf":{"@id":"https:\/\/egytourpackages.com\/de\/#website"},"datePublished":"2025-11-03T20:11:49+00:00","dateModified":"2026-02-19T21:36:40+00:00","description":"Erleben Sie Schwimmen mit Delfinen Makadi Bay! Genie\u00dfen Sie unvergessliche Momente im Wasser, professionelle Begleitung und puren Urlaubsspa\u00df in \u00c4gypten.","breadcrumb":{"@id":"https:\/\/egytourpackages.com\/de\/touren\/schwimmen-mit-delfinen-makadi-bay\/#breadcrumb"},"inLanguage":"de","potentialAction":[{"@type":"ReadAction","target":["https:\/\/egytourpackages.com\/de\/touren\/schwimmen-mit-delfinen-makadi-bay\/"]}]},{"@type":"BreadcrumbList","@id":"https:\/\/egytourpackages.com\/de\/touren\/schwimmen-mit-delfinen-makadi-bay\/#breadcrumb","itemListElement":[{"@type":"ListItem","position":1,"name":"Startseite","item":"https:\/\/egytourpackages.com\/de\/"},{"@type":"ListItem","position":2,"name":"Shop","item":"https:\/\/egytourpackages.com\/de\/shop\/"},{"@type":"ListItem","position":3,"name":"Schwimmen mit Delfinen Makadi Bay"}]},{"@type":"WebSite","@id":"https:\/\/egytourpackages.com\/de\/#website","url":"https:\/\/egytourpackages.com\/de\/","name":"Egy tour packages","description":"","publisher":{"@id":"https:\/\/egytourpackages.com\/de\/#organization"},"potentialAction":[{"@type":"SearchAction","target":{"@type":"EntryPoint","urlTemplate":"https:\/\/egytourpackages.com\/de\/?s={search_term_string}"},"query-input":{"@type":"PropertyValueSpecification","valueRequired":true,"valueName":"search_term_string"}}],"inLanguage":"de"},{"@type":["Organization","Place","TravelAgency"],"@id":"https:\/\/egytourpackages.com\/de\/#organization","name":"egypt tour packages","alternateName":"egypt tour packages","url":"https:\/\/egytourpackages.com\/de\/","logo":{"@id":"https:\/\/egytourpackages.com\/de\/touren\/schwimmen-mit-delfinen-makadi-bay\/#local-main-organization-logo"},"image":{"@id":"https:\/\/egytourpackages.com\/de\/touren\/schwimmen-mit-delfinen-makadi-bay\/#local-main-organization-logo"},"sameAs":["https:\/\/www.facebook.com\/egytourpackages"],"legalName":"Egy tour packages","address":{"@id":"https:\/\/egytourpackages.com\/de\/touren\/schwimmen-mit-delfinen-makadi-bay\/#local-main-place-address"},"telephone":["00201000852186","00201028685533"],"contactPoint":{"@type":"ContactPoint","telephone":"00201000852186"},"openingHoursSpecification":[{"@type":"OpeningHoursSpecification","dayOfWeek":["Monday","Tuesday","Wednesday","Thursday","Friday","Saturday","Sunday"],"opens":"00:00","closes":"23:59"}],"email":"info@egytourpackages.com","areaServed":"Cairo, Hurghada, Luxor, Sharm El Sheikh, Marsa Alam, Aswan","priceRange":"$","currenciesAccepted":"euro","paymentAccepted":"Payment links online"},{"@type":"PostalAddress","@id":"https:\/\/egytourpackages.com\/de\/touren\/schwimmen-mit-delfinen-makadi-bay\/#local-main-place-address","streetAddress":"Mubarak 8, Al Kawthar District, Hurghada","addressLocality":"Hurghada","postalCode":"84511","addressRegion":"Red Sea","addressCountry":"EG"},{"@type":"ImageObject","inLanguage":"de","@id":"https:\/\/egytourpackages.com\/de\/touren\/schwimmen-mit-delfinen-makadi-bay\/#local-main-organization-logo","url":"https:\/\/egytourpackages.com\/wp-content\/uploads\/2025\/12\/Turquoise-Dahabiya-Nile-Cruise-1.jpeg","contentUrl":"https:\/\/egytourpackages.com\/wp-content\/uploads\/2025\/12\/Turquoise-Dahabiya-Nile-Cruise-1.jpeg","width":1040,"height":694,"caption":"egypt tour packages"}]},"product_brand":"\u00c4gypten Tagestouren","product_price_amount":"40","product_price_currency":"EUR","og_availability":"instock","product_availability":"instock","product_retailer_item_id":"HDT28","product_condition":"new","geo.placename":"Hurghada","geo.region":"\u00c4gypten"},"_links":{"self":[{"href":"https:\/\/egytourpackages.com\/de\/wp-json\/wp\/v2\/product\/15372","targetHints":{"allow":["GET"]}}],"collection":[{"href":"https:\/\/egytourpackages.com\/de\/wp-json\/wp\/v2\/product"}],"about":[{"href":"https:\/\/egytourpackages.com\/de\/wp-json\/wp\/v2\/types\/product"}],"replies":[{"embeddable":true,"href":"https:\/\/egytourpackages.com\/de\/wp-json\/wp\/v2\/comments?post=15372"}],"wp:attachment":[{"href":"https:\/\/egytourpackages.com\/de\/wp-json\/wp\/v2\/media?parent=15372"}],"wp:term":[{"taxonomy":"product_brand","embeddable":true,"href":"https:\/\/egytourpackages.com\/de\/wp-json\/wp\/v2\/product_brand?post=15372"},{"taxonomy":"product_cat","embeddable":true,"href":"https:\/\/egytourpackages.com\/de\/wp-json\/wp\/v2\/product_cat?post=15372"},{"taxonomy":"product_tag","embeddable":true,"href":"https:\/\/egytourpackages.com\/de\/wp-json\/wp\/v2\/product_tag?post=15372"}],"curies":[{"name":"wp","href":"https:\/\/api.w.org\/{rel}","templated":true}]}}