{"id":15396,"date":"2025-11-14T23:32:22","date_gmt":"2025-11-14T23:32:22","guid":{"rendered":"https:\/\/egytourpackages.com\/product\/privattransfer-vom-flughafen-hurghada-zu-hotels-in-der-makadi-bay\/"},"modified":"2026-02-19T21:20:34","modified_gmt":"2026-02-19T21:20:34","slug":"privattransfer-vom-flughafen-hurghada-zu-hotels-in-der-makadi-bay","status":"publish","type":"product","link":"https:\/\/egytourpackages.com\/de\/touren\/privattransfer-vom-flughafen-hurghada-zu-hotels-in-der-makadi-bay\/","title":{"rendered":"Privattransfer vom Flughafen Hurghada zu Hotels in der Makadi Bay"},"content":{"rendered":"<p><span style=\"color: #ff6600;\"><strong>Privattransfer vom Flughafen Hurghada zu Hotels in der Makadi Bay | Preis pro Fahrzeug<\/strong><\/span><\/p>\n<p>Beginnen Sie Ihren exklusiven <strong>Urlaub in der Makadi Bay<\/strong> mit dem ultimativen <strong>stressfreien Reisen<\/strong>: einem <strong>vorausgebuchten Privattransfer<\/strong> vom <strong>Internationalen Flughafen Hurghada (HRG)<\/strong> direkt zu Ihrem <strong>Hotel in der Makadi Bay<\/strong>.<\/p>\n<p>Auf der Suche nach einem <strong>zuverl\u00e4ssigen Transport am Roten Meer<\/strong> wird ein privater Autoservice konsequent als die <strong>beste Option f\u00fcr den Flughafentransfer<\/strong> in Bezug auf Geschwindigkeit, Sicherheit und Komfort eingestuft.<\/p>\n<h3><span style=\"color: #ff6600;\">Warum einen Privattransfer von Hurghada zur Makadi Bay buchen?<\/span><\/h3>\n<p><span style=\"color: #993366;\"><em><strong>Pers\u00f6nlicher Meet &amp; Greet Service<\/strong><\/em><\/span><\/p>\n<p>Vergessen Sie den Stress bei der Suche nach einem Transportmittel. Ihr <strong>pers\u00f6nlicher Fahrer<\/strong> erwartet Sie direkt vor der <strong>Ankunftshalle<\/strong> mit einem Schild, auf dem deutlich Ihr Name steht.<\/p>\n<p>Er wird Ihnen pers\u00f6nlich mit Ihrem <strong>Gep\u00e4ck<\/strong> behilflich sein, sodass Sie sich einfach entspannen und Ihren <strong>Privattransfer genie\u00dfen<\/strong> k\u00f6nnen \u2013 vom <strong>Flughafen Hurghada zu Ihrem Hotel in der Makadi Bay<\/strong>.<\/p>\n<p>Die Fahrt zu den Hotels in der Makadi Bay dauert etwa 30 bis 45 Minuten bei einer Entfernung von ca. 30 Kilometern. Dies ist die schnellste und <strong>effizienteste Flughafenabholung<\/strong>, die verf\u00fcgbar ist.<\/p>\n<h3><span style=\"color: #ff6600;\">Komfort und Sicherheit garantiert<\/span><\/h3>\n<p>Ihr Transfer erfolgt in einem <strong>modernen, klimatisierten Fahrzeug<\/strong>, das eine angenehme Fahrt nach Ihrem Flug garantiert. Alle Fahrzeuge werden regelm\u00e4\u00dfig gewartet und bieten in der Regel ausreichend Platz f\u00fcr Ihr <strong>Gep\u00e4ck, Golftaschen oder Tauchausr\u00fcstung<\/strong>.<\/p>\n<p>F\u00fcr Familien bieten viele Dienste auf Anfrage <strong>Babyschale<\/strong> oder Kindersitze an, was f\u00fcr zus\u00e4tzliche Sicherheit sorgt.<\/p>\n<h3><span style=\"color: #ff6600;\">M\u00fchelose 24\/7 Buchung und Service<\/span><\/h3>\n<p>Die Buchung Ihres Transfers zu den <strong>Resorts in der Makadi Bay<\/strong> ist auf maximalen Komfort ausgelegt. Sie k\u00f6nnen Ihren <strong>Flughafentransfer per Taxi<\/strong> ganz einfach \u00fcber <strong>WhatsApp, E-Mail oder einen Anruf<\/strong> reservieren.<\/p>\n<p>Um Ihre Fahrt zu sichern, geben Sie einfach Ihre <strong>Flugnummer<\/strong> und <strong>Ankunftszeit<\/strong> an \u2013 wir k\u00fcmmern uns um alle logistischen Details.<\/p>\n<p>Tats\u00e4chlich bieten wir einen <strong>24-Stunden-Service<\/strong> mit einer Flotte von <strong>modernen und klimatisierten Fahrzeugen<\/strong> an, die bereitstehen, Sie zu <strong>jeder Zeit am Flughafen Hurghada<\/strong> abzuholen, egal ob Tag oder Nacht.<\/p>\n<h3><span style=\"color: #ff6600;\">Fester, erschwinglicher Preis<\/span><\/h3>\n<p>Sichern Sie sich einen <strong>festen All-Inclusive-Preis<\/strong>, wenn Sie online buchen. Diese Transparenz ist ein gro\u00dfer Vorteil, da sie bedeutet, dass es keine \u00dcberraschungskosten gibt und Sie keine <strong>Taxipreise aushandeln<\/strong> m\u00fcssen am Flughafen.<\/p>\n<p>Dies ist oft der <strong>Transfer mit dem besten Preis-Leistungs-Verh\u00e4ltnis<\/strong> f\u00fcr Gruppen oder Familien im Vergleich zu einer ungeplanten Fahrt mit dem <strong>Flughafentaxi<\/strong>.<\/p>\n<h3><span style=\"color: #ff6600;\">Buchen Sie Ihr Makadi Bay Flughafentaxi im Voraus<\/span><\/h3>\n<p>F\u00fcr absolute Sorgenfreiheit empfehlen wir dringend, Ihren <strong>Transfer in die Makadi Bay<\/strong> rechtzeitig vor Ihrem Reisedatum zu reservieren.<\/p>\n<p>Dies stellt sicher, dass Ihr Fahrer auf Sie wartet, selbst wenn Ihr Flug nach <strong>Hurghada<\/strong> Versp\u00e4tung hat. Es ist der <strong>einfachste Weg<\/strong>, vom Flughafenterminal in den <strong>luxuri\u00f6sen Komfort<\/strong> Ihres Resorts am Roten Meer zu wechseln.<\/p>\n<h2><span style=\"color: #993366;\"><em>Hinweis<\/em><\/span><\/h2>\n<p>Bitte beachten Sie, dass unser Preis f\u00fcr Transfers vom Flughafen Hurghada zu den Resorts in der Makadi Bay pro Fahrzeug gilt und es keine versteckten \u00dcberraschungen gibt. Weitere Informationen zu Taxitransfers am Flughafen Hurghada finden Sie in unserem Bereich <strong>Flughafentransfers<\/strong>.<\/p>\n<h3><span style=\"color: #ff6600;\">Preis f\u00fcr Privattransfer vom Flughafen Hurghada zu Hotels in der Makadi Bay<\/span><\/h3>\n<p>Pro Fahrzeug: 25 \u20ac<\/p>\n<h3><span style=\"color: #ff6600;\">Buchung<\/span><\/h3>\n<p>Sie k\u00f6nnen Ihre Tour \u00fcber WhatsApp buchen oder uns eine E-Mail senden. Sie erhalten die Best\u00e4tigung sofort.<\/p>\n<p>WhatsApp: +201000852186<\/p>\n<p>info@egytourpackages.com<\/p>\n<h3><span style=\"color: #ff6600;\">Jetzt buchen &amp; vor Ort bezahlen<\/span><\/h3>\n<p>Buchen Sie Ihren bevorzugten Transfer und bezahlen Sie direkt vor Ort.<\/p>\n<h3><span style=\"color: #ff6600;\">Bezahlung<\/span><\/h3>\n<p>Sie k\u00f6nnen in \u00c4gyptischen Pfund, $, \u20ac oder \u00a3 bezahlen.<\/p>\n<h3><span style=\"color: #ff6600;\">Stornierungsbedingungen<\/span><\/h3>\n<p>Die Stornierung ist kostenlos.<\/p>\n","protected":false},"excerpt":{"rendered":"<p>Buchen Sie Ihren <b data-path-to-node=\"0\" data-index-in-node=\"17\">Privattransfer vom Flughafen Hurghada zu Hotels in der Makadi Bay<\/b>. Sicherer, p\u00fcnktlicher Service &amp; VIP-Komfort in \u00c4gypten. Jetzt buchen!<\/p>\n","protected":false},"featured_media":9198,"comment_status":"closed","ping_status":"closed","template":"","meta":[],"product_brand":[],"product_cat":[1494],"product_tag":[1495,1536],"class_list":{"0":"post-15396","1":"product","2":"type-product","3":"status-publish","4":"has-post-thumbnail","6":"product_cat-touren","7":"product_tag-agypten-tagestouren","8":"product_tag-flughafentransfer","9":"tour_category-agypten-tagestouren","10":"tour_category-flughafentransfer","12":"first","13":"instock","14":"sale","15":"shipping-taxable","16":"purchasable","17":"product-type-tour"},"yoast_head":"<!-- This site is optimized with the Yoast SEO Premium plugin v27.2 (Yoast SEO v27.2) - https:\/\/yoast.com\/product\/yoast-seo-premium-wordpress\/ -->\n<title>Privattransfer vom Flughafen Hurghada zu Hotels in der Makadi Bay<\/title>\n<meta name=\"description\" content=\"Buchen Sie Ihren Privattransfer vom Flughafen Hurghada zu Hotels in der Makadi Bay. Sicherer, p\u00fcnktlicher Service &amp; VIP-Komfort in \u00c4gypten. Jetzt buchen!\" \/>\n<meta name=\"robots\" content=\"index, follow, max-snippet:-1, max-image-preview:large, max-video-preview:-1\" \/>\n<link rel=\"canonical\" href=\"https:\/\/egytourpackages.com\/de\/touren\/privattransfer-vom-flughafen-hurghada-zu-hotels-in-der-makadi-bay\/\" \/>\n<meta property=\"og:locale\" content=\"de_DE\" \/>\n<meta property=\"og:type\" content=\"article\" \/>\n<meta property=\"og:title\" content=\"Privattransfer vom Flughafen Hurghada zu Hotels in der Makadi Bay\" \/>\n<meta property=\"og:description\" content=\"Buchen Sie Ihren Privattransfer vom Flughafen Hurghada zu Hotels in der Makadi Bay. Sicherer, p\u00fcnktlicher Service &amp; VIP-Komfort in \u00c4gypten. Jetzt buchen!\" \/>\n<meta property=\"og:url\" content=\"https:\/\/egytourpackages.com\/de\/touren\/privattransfer-vom-flughafen-hurghada-zu-hotels-in-der-makadi-bay\/\" \/>\n<meta property=\"og:site_name\" content=\"\u00c4gypten-Reisepakete\" \/>\n<meta property=\"article:publisher\" content=\"https:\/\/www.facebook.com\/egytourpackages\" \/>\n<meta property=\"article:modified_time\" content=\"2026-02-19T21:20:34+00:00\" \/>\n<meta property=\"og:image\" content=\"https:\/\/egytourpackages.com\/wp-content\/uploads\/2025\/11\/Private-Transfer-from-Hurghada-Airport-to-Makadi-Bay-Hotels-1024x768.jpeg\" \/>\n<meta name=\"twitter:card\" content=\"summary_large_image\" \/>\n<meta name=\"twitter:title\" content=\"Privattransfer vom Flughafen Hurghada zu Hotels in der Makadi Bay\" \/>\n<meta name=\"twitter:label1\" content=\"Preis\" \/>\n\t<meta name=\"twitter:data1\" content=\"&euro;25\" \/>\n\t<meta name=\"twitter:label2\" content=\"Verf\u00fcgbarkeit\" \/>\n\t<meta name=\"twitter:data2\" content=\"Auf Lager\" \/>\n<script type=\"application\/ld+json\" class=\"yoast-schema-graph\">{\"@context\":\"https:\/\/schema.org\",\"@graph\":[{\"@type\":\"WebPage\",\"@id\":\"https:\/\/egytourpackages.com\/de\/touren\/privattransfer-vom-flughafen-hurghada-zu-hotels-in-der-makadi-bay\/\",\"url\":\"https:\/\/egytourpackages.com\/de\/touren\/privattransfer-vom-flughafen-hurghada-zu-hotels-in-der-makadi-bay\/\",\"name\":\"Privattransfer vom Flughafen Hurghada zu Hotels in der Makadi Bay\",\"isPartOf\":{\"@id\":\"https:\/\/egytourpackages.com\/de\/#website\"},\"primaryImageOfPage\":{\"@id\":\"https:\/\/egytourpackages.com\/de\/touren\/privattransfer-vom-flughafen-hurghada-zu-hotels-in-der-makadi-bay\/#primaryimage\"},\"image\":{\"@id\":\"https:\/\/egytourpackages.com\/de\/touren\/privattransfer-vom-flughafen-hurghada-zu-hotels-in-der-makadi-bay\/#primaryimage\"},\"thumbnailUrl\":\"https:\/\/egytourpackages.com\/wp-content\/uploads\/2025\/11\/Private-Transfer-from-Hurghada-Airport-to-Makadi-Bay-Hotels.jpeg\",\"datePublished\":\"2025-11-14T23:32:22+00:00\",\"dateModified\":\"2026-02-19T21:20:34+00:00\",\"description\":\"Buchen Sie Ihren Privattransfer vom Flughafen Hurghada zu Hotels in der Makadi Bay. Sicherer, p\u00fcnktlicher Service & VIP-Komfort in \u00c4gypten. Jetzt buchen!\",\"breadcrumb\":{\"@id\":\"https:\/\/egytourpackages.com\/de\/touren\/privattransfer-vom-flughafen-hurghada-zu-hotels-in-der-makadi-bay\/#breadcrumb\"},\"inLanguage\":\"de\",\"potentialAction\":[{\"@type\":\"ReadAction\",\"target\":[\"https:\/\/egytourpackages.com\/de\/touren\/privattransfer-vom-flughafen-hurghada-zu-hotels-in-der-makadi-bay\/\"]}]},{\"@type\":\"ImageObject\",\"inLanguage\":\"de\",\"@id\":\"https:\/\/egytourpackages.com\/de\/touren\/privattransfer-vom-flughafen-hurghada-zu-hotels-in-der-makadi-bay\/#primaryimage\",\"url\":\"https:\/\/egytourpackages.com\/wp-content\/uploads\/2025\/11\/Private-Transfer-from-Hurghada-Airport-to-Makadi-Bay-Hotels.jpeg\",\"contentUrl\":\"https:\/\/egytourpackages.com\/wp-content\/uploads\/2025\/11\/Private-Transfer-from-Hurghada-Airport-to-Makadi-Bay-Hotels.jpeg\",\"width\":1600,\"height\":1200,\"caption\":\"Privattransfer vom Flughafen Hurghada zu Hotels in der Makadi Bay\"},{\"@type\":\"BreadcrumbList\",\"@id\":\"https:\/\/egytourpackages.com\/de\/touren\/privattransfer-vom-flughafen-hurghada-zu-hotels-in-der-makadi-bay\/#breadcrumb\",\"itemListElement\":[{\"@type\":\"ListItem\",\"position\":1,\"name\":\"Startseite\",\"item\":\"https:\/\/egytourpackages.com\/de\/\"},{\"@type\":\"ListItem\",\"position\":2,\"name\":\"Shop\",\"item\":\"https:\/\/egytourpackages.com\/de\/shop\/\"},{\"@type\":\"ListItem\",\"position\":3,\"name\":\"Privattransfer vom Flughafen Hurghada zu Hotels in der Makadi Bay\"}]},{\"@type\":\"WebSite\",\"@id\":\"https:\/\/egytourpackages.com\/de\/#website\",\"url\":\"https:\/\/egytourpackages.com\/de\/\",\"name\":\"Egy tour packages\",\"description\":\"\",\"publisher\":{\"@id\":\"https:\/\/egytourpackages.com\/de\/#organization\"},\"potentialAction\":[{\"@type\":\"SearchAction\",\"target\":{\"@type\":\"EntryPoint\",\"urlTemplate\":\"https:\/\/egytourpackages.com\/de\/?s={search_term_string}\"},\"query-input\":{\"@type\":\"PropertyValueSpecification\",\"valueRequired\":true,\"valueName\":\"search_term_string\"}}],\"inLanguage\":\"de\"},{\"@type\":[\"Organization\",\"Place\",\"TravelAgency\"],\"@id\":\"https:\/\/egytourpackages.com\/de\/#organization\",\"name\":\"egypt tour packages\",\"alternateName\":\"egypt tour packages\",\"url\":\"https:\/\/egytourpackages.com\/de\/\",\"logo\":{\"@id\":\"https:\/\/egytourpackages.com\/de\/touren\/privattransfer-vom-flughafen-hurghada-zu-hotels-in-der-makadi-bay\/#local-main-organization-logo\"},\"image\":{\"@id\":\"https:\/\/egytourpackages.com\/de\/touren\/privattransfer-vom-flughafen-hurghada-zu-hotels-in-der-makadi-bay\/#local-main-organization-logo\"},\"sameAs\":[\"https:\/\/www.facebook.com\/egytourpackages\"],\"legalName\":\"Egy tour packages\",\"address\":{\"@id\":\"https:\/\/egytourpackages.com\/de\/touren\/privattransfer-vom-flughafen-hurghada-zu-hotels-in-der-makadi-bay\/#local-main-place-address\"},\"telephone\":[\"00201000852186\",\"00201028685533\"],\"contactPoint\":{\"@type\":\"ContactPoint\",\"telephone\":\"00201000852186\"},\"openingHoursSpecification\":[{\"@type\":\"OpeningHoursSpecification\",\"dayOfWeek\":[\"Monday\",\"Tuesday\",\"Wednesday\",\"Thursday\",\"Friday\",\"Saturday\",\"Sunday\"],\"opens\":\"00:00\",\"closes\":\"23:59\"}],\"email\":\"info@egytourpackages.com\",\"areaServed\":\"Cairo, Hurghada, Luxor, Sharm El Sheikh, Marsa Alam, Aswan\",\"priceRange\":\"$\",\"currenciesAccepted\":\"euro\",\"paymentAccepted\":\"Payment links online\"},{\"@type\":\"PostalAddress\",\"@id\":\"https:\/\/egytourpackages.com\/de\/touren\/privattransfer-vom-flughafen-hurghada-zu-hotels-in-der-makadi-bay\/#local-main-place-address\",\"streetAddress\":\"Mubarak 8, Al Kawthar District, Hurghada\",\"addressLocality\":\"Hurghada\",\"postalCode\":\"84511\",\"addressRegion\":\"Red Sea\",\"addressCountry\":\"EG\"},{\"@type\":\"ImageObject\",\"inLanguage\":\"de\",\"@id\":\"https:\/\/egytourpackages.com\/de\/touren\/privattransfer-vom-flughafen-hurghada-zu-hotels-in-der-makadi-bay\/#local-main-organization-logo\",\"url\":\"https:\/\/egytourpackages.com\/wp-content\/uploads\/2025\/12\/Turquoise-Dahabiya-Nile-Cruise-1.jpeg\",\"contentUrl\":\"https:\/\/egytourpackages.com\/wp-content\/uploads\/2025\/12\/Turquoise-Dahabiya-Nile-Cruise-1.jpeg\",\"width\":1040,\"height\":694,\"caption\":\"egypt tour packages\"}]}<\/script>\n<meta property=\"product:brand\" content=\"\u00c4gypten Tagestouren\" \/>\n<meta property=\"product:price:amount\" content=\"25\" \/>\n<meta property=\"product:price:currency\" content=\"EUR\" \/>\n<meta property=\"og:availability\" content=\"instock\" \/>\n<meta property=\"product:availability\" content=\"instock\" \/>\n<meta property=\"product:retailer_item_id\" content=\"AT 04\" \/>\n<meta property=\"product:condition\" content=\"new\" \/>\n<meta name=\"geo.placename\" content=\"Hurghada\" \/>\n<meta name=\"geo.region\" content=\"\u00c4gypten\" \/>\n<!-- \/ Yoast SEO Premium plugin. -->","yoast_head_json":{"title":"Privattransfer vom Flughafen Hurghada zu Hotels in der Makadi Bay","description":"Buchen Sie Ihren Privattransfer vom Flughafen Hurghada zu Hotels in der Makadi Bay. Sicherer, p\u00fcnktlicher Service & VIP-Komfort in \u00c4gypten. Jetzt buchen!","robots":{"index":"index","follow":"follow","max-snippet":"max-snippet:-1","max-image-preview":"max-image-preview:large","max-video-preview":"max-video-preview:-1"},"canonical":"https:\/\/egytourpackages.com\/de\/touren\/privattransfer-vom-flughafen-hurghada-zu-hotels-in-der-makadi-bay\/","og_locale":"de_DE","og_type":"article","og_title":"Privattransfer vom Flughafen Hurghada zu Hotels in der Makadi Bay","og_description":"Buchen Sie Ihren Privattransfer vom Flughafen Hurghada zu Hotels in der Makadi Bay. Sicherer, p\u00fcnktlicher Service & VIP-Komfort in \u00c4gypten. Jetzt buchen!","og_url":"https:\/\/egytourpackages.com\/de\/touren\/privattransfer-vom-flughafen-hurghada-zu-hotels-in-der-makadi-bay\/","og_site_name":"\u00c4gypten-Reisepakete","article_publisher":"https:\/\/www.facebook.com\/egytourpackages","article_modified_time":"2026-02-19T21:20:34+00:00","og_image":[{"url":"https:\/\/egytourpackages.com\/wp-content\/uploads\/2025\/11\/Private-Transfer-from-Hurghada-Airport-to-Makadi-Bay-Hotels-1024x768.jpeg","type":"","width":"","height":""}],"twitter_card":"summary_large_image","twitter_title":"Privattransfer vom Flughafen Hurghada zu Hotels in der Makadi Bay","twitter_misc":{"Preis":"&euro;25","Verf\u00fcgbarkeit":"Auf Lager"},"schema":{"@context":"https:\/\/schema.org","@graph":[{"@type":"WebPage","@id":"https:\/\/egytourpackages.com\/de\/touren\/privattransfer-vom-flughafen-hurghada-zu-hotels-in-der-makadi-bay\/","url":"https:\/\/egytourpackages.com\/de\/touren\/privattransfer-vom-flughafen-hurghada-zu-hotels-in-der-makadi-bay\/","name":"Privattransfer vom Flughafen Hurghada zu Hotels in der Makadi Bay","isPartOf":{"@id":"https:\/\/egytourpackages.com\/de\/#website"},"primaryImageOfPage":{"@id":"https:\/\/egytourpackages.com\/de\/touren\/privattransfer-vom-flughafen-hurghada-zu-hotels-in-der-makadi-bay\/#primaryimage"},"image":{"@id":"https:\/\/egytourpackages.com\/de\/touren\/privattransfer-vom-flughafen-hurghada-zu-hotels-in-der-makadi-bay\/#primaryimage"},"thumbnailUrl":"https:\/\/egytourpackages.com\/wp-content\/uploads\/2025\/11\/Private-Transfer-from-Hurghada-Airport-to-Makadi-Bay-Hotels.jpeg","datePublished":"2025-11-14T23:32:22+00:00","dateModified":"2026-02-19T21:20:34+00:00","description":"Buchen Sie Ihren Privattransfer vom Flughafen Hurghada zu Hotels in der Makadi Bay. Sicherer, p\u00fcnktlicher Service & VIP-Komfort in \u00c4gypten. Jetzt buchen!","breadcrumb":{"@id":"https:\/\/egytourpackages.com\/de\/touren\/privattransfer-vom-flughafen-hurghada-zu-hotels-in-der-makadi-bay\/#breadcrumb"},"inLanguage":"de","potentialAction":[{"@type":"ReadAction","target":["https:\/\/egytourpackages.com\/de\/touren\/privattransfer-vom-flughafen-hurghada-zu-hotels-in-der-makadi-bay\/"]}]},{"@type":"ImageObject","inLanguage":"de","@id":"https:\/\/egytourpackages.com\/de\/touren\/privattransfer-vom-flughafen-hurghada-zu-hotels-in-der-makadi-bay\/#primaryimage","url":"https:\/\/egytourpackages.com\/wp-content\/uploads\/2025\/11\/Private-Transfer-from-Hurghada-Airport-to-Makadi-Bay-Hotels.jpeg","contentUrl":"https:\/\/egytourpackages.com\/wp-content\/uploads\/2025\/11\/Private-Transfer-from-Hurghada-Airport-to-Makadi-Bay-Hotels.jpeg","width":1600,"height":1200,"caption":"Privattransfer vom Flughafen Hurghada zu Hotels in der Makadi Bay"},{"@type":"BreadcrumbList","@id":"https:\/\/egytourpackages.com\/de\/touren\/privattransfer-vom-flughafen-hurghada-zu-hotels-in-der-makadi-bay\/#breadcrumb","itemListElement":[{"@type":"ListItem","position":1,"name":"Startseite","item":"https:\/\/egytourpackages.com\/de\/"},{"@type":"ListItem","position":2,"name":"Shop","item":"https:\/\/egytourpackages.com\/de\/shop\/"},{"@type":"ListItem","position":3,"name":"Privattransfer vom Flughafen Hurghada zu Hotels in der Makadi Bay"}]},{"@type":"WebSite","@id":"https:\/\/egytourpackages.com\/de\/#website","url":"https:\/\/egytourpackages.com\/de\/","name":"Egy tour packages","description":"","publisher":{"@id":"https:\/\/egytourpackages.com\/de\/#organization"},"potentialAction":[{"@type":"SearchAction","target":{"@type":"EntryPoint","urlTemplate":"https:\/\/egytourpackages.com\/de\/?s={search_term_string}"},"query-input":{"@type":"PropertyValueSpecification","valueRequired":true,"valueName":"search_term_string"}}],"inLanguage":"de"},{"@type":["Organization","Place","TravelAgency"],"@id":"https:\/\/egytourpackages.com\/de\/#organization","name":"egypt tour packages","alternateName":"egypt tour packages","url":"https:\/\/egytourpackages.com\/de\/","logo":{"@id":"https:\/\/egytourpackages.com\/de\/touren\/privattransfer-vom-flughafen-hurghada-zu-hotels-in-der-makadi-bay\/#local-main-organization-logo"},"image":{"@id":"https:\/\/egytourpackages.com\/de\/touren\/privattransfer-vom-flughafen-hurghada-zu-hotels-in-der-makadi-bay\/#local-main-organization-logo"},"sameAs":["https:\/\/www.facebook.com\/egytourpackages"],"legalName":"Egy tour packages","address":{"@id":"https:\/\/egytourpackages.com\/de\/touren\/privattransfer-vom-flughafen-hurghada-zu-hotels-in-der-makadi-bay\/#local-main-place-address"},"telephone":["00201000852186","00201028685533"],"contactPoint":{"@type":"ContactPoint","telephone":"00201000852186"},"openingHoursSpecification":[{"@type":"OpeningHoursSpecification","dayOfWeek":["Monday","Tuesday","Wednesday","Thursday","Friday","Saturday","Sunday"],"opens":"00:00","closes":"23:59"}],"email":"info@egytourpackages.com","areaServed":"Cairo, Hurghada, Luxor, Sharm El Sheikh, Marsa Alam, Aswan","priceRange":"$","currenciesAccepted":"euro","paymentAccepted":"Payment links online"},{"@type":"PostalAddress","@id":"https:\/\/egytourpackages.com\/de\/touren\/privattransfer-vom-flughafen-hurghada-zu-hotels-in-der-makadi-bay\/#local-main-place-address","streetAddress":"Mubarak 8, Al Kawthar District, Hurghada","addressLocality":"Hurghada","postalCode":"84511","addressRegion":"Red Sea","addressCountry":"EG"},{"@type":"ImageObject","inLanguage":"de","@id":"https:\/\/egytourpackages.com\/de\/touren\/privattransfer-vom-flughafen-hurghada-zu-hotels-in-der-makadi-bay\/#local-main-organization-logo","url":"https:\/\/egytourpackages.com\/wp-content\/uploads\/2025\/12\/Turquoise-Dahabiya-Nile-Cruise-1.jpeg","contentUrl":"https:\/\/egytourpackages.com\/wp-content\/uploads\/2025\/12\/Turquoise-Dahabiya-Nile-Cruise-1.jpeg","width":1040,"height":694,"caption":"egypt tour packages"}]},"product_brand":"\u00c4gypten Tagestouren","product_price_amount":"25","product_price_currency":"EUR","og_availability":"instock","product_availability":"instock","product_retailer_item_id":"AT 04","product_condition":"new","geo.placename":"Hurghada","geo.region":"\u00c4gypten"},"_links":{"self":[{"href":"https:\/\/egytourpackages.com\/de\/wp-json\/wp\/v2\/product\/15396","targetHints":{"allow":["GET"]}}],"collection":[{"href":"https:\/\/egytourpackages.com\/de\/wp-json\/wp\/v2\/product"}],"about":[{"href":"https:\/\/egytourpackages.com\/de\/wp-json\/wp\/v2\/types\/product"}],"replies":[{"embeddable":true,"href":"https:\/\/egytourpackages.com\/de\/wp-json\/wp\/v2\/comments?post=15396"}],"wp:featuredmedia":[{"embeddable":true,"href":"https:\/\/egytourpackages.com\/de\/wp-json\/wp\/v2\/media\/9198"}],"wp:attachment":[{"href":"https:\/\/egytourpackages.com\/de\/wp-json\/wp\/v2\/media?parent=15396"}],"wp:term":[{"taxonomy":"product_brand","embeddable":true,"href":"https:\/\/egytourpackages.com\/de\/wp-json\/wp\/v2\/product_brand?post=15396"},{"taxonomy":"product_cat","embeddable":true,"href":"https:\/\/egytourpackages.com\/de\/wp-json\/wp\/v2\/product_cat?post=15396"},{"taxonomy":"product_tag","embeddable":true,"href":"https:\/\/egytourpackages.com\/de\/wp-json\/wp\/v2\/product_tag?post=15396"}],"curies":[{"name":"wp","href":"https:\/\/api.w.org\/{rel}","templated":true}]}}