{"id":15749,"date":"2026-02-20T20:22:41","date_gmt":"2026-02-20T20:22:41","guid":{"rendered":"https:\/\/egytourpackages.com\/product\/privattransfer-von-assuan-nach-hurghada\/"},"modified":"2026-02-27T21:25:01","modified_gmt":"2026-02-27T21:25:01","slug":"privattransfer-von-assuan-nach-hurghada","status":"publish","type":"product","link":"https:\/\/egytourpackages.com\/de\/touren\/privattransfer-von-assuan-nach-hurghada\/","title":{"rendered":"Privattransfer von Assuan nach Hurghada"},"content":{"rendered":"<p><span style=\"color: #ff6600;\"><strong>Privattransfer von Assuan nach Hurghada | Neues Auto, WLAN &amp; Getr\u00e4nke<\/strong><\/span><\/p>\n<p>Die Reise vom tiefen S\u00fcden in <strong>Assuan<\/strong> bis zur lebhaften Rotmeerk\u00fcste von <strong>Hurghada<\/strong> ist eine beachtliche Strecke \u2013 etwa 500 Kilometer durch W\u00fcstenlandschaften, Gebirgsp\u00e4sse und mit Ausblicken auf den Nil.<\/p>\n<p>Obwohl die Fahrt etwa <strong>6 bis 7 Stunden<\/strong> dauert, ist unser Premium-Service darauf ausgelegt, die Zeit wie im Flug vergehen zu lassen. Egal, ob Sie eine Nilkreuzfahrt beenden oder einen Tauchurlaub beginnen, so machen wir Ihren Transfer zum komfortabelsten Teil Ihres \u00c4gypten-Abenteuers.<\/p>\n<h3><span style=\"color: #ff6600;\">Assuan nach Hurghada: Ihr Premium-Transfer-Ablauf<\/span><\/h3>\n<p><span style=\"color: #993366;\"><em><strong>Zuverl\u00e4ssige Abholung in Assuan<\/strong><\/em><\/span><\/p>\n<p>Ihre Reise beginnt mit einer <strong>privaten Abholung<\/strong> direkt an Ihrem Standort in Assuan.<\/p>\n<p><span style=\"color: #993366;\"><em><strong>Flexible Startpunkte:<\/strong><\/em><\/span><\/p>\n<p>Wir holen Sie von allen Hotels in Assuan, dem Assuan-Staudamm oder direkt von Ihrem <strong>Nilkreuzfahrtschiff<\/strong> am Anleger ab.<\/p>\n<p><span style=\"color: #993366;\"><em><strong>Brandneue Flotte:<\/strong><\/em><\/span><\/p>\n<p>Sie reisen in einem <strong>nagelneuen Fahrzeug<\/strong> \u2013 sauber, modern und perfekt gewartet, um die W\u00fcstenstra\u00dfen mit Leichtigkeit zu bew\u00e4ltigen.<\/p>\n<p><span style=\"color: #993366;\"><em><strong>Pers\u00f6nliche Unterst\u00fctzung:<\/strong><\/em><\/span><\/p>\n<p>Ihr Fahrer hilft Ihnen mit dem gesamten Gep\u00e4ck und sorgt daf\u00fcr, dass alles sicher verstaut ist, w\u00e4hrend Sie es sich in der klimatisierten Kabine gem\u00fctlich machen.<\/p>\n<h3><span style=\"color: #ff6600;\">High-Tech-Komfort auf der Stra\u00dfe<\/span><\/h3>\n<p>Die Strecke zwischen dem Nil und dem Roten Meer ist ber\u00fchmt f\u00fcr ihre weiten W\u00fcstenansichten. Wir sorgen daf\u00fcr, dass Sie w\u00e4hrend der Durchquerung mit der modernen Welt verbunden bleiben.<\/p>\n<p><span style=\"color: #993366;\"><em><strong>WLAN an Bord:<\/strong><\/em><\/span><\/p>\n<p>Unsere Fahrzeuge sind mit <strong>WLAN<\/strong> ausgestattet, sodass Sie Ihre Fotos aus Assuan teilen oder w\u00e4hrend der langen Fahrt berufliche Dinge erledigen k\u00f6nnen.<\/p>\n<p><span style=\"color: #993366;\"><em><strong>Erfrischungsstation:<\/strong><\/em><\/span><\/p>\n<p>Damit Sie hydriert und erfrischt bleiben, bieten wir eine Auswahl an <strong>gek\u00fchlten Softdrinks<\/strong> und Mineralwasser an.<\/p>\n<p><span style=\"color: #993366;\"><em><strong>Hei\u00dfgetr\u00e4nke:<\/strong><\/em><\/span><\/p>\n<p>Brauchen Sie einen morgendlichen Energieschub? Wir bieten unterwegs <strong>Hei\u00dfgetr\u00e4nke<\/strong> an, damit Sie einen Kaffee oder Tee genie\u00dfen k\u00f6nnen, w\u00e4hrend sich die Landschaft von Flussgr\u00fcn zu Berggipfeln wandelt.<\/p>\n<h3><span style=\"color: #ff6600;\">Panorama-Stopps &amp; Sicherheit<\/span><\/h3>\n<p>Sicherheit hat f\u00fcr uns Priorit\u00e4t, besonders auf den W\u00fcstenautobahnen. Unsere Fahrer sind Experten auf der Route \u00fcber Luxor und Qena.<\/p>\n<p><span style=\"color: #993366;\"><em><strong>Rastpausen:<\/strong><\/em><\/span><\/p>\n<p>Wir planen Stopps an den am besten gepflegten Rastst\u00e4tten entlang der Autobahn ein. Sie haben Zeit, sich die Beine zu vertreten und saubere sanit\u00e4re Anlagen zu nutzen.<\/p>\n<h3><span style=\"color: #ff6600;\">Sicherheitsgenehmigungen:<\/span><\/h3>\n<p>Wir erledigen alle notwendigen <strong>Polizeigenehmigungen<\/strong> und Reisepapiere, die f\u00fcr Touristen zwischen Ober\u00e4gypten und dem Roten Meer erforderlich sind, um eine problemlose Durchfahrt an den Kontrollpunkten zu gew\u00e4hrleisten.<\/p>\n<h3><span style=\"color: #ff6600;\">Direkte Abgabe in Hurghada<\/span><\/h3>\n<p>Wenn wir die K\u00fcste erreichen, setzen wir Sie nicht einfach an einem Bahnhof ab. Wir bieten einen <strong>T\u00fcr-zu-T\u00fcr-Service<\/strong> zu Ihrem endg\u00fcltigen Ziel.<\/p>\n<h3><span style=\"color: #ff6600;\">Alle Gebiete abgedeckt:<\/span><\/h3>\n<p>Egal, ob sich Ihr Hotel in der Marina, an der Village Road oder in den n\u00f6rdlichen Resorts befindet, wir bringen Sie direkt in die Lobby.<\/p>\n<h3><span style=\"color: #ff6600;\">Transparente Preise (Assuan nach Hurghada)<\/span><\/h3>\n<p>Unsere privaten Transfers sind auf <strong>maximal 3 Personen<\/strong> begrenzt, um sicherzustellen, dass jeder Passagier ausreichend Platz und ein erstklassiges Erlebnis genie\u00dft.<\/p>\n<table>\n<thead>\n<tr>\n<td><strong>Anzahl der Passagiere<\/strong><\/td>\n<td><strong>Preis pro Person<\/strong><\/td>\n<td><strong>Gesamtpreis (Hinfahrt)<\/strong><\/td>\n<\/tr>\n<\/thead>\n<tbody>\n<tr>\n<td><strong>1 Person<\/strong><\/td>\n<td><strong>\u20ac 250<\/strong><\/td>\n<td><strong>\u20ac 250<\/strong><\/td>\n<\/tr>\n<tr>\n<td><strong>2 Personen<\/strong><\/td>\n<td><strong>\u20ac 125<\/strong><\/td>\n<td><strong>\u20ac 250<\/strong><\/td>\n<\/tr>\n<tr>\n<td><strong>3 Personen<\/strong><\/td>\n<td><strong>\u20ac 90<\/strong><\/td>\n<td><strong>\u20ac 270<\/strong><\/td>\n<\/tr>\n<\/tbody>\n<\/table>\n","protected":false},"excerpt":{"rendered":"<p><b data-path-to-node=\"1\" data-index-in-node=\"0\">Privattransfer von Assuan nach Hurghada<\/b>: Reisen Sie bequem im Neuwagen mit WLAN &amp; Getr\u00e4nken. Ihr Premium-Service mit T\u00fcr-zu-T\u00fcr-Garantie ans Rote Meer!<\/p>\n","protected":false},"featured_media":15792,"comment_status":"closed","ping_status":"closed","template":"","meta":[],"product_brand":[],"product_cat":[1494],"product_tag":[4222,4221,4219,4220],"class_list":{"0":"post-15749","1":"product","2":"type-product","3":"status-publish","4":"has-post-thumbnail","6":"product_cat-touren","7":"product_tag-buchen-sie-ihren-privaten-transfer-vom-flughafen-hurghada-zum-jaz-soma-bay","8":"product_tag-buchen-sie-ihren-privaten-transfer-vom-flughafen-hurghada-zum-kaktus-soma-bay","9":"product_tag-buchen-sie-ihren-privaten-transfer-vom-flughafen-hurghada-zum-kempinski-hotel","10":"product_tag-buchen-sie-ihren-privaten-transfer-vom-flughafen-hurghada-zum-sheraton-soma-bay","11":"tour_category-agypten-tagestouren","12":"tour_category-assuan-tagestouren","13":"tour_category-flughafentransfer","15":"first","16":"instock","17":"sale","18":"shipping-taxable","19":"purchasable","20":"product-type-tour","21":"has-default-attributes"},"yoast_head":"<!-- This site is optimized with the Yoast SEO Premium plugin v27.4 (Yoast SEO v27.4) - https:\/\/yoast.com\/product\/yoast-seo-premium-wordpress\/ -->\n<title>Privattransfer von Assuan nach Hurghada<\/title>\n<meta name=\"description\" content=\"Privattransfer von Assuan nach Hurghada: Reisen Sie bequem im Neuwagen mit WLAN &amp; Getr\u00e4nken. Ihr Premium-Service mit T\u00fcr-zu-T\u00fcr-Garantie ans Rote Meer!\" \/>\n<meta name=\"robots\" content=\"index, follow, max-snippet:-1, max-image-preview:large, max-video-preview:-1\" \/>\n<link rel=\"canonical\" href=\"https:\/\/egytourpackages.com\/de\/touren\/privattransfer-von-assuan-nach-hurghada\/\" \/>\n<meta property=\"og:locale\" content=\"de_DE\" \/>\n<meta property=\"og:type\" content=\"article\" \/>\n<meta property=\"og:title\" content=\"Privattransfer von Assuan nach Hurghada\" \/>\n<meta property=\"og:description\" content=\"Privattransfer von Assuan nach Hurghada: Reisen Sie bequem im Neuwagen mit WLAN &amp; Getr\u00e4nken. Ihr Premium-Service mit T\u00fcr-zu-T\u00fcr-Garantie ans Rote Meer!\" \/>\n<meta property=\"og:url\" content=\"https:\/\/egytourpackages.com\/de\/touren\/privattransfer-von-assuan-nach-hurghada\/\" \/>\n<meta property=\"og:site_name\" content=\"\u00c4gypten-Reisepakete\" \/>\n<meta property=\"article:publisher\" content=\"https:\/\/www.facebook.com\/egytourpackages\" \/>\n<meta property=\"article:modified_time\" content=\"2026-02-27T21:25:01+00:00\" \/>\n<meta property=\"og:image\" content=\"https:\/\/egytourpackages.com\/wp-content\/uploads\/2025\/12\/IMG_20241212_130656.jpg\" \/>\n\t<meta property=\"og:image:width\" content=\"900\" \/>\n\t<meta property=\"og:image:height\" content=\"675\" \/>\n\t<meta property=\"og:image:type\" content=\"image\/jpeg\" \/>\n<meta name=\"twitter:card\" content=\"summary_large_image\" \/>\n<meta name=\"twitter:label1\" content=\"Preis\" \/>\n\t<meta name=\"twitter:data1\" content=\"&euro;90\" \/>\n\t<meta name=\"twitter:label2\" content=\"Verf\u00fcgbarkeit\" \/>\n\t<meta name=\"twitter:data2\" content=\"Auf Lager\" \/>\n<script type=\"application\/ld+json\" class=\"yoast-schema-graph\">{\"@context\":\"https:\\\/\\\/schema.org\",\"@graph\":[{\"@type\":\"WebPage\",\"@id\":\"https:\\\/\\\/egytourpackages.com\\\/de\\\/touren\\\/privattransfer-von-assuan-nach-hurghada\\\/\",\"url\":\"https:\\\/\\\/egytourpackages.com\\\/de\\\/touren\\\/privattransfer-von-assuan-nach-hurghada\\\/\",\"name\":\"Privattransfer von Assuan nach Hurghada\",\"isPartOf\":{\"@id\":\"https:\\\/\\\/egytourpackages.com\\\/de\\\/#website\"},\"primaryImageOfPage\":{\"@id\":\"https:\\\/\\\/egytourpackages.com\\\/de\\\/touren\\\/privattransfer-von-assuan-nach-hurghada\\\/#primaryimage\"},\"image\":{\"@id\":\"https:\\\/\\\/egytourpackages.com\\\/de\\\/touren\\\/privattransfer-von-assuan-nach-hurghada\\\/#primaryimage\"},\"thumbnailUrl\":\"https:\\\/\\\/egytourpackages.com\\\/wp-content\\\/uploads\\\/2026\\\/02\\\/Private-Transfer-Aswan-to-Hurghada.jpeg\",\"datePublished\":\"2026-02-20T20:22:41+00:00\",\"dateModified\":\"2026-02-27T21:25:01+00:00\",\"description\":\"Privattransfer von Assuan nach Hurghada: Reisen Sie bequem im Neuwagen mit WLAN & Getr\u00e4nken. Ihr Premium-Service mit T\u00fcr-zu-T\u00fcr-Garantie ans Rote Meer!\",\"breadcrumb\":{\"@id\":\"https:\\\/\\\/egytourpackages.com\\\/de\\\/touren\\\/privattransfer-von-assuan-nach-hurghada\\\/#breadcrumb\"},\"inLanguage\":\"de\",\"potentialAction\":[{\"@type\":\"ReadAction\",\"target\":[\"https:\\\/\\\/egytourpackages.com\\\/de\\\/touren\\\/privattransfer-von-assuan-nach-hurghada\\\/\"]}]},{\"@type\":\"ImageObject\",\"inLanguage\":\"de\",\"@id\":\"https:\\\/\\\/egytourpackages.com\\\/de\\\/touren\\\/privattransfer-von-assuan-nach-hurghada\\\/#primaryimage\",\"url\":\"https:\\\/\\\/egytourpackages.com\\\/wp-content\\\/uploads\\\/2026\\\/02\\\/Private-Transfer-Aswan-to-Hurghada.jpeg\",\"contentUrl\":\"https:\\\/\\\/egytourpackages.com\\\/wp-content\\\/uploads\\\/2026\\\/02\\\/Private-Transfer-Aswan-to-Hurghada.jpeg\",\"width\":1500,\"height\":843,\"caption\":\"Private Transfer Aswan to Hurghada\"},{\"@type\":\"BreadcrumbList\",\"@id\":\"https:\\\/\\\/egytourpackages.com\\\/de\\\/touren\\\/privattransfer-von-assuan-nach-hurghada\\\/#breadcrumb\",\"itemListElement\":[{\"@type\":\"ListItem\",\"position\":1,\"name\":\"Startseite\",\"item\":\"https:\\\/\\\/egytourpackages.com\\\/de\\\/\"},{\"@type\":\"ListItem\",\"position\":2,\"name\":\"Shop\",\"item\":\"https:\\\/\\\/egytourpackages.com\\\/de\\\/shop\\\/\"},{\"@type\":\"ListItem\",\"position\":3,\"name\":\"Privattransfer von Assuan nach Hurghada\"}]},{\"@type\":\"WebSite\",\"@id\":\"https:\\\/\\\/egytourpackages.com\\\/de\\\/#website\",\"url\":\"https:\\\/\\\/egytourpackages.com\\\/de\\\/\",\"name\":\"Egy tour packages\",\"description\":\"\",\"publisher\":{\"@id\":\"https:\\\/\\\/egytourpackages.com\\\/de\\\/#organization\"},\"potentialAction\":[{\"@type\":\"SearchAction\",\"target\":{\"@type\":\"EntryPoint\",\"urlTemplate\":\"https:\\\/\\\/egytourpackages.com\\\/de\\\/?s={search_term_string}\"},\"query-input\":{\"@type\":\"PropertyValueSpecification\",\"valueRequired\":true,\"valueName\":\"search_term_string\"}}],\"inLanguage\":\"de\"},{\"@type\":[\"Organization\",\"Place\",\"TravelAgency\"],\"@id\":\"https:\\\/\\\/egytourpackages.com\\\/de\\\/#organization\",\"name\":\"egypt tour packages\",\"alternateName\":\"egypt tour packages\",\"url\":\"https:\\\/\\\/egytourpackages.com\\\/de\\\/\",\"logo\":{\"@id\":\"https:\\\/\\\/egytourpackages.com\\\/de\\\/touren\\\/privattransfer-von-assuan-nach-hurghada\\\/#local-main-organization-logo\"},\"image\":{\"@id\":\"https:\\\/\\\/egytourpackages.com\\\/de\\\/touren\\\/privattransfer-von-assuan-nach-hurghada\\\/#local-main-organization-logo\"},\"sameAs\":[\"https:\\\/\\\/www.facebook.com\\\/egytourpackages\"],\"legalName\":\"Egy tour packages\",\"address\":{\"@id\":\"https:\\\/\\\/egytourpackages.com\\\/de\\\/touren\\\/privattransfer-von-assuan-nach-hurghada\\\/#local-main-place-address\"},\"telephone\":[\"00201000852186\",\"00201028685533\"],\"contactPoint\":{\"@type\":\"ContactPoint\",\"telephone\":\"00201000852186\"},\"openingHoursSpecification\":[{\"@type\":\"OpeningHoursSpecification\",\"dayOfWeek\":[\"Monday\",\"Tuesday\",\"Wednesday\",\"Thursday\",\"Friday\",\"Saturday\",\"Sunday\"],\"opens\":\"00:00\",\"closes\":\"23:59\"}],\"email\":\"info@egytourpackages.com\",\"areaServed\":\"Cairo, Hurghada, Luxor, Sharm El Sheikh, Marsa Alam, Aswan\",\"priceRange\":\"$\",\"currenciesAccepted\":\"euro\",\"paymentAccepted\":\"Payment links online\"},{\"@type\":\"PostalAddress\",\"@id\":\"https:\\\/\\\/egytourpackages.com\\\/de\\\/touren\\\/privattransfer-von-assuan-nach-hurghada\\\/#local-main-place-address\",\"streetAddress\":\"Mubarak 8, Al Kawthar District, Hurghada\",\"addressLocality\":\"Hurghada\",\"postalCode\":\"84511\",\"addressRegion\":\"Red Sea\",\"addressCountry\":\"EG\"},{\"@type\":\"ImageObject\",\"inLanguage\":\"de\",\"@id\":\"https:\\\/\\\/egytourpackages.com\\\/de\\\/touren\\\/privattransfer-von-assuan-nach-hurghada\\\/#local-main-organization-logo\",\"url\":\"https:\\\/\\\/egytourpackages.com\\\/wp-content\\\/uploads\\\/2025\\\/12\\\/Turquoise-Dahabiya-Nile-Cruise-1.jpeg\",\"contentUrl\":\"https:\\\/\\\/egytourpackages.com\\\/wp-content\\\/uploads\\\/2025\\\/12\\\/Turquoise-Dahabiya-Nile-Cruise-1.jpeg\",\"width\":1040,\"height\":694,\"caption\":\"egypt tour packages\"}]}<\/script>\n<meta property=\"product:brand\" content=\"\u00c4gypten Tagestouren\" \/>\n<meta property=\"product:price:amount\" content=\"90\" \/>\n<meta property=\"product:price:currency\" content=\"EUR\" \/>\n<meta property=\"og:availability\" content=\"instock\" \/>\n<meta property=\"product:availability\" content=\"instock\" \/>\n<meta property=\"product:retailer_item_id\" content=\"AT 08\" \/>\n<meta property=\"product:condition\" content=\"new\" \/>\n<meta name=\"geo.placename\" content=\"Hurghada\" \/>\n<meta name=\"geo.region\" content=\"\u00c4gypten\" \/>\n<!-- \/ Yoast SEO Premium plugin. -->","yoast_head_json":{"title":"Privattransfer von Assuan nach Hurghada","description":"Privattransfer von Assuan nach Hurghada: Reisen Sie bequem im Neuwagen mit WLAN & Getr\u00e4nken. Ihr Premium-Service mit T\u00fcr-zu-T\u00fcr-Garantie ans Rote Meer!","robots":{"index":"index","follow":"follow","max-snippet":"max-snippet:-1","max-image-preview":"max-image-preview:large","max-video-preview":"max-video-preview:-1"},"canonical":"https:\/\/egytourpackages.com\/de\/touren\/privattransfer-von-assuan-nach-hurghada\/","og_locale":"de_DE","og_type":"article","og_title":"Privattransfer von Assuan nach Hurghada","og_description":"Privattransfer von Assuan nach Hurghada: Reisen Sie bequem im Neuwagen mit WLAN & Getr\u00e4nken. Ihr Premium-Service mit T\u00fcr-zu-T\u00fcr-Garantie ans Rote Meer!","og_url":"https:\/\/egytourpackages.com\/de\/touren\/privattransfer-von-assuan-nach-hurghada\/","og_site_name":"\u00c4gypten-Reisepakete","article_publisher":"https:\/\/www.facebook.com\/egytourpackages","article_modified_time":"2026-02-27T21:25:01+00:00","og_image":[{"width":900,"height":675,"url":"https:\/\/egytourpackages.com\/wp-content\/uploads\/2025\/12\/IMG_20241212_130656.jpg","type":"image\/jpeg"}],"twitter_card":"summary_large_image","twitter_misc":{"Preis":"&euro;90","Verf\u00fcgbarkeit":"Auf Lager"},"schema":{"@context":"https:\/\/schema.org","@graph":[{"@type":"WebPage","@id":"https:\/\/egytourpackages.com\/de\/touren\/privattransfer-von-assuan-nach-hurghada\/","url":"https:\/\/egytourpackages.com\/de\/touren\/privattransfer-von-assuan-nach-hurghada\/","name":"Privattransfer von Assuan nach Hurghada","isPartOf":{"@id":"https:\/\/egytourpackages.com\/de\/#website"},"primaryImageOfPage":{"@id":"https:\/\/egytourpackages.com\/de\/touren\/privattransfer-von-assuan-nach-hurghada\/#primaryimage"},"image":{"@id":"https:\/\/egytourpackages.com\/de\/touren\/privattransfer-von-assuan-nach-hurghada\/#primaryimage"},"thumbnailUrl":"https:\/\/egytourpackages.com\/wp-content\/uploads\/2026\/02\/Private-Transfer-Aswan-to-Hurghada.jpeg","datePublished":"2026-02-20T20:22:41+00:00","dateModified":"2026-02-27T21:25:01+00:00","description":"Privattransfer von Assuan nach Hurghada: Reisen Sie bequem im Neuwagen mit WLAN & Getr\u00e4nken. Ihr Premium-Service mit T\u00fcr-zu-T\u00fcr-Garantie ans Rote Meer!","breadcrumb":{"@id":"https:\/\/egytourpackages.com\/de\/touren\/privattransfer-von-assuan-nach-hurghada\/#breadcrumb"},"inLanguage":"de","potentialAction":[{"@type":"ReadAction","target":["https:\/\/egytourpackages.com\/de\/touren\/privattransfer-von-assuan-nach-hurghada\/"]}]},{"@type":"ImageObject","inLanguage":"de","@id":"https:\/\/egytourpackages.com\/de\/touren\/privattransfer-von-assuan-nach-hurghada\/#primaryimage","url":"https:\/\/egytourpackages.com\/wp-content\/uploads\/2026\/02\/Private-Transfer-Aswan-to-Hurghada.jpeg","contentUrl":"https:\/\/egytourpackages.com\/wp-content\/uploads\/2026\/02\/Private-Transfer-Aswan-to-Hurghada.jpeg","width":1500,"height":843,"caption":"Private Transfer Aswan to Hurghada"},{"@type":"BreadcrumbList","@id":"https:\/\/egytourpackages.com\/de\/touren\/privattransfer-von-assuan-nach-hurghada\/#breadcrumb","itemListElement":[{"@type":"ListItem","position":1,"name":"Startseite","item":"https:\/\/egytourpackages.com\/de\/"},{"@type":"ListItem","position":2,"name":"Shop","item":"https:\/\/egytourpackages.com\/de\/shop\/"},{"@type":"ListItem","position":3,"name":"Privattransfer von Assuan nach Hurghada"}]},{"@type":"WebSite","@id":"https:\/\/egytourpackages.com\/de\/#website","url":"https:\/\/egytourpackages.com\/de\/","name":"Egy tour packages","description":"","publisher":{"@id":"https:\/\/egytourpackages.com\/de\/#organization"},"potentialAction":[{"@type":"SearchAction","target":{"@type":"EntryPoint","urlTemplate":"https:\/\/egytourpackages.com\/de\/?s={search_term_string}"},"query-input":{"@type":"PropertyValueSpecification","valueRequired":true,"valueName":"search_term_string"}}],"inLanguage":"de"},{"@type":["Organization","Place","TravelAgency"],"@id":"https:\/\/egytourpackages.com\/de\/#organization","name":"egypt tour packages","alternateName":"egypt tour packages","url":"https:\/\/egytourpackages.com\/de\/","logo":{"@id":"https:\/\/egytourpackages.com\/de\/touren\/privattransfer-von-assuan-nach-hurghada\/#local-main-organization-logo"},"image":{"@id":"https:\/\/egytourpackages.com\/de\/touren\/privattransfer-von-assuan-nach-hurghada\/#local-main-organization-logo"},"sameAs":["https:\/\/www.facebook.com\/egytourpackages"],"legalName":"Egy tour packages","address":{"@id":"https:\/\/egytourpackages.com\/de\/touren\/privattransfer-von-assuan-nach-hurghada\/#local-main-place-address"},"telephone":["00201000852186","00201028685533"],"contactPoint":{"@type":"ContactPoint","telephone":"00201000852186"},"openingHoursSpecification":[{"@type":"OpeningHoursSpecification","dayOfWeek":["Monday","Tuesday","Wednesday","Thursday","Friday","Saturday","Sunday"],"opens":"00:00","closes":"23:59"}],"email":"info@egytourpackages.com","areaServed":"Cairo, Hurghada, Luxor, Sharm El Sheikh, Marsa Alam, Aswan","priceRange":"$","currenciesAccepted":"euro","paymentAccepted":"Payment links online"},{"@type":"PostalAddress","@id":"https:\/\/egytourpackages.com\/de\/touren\/privattransfer-von-assuan-nach-hurghada\/#local-main-place-address","streetAddress":"Mubarak 8, Al Kawthar District, Hurghada","addressLocality":"Hurghada","postalCode":"84511","addressRegion":"Red Sea","addressCountry":"EG"},{"@type":"ImageObject","inLanguage":"de","@id":"https:\/\/egytourpackages.com\/de\/touren\/privattransfer-von-assuan-nach-hurghada\/#local-main-organization-logo","url":"https:\/\/egytourpackages.com\/wp-content\/uploads\/2025\/12\/Turquoise-Dahabiya-Nile-Cruise-1.jpeg","contentUrl":"https:\/\/egytourpackages.com\/wp-content\/uploads\/2025\/12\/Turquoise-Dahabiya-Nile-Cruise-1.jpeg","width":1040,"height":694,"caption":"egypt tour packages"}]},"product_brand":"\u00c4gypten Tagestouren","product_price_amount":"90","product_price_currency":"EUR","og_availability":"instock","product_availability":"instock","product_retailer_item_id":"AT 08","product_condition":"new","geo.placename":"Hurghada","geo.region":"\u00c4gypten"},"_links":{"self":[{"href":"https:\/\/egytourpackages.com\/de\/wp-json\/wp\/v2\/product\/15749","targetHints":{"allow":["GET"]}}],"collection":[{"href":"https:\/\/egytourpackages.com\/de\/wp-json\/wp\/v2\/product"}],"about":[{"href":"https:\/\/egytourpackages.com\/de\/wp-json\/wp\/v2\/types\/product"}],"replies":[{"embeddable":true,"href":"https:\/\/egytourpackages.com\/de\/wp-json\/wp\/v2\/comments?post=15749"}],"wp:featuredmedia":[{"embeddable":true,"href":"https:\/\/egytourpackages.com\/de\/wp-json\/wp\/v2\/media\/15792"}],"wp:attachment":[{"href":"https:\/\/egytourpackages.com\/de\/wp-json\/wp\/v2\/media?parent=15749"}],"wp:term":[{"taxonomy":"product_brand","embeddable":true,"href":"https:\/\/egytourpackages.com\/de\/wp-json\/wp\/v2\/product_brand?post=15749"},{"taxonomy":"product_cat","embeddable":true,"href":"https:\/\/egytourpackages.com\/de\/wp-json\/wp\/v2\/product_cat?post=15749"},{"taxonomy":"product_tag","embeddable":true,"href":"https:\/\/egytourpackages.com\/de\/wp-json\/wp\/v2\/product_tag?post=15749"}],"curies":[{"name":"wp","href":"https:\/\/api.w.org\/{rel}","templated":true}]}}