{"id":16390,"date":"2026-04-10T21:28:09","date_gmt":"2026-04-10T21:28:09","guid":{"rendered":"https:\/\/egytourpackages.com\/product\/wadi-hammamat-tour-ab-marsa-alam\/"},"modified":"2026-04-26T22:43:49","modified_gmt":"2026-04-26T22:43:49","slug":"wadi-hammamat-tour-ab-marsa-alam","status":"publish","type":"product","link":"https:\/\/egytourpackages.com\/de\/touren\/wadi-hammamat-tour-ab-marsa-alam\/","title":{"rendered":"Wadi Hammamat Tour ab Marsa Alam"},"content":{"rendered":"<p><span style=\"color: #ff6600;\"><strong>Wadi Hammamat Tour ab Marsa Alam: Antike Goldminen &amp; Hieroglyphen<\/strong><\/span><\/p>\n<p>Begeben Sie sich auf eine spannende <strong>W\u00fcstentour ab Marsa Alam<\/strong> zum legend\u00e4ren <strong>Wadi Hammamat<\/strong>. Eingebettet im Herzen der \u00d6stlichen W\u00fcste, diente diese historische St\u00e4tte als antikes Tor zwischen dem <strong>Niltal<\/strong> und dem <strong>Roten Meer<\/strong>.<\/p>\n<p>Bekannt f\u00fcr seine <strong>pharaonischen Goldminen<\/strong> und den seltenen, dunkelgr\u00fcnen <strong>Bekhen-Stein<\/strong>, ist dieses Tal ein lebendiges Museum des industriellen und k\u00fcnstlerischen Erbes \u00c4gyptens.<\/p>\n<h3><span style=\"color: #ff6600;\">Die historische Bedeutung von Wadi Hammamat<\/span><\/h3>\n<p>Jahrtausende lang war das <strong>Wadi Hammamat<\/strong> die Hauptroute f\u00fcr Handelsexpeditionen. Es ist ber\u00fchmt f\u00fcr seine <strong>alt\u00e4gyptischen Inschriften<\/strong> und <strong>Hieroglyphen<\/strong>, die bis in die <strong>pr\u00e4dynastische Zeit<\/strong> zur\u00fcckreichen.<\/p>\n<p>Diese Schnitzereien fungieren als historisches Archiv und dokumentieren k\u00f6nigliche Missionen, die von verschiedenen K\u00f6nigen entsandt wurden, um <strong>Edelsteine<\/strong> f\u00fcr Statuen, Sarkophage und Tempelgef\u00e4\u00dfe zu gewinnen.<\/p>\n<p>Die arch\u00e4ologische Bedeutung der St\u00e4tte wurde von europ\u00e4ischen Entdeckern wie <strong>James Bruce<\/strong> im Jahr 1769 ans Licht gebracht und sp\u00e4ter von den \u00c4gyptologen <strong>Wladimir Golenischtschew<\/strong> und <strong>Arthur Weigall<\/strong> ausf\u00fchrlich untersucht.<\/p>\n<p>Beweise deuten darauf hin, dass diese <strong>antiken Steinbr\u00fcche<\/strong> bis in die <strong>ptolem\u00e4ische und r\u00f6mische Zeit<\/strong> aktiv blieben, wie die verschiedenen <strong>demotischen und griechischen Texte<\/strong> belegen, die neben den \u00e4lteren Schnitzereien gefunden wurden.<\/p>\n<p>Details<\/p>\n<ul>\n<li>Dauer: 6 Stunden<\/li>\n<li>Tour-Ort: \u00d6stliche W\u00fcste, El Qusier, Marsa Alam<\/li>\n<li>Verf\u00fcgbarkeit: T\u00e4glich<\/li>\n<li>Abholung &amp; R\u00fcckbringung: Alle Hotels zwischen El Qusier und Hamata<\/li>\n<li>Tour-Typ: Privat<\/li>\n<li>Sprache: Englisch<\/li>\n<li>Rollstuhl: Nicht zug\u00e4nglich<\/li>\n<\/ul>\n<p>Inklusive<\/p>\n<ul>\n<li>\u00c4gyptischer W\u00fcsten-Reiseleiter.<\/li>\n<li>Hin- und R\u00fccktransfer von Ihrem Hotel mit dem 4&#215;4 Jeep.<\/li>\n<li>Wasser und Snacks w\u00e4hrend der Tour.<\/li>\n<li>Alle notwendigen Regierungs- und Standortgenehmigungen enthalten.<\/li>\n<li>Alle Servicegeb\u00fchren und Steuern sind abgedeckt.<\/li>\n<\/ul>\n<p>Exklusive<\/p>\n<ul>\n<li>Trinkgelder f\u00fcr den Guide und den Fahrer.<\/li>\n<li>Alle Artikel oder Dienstleistungen, die oben nicht aufgef\u00fchrt sind.<\/li>\n<\/ul>\n<p>Was sollten Sie mitnehmen?<\/p>\n<ul>\n<li>Sonnenbrille, Hut und Sonnencreme mit hohem Lichtschutzfaktor.<\/li>\n<li>Eine Kamera oder Videokamera f\u00fcr die malerische Aussicht.<\/li>\n<li>Bequeme Schuhe, leichte Kleidung und einen Schal gegen den Wind.<\/li>\n<li>Eine Kopie Ihres Reisepasses.<\/li>\n<\/ul>\n<h2><em><span style=\"color: #993366;\">Reiseverlauf: Reise durch das &#8222;Tal der vielen B\u00e4der&#8220;<\/span><\/em><\/h2>\n<h3><span style=\"color: #ff6600;\">Abfahrt von Marsa Alam:<\/span><\/h3>\n<p>Ihr Abenteuer beginnt fr\u00fch am Morgen. Ein professioneller Guide holt Sie in einem robusten <strong>4&#215;4 Jeep<\/strong> von Ihrem <strong>Hotel in Marsa Alam<\/strong> ab, der f\u00fcr das bergige Gel\u00e4nde der <strong>\u00d6stlichen W\u00fcste<\/strong> konzipiert ist.<\/p>\n<h3><span style=\"color: #ff6600;\">Erkundung der Inschriften &amp; Kartuschen:<\/span><\/h3>\n<p>Wandern Sie durch den engsten Teil des Tals, um hunderte von <strong>pharaonischen Kartuschen<\/strong> und Felskunst zu sehen.<\/p>\n<p>Sie werden bemerkenswerte Inschriften sehen, darunter eine aus der Regierungszeit von <strong>Sesostris I. (1930 v. Chr.)<\/strong>, die eine gewaltige Expedition von 1.000 M\u00e4nnern beschreibt, die 80 Steinbl\u00f6cke zum Nil transportierten.<\/p>\n<h3><span style=\"color: #ff6600;\">Bir Hammamat &amp; Das r\u00f6mische Fort:<\/span><\/h3>\n<p>Besuchen Sie das beeindruckende <strong>Bir Hammamat<\/strong>, eine bedeutende r\u00f6mische Wasserstation. Erkunden Sie die \u00dcberreste des <strong>r\u00f6mischen Forts<\/strong> und den 34 Meter tiefen Brunnen, der noch immer seine urspr\u00fcngliche Wendeltreppe besitzt, die von antiken Reisenden benutzt wurde.<\/p>\n<h3><span style=\"color: #ff6600;\">Qasr El Banat &amp; Das Arbeiterdorf:<\/span><\/h3>\n<p>Nach einer erfrischenden Kaffeepause geht die Tour weiter nach <strong>Qasr El Banat<\/strong> (Der Palast der M\u00e4dchen) und dem nahe gelegenen Arbeiterdorf.<\/p>\n<p>Diese antiken Behausungen sind in ausgezeichnetem Zustand geblieben und erm\u00f6glichen es Ihnen, originale T\u00fcrrahmen, Fenster und Nischen zu sehen, die vor Jahrtausenden von den Bergleuten genutzt wurden.<\/p>\n<h3><span style=\"color: #ff6600;\">R\u00fcckkehr nach Marsa Alam:<\/span><\/h3>\n<p>Genie\u00dfen Sie etwas Freizeit, um <strong>unvergessliche Fotos<\/strong> der W\u00fcstenlandschaft aufzunehmen, bevor Ihr <strong>4&#215;4 Jeep<\/strong> Sie zur\u00fcck zu Ihrem Hotel bringt.<\/p>\n<h3><span style=\"color: #ff6600;\">Wichtiger Hinweis:<\/span><\/h3>\n<p>Die Region <strong>Wadi Hammamat<\/strong> ist Gegenstand des <strong>Turiner Papyrus<\/strong>, der \u00e4ltesten geologischen Karte der Welt.<\/p>\n<p>Diese innovative Karte wurde vom Schreiber Amennachte f\u00fcr <strong>Ramses IV.<\/strong> erstellt und verwendet Farben und Texturen, um Entfernungen zwischen <strong>Goldminen<\/strong> und <strong>Steinbr\u00fcchen<\/strong> zu markieren.<\/p>\n<h3><span style=\"color: #ff6600;\">Wadi Hammamat Tour ab Marsa Alam Preis<\/span><\/h3>\n<table>\n<thead>\n<tr>\n<td><strong>Anzahl der Teilnehmer<\/strong><\/td>\n<td><strong>Preis pro Person<\/strong><\/td>\n<td><strong>Gesamtkosten der Tour<\/strong><\/td>\n<\/tr>\n<\/thead>\n<tbody>\n<tr>\n<td>1 Person (Einzel)<\/td>\n<td>300 Euro<\/td>\n<td>300 Euro<\/td>\n<\/tr>\n<tr>\n<td>2 Personen<\/td>\n<td>150 Euro<\/td>\n<td>300 Euro<\/td>\n<\/tr>\n<tr>\n<td>3 Personen<\/td>\n<td>105 Euro<\/td>\n<td>315 Euro<\/td>\n<\/tr>\n<tr>\n<td>4 Personen<\/td>\n<td>100 Euro<\/td>\n<td>400 Euro<\/td>\n<\/tr>\n<\/tbody>\n<\/table>\n<ul>\n<li>Kinder 0-5 Jahre = kostenlos<\/li>\n<li>Kinder 5-11 Jahre = 50% des Erwachsenenpreises<\/li>\n<\/ul>\n<h3><span style=\"color: #ff6600;\">Hinweis:<\/span><\/h3>\n<p>F\u00fcr Abfahrten von allen Hotels nach dem Flughafen Marsa Alam wird ein Zuschlag von 30 Euro pro Person erhoben.<\/p>\n<h3><span style=\"color: #ff6600;\">Buchung<\/span><\/h3>\n<p>Sie k\u00f6nnen Ihre Wadi Hammamat Tour ab Marsa Alam \u00fcber WhatsApp oder E-Mail buchen und erhalten sofort eine Best\u00e4tigung. Bitte senden Sie uns Ihren Hotelnamen, Ihre Zimmernummer und Passkopien.<\/p>\n<p>WhatsApp: +201000852186<\/p>\n<p>E-Mail: info@egytourpackages.com<\/p>\n<h3><span style=\"color: #ff6600;\">Jetzt buchen &amp; vor Ort bezahlen<\/span><\/h3>\n<p>Buchen Sie Ihre Lieblingstour und bezahlen Sie am Tag der Reise.<\/p>\n<h3><span style=\"color: #ff6600;\">Bezahlung<\/span><\/h3>\n<p>Sie k\u00f6nnen in \u00c4gyptischen Pfund, $, \u20ac\u200e oder \u00a3 bezahlen.<\/p>\n<h3><span style=\"color: #ff6600;\">Stornierungsbedingungen<\/span><\/h3>\n<ul>\n<li>Stornierung bis 24 Stunden im Voraus kostenlos.<\/li>\n<li>Bei Stornierung am Morgen werden 50% des Preises f\u00e4llig.<\/li>\n<\/ul>\n","protected":false},"excerpt":{"rendered":"<p>Wadi Hammamat Tour ab <b data-path-to-node=\"0\" data-index-in-node=\"22\">Marsa Alam<\/b>: Entdecken Sie antike Inschriften, Schieferbr\u00fcche und die Geschichte des <b data-path-to-node=\"0\" data-index-in-node=\"106\">Alten \u00c4gyptens<\/b> bei dieser W\u00fcstentour.<\/p>\n","protected":false},"featured_media":15997,"comment_status":"closed","ping_status":"closed","template":"","meta":[],"product_brand":[],"product_cat":[1494],"product_tag":[1495,4545,4404],"class_list":{"0":"post-16390","1":"product","2":"type-product","3":"status-publish","4":"has-post-thumbnail","6":"product_cat-touren","7":"product_tag-agypten-tagestouren","8":"product_tag-tagesausfluge-ab-el-quseir","9":"product_tag-tagesausfluge-ab-marsa-alam","10":"tour_category-agypten-tagestouren","11":"tour_category-marsa-alam-ausfluge","12":"tour_category-tagesausfluge-von-el-quseir","14":"first","15":"instock","16":"sale","17":"shipping-taxable","18":"purchasable","19":"product-type-tour","20":"has-default-attributes"},"yoast_head":"<!-- This site is optimized with the Yoast SEO Premium plugin v27.5 (Yoast SEO v27.5) - https:\/\/yoast.com\/product\/yoast-seo-premium-wordpress\/ -->\n<title>Wadi Hammamat Tour ab Marsa Alam<\/title>\n<meta name=\"description\" content=\"Wadi Hammamat Tour ab Marsa Alam: Entdecken Sie antike Inschriften, Schieferbr\u00fcche und die Geschichte des Alten \u00c4gyptens bei dieser W\u00fcstentour.\" \/>\n<meta name=\"robots\" content=\"index, follow, max-snippet:-1, max-image-preview:large, max-video-preview:-1\" \/>\n<link rel=\"canonical\" href=\"https:\/\/egytourpackages.com\/de\/touren\/wadi-hammamat-tour-ab-marsa-alam\/\" \/>\n<meta property=\"og:locale\" content=\"de_DE\" \/>\n<meta property=\"og:type\" content=\"article\" \/>\n<meta property=\"og:title\" content=\"Wadi Hammamat Tour ab Marsa Alam\" \/>\n<meta property=\"og:description\" content=\"Wadi Hammamat Tour ab Marsa Alam: Entdecken Sie antike Inschriften, Schieferbr\u00fcche und die Geschichte des Alten \u00c4gyptens bei dieser W\u00fcstentour.\" \/>\n<meta property=\"og:url\" content=\"https:\/\/egytourpackages.com\/de\/touren\/wadi-hammamat-tour-ab-marsa-alam\/\" \/>\n<meta property=\"og:site_name\" content=\"\u00c4gypten-Reisepakete\" \/>\n<meta property=\"article:publisher\" content=\"https:\/\/www.facebook.com\/egytourpackages\" \/>\n<meta property=\"article:modified_time\" content=\"2026-04-26T22:43:49+00:00\" \/>\n<meta property=\"og:image\" content=\"https:\/\/egytourpackages.com\/wp-content\/uploads\/2026\/04\/Wadi-Hammamat-Tour-from-Marsa-Alam.jpg\" \/>\n\t<meta property=\"og:image:width\" content=\"1000\" \/>\n\t<meta property=\"og:image:height\" content=\"517\" \/>\n\t<meta property=\"og:image:type\" content=\"image\/jpeg\" \/>\n<meta name=\"twitter:card\" content=\"summary_large_image\" \/>\n<meta name=\"twitter:title\" content=\"Wadi Hammamat Tour ab Marsa Alam\" \/>\n<meta name=\"twitter:label1\" content=\"Preis\" \/>\n\t<meta name=\"twitter:data1\" content=\"&euro;0\" \/>\n\t<meta name=\"twitter:label2\" content=\"Verf\u00fcgbarkeit\" \/>\n\t<meta name=\"twitter:data2\" content=\"Auf Lager\" \/>\n<script type=\"application\/ld+json\" class=\"yoast-schema-graph\">{\"@context\":\"https:\\\/\\\/schema.org\",\"@graph\":[{\"@type\":\"WebPage\",\"@id\":\"https:\\\/\\\/egytourpackages.com\\\/de\\\/touren\\\/wadi-hammamat-tour-ab-marsa-alam\\\/\",\"url\":\"https:\\\/\\\/egytourpackages.com\\\/de\\\/touren\\\/wadi-hammamat-tour-ab-marsa-alam\\\/\",\"name\":\"Wadi Hammamat Tour ab Marsa Alam\",\"isPartOf\":{\"@id\":\"https:\\\/\\\/egytourpackages.com\\\/de\\\/#website\"},\"primaryImageOfPage\":{\"@id\":\"https:\\\/\\\/egytourpackages.com\\\/de\\\/touren\\\/wadi-hammamat-tour-ab-marsa-alam\\\/#primaryimage\"},\"image\":{\"@id\":\"https:\\\/\\\/egytourpackages.com\\\/de\\\/touren\\\/wadi-hammamat-tour-ab-marsa-alam\\\/#primaryimage\"},\"thumbnailUrl\":\"https:\\\/\\\/egytourpackages.com\\\/wp-content\\\/uploads\\\/2026\\\/04\\\/Wadi-Hammamat-Tour-from-Marsa-Alam.jpg\",\"datePublished\":\"2026-04-10T21:28:09+00:00\",\"dateModified\":\"2026-04-26T22:43:49+00:00\",\"description\":\"Wadi Hammamat Tour ab Marsa Alam: Entdecken Sie antike Inschriften, Schieferbr\u00fcche und die Geschichte des Alten \u00c4gyptens bei dieser W\u00fcstentour.\",\"breadcrumb\":{\"@id\":\"https:\\\/\\\/egytourpackages.com\\\/de\\\/touren\\\/wadi-hammamat-tour-ab-marsa-alam\\\/#breadcrumb\"},\"inLanguage\":\"de\",\"potentialAction\":[{\"@type\":\"ReadAction\",\"target\":[\"https:\\\/\\\/egytourpackages.com\\\/de\\\/touren\\\/wadi-hammamat-tour-ab-marsa-alam\\\/\"]}]},{\"@type\":\"ImageObject\",\"inLanguage\":\"de\",\"@id\":\"https:\\\/\\\/egytourpackages.com\\\/de\\\/touren\\\/wadi-hammamat-tour-ab-marsa-alam\\\/#primaryimage\",\"url\":\"https:\\\/\\\/egytourpackages.com\\\/wp-content\\\/uploads\\\/2026\\\/04\\\/Wadi-Hammamat-Tour-from-Marsa-Alam.jpg\",\"contentUrl\":\"https:\\\/\\\/egytourpackages.com\\\/wp-content\\\/uploads\\\/2026\\\/04\\\/Wadi-Hammamat-Tour-from-Marsa-Alam.jpg\",\"width\":1000,\"height\":517,\"caption\":\"Wadi Hammamat Tour ab Marsa Alam\"},{\"@type\":\"BreadcrumbList\",\"@id\":\"https:\\\/\\\/egytourpackages.com\\\/de\\\/touren\\\/wadi-hammamat-tour-ab-marsa-alam\\\/#breadcrumb\",\"itemListElement\":[{\"@type\":\"ListItem\",\"position\":1,\"name\":\"Startseite\",\"item\":\"https:\\\/\\\/egytourpackages.com\\\/de\\\/\"},{\"@type\":\"ListItem\",\"position\":2,\"name\":\"Shop\",\"item\":\"https:\\\/\\\/egytourpackages.com\\\/de\\\/shop\\\/\"},{\"@type\":\"ListItem\",\"position\":3,\"name\":\"Wadi Hammamat Tour ab Marsa Alam\"}]},{\"@type\":\"WebSite\",\"@id\":\"https:\\\/\\\/egytourpackages.com\\\/de\\\/#website\",\"url\":\"https:\\\/\\\/egytourpackages.com\\\/de\\\/\",\"name\":\"Egy tour packages\",\"description\":\"\",\"publisher\":{\"@id\":\"https:\\\/\\\/egytourpackages.com\\\/de\\\/#organization\"},\"potentialAction\":[{\"@type\":\"SearchAction\",\"target\":{\"@type\":\"EntryPoint\",\"urlTemplate\":\"https:\\\/\\\/egytourpackages.com\\\/de\\\/?s={search_term_string}\"},\"query-input\":{\"@type\":\"PropertyValueSpecification\",\"valueRequired\":true,\"valueName\":\"search_term_string\"}}],\"inLanguage\":\"de\"},{\"@type\":[\"Organization\",\"Place\",\"TravelAgency\"],\"@id\":\"https:\\\/\\\/egytourpackages.com\\\/de\\\/#organization\",\"name\":\"egypt tour packages\",\"alternateName\":\"egypt tour packages\",\"url\":\"https:\\\/\\\/egytourpackages.com\\\/de\\\/\",\"logo\":{\"@id\":\"https:\\\/\\\/egytourpackages.com\\\/de\\\/touren\\\/wadi-hammamat-tour-ab-marsa-alam\\\/#local-main-organization-logo\"},\"image\":{\"@id\":\"https:\\\/\\\/egytourpackages.com\\\/de\\\/touren\\\/wadi-hammamat-tour-ab-marsa-alam\\\/#local-main-organization-logo\"},\"sameAs\":[\"https:\\\/\\\/www.facebook.com\\\/egytourpackages\"],\"legalName\":\"Egy tour packages\",\"address\":{\"@id\":\"https:\\\/\\\/egytourpackages.com\\\/de\\\/touren\\\/wadi-hammamat-tour-ab-marsa-alam\\\/#local-main-place-address\"},\"telephone\":[\"00201000852186\",\"00201028685533\"],\"contactPoint\":{\"@type\":\"ContactPoint\",\"telephone\":\"00201000852186\"},\"openingHoursSpecification\":[{\"@type\":\"OpeningHoursSpecification\",\"dayOfWeek\":[\"Monday\",\"Tuesday\",\"Wednesday\",\"Thursday\",\"Friday\",\"Saturday\",\"Sunday\"],\"opens\":\"00:00\",\"closes\":\"23:59\"}],\"email\":\"info@egytourpackages.com\",\"areaServed\":\"Cairo, Hurghada, Luxor, Sharm El Sheikh, Marsa Alam, Aswan\",\"priceRange\":\"$\",\"currenciesAccepted\":\"euro\",\"paymentAccepted\":\"Payment links online\"},{\"@type\":\"PostalAddress\",\"@id\":\"https:\\\/\\\/egytourpackages.com\\\/de\\\/touren\\\/wadi-hammamat-tour-ab-marsa-alam\\\/#local-main-place-address\",\"streetAddress\":\"Mubarak 8, Al Kawthar District, Hurghada\",\"addressLocality\":\"Hurghada\",\"postalCode\":\"84511\",\"addressRegion\":\"Red Sea\",\"addressCountry\":\"EG\"},{\"@type\":\"ImageObject\",\"inLanguage\":\"de\",\"@id\":\"https:\\\/\\\/egytourpackages.com\\\/de\\\/touren\\\/wadi-hammamat-tour-ab-marsa-alam\\\/#local-main-organization-logo\",\"url\":\"https:\\\/\\\/egytourpackages.com\\\/wp-content\\\/uploads\\\/2025\\\/12\\\/Turquoise-Dahabiya-Nile-Cruise-1.jpeg\",\"contentUrl\":\"https:\\\/\\\/egytourpackages.com\\\/wp-content\\\/uploads\\\/2025\\\/12\\\/Turquoise-Dahabiya-Nile-Cruise-1.jpeg\",\"width\":1040,\"height\":694,\"caption\":\"egypt tour packages\"}]}<\/script>\n<meta property=\"product:brand\" content=\"\u00c4gypten Tagestouren\" \/>\n<meta property=\"product:price:amount\" content=\"0\" \/>\n<meta property=\"product:price:currency\" content=\"EUR\" \/>\n<meta property=\"og:availability\" content=\"instock\" \/>\n<meta property=\"product:availability\" content=\"instock\" \/>\n<meta property=\"product:retailer_item_id\" content=\"MAT 15\" \/>\n<meta property=\"product:condition\" content=\"new\" \/>\n<meta name=\"geo.placename\" content=\"Hurghada\" \/>\n<meta name=\"geo.region\" content=\"\u00c4gypten\" \/>\n<!-- \/ Yoast SEO Premium plugin. -->","yoast_head_json":{"title":"Wadi Hammamat Tour ab Marsa Alam","description":"Wadi Hammamat Tour ab Marsa Alam: Entdecken Sie antike Inschriften, Schieferbr\u00fcche und die Geschichte des Alten \u00c4gyptens bei dieser W\u00fcstentour.","robots":{"index":"index","follow":"follow","max-snippet":"max-snippet:-1","max-image-preview":"max-image-preview:large","max-video-preview":"max-video-preview:-1"},"canonical":"https:\/\/egytourpackages.com\/de\/touren\/wadi-hammamat-tour-ab-marsa-alam\/","og_locale":"de_DE","og_type":"article","og_title":"Wadi Hammamat Tour ab Marsa Alam","og_description":"Wadi Hammamat Tour ab Marsa Alam: Entdecken Sie antike Inschriften, Schieferbr\u00fcche und die Geschichte des Alten \u00c4gyptens bei dieser W\u00fcstentour.","og_url":"https:\/\/egytourpackages.com\/de\/touren\/wadi-hammamat-tour-ab-marsa-alam\/","og_site_name":"\u00c4gypten-Reisepakete","article_publisher":"https:\/\/www.facebook.com\/egytourpackages","article_modified_time":"2026-04-26T22:43:49+00:00","og_image":[{"width":1000,"height":517,"url":"https:\/\/egytourpackages.com\/wp-content\/uploads\/2026\/04\/Wadi-Hammamat-Tour-from-Marsa-Alam.jpg","type":"image\/jpeg"}],"twitter_card":"summary_large_image","twitter_title":"Wadi Hammamat Tour ab Marsa Alam","twitter_misc":{"Preis":"&euro;0","Verf\u00fcgbarkeit":"Auf Lager"},"schema":{"@context":"https:\/\/schema.org","@graph":[{"@type":"WebPage","@id":"https:\/\/egytourpackages.com\/de\/touren\/wadi-hammamat-tour-ab-marsa-alam\/","url":"https:\/\/egytourpackages.com\/de\/touren\/wadi-hammamat-tour-ab-marsa-alam\/","name":"Wadi Hammamat Tour ab Marsa Alam","isPartOf":{"@id":"https:\/\/egytourpackages.com\/de\/#website"},"primaryImageOfPage":{"@id":"https:\/\/egytourpackages.com\/de\/touren\/wadi-hammamat-tour-ab-marsa-alam\/#primaryimage"},"image":{"@id":"https:\/\/egytourpackages.com\/de\/touren\/wadi-hammamat-tour-ab-marsa-alam\/#primaryimage"},"thumbnailUrl":"https:\/\/egytourpackages.com\/wp-content\/uploads\/2026\/04\/Wadi-Hammamat-Tour-from-Marsa-Alam.jpg","datePublished":"2026-04-10T21:28:09+00:00","dateModified":"2026-04-26T22:43:49+00:00","description":"Wadi Hammamat Tour ab Marsa Alam: Entdecken Sie antike Inschriften, Schieferbr\u00fcche und die Geschichte des Alten \u00c4gyptens bei dieser W\u00fcstentour.","breadcrumb":{"@id":"https:\/\/egytourpackages.com\/de\/touren\/wadi-hammamat-tour-ab-marsa-alam\/#breadcrumb"},"inLanguage":"de","potentialAction":[{"@type":"ReadAction","target":["https:\/\/egytourpackages.com\/de\/touren\/wadi-hammamat-tour-ab-marsa-alam\/"]}]},{"@type":"ImageObject","inLanguage":"de","@id":"https:\/\/egytourpackages.com\/de\/touren\/wadi-hammamat-tour-ab-marsa-alam\/#primaryimage","url":"https:\/\/egytourpackages.com\/wp-content\/uploads\/2026\/04\/Wadi-Hammamat-Tour-from-Marsa-Alam.jpg","contentUrl":"https:\/\/egytourpackages.com\/wp-content\/uploads\/2026\/04\/Wadi-Hammamat-Tour-from-Marsa-Alam.jpg","width":1000,"height":517,"caption":"Wadi Hammamat Tour ab Marsa Alam"},{"@type":"BreadcrumbList","@id":"https:\/\/egytourpackages.com\/de\/touren\/wadi-hammamat-tour-ab-marsa-alam\/#breadcrumb","itemListElement":[{"@type":"ListItem","position":1,"name":"Startseite","item":"https:\/\/egytourpackages.com\/de\/"},{"@type":"ListItem","position":2,"name":"Shop","item":"https:\/\/egytourpackages.com\/de\/shop\/"},{"@type":"ListItem","position":3,"name":"Wadi Hammamat Tour ab Marsa Alam"}]},{"@type":"WebSite","@id":"https:\/\/egytourpackages.com\/de\/#website","url":"https:\/\/egytourpackages.com\/de\/","name":"Egy tour packages","description":"","publisher":{"@id":"https:\/\/egytourpackages.com\/de\/#organization"},"potentialAction":[{"@type":"SearchAction","target":{"@type":"EntryPoint","urlTemplate":"https:\/\/egytourpackages.com\/de\/?s={search_term_string}"},"query-input":{"@type":"PropertyValueSpecification","valueRequired":true,"valueName":"search_term_string"}}],"inLanguage":"de"},{"@type":["Organization","Place","TravelAgency"],"@id":"https:\/\/egytourpackages.com\/de\/#organization","name":"egypt tour packages","alternateName":"egypt tour packages","url":"https:\/\/egytourpackages.com\/de\/","logo":{"@id":"https:\/\/egytourpackages.com\/de\/touren\/wadi-hammamat-tour-ab-marsa-alam\/#local-main-organization-logo"},"image":{"@id":"https:\/\/egytourpackages.com\/de\/touren\/wadi-hammamat-tour-ab-marsa-alam\/#local-main-organization-logo"},"sameAs":["https:\/\/www.facebook.com\/egytourpackages"],"legalName":"Egy tour packages","address":{"@id":"https:\/\/egytourpackages.com\/de\/touren\/wadi-hammamat-tour-ab-marsa-alam\/#local-main-place-address"},"telephone":["00201000852186","00201028685533"],"contactPoint":{"@type":"ContactPoint","telephone":"00201000852186"},"openingHoursSpecification":[{"@type":"OpeningHoursSpecification","dayOfWeek":["Monday","Tuesday","Wednesday","Thursday","Friday","Saturday","Sunday"],"opens":"00:00","closes":"23:59"}],"email":"info@egytourpackages.com","areaServed":"Cairo, Hurghada, Luxor, Sharm El Sheikh, Marsa Alam, Aswan","priceRange":"$","currenciesAccepted":"euro","paymentAccepted":"Payment links online"},{"@type":"PostalAddress","@id":"https:\/\/egytourpackages.com\/de\/touren\/wadi-hammamat-tour-ab-marsa-alam\/#local-main-place-address","streetAddress":"Mubarak 8, Al Kawthar District, Hurghada","addressLocality":"Hurghada","postalCode":"84511","addressRegion":"Red Sea","addressCountry":"EG"},{"@type":"ImageObject","inLanguage":"de","@id":"https:\/\/egytourpackages.com\/de\/touren\/wadi-hammamat-tour-ab-marsa-alam\/#local-main-organization-logo","url":"https:\/\/egytourpackages.com\/wp-content\/uploads\/2025\/12\/Turquoise-Dahabiya-Nile-Cruise-1.jpeg","contentUrl":"https:\/\/egytourpackages.com\/wp-content\/uploads\/2025\/12\/Turquoise-Dahabiya-Nile-Cruise-1.jpeg","width":1040,"height":694,"caption":"egypt tour packages"}]},"product_brand":"\u00c4gypten Tagestouren","product_price_currency":"EUR","og_availability":"instock","product_availability":"instock","product_retailer_item_id":"MAT 15","product_condition":"new","geo.placename":"Hurghada","geo.region":"\u00c4gypten"},"_links":{"self":[{"href":"https:\/\/egytourpackages.com\/de\/wp-json\/wp\/v2\/product\/16390","targetHints":{"allow":["GET"]}}],"collection":[{"href":"https:\/\/egytourpackages.com\/de\/wp-json\/wp\/v2\/product"}],"about":[{"href":"https:\/\/egytourpackages.com\/de\/wp-json\/wp\/v2\/types\/product"}],"replies":[{"embeddable":true,"href":"https:\/\/egytourpackages.com\/de\/wp-json\/wp\/v2\/comments?post=16390"}],"wp:featuredmedia":[{"embeddable":true,"href":"https:\/\/egytourpackages.com\/de\/wp-json\/wp\/v2\/media\/15997"}],"wp:attachment":[{"href":"https:\/\/egytourpackages.com\/de\/wp-json\/wp\/v2\/media?parent=16390"}],"wp:term":[{"taxonomy":"product_brand","embeddable":true,"href":"https:\/\/egytourpackages.com\/de\/wp-json\/wp\/v2\/product_brand?post=16390"},{"taxonomy":"product_cat","embeddable":true,"href":"https:\/\/egytourpackages.com\/de\/wp-json\/wp\/v2\/product_cat?post=16390"},{"taxonomy":"product_tag","embeddable":true,"href":"https:\/\/egytourpackages.com\/de\/wp-json\/wp\/v2\/product_tag?post=16390"}],"curies":[{"name":"wp","href":"https:\/\/api.w.org\/{rel}","templated":true}]}}