{"id":16406,"date":"2026-04-17T19:50:42","date_gmt":"2026-04-17T19:50:42","guid":{"rendered":"https:\/\/egytourpackages.com\/product\/royal-sea-scope-semi-submarine\/"},"modified":"2026-04-17T19:50:42","modified_gmt":"2026-04-17T19:50:42","slug":"royal-sea-scope-semi-submarine","status":"publish","type":"product","link":"https:\/\/egytourpackages.com\/de\/touren\/royal-sea-scope-semi-submarine\/","title":{"rendered":"Royal Sea Scope Semi-Submarine"},"content":{"rendered":"<p><strong>Royal Sea Scope Semi-Submarine \u2013 Familienspa\u00df im Roten Meer<\/strong><\/p>\n<p>Wenn Sie nach den <strong>besten familienfreundlichen Aktivit\u00e4ten<\/strong> w\u00e4hrend Ihres Urlaubs am <strong>Roten Meer<\/strong> suchen, ist das <strong>Royal Sea Scope Semi-Submarine<\/strong> ein absolutes Muss.<\/p>\n<p>Es ist die perfekte L\u00f6sung f\u00fcr alle, die die atemberaubende Unterwasserwelt des <strong>Roten Meeres<\/strong> erkunden m\u00f6chten, ohne nass zu werden oder den <strong>ganzen Tag au\u00dferhalb des Hotels<\/strong> zu verbringen.<\/p>\n<p>Im Gegensatz zu langen Schnorchelausfl\u00fcgen ist dieser Kurztrip ideal f\u00fcr <strong>kleine Kinder, Alleinreisende und Familien<\/strong>. Er erm\u00f6glicht es jedem, pr\u00e4chtige Korallenriffe und bunte Fische durch gro\u00dfe Panoramafenster unter dem Meeresspiegel zu bewundern.<\/p>\n<p>Dies ist eine einzigartige Gelegenheit, <strong>Familienerinnerungen zu schaffen<\/strong>, die ein Leben lang halten. Die Kleinen werden fasziniert sein, Nemos Welt aus der N\u00e4he zu sehen, w\u00e4hrend die Erwachsenen den Komfort einer klimatisierten Kabine genie\u00dfen.<\/p>\n<p>Da es sich um eine Halbtagesaktivit\u00e4t handelt, geh\u00f6rt sie zu den <strong>unterhaltsamsten Familienaktivit\u00e4ten<\/strong>, die es Ihnen erm\u00f6glicht, rechtzeitig zur\u00fcck zu sein, um den Hotelpool zu genie\u00dfen.<\/p>\n<p>Machen Sie sich bereit, <strong>mit Ihren Kindern Erinnerungen zu sammeln<\/strong> bei diesem unglaublichen Unterwasserabenteuer!<\/p>\n<p>Tour-Details<\/p>\n<ul>\n<li>Dauer: 3 Stunden<\/li>\n<li>Tour-Typ: Gruppenreise (geteilt)<\/li>\n<li>Verf\u00fcgbarkeit: T\u00e4glich<\/li>\n<li>Startzeiten: 08:00 Uhr, 11:00 Uhr, 13:00 Uhr<\/li>\n<li>Sprachen: Englisch<\/li>\n<li>Abholung &amp; R\u00fcckbringung: Hotels in Hurghada<\/li>\n<li>Rollstuhlgerecht.<\/li>\n<\/ul>\n<p>Inklusive<\/p>\n<ul>\n<li>Abholung &amp; R\u00fcckbringung vom\/zum Hotel<\/li>\n<li>Alkoholfreie Getr\u00e4nke an Bord<\/li>\n<li>Schnorchelausr\u00fcstung<\/li>\n<li>Schnorchel-Guide<\/li>\n<\/ul>\n<p>Exklusive<\/p>\n<ul>\n<li>Fotoshooting (optional)<\/li>\n<li>Transfer von El Gouna, Sahl Hasheesh oder Makadi (gegen Aufpreis)<\/li>\n<\/ul>\n<p>Was Sie mitbringen sollten?<\/p>\n<ul>\n<li>Sonnenbrille\/Hut\/Sonnenschutz.<\/li>\n<li>Wasser.<\/li>\n<li>Fotoapparat oder Videokamera.<\/li>\n<li>Handtuch.<\/li>\n<\/ul>\n<p>Ablauf des Royal Sea Scope Erlebnisses<\/p>\n<p>Begegnung mit der Unterwasserwelt<\/p>\n<p>Das Abenteuer beginnt mit der <strong>Abholung vom Hotel<\/strong> zur vereinbarten Zeit. Unser Transport bringt Sie direkt zum Jachthafen, wo Sie die Crew mit einem L\u00e4cheln und einer kurzen Einweisung in Sicherheit und Route begr\u00fc\u00dft.<\/p>\n<p>Sie ben\u00f6tigen keine schwere Ausr\u00fcstung \u2013 bringen Sie einfach Ihre Kamera mit, um die Sch\u00f6nheit des <strong>Roten Meeres<\/strong> festzuhalten.<\/p>\n<p>Sobald wir an Bord sind, segeln wir etwa f\u00fcnfzehn Minuten zu den spektakul\u00e4rsten <strong>Korallenriffen<\/strong>.<\/p>\n<p>Wenn Sie zum unterirdischen Beobachtungsdeck hinuntergehen, tauchen Sie visuell vier Meter unter die Oberfl\u00e4che ein. W\u00e4hrend dieses Teils der Reise erleben Sie eine spektakul\u00e4re <strong>Taucher-Show<\/strong>.<\/p>\n<p>Ein <strong>professioneller Taucher<\/strong> f\u00fcttert die Fische direkt vor den Fenstern und lockt die <strong>Fische direkt an die Glasfenster<\/strong> des Bootes, damit Sie das Meeresleben in seiner ganzen Farbenpracht genie\u00dfen k\u00f6nnen.<\/p>\n<p>Nach der Unterwasserbeobachtung h\u00e4lt das Boot an einem <strong>sch\u00f6nen Korallenriff<\/strong> f\u00fcr <strong>30 Minuten Schnorcheln<\/strong>. Dies ist Ihre Chance, ins kristallklare Wasser zu springen und neben den bunten Kreaturen zu schwimmen, die Sie gerade durch das Glas gesehen haben. Die gesamte Schnorchelausr\u00fcstung wird gestellt, sodass jeder problemlos am Spa\u00df teilnehmen kann.<\/p>\n<p>Schlie\u00dflich begeben wir uns auf das Oberdeck, um die Meeresbrise und den Blick auf die K\u00fcste zu genie\u00dfen. Sie erhalten ein <strong>erfrischendes Getr\u00e4nk<\/strong>, w\u00e4hrend das Boot zur\u00fcck zum Hafen f\u00e4hrt.<\/p>\n<p>Zum Abschluss bringen wir Sie zur\u00fcck zu Ihrer <strong>Unterkunft<\/strong>, damit Sie Ihren entspannten Nachmittag fortsetzen k\u00f6nnen \u2013 bereichert durch ein magisches Familienerlebnis.<\/p>\n<p><strong>T\u00e4gliche Abfahrtszeiten<\/strong><\/p>\n<table>\n<thead>\n<tr>\n<td><strong>Ausflug<\/strong><\/td>\n<td><strong>Zeit der Aktivit\u00e4t<\/strong><\/td>\n<\/tr>\n<\/thead>\n<tbody>\n<tr>\n<td><strong>Erste Tour<\/strong><\/td>\n<td>09:00 Uhr bis 11:00 Uhr<\/td>\n<\/tr>\n<tr>\n<td><strong>Zweite Tour<\/strong><\/td>\n<td>11:00 Uhr bis 13:00 Uhr<\/td>\n<\/tr>\n<tr>\n<td><strong>Dritte Tour<\/strong><\/td>\n<td>13:00 Uhr bis 15:00 Uhr<\/td>\n<\/tr>\n<tr>\n<td><strong>Vierte Tour<\/strong><\/td>\n<td>15:00 Uhr bis 17:00 Uhr<\/td>\n<\/tr>\n<\/tbody>\n<\/table>\n<p>&nbsp;<\/p>\n<p><strong>Preis Royal Sea Scope Semi-Submarine<\/strong><\/p>\n<ul>\n<li><strong>Erwachsenenpreis<\/strong> = 20 \u20ac<\/li>\n<li><strong>Kinder 5-11 Jahre<\/strong> = 50% des Erwachsenenpreises<\/li>\n<li><strong>Kleinkinder 0-5 Jahre<\/strong> = kostenlos<\/li>\n<\/ul>\n<p><strong>Buchung<\/strong><\/p>\n<p>Sie k\u00f6nnen Ihr Royal Sea Scope Halbtauchboot per <strong>WhatsApp<\/strong> buchen oder uns eine E-Mail senden. Sie erhalten die Best\u00e4tigung sofort.<\/p>\n<p>Bitte senden Sie uns Ihren Hotelnamen, die Zimmernummer und Passkopien.<\/p>\n<ul>\n<li><strong>WhatsApp:<\/strong> +201000852186<\/li>\n<li><strong>E-Mail:<\/strong> info@egytourpackages.com<\/li>\n<\/ul>\n<p><strong>Jetzt buchen &amp; vor Ort bezahlen<\/strong><\/p>\n<p>Buchen Sie Ihre Lieblingstour und bezahlen Sie am Tag des Ausflugs.<\/p>\n<p><strong>Zahlung<\/strong><\/p>\n<p>Sie k\u00f6nnen in \u00c4gyptischen Pfund, $, \u20ac oder \u00a3 bezahlen.<\/p>\n<p><strong>Stornierungsbedingungen<\/strong><\/p>\n<ul>\n<li>Die <strong>Stornierung ist bis zu 24 Stunden im Voraus kostenlos<\/strong>.<\/li>\n<li>Bei einer Stornierung am Morgen des Ausflugs werden <strong>50% des Preises<\/strong> f\u00e4llig.<\/li>\n<\/ul>\n","protected":false},"excerpt":{"rendered":"<p>Erleben Sie das <b data-path-to-node=\"0\" data-index-in-node=\"16\">Royal Sea Scope Semi-Submarine<\/b>! Ein Abenteuer im <b data-path-to-node=\"0\" data-index-in-node=\"65\">Roten Meer<\/b> f\u00fcr die ganze Familie mit Korallen &amp; Schnorcheln. Jetzt in Hurghada buchen!<\/p>\n","protected":false},"featured_media":16152,"comment_status":"closed","ping_status":"closed","template":"","meta":[],"product_brand":[],"product_cat":[1494],"product_tag":[],"class_list":{"0":"post-16406","1":"product","2":"type-product","3":"status-publish","4":"has-post-thumbnail","6":"product_cat-touren","7":"tour_category-agypten-tagestouren","8":"tour_category-die-besten-aktivitaten-in-hurghada-mit-kindern","9":"tour_category-hurghada-ausfluge","11":"first","12":"instock","13":"sale","14":"shipping-taxable","15":"purchasable","16":"product-type-tour","17":"has-default-attributes"},"yoast_head":"<!-- This site is optimized with the Yoast SEO Premium plugin v27.4 (Yoast SEO v27.4) - https:\/\/yoast.com\/product\/yoast-seo-premium-wordpress\/ -->\n<title>Royal Sea Scope Semi-Submarine<\/title>\n<meta name=\"description\" content=\"Erleben Sie das Royal Sea Scope Semi-Submarine! Ein Abenteuer im Roten Meer f\u00fcr die ganze Familie mit Korallen &amp; Schnorcheln. Jetzt in Hurghada buchen!\" \/>\n<meta name=\"robots\" content=\"index, follow, max-snippet:-1, max-image-preview:large, max-video-preview:-1\" \/>\n<link rel=\"canonical\" href=\"https:\/\/egytourpackages.com\/de\/touren\/royal-sea-scope-semi-submarine\/\" \/>\n<meta property=\"og:locale\" content=\"de_DE\" \/>\n<meta property=\"og:type\" content=\"article\" \/>\n<meta property=\"og:title\" content=\"Royal Sea Scope Semi-Submarine\" \/>\n<meta property=\"og:description\" content=\"Erleben Sie das Royal Sea Scope Semi-Submarine! Ein Abenteuer im Roten Meer f\u00fcr die ganze Familie mit Korallen &amp; Schnorcheln. Jetzt in Hurghada buchen!\" \/>\n<meta property=\"og:url\" content=\"https:\/\/egytourpackages.com\/de\/touren\/royal-sea-scope-semi-submarine\/\" \/>\n<meta property=\"og:site_name\" content=\"\u00c4gypten-Reisepakete\" \/>\n<meta property=\"article:publisher\" content=\"https:\/\/www.facebook.com\/egytourpackages\" \/>\n<meta property=\"og:image\" content=\"https:\/\/egytourpackages.com\/wp-content\/uploads\/2026\/04\/Royal-Sea-Scope-Semi-Submarines.jpg\" \/>\n\t<meta property=\"og:image:width\" content=\"800\" \/>\n\t<meta property=\"og:image:height\" content=\"530\" \/>\n\t<meta property=\"og:image:type\" content=\"image\/jpeg\" \/>\n<meta name=\"twitter:card\" content=\"summary_large_image\" \/>\n<meta name=\"twitter:title\" content=\"Royal Sea Scope Semi-Submarine\" \/>\n<meta name=\"twitter:label1\" content=\"Preis\" \/>\n\t<meta name=\"twitter:data1\" content=\"&euro;0\" \/>\n\t<meta name=\"twitter:label2\" content=\"Verf\u00fcgbarkeit\" \/>\n\t<meta name=\"twitter:data2\" content=\"Auf Lager\" \/>\n<script type=\"application\/ld+json\" class=\"yoast-schema-graph\">{\"@context\":\"https:\\\/\\\/schema.org\",\"@graph\":[{\"@type\":\"WebPage\",\"@id\":\"https:\\\/\\\/egytourpackages.com\\\/de\\\/touren\\\/royal-sea-scope-semi-submarine\\\/\",\"url\":\"https:\\\/\\\/egytourpackages.com\\\/de\\\/touren\\\/royal-sea-scope-semi-submarine\\\/\",\"name\":\"Royal Sea Scope Semi-Submarine\",\"isPartOf\":{\"@id\":\"https:\\\/\\\/egytourpackages.com\\\/de\\\/#website\"},\"primaryImageOfPage\":{\"@id\":\"https:\\\/\\\/egytourpackages.com\\\/de\\\/touren\\\/royal-sea-scope-semi-submarine\\\/#primaryimage\"},\"image\":{\"@id\":\"https:\\\/\\\/egytourpackages.com\\\/de\\\/touren\\\/royal-sea-scope-semi-submarine\\\/#primaryimage\"},\"thumbnailUrl\":\"https:\\\/\\\/egytourpackages.com\\\/wp-content\\\/uploads\\\/2026\\\/04\\\/Royal-Sea-Scope-Semi-Submarines.jpg\",\"datePublished\":\"2026-04-17T19:50:42+00:00\",\"description\":\"Erleben Sie das Royal Sea Scope Semi-Submarine! Ein Abenteuer im Roten Meer f\u00fcr die ganze Familie mit Korallen & Schnorcheln. Jetzt in Hurghada buchen!\",\"breadcrumb\":{\"@id\":\"https:\\\/\\\/egytourpackages.com\\\/de\\\/touren\\\/royal-sea-scope-semi-submarine\\\/#breadcrumb\"},\"inLanguage\":\"de\",\"potentialAction\":[{\"@type\":\"ReadAction\",\"target\":[\"https:\\\/\\\/egytourpackages.com\\\/de\\\/touren\\\/royal-sea-scope-semi-submarine\\\/\"]}]},{\"@type\":\"ImageObject\",\"inLanguage\":\"de\",\"@id\":\"https:\\\/\\\/egytourpackages.com\\\/de\\\/touren\\\/royal-sea-scope-semi-submarine\\\/#primaryimage\",\"url\":\"https:\\\/\\\/egytourpackages.com\\\/wp-content\\\/uploads\\\/2026\\\/04\\\/Royal-Sea-Scope-Semi-Submarines.jpg\",\"contentUrl\":\"https:\\\/\\\/egytourpackages.com\\\/wp-content\\\/uploads\\\/2026\\\/04\\\/Royal-Sea-Scope-Semi-Submarines.jpg\",\"width\":800,\"height\":530,\"caption\":\"Royal Sea Scope Semi-Submarine\"},{\"@type\":\"BreadcrumbList\",\"@id\":\"https:\\\/\\\/egytourpackages.com\\\/de\\\/touren\\\/royal-sea-scope-semi-submarine\\\/#breadcrumb\",\"itemListElement\":[{\"@type\":\"ListItem\",\"position\":1,\"name\":\"Startseite\",\"item\":\"https:\\\/\\\/egytourpackages.com\\\/de\\\/\"},{\"@type\":\"ListItem\",\"position\":2,\"name\":\"Shop\",\"item\":\"https:\\\/\\\/egytourpackages.com\\\/de\\\/shop\\\/\"},{\"@type\":\"ListItem\",\"position\":3,\"name\":\"Royal Sea Scope Semi-Submarine\"}]},{\"@type\":\"WebSite\",\"@id\":\"https:\\\/\\\/egytourpackages.com\\\/de\\\/#website\",\"url\":\"https:\\\/\\\/egytourpackages.com\\\/de\\\/\",\"name\":\"Egy tour packages\",\"description\":\"\",\"publisher\":{\"@id\":\"https:\\\/\\\/egytourpackages.com\\\/de\\\/#organization\"},\"potentialAction\":[{\"@type\":\"SearchAction\",\"target\":{\"@type\":\"EntryPoint\",\"urlTemplate\":\"https:\\\/\\\/egytourpackages.com\\\/de\\\/?s={search_term_string}\"},\"query-input\":{\"@type\":\"PropertyValueSpecification\",\"valueRequired\":true,\"valueName\":\"search_term_string\"}}],\"inLanguage\":\"de\"},{\"@type\":[\"Organization\",\"Place\",\"TravelAgency\"],\"@id\":\"https:\\\/\\\/egytourpackages.com\\\/de\\\/#organization\",\"name\":\"egypt tour packages\",\"alternateName\":\"egypt tour packages\",\"url\":\"https:\\\/\\\/egytourpackages.com\\\/de\\\/\",\"logo\":{\"@id\":\"https:\\\/\\\/egytourpackages.com\\\/de\\\/touren\\\/royal-sea-scope-semi-submarine\\\/#local-main-organization-logo\"},\"image\":{\"@id\":\"https:\\\/\\\/egytourpackages.com\\\/de\\\/touren\\\/royal-sea-scope-semi-submarine\\\/#local-main-organization-logo\"},\"sameAs\":[\"https:\\\/\\\/www.facebook.com\\\/egytourpackages\"],\"legalName\":\"Egy tour packages\",\"address\":{\"@id\":\"https:\\\/\\\/egytourpackages.com\\\/de\\\/touren\\\/royal-sea-scope-semi-submarine\\\/#local-main-place-address\"},\"telephone\":[\"00201000852186\",\"00201028685533\"],\"contactPoint\":{\"@type\":\"ContactPoint\",\"telephone\":\"00201000852186\"},\"openingHoursSpecification\":[{\"@type\":\"OpeningHoursSpecification\",\"dayOfWeek\":[\"Monday\",\"Tuesday\",\"Wednesday\",\"Thursday\",\"Friday\",\"Saturday\",\"Sunday\"],\"opens\":\"00:00\",\"closes\":\"23:59\"}],\"email\":\"info@egytourpackages.com\",\"areaServed\":\"Cairo, Hurghada, Luxor, Sharm El Sheikh, Marsa Alam, Aswan\",\"priceRange\":\"$\",\"currenciesAccepted\":\"euro\",\"paymentAccepted\":\"Payment links online\"},{\"@type\":\"PostalAddress\",\"@id\":\"https:\\\/\\\/egytourpackages.com\\\/de\\\/touren\\\/royal-sea-scope-semi-submarine\\\/#local-main-place-address\",\"streetAddress\":\"Mubarak 8, Al Kawthar District, Hurghada\",\"addressLocality\":\"Hurghada\",\"postalCode\":\"84511\",\"addressRegion\":\"Red Sea\",\"addressCountry\":\"EG\"},{\"@type\":\"ImageObject\",\"inLanguage\":\"de\",\"@id\":\"https:\\\/\\\/egytourpackages.com\\\/de\\\/touren\\\/royal-sea-scope-semi-submarine\\\/#local-main-organization-logo\",\"url\":\"https:\\\/\\\/egytourpackages.com\\\/wp-content\\\/uploads\\\/2025\\\/12\\\/Turquoise-Dahabiya-Nile-Cruise-1.jpeg\",\"contentUrl\":\"https:\\\/\\\/egytourpackages.com\\\/wp-content\\\/uploads\\\/2025\\\/12\\\/Turquoise-Dahabiya-Nile-Cruise-1.jpeg\",\"width\":1040,\"height\":694,\"caption\":\"egypt tour packages\"}]}<\/script>\n<meta property=\"product:brand\" content=\"\u00c4gypten Tagestouren\" \/>\n<meta property=\"product:price:amount\" content=\"0\" \/>\n<meta property=\"product:price:currency\" content=\"EUR\" \/>\n<meta property=\"og:availability\" content=\"instock\" \/>\n<meta property=\"product:availability\" content=\"instock\" \/>\n<meta property=\"product:retailer_item_id\" content=\"DTFH 01\" \/>\n<meta property=\"product:condition\" content=\"new\" \/>\n<meta name=\"geo.placename\" content=\"Hurghada\" \/>\n<meta name=\"geo.region\" content=\"\u00c4gypten\" \/>\n<!-- \/ Yoast SEO Premium plugin. -->","yoast_head_json":{"title":"Royal Sea Scope Semi-Submarine","description":"Erleben Sie das Royal Sea Scope Semi-Submarine! Ein Abenteuer im Roten Meer f\u00fcr die ganze Familie mit Korallen & Schnorcheln. Jetzt in Hurghada buchen!","robots":{"index":"index","follow":"follow","max-snippet":"max-snippet:-1","max-image-preview":"max-image-preview:large","max-video-preview":"max-video-preview:-1"},"canonical":"https:\/\/egytourpackages.com\/de\/touren\/royal-sea-scope-semi-submarine\/","og_locale":"de_DE","og_type":"article","og_title":"Royal Sea Scope Semi-Submarine","og_description":"Erleben Sie das Royal Sea Scope Semi-Submarine! Ein Abenteuer im Roten Meer f\u00fcr die ganze Familie mit Korallen & Schnorcheln. Jetzt in Hurghada buchen!","og_url":"https:\/\/egytourpackages.com\/de\/touren\/royal-sea-scope-semi-submarine\/","og_site_name":"\u00c4gypten-Reisepakete","article_publisher":"https:\/\/www.facebook.com\/egytourpackages","og_image":[{"width":800,"height":530,"url":"https:\/\/egytourpackages.com\/wp-content\/uploads\/2026\/04\/Royal-Sea-Scope-Semi-Submarines.jpg","type":"image\/jpeg"}],"twitter_card":"summary_large_image","twitter_title":"Royal Sea Scope Semi-Submarine","twitter_misc":{"Preis":"&euro;0","Verf\u00fcgbarkeit":"Auf Lager"},"schema":{"@context":"https:\/\/schema.org","@graph":[{"@type":"WebPage","@id":"https:\/\/egytourpackages.com\/de\/touren\/royal-sea-scope-semi-submarine\/","url":"https:\/\/egytourpackages.com\/de\/touren\/royal-sea-scope-semi-submarine\/","name":"Royal Sea Scope Semi-Submarine","isPartOf":{"@id":"https:\/\/egytourpackages.com\/de\/#website"},"primaryImageOfPage":{"@id":"https:\/\/egytourpackages.com\/de\/touren\/royal-sea-scope-semi-submarine\/#primaryimage"},"image":{"@id":"https:\/\/egytourpackages.com\/de\/touren\/royal-sea-scope-semi-submarine\/#primaryimage"},"thumbnailUrl":"https:\/\/egytourpackages.com\/wp-content\/uploads\/2026\/04\/Royal-Sea-Scope-Semi-Submarines.jpg","datePublished":"2026-04-17T19:50:42+00:00","description":"Erleben Sie das Royal Sea Scope Semi-Submarine! Ein Abenteuer im Roten Meer f\u00fcr die ganze Familie mit Korallen & Schnorcheln. Jetzt in Hurghada buchen!","breadcrumb":{"@id":"https:\/\/egytourpackages.com\/de\/touren\/royal-sea-scope-semi-submarine\/#breadcrumb"},"inLanguage":"de","potentialAction":[{"@type":"ReadAction","target":["https:\/\/egytourpackages.com\/de\/touren\/royal-sea-scope-semi-submarine\/"]}]},{"@type":"ImageObject","inLanguage":"de","@id":"https:\/\/egytourpackages.com\/de\/touren\/royal-sea-scope-semi-submarine\/#primaryimage","url":"https:\/\/egytourpackages.com\/wp-content\/uploads\/2026\/04\/Royal-Sea-Scope-Semi-Submarines.jpg","contentUrl":"https:\/\/egytourpackages.com\/wp-content\/uploads\/2026\/04\/Royal-Sea-Scope-Semi-Submarines.jpg","width":800,"height":530,"caption":"Royal Sea Scope Semi-Submarine"},{"@type":"BreadcrumbList","@id":"https:\/\/egytourpackages.com\/de\/touren\/royal-sea-scope-semi-submarine\/#breadcrumb","itemListElement":[{"@type":"ListItem","position":1,"name":"Startseite","item":"https:\/\/egytourpackages.com\/de\/"},{"@type":"ListItem","position":2,"name":"Shop","item":"https:\/\/egytourpackages.com\/de\/shop\/"},{"@type":"ListItem","position":3,"name":"Royal Sea Scope Semi-Submarine"}]},{"@type":"WebSite","@id":"https:\/\/egytourpackages.com\/de\/#website","url":"https:\/\/egytourpackages.com\/de\/","name":"Egy tour packages","description":"","publisher":{"@id":"https:\/\/egytourpackages.com\/de\/#organization"},"potentialAction":[{"@type":"SearchAction","target":{"@type":"EntryPoint","urlTemplate":"https:\/\/egytourpackages.com\/de\/?s={search_term_string}"},"query-input":{"@type":"PropertyValueSpecification","valueRequired":true,"valueName":"search_term_string"}}],"inLanguage":"de"},{"@type":["Organization","Place","TravelAgency"],"@id":"https:\/\/egytourpackages.com\/de\/#organization","name":"egypt tour packages","alternateName":"egypt tour packages","url":"https:\/\/egytourpackages.com\/de\/","logo":{"@id":"https:\/\/egytourpackages.com\/de\/touren\/royal-sea-scope-semi-submarine\/#local-main-organization-logo"},"image":{"@id":"https:\/\/egytourpackages.com\/de\/touren\/royal-sea-scope-semi-submarine\/#local-main-organization-logo"},"sameAs":["https:\/\/www.facebook.com\/egytourpackages"],"legalName":"Egy tour packages","address":{"@id":"https:\/\/egytourpackages.com\/de\/touren\/royal-sea-scope-semi-submarine\/#local-main-place-address"},"telephone":["00201000852186","00201028685533"],"contactPoint":{"@type":"ContactPoint","telephone":"00201000852186"},"openingHoursSpecification":[{"@type":"OpeningHoursSpecification","dayOfWeek":["Monday","Tuesday","Wednesday","Thursday","Friday","Saturday","Sunday"],"opens":"00:00","closes":"23:59"}],"email":"info@egytourpackages.com","areaServed":"Cairo, Hurghada, Luxor, Sharm El Sheikh, Marsa Alam, Aswan","priceRange":"$","currenciesAccepted":"euro","paymentAccepted":"Payment links online"},{"@type":"PostalAddress","@id":"https:\/\/egytourpackages.com\/de\/touren\/royal-sea-scope-semi-submarine\/#local-main-place-address","streetAddress":"Mubarak 8, Al Kawthar District, Hurghada","addressLocality":"Hurghada","postalCode":"84511","addressRegion":"Red Sea","addressCountry":"EG"},{"@type":"ImageObject","inLanguage":"de","@id":"https:\/\/egytourpackages.com\/de\/touren\/royal-sea-scope-semi-submarine\/#local-main-organization-logo","url":"https:\/\/egytourpackages.com\/wp-content\/uploads\/2025\/12\/Turquoise-Dahabiya-Nile-Cruise-1.jpeg","contentUrl":"https:\/\/egytourpackages.com\/wp-content\/uploads\/2025\/12\/Turquoise-Dahabiya-Nile-Cruise-1.jpeg","width":1040,"height":694,"caption":"egypt tour packages"}]},"product_brand":"\u00c4gypten Tagestouren","product_price_currency":"EUR","og_availability":"instock","product_availability":"instock","product_retailer_item_id":"DTFH 01","product_condition":"new","geo.placename":"Hurghada","geo.region":"\u00c4gypten"},"_links":{"self":[{"href":"https:\/\/egytourpackages.com\/de\/wp-json\/wp\/v2\/product\/16406","targetHints":{"allow":["GET"]}}],"collection":[{"href":"https:\/\/egytourpackages.com\/de\/wp-json\/wp\/v2\/product"}],"about":[{"href":"https:\/\/egytourpackages.com\/de\/wp-json\/wp\/v2\/types\/product"}],"replies":[{"embeddable":true,"href":"https:\/\/egytourpackages.com\/de\/wp-json\/wp\/v2\/comments?post=16406"}],"wp:featuredmedia":[{"embeddable":true,"href":"https:\/\/egytourpackages.com\/de\/wp-json\/wp\/v2\/media\/16152"}],"wp:attachment":[{"href":"https:\/\/egytourpackages.com\/de\/wp-json\/wp\/v2\/media?parent=16406"}],"wp:term":[{"taxonomy":"product_brand","embeddable":true,"href":"https:\/\/egytourpackages.com\/de\/wp-json\/wp\/v2\/product_brand?post=16406"},{"taxonomy":"product_cat","embeddable":true,"href":"https:\/\/egytourpackages.com\/de\/wp-json\/wp\/v2\/product_cat?post=16406"},{"taxonomy":"product_tag","embeddable":true,"href":"https:\/\/egytourpackages.com\/de\/wp-json\/wp\/v2\/product_tag?post=16406"}],"curies":[{"name":"wp","href":"https:\/\/api.w.org\/{rel}","templated":true}]}}