{"id":16422,"date":"2026-03-17T20:03:42","date_gmt":"2026-03-17T20:03:42","guid":{"rendered":"https:\/\/egytourpackages.com\/product\/mons-claudianus-tour\/"},"modified":"2026-04-26T22:40:41","modified_gmt":"2026-04-26T22:40:41","slug":"mons-claudianus-tour","status":"publish","type":"product","link":"https:\/\/egytourpackages.com\/de\/touren\/mons-claudianus-tour\/","title":{"rendered":"Mons Claudianus Tour"},"content":{"rendered":"<p><span style=\"color: #ff6600;\"><strong>Mons Claudianus Tour: Erkundung antiker r\u00f6mischer Steinmetzarbeiten<\/strong><\/span><\/p>\n<p>Die Reise zum <strong>Mons Claudianus<\/strong> beginnt mit einer Abholung vom Hotel um 05:00 Uhr morgens in einem robusten 4\u00d74-Fahrzeug.<\/p>\n<p>Tief in der <strong>Arabischen W\u00fcste<\/strong> gelegen, stellen diese weitl\u00e4ufigen Granitsteinbr\u00fcche einige der bedeutendsten arch\u00e4ologischen St\u00e4tten der Region dar, die erstmals 1823 von den Entdeckern <strong>Wilkinson<\/strong> und <strong>Burton<\/strong> in den Fokus der Moderne ger\u00fcckt wurden.<\/p>\n<h3><span style=\"color: #ff6600;\">Sonnenaufgang und die Fahrt in die tiefe W\u00fcste<\/span><\/h3>\n<p>Ihr Abenteuer beginnt mit einem atemberaubenden Stopp auf dem Gipfel eines W\u00fcstenbergs, um den <strong>Sonnenaufgang<\/strong> \u00fcber dem Horizont zu erleben.<\/p>\n<p>Anschlie\u00dfend geht die Fahrt etwa 40 Minuten weiter zu einem einsamen <strong>Akazienbaum<\/strong>, einem nat\u00fcrlichen Wahrzeichen in der weiten, trockenen Landschaft.<\/p>\n<p>Sobald Sie die arch\u00e4ologische St\u00e4tte erreichen, haben Sie eine geplante Pause, um das <strong>Fr\u00fchst\u00fcck<\/strong> zu genie\u00dfen, bevor Sie in die historische Erkundung der Ruinen eintauchen.<\/p>\n<h3><span style=\"color: #ff6600;\">Das Erbe von Mons Claudianus<\/span><\/h3>\n<p>Diese <strong>Steinbruchsiedlung<\/strong>, die vor allem zwischen dem 1. und 3. Jahrhundert n. Chr. aktiv war, diente als wichtiges Industriezentrum f\u00fcr das R\u00f6mische Reich.<\/p>\n<p>Die St\u00e4tte liegt in den Bergen am Roten Meer, etwa 20 Meilen abseits der Hauptstra\u00dfe, die <strong>Hurghada<\/strong> und Qena verbindet.<\/p>\n<p>Sie fungierte als entlegener Au\u00dfenposten, der das Imperium mit hochwertigem Gestein versorgte und gleichzeitig eine komplexe Sozialstruktur fernab des Nils aufrechterhielt.<\/p>\n<h3><span style=\"color: #ff6600;\">Architektonische Wunder und Highlights der St\u00e4tte<\/span><\/h3>\n<p>Die St\u00e4tte ist bemerkenswert gut erhalten und zeigt eine Vielzahl <strong>r\u00f6mischer Ingenieurskunst<\/strong>. Besucher k\u00f6nnen massive <strong>Steins\u00e4ulen<\/strong>, Becken und ein zerbrochenes Badehaus sehen, die \u00fcber das Gel\u00e4nde verstreut sind.<\/p>\n<p>Viele Bauwerke, darunter das <strong>befestigte Lager<\/strong>, die Wohnquartiere, Werkst\u00e4tten und Tierst\u00e4lle, stehen noch in ihrer urspr\u00fcnglichen H\u00f6he.<\/p>\n<p>Eines der faszinierendsten Merkmale sind die \u00dcberreste eines unvollendeten <strong>Tempels<\/strong>, der von <strong>Kaiser Hadrian<\/strong> in Auftrag gegeben wurde.<\/p>\n<p>Der gesamte Komplex war wie eine Festung konzipiert, gesch\u00fctzt durch dicke Mauern und Wacht\u00fcrme, um eine Bev\u00f6lkerung von etwa 1.000 Einwohnern, darunter Arbeiter und Milit\u00e4rwachen, zu beherbergen.<\/p>\n<p>Sie werden erfahren, wie die antiken Arbeiter massive Bl\u00f6cke aus gro\u00dfen H\u00f6hen gewannen und sie f\u00fcr den Transport ins Tal hinablie\u00dfen.<\/p>\n<h3><span style=\"color: #ff6600;\">Imperialer Stein und r\u00f6mische Infrastruktur<\/span><\/h3>\n<p>Die <strong>R\u00f6merstra\u00dfe<\/strong>, die f\u00fcr den Transport dieser Steine genutzt wurde, ist noch heute sichtbar, ges\u00e4umt von antiken Raststationen, die jeweils eine Tagesreise voneinander entfernt liegen.<\/p>\n<p>Der hier gewonnene dunkelgraue Granit war hochgesch\u00e4tzt; er wurde f\u00fcr den Bau des ikonischen Portikus des <strong>Pantheons<\/strong> in <strong>Rom<\/strong> und der <strong>Basilica Ulpia<\/strong> auf dem Trajansforum verwendet.<\/p>\n<p>Dar\u00fcber hinaus wurden diese Steine \u00fcber das Meer verschifft, um den <strong>Flavischen Palast<\/strong> und die gro\u00dfen <strong>Caracalla-Thermen<\/strong> zu schm\u00fccken.<\/p>\n<h3><span style=\"color: #ff6600;\">Alltagsleben im W\u00fcstenau\u00dfenposten<\/span><\/h3>\n<p>Ausgrabungen Ende des 20. Jahrhunderts brachten \u00fcber 9.000 <strong>Ostraca<\/strong> (beschriebene Tonscherben) ans Licht.<\/p>\n<p>In <strong>Griechisch und Latein<\/strong> verfasst, bieten diese Scherben einen seltenen Einblick in den Alltag der M\u00e4nner, Frauen und Kinder, die hier stationiert waren. Die Aufzeichnungen kategorisieren die Bewohner in vier verschiedene Gruppen:<\/p>\n<ul>\n<li>Milit\u00e4rpersonal und hochrangige Beamte.<\/li>\n<li>Meisterhandwerker und qualifizierte Arbeiter.<\/li>\n<li>Ungelernte Arbeiter und allgemeines Personal.<\/li>\n<li>Familien, einschlie\u00dflich Frauen und Kinder.<\/li>\n<\/ul>\n<p>Finanzunterlagen belegen, dass die Arbeiter an diesem Ort au\u00dfergew\u00f6hnlich gut bezahlt wurden und fast das Doppelte des Lohns im Niltal verdienten.<\/p>\n<p>Diese &#8222;Gefahrenzulage&#8220; entsch\u00e4digte f\u00fcr die Isolation und die harten Bedingungen der W\u00fcste.<\/p>\n<h3><span style=\"color: #ff6600;\">Kulinarik und \u00dcberleben<\/span><\/h3>\n<p>Historische Beweise deuten auf eine \u00fcberraschend vielf\u00e4ltige Ern\u00e4hrung f\u00fcr einen so abgelegenen Ort hin. Arch\u00e4ologen fanden Spuren von <strong>55 verschiedenen Pflanzen<\/strong> und 20 Arten von tierischem Protein.<\/p>\n<p>Die Bewohner a\u00dfen Fisch aus dem Roten Meer, importierten <strong>indischen Pfeffer<\/strong> und sogar Austern.<\/p>\n<p>Die Entdeckung bestimmter Samen deutet darauf hin, dass die R\u00f6mer zwar viel importierten, aber auch <strong>Salat, Minze und Basilikum<\/strong> vor Ort anbauten, um die Versorgung der Arbeiter mit wichtigen N\u00e4hrstoffen und Vitaminen sicherzustellen.<\/p>\n<p>Nachdem Sie die Ruinen dokumentiert und <strong>unvergessliche Fotos<\/strong> gemacht haben, werden Sie zur\u00fcck zu Ihrer Unterkunft in <strong>Hurghada<\/strong> gebracht.<\/p>\n<h3><span style=\"color: #ff6600;\">Details<\/span><\/h3>\n<ul>\n<li>Dauer: 6 Stunden<\/li>\n<li>Tour-Ort: Arabische W\u00fcste, Hurghada<\/li>\n<li>Verf\u00fcgbarkeit: t\u00e4glich<\/li>\n<li>Abholung &amp; R\u00fcckgabe: Alle Hotels in Hurghada, Makadi Bay, Soma Bay, Sahl Hasheesh<\/li>\n<li>Tour-Typ: Gruppe \/ Privat<\/li>\n<li>Sprache: Englisch<\/li>\n<li>Rollstuhl: Zug\u00e4nglich<\/li>\n<\/ul>\n<h3><span style=\"color: #ff6600;\">Inklusivleistungen<\/span><\/h3>\n<ul>\n<li><strong>Experte \u00c4gyptologe<\/strong> als Guide mit professioneller Zertifizierung.<\/li>\n<li>Alle anfallenden Servicegeb\u00fchren und lokalen Steuern.<\/li>\n<li>Offizielle Eintrittsgenehmigungen und Standgeb\u00fchren.<\/li>\n<li>Hin- und R\u00fccktransport im <strong>4\u00d74 Jeep<\/strong>.<\/li>\n<li>Umfassender Verpflegungs- und Getr\u00e4nkeservice.<\/li>\n<li><strong>Mineralwasser<\/strong> in Flaschen und Erfrischungen.<\/li>\n<\/ul>\n<h3><span style=\"color: #ff6600;\">Tour-Ausschl\u00fcsse<\/span><\/h3>\n<ul>\n<li>Internationale\/nationale Fl\u00fcge und Einreisevisa.<\/li>\n<li>Individuelles Taschengeld f\u00fcr zus\u00e4tzliche Aktivit\u00e4ten.<\/li>\n<li>\u00dcbliches <strong>Trinkgeld<\/strong> f\u00fcr das Personal.<\/li>\n<li>Leistungen, die nicht explizit im Reiseplan erw\u00e4hnt sind.<\/li>\n<\/ul>\n<h3><span style=\"color: #ff6600;\">Empfohlene Ausr\u00fcstung<\/span><\/h3>\n<ul>\n<li>Augenschutz (Sonnenbrille), Sonnenhut und <strong>Sonnencreme<\/strong> mit hohem Lichtschutzfaktor.<\/li>\n<li>Foto- oder Videoausr\u00fcstung.<\/li>\n<li><strong>Festes Schuhwerk<\/strong> und atmungsaktive Kleidung.<\/li>\n<\/ul>\n<h3><span style=\"color: #ff6600;\">Mons Claudianus Tour Preis<\/span><\/h3>\n<table>\n<thead>\n<tr>\n<td><strong>Anzahl der Teilnehmer<\/strong><\/td>\n<td><strong>Preis pro Person<\/strong><\/td>\n<td><strong>Gesamtkosten der Tour<\/strong><\/td>\n<\/tr>\n<\/thead>\n<tbody>\n<tr>\n<td>1 Person (Solo)<\/td>\n<td>300 Euro<\/td>\n<td>300 Euro<\/td>\n<\/tr>\n<tr>\n<td>2 Personen<\/td>\n<td>150 Euro<\/td>\n<td>300 Euro<\/td>\n<\/tr>\n<tr>\n<td>3 Personen<\/td>\n<td>105 Euro<\/td>\n<td>315 Euro<\/td>\n<\/tr>\n<tr>\n<td>4 Personen<\/td>\n<td>100 Euro<\/td>\n<td>400 Euro<\/td>\n<\/tr>\n<\/tbody>\n<\/table>\n<p>Kinder 0-5 Jahre = kostenlos<\/p>\n<p>Kinder 5-11 Jahre = 50% des Erwachsenenpreises<\/p>\n<h3><span style=\"color: #ff6600;\">Hinweis:<\/span><\/h3>\n<p>Ein Zuschlag von 20 Euro pro Person f\u00e4llt f\u00fcr Abfahrten von folgenden Orten an:<\/p>\n<ul>\n<li>Makadi Bay<\/li>\n<li>Soma Bay<\/li>\n<li>Safaga<\/li>\n<li>El Gouna<\/li>\n<\/ul>\n<h3><span style=\"color: #ff6600;\">Buchung<\/span><\/h3>\n<p>Sie k\u00f6nnen Ihre Mons Claudianus Tour \u00fcber WhatsApp oder E-Mail buchen und erhalten umgehend eine Best\u00e4tigung.<\/p>\n<p>Bitte senden Sie uns Ihren Hotelnamen, die Zimmernummer und Passkopien.<\/p>\n<p>WhatsApp: +201000852186<\/p>\n<p>info@egytourpackages.com<\/p>\n<h3><span style=\"color: #ff6600;\">Jetzt buchen &amp; vor Ort bezahlen<\/span><\/h3>\n<p>Buchen Sie Ihre Lieblingstour und bezahlen Sie am Tag des Ausflugs.<\/p>\n<h3><span style=\"color: #ff6600;\">Zahlung<\/span><\/h3>\n<p>Sie k\u00f6nnen in \u00c4gyptischen Pfunden, $, \u20ac oder \u00a3 bezahlen.<\/p>\n<h3><span style=\"color: #ff6600;\">Stornierungsbedingungen<\/span><\/h3>\n<ul>\n<li>Stornierung ist bis zu 24 Stunden im Voraus kostenlos.<\/li>\n<li>Bei einer Stornierung am Morgen werden 50% des Preises f\u00e4llig.<\/li>\n<\/ul>\n","protected":false},"excerpt":{"rendered":"<p>Erleben Sie die r\u00f6mische Geschichte bei einer <b data-path-to-node=\"0\" data-index-in-node=\"46\">Mons Claudianus Tour<\/b>. Entdecken Sie antike Steinbr\u00fcche und Granits\u00e4ulen in der faszinierenden W\u00fcste \u00c4gyptens.<\/p>\n","protected":false},"featured_media":15893,"comment_status":"closed","ping_status":"closed","template":"","meta":[],"product_brand":[],"product_cat":[1494],"product_tag":[4549,1495,4550,4097,4551],"class_list":{"0":"post-16422","1":"product","2":"type-product","3":"status-publish","4":"has-post-thumbnail","6":"product_cat-touren","7":"product_tag-agypten-geschichtstouren","8":"product_tag-agypten-tagestouren","9":"product_tag-ostliche-wustensafari","10":"product_tag-tagesausfluge-ab-hurghada","11":"product_tag-tour-mons-claudianus","12":"tour_category-agypten-tagestouren","13":"tour_category-hurghada-ausfluge","14":"tour_category-hurghada-wustensafari-touren","15":"tour_category-makadi-bay-ausfluge","16":"tour_category-sahl-hasheesh-ausfluge","17":"tour_category-soma-bay-ausfluge","18":"tour_category-tagesausfluge-ab-safaga","20":"first","21":"instock","22":"sale","23":"shipping-taxable","24":"purchasable","25":"product-type-tour","26":"has-default-attributes"},"yoast_head":"<!-- This site is optimized with the Yoast SEO Premium plugin v27.5 (Yoast SEO v27.5) - https:\/\/yoast.com\/product\/yoast-seo-premium-wordpress\/ -->\n<title>Mons Claudianus Tour<\/title>\n<meta name=\"description\" content=\"Erleben Sie die r\u00f6mische Geschichte bei einer Mons Claudianus Tour. Entdecken Sie antike Steinbr\u00fcche und Granits\u00e4ulen in der faszinierenden W\u00fcste \u00c4gyptens.\" \/>\n<meta name=\"robots\" content=\"index, follow, max-snippet:-1, max-image-preview:large, max-video-preview:-1\" \/>\n<link rel=\"canonical\" href=\"https:\/\/egytourpackages.com\/de\/touren\/mons-claudianus-tour\/\" \/>\n<meta property=\"og:locale\" content=\"de_DE\" \/>\n<meta property=\"og:type\" content=\"article\" \/>\n<meta property=\"og:title\" content=\"Mons Claudianus Tour\" \/>\n<meta property=\"og:description\" content=\"Erleben Sie die r\u00f6mische Geschichte bei einer Mons Claudianus Tour. Entdecken Sie antike Steinbr\u00fcche und Granits\u00e4ulen in der faszinierenden W\u00fcste \u00c4gyptens.\" \/>\n<meta property=\"og:url\" content=\"https:\/\/egytourpackages.com\/de\/touren\/mons-claudianus-tour\/\" \/>\n<meta property=\"og:site_name\" content=\"\u00c4gypten-Reisepakete\" \/>\n<meta property=\"article:publisher\" content=\"https:\/\/www.facebook.com\/egytourpackages\" \/>\n<meta property=\"article:modified_time\" content=\"2026-04-26T22:40:41+00:00\" \/>\n<meta property=\"og:image\" content=\"https:\/\/egytourpackages.com\/wp-content\/uploads\/2026\/03\/Mons-Claudianus-Tour-1024x768.jpg\" \/>\n<meta name=\"twitter:card\" content=\"summary_large_image\" \/>\n<meta name=\"twitter:title\" content=\"Mons Claudianus Tour\" \/>\n<meta name=\"twitter:label1\" content=\"Preis\" \/>\n\t<meta name=\"twitter:data1\" content=\"&euro;150\" \/>\n\t<meta name=\"twitter:label2\" content=\"Verf\u00fcgbarkeit\" \/>\n\t<meta name=\"twitter:data2\" content=\"Auf Lager\" \/>\n<script type=\"application\/ld+json\" class=\"yoast-schema-graph\">{\"@context\":\"https:\\\/\\\/schema.org\",\"@graph\":[{\"@type\":\"WebPage\",\"@id\":\"https:\\\/\\\/egytourpackages.com\\\/de\\\/touren\\\/mons-claudianus-tour\\\/\",\"url\":\"https:\\\/\\\/egytourpackages.com\\\/de\\\/touren\\\/mons-claudianus-tour\\\/\",\"name\":\"Mons Claudianus Tour\",\"isPartOf\":{\"@id\":\"https:\\\/\\\/egytourpackages.com\\\/de\\\/#website\"},\"primaryImageOfPage\":{\"@id\":\"https:\\\/\\\/egytourpackages.com\\\/de\\\/touren\\\/mons-claudianus-tour\\\/#primaryimage\"},\"image\":{\"@id\":\"https:\\\/\\\/egytourpackages.com\\\/de\\\/touren\\\/mons-claudianus-tour\\\/#primaryimage\"},\"thumbnailUrl\":\"https:\\\/\\\/egytourpackages.com\\\/wp-content\\\/uploads\\\/2026\\\/03\\\/Mons-Claudianus-Tour.jpg\",\"datePublished\":\"2026-03-17T20:03:42+00:00\",\"dateModified\":\"2026-04-26T22:40:41+00:00\",\"description\":\"Erleben Sie die r\u00f6mische Geschichte bei einer Mons Claudianus Tour. Entdecken Sie antike Steinbr\u00fcche und Granits\u00e4ulen in der faszinierenden W\u00fcste \u00c4gyptens.\",\"breadcrumb\":{\"@id\":\"https:\\\/\\\/egytourpackages.com\\\/de\\\/touren\\\/mons-claudianus-tour\\\/#breadcrumb\"},\"inLanguage\":\"de\",\"potentialAction\":[{\"@type\":\"ReadAction\",\"target\":[\"https:\\\/\\\/egytourpackages.com\\\/de\\\/touren\\\/mons-claudianus-tour\\\/\"]}]},{\"@type\":\"ImageObject\",\"inLanguage\":\"de\",\"@id\":\"https:\\\/\\\/egytourpackages.com\\\/de\\\/touren\\\/mons-claudianus-tour\\\/#primaryimage\",\"url\":\"https:\\\/\\\/egytourpackages.com\\\/wp-content\\\/uploads\\\/2026\\\/03\\\/Mons-Claudianus-Tour.jpg\",\"contentUrl\":\"https:\\\/\\\/egytourpackages.com\\\/wp-content\\\/uploads\\\/2026\\\/03\\\/Mons-Claudianus-Tour.jpg\",\"width\":1500,\"height\":1125,\"caption\":\"Mons Claudianus Tour\"},{\"@type\":\"BreadcrumbList\",\"@id\":\"https:\\\/\\\/egytourpackages.com\\\/de\\\/touren\\\/mons-claudianus-tour\\\/#breadcrumb\",\"itemListElement\":[{\"@type\":\"ListItem\",\"position\":1,\"name\":\"Startseite\",\"item\":\"https:\\\/\\\/egytourpackages.com\\\/de\\\/\"},{\"@type\":\"ListItem\",\"position\":2,\"name\":\"Shop\",\"item\":\"https:\\\/\\\/egytourpackages.com\\\/de\\\/shop\\\/\"},{\"@type\":\"ListItem\",\"position\":3,\"name\":\"Mons Claudianus Tour\"}]},{\"@type\":\"WebSite\",\"@id\":\"https:\\\/\\\/egytourpackages.com\\\/de\\\/#website\",\"url\":\"https:\\\/\\\/egytourpackages.com\\\/de\\\/\",\"name\":\"Egy tour packages\",\"description\":\"\",\"publisher\":{\"@id\":\"https:\\\/\\\/egytourpackages.com\\\/de\\\/#organization\"},\"potentialAction\":[{\"@type\":\"SearchAction\",\"target\":{\"@type\":\"EntryPoint\",\"urlTemplate\":\"https:\\\/\\\/egytourpackages.com\\\/de\\\/?s={search_term_string}\"},\"query-input\":{\"@type\":\"PropertyValueSpecification\",\"valueRequired\":true,\"valueName\":\"search_term_string\"}}],\"inLanguage\":\"de\"},{\"@type\":[\"Organization\",\"Place\",\"TravelAgency\"],\"@id\":\"https:\\\/\\\/egytourpackages.com\\\/de\\\/#organization\",\"name\":\"egypt tour packages\",\"alternateName\":\"egypt tour packages\",\"url\":\"https:\\\/\\\/egytourpackages.com\\\/de\\\/\",\"logo\":{\"@id\":\"https:\\\/\\\/egytourpackages.com\\\/de\\\/touren\\\/mons-claudianus-tour\\\/#local-main-organization-logo\"},\"image\":{\"@id\":\"https:\\\/\\\/egytourpackages.com\\\/de\\\/touren\\\/mons-claudianus-tour\\\/#local-main-organization-logo\"},\"sameAs\":[\"https:\\\/\\\/www.facebook.com\\\/egytourpackages\"],\"legalName\":\"Egy tour packages\",\"address\":{\"@id\":\"https:\\\/\\\/egytourpackages.com\\\/de\\\/touren\\\/mons-claudianus-tour\\\/#local-main-place-address\"},\"telephone\":[\"00201000852186\",\"00201028685533\"],\"contactPoint\":{\"@type\":\"ContactPoint\",\"telephone\":\"00201000852186\"},\"openingHoursSpecification\":[{\"@type\":\"OpeningHoursSpecification\",\"dayOfWeek\":[\"Monday\",\"Tuesday\",\"Wednesday\",\"Thursday\",\"Friday\",\"Saturday\",\"Sunday\"],\"opens\":\"00:00\",\"closes\":\"23:59\"}],\"email\":\"info@egytourpackages.com\",\"areaServed\":\"Cairo, Hurghada, Luxor, Sharm El Sheikh, Marsa Alam, Aswan\",\"priceRange\":\"$\",\"currenciesAccepted\":\"euro\",\"paymentAccepted\":\"Payment links online\"},{\"@type\":\"PostalAddress\",\"@id\":\"https:\\\/\\\/egytourpackages.com\\\/de\\\/touren\\\/mons-claudianus-tour\\\/#local-main-place-address\",\"streetAddress\":\"Mubarak 8, Al Kawthar District, Hurghada\",\"addressLocality\":\"Hurghada\",\"postalCode\":\"84511\",\"addressRegion\":\"Red Sea\",\"addressCountry\":\"EG\"},{\"@type\":\"ImageObject\",\"inLanguage\":\"de\",\"@id\":\"https:\\\/\\\/egytourpackages.com\\\/de\\\/touren\\\/mons-claudianus-tour\\\/#local-main-organization-logo\",\"url\":\"https:\\\/\\\/egytourpackages.com\\\/wp-content\\\/uploads\\\/2025\\\/12\\\/Turquoise-Dahabiya-Nile-Cruise-1.jpeg\",\"contentUrl\":\"https:\\\/\\\/egytourpackages.com\\\/wp-content\\\/uploads\\\/2025\\\/12\\\/Turquoise-Dahabiya-Nile-Cruise-1.jpeg\",\"width\":1040,\"height\":694,\"caption\":\"egypt tour packages\"}]}<\/script>\n<meta property=\"product:brand\" content=\"\u00c4gypten Tagestouren\" \/>\n<meta property=\"product:price:amount\" content=\"150\" \/>\n<meta property=\"product:price:currency\" content=\"EUR\" \/>\n<meta property=\"og:availability\" content=\"instock\" \/>\n<meta property=\"product:availability\" content=\"instock\" \/>\n<meta property=\"product:retailer_item_id\" content=\"HDT 16\" \/>\n<meta property=\"product:condition\" content=\"new\" \/>\n<meta name=\"geo.placename\" content=\"Hurghada\" \/>\n<meta name=\"geo.region\" content=\"\u00c4gypten\" \/>\n<!-- \/ Yoast SEO Premium plugin. -->","yoast_head_json":{"title":"Mons Claudianus Tour","description":"Erleben Sie die r\u00f6mische Geschichte bei einer Mons Claudianus Tour. Entdecken Sie antike Steinbr\u00fcche und Granits\u00e4ulen in der faszinierenden W\u00fcste \u00c4gyptens.","robots":{"index":"index","follow":"follow","max-snippet":"max-snippet:-1","max-image-preview":"max-image-preview:large","max-video-preview":"max-video-preview:-1"},"canonical":"https:\/\/egytourpackages.com\/de\/touren\/mons-claudianus-tour\/","og_locale":"de_DE","og_type":"article","og_title":"Mons Claudianus Tour","og_description":"Erleben Sie die r\u00f6mische Geschichte bei einer Mons Claudianus Tour. Entdecken Sie antike Steinbr\u00fcche und Granits\u00e4ulen in der faszinierenden W\u00fcste \u00c4gyptens.","og_url":"https:\/\/egytourpackages.com\/de\/touren\/mons-claudianus-tour\/","og_site_name":"\u00c4gypten-Reisepakete","article_publisher":"https:\/\/www.facebook.com\/egytourpackages","article_modified_time":"2026-04-26T22:40:41+00:00","og_image":[{"url":"https:\/\/egytourpackages.com\/wp-content\/uploads\/2026\/03\/Mons-Claudianus-Tour-1024x768.jpg","type":"","width":"","height":""}],"twitter_card":"summary_large_image","twitter_title":"Mons Claudianus Tour","twitter_misc":{"Preis":"&euro;150","Verf\u00fcgbarkeit":"Auf Lager"},"schema":{"@context":"https:\/\/schema.org","@graph":[{"@type":"WebPage","@id":"https:\/\/egytourpackages.com\/de\/touren\/mons-claudianus-tour\/","url":"https:\/\/egytourpackages.com\/de\/touren\/mons-claudianus-tour\/","name":"Mons Claudianus Tour","isPartOf":{"@id":"https:\/\/egytourpackages.com\/de\/#website"},"primaryImageOfPage":{"@id":"https:\/\/egytourpackages.com\/de\/touren\/mons-claudianus-tour\/#primaryimage"},"image":{"@id":"https:\/\/egytourpackages.com\/de\/touren\/mons-claudianus-tour\/#primaryimage"},"thumbnailUrl":"https:\/\/egytourpackages.com\/wp-content\/uploads\/2026\/03\/Mons-Claudianus-Tour.jpg","datePublished":"2026-03-17T20:03:42+00:00","dateModified":"2026-04-26T22:40:41+00:00","description":"Erleben Sie die r\u00f6mische Geschichte bei einer Mons Claudianus Tour. Entdecken Sie antike Steinbr\u00fcche und Granits\u00e4ulen in der faszinierenden W\u00fcste \u00c4gyptens.","breadcrumb":{"@id":"https:\/\/egytourpackages.com\/de\/touren\/mons-claudianus-tour\/#breadcrumb"},"inLanguage":"de","potentialAction":[{"@type":"ReadAction","target":["https:\/\/egytourpackages.com\/de\/touren\/mons-claudianus-tour\/"]}]},{"@type":"ImageObject","inLanguage":"de","@id":"https:\/\/egytourpackages.com\/de\/touren\/mons-claudianus-tour\/#primaryimage","url":"https:\/\/egytourpackages.com\/wp-content\/uploads\/2026\/03\/Mons-Claudianus-Tour.jpg","contentUrl":"https:\/\/egytourpackages.com\/wp-content\/uploads\/2026\/03\/Mons-Claudianus-Tour.jpg","width":1500,"height":1125,"caption":"Mons Claudianus Tour"},{"@type":"BreadcrumbList","@id":"https:\/\/egytourpackages.com\/de\/touren\/mons-claudianus-tour\/#breadcrumb","itemListElement":[{"@type":"ListItem","position":1,"name":"Startseite","item":"https:\/\/egytourpackages.com\/de\/"},{"@type":"ListItem","position":2,"name":"Shop","item":"https:\/\/egytourpackages.com\/de\/shop\/"},{"@type":"ListItem","position":3,"name":"Mons Claudianus Tour"}]},{"@type":"WebSite","@id":"https:\/\/egytourpackages.com\/de\/#website","url":"https:\/\/egytourpackages.com\/de\/","name":"Egy tour packages","description":"","publisher":{"@id":"https:\/\/egytourpackages.com\/de\/#organization"},"potentialAction":[{"@type":"SearchAction","target":{"@type":"EntryPoint","urlTemplate":"https:\/\/egytourpackages.com\/de\/?s={search_term_string}"},"query-input":{"@type":"PropertyValueSpecification","valueRequired":true,"valueName":"search_term_string"}}],"inLanguage":"de"},{"@type":["Organization","Place","TravelAgency"],"@id":"https:\/\/egytourpackages.com\/de\/#organization","name":"egypt tour packages","alternateName":"egypt tour packages","url":"https:\/\/egytourpackages.com\/de\/","logo":{"@id":"https:\/\/egytourpackages.com\/de\/touren\/mons-claudianus-tour\/#local-main-organization-logo"},"image":{"@id":"https:\/\/egytourpackages.com\/de\/touren\/mons-claudianus-tour\/#local-main-organization-logo"},"sameAs":["https:\/\/www.facebook.com\/egytourpackages"],"legalName":"Egy tour packages","address":{"@id":"https:\/\/egytourpackages.com\/de\/touren\/mons-claudianus-tour\/#local-main-place-address"},"telephone":["00201000852186","00201028685533"],"contactPoint":{"@type":"ContactPoint","telephone":"00201000852186"},"openingHoursSpecification":[{"@type":"OpeningHoursSpecification","dayOfWeek":["Monday","Tuesday","Wednesday","Thursday","Friday","Saturday","Sunday"],"opens":"00:00","closes":"23:59"}],"email":"info@egytourpackages.com","areaServed":"Cairo, Hurghada, Luxor, Sharm El Sheikh, Marsa Alam, Aswan","priceRange":"$","currenciesAccepted":"euro","paymentAccepted":"Payment links online"},{"@type":"PostalAddress","@id":"https:\/\/egytourpackages.com\/de\/touren\/mons-claudianus-tour\/#local-main-place-address","streetAddress":"Mubarak 8, Al Kawthar District, Hurghada","addressLocality":"Hurghada","postalCode":"84511","addressRegion":"Red Sea","addressCountry":"EG"},{"@type":"ImageObject","inLanguage":"de","@id":"https:\/\/egytourpackages.com\/de\/touren\/mons-claudianus-tour\/#local-main-organization-logo","url":"https:\/\/egytourpackages.com\/wp-content\/uploads\/2025\/12\/Turquoise-Dahabiya-Nile-Cruise-1.jpeg","contentUrl":"https:\/\/egytourpackages.com\/wp-content\/uploads\/2025\/12\/Turquoise-Dahabiya-Nile-Cruise-1.jpeg","width":1040,"height":694,"caption":"egypt tour packages"}]},"product_brand":"\u00c4gypten Tagestouren","product_price_amount":"150","product_price_currency":"EUR","og_availability":"instock","product_availability":"instock","product_retailer_item_id":"HDT 16","product_condition":"new","geo.placename":"Hurghada","geo.region":"\u00c4gypten"},"_links":{"self":[{"href":"https:\/\/egytourpackages.com\/de\/wp-json\/wp\/v2\/product\/16422","targetHints":{"allow":["GET"]}}],"collection":[{"href":"https:\/\/egytourpackages.com\/de\/wp-json\/wp\/v2\/product"}],"about":[{"href":"https:\/\/egytourpackages.com\/de\/wp-json\/wp\/v2\/types\/product"}],"replies":[{"embeddable":true,"href":"https:\/\/egytourpackages.com\/de\/wp-json\/wp\/v2\/comments?post=16422"}],"wp:featuredmedia":[{"embeddable":true,"href":"https:\/\/egytourpackages.com\/de\/wp-json\/wp\/v2\/media\/15893"}],"wp:attachment":[{"href":"https:\/\/egytourpackages.com\/de\/wp-json\/wp\/v2\/media?parent=16422"}],"wp:term":[{"taxonomy":"product_brand","embeddable":true,"href":"https:\/\/egytourpackages.com\/de\/wp-json\/wp\/v2\/product_brand?post=16422"},{"taxonomy":"product_cat","embeddable":true,"href":"https:\/\/egytourpackages.com\/de\/wp-json\/wp\/v2\/product_cat?post=16422"},{"taxonomy":"product_tag","embeddable":true,"href":"https:\/\/egytourpackages.com\/de\/wp-json\/wp\/v2\/product_tag?post=16422"}],"curies":[{"name":"wp","href":"https:\/\/api.w.org\/{rel}","templated":true}]}}