{"id":16450,"date":"2026-04-13T21:19:24","date_gmt":"2026-04-13T21:19:24","guid":{"rendered":"https:\/\/egytourpackages.com\/product\/sankt-simeon-kloster-mit-felukenfahrt\/"},"modified":"2026-04-26T22:45:56","modified_gmt":"2026-04-26T22:45:56","slug":"sankt-simeon-kloster-mit-felukenfahrt","status":"publish","type":"product","link":"https:\/\/egytourpackages.com\/de\/touren\/sankt-simeon-kloster-mit-felukenfahrt\/","title":{"rendered":"Sankt-Simeon-Kloster mit Felukenfahrt"},"content":{"rendered":"<p><span style=\"color: #ff6600;\"><strong>Sankt-Simeon-Kloster mit Felukenfahrt und Schwimmen im Nil<\/strong><\/span><\/p>\n<p>Die Tour <strong>Sankt-Simeon-Kloster mit Felukenfahrt<\/strong> beginnt mit der <strong>Abholung von Ihrem Hotel in Assuan<\/strong> oder Ihrem <strong>Nilkreuzfahrtschiff<\/strong> zum Anleger.<\/p>\n<p>Sie segeln vom Ostufer des Nils zum <strong>Westufer<\/strong>. Alternativ k\u00f6nnen Sie zum Anleger fahren, von dem aus <strong>Kamele<\/strong> zum Sankt-Simeon-Kloster organisiert werden k\u00f6nnen.<\/p>\n<p>Wir unternehmen eine 15-min\u00fctige <strong>Felukenfahrt<\/strong> zum Anleger. Dann beginnen wir unser <strong>Kamel-Abenteuer<\/strong> zum <strong>Sankt-Simeon-Kloster<\/strong> in vollkommener Stille und inmitten einer wundersch\u00f6nen <strong>W\u00fcstenlandschaft<\/strong>.<\/p>\n<p>Die Tour dauert etwa 30 Minuten, um das Kloster zu erreichen. Danach wird Ihnen Ihr Reiseleiter zeigen, dass das Sankt-Simeon-Kloster eines der gr\u00f6\u00dften <strong>koptischen Kl\u00f6ster<\/strong> in \u00c4gypten ist.<\/p>\n<p>Es stammt aus dem 6. oder 7. Jahrhundert und liegt gegen\u00fcber der S\u00fcdspitze der <strong>Insel Elephantine<\/strong>.<\/p>\n<p>Sie werden mit Ihrem Guide sehen, dass die meisten Hauptgeb\u00e4ude noch in einem <strong>guten Erhaltungszustand<\/strong> sind.<\/p>\n<p>Dazu geh\u00f6ren die T\u00fcrme, die <strong>kuppelf\u00f6rmige Kirche<\/strong> und einige koptische Szenen, wie Fresken neben den wichtigsten Funktionsbereichen auf der zweiten Ebene.<\/p>\n<p>Sie sehen zum Beispiel die K\u00fcche, den Versammlungsort, den Waschplatz und die Schlafr\u00e4ume.<\/p>\n<p>Nach Abschluss Ihres Besuchs im Sankt-Simeon-Kloster genie\u00dfen Sie einen <strong>Kamelritt<\/strong> zur\u00fcck zur Feluke, die zu einem sch\u00f6nen Ort segelt, an dem Sie <strong>im Nil schwimmen<\/strong> k\u00f6nnen.<\/p>\n<p>Anschlie\u00dfend segelt die <strong>Nil-Feluke<\/strong> zur\u00fcck zum n\u00e4chstgelegenen Punkt Ihres Kreuzfahrtschiffes oder Sie kehren zu Ihrem Hotel zur\u00fcck.<\/p>\n<h3><span style=\"color: #ff6600;\">Tour-Details<\/span><\/h3>\n<ul>\n<li>Dauer: 1\/2 Tag<\/li>\n<li>Tour-Ort: Assuan Westufer<\/li>\n<li>Verf\u00fcgbarkeit: T\u00e4glich<\/li>\n<li>Abholung &amp; R\u00fcckgabe: Ihr Hotel in Assuan \/ Nilkreuzfahrt<\/li>\n<li>Tour-Typ: Privat<\/li>\n<li>Sprache: Deutsch<\/li>\n<li>Rollstuhl: Zug\u00e4nglich<\/li>\n<\/ul>\n<h3><span style=\"color: #ff6600;\">Tour-Highlights<\/span><\/h3>\n<ul>\n<li>Sankt-Simeon-Kloster<\/li>\n<li>Felukenfahrt<\/li>\n<li>Schwimmen im Nil<\/li>\n<\/ul>\n<h3><span style=\"color: #ff6600;\">Inklusive<\/span><\/h3>\n<ul>\n<li>Alle Transfers in einem modernen, klimatisierten Fahrzeug.<\/li>\n<li>Experten-Guide.<\/li>\n<li>Eintrittsgelder f\u00fcr alle oben genannten Sehensw\u00fcrdigkeiten.<\/li>\n<li>Alle Dienstleistungen und Steuern inklusive.<\/li>\n<li>Kamelreiten.<\/li>\n<\/ul>\n<h3><span style=\"color: #ff6600;\">Exklusive<\/span><\/h3>\n<ul>\n<li>Pers\u00f6nliche Ausgaben und optionale Aktivit\u00e4ten.<\/li>\n<li>Trinkgelder.<\/li>\n<li>Alle nicht oben aufgef\u00fchrten Punkte.<\/li>\n<\/ul>\n<h3><span style=\"color: #ff6600;\">Was sollten Sie mitbringen?<\/span><\/h3>\n<ul>\n<li>Sonnenbrille\/Hut\/Sonnenschutz.<\/li>\n<li>Wasser.<\/li>\n<li>Kamera oder Videokamera.<\/li>\n<li>Schal.<\/li>\n<li>Bequeme Schuhe und Kleidung.<\/li>\n<\/ul>\n<h3><span style=\"color: #ff6600;\">Preis f\u00fcr Sankt-Simeon-Kloster mit Felukenfahrt<\/span><\/h3>\n<ul>\n<li>Preis f\u00fcr Erwachsene = 60 \u20ac<\/li>\n<li>Kinder 0-5 Jahre = kostenlos<\/li>\n<li>Kinder 5-11 Jahre = 50% des Erwachsenenpreises<\/li>\n<\/ul>\n<h3><span style=\"color: #ff6600;\">Buchung<\/span><\/h3>\n<p>Sie k\u00f6nnen Ihre Tour \u00fcber <strong>WhatsApp<\/strong> buchen oder uns eine E-Mail senden, und Sie erhalten die <strong>Best\u00e4tigung sofort<\/strong>.<\/p>\n<p>Bitte senden Sie uns Ihren Hotelnamen, die Zimmernummer und Passkopien.<\/p>\n<p>WhatsApp: +20 1000852186<\/p>\n<p>info@egytourpackages.com<\/p>\n<h3><span style=\"color: #ff6600;\">Jetzt buchen &amp; vor Ort bezahlen <\/span><\/h3>\n<p>Buchen Sie Ihre Lieblingstour und bezahlen Sie am Reisetag.<\/p>\n<h3><span style=\"color: #ff6600;\">Bezahlung <\/span><\/h3>\n<p>Sie k\u00f6nnen in \u00c4gyptischen Pfunden, $, \u20ac oder \u00a3 bezahlen.<\/p>\n<h3><span style=\"color: #ff6600;\">Stornierungsbedingungen<\/span><\/h3>\n<ul>\n<li>Kostenlose Stornierung bis zu 24 Stunden im Voraus.<\/li>\n<li>Bei einer Stornierung am Morgen werden 50% des Preises berechnet.<\/li>\n<\/ul>\n","protected":false},"excerpt":{"rendered":"<p>Besuchen Sie das Sankt-Simeon-Kloster mit Felukenfahrt und Schwimmen im Nil. Entdecken Sie Geschichte in Assuan und genie\u00dfen Sie ein Bad im Fluss. buchen!<\/p>\n","protected":false},"featured_media":16077,"comment_status":"closed","ping_status":"closed","template":"","meta":[],"product_brand":[],"product_cat":[1494],"product_tag":[1495,4566],"class_list":{"0":"post-16450","1":"product","2":"type-product","3":"status-publish","4":"has-post-thumbnail","6":"product_cat-touren","7":"product_tag-agypten-tagestouren","8":"product_tag-tagesausfluge-ab-assuan","9":"tour_category-agypten-tagestouren","10":"tour_category-assuan-tagestouren","12":"first","13":"instock","14":"sale","15":"shipping-taxable","16":"purchasable","17":"product-type-tour","18":"has-default-attributes"},"yoast_head":"<!-- This site is optimized with the Yoast SEO Premium plugin v27.5 (Yoast SEO v27.5) - https:\/\/yoast.com\/product\/yoast-seo-premium-wordpress\/ -->\n<title>Sankt-Simeon-Kloster mit Felukenfahrt<\/title>\n<meta name=\"description\" content=\"Besuchen Sie das Sankt-Simeon-Kloster mit Felukenfahrt und Schwimmen im Nil. Entdecken Sie Geschichte in Assuan und genie\u00dfen Sie ein Bad im Fluss. buchen!\" \/>\n<meta name=\"robots\" content=\"index, follow, max-snippet:-1, max-image-preview:large, max-video-preview:-1\" \/>\n<link rel=\"canonical\" href=\"https:\/\/egytourpackages.com\/de\/touren\/sankt-simeon-kloster-mit-felukenfahrt\/\" \/>\n<meta property=\"og:locale\" content=\"de_DE\" \/>\n<meta property=\"og:type\" content=\"article\" \/>\n<meta property=\"og:title\" content=\"Sankt-Simeon-Kloster mit Felukenfahrt\" \/>\n<meta property=\"og:description\" content=\"Besuchen Sie das Sankt-Simeon-Kloster mit Felukenfahrt und Schwimmen im Nil. Entdecken Sie Geschichte in Assuan und genie\u00dfen Sie ein Bad im Fluss. buchen!\" \/>\n<meta property=\"og:url\" content=\"https:\/\/egytourpackages.com\/de\/touren\/sankt-simeon-kloster-mit-felukenfahrt\/\" \/>\n<meta property=\"og:site_name\" content=\"\u00c4gypten-Reisepakete\" \/>\n<meta property=\"article:publisher\" content=\"https:\/\/www.facebook.com\/egytourpackages\" \/>\n<meta property=\"article:modified_time\" content=\"2026-04-26T22:45:56+00:00\" \/>\n<meta property=\"og:image\" content=\"https:\/\/egytourpackages.com\/wp-content\/uploads\/2026\/04\/Monastery-of-St-Simeon.jpg\" \/>\n\t<meta property=\"og:image:width\" content=\"1150\" \/>\n\t<meta property=\"og:image:height\" content=\"603\" \/>\n\t<meta property=\"og:image:type\" content=\"image\/jpeg\" \/>\n<meta name=\"twitter:card\" content=\"summary_large_image\" \/>\n<meta name=\"twitter:title\" content=\"Sankt-Simeon-Kloster mit Felukenfahrt\" \/>\n<meta name=\"twitter:label1\" content=\"Preis\" \/>\n\t<meta name=\"twitter:data1\" content=\"&euro;0\" \/>\n\t<meta name=\"twitter:label2\" content=\"Verf\u00fcgbarkeit\" \/>\n\t<meta name=\"twitter:data2\" content=\"Auf Lager\" \/>\n<script type=\"application\/ld+json\" class=\"yoast-schema-graph\">{\"@context\":\"https:\\\/\\\/schema.org\",\"@graph\":[{\"@type\":\"WebPage\",\"@id\":\"https:\\\/\\\/egytourpackages.com\\\/de\\\/touren\\\/sankt-simeon-kloster-mit-felukenfahrt\\\/\",\"url\":\"https:\\\/\\\/egytourpackages.com\\\/de\\\/touren\\\/sankt-simeon-kloster-mit-felukenfahrt\\\/\",\"name\":\"Sankt-Simeon-Kloster mit Felukenfahrt\",\"isPartOf\":{\"@id\":\"https:\\\/\\\/egytourpackages.com\\\/de\\\/#website\"},\"primaryImageOfPage\":{\"@id\":\"https:\\\/\\\/egytourpackages.com\\\/de\\\/touren\\\/sankt-simeon-kloster-mit-felukenfahrt\\\/#primaryimage\"},\"image\":{\"@id\":\"https:\\\/\\\/egytourpackages.com\\\/de\\\/touren\\\/sankt-simeon-kloster-mit-felukenfahrt\\\/#primaryimage\"},\"thumbnailUrl\":\"https:\\\/\\\/egytourpackages.com\\\/wp-content\\\/uploads\\\/2026\\\/04\\\/Monastery-of-St-Simeon.jpg\",\"datePublished\":\"2026-04-13T21:19:24+00:00\",\"dateModified\":\"2026-04-26T22:45:56+00:00\",\"description\":\"Besuchen Sie das Sankt-Simeon-Kloster mit Felukenfahrt und Schwimmen im Nil. Entdecken Sie Geschichte in Assuan und genie\u00dfen Sie ein Bad im Fluss. buchen!\",\"breadcrumb\":{\"@id\":\"https:\\\/\\\/egytourpackages.com\\\/de\\\/touren\\\/sankt-simeon-kloster-mit-felukenfahrt\\\/#breadcrumb\"},\"inLanguage\":\"de\",\"potentialAction\":[{\"@type\":\"ReadAction\",\"target\":[\"https:\\\/\\\/egytourpackages.com\\\/de\\\/touren\\\/sankt-simeon-kloster-mit-felukenfahrt\\\/\"]}]},{\"@type\":\"ImageObject\",\"inLanguage\":\"de\",\"@id\":\"https:\\\/\\\/egytourpackages.com\\\/de\\\/touren\\\/sankt-simeon-kloster-mit-felukenfahrt\\\/#primaryimage\",\"url\":\"https:\\\/\\\/egytourpackages.com\\\/wp-content\\\/uploads\\\/2026\\\/04\\\/Monastery-of-St-Simeon.jpg\",\"contentUrl\":\"https:\\\/\\\/egytourpackages.com\\\/wp-content\\\/uploads\\\/2026\\\/04\\\/Monastery-of-St-Simeon.jpg\",\"width\":1150,\"height\":603,\"caption\":\"Sankt-Simeon-Kloster mit Felukenfahrt\"},{\"@type\":\"BreadcrumbList\",\"@id\":\"https:\\\/\\\/egytourpackages.com\\\/de\\\/touren\\\/sankt-simeon-kloster-mit-felukenfahrt\\\/#breadcrumb\",\"itemListElement\":[{\"@type\":\"ListItem\",\"position\":1,\"name\":\"Startseite\",\"item\":\"https:\\\/\\\/egytourpackages.com\\\/de\\\/\"},{\"@type\":\"ListItem\",\"position\":2,\"name\":\"Shop\",\"item\":\"https:\\\/\\\/egytourpackages.com\\\/de\\\/shop\\\/\"},{\"@type\":\"ListItem\",\"position\":3,\"name\":\"Sankt-Simeon-Kloster mit Felukenfahrt\"}]},{\"@type\":\"WebSite\",\"@id\":\"https:\\\/\\\/egytourpackages.com\\\/de\\\/#website\",\"url\":\"https:\\\/\\\/egytourpackages.com\\\/de\\\/\",\"name\":\"Egy tour packages\",\"description\":\"\",\"publisher\":{\"@id\":\"https:\\\/\\\/egytourpackages.com\\\/de\\\/#organization\"},\"potentialAction\":[{\"@type\":\"SearchAction\",\"target\":{\"@type\":\"EntryPoint\",\"urlTemplate\":\"https:\\\/\\\/egytourpackages.com\\\/de\\\/?s={search_term_string}\"},\"query-input\":{\"@type\":\"PropertyValueSpecification\",\"valueRequired\":true,\"valueName\":\"search_term_string\"}}],\"inLanguage\":\"de\"},{\"@type\":[\"Organization\",\"Place\",\"TravelAgency\"],\"@id\":\"https:\\\/\\\/egytourpackages.com\\\/de\\\/#organization\",\"name\":\"egypt tour packages\",\"alternateName\":\"egypt tour packages\",\"url\":\"https:\\\/\\\/egytourpackages.com\\\/de\\\/\",\"logo\":{\"@id\":\"https:\\\/\\\/egytourpackages.com\\\/de\\\/touren\\\/sankt-simeon-kloster-mit-felukenfahrt\\\/#local-main-organization-logo\"},\"image\":{\"@id\":\"https:\\\/\\\/egytourpackages.com\\\/de\\\/touren\\\/sankt-simeon-kloster-mit-felukenfahrt\\\/#local-main-organization-logo\"},\"sameAs\":[\"https:\\\/\\\/www.facebook.com\\\/egytourpackages\"],\"legalName\":\"Egy tour packages\",\"address\":{\"@id\":\"https:\\\/\\\/egytourpackages.com\\\/de\\\/touren\\\/sankt-simeon-kloster-mit-felukenfahrt\\\/#local-main-place-address\"},\"telephone\":[\"00201000852186\",\"00201028685533\"],\"contactPoint\":{\"@type\":\"ContactPoint\",\"telephone\":\"00201000852186\"},\"openingHoursSpecification\":[{\"@type\":\"OpeningHoursSpecification\",\"dayOfWeek\":[\"Monday\",\"Tuesday\",\"Wednesday\",\"Thursday\",\"Friday\",\"Saturday\",\"Sunday\"],\"opens\":\"00:00\",\"closes\":\"23:59\"}],\"email\":\"info@egytourpackages.com\",\"areaServed\":\"Cairo, Hurghada, Luxor, Sharm El Sheikh, Marsa Alam, Aswan\",\"priceRange\":\"$\",\"currenciesAccepted\":\"euro\",\"paymentAccepted\":\"Payment links online\"},{\"@type\":\"PostalAddress\",\"@id\":\"https:\\\/\\\/egytourpackages.com\\\/de\\\/touren\\\/sankt-simeon-kloster-mit-felukenfahrt\\\/#local-main-place-address\",\"streetAddress\":\"Mubarak 8, Al Kawthar District, Hurghada\",\"addressLocality\":\"Hurghada\",\"postalCode\":\"84511\",\"addressRegion\":\"Red Sea\",\"addressCountry\":\"EG\"},{\"@type\":\"ImageObject\",\"inLanguage\":\"de\",\"@id\":\"https:\\\/\\\/egytourpackages.com\\\/de\\\/touren\\\/sankt-simeon-kloster-mit-felukenfahrt\\\/#local-main-organization-logo\",\"url\":\"https:\\\/\\\/egytourpackages.com\\\/wp-content\\\/uploads\\\/2025\\\/12\\\/Turquoise-Dahabiya-Nile-Cruise-1.jpeg\",\"contentUrl\":\"https:\\\/\\\/egytourpackages.com\\\/wp-content\\\/uploads\\\/2025\\\/12\\\/Turquoise-Dahabiya-Nile-Cruise-1.jpeg\",\"width\":1040,\"height\":694,\"caption\":\"egypt tour packages\"}]}<\/script>\n<meta property=\"product:brand\" content=\"\u00c4gypten Tagestouren\" \/>\n<meta property=\"product:price:amount\" content=\"0\" \/>\n<meta property=\"product:price:currency\" content=\"EUR\" \/>\n<meta property=\"og:availability\" content=\"instock\" \/>\n<meta property=\"product:availability\" content=\"instock\" \/>\n<meta property=\"product:retailer_item_id\" content=\"DTFA 01\" \/>\n<meta property=\"product:condition\" content=\"new\" \/>\n<meta name=\"geo.placename\" content=\"Hurghada\" \/>\n<meta name=\"geo.region\" content=\"\u00c4gypten\" \/>\n<!-- \/ Yoast SEO Premium plugin. -->","yoast_head_json":{"title":"Sankt-Simeon-Kloster mit Felukenfahrt","description":"Besuchen Sie das Sankt-Simeon-Kloster mit Felukenfahrt und Schwimmen im Nil. Entdecken Sie Geschichte in Assuan und genie\u00dfen Sie ein Bad im Fluss. buchen!","robots":{"index":"index","follow":"follow","max-snippet":"max-snippet:-1","max-image-preview":"max-image-preview:large","max-video-preview":"max-video-preview:-1"},"canonical":"https:\/\/egytourpackages.com\/de\/touren\/sankt-simeon-kloster-mit-felukenfahrt\/","og_locale":"de_DE","og_type":"article","og_title":"Sankt-Simeon-Kloster mit Felukenfahrt","og_description":"Besuchen Sie das Sankt-Simeon-Kloster mit Felukenfahrt und Schwimmen im Nil. Entdecken Sie Geschichte in Assuan und genie\u00dfen Sie ein Bad im Fluss. buchen!","og_url":"https:\/\/egytourpackages.com\/de\/touren\/sankt-simeon-kloster-mit-felukenfahrt\/","og_site_name":"\u00c4gypten-Reisepakete","article_publisher":"https:\/\/www.facebook.com\/egytourpackages","article_modified_time":"2026-04-26T22:45:56+00:00","og_image":[{"width":1150,"height":603,"url":"https:\/\/egytourpackages.com\/wp-content\/uploads\/2026\/04\/Monastery-of-St-Simeon.jpg","type":"image\/jpeg"}],"twitter_card":"summary_large_image","twitter_title":"Sankt-Simeon-Kloster mit Felukenfahrt","twitter_misc":{"Preis":"&euro;0","Verf\u00fcgbarkeit":"Auf Lager"},"schema":{"@context":"https:\/\/schema.org","@graph":[{"@type":"WebPage","@id":"https:\/\/egytourpackages.com\/de\/touren\/sankt-simeon-kloster-mit-felukenfahrt\/","url":"https:\/\/egytourpackages.com\/de\/touren\/sankt-simeon-kloster-mit-felukenfahrt\/","name":"Sankt-Simeon-Kloster mit Felukenfahrt","isPartOf":{"@id":"https:\/\/egytourpackages.com\/de\/#website"},"primaryImageOfPage":{"@id":"https:\/\/egytourpackages.com\/de\/touren\/sankt-simeon-kloster-mit-felukenfahrt\/#primaryimage"},"image":{"@id":"https:\/\/egytourpackages.com\/de\/touren\/sankt-simeon-kloster-mit-felukenfahrt\/#primaryimage"},"thumbnailUrl":"https:\/\/egytourpackages.com\/wp-content\/uploads\/2026\/04\/Monastery-of-St-Simeon.jpg","datePublished":"2026-04-13T21:19:24+00:00","dateModified":"2026-04-26T22:45:56+00:00","description":"Besuchen Sie das Sankt-Simeon-Kloster mit Felukenfahrt und Schwimmen im Nil. Entdecken Sie Geschichte in Assuan und genie\u00dfen Sie ein Bad im Fluss. buchen!","breadcrumb":{"@id":"https:\/\/egytourpackages.com\/de\/touren\/sankt-simeon-kloster-mit-felukenfahrt\/#breadcrumb"},"inLanguage":"de","potentialAction":[{"@type":"ReadAction","target":["https:\/\/egytourpackages.com\/de\/touren\/sankt-simeon-kloster-mit-felukenfahrt\/"]}]},{"@type":"ImageObject","inLanguage":"de","@id":"https:\/\/egytourpackages.com\/de\/touren\/sankt-simeon-kloster-mit-felukenfahrt\/#primaryimage","url":"https:\/\/egytourpackages.com\/wp-content\/uploads\/2026\/04\/Monastery-of-St-Simeon.jpg","contentUrl":"https:\/\/egytourpackages.com\/wp-content\/uploads\/2026\/04\/Monastery-of-St-Simeon.jpg","width":1150,"height":603,"caption":"Sankt-Simeon-Kloster mit Felukenfahrt"},{"@type":"BreadcrumbList","@id":"https:\/\/egytourpackages.com\/de\/touren\/sankt-simeon-kloster-mit-felukenfahrt\/#breadcrumb","itemListElement":[{"@type":"ListItem","position":1,"name":"Startseite","item":"https:\/\/egytourpackages.com\/de\/"},{"@type":"ListItem","position":2,"name":"Shop","item":"https:\/\/egytourpackages.com\/de\/shop\/"},{"@type":"ListItem","position":3,"name":"Sankt-Simeon-Kloster mit Felukenfahrt"}]},{"@type":"WebSite","@id":"https:\/\/egytourpackages.com\/de\/#website","url":"https:\/\/egytourpackages.com\/de\/","name":"Egy tour packages","description":"","publisher":{"@id":"https:\/\/egytourpackages.com\/de\/#organization"},"potentialAction":[{"@type":"SearchAction","target":{"@type":"EntryPoint","urlTemplate":"https:\/\/egytourpackages.com\/de\/?s={search_term_string}"},"query-input":{"@type":"PropertyValueSpecification","valueRequired":true,"valueName":"search_term_string"}}],"inLanguage":"de"},{"@type":["Organization","Place","TravelAgency"],"@id":"https:\/\/egytourpackages.com\/de\/#organization","name":"egypt tour packages","alternateName":"egypt tour packages","url":"https:\/\/egytourpackages.com\/de\/","logo":{"@id":"https:\/\/egytourpackages.com\/de\/touren\/sankt-simeon-kloster-mit-felukenfahrt\/#local-main-organization-logo"},"image":{"@id":"https:\/\/egytourpackages.com\/de\/touren\/sankt-simeon-kloster-mit-felukenfahrt\/#local-main-organization-logo"},"sameAs":["https:\/\/www.facebook.com\/egytourpackages"],"legalName":"Egy tour packages","address":{"@id":"https:\/\/egytourpackages.com\/de\/touren\/sankt-simeon-kloster-mit-felukenfahrt\/#local-main-place-address"},"telephone":["00201000852186","00201028685533"],"contactPoint":{"@type":"ContactPoint","telephone":"00201000852186"},"openingHoursSpecification":[{"@type":"OpeningHoursSpecification","dayOfWeek":["Monday","Tuesday","Wednesday","Thursday","Friday","Saturday","Sunday"],"opens":"00:00","closes":"23:59"}],"email":"info@egytourpackages.com","areaServed":"Cairo, Hurghada, Luxor, Sharm El Sheikh, Marsa Alam, Aswan","priceRange":"$","currenciesAccepted":"euro","paymentAccepted":"Payment links online"},{"@type":"PostalAddress","@id":"https:\/\/egytourpackages.com\/de\/touren\/sankt-simeon-kloster-mit-felukenfahrt\/#local-main-place-address","streetAddress":"Mubarak 8, Al Kawthar District, Hurghada","addressLocality":"Hurghada","postalCode":"84511","addressRegion":"Red Sea","addressCountry":"EG"},{"@type":"ImageObject","inLanguage":"de","@id":"https:\/\/egytourpackages.com\/de\/touren\/sankt-simeon-kloster-mit-felukenfahrt\/#local-main-organization-logo","url":"https:\/\/egytourpackages.com\/wp-content\/uploads\/2025\/12\/Turquoise-Dahabiya-Nile-Cruise-1.jpeg","contentUrl":"https:\/\/egytourpackages.com\/wp-content\/uploads\/2025\/12\/Turquoise-Dahabiya-Nile-Cruise-1.jpeg","width":1040,"height":694,"caption":"egypt tour packages"}]},"product_brand":"\u00c4gypten Tagestouren","product_price_currency":"EUR","og_availability":"instock","product_availability":"instock","product_retailer_item_id":"DTFA 01","product_condition":"new","geo.placename":"Hurghada","geo.region":"\u00c4gypten"},"_links":{"self":[{"href":"https:\/\/egytourpackages.com\/de\/wp-json\/wp\/v2\/product\/16450","targetHints":{"allow":["GET"]}}],"collection":[{"href":"https:\/\/egytourpackages.com\/de\/wp-json\/wp\/v2\/product"}],"about":[{"href":"https:\/\/egytourpackages.com\/de\/wp-json\/wp\/v2\/types\/product"}],"replies":[{"embeddable":true,"href":"https:\/\/egytourpackages.com\/de\/wp-json\/wp\/v2\/comments?post=16450"}],"wp:featuredmedia":[{"embeddable":true,"href":"https:\/\/egytourpackages.com\/de\/wp-json\/wp\/v2\/media\/16077"}],"wp:attachment":[{"href":"https:\/\/egytourpackages.com\/de\/wp-json\/wp\/v2\/media?parent=16450"}],"wp:term":[{"taxonomy":"product_brand","embeddable":true,"href":"https:\/\/egytourpackages.com\/de\/wp-json\/wp\/v2\/product_brand?post=16450"},{"taxonomy":"product_cat","embeddable":true,"href":"https:\/\/egytourpackages.com\/de\/wp-json\/wp\/v2\/product_cat?post=16450"},{"taxonomy":"product_tag","embeddable":true,"href":"https:\/\/egytourpackages.com\/de\/wp-json\/wp\/v2\/product_tag?post=16450"}],"curies":[{"name":"wp","href":"https:\/\/api.w.org\/{rel}","templated":true}]}}