{"id":16532,"date":"2026-04-24T03:12:24","date_gmt":"2026-04-24T03:12:24","guid":{"rendered":"https:\/\/egytourpackages.com\/product\/private-gizeh-pyramiden-sakkara-ab-hafen-el-sokhna\/"},"modified":"2026-04-27T13:59:28","modified_gmt":"2026-04-27T13:59:28","slug":"private-gizeh-pyramiden-sakkara-ab-hafen-el-sokhna","status":"publish","type":"product","link":"https:\/\/egytourpackages.com\/de\/touren\/private-gizeh-pyramiden-sakkara-ab-hafen-el-sokhna\/","title":{"rendered":"Private Gizeh-Pyramiden &#038; Sakkara ab Hafen El Sokhna"},"content":{"rendered":"<p><span style=\"color: #ff6600;\"><strong>Die ultimative private Kairo-Odyssee: Private Gizeh-Pyramiden &amp; Sakkara ab Hafen El Sokhna<\/strong><\/span><\/p>\n<p><span style=\"color: #993366;\"><em><strong>\u00dcberblick<\/strong><\/em><\/span><\/p>\n<p>Erleben Sie den H\u00f6hepunkt des Alten \u00c4gyptens auf diesem <strong>privaten Ausflug zu den Pyramiden von Gizeh &amp; Sakkara ab dem Hafen von El Sokhna<\/strong>.<\/p>\n<p>Dieser Landausflug wurde speziell f\u00fcr Kreuzfahrtpassagiere konzipiert. Er umgeht die Menschenmassen und bietet eine exklusive Reise durch die Entwicklung des Pyramidenbaus \u2013 vom ikonischen Gizeh-Plateau bis zum heiligen Sand von Sakkara.<\/p>\n<table>\n<thead>\n<tr>\n<td><strong>Merkmal<\/strong><\/td>\n<td><strong>Details zur Tour<\/strong><\/td>\n<\/tr>\n<\/thead>\n<tbody>\n<tr>\n<td><strong>Dauer<\/strong><\/td>\n<td>1 voller Tag (ca. 10\u201312 Stunden)<\/td>\n<\/tr>\n<tr>\n<td><strong>Abholung &amp; R\u00fcckbringung<\/strong><\/td>\n<td><strong>Hafen El Sokhna<\/strong> (Direkte Abholung am Pier)<\/td>\n<\/tr>\n<tr>\n<td><strong>Tour-Typ<\/strong><\/td>\n<td>Private Sightseeing-Tour<\/td>\n<\/tr>\n<tr>\n<td><strong>Wichtigste Highlights<\/strong><\/td>\n<td><strong>Gizeh-Pyramiden<\/strong>, <strong>Die Gro\u00dfe Sphinx<\/strong>, <strong>Stufenpyramide von Djoser<\/strong><\/td>\n<\/tr>\n<tr>\n<td><strong>Guide<\/strong><\/td>\n<td>Experte \u00c4gyptologe<\/td>\n<\/tr>\n<tr>\n<td><strong>Barrierefreiheit<\/strong><\/td>\n<td>Rollstuhlgerecht<\/td>\n<\/tr>\n<\/tbody>\n<\/table>\n<h3><span style=\"color: #ff6600;\">Inbegriffen<\/span><\/h3>\n<ul>\n<li>Hin- und R\u00fccktransfer in einem modernen, klimatisierten Fahrzeug.<\/li>\n<li>Eintrittsgelder f\u00fcr alle Sehensw\u00fcrdigkeiten.<\/li>\n<li>Fachkundiger deutschsprachiger \u00c4gyptologe.<\/li>\n<li>Getr\u00e4nke w\u00e4hrend der Tour.<\/li>\n<\/ul>\n<h3><span style=\"color: #ff6600;\">Nicht inbegriffen<\/span><\/h3>\n<ul>\n<li>Getr\u00e4nke beim Mittagessen.<\/li>\n<li>Trinkgelder.<\/li>\n<\/ul>\n<h3><span style=\"color: #ff6600;\">Was Sie einpacken sollten<\/span><\/h3>\n<ul>\n<li>Hut, Sonnenbrille &amp; Sonnencreme.<\/li>\n<li>Bequeme Schuhe und Kleidung.<\/li>\n<li>Warme Kleidung im Winter.<\/li>\n<\/ul>\n<h2><span style=\"color: #993366;\"><em>Reiseverlauf: Eine Reise durch die Zeit<\/em><\/span><\/h2>\n<p>Ihr <strong>Landausflug ab Sokhna Port<\/strong> beginnt in dem Moment, in dem Sie von Bord gehen. Ihr <strong>fachkundiger \u00c4gyptologe<\/strong> erwartet Sie mit einem pers\u00f6nlichen Schild, bereit, Sie auf einer 2-st\u00fcndigen komfortablen Fahrt im modernen klimatisierten Fahrzeug ins Herz des Alten Reiches zu begleiten.<\/p>\n<h3><span style=\"color: #ff6600;\">Der Gizeh-Pyramiden-Komplex<\/span><\/h3>\n<p>Unser erstes Ziel ist das legend\u00e4re <strong>Gizeh-Plateau<\/strong>, die Heimat der <strong>Cheops-Pyramide<\/strong> \u2013 das letzte erhaltene Weltwunder der Antike.<\/p>\n<p>Sie werden fast 6 Millionen Tonnen Stein gegen\u00fcberstehen und die architektonische Perfektion erkunden, die Historiker seit Jahrtausenden vor R\u00e4tsel stellt.<\/p>\n<p>Hinter der Gro\u00dfen Pyramide entdecken Sie die <strong>Gr\u00e4ber der Pyramidenbauer<\/strong>. Diese in den 1990er Jahren entdeckten St\u00e4tten enth\u00fcllen die menschliche Geschichte der Handwerker, die diese Monumente erschufen, und bieten einen bewegenden Einblick in das soziale Gef\u00fcge der 4. Dynastie.<\/p>\n<h3><span style=\"color: #ff6600;\">Rituale und die Gro\u00dfe Sphinx<\/span><\/h3>\n<p>Wir steigen hinab zum <strong>Taltempel<\/strong>, einem megalithischen Heiligtum, in dem das heilige Ritual der <strong>\u201eMund\u00f6ffnung\u201c<\/strong> einst den Pharao auf die Ewigkeit vorbereitete. Die Pr\u00e4zision der rosa Granitverkleidung konkurriert hier mit den feinsten megalithischen Arbeiten der antiken Welt.<\/p>\n<p>Direkt daneben begegnen Sie der <strong>Gro\u00dfen Sphinx<\/strong>. Dieser massive Hybrid aus L\u00f6we und Mensch ist nicht nur der W\u00e4chter des Plateaus, sondern wird oft als das <strong>Dritte-Auge-Chakra<\/strong> der Welt angesehen. Zwischen seinen Pfoten sehen Sie die ber\u00fchmte <strong>Traumstele von Thutmosis IV.<\/strong>, ein Zeugnis der spirituellen Kraft des Ortes w\u00e4hrend des Neuen Reiches.<\/p>\n<h3><span style=\"color: #993366;\"><em>Sakkara: Die Wiege der Steinarchitektur<\/em><\/span><\/h3>\n<h3><span style=\"color: #ff6600;\">Die Stufenpyramide von Djoser: Imhoteps Genie<\/span><\/h3>\n<p>Anschlie\u00dfend reisen wir nach <strong>Sakkara<\/strong>, der Elite-Nekropole des Alten Reiches. Hier stehen Sie vor der <strong>Stufenpyramide von Djoser<\/strong>, dem ersten Steinmonument der Menschheitsgeschichte.<\/p>\n<p>Ihr Guide wird Ihnen enth\u00fcllen, wie der Architekt <strong>Imhotep<\/strong> den Bau revolutionierte, indem er von Lehmziegeln zu ewigem Stein \u00fcberging. Sie erkunden den riesigen Heb-Sed-Hof, auf dem der K\u00f6nig einst seine physische Macht bewies, um f\u00fcr die Ewigkeit zu regieren.<\/p>\n<h3><span style=\"color: #ff6600;\">Idut-Grab: Ein Meisterwerk des t\u00e4glichen Lebens<\/span><\/h3>\n<p>Zum Abschluss Ihrer Reise betreten wir das <strong>Grab der Idut<\/strong>. Dies ist eine lebendige antike Galerie, in der die Farben des Alten Reiches noch immer lebendig sind.<\/p>\n<p>Im Gegensatz zu den schlichten Pyramiden ist dieses Grab mit feinen Reliefs von <strong>Jagd, Fischfang und Opfergaben<\/strong> gef\u00fcllt. Es dient als anspruchsvolles Fenster in das Leben der High Society des alten \u00c4gyptens.<\/p>\n<h3><span style=\"color: #ff6600;\">Buchung Ihres privaten Erlebnisses<\/span><\/h3>\n<p>Zum Abschluss Ihres <strong>privaten Kairo-Tagesausflugs ab El Sokhna<\/strong> fahren wir Sie rechtzeitig vor der Abfahrt Ihres Schiffes zur\u00fcck zum Hafen und sorgen f\u00fcr einen reibungslosen Abschluss eines unvergesslichen Tages.<\/p>\n<h2><span style=\"color: #993366;\"><em>FAQs\u00a0<\/em><\/span><\/h2>\n<h3><span style=\"color: #ff6600;\">Wie lange dauert der Transfer vom Hafen El Sokhna zu den Pyramiden von Gizeh?<\/span><\/h3>\n<p>Die Fahrt vom <strong>Hafen El Sokhna<\/strong> zum <strong>Gizeh-Pyramiden-Komplex<\/strong> dauert in der Regel etwa 2 bis 2,5 Stunden.<\/p>\n<h3><span style=\"color: #ff6600;\">Ist es m\u00f6glich, Gizeh und Sakkara an einem einzigen Tag vom Hafen aus zu sehen?<\/span><\/h3>\n<p>Ja! Da dies eine <strong>private Sightseeing-Tour<\/strong> ist, optimieren wir die Route so, dass Sie die Highlights des <strong>Gizeh-Plateaus<\/strong> und der <strong>Nekropole von Sakkara<\/strong> sehen.<\/p>\n<h3><span style=\"color: #ff6600;\">Werde ich rechtzeitig zur Abfahrt meines Kreuzfahrtschiffes zur\u00fcck im Hafen von El Sokhna sein?<\/span><\/h3>\n<p>Absolut. Als Spezialisten f\u00fcr <strong>Landausfl\u00fcge ab Sokhna Port<\/strong> koordinieren wir unseren Zeitplan streng mit den Ankunfts- und Abfahrtszeiten Ihres Schiffes.<\/p>\n<h3><span style=\"color: #ff6600;\">K\u00f6nnen wir in die Cheops-Pyramide oder die Stufenpyramide hineingehen?<\/span><\/h3>\n<p>Der Eintritt in die Pyramiden ist m\u00f6glich, erfordert jedoch ein zus\u00e4tzliches Ticket. Bitte informieren Sie Ihren Guide, wenn Sie die <strong>Gro\u00dfe Pyramide<\/strong> oder die <strong>Stufenpyramide von Djoser<\/strong> von innen besichtigen m\u00f6chten.<\/p>\n<h3><span style=\"color: #ff6600;\">Bereit, Geschichte hautnah zu erleben?<\/span><\/h3>\n<p>Geben Sie sich nicht mit einer \u00fcberf\u00fcllten Bustour zufrieden. Erleben Sie die Magie der Pharaonen mit der Privatsph\u00e4re und Expertise, die Sie verdienen.<\/p>\n<p><strong>[Buchen Sie jetzt Ihren privaten El Sokhna Landausflug]<\/strong><\/p>\n","protected":false},"excerpt":{"rendered":"<p>Buchen Sie die Tour <b data-path-to-node=\"0\" data-index-in-node=\"20\">Private Gizeh-Pyramiden &amp; Sakkara ab Hafen El Sokhna<\/b>. Erleben Sie \u00c4gyptens Wunder mit privatem Guide, Transfer und Top-Service. Jetzt!<\/p>\n","protected":false},"featured_media":16236,"comment_status":"closed","ping_status":"closed","template":"","meta":[],"product_brand":[],"product_cat":[1494],"product_tag":[],"class_list":{"0":"post-16532","1":"product","2":"type-product","3":"status-publish","4":"has-post-thumbnail","6":"product_cat-touren","7":"tour_category-agypten-landausfluge","8":"tour_category-landausfluge-ab-hafen-sokhna","10":"first","11":"instock","12":"sale","13":"shipping-taxable","14":"purchasable","15":"product-type-tour","16":"has-default-attributes"},"yoast_head":"<!-- This site is optimized with the Yoast SEO Premium plugin v27.5 (Yoast SEO v27.5) - https:\/\/yoast.com\/product\/yoast-seo-premium-wordpress\/ -->\n<title>Private Gizeh-Pyramiden &amp; Sakkara ab Hafen El Sokhna<\/title>\n<meta name=\"description\" content=\"Buchen Sie die Tour Private Gizeh-Pyramiden &amp; Sakkara ab Hafen El Sokhna. Erleben Sie \u00c4gyptens Wunder mit privatem Guide, Transfer und Top-Service. Jetzt!\" \/>\n<meta name=\"robots\" content=\"index, follow, max-snippet:-1, max-image-preview:large, max-video-preview:-1\" \/>\n<link rel=\"canonical\" href=\"https:\/\/egytourpackages.com\/de\/touren\/private-gizeh-pyramiden-sakkara-ab-hafen-el-sokhna\/\" \/>\n<meta property=\"og:locale\" content=\"de_DE\" \/>\n<meta property=\"og:type\" content=\"article\" \/>\n<meta property=\"og:title\" content=\"Private Gizeh-Pyramiden &amp; Sakkara ab Hafen El Sokhna\" \/>\n<meta property=\"og:description\" content=\"Buchen Sie die Tour Private Gizeh-Pyramiden &amp; Sakkara ab Hafen El Sokhna. Erleben Sie \u00c4gyptens Wunder mit privatem Guide, Transfer und Top-Service. Jetzt!\" \/>\n<meta property=\"og:url\" content=\"https:\/\/egytourpackages.com\/de\/touren\/private-gizeh-pyramiden-sakkara-ab-hafen-el-sokhna\/\" \/>\n<meta property=\"og:site_name\" content=\"\u00c4gypten-Reisepakete\" \/>\n<meta property=\"article:publisher\" content=\"https:\/\/www.facebook.com\/egytourpackages\" \/>\n<meta property=\"article:modified_time\" content=\"2026-04-27T13:59:28+00:00\" \/>\n<meta property=\"og:image\" content=\"https:\/\/egytourpackages.com\/wp-content\/uploads\/2026\/04\/Grand-Egyptian-Museum.jpg\" \/>\n\t<meta property=\"og:image:width\" content=\"1450\" \/>\n\t<meta property=\"og:image:height\" content=\"1087\" \/>\n\t<meta property=\"og:image:type\" content=\"image\/jpeg\" \/>\n<meta name=\"twitter:card\" content=\"summary_large_image\" \/>\n<meta name=\"twitter:title\" content=\"Private Gizeh-Pyramiden &amp; Sakkara ab Hafen El Sokhna\" \/>\n<meta name=\"twitter:label1\" content=\"Preis\" \/>\n\t<meta name=\"twitter:data1\" content=\"&euro;0\" \/>\n\t<meta name=\"twitter:label2\" content=\"Verf\u00fcgbarkeit\" \/>\n\t<meta name=\"twitter:data2\" content=\"Auf Lager\" \/>\n<script type=\"application\/ld+json\" class=\"yoast-schema-graph\">{\"@context\":\"https:\\\/\\\/schema.org\",\"@graph\":[{\"@type\":\"WebPage\",\"@id\":\"https:\\\/\\\/egytourpackages.com\\\/de\\\/touren\\\/private-gizeh-pyramiden-sakkara-ab-hafen-el-sokhna\\\/\",\"url\":\"https:\\\/\\\/egytourpackages.com\\\/de\\\/touren\\\/private-gizeh-pyramiden-sakkara-ab-hafen-el-sokhna\\\/\",\"name\":\"Private Gizeh-Pyramiden & Sakkara ab Hafen El Sokhna\",\"isPartOf\":{\"@id\":\"https:\\\/\\\/egytourpackages.com\\\/de\\\/#website\"},\"primaryImageOfPage\":{\"@id\":\"https:\\\/\\\/egytourpackages.com\\\/de\\\/touren\\\/private-gizeh-pyramiden-sakkara-ab-hafen-el-sokhna\\\/#primaryimage\"},\"image\":{\"@id\":\"https:\\\/\\\/egytourpackages.com\\\/de\\\/touren\\\/private-gizeh-pyramiden-sakkara-ab-hafen-el-sokhna\\\/#primaryimage\"},\"thumbnailUrl\":\"https:\\\/\\\/egytourpackages.com\\\/wp-content\\\/uploads\\\/2026\\\/04\\\/Grand-Egyptian-Museum.jpg\",\"datePublished\":\"2026-04-24T03:12:24+00:00\",\"dateModified\":\"2026-04-27T13:59:28+00:00\",\"description\":\"Buchen Sie die Tour Private Gizeh-Pyramiden & Sakkara ab Hafen El Sokhna. Erleben Sie \u00c4gyptens Wunder mit privatem Guide, Transfer und Top-Service. Jetzt!\",\"breadcrumb\":{\"@id\":\"https:\\\/\\\/egytourpackages.com\\\/de\\\/touren\\\/private-gizeh-pyramiden-sakkara-ab-hafen-el-sokhna\\\/#breadcrumb\"},\"inLanguage\":\"de\",\"potentialAction\":[{\"@type\":\"ReadAction\",\"target\":[\"https:\\\/\\\/egytourpackages.com\\\/de\\\/touren\\\/private-gizeh-pyramiden-sakkara-ab-hafen-el-sokhna\\\/\"]}]},{\"@type\":\"ImageObject\",\"inLanguage\":\"de\",\"@id\":\"https:\\\/\\\/egytourpackages.com\\\/de\\\/touren\\\/private-gizeh-pyramiden-sakkara-ab-hafen-el-sokhna\\\/#primaryimage\",\"url\":\"https:\\\/\\\/egytourpackages.com\\\/wp-content\\\/uploads\\\/2026\\\/04\\\/Grand-Egyptian-Museum.jpg\",\"contentUrl\":\"https:\\\/\\\/egytourpackages.com\\\/wp-content\\\/uploads\\\/2026\\\/04\\\/Grand-Egyptian-Museum.jpg\",\"width\":1450,\"height\":1087,\"caption\":\"Private Gizeh-Pyramiden & Sakkara ab Hafen El Sokhna\"},{\"@type\":\"BreadcrumbList\",\"@id\":\"https:\\\/\\\/egytourpackages.com\\\/de\\\/touren\\\/private-gizeh-pyramiden-sakkara-ab-hafen-el-sokhna\\\/#breadcrumb\",\"itemListElement\":[{\"@type\":\"ListItem\",\"position\":1,\"name\":\"Startseite\",\"item\":\"https:\\\/\\\/egytourpackages.com\\\/de\\\/\"},{\"@type\":\"ListItem\",\"position\":2,\"name\":\"Shop\",\"item\":\"https:\\\/\\\/egytourpackages.com\\\/de\\\/shop\\\/\"},{\"@type\":\"ListItem\",\"position\":3,\"name\":\"Private Gizeh-Pyramiden &#038; Sakkara ab Hafen El Sokhna\"}]},{\"@type\":\"WebSite\",\"@id\":\"https:\\\/\\\/egytourpackages.com\\\/de\\\/#website\",\"url\":\"https:\\\/\\\/egytourpackages.com\\\/de\\\/\",\"name\":\"Egy tour packages\",\"description\":\"\",\"publisher\":{\"@id\":\"https:\\\/\\\/egytourpackages.com\\\/de\\\/#organization\"},\"potentialAction\":[{\"@type\":\"SearchAction\",\"target\":{\"@type\":\"EntryPoint\",\"urlTemplate\":\"https:\\\/\\\/egytourpackages.com\\\/de\\\/?s={search_term_string}\"},\"query-input\":{\"@type\":\"PropertyValueSpecification\",\"valueRequired\":true,\"valueName\":\"search_term_string\"}}],\"inLanguage\":\"de\"},{\"@type\":[\"Organization\",\"Place\",\"TravelAgency\"],\"@id\":\"https:\\\/\\\/egytourpackages.com\\\/de\\\/#organization\",\"name\":\"egypt tour packages\",\"alternateName\":\"egypt tour packages\",\"url\":\"https:\\\/\\\/egytourpackages.com\\\/de\\\/\",\"logo\":{\"@id\":\"https:\\\/\\\/egytourpackages.com\\\/de\\\/touren\\\/private-gizeh-pyramiden-sakkara-ab-hafen-el-sokhna\\\/#local-main-organization-logo\"},\"image\":{\"@id\":\"https:\\\/\\\/egytourpackages.com\\\/de\\\/touren\\\/private-gizeh-pyramiden-sakkara-ab-hafen-el-sokhna\\\/#local-main-organization-logo\"},\"sameAs\":[\"https:\\\/\\\/www.facebook.com\\\/egytourpackages\"],\"legalName\":\"Egy tour packages\",\"address\":{\"@id\":\"https:\\\/\\\/egytourpackages.com\\\/de\\\/touren\\\/private-gizeh-pyramiden-sakkara-ab-hafen-el-sokhna\\\/#local-main-place-address\"},\"telephone\":[\"00201000852186\",\"00201028685533\"],\"contactPoint\":{\"@type\":\"ContactPoint\",\"telephone\":\"00201000852186\"},\"openingHoursSpecification\":[{\"@type\":\"OpeningHoursSpecification\",\"dayOfWeek\":[\"Monday\",\"Tuesday\",\"Wednesday\",\"Thursday\",\"Friday\",\"Saturday\",\"Sunday\"],\"opens\":\"00:00\",\"closes\":\"23:59\"}],\"email\":\"info@egytourpackages.com\",\"areaServed\":\"Cairo, Hurghada, Luxor, Sharm El Sheikh, Marsa Alam, Aswan\",\"priceRange\":\"$\",\"currenciesAccepted\":\"euro\",\"paymentAccepted\":\"Payment links online\"},{\"@type\":\"PostalAddress\",\"@id\":\"https:\\\/\\\/egytourpackages.com\\\/de\\\/touren\\\/private-gizeh-pyramiden-sakkara-ab-hafen-el-sokhna\\\/#local-main-place-address\",\"streetAddress\":\"Mubarak 8, Al Kawthar District, Hurghada\",\"addressLocality\":\"Hurghada\",\"postalCode\":\"84511\",\"addressRegion\":\"Red Sea\",\"addressCountry\":\"EG\"},{\"@type\":\"ImageObject\",\"inLanguage\":\"de\",\"@id\":\"https:\\\/\\\/egytourpackages.com\\\/de\\\/touren\\\/private-gizeh-pyramiden-sakkara-ab-hafen-el-sokhna\\\/#local-main-organization-logo\",\"url\":\"https:\\\/\\\/egytourpackages.com\\\/wp-content\\\/uploads\\\/2025\\\/12\\\/Turquoise-Dahabiya-Nile-Cruise-1.jpeg\",\"contentUrl\":\"https:\\\/\\\/egytourpackages.com\\\/wp-content\\\/uploads\\\/2025\\\/12\\\/Turquoise-Dahabiya-Nile-Cruise-1.jpeg\",\"width\":1040,\"height\":694,\"caption\":\"egypt tour packages\"}]}<\/script>\n<meta property=\"product:brand\" content=\"\u00c4gypten Landausfl\u00fcge\" \/>\n<meta property=\"product:price:amount\" content=\"0\" \/>\n<meta property=\"product:price:currency\" content=\"EUR\" \/>\n<meta property=\"og:availability\" content=\"instock\" \/>\n<meta property=\"product:availability\" content=\"instock\" \/>\n<meta property=\"product:retailer_item_id\" content=\"SPSE 01\" \/>\n<meta property=\"product:condition\" content=\"new\" \/>\n<meta name=\"geo.placename\" content=\"Hurghada\" \/>\n<meta name=\"geo.region\" content=\"\u00c4gypten\" \/>\n<!-- \/ Yoast SEO Premium plugin. -->","yoast_head_json":{"title":"Private Gizeh-Pyramiden & Sakkara ab Hafen El Sokhna","description":"Buchen Sie die Tour Private Gizeh-Pyramiden & Sakkara ab Hafen El Sokhna. Erleben Sie \u00c4gyptens Wunder mit privatem Guide, Transfer und Top-Service. Jetzt!","robots":{"index":"index","follow":"follow","max-snippet":"max-snippet:-1","max-image-preview":"max-image-preview:large","max-video-preview":"max-video-preview:-1"},"canonical":"https:\/\/egytourpackages.com\/de\/touren\/private-gizeh-pyramiden-sakkara-ab-hafen-el-sokhna\/","og_locale":"de_DE","og_type":"article","og_title":"Private Gizeh-Pyramiden & Sakkara ab Hafen El Sokhna","og_description":"Buchen Sie die Tour Private Gizeh-Pyramiden & Sakkara ab Hafen El Sokhna. Erleben Sie \u00c4gyptens Wunder mit privatem Guide, Transfer und Top-Service. Jetzt!","og_url":"https:\/\/egytourpackages.com\/de\/touren\/private-gizeh-pyramiden-sakkara-ab-hafen-el-sokhna\/","og_site_name":"\u00c4gypten-Reisepakete","article_publisher":"https:\/\/www.facebook.com\/egytourpackages","article_modified_time":"2026-04-27T13:59:28+00:00","og_image":[{"width":1450,"height":1087,"url":"https:\/\/egytourpackages.com\/wp-content\/uploads\/2026\/04\/Grand-Egyptian-Museum.jpg","type":"image\/jpeg"}],"twitter_card":"summary_large_image","twitter_title":"Private Gizeh-Pyramiden & Sakkara ab Hafen El Sokhna","twitter_misc":{"Preis":"&euro;0","Verf\u00fcgbarkeit":"Auf Lager"},"schema":{"@context":"https:\/\/schema.org","@graph":[{"@type":"WebPage","@id":"https:\/\/egytourpackages.com\/de\/touren\/private-gizeh-pyramiden-sakkara-ab-hafen-el-sokhna\/","url":"https:\/\/egytourpackages.com\/de\/touren\/private-gizeh-pyramiden-sakkara-ab-hafen-el-sokhna\/","name":"Private Gizeh-Pyramiden & Sakkara ab Hafen El Sokhna","isPartOf":{"@id":"https:\/\/egytourpackages.com\/de\/#website"},"primaryImageOfPage":{"@id":"https:\/\/egytourpackages.com\/de\/touren\/private-gizeh-pyramiden-sakkara-ab-hafen-el-sokhna\/#primaryimage"},"image":{"@id":"https:\/\/egytourpackages.com\/de\/touren\/private-gizeh-pyramiden-sakkara-ab-hafen-el-sokhna\/#primaryimage"},"thumbnailUrl":"https:\/\/egytourpackages.com\/wp-content\/uploads\/2026\/04\/Grand-Egyptian-Museum.jpg","datePublished":"2026-04-24T03:12:24+00:00","dateModified":"2026-04-27T13:59:28+00:00","description":"Buchen Sie die Tour Private Gizeh-Pyramiden & Sakkara ab Hafen El Sokhna. Erleben Sie \u00c4gyptens Wunder mit privatem Guide, Transfer und Top-Service. Jetzt!","breadcrumb":{"@id":"https:\/\/egytourpackages.com\/de\/touren\/private-gizeh-pyramiden-sakkara-ab-hafen-el-sokhna\/#breadcrumb"},"inLanguage":"de","potentialAction":[{"@type":"ReadAction","target":["https:\/\/egytourpackages.com\/de\/touren\/private-gizeh-pyramiden-sakkara-ab-hafen-el-sokhna\/"]}]},{"@type":"ImageObject","inLanguage":"de","@id":"https:\/\/egytourpackages.com\/de\/touren\/private-gizeh-pyramiden-sakkara-ab-hafen-el-sokhna\/#primaryimage","url":"https:\/\/egytourpackages.com\/wp-content\/uploads\/2026\/04\/Grand-Egyptian-Museum.jpg","contentUrl":"https:\/\/egytourpackages.com\/wp-content\/uploads\/2026\/04\/Grand-Egyptian-Museum.jpg","width":1450,"height":1087,"caption":"Private Gizeh-Pyramiden & Sakkara ab Hafen El Sokhna"},{"@type":"BreadcrumbList","@id":"https:\/\/egytourpackages.com\/de\/touren\/private-gizeh-pyramiden-sakkara-ab-hafen-el-sokhna\/#breadcrumb","itemListElement":[{"@type":"ListItem","position":1,"name":"Startseite","item":"https:\/\/egytourpackages.com\/de\/"},{"@type":"ListItem","position":2,"name":"Shop","item":"https:\/\/egytourpackages.com\/de\/shop\/"},{"@type":"ListItem","position":3,"name":"Private Gizeh-Pyramiden &#038; Sakkara ab Hafen El Sokhna"}]},{"@type":"WebSite","@id":"https:\/\/egytourpackages.com\/de\/#website","url":"https:\/\/egytourpackages.com\/de\/","name":"Egy tour packages","description":"","publisher":{"@id":"https:\/\/egytourpackages.com\/de\/#organization"},"potentialAction":[{"@type":"SearchAction","target":{"@type":"EntryPoint","urlTemplate":"https:\/\/egytourpackages.com\/de\/?s={search_term_string}"},"query-input":{"@type":"PropertyValueSpecification","valueRequired":true,"valueName":"search_term_string"}}],"inLanguage":"de"},{"@type":["Organization","Place","TravelAgency"],"@id":"https:\/\/egytourpackages.com\/de\/#organization","name":"egypt tour packages","alternateName":"egypt tour packages","url":"https:\/\/egytourpackages.com\/de\/","logo":{"@id":"https:\/\/egytourpackages.com\/de\/touren\/private-gizeh-pyramiden-sakkara-ab-hafen-el-sokhna\/#local-main-organization-logo"},"image":{"@id":"https:\/\/egytourpackages.com\/de\/touren\/private-gizeh-pyramiden-sakkara-ab-hafen-el-sokhna\/#local-main-organization-logo"},"sameAs":["https:\/\/www.facebook.com\/egytourpackages"],"legalName":"Egy tour packages","address":{"@id":"https:\/\/egytourpackages.com\/de\/touren\/private-gizeh-pyramiden-sakkara-ab-hafen-el-sokhna\/#local-main-place-address"},"telephone":["00201000852186","00201028685533"],"contactPoint":{"@type":"ContactPoint","telephone":"00201000852186"},"openingHoursSpecification":[{"@type":"OpeningHoursSpecification","dayOfWeek":["Monday","Tuesday","Wednesday","Thursday","Friday","Saturday","Sunday"],"opens":"00:00","closes":"23:59"}],"email":"info@egytourpackages.com","areaServed":"Cairo, Hurghada, Luxor, Sharm El Sheikh, Marsa Alam, Aswan","priceRange":"$","currenciesAccepted":"euro","paymentAccepted":"Payment links online"},{"@type":"PostalAddress","@id":"https:\/\/egytourpackages.com\/de\/touren\/private-gizeh-pyramiden-sakkara-ab-hafen-el-sokhna\/#local-main-place-address","streetAddress":"Mubarak 8, Al Kawthar District, Hurghada","addressLocality":"Hurghada","postalCode":"84511","addressRegion":"Red Sea","addressCountry":"EG"},{"@type":"ImageObject","inLanguage":"de","@id":"https:\/\/egytourpackages.com\/de\/touren\/private-gizeh-pyramiden-sakkara-ab-hafen-el-sokhna\/#local-main-organization-logo","url":"https:\/\/egytourpackages.com\/wp-content\/uploads\/2025\/12\/Turquoise-Dahabiya-Nile-Cruise-1.jpeg","contentUrl":"https:\/\/egytourpackages.com\/wp-content\/uploads\/2025\/12\/Turquoise-Dahabiya-Nile-Cruise-1.jpeg","width":1040,"height":694,"caption":"egypt tour packages"}]},"product_brand":"\u00c4gypten Landausfl\u00fcge","product_price_currency":"EUR","og_availability":"instock","product_availability":"instock","product_retailer_item_id":"SPSE 01","product_condition":"new","geo.placename":"Hurghada","geo.region":"\u00c4gypten"},"_links":{"self":[{"href":"https:\/\/egytourpackages.com\/de\/wp-json\/wp\/v2\/product\/16532","targetHints":{"allow":["GET"]}}],"collection":[{"href":"https:\/\/egytourpackages.com\/de\/wp-json\/wp\/v2\/product"}],"about":[{"href":"https:\/\/egytourpackages.com\/de\/wp-json\/wp\/v2\/types\/product"}],"replies":[{"embeddable":true,"href":"https:\/\/egytourpackages.com\/de\/wp-json\/wp\/v2\/comments?post=16532"}],"wp:featuredmedia":[{"embeddable":true,"href":"https:\/\/egytourpackages.com\/de\/wp-json\/wp\/v2\/media\/16236"}],"wp:attachment":[{"href":"https:\/\/egytourpackages.com\/de\/wp-json\/wp\/v2\/media?parent=16532"}],"wp:term":[{"taxonomy":"product_brand","embeddable":true,"href":"https:\/\/egytourpackages.com\/de\/wp-json\/wp\/v2\/product_brand?post=16532"},{"taxonomy":"product_cat","embeddable":true,"href":"https:\/\/egytourpackages.com\/de\/wp-json\/wp\/v2\/product_cat?post=16532"},{"taxonomy":"product_tag","embeddable":true,"href":"https:\/\/egytourpackages.com\/de\/wp-json\/wp\/v2\/product_tag?post=16532"}],"curies":[{"name":"wp","href":"https:\/\/api.w.org\/{rel}","templated":true}]}}