{"id":3854,"date":"2025-06-02T20:04:39","date_gmt":"2025-06-02T20:04:39","guid":{"rendered":"https:\/\/egytourpackages.com\/product\/sataya-tauchausflug-mit-uebernachtung-ab-marsa-alam\/"},"modified":"2026-01-25T02:40:53","modified_gmt":"2026-01-25T02:40:53","slug":"sataya-tauchausflug-mit-uebernachtung-ab-marsa-alam","status":"publish","type":"product","link":"https:\/\/egytourpackages.com\/de\/touren\/sataya-tauchausflug-mit-uebernachtung-ab-marsa-alam\/","title":{"rendered":"Sataya-Tauchausflug mit \u00dcbernachtung ab Marsa Alam"},"content":{"rendered":"<p><span style=\"color: #ff6600;\"><strong>Sataya-Tauchtrip mit \u00dcbernachtung ab Marsa Alam<\/strong><\/span><\/p>\n<p>Tauchen mit Delfinen | \u00dcbernachten auf See | Entdecken Sie die verborgenen Sch\u00e4tze des Roten Meeres | Unterwasser-Fotomotive | All-Inclusive-Service | Marsa Alam Touren<\/p>\n<h2>\u00dcbersicht<\/h2>\n<p>Buchen Sie Ihren Sataya-Tauchtrip mit \u00dcbernachtung ab Marsa Alam zu einem der sch\u00f6nsten Schnorchel- und Tauchziele des Roten Meeres. Mit unseren Egy-Tourpaketen erleben Sie die Magie des Sataya-Riffs, auch bekannt als Dolphin House Reef, und tauchen im gr\u00f6\u00dften Riff des Roten Meeres mit einer L\u00e4nge von 45 km.<\/p>\n<p>Genie\u00dfen Sie insgesamt 4 Tauchg\u00e4nge rund um das Shaab Sataya Dolphin Reef und die Region Abu Ghalawa und erkunden Sie Koralleng\u00e4rten und Schw\u00e4rme von Rifffischen, Schildkr\u00f6ten und Adlerrochen.<\/p>\n<p>Dieser All-inclusive-Tauchtrip mit \u00dcbernachtung ist ideal f\u00fcr zertifizierte Taucher, die dem Trubel entfliehen und unber\u00fchrte Tauchpl\u00e4tze erkunden m\u00f6chten. Dieser fantastische Tauchtrip eignet sich auch perfekt f\u00fcr Aktivit\u00e4ten mit Freunden, romantische Wochenendtrips oder luxuri\u00f6se Familienurlaube. Kontaktieren Sie uns und genie\u00dfen Sie eine der besten \u00c4gypten-Touren, w\u00e4hrend Sie in Marsa Alam sind.<\/p>\n<h3>Reiseinformationen<\/h3>\n<p>Dauer: 2 Tage | 1 Nacht<\/p>\n<p>Tourort: Marsa Alam<\/p>\n<p>Tourverf\u00fcgbarkeit: Samstag \u2013 Montag \u2013 Mittwoch<\/p>\n<p>Abholung &amp; R\u00fcckfahrt: Ihr Hotel in Marsa Alam<\/p>\n<p>Tourart: Freizeittour<\/p>\n<p>Rollstuhlgerecht<\/p>\n<h3>Inklusivleistungen<\/h3>\n<p>Hin- und R\u00fccktransfer von Ihrem Hotel<\/p>\n<p>1 \u00dcbernachtung an Bord im Doppelzimmer, all-inclusive<\/p>\n<p>Mahlzeiten wie im Programm beschrieben<\/p>\n<p>Tauchlehrer<\/p>\n<h3>Exklusivleistungen<\/h3>\n<p>Leihausr\u00fcstung (auf Anfrage erh\u00e4ltlich)<\/p>\n<p>Umweltgeb\u00fchr 10 Euro pro Tour<\/p>\n<p>Bei Tauchen ist die Tauchausr\u00fcstung nicht inbegriffen (20 Euro pro Tag)<\/p>\n<p>DVD und Fotos vom Kameramann<\/p>\n<h3>Was Sie einpacken sollten<\/h3>\n<p>Strandtuch vom Hotel<\/p>\n<p>Pers\u00f6nliche Tauchausr\u00fcstung (falls gew\u00fcnscht)<\/p>\n<p>Badeanzug, Sonnencreme, Sonnenbrille<\/p>\n<p>Warme Kleidung f\u00fcr den Abend<\/p>\n<p>Wasserdichte Kamera (sehr empfohlen)<\/p>\n<h3>Tag 1, Marsa Alam Sataya Reef<\/h3>\n<p>Unser Vertreter erwartet Sie in der Lobby Ihres Hotels, um Ihren Sataya-Tauchtrip mit \u00dcbernachtung ab Marsa Alam zu starten. Nach Ihrer Ankunft im Hafen von Hamata, wo Ihr Boot bereits auf Sie wartet, werden Sie von der Crew begr\u00fc\u00dft. Die Fahrt zum Shaab Sataya Dolphin Reef dauert zweieinhalb Stunden. Machen Sie sich nach einer Einweisung durch Ihren Tauchlehrer bereit f\u00fcr den ersten Tauchgang an einem wundersch\u00f6nen Tauchplatz mit beeindruckenden Korallenriffen und bunten Fischen. Wenn Sie nicht tauchen, k\u00f6nnen Sie im Dolphin House Reef mit Delfinen schwimmen. Anschlie\u00dfend genie\u00dfen Sie ein frisch zubereitetes Mittagessen an Bord, bevor Ihr zweiter Tauchgang an einem anderen Tauchplatz beginnt. Entspannen Sie sich bei sanfter Musik, w\u00e4hrend das Abendessen zubereitet wird. Genie\u00dfen Sie Ihr Abendessen und bleiben Sie anschlie\u00dfend an Deck, schlafen Sie in Ihrem Zimmer oder nehmen Sie gegen Aufpreis an einem Nachttauchgang teil.<\/p>\n<h3>Tag 2, Sataya Riff Marsa Alam Hotel<\/h3>\n<p>Fr\u00fches Aufwachen und erster Tauchgang vor dem Fr\u00fchst\u00fcck und bevor das Tagesboot die Sataya-Lagune erreicht. Sie k\u00f6nnen auch eine Schnorchel-Session mit den verspielten Delfinen genie\u00dfen, bevor das Fr\u00fchst\u00fcck an Bord serviert wird.<\/p>\n<p>Nun ist es an der Zeit, n\u00f6rdlich des Sataya-Riffs nach Abu Ghalawa zu segeln, wo Sie Ihren letzten Tauchgang machen werden. Abu Ghalawa ist ber\u00fchmt f\u00fcr seine einzigartigen Korallenriffe und seine Meeresfauna. Genie\u00dfen Sie Ihr Mittagessen an Bord, w\u00e4hrend Sie zur\u00fcck zum Hamata Jetty segeln, von wo aus Sie zur\u00fcck zu Ihrem Hotel in Marsa Alam fahren.<\/p>\n<p><strong>PC<\/strong><\/p>\n<p>Die Pl\u00e4tze sind begrenzt und aufgrund der hohen Nachfrage schnell ausgebucht. Reservieren Sie jetzt Ihren Platz und tauchen Sie ein in eines der spektakul\u00e4rsten Nachttaucherlebnisse, die das Rote Meer zu bieten hat.<\/p>\n<p><strong>Sataya \u00dcbernachtungstauchgang ab Marsa Alam Preis<\/strong><\/p>\n<p>Gesamtpreis 200 Euro pro Person<\/p>\n<p><strong>Buchung<\/strong><\/p>\n<p>Buchen Sie Ihre Tour bequem per WhatsApp oder E-Mail. Sie erhalten die Best\u00e4tigung direkt vor Ort.<\/p>\n<p>Bitte teilen Sie uns Ihren Hotelnamen, Ihre Zimmernummer und Ihre Passkopien mit.<\/p>\n<p><strong>WhatsApp-Nummer<\/strong><\/p>\n<p>+201000852186<\/p>\n<p><strong>Jetzt buchen &amp; vor Ort bezahlen<\/strong><\/p>\n<p>Buchen Sie Ihre Lieblingstour und bezahlen Sie am Reisetag.<\/p>\n<p><strong>Zahlung<\/strong><\/p>\n<p>Sie k\u00f6nnen in \u00c4gyptischen Pfund, $, \u20ac oder \u00a3 bezahlen.<\/p>\n<p>Stornierungsbedingungen<\/p>\n<p>Kostenlose Stornierung bis 24 Stunden im Voraus.<\/p>\n<p>Bei Stornierung am Morgen fallen 50 % des Reisepreises an.<\/p>\n","protected":false},"excerpt":{"rendered":"<p>Sataya-Tauchausflug mit \u00dcbernachtung ab Marsa Alam | Tauchen Sie im Dolphin House Reef, einem der gr\u00f6\u00dften Riffe des Roten Meeres mit einer L\u00e4nge von 45 km.<\/p>\n","protected":false},"featured_media":3809,"comment_status":"closed","ping_status":"closed","template":"","meta":[],"product_brand":[],"product_cat":[1494],"product_tag":[1495,1496],"class_list":{"0":"post-3854","1":"product","2":"type-product","3":"status-publish","4":"has-post-thumbnail","6":"product_cat-touren","7":"product_tag-agypten-tagestouren","8":"product_tag-marsa-alam-ausfluge","9":"tour_category-agypten-tagestouren","10":"tour_category-marsa-alam-ausfluge","12":"first","13":"instock","14":"sale","15":"shipping-taxable","16":"purchasable","17":"product-type-tour","18":"has-default-attributes"},"yoast_head":"<!-- This site is optimized with the Yoast SEO Premium plugin v27.4 (Yoast SEO v27.4) - https:\/\/yoast.com\/product\/yoast-seo-premium-wordpress\/ -->\n<title>Sataya-Tauchausflug mit \u00dcbernachtung ab Marsa Alam<\/title>\n<meta name=\"description\" content=\"Sataya-Tauchausflug mit \u00dcbernachtung ab Marsa Alam | Tauchen Sie im Dolphin House Reef, einem der gr\u00f6\u00dften Riffe des Roten Meeres mit einer L\u00e4nge von 45 km.\" \/>\n<meta name=\"robots\" content=\"index, follow, max-snippet:-1, max-image-preview:large, max-video-preview:-1\" \/>\n<link rel=\"canonical\" href=\"https:\/\/egytourpackages.com\/de\/touren\/sataya-tauchausflug-mit-uebernachtung-ab-marsa-alam\/\" \/>\n<meta property=\"og:locale\" content=\"de_DE\" \/>\n<meta property=\"og:type\" content=\"article\" \/>\n<meta property=\"og:title\" content=\"Sataya-Tauchausflug mit \u00dcbernachtung ab Marsa Alam\" \/>\n<meta property=\"og:description\" content=\"Sataya-Tauchausflug mit \u00dcbernachtung ab Marsa Alam\" \/>\n<meta property=\"og:url\" content=\"https:\/\/egytourpackages.com\/de\/touren\/sataya-tauchausflug-mit-uebernachtung-ab-marsa-alam\/\" \/>\n<meta property=\"og:site_name\" content=\"\u00c4gypten-Reisepakete\" \/>\n<meta property=\"article:publisher\" content=\"https:\/\/www.facebook.com\/egytourpackages\" \/>\n<meta property=\"article:modified_time\" content=\"2026-01-25T02:40:53+00:00\" \/>\n<meta property=\"og:image\" content=\"https:\/\/egytourpackages.com\/wp-content\/uploads\/2025\/06\/Sataya-Overnight-Diving-Trip-from-Marsa-Alam.jpg\" \/>\n<meta name=\"twitter:card\" content=\"summary_large_image\" \/>\n<meta name=\"twitter:title\" content=\"Sataya-Tauchausflug mit \u00dcbernachtung ab Marsa Alam\" \/>\n<meta name=\"twitter:label1\" content=\"Preis\" \/>\n\t<meta name=\"twitter:data1\" content=\"&euro;200\" \/>\n\t<meta name=\"twitter:label2\" content=\"Verf\u00fcgbarkeit\" \/>\n\t<meta name=\"twitter:data2\" content=\"Auf Lager\" \/>\n<script type=\"application\/ld+json\" class=\"yoast-schema-graph\">{\"@context\":\"https:\\\/\\\/schema.org\",\"@graph\":[{\"@type\":\"WebPage\",\"@id\":\"https:\\\/\\\/egytourpackages.com\\\/de\\\/touren\\\/sataya-tauchausflug-mit-uebernachtung-ab-marsa-alam\\\/\",\"url\":\"https:\\\/\\\/egytourpackages.com\\\/de\\\/touren\\\/sataya-tauchausflug-mit-uebernachtung-ab-marsa-alam\\\/\",\"name\":\"Sataya-Tauchausflug mit \u00dcbernachtung ab Marsa Alam\",\"isPartOf\":{\"@id\":\"https:\\\/\\\/egytourpackages.com\\\/de\\\/#website\"},\"primaryImageOfPage\":{\"@id\":\"https:\\\/\\\/egytourpackages.com\\\/de\\\/touren\\\/sataya-tauchausflug-mit-uebernachtung-ab-marsa-alam\\\/#primaryimage\"},\"image\":{\"@id\":\"https:\\\/\\\/egytourpackages.com\\\/de\\\/touren\\\/sataya-tauchausflug-mit-uebernachtung-ab-marsa-alam\\\/#primaryimage\"},\"thumbnailUrl\":\"https:\\\/\\\/egytourpackages.com\\\/wp-content\\\/uploads\\\/2025\\\/06\\\/Sataya-Overnight-Diving-Trip-from-Marsa-Alam.jpg\",\"datePublished\":\"2025-06-02T20:04:39+00:00\",\"dateModified\":\"2026-01-25T02:40:53+00:00\",\"description\":\"Sataya-Tauchausflug mit \u00dcbernachtung ab Marsa Alam | Tauchen Sie im Dolphin House Reef, einem der gr\u00f6\u00dften Riffe des Roten Meeres mit einer L\u00e4nge von 45 km.\",\"breadcrumb\":{\"@id\":\"https:\\\/\\\/egytourpackages.com\\\/de\\\/touren\\\/sataya-tauchausflug-mit-uebernachtung-ab-marsa-alam\\\/#breadcrumb\"},\"inLanguage\":\"de\",\"potentialAction\":[{\"@type\":\"ReadAction\",\"target\":[\"https:\\\/\\\/egytourpackages.com\\\/de\\\/touren\\\/sataya-tauchausflug-mit-uebernachtung-ab-marsa-alam\\\/\"]}]},{\"@type\":\"ImageObject\",\"inLanguage\":\"de\",\"@id\":\"https:\\\/\\\/egytourpackages.com\\\/de\\\/touren\\\/sataya-tauchausflug-mit-uebernachtung-ab-marsa-alam\\\/#primaryimage\",\"url\":\"https:\\\/\\\/egytourpackages.com\\\/wp-content\\\/uploads\\\/2025\\\/06\\\/Sataya-Overnight-Diving-Trip-from-Marsa-Alam.jpg\",\"contentUrl\":\"https:\\\/\\\/egytourpackages.com\\\/wp-content\\\/uploads\\\/2025\\\/06\\\/Sataya-Overnight-Diving-Trip-from-Marsa-Alam.jpg\",\"width\":1000,\"height\":665,\"caption\":\"Sataya-Tauchausflug mit \u00dcbernachtung ab Marsa Alam\"},{\"@type\":\"BreadcrumbList\",\"@id\":\"https:\\\/\\\/egytourpackages.com\\\/de\\\/touren\\\/sataya-tauchausflug-mit-uebernachtung-ab-marsa-alam\\\/#breadcrumb\",\"itemListElement\":[{\"@type\":\"ListItem\",\"position\":1,\"name\":\"Startseite\",\"item\":\"https:\\\/\\\/egytourpackages.com\\\/de\\\/\"},{\"@type\":\"ListItem\",\"position\":2,\"name\":\"Shop\",\"item\":\"https:\\\/\\\/egytourpackages.com\\\/de\\\/shop\\\/\"},{\"@type\":\"ListItem\",\"position\":3,\"name\":\"Sataya-Tauchausflug mit \u00dcbernachtung ab Marsa Alam\"}]},{\"@type\":\"WebSite\",\"@id\":\"https:\\\/\\\/egytourpackages.com\\\/de\\\/#website\",\"url\":\"https:\\\/\\\/egytourpackages.com\\\/de\\\/\",\"name\":\"Egy tour packages\",\"description\":\"\",\"publisher\":{\"@id\":\"https:\\\/\\\/egytourpackages.com\\\/de\\\/#organization\"},\"potentialAction\":[{\"@type\":\"SearchAction\",\"target\":{\"@type\":\"EntryPoint\",\"urlTemplate\":\"https:\\\/\\\/egytourpackages.com\\\/de\\\/?s={search_term_string}\"},\"query-input\":{\"@type\":\"PropertyValueSpecification\",\"valueRequired\":true,\"valueName\":\"search_term_string\"}}],\"inLanguage\":\"de\"},{\"@type\":[\"Organization\",\"Place\",\"TravelAgency\"],\"@id\":\"https:\\\/\\\/egytourpackages.com\\\/de\\\/#organization\",\"name\":\"egypt tour packages\",\"alternateName\":\"egypt tour packages\",\"url\":\"https:\\\/\\\/egytourpackages.com\\\/de\\\/\",\"logo\":{\"@id\":\"https:\\\/\\\/egytourpackages.com\\\/de\\\/touren\\\/sataya-tauchausflug-mit-uebernachtung-ab-marsa-alam\\\/#local-main-organization-logo\"},\"image\":{\"@id\":\"https:\\\/\\\/egytourpackages.com\\\/de\\\/touren\\\/sataya-tauchausflug-mit-uebernachtung-ab-marsa-alam\\\/#local-main-organization-logo\"},\"sameAs\":[\"https:\\\/\\\/www.facebook.com\\\/egytourpackages\"],\"legalName\":\"Egy tour packages\",\"address\":{\"@id\":\"https:\\\/\\\/egytourpackages.com\\\/de\\\/touren\\\/sataya-tauchausflug-mit-uebernachtung-ab-marsa-alam\\\/#local-main-place-address\"},\"telephone\":[\"00201000852186\",\"00201028685533\"],\"contactPoint\":{\"@type\":\"ContactPoint\",\"telephone\":\"00201000852186\"},\"openingHoursSpecification\":[{\"@type\":\"OpeningHoursSpecification\",\"dayOfWeek\":[\"Monday\",\"Tuesday\",\"Wednesday\",\"Thursday\",\"Friday\",\"Saturday\",\"Sunday\"],\"opens\":\"00:00\",\"closes\":\"23:59\"}],\"email\":\"info@egytourpackages.com\",\"areaServed\":\"Cairo, Hurghada, Luxor, Sharm El Sheikh, Marsa Alam, Aswan\",\"priceRange\":\"$\",\"currenciesAccepted\":\"euro\",\"paymentAccepted\":\"Payment links online\"},{\"@type\":\"PostalAddress\",\"@id\":\"https:\\\/\\\/egytourpackages.com\\\/de\\\/touren\\\/sataya-tauchausflug-mit-uebernachtung-ab-marsa-alam\\\/#local-main-place-address\",\"streetAddress\":\"Mubarak 8, Al Kawthar District, Hurghada\",\"addressLocality\":\"Hurghada\",\"postalCode\":\"84511\",\"addressRegion\":\"Red Sea\",\"addressCountry\":\"EG\"},{\"@type\":\"ImageObject\",\"inLanguage\":\"de\",\"@id\":\"https:\\\/\\\/egytourpackages.com\\\/de\\\/touren\\\/sataya-tauchausflug-mit-uebernachtung-ab-marsa-alam\\\/#local-main-organization-logo\",\"url\":\"https:\\\/\\\/egytourpackages.com\\\/wp-content\\\/uploads\\\/2025\\\/12\\\/Turquoise-Dahabiya-Nile-Cruise-1.jpeg\",\"contentUrl\":\"https:\\\/\\\/egytourpackages.com\\\/wp-content\\\/uploads\\\/2025\\\/12\\\/Turquoise-Dahabiya-Nile-Cruise-1.jpeg\",\"width\":1040,\"height\":694,\"caption\":\"egypt tour packages\"}]}<\/script>\n<meta property=\"product:brand\" content=\"\u00c4gypten Tagestouren\" \/>\n<meta property=\"product:price:amount\" content=\"200\" \/>\n<meta property=\"product:price:currency\" content=\"EUR\" \/>\n<meta property=\"og:availability\" content=\"instock\" \/>\n<meta property=\"product:availability\" content=\"instock\" \/>\n<meta property=\"product:retailer_item_id\" content=\"MAT13\" \/>\n<meta property=\"product:condition\" content=\"new\" \/>\n<meta name=\"geo.placename\" content=\"Hurghada\" \/>\n<meta name=\"geo.region\" content=\"\u00c4gypten\" \/>\n<!-- \/ Yoast SEO Premium plugin. -->","yoast_head_json":{"title":"Sataya-Tauchausflug mit \u00dcbernachtung ab Marsa Alam","description":"Sataya-Tauchausflug mit \u00dcbernachtung ab Marsa Alam | Tauchen Sie im Dolphin House Reef, einem der gr\u00f6\u00dften Riffe des Roten Meeres mit einer L\u00e4nge von 45 km.","robots":{"index":"index","follow":"follow","max-snippet":"max-snippet:-1","max-image-preview":"max-image-preview:large","max-video-preview":"max-video-preview:-1"},"canonical":"https:\/\/egytourpackages.com\/de\/touren\/sataya-tauchausflug-mit-uebernachtung-ab-marsa-alam\/","og_locale":"de_DE","og_type":"article","og_title":"Sataya-Tauchausflug mit \u00dcbernachtung ab Marsa Alam","og_description":"Sataya-Tauchausflug mit \u00dcbernachtung ab Marsa Alam","og_url":"https:\/\/egytourpackages.com\/de\/touren\/sataya-tauchausflug-mit-uebernachtung-ab-marsa-alam\/","og_site_name":"\u00c4gypten-Reisepakete","article_publisher":"https:\/\/www.facebook.com\/egytourpackages","article_modified_time":"2026-01-25T02:40:53+00:00","og_image":[{"url":"https:\/\/egytourpackages.com\/wp-content\/uploads\/2025\/06\/Sataya-Overnight-Diving-Trip-from-Marsa-Alam.jpg","type":"","width":"","height":""}],"twitter_card":"summary_large_image","twitter_title":"Sataya-Tauchausflug mit \u00dcbernachtung ab Marsa Alam","twitter_misc":{"Preis":"&euro;200","Verf\u00fcgbarkeit":"Auf Lager"},"schema":{"@context":"https:\/\/schema.org","@graph":[{"@type":"WebPage","@id":"https:\/\/egytourpackages.com\/de\/touren\/sataya-tauchausflug-mit-uebernachtung-ab-marsa-alam\/","url":"https:\/\/egytourpackages.com\/de\/touren\/sataya-tauchausflug-mit-uebernachtung-ab-marsa-alam\/","name":"Sataya-Tauchausflug mit \u00dcbernachtung ab Marsa Alam","isPartOf":{"@id":"https:\/\/egytourpackages.com\/de\/#website"},"primaryImageOfPage":{"@id":"https:\/\/egytourpackages.com\/de\/touren\/sataya-tauchausflug-mit-uebernachtung-ab-marsa-alam\/#primaryimage"},"image":{"@id":"https:\/\/egytourpackages.com\/de\/touren\/sataya-tauchausflug-mit-uebernachtung-ab-marsa-alam\/#primaryimage"},"thumbnailUrl":"https:\/\/egytourpackages.com\/wp-content\/uploads\/2025\/06\/Sataya-Overnight-Diving-Trip-from-Marsa-Alam.jpg","datePublished":"2025-06-02T20:04:39+00:00","dateModified":"2026-01-25T02:40:53+00:00","description":"Sataya-Tauchausflug mit \u00dcbernachtung ab Marsa Alam | Tauchen Sie im Dolphin House Reef, einem der gr\u00f6\u00dften Riffe des Roten Meeres mit einer L\u00e4nge von 45 km.","breadcrumb":{"@id":"https:\/\/egytourpackages.com\/de\/touren\/sataya-tauchausflug-mit-uebernachtung-ab-marsa-alam\/#breadcrumb"},"inLanguage":"de","potentialAction":[{"@type":"ReadAction","target":["https:\/\/egytourpackages.com\/de\/touren\/sataya-tauchausflug-mit-uebernachtung-ab-marsa-alam\/"]}]},{"@type":"ImageObject","inLanguage":"de","@id":"https:\/\/egytourpackages.com\/de\/touren\/sataya-tauchausflug-mit-uebernachtung-ab-marsa-alam\/#primaryimage","url":"https:\/\/egytourpackages.com\/wp-content\/uploads\/2025\/06\/Sataya-Overnight-Diving-Trip-from-Marsa-Alam.jpg","contentUrl":"https:\/\/egytourpackages.com\/wp-content\/uploads\/2025\/06\/Sataya-Overnight-Diving-Trip-from-Marsa-Alam.jpg","width":1000,"height":665,"caption":"Sataya-Tauchausflug mit \u00dcbernachtung ab Marsa Alam"},{"@type":"BreadcrumbList","@id":"https:\/\/egytourpackages.com\/de\/touren\/sataya-tauchausflug-mit-uebernachtung-ab-marsa-alam\/#breadcrumb","itemListElement":[{"@type":"ListItem","position":1,"name":"Startseite","item":"https:\/\/egytourpackages.com\/de\/"},{"@type":"ListItem","position":2,"name":"Shop","item":"https:\/\/egytourpackages.com\/de\/shop\/"},{"@type":"ListItem","position":3,"name":"Sataya-Tauchausflug mit \u00dcbernachtung ab Marsa Alam"}]},{"@type":"WebSite","@id":"https:\/\/egytourpackages.com\/de\/#website","url":"https:\/\/egytourpackages.com\/de\/","name":"Egy tour packages","description":"","publisher":{"@id":"https:\/\/egytourpackages.com\/de\/#organization"},"potentialAction":[{"@type":"SearchAction","target":{"@type":"EntryPoint","urlTemplate":"https:\/\/egytourpackages.com\/de\/?s={search_term_string}"},"query-input":{"@type":"PropertyValueSpecification","valueRequired":true,"valueName":"search_term_string"}}],"inLanguage":"de"},{"@type":["Organization","Place","TravelAgency"],"@id":"https:\/\/egytourpackages.com\/de\/#organization","name":"egypt tour packages","alternateName":"egypt tour packages","url":"https:\/\/egytourpackages.com\/de\/","logo":{"@id":"https:\/\/egytourpackages.com\/de\/touren\/sataya-tauchausflug-mit-uebernachtung-ab-marsa-alam\/#local-main-organization-logo"},"image":{"@id":"https:\/\/egytourpackages.com\/de\/touren\/sataya-tauchausflug-mit-uebernachtung-ab-marsa-alam\/#local-main-organization-logo"},"sameAs":["https:\/\/www.facebook.com\/egytourpackages"],"legalName":"Egy tour packages","address":{"@id":"https:\/\/egytourpackages.com\/de\/touren\/sataya-tauchausflug-mit-uebernachtung-ab-marsa-alam\/#local-main-place-address"},"telephone":["00201000852186","00201028685533"],"contactPoint":{"@type":"ContactPoint","telephone":"00201000852186"},"openingHoursSpecification":[{"@type":"OpeningHoursSpecification","dayOfWeek":["Monday","Tuesday","Wednesday","Thursday","Friday","Saturday","Sunday"],"opens":"00:00","closes":"23:59"}],"email":"info@egytourpackages.com","areaServed":"Cairo, Hurghada, Luxor, Sharm El Sheikh, Marsa Alam, Aswan","priceRange":"$","currenciesAccepted":"euro","paymentAccepted":"Payment links online"},{"@type":"PostalAddress","@id":"https:\/\/egytourpackages.com\/de\/touren\/sataya-tauchausflug-mit-uebernachtung-ab-marsa-alam\/#local-main-place-address","streetAddress":"Mubarak 8, Al Kawthar District, Hurghada","addressLocality":"Hurghada","postalCode":"84511","addressRegion":"Red Sea","addressCountry":"EG"},{"@type":"ImageObject","inLanguage":"de","@id":"https:\/\/egytourpackages.com\/de\/touren\/sataya-tauchausflug-mit-uebernachtung-ab-marsa-alam\/#local-main-organization-logo","url":"https:\/\/egytourpackages.com\/wp-content\/uploads\/2025\/12\/Turquoise-Dahabiya-Nile-Cruise-1.jpeg","contentUrl":"https:\/\/egytourpackages.com\/wp-content\/uploads\/2025\/12\/Turquoise-Dahabiya-Nile-Cruise-1.jpeg","width":1040,"height":694,"caption":"egypt tour packages"}]},"product_brand":"\u00c4gypten Tagestouren","product_price_amount":"200","product_price_currency":"EUR","og_availability":"instock","product_availability":"instock","product_retailer_item_id":"MAT13","product_condition":"new","geo.placename":"Hurghada","geo.region":"\u00c4gypten"},"_links":{"self":[{"href":"https:\/\/egytourpackages.com\/de\/wp-json\/wp\/v2\/product\/3854","targetHints":{"allow":["GET"]}}],"collection":[{"href":"https:\/\/egytourpackages.com\/de\/wp-json\/wp\/v2\/product"}],"about":[{"href":"https:\/\/egytourpackages.com\/de\/wp-json\/wp\/v2\/types\/product"}],"replies":[{"embeddable":true,"href":"https:\/\/egytourpackages.com\/de\/wp-json\/wp\/v2\/comments?post=3854"}],"wp:featuredmedia":[{"embeddable":true,"href":"https:\/\/egytourpackages.com\/de\/wp-json\/wp\/v2\/media\/3809"}],"wp:attachment":[{"href":"https:\/\/egytourpackages.com\/de\/wp-json\/wp\/v2\/media?parent=3854"}],"wp:term":[{"taxonomy":"product_brand","embeddable":true,"href":"https:\/\/egytourpackages.com\/de\/wp-json\/wp\/v2\/product_brand?post=3854"},{"taxonomy":"product_cat","embeddable":true,"href":"https:\/\/egytourpackages.com\/de\/wp-json\/wp\/v2\/product_cat?post=3854"},{"taxonomy":"product_tag","embeddable":true,"href":"https:\/\/egytourpackages.com\/de\/wp-json\/wp\/v2\/product_tag?post=3854"}],"curies":[{"name":"wp","href":"https:\/\/api.w.org\/{rel}","templated":true}]}}