{"id":3858,"date":"2025-05-26T19:57:11","date_gmt":"2025-05-26T19:57:11","guid":{"rendered":"https:\/\/egytourpackages.com\/product\/bianca-island-all-inclusive-schnorchelausflug\/"},"modified":"2026-01-28T02:46:04","modified_gmt":"2026-01-28T02:46:04","slug":"bianca-island-all-inclusive-schnorchelausflug","status":"publish","type":"product","link":"https:\/\/egytourpackages.com\/de\/touren\/bianca-island-all-inclusive-schnorchelausflug\/","title":{"rendered":"Bianca Island All Inclusive Schnorchelausflug"},"content":{"rendered":"<p><strong><span style=\"color: #ff6600;\">Bianca Island All Inclusive Schnorchelausflug <\/span><\/strong><\/p>\n<p>| Eintrittsgeb\u00fchren &amp; Nationalpark | Halb-U-Boot | Schnorchelausr\u00fcstung | Zahlung am Ausflugstag | Kostenlose Stornierung vorher | Buchung \u00fcber WhatsApp | Keine versteckten Geb\u00fchren | Privater Reisef\u00fchrer | Mittagessen mit Meeresfr\u00fcchten |<a href=\"https:\/\/egytourpackages.com\/de\/Reisekategorie\/hurghada-ausfluge\/\"> Ausfl\u00fcge nach Hurghada<\/a> |<\/p>\n<p>Buchen Sie Ihren All-Inclusive-Schnorchelausflug in Bianca Island und erleben Sie wei\u00dfen Sandstrand und t\u00fcrkisblaues klares Wasser. In der Tat ist die 1,5 km2 gro\u00dfe erstaunliche Insel ein idealer Ort f\u00fcr Entspannung und Unterwassererkundung. Ein ganzt\u00e4giger Schnorchelausflug nach Bianca Island oder Utopia Island von Safaga ist ein wahres Vergn\u00fcgen.<\/p>\n<p>Wenn Sie also nach unterhaltsamen Strandaktivit\u00e4ten f\u00fcr die ganze Familie suchen, ist dieser Ausflug genau das Richtige f\u00fcr Sie. Beobachten Sie Meerestiere wie Fische, Seesterne, Schildkr\u00f6ten und Schnecken \u2013 ein einzigartiges und unvergessliches Familienerlebnis. Das All-Inclusive-Angebot auf Bianca Island dreht sich nicht nur um die Familie, sondern auch um Aktivit\u00e4ten mit Freunden und den perfekten Strandurlaub f\u00fcr Paare. Egy-Reisepakete bieten diesen Schnorchelausflug f\u00fcr Senioren, Senioren mit Behinderung oder Senioren im Rollstuhl an. Wenn Sie also nach Aktivit\u00e4ten f\u00fcr Ihren Geburtstag mit Freunden suchen, z\u00f6gern Sie nicht und buchen Sie diesen Ausflug. Wenn Sie eine Ganzk\u00f6rpermassage direkt am Strand genie\u00dfen m\u00f6chten, k\u00f6nnen Sie diese bei uns im Voraus buchen.<\/p>\n<p>Sie k\u00f6nnen auch 4 Stunden auf Bianca Island verbringen, mit einem Guide schnorcheln oder die Korallen im Halb-U-Boot beobachten, ohne nass zu werden.<\/p>\n<h3><span style=\"color: #ff6600;\">Tour Details<\/span><\/h3>\n<ul>\n<li>Dauer: 8 Stunden<\/li>\n<li>Art der Tour: Gruppe<\/li>\n<li>Verf\u00fcgbarkeit: Jeden Tag<\/li>\n<li>Sprachen: Deutsch, Englisch<\/li>\n<li>Zeitplan: Online buchen<\/li>\n<li>Abholung und R\u00fcckgabe: Hotels in Hurghada<\/li>\n<li>F\u00fcr Rollstuhlfahrer zug\u00e4nglich.<\/li>\n<\/ul>\n<h3><span style=\"color: #ff6600;\">Highlights<\/span><\/h3>\n<ul>\n<li>Schnorcheln Spot.<\/li>\n<li>Bianca Island Beach.<\/li>\n<\/ul>\n<h3><span style=\"color: #ff6600;\">Einschl\u00fcsse<\/span><\/h3>\n<ul>\n<li>Hotel Abholung und R\u00fcckgabe<\/li>\n<li>Alle Steuern und Dienstleistungen<\/li>\n<li>Schnorchelausr\u00fcstung<\/li>\n<li>4 Stunden am Bianca Island Beach<\/li>\n<li>Schnorchelf\u00fchrer<\/li>\n<li>Hard- und alkoholfreie Getr\u00e4nke<\/li>\n<\/ul>\n<h3><span style=\"color: #ff6600;\">Ausschl\u00fcsse<\/span><\/h3>\n<p>Kippen<\/p>\n<h3><span style=\"color: #ff6600;\">All-inclusive-Schnorchelausflug zur Insel Bianca Preis<\/span><\/h3>\n<p>Erwachsenenpreis: 65 \u20ac<\/p>\n<p>Kinder von 0\u20135 Jahren: kostenlos<\/p>\n<p>Kinder von 5\u201311 Jahren: 50 % des Erwachsenenpreises<\/p>\n<h3><span style=\"color: #ff6600;\">Buchung<\/span><\/h3>\n<p>Buchen Sie Ihre Tour bequem per WhatsApp oder E-Mail. Sie erhalten die Best\u00e4tigung direkt vor Ort.<\/p>\n<p>Bitte teilen Sie uns Ihren Hotelnamen, Ihre Zimmernummer und Passkopien mit.<\/p>\n<p>WhatsApp: +201000852186<\/p>\n<p>info@egytourpackages.com<\/p>\n<h3><span style=\"color: #ff6600;\">Jetzt buchen &amp; vor Ort bezahlen<\/span><\/h3>\n<p>Buchen Sie Ihre Lieblingstour und bezahlen Sie am Reisetag.<\/p>\n<h3><span style=\"color: #ff6600;\">Zahlung<\/span><\/h3>\n<p>Sie k\u00f6nnen in \u00e4gyptischen Pfund, $, \u20ac oder \u00a3 bezahlen.<\/p>\n<h3><span style=\"color: #ff6600;\">Stornierungsbedingungen<\/span><\/h3>\n<ul>\n<li>Stornierung bis 24 Stunden vor Reisebeginn kostenlos.<\/li>\n<li>Bei Stornierung am Morgen fallen 50 % des Reisepreises an.<\/li>\n<\/ul>\n","protected":false},"excerpt":{"rendered":"<p>All-Inclusive-Schnorchelausflug zur Insel Bianca | Genie\u00dfen Sie einen fantastischen Tag am wei\u00dfen Sandstrand und im kristallklaren Wasser der Insel Bianca in Safaga.<\/p>\n","protected":false},"featured_media":3692,"comment_status":"open","ping_status":"closed","template":"","meta":[],"product_brand":[],"product_cat":[1494],"product_tag":[1495,1503],"class_list":{"0":"post-3858","1":"product","2":"type-product","3":"status-publish","4":"has-post-thumbnail","6":"product_cat-touren","7":"product_tag-agypten-tagestouren","8":"product_tag-hurghada-ausfluge","9":"tour_category-agypten-tagestouren","10":"tour_category-hurghada-ausfluge","11":"tour_category-hurghada-schnorchelausfluge","13":"first","14":"instock","15":"sale","16":"shipping-taxable","17":"purchasable","18":"product-type-tour","19":"has-default-attributes"},"yoast_head":"<!-- This site is optimized with the Yoast SEO Premium plugin v27.2 (Yoast SEO v27.2) - https:\/\/yoast.com\/product\/yoast-seo-premium-wordpress\/ -->\n<title>All-Inclusive-Schnorchelausflug zur Insel Bianca<\/title>\n<meta name=\"description\" content=\"All-Inclusive-Schnorchelausflug zur Insel Bianca | Genie\u00dfen Sie einen fantastischen Tag am wei\u00dfen Sandstrand und im kristallklaren Wasser der Insel Bianca.\" \/>\n<meta name=\"robots\" content=\"index, follow, max-snippet:-1, max-image-preview:large, max-video-preview:-1\" \/>\n<link rel=\"canonical\" href=\"https:\/\/egytourpackages.com\/de\/touren\/bianca-island-all-inclusive-schnorchelausflug\/\" \/>\n<meta property=\"og:locale\" content=\"de_DE\" \/>\n<meta property=\"og:type\" content=\"article\" \/>\n<meta property=\"og:title\" content=\"All-Inclusive-Schnorchelausflug zur Insel Bianca\" \/>\n<meta property=\"og:description\" content=\"All-Inclusive-Schnorchelausflug zur Insel Bianca\" \/>\n<meta property=\"og:url\" content=\"https:\/\/egytourpackages.com\/de\/touren\/bianca-island-all-inclusive-schnorchelausflug\/\" \/>\n<meta property=\"og:site_name\" content=\"\u00c4gypten-Reisepakete\" \/>\n<meta property=\"article:publisher\" content=\"https:\/\/www.facebook.com\/egytourpackages\" \/>\n<meta property=\"article:modified_time\" content=\"2026-01-28T02:46:04+00:00\" \/>\n<meta property=\"og:image\" content=\"https:\/\/egytourpackages.com\/wp-content\/uploads\/2025\/05\/Bianca-Island-Utopia-1024x619.jpg\" \/>\n<meta name=\"twitter:card\" content=\"summary_large_image\" \/>\n<meta name=\"twitter:title\" content=\"Bianca Island All Inclusive Schnorchelausflug\" \/>\n<meta name=\"twitter:label1\" content=\"Preis\" \/>\n\t<meta name=\"twitter:data1\" content=\"&euro;0\" \/>\n\t<meta name=\"twitter:label2\" content=\"Verf\u00fcgbarkeit\" \/>\n\t<meta name=\"twitter:data2\" content=\"Auf Lager\" \/>\n<script type=\"application\/ld+json\" class=\"yoast-schema-graph\">{\"@context\":\"https:\/\/schema.org\",\"@graph\":[{\"@type\":\"WebPage\",\"@id\":\"https:\/\/egytourpackages.com\/de\/touren\/bianca-island-all-inclusive-schnorchelausflug\/\",\"url\":\"https:\/\/egytourpackages.com\/de\/touren\/bianca-island-all-inclusive-schnorchelausflug\/\",\"name\":\"All-Inclusive-Schnorchelausflug zur Insel Bianca\",\"isPartOf\":{\"@id\":\"https:\/\/egytourpackages.com\/de\/#website\"},\"primaryImageOfPage\":{\"@id\":\"https:\/\/egytourpackages.com\/de\/touren\/bianca-island-all-inclusive-schnorchelausflug\/#primaryimage\"},\"image\":{\"@id\":\"https:\/\/egytourpackages.com\/de\/touren\/bianca-island-all-inclusive-schnorchelausflug\/#primaryimage\"},\"thumbnailUrl\":\"https:\/\/egytourpackages.com\/wp-content\/uploads\/2025\/05\/Biance-Island.jpg\",\"datePublished\":\"2025-05-26T19:57:11+00:00\",\"dateModified\":\"2026-01-28T02:46:04+00:00\",\"description\":\"All-Inclusive-Schnorchelausflug zur Insel Bianca | Genie\u00dfen Sie einen fantastischen Tag am wei\u00dfen Sandstrand und im kristallklaren Wasser der Insel Bianca.\",\"breadcrumb\":{\"@id\":\"https:\/\/egytourpackages.com\/de\/touren\/bianca-island-all-inclusive-schnorchelausflug\/#breadcrumb\"},\"inLanguage\":\"de\",\"potentialAction\":[{\"@type\":\"ReadAction\",\"target\":[\"https:\/\/egytourpackages.com\/de\/touren\/bianca-island-all-inclusive-schnorchelausflug\/\"]}]},{\"@type\":\"ImageObject\",\"inLanguage\":\"de\",\"@id\":\"https:\/\/egytourpackages.com\/de\/touren\/bianca-island-all-inclusive-schnorchelausflug\/#primaryimage\",\"url\":\"https:\/\/egytourpackages.com\/wp-content\/uploads\/2025\/05\/Biance-Island.jpg\",\"contentUrl\":\"https:\/\/egytourpackages.com\/wp-content\/uploads\/2025\/05\/Biance-Island.jpg\",\"width\":1500,\"height\":898,\"caption\":\"Bianca Island All Inclusive Schnorchelausflug\"},{\"@type\":\"BreadcrumbList\",\"@id\":\"https:\/\/egytourpackages.com\/de\/touren\/bianca-island-all-inclusive-schnorchelausflug\/#breadcrumb\",\"itemListElement\":[{\"@type\":\"ListItem\",\"position\":1,\"name\":\"Startseite\",\"item\":\"https:\/\/egytourpackages.com\/de\/\"},{\"@type\":\"ListItem\",\"position\":2,\"name\":\"Shop\",\"item\":\"https:\/\/egytourpackages.com\/de\/shop\/\"},{\"@type\":\"ListItem\",\"position\":3,\"name\":\"Bianca Island All Inclusive Schnorchelausflug\"}]},{\"@type\":\"WebSite\",\"@id\":\"https:\/\/egytourpackages.com\/de\/#website\",\"url\":\"https:\/\/egytourpackages.com\/de\/\",\"name\":\"Egy tour packages\",\"description\":\"\",\"publisher\":{\"@id\":\"https:\/\/egytourpackages.com\/de\/#organization\"},\"potentialAction\":[{\"@type\":\"SearchAction\",\"target\":{\"@type\":\"EntryPoint\",\"urlTemplate\":\"https:\/\/egytourpackages.com\/de\/?s={search_term_string}\"},\"query-input\":{\"@type\":\"PropertyValueSpecification\",\"valueRequired\":true,\"valueName\":\"search_term_string\"}}],\"inLanguage\":\"de\"},{\"@type\":[\"Organization\",\"Place\",\"TravelAgency\"],\"@id\":\"https:\/\/egytourpackages.com\/de\/#organization\",\"name\":\"egypt tour packages\",\"alternateName\":\"egypt tour packages\",\"url\":\"https:\/\/egytourpackages.com\/de\/\",\"logo\":{\"@id\":\"https:\/\/egytourpackages.com\/de\/touren\/bianca-island-all-inclusive-schnorchelausflug\/#local-main-organization-logo\"},\"image\":{\"@id\":\"https:\/\/egytourpackages.com\/de\/touren\/bianca-island-all-inclusive-schnorchelausflug\/#local-main-organization-logo\"},\"sameAs\":[\"https:\/\/www.facebook.com\/egytourpackages\"],\"legalName\":\"Egy tour packages\",\"address\":{\"@id\":\"https:\/\/egytourpackages.com\/de\/touren\/bianca-island-all-inclusive-schnorchelausflug\/#local-main-place-address\"},\"telephone\":[\"00201000852186\",\"00201028685533\"],\"contactPoint\":{\"@type\":\"ContactPoint\",\"telephone\":\"00201000852186\"},\"openingHoursSpecification\":[{\"@type\":\"OpeningHoursSpecification\",\"dayOfWeek\":[\"Monday\",\"Tuesday\",\"Wednesday\",\"Thursday\",\"Friday\",\"Saturday\",\"Sunday\"],\"opens\":\"00:00\",\"closes\":\"23:59\"}],\"email\":\"info@egytourpackages.com\",\"areaServed\":\"Cairo, Hurghada, Luxor, Sharm El Sheikh, Marsa Alam, Aswan\",\"priceRange\":\"$\",\"currenciesAccepted\":\"euro\",\"paymentAccepted\":\"Payment links online\"},{\"@type\":\"PostalAddress\",\"@id\":\"https:\/\/egytourpackages.com\/de\/touren\/bianca-island-all-inclusive-schnorchelausflug\/#local-main-place-address\",\"streetAddress\":\"Mubarak 8, Al Kawthar District, Hurghada\",\"addressLocality\":\"Hurghada\",\"postalCode\":\"84511\",\"addressRegion\":\"Red Sea\",\"addressCountry\":\"EG\"},{\"@type\":\"ImageObject\",\"inLanguage\":\"de\",\"@id\":\"https:\/\/egytourpackages.com\/de\/touren\/bianca-island-all-inclusive-schnorchelausflug\/#local-main-organization-logo\",\"url\":\"https:\/\/egytourpackages.com\/wp-content\/uploads\/2025\/12\/Turquoise-Dahabiya-Nile-Cruise-1.jpeg\",\"contentUrl\":\"https:\/\/egytourpackages.com\/wp-content\/uploads\/2025\/12\/Turquoise-Dahabiya-Nile-Cruise-1.jpeg\",\"width\":1040,\"height\":694,\"caption\":\"egypt tour packages\"}]}<\/script>\n<meta property=\"product:brand\" content=\"\u00c4gypten Tagestouren\" \/>\n<meta property=\"product:price:amount\" content=\"0\" \/>\n<meta property=\"product:price:currency\" content=\"EUR\" \/>\n<meta property=\"og:availability\" content=\"instock\" \/>\n<meta property=\"product:availability\" content=\"instock\" \/>\n<meta property=\"product:retailer_item_id\" content=\"HDT15\" \/>\n<meta property=\"product:condition\" content=\"new\" \/>\n<meta name=\"geo.placename\" content=\"Hurghada\" \/>\n<meta name=\"geo.region\" content=\"\u00c4gypten\" \/>\n<!-- \/ Yoast SEO Premium plugin. -->","yoast_head_json":{"title":"All-Inclusive-Schnorchelausflug zur Insel Bianca","description":"All-Inclusive-Schnorchelausflug zur Insel Bianca | Genie\u00dfen Sie einen fantastischen Tag am wei\u00dfen Sandstrand und im kristallklaren Wasser der Insel Bianca.","robots":{"index":"index","follow":"follow","max-snippet":"max-snippet:-1","max-image-preview":"max-image-preview:large","max-video-preview":"max-video-preview:-1"},"canonical":"https:\/\/egytourpackages.com\/de\/touren\/bianca-island-all-inclusive-schnorchelausflug\/","og_locale":"de_DE","og_type":"article","og_title":"All-Inclusive-Schnorchelausflug zur Insel Bianca","og_description":"All-Inclusive-Schnorchelausflug zur Insel Bianca","og_url":"https:\/\/egytourpackages.com\/de\/touren\/bianca-island-all-inclusive-schnorchelausflug\/","og_site_name":"\u00c4gypten-Reisepakete","article_publisher":"https:\/\/www.facebook.com\/egytourpackages","article_modified_time":"2026-01-28T02:46:04+00:00","og_image":[{"url":"https:\/\/egytourpackages.com\/wp-content\/uploads\/2025\/05\/Bianca-Island-Utopia-1024x619.jpg","type":"","width":"","height":""}],"twitter_card":"summary_large_image","twitter_title":"Bianca Island All Inclusive Schnorchelausflug","twitter_misc":{"Preis":"&euro;0","Verf\u00fcgbarkeit":"Auf Lager"},"schema":{"@context":"https:\/\/schema.org","@graph":[{"@type":"WebPage","@id":"https:\/\/egytourpackages.com\/de\/touren\/bianca-island-all-inclusive-schnorchelausflug\/","url":"https:\/\/egytourpackages.com\/de\/touren\/bianca-island-all-inclusive-schnorchelausflug\/","name":"All-Inclusive-Schnorchelausflug zur Insel Bianca","isPartOf":{"@id":"https:\/\/egytourpackages.com\/de\/#website"},"primaryImageOfPage":{"@id":"https:\/\/egytourpackages.com\/de\/touren\/bianca-island-all-inclusive-schnorchelausflug\/#primaryimage"},"image":{"@id":"https:\/\/egytourpackages.com\/de\/touren\/bianca-island-all-inclusive-schnorchelausflug\/#primaryimage"},"thumbnailUrl":"https:\/\/egytourpackages.com\/wp-content\/uploads\/2025\/05\/Biance-Island.jpg","datePublished":"2025-05-26T19:57:11+00:00","dateModified":"2026-01-28T02:46:04+00:00","description":"All-Inclusive-Schnorchelausflug zur Insel Bianca | Genie\u00dfen Sie einen fantastischen Tag am wei\u00dfen Sandstrand und im kristallklaren Wasser der Insel Bianca.","breadcrumb":{"@id":"https:\/\/egytourpackages.com\/de\/touren\/bianca-island-all-inclusive-schnorchelausflug\/#breadcrumb"},"inLanguage":"de","potentialAction":[{"@type":"ReadAction","target":["https:\/\/egytourpackages.com\/de\/touren\/bianca-island-all-inclusive-schnorchelausflug\/"]}]},{"@type":"ImageObject","inLanguage":"de","@id":"https:\/\/egytourpackages.com\/de\/touren\/bianca-island-all-inclusive-schnorchelausflug\/#primaryimage","url":"https:\/\/egytourpackages.com\/wp-content\/uploads\/2025\/05\/Biance-Island.jpg","contentUrl":"https:\/\/egytourpackages.com\/wp-content\/uploads\/2025\/05\/Biance-Island.jpg","width":1500,"height":898,"caption":"Bianca Island All Inclusive Schnorchelausflug"},{"@type":"BreadcrumbList","@id":"https:\/\/egytourpackages.com\/de\/touren\/bianca-island-all-inclusive-schnorchelausflug\/#breadcrumb","itemListElement":[{"@type":"ListItem","position":1,"name":"Startseite","item":"https:\/\/egytourpackages.com\/de\/"},{"@type":"ListItem","position":2,"name":"Shop","item":"https:\/\/egytourpackages.com\/de\/shop\/"},{"@type":"ListItem","position":3,"name":"Bianca Island All Inclusive Schnorchelausflug"}]},{"@type":"WebSite","@id":"https:\/\/egytourpackages.com\/de\/#website","url":"https:\/\/egytourpackages.com\/de\/","name":"Egy tour packages","description":"","publisher":{"@id":"https:\/\/egytourpackages.com\/de\/#organization"},"potentialAction":[{"@type":"SearchAction","target":{"@type":"EntryPoint","urlTemplate":"https:\/\/egytourpackages.com\/de\/?s={search_term_string}"},"query-input":{"@type":"PropertyValueSpecification","valueRequired":true,"valueName":"search_term_string"}}],"inLanguage":"de"},{"@type":["Organization","Place","TravelAgency"],"@id":"https:\/\/egytourpackages.com\/de\/#organization","name":"egypt tour packages","alternateName":"egypt tour packages","url":"https:\/\/egytourpackages.com\/de\/","logo":{"@id":"https:\/\/egytourpackages.com\/de\/touren\/bianca-island-all-inclusive-schnorchelausflug\/#local-main-organization-logo"},"image":{"@id":"https:\/\/egytourpackages.com\/de\/touren\/bianca-island-all-inclusive-schnorchelausflug\/#local-main-organization-logo"},"sameAs":["https:\/\/www.facebook.com\/egytourpackages"],"legalName":"Egy tour packages","address":{"@id":"https:\/\/egytourpackages.com\/de\/touren\/bianca-island-all-inclusive-schnorchelausflug\/#local-main-place-address"},"telephone":["00201000852186","00201028685533"],"contactPoint":{"@type":"ContactPoint","telephone":"00201000852186"},"openingHoursSpecification":[{"@type":"OpeningHoursSpecification","dayOfWeek":["Monday","Tuesday","Wednesday","Thursday","Friday","Saturday","Sunday"],"opens":"00:00","closes":"23:59"}],"email":"info@egytourpackages.com","areaServed":"Cairo, Hurghada, Luxor, Sharm El Sheikh, Marsa Alam, Aswan","priceRange":"$","currenciesAccepted":"euro","paymentAccepted":"Payment links online"},{"@type":"PostalAddress","@id":"https:\/\/egytourpackages.com\/de\/touren\/bianca-island-all-inclusive-schnorchelausflug\/#local-main-place-address","streetAddress":"Mubarak 8, Al Kawthar District, Hurghada","addressLocality":"Hurghada","postalCode":"84511","addressRegion":"Red Sea","addressCountry":"EG"},{"@type":"ImageObject","inLanguage":"de","@id":"https:\/\/egytourpackages.com\/de\/touren\/bianca-island-all-inclusive-schnorchelausflug\/#local-main-organization-logo","url":"https:\/\/egytourpackages.com\/wp-content\/uploads\/2025\/12\/Turquoise-Dahabiya-Nile-Cruise-1.jpeg","contentUrl":"https:\/\/egytourpackages.com\/wp-content\/uploads\/2025\/12\/Turquoise-Dahabiya-Nile-Cruise-1.jpeg","width":1040,"height":694,"caption":"egypt tour packages"}]},"product_brand":"\u00c4gypten Tagestouren","product_price_currency":"EUR","og_availability":"instock","product_availability":"instock","product_retailer_item_id":"HDT15","product_condition":"new","geo.placename":"Hurghada","geo.region":"\u00c4gypten"},"_links":{"self":[{"href":"https:\/\/egytourpackages.com\/de\/wp-json\/wp\/v2\/product\/3858","targetHints":{"allow":["GET"]}}],"collection":[{"href":"https:\/\/egytourpackages.com\/de\/wp-json\/wp\/v2\/product"}],"about":[{"href":"https:\/\/egytourpackages.com\/de\/wp-json\/wp\/v2\/types\/product"}],"replies":[{"embeddable":true,"href":"https:\/\/egytourpackages.com\/de\/wp-json\/wp\/v2\/comments?post=3858"}],"wp:featuredmedia":[{"embeddable":true,"href":"https:\/\/egytourpackages.com\/de\/wp-json\/wp\/v2\/media\/3692"}],"wp:attachment":[{"href":"https:\/\/egytourpackages.com\/de\/wp-json\/wp\/v2\/media?parent=3858"}],"wp:term":[{"taxonomy":"product_brand","embeddable":true,"href":"https:\/\/egytourpackages.com\/de\/wp-json\/wp\/v2\/product_brand?post=3858"},{"taxonomy":"product_cat","embeddable":true,"href":"https:\/\/egytourpackages.com\/de\/wp-json\/wp\/v2\/product_cat?post=3858"},{"taxonomy":"product_tag","embeddable":true,"href":"https:\/\/egytourpackages.com\/de\/wp-json\/wp\/v2\/product_tag?post=3858"}],"curies":[{"name":"wp","href":"https:\/\/api.w.org\/{rel}","templated":true}]}}