{"id":3859,"date":"2025-05-22T12:48:18","date_gmt":"2025-05-22T12:48:18","guid":{"rendered":"https:\/\/egytourpackages.com\/product\/aegyptisches-museum-ab-soma-bay-mit-dem-flugzeug\/"},"modified":"2026-01-04T18:52:27","modified_gmt":"2026-01-04T18:52:27","slug":"grosses-aegyptisches-museum-von-soma-bay-mit-dem-flugzeug","status":"publish","type":"product","link":"https:\/\/egytourpackages.com\/de\/touren\/grosses-aegyptisches-museum-von-soma-bay-mit-dem-flugzeug\/","title":{"rendered":"Gro\u00dfes \u00c4gyptisches Museum von Soma Bay mit dem Flugzeug"},"content":{"rendered":"<p><span style=\"color: #ff6600;\"><strong>Gro\u00dfes \u00c4gyptisches Museum von Soma Bay mit dem Flugzeug<\/strong><\/span><\/p>\n<p>Privater Kairo-Tagesausflug von Soma Bay | Bestes Gro\u00dfes \u00c4gyptisches Museum von Soma Bay | <a href=\"https:\/\/egytourpackages.com\/de\/Reisekategorie\/soma-bay-ausfluge\/\">Soma Bay Ausfl\u00fcge<\/a> | Kairo Sehensw\u00fcrdigkeiten wie Pyramiden von Gizeh, Die Gro\u00dfe Sphinx, Tutanchamun Sch\u00e4tze, H\u00e4ngender Obelisk, Khan El Khalili<\/p>\n<h3>\u00dcbersicht<\/h3>\n<p><strong>Gro\u00dfes \u00c4gyptisches Museum von Soma Bay mit dem Flugzeug<\/strong> ist eine eint\u00e4gige Tour, die ein erstaunliches Erlebnis durch \u00c4gyptens <strong>alte Geschichte<\/strong>, <strong>ikonische Wahrzeichen<\/strong> und <strong>lebendige Kultur<\/strong> bietet. <strong>\u00c4gypten Reisepakete<\/strong> bieten drei der bedeutendsten <strong>Sehensw\u00fcrdigkeiten \u00c4gyptens<\/strong>: das <strong>Gro\u00dfe \u00c4gyptische Museum<\/strong>, die <strong>Pyramiden von Gizeh<\/strong> und den <strong>Khan El Khalili Basar<\/strong> auf <strong>\u00c4gypten Touren<\/strong>. Au\u00dferdem haben Sie die M\u00f6glichkeit, die <strong>Sch\u00e4tze Tutanchamuns<\/strong> zum ersten Mal an einem Ort und das <strong>Sonnenboot<\/strong> im <strong>Gro\u00dfen \u00c4gyptischen Museum<\/strong> zu bestaunen.<\/p>\n<h3>Tour-Details<\/h3>\n<p>Dauer: 18 Stunden Tourort: <strong>Gizeh<\/strong> \u2013 <strong>Kairo<\/strong> Verf\u00fcgbarkeit der Tour: T\u00e4glich Abholung &amp; R\u00fccktransfer: Ihr Hotel in <strong>Soma Bay<\/strong> Tourtyp: Privat Geeignet f\u00fcr: Paare, Familien, Senioren Rollstuhl: Zug\u00e4nglich<\/p>\n<h3>Tour Highlights<\/h3>\n<ul>\n<li>Gro\u00dfes \u00c4gyptisches Museum<\/li>\n<li>Pyramiden von Gizeh<\/li>\n<li>Die Gro\u00dfe Sphinx<\/li>\n<li>Taltempel<\/li>\n<li>Khan El Khalili Basar<\/li>\n<\/ul>\n<h3>Inklusivleistungen<\/h3>\n<ul>\n<li>Flugtickets von <strong>Hurghada<\/strong> nach <strong>Kairo<\/strong><\/li>\n<li>Flugtickets von <strong>Kairo<\/strong> nach <strong>Hurghada<\/strong><\/li>\n<li>Hin- und R\u00fccktransfer mit klimatisiertem Fahrzeug<\/li>\n<li>Eintrittsgeb\u00fchren f\u00fcr alle <strong>Sehensw\u00fcrdigkeiten<\/strong> im Kairo-Programm<\/li>\n<li>\u00c4gyptologen-Reisef\u00fchrer<\/li>\n<li>Mittagessen<\/li>\n<li>Wasser w\u00e4hrend der Tour<\/li>\n<\/ul>\n<h3>Exklusivleistungen<\/h3>\n<ul>\n<li>Getr\u00e4nke w\u00e4hrend des Mittagessens<\/li>\n<li>Eintrittsgeb\u00fchr f\u00fcr die <strong>Cheops-Pyramide<\/strong> 40 \u2217Eintrittsgebu\u00a8hrfu\u00a8rdie\u2217\u2217Khafre\u2212Pyramide\u2217\u22177,5<\/li>\n<li>Trinkgeld<\/li>\n<\/ul>\n<h3>Was einzupacken ist<\/h3>\n<ul>\n<li>Bequeme Schuhe und Kleidung, besonders im Sommer<\/li>\n<li>Warme Kleidung im Winter<\/li>\n<li>Sonnenbrille, Hut oder Schal<\/li>\n<li>Sonnencreme im Sommer<\/li>\n<\/ul>\n<h2>Reiseplan<\/h2>\n<p>Fr\u00fche Abfahrt zum Flughafen <strong>Hurghada<\/strong> f\u00fcr den Flug nach <strong>Kairo<\/strong>. Bei Ihrer Ankunft erwartet Sie Ihr Reiseleiter vor der Ankunftshalle am Flughafen <strong>Kairo<\/strong>, um die <strong>\u00c4gypten Sehensw\u00fcrdigkeiten<\/strong> zu erkunden.<\/p>\n<h3>Gro\u00dfes \u00c4gyptisches Museum<\/h3>\n<p>Diese Tour ist haupts\u00e4chlich darauf ausgelegt, so viel Zeit wie m\u00f6glich im <strong>Gro\u00dfen \u00c4gyptischen Museum<\/strong> zu verbringen. Die <strong>Pyramiden-Tour<\/strong> dauert etwa zwei Stunden, der Rest der Zeit ist f\u00fcr das <strong>Gro\u00dfe \u00c4gyptische Museum<\/strong> einschlie\u00dflich Mittagessen vorgesehen.<\/p>\n<p>Die Tour beginnt noch bevor Sie das <strong>GEM<\/strong> betreten, da Sie dem ersten und einzigen <strong>H\u00e4ngenden Obelisken<\/strong> der Welt gegen\u00fcberstehen werden. Dar\u00fcber hinaus ist die Kartusche mit dem Namen von K\u00f6nig <strong>Ramses II.<\/strong> am Sockel des <strong>Obelisken<\/strong> zu sehen.<\/p>\n<p>Am Eingang des <strong>GEM Museums<\/strong> sehen Sie die <strong>Kartuschen<\/strong> der <strong>Pyramidenbauer<\/strong> wie <strong>Cheops<\/strong>, <strong>Khafre<\/strong> und <strong>Menkaure<\/strong>. Auch <strong>Snefru<\/strong> und <strong>Pharaonen<\/strong> aus dem <strong>Neuen Reich<\/strong>.<\/p>\n<p>Sobald Sie das Museum betreten, wird Sie der <strong>Gro\u00dfe Ramses<\/strong> willkommen hei\u00dfen, und dann beginnen Sie mit der <strong>Gro\u00dfen Treppe<\/strong>, wo Sie die Bedeutung ihres Designs entdecken werden. Beginnen Sie mit dem K\u00f6nigtum mit einigen riesigen Statuen der ber\u00fchmten K\u00f6nige aus dem <strong>Alten<\/strong>, <strong>Mittleren<\/strong> und <strong>Neuen Reich<\/strong>. Dann entdecken Sie die Mission des K\u00f6nigs im Leben, vom Bau von Tempeln f\u00fcr die G\u00f6tter, der Verehrung der G\u00f6tter, die ihm helfen, die Harmonie zu bewahren und das Land zu sch\u00fctzen. Danach, nach seinem Tod, wird er mumifiziert und dann in einem Sarkophag beigesetzt, bevor er in die Pyramide gelegt wird. Von dort wird seine Seele die Reise zum Himmel fortsetzen, um mit den guten Seelen auf der Nordseite zu sein.<\/p>\n<h3>Mittagessen im GEM<\/h3>\n<p>Genie\u00dfen Sie ein hochwertiges Mittagessen im Zooba Restaurant im <strong>Gro\u00dfen \u00c4gyptischen Museum<\/strong>.<\/p>\n<h3>GEM Galerien<\/h3>\n<p>Nach dem Mittagessen beenden Sie Ihre Tour mit Ihrem Reiseleiter, um den Rest des Museums zu bestaunen. Tats\u00e4chlich behandeln die Galerien drei verschiedene Themen von der pr\u00e4historischen \u00c4ra bis zur griechisch-r\u00f6mischen \u00c4ra. Lernen und erkunden Sie auf sehr sch\u00f6ne Weise das <strong>alte K\u00f6nigtum<\/strong>, die <strong>Gesellschaft<\/strong> und die <strong>Religion<\/strong>.<\/p>\n<p>Am Ende Ihrer Tour fahren Sie zum n\u00e4chsten Halt:<\/p>\n<h3>Gizeh Pyramidenkomplex<\/h3>\n<p>Jetzt ist es Zeit, die einzigen Wunder zu bestaunen, die noch auf dem <strong>Gizeh-Plateau<\/strong> existieren, und gem\u00e4\u00df dem neuen System nehmen Sie den Shuttlebus vom neuen Eingang, um den Besuch wie folgt durchzuf\u00fchren:<\/p>\n<h4>Cheops-Pyramide<\/h4>\n<p>Die <strong>Gro\u00dfe Pyramide von Cheops<\/strong> ist die \u00e4lteste und gr\u00f6\u00dfte in der Gegend und besteht aus etwa 2,3 Millionen Bl\u00f6cken zwischen drei und f\u00fcnfzehn Tonnen. Neben dem historischen Teil werden wir versuchen, die Neuerungen und die <strong>neuen Entdeckungen<\/strong> in der Gegend zu erkl\u00e4ren. Au\u00dferdem geben wir Ihnen eine Vorstellung von der <strong>Heilkraft der Pyramiden<\/strong> und wie sie so konzipiert wurden, dass sie Sie in die <strong>Theta-Gehirnwelle<\/strong> versetzen, die bei einer Frequenz von 4-8 Hz auftritt und mit <strong>tiefer Entspannung<\/strong>, <strong>Kreativit\u00e4t<\/strong> und <strong>Intuition<\/strong> verbunden ist.<\/p>\n<p>Sp\u00e4ter k\u00f6nnen Sie eine der kleinen Pyramiden kostenlos betreten, bevor Sie zwischen den <strong>Gr\u00e4bern der Pyramidenbauer<\/strong> hindurchgehen.<\/p>\n<h4>Die Gro\u00dfe Sphinx<\/h4>\n<p>Danach besuchen Sie den <strong>Mumifizierungstempel<\/strong> neben der <strong>Sphinx<\/strong> und der <strong>Gro\u00dfen Sphinx<\/strong>. Erfahren Sie, warum sie einen menschlichen Kopf und einen L\u00f6wenk\u00f6rper hat und die Beziehung zum verlorenen <strong>Atlantis<\/strong>.<\/p>\n<p>Zur\u00fcck zum Ausgangspunkt, um Ihr Auto zu nehmen und zum <strong>Khan el-Khalili Basar<\/strong> zu fahren.<\/p>\n<p>Es ist ein sehr ber\u00fchmter Basar im Herzen von <strong>Kairo<\/strong>, nahe der <strong>El Moez Stra\u00dfe<\/strong>, der \u00e4ltesten Stra\u00dfe der Welt seit 1080 n. Chr. ohne Ver\u00e4nderung. Es ist eine der <strong>besten Aktivit\u00e4ten in Kairo<\/strong> und eine erstaunliche <strong>Touristenattraktion<\/strong>, bevor Sie zum Flughafen <strong>Kairo<\/strong> zur\u00fcckkehren, um nach <strong>Hurghada<\/strong> zu fliegen. Schlie\u00dflich bringen wir Sie vom Flughafen <strong>Hurghada<\/strong> zu Ihrem Hotel in <strong>Soma Bay<\/strong>.<\/p>\n<p><strong>Mahlzeiten:<\/strong><\/p>\n<p>Fr\u00fchst\u00fcck, Mittagessen<\/p>\n<h3>Gro\u00dfes \u00c4gyptisches Museum von Soma Bay mit dem Flugzeug Preis<\/h3>\n<p>Gesamtpreis 300 $ pro Person<\/p>\n<h3>Buchung<\/h3>\n<p>Sie k\u00f6nnen Ihre Tour \u00fcber WhatsApp buchen oder uns eine E-Mail senden und erhalten sofort eine Best\u00e4tigung.<\/p>\n<p>Bitte senden Sie uns Ihren Hotelnamen, Zimmernummer, Reisepasskopien.<\/p>\n<p>WhatsApp +201000852186<\/p>\n<p>info@egytourpackages.com<\/p>\n<h3>Jetzt buchen &amp; vor Ort bezahlen<\/h3>\n<p>Buchen Sie Ihre Lieblingstour und bezahlen Sie am Tag der Reise.<\/p>\n<h3>Zahlung<\/h3>\n<p>Sie k\u00f6nnen in \u00c4gyptischen Pfund, $, \u20ac oder \u00a3 bezahlen.<\/p>\n<h3>Stornierungsbedingungen<\/h3>\n<p>Stornierung ist bis zu 24 Stunden im Voraus kostenlos. Stornierung am Morgen: 50% des Preises.<\/p>\n","protected":false},"excerpt":{"rendered":"<p>Grand Egyptian Museum von Soma Bay mit dem Flugzeug | Entdecken Sie die besten \u00c4gypten-Touren mit Grand Egyptian Museum, Giza Pyramids und gro\u00dfe Sphinx.<\/p>\n","protected":false},"featured_media":3615,"comment_status":"open","ping_status":"closed","template":"","meta":[],"product_brand":[],"product_cat":[1494],"product_tag":[1495,1505],"class_list":{"0":"post-3859","1":"product","2":"type-product","3":"status-publish","4":"has-post-thumbnail","6":"product_cat-touren","7":"product_tag-agypten-tagestouren","8":"product_tag-soma-bay-ausfluge","9":"tour_category-agypten-tagestouren","10":"tour_category-soma-bay-ausfluge","12":"first","13":"instock","14":"sale","15":"shipping-taxable","16":"purchasable","17":"product-type-tour","18":"has-default-attributes"},"yoast_head":"<!-- This site is optimized with the Yoast SEO Premium plugin v27.4 (Yoast SEO v27.4) - https:\/\/yoast.com\/product\/yoast-seo-premium-wordpress\/ -->\n<title>Gro\u00dfes \u00c4gyptisches Museum von Soma Bay mit dem Flugzeug<\/title>\n<meta name=\"description\" content=\"Gro\u00dfes \u00c4gyptisches Museum von Soma Bay mit dem Flugzeug | Discover the best Egypt tours including Grand Egyptian Museum, Giza Pyramids and Great Sphinx.\" \/>\n<meta name=\"robots\" content=\"index, follow, max-snippet:-1, max-image-preview:large, max-video-preview:-1\" \/>\n<link rel=\"canonical\" href=\"https:\/\/egytourpackages.com\/de\/touren\/grosses-aegyptisches-museum-von-soma-bay-mit-dem-flugzeug\/\" \/>\n<meta property=\"og:locale\" content=\"de_DE\" \/>\n<meta property=\"og:type\" content=\"article\" \/>\n<meta property=\"og:title\" content=\"\u00c4gyptisches Museum ab Soma Bay mit dem Flugzeug\" \/>\n<meta property=\"og:description\" content=\"Grand Egyptian Museum von Soma Bay mit dem Flugzeug | Entdecken Sie die besten \u00c4gypten-Touren mit Grand Egyptian Museum, Giza Pyramids und gro\u00dfe Sphinx.\" \/>\n<meta property=\"og:url\" content=\"https:\/\/egytourpackages.com\/de\/touren\/grosses-aegyptisches-museum-von-soma-bay-mit-dem-flugzeug\/\" \/>\n<meta property=\"og:site_name\" content=\"\u00c4gypten-Reisepakete\" \/>\n<meta property=\"article:publisher\" content=\"https:\/\/www.facebook.com\/egytourpackages\" \/>\n<meta property=\"article:modified_time\" content=\"2026-01-04T18:52:27+00:00\" \/>\n<meta property=\"og:image\" content=\"https:\/\/egytourpackages.com\/wp-content\/uploads\/2025\/05\/Wooden-sarcophagi-from-GEM.jpeg\" \/>\n\t<meta property=\"og:image:width\" content=\"2000\" \/>\n\t<meta property=\"og:image:height\" content=\"1099\" \/>\n\t<meta property=\"og:image:type\" content=\"image\/jpeg\" \/>\n<meta name=\"twitter:card\" content=\"summary_large_image\" \/>\n<meta name=\"twitter:title\" content=\"Gro\u00dfes \u00c4gyptisches Museum von Soma Bay mit dem Flugzeug\" \/>\n<meta name=\"twitter:label1\" content=\"Preis\" \/>\n\t<meta name=\"twitter:data1\" content=\"&euro;290\" \/>\n\t<meta name=\"twitter:label2\" content=\"Verf\u00fcgbarkeit\" \/>\n\t<meta name=\"twitter:data2\" content=\"Auf Lager\" \/>\n<script type=\"application\/ld+json\" class=\"yoast-schema-graph\">{\"@context\":\"https:\\\/\\\/schema.org\",\"@graph\":[{\"@type\":\"WebPage\",\"@id\":\"https:\\\/\\\/egytourpackages.com\\\/de\\\/touren\\\/grosses-aegyptisches-museum-von-soma-bay-mit-dem-flugzeug\\\/\",\"url\":\"https:\\\/\\\/egytourpackages.com\\\/de\\\/touren\\\/grosses-aegyptisches-museum-von-soma-bay-mit-dem-flugzeug\\\/\",\"name\":\"Gro\u00dfes \u00c4gyptisches Museum von Soma Bay mit dem Flugzeug\",\"isPartOf\":{\"@id\":\"https:\\\/\\\/egytourpackages.com\\\/de\\\/#website\"},\"primaryImageOfPage\":{\"@id\":\"https:\\\/\\\/egytourpackages.com\\\/de\\\/touren\\\/grosses-aegyptisches-museum-von-soma-bay-mit-dem-flugzeug\\\/#primaryimage\"},\"image\":{\"@id\":\"https:\\\/\\\/egytourpackages.com\\\/de\\\/touren\\\/grosses-aegyptisches-museum-von-soma-bay-mit-dem-flugzeug\\\/#primaryimage\"},\"thumbnailUrl\":\"https:\\\/\\\/egytourpackages.com\\\/wp-content\\\/uploads\\\/2025\\\/05\\\/Wooden-colored-sarcophagi-from-GEM.jpeg\",\"datePublished\":\"2025-05-22T12:48:18+00:00\",\"dateModified\":\"2026-01-04T18:52:27+00:00\",\"description\":\"Gro\u00dfes \u00c4gyptisches Museum von Soma Bay mit dem Flugzeug | Discover the best Egypt tours including Grand Egyptian Museum, Giza Pyramids and Great Sphinx.\",\"breadcrumb\":{\"@id\":\"https:\\\/\\\/egytourpackages.com\\\/de\\\/touren\\\/grosses-aegyptisches-museum-von-soma-bay-mit-dem-flugzeug\\\/#breadcrumb\"},\"inLanguage\":\"de\",\"potentialAction\":[{\"@type\":\"ReadAction\",\"target\":[\"https:\\\/\\\/egytourpackages.com\\\/de\\\/touren\\\/grosses-aegyptisches-museum-von-soma-bay-mit-dem-flugzeug\\\/\"]}]},{\"@type\":\"ImageObject\",\"inLanguage\":\"de\",\"@id\":\"https:\\\/\\\/egytourpackages.com\\\/de\\\/touren\\\/grosses-aegyptisches-museum-von-soma-bay-mit-dem-flugzeug\\\/#primaryimage\",\"url\":\"https:\\\/\\\/egytourpackages.com\\\/wp-content\\\/uploads\\\/2025\\\/05\\\/Wooden-colored-sarcophagi-from-GEM.jpeg\",\"contentUrl\":\"https:\\\/\\\/egytourpackages.com\\\/wp-content\\\/uploads\\\/2025\\\/05\\\/Wooden-colored-sarcophagi-from-GEM.jpeg\",\"width\":2000,\"height\":924,\"caption\":\"Gro\u00dfes \u00c4gyptisches Museum von Soma Bay mit dem Flugzeug\"},{\"@type\":\"BreadcrumbList\",\"@id\":\"https:\\\/\\\/egytourpackages.com\\\/de\\\/touren\\\/grosses-aegyptisches-museum-von-soma-bay-mit-dem-flugzeug\\\/#breadcrumb\",\"itemListElement\":[{\"@type\":\"ListItem\",\"position\":1,\"name\":\"Startseite\",\"item\":\"https:\\\/\\\/egytourpackages.com\\\/de\\\/\"},{\"@type\":\"ListItem\",\"position\":2,\"name\":\"Shop\",\"item\":\"https:\\\/\\\/egytourpackages.com\\\/de\\\/shop\\\/\"},{\"@type\":\"ListItem\",\"position\":3,\"name\":\"Gro\u00dfes \u00c4gyptisches Museum von Soma Bay mit dem Flugzeug\"}]},{\"@type\":\"WebSite\",\"@id\":\"https:\\\/\\\/egytourpackages.com\\\/de\\\/#website\",\"url\":\"https:\\\/\\\/egytourpackages.com\\\/de\\\/\",\"name\":\"Egy tour packages\",\"description\":\"\",\"publisher\":{\"@id\":\"https:\\\/\\\/egytourpackages.com\\\/de\\\/#organization\"},\"potentialAction\":[{\"@type\":\"SearchAction\",\"target\":{\"@type\":\"EntryPoint\",\"urlTemplate\":\"https:\\\/\\\/egytourpackages.com\\\/de\\\/?s={search_term_string}\"},\"query-input\":{\"@type\":\"PropertyValueSpecification\",\"valueRequired\":true,\"valueName\":\"search_term_string\"}}],\"inLanguage\":\"de\"},{\"@type\":[\"Organization\",\"Place\",\"TravelAgency\"],\"@id\":\"https:\\\/\\\/egytourpackages.com\\\/de\\\/#organization\",\"name\":\"egypt tour packages\",\"alternateName\":\"egypt tour packages\",\"url\":\"https:\\\/\\\/egytourpackages.com\\\/de\\\/\",\"logo\":{\"@id\":\"https:\\\/\\\/egytourpackages.com\\\/de\\\/touren\\\/grosses-aegyptisches-museum-von-soma-bay-mit-dem-flugzeug\\\/#local-main-organization-logo\"},\"image\":{\"@id\":\"https:\\\/\\\/egytourpackages.com\\\/de\\\/touren\\\/grosses-aegyptisches-museum-von-soma-bay-mit-dem-flugzeug\\\/#local-main-organization-logo\"},\"sameAs\":[\"https:\\\/\\\/www.facebook.com\\\/egytourpackages\"],\"legalName\":\"Egy tour packages\",\"address\":{\"@id\":\"https:\\\/\\\/egytourpackages.com\\\/de\\\/touren\\\/grosses-aegyptisches-museum-von-soma-bay-mit-dem-flugzeug\\\/#local-main-place-address\"},\"telephone\":[\"00201000852186\",\"00201028685533\"],\"contactPoint\":{\"@type\":\"ContactPoint\",\"telephone\":\"00201000852186\"},\"openingHoursSpecification\":[{\"@type\":\"OpeningHoursSpecification\",\"dayOfWeek\":[\"Monday\",\"Tuesday\",\"Wednesday\",\"Thursday\",\"Friday\",\"Saturday\",\"Sunday\"],\"opens\":\"00:00\",\"closes\":\"23:59\"}],\"email\":\"info@egytourpackages.com\",\"areaServed\":\"Cairo, Hurghada, Luxor, Sharm El Sheikh, Marsa Alam, Aswan\",\"priceRange\":\"$\",\"currenciesAccepted\":\"euro\",\"paymentAccepted\":\"Payment links online\"},{\"@type\":\"PostalAddress\",\"@id\":\"https:\\\/\\\/egytourpackages.com\\\/de\\\/touren\\\/grosses-aegyptisches-museum-von-soma-bay-mit-dem-flugzeug\\\/#local-main-place-address\",\"streetAddress\":\"Mubarak 8, Al Kawthar District, Hurghada\",\"addressLocality\":\"Hurghada\",\"postalCode\":\"84511\",\"addressRegion\":\"Red Sea\",\"addressCountry\":\"EG\"},{\"@type\":\"ImageObject\",\"inLanguage\":\"de\",\"@id\":\"https:\\\/\\\/egytourpackages.com\\\/de\\\/touren\\\/grosses-aegyptisches-museum-von-soma-bay-mit-dem-flugzeug\\\/#local-main-organization-logo\",\"url\":\"https:\\\/\\\/egytourpackages.com\\\/wp-content\\\/uploads\\\/2025\\\/12\\\/Turquoise-Dahabiya-Nile-Cruise-1.jpeg\",\"contentUrl\":\"https:\\\/\\\/egytourpackages.com\\\/wp-content\\\/uploads\\\/2025\\\/12\\\/Turquoise-Dahabiya-Nile-Cruise-1.jpeg\",\"width\":1040,\"height\":694,\"caption\":\"egypt tour packages\"}]}<\/script>\n<meta property=\"product:brand\" content=\"\u00c4gypten Tagestouren\" \/>\n<meta property=\"product:price:amount\" content=\"290\" \/>\n<meta property=\"product:price:currency\" content=\"EUR\" \/>\n<meta property=\"og:availability\" content=\"instock\" \/>\n<meta property=\"product:availability\" content=\"instock\" \/>\n<meta property=\"product:retailer_item_id\" content=\"SBE07\" \/>\n<meta property=\"product:condition\" content=\"new\" \/>\n<meta name=\"geo.placename\" content=\"Hurghada\" \/>\n<meta name=\"geo.region\" content=\"\u00c4gypten\" \/>\n<!-- \/ Yoast SEO Premium plugin. -->","yoast_head_json":{"title":"Gro\u00dfes \u00c4gyptisches Museum von Soma Bay mit dem Flugzeug","description":"Gro\u00dfes \u00c4gyptisches Museum von Soma Bay mit dem Flugzeug | Discover the best Egypt tours including Grand Egyptian Museum, Giza Pyramids and Great Sphinx.","robots":{"index":"index","follow":"follow","max-snippet":"max-snippet:-1","max-image-preview":"max-image-preview:large","max-video-preview":"max-video-preview:-1"},"canonical":"https:\/\/egytourpackages.com\/de\/touren\/grosses-aegyptisches-museum-von-soma-bay-mit-dem-flugzeug\/","og_locale":"de_DE","og_type":"article","og_title":"\u00c4gyptisches Museum ab Soma Bay mit dem Flugzeug","og_description":"Grand Egyptian Museum von Soma Bay mit dem Flugzeug | Entdecken Sie die besten \u00c4gypten-Touren mit Grand Egyptian Museum, Giza Pyramids und gro\u00dfe Sphinx.","og_url":"https:\/\/egytourpackages.com\/de\/touren\/grosses-aegyptisches-museum-von-soma-bay-mit-dem-flugzeug\/","og_site_name":"\u00c4gypten-Reisepakete","article_publisher":"https:\/\/www.facebook.com\/egytourpackages","article_modified_time":"2026-01-04T18:52:27+00:00","og_image":[{"width":2000,"height":1099,"url":"https:\/\/egytourpackages.com\/wp-content\/uploads\/2025\/05\/Wooden-sarcophagi-from-GEM.jpeg","type":"image\/jpeg"}],"twitter_card":"summary_large_image","twitter_title":"Gro\u00dfes \u00c4gyptisches Museum von Soma Bay mit dem Flugzeug","twitter_misc":{"Preis":"&euro;290","Verf\u00fcgbarkeit":"Auf Lager"},"schema":{"@context":"https:\/\/schema.org","@graph":[{"@type":"WebPage","@id":"https:\/\/egytourpackages.com\/de\/touren\/grosses-aegyptisches-museum-von-soma-bay-mit-dem-flugzeug\/","url":"https:\/\/egytourpackages.com\/de\/touren\/grosses-aegyptisches-museum-von-soma-bay-mit-dem-flugzeug\/","name":"Gro\u00dfes \u00c4gyptisches Museum von Soma Bay mit dem Flugzeug","isPartOf":{"@id":"https:\/\/egytourpackages.com\/de\/#website"},"primaryImageOfPage":{"@id":"https:\/\/egytourpackages.com\/de\/touren\/grosses-aegyptisches-museum-von-soma-bay-mit-dem-flugzeug\/#primaryimage"},"image":{"@id":"https:\/\/egytourpackages.com\/de\/touren\/grosses-aegyptisches-museum-von-soma-bay-mit-dem-flugzeug\/#primaryimage"},"thumbnailUrl":"https:\/\/egytourpackages.com\/wp-content\/uploads\/2025\/05\/Wooden-colored-sarcophagi-from-GEM.jpeg","datePublished":"2025-05-22T12:48:18+00:00","dateModified":"2026-01-04T18:52:27+00:00","description":"Gro\u00dfes \u00c4gyptisches Museum von Soma Bay mit dem Flugzeug | Discover the best Egypt tours including Grand Egyptian Museum, Giza Pyramids and Great Sphinx.","breadcrumb":{"@id":"https:\/\/egytourpackages.com\/de\/touren\/grosses-aegyptisches-museum-von-soma-bay-mit-dem-flugzeug\/#breadcrumb"},"inLanguage":"de","potentialAction":[{"@type":"ReadAction","target":["https:\/\/egytourpackages.com\/de\/touren\/grosses-aegyptisches-museum-von-soma-bay-mit-dem-flugzeug\/"]}]},{"@type":"ImageObject","inLanguage":"de","@id":"https:\/\/egytourpackages.com\/de\/touren\/grosses-aegyptisches-museum-von-soma-bay-mit-dem-flugzeug\/#primaryimage","url":"https:\/\/egytourpackages.com\/wp-content\/uploads\/2025\/05\/Wooden-colored-sarcophagi-from-GEM.jpeg","contentUrl":"https:\/\/egytourpackages.com\/wp-content\/uploads\/2025\/05\/Wooden-colored-sarcophagi-from-GEM.jpeg","width":2000,"height":924,"caption":"Gro\u00dfes \u00c4gyptisches Museum von Soma Bay mit dem Flugzeug"},{"@type":"BreadcrumbList","@id":"https:\/\/egytourpackages.com\/de\/touren\/grosses-aegyptisches-museum-von-soma-bay-mit-dem-flugzeug\/#breadcrumb","itemListElement":[{"@type":"ListItem","position":1,"name":"Startseite","item":"https:\/\/egytourpackages.com\/de\/"},{"@type":"ListItem","position":2,"name":"Shop","item":"https:\/\/egytourpackages.com\/de\/shop\/"},{"@type":"ListItem","position":3,"name":"Gro\u00dfes \u00c4gyptisches Museum von Soma Bay mit dem Flugzeug"}]},{"@type":"WebSite","@id":"https:\/\/egytourpackages.com\/de\/#website","url":"https:\/\/egytourpackages.com\/de\/","name":"Egy tour packages","description":"","publisher":{"@id":"https:\/\/egytourpackages.com\/de\/#organization"},"potentialAction":[{"@type":"SearchAction","target":{"@type":"EntryPoint","urlTemplate":"https:\/\/egytourpackages.com\/de\/?s={search_term_string}"},"query-input":{"@type":"PropertyValueSpecification","valueRequired":true,"valueName":"search_term_string"}}],"inLanguage":"de"},{"@type":["Organization","Place","TravelAgency"],"@id":"https:\/\/egytourpackages.com\/de\/#organization","name":"egypt tour packages","alternateName":"egypt tour packages","url":"https:\/\/egytourpackages.com\/de\/","logo":{"@id":"https:\/\/egytourpackages.com\/de\/touren\/grosses-aegyptisches-museum-von-soma-bay-mit-dem-flugzeug\/#local-main-organization-logo"},"image":{"@id":"https:\/\/egytourpackages.com\/de\/touren\/grosses-aegyptisches-museum-von-soma-bay-mit-dem-flugzeug\/#local-main-organization-logo"},"sameAs":["https:\/\/www.facebook.com\/egytourpackages"],"legalName":"Egy tour packages","address":{"@id":"https:\/\/egytourpackages.com\/de\/touren\/grosses-aegyptisches-museum-von-soma-bay-mit-dem-flugzeug\/#local-main-place-address"},"telephone":["00201000852186","00201028685533"],"contactPoint":{"@type":"ContactPoint","telephone":"00201000852186"},"openingHoursSpecification":[{"@type":"OpeningHoursSpecification","dayOfWeek":["Monday","Tuesday","Wednesday","Thursday","Friday","Saturday","Sunday"],"opens":"00:00","closes":"23:59"}],"email":"info@egytourpackages.com","areaServed":"Cairo, Hurghada, Luxor, Sharm El Sheikh, Marsa Alam, Aswan","priceRange":"$","currenciesAccepted":"euro","paymentAccepted":"Payment links online"},{"@type":"PostalAddress","@id":"https:\/\/egytourpackages.com\/de\/touren\/grosses-aegyptisches-museum-von-soma-bay-mit-dem-flugzeug\/#local-main-place-address","streetAddress":"Mubarak 8, Al Kawthar District, Hurghada","addressLocality":"Hurghada","postalCode":"84511","addressRegion":"Red Sea","addressCountry":"EG"},{"@type":"ImageObject","inLanguage":"de","@id":"https:\/\/egytourpackages.com\/de\/touren\/grosses-aegyptisches-museum-von-soma-bay-mit-dem-flugzeug\/#local-main-organization-logo","url":"https:\/\/egytourpackages.com\/wp-content\/uploads\/2025\/12\/Turquoise-Dahabiya-Nile-Cruise-1.jpeg","contentUrl":"https:\/\/egytourpackages.com\/wp-content\/uploads\/2025\/12\/Turquoise-Dahabiya-Nile-Cruise-1.jpeg","width":1040,"height":694,"caption":"egypt tour packages"}]},"product_brand":"\u00c4gypten Tagestouren","product_price_amount":"290","product_price_currency":"EUR","og_availability":"instock","product_availability":"instock","product_retailer_item_id":"SBE07","product_condition":"new","geo.placename":"Hurghada","geo.region":"\u00c4gypten"},"_links":{"self":[{"href":"https:\/\/egytourpackages.com\/de\/wp-json\/wp\/v2\/product\/3859","targetHints":{"allow":["GET"]}}],"collection":[{"href":"https:\/\/egytourpackages.com\/de\/wp-json\/wp\/v2\/product"}],"about":[{"href":"https:\/\/egytourpackages.com\/de\/wp-json\/wp\/v2\/types\/product"}],"replies":[{"embeddable":true,"href":"https:\/\/egytourpackages.com\/de\/wp-json\/wp\/v2\/comments?post=3859"}],"wp:featuredmedia":[{"embeddable":true,"href":"https:\/\/egytourpackages.com\/de\/wp-json\/wp\/v2\/media\/3615"}],"wp:attachment":[{"href":"https:\/\/egytourpackages.com\/de\/wp-json\/wp\/v2\/media?parent=3859"}],"wp:term":[{"taxonomy":"product_brand","embeddable":true,"href":"https:\/\/egytourpackages.com\/de\/wp-json\/wp\/v2\/product_brand?post=3859"},{"taxonomy":"product_cat","embeddable":true,"href":"https:\/\/egytourpackages.com\/de\/wp-json\/wp\/v2\/product_cat?post=3859"},{"taxonomy":"product_tag","embeddable":true,"href":"https:\/\/egytourpackages.com\/de\/wp-json\/wp\/v2\/product_tag?post=3859"}],"curies":[{"name":"wp","href":"https:\/\/api.w.org\/{rel}","templated":true}]}}