{"id":3860,"date":"2025-05-23T18:46:29","date_gmt":"2025-05-23T18:46:29","guid":{"rendered":"https:\/\/egytourpackages.com\/product\/grand-egyptian-museum-pyramids-of-giza-tour-from-el-gouna\/"},"modified":"2026-01-04T19:49:17","modified_gmt":"2026-01-04T19:49:17","slug":"grosses-aegyptisches-museum-pyramiden-von-gizeh-tour-ab-el-gouna","status":"publish","type":"product","link":"https:\/\/egytourpackages.com\/de\/touren\/grosses-aegyptisches-museum-pyramiden-von-gizeh-tour-ab-el-gouna\/","title":{"rendered":"Gro\u00dfes \u00c4gyptisches Museum &#038; Pyramiden von Gizeh Tour ab El Gouna"},"content":{"rendered":"<p><span style=\"color: #ff6600;\"><strong>Gro\u00dfes \u00c4gyptisches Museum &amp; Pyramiden von Gizeh Tour ab El Gouna<\/strong><\/span><\/p>\n<p><strong>\u00dcbersicht<\/strong><\/p>\n<p>Privater Kairo Tagesausflug ab El Gouna | Bestes Gro\u00dfes \u00c4gyptisches Museum ab El Gouna |<a href=\"https:\/\/egytourpackages.com\/de\/Reisekategorie\/el-gouna-ausfluge\/\">El Gouna Ausfl\u00fcge<\/a> | Kairoer Touristenattraktionen wie die Pyramiden von Gizeh, die Gro\u00dfe Sphinx, die Sch\u00e4tze von Tutanchamun, der h\u00e4ngende Obelisk | Online buchen WhatsApp<\/p>\n<p>Ihre Tour zum Gro\u00dfen \u00c4gyptischen Museum und zu den Pyramiden von Gizeh von El Gouna aus ist ein einzigartiges Abenteuer und eine unvergessliche Erfahrung, um mehr \u00fcber die alte \u00e4gyptische Zivilisation zu erfahren. In der Tat sind diese \u00c4gypten-Touren zum Gro\u00dfen \u00c4gyptischen Museum eine Art Kultur- und Kulturerbe-Tour mit einem erfahrenen Arch\u00e4ologen als F\u00fchrer. Sie werden eine Menge Geheimnisse \u00fcber die Pyramiden von Gizeh, die Sphinx, den Fluch des Pharaos und vieles mehr erfahren.<\/p>\n<p>Dies sind die besten Entdeckungsreisen f\u00fcr Kinder und Erwachsene und Bildungsreisen f\u00fcr Senioren ab El Gouna. Au\u00dferdem gilt es als eines der besten Ausflugsziele f\u00fcr Familien und das sch\u00f6nste Ausflugsziel mit Freunden. Wenn Sie diese private Ganztagestour zum Gro\u00dfen \u00c4gyptischen Museum buchen, k\u00f6nnen Sie \u00e4gyptische Artefakte von der pr\u00e4historischen bis zur griechisch-r\u00f6mischen Epoche erkunden. Au\u00dferdem werden die Sch\u00e4tze von Tutanchamun gezeigt, die 1922 in seinem Grab KV 62 im Tal der K\u00f6nige in Luxor gefunden wurden.\u00a0 Schlie\u00dflich erhalten Sie detaillierte Informationen \u00fcber die Pyramiden von Gizeh, die K\u00f6nigspyramiden, die Gr\u00e4ber der Pyramidenbauer und die Gro\u00dfe Sphinx. Egy Tour Packages bietet diese El Gouna Ausfl\u00fcge mit fachkundigem F\u00fchrer, neuen Markenfahrzeugen, bestem Service und sehr fairem Preis an.<\/p>\n<h3>Tourdetails<\/h3>\n<p>Dauer: 18 Stunden<\/p>\n<p>Ort der Tour:\u00a0 Gizeh<\/p>\n<p>Verf\u00fcgbarkeit der Tour: T\u00e4glich<\/p>\n<p>Abholung und R\u00fcckgabe: Ihr Hotel in El Gouna<\/p>\n<p>Tour-Typ:\u00a0 Privat<\/p>\n<p>Geeignet f\u00fcr: Paare, Familie, Senioren<\/p>\n<p>Rollstuhl: Zug\u00e4nglich<\/p>\n<h3>H\u00f6hepunkte der Tour<\/h3>\n<p>Gro\u00dfes \u00c4gyptisches Museum<\/p>\n<p>Pyramiden von Gizeh<\/p>\n<p>Die Gro\u00dfe Sphinx<\/p>\n<p>Tal-Tempel<\/p>\n<h3>Inbegriffen in dieser Tour<\/h3>\n<p>Rundtransfer mit klimatisiertem Fahrzeug<\/p>\n<p>Eintrittsgelder f\u00fcr alle Sehensw\u00fcrdigkeiten im Kairoer Programm<\/p>\n<p>\u00c4gyptologe als Reiseleiter<\/p>\n<h3>Mittagessen<\/h3>\n<p>Wasser w\u00e4hrend der Tour<\/p>\n<p>Nicht in diesem Programm enthalten<\/p>\n<p>Getr\u00e4nke w\u00e4hrend des Mittagessens<\/p>\n<p>Eintritt zur Cheops-Pyramide 40 $<\/p>\n<p>Eintrittspreis f\u00fcr die Khafre Pyramide 7.5 $<\/p>\n<p>Trinkgeld<\/p>\n<h3>Was Sie einpacken sollten<\/h3>\n<p>Bequeme Schuhe und Kleidung vor allem im Sommer<\/p>\n<p>Schwere Kleidung im Winter<\/p>\n<p>Sonnenbrille. Hut oder Halstuch<\/p>\n<p>Sonnencreme im Sommer<\/p>\n<h2>Reiseplan<\/h2>\n<p>Beginnen Sie Ihren Tag mit den Fr\u00fchst\u00fccksboxen, die Sie einen Tag vor der Fahrt nach Kairo mit Ihrem neuen Markenfahrzeug bestellt haben. Bringen Sie au\u00dferdem ein Kissen mit, wenn Ihr Hotel es erlaubt, und ein Buch, um auf dem langen Weg zu lesen. Unterwegs werden Sie eine Kaffeepause einlegen, um zu fr\u00fchst\u00fccken, die Toilette zu benutzen oder sich einfach die Beine zu vertreten. Nach Ihrer Ankunft in Kairo starten Sie zu den Sehensw\u00fcrdigkeiten von Kairo.<\/p>\n<h4>Grand Egyptian Museum<\/h4>\n<p>Erkunden Sie mit Ihrem Reiseleiter das gr\u00f6\u00dfte Museum der Welt f\u00fcr alt\u00e4gyptische Artefakte von der pr\u00e4historischen bis zur griechisch-r\u00f6mischen Epoche. Bestaunen Sie den h\u00e4ngenden Obelisken, die riesigen Kolosse von Ramses dem Gro\u00dfen und die Siegess\u00e4ule von Merenptah.<\/p>\n<p>Danach fahren Sie mit dem Aufzug zum Panoramafenster, um die Pyramiden vor sich zu sehen, bevor Sie die Museumsgalerien betreten. Die bis jetzt 12 ge\u00f6ffneten Galerien erkl\u00e4ren die alt\u00e4gyptische Zivilisation auf eine sehr sch\u00f6ne Weise. Sie sprechen \u00fcber das K\u00f6nigtum, die Gesellschaft und die Religion von den Anf\u00e4ngen der Geschichte bis zu ihrem Ende.<\/p>\n<p>Sie werden Statuen ber\u00fchmter Pharaonen wie Hatschepsut, Ramses, Senusert, Ay, Tutanchamun, Thutmosis, Djoser, Khafre, Menkaure und Merenptah sehen. Au\u00dferdem G\u00f6tter- und G\u00f6ttinnenfiguren wie Sekhmet, Isis, Hathor, Seshat, Amun, Khnum und Ptah. Au\u00dferdem sind Boote, Per\u00fccken, Accessoires, \u00d6le, Mumien und farbige Holzsarkophage zu sehen.<\/p>\n<p>Am Ende der Besichtigung haben Sie etwas Freizeit, um die gro\u00dfe Treppe auf eigene Faust zu erkunden, bevor Sie zum Mittagessen gehen.<\/p>\n<p><strong>\u00a0Mittagessen<\/strong><\/p>\n<p>Genie\u00dfen Sie ein frisch gekochtes Mittagessen mit vegetarischer Auswahl.<\/p>\n<h4>Pyramidenkomplex von Gizeh<\/h4>\n<p>Fahren Sie mit Ihrem Reiseleiter zu den Pyramiden von Gizeh und genie\u00dfen Sie es, Ihrem Lebenstraum so nah zu sein. Sie werden die Cheops-Pyramiden, die K\u00f6niginnen-Pyramiden, die Bootsgruben und die Gr\u00e4ber der Pyramidenbauer erkunden. Au\u00dferdem werden Sie die ber\u00fchmte Sphinx, den Mumifizierungstempel, die Menkaure-Pyramide und die Khafre-Pyramide entdecken.<\/p>\n<p>Ihr Reiseleiter wird Ihnen einige der Geheimnisse der \u00e4gyptischen Geschichte und der alten \u00e4gyptischen Zivilisation erkl\u00e4ren.<\/p>\n<p><strong>Mahlzeiten<\/strong><\/p>\n<p>Fr\u00fchst\u00fcck, Mittagessen<\/p>\n<h3>Pc<\/h3>\n<p>Das Gro\u00dfe \u00c4gyptische Museum ist samstags und mittwochs von 09.00 Uhr bis 21.00 Uhr und an den \u00fcbrigen Tagen der Woche von 08.30 Uhr bis 18.00 Uhr ge\u00f6ffnet.<\/p>\n<p>Gro\u00dfes \u00c4gyptisches Museum &amp; Pyramiden von Gizeh Tour ab El Gouna Preis<\/p>\n<p>Gesamtpreis 150$ pro Person<\/p>\n<h3>Buchung<\/h3>\n<p>Sie k\u00f6nnen Ihre Tour \u00fcber WhatsApp buchen oder uns eine E-Mail schicken und Sie erhalten die Best\u00e4tigung vor Ort.<\/p>\n<p>Bitte senden Sie uns Ihren Hotelnamen, Ihre Zimmernummer und eine Kopie Ihres Reisepasses.<\/p>\n<h3>WhatsApp Nummer<\/h3>\n<p>+201000852186<\/p>\n<h3>Jetzt buchen &amp; vor Ort bezahlen<\/h3>\n<p>Buchen Sie Ihre Lieblingstour und bezahlen Sie am Tag der Reise<\/p>\n<h3>Zahlung<\/h3>\n<p>Sie k\u00f6nnen mit \u00e4gyptischen Pfund, $, \u20ac oder \u00a3 bezahlen.<\/p>\n<h3>Stornierungsbedingungen<\/h3>\n<p>Stornierung ist bis zu 24 Stunden im Voraus kostenlos.<\/p>\n<p>Bei Stornierung am Morgen werden 50% des Preises einbehalten.<\/p>\n","protected":false},"excerpt":{"rendered":"<p>Gro\u00dfes \u00c4gyptisches Museum &amp; Pyramiden von Gizeh Tour ab El Gouna | Eine der besten \u00c4gypten Touren zum gr\u00f6\u00dften Museum der Welt und den Pyramiden von Gizeh.<\/p>\n","protected":false},"featured_media":3636,"comment_status":"open","ping_status":"closed","template":"","meta":[],"product_brand":[],"product_cat":[1494],"product_tag":[1495,1507],"class_list":{"0":"post-3860","1":"product","2":"type-product","3":"status-publish","4":"has-post-thumbnail","6":"product_cat-touren","7":"product_tag-agypten-tagestouren","8":"product_tag-el-gouna-ausfluge","9":"tour_category-agypten-tagestouren","10":"tour_category-el-gouna-ausfluge","12":"first","13":"instock","14":"sale","15":"shipping-taxable","16":"purchasable","17":"product-type-tour","18":"has-default-attributes"},"yoast_head":"<!-- This site is optimized with the Yoast SEO Premium plugin v27.4 (Yoast SEO v27.4) - https:\/\/yoast.com\/product\/yoast-seo-premium-wordpress\/ -->\n<title>Gro\u00dfes \u00c4gyptisches Museum &amp; Pyramiden von Gizeh Tour ab El Gouna<\/title>\n<meta name=\"description\" content=\"Gro\u00dfes \u00c4gyptisches Museum &amp; Pyramiden von Gizeh Tour ab El Gouna | Eine der besten \u00c4gypten Touren zum gr\u00f6\u00dften Museum der Welt und den Pyramiden von Gizeh.\" \/>\n<meta name=\"robots\" content=\"index, follow, max-snippet:-1, max-image-preview:large, max-video-preview:-1\" \/>\n<link rel=\"canonical\" href=\"https:\/\/egytourpackages.com\/de\/touren\/grosses-aegyptisches-museum-pyramiden-von-gizeh-tour-ab-el-gouna\/\" \/>\n<meta property=\"og:locale\" content=\"de_DE\" \/>\n<meta property=\"og:type\" content=\"article\" \/>\n<meta property=\"og:title\" content=\"Tour durch das Gro\u00dfe \u00c4gyptische Museum und die Pyramiden von Gizeh ab El Gouna\" \/>\n<meta property=\"og:description\" content=\"Gro\u00dfes \u00c4gyptisches Museum &amp; Pyramiden von Gizeh Tour ab El Gouna | Eine der besten \u00c4gypten Touren zum gr\u00f6\u00dften Museum der Welt und den Pyramiden von Gizeh.\" \/>\n<meta property=\"og:url\" content=\"https:\/\/egytourpackages.com\/de\/touren\/grosses-aegyptisches-museum-pyramiden-von-gizeh-tour-ab-el-gouna\/\" \/>\n<meta property=\"og:site_name\" content=\"\u00c4gypten-Reisepakete\" \/>\n<meta property=\"article:publisher\" content=\"https:\/\/www.facebook.com\/egytourpackages\" \/>\n<meta property=\"article:modified_time\" content=\"2026-01-04T19:49:17+00:00\" \/>\n<meta property=\"og:image\" content=\"https:\/\/egytourpackages.com\/wp-content\/uploads\/2025\/05\/Soldiers-from-GEM-1024x473.jpeg\" \/>\n<meta name=\"twitter:card\" content=\"summary_large_image\" \/>\n<meta name=\"twitter:title\" content=\"Gro\u00dfes \u00c4gyptisches Museum &amp; Pyramiden von Gizeh Tour ab El Gouna\" \/>\n<meta name=\"twitter:label1\" content=\"Preis\" \/>\n\t<meta name=\"twitter:data1\" content=\"&euro;150\" \/>\n\t<meta name=\"twitter:label2\" content=\"Verf\u00fcgbarkeit\" \/>\n\t<meta name=\"twitter:data2\" content=\"Auf Lager\" \/>\n<script type=\"application\/ld+json\" class=\"yoast-schema-graph\">{\"@context\":\"https:\\\/\\\/schema.org\",\"@graph\":[{\"@type\":\"WebPage\",\"@id\":\"https:\\\/\\\/egytourpackages.com\\\/de\\\/touren\\\/grosses-aegyptisches-museum-pyramiden-von-gizeh-tour-ab-el-gouna\\\/\",\"url\":\"https:\\\/\\\/egytourpackages.com\\\/de\\\/touren\\\/grosses-aegyptisches-museum-pyramiden-von-gizeh-tour-ab-el-gouna\\\/\",\"name\":\"Gro\u00dfes \u00c4gyptisches Museum & Pyramiden von Gizeh Tour ab El Gouna\",\"isPartOf\":{\"@id\":\"https:\\\/\\\/egytourpackages.com\\\/de\\\/#website\"},\"primaryImageOfPage\":{\"@id\":\"https:\\\/\\\/egytourpackages.com\\\/de\\\/touren\\\/grosses-aegyptisches-museum-pyramiden-von-gizeh-tour-ab-el-gouna\\\/#primaryimage\"},\"image\":{\"@id\":\"https:\\\/\\\/egytourpackages.com\\\/de\\\/touren\\\/grosses-aegyptisches-museum-pyramiden-von-gizeh-tour-ab-el-gouna\\\/#primaryimage\"},\"thumbnailUrl\":\"https:\\\/\\\/egytourpackages.com\\\/wp-content\\\/uploads\\\/2025\\\/05\\\/Soldiers-from-GEM.jpeg\",\"datePublished\":\"2025-05-23T18:46:29+00:00\",\"dateModified\":\"2026-01-04T19:49:17+00:00\",\"description\":\"Gro\u00dfes \u00c4gyptisches Museum & Pyramiden von Gizeh Tour ab El Gouna | Eine der besten \u00c4gypten Touren zum gr\u00f6\u00dften Museum der Welt und den Pyramiden von Gizeh.\",\"breadcrumb\":{\"@id\":\"https:\\\/\\\/egytourpackages.com\\\/de\\\/touren\\\/grosses-aegyptisches-museum-pyramiden-von-gizeh-tour-ab-el-gouna\\\/#breadcrumb\"},\"inLanguage\":\"de\",\"potentialAction\":[{\"@type\":\"ReadAction\",\"target\":[\"https:\\\/\\\/egytourpackages.com\\\/de\\\/touren\\\/grosses-aegyptisches-museum-pyramiden-von-gizeh-tour-ab-el-gouna\\\/\"]}]},{\"@type\":\"ImageObject\",\"inLanguage\":\"de\",\"@id\":\"https:\\\/\\\/egytourpackages.com\\\/de\\\/touren\\\/grosses-aegyptisches-museum-pyramiden-von-gizeh-tour-ab-el-gouna\\\/#primaryimage\",\"url\":\"https:\\\/\\\/egytourpackages.com\\\/wp-content\\\/uploads\\\/2025\\\/05\\\/Soldiers-from-GEM.jpeg\",\"contentUrl\":\"https:\\\/\\\/egytourpackages.com\\\/wp-content\\\/uploads\\\/2025\\\/05\\\/Soldiers-from-GEM.jpeg\",\"width\":1800,\"height\":831,\"caption\":\"Grand Egyptian Museum & Pyramiden von Gizeh Tour ab El Gouna | Eine der besten \u00c4gypten Touren zum gr\u00f6\u00dften Museum der Welt und den Pyramiden von Gizeh.\"},{\"@type\":\"BreadcrumbList\",\"@id\":\"https:\\\/\\\/egytourpackages.com\\\/de\\\/touren\\\/grosses-aegyptisches-museum-pyramiden-von-gizeh-tour-ab-el-gouna\\\/#breadcrumb\",\"itemListElement\":[{\"@type\":\"ListItem\",\"position\":1,\"name\":\"Startseite\",\"item\":\"https:\\\/\\\/egytourpackages.com\\\/de\\\/\"},{\"@type\":\"ListItem\",\"position\":2,\"name\":\"Shop\",\"item\":\"https:\\\/\\\/egytourpackages.com\\\/de\\\/shop\\\/\"},{\"@type\":\"ListItem\",\"position\":3,\"name\":\"Gro\u00dfes \u00c4gyptisches Museum &#038; Pyramiden von Gizeh Tour ab El Gouna\"}]},{\"@type\":\"WebSite\",\"@id\":\"https:\\\/\\\/egytourpackages.com\\\/de\\\/#website\",\"url\":\"https:\\\/\\\/egytourpackages.com\\\/de\\\/\",\"name\":\"Egy tour packages\",\"description\":\"\",\"publisher\":{\"@id\":\"https:\\\/\\\/egytourpackages.com\\\/de\\\/#organization\"},\"potentialAction\":[{\"@type\":\"SearchAction\",\"target\":{\"@type\":\"EntryPoint\",\"urlTemplate\":\"https:\\\/\\\/egytourpackages.com\\\/de\\\/?s={search_term_string}\"},\"query-input\":{\"@type\":\"PropertyValueSpecification\",\"valueRequired\":true,\"valueName\":\"search_term_string\"}}],\"inLanguage\":\"de\"},{\"@type\":[\"Organization\",\"Place\",\"TravelAgency\"],\"@id\":\"https:\\\/\\\/egytourpackages.com\\\/de\\\/#organization\",\"name\":\"egypt tour packages\",\"alternateName\":\"egypt tour packages\",\"url\":\"https:\\\/\\\/egytourpackages.com\\\/de\\\/\",\"logo\":{\"@id\":\"https:\\\/\\\/egytourpackages.com\\\/de\\\/touren\\\/grosses-aegyptisches-museum-pyramiden-von-gizeh-tour-ab-el-gouna\\\/#local-main-organization-logo\"},\"image\":{\"@id\":\"https:\\\/\\\/egytourpackages.com\\\/de\\\/touren\\\/grosses-aegyptisches-museum-pyramiden-von-gizeh-tour-ab-el-gouna\\\/#local-main-organization-logo\"},\"sameAs\":[\"https:\\\/\\\/www.facebook.com\\\/egytourpackages\"],\"legalName\":\"Egy tour packages\",\"address\":{\"@id\":\"https:\\\/\\\/egytourpackages.com\\\/de\\\/touren\\\/grosses-aegyptisches-museum-pyramiden-von-gizeh-tour-ab-el-gouna\\\/#local-main-place-address\"},\"telephone\":[\"00201000852186\",\"00201028685533\"],\"contactPoint\":{\"@type\":\"ContactPoint\",\"telephone\":\"00201000852186\"},\"openingHoursSpecification\":[{\"@type\":\"OpeningHoursSpecification\",\"dayOfWeek\":[\"Monday\",\"Tuesday\",\"Wednesday\",\"Thursday\",\"Friday\",\"Saturday\",\"Sunday\"],\"opens\":\"00:00\",\"closes\":\"23:59\"}],\"email\":\"info@egytourpackages.com\",\"areaServed\":\"Cairo, Hurghada, Luxor, Sharm El Sheikh, Marsa Alam, Aswan\",\"priceRange\":\"$\",\"currenciesAccepted\":\"euro\",\"paymentAccepted\":\"Payment links online\"},{\"@type\":\"PostalAddress\",\"@id\":\"https:\\\/\\\/egytourpackages.com\\\/de\\\/touren\\\/grosses-aegyptisches-museum-pyramiden-von-gizeh-tour-ab-el-gouna\\\/#local-main-place-address\",\"streetAddress\":\"Mubarak 8, Al Kawthar District, Hurghada\",\"addressLocality\":\"Hurghada\",\"postalCode\":\"84511\",\"addressRegion\":\"Red Sea\",\"addressCountry\":\"EG\"},{\"@type\":\"ImageObject\",\"inLanguage\":\"de\",\"@id\":\"https:\\\/\\\/egytourpackages.com\\\/de\\\/touren\\\/grosses-aegyptisches-museum-pyramiden-von-gizeh-tour-ab-el-gouna\\\/#local-main-organization-logo\",\"url\":\"https:\\\/\\\/egytourpackages.com\\\/wp-content\\\/uploads\\\/2025\\\/12\\\/Turquoise-Dahabiya-Nile-Cruise-1.jpeg\",\"contentUrl\":\"https:\\\/\\\/egytourpackages.com\\\/wp-content\\\/uploads\\\/2025\\\/12\\\/Turquoise-Dahabiya-Nile-Cruise-1.jpeg\",\"width\":1040,\"height\":694,\"caption\":\"egypt tour packages\"}]}<\/script>\n<meta property=\"product:brand\" content=\"\u00c4gypten Tagestouren\" \/>\n<meta property=\"product:price:amount\" content=\"150\" \/>\n<meta property=\"product:price:currency\" content=\"EUR\" \/>\n<meta property=\"og:availability\" content=\"instock\" \/>\n<meta property=\"product:availability\" content=\"instock\" \/>\n<meta property=\"product:retailer_item_id\" content=\"GDT07\" \/>\n<meta property=\"product:condition\" content=\"new\" \/>\n<meta name=\"geo.placename\" content=\"Hurghada\" \/>\n<meta name=\"geo.region\" content=\"\u00c4gypten\" \/>\n<!-- \/ Yoast SEO Premium plugin. -->","yoast_head_json":{"title":"Gro\u00dfes \u00c4gyptisches Museum & Pyramiden von Gizeh Tour ab El Gouna","description":"Gro\u00dfes \u00c4gyptisches Museum & Pyramiden von Gizeh Tour ab El Gouna | Eine der besten \u00c4gypten Touren zum gr\u00f6\u00dften Museum der Welt und den Pyramiden von Gizeh.","robots":{"index":"index","follow":"follow","max-snippet":"max-snippet:-1","max-image-preview":"max-image-preview:large","max-video-preview":"max-video-preview:-1"},"canonical":"https:\/\/egytourpackages.com\/de\/touren\/grosses-aegyptisches-museum-pyramiden-von-gizeh-tour-ab-el-gouna\/","og_locale":"de_DE","og_type":"article","og_title":"Tour durch das Gro\u00dfe \u00c4gyptische Museum und die Pyramiden von Gizeh ab El Gouna","og_description":"Gro\u00dfes \u00c4gyptisches Museum & Pyramiden von Gizeh Tour ab El Gouna | Eine der besten \u00c4gypten Touren zum gr\u00f6\u00dften Museum der Welt und den Pyramiden von Gizeh.","og_url":"https:\/\/egytourpackages.com\/de\/touren\/grosses-aegyptisches-museum-pyramiden-von-gizeh-tour-ab-el-gouna\/","og_site_name":"\u00c4gypten-Reisepakete","article_publisher":"https:\/\/www.facebook.com\/egytourpackages","article_modified_time":"2026-01-04T19:49:17+00:00","og_image":[{"url":"https:\/\/egytourpackages.com\/wp-content\/uploads\/2025\/05\/Soldiers-from-GEM-1024x473.jpeg","type":"","width":"","height":""}],"twitter_card":"summary_large_image","twitter_title":"Gro\u00dfes \u00c4gyptisches Museum & Pyramiden von Gizeh Tour ab El Gouna","twitter_misc":{"Preis":"&euro;150","Verf\u00fcgbarkeit":"Auf Lager"},"schema":{"@context":"https:\/\/schema.org","@graph":[{"@type":"WebPage","@id":"https:\/\/egytourpackages.com\/de\/touren\/grosses-aegyptisches-museum-pyramiden-von-gizeh-tour-ab-el-gouna\/","url":"https:\/\/egytourpackages.com\/de\/touren\/grosses-aegyptisches-museum-pyramiden-von-gizeh-tour-ab-el-gouna\/","name":"Gro\u00dfes \u00c4gyptisches Museum & Pyramiden von Gizeh Tour ab El Gouna","isPartOf":{"@id":"https:\/\/egytourpackages.com\/de\/#website"},"primaryImageOfPage":{"@id":"https:\/\/egytourpackages.com\/de\/touren\/grosses-aegyptisches-museum-pyramiden-von-gizeh-tour-ab-el-gouna\/#primaryimage"},"image":{"@id":"https:\/\/egytourpackages.com\/de\/touren\/grosses-aegyptisches-museum-pyramiden-von-gizeh-tour-ab-el-gouna\/#primaryimage"},"thumbnailUrl":"https:\/\/egytourpackages.com\/wp-content\/uploads\/2025\/05\/Soldiers-from-GEM.jpeg","datePublished":"2025-05-23T18:46:29+00:00","dateModified":"2026-01-04T19:49:17+00:00","description":"Gro\u00dfes \u00c4gyptisches Museum & Pyramiden von Gizeh Tour ab El Gouna | Eine der besten \u00c4gypten Touren zum gr\u00f6\u00dften Museum der Welt und den Pyramiden von Gizeh.","breadcrumb":{"@id":"https:\/\/egytourpackages.com\/de\/touren\/grosses-aegyptisches-museum-pyramiden-von-gizeh-tour-ab-el-gouna\/#breadcrumb"},"inLanguage":"de","potentialAction":[{"@type":"ReadAction","target":["https:\/\/egytourpackages.com\/de\/touren\/grosses-aegyptisches-museum-pyramiden-von-gizeh-tour-ab-el-gouna\/"]}]},{"@type":"ImageObject","inLanguage":"de","@id":"https:\/\/egytourpackages.com\/de\/touren\/grosses-aegyptisches-museum-pyramiden-von-gizeh-tour-ab-el-gouna\/#primaryimage","url":"https:\/\/egytourpackages.com\/wp-content\/uploads\/2025\/05\/Soldiers-from-GEM.jpeg","contentUrl":"https:\/\/egytourpackages.com\/wp-content\/uploads\/2025\/05\/Soldiers-from-GEM.jpeg","width":1800,"height":831,"caption":"Grand Egyptian Museum & Pyramiden von Gizeh Tour ab El Gouna | Eine der besten \u00c4gypten Touren zum gr\u00f6\u00dften Museum der Welt und den Pyramiden von Gizeh."},{"@type":"BreadcrumbList","@id":"https:\/\/egytourpackages.com\/de\/touren\/grosses-aegyptisches-museum-pyramiden-von-gizeh-tour-ab-el-gouna\/#breadcrumb","itemListElement":[{"@type":"ListItem","position":1,"name":"Startseite","item":"https:\/\/egytourpackages.com\/de\/"},{"@type":"ListItem","position":2,"name":"Shop","item":"https:\/\/egytourpackages.com\/de\/shop\/"},{"@type":"ListItem","position":3,"name":"Gro\u00dfes \u00c4gyptisches Museum &#038; Pyramiden von Gizeh Tour ab El Gouna"}]},{"@type":"WebSite","@id":"https:\/\/egytourpackages.com\/de\/#website","url":"https:\/\/egytourpackages.com\/de\/","name":"Egy tour packages","description":"","publisher":{"@id":"https:\/\/egytourpackages.com\/de\/#organization"},"potentialAction":[{"@type":"SearchAction","target":{"@type":"EntryPoint","urlTemplate":"https:\/\/egytourpackages.com\/de\/?s={search_term_string}"},"query-input":{"@type":"PropertyValueSpecification","valueRequired":true,"valueName":"search_term_string"}}],"inLanguage":"de"},{"@type":["Organization","Place","TravelAgency"],"@id":"https:\/\/egytourpackages.com\/de\/#organization","name":"egypt tour packages","alternateName":"egypt tour packages","url":"https:\/\/egytourpackages.com\/de\/","logo":{"@id":"https:\/\/egytourpackages.com\/de\/touren\/grosses-aegyptisches-museum-pyramiden-von-gizeh-tour-ab-el-gouna\/#local-main-organization-logo"},"image":{"@id":"https:\/\/egytourpackages.com\/de\/touren\/grosses-aegyptisches-museum-pyramiden-von-gizeh-tour-ab-el-gouna\/#local-main-organization-logo"},"sameAs":["https:\/\/www.facebook.com\/egytourpackages"],"legalName":"Egy tour packages","address":{"@id":"https:\/\/egytourpackages.com\/de\/touren\/grosses-aegyptisches-museum-pyramiden-von-gizeh-tour-ab-el-gouna\/#local-main-place-address"},"telephone":["00201000852186","00201028685533"],"contactPoint":{"@type":"ContactPoint","telephone":"00201000852186"},"openingHoursSpecification":[{"@type":"OpeningHoursSpecification","dayOfWeek":["Monday","Tuesday","Wednesday","Thursday","Friday","Saturday","Sunday"],"opens":"00:00","closes":"23:59"}],"email":"info@egytourpackages.com","areaServed":"Cairo, Hurghada, Luxor, Sharm El Sheikh, Marsa Alam, Aswan","priceRange":"$","currenciesAccepted":"euro","paymentAccepted":"Payment links online"},{"@type":"PostalAddress","@id":"https:\/\/egytourpackages.com\/de\/touren\/grosses-aegyptisches-museum-pyramiden-von-gizeh-tour-ab-el-gouna\/#local-main-place-address","streetAddress":"Mubarak 8, Al Kawthar District, Hurghada","addressLocality":"Hurghada","postalCode":"84511","addressRegion":"Red Sea","addressCountry":"EG"},{"@type":"ImageObject","inLanguage":"de","@id":"https:\/\/egytourpackages.com\/de\/touren\/grosses-aegyptisches-museum-pyramiden-von-gizeh-tour-ab-el-gouna\/#local-main-organization-logo","url":"https:\/\/egytourpackages.com\/wp-content\/uploads\/2025\/12\/Turquoise-Dahabiya-Nile-Cruise-1.jpeg","contentUrl":"https:\/\/egytourpackages.com\/wp-content\/uploads\/2025\/12\/Turquoise-Dahabiya-Nile-Cruise-1.jpeg","width":1040,"height":694,"caption":"egypt tour packages"}]},"product_brand":"\u00c4gypten Tagestouren","product_price_amount":"150","product_price_currency":"EUR","og_availability":"instock","product_availability":"instock","product_retailer_item_id":"GDT07","product_condition":"new","geo.placename":"Hurghada","geo.region":"\u00c4gypten"},"_links":{"self":[{"href":"https:\/\/egytourpackages.com\/de\/wp-json\/wp\/v2\/product\/3860","targetHints":{"allow":["GET"]}}],"collection":[{"href":"https:\/\/egytourpackages.com\/de\/wp-json\/wp\/v2\/product"}],"about":[{"href":"https:\/\/egytourpackages.com\/de\/wp-json\/wp\/v2\/types\/product"}],"replies":[{"embeddable":true,"href":"https:\/\/egytourpackages.com\/de\/wp-json\/wp\/v2\/comments?post=3860"}],"wp:featuredmedia":[{"embeddable":true,"href":"https:\/\/egytourpackages.com\/de\/wp-json\/wp\/v2\/media\/3636"}],"wp:attachment":[{"href":"https:\/\/egytourpackages.com\/de\/wp-json\/wp\/v2\/media?parent=3860"}],"wp:term":[{"taxonomy":"product_brand","embeddable":true,"href":"https:\/\/egytourpackages.com\/de\/wp-json\/wp\/v2\/product_brand?post=3860"},{"taxonomy":"product_cat","embeddable":true,"href":"https:\/\/egytourpackages.com\/de\/wp-json\/wp\/v2\/product_cat?post=3860"},{"taxonomy":"product_tag","embeddable":true,"href":"https:\/\/egytourpackages.com\/de\/wp-json\/wp\/v2\/product_tag?post=3860"}],"curies":[{"name":"wp","href":"https:\/\/api.w.org\/{rel}","templated":true}]}}