{"id":3861,"date":"2025-05-19T20:11:03","date_gmt":"2025-05-19T20:11:03","guid":{"rendered":"https:\/\/egytourpackages.com\/product\/2-taegige-reise-nach-kairo-und-luxor-ab-marsa-alam\/"},"modified":"2026-01-04T19:42:48","modified_gmt":"2026-01-04T19:42:48","slug":"2-taegiger-ausflug-nach-kairo-und-luxor-von-marsa-alam","status":"publish","type":"product","link":"https:\/\/egytourpackages.com\/de\/touren\/2-taegiger-ausflug-nach-kairo-und-luxor-von-marsa-alam\/","title":{"rendered":"2-Tages-Ausflug nach Kairo und Luxor ab Marsa Alam"},"content":{"rendered":"<p><span style=\"color: #ff6600;\"><strong>2-Tages-Ausflug nach Kairo und Luxor ab Marsa Alam<\/strong><\/span><\/p>\n<p><strong> | <\/strong><a href=\"https:\/\/egytourpackages.com\/de\/Reisekategorie\/marsa-alam-ausfluge\/\">Marsa Alam Ausfl\u00fcge<\/a><\/p>\n<h2><span style=\"color: #ff6600;\">\u00dcbersicht<\/span><\/h2>\n<p>Buchen Sie eine 2-t\u00e4gige Reise nach Kairo und Luxor ab Marsa und entdecken Sie die Magie \u00c4gyptens in Kairo und Luxor. Die Reisepakete von Egy bieten einen fachkundigen Reiseleiter, neue Markenfahrzeuge und hochwertiges Essen in sehr guten Restaurants.<\/p>\n<p>Ihr Abenteuer in Kairo und Luxor bietet viele erstaunliche Sehensw\u00fcrdigkeiten und die M\u00f6glichkeit, mit einem Hei\u00dfluftballon zu fliegen.<\/p>\n<p>In Kairo werden Sie die ber\u00fchmten <strong>Pyramiden von Gizeh<\/strong>, die <strong>Gro\u00dfe Sphinx<\/strong> und das <strong>Gro\u00dfe \u00c4gyptische Museum<\/strong> besuchen.<\/p>\n<p>In Luxor haben Sie die einmalige Gelegenheit, das Tal der K\u00f6nige zu erkunden und das Grab von<strong> Tutanchamun<\/strong>, den <strong>Hatschepsut-Tempel<\/strong> und den <strong>Karnak-Tempel<\/strong> zu besuchen. <a href=\"https:\/\/egytourpackages.com\/de\/kontaktieren-sie-uns\/\">Kontaktieren Sie uns<\/a> und buchen Sie Ihren 2-t\u00e4giger Ausflug nach Kairo und Luxor von Marsa Alam.<\/p>\n<h3><span style=\"color: #ff6600;\">Tourdetails<\/span><\/h3>\n<ul>\n<li>Dauer: 2 Tage \/ 1 Nacht<\/li>\n<li>Tour Standort:\u00a0 Kairo und Luxor<\/li>\n<li>Verf\u00fcgbarkeit der Tour: T\u00e4glich<\/li>\n<li>Abholung und R\u00fcckgabe: Marsa Alam Hotels<\/li>\n<li>Tour-Typ:\u00a0 Privat<\/li>\n<li>Rollstuhl: Zug\u00e4nglich<\/li>\n<\/ul>\n<h3><span style=\"color: #ff6600;\">Inklusive<\/span><\/h3>\n<ul>\n<li>\u00c4gyptologe als Reiseleiter<\/li>\n<li>Alle Transfers mit neuem Markenfahrzeug<\/li>\n<li>Eintrittsgelder f\u00fcr alle im Programm genannten Sehensw\u00fcrdigkeiten<\/li>\n<li>Mahlzeiten wie im Programm angegeben<\/li>\n<li>Flugtickets von Hurghada nach Kairo<\/li>\n<li>Flugtickets von Kairo nach Luxor<\/li>\n<li>1 \u00dcbernachtung im Hotel in Kairo mit Blick auf die Pyramiden<\/li>\n<\/ul>\n<h3><span style=\"color: #ff6600;\">Ausgeschlossen<\/span><\/h3>\n<ul>\n<li>Trinkgeld<\/li>\n<li>Getr\u00e4nke w\u00e4hrend der Mahlzeiten<\/li>\n<li>Alle pers\u00f6nlichen Ausgaben<\/li>\n<li>Was Sie mitnehmen sollten<\/li>\n<li>Hut, Sonnenbrille und Sonnencreme<\/li>\n<li>Bequeme Schuhe und Kleidung<\/li>\n<li>Warme Kleidung im Winter<\/li>\n<\/ul>\n<h3><span style=\"color: #ff6600;\">Tag 1, Marsa Alam Hurghada Kairo<\/span><\/h3>\n<p>Unser Vertreter holt Sie von Ihrem Hotel in Marsa Alam ab und bringt Sie zum Flughafen von Hurghada, um nach Kairo zu fliegen. Nach der Ankunft erwartet Sie Ihr Reiseleiter am Ausgang des Flughafens Kairo, um mit Ihnen die Attraktionen von Kairo zu besichtigen<\/p>\n<p><span style=\"color: #ff6600;\"><strong>Pyramiden von Gizeh<\/strong><\/span><\/p>\n<p>Beginnen Sie Ihre Kairoer Sehensw\u00fcrdigkeiten mit den Pyramiden von Gizeh. \u00d6ffnen Sie Ihr Herz und h\u00f6ren Sie Ihrem Reiseleiter zu, w\u00e4hrend Sie die alten Informationen mit den neuesten Informationen \u00fcber die Pyramiden vergleichen.<\/p>\n<p>Erfahren Sie, warum einige Pyramiden auf den G\u00fcrtel des Orion, die Sieben Schwestern oder Plejaden, Andromeda und Mars ausgerichtet sind.<\/p>\n<p>Sie werden viel \u00fcber Energie, Heilung und die Funktion dieser Bauwerke erfahren. Sp\u00e4ter besichtigen Sie die drei Hauptpyramiden von Cheops, Chephren und Menkaure. Gehen Sie zur Sphinx und erfahren Sie mehr \u00fcber die Traumstele und die gigantische Statue der Sphinx.<\/p>\n<h3><span style=\"color: #ff6600;\">Mittagessen<\/span><\/h3>\n<p>Genie\u00dfen Sie ein gutes Mittagessen in einem lokalen Restaurant in der N\u00e4he der Pyramiden<\/p>\n<p><span style=\"color: #ff6600;\"><strong>Gro\u00dfes \u00c4gyptisches Museum<\/strong><\/span><\/p>\n<p>Beenden Sie Ihre Kairo-Tagestouren mit dem gr\u00f6\u00dften Haus f\u00fcr alt\u00e4gyptische Artefakte in der ganzen Welt. Bewundern Sie den h\u00e4ngenden Obelisken, die gro\u00dfe Treppe und erfahren Sie mehr \u00fcber ihre Bedeutung und warum sie in vier Ebenen angeordnet ist.<\/p>\n<p>Gehen Sie in die anderen R\u00e4ume und erfahren Sie mehr \u00fcber K\u00f6nigtum, Gesellschaft und Religion im alten \u00c4gypten.<\/p>\n<p>Am Ende Ihrer Tour und abh\u00e4ngig von Ihrer Flugzeit nach Luxor, werden wir Sie zum Flughafen Kairo bringen, um nach Luxor zu fliegen. Nach der Ankunft checken Sie in Ihrem Hotel in Luxor ein und \u00fcbernachten dort.<\/p>\n<p><span style=\"color: #ff6600;\"><strong>Mahlzeiten:<\/strong><\/span><\/p>\n<p>Fr\u00fchst\u00fcck, Mittagessen, Abendessen<\/p>\n<h3><span style=\"color: #ff6600;\">Tag 2, Kairo Luxor Marsa Alam<\/span><\/h3>\n<p><strong><span style=\"color: #ff6600;\">Optionale Tou<\/span>r<\/strong><\/p>\n<p>Hei\u00dfluftballonfahrt \u00fcber das Westufer von Luxor &#8211; $80 pro Person<\/p>\n<p>Genie\u00dfen Sie Ihr Fr\u00fchst\u00fcck im Hotel nach der Hei\u00dfluftballonfahrt, falls Sie diese machen wollen, oder ein normales Fr\u00fchst\u00fcck, bevor Sie sich Ihrem Reisef\u00fchrer anschlie\u00dfen, um die Sehensw\u00fcrdigkeiten von Luxor zu genie\u00dfen.<\/p>\n<p><span style=\"color: #ff6600;\"><strong>Tal der K\u00f6nige<\/strong><\/span><\/p>\n<p>Erkunden Sie mit Ihrem F\u00fchrer die alt\u00e4gyptische Geschichte w\u00e4hrend der 18., 19. und 20. Dynastie und die Gr\u00fcnde, warum die Pharaonen diesen Ort f\u00fcr ihre letzte Ruhe w\u00e4hlten.<\/p>\n<p>Sie haben die M\u00f6glichkeit, drei Gr\u00e4ber zu besuchen, die in Ihrem Ticket enthalten sind: das Grab von Ramses I., das Grab von Ramses III., das Grab von Ramses IX. und das Grab KV 8 von Merenptah.<\/p>\n<p>Au\u00dferdem k\u00f6nnen Sie das Grab des Botk\u00f6nigs Tutanchamun, das Grab von Seti I. und das Grab von Ramses IV. gegen Geb\u00fchr besuchen.<\/p>\n<p>Am Ende Ihres Besuchs fahren Sie zu Ihrem n\u00e4chsten Ziel<\/p>\n<p><span style=\"color: #ff6600;\"><strong>Hatschepsut-Tempel<\/strong><\/span><\/p>\n<p>Der Al Deir El Bahari-Tempel der Hatschepsut ist ein einzigartiger Tempel am Westufer von Luxor. Erkunden Sie die Aufgabe des Hatschepsut-Tempels und die spirituelle Tour im Inneren des Tempels.<\/p>\n<p>Auch die sch\u00f6nen Landwirtschaftsszenen, Ernteszenen und der Handel mit dem Land Punt. Au\u00dferdem die erstaunlichen Kapellen von Anubis, Hathor und sch\u00f6ne Schnitzereien f\u00fcr die \u00e4gyptischen G\u00f6tter wie Amun, Anubis, Seshat und Isis.<\/p>\n<h3><span style=\"color: #ff6600;\">Mittagessen<\/span><\/h3>\n<p>Genie\u00dfen Sie ein frisch gekochtes Mittagessen in einem lokalen Restaurant<\/p>\n<p><span style=\"color: #ff6600;\"><strong>Karnak-Tempelanlage<\/strong><\/span><\/p>\n<p>Beenden Sie Ihren Tag in Luxor mit einem Besuch der gr\u00f6\u00dften Tempelanlage der Welt. Der Karnak-Tempel des Amun ist ein offenes Buch \u00fcber die alt\u00e4gyptische Religion, die Bildhauerei im alten \u00c4gypten und die Architektur.<\/p>\n<p>In der Tat gibt es hier viele Geb\u00e4ude zu sehen, wie den Ptah-Tempel, die Sekhmet-Kapelle, die Hatschepsut-Obelisken und die Gro\u00dfe Hypostylhalle. Au\u00dferdem der Heilige See, der Botanische Garten, das Freilichtmuseum, die Rote Kapelle und vieles mehr.<\/p>\n<p>Am Ende Ihres 2-t\u00e4gigen Ausflugs nach Kairo und Luxor von Marsa Alam aus fahren wir Sie zur\u00fcck zu Ihrem Hotel in Marsa Alam.<\/p>\n<p><span style=\"color: #ff6600;\"><strong>Mahlzeiten:<\/strong><\/span><\/p>\n<p>Fr\u00fchst\u00fcck, Mittagessen<\/p>\n<h3><span style=\"color: #ff6600;\">2-t\u00e4giger Ausflug nach Kairo und Luxor von Marsa Alam Preis<\/span><\/h3>\n<p>Preis f\u00fcr Erwachsene = 620 \u20ac<\/p>\n<p>Kinder 0-5 Jahre = kostenlos<\/p>\n<p>Kinder 5 -11 Jahre = 50% des Erwachsenenpreises<\/p>\n<h3><span style=\"color: #ff6600;\">\u00a0Buchung<\/span><\/h3>\n<p>Sie k\u00f6nnen Ihre Tour \u00fcber WhatsApp buchen oder uns eine E-Mail schicken und Sie erhalten die Best\u00e4tigung vor Ort.<\/p>\n<p>Bitte senden Sie uns Ihren Hotelnamen, Ihre Zimmernummer und eine Kopie Ihres Reisepasses.<\/p>\n<p>WhatsApp Nummer: +201000852186<\/p>\n<p>info@egytourpackages.com<\/p>\n<h3><span style=\"color: #ff6600;\">Jetzt buchen &amp; vor Ort bezahlen<\/span><\/h3>\n<p>Buchen Sie Ihre Lieblingstour und bezahlen Sie am Tag der Reise<\/p>\n<h3><span style=\"color: #ff6600;\">Zahlung<\/span><\/h3>\n<p>Sie k\u00f6nnen mit \u00e4gyptischen Pfund, $, \u20ac oder \u00a3 bezahlen.<\/p>\n<h3><span style=\"color: #ff6600;\">Stornierungsbedingungen<\/span><\/h3>\n<ul>\n<li>Stornierung ist bis zu 24 Stunden im Voraus kostenlos.<\/li>\n<li>Bei Stornierung am Morgen werden 50% des Preises einbehalten.<\/li>\n<\/ul>\n","protected":false},"excerpt":{"rendered":"<p>2-Tages-Ausflug nach Kairo und Luxor ab Marsa Alam | Entdecken Sie die Pyramiden von Gizeh, das Gro\u00dfe \u00c4gyptische Museum, das Tal der K\u00f6nige und den Karnak-Tempel in zwei Tagen.<\/p>\n","protected":false},"featured_media":3591,"comment_status":"open","ping_status":"closed","template":"","meta":[],"product_brand":[],"product_cat":[1494],"product_tag":[1495,1496],"class_list":{"0":"post-3861","1":"product","2":"type-product","3":"status-publish","4":"has-post-thumbnail","6":"product_cat-touren","7":"product_tag-agypten-tagestouren","8":"product_tag-marsa-alam-ausfluge","9":"tour_category-agypten-tagestouren","10":"tour_category-marsa-alam-ausfluge","12":"first","13":"instock","14":"sale","15":"shipping-taxable","16":"purchasable","17":"product-type-tour","18":"has-default-attributes"},"yoast_head":"<!-- This site is optimized with the Yoast SEO Premium plugin v27.2 (Yoast SEO v27.2) - https:\/\/yoast.com\/product\/yoast-seo-premium-wordpress\/ -->\n<title>2-Tages-Ausflug nach Kairo und Luxor ab Marsa Alam<\/title>\n<meta name=\"description\" content=\"2-Tages-Ausflug nach Kairo und Luxor ab Marsa Alam | Entdecken Sie die Pyramiden von Gizeh, das Gro\u00dfe \u00c4gyptische Museum, das Tal der K\u00f6nige in zwei Tagen.\" \/>\n<meta name=\"robots\" content=\"index, follow, max-snippet:-1, max-image-preview:large, max-video-preview:-1\" \/>\n<link rel=\"canonical\" href=\"https:\/\/egytourpackages.com\/de\/touren\/2-taegiger-ausflug-nach-kairo-und-luxor-von-marsa-alam\/\" \/>\n<meta property=\"og:locale\" content=\"de_DE\" \/>\n<meta property=\"og:type\" content=\"article\" \/>\n<meta property=\"og:title\" content=\"2-Tages-Ausflug nach Kairo und Luxor ab Marsa Alam\" \/>\n<meta property=\"og:description\" content=\"2-Tages-Ausflug nach Kairo und Luxor ab Marsa Alam | Erkunden Sie in zwei Tagen die Pyramiden von Gizeh, das Gro\u00dfe \u00c4gyptische Museum, das Tal der K\u00f6nige und den Karnak-Tempel.\" \/>\n<meta property=\"og:url\" content=\"https:\/\/egytourpackages.com\/de\/touren\/2-taegiger-ausflug-nach-kairo-und-luxor-von-marsa-alam\/\" \/>\n<meta property=\"og:site_name\" content=\"\u00c4gypten-Reisepakete\" \/>\n<meta property=\"article:publisher\" content=\"https:\/\/www.facebook.com\/egytourpackages\" \/>\n<meta property=\"article:modified_time\" content=\"2026-01-04T19:42:48+00:00\" \/>\n<meta property=\"og:image\" content=\"https:\/\/egytourpackages.com\/wp-content\/uploads\/2025\/05\/Amun-Baque-1-1024x683.jpg\" \/>\n<meta name=\"twitter:card\" content=\"summary_large_image\" \/>\n<meta name=\"twitter:title\" content=\"2-Tages-Ausflug nach Kairo und Luxor ab Marsa Alam\" \/>\n<meta name=\"twitter:label1\" content=\"Preis\" \/>\n\t<meta name=\"twitter:data1\" content=\"&euro;620\" \/>\n\t<meta name=\"twitter:label2\" content=\"Verf\u00fcgbarkeit\" \/>\n\t<meta name=\"twitter:data2\" content=\"Auf Lager\" \/>\n<script type=\"application\/ld+json\" class=\"yoast-schema-graph\">{\"@context\":\"https:\/\/schema.org\",\"@graph\":[{\"@type\":\"WebPage\",\"@id\":\"https:\/\/egytourpackages.com\/de\/touren\/2-taegiger-ausflug-nach-kairo-und-luxor-von-marsa-alam\/\",\"url\":\"https:\/\/egytourpackages.com\/de\/touren\/2-taegiger-ausflug-nach-kairo-und-luxor-von-marsa-alam\/\",\"name\":\"2-Tages-Ausflug nach Kairo und Luxor ab Marsa Alam\",\"isPartOf\":{\"@id\":\"https:\/\/egytourpackages.com\/de\/#website\"},\"primaryImageOfPage\":{\"@id\":\"https:\/\/egytourpackages.com\/de\/touren\/2-taegiger-ausflug-nach-kairo-und-luxor-von-marsa-alam\/#primaryimage\"},\"image\":{\"@id\":\"https:\/\/egytourpackages.com\/de\/touren\/2-taegiger-ausflug-nach-kairo-und-luxor-von-marsa-alam\/#primaryimage\"},\"thumbnailUrl\":\"https:\/\/egytourpackages.com\/wp-content\/uploads\/2025\/05\/Amun-Baque-1.jpg\",\"datePublished\":\"2025-05-19T20:11:03+00:00\",\"dateModified\":\"2026-01-04T19:42:48+00:00\",\"description\":\"2-Tages-Ausflug nach Kairo und Luxor ab Marsa Alam | Entdecken Sie die Pyramiden von Gizeh, das Gro\u00dfe \u00c4gyptische Museum, das Tal der K\u00f6nige in zwei Tagen.\",\"breadcrumb\":{\"@id\":\"https:\/\/egytourpackages.com\/de\/touren\/2-taegiger-ausflug-nach-kairo-und-luxor-von-marsa-alam\/#breadcrumb\"},\"inLanguage\":\"de\",\"potentialAction\":[{\"@type\":\"ReadAction\",\"target\":[\"https:\/\/egytourpackages.com\/de\/touren\/2-taegiger-ausflug-nach-kairo-und-luxor-von-marsa-alam\/\"]}]},{\"@type\":\"ImageObject\",\"inLanguage\":\"de\",\"@id\":\"https:\/\/egytourpackages.com\/de\/touren\/2-taegiger-ausflug-nach-kairo-und-luxor-von-marsa-alam\/#primaryimage\",\"url\":\"https:\/\/egytourpackages.com\/wp-content\/uploads\/2025\/05\/Amun-Baque-1.jpg\",\"contentUrl\":\"https:\/\/egytourpackages.com\/wp-content\/uploads\/2025\/05\/Amun-Baque-1.jpg\",\"width\":1200,\"height\":800,\"caption\":\"2-Tages-Ausflug nach Kairo und Luxor ab Marsa Alam\"},{\"@type\":\"BreadcrumbList\",\"@id\":\"https:\/\/egytourpackages.com\/de\/touren\/2-taegiger-ausflug-nach-kairo-und-luxor-von-marsa-alam\/#breadcrumb\",\"itemListElement\":[{\"@type\":\"ListItem\",\"position\":1,\"name\":\"Startseite\",\"item\":\"https:\/\/egytourpackages.com\/de\/\"},{\"@type\":\"ListItem\",\"position\":2,\"name\":\"Shop\",\"item\":\"https:\/\/egytourpackages.com\/de\/shop\/\"},{\"@type\":\"ListItem\",\"position\":3,\"name\":\"2-Tages-Ausflug nach Kairo und Luxor ab Marsa Alam\"}]},{\"@type\":\"WebSite\",\"@id\":\"https:\/\/egytourpackages.com\/de\/#website\",\"url\":\"https:\/\/egytourpackages.com\/de\/\",\"name\":\"Egy tour packages\",\"description\":\"\",\"publisher\":{\"@id\":\"https:\/\/egytourpackages.com\/de\/#organization\"},\"potentialAction\":[{\"@type\":\"SearchAction\",\"target\":{\"@type\":\"EntryPoint\",\"urlTemplate\":\"https:\/\/egytourpackages.com\/de\/?s={search_term_string}\"},\"query-input\":{\"@type\":\"PropertyValueSpecification\",\"valueRequired\":true,\"valueName\":\"search_term_string\"}}],\"inLanguage\":\"de\"},{\"@type\":[\"Organization\",\"Place\",\"TravelAgency\"],\"@id\":\"https:\/\/egytourpackages.com\/de\/#organization\",\"name\":\"egypt tour packages\",\"alternateName\":\"egypt tour packages\",\"url\":\"https:\/\/egytourpackages.com\/de\/\",\"logo\":{\"@id\":\"https:\/\/egytourpackages.com\/de\/touren\/2-taegiger-ausflug-nach-kairo-und-luxor-von-marsa-alam\/#local-main-organization-logo\"},\"image\":{\"@id\":\"https:\/\/egytourpackages.com\/de\/touren\/2-taegiger-ausflug-nach-kairo-und-luxor-von-marsa-alam\/#local-main-organization-logo\"},\"sameAs\":[\"https:\/\/www.facebook.com\/egytourpackages\"],\"legalName\":\"Egy tour packages\",\"address\":{\"@id\":\"https:\/\/egytourpackages.com\/de\/touren\/2-taegiger-ausflug-nach-kairo-und-luxor-von-marsa-alam\/#local-main-place-address\"},\"telephone\":[\"00201000852186\",\"00201028685533\"],\"contactPoint\":{\"@type\":\"ContactPoint\",\"telephone\":\"00201000852186\"},\"openingHoursSpecification\":[{\"@type\":\"OpeningHoursSpecification\",\"dayOfWeek\":[\"Monday\",\"Tuesday\",\"Wednesday\",\"Thursday\",\"Friday\",\"Saturday\",\"Sunday\"],\"opens\":\"00:00\",\"closes\":\"23:59\"}],\"email\":\"info@egytourpackages.com\",\"areaServed\":\"Cairo, Hurghada, Luxor, Sharm El Sheikh, Marsa Alam, Aswan\",\"priceRange\":\"$\",\"currenciesAccepted\":\"euro\",\"paymentAccepted\":\"Payment links online\"},{\"@type\":\"PostalAddress\",\"@id\":\"https:\/\/egytourpackages.com\/de\/touren\/2-taegiger-ausflug-nach-kairo-und-luxor-von-marsa-alam\/#local-main-place-address\",\"streetAddress\":\"Mubarak 8, Al Kawthar District, Hurghada\",\"addressLocality\":\"Hurghada\",\"postalCode\":\"84511\",\"addressRegion\":\"Red Sea\",\"addressCountry\":\"EG\"},{\"@type\":\"ImageObject\",\"inLanguage\":\"de\",\"@id\":\"https:\/\/egytourpackages.com\/de\/touren\/2-taegiger-ausflug-nach-kairo-und-luxor-von-marsa-alam\/#local-main-organization-logo\",\"url\":\"https:\/\/egytourpackages.com\/wp-content\/uploads\/2025\/12\/Turquoise-Dahabiya-Nile-Cruise-1.jpeg\",\"contentUrl\":\"https:\/\/egytourpackages.com\/wp-content\/uploads\/2025\/12\/Turquoise-Dahabiya-Nile-Cruise-1.jpeg\",\"width\":1040,\"height\":694,\"caption\":\"egypt tour packages\"}]}<\/script>\n<meta property=\"product:brand\" content=\"\u00c4gypten Tagestouren\" \/>\n<meta property=\"product:price:amount\" content=\"620\" \/>\n<meta property=\"product:price:currency\" content=\"EUR\" \/>\n<meta property=\"og:availability\" content=\"instock\" \/>\n<meta property=\"product:availability\" content=\"instock\" \/>\n<meta property=\"product:retailer_item_id\" content=\"MAT08\" \/>\n<meta property=\"product:condition\" content=\"new\" \/>\n<meta name=\"geo.placename\" content=\"Hurghada\" \/>\n<meta name=\"geo.region\" content=\"\u00c4gypten\" \/>\n<!-- \/ Yoast SEO Premium plugin. -->","yoast_head_json":{"title":"2-Tages-Ausflug nach Kairo und Luxor ab Marsa Alam","description":"2-Tages-Ausflug nach Kairo und Luxor ab Marsa Alam | Entdecken Sie die Pyramiden von Gizeh, das Gro\u00dfe \u00c4gyptische Museum, das Tal der K\u00f6nige in zwei Tagen.","robots":{"index":"index","follow":"follow","max-snippet":"max-snippet:-1","max-image-preview":"max-image-preview:large","max-video-preview":"max-video-preview:-1"},"canonical":"https:\/\/egytourpackages.com\/de\/touren\/2-taegiger-ausflug-nach-kairo-und-luxor-von-marsa-alam\/","og_locale":"de_DE","og_type":"article","og_title":"2-Tages-Ausflug nach Kairo und Luxor ab Marsa Alam","og_description":"2-Tages-Ausflug nach Kairo und Luxor ab Marsa Alam | Erkunden Sie in zwei Tagen die Pyramiden von Gizeh, das Gro\u00dfe \u00c4gyptische Museum, das Tal der K\u00f6nige und den Karnak-Tempel.","og_url":"https:\/\/egytourpackages.com\/de\/touren\/2-taegiger-ausflug-nach-kairo-und-luxor-von-marsa-alam\/","og_site_name":"\u00c4gypten-Reisepakete","article_publisher":"https:\/\/www.facebook.com\/egytourpackages","article_modified_time":"2026-01-04T19:42:48+00:00","og_image":[{"url":"https:\/\/egytourpackages.com\/wp-content\/uploads\/2025\/05\/Amun-Baque-1-1024x683.jpg","type":"","width":"","height":""}],"twitter_card":"summary_large_image","twitter_title":"2-Tages-Ausflug nach Kairo und Luxor ab Marsa Alam","twitter_misc":{"Preis":"&euro;620","Verf\u00fcgbarkeit":"Auf Lager"},"schema":{"@context":"https:\/\/schema.org","@graph":[{"@type":"WebPage","@id":"https:\/\/egytourpackages.com\/de\/touren\/2-taegiger-ausflug-nach-kairo-und-luxor-von-marsa-alam\/","url":"https:\/\/egytourpackages.com\/de\/touren\/2-taegiger-ausflug-nach-kairo-und-luxor-von-marsa-alam\/","name":"2-Tages-Ausflug nach Kairo und Luxor ab Marsa Alam","isPartOf":{"@id":"https:\/\/egytourpackages.com\/de\/#website"},"primaryImageOfPage":{"@id":"https:\/\/egytourpackages.com\/de\/touren\/2-taegiger-ausflug-nach-kairo-und-luxor-von-marsa-alam\/#primaryimage"},"image":{"@id":"https:\/\/egytourpackages.com\/de\/touren\/2-taegiger-ausflug-nach-kairo-und-luxor-von-marsa-alam\/#primaryimage"},"thumbnailUrl":"https:\/\/egytourpackages.com\/wp-content\/uploads\/2025\/05\/Amun-Baque-1.jpg","datePublished":"2025-05-19T20:11:03+00:00","dateModified":"2026-01-04T19:42:48+00:00","description":"2-Tages-Ausflug nach Kairo und Luxor ab Marsa Alam | Entdecken Sie die Pyramiden von Gizeh, das Gro\u00dfe \u00c4gyptische Museum, das Tal der K\u00f6nige in zwei Tagen.","breadcrumb":{"@id":"https:\/\/egytourpackages.com\/de\/touren\/2-taegiger-ausflug-nach-kairo-und-luxor-von-marsa-alam\/#breadcrumb"},"inLanguage":"de","potentialAction":[{"@type":"ReadAction","target":["https:\/\/egytourpackages.com\/de\/touren\/2-taegiger-ausflug-nach-kairo-und-luxor-von-marsa-alam\/"]}]},{"@type":"ImageObject","inLanguage":"de","@id":"https:\/\/egytourpackages.com\/de\/touren\/2-taegiger-ausflug-nach-kairo-und-luxor-von-marsa-alam\/#primaryimage","url":"https:\/\/egytourpackages.com\/wp-content\/uploads\/2025\/05\/Amun-Baque-1.jpg","contentUrl":"https:\/\/egytourpackages.com\/wp-content\/uploads\/2025\/05\/Amun-Baque-1.jpg","width":1200,"height":800,"caption":"2-Tages-Ausflug nach Kairo und Luxor ab Marsa Alam"},{"@type":"BreadcrumbList","@id":"https:\/\/egytourpackages.com\/de\/touren\/2-taegiger-ausflug-nach-kairo-und-luxor-von-marsa-alam\/#breadcrumb","itemListElement":[{"@type":"ListItem","position":1,"name":"Startseite","item":"https:\/\/egytourpackages.com\/de\/"},{"@type":"ListItem","position":2,"name":"Shop","item":"https:\/\/egytourpackages.com\/de\/shop\/"},{"@type":"ListItem","position":3,"name":"2-Tages-Ausflug nach Kairo und Luxor ab Marsa Alam"}]},{"@type":"WebSite","@id":"https:\/\/egytourpackages.com\/de\/#website","url":"https:\/\/egytourpackages.com\/de\/","name":"Egy tour packages","description":"","publisher":{"@id":"https:\/\/egytourpackages.com\/de\/#organization"},"potentialAction":[{"@type":"SearchAction","target":{"@type":"EntryPoint","urlTemplate":"https:\/\/egytourpackages.com\/de\/?s={search_term_string}"},"query-input":{"@type":"PropertyValueSpecification","valueRequired":true,"valueName":"search_term_string"}}],"inLanguage":"de"},{"@type":["Organization","Place","TravelAgency"],"@id":"https:\/\/egytourpackages.com\/de\/#organization","name":"egypt tour packages","alternateName":"egypt tour packages","url":"https:\/\/egytourpackages.com\/de\/","logo":{"@id":"https:\/\/egytourpackages.com\/de\/touren\/2-taegiger-ausflug-nach-kairo-und-luxor-von-marsa-alam\/#local-main-organization-logo"},"image":{"@id":"https:\/\/egytourpackages.com\/de\/touren\/2-taegiger-ausflug-nach-kairo-und-luxor-von-marsa-alam\/#local-main-organization-logo"},"sameAs":["https:\/\/www.facebook.com\/egytourpackages"],"legalName":"Egy tour packages","address":{"@id":"https:\/\/egytourpackages.com\/de\/touren\/2-taegiger-ausflug-nach-kairo-und-luxor-von-marsa-alam\/#local-main-place-address"},"telephone":["00201000852186","00201028685533"],"contactPoint":{"@type":"ContactPoint","telephone":"00201000852186"},"openingHoursSpecification":[{"@type":"OpeningHoursSpecification","dayOfWeek":["Monday","Tuesday","Wednesday","Thursday","Friday","Saturday","Sunday"],"opens":"00:00","closes":"23:59"}],"email":"info@egytourpackages.com","areaServed":"Cairo, Hurghada, Luxor, Sharm El Sheikh, Marsa Alam, Aswan","priceRange":"$","currenciesAccepted":"euro","paymentAccepted":"Payment links online"},{"@type":"PostalAddress","@id":"https:\/\/egytourpackages.com\/de\/touren\/2-taegiger-ausflug-nach-kairo-und-luxor-von-marsa-alam\/#local-main-place-address","streetAddress":"Mubarak 8, Al Kawthar District, Hurghada","addressLocality":"Hurghada","postalCode":"84511","addressRegion":"Red Sea","addressCountry":"EG"},{"@type":"ImageObject","inLanguage":"de","@id":"https:\/\/egytourpackages.com\/de\/touren\/2-taegiger-ausflug-nach-kairo-und-luxor-von-marsa-alam\/#local-main-organization-logo","url":"https:\/\/egytourpackages.com\/wp-content\/uploads\/2025\/12\/Turquoise-Dahabiya-Nile-Cruise-1.jpeg","contentUrl":"https:\/\/egytourpackages.com\/wp-content\/uploads\/2025\/12\/Turquoise-Dahabiya-Nile-Cruise-1.jpeg","width":1040,"height":694,"caption":"egypt tour packages"}]},"product_brand":"\u00c4gypten Tagestouren","product_price_amount":"620","product_price_currency":"EUR","og_availability":"instock","product_availability":"instock","product_retailer_item_id":"MAT08","product_condition":"new","geo.placename":"Hurghada","geo.region":"\u00c4gypten"},"_links":{"self":[{"href":"https:\/\/egytourpackages.com\/de\/wp-json\/wp\/v2\/product\/3861","targetHints":{"allow":["GET"]}}],"collection":[{"href":"https:\/\/egytourpackages.com\/de\/wp-json\/wp\/v2\/product"}],"about":[{"href":"https:\/\/egytourpackages.com\/de\/wp-json\/wp\/v2\/types\/product"}],"replies":[{"embeddable":true,"href":"https:\/\/egytourpackages.com\/de\/wp-json\/wp\/v2\/comments?post=3861"}],"wp:featuredmedia":[{"embeddable":true,"href":"https:\/\/egytourpackages.com\/de\/wp-json\/wp\/v2\/media\/3591"}],"wp:attachment":[{"href":"https:\/\/egytourpackages.com\/de\/wp-json\/wp\/v2\/media?parent=3861"}],"wp:term":[{"taxonomy":"product_brand","embeddable":true,"href":"https:\/\/egytourpackages.com\/de\/wp-json\/wp\/v2\/product_brand?post=3861"},{"taxonomy":"product_cat","embeddable":true,"href":"https:\/\/egytourpackages.com\/de\/wp-json\/wp\/v2\/product_cat?post=3861"},{"taxonomy":"product_tag","embeddable":true,"href":"https:\/\/egytourpackages.com\/de\/wp-json\/wp\/v2\/product_tag?post=3861"}],"curies":[{"name":"wp","href":"https:\/\/api.w.org\/{rel}","templated":true}]}}