{"id":3862,"date":"2025-05-18T22:06:10","date_gmt":"2025-05-18T22:06:10","guid":{"rendered":"https:\/\/egytourpackages.com\/product\/zweitaegiger-ausflug-nach-luxor-und-kairo-ab-marsa-alam\/"},"modified":"2026-01-04T19:42:05","modified_gmt":"2026-01-04T19:42:05","slug":"zweitaegiger-ausflug-nach-luxor-und-kairo-ab-marsa-alam","status":"publish","type":"product","link":"https:\/\/egytourpackages.com\/de\/touren\/zweitaegiger-ausflug-nach-luxor-und-kairo-ab-marsa-alam\/","title":{"rendered":"Zweit\u00e4giger Ausflug nach Luxor und Kairo ab Marsa Alam"},"content":{"rendered":"<p><strong><span style=\"color: #ff6600;\">Zweit\u00e4giger Ausflug nach Luxor und Kairo ab Marsa Alam<\/span> |<\/strong>Die besten <a href=\"https:\/\/egytourpackages.com\/de\/Reisekategorie\/marsa-alam-ausfluge\/\">Marsa Alam Touren<\/a><\/p>\n<h2><span style=\"color: #ff6600;\">\u00dcberblick<\/span><\/h2>\n<p><strong>Ein zweit\u00e4giger Ausflug nach Luxor und Kairo ab Marsa Alam<\/strong> hilft Ihnen, die 7000 Jahre alte \u00e4gyptische Zivilisation zu verstehen und zu entdecken.<\/p>\n<p>Unsere Reisepakete beinhalten einen erfahrenen Reiseleiter, moderne Fahrzeuge und hochwertiges Essen in sehr guten Restaurants. Ihr Abenteuer in Luxor und Kairo umfasst die Sehensw\u00fcrdigkeiten von Luxor und Kairo.<\/p>\n<p>In Luxor erkunden Sie das Tal der K\u00f6nige und haben die M\u00f6glichkeit, das Grab von Tutanchamun, den Hatschepsut-Tempel und den Karnak-Tempel zu besichtigen.<\/p>\n<p>Die Kairo-Touren beinhalten die ber\u00fchmten Pyramiden von Gizeh, die Gro\u00dfe Sphinx und das \u00c4gyptische Museum. Anschlie\u00dfend fliegen Sie zur\u00fcck nach Hurghada und werden zu Ihrem Hotel in Marsa Alam gebracht.<\/p>\n<h3><span style=\"color: #ff6600;\">Tourdetails<\/span><\/h3>\n<ul>\n<li>Dauer: 2 Tage \/ 1 Nacht<\/li>\n<li>Tour Standort:\u00a0 Luxor &#8211; Kairo<\/li>\n<li>Tour Verf\u00fcgbarkeit: T\u00e4glich<\/li>\n<li>Abholung und R\u00fcckgabe: Marsa Alam Hotels<\/li>\n<li>Tour-Typ:\u00a0 Privat<\/li>\n<li>Rollstuhl: Zug\u00e4nglich<\/li>\n<\/ul>\n<h3><span style=\"color: #ff6600;\">Inklusive<\/span><\/h3>\n<ul>\n<li>\u00c4gyptologe als Reiseleiter<\/li>\n<li>Alle Transfers mit neuem Markenfahrzeug<\/li>\n<li>Eintrittsgelder f\u00fcr alle im Programm genannten Sehensw\u00fcrdigkeiten<\/li>\n<li>Mahlzeiten wie im Programm angegeben<\/li>\n<li>Flugtickets von Kairo nach Hurghada<\/li>\n<li>1 \u00dcbernachtung im Luxor Hotel 4**** auf B\/B-Basis<\/li>\n<\/ul>\n<h3><span style=\"color: #ff6600;\">Ausschl\u00fcsse<\/span><\/h3>\n<ul>\n<li>Trinkgeld<\/li>\n<li>Getr\u00e4nke w\u00e4hrend der Mahlzeiten<\/li>\n<li>Jegliche pers\u00f6nliche Ausgaben<\/li>\n<li>Was Sie mitnehmen sollten<\/li>\n<li>Hut, Sonnenbrille und Sonnencreme<\/li>\n<li>Bequeme Schuhe und Kleidung<\/li>\n<li>Warme Kleidung im Winter<\/li>\n<\/ul>\n<h3><span style=\"color: #ff6600;\">Tag 1, Marsa Alam \u2013 Luxor<\/span><\/h3>\n<p>Treffen Sie Ihren Reiseleiter an der Rezeption Ihres Hotels und starten Sie Ihre zweit\u00e4gige Reise nach Luxor und Kairo von Marsa Alam aus. Genie\u00dfen Sie auf dem Weg nach Luxor eine Kaffeepause, bei der Sie fr\u00fchst\u00fccken oder Ihren Morgenkaffee trinken k\u00f6nnen. Nach Ihrer Ankunft beginnen Sie Ihre Luxor-Sehensw\u00fcrdigkeiten am Westufer.<\/p>\n<h4><span style=\"color: #ff6600;\">Tal der K\u00f6nige<\/span><\/h4>\n<p>Entdecken Sie mit Ihrem Reiseleiter die alt\u00e4gyptische Geschichte der 18., 19. und 20. Dynastie und erfahren Sie, warum die Pharaonen diesen Ort als ihre letzte Ruhest\u00e4tte w\u00e4hlten.<\/p>\n<p>Sie haben die M\u00f6glichkeit, drei im Ticketpreis enthaltene Gr\u00e4ber zu besichtigen: das Grab von Ramses I., das Grab von Ramses III., das Grab von Ramses IX. und das Grab KV 8 von Merenptah.<\/p>\n<p>Zus\u00e4tzlich k\u00f6nnen Sie das Grab des K\u00f6nigs Tutanchamun, das Grab von Seti I. und das Grab von Ramses IV. gegen Aufpreis hinzuf\u00fcgen.<\/p>\n<p>Am Ende Ihres Besuchs fahren Sie zu Ihrem n\u00e4chsten Halt:<\/p>\n<h4><span style=\"color: #ff6600;\">Hatschepsut-Tempel<\/span><\/h4>\n<p>Der Al-Deir-el-Bahari-Tempel der Hatschepsut ist ein einzigartiger Tempel am Westufer von Luxor. Entdecken Sie die Mission des Hatschepsut-Tempels und den spirituellen Rundgang im Inneren.<\/p>\n<p>Entdecken Sie au\u00dferdem die wundersch\u00f6nen Landwirtschafts- und Ernteszenen sowie den Handel mit dem Punt-Land. Bewundern Sie au\u00dferdem die beeindruckenden Kapellen von Anubis und Hathor sowie wundersch\u00f6ne Schnitzereien \u00e4gyptischer G\u00f6tter wie Amun, Anubis, Seshat und Isis.<\/p>\n<h4><span style=\"color: #ff6600;\">Memnon-Kolosse<\/span><\/h4>\n<p>Die singenden Statuen oder der vokale Memnon von Amenophis III., einem K\u00f6nig der 18. Dynastie, der \u00c4gypten 38 Jahre lang regierte. Diese beiden gigantischen Statuen schm\u00fcckten den Eingang des Totentempels des K\u00f6nigs. Ihr Guide erkl\u00e4rt Ihnen die Statuen und die Rituale der <span style=\"color: #ff6600;\">Mund\u00f6ffnung im Tempel.<\/span><\/p>\n<h3><span style=\"color: #ff6600;\">Mittagessen<\/span><\/h3>\n<p>Genie\u00dfen Sie ein frisch gekochtes Mittagessen in einem lokalen Restaurant<\/p>\n<h4><span style=\"color: #ff6600;\">Karnak-Tempelanlage<\/span><\/h4>\n<p>Beenden Sie Ihren Tag in Luxor mit einem Besuch der gr\u00f6\u00dften Tempelanlage der Welt. Der Karnak-Tempel ist ein offenes Buch \u00fcber die alt\u00e4gyptische Religion, die Bildhauerei im alten \u00c4gypten und die Architektur.<\/p>\n<p>Sie k\u00f6nnen hier zahlreiche Geb\u00e4ude besichtigen, wie den Ptah-Tempel, die Sekhmet-Kapelle, die Obelisken der Hatschepsut und die Gro\u00dfe Hypostylhalle. Au\u00dferdem der Heilige See, der Botanische Garten, das Freilichtmuseum und vieles mehr.<\/p>\n<p>Sp\u00e4ter begleitet Sie Ihr Reiseleiter zum reibungslosen Einchecken in Ihr Hotel in Luxor und zur \u00dcbernachtung.<\/p>\n<p><span style=\"color: #ff6600;\"><strong>Mahlzeiten<\/strong><\/span><\/p>\n<p>Fr\u00fchst\u00fcck, Mittagessen, Abendessen<\/p>\n<h3><span style=\"color: #ff6600;\">Tag 2, Kairo, Hurghada, Marsa Alam<\/span><\/h3>\n<p>Genie\u00dfen Sie Ihr Fr\u00fchst\u00fcck im Hotel und fahren Sie anschlie\u00dfend zum Flughafen Luxor, um nach Kairo zu fliegen. Nach Ihrer Ankunft am Flughafen Kairo begleitet Sie Ihr Reiseleiter zu Ihren Sehensw\u00fcrdigkeiten in Kairo.<\/p>\n<h4><span style=\"color: #ff6600;\">Pyramiden von Gizeh<\/span><\/h4>\n<p>Genie\u00dfen Sie Ihren Besuch auf dem Gizeh-Plateau und sehen Sie die ber\u00fchmten Pyramiden von Cheops, Chephren und Mykerinos. Erleben Sie die Gegend aus einer neuen Perspektive und erfahren Sie mehr \u00fcber die neuesten Entdeckungen.<\/p>\n<p>Besuchen Sie die Gro\u00dfe Pyramide, die K\u00f6niginnenpyramiden, die Sonnenschiffgruben und den Tempel der Seele. Entdecken Sie die Energie der Pyramiden und ihre Verbindung zum Oriong\u00fcrtel und dem modernen Begriff Mer Ka Ba.<\/p>\n<h4><span style=\"color: #ff6600;\">Die Gro\u00dfe Sphinx<\/span><\/h4>\n<p>Beenden Sie Ihre Tour bei der Gro\u00dfen Sphinx und der Traumstele und erfahren Sie mehr \u00fcber die Mumifizierung im Tempel in der N\u00e4he der Sphinx.<\/p>\n<h3><span style=\"color: #ff6600;\">Mittagessen<\/span><\/h3>\n<p>Genie\u00dfen Sie ein frisch zubereitetes Mittagessen in einem Restaurant in der N\u00e4he der Pyramiden und des GEM.<\/p>\n<h4><span style=\"color: #ff6600;\">Gro\u00dfes \u00c4gyptisches Museum<\/span><\/h4>\n<p>Beenden Sie Ihre Kairo-Touren mit dem GEM oder dem Gro\u00dfen \u00c4gyptischen Museum, wo Sie von den erstaunlichen Artefakten aus dem Alten, Mittleren und Neuen Reich \u00fcberrascht sein werden.<\/p>\n<p>Verbringen Sie so viel Zeit, wie Sie m\u00f6chten, und bestaunen Sie den gro\u00dfen Korridor, die R\u00e4ume des K\u00f6nigtums, die R\u00e4ume der Gesellschaft und die R\u00e4ume des alt\u00e4gyptischen Glaubens.<\/p>\n<p>Sp\u00e4ter werden Sie zum Kairoer Flughafen gebracht, um nach Hurghada zu fliegen. Ihr zweit\u00e4giger Ausflug nach Luxor und Kairo von Marsa Alam aus endet mit dem R\u00fccktransfer zu Ihrem Hotel.<\/p>\n<h3><span style=\"color: #ff6600;\">Luxor und Kairo Zweitagesausflug ab Marsa Alam Preis<\/span><\/h3>\n<p>Preis f\u00fcr Erwachsene = 520 \u20ac<\/p>\n<p>Kinder 0-5 Jahre = kostenlos<\/p>\n<p>Kinder 5 -11 Jahre = 50% des Erwachsenenpreises<\/p>\n<h3><span style=\"color: #ff6600;\">Buchung<\/span><\/h3>\n<p>Sie k\u00f6nnen Ihre Tour per WhatsApp oder E-Mail buchen. Sie erhalten die Best\u00e4tigung direkt vor Ort.<\/p>\n<p>Bitte senden Sie uns Ihren Hotelnamen, Ihre Zimmernummer und Ihre Passkopien.<\/p>\n<p>WhatsApp: +201000852186<\/p>\n<p>info@egytourpackages.com<\/p>\n<h3><span style=\"color: #ff6600;\">Jetzt buchen &amp; vor Ort bezahlen<\/span><\/h3>\n<p>Buchen Sie Ihre Lieblingstour und bezahlen Sie am Reisetag.<\/p>\n<h3><span style=\"color: #ff6600;\">Zahlung<\/span><\/h3>\n<p>Sie k\u00f6nnen in \u00c4gyptischen Pfund, $, \u20ac oder \u00a3 bezahlen.<\/p>\n<h3><span style=\"color: #ff6600;\">Stornierungsbedingungen<\/span><\/h3>\n<ul>\n<li>Stornierung bis 24 Stunden im Voraus kostenlos.<\/li>\n<li>Bei Stornierung am Morgen fallen 50 % des Reisepreises an.<\/li>\n<\/ul>\n","protected":false},"excerpt":{"rendered":"<p>Zweit\u00e4giger Ausflug nach Luxor und Kairo ab Marsa Alam | Erkunden Sie das Tal der K\u00f6nige, die Pyramiden von Gizeh und das Gro\u00dfe \u00c4gyptische Museum in zwei Tagen ab Marsa Alam.<\/p>\n","protected":false},"featured_media":3582,"comment_status":"open","ping_status":"closed","template":"","meta":[],"product_brand":[],"product_cat":[1494],"product_tag":[1495,1509,1496],"class_list":{"0":"post-3862","1":"product","2":"type-product","3":"status-publish","4":"has-post-thumbnail","6":"product_cat-touren","7":"product_tag-agypten-tagestouren","8":"product_tag-agypten-tourpakete-von-marsa-alam","9":"product_tag-marsa-alam-ausfluge","10":"tour_category-agypten-tagestouren","11":"tour_category-marsa-alam-ausfluge","13":"first","14":"instock","15":"sale","16":"shipping-taxable","17":"purchasable","18":"product-type-tour","19":"has-default-attributes"},"yoast_head":"<!-- This site is optimized with the Yoast SEO Premium plugin v27.4 (Yoast SEO v27.4) - https:\/\/yoast.com\/product\/yoast-seo-premium-wordpress\/ -->\n<title>Zweit\u00e4giger Ausflug nach Luxor und Kairo ab Marsa Alam<\/title>\n<meta name=\"description\" content=\"Zweit\u00e4giger Ausflug nach Luxor und Kairo ab Marsa Alam | Erkunden Sie das Tal der K\u00f6nige, die Pyramiden von Gizeh und das Gro\u00dfe \u00c4gyptische Museum.\" \/>\n<meta name=\"robots\" content=\"index, follow, max-snippet:-1, max-image-preview:large, max-video-preview:-1\" \/>\n<link rel=\"canonical\" href=\"https:\/\/egytourpackages.com\/de\/touren\/zweitaegiger-ausflug-nach-luxor-und-kairo-ab-marsa-alam\/\" \/>\n<meta property=\"og:locale\" content=\"de_DE\" \/>\n<meta property=\"og:type\" content=\"article\" \/>\n<meta property=\"og:title\" content=\"Zweit\u00e4giger Ausflug nach Luxor und Kairo ab Marsa Alam\" \/>\n<meta property=\"og:description\" content=\"Luxor und Kairo in zwei Tagen ab Marsa Alam | Entdecken Sie das Tal der K\u00f6nige, die Pyramiden von Gizeh und das Gro\u00dfe \u00c4gyptische Museum in zwei Tagen ab Marsa Alam.\" \/>\n<meta property=\"og:url\" content=\"https:\/\/egytourpackages.com\/de\/touren\/zweitaegiger-ausflug-nach-luxor-und-kairo-ab-marsa-alam\/\" \/>\n<meta property=\"og:site_name\" content=\"\u00c4gypten-Reisepakete\" \/>\n<meta property=\"article:publisher\" content=\"https:\/\/www.facebook.com\/egytourpackages\" \/>\n<meta property=\"article:modified_time\" content=\"2026-01-04T19:42:05+00:00\" \/>\n<meta property=\"og:image\" content=\"https:\/\/egytourpackages.com\/wp-content\/uploads\/2025\/05\/Giza-Pyramids-at-night-1024x473.jpg\" \/>\n<meta name=\"twitter:card\" content=\"summary_large_image\" \/>\n<meta name=\"twitter:title\" content=\"Zweit\u00e4giger Ausflug nach Luxor und Kairo ab Marsa Alam\" \/>\n<meta name=\"twitter:label1\" content=\"Preis\" \/>\n\t<meta name=\"twitter:data1\" content=\"&euro;510\" \/>\n\t<meta name=\"twitter:label2\" content=\"Verf\u00fcgbarkeit\" \/>\n\t<meta name=\"twitter:data2\" content=\"Auf Lager\" \/>\n<script type=\"application\/ld+json\" class=\"yoast-schema-graph\">{\"@context\":\"https:\\\/\\\/schema.org\",\"@graph\":[{\"@type\":\"WebPage\",\"@id\":\"https:\\\/\\\/egytourpackages.com\\\/de\\\/touren\\\/zweitaegiger-ausflug-nach-luxor-und-kairo-ab-marsa-alam\\\/\",\"url\":\"https:\\\/\\\/egytourpackages.com\\\/de\\\/touren\\\/zweitaegiger-ausflug-nach-luxor-und-kairo-ab-marsa-alam\\\/\",\"name\":\"Zweit\u00e4giger Ausflug nach Luxor und Kairo ab Marsa Alam\",\"isPartOf\":{\"@id\":\"https:\\\/\\\/egytourpackages.com\\\/de\\\/#website\"},\"primaryImageOfPage\":{\"@id\":\"https:\\\/\\\/egytourpackages.com\\\/de\\\/touren\\\/zweitaegiger-ausflug-nach-luxor-und-kairo-ab-marsa-alam\\\/#primaryimage\"},\"image\":{\"@id\":\"https:\\\/\\\/egytourpackages.com\\\/de\\\/touren\\\/zweitaegiger-ausflug-nach-luxor-und-kairo-ab-marsa-alam\\\/#primaryimage\"},\"thumbnailUrl\":\"https:\\\/\\\/egytourpackages.com\\\/wp-content\\\/uploads\\\/2025\\\/05\\\/Giza-Pyramids-at-night.jpg\",\"datePublished\":\"2025-05-18T22:06:10+00:00\",\"dateModified\":\"2026-01-04T19:42:05+00:00\",\"description\":\"Zweit\u00e4giger Ausflug nach Luxor und Kairo ab Marsa Alam | Erkunden Sie das Tal der K\u00f6nige, die Pyramiden von Gizeh und das Gro\u00dfe \u00c4gyptische Museum.\",\"breadcrumb\":{\"@id\":\"https:\\\/\\\/egytourpackages.com\\\/de\\\/touren\\\/zweitaegiger-ausflug-nach-luxor-und-kairo-ab-marsa-alam\\\/#breadcrumb\"},\"inLanguage\":\"de\",\"potentialAction\":[{\"@type\":\"ReadAction\",\"target\":[\"https:\\\/\\\/egytourpackages.com\\\/de\\\/touren\\\/zweitaegiger-ausflug-nach-luxor-und-kairo-ab-marsa-alam\\\/\"]}]},{\"@type\":\"ImageObject\",\"inLanguage\":\"de\",\"@id\":\"https:\\\/\\\/egytourpackages.com\\\/de\\\/touren\\\/zweitaegiger-ausflug-nach-luxor-und-kairo-ab-marsa-alam\\\/#primaryimage\",\"url\":\"https:\\\/\\\/egytourpackages.com\\\/wp-content\\\/uploads\\\/2025\\\/05\\\/Giza-Pyramids-at-night.jpg\",\"contentUrl\":\"https:\\\/\\\/egytourpackages.com\\\/wp-content\\\/uploads\\\/2025\\\/05\\\/Giza-Pyramids-at-night.jpg\",\"width\":1200,\"height\":554,\"caption\":\"Zweit\u00e4giger Ausflug nach Luxor und Kairo ab Marsa Alam\"},{\"@type\":\"BreadcrumbList\",\"@id\":\"https:\\\/\\\/egytourpackages.com\\\/de\\\/touren\\\/zweitaegiger-ausflug-nach-luxor-und-kairo-ab-marsa-alam\\\/#breadcrumb\",\"itemListElement\":[{\"@type\":\"ListItem\",\"position\":1,\"name\":\"Startseite\",\"item\":\"https:\\\/\\\/egytourpackages.com\\\/de\\\/\"},{\"@type\":\"ListItem\",\"position\":2,\"name\":\"Shop\",\"item\":\"https:\\\/\\\/egytourpackages.com\\\/de\\\/shop\\\/\"},{\"@type\":\"ListItem\",\"position\":3,\"name\":\"Zweit\u00e4giger Ausflug nach Luxor und Kairo ab Marsa Alam\"}]},{\"@type\":\"WebSite\",\"@id\":\"https:\\\/\\\/egytourpackages.com\\\/de\\\/#website\",\"url\":\"https:\\\/\\\/egytourpackages.com\\\/de\\\/\",\"name\":\"Egy tour packages\",\"description\":\"\",\"publisher\":{\"@id\":\"https:\\\/\\\/egytourpackages.com\\\/de\\\/#organization\"},\"potentialAction\":[{\"@type\":\"SearchAction\",\"target\":{\"@type\":\"EntryPoint\",\"urlTemplate\":\"https:\\\/\\\/egytourpackages.com\\\/de\\\/?s={search_term_string}\"},\"query-input\":{\"@type\":\"PropertyValueSpecification\",\"valueRequired\":true,\"valueName\":\"search_term_string\"}}],\"inLanguage\":\"de\"},{\"@type\":[\"Organization\",\"Place\",\"TravelAgency\"],\"@id\":\"https:\\\/\\\/egytourpackages.com\\\/de\\\/#organization\",\"name\":\"egypt tour packages\",\"alternateName\":\"egypt tour packages\",\"url\":\"https:\\\/\\\/egytourpackages.com\\\/de\\\/\",\"logo\":{\"@id\":\"https:\\\/\\\/egytourpackages.com\\\/de\\\/touren\\\/zweitaegiger-ausflug-nach-luxor-und-kairo-ab-marsa-alam\\\/#local-main-organization-logo\"},\"image\":{\"@id\":\"https:\\\/\\\/egytourpackages.com\\\/de\\\/touren\\\/zweitaegiger-ausflug-nach-luxor-und-kairo-ab-marsa-alam\\\/#local-main-organization-logo\"},\"sameAs\":[\"https:\\\/\\\/www.facebook.com\\\/egytourpackages\"],\"legalName\":\"Egy tour packages\",\"address\":{\"@id\":\"https:\\\/\\\/egytourpackages.com\\\/de\\\/touren\\\/zweitaegiger-ausflug-nach-luxor-und-kairo-ab-marsa-alam\\\/#local-main-place-address\"},\"telephone\":[\"00201000852186\",\"00201028685533\"],\"contactPoint\":{\"@type\":\"ContactPoint\",\"telephone\":\"00201000852186\"},\"openingHoursSpecification\":[{\"@type\":\"OpeningHoursSpecification\",\"dayOfWeek\":[\"Monday\",\"Tuesday\",\"Wednesday\",\"Thursday\",\"Friday\",\"Saturday\",\"Sunday\"],\"opens\":\"00:00\",\"closes\":\"23:59\"}],\"email\":\"info@egytourpackages.com\",\"areaServed\":\"Cairo, Hurghada, Luxor, Sharm El Sheikh, Marsa Alam, Aswan\",\"priceRange\":\"$\",\"currenciesAccepted\":\"euro\",\"paymentAccepted\":\"Payment links online\"},{\"@type\":\"PostalAddress\",\"@id\":\"https:\\\/\\\/egytourpackages.com\\\/de\\\/touren\\\/zweitaegiger-ausflug-nach-luxor-und-kairo-ab-marsa-alam\\\/#local-main-place-address\",\"streetAddress\":\"Mubarak 8, Al Kawthar District, Hurghada\",\"addressLocality\":\"Hurghada\",\"postalCode\":\"84511\",\"addressRegion\":\"Red Sea\",\"addressCountry\":\"EG\"},{\"@type\":\"ImageObject\",\"inLanguage\":\"de\",\"@id\":\"https:\\\/\\\/egytourpackages.com\\\/de\\\/touren\\\/zweitaegiger-ausflug-nach-luxor-und-kairo-ab-marsa-alam\\\/#local-main-organization-logo\",\"url\":\"https:\\\/\\\/egytourpackages.com\\\/wp-content\\\/uploads\\\/2025\\\/12\\\/Turquoise-Dahabiya-Nile-Cruise-1.jpeg\",\"contentUrl\":\"https:\\\/\\\/egytourpackages.com\\\/wp-content\\\/uploads\\\/2025\\\/12\\\/Turquoise-Dahabiya-Nile-Cruise-1.jpeg\",\"width\":1040,\"height\":694,\"caption\":\"egypt tour packages\"}]}<\/script>\n<meta property=\"product:brand\" content=\"\u00c4gypten Tagestouren\" \/>\n<meta property=\"product:price:amount\" content=\"510\" \/>\n<meta property=\"product:price:currency\" content=\"EUR\" \/>\n<meta property=\"og:availability\" content=\"instock\" \/>\n<meta property=\"product:availability\" content=\"instock\" \/>\n<meta property=\"product:retailer_item_id\" content=\"MAT07\" \/>\n<meta property=\"product:condition\" content=\"new\" \/>\n<meta name=\"geo.placename\" content=\"Hurghada\" \/>\n<meta name=\"geo.region\" content=\"\u00c4gypten\" \/>\n<!-- \/ Yoast SEO Premium plugin. -->","yoast_head_json":{"title":"Zweit\u00e4giger Ausflug nach Luxor und Kairo ab Marsa Alam","description":"Zweit\u00e4giger Ausflug nach Luxor und Kairo ab Marsa Alam | Erkunden Sie das Tal der K\u00f6nige, die Pyramiden von Gizeh und das Gro\u00dfe \u00c4gyptische Museum.","robots":{"index":"index","follow":"follow","max-snippet":"max-snippet:-1","max-image-preview":"max-image-preview:large","max-video-preview":"max-video-preview:-1"},"canonical":"https:\/\/egytourpackages.com\/de\/touren\/zweitaegiger-ausflug-nach-luxor-und-kairo-ab-marsa-alam\/","og_locale":"de_DE","og_type":"article","og_title":"Zweit\u00e4giger Ausflug nach Luxor und Kairo ab Marsa Alam","og_description":"Luxor und Kairo in zwei Tagen ab Marsa Alam | Entdecken Sie das Tal der K\u00f6nige, die Pyramiden von Gizeh und das Gro\u00dfe \u00c4gyptische Museum in zwei Tagen ab Marsa Alam.","og_url":"https:\/\/egytourpackages.com\/de\/touren\/zweitaegiger-ausflug-nach-luxor-und-kairo-ab-marsa-alam\/","og_site_name":"\u00c4gypten-Reisepakete","article_publisher":"https:\/\/www.facebook.com\/egytourpackages","article_modified_time":"2026-01-04T19:42:05+00:00","og_image":[{"url":"https:\/\/egytourpackages.com\/wp-content\/uploads\/2025\/05\/Giza-Pyramids-at-night-1024x473.jpg","type":"","width":"","height":""}],"twitter_card":"summary_large_image","twitter_title":"Zweit\u00e4giger Ausflug nach Luxor und Kairo ab Marsa Alam","twitter_misc":{"Preis":"&euro;510","Verf\u00fcgbarkeit":"Auf Lager"},"schema":{"@context":"https:\/\/schema.org","@graph":[{"@type":"WebPage","@id":"https:\/\/egytourpackages.com\/de\/touren\/zweitaegiger-ausflug-nach-luxor-und-kairo-ab-marsa-alam\/","url":"https:\/\/egytourpackages.com\/de\/touren\/zweitaegiger-ausflug-nach-luxor-und-kairo-ab-marsa-alam\/","name":"Zweit\u00e4giger Ausflug nach Luxor und Kairo ab Marsa Alam","isPartOf":{"@id":"https:\/\/egytourpackages.com\/de\/#website"},"primaryImageOfPage":{"@id":"https:\/\/egytourpackages.com\/de\/touren\/zweitaegiger-ausflug-nach-luxor-und-kairo-ab-marsa-alam\/#primaryimage"},"image":{"@id":"https:\/\/egytourpackages.com\/de\/touren\/zweitaegiger-ausflug-nach-luxor-und-kairo-ab-marsa-alam\/#primaryimage"},"thumbnailUrl":"https:\/\/egytourpackages.com\/wp-content\/uploads\/2025\/05\/Giza-Pyramids-at-night.jpg","datePublished":"2025-05-18T22:06:10+00:00","dateModified":"2026-01-04T19:42:05+00:00","description":"Zweit\u00e4giger Ausflug nach Luxor und Kairo ab Marsa Alam | Erkunden Sie das Tal der K\u00f6nige, die Pyramiden von Gizeh und das Gro\u00dfe \u00c4gyptische Museum.","breadcrumb":{"@id":"https:\/\/egytourpackages.com\/de\/touren\/zweitaegiger-ausflug-nach-luxor-und-kairo-ab-marsa-alam\/#breadcrumb"},"inLanguage":"de","potentialAction":[{"@type":"ReadAction","target":["https:\/\/egytourpackages.com\/de\/touren\/zweitaegiger-ausflug-nach-luxor-und-kairo-ab-marsa-alam\/"]}]},{"@type":"ImageObject","inLanguage":"de","@id":"https:\/\/egytourpackages.com\/de\/touren\/zweitaegiger-ausflug-nach-luxor-und-kairo-ab-marsa-alam\/#primaryimage","url":"https:\/\/egytourpackages.com\/wp-content\/uploads\/2025\/05\/Giza-Pyramids-at-night.jpg","contentUrl":"https:\/\/egytourpackages.com\/wp-content\/uploads\/2025\/05\/Giza-Pyramids-at-night.jpg","width":1200,"height":554,"caption":"Zweit\u00e4giger Ausflug nach Luxor und Kairo ab Marsa Alam"},{"@type":"BreadcrumbList","@id":"https:\/\/egytourpackages.com\/de\/touren\/zweitaegiger-ausflug-nach-luxor-und-kairo-ab-marsa-alam\/#breadcrumb","itemListElement":[{"@type":"ListItem","position":1,"name":"Startseite","item":"https:\/\/egytourpackages.com\/de\/"},{"@type":"ListItem","position":2,"name":"Shop","item":"https:\/\/egytourpackages.com\/de\/shop\/"},{"@type":"ListItem","position":3,"name":"Zweit\u00e4giger Ausflug nach Luxor und Kairo ab Marsa Alam"}]},{"@type":"WebSite","@id":"https:\/\/egytourpackages.com\/de\/#website","url":"https:\/\/egytourpackages.com\/de\/","name":"Egy tour packages","description":"","publisher":{"@id":"https:\/\/egytourpackages.com\/de\/#organization"},"potentialAction":[{"@type":"SearchAction","target":{"@type":"EntryPoint","urlTemplate":"https:\/\/egytourpackages.com\/de\/?s={search_term_string}"},"query-input":{"@type":"PropertyValueSpecification","valueRequired":true,"valueName":"search_term_string"}}],"inLanguage":"de"},{"@type":["Organization","Place","TravelAgency"],"@id":"https:\/\/egytourpackages.com\/de\/#organization","name":"egypt tour packages","alternateName":"egypt tour packages","url":"https:\/\/egytourpackages.com\/de\/","logo":{"@id":"https:\/\/egytourpackages.com\/de\/touren\/zweitaegiger-ausflug-nach-luxor-und-kairo-ab-marsa-alam\/#local-main-organization-logo"},"image":{"@id":"https:\/\/egytourpackages.com\/de\/touren\/zweitaegiger-ausflug-nach-luxor-und-kairo-ab-marsa-alam\/#local-main-organization-logo"},"sameAs":["https:\/\/www.facebook.com\/egytourpackages"],"legalName":"Egy tour packages","address":{"@id":"https:\/\/egytourpackages.com\/de\/touren\/zweitaegiger-ausflug-nach-luxor-und-kairo-ab-marsa-alam\/#local-main-place-address"},"telephone":["00201000852186","00201028685533"],"contactPoint":{"@type":"ContactPoint","telephone":"00201000852186"},"openingHoursSpecification":[{"@type":"OpeningHoursSpecification","dayOfWeek":["Monday","Tuesday","Wednesday","Thursday","Friday","Saturday","Sunday"],"opens":"00:00","closes":"23:59"}],"email":"info@egytourpackages.com","areaServed":"Cairo, Hurghada, Luxor, Sharm El Sheikh, Marsa Alam, Aswan","priceRange":"$","currenciesAccepted":"euro","paymentAccepted":"Payment links online"},{"@type":"PostalAddress","@id":"https:\/\/egytourpackages.com\/de\/touren\/zweitaegiger-ausflug-nach-luxor-und-kairo-ab-marsa-alam\/#local-main-place-address","streetAddress":"Mubarak 8, Al Kawthar District, Hurghada","addressLocality":"Hurghada","postalCode":"84511","addressRegion":"Red Sea","addressCountry":"EG"},{"@type":"ImageObject","inLanguage":"de","@id":"https:\/\/egytourpackages.com\/de\/touren\/zweitaegiger-ausflug-nach-luxor-und-kairo-ab-marsa-alam\/#local-main-organization-logo","url":"https:\/\/egytourpackages.com\/wp-content\/uploads\/2025\/12\/Turquoise-Dahabiya-Nile-Cruise-1.jpeg","contentUrl":"https:\/\/egytourpackages.com\/wp-content\/uploads\/2025\/12\/Turquoise-Dahabiya-Nile-Cruise-1.jpeg","width":1040,"height":694,"caption":"egypt tour packages"}]},"product_brand":"\u00c4gypten Tagestouren","product_price_amount":"510","product_price_currency":"EUR","og_availability":"instock","product_availability":"instock","product_retailer_item_id":"MAT07","product_condition":"new","geo.placename":"Hurghada","geo.region":"\u00c4gypten"},"_links":{"self":[{"href":"https:\/\/egytourpackages.com\/de\/wp-json\/wp\/v2\/product\/3862","targetHints":{"allow":["GET"]}}],"collection":[{"href":"https:\/\/egytourpackages.com\/de\/wp-json\/wp\/v2\/product"}],"about":[{"href":"https:\/\/egytourpackages.com\/de\/wp-json\/wp\/v2\/types\/product"}],"replies":[{"embeddable":true,"href":"https:\/\/egytourpackages.com\/de\/wp-json\/wp\/v2\/comments?post=3862"}],"wp:featuredmedia":[{"embeddable":true,"href":"https:\/\/egytourpackages.com\/de\/wp-json\/wp\/v2\/media\/3582"}],"wp:attachment":[{"href":"https:\/\/egytourpackages.com\/de\/wp-json\/wp\/v2\/media?parent=3862"}],"wp:term":[{"taxonomy":"product_brand","embeddable":true,"href":"https:\/\/egytourpackages.com\/de\/wp-json\/wp\/v2\/product_brand?post=3862"},{"taxonomy":"product_cat","embeddable":true,"href":"https:\/\/egytourpackages.com\/de\/wp-json\/wp\/v2\/product_cat?post=3862"},{"taxonomy":"product_tag","embeddable":true,"href":"https:\/\/egytourpackages.com\/de\/wp-json\/wp\/v2\/product_tag?post=3862"}],"curies":[{"name":"wp","href":"https:\/\/api.w.org\/{rel}","templated":true}]}}