{"id":3875,"date":"2023-08-30T13:19:49","date_gmt":"2023-08-30T13:19:49","guid":{"rendered":"https:\/\/egytourpackages.com\/product\/tour-zum-nubischen-dorf-in-assuan-mit-dem-boot\/"},"modified":"2026-01-09T11:51:27","modified_gmt":"2026-01-09T11:51:27","slug":"tour-zum-nubischen-dorf-in-assuan-mit-dem-boot","status":"publish","type":"product","link":"https:\/\/egytourpackages.com\/de\/touren\/tour-zum-nubischen-dorf-in-assuan-mit-dem-boot\/","title":{"rendered":"Tour zum nubischen Dorf in Assuan mit dem Boot"},"content":{"rendered":"<p><span style=\"color: #ff6600;\"><strong>Tour zum nubischen Dorf in Assuan mit dem Boot<\/strong><\/span><\/p>\n<h2>\u00dcbersicht<\/h2>\n<p>Ihre Tour zum nubischen Dorf in Assuan mit dem Boot ist v\u00f6llig anders als alle anderen Touren, die Sie in \u00c4gypten mit <strong>\u00e4gypten-touren<\/strong> machen werden. In der Tat, Sie<strong> \u00c4gypten Tagestouren<\/strong> zum nubischen Dorf ist einzigartig, wie Sie das Privileg haben, immer ein wenig von nubischen Traditionen, Geschichte und Sprache kennen. Die Stein- und Lehmh\u00e4user mit ihren gew\u00f6lbten D\u00e4chern sind in der Tat einzigartig in \u00c4gypten und ein Naturparadies zwischen den Bergen und dem Nil.<\/p>\n<p>Ihre <strong>Tagesausfl\u00fcge nach Assuan<\/strong> in das nubische Dorf erm\u00f6glichen es Ihnen, einige der Attraktionen von Assuan wie den Botanischen Garten und die Gr\u00e4ber der Adligen auf dem Gipfel des Berges zu besuchen. Au\u00dferdem kommen Sie am <strong>Agha-Khan-Mausoleum<\/strong> und an einigen der gesch\u00fctzten Inseln vorbei.<\/p>\n<p>Schlie\u00dflich ist eine Tour zum nubischen Dorf in Assuan mit dem Boot ein Muss, w\u00e4hrend Sie in Assuan sind und eines der besten Dinge, die man in Assuan tun kann.<\/p>\n<h3>Reiseinformationen<\/h3>\n<p>Dauer: Halber Tag<\/p>\n<p>Tourort: Assuan Gharb Sohail<\/p>\n<p>Tourverf\u00fcgbarkeit: T\u00e4glich<\/p>\n<p>Abholung und R\u00fcckfahrt: Ihr Hotel in Assuan \/ Nilkreuzfahrt<\/p>\n<p>Tourart: Privat<\/p>\n<p>Rollstuhl: Barrierefrei<\/p>\n<p>Tourhighlights<\/p>\n<p>Gharb Sohail Nubisches Dorf<\/p>\n<p>Nubischer Markt<\/p>\n<p>Einheimisches Haus und Henna-Tattoo<\/p>\n<h3>Inklusive<\/h3>\n<p>Hin- und R\u00fccktransfer mit dem Motorboot<\/p>\n<p>Experte\/r \u00c4gyptologe\/in<\/p>\n<p>Tee und Hibiskus<\/p>\n<h3>Inbegriffen<\/h3>\n<p>Henna-Tattoo<\/p>\n<p>Trinkgeld<\/p>\n<h3>Was Sie einpacken sollten<\/h3>\n<p>Hut, Sonnenbrille und Sonnencreme<\/p>\n<p>Bequeme Schuhe und Kleidung<\/p>\n<h2>Reiseverlauf<\/h2>\n<p>Die Bootstour zum Nubischen Dorf in Assuan ist ein unvergesslicher Nachmittag, insbesondere nach der Besichtigung der Sehensw\u00fcrdigkeiten von Assuan, dem Mittagessen und der anschlie\u00dfenden Einstimmung auf die nubische Kultur und die Sch\u00f6nheit der Natur Assuans. Ihr Reiseleiter holt Sie in der Hotellobby oder am Nilkreuzfahrtschiff ab, um Ihre Assuan-Tagestour zum Nubischen Dorf vom n\u00e4chstgelegenen Ort zu Ihrem Nilkreuzfahrtschiff aus zu starten. Sobald Sie an Bord Ihres Motorboots sind, beginnt Ihre \u00c4gyptenreise zum Nubischen Dorf. Genie\u00dfen Sie w\u00e4hrend der Fahrt die wundersch\u00f6ne Nillandschaft bis zum Nubischen Dorf. Entdecken Sie unterwegs auch einige der Highlights von Assuan, wie die Insel El Nabatat oder die Kitchener-Insel, Qubbet el-Hawa, die Gr\u00e4ber der Adligen in Assuan und das Mausoleum von Aga Khan.<\/p>\n<p>Bewundern Sie unterwegs die farbenfrohen Mauern, H\u00e4user und Kuppeln und genie\u00dfen Sie Aktivit\u00e4ten wie Sandboarding, W\u00fcstenwanderungen oder einen Kamelritt. Sobald Sie das nubische Dorf erreichen, schlendern Sie mit Ihrem Guide durch die farbenfrohen Stra\u00dfen mit ihren zahlreichen Gesch\u00e4ften, bis Sie ein nubisches Haus erreichen. Genie\u00dfen Sie dort einen Drink, beobachten Sie Krokodile und erfahren Sie mehr \u00fcber die Traditionen der Einheimischen. Wenn Sie m\u00f6chten, k\u00f6nnen Sie sich ein Tattoo stechen lassen, das die nubischen Damen f\u00fcr Sie anfertigen.<\/p>\n<p>Sp\u00e4ter haben Sie etwas Zeit zum Shoppen, bevor Sie zu Ihrem Nilkreuzfahrtschiff oder Ihrem Hotel in Assuan zur\u00fcckkehren.<\/p>\n<h3>Tour zum nubischen Dorf in Assuan mit dem Boot Preis<\/h3>\n<p>Preis f\u00fcr Erwachsene = 40 $<\/p>\n<p>Kinder 0-5 Jahre = kostenlos<\/p>\n<p>Kinder 5 -11 Jahre = 50% des Erwachsenenpreises<\/p>\n<h3>Buchung<\/h3>\n<p>Sie k\u00f6nnen Ihre Tour \u00fcber WhatsApp buchen oder uns eine E-Mail schicken und Sie erhalten die Best\u00e4tigung vor Ort.<\/p>\n<p>Bitte senden Sie uns Ihren Hotelnamen, Ihre Zimmernummer und eine Kopie Ihres Reisepasses.<\/p>\n<h3>WhatsApp Nummer<\/h3>\n<p>+201000852186<\/p>\n<h3>Jetzt buchen &amp; vor Ort bezahlen<\/h3>\n<p>Buchen Sie Ihre Lieblingstour und bezahlen Sie am Tag der Reise<\/p>\n<h3>Zahlung<\/h3>\n<p>Sie k\u00f6nnen mit \u00e4gyptischen Pfund, $, \u20ac oder \u00a3 bezahlen.<\/p>\n<h3>Stornierungsbedingungen<\/h3>\n<p>Stornierung ist bis zu 24 Stunden im Voraus kostenlos.<\/p>\n<p>Bei Stornierung am Morgen werden 50% des Preises einbehalten.<\/p>\n","protected":false},"excerpt":{"rendered":"<p>Tour zum nubischen Dorf in Assuan mit dem Boot | Entdecken Sie die nubische Kultur, Traditionen, Sprachen w\u00e4hrend Ihrer \u00c4gypten-Touren zum nubischen Dorf von Assuan.<\/p>\n","protected":false},"featured_media":2975,"comment_status":"open","ping_status":"closed","template":"","meta":[],"product_brand":[],"product_cat":[1494],"product_tag":[1510,1511],"class_list":{"0":"post-3875","1":"product","2":"type-product","3":"status-publish","4":"has-post-thumbnail","6":"product_cat-touren","7":"product_tag-assuan-tagestouren","8":"product_tag-das-beste-was-man-in-assuan-tun-kann","9":"tour_category-agypten-tagestouren","10":"tour_category-assuan-tagestouren","12":"first","13":"instock","14":"sale","15":"shipping-taxable","16":"purchasable","17":"product-type-tour","18":"has-default-attributes"},"yoast_head":"<!-- This site is optimized with the Yoast SEO Premium plugin v27.4 (Yoast SEO v27.4) - https:\/\/yoast.com\/product\/yoast-seo-premium-wordpress\/ -->\n<title>Tour zum nubischen Dorf in Assuan mit dem Boot<\/title>\n<meta name=\"description\" content=\"Tour zum nubischen Dorf in Assuan mit dem Boot | Entdecken Sie die nubische Kultur, Traditionen, Sprachen w\u00e4hrend Ihrer \u00c4gypten-Touren von Assuan.\" \/>\n<meta name=\"robots\" content=\"index, follow, max-snippet:-1, max-image-preview:large, max-video-preview:-1\" \/>\n<link rel=\"canonical\" href=\"https:\/\/egytourpackages.com\/de\/touren\/tour-zum-nubischen-dorf-in-assuan-mit-dem-boot\/\" \/>\n<meta property=\"og:locale\" content=\"de_DE\" \/>\n<meta property=\"og:type\" content=\"article\" \/>\n<meta property=\"og:title\" content=\"Tour zum nubischen Dorf in Assuan mit dem Boot\" \/>\n<meta property=\"og:description\" content=\"Tour zum nubischen Dorf in Assuan mit dem Boot | Entdecken Sie die nubische Kultur, Traditionen, Sprachen w\u00e4hrend Ihrer \u00c4gypten-Touren zum nubischen Dorf von Assuan.\" \/>\n<meta property=\"og:url\" content=\"https:\/\/egytourpackages.com\/de\/touren\/tour-zum-nubischen-dorf-in-assuan-mit-dem-boot\/\" \/>\n<meta property=\"og:site_name\" content=\"\u00c4gypten-Reisepakete\" \/>\n<meta property=\"article:publisher\" content=\"https:\/\/www.facebook.com\/egytourpackages\" \/>\n<meta property=\"article:modified_time\" content=\"2026-01-09T11:51:27+00:00\" \/>\n<meta property=\"og:image\" content=\"https:\/\/egytourpackages.com\/wp-content\/uploads\/2023\/08\/Nubian-Village-1024x682.jpeg\" \/>\n<meta name=\"twitter:card\" content=\"summary_large_image\" \/>\n<meta name=\"twitter:title\" content=\"Tour zum nubischen Dorf in Assuan mit dem Boot\" \/>\n<meta name=\"twitter:description\" content=\"Tour zum nubischen Dorf in Assuan mit dem Boot | Entdecken Sie die nubische Kultur, Traditionen, Sprachen w\u00e4hrend Ihrer \u00c4gypten-Touren zum nubischen Dorf von Assuan.\" \/>\n<meta name=\"twitter:image\" content=\"https:\/\/egytourpackages.com\/wp-content\/uploads\/2023\/08\/Nubian-Village-1024x682.jpeg\" \/>\n<meta name=\"twitter:label1\" content=\"Preis\" \/>\n\t<meta name=\"twitter:data1\" content=\"&euro;40\" \/>\n\t<meta name=\"twitter:label2\" content=\"Verf\u00fcgbarkeit\" \/>\n\t<meta name=\"twitter:data2\" content=\"Auf Lager\" \/>\n<script type=\"application\/ld+json\" class=\"yoast-schema-graph\">{\"@context\":\"https:\\\/\\\/schema.org\",\"@graph\":[{\"@type\":\"WebPage\",\"@id\":\"https:\\\/\\\/egytourpackages.com\\\/de\\\/touren\\\/tour-zum-nubischen-dorf-in-assuan-mit-dem-boot\\\/\",\"url\":\"https:\\\/\\\/egytourpackages.com\\\/de\\\/touren\\\/tour-zum-nubischen-dorf-in-assuan-mit-dem-boot\\\/\",\"name\":\"Tour zum nubischen Dorf in Assuan mit dem Boot\",\"isPartOf\":{\"@id\":\"https:\\\/\\\/egytourpackages.com\\\/de\\\/#website\"},\"primaryImageOfPage\":{\"@id\":\"https:\\\/\\\/egytourpackages.com\\\/de\\\/touren\\\/tour-zum-nubischen-dorf-in-assuan-mit-dem-boot\\\/#primaryimage\"},\"image\":{\"@id\":\"https:\\\/\\\/egytourpackages.com\\\/de\\\/touren\\\/tour-zum-nubischen-dorf-in-assuan-mit-dem-boot\\\/#primaryimage\"},\"thumbnailUrl\":\"https:\\\/\\\/egytourpackages.com\\\/wp-content\\\/uploads\\\/2023\\\/08\\\/Nubian-Village.jpeg\",\"datePublished\":\"2023-08-30T13:19:49+00:00\",\"dateModified\":\"2026-01-09T11:51:27+00:00\",\"description\":\"Tour zum nubischen Dorf in Assuan mit dem Boot | Entdecken Sie die nubische Kultur, Traditionen, Sprachen w\u00e4hrend Ihrer \u00c4gypten-Touren von Assuan.\",\"breadcrumb\":{\"@id\":\"https:\\\/\\\/egytourpackages.com\\\/de\\\/touren\\\/tour-zum-nubischen-dorf-in-assuan-mit-dem-boot\\\/#breadcrumb\"},\"inLanguage\":\"de\",\"potentialAction\":[{\"@type\":\"ReadAction\",\"target\":[\"https:\\\/\\\/egytourpackages.com\\\/de\\\/touren\\\/tour-zum-nubischen-dorf-in-assuan-mit-dem-boot\\\/\"]}]},{\"@type\":\"ImageObject\",\"inLanguage\":\"de\",\"@id\":\"https:\\\/\\\/egytourpackages.com\\\/de\\\/touren\\\/tour-zum-nubischen-dorf-in-assuan-mit-dem-boot\\\/#primaryimage\",\"url\":\"https:\\\/\\\/egytourpackages.com\\\/wp-content\\\/uploads\\\/2023\\\/08\\\/Nubian-Village.jpeg\",\"contentUrl\":\"https:\\\/\\\/egytourpackages.com\\\/wp-content\\\/uploads\\\/2023\\\/08\\\/Nubian-Village.jpeg\",\"width\":1280,\"height\":853,\"caption\":\"Nubisches Dorf\"},{\"@type\":\"BreadcrumbList\",\"@id\":\"https:\\\/\\\/egytourpackages.com\\\/de\\\/touren\\\/tour-zum-nubischen-dorf-in-assuan-mit-dem-boot\\\/#breadcrumb\",\"itemListElement\":[{\"@type\":\"ListItem\",\"position\":1,\"name\":\"Startseite\",\"item\":\"https:\\\/\\\/egytourpackages.com\\\/de\\\/\"},{\"@type\":\"ListItem\",\"position\":2,\"name\":\"Shop\",\"item\":\"https:\\\/\\\/egytourpackages.com\\\/de\\\/shop\\\/\"},{\"@type\":\"ListItem\",\"position\":3,\"name\":\"Tour zum nubischen Dorf in Assuan mit dem Boot\"}]},{\"@type\":\"WebSite\",\"@id\":\"https:\\\/\\\/egytourpackages.com\\\/de\\\/#website\",\"url\":\"https:\\\/\\\/egytourpackages.com\\\/de\\\/\",\"name\":\"Egy tour packages\",\"description\":\"\",\"publisher\":{\"@id\":\"https:\\\/\\\/egytourpackages.com\\\/de\\\/#organization\"},\"potentialAction\":[{\"@type\":\"SearchAction\",\"target\":{\"@type\":\"EntryPoint\",\"urlTemplate\":\"https:\\\/\\\/egytourpackages.com\\\/de\\\/?s={search_term_string}\"},\"query-input\":{\"@type\":\"PropertyValueSpecification\",\"valueRequired\":true,\"valueName\":\"search_term_string\"}}],\"inLanguage\":\"de\"},{\"@type\":[\"Organization\",\"Place\",\"TravelAgency\"],\"@id\":\"https:\\\/\\\/egytourpackages.com\\\/de\\\/#organization\",\"name\":\"egypt tour packages\",\"alternateName\":\"egypt tour packages\",\"url\":\"https:\\\/\\\/egytourpackages.com\\\/de\\\/\",\"logo\":{\"@id\":\"https:\\\/\\\/egytourpackages.com\\\/de\\\/touren\\\/tour-zum-nubischen-dorf-in-assuan-mit-dem-boot\\\/#local-main-organization-logo\"},\"image\":{\"@id\":\"https:\\\/\\\/egytourpackages.com\\\/de\\\/touren\\\/tour-zum-nubischen-dorf-in-assuan-mit-dem-boot\\\/#local-main-organization-logo\"},\"sameAs\":[\"https:\\\/\\\/www.facebook.com\\\/egytourpackages\"],\"legalName\":\"Egy tour packages\",\"address\":{\"@id\":\"https:\\\/\\\/egytourpackages.com\\\/de\\\/touren\\\/tour-zum-nubischen-dorf-in-assuan-mit-dem-boot\\\/#local-main-place-address\"},\"telephone\":[\"00201000852186\",\"00201028685533\"],\"contactPoint\":{\"@type\":\"ContactPoint\",\"telephone\":\"00201000852186\"},\"openingHoursSpecification\":[{\"@type\":\"OpeningHoursSpecification\",\"dayOfWeek\":[\"Monday\",\"Tuesday\",\"Wednesday\",\"Thursday\",\"Friday\",\"Saturday\",\"Sunday\"],\"opens\":\"00:00\",\"closes\":\"23:59\"}],\"email\":\"info@egytourpackages.com\",\"areaServed\":\"Cairo, Hurghada, Luxor, Sharm El Sheikh, Marsa Alam, Aswan\",\"priceRange\":\"$\",\"currenciesAccepted\":\"euro\",\"paymentAccepted\":\"Payment links online\"},{\"@type\":\"PostalAddress\",\"@id\":\"https:\\\/\\\/egytourpackages.com\\\/de\\\/touren\\\/tour-zum-nubischen-dorf-in-assuan-mit-dem-boot\\\/#local-main-place-address\",\"streetAddress\":\"Mubarak 8, Al Kawthar District, Hurghada\",\"addressLocality\":\"Hurghada\",\"postalCode\":\"84511\",\"addressRegion\":\"Red Sea\",\"addressCountry\":\"EG\"},{\"@type\":\"ImageObject\",\"inLanguage\":\"de\",\"@id\":\"https:\\\/\\\/egytourpackages.com\\\/de\\\/touren\\\/tour-zum-nubischen-dorf-in-assuan-mit-dem-boot\\\/#local-main-organization-logo\",\"url\":\"https:\\\/\\\/egytourpackages.com\\\/wp-content\\\/uploads\\\/2025\\\/12\\\/Turquoise-Dahabiya-Nile-Cruise-1.jpeg\",\"contentUrl\":\"https:\\\/\\\/egytourpackages.com\\\/wp-content\\\/uploads\\\/2025\\\/12\\\/Turquoise-Dahabiya-Nile-Cruise-1.jpeg\",\"width\":1040,\"height\":694,\"caption\":\"egypt tour packages\"}]}<\/script>\n<meta property=\"product:brand\" content=\"\u00c4gypten Tagestouren\" \/>\n<meta property=\"product:price:amount\" content=\"40\" \/>\n<meta property=\"product:price:currency\" content=\"EUR\" \/>\n<meta property=\"og:availability\" content=\"instock\" \/>\n<meta property=\"product:availability\" content=\"instock\" \/>\n<meta property=\"product:retailer_item_id\" content=\"ADT02\" \/>\n<meta property=\"product:condition\" content=\"new\" \/>\n<meta name=\"geo.placename\" content=\"Hurghada\" \/>\n<meta name=\"geo.region\" content=\"\u00c4gypten\" \/>\n<!-- \/ Yoast SEO Premium plugin. -->","yoast_head_json":{"title":"Tour zum nubischen Dorf in Assuan mit dem Boot","description":"Tour zum nubischen Dorf in Assuan mit dem Boot | Entdecken Sie die nubische Kultur, Traditionen, Sprachen w\u00e4hrend Ihrer \u00c4gypten-Touren von Assuan.","robots":{"index":"index","follow":"follow","max-snippet":"max-snippet:-1","max-image-preview":"max-image-preview:large","max-video-preview":"max-video-preview:-1"},"canonical":"https:\/\/egytourpackages.com\/de\/touren\/tour-zum-nubischen-dorf-in-assuan-mit-dem-boot\/","og_locale":"de_DE","og_type":"article","og_title":"Tour zum nubischen Dorf in Assuan mit dem Boot","og_description":"Tour zum nubischen Dorf in Assuan mit dem Boot | Entdecken Sie die nubische Kultur, Traditionen, Sprachen w\u00e4hrend Ihrer \u00c4gypten-Touren zum nubischen Dorf von Assuan.","og_url":"https:\/\/egytourpackages.com\/de\/touren\/tour-zum-nubischen-dorf-in-assuan-mit-dem-boot\/","og_site_name":"\u00c4gypten-Reisepakete","article_publisher":"https:\/\/www.facebook.com\/egytourpackages","article_modified_time":"2026-01-09T11:51:27+00:00","og_image":[{"url":"https:\/\/egytourpackages.com\/wp-content\/uploads\/2023\/08\/Nubian-Village-1024x682.jpeg","type":"","width":"","height":""}],"twitter_card":"summary_large_image","twitter_title":"Tour zum nubischen Dorf in Assuan mit dem Boot","twitter_description":"Tour zum nubischen Dorf in Assuan mit dem Boot | Entdecken Sie die nubische Kultur, Traditionen, Sprachen w\u00e4hrend Ihrer \u00c4gypten-Touren zum nubischen Dorf von Assuan.","twitter_image":"https:\/\/egytourpackages.com\/wp-content\/uploads\/2023\/08\/Nubian-Village-1024x682.jpeg","twitter_misc":{"Preis":"&euro;40","Verf\u00fcgbarkeit":"Auf Lager"},"schema":{"@context":"https:\/\/schema.org","@graph":[{"@type":"WebPage","@id":"https:\/\/egytourpackages.com\/de\/touren\/tour-zum-nubischen-dorf-in-assuan-mit-dem-boot\/","url":"https:\/\/egytourpackages.com\/de\/touren\/tour-zum-nubischen-dorf-in-assuan-mit-dem-boot\/","name":"Tour zum nubischen Dorf in Assuan mit dem Boot","isPartOf":{"@id":"https:\/\/egytourpackages.com\/de\/#website"},"primaryImageOfPage":{"@id":"https:\/\/egytourpackages.com\/de\/touren\/tour-zum-nubischen-dorf-in-assuan-mit-dem-boot\/#primaryimage"},"image":{"@id":"https:\/\/egytourpackages.com\/de\/touren\/tour-zum-nubischen-dorf-in-assuan-mit-dem-boot\/#primaryimage"},"thumbnailUrl":"https:\/\/egytourpackages.com\/wp-content\/uploads\/2023\/08\/Nubian-Village.jpeg","datePublished":"2023-08-30T13:19:49+00:00","dateModified":"2026-01-09T11:51:27+00:00","description":"Tour zum nubischen Dorf in Assuan mit dem Boot | Entdecken Sie die nubische Kultur, Traditionen, Sprachen w\u00e4hrend Ihrer \u00c4gypten-Touren von Assuan.","breadcrumb":{"@id":"https:\/\/egytourpackages.com\/de\/touren\/tour-zum-nubischen-dorf-in-assuan-mit-dem-boot\/#breadcrumb"},"inLanguage":"de","potentialAction":[{"@type":"ReadAction","target":["https:\/\/egytourpackages.com\/de\/touren\/tour-zum-nubischen-dorf-in-assuan-mit-dem-boot\/"]}]},{"@type":"ImageObject","inLanguage":"de","@id":"https:\/\/egytourpackages.com\/de\/touren\/tour-zum-nubischen-dorf-in-assuan-mit-dem-boot\/#primaryimage","url":"https:\/\/egytourpackages.com\/wp-content\/uploads\/2023\/08\/Nubian-Village.jpeg","contentUrl":"https:\/\/egytourpackages.com\/wp-content\/uploads\/2023\/08\/Nubian-Village.jpeg","width":1280,"height":853,"caption":"Nubisches Dorf"},{"@type":"BreadcrumbList","@id":"https:\/\/egytourpackages.com\/de\/touren\/tour-zum-nubischen-dorf-in-assuan-mit-dem-boot\/#breadcrumb","itemListElement":[{"@type":"ListItem","position":1,"name":"Startseite","item":"https:\/\/egytourpackages.com\/de\/"},{"@type":"ListItem","position":2,"name":"Shop","item":"https:\/\/egytourpackages.com\/de\/shop\/"},{"@type":"ListItem","position":3,"name":"Tour zum nubischen Dorf in Assuan mit dem Boot"}]},{"@type":"WebSite","@id":"https:\/\/egytourpackages.com\/de\/#website","url":"https:\/\/egytourpackages.com\/de\/","name":"Egy tour packages","description":"","publisher":{"@id":"https:\/\/egytourpackages.com\/de\/#organization"},"potentialAction":[{"@type":"SearchAction","target":{"@type":"EntryPoint","urlTemplate":"https:\/\/egytourpackages.com\/de\/?s={search_term_string}"},"query-input":{"@type":"PropertyValueSpecification","valueRequired":true,"valueName":"search_term_string"}}],"inLanguage":"de"},{"@type":["Organization","Place","TravelAgency"],"@id":"https:\/\/egytourpackages.com\/de\/#organization","name":"egypt tour packages","alternateName":"egypt tour packages","url":"https:\/\/egytourpackages.com\/de\/","logo":{"@id":"https:\/\/egytourpackages.com\/de\/touren\/tour-zum-nubischen-dorf-in-assuan-mit-dem-boot\/#local-main-organization-logo"},"image":{"@id":"https:\/\/egytourpackages.com\/de\/touren\/tour-zum-nubischen-dorf-in-assuan-mit-dem-boot\/#local-main-organization-logo"},"sameAs":["https:\/\/www.facebook.com\/egytourpackages"],"legalName":"Egy tour packages","address":{"@id":"https:\/\/egytourpackages.com\/de\/touren\/tour-zum-nubischen-dorf-in-assuan-mit-dem-boot\/#local-main-place-address"},"telephone":["00201000852186","00201028685533"],"contactPoint":{"@type":"ContactPoint","telephone":"00201000852186"},"openingHoursSpecification":[{"@type":"OpeningHoursSpecification","dayOfWeek":["Monday","Tuesday","Wednesday","Thursday","Friday","Saturday","Sunday"],"opens":"00:00","closes":"23:59"}],"email":"info@egytourpackages.com","areaServed":"Cairo, Hurghada, Luxor, Sharm El Sheikh, Marsa Alam, Aswan","priceRange":"$","currenciesAccepted":"euro","paymentAccepted":"Payment links online"},{"@type":"PostalAddress","@id":"https:\/\/egytourpackages.com\/de\/touren\/tour-zum-nubischen-dorf-in-assuan-mit-dem-boot\/#local-main-place-address","streetAddress":"Mubarak 8, Al Kawthar District, Hurghada","addressLocality":"Hurghada","postalCode":"84511","addressRegion":"Red Sea","addressCountry":"EG"},{"@type":"ImageObject","inLanguage":"de","@id":"https:\/\/egytourpackages.com\/de\/touren\/tour-zum-nubischen-dorf-in-assuan-mit-dem-boot\/#local-main-organization-logo","url":"https:\/\/egytourpackages.com\/wp-content\/uploads\/2025\/12\/Turquoise-Dahabiya-Nile-Cruise-1.jpeg","contentUrl":"https:\/\/egytourpackages.com\/wp-content\/uploads\/2025\/12\/Turquoise-Dahabiya-Nile-Cruise-1.jpeg","width":1040,"height":694,"caption":"egypt tour packages"}]},"product_brand":"\u00c4gypten Tagestouren","product_price_amount":"40","product_price_currency":"EUR","og_availability":"instock","product_availability":"instock","product_retailer_item_id":"ADT02","product_condition":"new","geo.placename":"Hurghada","geo.region":"\u00c4gypten"},"_links":{"self":[{"href":"https:\/\/egytourpackages.com\/de\/wp-json\/wp\/v2\/product\/3875","targetHints":{"allow":["GET"]}}],"collection":[{"href":"https:\/\/egytourpackages.com\/de\/wp-json\/wp\/v2\/product"}],"about":[{"href":"https:\/\/egytourpackages.com\/de\/wp-json\/wp\/v2\/types\/product"}],"replies":[{"embeddable":true,"href":"https:\/\/egytourpackages.com\/de\/wp-json\/wp\/v2\/comments?post=3875"}],"wp:featuredmedia":[{"embeddable":true,"href":"https:\/\/egytourpackages.com\/de\/wp-json\/wp\/v2\/media\/2975"}],"wp:attachment":[{"href":"https:\/\/egytourpackages.com\/de\/wp-json\/wp\/v2\/media?parent=3875"}],"wp:term":[{"taxonomy":"product_brand","embeddable":true,"href":"https:\/\/egytourpackages.com\/de\/wp-json\/wp\/v2\/product_brand?post=3875"},{"taxonomy":"product_cat","embeddable":true,"href":"https:\/\/egytourpackages.com\/de\/wp-json\/wp\/v2\/product_cat?post=3875"},{"taxonomy":"product_tag","embeddable":true,"href":"https:\/\/egytourpackages.com\/de\/wp-json\/wp\/v2\/product_tag?post=3875"}],"curies":[{"name":"wp","href":"https:\/\/api.w.org\/{rel}","templated":true}]}}