{"id":3878,"date":"2025-05-23T17:49:26","date_gmt":"2025-05-23T17:49:26","guid":{"rendered":"https:\/\/egytourpackages.com\/product\/piratenboot-hurghada-bis-orange-bay\/"},"modified":"2026-01-28T23:43:09","modified_gmt":"2026-01-28T23:43:09","slug":"piratenboot-hurghada-bis-orange-bay","status":"publish","type":"product","link":"https:\/\/egytourpackages.com\/de\/touren\/piratenboot-hurghada-bis-orange-bay\/","title":{"rendered":"Piratenboot Hurghada bis orange bay"},"content":{"rendered":"<p><span style=\"color: #ff6600;\"><strong>Piratenboot Hurghada bis orange bay | Schnorchelausflug<\/strong><\/span><\/p>\n<p>Luxusyacht | Meeresfr\u00fcchte-Mittagsbuffet &amp; frische S\u00e4fte | Orange Bay Beach | Buchung \u00fcber WhatsApp | Schnorchelausr\u00fcstung | Animationsshow<\/p>\n<p>Das Piratenboot Hurghada zur Orangenbucht ist ein Vorgeschmack auf die nat\u00fcrliche Sch\u00f6nheit des Roten Meeres, w\u00e4hrend es die Energie der \u00c4gypten-Touren aufrecht erh\u00e4lt. In der Tat, es ist einer der besten Luxus-Familienurlaub an Bord einer luxuri\u00f6sen Seeyacht. Dar\u00fcber hinaus ist die Piratenbootsfahrt der beste Familienurlaub, Dinge zu tun mit Freunden am Geburtstag, Sommerpl\u00e4ne mit Freunden und eine der besten Entscheidungen von Ausfl\u00fcgen f\u00fcr Senioren.<\/p>\n<p>Das Piratenboot Hurghada ist ideal f\u00fcr Senioren mit eingeschr\u00e4nkter Mobilit\u00e4t, Abenteuerlustige und Alleinreisende und bietet ein unvergessliches Erlebnis. Wenn Sie ein einzigartiges Abenteuer mit Ihren Kindern und einen Familienurlaub am Strand suchen, ist dieser Ausflug genau das Richtige f\u00fcr Sie. Genie\u00dfen Sie einen der sch\u00f6nsten Schnorchelausfl\u00fcge zu Korallenriffen in der Orange Bay Hurghada und schnorcheln Sie zwischen den Korallenriffen des Roten Meeres und seltenen bunten Fischen, w\u00e4hrend Sie mit dem Piratenboot segeln.<\/p>\n<h3>H\u00f6hepunkte der Tour<\/h3>\n<p>Ein langer Schnorchelstopp<\/p>\n<p>Frisch gekochtes Mittagessen an Bord<\/p>\n<p>Animation Show<\/p>\n<h3>Einzelheiten<\/h3>\n<p>Dauer: 7 Stunden<\/p>\n<p>Tourstandort: Hurghada &#8211; Rotes Meer<\/p>\n<p>Verf\u00fcgbarkeit: t\u00e4glich<\/p>\n<p>Art der Tour: Gruppe<\/p>\n<p>Abholung und R\u00fcckgabe: Ihr Hotel in Hurghada<\/p>\n<p>Rollstuhl: Barrierefrei zug\u00e4nglich<\/p>\n<h3>Einschl\u00fcsse<\/h3>\n<p>Transfer von Ihrem Hotel in Hurghada<\/p>\n<p>Schnorchelausr\u00fcstung wie Schwimmweste, Maske, Flossen<\/p>\n<p>Schnorchelf\u00fchrer<\/p>\n<p>Frisch gekochtes Mittagessen an Bord<\/p>\n<p>Mineralwasser, warme und kalte Getr\u00e4nke den ganzen Tag<\/p>\n<h3>Nicht inbegriffen<\/h3>\n<p>DVD und Fotos vom Kameramann<\/p>\n<p>Trinkgeld<\/p>\n<p>Eintrittsgeb\u00fchren f\u00fcr Nationalparks<\/p>\n<p>F\u00fcr Transfers aus Gebieten au\u00dferhalb Hurghadas (Makadi Bay, Sahl Hasheesh, El Gouna) fallen zus\u00e4tzliche Geb\u00fchren an.<\/p>\n<h3>Mitzubringen<\/h3>\n<p>Eigenes Handtuch vom Hotel<\/p>\n<p>M\u00fctze oder Schal<\/p>\n<p>Sonnencreme, Handtuch, Sonnencreme, Sonnenbrille<\/p>\n<p>Bequeme Schuhe<\/p>\n<p>Badeanzug<\/p>\n<p>Bargeld f\u00fcr pers\u00f6nliche Ausgaben<\/p>\n<h2>Reiseroute<\/h2>\n<h4>Abholzeit im Hotel<\/h4>\n<p>Abh\u00e4ngig von Ihrem Hotel-Standort und der Abholzeit, die Sie bei der Buchung erhalten, holen wir Sie an der Rezeption Ihres Hotels im New Marine ab.<\/p>\n<h4>09.00 Uhr Einstieg in das Piratenboot und Start der Fahrt<\/h4>\n<p>Bei der Ankunft auf dem Piratenboot werden Sie von der Crew begr\u00fc\u00dft und k\u00f6nnen das ger\u00e4umige Sonnendeck oder die klimatisierten Salons genie\u00dfen.<\/p>\n<h4>10.00 Uhr Schnorchelstopp<\/h4>\n<p>Nach der Ankunft am ersten Schnorchelplatz, genie\u00dfen Sie eine gef\u00fchrte Schnorcheltour von einer Stunde oder mehr im kristallklaren Wasser, dem Meeresleben des Roten Meeres. Geben Sie so viel aus, wie Sie m\u00f6chten, bevor Sie zur n\u00e4chsten Haltestelle fahren.<\/p>\n<h4>11:15 Uhr Orange Bay Beach<\/h4>\n<p>Sobald das Boot in der Orange Bay anlegt, haben Sie etwa zwei Stunden Zeit, die Sandstr\u00e4nde und das t\u00fcrkisfarbene Wasser zu genie\u00dfen. Sie k\u00f6nnen sich auf Sofa und Sonnenschirm entspannen und sonnenbaden oder ins Wasser springen und schwimmen.<\/p>\n<h4>13:00 Uhr Mittagessen<\/h4>\n<p>Zur\u00fcck zum Piratenboot erwartet Sie ein frisch zubereitetes Mittagessen mit Meeresfr\u00fcchtesuppe, verschiedenen Salaten, Reis, Nudeln, Kartoffeln, gegrillten Meeresfr\u00fcchten (Garnelen, Calamari, Fisch), H\u00fchnchen, Kofta und saisonalem frischem Obst.<\/p>\n<h4>15:00 Uhr zur\u00fcck zur Marina<\/h4>\n<p>Nach dem Mittagessen k\u00f6nnen Sie auf dem Sonnendeck entspannen, die Meeresbrise genie\u00dfen oder ein erfrischendes Getr\u00e4nk genie\u00dfen, w\u00e4hrend das Boot zur\u00fcck zum Yachthafen f\u00e4hrt.<\/p>\n<h4>15.30 Uhr<\/h4>\n<p>Sobald Sie bei der neuen Marine ankommen, werden Sie zur\u00fcck zu Ihrem Hotel gebracht.<\/p>\n<h3>PC<\/h3>\n<p>Sonntag, Dienstag, Donnerstag &amp; Freitag von 09.00 bis 15.30 Uhr<\/p>\n<p>Samstag, Montag 7 Mittwoch von 12.30 bis 18.00<\/p>\n<h3>Piratenboot Hurghada bis orange bay Preis<\/h3>\n<p>Erwachsenenpreis = 70 $<\/p>\n<p>Kinder 0-5 Jahre = kostenlos<\/p>\n<p>Kinder 5-11 Jahre = 50% des Erwachsenenpreises<\/p>\n<h3>Buchung<\/h3>\n<p>Sie k\u00f6nnen Ihre Tour per WhatsApp oder E-Mail buchen. Sie erhalten die Best\u00e4tigung direkt vor Ort.<\/p>\n<p>Bitte senden Sie uns Ihren Hotelnamen, Ihre Zimmernummer und Ihre Passkopien.<\/p>\n<h3>WhatsApp-Nummer<\/h3>\n<p>+201000852186<\/p>\n<h3>Jetzt buchen &amp; vor Ort bezahlen<\/h3>\n<p>Buchen Sie Ihre Lieblingstour und bezahlen Sie am Reisetag.<\/p>\n<h3>Zahlung<\/h3>\n<p>Sie k\u00f6nnen in \u00c4gyptischen Pfund, $, \u20ac oder \u00a3 bezahlen.<\/p>\n<h3>Stornierungsbedingungen<\/h3>\n<p>Stornierung bis 24 Stunden im Voraus kostenlos.<\/p>\n<p>Bei Stornierung am Morgen fallen 50 % des Reisepreises an.<\/p>\n","protected":false},"excerpt":{"rendered":"<p>Piratenboot Hurghada nach Orange Bay | Genie\u00dfen Sie einen luxuri\u00f6sen ganzt\u00e4gigen Schnorchelausflug und die Insel Orange Bay an Bord eines Piratenboots vom neuen Yachthafen Hurghadas.<\/p>\n","protected":false},"featured_media":3624,"comment_status":"open","ping_status":"closed","template":"","meta":[],"product_brand":[],"product_cat":[1494],"product_tag":[1495,1503],"class_list":{"0":"post-3878","1":"product","2":"type-product","3":"status-publish","4":"has-post-thumbnail","6":"product_cat-touren","7":"product_tag-agypten-tagestouren","8":"product_tag-hurghada-ausfluge","9":"tour_category-agypten-tagestouren","10":"tour_category-hurghada-ausfluge","11":"tour_category-hurghada-schnorchelausfluge","13":"first","14":"instock","15":"sale","16":"shipping-taxable","17":"purchasable","18":"product-type-tour","19":"has-default-attributes"},"yoast_head":"<!-- This site is optimized with the Yoast SEO Premium plugin v27.4 (Yoast SEO v27.4) - https:\/\/yoast.com\/product\/yoast-seo-premium-wordpress\/ -->\n<title>Piratenboot Hurghada bis orange bay<\/title>\n<meta name=\"description\" content=\"Piratenboot Hurghada nach Orange Bay | Genie\u00dfen Sie einen luxuri\u00f6sen ganzt\u00e4gigen Schnorchelausflug und die Insel Orange Bay an Bord eines Piratenboots.\" \/>\n<meta name=\"robots\" content=\"index, follow, max-snippet:-1, max-image-preview:large, max-video-preview:-1\" \/>\n<link rel=\"canonical\" href=\"https:\/\/egytourpackages.com\/de\/touren\/piratenboot-hurghada-bis-orange-bay\/\" \/>\n<meta property=\"og:locale\" content=\"de_DE\" \/>\n<meta property=\"og:type\" content=\"article\" \/>\n<meta property=\"og:title\" content=\"Piratenboot Hurghada bis orange bay\" \/>\n<meta property=\"og:description\" content=\"Piratenboot Hurghada zur Orange Bay | Genie\u00dfen Sie einen luxuri\u00f6sen ganzt\u00e4gigen Schnorchelausflug und Orange Bay Island an Bord Piratenboot von Hurghada neuer Yachthafen.\" \/>\n<meta property=\"og:url\" content=\"https:\/\/egytourpackages.com\/de\/touren\/piratenboot-hurghada-bis-orange-bay\/\" \/>\n<meta property=\"og:site_name\" content=\"\u00c4gypten-Reisepakete\" \/>\n<meta property=\"article:publisher\" content=\"https:\/\/www.facebook.com\/egytourpackages\" \/>\n<meta property=\"article:modified_time\" content=\"2026-01-28T23:43:09+00:00\" \/>\n<meta property=\"og:image\" content=\"https:\/\/egytourpackages.com\/wp-content\/uploads\/2025\/05\/Orange-Bay-beach-Giftun-Island-1024x768.jpeg\" \/>\n<meta name=\"twitter:card\" content=\"summary_large_image\" \/>\n<meta name=\"twitter:title\" content=\"Piratenboot Hurghada bis orange bay\" \/>\n<meta name=\"twitter:label1\" content=\"Preis\" \/>\n\t<meta name=\"twitter:data1\" content=\"&euro;70\" \/>\n\t<meta name=\"twitter:label2\" content=\"Verf\u00fcgbarkeit\" \/>\n\t<meta name=\"twitter:data2\" content=\"Auf Lager\" \/>\n<script type=\"application\/ld+json\" class=\"yoast-schema-graph\">{\"@context\":\"https:\\\/\\\/schema.org\",\"@graph\":[{\"@type\":\"WebPage\",\"@id\":\"https:\\\/\\\/egytourpackages.com\\\/de\\\/touren\\\/piratenboot-hurghada-bis-orange-bay\\\/\",\"url\":\"https:\\\/\\\/egytourpackages.com\\\/de\\\/touren\\\/piratenboot-hurghada-bis-orange-bay\\\/\",\"name\":\"Piratenboot Hurghada bis orange bay\",\"isPartOf\":{\"@id\":\"https:\\\/\\\/egytourpackages.com\\\/de\\\/#website\"},\"primaryImageOfPage\":{\"@id\":\"https:\\\/\\\/egytourpackages.com\\\/de\\\/touren\\\/piratenboot-hurghada-bis-orange-bay\\\/#primaryimage\"},\"image\":{\"@id\":\"https:\\\/\\\/egytourpackages.com\\\/de\\\/touren\\\/piratenboot-hurghada-bis-orange-bay\\\/#primaryimage\"},\"thumbnailUrl\":\"https:\\\/\\\/egytourpackages.com\\\/wp-content\\\/uploads\\\/2025\\\/05\\\/Pirate-boat-Hurghada.jpeg\",\"datePublished\":\"2025-05-23T17:49:26+00:00\",\"dateModified\":\"2026-01-28T23:43:09+00:00\",\"description\":\"Piratenboot Hurghada nach Orange Bay | Genie\u00dfen Sie einen luxuri\u00f6sen ganzt\u00e4gigen Schnorchelausflug und die Insel Orange Bay an Bord eines Piratenboots.\",\"breadcrumb\":{\"@id\":\"https:\\\/\\\/egytourpackages.com\\\/de\\\/touren\\\/piratenboot-hurghada-bis-orange-bay\\\/#breadcrumb\"},\"inLanguage\":\"de\",\"potentialAction\":[{\"@type\":\"ReadAction\",\"target\":[\"https:\\\/\\\/egytourpackages.com\\\/de\\\/touren\\\/piratenboot-hurghada-bis-orange-bay\\\/\"]}]},{\"@type\":\"ImageObject\",\"inLanguage\":\"de\",\"@id\":\"https:\\\/\\\/egytourpackages.com\\\/de\\\/touren\\\/piratenboot-hurghada-bis-orange-bay\\\/#primaryimage\",\"url\":\"https:\\\/\\\/egytourpackages.com\\\/wp-content\\\/uploads\\\/2025\\\/05\\\/Pirate-boat-Hurghada.jpeg\",\"contentUrl\":\"https:\\\/\\\/egytourpackages.com\\\/wp-content\\\/uploads\\\/2025\\\/05\\\/Pirate-boat-Hurghada.jpeg\",\"width\":1100,\"height\":849,\"caption\":\"Piratenboot Hurghada bis orange bay\"},{\"@type\":\"BreadcrumbList\",\"@id\":\"https:\\\/\\\/egytourpackages.com\\\/de\\\/touren\\\/piratenboot-hurghada-bis-orange-bay\\\/#breadcrumb\",\"itemListElement\":[{\"@type\":\"ListItem\",\"position\":1,\"name\":\"Startseite\",\"item\":\"https:\\\/\\\/egytourpackages.com\\\/de\\\/\"},{\"@type\":\"ListItem\",\"position\":2,\"name\":\"Shop\",\"item\":\"https:\\\/\\\/egytourpackages.com\\\/de\\\/shop\\\/\"},{\"@type\":\"ListItem\",\"position\":3,\"name\":\"Piratenboot Hurghada bis orange bay\"}]},{\"@type\":\"WebSite\",\"@id\":\"https:\\\/\\\/egytourpackages.com\\\/de\\\/#website\",\"url\":\"https:\\\/\\\/egytourpackages.com\\\/de\\\/\",\"name\":\"Egy tour packages\",\"description\":\"\",\"publisher\":{\"@id\":\"https:\\\/\\\/egytourpackages.com\\\/de\\\/#organization\"},\"potentialAction\":[{\"@type\":\"SearchAction\",\"target\":{\"@type\":\"EntryPoint\",\"urlTemplate\":\"https:\\\/\\\/egytourpackages.com\\\/de\\\/?s={search_term_string}\"},\"query-input\":{\"@type\":\"PropertyValueSpecification\",\"valueRequired\":true,\"valueName\":\"search_term_string\"}}],\"inLanguage\":\"de\"},{\"@type\":[\"Organization\",\"Place\",\"TravelAgency\"],\"@id\":\"https:\\\/\\\/egytourpackages.com\\\/de\\\/#organization\",\"name\":\"egypt tour packages\",\"alternateName\":\"egypt tour packages\",\"url\":\"https:\\\/\\\/egytourpackages.com\\\/de\\\/\",\"logo\":{\"@id\":\"https:\\\/\\\/egytourpackages.com\\\/de\\\/touren\\\/piratenboot-hurghada-bis-orange-bay\\\/#local-main-organization-logo\"},\"image\":{\"@id\":\"https:\\\/\\\/egytourpackages.com\\\/de\\\/touren\\\/piratenboot-hurghada-bis-orange-bay\\\/#local-main-organization-logo\"},\"sameAs\":[\"https:\\\/\\\/www.facebook.com\\\/egytourpackages\"],\"legalName\":\"Egy tour packages\",\"address\":{\"@id\":\"https:\\\/\\\/egytourpackages.com\\\/de\\\/touren\\\/piratenboot-hurghada-bis-orange-bay\\\/#local-main-place-address\"},\"telephone\":[\"00201000852186\",\"00201028685533\"],\"contactPoint\":{\"@type\":\"ContactPoint\",\"telephone\":\"00201000852186\"},\"openingHoursSpecification\":[{\"@type\":\"OpeningHoursSpecification\",\"dayOfWeek\":[\"Monday\",\"Tuesday\",\"Wednesday\",\"Thursday\",\"Friday\",\"Saturday\",\"Sunday\"],\"opens\":\"00:00\",\"closes\":\"23:59\"}],\"email\":\"info@egytourpackages.com\",\"areaServed\":\"Cairo, Hurghada, Luxor, Sharm El Sheikh, Marsa Alam, Aswan\",\"priceRange\":\"$\",\"currenciesAccepted\":\"euro\",\"paymentAccepted\":\"Payment links online\"},{\"@type\":\"PostalAddress\",\"@id\":\"https:\\\/\\\/egytourpackages.com\\\/de\\\/touren\\\/piratenboot-hurghada-bis-orange-bay\\\/#local-main-place-address\",\"streetAddress\":\"Mubarak 8, Al Kawthar District, Hurghada\",\"addressLocality\":\"Hurghada\",\"postalCode\":\"84511\",\"addressRegion\":\"Red Sea\",\"addressCountry\":\"EG\"},{\"@type\":\"ImageObject\",\"inLanguage\":\"de\",\"@id\":\"https:\\\/\\\/egytourpackages.com\\\/de\\\/touren\\\/piratenboot-hurghada-bis-orange-bay\\\/#local-main-organization-logo\",\"url\":\"https:\\\/\\\/egytourpackages.com\\\/wp-content\\\/uploads\\\/2025\\\/12\\\/Turquoise-Dahabiya-Nile-Cruise-1.jpeg\",\"contentUrl\":\"https:\\\/\\\/egytourpackages.com\\\/wp-content\\\/uploads\\\/2025\\\/12\\\/Turquoise-Dahabiya-Nile-Cruise-1.jpeg\",\"width\":1040,\"height\":694,\"caption\":\"egypt tour packages\"}]}<\/script>\n<meta property=\"product:brand\" content=\"\u00c4gypten Tagestouren\" \/>\n<meta property=\"product:price:amount\" content=\"70\" \/>\n<meta property=\"product:price:currency\" content=\"EUR\" \/>\n<meta property=\"og:availability\" content=\"instock\" \/>\n<meta property=\"product:availability\" content=\"instock\" \/>\n<meta property=\"product:retailer_item_id\" content=\"HDT13\" \/>\n<meta property=\"product:condition\" content=\"new\" \/>\n<meta name=\"geo.placename\" content=\"Hurghada\" \/>\n<meta name=\"geo.region\" content=\"\u00c4gypten\" \/>\n<!-- \/ Yoast SEO Premium plugin. -->","yoast_head_json":{"title":"Piratenboot Hurghada bis orange bay","description":"Piratenboot Hurghada nach Orange Bay | Genie\u00dfen Sie einen luxuri\u00f6sen ganzt\u00e4gigen Schnorchelausflug und die Insel Orange Bay an Bord eines Piratenboots.","robots":{"index":"index","follow":"follow","max-snippet":"max-snippet:-1","max-image-preview":"max-image-preview:large","max-video-preview":"max-video-preview:-1"},"canonical":"https:\/\/egytourpackages.com\/de\/touren\/piratenboot-hurghada-bis-orange-bay\/","og_locale":"de_DE","og_type":"article","og_title":"Piratenboot Hurghada bis orange bay","og_description":"Piratenboot Hurghada zur Orange Bay | Genie\u00dfen Sie einen luxuri\u00f6sen ganzt\u00e4gigen Schnorchelausflug und Orange Bay Island an Bord Piratenboot von Hurghada neuer Yachthafen.","og_url":"https:\/\/egytourpackages.com\/de\/touren\/piratenboot-hurghada-bis-orange-bay\/","og_site_name":"\u00c4gypten-Reisepakete","article_publisher":"https:\/\/www.facebook.com\/egytourpackages","article_modified_time":"2026-01-28T23:43:09+00:00","og_image":[{"url":"https:\/\/egytourpackages.com\/wp-content\/uploads\/2025\/05\/Orange-Bay-beach-Giftun-Island-1024x768.jpeg","type":"","width":"","height":""}],"twitter_card":"summary_large_image","twitter_title":"Piratenboot Hurghada bis orange bay","twitter_misc":{"Preis":"&euro;70","Verf\u00fcgbarkeit":"Auf Lager"},"schema":{"@context":"https:\/\/schema.org","@graph":[{"@type":"WebPage","@id":"https:\/\/egytourpackages.com\/de\/touren\/piratenboot-hurghada-bis-orange-bay\/","url":"https:\/\/egytourpackages.com\/de\/touren\/piratenboot-hurghada-bis-orange-bay\/","name":"Piratenboot Hurghada bis orange bay","isPartOf":{"@id":"https:\/\/egytourpackages.com\/de\/#website"},"primaryImageOfPage":{"@id":"https:\/\/egytourpackages.com\/de\/touren\/piratenboot-hurghada-bis-orange-bay\/#primaryimage"},"image":{"@id":"https:\/\/egytourpackages.com\/de\/touren\/piratenboot-hurghada-bis-orange-bay\/#primaryimage"},"thumbnailUrl":"https:\/\/egytourpackages.com\/wp-content\/uploads\/2025\/05\/Pirate-boat-Hurghada.jpeg","datePublished":"2025-05-23T17:49:26+00:00","dateModified":"2026-01-28T23:43:09+00:00","description":"Piratenboot Hurghada nach Orange Bay | Genie\u00dfen Sie einen luxuri\u00f6sen ganzt\u00e4gigen Schnorchelausflug und die Insel Orange Bay an Bord eines Piratenboots.","breadcrumb":{"@id":"https:\/\/egytourpackages.com\/de\/touren\/piratenboot-hurghada-bis-orange-bay\/#breadcrumb"},"inLanguage":"de","potentialAction":[{"@type":"ReadAction","target":["https:\/\/egytourpackages.com\/de\/touren\/piratenboot-hurghada-bis-orange-bay\/"]}]},{"@type":"ImageObject","inLanguage":"de","@id":"https:\/\/egytourpackages.com\/de\/touren\/piratenboot-hurghada-bis-orange-bay\/#primaryimage","url":"https:\/\/egytourpackages.com\/wp-content\/uploads\/2025\/05\/Pirate-boat-Hurghada.jpeg","contentUrl":"https:\/\/egytourpackages.com\/wp-content\/uploads\/2025\/05\/Pirate-boat-Hurghada.jpeg","width":1100,"height":849,"caption":"Piratenboot Hurghada bis orange bay"},{"@type":"BreadcrumbList","@id":"https:\/\/egytourpackages.com\/de\/touren\/piratenboot-hurghada-bis-orange-bay\/#breadcrumb","itemListElement":[{"@type":"ListItem","position":1,"name":"Startseite","item":"https:\/\/egytourpackages.com\/de\/"},{"@type":"ListItem","position":2,"name":"Shop","item":"https:\/\/egytourpackages.com\/de\/shop\/"},{"@type":"ListItem","position":3,"name":"Piratenboot Hurghada bis orange bay"}]},{"@type":"WebSite","@id":"https:\/\/egytourpackages.com\/de\/#website","url":"https:\/\/egytourpackages.com\/de\/","name":"Egy tour packages","description":"","publisher":{"@id":"https:\/\/egytourpackages.com\/de\/#organization"},"potentialAction":[{"@type":"SearchAction","target":{"@type":"EntryPoint","urlTemplate":"https:\/\/egytourpackages.com\/de\/?s={search_term_string}"},"query-input":{"@type":"PropertyValueSpecification","valueRequired":true,"valueName":"search_term_string"}}],"inLanguage":"de"},{"@type":["Organization","Place","TravelAgency"],"@id":"https:\/\/egytourpackages.com\/de\/#organization","name":"egypt tour packages","alternateName":"egypt tour packages","url":"https:\/\/egytourpackages.com\/de\/","logo":{"@id":"https:\/\/egytourpackages.com\/de\/touren\/piratenboot-hurghada-bis-orange-bay\/#local-main-organization-logo"},"image":{"@id":"https:\/\/egytourpackages.com\/de\/touren\/piratenboot-hurghada-bis-orange-bay\/#local-main-organization-logo"},"sameAs":["https:\/\/www.facebook.com\/egytourpackages"],"legalName":"Egy tour packages","address":{"@id":"https:\/\/egytourpackages.com\/de\/touren\/piratenboot-hurghada-bis-orange-bay\/#local-main-place-address"},"telephone":["00201000852186","00201028685533"],"contactPoint":{"@type":"ContactPoint","telephone":"00201000852186"},"openingHoursSpecification":[{"@type":"OpeningHoursSpecification","dayOfWeek":["Monday","Tuesday","Wednesday","Thursday","Friday","Saturday","Sunday"],"opens":"00:00","closes":"23:59"}],"email":"info@egytourpackages.com","areaServed":"Cairo, Hurghada, Luxor, Sharm El Sheikh, Marsa Alam, Aswan","priceRange":"$","currenciesAccepted":"euro","paymentAccepted":"Payment links online"},{"@type":"PostalAddress","@id":"https:\/\/egytourpackages.com\/de\/touren\/piratenboot-hurghada-bis-orange-bay\/#local-main-place-address","streetAddress":"Mubarak 8, Al Kawthar District, Hurghada","addressLocality":"Hurghada","postalCode":"84511","addressRegion":"Red Sea","addressCountry":"EG"},{"@type":"ImageObject","inLanguage":"de","@id":"https:\/\/egytourpackages.com\/de\/touren\/piratenboot-hurghada-bis-orange-bay\/#local-main-organization-logo","url":"https:\/\/egytourpackages.com\/wp-content\/uploads\/2025\/12\/Turquoise-Dahabiya-Nile-Cruise-1.jpeg","contentUrl":"https:\/\/egytourpackages.com\/wp-content\/uploads\/2025\/12\/Turquoise-Dahabiya-Nile-Cruise-1.jpeg","width":1040,"height":694,"caption":"egypt tour packages"}]},"product_brand":"\u00c4gypten Tagestouren","product_price_amount":"70","product_price_currency":"EUR","og_availability":"instock","product_availability":"instock","product_retailer_item_id":"HDT13","product_condition":"new","geo.placename":"Hurghada","geo.region":"\u00c4gypten"},"_links":{"self":[{"href":"https:\/\/egytourpackages.com\/de\/wp-json\/wp\/v2\/product\/3878","targetHints":{"allow":["GET"]}}],"collection":[{"href":"https:\/\/egytourpackages.com\/de\/wp-json\/wp\/v2\/product"}],"about":[{"href":"https:\/\/egytourpackages.com\/de\/wp-json\/wp\/v2\/types\/product"}],"replies":[{"embeddable":true,"href":"https:\/\/egytourpackages.com\/de\/wp-json\/wp\/v2\/comments?post=3878"}],"wp:featuredmedia":[{"embeddable":true,"href":"https:\/\/egytourpackages.com\/de\/wp-json\/wp\/v2\/media\/3624"}],"wp:attachment":[{"href":"https:\/\/egytourpackages.com\/de\/wp-json\/wp\/v2\/media?parent=3878"}],"wp:term":[{"taxonomy":"product_brand","embeddable":true,"href":"https:\/\/egytourpackages.com\/de\/wp-json\/wp\/v2\/product_brand?post=3878"},{"taxonomy":"product_cat","embeddable":true,"href":"https:\/\/egytourpackages.com\/de\/wp-json\/wp\/v2\/product_cat?post=3878"},{"taxonomy":"product_tag","embeddable":true,"href":"https:\/\/egytourpackages.com\/de\/wp-json\/wp\/v2\/product_tag?post=3878"}],"curies":[{"name":"wp","href":"https:\/\/api.w.org\/{rel}","templated":true}]}}