{"id":3880,"date":"2023-08-25T17:32:41","date_gmt":"2023-08-25T17:32:41","guid":{"rendered":"https:\/\/egytourpackages.com\/product\/tour-nach-luxor-ost-und-westufer\/"},"modified":"2026-01-09T12:05:33","modified_gmt":"2026-01-09T12:05:33","slug":"tour-nach-luxor-ost-und-westufer","status":"publish","type":"product","link":"https:\/\/egytourpackages.com\/de\/touren\/tour-nach-luxor-ost-und-westufer\/","title":{"rendered":"Tour nach Luxor Ost- und Westufer"},"content":{"rendered":"<p><span style=\"color: #ff6600;\"><strong>Tour nach Luxor Ost- und Westufer | Beste \u00c4gypten Touren<\/strong><\/span><\/p>\n<p>Buchen Sie Ihre Reise zum Ost- und Westufer von Luxor und entdecken Sie die faszinierende alt\u00e4gyptische Zivilisation mit \u00c4gypten-Touren. Erkunden Sie das Tal der K\u00f6nige mit dem Grab von Tutanchamun, dem Totentempel der Hatschepsut, den Memnonkolossen und beenden Sie Ihre Reise mit dem Karnak-Tempel. Erfahren Sie auf Ihren \u00c4gypten-Tagestouren anhand der Reliefs an den W\u00e4nden der Tempel und Gr\u00e4ber mehr \u00fcber die alt\u00e4gyptische Religion. Au\u00dferdem erfahren Sie mehr \u00fcber die Landwirtschaft im alten \u00c4gypten, Musik und Tanz sowie den Handel mit dem Ausland. W\u00e4hrend Ihrer Luxor-Tagestouren besuchen Sie einige Sehensw\u00fcrdigkeiten wie die Gr\u00e4ber der Adligen, das Ramesseum, den Habu-Tempel und das Tal der K\u00f6niginnen.<\/p>\n<h3>Tour Details<\/h3>\n<p>Dauer: 1 Tag<\/p>\n<p>Tourstandort: Luxor Ostbank \/ Luxor Westbank<\/p>\n<p>Verf\u00fcgbarkeit der Tour: T\u00e4glich<\/p>\n<p>Abholung und R\u00fcckgabe: Ihr Hotel in Luxor\/ Nilkreuzfahrt<\/p>\n<p>Art der Tour: Privat<\/p>\n<p>Rollstuhl: Barrierefrei zug\u00e4nglich<\/p>\n<h3>Tour Highlights<\/h3>\n<p>Karnak Tempel von Amun<\/p>\n<p>Barque Schrein von Ramesses III<\/p>\n<p>Tal der K\u00f6nige<\/p>\n<p>Mortuary Tempel von Hatshepsut<\/p>\n<p>Memnon Colossi<\/p>\n<h3>Inklusive<\/h3>\n<p>Hin- und R\u00fccktransfer mit einem neuen Privatfahrzeug<\/p>\n<p>Experte und \u00c4gyptologe als Reiseleiter<\/p>\n<p>Eintrittsgeb\u00fchren f\u00fcr alle Sehensw\u00fcrdigkeiten<\/p>\n<p>Mittagessen in einem lokalen Restaurant<\/p>\n<h3>Nicht inbegriffen<\/h3>\n<p>Getr\u00e4nke zum Mittagessen<\/p>\n<p>Eintrittsgeb\u00fchren f\u00fcr die Grabst\u00e4tten von Tutanchamun, Ramses VI. und Sethos I.<\/p>\n<p>Trinkgeld<\/p>\n<p>Packen<\/p>\n<p>Hut, Sonnenbrille und Sonnencreme<\/p>\n<p>Bequeme Schuhe und Kleidung<\/p>\n<h2>Reiseroute<\/h2>\n<p>Ihre Tour nach Luxor Ost und West Bank beginnt nach dem Fr\u00fchst\u00fcck in Ihrem Hotel zu einigen der wichtigsten Sehensw\u00fcrdigkeiten von Luxor. Eigentlich werden Sie Ihre Luxor-Tagestouren am Westufer von Luxor beginnen, wo Sie das erstaunliche Tal der K\u00f6nige besuchen werden.<\/p>\n<h4>King\u2019s Valley<\/h4>\n<p>Das Tal der K\u00f6nige ist der Ort, an dem die Pharaonen der 18. Dynastie, 19. Dynastie und 20. Dynastie begraben wurden. Au\u00dferdem hat das Tal die Grabst\u00e4tte des ber\u00fchmten Tutanchamun. W\u00e4hrend Ihrer Tour k\u00f6nnen Sie 3 Gr\u00e4ber w\u00e4hlen, die Sie besuchen m\u00f6chten, wie das Grab von K\u00f6nig Ramses V., das Grab von K\u00f6nig Ramses I., das Grab von K\u00f6nig Ramesses X., das Grab von K\u00f6nig Ramses XI. und das Grab von K\u00f6nig Ramses III. Au\u00dferdem k\u00f6nnen Sie die religi\u00f6sen B\u00fccher sehen, die die W\u00e4nde der Gr\u00e4ber bedecken wie das Buch der Toten, Buch des Tages, Buch der Nacht, Buch der himmlischen Kuh, Buch der H\u00f6hlen und Buch von Imyduat.<\/p>\n<h4>Totentempel der Hatschepsut<\/h4>\n<p>Ein Besuch des Hatschepsut-Tempels vermittelt Ihnen Einblicke in die Herrschaft der Frauen im alten \u00c4gypten und das allt\u00e4gliche Leben an den Mauern. Dar\u00fcber hinaus erfahren Sie spannende Geschichten wie die Punt-Expedition, die g\u00f6ttliche Geburt und das Zerschneiden der Obelisken. Die Hathor-, Anubis- und Amun-Kapelle z\u00e4hlen ebenfalls zu den H\u00f6hepunkten des Tempels in Deir el-Bahari.<\/p>\n<h4>Memnonkolosse<\/h4>\n<p>Zwei gewaltige Statuen von Amenophis III. schm\u00fcckten seinen Totentempel am Westufer von Luxor.<\/p>\n<h4>Karnak-Tempel<\/h4>\n<p>Der Tempel von Karnak war dem Gott Amun, seiner Frau, der G\u00f6ttin Mut, und ihrem Sohn, dem Gott Khonsu, geweiht. Karnak bietet aus der Karnak-Schlucht faszinierende Informationen \u00fcber die Pharaonen im alten \u00c4gypten. Wandreliefs erz\u00e4hlen au\u00dferdem von den t\u00e4glichen Ritualen in den \u00e4gyptischen Tempeln, den Kriegen im alten \u00c4gypten und der alt\u00e4gyptischen Religion. In Karnak gibt es viel zu besichtigen, darunter die Hypostylhalle, den Heiligen See, den Obelisken, den Ptah-Tempel, die Rote Kapelle, die Wei\u00dfe Kapelle und den Botanischen Garten.<\/p>\n<p>Am Ende Ihrer Tour zum Ost- und Westufer von Luxor fahren wir Sie im Rahmen unserer Luxor-Tagestouren zur\u00fcck zu Ihrem Hotel.<\/p>\n<h3>Tour nach Luxor Ost- und Westufer Preis<\/h3>\n<p>Erwachsenenpreis = 90 $<\/p>\n<p>Kinder 0-5 Jahre = kostenlos<\/p>\n<p>Kinder 5-11 Jahre = 50% des Erwachsenenpreises<\/p>\n<h3>Buchung<\/h3>\n<p>Sie k\u00f6nnen Ihre Tour via WhatsApp buchen oder uns eine E-Mail senden und erhalten die Best\u00e4tigung vor Ort.<\/p>\n<p>Bitte senden Sie uns Ihren Hotelnamen, Zimmernummer, Passkopien<\/p>\n<h3>WhatsApp Nummer<\/h3>\n<p>+201126482446<\/p>\n<h3>Jetzt buchen &amp; bezahlen vor Ort<\/h3>\n<p>Buchen Sie Ihre Lieblingstour und bezahlen Sie am Reisetag<\/p>\n<h3>Zahlung<\/h3>\n<p>Sie k\u00f6nnen mit \u00e4gyptischen Pfund, $, \u20ac\u00a0 oder \u00a3bezahlen.<\/p>\n<h3>Stornierungsbedingungen<\/h3>\n<p>Stornierung bis 24 Stunden im Voraus kostenlos<\/p>\n<p>Die Stornierung am Vormittag betr\u00e4gt 50% vom Preis<\/p>\n","protected":false},"excerpt":{"rendered":"<p>Tour zum Ost- und Westufer von Luxor | Erkunden Sie den Hatschepsut-Tempel, das Tal der K\u00f6nige, die Memnon-Kolosse am Westufer von Luxor und den Karnak-Tempel am Ostufer.<\/p>\n","protected":false},"featured_media":2963,"comment_status":"open","ping_status":"closed","template":"","meta":[],"product_brand":[],"product_cat":[1494],"product_tag":[1516,1515],"class_list":{"0":"post-3880","1":"product","2":"type-product","3":"status-publish","4":"has-post-thumbnail","6":"product_cat-touren","7":"product_tag-karnak-tempel","8":"product_tag-ostufer-von-luxor","9":"tour_category-agypten-tagestouren","10":"tour_category-luxor-tagestouren","12":"first","13":"instock","14":"sale","15":"shipping-taxable","16":"purchasable","17":"product-type-tour","18":"has-default-attributes"},"yoast_head":"<!-- This site is optimized with the Yoast SEO Premium plugin v27.4 (Yoast SEO v27.4) - https:\/\/yoast.com\/product\/yoast-seo-premium-wordpress\/ -->\n<title>Tour nach Luxor Ost- und Westufer | Beste \u00c4gypten Touren<\/title>\n<meta name=\"description\" content=\"Tour zum Ost- und Westufer von Luxor | Erkunden Sie den Hatschepsut-Tempel, das Tal der K\u00f6nige, die Memnon-Kolosse am Westufer von Luxor und den Karnak-Tempel am Ostufer.\" \/>\n<meta name=\"robots\" content=\"index, follow, max-snippet:-1, max-image-preview:large, max-video-preview:-1\" \/>\n<link rel=\"canonical\" href=\"https:\/\/egytourpackages.com\/de\/touren\/tour-nach-luxor-ost-und-westufer\/\" \/>\n<meta property=\"og:locale\" content=\"de_DE\" \/>\n<meta property=\"og:type\" content=\"article\" \/>\n<meta property=\"og:title\" content=\"Tour nach Luxor Ost- und Westufer\" \/>\n<meta property=\"og:description\" content=\"Tour zum Ost- und Westufer von Luxor | Erkunden Sie den Hatschepsut-Tempel, das Tal der K\u00f6nige, die Memnon-Kolosse am Westufer von Luxor und den Karnak-Tempel am Ostufer.\" \/>\n<meta property=\"og:url\" content=\"https:\/\/egytourpackages.com\/de\/touren\/tour-nach-luxor-ost-und-westufer\/\" \/>\n<meta property=\"og:site_name\" content=\"\u00c4gypten-Reisepakete\" \/>\n<meta property=\"article:publisher\" content=\"https:\/\/www.facebook.com\/egytourpackages\" \/>\n<meta property=\"article:modified_time\" content=\"2026-01-09T12:05:33+00:00\" \/>\n<meta property=\"og:image\" content=\"https:\/\/egytourpackages.com\/wp-content\/uploads\/2023\/08\/Valley-of-the-Kings-Luxor-1024x682.jpg\" \/>\n<meta name=\"twitter:card\" content=\"summary_large_image\" \/>\n<meta name=\"twitter:title\" content=\"Tour nach Luxor Ost- und Westufer\" \/>\n<meta name=\"twitter:description\" content=\"Tour zum Ost- und Westufer von Luxor | Erkunden Sie den Hatschepsut-Tempel, das Tal der K\u00f6nige, die Memnon-Kolosse am Westufer von Luxor und den Karnak-Tempel am Ostufer.\" \/>\n<meta name=\"twitter:image\" content=\"https:\/\/egytourpackages.com\/wp-content\/uploads\/2023\/08\/Valley-of-the-Kings-Luxor-1024x682.jpg\" \/>\n<meta name=\"twitter:label1\" content=\"Preis\" \/>\n\t<meta name=\"twitter:data1\" content=\"&euro;90\" \/>\n\t<meta name=\"twitter:label2\" content=\"Verf\u00fcgbarkeit\" \/>\n\t<meta name=\"twitter:data2\" content=\"Auf Lager\" \/>\n<script type=\"application\/ld+json\" class=\"yoast-schema-graph\">{\"@context\":\"https:\\\/\\\/schema.org\",\"@graph\":[{\"@type\":\"WebPage\",\"@id\":\"https:\\\/\\\/egytourpackages.com\\\/de\\\/touren\\\/tour-nach-luxor-ost-und-westufer\\\/\",\"url\":\"https:\\\/\\\/egytourpackages.com\\\/de\\\/touren\\\/tour-nach-luxor-ost-und-westufer\\\/\",\"name\":\"Tour nach Luxor Ost- und Westufer | Beste \u00c4gypten Touren\",\"isPartOf\":{\"@id\":\"https:\\\/\\\/egytourpackages.com\\\/de\\\/#website\"},\"primaryImageOfPage\":{\"@id\":\"https:\\\/\\\/egytourpackages.com\\\/de\\\/touren\\\/tour-nach-luxor-ost-und-westufer\\\/#primaryimage\"},\"image\":{\"@id\":\"https:\\\/\\\/egytourpackages.com\\\/de\\\/touren\\\/tour-nach-luxor-ost-und-westufer\\\/#primaryimage\"},\"thumbnailUrl\":\"https:\\\/\\\/egytourpackages.com\\\/wp-content\\\/uploads\\\/2023\\\/08\\\/Valley-of-the-Kings-Luxor.jpg\",\"datePublished\":\"2023-08-25T17:32:41+00:00\",\"dateModified\":\"2026-01-09T12:05:33+00:00\",\"description\":\"Tour zum Ost- und Westufer von Luxor | Erkunden Sie den Hatschepsut-Tempel, das Tal der K\u00f6nige, die Memnon-Kolosse am Westufer von Luxor und den Karnak-Tempel am Ostufer.\",\"breadcrumb\":{\"@id\":\"https:\\\/\\\/egytourpackages.com\\\/de\\\/touren\\\/tour-nach-luxor-ost-und-westufer\\\/#breadcrumb\"},\"inLanguage\":\"de\",\"potentialAction\":[{\"@type\":\"ReadAction\",\"target\":[\"https:\\\/\\\/egytourpackages.com\\\/de\\\/touren\\\/tour-nach-luxor-ost-und-westufer\\\/\"]}]},{\"@type\":\"ImageObject\",\"inLanguage\":\"de\",\"@id\":\"https:\\\/\\\/egytourpackages.com\\\/de\\\/touren\\\/tour-nach-luxor-ost-und-westufer\\\/#primaryimage\",\"url\":\"https:\\\/\\\/egytourpackages.com\\\/wp-content\\\/uploads\\\/2023\\\/08\\\/Valley-of-the-Kings-Luxor.jpg\",\"contentUrl\":\"https:\\\/\\\/egytourpackages.com\\\/wp-content\\\/uploads\\\/2023\\\/08\\\/Valley-of-the-Kings-Luxor.jpg\",\"width\":2000,\"height\":1333,\"caption\":\"Tour nach Luxor Ost- und Westufer\"},{\"@type\":\"BreadcrumbList\",\"@id\":\"https:\\\/\\\/egytourpackages.com\\\/de\\\/touren\\\/tour-nach-luxor-ost-und-westufer\\\/#breadcrumb\",\"itemListElement\":[{\"@type\":\"ListItem\",\"position\":1,\"name\":\"Startseite\",\"item\":\"https:\\\/\\\/egytourpackages.com\\\/de\\\/\"},{\"@type\":\"ListItem\",\"position\":2,\"name\":\"Shop\",\"item\":\"https:\\\/\\\/egytourpackages.com\\\/de\\\/shop\\\/\"},{\"@type\":\"ListItem\",\"position\":3,\"name\":\"Tour nach Luxor Ost- und Westufer\"}]},{\"@type\":\"WebSite\",\"@id\":\"https:\\\/\\\/egytourpackages.com\\\/de\\\/#website\",\"url\":\"https:\\\/\\\/egytourpackages.com\\\/de\\\/\",\"name\":\"Egy tour packages\",\"description\":\"\",\"publisher\":{\"@id\":\"https:\\\/\\\/egytourpackages.com\\\/de\\\/#organization\"},\"potentialAction\":[{\"@type\":\"SearchAction\",\"target\":{\"@type\":\"EntryPoint\",\"urlTemplate\":\"https:\\\/\\\/egytourpackages.com\\\/de\\\/?s={search_term_string}\"},\"query-input\":{\"@type\":\"PropertyValueSpecification\",\"valueRequired\":true,\"valueName\":\"search_term_string\"}}],\"inLanguage\":\"de\"},{\"@type\":[\"Organization\",\"Place\",\"TravelAgency\"],\"@id\":\"https:\\\/\\\/egytourpackages.com\\\/de\\\/#organization\",\"name\":\"egypt tour packages\",\"alternateName\":\"egypt tour packages\",\"url\":\"https:\\\/\\\/egytourpackages.com\\\/de\\\/\",\"logo\":{\"@id\":\"https:\\\/\\\/egytourpackages.com\\\/de\\\/touren\\\/tour-nach-luxor-ost-und-westufer\\\/#local-main-organization-logo\"},\"image\":{\"@id\":\"https:\\\/\\\/egytourpackages.com\\\/de\\\/touren\\\/tour-nach-luxor-ost-und-westufer\\\/#local-main-organization-logo\"},\"sameAs\":[\"https:\\\/\\\/www.facebook.com\\\/egytourpackages\"],\"legalName\":\"Egy tour packages\",\"address\":{\"@id\":\"https:\\\/\\\/egytourpackages.com\\\/de\\\/touren\\\/tour-nach-luxor-ost-und-westufer\\\/#local-main-place-address\"},\"telephone\":[\"00201000852186\",\"00201028685533\"],\"contactPoint\":{\"@type\":\"ContactPoint\",\"telephone\":\"00201000852186\"},\"openingHoursSpecification\":[{\"@type\":\"OpeningHoursSpecification\",\"dayOfWeek\":[\"Monday\",\"Tuesday\",\"Wednesday\",\"Thursday\",\"Friday\",\"Saturday\",\"Sunday\"],\"opens\":\"00:00\",\"closes\":\"23:59\"}],\"email\":\"info@egytourpackages.com\",\"areaServed\":\"Cairo, Hurghada, Luxor, Sharm El Sheikh, Marsa Alam, Aswan\",\"priceRange\":\"$\",\"currenciesAccepted\":\"euro\",\"paymentAccepted\":\"Payment links online\"},{\"@type\":\"PostalAddress\",\"@id\":\"https:\\\/\\\/egytourpackages.com\\\/de\\\/touren\\\/tour-nach-luxor-ost-und-westufer\\\/#local-main-place-address\",\"streetAddress\":\"Mubarak 8, Al Kawthar District, Hurghada\",\"addressLocality\":\"Hurghada\",\"postalCode\":\"84511\",\"addressRegion\":\"Red Sea\",\"addressCountry\":\"EG\"},{\"@type\":\"ImageObject\",\"inLanguage\":\"de\",\"@id\":\"https:\\\/\\\/egytourpackages.com\\\/de\\\/touren\\\/tour-nach-luxor-ost-und-westufer\\\/#local-main-organization-logo\",\"url\":\"https:\\\/\\\/egytourpackages.com\\\/wp-content\\\/uploads\\\/2025\\\/12\\\/Turquoise-Dahabiya-Nile-Cruise-1.jpeg\",\"contentUrl\":\"https:\\\/\\\/egytourpackages.com\\\/wp-content\\\/uploads\\\/2025\\\/12\\\/Turquoise-Dahabiya-Nile-Cruise-1.jpeg\",\"width\":1040,\"height\":694,\"caption\":\"egypt tour packages\"}]}<\/script>\n<meta property=\"product:brand\" content=\"\u00c4gypten Tagestouren\" \/>\n<meta property=\"product:price:amount\" content=\"90\" \/>\n<meta property=\"product:price:currency\" content=\"EUR\" \/>\n<meta property=\"og:availability\" content=\"instock\" \/>\n<meta property=\"product:availability\" content=\"instock\" \/>\n<meta property=\"product:retailer_item_id\" content=\"LDT03\" \/>\n<meta property=\"product:condition\" content=\"new\" \/>\n<meta name=\"geo.placename\" content=\"Hurghada\" \/>\n<meta name=\"geo.region\" content=\"\u00c4gypten\" \/>\n<!-- \/ Yoast SEO Premium plugin. -->","yoast_head_json":{"title":"Tour nach Luxor Ost- und Westufer | Beste \u00c4gypten Touren","description":"Tour zum Ost- und Westufer von Luxor | Erkunden Sie den Hatschepsut-Tempel, das Tal der K\u00f6nige, die Memnon-Kolosse am Westufer von Luxor und den Karnak-Tempel am Ostufer.","robots":{"index":"index","follow":"follow","max-snippet":"max-snippet:-1","max-image-preview":"max-image-preview:large","max-video-preview":"max-video-preview:-1"},"canonical":"https:\/\/egytourpackages.com\/de\/touren\/tour-nach-luxor-ost-und-westufer\/","og_locale":"de_DE","og_type":"article","og_title":"Tour nach Luxor Ost- und Westufer","og_description":"Tour zum Ost- und Westufer von Luxor | Erkunden Sie den Hatschepsut-Tempel, das Tal der K\u00f6nige, die Memnon-Kolosse am Westufer von Luxor und den Karnak-Tempel am Ostufer.","og_url":"https:\/\/egytourpackages.com\/de\/touren\/tour-nach-luxor-ost-und-westufer\/","og_site_name":"\u00c4gypten-Reisepakete","article_publisher":"https:\/\/www.facebook.com\/egytourpackages","article_modified_time":"2026-01-09T12:05:33+00:00","og_image":[{"url":"https:\/\/egytourpackages.com\/wp-content\/uploads\/2023\/08\/Valley-of-the-Kings-Luxor-1024x682.jpg","type":"","width":"","height":""}],"twitter_card":"summary_large_image","twitter_title":"Tour nach Luxor Ost- und Westufer","twitter_description":"Tour zum Ost- und Westufer von Luxor | Erkunden Sie den Hatschepsut-Tempel, das Tal der K\u00f6nige, die Memnon-Kolosse am Westufer von Luxor und den Karnak-Tempel am Ostufer.","twitter_image":"https:\/\/egytourpackages.com\/wp-content\/uploads\/2023\/08\/Valley-of-the-Kings-Luxor-1024x682.jpg","twitter_misc":{"Preis":"&euro;90","Verf\u00fcgbarkeit":"Auf Lager"},"schema":{"@context":"https:\/\/schema.org","@graph":[{"@type":"WebPage","@id":"https:\/\/egytourpackages.com\/de\/touren\/tour-nach-luxor-ost-und-westufer\/","url":"https:\/\/egytourpackages.com\/de\/touren\/tour-nach-luxor-ost-und-westufer\/","name":"Tour nach Luxor Ost- und Westufer | Beste \u00c4gypten Touren","isPartOf":{"@id":"https:\/\/egytourpackages.com\/de\/#website"},"primaryImageOfPage":{"@id":"https:\/\/egytourpackages.com\/de\/touren\/tour-nach-luxor-ost-und-westufer\/#primaryimage"},"image":{"@id":"https:\/\/egytourpackages.com\/de\/touren\/tour-nach-luxor-ost-und-westufer\/#primaryimage"},"thumbnailUrl":"https:\/\/egytourpackages.com\/wp-content\/uploads\/2023\/08\/Valley-of-the-Kings-Luxor.jpg","datePublished":"2023-08-25T17:32:41+00:00","dateModified":"2026-01-09T12:05:33+00:00","description":"Tour zum Ost- und Westufer von Luxor | Erkunden Sie den Hatschepsut-Tempel, das Tal der K\u00f6nige, die Memnon-Kolosse am Westufer von Luxor und den Karnak-Tempel am Ostufer.","breadcrumb":{"@id":"https:\/\/egytourpackages.com\/de\/touren\/tour-nach-luxor-ost-und-westufer\/#breadcrumb"},"inLanguage":"de","potentialAction":[{"@type":"ReadAction","target":["https:\/\/egytourpackages.com\/de\/touren\/tour-nach-luxor-ost-und-westufer\/"]}]},{"@type":"ImageObject","inLanguage":"de","@id":"https:\/\/egytourpackages.com\/de\/touren\/tour-nach-luxor-ost-und-westufer\/#primaryimage","url":"https:\/\/egytourpackages.com\/wp-content\/uploads\/2023\/08\/Valley-of-the-Kings-Luxor.jpg","contentUrl":"https:\/\/egytourpackages.com\/wp-content\/uploads\/2023\/08\/Valley-of-the-Kings-Luxor.jpg","width":2000,"height":1333,"caption":"Tour nach Luxor Ost- und Westufer"},{"@type":"BreadcrumbList","@id":"https:\/\/egytourpackages.com\/de\/touren\/tour-nach-luxor-ost-und-westufer\/#breadcrumb","itemListElement":[{"@type":"ListItem","position":1,"name":"Startseite","item":"https:\/\/egytourpackages.com\/de\/"},{"@type":"ListItem","position":2,"name":"Shop","item":"https:\/\/egytourpackages.com\/de\/shop\/"},{"@type":"ListItem","position":3,"name":"Tour nach Luxor Ost- und Westufer"}]},{"@type":"WebSite","@id":"https:\/\/egytourpackages.com\/de\/#website","url":"https:\/\/egytourpackages.com\/de\/","name":"Egy tour packages","description":"","publisher":{"@id":"https:\/\/egytourpackages.com\/de\/#organization"},"potentialAction":[{"@type":"SearchAction","target":{"@type":"EntryPoint","urlTemplate":"https:\/\/egytourpackages.com\/de\/?s={search_term_string}"},"query-input":{"@type":"PropertyValueSpecification","valueRequired":true,"valueName":"search_term_string"}}],"inLanguage":"de"},{"@type":["Organization","Place","TravelAgency"],"@id":"https:\/\/egytourpackages.com\/de\/#organization","name":"egypt tour packages","alternateName":"egypt tour packages","url":"https:\/\/egytourpackages.com\/de\/","logo":{"@id":"https:\/\/egytourpackages.com\/de\/touren\/tour-nach-luxor-ost-und-westufer\/#local-main-organization-logo"},"image":{"@id":"https:\/\/egytourpackages.com\/de\/touren\/tour-nach-luxor-ost-und-westufer\/#local-main-organization-logo"},"sameAs":["https:\/\/www.facebook.com\/egytourpackages"],"legalName":"Egy tour packages","address":{"@id":"https:\/\/egytourpackages.com\/de\/touren\/tour-nach-luxor-ost-und-westufer\/#local-main-place-address"},"telephone":["00201000852186","00201028685533"],"contactPoint":{"@type":"ContactPoint","telephone":"00201000852186"},"openingHoursSpecification":[{"@type":"OpeningHoursSpecification","dayOfWeek":["Monday","Tuesday","Wednesday","Thursday","Friday","Saturday","Sunday"],"opens":"00:00","closes":"23:59"}],"email":"info@egytourpackages.com","areaServed":"Cairo, Hurghada, Luxor, Sharm El Sheikh, Marsa Alam, Aswan","priceRange":"$","currenciesAccepted":"euro","paymentAccepted":"Payment links online"},{"@type":"PostalAddress","@id":"https:\/\/egytourpackages.com\/de\/touren\/tour-nach-luxor-ost-und-westufer\/#local-main-place-address","streetAddress":"Mubarak 8, Al Kawthar District, Hurghada","addressLocality":"Hurghada","postalCode":"84511","addressRegion":"Red Sea","addressCountry":"EG"},{"@type":"ImageObject","inLanguage":"de","@id":"https:\/\/egytourpackages.com\/de\/touren\/tour-nach-luxor-ost-und-westufer\/#local-main-organization-logo","url":"https:\/\/egytourpackages.com\/wp-content\/uploads\/2025\/12\/Turquoise-Dahabiya-Nile-Cruise-1.jpeg","contentUrl":"https:\/\/egytourpackages.com\/wp-content\/uploads\/2025\/12\/Turquoise-Dahabiya-Nile-Cruise-1.jpeg","width":1040,"height":694,"caption":"egypt tour packages"}]},"product_brand":"\u00c4gypten Tagestouren","product_price_amount":"90","product_price_currency":"EUR","og_availability":"instock","product_availability":"instock","product_retailer_item_id":"LDT03","product_condition":"new","geo.placename":"Hurghada","geo.region":"\u00c4gypten"},"_links":{"self":[{"href":"https:\/\/egytourpackages.com\/de\/wp-json\/wp\/v2\/product\/3880","targetHints":{"allow":["GET"]}}],"collection":[{"href":"https:\/\/egytourpackages.com\/de\/wp-json\/wp\/v2\/product"}],"about":[{"href":"https:\/\/egytourpackages.com\/de\/wp-json\/wp\/v2\/types\/product"}],"replies":[{"embeddable":true,"href":"https:\/\/egytourpackages.com\/de\/wp-json\/wp\/v2\/comments?post=3880"}],"wp:featuredmedia":[{"embeddable":true,"href":"https:\/\/egytourpackages.com\/de\/wp-json\/wp\/v2\/media\/2963"}],"wp:attachment":[{"href":"https:\/\/egytourpackages.com\/de\/wp-json\/wp\/v2\/media?parent=3880"}],"wp:term":[{"taxonomy":"product_brand","embeddable":true,"href":"https:\/\/egytourpackages.com\/de\/wp-json\/wp\/v2\/product_brand?post=3880"},{"taxonomy":"product_cat","embeddable":true,"href":"https:\/\/egytourpackages.com\/de\/wp-json\/wp\/v2\/product_cat?post=3880"},{"taxonomy":"product_tag","embeddable":true,"href":"https:\/\/egytourpackages.com\/de\/wp-json\/wp\/v2\/product_tag?post=3880"}],"curies":[{"name":"wp","href":"https:\/\/api.w.org\/{rel}","templated":true}]}}