{"id":3882,"date":"2024-06-19T02:23:03","date_gmt":"2024-06-19T02:23:03","guid":{"rendered":"https:\/\/egytourpackages.com\/product\/halbtaegige-tour-zu-den-pyramiden-von-kairo\/"},"modified":"2026-01-12T23:42:45","modified_gmt":"2026-01-12T23:42:45","slug":"halbtaegige-tour-zu-den-pyramiden-von-kairo","status":"publish","type":"product","link":"https:\/\/egytourpackages.com\/de\/touren\/halbtaegige-tour-zu-den-pyramiden-von-kairo\/","title":{"rendered":"Halbt\u00e4gige Tour zu den Pyramiden von Kairo"},"content":{"rendered":"<p><span style=\"color: #ff6600;\"><strong>Halbt\u00e4gige \u00c4gypten Pyramiden Tour in Kairo<\/strong><\/span><\/p>\n<p>Beginnen Sie eine unvergessliche <strong>Halbt\u00e4gige \u00c4gypten Pyramiden Tour in Kairo<\/strong>, die f\u00fcr Reisende konzipiert wurde, die die ikonischsten Wunder des <strong>Alten \u00c4gypten<\/strong> erleben m\u00f6chten. Diese <strong>private Tour<\/strong> bietet eine unvergleichliche Gelegenheit, den legend\u00e4ren <strong>Pyramidenkomplex von Gizeh<\/strong> zu erkunden, einschlie\u00dflich der pr\u00e4chtigen <strong>Gro\u00dfen Pyramide von Cheops<\/strong>, der <strong>Pyramide von Chephren<\/strong> und der <strong>Pyramide von Mykerinos<\/strong>.<\/p>\n<p>Tats\u00e4chlich ist diese <strong>Halbt\u00e4gige \u00c4gypten Pyramiden Tour in Kairo<\/strong> <strong>ideal f\u00fcr Reisende mit begrenzter Zeit<\/strong> oder f\u00fcr diejenigen, die eine gezielte Erkundung suchen. Bestaunen Sie die r\u00e4tselhafte <strong>Gro\u00dfe Sphinx<\/strong>, den W\u00e4chter der <strong>Nekropole von Gizeh<\/strong>, und tauchen Sie mit unserem erfahrenen <strong>\u00c4gyptologen-Reisef\u00fchrer<\/strong> in die faszinierenden Geschichten hinter diesen <strong>antiken Weltwundern<\/strong> ein. Ihr <strong>Kairo-Tour<\/strong>-Abenteuer beinhaltet einen komfortablen, <strong>klimatisierten Transport<\/strong> direkt von Ihrem <strong>Kairoer Hotel<\/strong>. Entdecken Sie die Geheimnisse des <strong>Taltempels<\/strong>, erleben Sie architektonisches Genie und machen Sie atemberaubende <strong>Fotos der Pyramiden<\/strong>.<\/p>\n<p>Die Buchung von <strong>Kairo Ausfl\u00fcgen<\/strong> zu den Gizeh-Pyramiden bedeutet, dass Sie die Geheimnisse der Pyramiden und die Pyramidientexte der <strong>4. Dynastie<\/strong> des <strong>Alten Reiches<\/strong> kennenlernen werden. W\u00e4hrenddessen k\u00f6nnen Sie die <strong>Gr\u00e4ber der Pyramidenbauer<\/strong>, die <strong>K\u00f6niginnenpyramide<\/strong>, <strong>Bootsgruben<\/strong> und vieles mehr erkunden. Kontaktieren Sie uns und lassen Sie uns unvergessliche Erinnerungen f\u00fcr Sie schaffen.<\/p>\n<p><strong>Tour Details<\/strong><\/p>\n<ul>\n<li>Dauer: Halbt\u00e4gig<\/li>\n<li>Tour Ort: Kairo \/ Gizeh<\/li>\n<li>Tour Verf\u00fcgbarkeit: T\u00e4glich<\/li>\n<li>Abholung &amp; R\u00fccktransfer: Ihr Hotel in Kairo \/ Gizeh<\/li>\n<li>Tour Typ: Privat<\/li>\n<li>Rollstuhl: Zug\u00e4nglich<\/li>\n<\/ul>\n<p><strong>Tour Highlights<\/strong><\/p>\n<ul>\n<li>Cheops-Pyramide<\/li>\n<li>Chephren-Pyramide<\/li>\n<li>Mykerinos-Pyramide<\/li>\n<li>K\u00f6niginnenpyramide<\/li>\n<li>Taltempel<\/li>\n<li>Die Gro\u00dfe Sphinx<\/li>\n<\/ul>\n<p><strong>Inklusive<\/strong><\/p>\n<ul>\n<li>Hin- und R\u00fccktransfer mit modernem, klimatisiertem Fahrzeug<\/li>\n<li>Eintrittsgelder f\u00fcr alle Sehensw\u00fcrdigkeiten<\/li>\n<li>Erfahrener \u00c4gyptologe als Reisef\u00fchrer<\/li>\n<li>Mittagessen in einem lokalen Restaurant<\/li>\n<\/ul>\n<p>Nicht inklusive<\/p>\n<ul>\n<li>Getr\u00e4nke w\u00e4hrend des Mittagessens<\/li>\n<li>Das Eintrittsgeld f\u00fcr die Cheops-Pyramide<\/li>\n<li>Eintrittsgeld f\u00fcr die Chephren-Pyramide<\/li>\n<li>Trinkgelder<\/li>\n<\/ul>\n<p><strong>Was einzupacken ist<\/strong><\/p>\n<ul>\n<li>Hut, Sonnenbrille &amp; Sonnencreme<\/li>\n<li>Bequeme Schuhe und Kleidung<\/li>\n<\/ul>\n<p><strong>Reiseverlauf<\/strong><\/p>\n<p>Ihre \u00c4gypten-Pyramiden-Tour beginnt, wenn Sie sich mit Ihrem <strong>\u00c4gyptologen-Reisef\u00fchrer<\/strong> in der Lobby Ihres Hotels treffen. Beginnen Sie Ihre Gizeh-Attraktionen mit dem <strong>Pyramidenkomplex von Gizeh<\/strong>.<\/p>\n<p><strong>Pyramidenkomplex von Gizeh<\/strong><\/p>\n<p>Die <strong>Pyramiden von Gizeh<\/strong> f\u00fcr <strong>Cheops, Chephren<\/strong> und <strong>Mykerinos<\/strong> geh\u00f6ren zu den <strong>Top-Sehensw\u00fcrdigkeiten \u00c4gyptens<\/strong> bei <strong>\u00c4gypten-Reisen<\/strong>. W\u00e4hrend Ihrer Tour erfahren Sie mehr \u00fcber die <strong>Bestattungsbr\u00e4uche im alten \u00c4gypten<\/strong>, die <strong>Geschichte des alten \u00c4gypten<\/strong> und die <strong>Religion des alten \u00c4gypten<\/strong>. Au\u00dferdem gibt es die M\u00f6glichkeit, die <strong>Cheops-Pyramide<\/strong>, die <strong>Mykerinos-Pyramide<\/strong> oder eine der <strong>K\u00f6niginnenpyramiden<\/strong> von innen zu besichtigen.<\/p>\n<p><strong>Cheops-Pyramide<\/strong><\/p>\n<p>Beginnen Sie Ihre \u00c4gypten-Pyramiden-Tour mit dem einzigen noch erhaltenen Weltwunder der Antike, der <strong>Gro\u00dfen Pyramide von Cheops<\/strong>. Erfahren Sie mehr \u00fcber das <strong>architektonische Talent<\/strong> und die <strong>ingenieurtechnischen F\u00e4higkeiten der alten \u00c4gypter<\/strong>. Dar\u00fcber hinaus k\u00f6nnen Sie um die <strong>Cheops-Pyramide<\/strong> herumgehen, um die Ruinen des <strong>Reinigungstempels<\/strong>, der <strong>K\u00f6niginnenpyramiden<\/strong> und der <strong>Gr\u00e4ber der Pyramidenbauer<\/strong> zu besichtigen.<\/p>\n<p><strong>Mykerinos-Pyramide<\/strong><\/p>\n<p>Die kleinste unter den <strong>Gizeh-Pyramiden<\/strong> und die einzige mit Granitverkleidung und drei Nebenpyramiden daneben. Sie k\u00f6nnen die Pyramide gegen eine Geb\u00fchr betreten oder einen <strong>Kamelritt zum Panorama-Gebiet<\/strong> genie\u00dfen.<\/p>\n<p><strong>Taltempel<\/strong><\/p>\n<p>Der <strong>Taltempel<\/strong> ist ein Teil des Pyramidenkomplexes, da er der Ort war, an dem die <strong>Mund\u00f6ffnungszeremonie<\/strong> an der Mumie des K\u00f6nigs durchgef\u00fchrt wurde. Einige Historiker glauben auch, dass dort die <strong>Mumifizierung im alten \u00c4gypten<\/strong> praktiziert wurde.<\/p>\n<p><strong>Die Gro\u00dfe Sphinx<\/strong><\/p>\n<p>Eine massive Statue, die 73 Meter lang und 20 Meter hoch ist, mit menschlichem Kopf und L\u00f6wenk\u00f6rper. Tats\u00e4chlich wird angenommen, dass die <strong>Gro\u00dfe Sphinx<\/strong> w\u00e4hrend des <strong>Alten Reiches<\/strong> von <strong>Pharao Chephren<\/strong> gemei\u00dfelt wurde. Vor der Sphinx wurde ein Sonnentempel von den K\u00f6nigen der <strong>5. Dynastie<\/strong> erbaut. Der verlorene Bart der Sphinx befindet sich heute zwischen dem British Museum und dem Kairoer Museum. Schlie\u00dflich ist die <strong>Traumstele<\/strong> zwischen den Pfoten der Sphinx, die auf den Prinzen <strong>Thutmosis IV.<\/strong> zur\u00fcckgeht, ein Highlight der Statue.<\/p>\n<p><strong>Mittagessen<\/strong><\/p>\n<p>Genie\u00dfen Sie Ihr Mittagessen in einem lokalen Restaurant, bevor Sie zu Ihrem Hotel zur\u00fcckkehren.<\/p>\n<p><strong>Halbt\u00e4gige \u00c4gypten Pyramiden Tour in Kairo Preis<\/strong><\/p>\n<ul>\n<li>Erwachsenenpreis = 90 \u20ac<\/li>\n<li>Kinder 0-5 Jahre = kostenlos<\/li>\n<li>Kinder 5-11 Jahre = 50% des Erwachsenenpreises<\/li>\n<\/ul>\n<p><strong>Buchung<\/strong><\/p>\n<p>Sie k\u00f6nnen Ihre <strong>Kairo Tagestouren<\/strong> \u00fcber WhatsApp buchen oder uns eine E-Mail senden, und Sie erhalten die Best\u00e4tigung sofort.<\/p>\n<p>Bitte senden Sie uns Ihren <strong>Hotelnamen, Zimmernummer, Passkopien<\/strong>.<\/p>\n<p>WhatsApp: +201000852186<\/p>\n<p>info@egytourpackages.com<\/p>\n<p><strong>Jetzt buchen &amp; vor Ort bezahlen<\/strong><\/p>\n<p>Buchen Sie Ihre Lieblingstour und bezahlen Sie am Reisetag.<\/p>\n<p><strong>Zahlung<\/strong><\/p>\n<p>Sie k\u00f6nnen in \u00e4gyptischen Pfund, $, \u20ac oder \u00a3 bezahlen.<\/p>\n<p><strong>Stornierungsbedingungen<\/strong><\/p>\n<ul>\n<li>Kostenlose Stornierung bis zu 24 Stunden im Voraus<\/li>\n<li>Stornierung am Morgen betr\u00e4gt 50% des Preises<\/li>\n<\/ul>\n","protected":false},"excerpt":{"rendered":"<p>Halbt\u00e4gige \u00c4gypten-Pyramiden-Tour in Kairo | Buchen Sie Ihre Kairo-Tagestouren und erkunden Sie die Gizeh-Pyramiden, die gro\u00dfe Sphinx, mit einem privaten Arch\u00e4ologen.<\/p>\n","protected":false},"featured_media":3234,"comment_status":"open","ping_status":"closed","template":"","meta":[],"product_brand":[],"product_cat":[1494],"product_tag":[1495,1518],"class_list":{"0":"post-3882","1":"product","2":"type-product","3":"status-publish","4":"has-post-thumbnail","6":"product_cat-touren","7":"product_tag-agypten-tagestouren","8":"product_tag-tagesausfluge-in-kairo","9":"tour_category-agypten-tagestouren","10":"tour_category-tagesausfluge-in-kairo","12":"first","13":"instock","14":"sale","15":"shipping-taxable","16":"purchasable","17":"product-type-tour","18":"has-default-attributes"},"yoast_head":"<!-- This site is optimized with the Yoast SEO Premium plugin v27.2 (Yoast SEO v27.2) - https:\/\/yoast.com\/product\/yoast-seo-premium-wordpress\/ -->\n<title>Halbt\u00e4gige Tour zu den Pyramiden von Kairo | Kostenlos buchen<\/title>\n<meta name=\"description\" content=\"Halbt\u00e4gige Tour zu den Pyramiden von \u00c4gypten in Kairo | Buchen Sie Ihre Tagestour nach Kairo und erkunden Sie die Pyramiden von Gizeh und die gro\u00dfe Sphinx.\" \/>\n<meta name=\"robots\" content=\"index, follow, max-snippet:-1, max-image-preview:large, max-video-preview:-1\" \/>\n<link rel=\"canonical\" href=\"https:\/\/egytourpackages.com\/de\/touren\/halbtaegige-tour-zu-den-pyramiden-von-kairo\/\" \/>\n<meta property=\"og:locale\" content=\"de_DE\" \/>\n<meta property=\"og:type\" content=\"article\" \/>\n<meta property=\"og:title\" content=\"Halbt\u00e4gige Tour zu den Pyramiden von Kairo\" \/>\n<meta property=\"og:description\" content=\"Halbt\u00e4gige Tour zu den Pyramiden von \u00c4gypten in Kairo | Buchen Sie Ihre Tagestour nach Kairo und erkunden Sie die Pyramiden von Gizeh und die gro\u00dfe Sphinx privat mit einem privaten Arch\u00e4ologen als Reiseleiter.\" \/>\n<meta property=\"og:url\" content=\"https:\/\/egytourpackages.com\/de\/touren\/halbtaegige-tour-zu-den-pyramiden-von-kairo\/\" \/>\n<meta property=\"og:site_name\" content=\"\u00c4gypten-Reisepakete\" \/>\n<meta property=\"article:publisher\" content=\"https:\/\/www.facebook.com\/egytourpackages\" \/>\n<meta property=\"article:modified_time\" content=\"2026-01-12T23:42:45+00:00\" \/>\n<meta property=\"og:image\" content=\"https:\/\/egytourpackages.com\/wp-content\/uploads\/2024\/06\/Egypt-Pyramids-tour-1024x768.jpg\" \/>\n<meta name=\"twitter:card\" content=\"summary_large_image\" \/>\n<meta name=\"twitter:title\" content=\"Halbt\u00e4gige Tour zu den Pyramiden von Kairo\" \/>\n<meta name=\"twitter:label1\" content=\"Preis\" \/>\n\t<meta name=\"twitter:data1\" content=\"&euro;90\" \/>\n\t<meta name=\"twitter:label2\" content=\"Verf\u00fcgbarkeit\" \/>\n\t<meta name=\"twitter:data2\" content=\"Auf Lager\" \/>\n<script type=\"application\/ld+json\" class=\"yoast-schema-graph\">{\"@context\":\"https:\/\/schema.org\",\"@graph\":[{\"@type\":\"WebPage\",\"@id\":\"https:\/\/egytourpackages.com\/de\/touren\/halbtaegige-tour-zu-den-pyramiden-von-kairo\/\",\"url\":\"https:\/\/egytourpackages.com\/de\/touren\/halbtaegige-tour-zu-den-pyramiden-von-kairo\/\",\"name\":\"Halbt\u00e4gige Tour zu den Pyramiden von Kairo | Kostenlos buchen\",\"isPartOf\":{\"@id\":\"https:\/\/egytourpackages.com\/de\/#website\"},\"primaryImageOfPage\":{\"@id\":\"https:\/\/egytourpackages.com\/de\/touren\/halbtaegige-tour-zu-den-pyramiden-von-kairo\/#primaryimage\"},\"image\":{\"@id\":\"https:\/\/egytourpackages.com\/de\/touren\/halbtaegige-tour-zu-den-pyramiden-von-kairo\/#primaryimage\"},\"thumbnailUrl\":\"https:\/\/egytourpackages.com\/wp-content\/uploads\/2024\/06\/Egypt-Pyramids-tour.jpg\",\"datePublished\":\"2024-06-19T02:23:03+00:00\",\"dateModified\":\"2026-01-12T23:42:45+00:00\",\"description\":\"Halbt\u00e4gige Tour zu den Pyramiden von \u00c4gypten in Kairo | Buchen Sie Ihre Tagestour nach Kairo und erkunden Sie die Pyramiden von Gizeh und die gro\u00dfe Sphinx.\",\"breadcrumb\":{\"@id\":\"https:\/\/egytourpackages.com\/de\/touren\/halbtaegige-tour-zu-den-pyramiden-von-kairo\/#breadcrumb\"},\"inLanguage\":\"de\",\"potentialAction\":[{\"@type\":\"ReadAction\",\"target\":[\"https:\/\/egytourpackages.com\/de\/touren\/halbtaegige-tour-zu-den-pyramiden-von-kairo\/\"]}]},{\"@type\":\"ImageObject\",\"inLanguage\":\"de\",\"@id\":\"https:\/\/egytourpackages.com\/de\/touren\/halbtaegige-tour-zu-den-pyramiden-von-kairo\/#primaryimage\",\"url\":\"https:\/\/egytourpackages.com\/wp-content\/uploads\/2024\/06\/Egypt-Pyramids-tour.jpg\",\"contentUrl\":\"https:\/\/egytourpackages.com\/wp-content\/uploads\/2024\/06\/Egypt-Pyramids-tour.jpg\",\"width\":2000,\"height\":1500,\"caption\":\"Halbt\u00e4gige Tour zu den Pyramiden von Kairo\"},{\"@type\":\"BreadcrumbList\",\"@id\":\"https:\/\/egytourpackages.com\/de\/touren\/halbtaegige-tour-zu-den-pyramiden-von-kairo\/#breadcrumb\",\"itemListElement\":[{\"@type\":\"ListItem\",\"position\":1,\"name\":\"Startseite\",\"item\":\"https:\/\/egytourpackages.com\/de\/\"},{\"@type\":\"ListItem\",\"position\":2,\"name\":\"Shop\",\"item\":\"https:\/\/egytourpackages.com\/de\/shop\/\"},{\"@type\":\"ListItem\",\"position\":3,\"name\":\"Halbt\u00e4gige Tour zu den Pyramiden von Kairo\"}]},{\"@type\":\"WebSite\",\"@id\":\"https:\/\/egytourpackages.com\/de\/#website\",\"url\":\"https:\/\/egytourpackages.com\/de\/\",\"name\":\"Egy tour packages\",\"description\":\"\",\"publisher\":{\"@id\":\"https:\/\/egytourpackages.com\/de\/#organization\"},\"potentialAction\":[{\"@type\":\"SearchAction\",\"target\":{\"@type\":\"EntryPoint\",\"urlTemplate\":\"https:\/\/egytourpackages.com\/de\/?s={search_term_string}\"},\"query-input\":{\"@type\":\"PropertyValueSpecification\",\"valueRequired\":true,\"valueName\":\"search_term_string\"}}],\"inLanguage\":\"de\"},{\"@type\":[\"Organization\",\"Place\",\"TravelAgency\"],\"@id\":\"https:\/\/egytourpackages.com\/de\/#organization\",\"name\":\"egypt tour packages\",\"alternateName\":\"egypt tour packages\",\"url\":\"https:\/\/egytourpackages.com\/de\/\",\"logo\":{\"@id\":\"https:\/\/egytourpackages.com\/de\/touren\/halbtaegige-tour-zu-den-pyramiden-von-kairo\/#local-main-organization-logo\"},\"image\":{\"@id\":\"https:\/\/egytourpackages.com\/de\/touren\/halbtaegige-tour-zu-den-pyramiden-von-kairo\/#local-main-organization-logo\"},\"sameAs\":[\"https:\/\/www.facebook.com\/egytourpackages\"],\"legalName\":\"Egy tour packages\",\"address\":{\"@id\":\"https:\/\/egytourpackages.com\/de\/touren\/halbtaegige-tour-zu-den-pyramiden-von-kairo\/#local-main-place-address\"},\"telephone\":[\"00201000852186\",\"00201028685533\"],\"contactPoint\":{\"@type\":\"ContactPoint\",\"telephone\":\"00201000852186\"},\"openingHoursSpecification\":[{\"@type\":\"OpeningHoursSpecification\",\"dayOfWeek\":[\"Monday\",\"Tuesday\",\"Wednesday\",\"Thursday\",\"Friday\",\"Saturday\",\"Sunday\"],\"opens\":\"00:00\",\"closes\":\"23:59\"}],\"email\":\"info@egytourpackages.com\",\"areaServed\":\"Cairo, Hurghada, Luxor, Sharm El Sheikh, Marsa Alam, Aswan\",\"priceRange\":\"$\",\"currenciesAccepted\":\"euro\",\"paymentAccepted\":\"Payment links online\"},{\"@type\":\"PostalAddress\",\"@id\":\"https:\/\/egytourpackages.com\/de\/touren\/halbtaegige-tour-zu-den-pyramiden-von-kairo\/#local-main-place-address\",\"streetAddress\":\"Mubarak 8, Al Kawthar District, Hurghada\",\"addressLocality\":\"Hurghada\",\"postalCode\":\"84511\",\"addressRegion\":\"Red Sea\",\"addressCountry\":\"EG\"},{\"@type\":\"ImageObject\",\"inLanguage\":\"de\",\"@id\":\"https:\/\/egytourpackages.com\/de\/touren\/halbtaegige-tour-zu-den-pyramiden-von-kairo\/#local-main-organization-logo\",\"url\":\"https:\/\/egytourpackages.com\/wp-content\/uploads\/2025\/12\/Turquoise-Dahabiya-Nile-Cruise-1.jpeg\",\"contentUrl\":\"https:\/\/egytourpackages.com\/wp-content\/uploads\/2025\/12\/Turquoise-Dahabiya-Nile-Cruise-1.jpeg\",\"width\":1040,\"height\":694,\"caption\":\"egypt tour packages\"}]}<\/script>\n<meta property=\"product:brand\" content=\"\u00c4gypten Tagestouren\" \/>\n<meta property=\"product:price:amount\" content=\"90\" \/>\n<meta property=\"product:price:currency\" content=\"EUR\" \/>\n<meta property=\"og:availability\" content=\"instock\" \/>\n<meta property=\"product:availability\" content=\"instock\" \/>\n<meta property=\"product:retailer_item_id\" content=\"CDT08\" \/>\n<meta property=\"product:condition\" content=\"new\" \/>\n<meta name=\"geo.placename\" content=\"Hurghada\" \/>\n<meta name=\"geo.region\" content=\"\u00c4gypten\" \/>\n<!-- \/ Yoast SEO Premium plugin. -->","yoast_head_json":{"title":"Halbt\u00e4gige Tour zu den Pyramiden von Kairo | Kostenlos buchen","description":"Halbt\u00e4gige Tour zu den Pyramiden von \u00c4gypten in Kairo | Buchen Sie Ihre Tagestour nach Kairo und erkunden Sie die Pyramiden von Gizeh und die gro\u00dfe Sphinx.","robots":{"index":"index","follow":"follow","max-snippet":"max-snippet:-1","max-image-preview":"max-image-preview:large","max-video-preview":"max-video-preview:-1"},"canonical":"https:\/\/egytourpackages.com\/de\/touren\/halbtaegige-tour-zu-den-pyramiden-von-kairo\/","og_locale":"de_DE","og_type":"article","og_title":"Halbt\u00e4gige Tour zu den Pyramiden von Kairo","og_description":"Halbt\u00e4gige Tour zu den Pyramiden von \u00c4gypten in Kairo | Buchen Sie Ihre Tagestour nach Kairo und erkunden Sie die Pyramiden von Gizeh und die gro\u00dfe Sphinx privat mit einem privaten Arch\u00e4ologen als Reiseleiter.","og_url":"https:\/\/egytourpackages.com\/de\/touren\/halbtaegige-tour-zu-den-pyramiden-von-kairo\/","og_site_name":"\u00c4gypten-Reisepakete","article_publisher":"https:\/\/www.facebook.com\/egytourpackages","article_modified_time":"2026-01-12T23:42:45+00:00","og_image":[{"url":"https:\/\/egytourpackages.com\/wp-content\/uploads\/2024\/06\/Egypt-Pyramids-tour-1024x768.jpg","type":"","width":"","height":""}],"twitter_card":"summary_large_image","twitter_title":"Halbt\u00e4gige Tour zu den Pyramiden von Kairo","twitter_misc":{"Preis":"&euro;90","Verf\u00fcgbarkeit":"Auf Lager"},"schema":{"@context":"https:\/\/schema.org","@graph":[{"@type":"WebPage","@id":"https:\/\/egytourpackages.com\/de\/touren\/halbtaegige-tour-zu-den-pyramiden-von-kairo\/","url":"https:\/\/egytourpackages.com\/de\/touren\/halbtaegige-tour-zu-den-pyramiden-von-kairo\/","name":"Halbt\u00e4gige Tour zu den Pyramiden von Kairo | Kostenlos buchen","isPartOf":{"@id":"https:\/\/egytourpackages.com\/de\/#website"},"primaryImageOfPage":{"@id":"https:\/\/egytourpackages.com\/de\/touren\/halbtaegige-tour-zu-den-pyramiden-von-kairo\/#primaryimage"},"image":{"@id":"https:\/\/egytourpackages.com\/de\/touren\/halbtaegige-tour-zu-den-pyramiden-von-kairo\/#primaryimage"},"thumbnailUrl":"https:\/\/egytourpackages.com\/wp-content\/uploads\/2024\/06\/Egypt-Pyramids-tour.jpg","datePublished":"2024-06-19T02:23:03+00:00","dateModified":"2026-01-12T23:42:45+00:00","description":"Halbt\u00e4gige Tour zu den Pyramiden von \u00c4gypten in Kairo | Buchen Sie Ihre Tagestour nach Kairo und erkunden Sie die Pyramiden von Gizeh und die gro\u00dfe Sphinx.","breadcrumb":{"@id":"https:\/\/egytourpackages.com\/de\/touren\/halbtaegige-tour-zu-den-pyramiden-von-kairo\/#breadcrumb"},"inLanguage":"de","potentialAction":[{"@type":"ReadAction","target":["https:\/\/egytourpackages.com\/de\/touren\/halbtaegige-tour-zu-den-pyramiden-von-kairo\/"]}]},{"@type":"ImageObject","inLanguage":"de","@id":"https:\/\/egytourpackages.com\/de\/touren\/halbtaegige-tour-zu-den-pyramiden-von-kairo\/#primaryimage","url":"https:\/\/egytourpackages.com\/wp-content\/uploads\/2024\/06\/Egypt-Pyramids-tour.jpg","contentUrl":"https:\/\/egytourpackages.com\/wp-content\/uploads\/2024\/06\/Egypt-Pyramids-tour.jpg","width":2000,"height":1500,"caption":"Halbt\u00e4gige Tour zu den Pyramiden von Kairo"},{"@type":"BreadcrumbList","@id":"https:\/\/egytourpackages.com\/de\/touren\/halbtaegige-tour-zu-den-pyramiden-von-kairo\/#breadcrumb","itemListElement":[{"@type":"ListItem","position":1,"name":"Startseite","item":"https:\/\/egytourpackages.com\/de\/"},{"@type":"ListItem","position":2,"name":"Shop","item":"https:\/\/egytourpackages.com\/de\/shop\/"},{"@type":"ListItem","position":3,"name":"Halbt\u00e4gige Tour zu den Pyramiden von Kairo"}]},{"@type":"WebSite","@id":"https:\/\/egytourpackages.com\/de\/#website","url":"https:\/\/egytourpackages.com\/de\/","name":"Egy tour packages","description":"","publisher":{"@id":"https:\/\/egytourpackages.com\/de\/#organization"},"potentialAction":[{"@type":"SearchAction","target":{"@type":"EntryPoint","urlTemplate":"https:\/\/egytourpackages.com\/de\/?s={search_term_string}"},"query-input":{"@type":"PropertyValueSpecification","valueRequired":true,"valueName":"search_term_string"}}],"inLanguage":"de"},{"@type":["Organization","Place","TravelAgency"],"@id":"https:\/\/egytourpackages.com\/de\/#organization","name":"egypt tour packages","alternateName":"egypt tour packages","url":"https:\/\/egytourpackages.com\/de\/","logo":{"@id":"https:\/\/egytourpackages.com\/de\/touren\/halbtaegige-tour-zu-den-pyramiden-von-kairo\/#local-main-organization-logo"},"image":{"@id":"https:\/\/egytourpackages.com\/de\/touren\/halbtaegige-tour-zu-den-pyramiden-von-kairo\/#local-main-organization-logo"},"sameAs":["https:\/\/www.facebook.com\/egytourpackages"],"legalName":"Egy tour packages","address":{"@id":"https:\/\/egytourpackages.com\/de\/touren\/halbtaegige-tour-zu-den-pyramiden-von-kairo\/#local-main-place-address"},"telephone":["00201000852186","00201028685533"],"contactPoint":{"@type":"ContactPoint","telephone":"00201000852186"},"openingHoursSpecification":[{"@type":"OpeningHoursSpecification","dayOfWeek":["Monday","Tuesday","Wednesday","Thursday","Friday","Saturday","Sunday"],"opens":"00:00","closes":"23:59"}],"email":"info@egytourpackages.com","areaServed":"Cairo, Hurghada, Luxor, Sharm El Sheikh, Marsa Alam, Aswan","priceRange":"$","currenciesAccepted":"euro","paymentAccepted":"Payment links online"},{"@type":"PostalAddress","@id":"https:\/\/egytourpackages.com\/de\/touren\/halbtaegige-tour-zu-den-pyramiden-von-kairo\/#local-main-place-address","streetAddress":"Mubarak 8, Al Kawthar District, Hurghada","addressLocality":"Hurghada","postalCode":"84511","addressRegion":"Red Sea","addressCountry":"EG"},{"@type":"ImageObject","inLanguage":"de","@id":"https:\/\/egytourpackages.com\/de\/touren\/halbtaegige-tour-zu-den-pyramiden-von-kairo\/#local-main-organization-logo","url":"https:\/\/egytourpackages.com\/wp-content\/uploads\/2025\/12\/Turquoise-Dahabiya-Nile-Cruise-1.jpeg","contentUrl":"https:\/\/egytourpackages.com\/wp-content\/uploads\/2025\/12\/Turquoise-Dahabiya-Nile-Cruise-1.jpeg","width":1040,"height":694,"caption":"egypt tour packages"}]},"product_brand":"\u00c4gypten Tagestouren","product_price_amount":"90","product_price_currency":"EUR","og_availability":"instock","product_availability":"instock","product_retailer_item_id":"CDT08","product_condition":"new","geo.placename":"Hurghada","geo.region":"\u00c4gypten"},"_links":{"self":[{"href":"https:\/\/egytourpackages.com\/de\/wp-json\/wp\/v2\/product\/3882","targetHints":{"allow":["GET"]}}],"collection":[{"href":"https:\/\/egytourpackages.com\/de\/wp-json\/wp\/v2\/product"}],"about":[{"href":"https:\/\/egytourpackages.com\/de\/wp-json\/wp\/v2\/types\/product"}],"replies":[{"embeddable":true,"href":"https:\/\/egytourpackages.com\/de\/wp-json\/wp\/v2\/comments?post=3882"}],"wp:featuredmedia":[{"embeddable":true,"href":"https:\/\/egytourpackages.com\/de\/wp-json\/wp\/v2\/media\/3234"}],"wp:attachment":[{"href":"https:\/\/egytourpackages.com\/de\/wp-json\/wp\/v2\/media?parent=3882"}],"wp:term":[{"taxonomy":"product_brand","embeddable":true,"href":"https:\/\/egytourpackages.com\/de\/wp-json\/wp\/v2\/product_brand?post=3882"},{"taxonomy":"product_cat","embeddable":true,"href":"https:\/\/egytourpackages.com\/de\/wp-json\/wp\/v2\/product_cat?post=3882"},{"taxonomy":"product_tag","embeddable":true,"href":"https:\/\/egytourpackages.com\/de\/wp-json\/wp\/v2\/product_tag?post=3882"}],"curies":[{"name":"wp","href":"https:\/\/api.w.org\/{rel}","templated":true}]}}