{"id":3884,"date":"2024-06-26T03:35:38","date_gmt":"2024-06-26T03:35:38","guid":{"rendered":"https:\/\/egytourpackages.com\/product\/5-tage-kairo-tour-paket\/"},"modified":"2026-01-11T16:07:13","modified_gmt":"2026-01-11T16:07:13","slug":"5-tage-kairo-tour-paket","status":"publish","type":"product","link":"https:\/\/egytourpackages.com\/de\/touren\/5-tage-kairo-tour-paket\/","title":{"rendered":"5 Tage Kairo Tour Paket"},"content":{"rendered":"<p><strong><span style=\"color: #ff6600;\">5 Tage Kairo Tour Paket<\/span><\/strong><\/p>\n<h2><span style=\"color: #ff6600;\">\u00dcberblick<\/span><\/h2>\n<p>Buchen Sie 5 Tage Kairo-Tour-Paket und erkunden Sie die alte \u00e4gyptische Geschichte und alte \u00e4gyptische Zivilisation in privater Atmosph\u00e4re mit \u00c4gypten Touren. In der Tat, Ihre \u00c4gypten-Tourpakete beinhalten pharaonische Sehensw\u00fcrdigkeiten, koptische Sehensw\u00fcrdigkeiten, islamische Sehensw\u00fcrdigkeiten und j\u00fcdische Sehensw\u00fcrdigkeiten. Wir bieten diese Reise mit privatem F\u00fchrer, eigenem Auto, bequemen Unterk\u00fcnften und luxuri\u00f6sen Dienstleistungen an. Sie besuchen die ber\u00fchmten Pyramiden von Gizeh, die Gro\u00dfe Sphinx und das Gro\u00dfe \u00c4gyptische Museum. Au\u00dferdem die \u00e4lteste Hauptstadt \u00c4gyptens Memphis, der \u00e4lteste Friedhof Saqqara und die Unas-Pyramide mit den ersten Pyramidentexten. Au\u00dferdem besuchen Sie das koptische Kairo und die ber\u00fchmten islamischen Moscheen wie die Sultan-Hassan-Moschee und die Al-Rifae-Moschee.<\/p>\n<h3><span style=\"color: #ff6600;\">Reisedetails<\/span><\/h3>\n<ul>\n<li>Dauer: 5 Tage \/ 4 N\u00e4chte<\/li>\n<li>Reiseort: Kairo<\/li>\n<li>T\u00e4gliche Reiseverf\u00fcgbarkeit<\/li>\n<li>Abholung und R\u00fccktransport: Flughafen Kairo<\/li>\n<li>Reiseart: Gruppenreise<\/li>\n<li>Rollstuhlgerecht<\/li>\n<\/ul>\n<h3><span style=\"color: #ff6600;\">Reise Highlights<\/span><\/h3>\n<ul>\n<li>Pyramiden von Gizeh<\/li>\n<li>Das Gro\u00dfe \u00c4gyptische Museum<\/li>\n<li>Stufenpyramide von Sakkara<\/li>\n<li>Memphis<\/li>\n<li>Dahschur<\/li>\n<li>Islamisches Kairo<\/li>\n<li>Khan El Khalili<\/li>\n<li>Koptisches Kairo<\/li>\n<li>Ben-Esra-Synagoge<\/li>\n<\/ul>\n<h3><span style=\"color: #ff6600;\">Inbegriffen<\/span><\/h3>\n<ul>\n<li>Abholung und Unterst\u00fctzung am Flughafen Kairo<\/li>\n<li>Hin- und R\u00fccktransfer im klimatisierten Fahrzeug<\/li>\n<li>Kompetenter \u00c4gyptologe und Reiseleiter<\/li>\n<li>4 \u00dcbernachtungen in einem 5-Sterne-Hotel in Kairo<\/li>\n<li>Eintrittsgeb\u00fchren f\u00fcr alle Orte im Reiseprogramm<\/li>\n<li>Alle Servicegeb\u00fchren und Steuern<\/li>\n<\/ul>\n<h3><span style=\"color: #ff6600;\">Ausschl\u00fcsse<\/span><\/h3>\n<ul>\n<li>Eintrittsgeb\u00fchren f\u00fcr die Cheops- und Chephren-Pyramide<\/li>\n<li>Trinkgeld<\/li>\n<li>Getr\u00e4nke zum Mittagessen<\/li>\n<\/ul>\n<h3><span style=\"color: #ff6600;\">Was Sie einpacken sollten<\/span><\/h3>\n<ul>\n<li>Sonnenbrille\/Sonnencreme<\/li>\n<li>M\u00fctze\/Schal<\/li>\n<li>Bequeme Schuhe und Kleidung<\/li>\n<li>Warme Kleidung im Winter<\/li>\n<\/ul>\n<h2><span style=\"color: #ff6600;\">Reiseverlauf<\/span><\/h2>\n<h3><span style=\"color: #ff6600;\">Tag 1, Ankunft in Kairo<\/span><\/h3>\n<p>Willkommen im Land der Pharaonen! Nach Ihrer Ankunft am internationalen Flughafen Kairo erwartet Sie unser Mitarbeiter vor der Ankunftshalle mit einem Namensschild. Anschlie\u00dfend bringt er Sie in einem privaten Fahrzeug zu Ihrem Hotel, wo Sie bequem einchecken k\u00f6nnen.<\/p>\n<p>Nach dem Check-in bespricht Ihr Reiseleiter Ihre Reiseroute mit Ihnen und beantwortet alle Ihre Fragen. Nach der Vereinbarung der Abholung am n\u00e4chsten Tag k\u00f6nnen Sie den Rest des Tages in Ruhe genie\u00dfen.<\/p>\n<p><strong>Mahlzeiten<\/strong><\/p>\n<p>Keine Mahlzeiten<\/p>\n<h3><span style=\"color: #ff6600;\">Tag 02, Pyramiden, Memphis &amp; Sakkara<\/span><\/h3>\n<p>Genie\u00dfen Sie Ihr erstes Fr\u00fchst\u00fcck im Hotel, dann treffen Sie Ihren erfahrenen \u00c4gyptologen-F\u00fchrer in der Lobby, um einige der wichtigsten Sehensw\u00fcrdigkeiten \u00c4gyptens zu entdecken. Sie beginnen Ihre Tagestouren in Kairo mit den Gizeh-Pyramiden von Khufu, Khafre und Menkaure. Au\u00dferdem besuchen Sie den Taltempel und die gro\u00dfe Sphinx mit der Traumstele.<\/p>\n<p>Sp\u00e4ter genie\u00dfen Sie Ihr Mittagessen, bevor Sie die erstaunliche Tour zum Saqqara-Komplex beginnen, wo Sie die Unas-Pyramide mit Pyramidentexten, dem Idut-Grab und der von Imhotep erbauten Stufenpyramide des K\u00f6nigs Djoser besuchen. Schlie\u00dflich beenden Sie Ihren Tag in der \u00e4ltesten Hauptstadt \u00c4gyptens Memphis, wo Sie das Freilichtmuseum besuchen k\u00f6nnen, einschlie\u00dflich der wunderbaren Denkm\u00e4ler von K\u00f6nig Ramses II.<\/p>\n<p>Zur\u00fcck zum Hotel f\u00fcr die \u00dcbernachtung.<\/p>\n<p><strong>Mahlzeiten: <\/strong>Fr\u00fchst\u00fcck, Mittagessen<\/p>\n<h3><span style=\"color: #ff6600;\">Tag 3, \u00c4gyptisches Museum \u2013 Zitadelle und Khan El Khalili<\/span><\/h3>\n<p>Genie\u00dfen Sie Ihr herzhaftes Fr\u00fchst\u00fcck im Hotel, bevor Sie Ihre Tour zu den Sehensw\u00fcrdigkeiten Kairos beginnen. Sie beginnen Ihre Tour mit dem Gro\u00dfen \u00c4gyptischen Museum, dem gr\u00f6\u00dften der Welt. Es beherbergt die Sch\u00e4tze von Tutanchamun, den H\u00e4ngenden Obelisken und die Gro\u00dfe Galerie. Anschlie\u00dfend genie\u00dfen Sie Ihr Mittagessen, bevor Sie zur n\u00e4chsten Station, der Zitadelle von Saladin, weiterfahren. Erfahren Sie mehr \u00fcber die Verteidigungsfunktion der Zitadelle und ihre Rolle beim Schutz \u00c4gyptens. Sie war \u00fcber 700 Jahre lang der Machtsitz. Besuchen Sie au\u00dferdem die Alabastermoschee von Mohamed Ali, bevor Sie den \u00e4ltesten Markt \u00c4gyptens, Khan El Khalili, besuchen. Am Ende des Tages kehren Sie zur \u00dcbernachtung in Ihr Hotel zur\u00fcck.<\/p>\n<p><strong>Mahlzeiten: <\/strong>Fr\u00fchst\u00fcck, Mittagessen<\/p>\n<h3><span style=\"color: #ff6600;\">Tag 4, Islamisches &amp; Koptisches Kairo<\/span><\/h3>\n<p>Genie\u00dfen Sie Ihren Morgenkaffee und Ihr Fr\u00fchst\u00fcck im Hotel, bevor Sie Ihre Kairo-Tour im \u00e4ltesten Teil des modernen Kairo beginnen. Sie beginnen Ihre Tour im koptischen Kairo und besuchen die H\u00e4ngende Kirche, die r\u00f6mische Festung und die Kirche des Heiligen Sergius oder Abu Serga, die \u00e4lteste in \u00c4gypten und der Ort, an dem sich die Heilige Familie drei Monate lang versteckte. Anschlie\u00dfend beenden Sie Ihre Tour im koptischen Kairo mit der Ben-Esra-Synagoge, der \u00e4ltesten in \u00c4gypten.<\/p>\n<p>Genie\u00dfen Sie Ihr Mittagessen, bevor Sie ins islamische Kairo weiterreisen und die Sultan-Hassan-Madrasa und -Moschee sowie die Al-Rifae-Moschee besuchen. Beenden Sie Ihre Tour in einer der sch\u00f6nsten Moscheen Kairos und der zweit\u00e4ltesten Ibn-Tulun-Moschee. Die Moschee wurde zwischen 876 und 879 n. Chr. von einem abbasidischen Gouverneur erbaut, der aus Bagdad entsandt wurde, um \u00fcber \u00c4gypten zu herrschen.<\/p>\n<p>R\u00fcckkehr zum Hotel zur \u00dcbernachtung.<\/p>\n<p><strong>Mahlzeiten: <\/strong>Fr\u00fchst\u00fcck, Mittagessen<\/p>\n<h3><span style=\"color: #ff6600;\">Tag 05, Letzte Abfahrt<\/span><\/h3>\n<p>Genie\u00dfen Sie Ihr letztes Fr\u00fchst\u00fcck im Hotel, bevor Ihr Reiseleiter Sie zum Flughafen von Kairo begleitet, um Ihre letzte Abreise als Teil Ihres 5-Tage-Tour-Pakets zu buchen<\/p>\n<p><strong>Mahlzeiten: <\/strong>Fr\u00fchst\u00fcck<\/p>\n<h3><span style=\"color: #ff6600;\">5 Tage Kairo Tour Pauschal preis<\/span><\/h3>\n<ul>\n<li>Erwachsenenpreis = 1000 \u20ac<\/li>\n<li>Kinder 0-5 Jahre = kostenlos<\/li>\n<li>Kinder 5-11 Jahre = 50% des Erwachsenenpreises<\/li>\n<\/ul>\n<h3><span style=\"color: #ff6600;\">Buchung<\/span><\/h3>\n<p>Sie k\u00f6nnen Ihre Reise per WhatsApp oder E-Mail buchen. Sie erhalten die Best\u00e4tigung direkt vor Ort.<\/p>\n<p>WhatsApp: +201000852186<\/p>\n<p>info@egytourpackages.com<\/p>\n<h3><span style=\"color: #ff6600;\">Jetzt buchen<\/span><\/h3>\n<p>Buchen Sie Ihre Lieblingsreise und pr\u00fcfen Sie die Zahlungsbedingungen.<\/p>\n<h3><span style=\"color: #ff6600;\">Zahlung<\/span><\/h3>\n<ul>\n<li>Sie k\u00f6nnen in \u00c4gyptischen Pfund, $, \u20ac oder \u00a3 bezahlen.<\/li>\n<li>Reservieren Sie so fr\u00fch wie m\u00f6glich, um Ihre \u00c4gypten-Reise zu buchen.<\/li>\n<li>Die Anzahlung betr\u00e4gt w\u00e4hrend der Weihnachts- und Neujahrsfeiertage 50 %.<\/li>\n<li>Die Anzahlung z\u00e4hlt als Teil Ihrer Restzahlung.<\/li>\n<li>Die Anzahlung kann per Bank\u00fcberweisung oder \u00fcber einen Link erfolgen.<\/li>\n<\/ul>\n<h3><span style=\"color: #ff6600;\">Stornierungsbedingungen<\/span><\/h3>\n<p>Stornierungsanfragen sollten per WhatsApp oder E-Mail erfolgen, um dem Unternehmen eine schriftliche Best\u00e4tigung der Stornierung Ihrer Reservierung zu geben.<\/p>\n<h3><span style=\"color: #ff6600;\">Warum bei Egypt Tour Packages buchen?<\/span><\/h3>\n<p>Unser oberstes Ziel ist Kundenzufriedenheit, Komfort und Vergn\u00fcgen mit professionellen, erfahrenen Reiseleitern und bestem Service.<\/p>\n<p>Kundensupport online per WhatsApp rund um die Uhr und Betreuung von der Ankunft bis zur Abreise.<\/p>\n<h3><span style=\"color: #ff6600;\">FAQ<\/span><\/h3>\n<h3><span style=\"color: #ff6600;\">Was sind die Highlights der Egypt Classic Touren?<\/span><\/h3>\n<p>Die Pyramiden von Gizeh, die Sphinx, das Gro\u00dfe \u00c4gyptische Museum in Gizeh, das Katharinenkloster, der Luxor-Tempel, der Karnak-Tempel und das Tal der K\u00f6nige. Dar\u00fcber hinaus z\u00e4hlt die Nilkreuzfahrt von Assuan nach Luxor zusammen mit den Tempeln von Abu Simbel, Philae, Kom Ombo und Edfu zu den Top-Attraktionen \u00c4gyptens.<\/p>\n<h3><span style=\"color: #ff6600;\">Was muss ich f\u00fcr eine klassische \u00c4gypten-Tour einpacken?<\/span><\/h3>\n<p>Sie ben\u00f6tigen leichte Kleidung im Sommer und dicke Kleidung im Winter. Bequeme Wanderschuhe, Sonnenhut, Sonnenbrille, Sonnencreme und Wasserflaschen werden empfohlen.<\/p>\n<h3><span style=\"color: #ff6600;\">Ist im Reisepaket eine Reiseversicherung enthalten?<\/span><\/h3>\n<p>Eine Reiseversicherung ist nicht in unseren \u00c4gypten-Reisepaketen enthalten. Wir empfehlen Ihnen dringend, eine Reiseversicherung selbst abzuschlie\u00dfen.<\/p>\n<h3><span style=\"color: #ff6600;\">Was sollte ich \u00fcber Geld und Zahlungsm\u00f6glichkeiten in \u00c4gypten wissen?<\/span><\/h3>\n<p>Die Landesw\u00e4hrung ist das \u00c4gyptische Pfund (EGP). Obwohl die meisten Hotels und gr\u00f6\u00dferen Restaurants Kreditkarten akzeptieren, empfiehlt es sich, bei Besuchen kleinerer Gesch\u00e4fte und M\u00e4rkte Bargeld mitzuf\u00fchren. Geldautomaten gibt es in den gr\u00f6\u00dferen St\u00e4dten.<\/p>\n<h3><span style=\"color: #ff6600;\">Wie buche ich eine klassische \u00c4gypten-Reise mit \u00c4gypten-Reisepaketen?<\/span><\/h3>\n<p>Sie k\u00f6nnen unsere klassischen \u00c4gypten-Reisen telefonisch \u00fcber unseren Kundenservice oder online \u00fcber unsere Website buchen. Unser Team hilft Ihnen gerne bei Buchungsfragen und allen weiteren Fragen rund um \u00c4gypten.<\/p>\n","protected":false},"excerpt":{"rendered":"<p>5-t\u00e4giges Kairo-Tourpaket | Buchen Sie Ihr \u00c4gypten-Tourpaket und erkunden Sie die wichtigsten Sehensw\u00fcrdigkeiten in Kairo wie die Pyramiden von Gizeh, die Zitadelle und die Stufenpyramide von Sakkara.<\/p>\n","protected":false},"featured_media":3267,"comment_status":"open","ping_status":"closed","template":"","meta":[],"product_brand":[],"product_cat":[1494],"product_tag":[1526,1529,1528,1527],"class_list":{"0":"post-3884","1":"product","2":"type-product","3":"status-publish","4":"has-post-thumbnail","6":"product_cat-touren","7":"product_tag-agypten-klassische-touren","8":"product_tag-agypten-pauschalreisen","9":"product_tag-agypten-urlaubspaket","10":"product_tag-pyramiden-von-gizeh","11":"tour_category-5-tage-agypten-rundreisen","12":"tour_category-agypten-klassische-touren","13":"tour_category-agypten-reisepakete","15":"first","16":"instock","17":"sale","18":"shipping-taxable","19":"purchasable","20":"product-type-tour","21":"has-default-attributes"},"yoast_head":"<!-- This site is optimized with the Yoast SEO Premium plugin v27.2 (Yoast SEO v27.2) - https:\/\/yoast.com\/product\/yoast-seo-premium-wordpress\/ -->\n<title>5 Tage Kairo Tour Paket | \u00c4gypten Klassische Touren<\/title>\n<meta name=\"description\" content=\"5 Tage Kairo Tour Paket | Erkunden Sie die wichtigsten Sehensw\u00fcrdigkeiten in Kairo wie die Pyramiden von Giza, die Zitadelle und die Stufenpyramide.\" \/>\n<meta name=\"robots\" content=\"index, follow, max-snippet:-1, max-image-preview:large, max-video-preview:-1\" \/>\n<link rel=\"canonical\" href=\"https:\/\/egytourpackages.com\/de\/touren\/5-tage-kairo-tour-paket\/\" \/>\n<meta property=\"og:locale\" content=\"de_DE\" \/>\n<meta property=\"og:type\" content=\"article\" \/>\n<meta property=\"og:title\" content=\"5 Tage Kairo Tour Paket\" \/>\n<meta property=\"og:description\" content=\"5 Tage Kairo Tour Paket | Buchen Sie Ihre \u00c4gypten-Reisepakete und erkunden Sie die wichtigsten Sehensw\u00fcrdigkeiten in Kairo wie die Pyramiden von Gizeh, die Zitadelle und die Stufenpyramide von Sakkara.\" \/>\n<meta property=\"og:url\" content=\"https:\/\/egytourpackages.com\/de\/touren\/5-tage-kairo-tour-paket\/\" \/>\n<meta property=\"og:site_name\" content=\"\u00c4gypten-Reisepakete\" \/>\n<meta property=\"article:publisher\" content=\"https:\/\/www.facebook.com\/egytourpackages\" \/>\n<meta property=\"article:modified_time\" content=\"2026-01-11T16:07:13+00:00\" \/>\n<meta property=\"og:image\" content=\"https:\/\/egytourpackages.com\/wp-content\/uploads\/2024\/06\/Giza-Pyramids-Egypt-1024x682.jpg\" \/>\n<meta name=\"twitter:card\" content=\"summary_large_image\" \/>\n<meta name=\"twitter:title\" content=\"5 Tage Kairo Tour Paket\" \/>\n<meta name=\"twitter:label1\" content=\"Preis\" \/>\n\t<meta name=\"twitter:data1\" content=\"&euro;980\" \/>\n\t<meta name=\"twitter:label2\" content=\"Verf\u00fcgbarkeit\" \/>\n\t<meta name=\"twitter:data2\" content=\"Auf Lager\" \/>\n<script type=\"application\/ld+json\" class=\"yoast-schema-graph\">{\"@context\":\"https:\/\/schema.org\",\"@graph\":[{\"@type\":\"WebPage\",\"@id\":\"https:\/\/egytourpackages.com\/de\/touren\/5-tage-kairo-tour-paket\/\",\"url\":\"https:\/\/egytourpackages.com\/de\/touren\/5-tage-kairo-tour-paket\/\",\"name\":\"5 Tage Kairo Tour Paket | \u00c4gypten Klassische Touren\",\"isPartOf\":{\"@id\":\"https:\/\/egytourpackages.com\/de\/#website\"},\"primaryImageOfPage\":{\"@id\":\"https:\/\/egytourpackages.com\/de\/touren\/5-tage-kairo-tour-paket\/#primaryimage\"},\"image\":{\"@id\":\"https:\/\/egytourpackages.com\/de\/touren\/5-tage-kairo-tour-paket\/#primaryimage\"},\"thumbnailUrl\":\"https:\/\/egytourpackages.com\/wp-content\/uploads\/2024\/06\/Giza-Pyramids-Egypt.jpg\",\"datePublished\":\"2024-06-26T03:35:38+00:00\",\"dateModified\":\"2026-01-11T16:07:13+00:00\",\"description\":\"5 Tage Kairo Tour Paket | Erkunden Sie die wichtigsten Sehensw\u00fcrdigkeiten in Kairo wie die Pyramiden von Giza, die Zitadelle und die Stufenpyramide.\",\"breadcrumb\":{\"@id\":\"https:\/\/egytourpackages.com\/de\/touren\/5-tage-kairo-tour-paket\/#breadcrumb\"},\"inLanguage\":\"de\",\"potentialAction\":[{\"@type\":\"ReadAction\",\"target\":[\"https:\/\/egytourpackages.com\/de\/touren\/5-tage-kairo-tour-paket\/\"]}]},{\"@type\":\"ImageObject\",\"inLanguage\":\"de\",\"@id\":\"https:\/\/egytourpackages.com\/de\/touren\/5-tage-kairo-tour-paket\/#primaryimage\",\"url\":\"https:\/\/egytourpackages.com\/wp-content\/uploads\/2024\/06\/Giza-Pyramids-Egypt.jpg\",\"contentUrl\":\"https:\/\/egytourpackages.com\/wp-content\/uploads\/2024\/06\/Giza-Pyramids-Egypt.jpg\",\"width\":2000,\"height\":1333,\"caption\":\"5 Tage Kairo Tour Paket\"},{\"@type\":\"BreadcrumbList\",\"@id\":\"https:\/\/egytourpackages.com\/de\/touren\/5-tage-kairo-tour-paket\/#breadcrumb\",\"itemListElement\":[{\"@type\":\"ListItem\",\"position\":1,\"name\":\"Startseite\",\"item\":\"https:\/\/egytourpackages.com\/de\/\"},{\"@type\":\"ListItem\",\"position\":2,\"name\":\"Shop\",\"item\":\"https:\/\/egytourpackages.com\/de\/shop\/\"},{\"@type\":\"ListItem\",\"position\":3,\"name\":\"5 Tage Kairo Tour Paket\"}]},{\"@type\":\"WebSite\",\"@id\":\"https:\/\/egytourpackages.com\/de\/#website\",\"url\":\"https:\/\/egytourpackages.com\/de\/\",\"name\":\"Egy tour packages\",\"description\":\"\",\"publisher\":{\"@id\":\"https:\/\/egytourpackages.com\/de\/#organization\"},\"potentialAction\":[{\"@type\":\"SearchAction\",\"target\":{\"@type\":\"EntryPoint\",\"urlTemplate\":\"https:\/\/egytourpackages.com\/de\/?s={search_term_string}\"},\"query-input\":{\"@type\":\"PropertyValueSpecification\",\"valueRequired\":true,\"valueName\":\"search_term_string\"}}],\"inLanguage\":\"de\"},{\"@type\":[\"Organization\",\"Place\",\"TravelAgency\"],\"@id\":\"https:\/\/egytourpackages.com\/de\/#organization\",\"name\":\"egypt tour packages\",\"alternateName\":\"egypt tour packages\",\"url\":\"https:\/\/egytourpackages.com\/de\/\",\"logo\":{\"@id\":\"https:\/\/egytourpackages.com\/de\/touren\/5-tage-kairo-tour-paket\/#local-main-organization-logo\"},\"image\":{\"@id\":\"https:\/\/egytourpackages.com\/de\/touren\/5-tage-kairo-tour-paket\/#local-main-organization-logo\"},\"sameAs\":[\"https:\/\/www.facebook.com\/egytourpackages\"],\"legalName\":\"Egy tour packages\",\"address\":{\"@id\":\"https:\/\/egytourpackages.com\/de\/touren\/5-tage-kairo-tour-paket\/#local-main-place-address\"},\"telephone\":[\"00201000852186\",\"00201028685533\"],\"contactPoint\":{\"@type\":\"ContactPoint\",\"telephone\":\"00201000852186\"},\"openingHoursSpecification\":[{\"@type\":\"OpeningHoursSpecification\",\"dayOfWeek\":[\"Monday\",\"Tuesday\",\"Wednesday\",\"Thursday\",\"Friday\",\"Saturday\",\"Sunday\"],\"opens\":\"00:00\",\"closes\":\"23:59\"}],\"email\":\"info@egytourpackages.com\",\"areaServed\":\"Cairo, Hurghada, Luxor, Sharm El Sheikh, Marsa Alam, Aswan\",\"priceRange\":\"$\",\"currenciesAccepted\":\"euro\",\"paymentAccepted\":\"Payment links online\"},{\"@type\":\"PostalAddress\",\"@id\":\"https:\/\/egytourpackages.com\/de\/touren\/5-tage-kairo-tour-paket\/#local-main-place-address\",\"streetAddress\":\"Mubarak 8, Al Kawthar District, Hurghada\",\"addressLocality\":\"Hurghada\",\"postalCode\":\"84511\",\"addressRegion\":\"Red Sea\",\"addressCountry\":\"EG\"},{\"@type\":\"ImageObject\",\"inLanguage\":\"de\",\"@id\":\"https:\/\/egytourpackages.com\/de\/touren\/5-tage-kairo-tour-paket\/#local-main-organization-logo\",\"url\":\"https:\/\/egytourpackages.com\/wp-content\/uploads\/2025\/12\/Turquoise-Dahabiya-Nile-Cruise-1.jpeg\",\"contentUrl\":\"https:\/\/egytourpackages.com\/wp-content\/uploads\/2025\/12\/Turquoise-Dahabiya-Nile-Cruise-1.jpeg\",\"width\":1040,\"height\":694,\"caption\":\"egypt tour packages\"}]}<\/script>\n<meta property=\"product:brand\" content=\"5 Tage \u00c4gypten Rundreisen\" \/>\n<meta property=\"product:price:amount\" content=\"980\" \/>\n<meta property=\"product:price:currency\" content=\"EUR\" \/>\n<meta property=\"og:availability\" content=\"instock\" \/>\n<meta property=\"product:availability\" content=\"instock\" \/>\n<meta property=\"product:retailer_item_id\" content=\"ECT05\" \/>\n<meta property=\"product:condition\" content=\"new\" \/>\n<meta name=\"geo.placename\" content=\"Hurghada\" \/>\n<meta name=\"geo.region\" content=\"\u00c4gypten\" \/>\n<!-- \/ Yoast SEO Premium plugin. -->","yoast_head_json":{"title":"5 Tage Kairo Tour Paket | \u00c4gypten Klassische Touren","description":"5 Tage Kairo Tour Paket | Erkunden Sie die wichtigsten Sehensw\u00fcrdigkeiten in Kairo wie die Pyramiden von Giza, die Zitadelle und die Stufenpyramide.","robots":{"index":"index","follow":"follow","max-snippet":"max-snippet:-1","max-image-preview":"max-image-preview:large","max-video-preview":"max-video-preview:-1"},"canonical":"https:\/\/egytourpackages.com\/de\/touren\/5-tage-kairo-tour-paket\/","og_locale":"de_DE","og_type":"article","og_title":"5 Tage Kairo Tour Paket","og_description":"5 Tage Kairo Tour Paket | Buchen Sie Ihre \u00c4gypten-Reisepakete und erkunden Sie die wichtigsten Sehensw\u00fcrdigkeiten in Kairo wie die Pyramiden von Gizeh, die Zitadelle und die Stufenpyramide von Sakkara.","og_url":"https:\/\/egytourpackages.com\/de\/touren\/5-tage-kairo-tour-paket\/","og_site_name":"\u00c4gypten-Reisepakete","article_publisher":"https:\/\/www.facebook.com\/egytourpackages","article_modified_time":"2026-01-11T16:07:13+00:00","og_image":[{"url":"https:\/\/egytourpackages.com\/wp-content\/uploads\/2024\/06\/Giza-Pyramids-Egypt-1024x682.jpg","type":"","width":"","height":""}],"twitter_card":"summary_large_image","twitter_title":"5 Tage Kairo Tour Paket","twitter_misc":{"Preis":"&euro;980","Verf\u00fcgbarkeit":"Auf Lager"},"schema":{"@context":"https:\/\/schema.org","@graph":[{"@type":"WebPage","@id":"https:\/\/egytourpackages.com\/de\/touren\/5-tage-kairo-tour-paket\/","url":"https:\/\/egytourpackages.com\/de\/touren\/5-tage-kairo-tour-paket\/","name":"5 Tage Kairo Tour Paket | \u00c4gypten Klassische Touren","isPartOf":{"@id":"https:\/\/egytourpackages.com\/de\/#website"},"primaryImageOfPage":{"@id":"https:\/\/egytourpackages.com\/de\/touren\/5-tage-kairo-tour-paket\/#primaryimage"},"image":{"@id":"https:\/\/egytourpackages.com\/de\/touren\/5-tage-kairo-tour-paket\/#primaryimage"},"thumbnailUrl":"https:\/\/egytourpackages.com\/wp-content\/uploads\/2024\/06\/Giza-Pyramids-Egypt.jpg","datePublished":"2024-06-26T03:35:38+00:00","dateModified":"2026-01-11T16:07:13+00:00","description":"5 Tage Kairo Tour Paket | Erkunden Sie die wichtigsten Sehensw\u00fcrdigkeiten in Kairo wie die Pyramiden von Giza, die Zitadelle und die Stufenpyramide.","breadcrumb":{"@id":"https:\/\/egytourpackages.com\/de\/touren\/5-tage-kairo-tour-paket\/#breadcrumb"},"inLanguage":"de","potentialAction":[{"@type":"ReadAction","target":["https:\/\/egytourpackages.com\/de\/touren\/5-tage-kairo-tour-paket\/"]}]},{"@type":"ImageObject","inLanguage":"de","@id":"https:\/\/egytourpackages.com\/de\/touren\/5-tage-kairo-tour-paket\/#primaryimage","url":"https:\/\/egytourpackages.com\/wp-content\/uploads\/2024\/06\/Giza-Pyramids-Egypt.jpg","contentUrl":"https:\/\/egytourpackages.com\/wp-content\/uploads\/2024\/06\/Giza-Pyramids-Egypt.jpg","width":2000,"height":1333,"caption":"5 Tage Kairo Tour Paket"},{"@type":"BreadcrumbList","@id":"https:\/\/egytourpackages.com\/de\/touren\/5-tage-kairo-tour-paket\/#breadcrumb","itemListElement":[{"@type":"ListItem","position":1,"name":"Startseite","item":"https:\/\/egytourpackages.com\/de\/"},{"@type":"ListItem","position":2,"name":"Shop","item":"https:\/\/egytourpackages.com\/de\/shop\/"},{"@type":"ListItem","position":3,"name":"5 Tage Kairo Tour Paket"}]},{"@type":"WebSite","@id":"https:\/\/egytourpackages.com\/de\/#website","url":"https:\/\/egytourpackages.com\/de\/","name":"Egy tour packages","description":"","publisher":{"@id":"https:\/\/egytourpackages.com\/de\/#organization"},"potentialAction":[{"@type":"SearchAction","target":{"@type":"EntryPoint","urlTemplate":"https:\/\/egytourpackages.com\/de\/?s={search_term_string}"},"query-input":{"@type":"PropertyValueSpecification","valueRequired":true,"valueName":"search_term_string"}}],"inLanguage":"de"},{"@type":["Organization","Place","TravelAgency"],"@id":"https:\/\/egytourpackages.com\/de\/#organization","name":"egypt tour packages","alternateName":"egypt tour packages","url":"https:\/\/egytourpackages.com\/de\/","logo":{"@id":"https:\/\/egytourpackages.com\/de\/touren\/5-tage-kairo-tour-paket\/#local-main-organization-logo"},"image":{"@id":"https:\/\/egytourpackages.com\/de\/touren\/5-tage-kairo-tour-paket\/#local-main-organization-logo"},"sameAs":["https:\/\/www.facebook.com\/egytourpackages"],"legalName":"Egy tour packages","address":{"@id":"https:\/\/egytourpackages.com\/de\/touren\/5-tage-kairo-tour-paket\/#local-main-place-address"},"telephone":["00201000852186","00201028685533"],"contactPoint":{"@type":"ContactPoint","telephone":"00201000852186"},"openingHoursSpecification":[{"@type":"OpeningHoursSpecification","dayOfWeek":["Monday","Tuesday","Wednesday","Thursday","Friday","Saturday","Sunday"],"opens":"00:00","closes":"23:59"}],"email":"info@egytourpackages.com","areaServed":"Cairo, Hurghada, Luxor, Sharm El Sheikh, Marsa Alam, Aswan","priceRange":"$","currenciesAccepted":"euro","paymentAccepted":"Payment links online"},{"@type":"PostalAddress","@id":"https:\/\/egytourpackages.com\/de\/touren\/5-tage-kairo-tour-paket\/#local-main-place-address","streetAddress":"Mubarak 8, Al Kawthar District, Hurghada","addressLocality":"Hurghada","postalCode":"84511","addressRegion":"Red Sea","addressCountry":"EG"},{"@type":"ImageObject","inLanguage":"de","@id":"https:\/\/egytourpackages.com\/de\/touren\/5-tage-kairo-tour-paket\/#local-main-organization-logo","url":"https:\/\/egytourpackages.com\/wp-content\/uploads\/2025\/12\/Turquoise-Dahabiya-Nile-Cruise-1.jpeg","contentUrl":"https:\/\/egytourpackages.com\/wp-content\/uploads\/2025\/12\/Turquoise-Dahabiya-Nile-Cruise-1.jpeg","width":1040,"height":694,"caption":"egypt tour packages"}]},"product_brand":"5 Tage \u00c4gypten Rundreisen","product_price_amount":"980","product_price_currency":"EUR","og_availability":"instock","product_availability":"instock","product_retailer_item_id":"ECT05","product_condition":"new","geo.placename":"Hurghada","geo.region":"\u00c4gypten"},"_links":{"self":[{"href":"https:\/\/egytourpackages.com\/de\/wp-json\/wp\/v2\/product\/3884","targetHints":{"allow":["GET"]}}],"collection":[{"href":"https:\/\/egytourpackages.com\/de\/wp-json\/wp\/v2\/product"}],"about":[{"href":"https:\/\/egytourpackages.com\/de\/wp-json\/wp\/v2\/types\/product"}],"replies":[{"embeddable":true,"href":"https:\/\/egytourpackages.com\/de\/wp-json\/wp\/v2\/comments?post=3884"}],"wp:featuredmedia":[{"embeddable":true,"href":"https:\/\/egytourpackages.com\/de\/wp-json\/wp\/v2\/media\/3267"}],"wp:attachment":[{"href":"https:\/\/egytourpackages.com\/de\/wp-json\/wp\/v2\/media?parent=3884"}],"wp:term":[{"taxonomy":"product_brand","embeddable":true,"href":"https:\/\/egytourpackages.com\/de\/wp-json\/wp\/v2\/product_brand?post=3884"},{"taxonomy":"product_cat","embeddable":true,"href":"https:\/\/egytourpackages.com\/de\/wp-json\/wp\/v2\/product_cat?post=3884"},{"taxonomy":"product_tag","embeddable":true,"href":"https:\/\/egytourpackages.com\/de\/wp-json\/wp\/v2\/product_tag?post=3884"}],"curies":[{"name":"wp","href":"https:\/\/api.w.org\/{rel}","templated":true}]}}