{"id":3888,"date":"2023-05-17T15:10:10","date_gmt":"2023-05-17T15:10:10","guid":{"rendered":"https:\/\/egytourpackages.com\/product\/taxi-hurghada-transfers-hurghada-flughafentransfers\/"},"modified":"2026-01-07T16:39:54","modified_gmt":"2026-01-07T16:39:54","slug":"taxi-hurghada-transfers-hurghada-flughafentransfers","status":"publish","type":"product","link":"https:\/\/egytourpackages.com\/de\/touren\/taxi-hurghada-transfers-hurghada-flughafentransfers\/","title":{"rendered":"Taxi Hurghada Transfers | Hurghada Flughafentransfers"},"content":{"rendered":"<p><span style=\"color: #ff6600;\"><strong>Taxi Hurghada Transfers | Hurghada Flughafentransfers | Luxusautos | G\u00fcnstige Preise<\/strong><\/span><\/p>\n<p>Buchen Sie Ihren Taxitransfer vom Flughafen Hurghada zu Ihren Resorts und genie\u00dfen Sie eine gut organisierte Anreise. Entdecken Sie mit \u00c4gypten-Touren den bequemsten und direktesten Weg zu Ihren Resorts in Hurghada. Ob Sie allein oder mit Ihrer Familie reisen, wir garantieren Ihnen Ruhe und erstklassigen Service. Wir verf\u00fcgen \u00fcber luxuri\u00f6se, klimatisierte und stilvolle Fahrzeuge mit verstellbaren Sitzen, Nichtraucherzimmer und Sauberkeit, die Ihren Erwartungen gerecht werden.<\/p>\n<p>Sie k\u00f6nnen Ihren Transfer zu den Resorts in Hurghada \u00fcber WhatsApp, E-Mail oder Telefon buchen und sich keine Sorgen um den Transfer machen. Geben Sie bei der Buchung Ihres Flughafentransfers einfach Ihre Flugnummer, Ankunftszeit und Unterkunft an, um eine Best\u00e4tigung zu erhalten. Bei jedem Limousinen- oder Minivan-Transfer bieten wir die g\u00fcnstigsten Tarife und die schnellste und zuverl\u00e4ssigste Art zu reisen.<\/p>\n<p>Nach der Landung erwartet Sie unser Fahrer am Ausgang der Ankunftshalle mit einem Namensschild. Besonders wichtig: Er wartet auf Sie, falls Ihr Flugzeug Versp\u00e4tung hat. Bitte beachten Sie, dass unsere Preise f\u00fcr den Transfer vom Flughafen Hurghada zu den Resorts in Hurghada pro Fahrzeug gelten und es keine \u00dcberraschungen gibt.<\/p>\n<p>Wir aktualisieren unsere Preise f\u00fcr Taxitransfers in Hurghada st\u00e4ndig, um sicherzustellen, dass unsere Kunden die besten Preise erhalten. Reisen Sie stilvoll zwischen dem Flughafen Hurghada und Ihren Hotels in Hurghada und beginnen Sie Ihren Aufenthalt stressfrei. Die Limousine ist zudem die ideale Wahl f\u00fcr kleine Gruppen von bis zu 3 Personen.<\/p>\n<p>Wir bieten einen privaten Flughafen-Transfer-Service zwischen Hurghada Airport und allen Bereich in Hurghada und Umgebung. Zum Beispiel El Gouna, Makadi Bay, Sahl Hasheesh, Soma Bay, Safaga, El Quseir und Marsa Alam f\u00fcr Kunden, die Komfort, Sicherheit, Geschwindigkeit und Effizienz suchen.<\/p>\n<h3>Taxi Hurghada Transfers Preis<\/h3>\n<p>Pro Fahrzeug 15 $<\/p>\n<h3>Buchung<\/h3>\n<p>Buchen Sie Ihre Tour bequem per WhatsApp oder E-Mail. Sie erhalten die Best\u00e4tigung direkt vor Ort.<\/p>\n<p>Bitte teilen Sie uns Ihren Hotelnamen, Ihre Zimmernummer und Ihre Passkopien mit.<\/p>\n<h3>WhatsApp-Nummer<\/h3>\n<p>+201000852186<\/p>\n<h3>Jetzt buchen &amp; vor Ort bezahlen<\/h3>\n<p>Buchen Sie Ihre Lieblingstour und bezahlen Sie am Reisetag.<\/p>\n<h3>Zahlung<\/h3>\n<p>Sie k\u00f6nnen in \u00c4gyptischen Pfund, $, \u20ac oder \u00a3 bezahlen.<\/p>\n<h3>Stornierungsbedingungen<\/h3>\n<p>Kostenlose Stornierung bis 24 Stunden im Voraus.<\/p>\n<p>Bei Stornierung am Morgen fallen 50 % des Reisepreises an.<\/p>\n","protected":false},"excerpt":{"rendered":"<p>Taxi-Transfers nach Hurghada | Buchen Sie Ihren Transfer zu den Resorts in Hurghada \u00fcber WhatsApp, E-Mail oder Telefonanruf und machen Sie sich keine Sorgen um den Transfer.<\/p>\n","protected":false},"featured_media":2783,"comment_status":"open","ping_status":"closed","template":"","meta":[],"product_brand":[],"product_cat":[1103],"product_tag":[1534,1535],"class_list":{"0":"post-3888","1":"product","2":"type-product","3":"status-publish","4":"has-post-thumbnail","6":"product_cat-nicht-kategorisiert-de","7":"product_tag-flughafentransfers","8":"product_tag-taxi-hurghada-de","9":"tour_category-flughafentransfer","11":"first","12":"instock","13":"sale","14":"shipping-taxable","15":"purchasable","16":"product-type-tour","17":"has-default-attributes"},"yoast_head":"<!-- This site is optimized with the Yoast SEO Premium plugin v27.4 (Yoast SEO v27.4) - https:\/\/yoast.com\/product\/yoast-seo-premium-wordpress\/ -->\n<title>Taxi Hurghada Transfers | Beste Hurghada Flughafentransfers<\/title>\n<meta name=\"description\" content=\"Taxi Hurghada transfers | Buchen Sie Ihren Transfer zu den Resorts in Hurghada per WhatsApp, E-Mail oder Telefon und wir erledigen den Rest.\" \/>\n<meta name=\"robots\" content=\"index, follow, max-snippet:-1, max-image-preview:large, max-video-preview:-1\" \/>\n<link rel=\"canonical\" href=\"https:\/\/egytourpackages.com\/de\/touren\/taxi-hurghada-transfers-hurghada-flughafentransfers\/\" \/>\n<meta property=\"og:locale\" content=\"de_DE\" \/>\n<meta property=\"og:type\" content=\"article\" \/>\n<meta property=\"og:title\" content=\"Taxi Hurghada Transfers | Beste Hurghada Flughafentransfers\" \/>\n<meta property=\"og:description\" content=\"Taxi Hurghada transfers | Buchen Sie Ihren Transfer zu den Resorts in Hurghada per WhatsApp, E-Mail oder Telefonanruf und machen Sie sich keine Sorgen um den Transfer.\" \/>\n<meta property=\"og:url\" content=\"https:\/\/egytourpackages.com\/de\/touren\/taxi-hurghada-transfers-hurghada-flughafentransfers\/\" \/>\n<meta property=\"og:site_name\" content=\"\u00c4gypten-Reisepakete\" \/>\n<meta property=\"article:publisher\" content=\"https:\/\/www.facebook.com\/egytourpackages\" \/>\n<meta property=\"article:modified_time\" content=\"2026-01-07T16:39:54+00:00\" \/>\n<meta property=\"og:image\" content=\"https:\/\/egytourpackages.com\/wp-content\/uploads\/2023\/05\/Taxi-Hurghada-transfers.jpg\" \/>\n\t<meta property=\"og:image:width\" content=\"1200\" \/>\n\t<meta property=\"og:image:height\" content=\"900\" \/>\n\t<meta property=\"og:image:type\" content=\"image\/jpeg\" \/>\n<meta name=\"twitter:card\" content=\"summary_large_image\" \/>\n<meta name=\"twitter:title\" content=\"Taxi Hurghada Transfers | Hurghada Flughafentransfers\" \/>\n<meta name=\"twitter:label1\" content=\"Preis\" \/>\n\t<meta name=\"twitter:data1\" content=\"&euro;15\" \/>\n\t<meta name=\"twitter:label2\" content=\"Verf\u00fcgbarkeit\" \/>\n\t<meta name=\"twitter:data2\" content=\"Auf Lager\" \/>\n<script type=\"application\/ld+json\" class=\"yoast-schema-graph\">{\"@context\":\"https:\\\/\\\/schema.org\",\"@graph\":[{\"@type\":\"WebPage\",\"@id\":\"https:\\\/\\\/egytourpackages.com\\\/de\\\/touren\\\/taxi-hurghada-transfers-hurghada-flughafentransfers\\\/\",\"url\":\"https:\\\/\\\/egytourpackages.com\\\/de\\\/touren\\\/taxi-hurghada-transfers-hurghada-flughafentransfers\\\/\",\"name\":\"Taxi Hurghada Transfers | Beste Hurghada Flughafentransfers\",\"isPartOf\":{\"@id\":\"https:\\\/\\\/egytourpackages.com\\\/de\\\/#website\"},\"primaryImageOfPage\":{\"@id\":\"https:\\\/\\\/egytourpackages.com\\\/de\\\/touren\\\/taxi-hurghada-transfers-hurghada-flughafentransfers\\\/#primaryimage\"},\"image\":{\"@id\":\"https:\\\/\\\/egytourpackages.com\\\/de\\\/touren\\\/taxi-hurghada-transfers-hurghada-flughafentransfers\\\/#primaryimage\"},\"thumbnailUrl\":\"https:\\\/\\\/egytourpackages.com\\\/wp-content\\\/uploads\\\/2023\\\/05\\\/Taxi-Hurghada-transfers.jpg\",\"datePublished\":\"2023-05-17T15:10:10+00:00\",\"dateModified\":\"2026-01-07T16:39:54+00:00\",\"description\":\"Taxi Hurghada transfers | Buchen Sie Ihren Transfer zu den Resorts in Hurghada per WhatsApp, E-Mail oder Telefon und wir erledigen den Rest.\",\"breadcrumb\":{\"@id\":\"https:\\\/\\\/egytourpackages.com\\\/de\\\/touren\\\/taxi-hurghada-transfers-hurghada-flughafentransfers\\\/#breadcrumb\"},\"inLanguage\":\"de\",\"potentialAction\":[{\"@type\":\"ReadAction\",\"target\":[\"https:\\\/\\\/egytourpackages.com\\\/de\\\/touren\\\/taxi-hurghada-transfers-hurghada-flughafentransfers\\\/\"]}]},{\"@type\":\"ImageObject\",\"inLanguage\":\"de\",\"@id\":\"https:\\\/\\\/egytourpackages.com\\\/de\\\/touren\\\/taxi-hurghada-transfers-hurghada-flughafentransfers\\\/#primaryimage\",\"url\":\"https:\\\/\\\/egytourpackages.com\\\/wp-content\\\/uploads\\\/2023\\\/05\\\/Taxi-Hurghada-transfers.jpg\",\"contentUrl\":\"https:\\\/\\\/egytourpackages.com\\\/wp-content\\\/uploads\\\/2023\\\/05\\\/Taxi-Hurghada-transfers.jpg\",\"width\":1200,\"height\":900,\"caption\":\"Taxi Hurghada Transfers\"},{\"@type\":\"BreadcrumbList\",\"@id\":\"https:\\\/\\\/egytourpackages.com\\\/de\\\/touren\\\/taxi-hurghada-transfers-hurghada-flughafentransfers\\\/#breadcrumb\",\"itemListElement\":[{\"@type\":\"ListItem\",\"position\":1,\"name\":\"Startseite\",\"item\":\"https:\\\/\\\/egytourpackages.com\\\/de\\\/\"},{\"@type\":\"ListItem\",\"position\":2,\"name\":\"Shop\",\"item\":\"https:\\\/\\\/egytourpackages.com\\\/de\\\/shop\\\/\"},{\"@type\":\"ListItem\",\"position\":3,\"name\":\"Taxi Hurghada Transfers | Hurghada Flughafentransfers\"}]},{\"@type\":\"WebSite\",\"@id\":\"https:\\\/\\\/egytourpackages.com\\\/de\\\/#website\",\"url\":\"https:\\\/\\\/egytourpackages.com\\\/de\\\/\",\"name\":\"Egy tour packages\",\"description\":\"\",\"publisher\":{\"@id\":\"https:\\\/\\\/egytourpackages.com\\\/de\\\/#organization\"},\"potentialAction\":[{\"@type\":\"SearchAction\",\"target\":{\"@type\":\"EntryPoint\",\"urlTemplate\":\"https:\\\/\\\/egytourpackages.com\\\/de\\\/?s={search_term_string}\"},\"query-input\":{\"@type\":\"PropertyValueSpecification\",\"valueRequired\":true,\"valueName\":\"search_term_string\"}}],\"inLanguage\":\"de\"},{\"@type\":[\"Organization\",\"Place\",\"TravelAgency\"],\"@id\":\"https:\\\/\\\/egytourpackages.com\\\/de\\\/#organization\",\"name\":\"egypt tour packages\",\"alternateName\":\"egypt tour packages\",\"url\":\"https:\\\/\\\/egytourpackages.com\\\/de\\\/\",\"logo\":{\"@id\":\"https:\\\/\\\/egytourpackages.com\\\/de\\\/touren\\\/taxi-hurghada-transfers-hurghada-flughafentransfers\\\/#local-main-organization-logo\"},\"image\":{\"@id\":\"https:\\\/\\\/egytourpackages.com\\\/de\\\/touren\\\/taxi-hurghada-transfers-hurghada-flughafentransfers\\\/#local-main-organization-logo\"},\"sameAs\":[\"https:\\\/\\\/www.facebook.com\\\/egytourpackages\"],\"legalName\":\"Egy tour packages\",\"address\":{\"@id\":\"https:\\\/\\\/egytourpackages.com\\\/de\\\/touren\\\/taxi-hurghada-transfers-hurghada-flughafentransfers\\\/#local-main-place-address\"},\"telephone\":[\"00201000852186\",\"00201028685533\"],\"contactPoint\":{\"@type\":\"ContactPoint\",\"telephone\":\"00201000852186\"},\"openingHoursSpecification\":[{\"@type\":\"OpeningHoursSpecification\",\"dayOfWeek\":[\"Monday\",\"Tuesday\",\"Wednesday\",\"Thursday\",\"Friday\",\"Saturday\",\"Sunday\"],\"opens\":\"00:00\",\"closes\":\"23:59\"}],\"email\":\"info@egytourpackages.com\",\"areaServed\":\"Cairo, Hurghada, Luxor, Sharm El Sheikh, Marsa Alam, Aswan\",\"priceRange\":\"$\",\"currenciesAccepted\":\"euro\",\"paymentAccepted\":\"Payment links online\"},{\"@type\":\"PostalAddress\",\"@id\":\"https:\\\/\\\/egytourpackages.com\\\/de\\\/touren\\\/taxi-hurghada-transfers-hurghada-flughafentransfers\\\/#local-main-place-address\",\"streetAddress\":\"Mubarak 8, Al Kawthar District, Hurghada\",\"addressLocality\":\"Hurghada\",\"postalCode\":\"84511\",\"addressRegion\":\"Red Sea\",\"addressCountry\":\"EG\"},{\"@type\":\"ImageObject\",\"inLanguage\":\"de\",\"@id\":\"https:\\\/\\\/egytourpackages.com\\\/de\\\/touren\\\/taxi-hurghada-transfers-hurghada-flughafentransfers\\\/#local-main-organization-logo\",\"url\":\"https:\\\/\\\/egytourpackages.com\\\/wp-content\\\/uploads\\\/2025\\\/12\\\/Turquoise-Dahabiya-Nile-Cruise-1.jpeg\",\"contentUrl\":\"https:\\\/\\\/egytourpackages.com\\\/wp-content\\\/uploads\\\/2025\\\/12\\\/Turquoise-Dahabiya-Nile-Cruise-1.jpeg\",\"width\":1040,\"height\":694,\"caption\":\"egypt tour packages\"}]}<\/script>\n<meta property=\"product:brand\" content=\"Flughafentransfer\" \/>\n<meta property=\"product:price:amount\" content=\"15\" \/>\n<meta property=\"product:price:currency\" content=\"EUR\" \/>\n<meta property=\"og:availability\" content=\"instock\" \/>\n<meta property=\"product:availability\" content=\"instock\" \/>\n<meta property=\"product:retailer_item_id\" content=\"AT01\" \/>\n<meta property=\"product:condition\" content=\"new\" \/>\n<meta name=\"geo.placename\" content=\"Hurghada\" \/>\n<meta name=\"geo.region\" content=\"\u00c4gypten\" \/>\n<!-- \/ Yoast SEO Premium plugin. -->","yoast_head_json":{"title":"Taxi Hurghada Transfers | Beste Hurghada Flughafentransfers","description":"Taxi Hurghada transfers | Buchen Sie Ihren Transfer zu den Resorts in Hurghada per WhatsApp, E-Mail oder Telefon und wir erledigen den Rest.","robots":{"index":"index","follow":"follow","max-snippet":"max-snippet:-1","max-image-preview":"max-image-preview:large","max-video-preview":"max-video-preview:-1"},"canonical":"https:\/\/egytourpackages.com\/de\/touren\/taxi-hurghada-transfers-hurghada-flughafentransfers\/","og_locale":"de_DE","og_type":"article","og_title":"Taxi Hurghada Transfers | Beste Hurghada Flughafentransfers","og_description":"Taxi Hurghada transfers | Buchen Sie Ihren Transfer zu den Resorts in Hurghada per WhatsApp, E-Mail oder Telefonanruf und machen Sie sich keine Sorgen um den Transfer.","og_url":"https:\/\/egytourpackages.com\/de\/touren\/taxi-hurghada-transfers-hurghada-flughafentransfers\/","og_site_name":"\u00c4gypten-Reisepakete","article_publisher":"https:\/\/www.facebook.com\/egytourpackages","article_modified_time":"2026-01-07T16:39:54+00:00","og_image":[{"width":1200,"height":900,"url":"https:\/\/egytourpackages.com\/wp-content\/uploads\/2023\/05\/Taxi-Hurghada-transfers.jpg","type":"image\/jpeg"}],"twitter_card":"summary_large_image","twitter_title":"Taxi Hurghada Transfers | Hurghada Flughafentransfers","twitter_misc":{"Preis":"&euro;15","Verf\u00fcgbarkeit":"Auf Lager"},"schema":{"@context":"https:\/\/schema.org","@graph":[{"@type":"WebPage","@id":"https:\/\/egytourpackages.com\/de\/touren\/taxi-hurghada-transfers-hurghada-flughafentransfers\/","url":"https:\/\/egytourpackages.com\/de\/touren\/taxi-hurghada-transfers-hurghada-flughafentransfers\/","name":"Taxi Hurghada Transfers | Beste Hurghada Flughafentransfers","isPartOf":{"@id":"https:\/\/egytourpackages.com\/de\/#website"},"primaryImageOfPage":{"@id":"https:\/\/egytourpackages.com\/de\/touren\/taxi-hurghada-transfers-hurghada-flughafentransfers\/#primaryimage"},"image":{"@id":"https:\/\/egytourpackages.com\/de\/touren\/taxi-hurghada-transfers-hurghada-flughafentransfers\/#primaryimage"},"thumbnailUrl":"https:\/\/egytourpackages.com\/wp-content\/uploads\/2023\/05\/Taxi-Hurghada-transfers.jpg","datePublished":"2023-05-17T15:10:10+00:00","dateModified":"2026-01-07T16:39:54+00:00","description":"Taxi Hurghada transfers | Buchen Sie Ihren Transfer zu den Resorts in Hurghada per WhatsApp, E-Mail oder Telefon und wir erledigen den Rest.","breadcrumb":{"@id":"https:\/\/egytourpackages.com\/de\/touren\/taxi-hurghada-transfers-hurghada-flughafentransfers\/#breadcrumb"},"inLanguage":"de","potentialAction":[{"@type":"ReadAction","target":["https:\/\/egytourpackages.com\/de\/touren\/taxi-hurghada-transfers-hurghada-flughafentransfers\/"]}]},{"@type":"ImageObject","inLanguage":"de","@id":"https:\/\/egytourpackages.com\/de\/touren\/taxi-hurghada-transfers-hurghada-flughafentransfers\/#primaryimage","url":"https:\/\/egytourpackages.com\/wp-content\/uploads\/2023\/05\/Taxi-Hurghada-transfers.jpg","contentUrl":"https:\/\/egytourpackages.com\/wp-content\/uploads\/2023\/05\/Taxi-Hurghada-transfers.jpg","width":1200,"height":900,"caption":"Taxi Hurghada Transfers"},{"@type":"BreadcrumbList","@id":"https:\/\/egytourpackages.com\/de\/touren\/taxi-hurghada-transfers-hurghada-flughafentransfers\/#breadcrumb","itemListElement":[{"@type":"ListItem","position":1,"name":"Startseite","item":"https:\/\/egytourpackages.com\/de\/"},{"@type":"ListItem","position":2,"name":"Shop","item":"https:\/\/egytourpackages.com\/de\/shop\/"},{"@type":"ListItem","position":3,"name":"Taxi Hurghada Transfers | Hurghada Flughafentransfers"}]},{"@type":"WebSite","@id":"https:\/\/egytourpackages.com\/de\/#website","url":"https:\/\/egytourpackages.com\/de\/","name":"Egy tour packages","description":"","publisher":{"@id":"https:\/\/egytourpackages.com\/de\/#organization"},"potentialAction":[{"@type":"SearchAction","target":{"@type":"EntryPoint","urlTemplate":"https:\/\/egytourpackages.com\/de\/?s={search_term_string}"},"query-input":{"@type":"PropertyValueSpecification","valueRequired":true,"valueName":"search_term_string"}}],"inLanguage":"de"},{"@type":["Organization","Place","TravelAgency"],"@id":"https:\/\/egytourpackages.com\/de\/#organization","name":"egypt tour packages","alternateName":"egypt tour packages","url":"https:\/\/egytourpackages.com\/de\/","logo":{"@id":"https:\/\/egytourpackages.com\/de\/touren\/taxi-hurghada-transfers-hurghada-flughafentransfers\/#local-main-organization-logo"},"image":{"@id":"https:\/\/egytourpackages.com\/de\/touren\/taxi-hurghada-transfers-hurghada-flughafentransfers\/#local-main-organization-logo"},"sameAs":["https:\/\/www.facebook.com\/egytourpackages"],"legalName":"Egy tour packages","address":{"@id":"https:\/\/egytourpackages.com\/de\/touren\/taxi-hurghada-transfers-hurghada-flughafentransfers\/#local-main-place-address"},"telephone":["00201000852186","00201028685533"],"contactPoint":{"@type":"ContactPoint","telephone":"00201000852186"},"openingHoursSpecification":[{"@type":"OpeningHoursSpecification","dayOfWeek":["Monday","Tuesday","Wednesday","Thursday","Friday","Saturday","Sunday"],"opens":"00:00","closes":"23:59"}],"email":"info@egytourpackages.com","areaServed":"Cairo, Hurghada, Luxor, Sharm El Sheikh, Marsa Alam, Aswan","priceRange":"$","currenciesAccepted":"euro","paymentAccepted":"Payment links online"},{"@type":"PostalAddress","@id":"https:\/\/egytourpackages.com\/de\/touren\/taxi-hurghada-transfers-hurghada-flughafentransfers\/#local-main-place-address","streetAddress":"Mubarak 8, Al Kawthar District, Hurghada","addressLocality":"Hurghada","postalCode":"84511","addressRegion":"Red Sea","addressCountry":"EG"},{"@type":"ImageObject","inLanguage":"de","@id":"https:\/\/egytourpackages.com\/de\/touren\/taxi-hurghada-transfers-hurghada-flughafentransfers\/#local-main-organization-logo","url":"https:\/\/egytourpackages.com\/wp-content\/uploads\/2025\/12\/Turquoise-Dahabiya-Nile-Cruise-1.jpeg","contentUrl":"https:\/\/egytourpackages.com\/wp-content\/uploads\/2025\/12\/Turquoise-Dahabiya-Nile-Cruise-1.jpeg","width":1040,"height":694,"caption":"egypt tour packages"}]},"product_brand":"Flughafentransfer","product_price_amount":"15","product_price_currency":"EUR","og_availability":"instock","product_availability":"instock","product_retailer_item_id":"AT01","product_condition":"new","geo.placename":"Hurghada","geo.region":"\u00c4gypten"},"_links":{"self":[{"href":"https:\/\/egytourpackages.com\/de\/wp-json\/wp\/v2\/product\/3888","targetHints":{"allow":["GET"]}}],"collection":[{"href":"https:\/\/egytourpackages.com\/de\/wp-json\/wp\/v2\/product"}],"about":[{"href":"https:\/\/egytourpackages.com\/de\/wp-json\/wp\/v2\/types\/product"}],"replies":[{"embeddable":true,"href":"https:\/\/egytourpackages.com\/de\/wp-json\/wp\/v2\/comments?post=3888"}],"wp:featuredmedia":[{"embeddable":true,"href":"https:\/\/egytourpackages.com\/de\/wp-json\/wp\/v2\/media\/2783"}],"wp:attachment":[{"href":"https:\/\/egytourpackages.com\/de\/wp-json\/wp\/v2\/media?parent=3888"}],"wp:term":[{"taxonomy":"product_brand","embeddable":true,"href":"https:\/\/egytourpackages.com\/de\/wp-json\/wp\/v2\/product_brand?post=3888"},{"taxonomy":"product_cat","embeddable":true,"href":"https:\/\/egytourpackages.com\/de\/wp-json\/wp\/v2\/product_cat?post=3888"},{"taxonomy":"product_tag","embeddable":true,"href":"https:\/\/egytourpackages.com\/de\/wp-json\/wp\/v2\/product_tag?post=3888"}],"curies":[{"name":"wp","href":"https:\/\/api.w.org\/{rel}","templated":true}]}}