{"id":3890,"date":"2025-05-25T13:58:33","date_gmt":"2025-05-25T13:58:33","guid":{"rendered":"https:\/\/egytourpackages.com\/product\/privater-transfer-vom-flughafen-hurghada-nach-oberoi-sahl-hasheesh-mercedes-auto\/"},"modified":"2026-01-04T11:14:20","modified_gmt":"2026-01-04T11:14:20","slug":"privater-transfer-vom-flughafen-hurghada-nach-oberoi-sahl-hasheesh-mercedes-auto","status":"publish","type":"product","link":"https:\/\/egytourpackages.com\/de\/touren\/privater-transfer-vom-flughafen-hurghada-nach-oberoi-sahl-hasheesh-mercedes-auto\/","title":{"rendered":"Privater Transfer vom Flughafen Hurghada nach Oberoi Sahl Hasheesh | Mercedes-Auto"},"content":{"rendered":"<p><span style=\"color: #ff6600;\"><strong>Privater Transfer vom Flughafen Hurghada nach Oberoi Sahl Hasheesh<\/strong><\/span> | Buchung luxuri\u00f6ser privater Autotransfer | <strong>Mercedes Services | <\/strong><a href=\"https:\/\/egytourpackages.com\/de\/?attachment_id=10455\">Flughafentransfers<\/a><\/p>\n<h3>Reiseinformationen<\/h3>\n<p>Privater Transfer vom Flughafen Hurghada zum Oberoi Sahl Hasheesh Hotel ist der schnellste Weg, um vom Flughafen Hurghada zu den Hotels in Sahl Hasheesh zu gelangen. Egy-Tourpakete bieten private Taxi Hurghada Transfers mit einem luxuri\u00f6sen, stressfreien Flughafentransfer in einem Premium Mercedes-Benz Fahrzeug.<\/p>\n<p>Buchen Sie Ihren Transfer zum Oberoi Sahl Hasheesh Resort per WhatsApp, E-Mail oder Telefon. Geben Sie bei der Buchung Ihres Taxi Hurghada Flughafentransfers einfach Ihre Flugnummer und Ankunftszeit an \u2013 wir k\u00fcmmern uns um den Rest. Wir sind rund um die Uhr mit modernen und klimatisierten Fahrzeugen im Einsatz und holen Sie jederzeit vom Flughafen Hurghada ab. Dieser Flughafentransfer ist ideal f\u00fcr Paare, Familien oder Alleinreisende, die Wert auf Komfort und Bequemlichkeit legen. Dieser exklusive Service garantiert Ihnen Komfort und Bequemlichkeit.<\/p>\n<p>Ihr Fahrer wird vor der Ankunftshalle auf Sie warten, mit Ihrem Namen an einer Tafel, um Ihnen mit Ihrem Gep\u00e4ck zu helfen. Als Ergebnis, vergessen Sie den Stress und genie\u00dfen Sie Ihren Transfer auf dem Weg vom Flughafen Hurghada zu Ihrem Hotel in Sahl Hasheesh.<\/p>\n<p>Privater T\u00fcr-zu-T\u00fcr-Transfer<\/p>\n<p>Luxus-Mercedes-Fahrzeug<\/p>\n<p>P\u00fcnktliche Abholung mit Flugverfolgung<\/p>\n<p>Keine versteckten Geb\u00fchren oder Verz\u00f6gerungen<\/p>\n<h3>PC<\/h3>\n<p>Bitte beachten Sie, dass unsere Preise f\u00fcr Transfers vom Flughafen Hurghada nach Oberoi Sahl Hasheesh pro Fahrzeug gelten und es keine versteckten \u00dcberraschungen gibt. F\u00fcr weitere Informationen \u00fcber Hurghada Flughafen Taxi Transfers, \u00fcberpr\u00fcfen Sie bitte unsere Flughafen Transfers Abschnitt.<\/p>\n<h3><strong>Transfer vom Flughafen Hurghada nach Oberoi Sahl Hasheesh<\/strong><\/h3>\n<p>Pro Fahrzeug 120$<\/p>\n<h3>Buchen Sie Ihren Transfer vom Flughafen Hurghada nach Oberoi Sahl Hasheesh<\/h3>\n<p>Sie k\u00f6nnen Ihre Tour via WhatsApp buchen oder uns eine E-Mail senden und erhalten die Best\u00e4tigung vor Ort.<\/p>\n<p>Bitte senden Sie uns Ihren Hotelnamen, Zimmernummer, Passkopien<\/p>\n<h3>WhatsApp-Nummer<\/h3>\n<p>+201000852186<\/p>\n<h3>Jetzt buchen &amp; vor Ort bezahlen<\/h3>\n<p>Buchen Sie Ihre Lieblingstour und bezahlen Sie am Reisetag.<\/p>\n<h3>Zahlung<\/h3>\n<p>Sie k\u00f6nnen in \u00c4gyptischen Pfund, $, \u20ac oder \u00a3 bezahlen.<\/p>\n<h3>Stornierungsbedingungen<\/h3>\n<p>Stornierung bis 24 Stunden vor Reisebeginn kostenlos.<\/p>\n<p>Bei Stornierung am Morgen fallen 50 % des Reisepreises an.<\/p>\n","protected":false},"excerpt":{"rendered":"<p>Privater Transfer vom Flughafen Hurghada nach Oberoi Sahl Hasheesh | Genie\u00dfen Sie eine stressfreie Reise in einem luxuri\u00f6sen Mercedes-Fahrzeug mit Komfort und Eleganz.<\/p>\n","protected":false},"featured_media":3645,"comment_status":"open","ping_status":"closed","template":"","meta":[],"product_brand":[],"product_cat":[1494],"product_tag":[1495,1536],"class_list":{"0":"post-3890","1":"product","2":"type-product","3":"status-publish","4":"has-post-thumbnail","6":"product_cat-touren","7":"product_tag-agypten-tagestouren","8":"product_tag-flughafentransfer","9":"tour_category-agypten-tagestouren","10":"tour_category-flughafentransfer","12":"first","13":"instock","14":"sale","15":"shipping-taxable","16":"purchasable","17":"product-type-tour","18":"has-default-attributes"},"yoast_head":"<!-- This site is optimized with the Yoast SEO Premium plugin v27.4 (Yoast SEO v27.4) - https:\/\/yoast.com\/product\/yoast-seo-premium-wordpress\/ -->\n<title>Transfer vom Flughafen Hurghada nach Oberoi Sahl Hasheesh<\/title>\n<meta name=\"description\" content=\"Transfer vom Flughafen Hurghada nach Oberoi Sahl Hasheesh | Genie\u00dfen Sie eine stressfreie Reise in einem luxuri\u00f6sen Mercedes-Fahrzeug mit Komfort.\" \/>\n<meta name=\"robots\" content=\"index, follow, max-snippet:-1, max-image-preview:large, max-video-preview:-1\" \/>\n<link rel=\"canonical\" href=\"https:\/\/egytourpackages.com\/de\/touren\/privater-transfer-vom-flughafen-hurghada-nach-oberoi-sahl-hasheesh-mercedes-auto\/\" \/>\n<meta property=\"og:locale\" content=\"de_DE\" \/>\n<meta property=\"og:type\" content=\"article\" \/>\n<meta property=\"og:title\" content=\"Privater Transfer vom Flughafen Hurghada nach Oberoi Sahl Hasheesh\" \/>\n<meta property=\"og:description\" content=\"Privater Transfer vom Flughafen Hurghada nach Oberoi Sahl Hasheesh | Genie\u00dfen Sie eine stressfreie Reise in einem luxuri\u00f6sen Mercedes-Fahrzeug mit Komfort und Eleganz.\" \/>\n<meta property=\"og:url\" content=\"https:\/\/egytourpackages.com\/de\/touren\/privater-transfer-vom-flughafen-hurghada-nach-oberoi-sahl-hasheesh-mercedes-auto\/\" \/>\n<meta property=\"og:site_name\" content=\"\u00c4gypten-Reisepakete\" \/>\n<meta property=\"article:publisher\" content=\"https:\/\/www.facebook.com\/egytourpackages\" \/>\n<meta property=\"article:modified_time\" content=\"2026-01-04T11:14:20+00:00\" \/>\n<meta property=\"og:image\" content=\"https:\/\/egytourpackages.com\/wp-content\/uploads\/2025\/05\/AIRPORT-TRANSFERS-1024x768.jpg\" \/>\n<meta name=\"twitter:card\" content=\"summary_large_image\" \/>\n<meta name=\"twitter:title\" content=\"Privater Transfer vom Flughafen Hurghada nach Oberoi Sahl Hasheesh | Mercedes-Auto\" \/>\n<meta name=\"twitter:label1\" content=\"Preis\" \/>\n\t<meta name=\"twitter:data1\" content=\"&euro;0\" \/>\n\t<meta name=\"twitter:label2\" content=\"Verf\u00fcgbarkeit\" \/>\n\t<meta name=\"twitter:data2\" content=\"Auf Lager\" \/>\n<script type=\"application\/ld+json\" class=\"yoast-schema-graph\">{\"@context\":\"https:\\\/\\\/schema.org\",\"@graph\":[{\"@type\":\"WebPage\",\"@id\":\"https:\\\/\\\/egytourpackages.com\\\/de\\\/touren\\\/privater-transfer-vom-flughafen-hurghada-nach-oberoi-sahl-hasheesh-mercedes-auto\\\/\",\"url\":\"https:\\\/\\\/egytourpackages.com\\\/de\\\/touren\\\/privater-transfer-vom-flughafen-hurghada-nach-oberoi-sahl-hasheesh-mercedes-auto\\\/\",\"name\":\"Transfer vom Flughafen Hurghada nach Oberoi Sahl Hasheesh\",\"isPartOf\":{\"@id\":\"https:\\\/\\\/egytourpackages.com\\\/de\\\/#website\"},\"primaryImageOfPage\":{\"@id\":\"https:\\\/\\\/egytourpackages.com\\\/de\\\/touren\\\/privater-transfer-vom-flughafen-hurghada-nach-oberoi-sahl-hasheesh-mercedes-auto\\\/#primaryimage\"},\"image\":{\"@id\":\"https:\\\/\\\/egytourpackages.com\\\/de\\\/touren\\\/privater-transfer-vom-flughafen-hurghada-nach-oberoi-sahl-hasheesh-mercedes-auto\\\/#primaryimage\"},\"thumbnailUrl\":\"https:\\\/\\\/egytourpackages.com\\\/wp-content\\\/uploads\\\/2025\\\/05\\\/AIRPORT-TRANSFERS.jpg\",\"datePublished\":\"2025-05-25T13:58:33+00:00\",\"dateModified\":\"2026-01-04T11:14:20+00:00\",\"description\":\"Transfer vom Flughafen Hurghada nach Oberoi Sahl Hasheesh | Genie\u00dfen Sie eine stressfreie Reise in einem luxuri\u00f6sen Mercedes-Fahrzeug mit Komfort.\",\"breadcrumb\":{\"@id\":\"https:\\\/\\\/egytourpackages.com\\\/de\\\/touren\\\/privater-transfer-vom-flughafen-hurghada-nach-oberoi-sahl-hasheesh-mercedes-auto\\\/#breadcrumb\"},\"inLanguage\":\"de\",\"potentialAction\":[{\"@type\":\"ReadAction\",\"target\":[\"https:\\\/\\\/egytourpackages.com\\\/de\\\/touren\\\/privater-transfer-vom-flughafen-hurghada-nach-oberoi-sahl-hasheesh-mercedes-auto\\\/\"]}]},{\"@type\":\"ImageObject\",\"inLanguage\":\"de\",\"@id\":\"https:\\\/\\\/egytourpackages.com\\\/de\\\/touren\\\/privater-transfer-vom-flughafen-hurghada-nach-oberoi-sahl-hasheesh-mercedes-auto\\\/#primaryimage\",\"url\":\"https:\\\/\\\/egytourpackages.com\\\/wp-content\\\/uploads\\\/2025\\\/05\\\/AIRPORT-TRANSFERS.jpg\",\"contentUrl\":\"https:\\\/\\\/egytourpackages.com\\\/wp-content\\\/uploads\\\/2025\\\/05\\\/AIRPORT-TRANSFERS.jpg\",\"width\":2000,\"height\":1500,\"caption\":\"Privater Transfer vom Flughafen Hurghada nach Oberoi Sahl Hasheesh\"},{\"@type\":\"BreadcrumbList\",\"@id\":\"https:\\\/\\\/egytourpackages.com\\\/de\\\/touren\\\/privater-transfer-vom-flughafen-hurghada-nach-oberoi-sahl-hasheesh-mercedes-auto\\\/#breadcrumb\",\"itemListElement\":[{\"@type\":\"ListItem\",\"position\":1,\"name\":\"Startseite\",\"item\":\"https:\\\/\\\/egytourpackages.com\\\/de\\\/\"},{\"@type\":\"ListItem\",\"position\":2,\"name\":\"Shop\",\"item\":\"https:\\\/\\\/egytourpackages.com\\\/de\\\/shop\\\/\"},{\"@type\":\"ListItem\",\"position\":3,\"name\":\"Privater Transfer vom Flughafen Hurghada nach Oberoi Sahl Hasheesh | Mercedes-Auto\"}]},{\"@type\":\"WebSite\",\"@id\":\"https:\\\/\\\/egytourpackages.com\\\/de\\\/#website\",\"url\":\"https:\\\/\\\/egytourpackages.com\\\/de\\\/\",\"name\":\"Egy tour packages\",\"description\":\"\",\"publisher\":{\"@id\":\"https:\\\/\\\/egytourpackages.com\\\/de\\\/#organization\"},\"potentialAction\":[{\"@type\":\"SearchAction\",\"target\":{\"@type\":\"EntryPoint\",\"urlTemplate\":\"https:\\\/\\\/egytourpackages.com\\\/de\\\/?s={search_term_string}\"},\"query-input\":{\"@type\":\"PropertyValueSpecification\",\"valueRequired\":true,\"valueName\":\"search_term_string\"}}],\"inLanguage\":\"de\"},{\"@type\":[\"Organization\",\"Place\",\"TravelAgency\"],\"@id\":\"https:\\\/\\\/egytourpackages.com\\\/de\\\/#organization\",\"name\":\"egypt tour packages\",\"alternateName\":\"egypt tour packages\",\"url\":\"https:\\\/\\\/egytourpackages.com\\\/de\\\/\",\"logo\":{\"@id\":\"https:\\\/\\\/egytourpackages.com\\\/de\\\/touren\\\/privater-transfer-vom-flughafen-hurghada-nach-oberoi-sahl-hasheesh-mercedes-auto\\\/#local-main-organization-logo\"},\"image\":{\"@id\":\"https:\\\/\\\/egytourpackages.com\\\/de\\\/touren\\\/privater-transfer-vom-flughafen-hurghada-nach-oberoi-sahl-hasheesh-mercedes-auto\\\/#local-main-organization-logo\"},\"sameAs\":[\"https:\\\/\\\/www.facebook.com\\\/egytourpackages\"],\"legalName\":\"Egy tour packages\",\"address\":{\"@id\":\"https:\\\/\\\/egytourpackages.com\\\/de\\\/touren\\\/privater-transfer-vom-flughafen-hurghada-nach-oberoi-sahl-hasheesh-mercedes-auto\\\/#local-main-place-address\"},\"telephone\":[\"00201000852186\",\"00201028685533\"],\"contactPoint\":{\"@type\":\"ContactPoint\",\"telephone\":\"00201000852186\"},\"openingHoursSpecification\":[{\"@type\":\"OpeningHoursSpecification\",\"dayOfWeek\":[\"Monday\",\"Tuesday\",\"Wednesday\",\"Thursday\",\"Friday\",\"Saturday\",\"Sunday\"],\"opens\":\"00:00\",\"closes\":\"23:59\"}],\"email\":\"info@egytourpackages.com\",\"areaServed\":\"Cairo, Hurghada, Luxor, Sharm El Sheikh, Marsa Alam, Aswan\",\"priceRange\":\"$\",\"currenciesAccepted\":\"euro\",\"paymentAccepted\":\"Payment links online\"},{\"@type\":\"PostalAddress\",\"@id\":\"https:\\\/\\\/egytourpackages.com\\\/de\\\/touren\\\/privater-transfer-vom-flughafen-hurghada-nach-oberoi-sahl-hasheesh-mercedes-auto\\\/#local-main-place-address\",\"streetAddress\":\"Mubarak 8, Al Kawthar District, Hurghada\",\"addressLocality\":\"Hurghada\",\"postalCode\":\"84511\",\"addressRegion\":\"Red Sea\",\"addressCountry\":\"EG\"},{\"@type\":\"ImageObject\",\"inLanguage\":\"de\",\"@id\":\"https:\\\/\\\/egytourpackages.com\\\/de\\\/touren\\\/privater-transfer-vom-flughafen-hurghada-nach-oberoi-sahl-hasheesh-mercedes-auto\\\/#local-main-organization-logo\",\"url\":\"https:\\\/\\\/egytourpackages.com\\\/wp-content\\\/uploads\\\/2025\\\/12\\\/Turquoise-Dahabiya-Nile-Cruise-1.jpeg\",\"contentUrl\":\"https:\\\/\\\/egytourpackages.com\\\/wp-content\\\/uploads\\\/2025\\\/12\\\/Turquoise-Dahabiya-Nile-Cruise-1.jpeg\",\"width\":1040,\"height\":694,\"caption\":\"egypt tour packages\"}]}<\/script>\n<meta property=\"product:brand\" content=\"\u00c4gypten Tagestouren\" \/>\n<meta property=\"product:price:amount\" content=\"0\" \/>\n<meta property=\"product:price:currency\" content=\"EUR\" \/>\n<meta property=\"og:availability\" content=\"instock\" \/>\n<meta property=\"product:availability\" content=\"instock\" \/>\n<meta property=\"product:retailer_item_id\" content=\"AT 03\" \/>\n<meta property=\"product:condition\" content=\"new\" \/>\n<meta name=\"geo.placename\" content=\"Hurghada\" \/>\n<meta name=\"geo.region\" content=\"\u00c4gypten\" \/>\n<!-- \/ Yoast SEO Premium plugin. -->","yoast_head_json":{"title":"Transfer vom Flughafen Hurghada nach Oberoi Sahl Hasheesh","description":"Transfer vom Flughafen Hurghada nach Oberoi Sahl Hasheesh | Genie\u00dfen Sie eine stressfreie Reise in einem luxuri\u00f6sen Mercedes-Fahrzeug mit Komfort.","robots":{"index":"index","follow":"follow","max-snippet":"max-snippet:-1","max-image-preview":"max-image-preview:large","max-video-preview":"max-video-preview:-1"},"canonical":"https:\/\/egytourpackages.com\/de\/touren\/privater-transfer-vom-flughafen-hurghada-nach-oberoi-sahl-hasheesh-mercedes-auto\/","og_locale":"de_DE","og_type":"article","og_title":"Privater Transfer vom Flughafen Hurghada nach Oberoi Sahl Hasheesh","og_description":"Privater Transfer vom Flughafen Hurghada nach Oberoi Sahl Hasheesh | Genie\u00dfen Sie eine stressfreie Reise in einem luxuri\u00f6sen Mercedes-Fahrzeug mit Komfort und Eleganz.","og_url":"https:\/\/egytourpackages.com\/de\/touren\/privater-transfer-vom-flughafen-hurghada-nach-oberoi-sahl-hasheesh-mercedes-auto\/","og_site_name":"\u00c4gypten-Reisepakete","article_publisher":"https:\/\/www.facebook.com\/egytourpackages","article_modified_time":"2026-01-04T11:14:20+00:00","og_image":[{"url":"https:\/\/egytourpackages.com\/wp-content\/uploads\/2025\/05\/AIRPORT-TRANSFERS-1024x768.jpg","type":"","width":"","height":""}],"twitter_card":"summary_large_image","twitter_title":"Privater Transfer vom Flughafen Hurghada nach Oberoi Sahl Hasheesh | Mercedes-Auto","twitter_misc":{"Preis":"&euro;0","Verf\u00fcgbarkeit":"Auf Lager"},"schema":{"@context":"https:\/\/schema.org","@graph":[{"@type":"WebPage","@id":"https:\/\/egytourpackages.com\/de\/touren\/privater-transfer-vom-flughafen-hurghada-nach-oberoi-sahl-hasheesh-mercedes-auto\/","url":"https:\/\/egytourpackages.com\/de\/touren\/privater-transfer-vom-flughafen-hurghada-nach-oberoi-sahl-hasheesh-mercedes-auto\/","name":"Transfer vom Flughafen Hurghada nach Oberoi Sahl Hasheesh","isPartOf":{"@id":"https:\/\/egytourpackages.com\/de\/#website"},"primaryImageOfPage":{"@id":"https:\/\/egytourpackages.com\/de\/touren\/privater-transfer-vom-flughafen-hurghada-nach-oberoi-sahl-hasheesh-mercedes-auto\/#primaryimage"},"image":{"@id":"https:\/\/egytourpackages.com\/de\/touren\/privater-transfer-vom-flughafen-hurghada-nach-oberoi-sahl-hasheesh-mercedes-auto\/#primaryimage"},"thumbnailUrl":"https:\/\/egytourpackages.com\/wp-content\/uploads\/2025\/05\/AIRPORT-TRANSFERS.jpg","datePublished":"2025-05-25T13:58:33+00:00","dateModified":"2026-01-04T11:14:20+00:00","description":"Transfer vom Flughafen Hurghada nach Oberoi Sahl Hasheesh | Genie\u00dfen Sie eine stressfreie Reise in einem luxuri\u00f6sen Mercedes-Fahrzeug mit Komfort.","breadcrumb":{"@id":"https:\/\/egytourpackages.com\/de\/touren\/privater-transfer-vom-flughafen-hurghada-nach-oberoi-sahl-hasheesh-mercedes-auto\/#breadcrumb"},"inLanguage":"de","potentialAction":[{"@type":"ReadAction","target":["https:\/\/egytourpackages.com\/de\/touren\/privater-transfer-vom-flughafen-hurghada-nach-oberoi-sahl-hasheesh-mercedes-auto\/"]}]},{"@type":"ImageObject","inLanguage":"de","@id":"https:\/\/egytourpackages.com\/de\/touren\/privater-transfer-vom-flughafen-hurghada-nach-oberoi-sahl-hasheesh-mercedes-auto\/#primaryimage","url":"https:\/\/egytourpackages.com\/wp-content\/uploads\/2025\/05\/AIRPORT-TRANSFERS.jpg","contentUrl":"https:\/\/egytourpackages.com\/wp-content\/uploads\/2025\/05\/AIRPORT-TRANSFERS.jpg","width":2000,"height":1500,"caption":"Privater Transfer vom Flughafen Hurghada nach Oberoi Sahl Hasheesh"},{"@type":"BreadcrumbList","@id":"https:\/\/egytourpackages.com\/de\/touren\/privater-transfer-vom-flughafen-hurghada-nach-oberoi-sahl-hasheesh-mercedes-auto\/#breadcrumb","itemListElement":[{"@type":"ListItem","position":1,"name":"Startseite","item":"https:\/\/egytourpackages.com\/de\/"},{"@type":"ListItem","position":2,"name":"Shop","item":"https:\/\/egytourpackages.com\/de\/shop\/"},{"@type":"ListItem","position":3,"name":"Privater Transfer vom Flughafen Hurghada nach Oberoi Sahl Hasheesh | Mercedes-Auto"}]},{"@type":"WebSite","@id":"https:\/\/egytourpackages.com\/de\/#website","url":"https:\/\/egytourpackages.com\/de\/","name":"Egy tour packages","description":"","publisher":{"@id":"https:\/\/egytourpackages.com\/de\/#organization"},"potentialAction":[{"@type":"SearchAction","target":{"@type":"EntryPoint","urlTemplate":"https:\/\/egytourpackages.com\/de\/?s={search_term_string}"},"query-input":{"@type":"PropertyValueSpecification","valueRequired":true,"valueName":"search_term_string"}}],"inLanguage":"de"},{"@type":["Organization","Place","TravelAgency"],"@id":"https:\/\/egytourpackages.com\/de\/#organization","name":"egypt tour packages","alternateName":"egypt tour packages","url":"https:\/\/egytourpackages.com\/de\/","logo":{"@id":"https:\/\/egytourpackages.com\/de\/touren\/privater-transfer-vom-flughafen-hurghada-nach-oberoi-sahl-hasheesh-mercedes-auto\/#local-main-organization-logo"},"image":{"@id":"https:\/\/egytourpackages.com\/de\/touren\/privater-transfer-vom-flughafen-hurghada-nach-oberoi-sahl-hasheesh-mercedes-auto\/#local-main-organization-logo"},"sameAs":["https:\/\/www.facebook.com\/egytourpackages"],"legalName":"Egy tour packages","address":{"@id":"https:\/\/egytourpackages.com\/de\/touren\/privater-transfer-vom-flughafen-hurghada-nach-oberoi-sahl-hasheesh-mercedes-auto\/#local-main-place-address"},"telephone":["00201000852186","00201028685533"],"contactPoint":{"@type":"ContactPoint","telephone":"00201000852186"},"openingHoursSpecification":[{"@type":"OpeningHoursSpecification","dayOfWeek":["Monday","Tuesday","Wednesday","Thursday","Friday","Saturday","Sunday"],"opens":"00:00","closes":"23:59"}],"email":"info@egytourpackages.com","areaServed":"Cairo, Hurghada, Luxor, Sharm El Sheikh, Marsa Alam, Aswan","priceRange":"$","currenciesAccepted":"euro","paymentAccepted":"Payment links online"},{"@type":"PostalAddress","@id":"https:\/\/egytourpackages.com\/de\/touren\/privater-transfer-vom-flughafen-hurghada-nach-oberoi-sahl-hasheesh-mercedes-auto\/#local-main-place-address","streetAddress":"Mubarak 8, Al Kawthar District, Hurghada","addressLocality":"Hurghada","postalCode":"84511","addressRegion":"Red Sea","addressCountry":"EG"},{"@type":"ImageObject","inLanguage":"de","@id":"https:\/\/egytourpackages.com\/de\/touren\/privater-transfer-vom-flughafen-hurghada-nach-oberoi-sahl-hasheesh-mercedes-auto\/#local-main-organization-logo","url":"https:\/\/egytourpackages.com\/wp-content\/uploads\/2025\/12\/Turquoise-Dahabiya-Nile-Cruise-1.jpeg","contentUrl":"https:\/\/egytourpackages.com\/wp-content\/uploads\/2025\/12\/Turquoise-Dahabiya-Nile-Cruise-1.jpeg","width":1040,"height":694,"caption":"egypt tour packages"}]},"product_brand":"\u00c4gypten Tagestouren","product_price_currency":"EUR","og_availability":"instock","product_availability":"instock","product_retailer_item_id":"AT 03","product_condition":"new","geo.placename":"Hurghada","geo.region":"\u00c4gypten"},"_links":{"self":[{"href":"https:\/\/egytourpackages.com\/de\/wp-json\/wp\/v2\/product\/3890","targetHints":{"allow":["GET"]}}],"collection":[{"href":"https:\/\/egytourpackages.com\/de\/wp-json\/wp\/v2\/product"}],"about":[{"href":"https:\/\/egytourpackages.com\/de\/wp-json\/wp\/v2\/types\/product"}],"replies":[{"embeddable":true,"href":"https:\/\/egytourpackages.com\/de\/wp-json\/wp\/v2\/comments?post=3890"}],"wp:featuredmedia":[{"embeddable":true,"href":"https:\/\/egytourpackages.com\/de\/wp-json\/wp\/v2\/media\/3645"}],"wp:attachment":[{"href":"https:\/\/egytourpackages.com\/de\/wp-json\/wp\/v2\/media?parent=3890"}],"wp:term":[{"taxonomy":"product_brand","embeddable":true,"href":"https:\/\/egytourpackages.com\/de\/wp-json\/wp\/v2\/product_brand?post=3890"},{"taxonomy":"product_cat","embeddable":true,"href":"https:\/\/egytourpackages.com\/de\/wp-json\/wp\/v2\/product_cat?post=3890"},{"taxonomy":"product_tag","embeddable":true,"href":"https:\/\/egytourpackages.com\/de\/wp-json\/wp\/v2\/product_tag?post=3890"}],"curies":[{"name":"wp","href":"https:\/\/api.w.org\/{rel}","templated":true}]}}