{"id":3891,"date":"2025-05-25T12:12:26","date_gmt":"2025-05-25T12:12:26","guid":{"rendered":"https:\/\/egytourpackages.com\/product\/luxurious-transfer-from-hurghada-airport-to-soma-bay-hotels\/"},"modified":"2026-02-12T23:21:15","modified_gmt":"2026-02-12T23:21:15","slug":"luxurioeser-transfer-vom-flughafen-hurghada-nach-soma-bay-hotels","status":"publish","type":"product","link":"https:\/\/egytourpackages.com\/de\/touren\/luxurioeser-transfer-vom-flughafen-hurghada-nach-soma-bay-hotels\/","title":{"rendered":"Luxuri\u00f6ser Transfer vom Flughafen Hurghada nach Soma Bay Hotels"},"content":{"rendered":"<p><strong><span style=\"color: #ff6600;\">Luxuri\u00f6ser Transfer vom Flughafen Hurghada nach Soma<\/span> Bay Hotels | Buchung eines luxuri\u00f6sen privaten Autotransfers | Mercedes-Services | <\/strong><a href=\"https:\/\/egytourpackages.com\/de\/?attachment_id=10455\">Flughafentransfers<\/a><\/p>\n<h3>Reiseinformationen<\/h3>\n<p><strong>Privater Transfer vom Flughafen Hurghada zu den Hotels in Soma Bay<\/strong> ist der schnellste Weg, um vom Flughafen Hurghada zu den Hotels in Soma Bay zu gelangen. Egy Tour-Pakete bieten private Taxi-Transfers mit Mercedes-Fahrzeugen vom Flughafen Hurghada in einer Stunde von T\u00fcr zu T\u00fcr.<\/p>\n<p>Buchen Sie Ihren Transfer zu den Soma Bay Resorts \u00fcber WhatsApp, E-Mail oder telefonisch. Bei der Buchung Ihres Taxi Hurghada Flughafentransfers geben Sie einfach Ihre Flugnummer, Ankunftszeit und wir k\u00fcmmern uns um den Rest. In der Tat sind wir 24 Stunden mit einer Gruppe von modernen und klimatisierten Fahrzeugen, und wir holen Sie jederzeit vom Flughafen Hurghada.<\/p>\n<p>Ihr Fahrer erwartet Sie vor der Ankunftshalle mit einem Namensschild und hilft Ihnen mit Ihrem Gep\u00e4ck. So k\u00f6nnen Sie den Stress vergessen und Ihren Transfer vom Flughafen Hurghada zu Ihrem Hotel in Soma Bay genie\u00dfen.<\/p>\n<p>Privater T\u00fcr-zu-T\u00fcr-Transfer<\/p>\n<p>Luxus-Mercedes-Fahrzeug<\/p>\n<p>P\u00fcnktliche Abholung mit Flugverfolgung<\/p>\n<p>Keine versteckten Geb\u00fchren oder Verz\u00f6gerungen<\/p>\n<h3>PC<\/h3>\n<p>Bitte beachten Sie, dass unsere Preise f\u00fcr den Flughafentransfer Hurghada zu den Soma Bay Resorts pro Fahrzeug gelten und keine \u00dcberraschungen beinhalten. F\u00fcr weitere Informationen \u00fcber Hurghada Flughafen Taxi Transfers, \u00fcberpr\u00fcfen Sie bitte unsere Flughafen Transfers Abschnitt.<\/p>\n<h3>Luxuri\u00f6ser Transfer vom Flughafen Hurghada nach Soma Bay Hotels Preis<\/h3>\n<p>Preis pro Fahrzeug: 120 $<\/p>\n<h3>Buchen<\/h3>\n<p>Sie k\u00f6nnen Ihre Tour via WhatsApp buchen oder uns eine E-Mail senden und erhalten die Best\u00e4tigung vor Ort.<\/p>\n<p>Bitte senden Sie uns Ihren Hotelnamen, Zimmernummer, Passkopien<\/p>\n<h3>WhatsApp Nummer<\/h3>\n<p>+201000852186<\/p>\n<h3>Jetzt buchen &amp; bezahlen vor Ort<\/h3>\n<p>Buchen Sie Ihre Lieblingstour und bezahlen Sie am Reisetag<\/p>\n<h3>Zahlung<\/h3>\n<p>Sie k\u00f6nnen mit \u00e4gyptischen Pfund, $, \u20ac\u00a0 oder \u00a3bezahlen.<\/p>\n<h3>Stornierungsbedingungen<\/h3>\n<p>Stornierung bis 24 Stunden im Voraus kostenlos<\/p>\n<p>Die Stornierung am Vormittag betr\u00e4gt 50% vom Preis<\/p>\n","protected":false},"excerpt":{"rendered":"<p>Luxuri\u00f6ser Transfer vom Flughafen Hurghada zu den Hotels in Soma Bay | Luxuri\u00f6ser Transfer vom Flughafen Hurghada nach Soma Bay Hotes | Genie\u00dfen Sie einen luxuri\u00f6sen Mercedes-Transfer vom Flughafen Hurghada nach Soma Bay<\/p>\n","protected":false},"featured_media":3639,"comment_status":"open","ping_status":"closed","template":"","meta":[],"product_brand":[],"product_cat":[1494],"product_tag":[1495,1536],"class_list":{"0":"post-3891","1":"product","2":"type-product","3":"status-publish","4":"has-post-thumbnail","6":"product_cat-touren","7":"product_tag-agypten-tagestouren","8":"product_tag-flughafentransfer","9":"tour_category-agypten-tagestouren","10":"tour_category-flughafentransfer","12":"first","13":"instock","14":"sale","15":"shipping-taxable","16":"purchasable","17":"product-type-tour","18":"has-default-attributes"},"yoast_head":"<!-- This site is optimized with the Yoast SEO Premium plugin v27.4 (Yoast SEO v27.4) - https:\/\/yoast.com\/product\/yoast-seo-premium-wordpress\/ -->\n<title>Luxuri\u00f6ser Transfer vom Flughafen Hurghada nach Soma Bay Hotels<\/title>\n<meta name=\"description\" content=\"Luxuri\u00f6ser Transfer vom Flughafen Hurghada nach Soma Bay Hotels | Genie\u00dfen Sie einen luxuri\u00f6sen Mercedes-Transfer vom Flughafen Hurghada nach Soma Bay\" \/>\n<meta name=\"robots\" content=\"index, follow, max-snippet:-1, max-image-preview:large, max-video-preview:-1\" \/>\n<link rel=\"canonical\" href=\"https:\/\/egytourpackages.com\/de\/touren\/luxurioeser-transfer-vom-flughafen-hurghada-nach-soma-bay-hotels\/\" \/>\n<meta property=\"og:locale\" content=\"de_DE\" \/>\n<meta property=\"og:type\" content=\"article\" \/>\n<meta property=\"og:title\" content=\"Luxuri\u00f6ser Transfer vom Flughafen Hurghada nach Soma Bay Hotels\" \/>\n<meta property=\"og:description\" content=\"Luxuri\u00f6ser Transfer vom Flughafen Hurghada nach Soma Bay Hotes | Genie\u00dfen Sie einen luxuri\u00f6sen Mercedes-Autotransfer vom Flughafen Hurghada zu allen Hotels in Hurghada.\" \/>\n<meta property=\"og:url\" content=\"https:\/\/egytourpackages.com\/de\/touren\/luxurioeser-transfer-vom-flughafen-hurghada-nach-soma-bay-hotels\/\" \/>\n<meta property=\"og:site_name\" content=\"\u00c4gypten-Reisepakete\" \/>\n<meta property=\"article:publisher\" content=\"https:\/\/www.facebook.com\/egytourpackages\" \/>\n<meta property=\"article:modified_time\" content=\"2026-02-12T23:21:15+00:00\" \/>\n<meta property=\"og:image\" content=\"https:\/\/egytourpackages.com\/wp-content\/uploads\/2025\/05\/Mercedes-airport-transfers-1024x768.jpg\" \/>\n<meta name=\"twitter:card\" content=\"summary_large_image\" \/>\n<meta name=\"twitter:title\" content=\"Luxuri\u00f6ser Transfer vom Flughafen Hurghada nach Soma Bay Hotels\" \/>\n<meta name=\"twitter:label1\" content=\"Preis\" \/>\n\t<meta name=\"twitter:data1\" content=\"&euro;100\" \/>\n\t<meta name=\"twitter:label2\" content=\"Verf\u00fcgbarkeit\" \/>\n\t<meta name=\"twitter:data2\" content=\"Auf Lager\" \/>\n<script type=\"application\/ld+json\" class=\"yoast-schema-graph\">{\"@context\":\"https:\\\/\\\/schema.org\",\"@graph\":[{\"@type\":\"WebPage\",\"@id\":\"https:\\\/\\\/egytourpackages.com\\\/de\\\/touren\\\/luxurioeser-transfer-vom-flughafen-hurghada-nach-soma-bay-hotels\\\/\",\"url\":\"https:\\\/\\\/egytourpackages.com\\\/de\\\/touren\\\/luxurioeser-transfer-vom-flughafen-hurghada-nach-soma-bay-hotels\\\/\",\"name\":\"Luxuri\u00f6ser Transfer vom Flughafen Hurghada nach Soma Bay Hotels\",\"isPartOf\":{\"@id\":\"https:\\\/\\\/egytourpackages.com\\\/de\\\/#website\"},\"primaryImageOfPage\":{\"@id\":\"https:\\\/\\\/egytourpackages.com\\\/de\\\/touren\\\/luxurioeser-transfer-vom-flughafen-hurghada-nach-soma-bay-hotels\\\/#primaryimage\"},\"image\":{\"@id\":\"https:\\\/\\\/egytourpackages.com\\\/de\\\/touren\\\/luxurioeser-transfer-vom-flughafen-hurghada-nach-soma-bay-hotels\\\/#primaryimage\"},\"thumbnailUrl\":\"https:\\\/\\\/egytourpackages.com\\\/wp-content\\\/uploads\\\/2025\\\/05\\\/Luxurious-airport-transfer.jpg\",\"datePublished\":\"2025-05-25T12:12:26+00:00\",\"dateModified\":\"2026-02-12T23:21:15+00:00\",\"description\":\"Luxuri\u00f6ser Transfer vom Flughafen Hurghada nach Soma Bay Hotels | Genie\u00dfen Sie einen luxuri\u00f6sen Mercedes-Transfer vom Flughafen Hurghada nach Soma Bay\",\"breadcrumb\":{\"@id\":\"https:\\\/\\\/egytourpackages.com\\\/de\\\/touren\\\/luxurioeser-transfer-vom-flughafen-hurghada-nach-soma-bay-hotels\\\/#breadcrumb\"},\"inLanguage\":\"de\",\"potentialAction\":[{\"@type\":\"ReadAction\",\"target\":[\"https:\\\/\\\/egytourpackages.com\\\/de\\\/touren\\\/luxurioeser-transfer-vom-flughafen-hurghada-nach-soma-bay-hotels\\\/\"]}]},{\"@type\":\"ImageObject\",\"inLanguage\":\"de\",\"@id\":\"https:\\\/\\\/egytourpackages.com\\\/de\\\/touren\\\/luxurioeser-transfer-vom-flughafen-hurghada-nach-soma-bay-hotels\\\/#primaryimage\",\"url\":\"https:\\\/\\\/egytourpackages.com\\\/wp-content\\\/uploads\\\/2025\\\/05\\\/Luxurious-airport-transfer.jpg\",\"contentUrl\":\"https:\\\/\\\/egytourpackages.com\\\/wp-content\\\/uploads\\\/2025\\\/05\\\/Luxurious-airport-transfer.jpg\",\"width\":1800,\"height\":1350,\"caption\":\"Luxuri\u00f6ser Transfer vom Flughafen Hurghada nach Soma Bay Hotels\"},{\"@type\":\"BreadcrumbList\",\"@id\":\"https:\\\/\\\/egytourpackages.com\\\/de\\\/touren\\\/luxurioeser-transfer-vom-flughafen-hurghada-nach-soma-bay-hotels\\\/#breadcrumb\",\"itemListElement\":[{\"@type\":\"ListItem\",\"position\":1,\"name\":\"Startseite\",\"item\":\"https:\\\/\\\/egytourpackages.com\\\/de\\\/\"},{\"@type\":\"ListItem\",\"position\":2,\"name\":\"Shop\",\"item\":\"https:\\\/\\\/egytourpackages.com\\\/de\\\/shop\\\/\"},{\"@type\":\"ListItem\",\"position\":3,\"name\":\"Luxuri\u00f6ser Transfer vom Flughafen Hurghada nach Soma Bay Hotels\"}]},{\"@type\":\"WebSite\",\"@id\":\"https:\\\/\\\/egytourpackages.com\\\/de\\\/#website\",\"url\":\"https:\\\/\\\/egytourpackages.com\\\/de\\\/\",\"name\":\"Egy tour packages\",\"description\":\"\",\"publisher\":{\"@id\":\"https:\\\/\\\/egytourpackages.com\\\/de\\\/#organization\"},\"potentialAction\":[{\"@type\":\"SearchAction\",\"target\":{\"@type\":\"EntryPoint\",\"urlTemplate\":\"https:\\\/\\\/egytourpackages.com\\\/de\\\/?s={search_term_string}\"},\"query-input\":{\"@type\":\"PropertyValueSpecification\",\"valueRequired\":true,\"valueName\":\"search_term_string\"}}],\"inLanguage\":\"de\"},{\"@type\":[\"Organization\",\"Place\",\"TravelAgency\"],\"@id\":\"https:\\\/\\\/egytourpackages.com\\\/de\\\/#organization\",\"name\":\"egypt tour packages\",\"alternateName\":\"egypt tour packages\",\"url\":\"https:\\\/\\\/egytourpackages.com\\\/de\\\/\",\"logo\":{\"@id\":\"https:\\\/\\\/egytourpackages.com\\\/de\\\/touren\\\/luxurioeser-transfer-vom-flughafen-hurghada-nach-soma-bay-hotels\\\/#local-main-organization-logo\"},\"image\":{\"@id\":\"https:\\\/\\\/egytourpackages.com\\\/de\\\/touren\\\/luxurioeser-transfer-vom-flughafen-hurghada-nach-soma-bay-hotels\\\/#local-main-organization-logo\"},\"sameAs\":[\"https:\\\/\\\/www.facebook.com\\\/egytourpackages\"],\"legalName\":\"Egy tour packages\",\"address\":{\"@id\":\"https:\\\/\\\/egytourpackages.com\\\/de\\\/touren\\\/luxurioeser-transfer-vom-flughafen-hurghada-nach-soma-bay-hotels\\\/#local-main-place-address\"},\"telephone\":[\"00201000852186\",\"00201028685533\"],\"contactPoint\":{\"@type\":\"ContactPoint\",\"telephone\":\"00201000852186\"},\"openingHoursSpecification\":[{\"@type\":\"OpeningHoursSpecification\",\"dayOfWeek\":[\"Monday\",\"Tuesday\",\"Wednesday\",\"Thursday\",\"Friday\",\"Saturday\",\"Sunday\"],\"opens\":\"00:00\",\"closes\":\"23:59\"}],\"email\":\"info@egytourpackages.com\",\"areaServed\":\"Cairo, Hurghada, Luxor, Sharm El Sheikh, Marsa Alam, Aswan\",\"priceRange\":\"$\",\"currenciesAccepted\":\"euro\",\"paymentAccepted\":\"Payment links online\"},{\"@type\":\"PostalAddress\",\"@id\":\"https:\\\/\\\/egytourpackages.com\\\/de\\\/touren\\\/luxurioeser-transfer-vom-flughafen-hurghada-nach-soma-bay-hotels\\\/#local-main-place-address\",\"streetAddress\":\"Mubarak 8, Al Kawthar District, Hurghada\",\"addressLocality\":\"Hurghada\",\"postalCode\":\"84511\",\"addressRegion\":\"Red Sea\",\"addressCountry\":\"EG\"},{\"@type\":\"ImageObject\",\"inLanguage\":\"de\",\"@id\":\"https:\\\/\\\/egytourpackages.com\\\/de\\\/touren\\\/luxurioeser-transfer-vom-flughafen-hurghada-nach-soma-bay-hotels\\\/#local-main-organization-logo\",\"url\":\"https:\\\/\\\/egytourpackages.com\\\/wp-content\\\/uploads\\\/2025\\\/12\\\/Turquoise-Dahabiya-Nile-Cruise-1.jpeg\",\"contentUrl\":\"https:\\\/\\\/egytourpackages.com\\\/wp-content\\\/uploads\\\/2025\\\/12\\\/Turquoise-Dahabiya-Nile-Cruise-1.jpeg\",\"width\":1040,\"height\":694,\"caption\":\"egypt tour packages\"}]}<\/script>\n<meta property=\"product:brand\" content=\"\u00c4gypten Tagestouren\" \/>\n<meta property=\"product:price:amount\" content=\"100\" \/>\n<meta property=\"product:price:currency\" content=\"EUR\" \/>\n<meta property=\"og:availability\" content=\"instock\" \/>\n<meta property=\"product:availability\" content=\"instock\" \/>\n<meta property=\"product:retailer_item_id\" content=\"AT 02\" \/>\n<meta property=\"product:condition\" content=\"new\" \/>\n<meta name=\"geo.placename\" content=\"Hurghada\" \/>\n<meta name=\"geo.region\" content=\"\u00c4gypten\" \/>\n<!-- \/ Yoast SEO Premium plugin. -->","yoast_head_json":{"title":"Luxuri\u00f6ser Transfer vom Flughafen Hurghada nach Soma Bay Hotels","description":"Luxuri\u00f6ser Transfer vom Flughafen Hurghada nach Soma Bay Hotels | Genie\u00dfen Sie einen luxuri\u00f6sen Mercedes-Transfer vom Flughafen Hurghada nach Soma Bay","robots":{"index":"index","follow":"follow","max-snippet":"max-snippet:-1","max-image-preview":"max-image-preview:large","max-video-preview":"max-video-preview:-1"},"canonical":"https:\/\/egytourpackages.com\/de\/touren\/luxurioeser-transfer-vom-flughafen-hurghada-nach-soma-bay-hotels\/","og_locale":"de_DE","og_type":"article","og_title":"Luxuri\u00f6ser Transfer vom Flughafen Hurghada nach Soma Bay Hotels","og_description":"Luxuri\u00f6ser Transfer vom Flughafen Hurghada nach Soma Bay Hotes | Genie\u00dfen Sie einen luxuri\u00f6sen Mercedes-Autotransfer vom Flughafen Hurghada zu allen Hotels in Hurghada.","og_url":"https:\/\/egytourpackages.com\/de\/touren\/luxurioeser-transfer-vom-flughafen-hurghada-nach-soma-bay-hotels\/","og_site_name":"\u00c4gypten-Reisepakete","article_publisher":"https:\/\/www.facebook.com\/egytourpackages","article_modified_time":"2026-02-12T23:21:15+00:00","og_image":[{"url":"https:\/\/egytourpackages.com\/wp-content\/uploads\/2025\/05\/Mercedes-airport-transfers-1024x768.jpg","type":"","width":"","height":""}],"twitter_card":"summary_large_image","twitter_title":"Luxuri\u00f6ser Transfer vom Flughafen Hurghada nach Soma Bay Hotels","twitter_misc":{"Preis":"&euro;100","Verf\u00fcgbarkeit":"Auf Lager"},"schema":{"@context":"https:\/\/schema.org","@graph":[{"@type":"WebPage","@id":"https:\/\/egytourpackages.com\/de\/touren\/luxurioeser-transfer-vom-flughafen-hurghada-nach-soma-bay-hotels\/","url":"https:\/\/egytourpackages.com\/de\/touren\/luxurioeser-transfer-vom-flughafen-hurghada-nach-soma-bay-hotels\/","name":"Luxuri\u00f6ser Transfer vom Flughafen Hurghada nach Soma Bay Hotels","isPartOf":{"@id":"https:\/\/egytourpackages.com\/de\/#website"},"primaryImageOfPage":{"@id":"https:\/\/egytourpackages.com\/de\/touren\/luxurioeser-transfer-vom-flughafen-hurghada-nach-soma-bay-hotels\/#primaryimage"},"image":{"@id":"https:\/\/egytourpackages.com\/de\/touren\/luxurioeser-transfer-vom-flughafen-hurghada-nach-soma-bay-hotels\/#primaryimage"},"thumbnailUrl":"https:\/\/egytourpackages.com\/wp-content\/uploads\/2025\/05\/Luxurious-airport-transfer.jpg","datePublished":"2025-05-25T12:12:26+00:00","dateModified":"2026-02-12T23:21:15+00:00","description":"Luxuri\u00f6ser Transfer vom Flughafen Hurghada nach Soma Bay Hotels | Genie\u00dfen Sie einen luxuri\u00f6sen Mercedes-Transfer vom Flughafen Hurghada nach Soma Bay","breadcrumb":{"@id":"https:\/\/egytourpackages.com\/de\/touren\/luxurioeser-transfer-vom-flughafen-hurghada-nach-soma-bay-hotels\/#breadcrumb"},"inLanguage":"de","potentialAction":[{"@type":"ReadAction","target":["https:\/\/egytourpackages.com\/de\/touren\/luxurioeser-transfer-vom-flughafen-hurghada-nach-soma-bay-hotels\/"]}]},{"@type":"ImageObject","inLanguage":"de","@id":"https:\/\/egytourpackages.com\/de\/touren\/luxurioeser-transfer-vom-flughafen-hurghada-nach-soma-bay-hotels\/#primaryimage","url":"https:\/\/egytourpackages.com\/wp-content\/uploads\/2025\/05\/Luxurious-airport-transfer.jpg","contentUrl":"https:\/\/egytourpackages.com\/wp-content\/uploads\/2025\/05\/Luxurious-airport-transfer.jpg","width":1800,"height":1350,"caption":"Luxuri\u00f6ser Transfer vom Flughafen Hurghada nach Soma Bay Hotels"},{"@type":"BreadcrumbList","@id":"https:\/\/egytourpackages.com\/de\/touren\/luxurioeser-transfer-vom-flughafen-hurghada-nach-soma-bay-hotels\/#breadcrumb","itemListElement":[{"@type":"ListItem","position":1,"name":"Startseite","item":"https:\/\/egytourpackages.com\/de\/"},{"@type":"ListItem","position":2,"name":"Shop","item":"https:\/\/egytourpackages.com\/de\/shop\/"},{"@type":"ListItem","position":3,"name":"Luxuri\u00f6ser Transfer vom Flughafen Hurghada nach Soma Bay Hotels"}]},{"@type":"WebSite","@id":"https:\/\/egytourpackages.com\/de\/#website","url":"https:\/\/egytourpackages.com\/de\/","name":"Egy tour packages","description":"","publisher":{"@id":"https:\/\/egytourpackages.com\/de\/#organization"},"potentialAction":[{"@type":"SearchAction","target":{"@type":"EntryPoint","urlTemplate":"https:\/\/egytourpackages.com\/de\/?s={search_term_string}"},"query-input":{"@type":"PropertyValueSpecification","valueRequired":true,"valueName":"search_term_string"}}],"inLanguage":"de"},{"@type":["Organization","Place","TravelAgency"],"@id":"https:\/\/egytourpackages.com\/de\/#organization","name":"egypt tour packages","alternateName":"egypt tour packages","url":"https:\/\/egytourpackages.com\/de\/","logo":{"@id":"https:\/\/egytourpackages.com\/de\/touren\/luxurioeser-transfer-vom-flughafen-hurghada-nach-soma-bay-hotels\/#local-main-organization-logo"},"image":{"@id":"https:\/\/egytourpackages.com\/de\/touren\/luxurioeser-transfer-vom-flughafen-hurghada-nach-soma-bay-hotels\/#local-main-organization-logo"},"sameAs":["https:\/\/www.facebook.com\/egytourpackages"],"legalName":"Egy tour packages","address":{"@id":"https:\/\/egytourpackages.com\/de\/touren\/luxurioeser-transfer-vom-flughafen-hurghada-nach-soma-bay-hotels\/#local-main-place-address"},"telephone":["00201000852186","00201028685533"],"contactPoint":{"@type":"ContactPoint","telephone":"00201000852186"},"openingHoursSpecification":[{"@type":"OpeningHoursSpecification","dayOfWeek":["Monday","Tuesday","Wednesday","Thursday","Friday","Saturday","Sunday"],"opens":"00:00","closes":"23:59"}],"email":"info@egytourpackages.com","areaServed":"Cairo, Hurghada, Luxor, Sharm El Sheikh, Marsa Alam, Aswan","priceRange":"$","currenciesAccepted":"euro","paymentAccepted":"Payment links online"},{"@type":"PostalAddress","@id":"https:\/\/egytourpackages.com\/de\/touren\/luxurioeser-transfer-vom-flughafen-hurghada-nach-soma-bay-hotels\/#local-main-place-address","streetAddress":"Mubarak 8, Al Kawthar District, Hurghada","addressLocality":"Hurghada","postalCode":"84511","addressRegion":"Red Sea","addressCountry":"EG"},{"@type":"ImageObject","inLanguage":"de","@id":"https:\/\/egytourpackages.com\/de\/touren\/luxurioeser-transfer-vom-flughafen-hurghada-nach-soma-bay-hotels\/#local-main-organization-logo","url":"https:\/\/egytourpackages.com\/wp-content\/uploads\/2025\/12\/Turquoise-Dahabiya-Nile-Cruise-1.jpeg","contentUrl":"https:\/\/egytourpackages.com\/wp-content\/uploads\/2025\/12\/Turquoise-Dahabiya-Nile-Cruise-1.jpeg","width":1040,"height":694,"caption":"egypt tour packages"}]},"product_brand":"\u00c4gypten Tagestouren","product_price_amount":"100","product_price_currency":"EUR","og_availability":"instock","product_availability":"instock","product_retailer_item_id":"AT 02","product_condition":"new","geo.placename":"Hurghada","geo.region":"\u00c4gypten"},"_links":{"self":[{"href":"https:\/\/egytourpackages.com\/de\/wp-json\/wp\/v2\/product\/3891","targetHints":{"allow":["GET"]}}],"collection":[{"href":"https:\/\/egytourpackages.com\/de\/wp-json\/wp\/v2\/product"}],"about":[{"href":"https:\/\/egytourpackages.com\/de\/wp-json\/wp\/v2\/types\/product"}],"replies":[{"embeddable":true,"href":"https:\/\/egytourpackages.com\/de\/wp-json\/wp\/v2\/comments?post=3891"}],"wp:featuredmedia":[{"embeddable":true,"href":"https:\/\/egytourpackages.com\/de\/wp-json\/wp\/v2\/media\/3639"}],"wp:attachment":[{"href":"https:\/\/egytourpackages.com\/de\/wp-json\/wp\/v2\/media?parent=3891"}],"wp:term":[{"taxonomy":"product_brand","embeddable":true,"href":"https:\/\/egytourpackages.com\/de\/wp-json\/wp\/v2\/product_brand?post=3891"},{"taxonomy":"product_cat","embeddable":true,"href":"https:\/\/egytourpackages.com\/de\/wp-json\/wp\/v2\/product_cat?post=3891"},{"taxonomy":"product_tag","embeddable":true,"href":"https:\/\/egytourpackages.com\/de\/wp-json\/wp\/v2\/product_tag?post=3891"}],"curies":[{"name":"wp","href":"https:\/\/api.w.org\/{rel}","templated":true}]}}