{"id":3918,"date":"2024-07-24T11:10:06","date_gmt":"2024-07-24T11:10:06","guid":{"rendered":"https:\/\/egytourpackages.com\/product\/tagesausflug-von-hurghada-nach-kairo-mit-dem-van-max-8-personen\/"},"modified":"2026-01-05T16:01:47","modified_gmt":"2026-01-05T16:01:47","slug":"tagesausflug-von-hurghada-nach-kairo-mit-dem-van-max-8-personen","status":"publish","type":"product","link":"https:\/\/egytourpackages.com\/de\/touren\/tagesausflug-von-hurghada-nach-kairo-mit-dem-van-max-8-personen\/","title":{"rendered":"Tagesausflug von Hurghada nach Kairo mit dem Van max 8 Personen"},"content":{"rendered":"<p><span style=\"color: #ff6600;\"><strong>Tagesausflug von Hurghada nach Kairo mit dem Van max 8 Personen<\/strong><\/span><\/p>\n<h3>\u00dcberblick<\/h3>\n<p>Buchen Sie einen gef\u00fchrten Kairo-Tagesausflug von Hurghada mit einem Van f\u00fcr max. 8 Personen und erkunden Sie die geheimnisvollen Pyramiden von Gizeh mit nur wenigen Personen mit \u00c4gypten-Touren. In der Tat bieten Hurghada Ausfl\u00fcge diese Tour f\u00fcr diejenigen, die keine gro\u00dfen Gruppen m\u00f6gen und lieber mehr Zeit damit verbringen, die Sehensw\u00fcrdigkeiten zu bewundern. Ihre \u00c4gypten-Tagestouren nach Kairo beinhalten das \u00c4gyptische Museum mit den \u00e4gyptischen Sch\u00e4tzen aus dem Alten Reich, dem Mittleren K\u00f6nigreich und dem Neuen Reich. Auch Sch\u00e4tze von Tutanchamun, die in seinem Grab im Tal der K\u00f6nige in Luxor gefunden wurden. Au\u00dferdem die ber\u00fchmten Cheops, Khafre, Menkaure-Pyramiden mit dem Taltempel und der Gro\u00dfen Sphinx. Kontaktieren Sie uns und garantieren beste Dienstleistungen, neues Markenauto und professioneller \u00e4gyptologischer F\u00fchrer.<\/p>\n<h3>Tourdetails<\/h3>\n<p>Dauer: 19 Stunden<\/p>\n<p>Reiseort: Kairo<\/p>\n<p>Tourverf\u00fcgbarkeit: T\u00e4glich auf Anfrage<\/p>\n<p>Abholung und R\u00fccktransport: Hotels in Hurghada<\/p>\n<p>Tourart: Privat<\/p>\n<p>Rollstuhlgerecht<\/p>\n<h3>H\u00f6hepunkte<\/h3>\n<p>\u00c4gyptisches Museum<\/p>\n<p>Pyramiden von Gizeh<\/p>\n<p>Die Gro\u00dfe Sphinx<\/p>\n<p>Mumifizierungstempel<\/p>\n<p>Mittagessen<\/p>\n<h3>Einschl\u00fcsse<\/h3>\n<p>Transfer mit neuem Markenfahrzeug<\/p>\n<p>Eintritt f\u00fcr alle Besichtigungen im Programm<\/p>\n<p>Qualit\u00e4tsmittagessen in einem lokalen Restaurant<\/p>\n<p>Sachkundiger arch\u00e4ologischer Reisef\u00fchrer<\/p>\n<p>Wasser w\u00e4hrend des Tages<\/p>\n<h3>Ausschl\u00fcsse<\/h3>\n<p>Eintrittspreis f\u00fcr die Cheops-Pyramide<\/p>\n<p>Eintrittspreis f\u00fcr die Menkaure-Pyramide<\/p>\n<p>Getr\u00e4nke zum Mittagessen<\/p>\n<p>F\u00fchrer und Fahrer kippen<\/p>\n<h3>Was zu packen<\/h3>\n<p>Bequeme Schuhe und T\u00fccher<\/p>\n<p>Hut<\/p>\n<p>Sonnenbrillen<\/p>\n<p>Sonnencreme<\/p>\n<p>Schwere Jacke im Winter<\/p>\n<h2>Reiseverlauf<\/h2>\n<p><strong>Abholzeit<\/strong><\/p>\n<p>Abholung gegen 2:00 Uhr (je nach Hotel in Hurghada) zu Ihrer \u00c4gypten-Tagestour nach Kairo. Ihre Fr\u00fchst\u00fcckspakete erhalten Sie an der Rezeption.<\/p>\n<p><strong>Checkpoint<\/strong><\/p>\n<p>3:00 Uhr: Passieren Sie den Checkpoint in El Gouna und starten Sie Ihre Hurghada-Tagestour.<\/p>\n<p><strong>Kaffeepause<\/strong><\/p>\n<p>6:00 Uhr: G\u00f6nnen Sie sich eine kurze Pause im Zaafarana Rasthaus. Nutzen Sie die Toilette (20 l pro Person), genie\u00dfen Sie Ihren Morgenkaffee und fr\u00fchst\u00fccken Sie.<\/p>\n<h4>6:30 Uhr: Weiterfahrt nach Kairo.<\/h4>\n<p><strong>\u00c4gyptisches Museum Kairo<\/strong><\/p>\n<p>Beginnen Sie Ihren Tag um 9:00 Uhr mit Ihrem professionellen \u00c4gyptologen im \u00c4gyptischen Museum, dem gr\u00f6\u00dften der Welt. Bestaunen Sie \u00e4gyptische Artefakte aus verschiedenen Epochen des alten \u00c4gypten. Sehen Sie Sarkophage, Stelen, Mumien, Tiermumien, Statuen und vieles mehr.<\/p>\n<p><strong>11.00 Uhr Mittagessen<\/strong><\/p>\n<p>Genie\u00dfen Sie Ihr Mittagessen in einem lokalen Restaurant in der N\u00e4he der Pyramiden von Gizeh<\/p>\n<h4>12.00 pm Gizeh Pyramiden-Komplex<\/h4>\n<p>Nach dem Mittagessen fahren Sie mit Ihrem Guide zu den Pyramiden von Gizeh, wo Sie die drei ber\u00fchmten Pyramiden von Cheops, Khafre und Menkaure sehen k\u00f6nnen. Sie k\u00f6nnen auch die gro\u00dfen Pyramiden besichtigen, um die Queen Pyramids, Boat Pits und die Ruinen des Reinigungstempels zu sehen. Du kannst die Gro\u00dfe Cheops-Pyramide (gegen Geb\u00fchr) oder die Menkaure-Pyramide (gegen Geb\u00fchr) von innen betreten.<\/p>\n<p>Verbringen Sie so viel wie Sie m\u00f6chten bei den Pyramiden von Gizeh und schie\u00dfen Sie einige unvergessliche Fotos aus dem Panorama-Bereich. Schlie\u00dflich beenden Sie Ihre Pyramiden-Tour mit dem Valley-Tempel (Mumifizierungs-Tempel), bevor Sie zur Gro\u00dfen Sphinx gehen. Schauen Sie sich die Traumstele zwischen den Pfoten der Sphinx an und h\u00f6ren Sie von Ihrem F\u00fchrer, wer ihm die Nase gebrochen hat und warum?<\/p>\n<p>Am Ende Ihres privaten Tagesausflugs von Hurghada nach Kairo werden Sie mit einer kurzen Pause f\u00fcr die Toilette Ihren Weg zur\u00fcck zu Ihrem Hotel in Hurghada beginnen.<\/p>\n<h3>Tagesausflug nach Kairo ab Hurghada mit dem Van f\u00fcr max 8 Personen Preis<\/h3>\n<p>Erwachsenenpreis: 65 $<\/p>\n<p>Kinder von 0\u20135 Jahren: kostenlos<\/p>\n<p>Kinder von 5\u201311 Jahren: 50 % des Erwachsenenpreises<\/p>\n<h3>Buchung<\/h3>\n<p>Buchen Sie Ihre Hurghada-Ausfl\u00fcge bequem per WhatsApp oder E-Mail. Sie erhalten die Best\u00e4tigung direkt vor Ort.<\/p>\n<p>Bitte teilen Sie uns Ihren Hotelnamen, Ihre Zimmernummer und Passkopien mit.<\/p>\n<h3>WhatsApp-Nummer<\/h3>\n<p>+201000852186<\/p>\n<h3>Jetzt buchen &amp; vor Ort bezahlen<\/h3>\n<p>Buchen Sie Ihre Lieblingstour und bezahlen Sie am Reisetag.<\/p>\n<h3>Zahlung<\/h3>\n<p>Sie k\u00f6nnen in \u00c4gyptischen Pfund, $, \u20ac oder \u00a3 bezahlen.<\/p>\n<h3>Stornierungsbedingungen<\/h3>\n<p>Kostenlose Stornierung bis 24 Stunden im Voraus<\/p>\n","protected":false},"excerpt":{"rendered":"<p>Tagesausflug nach Kairo ab Hurghada im Van f\u00fcr maximal 8 Personen | Machen Sie sich bereit f\u00fcr eine Kairo-Tour mit weniger Teilnehmern zu den Pyramiden von Gizeh und dem \u00c4gyptischen Museum.<\/p>\n","protected":false},"featured_media":3474,"comment_status":"open","ping_status":"closed","template":"","meta":[],"product_brand":[],"product_cat":[1494],"product_tag":[1495,1503,1541,1542],"class_list":{"0":"post-3918","1":"product","2":"type-product","3":"status-publish","4":"has-post-thumbnail","6":"product_cat-touren","7":"product_tag-agypten-tagestouren","8":"product_tag-hurghada-ausfluge","9":"product_tag-hurghada-tagesausfluge","10":"product_tag-kairo-touren-ab-hurghada","11":"tour_category-agypten-tagestouren","12":"tour_category-hurghada-ausfluge","14":"first","15":"instock","16":"sale","17":"shipping-taxable","18":"purchasable","19":"product-type-tour","20":"has-default-attributes"},"yoast_head":"<!-- This site is optimized with the Yoast SEO Premium plugin v27.2 (Yoast SEO v27.2) - https:\/\/yoast.com\/product\/yoast-seo-premium-wordpress\/ -->\n<title>Tagesausflug von Hurghada nach Kairo mit dem Van max 8 Personen<\/title>\n<meta name=\"description\" content=\"Tagesausflug von Hurghada nach Kairo mit dem Van max 8 Personen | Machen Sie sich bereit f\u00fcr eine Kairo-Tour mit weniger Menschen zu den Pyramiden von Gizeh und dem \u00c4gyptischen Museum.\" \/>\n<meta name=\"robots\" content=\"index, follow, max-snippet:-1, max-image-preview:large, max-video-preview:-1\" \/>\n<link rel=\"canonical\" href=\"https:\/\/egytourpackages.com\/de\/touren\/tagesausflug-von-hurghada-nach-kairo-mit-dem-van-max-8-personen\/\" \/>\n<meta property=\"og:locale\" content=\"de_DE\" \/>\n<meta property=\"og:type\" content=\"article\" \/>\n<meta property=\"og:title\" content=\"Tagesausflug von Hurghada nach Kairo mit dem Van max 8 Personen\" \/>\n<meta property=\"og:description\" content=\"Tagesausflug von Hurghada nach Kairo mit dem Van max 8 Personen | Machen Sie sich bereit f\u00fcr eine Kairo-Tour mit weniger Menschen zu den Pyramiden von Gizeh und dem \u00c4gyptischen Museum.\" \/>\n<meta property=\"og:url\" content=\"https:\/\/egytourpackages.com\/de\/touren\/tagesausflug-von-hurghada-nach-kairo-mit-dem-van-max-8-personen\/\" \/>\n<meta property=\"og:site_name\" content=\"\u00c4gypten-Reisepakete\" \/>\n<meta property=\"article:publisher\" content=\"https:\/\/www.facebook.com\/egytourpackages\" \/>\n<meta property=\"article:modified_time\" content=\"2026-01-05T16:01:47+00:00\" \/>\n<meta property=\"og:image\" content=\"https:\/\/egytourpackages.com\/wp-content\/uploads\/2024\/07\/Akhenaten-Egyptian-Museum-1024x765.jpeg\" \/>\n<meta name=\"twitter:card\" content=\"summary_large_image\" \/>\n<meta name=\"twitter:title\" content=\"Tagesausflug von Hurghada nach Kairo mit dem Van max 8 Personen\" \/>\n<meta name=\"twitter:label1\" content=\"Preis\" \/>\n\t<meta name=\"twitter:data1\" content=\"&euro;65\" \/>\n\t<meta name=\"twitter:label2\" content=\"Verf\u00fcgbarkeit\" \/>\n\t<meta name=\"twitter:data2\" content=\"Auf Lager\" \/>\n<script type=\"application\/ld+json\" class=\"yoast-schema-graph\">{\"@context\":\"https:\/\/schema.org\",\"@graph\":[{\"@type\":\"WebPage\",\"@id\":\"https:\/\/egytourpackages.com\/de\/touren\/tagesausflug-von-hurghada-nach-kairo-mit-dem-van-max-8-personen\/\",\"url\":\"https:\/\/egytourpackages.com\/de\/touren\/tagesausflug-von-hurghada-nach-kairo-mit-dem-van-max-8-personen\/\",\"name\":\"Tagesausflug von Hurghada nach Kairo mit dem Van max 8 Personen\",\"isPartOf\":{\"@id\":\"https:\/\/egytourpackages.com\/de\/#website\"},\"primaryImageOfPage\":{\"@id\":\"https:\/\/egytourpackages.com\/de\/touren\/tagesausflug-von-hurghada-nach-kairo-mit-dem-van-max-8-personen\/#primaryimage\"},\"image\":{\"@id\":\"https:\/\/egytourpackages.com\/de\/touren\/tagesausflug-von-hurghada-nach-kairo-mit-dem-van-max-8-personen\/#primaryimage\"},\"thumbnailUrl\":\"https:\/\/egytourpackages.com\/wp-content\/uploads\/2024\/07\/Akhenaten-Egyptian-Museum.jpeg\",\"datePublished\":\"2024-07-24T11:10:06+00:00\",\"dateModified\":\"2026-01-05T16:01:47+00:00\",\"description\":\"Tagesausflug von Hurghada nach Kairo mit dem Van max 8 Personen | Machen Sie sich bereit f\u00fcr eine Kairo-Tour mit weniger Menschen zu den Pyramiden von Gizeh und dem \u00c4gyptischen Museum.\",\"breadcrumb\":{\"@id\":\"https:\/\/egytourpackages.com\/de\/touren\/tagesausflug-von-hurghada-nach-kairo-mit-dem-van-max-8-personen\/#breadcrumb\"},\"inLanguage\":\"de\",\"potentialAction\":[{\"@type\":\"ReadAction\",\"target\":[\"https:\/\/egytourpackages.com\/de\/touren\/tagesausflug-von-hurghada-nach-kairo-mit-dem-van-max-8-personen\/\"]}]},{\"@type\":\"ImageObject\",\"inLanguage\":\"de\",\"@id\":\"https:\/\/egytourpackages.com\/de\/touren\/tagesausflug-von-hurghada-nach-kairo-mit-dem-van-max-8-personen\/#primaryimage\",\"url\":\"https:\/\/egytourpackages.com\/wp-content\/uploads\/2024\/07\/Akhenaten-Egyptian-Museum.jpeg\",\"contentUrl\":\"https:\/\/egytourpackages.com\/wp-content\/uploads\/2024\/07\/Akhenaten-Egyptian-Museum.jpeg\",\"width\":1600,\"height\":1196,\"caption\":\"Tagesausflug von Hurghada nach Kairo mit dem Van max 8 Personen\"},{\"@type\":\"BreadcrumbList\",\"@id\":\"https:\/\/egytourpackages.com\/de\/touren\/tagesausflug-von-hurghada-nach-kairo-mit-dem-van-max-8-personen\/#breadcrumb\",\"itemListElement\":[{\"@type\":\"ListItem\",\"position\":1,\"name\":\"Startseite\",\"item\":\"https:\/\/egytourpackages.com\/de\/\"},{\"@type\":\"ListItem\",\"position\":2,\"name\":\"Shop\",\"item\":\"https:\/\/egytourpackages.com\/de\/shop\/\"},{\"@type\":\"ListItem\",\"position\":3,\"name\":\"Tagesausflug von Hurghada nach Kairo mit dem Van max 8 Personen\"}]},{\"@type\":\"WebSite\",\"@id\":\"https:\/\/egytourpackages.com\/de\/#website\",\"url\":\"https:\/\/egytourpackages.com\/de\/\",\"name\":\"Egy tour packages\",\"description\":\"\",\"publisher\":{\"@id\":\"https:\/\/egytourpackages.com\/de\/#organization\"},\"potentialAction\":[{\"@type\":\"SearchAction\",\"target\":{\"@type\":\"EntryPoint\",\"urlTemplate\":\"https:\/\/egytourpackages.com\/de\/?s={search_term_string}\"},\"query-input\":{\"@type\":\"PropertyValueSpecification\",\"valueRequired\":true,\"valueName\":\"search_term_string\"}}],\"inLanguage\":\"de\"},{\"@type\":[\"Organization\",\"Place\",\"TravelAgency\"],\"@id\":\"https:\/\/egytourpackages.com\/de\/#organization\",\"name\":\"egypt tour packages\",\"alternateName\":\"egypt tour packages\",\"url\":\"https:\/\/egytourpackages.com\/de\/\",\"logo\":{\"@id\":\"https:\/\/egytourpackages.com\/de\/touren\/tagesausflug-von-hurghada-nach-kairo-mit-dem-van-max-8-personen\/#local-main-organization-logo\"},\"image\":{\"@id\":\"https:\/\/egytourpackages.com\/de\/touren\/tagesausflug-von-hurghada-nach-kairo-mit-dem-van-max-8-personen\/#local-main-organization-logo\"},\"sameAs\":[\"https:\/\/www.facebook.com\/egytourpackages\"],\"legalName\":\"Egy tour packages\",\"address\":{\"@id\":\"https:\/\/egytourpackages.com\/de\/touren\/tagesausflug-von-hurghada-nach-kairo-mit-dem-van-max-8-personen\/#local-main-place-address\"},\"telephone\":[\"00201000852186\",\"00201028685533\"],\"contactPoint\":{\"@type\":\"ContactPoint\",\"telephone\":\"00201000852186\"},\"openingHoursSpecification\":[{\"@type\":\"OpeningHoursSpecification\",\"dayOfWeek\":[\"Monday\",\"Tuesday\",\"Wednesday\",\"Thursday\",\"Friday\",\"Saturday\",\"Sunday\"],\"opens\":\"00:00\",\"closes\":\"23:59\"}],\"email\":\"info@egytourpackages.com\",\"areaServed\":\"Cairo, Hurghada, Luxor, Sharm El Sheikh, Marsa Alam, Aswan\",\"priceRange\":\"$\",\"currenciesAccepted\":\"euro\",\"paymentAccepted\":\"Payment links online\"},{\"@type\":\"PostalAddress\",\"@id\":\"https:\/\/egytourpackages.com\/de\/touren\/tagesausflug-von-hurghada-nach-kairo-mit-dem-van-max-8-personen\/#local-main-place-address\",\"streetAddress\":\"Mubarak 8, Al Kawthar District, Hurghada\",\"addressLocality\":\"Hurghada\",\"postalCode\":\"84511\",\"addressRegion\":\"Red Sea\",\"addressCountry\":\"EG\"},{\"@type\":\"ImageObject\",\"inLanguage\":\"de\",\"@id\":\"https:\/\/egytourpackages.com\/de\/touren\/tagesausflug-von-hurghada-nach-kairo-mit-dem-van-max-8-personen\/#local-main-organization-logo\",\"url\":\"https:\/\/egytourpackages.com\/wp-content\/uploads\/2025\/12\/Turquoise-Dahabiya-Nile-Cruise-1.jpeg\",\"contentUrl\":\"https:\/\/egytourpackages.com\/wp-content\/uploads\/2025\/12\/Turquoise-Dahabiya-Nile-Cruise-1.jpeg\",\"width\":1040,\"height\":694,\"caption\":\"egypt tour packages\"}]}<\/script>\n<meta property=\"product:brand\" content=\"\u00c4gypten Tagestouren\" \/>\n<meta property=\"product:price:amount\" content=\"65\" \/>\n<meta property=\"product:price:currency\" content=\"EUR\" \/>\n<meta property=\"og:availability\" content=\"instock\" \/>\n<meta property=\"product:availability\" content=\"instock\" \/>\n<meta property=\"product:retailer_item_id\" content=\"HDT10\" \/>\n<meta property=\"product:condition\" content=\"new\" \/>\n<meta name=\"geo.placename\" content=\"Hurghada\" \/>\n<meta name=\"geo.region\" content=\"\u00c4gypten\" \/>\n<!-- \/ Yoast SEO Premium plugin. -->","yoast_head_json":{"title":"Tagesausflug von Hurghada nach Kairo mit dem Van max 8 Personen","description":"Tagesausflug von Hurghada nach Kairo mit dem Van max 8 Personen | Machen Sie sich bereit f\u00fcr eine Kairo-Tour mit weniger Menschen zu den Pyramiden von Gizeh und dem \u00c4gyptischen Museum.","robots":{"index":"index","follow":"follow","max-snippet":"max-snippet:-1","max-image-preview":"max-image-preview:large","max-video-preview":"max-video-preview:-1"},"canonical":"https:\/\/egytourpackages.com\/de\/touren\/tagesausflug-von-hurghada-nach-kairo-mit-dem-van-max-8-personen\/","og_locale":"de_DE","og_type":"article","og_title":"Tagesausflug von Hurghada nach Kairo mit dem Van max 8 Personen","og_description":"Tagesausflug von Hurghada nach Kairo mit dem Van max 8 Personen | Machen Sie sich bereit f\u00fcr eine Kairo-Tour mit weniger Menschen zu den Pyramiden von Gizeh und dem \u00c4gyptischen Museum.","og_url":"https:\/\/egytourpackages.com\/de\/touren\/tagesausflug-von-hurghada-nach-kairo-mit-dem-van-max-8-personen\/","og_site_name":"\u00c4gypten-Reisepakete","article_publisher":"https:\/\/www.facebook.com\/egytourpackages","article_modified_time":"2026-01-05T16:01:47+00:00","og_image":[{"url":"https:\/\/egytourpackages.com\/wp-content\/uploads\/2024\/07\/Akhenaten-Egyptian-Museum-1024x765.jpeg","type":"","width":"","height":""}],"twitter_card":"summary_large_image","twitter_title":"Tagesausflug von Hurghada nach Kairo mit dem Van max 8 Personen","twitter_misc":{"Preis":"&euro;65","Verf\u00fcgbarkeit":"Auf Lager"},"schema":{"@context":"https:\/\/schema.org","@graph":[{"@type":"WebPage","@id":"https:\/\/egytourpackages.com\/de\/touren\/tagesausflug-von-hurghada-nach-kairo-mit-dem-van-max-8-personen\/","url":"https:\/\/egytourpackages.com\/de\/touren\/tagesausflug-von-hurghada-nach-kairo-mit-dem-van-max-8-personen\/","name":"Tagesausflug von Hurghada nach Kairo mit dem Van max 8 Personen","isPartOf":{"@id":"https:\/\/egytourpackages.com\/de\/#website"},"primaryImageOfPage":{"@id":"https:\/\/egytourpackages.com\/de\/touren\/tagesausflug-von-hurghada-nach-kairo-mit-dem-van-max-8-personen\/#primaryimage"},"image":{"@id":"https:\/\/egytourpackages.com\/de\/touren\/tagesausflug-von-hurghada-nach-kairo-mit-dem-van-max-8-personen\/#primaryimage"},"thumbnailUrl":"https:\/\/egytourpackages.com\/wp-content\/uploads\/2024\/07\/Akhenaten-Egyptian-Museum.jpeg","datePublished":"2024-07-24T11:10:06+00:00","dateModified":"2026-01-05T16:01:47+00:00","description":"Tagesausflug von Hurghada nach Kairo mit dem Van max 8 Personen | Machen Sie sich bereit f\u00fcr eine Kairo-Tour mit weniger Menschen zu den Pyramiden von Gizeh und dem \u00c4gyptischen Museum.","breadcrumb":{"@id":"https:\/\/egytourpackages.com\/de\/touren\/tagesausflug-von-hurghada-nach-kairo-mit-dem-van-max-8-personen\/#breadcrumb"},"inLanguage":"de","potentialAction":[{"@type":"ReadAction","target":["https:\/\/egytourpackages.com\/de\/touren\/tagesausflug-von-hurghada-nach-kairo-mit-dem-van-max-8-personen\/"]}]},{"@type":"ImageObject","inLanguage":"de","@id":"https:\/\/egytourpackages.com\/de\/touren\/tagesausflug-von-hurghada-nach-kairo-mit-dem-van-max-8-personen\/#primaryimage","url":"https:\/\/egytourpackages.com\/wp-content\/uploads\/2024\/07\/Akhenaten-Egyptian-Museum.jpeg","contentUrl":"https:\/\/egytourpackages.com\/wp-content\/uploads\/2024\/07\/Akhenaten-Egyptian-Museum.jpeg","width":1600,"height":1196,"caption":"Tagesausflug von Hurghada nach Kairo mit dem Van max 8 Personen"},{"@type":"BreadcrumbList","@id":"https:\/\/egytourpackages.com\/de\/touren\/tagesausflug-von-hurghada-nach-kairo-mit-dem-van-max-8-personen\/#breadcrumb","itemListElement":[{"@type":"ListItem","position":1,"name":"Startseite","item":"https:\/\/egytourpackages.com\/de\/"},{"@type":"ListItem","position":2,"name":"Shop","item":"https:\/\/egytourpackages.com\/de\/shop\/"},{"@type":"ListItem","position":3,"name":"Tagesausflug von Hurghada nach Kairo mit dem Van max 8 Personen"}]},{"@type":"WebSite","@id":"https:\/\/egytourpackages.com\/de\/#website","url":"https:\/\/egytourpackages.com\/de\/","name":"Egy tour packages","description":"","publisher":{"@id":"https:\/\/egytourpackages.com\/de\/#organization"},"potentialAction":[{"@type":"SearchAction","target":{"@type":"EntryPoint","urlTemplate":"https:\/\/egytourpackages.com\/de\/?s={search_term_string}"},"query-input":{"@type":"PropertyValueSpecification","valueRequired":true,"valueName":"search_term_string"}}],"inLanguage":"de"},{"@type":["Organization","Place","TravelAgency"],"@id":"https:\/\/egytourpackages.com\/de\/#organization","name":"egypt tour packages","alternateName":"egypt tour packages","url":"https:\/\/egytourpackages.com\/de\/","logo":{"@id":"https:\/\/egytourpackages.com\/de\/touren\/tagesausflug-von-hurghada-nach-kairo-mit-dem-van-max-8-personen\/#local-main-organization-logo"},"image":{"@id":"https:\/\/egytourpackages.com\/de\/touren\/tagesausflug-von-hurghada-nach-kairo-mit-dem-van-max-8-personen\/#local-main-organization-logo"},"sameAs":["https:\/\/www.facebook.com\/egytourpackages"],"legalName":"Egy tour packages","address":{"@id":"https:\/\/egytourpackages.com\/de\/touren\/tagesausflug-von-hurghada-nach-kairo-mit-dem-van-max-8-personen\/#local-main-place-address"},"telephone":["00201000852186","00201028685533"],"contactPoint":{"@type":"ContactPoint","telephone":"00201000852186"},"openingHoursSpecification":[{"@type":"OpeningHoursSpecification","dayOfWeek":["Monday","Tuesday","Wednesday","Thursday","Friday","Saturday","Sunday"],"opens":"00:00","closes":"23:59"}],"email":"info@egytourpackages.com","areaServed":"Cairo, Hurghada, Luxor, Sharm El Sheikh, Marsa Alam, Aswan","priceRange":"$","currenciesAccepted":"euro","paymentAccepted":"Payment links online"},{"@type":"PostalAddress","@id":"https:\/\/egytourpackages.com\/de\/touren\/tagesausflug-von-hurghada-nach-kairo-mit-dem-van-max-8-personen\/#local-main-place-address","streetAddress":"Mubarak 8, Al Kawthar District, Hurghada","addressLocality":"Hurghada","postalCode":"84511","addressRegion":"Red Sea","addressCountry":"EG"},{"@type":"ImageObject","inLanguage":"de","@id":"https:\/\/egytourpackages.com\/de\/touren\/tagesausflug-von-hurghada-nach-kairo-mit-dem-van-max-8-personen\/#local-main-organization-logo","url":"https:\/\/egytourpackages.com\/wp-content\/uploads\/2025\/12\/Turquoise-Dahabiya-Nile-Cruise-1.jpeg","contentUrl":"https:\/\/egytourpackages.com\/wp-content\/uploads\/2025\/12\/Turquoise-Dahabiya-Nile-Cruise-1.jpeg","width":1040,"height":694,"caption":"egypt tour packages"}]},"product_brand":"\u00c4gypten Tagestouren","product_price_amount":"65","product_price_currency":"EUR","og_availability":"instock","product_availability":"instock","product_retailer_item_id":"HDT10","product_condition":"new","geo.placename":"Hurghada","geo.region":"\u00c4gypten"},"_links":{"self":[{"href":"https:\/\/egytourpackages.com\/de\/wp-json\/wp\/v2\/product\/3918","targetHints":{"allow":["GET"]}}],"collection":[{"href":"https:\/\/egytourpackages.com\/de\/wp-json\/wp\/v2\/product"}],"about":[{"href":"https:\/\/egytourpackages.com\/de\/wp-json\/wp\/v2\/types\/product"}],"replies":[{"embeddable":true,"href":"https:\/\/egytourpackages.com\/de\/wp-json\/wp\/v2\/comments?post=3918"}],"wp:featuredmedia":[{"embeddable":true,"href":"https:\/\/egytourpackages.com\/de\/wp-json\/wp\/v2\/media\/3474"}],"wp:attachment":[{"href":"https:\/\/egytourpackages.com\/de\/wp-json\/wp\/v2\/media?parent=3918"}],"wp:term":[{"taxonomy":"product_brand","embeddable":true,"href":"https:\/\/egytourpackages.com\/de\/wp-json\/wp\/v2\/product_brand?post=3918"},{"taxonomy":"product_cat","embeddable":true,"href":"https:\/\/egytourpackages.com\/de\/wp-json\/wp\/v2\/product_cat?post=3918"},{"taxonomy":"product_tag","embeddable":true,"href":"https:\/\/egytourpackages.com\/de\/wp-json\/wp\/v2\/product_tag?post=3918"}],"curies":[{"name":"wp","href":"https:\/\/api.w.org\/{rel}","templated":true}]}}