{"id":3923,"date":"2025-03-05T22:10:44","date_gmt":"2025-03-05T22:10:44","guid":{"rendered":"https:\/\/egytourpackages.com\/product\/3-tage-reise-nach-kairo-aswan-luxor-von-hurghada-all-inclusive\/"},"modified":"2026-01-05T22:07:15","modified_gmt":"2026-01-05T22:07:15","slug":"3-tage-reise-nach-kairo-aswan-luxor-von-hurghada-all-inclusive","status":"publish","type":"product","link":"https:\/\/egytourpackages.com\/de\/touren\/3-tage-reise-nach-kairo-aswan-luxor-von-hurghada-all-inclusive\/","title":{"rendered":"3 Tage Reise nach Kairo Aswan Luxor von Hurghada all inclusive"},"content":{"rendered":"<p><span style=\"color: #ff6600;\"><strong>3 Tage Reise nach Kairo Aswan Luxor von Hurghada all inclusive<\/strong><\/span><\/p>\n<p>| \u00c4gyptologe | Zwei N\u00e4chte in 4-Sterne-Hotels in Assuan und Luxor | Keine Einkaufsstopps | Tickets | Luxustransfers | Keine versteckten Geb\u00fchren | Online-Buchung per WhatsApp | Vor Ort bezahlen | Kostenlose Stornierung | Beste Preise f\u00fcr Hurghada-Ausfl\u00fcge<\/p>\n<h3>\u00dcberblick<\/h3>\n<p>3 Tage Reise nach Kairo Assuan Luxor von Hurghada all inklusive ist ein echtes Abenteuer zu den besten Sehensw\u00fcrdigkeiten in Kairo, Assuan und Luxor. In Kairo erkunden Sie das Gro\u00dfe \u00c4gyptische Museum und die Pyramiden von Gizeh mit der Gro\u00dfen Sphinx. Au\u00dferdem besuchen Sie den Abu Simbel-Tempel in Nubien und den Philae-Tempel als Teil Ihrer \u00c4gypten-Tourpakete. Dar\u00fcber hinaus tauchen Sie ein in das Herz der Majest\u00e4t des alten \u00c4gypten, Luxor. Sie k\u00f6nnen das Grab von Tutanchamun im Tal der K\u00f6nige und drei weitere Gr\u00e4ber besuchen. Au\u00dferdem der gr\u00f6\u00dfte Tempel der Welt. Karnak Tempel als Teil Ihrer Luxor Tagestouren. Egy Tourpakete zielt darauf ab, dass Sie eine einzigartige Tour verbringen k\u00f6nnen, um Ihre Erinnerungen im Herzen von \u00c4gypten zu schaffen.<\/p>\n<h3>Reisedetails<\/h3>\n<p>Dauer: 3 Tage \/ 2 N\u00e4chte ab Hurghada<\/p>\n<p>Reiseart: Privat<\/p>\n<p>Verf\u00fcgbarkeit: T\u00e4glich<\/p>\n<p>Gruppengr\u00f6\u00dfe: 1 bis<\/p>\n<p>Sprachen: Arch\u00e4ologe spricht Ihre Sprache<\/p>\n<p>Ablauf: Online buchen<\/p>\n<p>Abholung &amp; R\u00fccktransfer: Hotels in Hurghada<\/p>\n<h3>H\u00f6hepunkte<\/h3>\n<p>GEM | Gro\u00dfes \u00c4gyptisches Museum<\/p>\n<p>Pyramiden von Gizeh<\/p>\n<p>Tempel von Abu Simbel<\/p>\n<p>Staudamm<\/p>\n<p>Tempel von Philae<\/p>\n<p>Karnak-Tempel<\/p>\n<p>Memnonkolosse<\/p>\n<p>Totentempel der Hatschepsut<\/p>\n<p>Tal der K\u00f6nige<\/p>\n<h3>Einschl\u00fcsse<\/h3>\n<p>Hotelabholung und -r\u00fcckgabe mit neuem Marke A\/ C Fahrzeug<\/p>\n<p>Eintrittspreis f\u00fcr alle Sehensw\u00fcrdigkeiten im Programm<\/p>\n<p>Fachkundiger Reiseleiter<\/p>\n<p>1 \u00dcbernachtung im Aswan Hotel auf B\/B Basis<\/p>\n<p>1 \u00dcbernachtung im Luxor Hotel auf B\/B Basis<\/p>\n<p>Flugtickets Kairo Aswan<\/p>\n<p>VIP Zug von Aswan nach Luxor<\/p>\n<h3>Ausschl\u00fcsse<\/h3>\n<p>Kippen<\/p>\n<p>Getr\u00e4nke w\u00e4hrend der Mahlzeiten<\/p>\n<p>Eintrittspreis f\u00fcr das Grab von Tutanchamun | KV62 = 700 l.e<\/p>\n<p>Extra Ticket f\u00fcr das Grab von K\u00f6nig Sethi I | KV17 = 2000 l.e<\/p>\n<p>Ramesses V &amp; King Ramesses VI Grab | KV9 = 220 l.e<\/p>\n<p>Alles, was nicht im Programm erw\u00e4hnt wird<\/p>\n<h3>Tag 1: Hurghada, Kairo \/ Kairo, Assuan<\/h3>\n<p>Beginnen Sie Ihre dreit\u00e4gige All-inclusive-Reise von Hurghada nach Kairo, Assuan und Luxor. Treffen Sie Ihren Reiseleiter in der Hotellobby und starten Sie Ihre \u00c4gypten-Reise ab Hurghada. Die Fahrt dauert etwa 5 Stunden bis zu Ihrem ersten Ziel, dem Gro\u00dfen \u00c4gyptischen Museum.<\/p>\n<h4>Das Gro\u00dfe \u00c4gyptische Museum<\/h4>\n<p>Entdecken Sie alt\u00e4gyptische Artefakte im gr\u00f6\u00dften und neuesten \u00c4gyptischen Museum der Welt. Entdecken Sie die Sch\u00e4tze von Tutanchamun, den H\u00e4ngenden Obelisken, den Gro\u00dfen Korridor, Sarkophage, Papyri und vieles mehr. Bestaunen Sie die Sphinx der Hatschepsut, die Galeere von Echnaton, die Dioritstatue von Chephren, Mykerinos und vieles mehr. Anschlie\u00dfend genie\u00dfen Sie ein Mittagessen.<\/p>\n<h4>Mittagessen<\/h4>\n<p>Genie\u00dfen Sie ein frisch zubereitetes Mittagessen in einem lokalen Restaurant in der N\u00e4he der Pyramiden.<\/p>\n<h4>Gizeh-Pyramiden<\/h4>\n<p>Nach dem Mittagessen fahren Sie zu Ihrem n\u00e4chsten Halt auf dem Gizeh-Plateau, den ber\u00fchmten Pyramiden von Cheops, Khafre und Menkaure. H\u00f6ren Sie Ihrem Guide zu, w\u00e4hrend er die Geheimnisse hinter dem Bau der Pyramiden enth\u00fcllt und erkl\u00e4rt, warum sie gebaut wurden? Machen Sie Ihre Tour in der Gegend und schauen Sie sich die Queen Pyramids, Gr\u00e4ber von Pyramidenbauern, an und schie\u00dfen Sie sch\u00f6ne Fotos \u00fcberall, bevor Sie f\u00fcr Ihren letzten Halt gehen.<\/p>\n<h4>Die gro\u00dfe Sphinx<\/h4>\n<p>Sie werden den Mumifizierungstempel auf dem Weg zur Gro\u00dfen Sphinx besuchen, um zu sehen, wo und wie die K\u00f6nige im alten \u00c4gypten mumifiziert wurden.<\/p>\n<p>Sp\u00e4ter fahren Sie zum Flughafen von Kairo, um Ihren Inlandsflug nach Assuan zu nehmen. Bei der Ankunft hilft Ihnen unser Vertreter, in Ihrem Hotel in Assuan einzuchecken und zu \u00fcbernachten.<\/p>\n<h3>Mahlzeiten:<\/h3>\n<p>Fr\u00fchst\u00fcck, Mittagessen<\/p>\n<h3>Tag 2: Assuan, Abu Simbel \/ Assuan \/ Luxor<\/h3>\n<p>Fr\u00fche Abfahrt nach Abu Simbel gegen 4:00 Uhr mit privatem Transfer und Reiseleiter. Die Fahrt dauert etwa dreieinhalb Stunden mit einer Kaffeepause unterwegs.<\/p>\n<p>Erkunden Sie den Gro\u00dfen Tempel von Ramses II. und die Kolossalstatuen, die Qadesh-Schlacht, die Opferszenen und die Statuen von Amun Ra, Rahor Akhty, Ramses&#8216; Gott und Ptah. Anschlie\u00dfend besichtigen Sie den eleganten Tempel der Nefertari und Hathor.<\/p>\n<p>Am Ende der Tour genie\u00dfen Sie eine Lunchbox im Auto, bis Sie Assuan erreichen und die Sehensw\u00fcrdigkeiten von Assuan entdecken.<\/p>\n<p>Erkunden Sie den Assuan-Staudamm und den Philae-Tempel. Machen Sie eine kurze Motorbootfahrt auf der Insel Agilkia, bevor Sie zum Bahnhof fahren und den Zug nach Luxor besteigen.<\/p>\n<p>Anschlie\u00dfend hilft Ihnen Ihr Reiseleiter beim Check-in in Ihrem Hotel in Luxor f\u00fcr die Nacht.<\/p>\n<h3>Mahlzeiten<\/h3>\n<p>Fr\u00fchst\u00fcck, Mittagessen<\/p>\n<h3>Tag 3: Luxor, Hurghada<\/h3>\n<p>Genie\u00dfen Sie Ihr k\u00f6stliches Fr\u00fchst\u00fcck im Hotel, bevor Sie Ihre Sehensw\u00fcrdigkeiten in Luxor erkunden.<\/p>\n<p>Beginnen Sie Ihre Tour am Westufer von Luxor. Dort besuchen Sie das Tal der K\u00f6nige und haben die M\u00f6glichkeit, drei im Ticketpreis enthaltene Gr\u00e4ber sowie das Grab von Tutanchamun (gegen Geb\u00fchr) zu erkunden. Au\u00dferdem sehen Sie den Totentempel der Hatschepsut und die Memnonkolosse.<\/p>\n<p>Nach einem Mittagessen in einem typisch \u00e4gyptischen Restaurant beenden Sie Ihren Tag mit einem Besuch des Karnak-Tempels, bevor Sie nach Hurghada zur\u00fcckkehren.<\/p>\n<h3>3 Tage Reise nach Kairo Aswan Luxor von Hurghada all inclusive preis<\/h3>\n<p>Erwachsenenpreis = 500 $<\/p>\n<p>Kinder von 0\u20135 Jahren = 250 $<\/p>\n<p>Kinder von 5\u201311 Jahren = 50 % des Erwachsenenpreises<\/p>\n<h3>Buchung<\/h3>\n<p>Buchen Sie Ihre Tour bequem per WhatsApp oder E-Mail. Sie erhalten die Best\u00e4tigung direkt vor Ort.<\/p>\n<p>Bitte teilen Sie uns Ihren Hotelnamen, Ihre Zimmernummer und Passkopien mit.<\/p>\n<h3>WhatsApp-Nummer:<\/h3>\n<p>+201000852186<\/p>\n<h3>Jetzt buchen &amp; vor Ort bezahlen<\/h3>\n<p>Buchen Sie Ihre Lieblingstour und bezahlen Sie am Reisetag.<\/p>\n<h3>Zahlung<\/h3>\n<p>Sie k\u00f6nnen in \u00c4gyptischen Pfund, $, \u20ac oder \u00a3 bezahlen.<\/p>\n<h3>Stornierungsbedingungen<\/h3>\n<p>Kostenlose Stornierung bis 24 Stunden vor Reisebeginn.<\/p>\n<p>Bei Stornierung am Morgen fallen 50 % des Reisepreises an.<\/p>\n","protected":false},"excerpt":{"rendered":"<p>3-t\u00e4giger Ausflug nach Kairo, Assuan und Luxor ab Hurghada, alles inklusive | Entdecken Sie die besten \u00c4gypten-Touren in Kairo, Assuan und Luxor mit einem privaten \u00c4gyptologen und Auto.<\/p>\n","protected":false},"featured_media":3519,"comment_status":"open","ping_status":"closed","template":"","meta":[],"product_brand":[],"product_cat":[1494],"product_tag":[1495,1503],"class_list":{"0":"post-3923","1":"product","2":"type-product","3":"status-publish","4":"has-post-thumbnail","6":"product_cat-touren","7":"product_tag-agypten-tagestouren","8":"product_tag-hurghada-ausfluge","9":"tour_category-3-tage-aegypten-rundreisen","10":"tour_category-agypten-tagestouren","11":"tour_category-hurghada-ausfluge","13":"first","14":"instock","15":"sale","16":"shipping-taxable","17":"purchasable","18":"product-type-tour","19":"has-default-attributes"},"yoast_head":"<!-- This site is optimized with the Yoast SEO Premium plugin v27.2 (Yoast SEO v27.2) - https:\/\/yoast.com\/product\/yoast-seo-premium-wordpress\/ -->\n<title>3 Tage Reise nach Kairo Aswan Luxor von Hurghada all inclusive<\/title>\n<meta name=\"description\" content=\"3 Tage Reise nach Kairo Aswan Luxor von Hurghada all inclusive | Entdecken Sie die besten \u00c4gypten-Touren in Kairo, Assuan und Luxor.\" \/>\n<meta name=\"robots\" content=\"index, follow, max-snippet:-1, max-image-preview:large, max-video-preview:-1\" \/>\n<link rel=\"canonical\" href=\"https:\/\/egytourpackages.com\/de\/touren\/3-tage-reise-nach-kairo-aswan-luxor-von-hurghada-all-inclusive\/\" \/>\n<meta property=\"og:locale\" content=\"de_DE\" \/>\n<meta property=\"og:type\" content=\"article\" \/>\n<meta property=\"og:title\" content=\"3 Tage Reise nach Kairo Aswan Luxor von Hurghada all inclusive\" \/>\n<meta property=\"og:description\" content=\"3 Tage Reise nach Kairo Aswan Luxor von Hurghada all inclusive | Entdecken Sie die besten \u00c4gypten-Touren in Kairo, Assuan und Luxor mit einem privaten \u00c4gyptologen und einem Auto.\" \/>\n<meta property=\"og:url\" content=\"https:\/\/egytourpackages.com\/de\/touren\/3-tage-reise-nach-kairo-aswan-luxor-von-hurghada-all-inclusive\/\" \/>\n<meta property=\"og:site_name\" content=\"\u00c4gypten-Reisepakete\" \/>\n<meta property=\"article:publisher\" content=\"https:\/\/www.facebook.com\/egytourpackages\" \/>\n<meta property=\"article:modified_time\" content=\"2026-01-05T22:07:15+00:00\" \/>\n<meta property=\"og:image\" content=\"https:\/\/egytourpackages.com\/wp-content\/uploads\/2025\/03\/Aswan-Philae-temple.jpg\" \/>\n\t<meta property=\"og:image:width\" content=\"2000\" \/>\n\t<meta property=\"og:image:height\" content=\"1500\" \/>\n\t<meta property=\"og:image:type\" content=\"image\/jpeg\" \/>\n<meta name=\"twitter:card\" content=\"summary_large_image\" \/>\n<meta name=\"twitter:title\" content=\"3 Tage Reise nach Kairo Aswan Luxor von Hurghada all inclusive\" \/>\n<meta name=\"twitter:label1\" content=\"Preis\" \/>\n\t<meta name=\"twitter:data1\" content=\"&euro;500\" \/>\n\t<meta name=\"twitter:label2\" content=\"Verf\u00fcgbarkeit\" \/>\n\t<meta name=\"twitter:data2\" content=\"Auf Lager\" \/>\n<script type=\"application\/ld+json\" class=\"yoast-schema-graph\">{\"@context\":\"https:\/\/schema.org\",\"@graph\":[{\"@type\":\"WebPage\",\"@id\":\"https:\/\/egytourpackages.com\/de\/touren\/3-tage-reise-nach-kairo-aswan-luxor-von-hurghada-all-inclusive\/\",\"url\":\"https:\/\/egytourpackages.com\/de\/touren\/3-tage-reise-nach-kairo-aswan-luxor-von-hurghada-all-inclusive\/\",\"name\":\"3 Tage Reise nach Kairo Aswan Luxor von Hurghada all inclusive\",\"isPartOf\":{\"@id\":\"https:\/\/egytourpackages.com\/de\/#website\"},\"primaryImageOfPage\":{\"@id\":\"https:\/\/egytourpackages.com\/de\/touren\/3-tage-reise-nach-kairo-aswan-luxor-von-hurghada-all-inclusive\/#primaryimage\"},\"image\":{\"@id\":\"https:\/\/egytourpackages.com\/de\/touren\/3-tage-reise-nach-kairo-aswan-luxor-von-hurghada-all-inclusive\/#primaryimage\"},\"thumbnailUrl\":\"https:\/\/egytourpackages.com\/wp-content\/uploads\/2025\/03\/Aswan-Philae-temple.jpg\",\"datePublished\":\"2025-03-05T22:10:44+00:00\",\"dateModified\":\"2026-01-05T22:07:15+00:00\",\"description\":\"3 Tage Reise nach Kairo Aswan Luxor von Hurghada all inclusive | Entdecken Sie die besten \u00c4gypten-Touren in Kairo, Assuan und Luxor.\",\"breadcrumb\":{\"@id\":\"https:\/\/egytourpackages.com\/de\/touren\/3-tage-reise-nach-kairo-aswan-luxor-von-hurghada-all-inclusive\/#breadcrumb\"},\"inLanguage\":\"de\",\"potentialAction\":[{\"@type\":\"ReadAction\",\"target\":[\"https:\/\/egytourpackages.com\/de\/touren\/3-tage-reise-nach-kairo-aswan-luxor-von-hurghada-all-inclusive\/\"]}]},{\"@type\":\"ImageObject\",\"inLanguage\":\"de\",\"@id\":\"https:\/\/egytourpackages.com\/de\/touren\/3-tage-reise-nach-kairo-aswan-luxor-von-hurghada-all-inclusive\/#primaryimage\",\"url\":\"https:\/\/egytourpackages.com\/wp-content\/uploads\/2025\/03\/Aswan-Philae-temple.jpg\",\"contentUrl\":\"https:\/\/egytourpackages.com\/wp-content\/uploads\/2025\/03\/Aswan-Philae-temple.jpg\",\"width\":2000,\"height\":1500,\"caption\":\"3 Tage Reise nach Kairo Aswan Luxor von Hurghada all inclusive\"},{\"@type\":\"BreadcrumbList\",\"@id\":\"https:\/\/egytourpackages.com\/de\/touren\/3-tage-reise-nach-kairo-aswan-luxor-von-hurghada-all-inclusive\/#breadcrumb\",\"itemListElement\":[{\"@type\":\"ListItem\",\"position\":1,\"name\":\"Startseite\",\"item\":\"https:\/\/egytourpackages.com\/de\/\"},{\"@type\":\"ListItem\",\"position\":2,\"name\":\"Shop\",\"item\":\"https:\/\/egytourpackages.com\/de\/shop\/\"},{\"@type\":\"ListItem\",\"position\":3,\"name\":\"3 Tage Reise nach Kairo Aswan Luxor von Hurghada all inclusive\"}]},{\"@type\":\"WebSite\",\"@id\":\"https:\/\/egytourpackages.com\/de\/#website\",\"url\":\"https:\/\/egytourpackages.com\/de\/\",\"name\":\"Egy tour packages\",\"description\":\"\",\"publisher\":{\"@id\":\"https:\/\/egytourpackages.com\/de\/#organization\"},\"potentialAction\":[{\"@type\":\"SearchAction\",\"target\":{\"@type\":\"EntryPoint\",\"urlTemplate\":\"https:\/\/egytourpackages.com\/de\/?s={search_term_string}\"},\"query-input\":{\"@type\":\"PropertyValueSpecification\",\"valueRequired\":true,\"valueName\":\"search_term_string\"}}],\"inLanguage\":\"de\"},{\"@type\":[\"Organization\",\"Place\",\"TravelAgency\"],\"@id\":\"https:\/\/egytourpackages.com\/de\/#organization\",\"name\":\"egypt tour packages\",\"alternateName\":\"egypt tour packages\",\"url\":\"https:\/\/egytourpackages.com\/de\/\",\"logo\":{\"@id\":\"https:\/\/egytourpackages.com\/de\/touren\/3-tage-reise-nach-kairo-aswan-luxor-von-hurghada-all-inclusive\/#local-main-organization-logo\"},\"image\":{\"@id\":\"https:\/\/egytourpackages.com\/de\/touren\/3-tage-reise-nach-kairo-aswan-luxor-von-hurghada-all-inclusive\/#local-main-organization-logo\"},\"sameAs\":[\"https:\/\/www.facebook.com\/egytourpackages\"],\"legalName\":\"Egy tour packages\",\"address\":{\"@id\":\"https:\/\/egytourpackages.com\/de\/touren\/3-tage-reise-nach-kairo-aswan-luxor-von-hurghada-all-inclusive\/#local-main-place-address\"},\"telephone\":[\"00201000852186\",\"00201028685533\"],\"contactPoint\":{\"@type\":\"ContactPoint\",\"telephone\":\"00201000852186\"},\"openingHoursSpecification\":[{\"@type\":\"OpeningHoursSpecification\",\"dayOfWeek\":[\"Monday\",\"Tuesday\",\"Wednesday\",\"Thursday\",\"Friday\",\"Saturday\",\"Sunday\"],\"opens\":\"00:00\",\"closes\":\"23:59\"}],\"email\":\"info@egytourpackages.com\",\"areaServed\":\"Cairo, Hurghada, Luxor, Sharm El Sheikh, Marsa Alam, Aswan\",\"priceRange\":\"$\",\"currenciesAccepted\":\"euro\",\"paymentAccepted\":\"Payment links online\"},{\"@type\":\"PostalAddress\",\"@id\":\"https:\/\/egytourpackages.com\/de\/touren\/3-tage-reise-nach-kairo-aswan-luxor-von-hurghada-all-inclusive\/#local-main-place-address\",\"streetAddress\":\"Mubarak 8, Al Kawthar District, Hurghada\",\"addressLocality\":\"Hurghada\",\"postalCode\":\"84511\",\"addressRegion\":\"Red Sea\",\"addressCountry\":\"EG\"},{\"@type\":\"ImageObject\",\"inLanguage\":\"de\",\"@id\":\"https:\/\/egytourpackages.com\/de\/touren\/3-tage-reise-nach-kairo-aswan-luxor-von-hurghada-all-inclusive\/#local-main-organization-logo\",\"url\":\"https:\/\/egytourpackages.com\/wp-content\/uploads\/2025\/12\/Turquoise-Dahabiya-Nile-Cruise-1.jpeg\",\"contentUrl\":\"https:\/\/egytourpackages.com\/wp-content\/uploads\/2025\/12\/Turquoise-Dahabiya-Nile-Cruise-1.jpeg\",\"width\":1040,\"height\":694,\"caption\":\"egypt tour packages\"}]}<\/script>\n<meta property=\"product:brand\" content=\"3 Tage \u00c4gypten Rundreisen\" \/>\n<meta property=\"product:price:amount\" content=\"500\" \/>\n<meta property=\"product:price:currency\" content=\"EUR\" \/>\n<meta property=\"og:availability\" content=\"instock\" \/>\n<meta property=\"product:availability\" content=\"instock\" \/>\n<meta property=\"product:retailer_item_id\" content=\"HDT11\" \/>\n<meta property=\"product:condition\" content=\"new\" \/>\n<meta name=\"geo.placename\" content=\"Hurghada\" \/>\n<meta name=\"geo.region\" content=\"\u00c4gypten\" \/>\n<!-- \/ Yoast SEO Premium plugin. -->","yoast_head_json":{"title":"3 Tage Reise nach Kairo Aswan Luxor von Hurghada all inclusive","description":"3 Tage Reise nach Kairo Aswan Luxor von Hurghada all inclusive | Entdecken Sie die besten \u00c4gypten-Touren in Kairo, Assuan und Luxor.","robots":{"index":"index","follow":"follow","max-snippet":"max-snippet:-1","max-image-preview":"max-image-preview:large","max-video-preview":"max-video-preview:-1"},"canonical":"https:\/\/egytourpackages.com\/de\/touren\/3-tage-reise-nach-kairo-aswan-luxor-von-hurghada-all-inclusive\/","og_locale":"de_DE","og_type":"article","og_title":"3 Tage Reise nach Kairo Aswan Luxor von Hurghada all inclusive","og_description":"3 Tage Reise nach Kairo Aswan Luxor von Hurghada all inclusive | Entdecken Sie die besten \u00c4gypten-Touren in Kairo, Assuan und Luxor mit einem privaten \u00c4gyptologen und einem Auto.","og_url":"https:\/\/egytourpackages.com\/de\/touren\/3-tage-reise-nach-kairo-aswan-luxor-von-hurghada-all-inclusive\/","og_site_name":"\u00c4gypten-Reisepakete","article_publisher":"https:\/\/www.facebook.com\/egytourpackages","article_modified_time":"2026-01-05T22:07:15+00:00","og_image":[{"width":2000,"height":1500,"url":"https:\/\/egytourpackages.com\/wp-content\/uploads\/2025\/03\/Aswan-Philae-temple.jpg","type":"image\/jpeg"}],"twitter_card":"summary_large_image","twitter_title":"3 Tage Reise nach Kairo Aswan Luxor von Hurghada all inclusive","twitter_misc":{"Preis":"&euro;500","Verf\u00fcgbarkeit":"Auf Lager"},"schema":{"@context":"https:\/\/schema.org","@graph":[{"@type":"WebPage","@id":"https:\/\/egytourpackages.com\/de\/touren\/3-tage-reise-nach-kairo-aswan-luxor-von-hurghada-all-inclusive\/","url":"https:\/\/egytourpackages.com\/de\/touren\/3-tage-reise-nach-kairo-aswan-luxor-von-hurghada-all-inclusive\/","name":"3 Tage Reise nach Kairo Aswan Luxor von Hurghada all inclusive","isPartOf":{"@id":"https:\/\/egytourpackages.com\/de\/#website"},"primaryImageOfPage":{"@id":"https:\/\/egytourpackages.com\/de\/touren\/3-tage-reise-nach-kairo-aswan-luxor-von-hurghada-all-inclusive\/#primaryimage"},"image":{"@id":"https:\/\/egytourpackages.com\/de\/touren\/3-tage-reise-nach-kairo-aswan-luxor-von-hurghada-all-inclusive\/#primaryimage"},"thumbnailUrl":"https:\/\/egytourpackages.com\/wp-content\/uploads\/2025\/03\/Aswan-Philae-temple.jpg","datePublished":"2025-03-05T22:10:44+00:00","dateModified":"2026-01-05T22:07:15+00:00","description":"3 Tage Reise nach Kairo Aswan Luxor von Hurghada all inclusive | Entdecken Sie die besten \u00c4gypten-Touren in Kairo, Assuan und Luxor.","breadcrumb":{"@id":"https:\/\/egytourpackages.com\/de\/touren\/3-tage-reise-nach-kairo-aswan-luxor-von-hurghada-all-inclusive\/#breadcrumb"},"inLanguage":"de","potentialAction":[{"@type":"ReadAction","target":["https:\/\/egytourpackages.com\/de\/touren\/3-tage-reise-nach-kairo-aswan-luxor-von-hurghada-all-inclusive\/"]}]},{"@type":"ImageObject","inLanguage":"de","@id":"https:\/\/egytourpackages.com\/de\/touren\/3-tage-reise-nach-kairo-aswan-luxor-von-hurghada-all-inclusive\/#primaryimage","url":"https:\/\/egytourpackages.com\/wp-content\/uploads\/2025\/03\/Aswan-Philae-temple.jpg","contentUrl":"https:\/\/egytourpackages.com\/wp-content\/uploads\/2025\/03\/Aswan-Philae-temple.jpg","width":2000,"height":1500,"caption":"3 Tage Reise nach Kairo Aswan Luxor von Hurghada all inclusive"},{"@type":"BreadcrumbList","@id":"https:\/\/egytourpackages.com\/de\/touren\/3-tage-reise-nach-kairo-aswan-luxor-von-hurghada-all-inclusive\/#breadcrumb","itemListElement":[{"@type":"ListItem","position":1,"name":"Startseite","item":"https:\/\/egytourpackages.com\/de\/"},{"@type":"ListItem","position":2,"name":"Shop","item":"https:\/\/egytourpackages.com\/de\/shop\/"},{"@type":"ListItem","position":3,"name":"3 Tage Reise nach Kairo Aswan Luxor von Hurghada all inclusive"}]},{"@type":"WebSite","@id":"https:\/\/egytourpackages.com\/de\/#website","url":"https:\/\/egytourpackages.com\/de\/","name":"Egy tour packages","description":"","publisher":{"@id":"https:\/\/egytourpackages.com\/de\/#organization"},"potentialAction":[{"@type":"SearchAction","target":{"@type":"EntryPoint","urlTemplate":"https:\/\/egytourpackages.com\/de\/?s={search_term_string}"},"query-input":{"@type":"PropertyValueSpecification","valueRequired":true,"valueName":"search_term_string"}}],"inLanguage":"de"},{"@type":["Organization","Place","TravelAgency"],"@id":"https:\/\/egytourpackages.com\/de\/#organization","name":"egypt tour packages","alternateName":"egypt tour packages","url":"https:\/\/egytourpackages.com\/de\/","logo":{"@id":"https:\/\/egytourpackages.com\/de\/touren\/3-tage-reise-nach-kairo-aswan-luxor-von-hurghada-all-inclusive\/#local-main-organization-logo"},"image":{"@id":"https:\/\/egytourpackages.com\/de\/touren\/3-tage-reise-nach-kairo-aswan-luxor-von-hurghada-all-inclusive\/#local-main-organization-logo"},"sameAs":["https:\/\/www.facebook.com\/egytourpackages"],"legalName":"Egy tour packages","address":{"@id":"https:\/\/egytourpackages.com\/de\/touren\/3-tage-reise-nach-kairo-aswan-luxor-von-hurghada-all-inclusive\/#local-main-place-address"},"telephone":["00201000852186","00201028685533"],"contactPoint":{"@type":"ContactPoint","telephone":"00201000852186"},"openingHoursSpecification":[{"@type":"OpeningHoursSpecification","dayOfWeek":["Monday","Tuesday","Wednesday","Thursday","Friday","Saturday","Sunday"],"opens":"00:00","closes":"23:59"}],"email":"info@egytourpackages.com","areaServed":"Cairo, Hurghada, Luxor, Sharm El Sheikh, Marsa Alam, Aswan","priceRange":"$","currenciesAccepted":"euro","paymentAccepted":"Payment links online"},{"@type":"PostalAddress","@id":"https:\/\/egytourpackages.com\/de\/touren\/3-tage-reise-nach-kairo-aswan-luxor-von-hurghada-all-inclusive\/#local-main-place-address","streetAddress":"Mubarak 8, Al Kawthar District, Hurghada","addressLocality":"Hurghada","postalCode":"84511","addressRegion":"Red Sea","addressCountry":"EG"},{"@type":"ImageObject","inLanguage":"de","@id":"https:\/\/egytourpackages.com\/de\/touren\/3-tage-reise-nach-kairo-aswan-luxor-von-hurghada-all-inclusive\/#local-main-organization-logo","url":"https:\/\/egytourpackages.com\/wp-content\/uploads\/2025\/12\/Turquoise-Dahabiya-Nile-Cruise-1.jpeg","contentUrl":"https:\/\/egytourpackages.com\/wp-content\/uploads\/2025\/12\/Turquoise-Dahabiya-Nile-Cruise-1.jpeg","width":1040,"height":694,"caption":"egypt tour packages"}]},"product_brand":"3 Tage \u00c4gypten Rundreisen","product_price_amount":"500","product_price_currency":"EUR","og_availability":"instock","product_availability":"instock","product_retailer_item_id":"HDT11","product_condition":"new","geo.placename":"Hurghada","geo.region":"\u00c4gypten"},"_links":{"self":[{"href":"https:\/\/egytourpackages.com\/de\/wp-json\/wp\/v2\/product\/3923","targetHints":{"allow":["GET"]}}],"collection":[{"href":"https:\/\/egytourpackages.com\/de\/wp-json\/wp\/v2\/product"}],"about":[{"href":"https:\/\/egytourpackages.com\/de\/wp-json\/wp\/v2\/types\/product"}],"replies":[{"embeddable":true,"href":"https:\/\/egytourpackages.com\/de\/wp-json\/wp\/v2\/comments?post=3923"}],"wp:featuredmedia":[{"embeddable":true,"href":"https:\/\/egytourpackages.com\/de\/wp-json\/wp\/v2\/media\/3519"}],"wp:attachment":[{"href":"https:\/\/egytourpackages.com\/de\/wp-json\/wp\/v2\/media?parent=3923"}],"wp:term":[{"taxonomy":"product_brand","embeddable":true,"href":"https:\/\/egytourpackages.com\/de\/wp-json\/wp\/v2\/product_brand?post=3923"},{"taxonomy":"product_cat","embeddable":true,"href":"https:\/\/egytourpackages.com\/de\/wp-json\/wp\/v2\/product_cat?post=3923"},{"taxonomy":"product_tag","embeddable":true,"href":"https:\/\/egytourpackages.com\/de\/wp-json\/wp\/v2\/product_tag?post=3923"}],"curies":[{"name":"wp","href":"https:\/\/api.w.org\/{rel}","templated":true}]}}