{"id":3925,"date":"2025-05-24T22:03:54","date_gmt":"2025-05-24T22:03:54","guid":{"rendered":"https:\/\/egytourpackages.com\/product\/morgen-quad-biking-desert-safari-von-hurghada\/"},"modified":"2026-01-28T23:40:43","modified_gmt":"2026-01-28T23:40:43","slug":"morgen-quad-biking-desert-safari-von-hurghada","status":"publish","type":"product","link":"https:\/\/egytourpackages.com\/de\/touren\/morgen-quad-biking-desert-safari-von-hurghada\/","title":{"rendered":"Morgen Quad Biking Desert Safari von Hurghada"},"content":{"rendered":"<p><span style=\"color: #ff6600;\"><strong>Morgen Quad Biking Desert Safari von Hurghada<\/strong><\/span><\/p>\n<p>Quad-Safari Hurghada | G\u00fcnstige W\u00fcstensafari \u00c4gypten buchen mit Hurghada-Ausfl\u00fcgen, Kamelritt, Beduinendorf<\/p>\n<p>Die morgendliche Quad Biking Desert Safari von Hurghada ist mehr als nur eine Fahrt. es ist eine Erfahrung, die Fahrabenteuer, Natur und Kultur in einem aufregenden Paket kombiniert.<\/p>\n<p>Buchen Sie g\u00fcnstige Hurghada-Ausfl\u00fcge: 3 Stunden Quad-Tour am Morgen und W\u00fcstensafari ab allen Hotels in Hurghada. Entdecken Sie die sch\u00f6nsten Aktivit\u00e4ten in Hurghada mit dem Offroad-ATV-Abenteuer ab Hurghada. Die Quad-ATV-W\u00fcstensafari bietet Outdoor-Aktivit\u00e4ten f\u00fcr jedermann. Dieses gef\u00fchrte Offroad-Erlebnis f\u00fchrt Sie tief ins Herz der \u00f6stlichen W\u00fcste, wo goldene D\u00fcnen und die uralte Beduinenkultur auf Sie warten.<\/p>\n<h3>Einzelheiten<\/h3>\n<p>Dauer: 4 Stunden<\/p>\n<p>Tourstandort: \u00d6stliche W\u00fcste Hurghada<\/p>\n<p>Tourverf\u00fcgbarkeit:\u00a0 t\u00e4glich<\/p>\n<p>Abholung und R\u00fcckgabe: Alle Hotels in Hurghada<\/p>\n<p>Tour-Typ: Gruppe \/ Privat<\/p>\n<p>Rollstuhl: Barrierefrei zug\u00e4nglich<\/p>\n<h3>H\u00f6hepunkte<\/h3>\n<p>ATV Fahrt f\u00fcr ca. 35 km<\/p>\n<p>Kamelritt<\/p>\n<p>Entdecken Sie den Lebensstil der Beduinen<\/p>\n<h3>Leistungen<\/h3>\n<p>Abholung und R\u00fccktransfer von\/zu Hotels in Hurghada<\/p>\n<p>Professioneller W\u00fcstenf\u00fchrer<\/p>\n<p>Kamelritt in der W\u00fcste<\/p>\n<p>Beduinendorf-Tour mit Beduinentee<\/p>\n<p>Probefahrt vor Tourbeginn<\/p>\n<p>Einzel-ATV (Strandbuggy)<\/p>\n<p>Alle Servicegeb\u00fchren und Steuern sind im Preis inbegriffen.<\/p>\n<h3>Ausschl\u00fcsse<\/h3>\n<p>DVD und Fotos vom Kameramann<\/p>\n<p>Trinkgeld<\/p>\n<p>Abholung und R\u00fccktransfer von\/zu Makadi Bay, Sahl Hasheesh, El Gouna, Soma Bay und Safaga<\/p>\n<p>Was Sie mitnehmen sollten:<\/p>\n<p>Kopie Ihres Reisepasses<\/p>\n<p>M\u00fctze, Sonnenbrille und Sonnencreme<\/p>\n<p>Bequeme Schuhe und Kleidung<\/p>\n<h3>Hinweis<\/h3>\n<p>Sie d\u00fcrfen ab 16 Jahren Quads fahren.<\/p>\n<p>Alle unsere Ausfl\u00fcge sind voll versichert.<\/p>\n<p>Schals (5 Euro)<\/p>\n<p>Schutzbrillen zum Ausleihen (2 Euro pro St\u00fcck)<\/p>\n<h2>Reiseroute<\/h2>\n<p>Nach einer Abholzeit von Ihrem Hotel und bei der Ankunft an den Quad-Stationen, wo ein erfahrener Guide eine Sicherheitseinweisung gibt und Ihnen beibringt, wie man mit den Quads umgeht. Tats\u00e4chlich ist einer der H\u00f6hepunkte der Tour ein Besuch in einem traditionellen Beduinenlager, wo Sie eine Pause einlegen k\u00f6nnen, Kamelritt genie\u00dfen, lokalen Tee trinken und etwas \u00fcber die Beduinentradisichten erfahren. Egy Tourpakete bieten diese Quad Tour Hurghada W\u00fcstensafari t\u00e4glich f\u00fcr einzelne Reiter oder doppelte Reiter am Morgen.<\/p>\n<p>Wenn Sie auf der Suche nach den besten Safari-Touren f\u00fcr Alleinreisende, Paare, Familien mit einem g\u00fcnstigen Gruppenpreis sind, um ein einzigartiges Abenteuer in der W\u00fcste des Roten Meeres zu erleben, buchen Sie jetzt bei uns und erhalten Sie unvergessliche Momente.<\/p>\n<h3>Morgendliche Quad-W\u00fcstensafari ab Hurghada Preis<\/h3>\n<p>Erwachsenenpreis: 20 $<\/p>\n<p>Kinder von 0\u20135 Jahren: kostenlos<\/p>\n<p>Kinder von 5\u201311 Jahren: 50 % des Erwachsenenpreises<\/p>\n<h3>Buchung<\/h3>\n<p>Buchen Sie Ihre Tour bequem per WhatsApp oder E-Mail. Sie erhalten die Best\u00e4tigung direkt vor Ort.<\/p>\n<p>Bitte teilen Sie uns Ihren Hotelnamen, Ihre Zimmernummer und Passkopien mit.<\/p>\n<h3>WhatsApp-Nummer<\/h3>\n<p>+201000852186<\/p>\n<h3>Jetzt buchen &amp; vor Ort bezahlen<\/h3>\n<p>Buchen Sie Ihre Lieblingstour und bezahlen Sie am Reisetag.<\/p>\n<h3>Zahlung<\/h3>\n<p>Sie k\u00f6nnen in \u00c4gyptischen Pfund, $, \u20ac oder \u00a3 bezahlen.<\/p>\n<h3>Stornierungsbedingungen<\/h3>\n<p>Kostenlose Stornierung bis 24 Stunden vor Reisebeginn.<\/p>\n<p>Bei Stornierung am Morgen fallen 50 % des Reisepreises an.<\/p>\n","protected":false},"excerpt":{"rendered":"<p>Morgendliche Quad-W\u00fcstensafari ab Hurghada | Genie\u00dfen Sie ein Erlebnis, das Fahrabenteuer, Natur und Kultur in einem aufregenden Paket vereint.<\/p>\n","protected":false},"featured_media":3537,"comment_status":"open","ping_status":"closed","template":"","meta":[],"product_brand":[],"product_cat":[1494],"product_tag":[1495,1503,1932],"class_list":{"0":"post-3925","1":"product","2":"type-product","3":"status-publish","4":"has-post-thumbnail","6":"product_cat-touren","7":"product_tag-agypten-tagestouren","8":"product_tag-hurghada-ausfluge","9":"product_tag-makadi-bay-ausfluge","10":"tour_category-agypten-tagestouren","11":"tour_category-hurghada-wustensafari-touren","12":"tour_category-makadi-bay-ausfluge","14":"first","15":"instock","16":"sale","17":"shipping-taxable","18":"purchasable","19":"product-type-tour","20":"has-default-attributes"},"yoast_head":"<!-- This site is optimized with the Yoast SEO Premium plugin v27.4 (Yoast SEO v27.4) - https:\/\/yoast.com\/product\/yoast-seo-premium-wordpress\/ -->\n<title>Morgen Quad Biking Desert Safari von Hurghada<\/title>\n<meta name=\"description\" content=\"Morgen Quad Biking Desert Safari von Hurghada | Genie\u00dfen Sie ein Erlebnis, das Fahrabenteuer, Natur und Kultur in einem aufregenden Paket vereint.\" \/>\n<meta name=\"robots\" content=\"index, follow, max-snippet:-1, max-image-preview:large, max-video-preview:-1\" \/>\n<link rel=\"canonical\" href=\"https:\/\/egytourpackages.com\/de\/touren\/morgen-quad-biking-desert-safari-von-hurghada\/\" \/>\n<meta property=\"og:locale\" content=\"de_DE\" \/>\n<meta property=\"og:type\" content=\"article\" \/>\n<meta property=\"og:title\" content=\"Morgen Quad Biking Desert Safari von Hurghada\" \/>\n<meta property=\"og:description\" content=\"Morgen Quad Biking Desert Safari von Hurghada | Genie\u00dfen Sie ein Erlebnis, das Fahrabenteuer, Natur und Kultur in einem aufregenden Paket vereint.\" \/>\n<meta property=\"og:url\" content=\"https:\/\/egytourpackages.com\/de\/touren\/morgen-quad-biking-desert-safari-von-hurghada\/\" \/>\n<meta property=\"og:site_name\" content=\"\u00c4gypten-Reisepakete\" \/>\n<meta property=\"article:publisher\" content=\"https:\/\/www.facebook.com\/egytourpackages\" \/>\n<meta property=\"article:modified_time\" content=\"2026-01-28T23:40:43+00:00\" \/>\n<meta property=\"og:image\" content=\"https:\/\/egytourpackages.com\/wp-content\/uploads\/2025\/03\/Camel-ride-Hurghada-safari-1024x682.jpeg\" \/>\n<meta name=\"twitter:card\" content=\"summary_large_image\" \/>\n<meta name=\"twitter:title\" content=\"Morgen Quad Biking Desert Safari von Hurghada\" \/>\n<meta name=\"twitter:label1\" content=\"Preis\" \/>\n\t<meta name=\"twitter:data1\" content=\"&euro;20\" \/>\n\t<meta name=\"twitter:label2\" content=\"Verf\u00fcgbarkeit\" \/>\n\t<meta name=\"twitter:data2\" content=\"Auf Lager\" \/>\n<script type=\"application\/ld+json\" class=\"yoast-schema-graph\">{\"@context\":\"https:\\\/\\\/schema.org\",\"@graph\":[{\"@type\":\"WebPage\",\"@id\":\"https:\\\/\\\/egytourpackages.com\\\/de\\\/touren\\\/morgen-quad-biking-desert-safari-von-hurghada\\\/\",\"url\":\"https:\\\/\\\/egytourpackages.com\\\/de\\\/touren\\\/morgen-quad-biking-desert-safari-von-hurghada\\\/\",\"name\":\"Morgen Quad Biking Desert Safari von Hurghada\",\"isPartOf\":{\"@id\":\"https:\\\/\\\/egytourpackages.com\\\/de\\\/#website\"},\"primaryImageOfPage\":{\"@id\":\"https:\\\/\\\/egytourpackages.com\\\/de\\\/touren\\\/morgen-quad-biking-desert-safari-von-hurghada\\\/#primaryimage\"},\"image\":{\"@id\":\"https:\\\/\\\/egytourpackages.com\\\/de\\\/touren\\\/morgen-quad-biking-desert-safari-von-hurghada\\\/#primaryimage\"},\"thumbnailUrl\":\"https:\\\/\\\/egytourpackages.com\\\/wp-content\\\/uploads\\\/2025\\\/03\\\/Camel-ride-Hurghada-safari.jpeg\",\"datePublished\":\"2025-05-24T22:03:54+00:00\",\"dateModified\":\"2026-01-28T23:40:43+00:00\",\"description\":\"Morgen Quad Biking Desert Safari von Hurghada | Genie\u00dfen Sie ein Erlebnis, das Fahrabenteuer, Natur und Kultur in einem aufregenden Paket vereint.\",\"breadcrumb\":{\"@id\":\"https:\\\/\\\/egytourpackages.com\\\/de\\\/touren\\\/morgen-quad-biking-desert-safari-von-hurghada\\\/#breadcrumb\"},\"inLanguage\":\"de\",\"potentialAction\":[{\"@type\":\"ReadAction\",\"target\":[\"https:\\\/\\\/egytourpackages.com\\\/de\\\/touren\\\/morgen-quad-biking-desert-safari-von-hurghada\\\/\"]}]},{\"@type\":\"ImageObject\",\"inLanguage\":\"de\",\"@id\":\"https:\\\/\\\/egytourpackages.com\\\/de\\\/touren\\\/morgen-quad-biking-desert-safari-von-hurghada\\\/#primaryimage\",\"url\":\"https:\\\/\\\/egytourpackages.com\\\/wp-content\\\/uploads\\\/2025\\\/03\\\/Camel-ride-Hurghada-safari.jpeg\",\"contentUrl\":\"https:\\\/\\\/egytourpackages.com\\\/wp-content\\\/uploads\\\/2025\\\/03\\\/Camel-ride-Hurghada-safari.jpeg\",\"width\":1280,\"height\":853,\"caption\":\"Kamelritt Hurghada Safari\"},{\"@type\":\"BreadcrumbList\",\"@id\":\"https:\\\/\\\/egytourpackages.com\\\/de\\\/touren\\\/morgen-quad-biking-desert-safari-von-hurghada\\\/#breadcrumb\",\"itemListElement\":[{\"@type\":\"ListItem\",\"position\":1,\"name\":\"Startseite\",\"item\":\"https:\\\/\\\/egytourpackages.com\\\/de\\\/\"},{\"@type\":\"ListItem\",\"position\":2,\"name\":\"Shop\",\"item\":\"https:\\\/\\\/egytourpackages.com\\\/de\\\/shop\\\/\"},{\"@type\":\"ListItem\",\"position\":3,\"name\":\"Morgen Quad Biking Desert Safari von Hurghada\"}]},{\"@type\":\"WebSite\",\"@id\":\"https:\\\/\\\/egytourpackages.com\\\/de\\\/#website\",\"url\":\"https:\\\/\\\/egytourpackages.com\\\/de\\\/\",\"name\":\"Egy tour packages\",\"description\":\"\",\"publisher\":{\"@id\":\"https:\\\/\\\/egytourpackages.com\\\/de\\\/#organization\"},\"potentialAction\":[{\"@type\":\"SearchAction\",\"target\":{\"@type\":\"EntryPoint\",\"urlTemplate\":\"https:\\\/\\\/egytourpackages.com\\\/de\\\/?s={search_term_string}\"},\"query-input\":{\"@type\":\"PropertyValueSpecification\",\"valueRequired\":true,\"valueName\":\"search_term_string\"}}],\"inLanguage\":\"de\"},{\"@type\":[\"Organization\",\"Place\",\"TravelAgency\"],\"@id\":\"https:\\\/\\\/egytourpackages.com\\\/de\\\/#organization\",\"name\":\"egypt tour packages\",\"alternateName\":\"egypt tour packages\",\"url\":\"https:\\\/\\\/egytourpackages.com\\\/de\\\/\",\"logo\":{\"@id\":\"https:\\\/\\\/egytourpackages.com\\\/de\\\/touren\\\/morgen-quad-biking-desert-safari-von-hurghada\\\/#local-main-organization-logo\"},\"image\":{\"@id\":\"https:\\\/\\\/egytourpackages.com\\\/de\\\/touren\\\/morgen-quad-biking-desert-safari-von-hurghada\\\/#local-main-organization-logo\"},\"sameAs\":[\"https:\\\/\\\/www.facebook.com\\\/egytourpackages\"],\"legalName\":\"Egy tour packages\",\"address\":{\"@id\":\"https:\\\/\\\/egytourpackages.com\\\/de\\\/touren\\\/morgen-quad-biking-desert-safari-von-hurghada\\\/#local-main-place-address\"},\"telephone\":[\"00201000852186\",\"00201028685533\"],\"contactPoint\":{\"@type\":\"ContactPoint\",\"telephone\":\"00201000852186\"},\"openingHoursSpecification\":[{\"@type\":\"OpeningHoursSpecification\",\"dayOfWeek\":[\"Monday\",\"Tuesday\",\"Wednesday\",\"Thursday\",\"Friday\",\"Saturday\",\"Sunday\"],\"opens\":\"00:00\",\"closes\":\"23:59\"}],\"email\":\"info@egytourpackages.com\",\"areaServed\":\"Cairo, Hurghada, Luxor, Sharm El Sheikh, Marsa Alam, Aswan\",\"priceRange\":\"$\",\"currenciesAccepted\":\"euro\",\"paymentAccepted\":\"Payment links online\"},{\"@type\":\"PostalAddress\",\"@id\":\"https:\\\/\\\/egytourpackages.com\\\/de\\\/touren\\\/morgen-quad-biking-desert-safari-von-hurghada\\\/#local-main-place-address\",\"streetAddress\":\"Mubarak 8, Al Kawthar District, Hurghada\",\"addressLocality\":\"Hurghada\",\"postalCode\":\"84511\",\"addressRegion\":\"Red Sea\",\"addressCountry\":\"EG\"},{\"@type\":\"ImageObject\",\"inLanguage\":\"de\",\"@id\":\"https:\\\/\\\/egytourpackages.com\\\/de\\\/touren\\\/morgen-quad-biking-desert-safari-von-hurghada\\\/#local-main-organization-logo\",\"url\":\"https:\\\/\\\/egytourpackages.com\\\/wp-content\\\/uploads\\\/2025\\\/12\\\/Turquoise-Dahabiya-Nile-Cruise-1.jpeg\",\"contentUrl\":\"https:\\\/\\\/egytourpackages.com\\\/wp-content\\\/uploads\\\/2025\\\/12\\\/Turquoise-Dahabiya-Nile-Cruise-1.jpeg\",\"width\":1040,\"height\":694,\"caption\":\"egypt tour packages\"}]}<\/script>\n<meta property=\"product:brand\" content=\"\u00c4gypten Tagestouren\" \/>\n<meta property=\"product:price:amount\" content=\"20\" \/>\n<meta property=\"product:price:currency\" content=\"EUR\" \/>\n<meta property=\"og:availability\" content=\"instock\" \/>\n<meta property=\"product:availability\" content=\"instock\" \/>\n<meta property=\"product:retailer_item_id\" content=\"MBE07\" \/>\n<meta property=\"product:condition\" content=\"new\" \/>\n<meta name=\"geo.placename\" content=\"Hurghada\" \/>\n<meta name=\"geo.region\" content=\"\u00c4gypten\" \/>\n<!-- \/ Yoast SEO Premium plugin. -->","yoast_head_json":{"title":"Morgen Quad Biking Desert Safari von Hurghada","description":"Morgen Quad Biking Desert Safari von Hurghada | Genie\u00dfen Sie ein Erlebnis, das Fahrabenteuer, Natur und Kultur in einem aufregenden Paket vereint.","robots":{"index":"index","follow":"follow","max-snippet":"max-snippet:-1","max-image-preview":"max-image-preview:large","max-video-preview":"max-video-preview:-1"},"canonical":"https:\/\/egytourpackages.com\/de\/touren\/morgen-quad-biking-desert-safari-von-hurghada\/","og_locale":"de_DE","og_type":"article","og_title":"Morgen Quad Biking Desert Safari von Hurghada","og_description":"Morgen Quad Biking Desert Safari von Hurghada | Genie\u00dfen Sie ein Erlebnis, das Fahrabenteuer, Natur und Kultur in einem aufregenden Paket vereint.","og_url":"https:\/\/egytourpackages.com\/de\/touren\/morgen-quad-biking-desert-safari-von-hurghada\/","og_site_name":"\u00c4gypten-Reisepakete","article_publisher":"https:\/\/www.facebook.com\/egytourpackages","article_modified_time":"2026-01-28T23:40:43+00:00","og_image":[{"url":"https:\/\/egytourpackages.com\/wp-content\/uploads\/2025\/03\/Camel-ride-Hurghada-safari-1024x682.jpeg","type":"","width":"","height":""}],"twitter_card":"summary_large_image","twitter_title":"Morgen Quad Biking Desert Safari von Hurghada","twitter_misc":{"Preis":"&euro;20","Verf\u00fcgbarkeit":"Auf Lager"},"schema":{"@context":"https:\/\/schema.org","@graph":[{"@type":"WebPage","@id":"https:\/\/egytourpackages.com\/de\/touren\/morgen-quad-biking-desert-safari-von-hurghada\/","url":"https:\/\/egytourpackages.com\/de\/touren\/morgen-quad-biking-desert-safari-von-hurghada\/","name":"Morgen Quad Biking Desert Safari von Hurghada","isPartOf":{"@id":"https:\/\/egytourpackages.com\/de\/#website"},"primaryImageOfPage":{"@id":"https:\/\/egytourpackages.com\/de\/touren\/morgen-quad-biking-desert-safari-von-hurghada\/#primaryimage"},"image":{"@id":"https:\/\/egytourpackages.com\/de\/touren\/morgen-quad-biking-desert-safari-von-hurghada\/#primaryimage"},"thumbnailUrl":"https:\/\/egytourpackages.com\/wp-content\/uploads\/2025\/03\/Camel-ride-Hurghada-safari.jpeg","datePublished":"2025-05-24T22:03:54+00:00","dateModified":"2026-01-28T23:40:43+00:00","description":"Morgen Quad Biking Desert Safari von Hurghada | Genie\u00dfen Sie ein Erlebnis, das Fahrabenteuer, Natur und Kultur in einem aufregenden Paket vereint.","breadcrumb":{"@id":"https:\/\/egytourpackages.com\/de\/touren\/morgen-quad-biking-desert-safari-von-hurghada\/#breadcrumb"},"inLanguage":"de","potentialAction":[{"@type":"ReadAction","target":["https:\/\/egytourpackages.com\/de\/touren\/morgen-quad-biking-desert-safari-von-hurghada\/"]}]},{"@type":"ImageObject","inLanguage":"de","@id":"https:\/\/egytourpackages.com\/de\/touren\/morgen-quad-biking-desert-safari-von-hurghada\/#primaryimage","url":"https:\/\/egytourpackages.com\/wp-content\/uploads\/2025\/03\/Camel-ride-Hurghada-safari.jpeg","contentUrl":"https:\/\/egytourpackages.com\/wp-content\/uploads\/2025\/03\/Camel-ride-Hurghada-safari.jpeg","width":1280,"height":853,"caption":"Kamelritt Hurghada Safari"},{"@type":"BreadcrumbList","@id":"https:\/\/egytourpackages.com\/de\/touren\/morgen-quad-biking-desert-safari-von-hurghada\/#breadcrumb","itemListElement":[{"@type":"ListItem","position":1,"name":"Startseite","item":"https:\/\/egytourpackages.com\/de\/"},{"@type":"ListItem","position":2,"name":"Shop","item":"https:\/\/egytourpackages.com\/de\/shop\/"},{"@type":"ListItem","position":3,"name":"Morgen Quad Biking Desert Safari von Hurghada"}]},{"@type":"WebSite","@id":"https:\/\/egytourpackages.com\/de\/#website","url":"https:\/\/egytourpackages.com\/de\/","name":"Egy tour packages","description":"","publisher":{"@id":"https:\/\/egytourpackages.com\/de\/#organization"},"potentialAction":[{"@type":"SearchAction","target":{"@type":"EntryPoint","urlTemplate":"https:\/\/egytourpackages.com\/de\/?s={search_term_string}"},"query-input":{"@type":"PropertyValueSpecification","valueRequired":true,"valueName":"search_term_string"}}],"inLanguage":"de"},{"@type":["Organization","Place","TravelAgency"],"@id":"https:\/\/egytourpackages.com\/de\/#organization","name":"egypt tour packages","alternateName":"egypt tour packages","url":"https:\/\/egytourpackages.com\/de\/","logo":{"@id":"https:\/\/egytourpackages.com\/de\/touren\/morgen-quad-biking-desert-safari-von-hurghada\/#local-main-organization-logo"},"image":{"@id":"https:\/\/egytourpackages.com\/de\/touren\/morgen-quad-biking-desert-safari-von-hurghada\/#local-main-organization-logo"},"sameAs":["https:\/\/www.facebook.com\/egytourpackages"],"legalName":"Egy tour packages","address":{"@id":"https:\/\/egytourpackages.com\/de\/touren\/morgen-quad-biking-desert-safari-von-hurghada\/#local-main-place-address"},"telephone":["00201000852186","00201028685533"],"contactPoint":{"@type":"ContactPoint","telephone":"00201000852186"},"openingHoursSpecification":[{"@type":"OpeningHoursSpecification","dayOfWeek":["Monday","Tuesday","Wednesday","Thursday","Friday","Saturday","Sunday"],"opens":"00:00","closes":"23:59"}],"email":"info@egytourpackages.com","areaServed":"Cairo, Hurghada, Luxor, Sharm El Sheikh, Marsa Alam, Aswan","priceRange":"$","currenciesAccepted":"euro","paymentAccepted":"Payment links online"},{"@type":"PostalAddress","@id":"https:\/\/egytourpackages.com\/de\/touren\/morgen-quad-biking-desert-safari-von-hurghada\/#local-main-place-address","streetAddress":"Mubarak 8, Al Kawthar District, Hurghada","addressLocality":"Hurghada","postalCode":"84511","addressRegion":"Red Sea","addressCountry":"EG"},{"@type":"ImageObject","inLanguage":"de","@id":"https:\/\/egytourpackages.com\/de\/touren\/morgen-quad-biking-desert-safari-von-hurghada\/#local-main-organization-logo","url":"https:\/\/egytourpackages.com\/wp-content\/uploads\/2025\/12\/Turquoise-Dahabiya-Nile-Cruise-1.jpeg","contentUrl":"https:\/\/egytourpackages.com\/wp-content\/uploads\/2025\/12\/Turquoise-Dahabiya-Nile-Cruise-1.jpeg","width":1040,"height":694,"caption":"egypt tour packages"}]},"product_brand":"\u00c4gypten Tagestouren","product_price_amount":"20","product_price_currency":"EUR","og_availability":"instock","product_availability":"instock","product_retailer_item_id":"MBE07","product_condition":"new","geo.placename":"Hurghada","geo.region":"\u00c4gypten"},"_links":{"self":[{"href":"https:\/\/egytourpackages.com\/de\/wp-json\/wp\/v2\/product\/3925","targetHints":{"allow":["GET"]}}],"collection":[{"href":"https:\/\/egytourpackages.com\/de\/wp-json\/wp\/v2\/product"}],"about":[{"href":"https:\/\/egytourpackages.com\/de\/wp-json\/wp\/v2\/types\/product"}],"replies":[{"embeddable":true,"href":"https:\/\/egytourpackages.com\/de\/wp-json\/wp\/v2\/comments?post=3925"}],"wp:featuredmedia":[{"embeddable":true,"href":"https:\/\/egytourpackages.com\/de\/wp-json\/wp\/v2\/media\/3537"}],"wp:attachment":[{"href":"https:\/\/egytourpackages.com\/de\/wp-json\/wp\/v2\/media?parent=3925"}],"wp:term":[{"taxonomy":"product_brand","embeddable":true,"href":"https:\/\/egytourpackages.com\/de\/wp-json\/wp\/v2\/product_brand?post=3925"},{"taxonomy":"product_cat","embeddable":true,"href":"https:\/\/egytourpackages.com\/de\/wp-json\/wp\/v2\/product_cat?post=3925"},{"taxonomy":"product_tag","embeddable":true,"href":"https:\/\/egytourpackages.com\/de\/wp-json\/wp\/v2\/product_tag?post=3925"}],"curies":[{"name":"wp","href":"https:\/\/api.w.org\/{rel}","templated":true}]}}