{"id":3927,"date":"2024-06-24T00:35:48","date_gmt":"2024-06-24T00:35:48","guid":{"rendered":"https:\/\/egytourpackages.com\/?post_type=product&#038;p=3927"},"modified":"2026-01-28T11:05:37","modified_gmt":"2026-01-28T11:05:37","slug":"tagesausflug-nach-luxor-ab-hurghada-ohne-eintrittsgebuehren","status":"publish","type":"product","link":"https:\/\/egytourpackages.com\/de\/touren\/tagesausflug-nach-luxor-ab-hurghada-ohne-eintrittsgebuehren\/","title":{"rendered":"Tagesausflug nach Luxor von Hurghada ohne Eintrittspreise"},"content":{"rendered":"<p><span style=\"color: #ff6600;\"><strong>Tagesausflug nach Luxor von Hurghada ohne Eintrittspreise<\/strong><\/span><\/p>\n<p><strong>Buchen Sie jetzt<\/strong> Ihren <strong>Tagesausflug nach Luxor von Hurghada ohne Eintrittspreise<\/strong> und entdecken Sie vier <strong>ikonische Sehensw\u00fcrdigkeiten<\/strong> mit <strong>\u00c4gypten-Touren<\/strong>. <strong>Egy Tour Packages<\/strong> bietet diesen <strong>privaten Ausflug exklusive Eintrittspreise<\/strong> zu den besuchten St\u00e4tten an, damit Sie selbst <strong>w\u00e4hlen k\u00f6nnen, was Ihnen gef\u00e4llt<\/strong>. Generell sind <strong>\u00c4gypten-Tagestouren nach Luxor<\/strong> die beste M\u00f6glichkeit, die <strong>Attraktionen von Luxor<\/strong> zu entdecken. Sie k\u00f6nnen aus den <strong>Hurghada-Ausfl\u00fcgen<\/strong> die gew\u00fcnschte Reise und die zu besichtigenden Orte wie das <strong>Tal der K\u00f6nige<\/strong> und das <strong>Tal der Adligen<\/strong> ausw\u00e4hlen. Au\u00dferdem <strong>Medinet Habu<\/strong>, den <strong>Hatschepsut-Tempel<\/strong>, das Ramesseum und die <strong>Memnonkolosse<\/strong>. Des Weiteren den <strong>Karnak-Tempel<\/strong>, den <strong>Luxor-Tempel<\/strong> oder das <strong>Luxor-Museum<\/strong>. Kontaktieren Sie uns und lassen Sie uns die besten <strong>Luxor-Touren<\/strong> f\u00fcr Sie planen.<\/p>\n<p>Dieser ganzt\u00e4gige private Transfer bietet Ihnen die Flexibilit\u00e4t, die unglaublichen <strong>historischen St\u00e4tten von Luxor<\/strong> in Ihrem eigenen Tempo zu erkunden, wobei der Fokus auf den Attraktionen liegt, die Sie am meisten interessieren.<\/p>\n<p><strong>Details<\/strong><\/p>\n<ul>\n<li>Dauer: 14 Stunden<\/li>\n<li>Tour-Ort: Luxor<\/li>\n<li>Verf\u00fcgbarkeit der Tour: T\u00e4glich<\/li>\n<li>Abholung &amp; R\u00fcckgabe: Ihr Hotel in Hurghada<\/li>\n<li>Tour-Typ: Privat<\/li>\n<li>Rollstuhlgerecht: Zug\u00e4nglich<\/li>\n<\/ul>\n<p><strong>Inklusive Leistungen<\/strong><\/p>\n<ul>\n<li>Privater Rundtransfer mit neuem Fahrzeug<\/li>\n<li>Wasser w\u00e4hrend des Tages<\/li>\n<\/ul>\n<p><strong>Exklusive Leistungen<\/strong><\/p>\n<ul>\n<li>Mittagessen &amp; Getr\u00e4nke zum Mittagessen<\/li>\n<li>Eintrittspreise zu den besuchten St\u00e4tten<\/li>\n<li>Optionaler 30-min\u00fctiger Motorboot-Tour (\u20ac10 bar vor Ort zu zahlen)<\/li>\n<\/ul>\n<p><strong>Was Sie mitnehmen sollten<\/strong><\/p>\n<ul>\n<li>Hut, Sonnenbrille &amp; Sonnencreme<\/li>\n<li>Bequeme Schuhe und Kleidung<\/li>\n<li>Kleingeld f\u00fcr die Toilette<\/li>\n<\/ul>\n<p><strong>Reiseroute<\/strong><\/p>\n<p><strong>05:00 Uhr Hotelabholung<\/strong><\/p>\n<p>Ihr <strong>professioneller Fahrer<\/strong> holt Sie direkt von Ihrem Hotel in Hurghada in einem komfortablen, klimatisierten Fahrzeug ab. Genie\u00dfen Sie die <strong>malerische Fahrt<\/strong> durch die W\u00fcste in Richtung Niltal. Wasser in Flaschen wird bereitgestellt.<\/p>\n<p><strong>Kurze Pause<\/strong><\/p>\n<p>Gegen 07:00 Uhr genie\u00dfen Sie eine 20-min\u00fctige Kaffeepause in einer gem\u00fctlichen Lounge, um die Toilette zu benutzen (20 LE pro Person), zu fr\u00fchst\u00fccken und etwas zu trinken.<\/p>\n<p><strong>Ca. 09:00 Uhr: Ankunft in Luxor &amp; Westufer<\/strong><\/p>\n<p>Bei Ihrer Ankunft in Luxor bringt Sie Ihr Fahrer direkt zum <strong>Westufer<\/strong>, der alten Nekropole von Theben. Bitte informieren Sie Ihren Fahrer \u00fcber die vier von Ihnen gew\u00e4hlten Attraktionen aus der Liste unten. Wir empfehlen, mindestens zwei oder drei St\u00e4tten am Westufer auszuw\u00e4hlen, um die Effizienz zu maximieren.<\/p>\n<p><strong>Optionen f\u00fcr Attraktionen am Westufer<\/strong><\/p>\n<p><strong>Tal der K\u00f6nige<\/strong><\/p>\n<p>Treten Sie ein in die letzte Ruhest\u00e4tte der Pharaonen, einschlie\u00dflich <strong>Tutanchamun<\/strong>. Erkunden Sie eine Auswahl an wundersch\u00f6n dekorierten Gr\u00e4bern (typischerweise sind 3 Gr\u00e4ber im allgemeinen Eintrittsticket enthalten, mit zus\u00e4tzlichen Geb\u00fchren f\u00fcr bestimmte Gr\u00e4ber wie das von Tutanchamun). Bestaunen Sie die <strong>leuchtenden Hieroglyphen<\/strong> und <strong>alte Kunstwerke<\/strong>, die die Reise ins Jenseits darstellen.<\/p>\n<p><strong>Tal der K\u00f6niginnen<\/strong><\/p>\n<p>Entdecken Sie die <strong>Gr\u00e4ber der K\u00f6niginnen<\/strong> und K\u00f6nigskinder, wobei das ber\u00fchmteste das Grab der <strong>K\u00f6nigin Nefertari<\/strong> ist (erfordert ein zus\u00e4tzliches, oft erhebliches Ticket). Die verbleibenden Gr\u00e4ber bieten einen Einblick in das Leben und die \u00dcberzeugungen des alten \u00e4gyptischen K\u00f6nigtums.<\/p>\n<p><strong>Gr\u00e4ber der Adligen<\/strong><\/p>\n<p>Erkunden Sie die <strong>privaten Gr\u00e4ber hochrangiger Beamter und Schreiber<\/strong>. Diese Gr\u00e4ber bieten einen faszinierenden Kontrast zu den K\u00f6nigsgr\u00e4bern und zeigen das t\u00e4gliche Leben, Berufe und pers\u00f6nliche \u00dcberzeugungen durch ihre <strong>aufwendigen Wandmalereien<\/strong>. Ihr Fahrer kann Ihnen die zug\u00e4nglichsten und beeindruckendsten Adelsgr\u00e4ber empfehlen, die am Tag Ihres Besuchs ge\u00f6ffnet sind (Gr\u00e4ber von Sennefer &amp; Rekhmire).<\/p>\n<p><strong>Deir El-Medina (Arbeitersiedlung)<\/strong><\/p>\n<p>Dieser einzigartige Ort war die Heimat der Handwerker, die die K\u00f6nigsgr\u00e4ber bauten. Erkunden Sie die <strong>gut erhaltenen H\u00e4user<\/strong>, einen kleinen Tempel und die <strong>bemerkenswerten Gr\u00e4ber der Arbeiter<\/strong> selbst, die einen seltenen Einblick in das alte \u00e4gyptische Alltagsleben und die soziale Struktur bieten.<\/p>\n<p><strong>Medinet Habu (Tempel Ramses III.)<\/strong><\/p>\n<p>Ein wirklich beeindruckender und oft weniger \u00fcberlaufener Tempelkomplex. <strong>Medinet Habu<\/strong> ist bekannt f\u00fcr seine <strong>gut erhaltenen, lebendigen Reliefs<\/strong>, die die <strong>milit\u00e4rischen Siege Ramses III.<\/strong> und religi\u00f6se Feste darstellen. Das schiere Ausma\u00df und die Detailtreue sind atemberaubend.<\/p>\n<p><strong>Memnonkolosse<\/strong><\/p>\n<p>Diese beiden <strong>massiven Steinstatuen<\/strong> des Pharaos <strong>Amenophis III.<\/strong> bewachten einst den Eingang zu seinem Totentempel, der gr\u00f6\u00dftenteils verschwunden ist. Ein kurzer Fotostopp ist in der Regel ausreichend und vermittelt einen gro\u00dfartigen Eindruck vom Ausma\u00df der <strong>alt\u00e4gyptischen Architektur<\/strong>.<\/p>\n<p><strong>Hatschepsut-Tempel (Deir el-Bahari)<\/strong><\/p>\n<p>Ein <strong>pr\u00e4chtiges architektonisches Meisterwerk<\/strong>, das der <strong>weiblichen Pharaonin Hatschepsut<\/strong> gewidmet ist. In die Klippen gebaut, ist sein terrassiertes Design und seine eleganten Kolonnaden wirklich einzigartig. Erkunden Sie die verschiedenen Kapellen und Reliefs, die die Geschichte ihrer Herrschaft erz\u00e4hlen.<\/p>\n<p><strong>Erkundung des Ostufers (W\u00e4hlen Sie 1-2 Attraktionen)<\/strong><\/p>\n<p><strong>Karnak-Tempel des Amun<\/strong><\/p>\n<p>Die gr\u00f6\u00dfte alte religi\u00f6se St\u00e4tte der Welt, <strong>Karnak<\/strong>, ist ein weitl\u00e4ufiger Komplex aus <strong>Tempeln<\/strong>, Kapellen, Pylonen und Obelisken, die der Thebanischen Triade gewidmet sind. Verbringen Sie ausreichend Zeit damit, durch die <strong>Hypostylhalle<\/strong> mit ihren hoch aufragenden S\u00e4ulen zu wandern, den Heiligen See zu erkunden und die schiere Gr\u00f6\u00dfe dieser <strong>alten G\u00f6tterstadt<\/strong> zu bestaunen.<\/p>\n<p><strong>Luxor-Tempel<\/strong><\/p>\n<p>Im Herzen des modernen Luxor gelegen, ist dieser wundersch\u00f6ne Tempel besonders <strong>atemberaubend bei Sonnenuntergang<\/strong> oder nachts beleuchtet. Verbunden mit Karnak durch eine alte Sphinx-Allee, wurde der <strong>Luxor-Tempel<\/strong> haupts\u00e4chlich f\u00fcr Feste und Rituale genutzt, die dem Gott Amun gewidmet waren. Planen Sie 1,5 \u2013 2 Stunden ein.<\/p>\n<p><strong>Luxor-Museum<\/strong><\/p>\n<p>Ein <strong>gut kuratiertes Museum<\/strong>, das eine hervorragende Sammlung von Artefakten aus Luxor und Umgebung beherbergt, darunter exquisite Statuen, Grabbeigaben und Objekte aus Tutanchamuns Grab. Es bietet einen wertvollen Einblick in die <strong>Kunst und Geschichte des alten \u00c4gypten<\/strong>.<\/p>\n<p><strong>Abreise aus Luxor<\/strong><\/p>\n<p>Nachdem Sie Ihre vier gew\u00e4hlten Attraktionen besichtigt haben, beginnt Ihr Fahrer die R\u00fcckfahrt nach Hurghada sp\u00e4testens um 17:00 Uhr, um den Kontrollpunkt vor 18:00 Uhr zu passieren.<\/p>\n<p><strong>R\u00fcckgabe in Hurghada<\/strong><\/p>\n<p>Sie werden sicher in Ihrem Hotel in Hurghada abgesetzt und beenden Ihren faszinierenden <strong>Tagesausflug nach Luxor<\/strong>.<\/p>\n<p><strong>Tagesausflug nach Luxor von Hurghada ohne Eintrittspreise<\/strong><\/p>\n<ul>\n<li>Preis pro Fahrzeug: 150 \u20ac<\/li>\n<li>1 Person: 150 \u20ac<\/li>\n<li>2 Personen: 80 \u20ac pro Person<\/li>\n<li>3 Personen: 55 \u20ac pro Person<\/li>\n<li>Maximal 3 Personen<\/li>\n<\/ul>\n<p><strong>Buchung<\/strong><\/p>\n<p>Sie k\u00f6nnen Ihre Tour per <strong>WhatsApp<\/strong> oder per <strong>E-Mail<\/strong> buchen und erhalten die Best\u00e4tigung direkt vor Ort. Bitte senden Sie uns Ihren Hotelnamen, Zimmernummer und Reisepasskopien.<\/p>\n<ul>\n<li><strong>WhatsApp<\/strong>: +201000852186<\/li>\n<li><strong>E-Mail<\/strong>: info@egytourpackages.com<\/li>\n<\/ul>\n<p><strong>Jetzt buchen &amp; vor Ort bezahlen<\/strong><\/p>\n<p>Buchen Sie Ihre Lieblingstour und zahlen Sie am Reisetag.<\/p>\n<p><strong>Stornierungsbedingungen<\/strong><\/p>\n<ul>\n<li>Kostenlose Stornierung bis zu 24 Stunden im Voraus.<\/li>\n<li>Stornierung am Morgen betr\u00e4gt 50 % des Preises.<\/li>\n<\/ul>\n","protected":false},"excerpt":{"rendered":"<p>Tagesausflug nach Luxor von Hurghada ohne Eintrittspreise| Erkunden Sie die Sehensw\u00fcrdigkeiten von Luxor ab Hurghada an einem Tag<\/p>\n","protected":false},"featured_media":3252,"comment_status":"open","ping_status":"closed","template":"","meta":[],"product_brand":[],"product_cat":[1494],"product_tag":[1495,1503],"class_list":{"0":"post-3927","1":"product","2":"type-product","3":"status-publish","4":"has-post-thumbnail","6":"product_cat-touren","7":"product_tag-agypten-tagestouren","8":"product_tag-hurghada-ausfluge","9":"tour_category-agypten-tagestouren","10":"tour_category-hurghada-ausfluge","11":"tour_category-luxor-touren-ab-hurghada","13":"first","14":"instock","15":"sale","16":"shipping-taxable","17":"purchasable","18":"product-type-tour","19":"has-default-attributes"},"yoast_head":"<!-- This site is optimized with the Yoast SEO Premium plugin v27.2 (Yoast SEO v27.2) - https:\/\/yoast.com\/product\/yoast-seo-premium-wordpress\/ -->\n<title>Tagesausflug nach Luxor von Hurghada ohne Eintrittspreise<\/title>\n<meta name=\"description\" content=\"Tagesausflug nach Luxor von Hurghada ohne Eintrittspreise| Erkunden Sie die Sehensw\u00fcrdigkeiten von Luxor ab Hurghada an einem Tag\" \/>\n<meta name=\"robots\" content=\"index, follow, max-snippet:-1, max-image-preview:large, max-video-preview:-1\" \/>\n<link rel=\"canonical\" href=\"https:\/\/egytourpackages.com\/de\/touren\/tagesausflug-nach-luxor-ab-hurghada-ohne-eintrittsgebuehren\/\" \/>\n<meta property=\"og:locale\" content=\"de_DE\" \/>\n<meta property=\"og:type\" content=\"article\" \/>\n<meta property=\"og:title\" content=\"Tagesausflug nach Luxor von Hurghada ohne Eintrittspreise\" \/>\n<meta property=\"og:description\" content=\"Tagesausflug nach Luxor von Hurghada ohne Eintrittspreise| Erkunden Sie die Sehensw\u00fcrdigkeiten von Luxor ab Hurghada an einem Tag\" \/>\n<meta property=\"og:url\" content=\"https:\/\/egytourpackages.com\/de\/touren\/tagesausflug-nach-luxor-ab-hurghada-ohne-eintrittsgebuehren\/\" \/>\n<meta property=\"og:site_name\" content=\"\u00c4gypten-Reisepakete\" \/>\n<meta property=\"article:publisher\" content=\"https:\/\/www.facebook.com\/egytourpackages\" \/>\n<meta property=\"article:modified_time\" content=\"2026-01-28T11:05:37+00:00\" \/>\n<meta property=\"og:image\" content=\"https:\/\/egytourpackages.com\/wp-content\/uploads\/2024\/06\/Valley-of-the-Kings-Luxor-1024x682.jpg\" \/>\n<meta name=\"twitter:card\" content=\"summary_large_image\" \/>\n<meta name=\"twitter:title\" content=\"Tagesausflug nach Luxor von Hurghada ohne Eintrittspreise\" \/>\n<meta name=\"twitter:label1\" content=\"Preis\" \/>\n\t<meta name=\"twitter:data1\" content=\"&euro;50\" \/>\n\t<meta name=\"twitter:label2\" content=\"Verf\u00fcgbarkeit\" \/>\n\t<meta name=\"twitter:data2\" content=\"Auf Lager\" \/>\n<script type=\"application\/ld+json\" class=\"yoast-schema-graph\">{\"@context\":\"https:\/\/schema.org\",\"@graph\":[{\"@type\":\"WebPage\",\"@id\":\"https:\/\/egytourpackages.com\/de\/touren\/tagesausflug-nach-luxor-ab-hurghada-ohne-eintrittsgebuehren\/\",\"url\":\"https:\/\/egytourpackages.com\/de\/touren\/tagesausflug-nach-luxor-ab-hurghada-ohne-eintrittsgebuehren\/\",\"name\":\"Tagesausflug nach Luxor von Hurghada ohne Eintrittspreise\",\"isPartOf\":{\"@id\":\"https:\/\/egytourpackages.com\/de\/#website\"},\"primaryImageOfPage\":{\"@id\":\"https:\/\/egytourpackages.com\/de\/touren\/tagesausflug-nach-luxor-ab-hurghada-ohne-eintrittsgebuehren\/#primaryimage\"},\"image\":{\"@id\":\"https:\/\/egytourpackages.com\/de\/touren\/tagesausflug-nach-luxor-ab-hurghada-ohne-eintrittsgebuehren\/#primaryimage\"},\"thumbnailUrl\":\"https:\/\/egytourpackages.com\/wp-content\/uploads\/2024\/06\/Valley-of-the-Kings-Luxor.jpg\",\"datePublished\":\"2024-06-24T00:35:48+00:00\",\"dateModified\":\"2026-01-28T11:05:37+00:00\",\"description\":\"Tagesausflug nach Luxor von Hurghada ohne Eintrittspreise| Erkunden Sie die Sehensw\u00fcrdigkeiten von Luxor ab Hurghada an einem Tag\",\"breadcrumb\":{\"@id\":\"https:\/\/egytourpackages.com\/de\/touren\/tagesausflug-nach-luxor-ab-hurghada-ohne-eintrittsgebuehren\/#breadcrumb\"},\"inLanguage\":\"de\",\"potentialAction\":[{\"@type\":\"ReadAction\",\"target\":[\"https:\/\/egytourpackages.com\/de\/touren\/tagesausflug-nach-luxor-ab-hurghada-ohne-eintrittsgebuehren\/\"]}]},{\"@type\":\"ImageObject\",\"inLanguage\":\"de\",\"@id\":\"https:\/\/egytourpackages.com\/de\/touren\/tagesausflug-nach-luxor-ab-hurghada-ohne-eintrittsgebuehren\/#primaryimage\",\"url\":\"https:\/\/egytourpackages.com\/wp-content\/uploads\/2024\/06\/Valley-of-the-Kings-Luxor.jpg\",\"contentUrl\":\"https:\/\/egytourpackages.com\/wp-content\/uploads\/2024\/06\/Valley-of-the-Kings-Luxor.jpg\",\"width\":2000,\"height\":1333,\"caption\":\"Tagesausflug nach Luxor von Hurghada ohne Eintrittspreise| Erkunden Sie die Sehensw\u00fcrdigkeiten von Luxor ab Hurghada an einem Tag\"},{\"@type\":\"BreadcrumbList\",\"@id\":\"https:\/\/egytourpackages.com\/de\/touren\/tagesausflug-nach-luxor-ab-hurghada-ohne-eintrittsgebuehren\/#breadcrumb\",\"itemListElement\":[{\"@type\":\"ListItem\",\"position\":1,\"name\":\"Startseite\",\"item\":\"https:\/\/egytourpackages.com\/de\/\"},{\"@type\":\"ListItem\",\"position\":2,\"name\":\"Shop\",\"item\":\"https:\/\/egytourpackages.com\/de\/shop\/\"},{\"@type\":\"ListItem\",\"position\":3,\"name\":\"Tagesausflug nach Luxor von Hurghada ohne Eintrittspreise\"}]},{\"@type\":\"WebSite\",\"@id\":\"https:\/\/egytourpackages.com\/de\/#website\",\"url\":\"https:\/\/egytourpackages.com\/de\/\",\"name\":\"Egy tour packages\",\"description\":\"\",\"publisher\":{\"@id\":\"https:\/\/egytourpackages.com\/de\/#organization\"},\"potentialAction\":[{\"@type\":\"SearchAction\",\"target\":{\"@type\":\"EntryPoint\",\"urlTemplate\":\"https:\/\/egytourpackages.com\/de\/?s={search_term_string}\"},\"query-input\":{\"@type\":\"PropertyValueSpecification\",\"valueRequired\":true,\"valueName\":\"search_term_string\"}}],\"inLanguage\":\"de\"},{\"@type\":[\"Organization\",\"Place\",\"TravelAgency\"],\"@id\":\"https:\/\/egytourpackages.com\/de\/#organization\",\"name\":\"egypt tour packages\",\"alternateName\":\"egypt tour packages\",\"url\":\"https:\/\/egytourpackages.com\/de\/\",\"logo\":{\"@id\":\"https:\/\/egytourpackages.com\/de\/touren\/tagesausflug-nach-luxor-ab-hurghada-ohne-eintrittsgebuehren\/#local-main-organization-logo\"},\"image\":{\"@id\":\"https:\/\/egytourpackages.com\/de\/touren\/tagesausflug-nach-luxor-ab-hurghada-ohne-eintrittsgebuehren\/#local-main-organization-logo\"},\"sameAs\":[\"https:\/\/www.facebook.com\/egytourpackages\"],\"legalName\":\"Egy tour packages\",\"address\":{\"@id\":\"https:\/\/egytourpackages.com\/de\/touren\/tagesausflug-nach-luxor-ab-hurghada-ohne-eintrittsgebuehren\/#local-main-place-address\"},\"telephone\":[\"00201000852186\",\"00201028685533\"],\"contactPoint\":{\"@type\":\"ContactPoint\",\"telephone\":\"00201000852186\"},\"openingHoursSpecification\":[{\"@type\":\"OpeningHoursSpecification\",\"dayOfWeek\":[\"Monday\",\"Tuesday\",\"Wednesday\",\"Thursday\",\"Friday\",\"Saturday\",\"Sunday\"],\"opens\":\"00:00\",\"closes\":\"23:59\"}],\"email\":\"info@egytourpackages.com\",\"areaServed\":\"Cairo, Hurghada, Luxor, Sharm El Sheikh, Marsa Alam, Aswan\",\"priceRange\":\"$\",\"currenciesAccepted\":\"euro\",\"paymentAccepted\":\"Payment links online\"},{\"@type\":\"PostalAddress\",\"@id\":\"https:\/\/egytourpackages.com\/de\/touren\/tagesausflug-nach-luxor-ab-hurghada-ohne-eintrittsgebuehren\/#local-main-place-address\",\"streetAddress\":\"Mubarak 8, Al Kawthar District, Hurghada\",\"addressLocality\":\"Hurghada\",\"postalCode\":\"84511\",\"addressRegion\":\"Red Sea\",\"addressCountry\":\"EG\"},{\"@type\":\"ImageObject\",\"inLanguage\":\"de\",\"@id\":\"https:\/\/egytourpackages.com\/de\/touren\/tagesausflug-nach-luxor-ab-hurghada-ohne-eintrittsgebuehren\/#local-main-organization-logo\",\"url\":\"https:\/\/egytourpackages.com\/wp-content\/uploads\/2025\/12\/Turquoise-Dahabiya-Nile-Cruise-1.jpeg\",\"contentUrl\":\"https:\/\/egytourpackages.com\/wp-content\/uploads\/2025\/12\/Turquoise-Dahabiya-Nile-Cruise-1.jpeg\",\"width\":1040,\"height\":694,\"caption\":\"egypt tour packages\"}]}<\/script>\n<meta property=\"product:brand\" content=\"\u00c4gypten Tagestouren\" \/>\n<meta property=\"product:price:amount\" content=\"50\" \/>\n<meta property=\"product:price:currency\" content=\"EUR\" \/>\n<meta property=\"og:availability\" content=\"instock\" \/>\n<meta property=\"product:availability\" content=\"instock\" \/>\n<meta property=\"product:retailer_item_id\" content=\"HDT09\" \/>\n<meta property=\"product:condition\" content=\"new\" \/>\n<meta name=\"geo.placename\" content=\"Hurghada\" \/>\n<meta name=\"geo.region\" content=\"\u00c4gypten\" \/>\n<!-- \/ Yoast SEO Premium plugin. -->","yoast_head_json":{"title":"Tagesausflug nach Luxor von Hurghada ohne Eintrittspreise","description":"Tagesausflug nach Luxor von Hurghada ohne Eintrittspreise| Erkunden Sie die Sehensw\u00fcrdigkeiten von Luxor ab Hurghada an einem Tag","robots":{"index":"index","follow":"follow","max-snippet":"max-snippet:-1","max-image-preview":"max-image-preview:large","max-video-preview":"max-video-preview:-1"},"canonical":"https:\/\/egytourpackages.com\/de\/touren\/tagesausflug-nach-luxor-ab-hurghada-ohne-eintrittsgebuehren\/","og_locale":"de_DE","og_type":"article","og_title":"Tagesausflug nach Luxor von Hurghada ohne Eintrittspreise","og_description":"Tagesausflug nach Luxor von Hurghada ohne Eintrittspreise| Erkunden Sie die Sehensw\u00fcrdigkeiten von Luxor ab Hurghada an einem Tag","og_url":"https:\/\/egytourpackages.com\/de\/touren\/tagesausflug-nach-luxor-ab-hurghada-ohne-eintrittsgebuehren\/","og_site_name":"\u00c4gypten-Reisepakete","article_publisher":"https:\/\/www.facebook.com\/egytourpackages","article_modified_time":"2026-01-28T11:05:37+00:00","og_image":[{"url":"https:\/\/egytourpackages.com\/wp-content\/uploads\/2024\/06\/Valley-of-the-Kings-Luxor-1024x682.jpg","type":"","width":"","height":""}],"twitter_card":"summary_large_image","twitter_title":"Tagesausflug nach Luxor von Hurghada ohne Eintrittspreise","twitter_misc":{"Preis":"&euro;50","Verf\u00fcgbarkeit":"Auf Lager"},"schema":{"@context":"https:\/\/schema.org","@graph":[{"@type":"WebPage","@id":"https:\/\/egytourpackages.com\/de\/touren\/tagesausflug-nach-luxor-ab-hurghada-ohne-eintrittsgebuehren\/","url":"https:\/\/egytourpackages.com\/de\/touren\/tagesausflug-nach-luxor-ab-hurghada-ohne-eintrittsgebuehren\/","name":"Tagesausflug nach Luxor von Hurghada ohne Eintrittspreise","isPartOf":{"@id":"https:\/\/egytourpackages.com\/de\/#website"},"primaryImageOfPage":{"@id":"https:\/\/egytourpackages.com\/de\/touren\/tagesausflug-nach-luxor-ab-hurghada-ohne-eintrittsgebuehren\/#primaryimage"},"image":{"@id":"https:\/\/egytourpackages.com\/de\/touren\/tagesausflug-nach-luxor-ab-hurghada-ohne-eintrittsgebuehren\/#primaryimage"},"thumbnailUrl":"https:\/\/egytourpackages.com\/wp-content\/uploads\/2024\/06\/Valley-of-the-Kings-Luxor.jpg","datePublished":"2024-06-24T00:35:48+00:00","dateModified":"2026-01-28T11:05:37+00:00","description":"Tagesausflug nach Luxor von Hurghada ohne Eintrittspreise| Erkunden Sie die Sehensw\u00fcrdigkeiten von Luxor ab Hurghada an einem Tag","breadcrumb":{"@id":"https:\/\/egytourpackages.com\/de\/touren\/tagesausflug-nach-luxor-ab-hurghada-ohne-eintrittsgebuehren\/#breadcrumb"},"inLanguage":"de","potentialAction":[{"@type":"ReadAction","target":["https:\/\/egytourpackages.com\/de\/touren\/tagesausflug-nach-luxor-ab-hurghada-ohne-eintrittsgebuehren\/"]}]},{"@type":"ImageObject","inLanguage":"de","@id":"https:\/\/egytourpackages.com\/de\/touren\/tagesausflug-nach-luxor-ab-hurghada-ohne-eintrittsgebuehren\/#primaryimage","url":"https:\/\/egytourpackages.com\/wp-content\/uploads\/2024\/06\/Valley-of-the-Kings-Luxor.jpg","contentUrl":"https:\/\/egytourpackages.com\/wp-content\/uploads\/2024\/06\/Valley-of-the-Kings-Luxor.jpg","width":2000,"height":1333,"caption":"Tagesausflug nach Luxor von Hurghada ohne Eintrittspreise| Erkunden Sie die Sehensw\u00fcrdigkeiten von Luxor ab Hurghada an einem Tag"},{"@type":"BreadcrumbList","@id":"https:\/\/egytourpackages.com\/de\/touren\/tagesausflug-nach-luxor-ab-hurghada-ohne-eintrittsgebuehren\/#breadcrumb","itemListElement":[{"@type":"ListItem","position":1,"name":"Startseite","item":"https:\/\/egytourpackages.com\/de\/"},{"@type":"ListItem","position":2,"name":"Shop","item":"https:\/\/egytourpackages.com\/de\/shop\/"},{"@type":"ListItem","position":3,"name":"Tagesausflug nach Luxor von Hurghada ohne Eintrittspreise"}]},{"@type":"WebSite","@id":"https:\/\/egytourpackages.com\/de\/#website","url":"https:\/\/egytourpackages.com\/de\/","name":"Egy tour packages","description":"","publisher":{"@id":"https:\/\/egytourpackages.com\/de\/#organization"},"potentialAction":[{"@type":"SearchAction","target":{"@type":"EntryPoint","urlTemplate":"https:\/\/egytourpackages.com\/de\/?s={search_term_string}"},"query-input":{"@type":"PropertyValueSpecification","valueRequired":true,"valueName":"search_term_string"}}],"inLanguage":"de"},{"@type":["Organization","Place","TravelAgency"],"@id":"https:\/\/egytourpackages.com\/de\/#organization","name":"egypt tour packages","alternateName":"egypt tour packages","url":"https:\/\/egytourpackages.com\/de\/","logo":{"@id":"https:\/\/egytourpackages.com\/de\/touren\/tagesausflug-nach-luxor-ab-hurghada-ohne-eintrittsgebuehren\/#local-main-organization-logo"},"image":{"@id":"https:\/\/egytourpackages.com\/de\/touren\/tagesausflug-nach-luxor-ab-hurghada-ohne-eintrittsgebuehren\/#local-main-organization-logo"},"sameAs":["https:\/\/www.facebook.com\/egytourpackages"],"legalName":"Egy tour packages","address":{"@id":"https:\/\/egytourpackages.com\/de\/touren\/tagesausflug-nach-luxor-ab-hurghada-ohne-eintrittsgebuehren\/#local-main-place-address"},"telephone":["00201000852186","00201028685533"],"contactPoint":{"@type":"ContactPoint","telephone":"00201000852186"},"openingHoursSpecification":[{"@type":"OpeningHoursSpecification","dayOfWeek":["Monday","Tuesday","Wednesday","Thursday","Friday","Saturday","Sunday"],"opens":"00:00","closes":"23:59"}],"email":"info@egytourpackages.com","areaServed":"Cairo, Hurghada, Luxor, Sharm El Sheikh, Marsa Alam, Aswan","priceRange":"$","currenciesAccepted":"euro","paymentAccepted":"Payment links online"},{"@type":"PostalAddress","@id":"https:\/\/egytourpackages.com\/de\/touren\/tagesausflug-nach-luxor-ab-hurghada-ohne-eintrittsgebuehren\/#local-main-place-address","streetAddress":"Mubarak 8, Al Kawthar District, Hurghada","addressLocality":"Hurghada","postalCode":"84511","addressRegion":"Red Sea","addressCountry":"EG"},{"@type":"ImageObject","inLanguage":"de","@id":"https:\/\/egytourpackages.com\/de\/touren\/tagesausflug-nach-luxor-ab-hurghada-ohne-eintrittsgebuehren\/#local-main-organization-logo","url":"https:\/\/egytourpackages.com\/wp-content\/uploads\/2025\/12\/Turquoise-Dahabiya-Nile-Cruise-1.jpeg","contentUrl":"https:\/\/egytourpackages.com\/wp-content\/uploads\/2025\/12\/Turquoise-Dahabiya-Nile-Cruise-1.jpeg","width":1040,"height":694,"caption":"egypt tour packages"}]},"product_brand":"\u00c4gypten Tagestouren","product_price_amount":"50","product_price_currency":"EUR","og_availability":"instock","product_availability":"instock","product_retailer_item_id":"HDT09","product_condition":"new","geo.placename":"Hurghada","geo.region":"\u00c4gypten"},"_links":{"self":[{"href":"https:\/\/egytourpackages.com\/de\/wp-json\/wp\/v2\/product\/3927","targetHints":{"allow":["GET"]}}],"collection":[{"href":"https:\/\/egytourpackages.com\/de\/wp-json\/wp\/v2\/product"}],"about":[{"href":"https:\/\/egytourpackages.com\/de\/wp-json\/wp\/v2\/types\/product"}],"replies":[{"embeddable":true,"href":"https:\/\/egytourpackages.com\/de\/wp-json\/wp\/v2\/comments?post=3927"}],"wp:featuredmedia":[{"embeddable":true,"href":"https:\/\/egytourpackages.com\/de\/wp-json\/wp\/v2\/media\/3252"}],"wp:attachment":[{"href":"https:\/\/egytourpackages.com\/de\/wp-json\/wp\/v2\/media?parent=3927"}],"wp:term":[{"taxonomy":"product_brand","embeddable":true,"href":"https:\/\/egytourpackages.com\/de\/wp-json\/wp\/v2\/product_brand?post=3927"},{"taxonomy":"product_cat","embeddable":true,"href":"https:\/\/egytourpackages.com\/de\/wp-json\/wp\/v2\/product_cat?post=3927"},{"taxonomy":"product_tag","embeddable":true,"href":"https:\/\/egytourpackages.com\/de\/wp-json\/wp\/v2\/product_tag?post=3927"}],"curies":[{"name":"wp","href":"https:\/\/api.w.org\/{rel}","templated":true}]}}