{"id":3932,"date":"2023-07-27T00:32:34","date_gmt":"2023-07-27T00:32:34","guid":{"rendered":"https:\/\/egytourpackages.com\/product\/private-reise-nach-luxor-von-sahl-hasheesh\/"},"modified":"2026-01-28T20:57:37","modified_gmt":"2026-01-28T20:57:37","slug":"private-reise-nach-luxor-von-sahl-hasheesh","status":"publish","type":"product","link":"https:\/\/egytourpackages.com\/de\/touren\/private-reise-nach-luxor-von-sahl-hasheesh\/","title":{"rendered":"Private Reise nach Luxor von Sahl Hasheesh"},"content":{"rendered":"<p><strong><span style=\"color: #ff6600;\">Private Reise nach Luxor von Sahl Hasheesh | Beste \u00c4gypten Tagesausfl\u00fcge<\/span><\/strong><\/p>\n<h2><span style=\"color: #ff6600;\"><strong>\u00dcbersicht<\/strong><\/span><\/h2>\n<p>Eine private Reise nach Luxor von Sahl Hasheesh ist eine der besten Aktivit\u00e4ten in Hurghada mit \u00c4gypten-Touren. Sahl Hasheesh Ausfl\u00fcge bieten Luxor-Attraktionen zu einigen ikonischen St\u00e4tten wie dem Karnak-Tempel und dem Tal der K\u00f6nige mit Tutanchamuns Grab. Auch bei Ihren \u00c4gypten-Tagesausfl\u00fcgen k\u00f6nnen Sie den Hatschepsut-Tempel mit seinen wundersch\u00f6nen Szenen \u00fcber Landwirtschaft, Handel, Musik und Tanz im alten \u00c4gypten besuchen. Tats\u00e4chlich ist diese Tour ideal als Paarreise-Idee oder Touren f\u00fcr Senioren und f\u00fcr Liebhaber von erstaunlichen Sightseeing-Touren oder Kulturtouren. Buchen Sie Ihre private Tagestour nach Luxor von Sahl Hasheesh und erfreuen Sie Ihr Herz und Ihren Geist.<\/p>\n<h3><span style=\"color: #ff6600;\">Reiseinformationen<\/span><\/h3>\n<ul>\n<li>Dauer: 17 Stunden<\/li>\n<li>Reiseort: Luxor<\/li>\n<li>Verf\u00fcgbarkeit: T\u00e4glich<\/li>\n<li>Abholung und R\u00fcckfahrt: Ihr Hotel in Sahl Hasheesh<\/li>\n<li>Reiseart: Privat<\/li>\n<li>Rollstuhlgerecht<\/li>\n<\/ul>\n<h3><span style=\"color: #ff6600;\">Inklusive<\/span><\/h3>\n<ul>\n<li>Privater Hin- und R\u00fccktransfer mit einem neuen Fahrzeug<\/li>\n<li>Experte und \u00c4gyptologe als Reiseleiter<\/li>\n<li>Eintrittsgeb\u00fchr f\u00fcr alle Sehensw\u00fcrdigkeiten<\/li>\n<li>Mittagessen in einem lokalen Restaurant<\/li>\n<li>Wasser tags\u00fcber<\/li>\n<\/ul>\n<h3><span style=\"color: #ff6600;\">Nicht inbegriffen<\/span><\/h3>\n<ul>\n<li>Getr\u00e4nke zum Mittagessen<\/li>\n<li>KV9 \u2013 Ramses V., Ramses VI. Grab<\/li>\n<li>KV17 \u2013 Seti I. Grab<\/li>\n<li>KV62 \u2013 Tutanchamun Grab<\/li>\n<li>Trinkgeld<\/li>\n<\/ul>\n<h3><span style=\"color: #ff6600;\">Mitzubringen<\/span><\/h3>\n<ul>\n<li>Hut, Sonnenbrille und Sonnencreme<\/li>\n<li>Bequeme Schuhe und Kleidung<\/li>\n<li>Kleingeld f\u00fcr die Toilette<\/li>\n<\/ul>\n<h2><span style=\"color: #ff6600;\">Reiseplan<\/span><\/h2>\n<h3><span style=\"color: #ff6600;\">05:00 Uhr Hotelabholung<\/span><\/h3>\n<p>Ihr Reiseleiter wird Sie in der Hotellobby treffen, um Ihre Tour zu den Sehensw\u00fcrdigkeiten von Luxor von Sahl Hasheesh aus zu beginnen.<\/p>\n<h3><span style=\"color: #ff6600;\">07:00 Uhr Kurze Pause<\/span><\/h3>\n<p>Genie\u00dfen Sie eine 20-min\u00fctige Kaffeepause in einer gem\u00fctlichen Lounge, um die Toilette zu benutzen (20 l.e pro Person), Ihr Fr\u00fchst\u00fcck einzunehmen und ein Getr\u00e4nk zu genie\u00dfen.<\/p>\n<h3><span style=\"color: #ff6600;\">09:30 Uhr Karnak-Tempelkomplex<\/span><\/h3>\n<p>Ihre private Reise nach Luxor von Sahl Hasheesh beginnt am Ostufer des Nils mit dem gr\u00f6\u00dften Tempel der Welt. Entdecken Sie die H\u00f6hepunkte von Karnak wie den Karnak-Hafen und wie sie fr\u00fcher Steine und Waren zum Tempel transportierten. Bewundern Sie auch die Allee der Sphinxen mit Widderk\u00f6pfen und den ersten unvollendeten Pylon von Nektanebo I. Dann gehen Sie weiter, um den kleinen Tempel von Ramses III. zu sehen, der wie Barkenschreine f\u00fcr Amun, Mut und Khonsu genutzt wurde. Tats\u00e4chlich hat Karnak viel zu bieten, da es 250 Jahre Arbeit von mehr als 36 K\u00f6nigen und K\u00f6niginnen ben\u00f6tigte.<\/p>\n<p>Zum Beispiel k\u00f6nnen Sie das Freilichtmuseum besuchen, wo Sie die Rote Kapelle von Hatschepsut, die Wei\u00dfe Kapelle von Senusret I. und die Sekhmet-Statuen sehen k\u00f6nnen. Au\u00dferdem k\u00f6nnen Sie immer noch die Gro\u00dfe Hypostylhalle, den Heiligen See, den Hatshepsut-Obelisken und den gro\u00dfen Skarab\u00e4us bewundern. In der Zwischenzeit ist eine der wichtigsten historischen Quellen die Karnak-K\u00f6nigsliste, und hieroglyphische Reliefs berichten \u00fcber die alt\u00e4gyptische Religion, Schlachten und Rituale. Am Ende Ihrer Karnak-Tour werden Sie zu einem lokalen Restaurant gefahren, um Ihr Mittagessen zu genie\u00dfen.<\/p>\n<h3><span style=\"color: #ff6600;\">11:30 Uhr Mittagessen<\/span><\/h3>\n<p>Genie\u00dfen Sie Ihr frisch zubereitetes Mittagessen in einem lokalen Restaurant. Vegetarische Gerichte sind auf Wunsch ebenfalls erh\u00e4ltlich.<\/p>\n<h3><span style=\"color: #ff6600;\">12:15 Uhr Kurze Nilkreuzfahrt<\/span><\/h3>\n<p>Nach dem Mittagessen k\u00f6nnen Sie gegen Aufpreis eine 30-min\u00fctige Nilkreuzfahrt unternehmen, um die Bananeninsel zu besuchen und Luxor vom Wasser aus zu erkunden.<\/p>\n<h3><span style=\"color: #ff6600;\"><strong>12:50 Uhr Memnonkolosse<\/strong><\/span><\/h3>\n<p>Ihr n\u00e4chster Halt ist die Sehensw\u00fcrdigkeit Luxors am Westufer des Nils. Zu den Sehensw\u00fcrdigkeiten geh\u00f6ren die ber\u00fchmten Statuen Amenophis III., bekannt als Memnonkolosse. Einst schm\u00fcckten sie den Eingang des Mumifizierungstempels, der leider nicht mehr existiert. Ihr Reiseleiter erkl\u00e4rt Ihnen die Rituale der Mumifizierung und des Mund\u00f6ffnens sowie den Mythos hinter dem Namen.<\/p>\n<h3><span style=\"color: #ff6600;\">13:15 Uhr Tal der K\u00f6nige<\/span><\/h3>\n<p>Tats\u00e4chlich ist eine der besten Aktivit\u00e4ten in Luxor der Besuch des Tals der K\u00f6nige mit seinen erstaunlichen 63 Gr\u00e4bern. Mit Ihrem Eintrittsticket k\u00f6nnen Sie 3 Gr\u00e4ber besuchen und kostenlos Fotos im Inneren machen. Diese drei Gr\u00e4ber k\u00f6nnten 3 der folgenden Gr\u00e4ber sein.<\/p>\n<p>(KV 02) Ramses IV<br \/>\nGrab von Ramses III (KV 11)<br \/>\nGrab von Ramses IX. KV 6<br \/>\nGrab von Merenptah (KV 8)<br \/>\nDas Grab von Tausert und Setnakht (KV 14)<br \/>\nAu\u00dferdem k\u00f6nnen Sie gegen Aufpreis noch einige weitere Gr\u00e4ber hinzuf\u00fcgen, insbesondere das Grab von K\u00f6nig Tutanchamun, Ramses VI. oder das Grab von K\u00f6nig Seti I. All diese Gr\u00e4ber zeigen Teile des ber\u00fchmten Totenbuchs, des Buchs der H\u00f6hlen, des Buchs der heiligen Kuh und des Buchs von Tag und Nacht. Nachdem Sie Ihre 3 Gr\u00e4ber besucht und einige Fotos von der astronomischen Decke der Gr\u00e4ber gemacht haben, sind Sie bereit f\u00fcr Ihren letzten Stopp.<\/p>\n<h3><span style=\"color: #ff6600;\">14:45 Uhr Hatschepsut-Tempel<\/span><\/h3>\n<p>Der Totentempel der Hatschepsut befindet sich in Al Deir El Bahari in Luxor und bietet einen atemberaubenden Panoramablick auf das Westufer von Luxor. Dieser Tempel ist einzigartig, da er sich hinter dem Grab der K\u00f6nigin im Tal der K\u00f6nige befindet. Viele Historiker sind sich einig, dass der Tempel das Leben und die Mission der K\u00f6nigin widerspiegelt, da sie w\u00e4hrend ihrer 23-j\u00e4hrigen Thronbesteigung Liebe und Frieden verbreitete. K\u00fcrzlich wurden der Taltempel der Hatschepsut und einige ihrer M\u00e4nnergr\u00e4ber rund um den Tempel entdeckt. Es gibt hier viel zu sehen, darunter die Hathor-Kapelle, die Anubis-Kapelle, Szenen aus der Punt-Expedition und die Platanen, die sie aus Punt importierte.<\/p>\n<p>Der Tempel bietet au\u00dferdem beeindruckende Szenen aus dem Alltagsleben, wie die Landwirtschaft im alten \u00c4gypten, Erntezeremonien und Reliefs der g\u00f6ttlichen Geburt. Das Allerheiligste des Amun im dritten Stock beherbergt noch heute wundersch\u00f6ne Szenen und Statuen der K\u00f6nigin. Am Ende Ihrer Luxor-Tagestour von Sahl Hasheesh aus kehren Sie zu Ihrem Hotel zur\u00fcck.<\/p>\n<h3><span style=\"color: #ff6600;\">Private Reise nach Luxor von Sahl Hasheesh Preis<\/span><\/h3>\n<p>Erwachsenenpreis = 150 $<br \/>\nKinder von 0-5 Jahren = kostenlos<br \/>\nKinder von 5 bis 11 Jahren = 50% des Erwachsenenpreises<\/p>\n<h3><span style=\"color: #ff6600;\">Buchung<\/span><\/h3>\n<p>Sie k\u00f6nnen Ihre Tour \u00fcber WhatsApp buchen oder uns eine E-Mail senden, und Sie erhalten die Best\u00e4tigung vor Ort.<\/p>\n<p>Bitte senden Sie uns den Namen Ihres Hotels, die Zimmernummer und Kopien Ihres Reisepasses.<\/p>\n<p>WhatsApp:+201000852186<\/p>\n<p>info@egytourpackges.com<\/p>\n<h3><span style=\"color: #ff6600;\">Jetzt buchen &amp; vor Ort bezahlen<\/span><\/h3>\n<p>Buchen Sie Ihre Lieblingstour und bezahlen Sie am Reisetag.<\/p>\n<h3><span style=\"color: #ff6600;\">Zahlung<\/span><\/h3>\n<p>Sie k\u00f6nnen mit \u00e4gyptischen Pfund, $, \u20ac, oder \u00a3 bezahlen.<\/p>\n<h3><span style=\"color: #ff6600;\">Stornierungsbedingungen<\/span><\/h3>\n<ul>\n<li>Stornierungen sind bis zu 24 Stunden im Voraus kostenlos.<\/li>\n<li>Morgendliche Stornierung betr\u00e4gt 50% des Preises.<\/li>\n<\/ul>\n","protected":false},"excerpt":{"rendered":"<p>Private Reise nach Luxor von Sahl Hasheesh | Tal der K\u00f6nige, Totentempel der Hatschepsut, Kolosse von Memnon, Karnak-Tempelkomplex, Grab von Tutanchamun.<\/p>\n","protected":false},"featured_media":2903,"comment_status":"open","ping_status":"closed","template":"","meta":[],"product_brand":[],"product_cat":[1494],"product_tag":[1495,1516,1546],"class_list":{"0":"post-3932","1":"product","2":"type-product","3":"status-publish","4":"has-post-thumbnail","6":"product_cat-touren","7":"product_tag-agypten-tagestouren","8":"product_tag-karnak-tempel","9":"product_tag-sahl-hasheesh-ausfluge","10":"tour_category-agypten-tagestouren","11":"tour_category-luxor-touren-ab-hurghada","12":"tour_category-sahl-hasheesh-ausfluge","14":"first","15":"instock","16":"sale","17":"shipping-taxable","18":"purchasable","19":"product-type-tour","20":"has-default-attributes"},"yoast_head":"<!-- This site is optimized with the Yoast SEO Premium plugin v27.2 (Yoast SEO v27.2) - https:\/\/yoast.com\/product\/yoast-seo-premium-wordpress\/ -->\n<title>Private Reise nach Luxor von Sahl Hasheesh<\/title>\n<meta name=\"description\" content=\"Private Reise nach Luxor von Sahl Hasheesh | Tal der K\u00f6nige, Totentempel der Hatschepsut, Memnonkolosse, Tempelanlage von Karnak, Grab von Tutanchamun.\" \/>\n<meta name=\"robots\" content=\"index, follow, max-snippet:-1, max-image-preview:large, max-video-preview:-1\" \/>\n<link rel=\"canonical\" href=\"https:\/\/egytourpackages.com\/de\/touren\/private-reise-nach-luxor-von-sahl-hasheesh\/\" \/>\n<meta property=\"og:locale\" content=\"de_DE\" \/>\n<meta property=\"og:type\" content=\"article\" \/>\n<meta property=\"og:title\" content=\"Private Reise nach Luxor von Sahl Hasheesh\" \/>\n<meta property=\"og:description\" content=\"Private Reise nach Luxor von Sahl Hasheesh | Tal der K\u00f6nige, Totentempel der Hatschepsut, Memnonkolosse, Tempelanlage von Karnak, Grab von Tutanchamun.\" \/>\n<meta property=\"og:url\" content=\"https:\/\/egytourpackages.com\/de\/touren\/private-reise-nach-luxor-von-sahl-hasheesh\/\" \/>\n<meta property=\"og:site_name\" content=\"\u00c4gypten-Reisepakete\" \/>\n<meta property=\"article:publisher\" content=\"https:\/\/www.facebook.com\/egytourpackages\" \/>\n<meta property=\"article:modified_time\" content=\"2026-01-28T20:57:37+00:00\" \/>\n<meta property=\"og:image\" content=\"https:\/\/egytourpackages.com\/wp-content\/uploads\/2023\/07\/Valley-of-the-Kings-Luxor-1024x768.jpg\" \/>\n<meta name=\"twitter:card\" content=\"summary_large_image\" \/>\n<meta name=\"twitter:title\" content=\"Private Reise nach Luxor von Sahl Hasheesh\" \/>\n<meta name=\"twitter:description\" content=\"Private Reise nach Luxor von Sahl Hasheesh | Tal der K\u00f6nige, Totentempel der Hatschepsut, Memnonkolosse, Tempelanlage von Karnak, Grab von Tutanchamun.\" \/>\n<meta name=\"twitter:image\" content=\"https:\/\/egytourpackages.com\/wp-content\/uploads\/2023\/07\/Valley-of-the-Kings-Luxor-1024x768.jpg\" \/>\n<meta name=\"twitter:label1\" content=\"Preis\" \/>\n\t<meta name=\"twitter:data1\" content=\"&euro;150\" \/>\n\t<meta name=\"twitter:label2\" content=\"Verf\u00fcgbarkeit\" \/>\n\t<meta name=\"twitter:data2\" content=\"Auf Lager\" \/>\n<script type=\"application\/ld+json\" class=\"yoast-schema-graph\">{\"@context\":\"https:\/\/schema.org\",\"@graph\":[{\"@type\":\"WebPage\",\"@id\":\"https:\/\/egytourpackages.com\/de\/touren\/private-reise-nach-luxor-von-sahl-hasheesh\/\",\"url\":\"https:\/\/egytourpackages.com\/de\/touren\/private-reise-nach-luxor-von-sahl-hasheesh\/\",\"name\":\"Private Reise nach Luxor von Sahl Hasheesh\",\"isPartOf\":{\"@id\":\"https:\/\/egytourpackages.com\/de\/#website\"},\"primaryImageOfPage\":{\"@id\":\"https:\/\/egytourpackages.com\/de\/touren\/private-reise-nach-luxor-von-sahl-hasheesh\/#primaryimage\"},\"image\":{\"@id\":\"https:\/\/egytourpackages.com\/de\/touren\/private-reise-nach-luxor-von-sahl-hasheesh\/#primaryimage\"},\"thumbnailUrl\":\"https:\/\/egytourpackages.com\/wp-content\/uploads\/2023\/07\/Valley-of-the-Kings-Luxor.jpg\",\"datePublished\":\"2023-07-27T00:32:34+00:00\",\"dateModified\":\"2026-01-28T20:57:37+00:00\",\"description\":\"Private Reise nach Luxor von Sahl Hasheesh | Tal der K\u00f6nige, Totentempel der Hatschepsut, Memnonkolosse, Tempelanlage von Karnak, Grab von Tutanchamun.\",\"breadcrumb\":{\"@id\":\"https:\/\/egytourpackages.com\/de\/touren\/private-reise-nach-luxor-von-sahl-hasheesh\/#breadcrumb\"},\"inLanguage\":\"de\",\"potentialAction\":[{\"@type\":\"ReadAction\",\"target\":[\"https:\/\/egytourpackages.com\/de\/touren\/private-reise-nach-luxor-von-sahl-hasheesh\/\"]}]},{\"@type\":\"ImageObject\",\"inLanguage\":\"de\",\"@id\":\"https:\/\/egytourpackages.com\/de\/touren\/private-reise-nach-luxor-von-sahl-hasheesh\/#primaryimage\",\"url\":\"https:\/\/egytourpackages.com\/wp-content\/uploads\/2023\/07\/Valley-of-the-Kings-Luxor.jpg\",\"contentUrl\":\"https:\/\/egytourpackages.com\/wp-content\/uploads\/2023\/07\/Valley-of-the-Kings-Luxor.jpg\",\"width\":2000,\"height\":1500,\"caption\":\"Private Reise nach Luxor von Sahl Hasheesh\"},{\"@type\":\"BreadcrumbList\",\"@id\":\"https:\/\/egytourpackages.com\/de\/touren\/private-reise-nach-luxor-von-sahl-hasheesh\/#breadcrumb\",\"itemListElement\":[{\"@type\":\"ListItem\",\"position\":1,\"name\":\"Startseite\",\"item\":\"https:\/\/egytourpackages.com\/de\/\"},{\"@type\":\"ListItem\",\"position\":2,\"name\":\"Shop\",\"item\":\"https:\/\/egytourpackages.com\/de\/shop\/\"},{\"@type\":\"ListItem\",\"position\":3,\"name\":\"Private Reise nach Luxor von Sahl Hasheesh\"}]},{\"@type\":\"WebSite\",\"@id\":\"https:\/\/egytourpackages.com\/de\/#website\",\"url\":\"https:\/\/egytourpackages.com\/de\/\",\"name\":\"Egy tour packages\",\"description\":\"\",\"publisher\":{\"@id\":\"https:\/\/egytourpackages.com\/de\/#organization\"},\"potentialAction\":[{\"@type\":\"SearchAction\",\"target\":{\"@type\":\"EntryPoint\",\"urlTemplate\":\"https:\/\/egytourpackages.com\/de\/?s={search_term_string}\"},\"query-input\":{\"@type\":\"PropertyValueSpecification\",\"valueRequired\":true,\"valueName\":\"search_term_string\"}}],\"inLanguage\":\"de\"},{\"@type\":[\"Organization\",\"Place\",\"TravelAgency\"],\"@id\":\"https:\/\/egytourpackages.com\/de\/#organization\",\"name\":\"egypt tour packages\",\"alternateName\":\"egypt tour packages\",\"url\":\"https:\/\/egytourpackages.com\/de\/\",\"logo\":{\"@id\":\"https:\/\/egytourpackages.com\/de\/touren\/private-reise-nach-luxor-von-sahl-hasheesh\/#local-main-organization-logo\"},\"image\":{\"@id\":\"https:\/\/egytourpackages.com\/de\/touren\/private-reise-nach-luxor-von-sahl-hasheesh\/#local-main-organization-logo\"},\"sameAs\":[\"https:\/\/www.facebook.com\/egytourpackages\"],\"legalName\":\"Egy tour packages\",\"address\":{\"@id\":\"https:\/\/egytourpackages.com\/de\/touren\/private-reise-nach-luxor-von-sahl-hasheesh\/#local-main-place-address\"},\"telephone\":[\"00201000852186\",\"00201028685533\"],\"contactPoint\":{\"@type\":\"ContactPoint\",\"telephone\":\"00201000852186\"},\"openingHoursSpecification\":[{\"@type\":\"OpeningHoursSpecification\",\"dayOfWeek\":[\"Monday\",\"Tuesday\",\"Wednesday\",\"Thursday\",\"Friday\",\"Saturday\",\"Sunday\"],\"opens\":\"00:00\",\"closes\":\"23:59\"}],\"email\":\"info@egytourpackages.com\",\"areaServed\":\"Cairo, Hurghada, Luxor, Sharm El Sheikh, Marsa Alam, Aswan\",\"priceRange\":\"$\",\"currenciesAccepted\":\"euro\",\"paymentAccepted\":\"Payment links online\"},{\"@type\":\"PostalAddress\",\"@id\":\"https:\/\/egytourpackages.com\/de\/touren\/private-reise-nach-luxor-von-sahl-hasheesh\/#local-main-place-address\",\"streetAddress\":\"Mubarak 8, Al Kawthar District, Hurghada\",\"addressLocality\":\"Hurghada\",\"postalCode\":\"84511\",\"addressRegion\":\"Red Sea\",\"addressCountry\":\"EG\"},{\"@type\":\"ImageObject\",\"inLanguage\":\"de\",\"@id\":\"https:\/\/egytourpackages.com\/de\/touren\/private-reise-nach-luxor-von-sahl-hasheesh\/#local-main-organization-logo\",\"url\":\"https:\/\/egytourpackages.com\/wp-content\/uploads\/2025\/12\/Turquoise-Dahabiya-Nile-Cruise-1.jpeg\",\"contentUrl\":\"https:\/\/egytourpackages.com\/wp-content\/uploads\/2025\/12\/Turquoise-Dahabiya-Nile-Cruise-1.jpeg\",\"width\":1040,\"height\":694,\"caption\":\"egypt tour packages\"}]}<\/script>\n<meta property=\"product:brand\" content=\"\u00c4gypten Tagestouren\" \/>\n<meta property=\"product:price:amount\" content=\"150\" \/>\n<meta property=\"product:price:currency\" content=\"EUR\" \/>\n<meta property=\"og:availability\" content=\"instock\" \/>\n<meta property=\"product:availability\" content=\"instock\" \/>\n<meta property=\"product:retailer_item_id\" content=\"SHDT02\" \/>\n<meta property=\"product:condition\" content=\"new\" \/>\n<meta name=\"geo.placename\" content=\"Hurghada\" \/>\n<meta name=\"geo.region\" content=\"\u00c4gypten\" \/>\n<!-- \/ Yoast SEO Premium plugin. -->","yoast_head_json":{"title":"Private Reise nach Luxor von Sahl Hasheesh","description":"Private Reise nach Luxor von Sahl Hasheesh | Tal der K\u00f6nige, Totentempel der Hatschepsut, Memnonkolosse, Tempelanlage von Karnak, Grab von Tutanchamun.","robots":{"index":"index","follow":"follow","max-snippet":"max-snippet:-1","max-image-preview":"max-image-preview:large","max-video-preview":"max-video-preview:-1"},"canonical":"https:\/\/egytourpackages.com\/de\/touren\/private-reise-nach-luxor-von-sahl-hasheesh\/","og_locale":"de_DE","og_type":"article","og_title":"Private Reise nach Luxor von Sahl Hasheesh","og_description":"Private Reise nach Luxor von Sahl Hasheesh | Tal der K\u00f6nige, Totentempel der Hatschepsut, Memnonkolosse, Tempelanlage von Karnak, Grab von Tutanchamun.","og_url":"https:\/\/egytourpackages.com\/de\/touren\/private-reise-nach-luxor-von-sahl-hasheesh\/","og_site_name":"\u00c4gypten-Reisepakete","article_publisher":"https:\/\/www.facebook.com\/egytourpackages","article_modified_time":"2026-01-28T20:57:37+00:00","og_image":[{"url":"https:\/\/egytourpackages.com\/wp-content\/uploads\/2023\/07\/Valley-of-the-Kings-Luxor-1024x768.jpg","type":"","width":"","height":""}],"twitter_card":"summary_large_image","twitter_title":"Private Reise nach Luxor von Sahl Hasheesh","twitter_description":"Private Reise nach Luxor von Sahl Hasheesh | Tal der K\u00f6nige, Totentempel der Hatschepsut, Memnonkolosse, Tempelanlage von Karnak, Grab von Tutanchamun.","twitter_image":"https:\/\/egytourpackages.com\/wp-content\/uploads\/2023\/07\/Valley-of-the-Kings-Luxor-1024x768.jpg","twitter_misc":{"Preis":"&euro;150","Verf\u00fcgbarkeit":"Auf Lager"},"schema":{"@context":"https:\/\/schema.org","@graph":[{"@type":"WebPage","@id":"https:\/\/egytourpackages.com\/de\/touren\/private-reise-nach-luxor-von-sahl-hasheesh\/","url":"https:\/\/egytourpackages.com\/de\/touren\/private-reise-nach-luxor-von-sahl-hasheesh\/","name":"Private Reise nach Luxor von Sahl Hasheesh","isPartOf":{"@id":"https:\/\/egytourpackages.com\/de\/#website"},"primaryImageOfPage":{"@id":"https:\/\/egytourpackages.com\/de\/touren\/private-reise-nach-luxor-von-sahl-hasheesh\/#primaryimage"},"image":{"@id":"https:\/\/egytourpackages.com\/de\/touren\/private-reise-nach-luxor-von-sahl-hasheesh\/#primaryimage"},"thumbnailUrl":"https:\/\/egytourpackages.com\/wp-content\/uploads\/2023\/07\/Valley-of-the-Kings-Luxor.jpg","datePublished":"2023-07-27T00:32:34+00:00","dateModified":"2026-01-28T20:57:37+00:00","description":"Private Reise nach Luxor von Sahl Hasheesh | Tal der K\u00f6nige, Totentempel der Hatschepsut, Memnonkolosse, Tempelanlage von Karnak, Grab von Tutanchamun.","breadcrumb":{"@id":"https:\/\/egytourpackages.com\/de\/touren\/private-reise-nach-luxor-von-sahl-hasheesh\/#breadcrumb"},"inLanguage":"de","potentialAction":[{"@type":"ReadAction","target":["https:\/\/egytourpackages.com\/de\/touren\/private-reise-nach-luxor-von-sahl-hasheesh\/"]}]},{"@type":"ImageObject","inLanguage":"de","@id":"https:\/\/egytourpackages.com\/de\/touren\/private-reise-nach-luxor-von-sahl-hasheesh\/#primaryimage","url":"https:\/\/egytourpackages.com\/wp-content\/uploads\/2023\/07\/Valley-of-the-Kings-Luxor.jpg","contentUrl":"https:\/\/egytourpackages.com\/wp-content\/uploads\/2023\/07\/Valley-of-the-Kings-Luxor.jpg","width":2000,"height":1500,"caption":"Private Reise nach Luxor von Sahl Hasheesh"},{"@type":"BreadcrumbList","@id":"https:\/\/egytourpackages.com\/de\/touren\/private-reise-nach-luxor-von-sahl-hasheesh\/#breadcrumb","itemListElement":[{"@type":"ListItem","position":1,"name":"Startseite","item":"https:\/\/egytourpackages.com\/de\/"},{"@type":"ListItem","position":2,"name":"Shop","item":"https:\/\/egytourpackages.com\/de\/shop\/"},{"@type":"ListItem","position":3,"name":"Private Reise nach Luxor von Sahl Hasheesh"}]},{"@type":"WebSite","@id":"https:\/\/egytourpackages.com\/de\/#website","url":"https:\/\/egytourpackages.com\/de\/","name":"Egy tour packages","description":"","publisher":{"@id":"https:\/\/egytourpackages.com\/de\/#organization"},"potentialAction":[{"@type":"SearchAction","target":{"@type":"EntryPoint","urlTemplate":"https:\/\/egytourpackages.com\/de\/?s={search_term_string}"},"query-input":{"@type":"PropertyValueSpecification","valueRequired":true,"valueName":"search_term_string"}}],"inLanguage":"de"},{"@type":["Organization","Place","TravelAgency"],"@id":"https:\/\/egytourpackages.com\/de\/#organization","name":"egypt tour packages","alternateName":"egypt tour packages","url":"https:\/\/egytourpackages.com\/de\/","logo":{"@id":"https:\/\/egytourpackages.com\/de\/touren\/private-reise-nach-luxor-von-sahl-hasheesh\/#local-main-organization-logo"},"image":{"@id":"https:\/\/egytourpackages.com\/de\/touren\/private-reise-nach-luxor-von-sahl-hasheesh\/#local-main-organization-logo"},"sameAs":["https:\/\/www.facebook.com\/egytourpackages"],"legalName":"Egy tour packages","address":{"@id":"https:\/\/egytourpackages.com\/de\/touren\/private-reise-nach-luxor-von-sahl-hasheesh\/#local-main-place-address"},"telephone":["00201000852186","00201028685533"],"contactPoint":{"@type":"ContactPoint","telephone":"00201000852186"},"openingHoursSpecification":[{"@type":"OpeningHoursSpecification","dayOfWeek":["Monday","Tuesday","Wednesday","Thursday","Friday","Saturday","Sunday"],"opens":"00:00","closes":"23:59"}],"email":"info@egytourpackages.com","areaServed":"Cairo, Hurghada, Luxor, Sharm El Sheikh, Marsa Alam, Aswan","priceRange":"$","currenciesAccepted":"euro","paymentAccepted":"Payment links online"},{"@type":"PostalAddress","@id":"https:\/\/egytourpackages.com\/de\/touren\/private-reise-nach-luxor-von-sahl-hasheesh\/#local-main-place-address","streetAddress":"Mubarak 8, Al Kawthar District, Hurghada","addressLocality":"Hurghada","postalCode":"84511","addressRegion":"Red Sea","addressCountry":"EG"},{"@type":"ImageObject","inLanguage":"de","@id":"https:\/\/egytourpackages.com\/de\/touren\/private-reise-nach-luxor-von-sahl-hasheesh\/#local-main-organization-logo","url":"https:\/\/egytourpackages.com\/wp-content\/uploads\/2025\/12\/Turquoise-Dahabiya-Nile-Cruise-1.jpeg","contentUrl":"https:\/\/egytourpackages.com\/wp-content\/uploads\/2025\/12\/Turquoise-Dahabiya-Nile-Cruise-1.jpeg","width":1040,"height":694,"caption":"egypt tour packages"}]},"product_brand":"\u00c4gypten Tagestouren","product_price_amount":"150","product_price_currency":"EUR","og_availability":"instock","product_availability":"instock","product_retailer_item_id":"SHDT02","product_condition":"new","geo.placename":"Hurghada","geo.region":"\u00c4gypten"},"_links":{"self":[{"href":"https:\/\/egytourpackages.com\/de\/wp-json\/wp\/v2\/product\/3932","targetHints":{"allow":["GET"]}}],"collection":[{"href":"https:\/\/egytourpackages.com\/de\/wp-json\/wp\/v2\/product"}],"about":[{"href":"https:\/\/egytourpackages.com\/de\/wp-json\/wp\/v2\/types\/product"}],"replies":[{"embeddable":true,"href":"https:\/\/egytourpackages.com\/de\/wp-json\/wp\/v2\/comments?post=3932"}],"wp:featuredmedia":[{"embeddable":true,"href":"https:\/\/egytourpackages.com\/de\/wp-json\/wp\/v2\/media\/2903"}],"wp:attachment":[{"href":"https:\/\/egytourpackages.com\/de\/wp-json\/wp\/v2\/media?parent=3932"}],"wp:term":[{"taxonomy":"product_brand","embeddable":true,"href":"https:\/\/egytourpackages.com\/de\/wp-json\/wp\/v2\/product_brand?post=3932"},{"taxonomy":"product_cat","embeddable":true,"href":"https:\/\/egytourpackages.com\/de\/wp-json\/wp\/v2\/product_cat?post=3932"},{"taxonomy":"product_tag","embeddable":true,"href":"https:\/\/egytourpackages.com\/de\/wp-json\/wp\/v2\/product_tag?post=3932"}],"curies":[{"name":"wp","href":"https:\/\/api.w.org\/{rel}","templated":true}]}}