{"id":3968,"date":"2023-07-25T02:43:22","date_gmt":"2023-07-25T02:43:22","guid":{"rendered":"https:\/\/egytourpackages.com\/product\/dendera-und-abydos-tour-von-el-gouna\/"},"modified":"2026-01-28T21:10:45","modified_gmt":"2026-01-28T21:10:45","slug":"dendera-und-abydos-tour-von-el-gouna","status":"publish","type":"product","link":"https:\/\/egytourpackages.com\/de\/touren\/dendera-und-abydos-tour-von-el-gouna\/","title":{"rendered":"Dendera und Abydos Tour von El Gouna"},"content":{"rendered":"<p><strong><span style=\"color: #ff6600;\">Dendera und Abydos Tour von El Gouna | Die besten El Gouna Ausfl\u00fcge<\/span><\/strong><\/p>\n<p>Buchen Sie eine luxuri\u00f6se private Dendera- und Abydos-Tour von El Gouna mit privatem Fahrzeug, privatem F\u00fchrer und dem besten Service bei Egypt Tours. Diese El Gouna-Ausfl\u00fcge nach Dendera und Abydos versprechen eine unvergessliche Erkundung des kulturellen Erbes \u00c4gyptens. Genie\u00dfen Sie Ihr privates Auto, Ihren privaten F\u00fchrer und die besten Dienstleistungen, um die Geheimnisse von Dendera, dem Tempel der Hathor, zu erkunden. Bewundern Sie das Dendera-Zodiak, die Mondphasen, die Dendera-Gl\u00fchbirne, die Krypten und Mammisi. Danach werden Sie den gro\u00dfen Tempel des Seti I in Abydos besuchen, der voller Darstellungen der \u00e4gyptischen Mythologie, der Abydos-K\u00f6nigsliste und der heiligen Schreine ist. Ihre \u00c4gypten-Tagesausfl\u00fcge nach Dendera und Abydos werden Ihre Gelegenheit sein, tiefer in die Geheimnisse dieser antiken St\u00e4tten einzutauchen.<\/p>\n<h3><span style=\"color: #ff6600;\">Details<\/span><\/h3>\n<ul>\n<li>Dauer: 1 Tag<\/li>\n<li>Reiseort: Dendera \/ Abydos<\/li>\n<li>Verf\u00fcgbarkeit: T\u00e4glich<\/li>\n<li>Abholung &amp; R\u00fcckfahrt: Hotels in El Gouna<\/li>\n<li>Reiseart: Privat<\/li>\n<li>Rollstuhlgerecht<\/li>\n<\/ul>\n<h3><span style=\"color: #ff6600;\">Inklusivleistungen<\/span><\/h3>\n<ul>\n<li>Hin- und R\u00fccktransfer mit einem neuen Privatfahrzeug<\/li>\n<li>Experte und \u00c4gyptologe als Reiseleiter<\/li>\n<li>Eintrittsgeb\u00fchr f\u00fcr alle Sehensw\u00fcrdigkeiten<\/li>\n<li>Mittagessen in einem lokalen Restaurant<\/li>\n<li>Wasser tags\u00fcber<\/li>\n<\/ul>\n<h3><span style=\"color: #ff6600;\">Ausschl\u00fcsse<\/span><\/h3>\n<ul>\n<li>Getr\u00e4nke zum Mittagessen<\/li>\n<li>Trinkgeld<\/li>\n<\/ul>\n<h3><span style=\"color: #ff6600;\">Mitzubringen<\/span><\/h3>\n<ul>\n<li>Hut, Sonnenbrille und Sonnencreme<\/li>\n<li>Bequeme Schuhe und Kleidung<\/li>\n<\/ul>\n<h2><span style=\"color: #ff6600;\">Reiseroute<\/span><\/h2>\n<p>Sie treffen sich mit Ihrem Reiseleiter in der Lobby Ihres Hotels in El Gouna, nachdem Sie an der Rezeption Ihre Fr\u00fchst\u00fccksboxen gepfl\u00fcckt haben. Dann beginnen Sie Ihre El-Gouna-Exkursionen zum Dendera-Tempel und zum Abydos-Tempel mit einer kurzen Pause auf dem Weg zum Fr\u00fchst\u00fcck und zur Nutzung der Toiletten. Sie beginnen Ihre El Gouna Tagestouren mit dem Hathor-Tempel am westlichen Ufer des Nils.<\/p>\n<h3><span style=\"color: #ff6600;\">Dendera-Tempel | Hathor-Tempel<\/span><\/h3>\n<p>Betreten Sie den Dendera-Tempel und tauchen Sie ein in die mystische Welt eines der besterhaltenen Tempel \u00c4gyptens. Der Dendera-Tempel ist der Herzchakra-Tempel und der einzige, dessen Krypten Sie unter dem Tempel betreten k\u00f6nnen. Beginnen Sie am Trajan-Tor, bevor Sie das r\u00f6mische Mammisi-Tor, das pharaonische Nektanebos-Tor und die dazwischenliegende koptische Kirche besichtigen.<\/p>\n<p>Wenn Sie Ihren Rundgang von au\u00dfen beginnen, werden Sie viele interessante Geb\u00e4ude entdecken, darunter das Sanatorium, in dem psychisch Kranke untergebracht sind. Anschlie\u00dfend passieren Sie den alten Nilometer, den Heiligen See, an dem Priester gereinigt werden. Anschlie\u00dfend besuchen Sie die magische Isis-Kapelle und die Energie, die die Menschen dort sp\u00fcren. Gegen\u00fcber dieser Kapelle befindet sich der einzige Schauplatz f\u00fcr Kleopatra VII. Philopator und ihren Sohn Ptolom\u00e4us XV. Caesarion. Runden Sie Ihren Rundgang durch den Tempel ab und bewundern Sie die beeindruckende Darstellung der alt\u00e4gyptischen Kronen aus dieser Zeit.<\/p>\n<p>Nun geht es ins Innere des Tempels. Beginnen Sie mit der S\u00e4ulenhalle mit ihrer leuchtenden, himmlischen Decke, die die Sternbilder, die 15 Mondphasen sowie die Tag- und Nachtstunden darstellt. Au\u00dferdem sehen Sie die Krypten und den Dendera-Knollen, bevor Sie die Treppe zum Dach des Tempels hinaufsteigen, wo Sie das Himmelsrelief und die Osiris-Kapelle bewundern k\u00f6nnen. Nachdem Sie Ihre Fotos geschossen haben, fahren Sie mit Ihrem Guide zum Abydos-Tempel.<\/p>\n<p><strong>Mittagessen<\/strong><br \/>\nSie werden Ihr Mittagessen in einem lokalen Haus mit hausgemachtem Essen genie\u00dfen.<\/p>\n<h3><span style=\"color: #ff6600;\">Abydos-Tempel | Die Pilgerstadt<\/span><\/h3>\n<p>Der Tempel von Abydos in Sohag ist einer der farbenpr\u00e4chtigsten Tempel in ganz \u00c4gypten, begonnen von Seti I. und vollendet von Ramses II. und Merenptah. Der Tempel hat einige Szenen, die die meisten Menschen immer noch verwirren, wie den Abydos-Helikopter, das U-Boot und das Flugzeug. Au\u00dferdem hat der Tempel einzigartige 7 Schreine f\u00fcr Horus, Isis, Osiris, Amun Ra, Rahorakhty, Ptah und Seti I als Gott. Tats\u00e4chlich hat der Tempel die Abydos-K\u00f6nigsliste, die eine gro\u00dfartige Quelle f\u00fcr die \u00e4gyptischen K\u00f6nige von Meni bis Seti selbst ist. Sobald Sie den Tempel verlassen, werden Sie Osireion sehen, einen der mythischsten Orte in \u00c4gypten. Sp\u00e4ter machen Sie sich auf den Weg zur\u00fcck zu Ihrem Hotel in El Gouna.<\/p>\n<h3><span style=\"color: #ff6600;\">Dendera- und Abydos-Tour ab El Gouna: Preis<\/span><\/h3>\n<p>Erwachsenenpreis: 150 \u20ac<\/p>\n<p>Kinder von 0\u20135 Jahren: kostenlos<\/p>\n<p>Kinder von 5\u201311 Jahren: 50 % des Erwachsenenpreises<\/p>\n<h3><span style=\"color: #ff6600;\">Buchung<\/span><\/h3>\n<p>Buchen Sie Ihre El-Guna-Ausfl\u00fcge bequem per WhatsApp oder E-Mail. Sie erhalten die Best\u00e4tigung direkt vor Ort.<\/p>\n<p>Bitte teilen Sie uns Ihren Hotelnamen, Ihre Zimmernummer und Passkopien mit.<\/p>\n<p>WhatsApp:+201000852186<\/p>\n<p>info@egytourpackages.com<\/p>\n<h3><span style=\"color: #ff6600;\">Jetzt buchen &amp; vor Ort bezahlen<\/span><\/h3>\n<p>Buchen Sie Ihre Lieblingstour und bezahlen Sie am Reisetag.<\/p>\n<h3><span style=\"color: #ff6600;\">Zahlung<\/span><\/h3>\n<p>Sie k\u00f6nnen in \u00c4gyptischen Pfund, $, \u20ac oder \u00a3 bezahlen.<\/p>\n<h3><span style=\"color: #ff6600;\">Stornierungsbedingungen<\/span><\/h3>\n<ul>\n<li>Stornierung bis 24 Stunden vor Reisebeginn kostenlos.<\/li>\n<li>Stornierung am Morgen: 50 % des Reisepreises<\/li>\n<\/ul>\n","protected":false},"excerpt":{"rendered":"<p>Eine faszinierendeDendera und Abydos Tour von El Gouna. Entdecken Sie antike Tempel, Hieroglyphen und Geschichte. Buchen Sie jetzt Ihre unvergessliche Reise.<\/p>\n","protected":false},"featured_media":2891,"comment_status":"open","ping_status":"closed","template":"","meta":[],"product_brand":[],"product_cat":[1494],"product_tag":[1558,1559],"class_list":{"0":"post-3968","1":"product","2":"type-product","3":"status-publish","4":"has-post-thumbnail","6":"product_cat-touren","7":"product_tag-abydos-tempel","8":"product_tag-dendera-tempel","9":"tour_category-agypten-tagestouren","10":"tour_category-el-gouna-ausfluge","11":"tour_category-luxor-touren-ab-hurghada","13":"first","14":"instock","15":"sale","16":"shipping-taxable","17":"purchasable","18":"product-type-tour","19":"has-default-attributes"},"yoast_head":"<!-- This site is optimized with the Yoast SEO Premium plugin v27.2 (Yoast SEO v27.2) - https:\/\/yoast.com\/product\/yoast-seo-premium-wordpress\/ -->\n<title>Dendera und Abydos Tour von El Gouna<\/title>\n<meta name=\"description\" content=\"Eine faszinierendeDendera und Abydos Tour von El Gouna. Entdecken Sie antike Tempel, Hieroglyphen und Geschichte. Buchen Sie jetzt Ihre unvergessliche Reise\" \/>\n<meta name=\"robots\" content=\"index, follow, max-snippet:-1, max-image-preview:large, max-video-preview:-1\" \/>\n<link rel=\"canonical\" href=\"https:\/\/egytourpackages.com\/de\/touren\/dendera-und-abydos-tour-von-el-gouna\/\" \/>\n<meta property=\"og:locale\" content=\"de_DE\" \/>\n<meta property=\"og:type\" content=\"article\" \/>\n<meta property=\"og:title\" content=\"Dendera und Abydos Tour von El Gouna\" \/>\n<meta property=\"og:description\" content=\"Eine faszinierendeDendera und Abydos Tour von El Gouna. Entdecken Sie antike Tempel, Hieroglyphen und Geschichte. Buchen Sie jetzt Ihre unvergessliche Reise\" \/>\n<meta property=\"og:url\" content=\"https:\/\/egytourpackages.com\/de\/touren\/dendera-und-abydos-tour-von-el-gouna\/\" \/>\n<meta property=\"og:site_name\" content=\"\u00c4gypten-Reisepakete\" \/>\n<meta property=\"article:publisher\" content=\"https:\/\/www.facebook.com\/egytourpackages\" \/>\n<meta property=\"article:modified_time\" content=\"2026-01-28T21:10:45+00:00\" \/>\n<meta property=\"og:image\" content=\"https:\/\/egytourpackages.com\/wp-content\/uploads\/2023\/07\/Dendera-temple-1.jpg\" \/>\n\t<meta property=\"og:image:width\" content=\"2000\" \/>\n\t<meta property=\"og:image:height\" content=\"1333\" \/>\n\t<meta property=\"og:image:type\" content=\"image\/jpeg\" \/>\n<meta name=\"twitter:card\" content=\"summary_large_image\" \/>\n<meta name=\"twitter:title\" content=\"Dendera und Abydos Tour von El Gouna\" \/>\n<meta name=\"twitter:description\" content=\"Dendera und Abydos Tour von El Gouna | Buchen Sie den Dendera-Tempel und den Abydos-Tempel von El Gouna aus und erkunden Sie den Hathor-Tempel, die Dendera-Krypten und die Abydos-K\u00f6nigsliste\" \/>\n<meta name=\"twitter:label1\" content=\"Preis\" \/>\n\t<meta name=\"twitter:data1\" content=\"&euro;150\" \/>\n\t<meta name=\"twitter:label2\" content=\"Verf\u00fcgbarkeit\" \/>\n\t<meta name=\"twitter:data2\" content=\"Auf Lager\" \/>\n<script type=\"application\/ld+json\" class=\"yoast-schema-graph\">{\"@context\":\"https:\/\/schema.org\",\"@graph\":[{\"@type\":\"WebPage\",\"@id\":\"https:\/\/egytourpackages.com\/de\/touren\/dendera-und-abydos-tour-von-el-gouna\/\",\"url\":\"https:\/\/egytourpackages.com\/de\/touren\/dendera-und-abydos-tour-von-el-gouna\/\",\"name\":\"Dendera und Abydos Tour von El Gouna\",\"isPartOf\":{\"@id\":\"https:\/\/egytourpackages.com\/de\/#website\"},\"primaryImageOfPage\":{\"@id\":\"https:\/\/egytourpackages.com\/de\/touren\/dendera-und-abydos-tour-von-el-gouna\/#primaryimage\"},\"image\":{\"@id\":\"https:\/\/egytourpackages.com\/de\/touren\/dendera-und-abydos-tour-von-el-gouna\/#primaryimage\"},\"thumbnailUrl\":\"https:\/\/egytourpackages.com\/wp-content\/uploads\/2023\/07\/Dendera-temple-1.jpg\",\"datePublished\":\"2023-07-25T02:43:22+00:00\",\"dateModified\":\"2026-01-28T21:10:45+00:00\",\"description\":\"Eine faszinierendeDendera und Abydos Tour von El Gouna. Entdecken Sie antike Tempel, Hieroglyphen und Geschichte. Buchen Sie jetzt Ihre unvergessliche Reise\",\"breadcrumb\":{\"@id\":\"https:\/\/egytourpackages.com\/de\/touren\/dendera-und-abydos-tour-von-el-gouna\/#breadcrumb\"},\"inLanguage\":\"de\",\"potentialAction\":[{\"@type\":\"ReadAction\",\"target\":[\"https:\/\/egytourpackages.com\/de\/touren\/dendera-und-abydos-tour-von-el-gouna\/\"]}]},{\"@type\":\"ImageObject\",\"inLanguage\":\"de\",\"@id\":\"https:\/\/egytourpackages.com\/de\/touren\/dendera-und-abydos-tour-von-el-gouna\/#primaryimage\",\"url\":\"https:\/\/egytourpackages.com\/wp-content\/uploads\/2023\/07\/Dendera-temple-1.jpg\",\"contentUrl\":\"https:\/\/egytourpackages.com\/wp-content\/uploads\/2023\/07\/Dendera-temple-1.jpg\",\"width\":2000,\"height\":1333,\"caption\":\"Dendera und Abydos Tour von El Gouna\"},{\"@type\":\"BreadcrumbList\",\"@id\":\"https:\/\/egytourpackages.com\/de\/touren\/dendera-und-abydos-tour-von-el-gouna\/#breadcrumb\",\"itemListElement\":[{\"@type\":\"ListItem\",\"position\":1,\"name\":\"Startseite\",\"item\":\"https:\/\/egytourpackages.com\/de\/\"},{\"@type\":\"ListItem\",\"position\":2,\"name\":\"Shop\",\"item\":\"https:\/\/egytourpackages.com\/de\/shop\/\"},{\"@type\":\"ListItem\",\"position\":3,\"name\":\"Dendera und Abydos Tour von El Gouna\"}]},{\"@type\":\"WebSite\",\"@id\":\"https:\/\/egytourpackages.com\/de\/#website\",\"url\":\"https:\/\/egytourpackages.com\/de\/\",\"name\":\"Egy tour packages\",\"description\":\"\",\"publisher\":{\"@id\":\"https:\/\/egytourpackages.com\/de\/#organization\"},\"potentialAction\":[{\"@type\":\"SearchAction\",\"target\":{\"@type\":\"EntryPoint\",\"urlTemplate\":\"https:\/\/egytourpackages.com\/de\/?s={search_term_string}\"},\"query-input\":{\"@type\":\"PropertyValueSpecification\",\"valueRequired\":true,\"valueName\":\"search_term_string\"}}],\"inLanguage\":\"de\"},{\"@type\":[\"Organization\",\"Place\",\"TravelAgency\"],\"@id\":\"https:\/\/egytourpackages.com\/de\/#organization\",\"name\":\"egypt tour packages\",\"alternateName\":\"egypt tour packages\",\"url\":\"https:\/\/egytourpackages.com\/de\/\",\"logo\":{\"@id\":\"https:\/\/egytourpackages.com\/de\/touren\/dendera-und-abydos-tour-von-el-gouna\/#local-main-organization-logo\"},\"image\":{\"@id\":\"https:\/\/egytourpackages.com\/de\/touren\/dendera-und-abydos-tour-von-el-gouna\/#local-main-organization-logo\"},\"sameAs\":[\"https:\/\/www.facebook.com\/egytourpackages\"],\"legalName\":\"Egy tour packages\",\"address\":{\"@id\":\"https:\/\/egytourpackages.com\/de\/touren\/dendera-und-abydos-tour-von-el-gouna\/#local-main-place-address\"},\"telephone\":[\"00201000852186\",\"00201028685533\"],\"contactPoint\":{\"@type\":\"ContactPoint\",\"telephone\":\"00201000852186\"},\"openingHoursSpecification\":[{\"@type\":\"OpeningHoursSpecification\",\"dayOfWeek\":[\"Monday\",\"Tuesday\",\"Wednesday\",\"Thursday\",\"Friday\",\"Saturday\",\"Sunday\"],\"opens\":\"00:00\",\"closes\":\"23:59\"}],\"email\":\"info@egytourpackages.com\",\"areaServed\":\"Cairo, Hurghada, Luxor, Sharm El Sheikh, Marsa Alam, Aswan\",\"priceRange\":\"$\",\"currenciesAccepted\":\"euro\",\"paymentAccepted\":\"Payment links online\"},{\"@type\":\"PostalAddress\",\"@id\":\"https:\/\/egytourpackages.com\/de\/touren\/dendera-und-abydos-tour-von-el-gouna\/#local-main-place-address\",\"streetAddress\":\"Mubarak 8, Al Kawthar District, Hurghada\",\"addressLocality\":\"Hurghada\",\"postalCode\":\"84511\",\"addressRegion\":\"Red Sea\",\"addressCountry\":\"EG\"},{\"@type\":\"ImageObject\",\"inLanguage\":\"de\",\"@id\":\"https:\/\/egytourpackages.com\/de\/touren\/dendera-und-abydos-tour-von-el-gouna\/#local-main-organization-logo\",\"url\":\"https:\/\/egytourpackages.com\/wp-content\/uploads\/2025\/12\/Turquoise-Dahabiya-Nile-Cruise-1.jpeg\",\"contentUrl\":\"https:\/\/egytourpackages.com\/wp-content\/uploads\/2025\/12\/Turquoise-Dahabiya-Nile-Cruise-1.jpeg\",\"width\":1040,\"height\":694,\"caption\":\"egypt tour packages\"}]}<\/script>\n<meta property=\"product:brand\" content=\"\u00c4gypten Tagestouren\" \/>\n<meta property=\"product:price:amount\" content=\"150\" \/>\n<meta property=\"product:price:currency\" content=\"EUR\" \/>\n<meta property=\"og:availability\" content=\"instock\" \/>\n<meta property=\"product:availability\" content=\"instock\" \/>\n<meta property=\"product:retailer_item_id\" content=\"GDT03\" \/>\n<meta property=\"product:condition\" content=\"new\" \/>\n<meta name=\"geo.placename\" content=\"Hurghada\" \/>\n<meta name=\"geo.region\" content=\"\u00c4gypten\" \/>\n<!-- \/ Yoast SEO Premium plugin. -->","yoast_head_json":{"title":"Dendera und Abydos Tour von El Gouna","description":"Eine faszinierendeDendera und Abydos Tour von El Gouna. Entdecken Sie antike Tempel, Hieroglyphen und Geschichte. Buchen Sie jetzt Ihre unvergessliche Reise","robots":{"index":"index","follow":"follow","max-snippet":"max-snippet:-1","max-image-preview":"max-image-preview:large","max-video-preview":"max-video-preview:-1"},"canonical":"https:\/\/egytourpackages.com\/de\/touren\/dendera-und-abydos-tour-von-el-gouna\/","og_locale":"de_DE","og_type":"article","og_title":"Dendera und Abydos Tour von El Gouna","og_description":"Eine faszinierendeDendera und Abydos Tour von El Gouna. Entdecken Sie antike Tempel, Hieroglyphen und Geschichte. Buchen Sie jetzt Ihre unvergessliche Reise","og_url":"https:\/\/egytourpackages.com\/de\/touren\/dendera-und-abydos-tour-von-el-gouna\/","og_site_name":"\u00c4gypten-Reisepakete","article_publisher":"https:\/\/www.facebook.com\/egytourpackages","article_modified_time":"2026-01-28T21:10:45+00:00","og_image":[{"width":2000,"height":1333,"url":"https:\/\/egytourpackages.com\/wp-content\/uploads\/2023\/07\/Dendera-temple-1.jpg","type":"image\/jpeg"}],"twitter_card":"summary_large_image","twitter_title":"Dendera und Abydos Tour von El Gouna","twitter_description":"Dendera und Abydos Tour von El Gouna | Buchen Sie den Dendera-Tempel und den Abydos-Tempel von El Gouna aus und erkunden Sie den Hathor-Tempel, die Dendera-Krypten und die Abydos-K\u00f6nigsliste","twitter_misc":{"Preis":"&euro;150","Verf\u00fcgbarkeit":"Auf Lager"},"schema":{"@context":"https:\/\/schema.org","@graph":[{"@type":"WebPage","@id":"https:\/\/egytourpackages.com\/de\/touren\/dendera-und-abydos-tour-von-el-gouna\/","url":"https:\/\/egytourpackages.com\/de\/touren\/dendera-und-abydos-tour-von-el-gouna\/","name":"Dendera und Abydos Tour von El Gouna","isPartOf":{"@id":"https:\/\/egytourpackages.com\/de\/#website"},"primaryImageOfPage":{"@id":"https:\/\/egytourpackages.com\/de\/touren\/dendera-und-abydos-tour-von-el-gouna\/#primaryimage"},"image":{"@id":"https:\/\/egytourpackages.com\/de\/touren\/dendera-und-abydos-tour-von-el-gouna\/#primaryimage"},"thumbnailUrl":"https:\/\/egytourpackages.com\/wp-content\/uploads\/2023\/07\/Dendera-temple-1.jpg","datePublished":"2023-07-25T02:43:22+00:00","dateModified":"2026-01-28T21:10:45+00:00","description":"Eine faszinierendeDendera und Abydos Tour von El Gouna. Entdecken Sie antike Tempel, Hieroglyphen und Geschichte. Buchen Sie jetzt Ihre unvergessliche Reise","breadcrumb":{"@id":"https:\/\/egytourpackages.com\/de\/touren\/dendera-und-abydos-tour-von-el-gouna\/#breadcrumb"},"inLanguage":"de","potentialAction":[{"@type":"ReadAction","target":["https:\/\/egytourpackages.com\/de\/touren\/dendera-und-abydos-tour-von-el-gouna\/"]}]},{"@type":"ImageObject","inLanguage":"de","@id":"https:\/\/egytourpackages.com\/de\/touren\/dendera-und-abydos-tour-von-el-gouna\/#primaryimage","url":"https:\/\/egytourpackages.com\/wp-content\/uploads\/2023\/07\/Dendera-temple-1.jpg","contentUrl":"https:\/\/egytourpackages.com\/wp-content\/uploads\/2023\/07\/Dendera-temple-1.jpg","width":2000,"height":1333,"caption":"Dendera und Abydos Tour von El Gouna"},{"@type":"BreadcrumbList","@id":"https:\/\/egytourpackages.com\/de\/touren\/dendera-und-abydos-tour-von-el-gouna\/#breadcrumb","itemListElement":[{"@type":"ListItem","position":1,"name":"Startseite","item":"https:\/\/egytourpackages.com\/de\/"},{"@type":"ListItem","position":2,"name":"Shop","item":"https:\/\/egytourpackages.com\/de\/shop\/"},{"@type":"ListItem","position":3,"name":"Dendera und Abydos Tour von El Gouna"}]},{"@type":"WebSite","@id":"https:\/\/egytourpackages.com\/de\/#website","url":"https:\/\/egytourpackages.com\/de\/","name":"Egy tour packages","description":"","publisher":{"@id":"https:\/\/egytourpackages.com\/de\/#organization"},"potentialAction":[{"@type":"SearchAction","target":{"@type":"EntryPoint","urlTemplate":"https:\/\/egytourpackages.com\/de\/?s={search_term_string}"},"query-input":{"@type":"PropertyValueSpecification","valueRequired":true,"valueName":"search_term_string"}}],"inLanguage":"de"},{"@type":["Organization","Place","TravelAgency"],"@id":"https:\/\/egytourpackages.com\/de\/#organization","name":"egypt tour packages","alternateName":"egypt tour packages","url":"https:\/\/egytourpackages.com\/de\/","logo":{"@id":"https:\/\/egytourpackages.com\/de\/touren\/dendera-und-abydos-tour-von-el-gouna\/#local-main-organization-logo"},"image":{"@id":"https:\/\/egytourpackages.com\/de\/touren\/dendera-und-abydos-tour-von-el-gouna\/#local-main-organization-logo"},"sameAs":["https:\/\/www.facebook.com\/egytourpackages"],"legalName":"Egy tour packages","address":{"@id":"https:\/\/egytourpackages.com\/de\/touren\/dendera-und-abydos-tour-von-el-gouna\/#local-main-place-address"},"telephone":["00201000852186","00201028685533"],"contactPoint":{"@type":"ContactPoint","telephone":"00201000852186"},"openingHoursSpecification":[{"@type":"OpeningHoursSpecification","dayOfWeek":["Monday","Tuesday","Wednesday","Thursday","Friday","Saturday","Sunday"],"opens":"00:00","closes":"23:59"}],"email":"info@egytourpackages.com","areaServed":"Cairo, Hurghada, Luxor, Sharm El Sheikh, Marsa Alam, Aswan","priceRange":"$","currenciesAccepted":"euro","paymentAccepted":"Payment links online"},{"@type":"PostalAddress","@id":"https:\/\/egytourpackages.com\/de\/touren\/dendera-und-abydos-tour-von-el-gouna\/#local-main-place-address","streetAddress":"Mubarak 8, Al Kawthar District, Hurghada","addressLocality":"Hurghada","postalCode":"84511","addressRegion":"Red Sea","addressCountry":"EG"},{"@type":"ImageObject","inLanguage":"de","@id":"https:\/\/egytourpackages.com\/de\/touren\/dendera-und-abydos-tour-von-el-gouna\/#local-main-organization-logo","url":"https:\/\/egytourpackages.com\/wp-content\/uploads\/2025\/12\/Turquoise-Dahabiya-Nile-Cruise-1.jpeg","contentUrl":"https:\/\/egytourpackages.com\/wp-content\/uploads\/2025\/12\/Turquoise-Dahabiya-Nile-Cruise-1.jpeg","width":1040,"height":694,"caption":"egypt tour packages"}]},"product_brand":"\u00c4gypten Tagestouren","product_price_amount":"150","product_price_currency":"EUR","og_availability":"instock","product_availability":"instock","product_retailer_item_id":"GDT03","product_condition":"new","geo.placename":"Hurghada","geo.region":"\u00c4gypten"},"_links":{"self":[{"href":"https:\/\/egytourpackages.com\/de\/wp-json\/wp\/v2\/product\/3968","targetHints":{"allow":["GET"]}}],"collection":[{"href":"https:\/\/egytourpackages.com\/de\/wp-json\/wp\/v2\/product"}],"about":[{"href":"https:\/\/egytourpackages.com\/de\/wp-json\/wp\/v2\/types\/product"}],"replies":[{"embeddable":true,"href":"https:\/\/egytourpackages.com\/de\/wp-json\/wp\/v2\/comments?post=3968"}],"wp:featuredmedia":[{"embeddable":true,"href":"https:\/\/egytourpackages.com\/de\/wp-json\/wp\/v2\/media\/2891"}],"wp:attachment":[{"href":"https:\/\/egytourpackages.com\/de\/wp-json\/wp\/v2\/media?parent=3968"}],"wp:term":[{"taxonomy":"product_brand","embeddable":true,"href":"https:\/\/egytourpackages.com\/de\/wp-json\/wp\/v2\/product_brand?post=3968"},{"taxonomy":"product_cat","embeddable":true,"href":"https:\/\/egytourpackages.com\/de\/wp-json\/wp\/v2\/product_cat?post=3968"},{"taxonomy":"product_tag","embeddable":true,"href":"https:\/\/egytourpackages.com\/de\/wp-json\/wp\/v2\/product_tag?post=3968"}],"curies":[{"name":"wp","href":"https:\/\/api.w.org\/{rel}","templated":true}]}}