{"id":3969,"date":"2023-07-26T01:03:18","date_gmt":"2023-07-26T01:03:18","guid":{"rendered":"https:\/\/egytourpackages.com\/product\/private-tour-nach-kairo-von-el-gouna-mit-dem-flugzeug-el-gouna-ausfluege\/"},"modified":"2026-01-28T21:04:04","modified_gmt":"2026-01-28T21:04:04","slug":"private-tour-nach-kairo-von-el-gouna-mit-dem-flugzeug-el-gouna-ausfluege","status":"publish","type":"product","link":"https:\/\/egytourpackages.com\/de\/touren\/private-tour-nach-kairo-von-el-gouna-mit-dem-flugzeug-el-gouna-ausfluege\/","title":{"rendered":"Private Tour nach Kairo von El Gouna mit dem Flugzeug  | El Gouna Ausfl\u00fcge"},"content":{"rendered":"<p><span style=\"color: #ff6600;\"><strong>Private Tour nach Kairo von El Gouna mit dem Flugzeug | Buchung privater g\u00fcnstiger Preise in El Gouna<\/strong><\/span><\/p>\n<p>Touren nach Kairo mit dem Flugzeug | H\u00e4ngende Kirche, r\u00f6mische Festung, Ben Ezra Synagoge, das Gro\u00dfe \u00c4gyptische Museum, die Pyramiden von Gizeh, die Gro\u00dfe Sphinx, Tutanchamun-Sch\u00e4tze<\/p>\n<p>Erkunden Sie die Sehensw\u00fcrdigkeiten von Kairo mit Ihrer privaten Tour nach Kairo ab El Gouna mit dem Flugzeug. In der Tat erreichen Sie Kairo fr\u00fch und Sie haben die M\u00f6glichkeit, die \u00e4lteste Kirche in \u00c4gypten, Abu Serga und die ber\u00fchmte h\u00e4ngende Kirche zu besuchen. Au\u00dferdem besuchen Sie die \u00e4lteste Synagoge von Ben Ezra und die r\u00f6mische Festung als Teil Ihrer \u00c4gypten-Tagestouren. Dar\u00fcber hinaus werden Sie die ber\u00fchmten Pyramiden von Gizeh, die gro\u00dfe Sphinx und das Grand Egyptian Museum bestaunen. Am Ende Ihrer Tagestouren in Kairo k\u00f6nnen Sie eine kurze Nilkreuzfahrt auf dem Nil genie\u00dfen. Kontaktieren Sie uns und lassen Egy Tourpakete arrangieren Ihre El Gouna Ausfl\u00fcge nach Kairo mit privatem F\u00fchrer und besten Dienstleistungen, um alle Ihre Bed\u00fcrfnisse zu erf\u00fcllen.<\/p>\n<h3>Tourdetails<\/h3>\n<p>Dauer: 1 Tag<\/p>\n<p>Tour-Ort: Kairo \/ Gizeh<\/p>\n<p>Verf\u00fcgbarkeit der Tour: Jeden Tag<\/p>\n<p>Abholung &amp; R\u00fcckgabe: El Gouna Hotels<\/p>\n<p>Tourtyp: Privat<\/p>\n<h3>Tour-Highlights<\/h3>\n<p>Pyramiden von Gizeh<br \/>\nDie Gro\u00dfe Sphinx<br \/>\nTaltempel<br \/>\n\u00c4gyptisches Museum am Tahrir-Platz<br \/>\nH\u00e4ngende Kirche<br \/>\nAbu Serga Kirche<br \/>\nBen-Ezra-Synagoge<br \/>\nR\u00f6mische Festung<\/p>\n<h3>Inbegriffen<\/h3>\n<p>Eintrittspreise f\u00fcr alle im Programm genannten Sehensw\u00fcrdigkeiten<br \/>\nFlugtickets vom Flughafen Hurghada nach Kairo und zur\u00fcck<br \/>\nWissensreicher \u00c4gyptologe als Reiseleiter<br \/>\nMittagessen in Gizeh<br \/>\nRundtransfer mit einem neuen Markenfahrzeug<\/p>\n<h3>Ausschl\u00fcsse<\/h3>\n<p>Getr\u00e4nke w\u00e4hrend des Mittagessens<br \/>\nEintrittspreis f\u00fcr die Cheops-Pyramide<br \/>\nEintrittspreis f\u00fcr die Chephren-Pyramide<br \/>\nTrikgeld<\/p>\n<h2>Reiseverlauf<\/h2>\n<h3>Tag 1: El Gouna nach Kairo<\/h3>\n<p>Unser Reiseleiter holt Sie an der Rezeption Ihres Hotels in El Gouna ab und bringt Sie zum Flughafen Hurghada, von wo aus Sie Ihren Inlandsflug nach Kairo antreten. Bei Ihrer Ankunft erwartet Sie Ihr Reiseleiter mit einem Namensschild vor der Ankunftshalle des Flughafens Kairo. Sobald Sie im Auto sitzen, fahren Sie mit Ihrem Reiseleiter zu den Sehensw\u00fcrdigkeiten Kairos, darunter<\/p>\n<h3>Alt-Kairo<\/h3>\n<p>Alt-Kairo ist ein bedeutendes Viertel mit zahlreichen r\u00f6mischen, christlichen, j\u00fcdischen und islamischen Monumenten. Sie besuchen die r\u00f6mische Festung Babylon aus dem 1. Jahrhundert n. Chr., die einst als m\u00e4chtige Festung den strategischen Zugang des Nils zur \u00e4gyptischen Hauptstadt sch\u00fctzte. Anschlie\u00dfend besuchen Sie mit Ihrem Reiseleiter die H\u00e4ngende Kirche, eine der \u00e4ltesten Kirchen \u00c4gyptens, die auf zwei T\u00fcrmen der alten r\u00f6mischen Festung Babylon erbaut wurde. Die Kirche ist ber\u00fchmt f\u00fcr ihre Ikonen und war der Jungfrau Maria geweiht.<\/p>\n<p>Besuchen Sie mit Ihrem Reiseleiter die \u00e4lteste Kirche \u00c4gyptens, die auch als Kirche des Heiligen Sergius und Bacchus oder Abu-Serga-Kirche bekannt ist. Man nimmt an, dass diese Kirche genau an der Stelle errichtet wurde, an der die Heilige Familie \u2013 Josef, die Jungfrau Maria und das Jesuskind \u2013 auf ihrer Flucht nach \u00c4gypten Zuflucht suchte. Beenden Sie Ihre Tour mit der Ben-Esra-Synagoge, einer der bedeutendsten und \u00e4ltesten j\u00fcdischen St\u00e4tten \u00c4gyptens. Hier sehen Sie viele wundersch\u00f6ne Gegenst\u00e4nde wie die geschnitzte Bima (Kanzel) und den Schrein f\u00fcr die Thorarollen sowie geometrische Motive.<\/p>\n<p>Nachdem Sie Alt-Kairo hinter sich gelassen haben, geht es weiter zu Ihrem n\u00e4chsten Halt.<\/p>\n<h3>Das Gro\u00dfe \u00c4gyptische Museum mit<\/h3>\n<p>Ihr n\u00e4chster Halt wird das Grand Egyptian Museum sein, das weltweit gr\u00f6\u00dfte arch\u00e4ologische Museum, das der antiken \u00e4gyptischen Zivilisation gewidmet ist. In der Tat ist das GEM so gro\u00df und Sie werden es genie\u00dfen, noch bevor Sie das Museum betreten. Auf dem offenen Platz vor dem Eingang sehen Sie den einzigen H\u00e4ngenden Obelisk der Welt f\u00fcr Ramses den Gro\u00dfen mit seinem Stempelnamen am unteren Rand des Obelisken. Es wurde in Tanis in der Delata entdeckt und stammt aus dem Neuen Reich und gilt als ein technisches Wunder des GEM.<\/p>\n<p>Sobald Sie den Eingang passieren, werden Sie die kolossale Ramses finden, der Sie herzlich willkommen hei\u00dft, bevor Sie zur Merenptah-Siegess\u00e4ule \u00fcber das Seenvolk ziehen. Danach starten Sie die gro\u00dfe Treppe mit vielen Artefakten, die auf eine besondere Weise angeordnet sind, um die Geschichte der Pharoahs und ihrer Missionen von der Geburt bis zum Tod zu erz\u00e4hlen. Auch am Ende der gro\u00dfen Treppe genie\u00dfen Sie einen atemberaubenden Blick auf die Pyramiden von Gizeh. Es ist an der Zeit, die Galerien mit einer einzigartigen Ausstellung zu besuchen, um die \u00e4gyptische Zivilisation von der Pr\u00e4dynatikzeit bis zum Ende der griechisch-r\u00f6mischen Periode zu zeigen. Die Idee hier ist, dass Galerien arrangiert sind, um das K\u00f6nigtum, die Gesellschaft und die Religion in allen Zeiten zu zeigen.<\/p>\n<p>Am Ende Ihrer Tour haben Sie freie Zeit, um die Sch\u00e4tze von Tutanchamun zu bewundern, die in seinem Grab in Luxor gefunden wurden, das Sonnenboot und die k\u00f6niglichen Mumien gegen Geb\u00fchr.<\/p>\n<h3>Mittagessen<\/h3>\n<p>Nach der Erkundung des Museums genie\u00dfen Sie Ihr Mittagessen in einem sch\u00f6nen Restaurant in der N\u00e4he der Pyramiden. Sp\u00e4ter machen Sie Ihren letzten Halt bei den Pyramiden von Gizeh.<\/p>\n<h3>Pyramidenkomplex von Gizeh<\/h3>\n<p>Jetzt wird Ihr Lebenstraum wahr und Sie stehen den gro\u00dfen Pyramiden, die Sie immer im Fernsehen sehen und in der Schule lernen, Auge in Auge gegen\u00fcber. Wir versuchen, Ihre Tour einzigartig zu gestalten und Ihnen nicht nur die Geschichte, sondern auch das moderne Verst\u00e4ndnis der heilenden Energie der Pyramiden zu vermitteln. Sie k\u00f6nnen frei entscheiden, was Sie m\u00f6chten. Die Tour umfasst die Cheops-Pyramide, das einzige noch existierende Wunder, das Sie gegen Geb\u00fchr betreten k\u00f6nnen. Au\u00dferdem sehen Sie die Menkaure-Pyramide, die einzige mit einer Granitverkleidung. Au\u00dferdem besichtigen Sie die Gr\u00e4ber der Pyramidenbauer, den Reinigungstempel und die K\u00f6niginnenpyramiden, bevor Sie zur Gro\u00dfen Sphinx weiterfahren. Sie gelangen durch den Taltempel (Totentempel des Chephren) zur Sphinx.<\/p>\n<p>Laut einigen Historikern ist dies der Ort, an dem der K\u00f6nig mumifiziert wurde. Beenden Sie Ihre Tour mit Fotos der Sphinx und lauschen Sie Ihrem Guide, der die Geschichte der Traumstele und der R\u00e4ume im Inneren der Sphinx erz\u00e4hlt und erkl\u00e4rt, warum sie als Astraltor gilt.<\/p>\n<p>Am Ende Ihrer privaten Flugreise von El Gouna nach Kairo begleitet Sie Ihr Guide noch einmal zum Flughafen Kairo, um nach Hurghada zur\u00fcckzufliegen. Nach Ihrer Ankunft am Flughafen Hurghada bringt Sie unser Mitarbeiter zur\u00fcck zu Ihrem Hotel in El Gouna.<\/p>\n<h3>Private Tour nach Kairo von El Gouna mit dem Flugzeug Preis<\/h3>\n<p>Erwachsenenpreis = 270 $<\/p>\n<p>Kinder 0-5 Jahre = kostenlos<\/p>\n<p>Kinder 5-11 Jahre = 50% des Erwachsenenpreises<\/p>\n<h3>Buchung<\/h3>\n<p>Sie k\u00f6nnen Ihre El Gouna Ausfl\u00fcge \u00fcber WhatsApp buchen oder uns eine E-Mail senden und Sie erhalten die Best\u00e4tigung vor Ort.<\/p>\n<p>Bitte senden Sie uns Ihren Hotelnamen, Zimmernummer, Passkopien<\/p>\n<h3>WhatsApp Nummer<\/h3>\n<p>+201000852186<\/p>\n<p>info@egytourpackages.com<\/p>\n<h3>Jetzt buchen &amp; bezahlen vor Ort<\/h3>\n<p>Buchen Sie Ihre Lieblingstour und bezahlen Sie am Reisetag<\/p>\n<h3>Zahlung<\/h3>\n<p>Sie k\u00f6nnen mit \u00e4gyptischen Pfund, $, \u20ac\u00a0 oder \u00a3bezahlen.<\/p>\n<h4>Stornierungsbedingungen<\/h4>\n<p>Stornierung bis 24 Stunden im Voraus kostenlos<\/p>\n<p>Die Stornierung am Vormittag betr\u00e4gt 50% vom Preis<\/p>\n","protected":false},"excerpt":{"rendered":"<p>Private Tour nach Kairo von El Gouna mit dem Flugzeug | Erkunden Sie die H\u00e4ngende Kirche, das \u00c4gyptische Museum, die Pyramiden von Gizeh, die Gro\u00dfe Sphinx und die Sch\u00e4tze von Tutanchamun.<\/p>\n","protected":false},"featured_media":2897,"comment_status":"open","ping_status":"closed","template":"","meta":[],"product_brand":[],"product_cat":[1494],"product_tag":[1495,1507,1527],"class_list":{"0":"post-3969","1":"product","2":"type-product","3":"status-publish","4":"has-post-thumbnail","6":"product_cat-touren","7":"product_tag-agypten-tagestouren","8":"product_tag-el-gouna-ausfluge","9":"product_tag-pyramiden-von-gizeh","10":"tour_category-agypten-tagestouren","11":"tour_category-el-gouna-ausfluge","12":"tour_category-kairo-rundreisen-ab-hurghada","14":"first","15":"instock","16":"sale","17":"shipping-taxable","18":"purchasable","19":"product-type-tour","20":"has-default-attributes"},"yoast_head":"<!-- This site is optimized with the Yoast SEO Premium plugin v27.4 (Yoast SEO v27.4) - https:\/\/yoast.com\/product\/yoast-seo-premium-wordpress\/ -->\n<title>Private Tour nach Kairo von El Gouna mit dem Flugzeug<\/title>\n<meta name=\"description\" content=\"Private Tour nach Kairo von El Gouna mit dem Flugzeug | Erkunden Sie die H\u00e4ngende Kirche, das \u00c4gyptische Museum, die Pyramiden von Gizeh, die Gro\u00dfe Sphinx.\" \/>\n<meta name=\"robots\" content=\"index, follow, max-snippet:-1, max-image-preview:large, max-video-preview:-1\" \/>\n<link rel=\"canonical\" href=\"https:\/\/egytourpackages.com\/de\/touren\/private-tour-nach-kairo-von-el-gouna-mit-dem-flugzeug-el-gouna-ausfluege\/\" \/>\n<meta property=\"og:locale\" content=\"de_DE\" \/>\n<meta property=\"og:type\" content=\"article\" \/>\n<meta property=\"og:title\" content=\"Private Tour nach Kairo von El Gouna mit dem Flugzeug\" \/>\n<meta property=\"og:description\" content=\"Private Tour nach Kairo von El Gouna mit dem Flugzeug | Erkunden Sie die H\u00e4ngende Kirche, das \u00c4gyptische Museum, die Pyramiden von Gizeh, die Gro\u00dfe Sphinx und die Sch\u00e4tze von Tutanchamun.\" \/>\n<meta property=\"og:url\" content=\"https:\/\/egytourpackages.com\/de\/touren\/private-tour-nach-kairo-von-el-gouna-mit-dem-flugzeug-el-gouna-ausfluege\/\" \/>\n<meta property=\"og:site_name\" content=\"\u00c4gypten-Reisepakete\" \/>\n<meta property=\"article:publisher\" content=\"https:\/\/www.facebook.com\/egytourpackages\" \/>\n<meta property=\"article:modified_time\" content=\"2026-01-28T21:04:04+00:00\" \/>\n<meta property=\"og:image\" content=\"https:\/\/egytourpackages.com\/wp-content\/uploads\/2023\/07\/Private-Tour-to-Cairo-from-El-Gouna-by-plane.jpg\" \/>\n\t<meta property=\"og:image:width\" content=\"1000\" \/>\n\t<meta property=\"og:image:height\" content=\"664\" \/>\n\t<meta property=\"og:image:type\" content=\"image\/jpeg\" \/>\n<meta name=\"twitter:card\" content=\"summary_large_image\" \/>\n<meta name=\"twitter:title\" content=\"Private Tour nach Kairo von El Gouna mit dem Flugzeug\" \/>\n<meta name=\"twitter:description\" content=\"Private Tour nach Kairo von El Gouna mit dem Flugzeug | Erkunden Sie die H\u00e4ngende Kirche, das \u00c4gyptische Museum, die Pyramiden von Gizeh, die Gro\u00dfe Sphinx und die Sch\u00e4tze von Tutanchamun.\" \/>\n<meta name=\"twitter:label1\" content=\"Preis\" \/>\n\t<meta name=\"twitter:data1\" content=\"&euro;250\" \/>\n\t<meta name=\"twitter:label2\" content=\"Verf\u00fcgbarkeit\" \/>\n\t<meta name=\"twitter:data2\" content=\"Auf Lager\" \/>\n<script type=\"application\/ld+json\" class=\"yoast-schema-graph\">{\"@context\":\"https:\\\/\\\/schema.org\",\"@graph\":[{\"@type\":\"WebPage\",\"@id\":\"https:\\\/\\\/egytourpackages.com\\\/de\\\/touren\\\/private-tour-nach-kairo-von-el-gouna-mit-dem-flugzeug-el-gouna-ausfluege\\\/\",\"url\":\"https:\\\/\\\/egytourpackages.com\\\/de\\\/touren\\\/private-tour-nach-kairo-von-el-gouna-mit-dem-flugzeug-el-gouna-ausfluege\\\/\",\"name\":\"Private Tour nach Kairo von El Gouna mit dem Flugzeug\",\"isPartOf\":{\"@id\":\"https:\\\/\\\/egytourpackages.com\\\/de\\\/#website\"},\"primaryImageOfPage\":{\"@id\":\"https:\\\/\\\/egytourpackages.com\\\/de\\\/touren\\\/private-tour-nach-kairo-von-el-gouna-mit-dem-flugzeug-el-gouna-ausfluege\\\/#primaryimage\"},\"image\":{\"@id\":\"https:\\\/\\\/egytourpackages.com\\\/de\\\/touren\\\/private-tour-nach-kairo-von-el-gouna-mit-dem-flugzeug-el-gouna-ausfluege\\\/#primaryimage\"},\"thumbnailUrl\":\"https:\\\/\\\/egytourpackages.com\\\/wp-content\\\/uploads\\\/2023\\\/07\\\/Private-Tour-to-Cairo-from-El-Gouna-by-plane.jpg\",\"datePublished\":\"2023-07-26T01:03:18+00:00\",\"dateModified\":\"2026-01-28T21:04:04+00:00\",\"description\":\"Private Tour nach Kairo von El Gouna mit dem Flugzeug | Erkunden Sie die H\u00e4ngende Kirche, das \u00c4gyptische Museum, die Pyramiden von Gizeh, die Gro\u00dfe Sphinx.\",\"breadcrumb\":{\"@id\":\"https:\\\/\\\/egytourpackages.com\\\/de\\\/touren\\\/private-tour-nach-kairo-von-el-gouna-mit-dem-flugzeug-el-gouna-ausfluege\\\/#breadcrumb\"},\"inLanguage\":\"de\",\"potentialAction\":[{\"@type\":\"ReadAction\",\"target\":[\"https:\\\/\\\/egytourpackages.com\\\/de\\\/touren\\\/private-tour-nach-kairo-von-el-gouna-mit-dem-flugzeug-el-gouna-ausfluege\\\/\"]}]},{\"@type\":\"ImageObject\",\"inLanguage\":\"de\",\"@id\":\"https:\\\/\\\/egytourpackages.com\\\/de\\\/touren\\\/private-tour-nach-kairo-von-el-gouna-mit-dem-flugzeug-el-gouna-ausfluege\\\/#primaryimage\",\"url\":\"https:\\\/\\\/egytourpackages.com\\\/wp-content\\\/uploads\\\/2023\\\/07\\\/Private-Tour-to-Cairo-from-El-Gouna-by-plane.jpg\",\"contentUrl\":\"https:\\\/\\\/egytourpackages.com\\\/wp-content\\\/uploads\\\/2023\\\/07\\\/Private-Tour-to-Cairo-from-El-Gouna-by-plane.jpg\",\"width\":1000,\"height\":664,\"caption\":\"Private Tour nach Kairo von El Gouna mit dem Flugzeug\"},{\"@type\":\"BreadcrumbList\",\"@id\":\"https:\\\/\\\/egytourpackages.com\\\/de\\\/touren\\\/private-tour-nach-kairo-von-el-gouna-mit-dem-flugzeug-el-gouna-ausfluege\\\/#breadcrumb\",\"itemListElement\":[{\"@type\":\"ListItem\",\"position\":1,\"name\":\"Startseite\",\"item\":\"https:\\\/\\\/egytourpackages.com\\\/de\\\/\"},{\"@type\":\"ListItem\",\"position\":2,\"name\":\"Shop\",\"item\":\"https:\\\/\\\/egytourpackages.com\\\/de\\\/shop\\\/\"},{\"@type\":\"ListItem\",\"position\":3,\"name\":\"Private Tour nach Kairo von El Gouna mit dem Flugzeug | El Gouna Ausfl\u00fcge\"}]},{\"@type\":\"WebSite\",\"@id\":\"https:\\\/\\\/egytourpackages.com\\\/de\\\/#website\",\"url\":\"https:\\\/\\\/egytourpackages.com\\\/de\\\/\",\"name\":\"Egy tour packages\",\"description\":\"\",\"publisher\":{\"@id\":\"https:\\\/\\\/egytourpackages.com\\\/de\\\/#organization\"},\"potentialAction\":[{\"@type\":\"SearchAction\",\"target\":{\"@type\":\"EntryPoint\",\"urlTemplate\":\"https:\\\/\\\/egytourpackages.com\\\/de\\\/?s={search_term_string}\"},\"query-input\":{\"@type\":\"PropertyValueSpecification\",\"valueRequired\":true,\"valueName\":\"search_term_string\"}}],\"inLanguage\":\"de\"},{\"@type\":[\"Organization\",\"Place\",\"TravelAgency\"],\"@id\":\"https:\\\/\\\/egytourpackages.com\\\/de\\\/#organization\",\"name\":\"egypt tour packages\",\"alternateName\":\"egypt tour packages\",\"url\":\"https:\\\/\\\/egytourpackages.com\\\/de\\\/\",\"logo\":{\"@id\":\"https:\\\/\\\/egytourpackages.com\\\/de\\\/touren\\\/private-tour-nach-kairo-von-el-gouna-mit-dem-flugzeug-el-gouna-ausfluege\\\/#local-main-organization-logo\"},\"image\":{\"@id\":\"https:\\\/\\\/egytourpackages.com\\\/de\\\/touren\\\/private-tour-nach-kairo-von-el-gouna-mit-dem-flugzeug-el-gouna-ausfluege\\\/#local-main-organization-logo\"},\"sameAs\":[\"https:\\\/\\\/www.facebook.com\\\/egytourpackages\"],\"legalName\":\"Egy tour packages\",\"address\":{\"@id\":\"https:\\\/\\\/egytourpackages.com\\\/de\\\/touren\\\/private-tour-nach-kairo-von-el-gouna-mit-dem-flugzeug-el-gouna-ausfluege\\\/#local-main-place-address\"},\"telephone\":[\"00201000852186\",\"00201028685533\"],\"contactPoint\":{\"@type\":\"ContactPoint\",\"telephone\":\"00201000852186\"},\"openingHoursSpecification\":[{\"@type\":\"OpeningHoursSpecification\",\"dayOfWeek\":[\"Monday\",\"Tuesday\",\"Wednesday\",\"Thursday\",\"Friday\",\"Saturday\",\"Sunday\"],\"opens\":\"00:00\",\"closes\":\"23:59\"}],\"email\":\"info@egytourpackages.com\",\"areaServed\":\"Cairo, Hurghada, Luxor, Sharm El Sheikh, Marsa Alam, Aswan\",\"priceRange\":\"$\",\"currenciesAccepted\":\"euro\",\"paymentAccepted\":\"Payment links online\"},{\"@type\":\"PostalAddress\",\"@id\":\"https:\\\/\\\/egytourpackages.com\\\/de\\\/touren\\\/private-tour-nach-kairo-von-el-gouna-mit-dem-flugzeug-el-gouna-ausfluege\\\/#local-main-place-address\",\"streetAddress\":\"Mubarak 8, Al Kawthar District, Hurghada\",\"addressLocality\":\"Hurghada\",\"postalCode\":\"84511\",\"addressRegion\":\"Red Sea\",\"addressCountry\":\"EG\"},{\"@type\":\"ImageObject\",\"inLanguage\":\"de\",\"@id\":\"https:\\\/\\\/egytourpackages.com\\\/de\\\/touren\\\/private-tour-nach-kairo-von-el-gouna-mit-dem-flugzeug-el-gouna-ausfluege\\\/#local-main-organization-logo\",\"url\":\"https:\\\/\\\/egytourpackages.com\\\/wp-content\\\/uploads\\\/2025\\\/12\\\/Turquoise-Dahabiya-Nile-Cruise-1.jpeg\",\"contentUrl\":\"https:\\\/\\\/egytourpackages.com\\\/wp-content\\\/uploads\\\/2025\\\/12\\\/Turquoise-Dahabiya-Nile-Cruise-1.jpeg\",\"width\":1040,\"height\":694,\"caption\":\"egypt tour packages\"}]}<\/script>\n<meta property=\"product:brand\" content=\"\u00c4gypten Tagestouren\" \/>\n<meta property=\"product:price:amount\" content=\"250\" \/>\n<meta property=\"product:price:currency\" content=\"EUR\" \/>\n<meta property=\"og:availability\" content=\"instock\" \/>\n<meta property=\"product:availability\" content=\"instock\" \/>\n<meta property=\"product:retailer_item_id\" content=\"GDT05\" \/>\n<meta property=\"product:condition\" content=\"new\" \/>\n<meta name=\"geo.placename\" content=\"Hurghada\" \/>\n<meta name=\"geo.region\" content=\"\u00c4gypten\" \/>\n<!-- \/ Yoast SEO Premium plugin. -->","yoast_head_json":{"title":"Private Tour nach Kairo von El Gouna mit dem Flugzeug","description":"Private Tour nach Kairo von El Gouna mit dem Flugzeug | Erkunden Sie die H\u00e4ngende Kirche, das \u00c4gyptische Museum, die Pyramiden von Gizeh, die Gro\u00dfe Sphinx.","robots":{"index":"index","follow":"follow","max-snippet":"max-snippet:-1","max-image-preview":"max-image-preview:large","max-video-preview":"max-video-preview:-1"},"canonical":"https:\/\/egytourpackages.com\/de\/touren\/private-tour-nach-kairo-von-el-gouna-mit-dem-flugzeug-el-gouna-ausfluege\/","og_locale":"de_DE","og_type":"article","og_title":"Private Tour nach Kairo von El Gouna mit dem Flugzeug","og_description":"Private Tour nach Kairo von El Gouna mit dem Flugzeug | Erkunden Sie die H\u00e4ngende Kirche, das \u00c4gyptische Museum, die Pyramiden von Gizeh, die Gro\u00dfe Sphinx und die Sch\u00e4tze von Tutanchamun.","og_url":"https:\/\/egytourpackages.com\/de\/touren\/private-tour-nach-kairo-von-el-gouna-mit-dem-flugzeug-el-gouna-ausfluege\/","og_site_name":"\u00c4gypten-Reisepakete","article_publisher":"https:\/\/www.facebook.com\/egytourpackages","article_modified_time":"2026-01-28T21:04:04+00:00","og_image":[{"width":1000,"height":664,"url":"https:\/\/egytourpackages.com\/wp-content\/uploads\/2023\/07\/Private-Tour-to-Cairo-from-El-Gouna-by-plane.jpg","type":"image\/jpeg"}],"twitter_card":"summary_large_image","twitter_title":"Private Tour nach Kairo von El Gouna mit dem Flugzeug","twitter_description":"Private Tour nach Kairo von El Gouna mit dem Flugzeug | Erkunden Sie die H\u00e4ngende Kirche, das \u00c4gyptische Museum, die Pyramiden von Gizeh, die Gro\u00dfe Sphinx und die Sch\u00e4tze von Tutanchamun.","twitter_misc":{"Preis":"&euro;250","Verf\u00fcgbarkeit":"Auf Lager"},"schema":{"@context":"https:\/\/schema.org","@graph":[{"@type":"WebPage","@id":"https:\/\/egytourpackages.com\/de\/touren\/private-tour-nach-kairo-von-el-gouna-mit-dem-flugzeug-el-gouna-ausfluege\/","url":"https:\/\/egytourpackages.com\/de\/touren\/private-tour-nach-kairo-von-el-gouna-mit-dem-flugzeug-el-gouna-ausfluege\/","name":"Private Tour nach Kairo von El Gouna mit dem Flugzeug","isPartOf":{"@id":"https:\/\/egytourpackages.com\/de\/#website"},"primaryImageOfPage":{"@id":"https:\/\/egytourpackages.com\/de\/touren\/private-tour-nach-kairo-von-el-gouna-mit-dem-flugzeug-el-gouna-ausfluege\/#primaryimage"},"image":{"@id":"https:\/\/egytourpackages.com\/de\/touren\/private-tour-nach-kairo-von-el-gouna-mit-dem-flugzeug-el-gouna-ausfluege\/#primaryimage"},"thumbnailUrl":"https:\/\/egytourpackages.com\/wp-content\/uploads\/2023\/07\/Private-Tour-to-Cairo-from-El-Gouna-by-plane.jpg","datePublished":"2023-07-26T01:03:18+00:00","dateModified":"2026-01-28T21:04:04+00:00","description":"Private Tour nach Kairo von El Gouna mit dem Flugzeug | Erkunden Sie die H\u00e4ngende Kirche, das \u00c4gyptische Museum, die Pyramiden von Gizeh, die Gro\u00dfe Sphinx.","breadcrumb":{"@id":"https:\/\/egytourpackages.com\/de\/touren\/private-tour-nach-kairo-von-el-gouna-mit-dem-flugzeug-el-gouna-ausfluege\/#breadcrumb"},"inLanguage":"de","potentialAction":[{"@type":"ReadAction","target":["https:\/\/egytourpackages.com\/de\/touren\/private-tour-nach-kairo-von-el-gouna-mit-dem-flugzeug-el-gouna-ausfluege\/"]}]},{"@type":"ImageObject","inLanguage":"de","@id":"https:\/\/egytourpackages.com\/de\/touren\/private-tour-nach-kairo-von-el-gouna-mit-dem-flugzeug-el-gouna-ausfluege\/#primaryimage","url":"https:\/\/egytourpackages.com\/wp-content\/uploads\/2023\/07\/Private-Tour-to-Cairo-from-El-Gouna-by-plane.jpg","contentUrl":"https:\/\/egytourpackages.com\/wp-content\/uploads\/2023\/07\/Private-Tour-to-Cairo-from-El-Gouna-by-plane.jpg","width":1000,"height":664,"caption":"Private Tour nach Kairo von El Gouna mit dem Flugzeug"},{"@type":"BreadcrumbList","@id":"https:\/\/egytourpackages.com\/de\/touren\/private-tour-nach-kairo-von-el-gouna-mit-dem-flugzeug-el-gouna-ausfluege\/#breadcrumb","itemListElement":[{"@type":"ListItem","position":1,"name":"Startseite","item":"https:\/\/egytourpackages.com\/de\/"},{"@type":"ListItem","position":2,"name":"Shop","item":"https:\/\/egytourpackages.com\/de\/shop\/"},{"@type":"ListItem","position":3,"name":"Private Tour nach Kairo von El Gouna mit dem Flugzeug | El Gouna Ausfl\u00fcge"}]},{"@type":"WebSite","@id":"https:\/\/egytourpackages.com\/de\/#website","url":"https:\/\/egytourpackages.com\/de\/","name":"Egy tour packages","description":"","publisher":{"@id":"https:\/\/egytourpackages.com\/de\/#organization"},"potentialAction":[{"@type":"SearchAction","target":{"@type":"EntryPoint","urlTemplate":"https:\/\/egytourpackages.com\/de\/?s={search_term_string}"},"query-input":{"@type":"PropertyValueSpecification","valueRequired":true,"valueName":"search_term_string"}}],"inLanguage":"de"},{"@type":["Organization","Place","TravelAgency"],"@id":"https:\/\/egytourpackages.com\/de\/#organization","name":"egypt tour packages","alternateName":"egypt tour packages","url":"https:\/\/egytourpackages.com\/de\/","logo":{"@id":"https:\/\/egytourpackages.com\/de\/touren\/private-tour-nach-kairo-von-el-gouna-mit-dem-flugzeug-el-gouna-ausfluege\/#local-main-organization-logo"},"image":{"@id":"https:\/\/egytourpackages.com\/de\/touren\/private-tour-nach-kairo-von-el-gouna-mit-dem-flugzeug-el-gouna-ausfluege\/#local-main-organization-logo"},"sameAs":["https:\/\/www.facebook.com\/egytourpackages"],"legalName":"Egy tour packages","address":{"@id":"https:\/\/egytourpackages.com\/de\/touren\/private-tour-nach-kairo-von-el-gouna-mit-dem-flugzeug-el-gouna-ausfluege\/#local-main-place-address"},"telephone":["00201000852186","00201028685533"],"contactPoint":{"@type":"ContactPoint","telephone":"00201000852186"},"openingHoursSpecification":[{"@type":"OpeningHoursSpecification","dayOfWeek":["Monday","Tuesday","Wednesday","Thursday","Friday","Saturday","Sunday"],"opens":"00:00","closes":"23:59"}],"email":"info@egytourpackages.com","areaServed":"Cairo, Hurghada, Luxor, Sharm El Sheikh, Marsa Alam, Aswan","priceRange":"$","currenciesAccepted":"euro","paymentAccepted":"Payment links online"},{"@type":"PostalAddress","@id":"https:\/\/egytourpackages.com\/de\/touren\/private-tour-nach-kairo-von-el-gouna-mit-dem-flugzeug-el-gouna-ausfluege\/#local-main-place-address","streetAddress":"Mubarak 8, Al Kawthar District, Hurghada","addressLocality":"Hurghada","postalCode":"84511","addressRegion":"Red Sea","addressCountry":"EG"},{"@type":"ImageObject","inLanguage":"de","@id":"https:\/\/egytourpackages.com\/de\/touren\/private-tour-nach-kairo-von-el-gouna-mit-dem-flugzeug-el-gouna-ausfluege\/#local-main-organization-logo","url":"https:\/\/egytourpackages.com\/wp-content\/uploads\/2025\/12\/Turquoise-Dahabiya-Nile-Cruise-1.jpeg","contentUrl":"https:\/\/egytourpackages.com\/wp-content\/uploads\/2025\/12\/Turquoise-Dahabiya-Nile-Cruise-1.jpeg","width":1040,"height":694,"caption":"egypt tour packages"}]},"product_brand":"\u00c4gypten Tagestouren","product_price_amount":"250","product_price_currency":"EUR","og_availability":"instock","product_availability":"instock","product_retailer_item_id":"GDT05","product_condition":"new","geo.placename":"Hurghada","geo.region":"\u00c4gypten"},"_links":{"self":[{"href":"https:\/\/egytourpackages.com\/de\/wp-json\/wp\/v2\/product\/3969","targetHints":{"allow":["GET"]}}],"collection":[{"href":"https:\/\/egytourpackages.com\/de\/wp-json\/wp\/v2\/product"}],"about":[{"href":"https:\/\/egytourpackages.com\/de\/wp-json\/wp\/v2\/types\/product"}],"replies":[{"embeddable":true,"href":"https:\/\/egytourpackages.com\/de\/wp-json\/wp\/v2\/comments?post=3969"}],"wp:featuredmedia":[{"embeddable":true,"href":"https:\/\/egytourpackages.com\/de\/wp-json\/wp\/v2\/media\/2897"}],"wp:attachment":[{"href":"https:\/\/egytourpackages.com\/de\/wp-json\/wp\/v2\/media?parent=3969"}],"wp:term":[{"taxonomy":"product_brand","embeddable":true,"href":"https:\/\/egytourpackages.com\/de\/wp-json\/wp\/v2\/product_brand?post=3969"},{"taxonomy":"product_cat","embeddable":true,"href":"https:\/\/egytourpackages.com\/de\/wp-json\/wp\/v2\/product_cat?post=3969"},{"taxonomy":"product_tag","embeddable":true,"href":"https:\/\/egytourpackages.com\/de\/wp-json\/wp\/v2\/product_tag?post=3969"}],"curies":[{"name":"wp","href":"https:\/\/api.w.org\/{rel}","templated":true}]}}