{"id":3970,"date":"2023-07-25T00:00:25","date_gmt":"2023-07-25T00:00:25","guid":{"rendered":"https:\/\/egytourpackages.com\/product\/zwei-tagesausflug-nach-luxor-von-el-gouna\/"},"modified":"2026-01-28T21:33:00","modified_gmt":"2026-01-28T21:33:00","slug":"zwei-tagesausflug-nach-luxor-von-el-gouna","status":"publish","type":"product","link":"https:\/\/egytourpackages.com\/de\/touren\/zwei-tagesausflug-nach-luxor-von-el-gouna\/","title":{"rendered":"Zwei Tagesausflug nach Luxor von El Gouna"},"content":{"rendered":"<p><strong><span style=\"color: #ff6600;\">Zwei Tagesausflug nach Luxor von El Gouna | Die besten Hurghada Ausfl\u00fcge<\/span><\/strong><\/p>\n<p>Zwei Tagesausflug nach Luxor von El Gouna \u2013 2 Tage privat und erkunden Sie die Attraktionen von Luxor mit einem privaten F\u00fchrer und einem privaten Fahrzeug. Tats\u00e4chlich bietet El Gouna Excursions diese \u00c4gypten-Tagesausfl\u00fcge f\u00fcr Geschichtsliebhaber und diejenigen an, die gerne eine Hei\u00dfluftballonfahrt \u00fcber das Westufer von Luxor ausprobieren m\u00f6chten. Tats\u00e4chlich werden Sie den Luxor-Tempel und den Karnak-Tempel des Amun am Ostufer von Luxor besuchen. Au\u00dferdem werden Sie das Tal der K\u00f6nige und das Grab von Tutanchamun, den Hatschepsut-Tempel und die Kolosse von Memnon am Westufer von Luxor besuchen. Au\u00dferdem werden Sie das Tal der Noblen, das Ramesseum und Medinet Habu mit \u00c4gypten-Touren passieren. Kontaktieren Sie uns und lassen Sie uns unvergessliche Erinnerungen f\u00fcr Sie und Ihre Liebsten schaffen.<\/p>\n<h3><span style=\"color: #ff6600;\">DETAILS<\/span><\/h3>\n<ul>\n<li>Dauer: 2 Tage \/ 1 Nacht<\/li>\n<li>Reiseort: Luxor<\/li>\n<li>Verf\u00fcgbarkeit: T\u00e4glich<\/li>\n<li>Abholung &amp; R\u00fccktransfer: Hotels in El Gouna<\/li>\n<li>Reiseart: Privat<\/li>\n<li>Rollstuhl: Barrierefrei<\/li>\n<\/ul>\n<h3><span style=\"color: #ff6600;\">Inklusive<\/span><\/h3>\n<ul>\n<li>Hin- und R\u00fccktransfer im modernen, klimatisierten Fahrzeug<\/li>\n<li>1 \u00dcbernachtung in einem 5-Sterne-Hotel mit Fr\u00fchst\u00fcck<\/li>\n<li>Experte\/r \u00c4gyptologe\/in als Reiseleiter\/in<\/li>\n<li>Eintrittsgeb\u00fchr f\u00fcr alle Sehensw\u00fcrdigkeiten<\/li>\n<li>Wasser tags\u00fcber<\/li>\n<\/ul>\n<h3><span style=\"color: #ff6600;\">Ausschl\u00fcsse<\/span><\/h3>\n<ul>\n<li>Getr\u00e4nke zu den Mahlzeiten<\/li>\n<li>KV9 \u2013 Grab von Ramses V. und Ramses VI.<\/li>\n<li>KV17 \u2013 Grab von Seti I.<\/li>\n<li>KV62 \u2013 Grab von Tutanchamun<\/li>\n<li>Hei\u00dfluftballon<\/li>\n<li>Trinkgeld<\/li>\n<\/ul>\n<h3><span style=\"color: #ff6600;\">Mitzubringen<\/span><\/h3>\n<ul>\n<li>Hut, Sonnenbrille und Sonnencreme<\/li>\n<li>Bequeme Schuhe und Kleidung<\/li>\n<\/ul>\n<h2><span style=\"color: #ff6600;\">Reiseplan<\/span><\/h2>\n<h3><span style=\"color: #ff6600;\">Tag 1 El Gouna Luxor<\/span><\/h3>\n<p>Unser Reiseleiter wird Sie in der Hotellobby abholen, um Ihre Luxor-Tour von El Gouna an zwei Tagen am fr\u00fchen Morgen zu beginnen. Bei Ihrer Ankunft in Luxor beginnen Sie mit den touristischen Attraktionen in Luxor auf der Ostseite des Nils.<\/p>\n<h4><span style=\"color: #ff6600;\">Luxor-Tempel<\/span><\/h4>\n<p>Der Besuch des Luxor-Tempels wird kein Sightseeing-Besuch sein, sondern ein tiefer Einblick in die alt\u00e4gyptische Religion und die Feste im alten \u00c4gypten. Der Luxor-Tempel war mit dem Karnak-Tempel \u00fcber die Allee der Sphinxen verbunden, um das Opet-Fest zu feiern, wenn Amun von Karnak kommt, um seine Energie f\u00fcr den Sch\u00f6pfer Amun Ka.Mut.f. aufzuladen. Tats\u00e4chlich wurde der Luxor-Tempel haupts\u00e4chlich von Amenhotep III. und Ramses II. erbaut, aber Tutanchamun, Horemheb und Ay f\u00fcgten dem Tempel hinzu. Es gibt hier viel zu sehen, besonders die Kolosse von Ramses, die Schlacht von Kadesch auf dem ersten Pylon und das Barkenschrein von Hatschepsut. Auch die G\u00f6ttliche Geburt von Amenhotep III, die Kapelle von Alexander dem Gro\u00dfen und das Freiluftmuseum.<\/p>\n<h4><span style=\"color: #ff6600;\">Mittagessen<\/span><\/h4>\n<p>Genie\u00dfen Sie Ihr Mittagessen in einem lokalen Restaurant am Ostufer von Luxor, bevor Sie zu Ihrem n\u00e4chsten Halt aufbrechen.<\/p>\n<h4><span style=\"color: #ff6600;\">Tempelkomplex von Karnak<\/span><\/h4>\n<p>Der Karnak-Tempel ist ein Tempelkomplex und umfasst die Anbauten von etwa 34 K\u00f6nigen und K\u00f6niginnen. Mit einer Fl\u00e4che von 60 Hektar ist Karnak der gr\u00f6\u00dfte Tempel der Welt. Seine Bauzeit betrug 2500 Jahre. Der Tempel war Amun Ra, seiner Frau, der G\u00f6ttin Mut, und ihrem Sohn, dem Gott Khonsu, gewidmet. Der Tempel beginnt mit dem Hafen, der Sphinx-Allee und dem Pylon mit dem Haupttor. Hier gibt es viel zu entdecken, insbesondere die Gro\u00dfe Hypostylhalle mit 134 massiven Sandsteins\u00e4ulen, den Hatschepsut-Obelisken, die Rote und die Wei\u00dfe Kapelle, die K\u00f6nigsliste von Karnak und den Heiligen See. Au\u00dferdem gibt es den Skarab\u00e4us, die Sekhmet-Kapelle, die eine wichtige Anlaufstelle f\u00fcr spirituelle Gruppen ist, und den Osiris-Tempel zu besichtigen.<\/p>\n<p>Am Ende Ihrer Reise checken Sie problemlos im Hotel ein und \u00fcbernachten bis zum n\u00e4chsten Tag.<\/p>\n<p><strong>Mahlzeiten<\/strong><\/p>\n<p>Fr\u00fchst\u00fcck, Mittagessen, Abendessen<\/p>\n<h3><span style=\"color: #ff6600;\">Tag 2 Luxor Westbank<\/span><\/h3>\n<p><span style=\"color: #ff6600;\"><strong>Optionale Tour<\/strong><\/span><\/p>\n<p>Fr\u00fchmorgens Hei\u00dfluftballonfahrt bei Sonnenaufgang gegen Geb\u00fchr 80 $ pro Person<\/p>\n<p>Genie\u00dfen Sie Ihr morgendliches Fr\u00fchst\u00fcck im Hotel, bevor Sie mit Ihrem Reiseleiter die Sehensw\u00fcrdigkeiten von Luxor am Westufer erkunden. Sie werden mit einer der besten Aktivit\u00e4ten in Luxor beginnen.<\/p>\n<h3><strong><span style=\"color: #ff6600;\">Tal der K\u00f6nige<\/span><\/strong><\/h3>\n<p>Das Tal des K\u00f6nigs ist nach den Pyramiden die am zweith\u00e4ufigsten besuchte Gegend und ein Muss, wenn man in Luxor ist. Tal der K\u00f6nige war der Ort, wo die Pharoahs des 18., 19., 20. Dynastien ihre Gr\u00e4ber in den Berg schnitzten. W\u00e4hrend des Besuchs im Tal k\u00f6nnen Sie 3 der folgenden Gr\u00e4ber besuchen, die in Ihrem Eintrittsticket enthalten sind<\/p>\n<p>(KV 02) Ramses IV<\/p>\n<p>Grab von Ramses III (KV 11)<\/p>\n<p>Ramses IX Grab KV 6<\/p>\n<p>Merenptah-Grab (KV 8)<\/p>\n<p>Das Grab von Tausert und Setnakht (KV 14)<\/p>\n<p>Es gibt auch 3 zus\u00e4tzliche Gr\u00e4ber gegen Geb\u00fchr wie Tutanchamun Grab mit seiner Mumie und Sarkophag, weil der Rest der Sch\u00e4tze im Grand Egyptian Museum. Auch Seti I Grab und Ramesses V sind extra Geb\u00fchr Gr\u00e4ber. Nachdem Sie Ihre 3 Gr\u00e4ber besucht haben und einige Fotos f\u00fcr die astronomische Decke der Gr\u00e4ber, religi\u00f6ses Buch wie Book of Dead, Opening of the Mouth gemacht haben, sind Sie bereit f\u00fcr Ihren n\u00e4chsten Halt.<\/p>\n<h3><span style=\"color: #ff6600;\"><strong>Totentempel der Hatschepsut<\/strong><\/span><\/h3>\n<p>Der Tempel der Hatschepsut in El Deir El Bahari ist ein sehr einzigartiger Tempel in Luxor, weil die Erbauerin eine Pharaonin ist und der Tempel ihre Geschichte und Lebensmission darstellt. Tats\u00e4chlich zeigt der Tempel viele interessante Geschichten wie Hatshepsuts g\u00f6ttliche Geburt, ihre Expedition ins Land Punt, um die Maulbeerfeigenb\u00e4ume und den Weihrauch zu importieren. Dar\u00fcber hinaus verf\u00fcgt der Tempel \u00fcber viele Kapellen wie die Hathor-Kapelle, die Anubis-Kapelle und die Amun-Kapelle. Viele Menschen, wenn sie den Tempel besuchen, f\u00fchlen, dass sie in ihrem fr\u00fcheren Leben Hatshepsut waren, weil sie sich im Tempel mit ihrem Ka verbinden. Also ist der Tempel ein sehr wichtiger Halt f\u00fcr spirituelle und Meditationsgruppen.<\/p>\n<h3><span style=\"color: #ff6600;\"><strong>Memnon-Kolosse | Thebanische Nekropole<\/strong><\/span><\/h3>\n<p>Beenden Sie Ihre Luxor-Tagesausfl\u00fcge am Westufer mit den riesigen Statuen von Amenhotep III, die einst den Eingang seines Totentempels schm\u00fcckten. Jede Statue ist etwa 18 Meter hoch und stellt Amenhotep III auf dem Thron sitzend dar, mit den H\u00e4nden auf den Knien und auf beiden Seiten seiner Beine stehen die Mutter und die Frau. H\u00f6ren Sie von Ihrem F\u00fchrer, warum die Griechen sie Memnon nannten und welches Ph\u00e4nomen t\u00e4glich in der Vergangenheit stattfand.<\/p>\n<h3><span style=\"color: #ff6600;\">Mittagessen<\/span><\/h3>\n<p>Am Ende Ihrer Luxor-Tagestour auf der Westbank werden Sie ein typisches hausgemachtes Mittagessen in einem lokalen Restaurant hinter den Memnon-Kolossen genie\u00dfen. Sp\u00e4ter machen Sie sich auf den Weg zur\u00fcck zu Ihrem Hotel in El Gouna.<\/p>\n<h3><span style=\"color: #ff6600;\">Zwei Tagesausflug nach Luxor von El Gouna Preis<\/span><\/h3>\n<p>Erwachsenenpreis: 250 $<\/p>\n<p>Kinder von 0\u20135 Jahren: kostenlos<\/p>\n<p>Kinder von 5\u201311 Jahren: 50 % des Erwachsenenpreises<\/p>\n<h3><span style=\"color: #ff6600;\">Buchung<\/span><\/h3>\n<p>Buchen Sie Ihre Tour bequem per WhatsApp oder E-Mail. Sie erhalten die Best\u00e4tigung direkt vor Ort.<\/p>\n<p>Bitte teilen Sie uns Ihren Hotelnamen, Ihre Zimmernummer und Passkopien mit.<\/p>\n<p>WhatsApp: +201000852186<\/p>\n<p>info@egytourpackages.com<\/p>\n<h3><span style=\"color: #ff6600;\">Jetzt buchen &amp; vor Ort bezahlen<\/span><\/h3>\n<p>Buchen Sie Ihre Lieblingstour und bezahlen Sie am Reisetag.<\/p>\n<h3><span style=\"color: #ff6600;\">Zahlung<\/span><\/h3>\n<p>Sie k\u00f6nnen in \u00e4gyptischen Pfund, $, \u20ac oder \u00a3 bezahlen.<\/p>\n<h3>Stornierungsbedingungen<\/h3>\n<ul>\n<li>Kostenlose Stornierung bis 24 Stunden vor Reisebeginn.<\/li>\n<li>Bei Stornierung am Morgen fallen 50 % des Reisepreises an.<\/li>\n<\/ul>\n","protected":false},"excerpt":{"rendered":"<p>Zwei Tagesausflug nach Luxor von El Gouna | Tal der K\u00f6nige, Hatschepsut-Tempel, Memnon-Kolosse, Karnak-Tempel, Luxor-Tempel, Tutanchamun-Grab, Hei\u00dfluftballon<\/p>\n","protected":false},"featured_media":2888,"comment_status":"open","ping_status":"closed","template":"","meta":[],"product_brand":[],"product_cat":[1494],"product_tag":[2758,1495,1507,1516,2797],"class_list":{"0":"post-3970","1":"product","2":"type-product","3":"status-publish","4":"has-post-thumbnail","6":"product_cat-touren","7":"product_tag-agypten-reisepakete-de","8":"product_tag-agypten-tagestouren","9":"product_tag-el-gouna-ausfluge","10":"product_tag-karnak-tempel","11":"product_tag-le-migliori-cose-da-fare-a-el-gouna-de","12":"tour_category-agypten-tagestouren","13":"tour_category-el-gouna-ausfluge","14":"tour_category-luxor-touren-ab-hurghada","16":"first","17":"instock","18":"sale","19":"shipping-taxable","20":"purchasable","21":"product-type-tour","22":"has-default-attributes"},"yoast_head":"<!-- This site is optimized with the Yoast SEO Premium plugin v27.4 (Yoast SEO v27.4) - https:\/\/yoast.com\/product\/yoast-seo-premium-wordpress\/ -->\n<title>Zwei Tagesausflug nach Luxor von El Gouna<\/title>\n<meta name=\"description\" content=\"Zwei Tagesausflug nach Luxor von El Gouna | Tal der K\u00f6nige, Hatschepsut-Tempel, Memnon-Kolosse, Karnak-Tempel, Luxor-Tempel, Tutanchamun-Grab.\" \/>\n<meta name=\"robots\" content=\"index, follow, max-snippet:-1, max-image-preview:large, max-video-preview:-1\" \/>\n<link rel=\"canonical\" href=\"https:\/\/egytourpackages.com\/de\/touren\/zwei-tagesausflug-nach-luxor-von-el-gouna\/\" \/>\n<meta property=\"og:locale\" content=\"de_DE\" \/>\n<meta property=\"og:type\" content=\"article\" \/>\n<meta property=\"og:title\" content=\"Zwei Tagesausflug nach Luxor von El Gouna\" \/>\n<meta property=\"og:description\" content=\"Zwei Tagesausflug nach Luxor von El Gouna | Tal der K\u00f6nige, Hatschepsut-Tempel, Memnon-Kolosse, Karnak-Tempel, Luxor-Tempel, Tutanchamun-Grab, Hei\u00dfluftballon\" \/>\n<meta property=\"og:url\" content=\"https:\/\/egytourpackages.com\/de\/touren\/zwei-tagesausflug-nach-luxor-von-el-gouna\/\" \/>\n<meta property=\"og:site_name\" content=\"\u00c4gypten-Reisepakete\" \/>\n<meta property=\"article:publisher\" content=\"https:\/\/www.facebook.com\/egytourpackages\" \/>\n<meta property=\"article:modified_time\" content=\"2026-01-28T21:33:00+00:00\" \/>\n<meta property=\"og:image\" content=\"https:\/\/egytourpackages.com\/wp-content\/uploads\/2023\/07\/Offener-Hof-Tempel-von-Karnak.jpg\" \/>\n\t<meta property=\"og:image:width\" content=\"2000\" \/>\n\t<meta property=\"og:image:height\" content=\"1333\" \/>\n\t<meta property=\"og:image:type\" content=\"image\/jpeg\" \/>\n<meta name=\"twitter:card\" content=\"summary_large_image\" \/>\n<meta name=\"twitter:title\" content=\"Zwei Tagesausflug nach Luxor von El Gouna\" \/>\n<meta name=\"twitter:description\" content=\"Zwei Tagesausflug nach Luxor von El Gouna | Tal der K\u00f6nige, Hatschepsut-Tempel, Memnon-Kolosse, Karnak-Tempel, Luxor-Tempel, Tutanchamun-Grab, Hei\u00dfluftballon\" \/>\n<meta name=\"twitter:image\" content=\"https:\/\/egytourpackages.com\/wp-content\/uploads\/2023\/07\/Mortuary-temple-of-Hatshepsut-Luxor-1024x682.jpg\" \/>\n<meta name=\"twitter:label1\" content=\"Preis\" \/>\n\t<meta name=\"twitter:data1\" content=\"&euro;250\" \/>\n\t<meta name=\"twitter:label2\" content=\"Verf\u00fcgbarkeit\" \/>\n\t<meta name=\"twitter:data2\" content=\"Auf Lager\" \/>\n<script type=\"application\/ld+json\" class=\"yoast-schema-graph\">{\"@context\":\"https:\\\/\\\/schema.org\",\"@graph\":[{\"@type\":\"WebPage\",\"@id\":\"https:\\\/\\\/egytourpackages.com\\\/de\\\/touren\\\/zwei-tagesausflug-nach-luxor-von-el-gouna\\\/\",\"url\":\"https:\\\/\\\/egytourpackages.com\\\/de\\\/touren\\\/zwei-tagesausflug-nach-luxor-von-el-gouna\\\/\",\"name\":\"Zwei Tagesausflug nach Luxor von El Gouna\",\"isPartOf\":{\"@id\":\"https:\\\/\\\/egytourpackages.com\\\/de\\\/#website\"},\"primaryImageOfPage\":{\"@id\":\"https:\\\/\\\/egytourpackages.com\\\/de\\\/touren\\\/zwei-tagesausflug-nach-luxor-von-el-gouna\\\/#primaryimage\"},\"image\":{\"@id\":\"https:\\\/\\\/egytourpackages.com\\\/de\\\/touren\\\/zwei-tagesausflug-nach-luxor-von-el-gouna\\\/#primaryimage\"},\"thumbnailUrl\":\"https:\\\/\\\/egytourpackages.com\\\/wp-content\\\/uploads\\\/2023\\\/07\\\/Mortuary-temple-of-Hatshepsut-Luxor.jpg\",\"datePublished\":\"2023-07-25T00:00:25+00:00\",\"dateModified\":\"2026-01-28T21:33:00+00:00\",\"description\":\"Zwei Tagesausflug nach Luxor von El Gouna | Tal der K\u00f6nige, Hatschepsut-Tempel, Memnon-Kolosse, Karnak-Tempel, Luxor-Tempel, Tutanchamun-Grab.\",\"breadcrumb\":{\"@id\":\"https:\\\/\\\/egytourpackages.com\\\/de\\\/touren\\\/zwei-tagesausflug-nach-luxor-von-el-gouna\\\/#breadcrumb\"},\"inLanguage\":\"de\",\"potentialAction\":[{\"@type\":\"ReadAction\",\"target\":[\"https:\\\/\\\/egytourpackages.com\\\/de\\\/touren\\\/zwei-tagesausflug-nach-luxor-von-el-gouna\\\/\"]}]},{\"@type\":\"ImageObject\",\"inLanguage\":\"de\",\"@id\":\"https:\\\/\\\/egytourpackages.com\\\/de\\\/touren\\\/zwei-tagesausflug-nach-luxor-von-el-gouna\\\/#primaryimage\",\"url\":\"https:\\\/\\\/egytourpackages.com\\\/wp-content\\\/uploads\\\/2023\\\/07\\\/Mortuary-temple-of-Hatshepsut-Luxor.jpg\",\"contentUrl\":\"https:\\\/\\\/egytourpackages.com\\\/wp-content\\\/uploads\\\/2023\\\/07\\\/Mortuary-temple-of-Hatshepsut-Luxor.jpg\",\"width\":2000,\"height\":1333,\"caption\":\"Totentempel der Hatschepsut, Luxor\"},{\"@type\":\"BreadcrumbList\",\"@id\":\"https:\\\/\\\/egytourpackages.com\\\/de\\\/touren\\\/zwei-tagesausflug-nach-luxor-von-el-gouna\\\/#breadcrumb\",\"itemListElement\":[{\"@type\":\"ListItem\",\"position\":1,\"name\":\"Startseite\",\"item\":\"https:\\\/\\\/egytourpackages.com\\\/de\\\/\"},{\"@type\":\"ListItem\",\"position\":2,\"name\":\"Shop\",\"item\":\"https:\\\/\\\/egytourpackages.com\\\/de\\\/shop\\\/\"},{\"@type\":\"ListItem\",\"position\":3,\"name\":\"Zwei Tagesausflug nach Luxor von El Gouna\"}]},{\"@type\":\"WebSite\",\"@id\":\"https:\\\/\\\/egytourpackages.com\\\/de\\\/#website\",\"url\":\"https:\\\/\\\/egytourpackages.com\\\/de\\\/\",\"name\":\"Egy tour packages\",\"description\":\"\",\"publisher\":{\"@id\":\"https:\\\/\\\/egytourpackages.com\\\/de\\\/#organization\"},\"potentialAction\":[{\"@type\":\"SearchAction\",\"target\":{\"@type\":\"EntryPoint\",\"urlTemplate\":\"https:\\\/\\\/egytourpackages.com\\\/de\\\/?s={search_term_string}\"},\"query-input\":{\"@type\":\"PropertyValueSpecification\",\"valueRequired\":true,\"valueName\":\"search_term_string\"}}],\"inLanguage\":\"de\"},{\"@type\":[\"Organization\",\"Place\",\"TravelAgency\"],\"@id\":\"https:\\\/\\\/egytourpackages.com\\\/de\\\/#organization\",\"name\":\"egypt tour packages\",\"alternateName\":\"egypt tour packages\",\"url\":\"https:\\\/\\\/egytourpackages.com\\\/de\\\/\",\"logo\":{\"@id\":\"https:\\\/\\\/egytourpackages.com\\\/de\\\/touren\\\/zwei-tagesausflug-nach-luxor-von-el-gouna\\\/#local-main-organization-logo\"},\"image\":{\"@id\":\"https:\\\/\\\/egytourpackages.com\\\/de\\\/touren\\\/zwei-tagesausflug-nach-luxor-von-el-gouna\\\/#local-main-organization-logo\"},\"sameAs\":[\"https:\\\/\\\/www.facebook.com\\\/egytourpackages\"],\"legalName\":\"Egy tour packages\",\"address\":{\"@id\":\"https:\\\/\\\/egytourpackages.com\\\/de\\\/touren\\\/zwei-tagesausflug-nach-luxor-von-el-gouna\\\/#local-main-place-address\"},\"telephone\":[\"00201000852186\",\"00201028685533\"],\"contactPoint\":{\"@type\":\"ContactPoint\",\"telephone\":\"00201000852186\"},\"openingHoursSpecification\":[{\"@type\":\"OpeningHoursSpecification\",\"dayOfWeek\":[\"Monday\",\"Tuesday\",\"Wednesday\",\"Thursday\",\"Friday\",\"Saturday\",\"Sunday\"],\"opens\":\"00:00\",\"closes\":\"23:59\"}],\"email\":\"info@egytourpackages.com\",\"areaServed\":\"Cairo, Hurghada, Luxor, Sharm El Sheikh, Marsa Alam, Aswan\",\"priceRange\":\"$\",\"currenciesAccepted\":\"euro\",\"paymentAccepted\":\"Payment links online\"},{\"@type\":\"PostalAddress\",\"@id\":\"https:\\\/\\\/egytourpackages.com\\\/de\\\/touren\\\/zwei-tagesausflug-nach-luxor-von-el-gouna\\\/#local-main-place-address\",\"streetAddress\":\"Mubarak 8, Al Kawthar District, Hurghada\",\"addressLocality\":\"Hurghada\",\"postalCode\":\"84511\",\"addressRegion\":\"Red Sea\",\"addressCountry\":\"EG\"},{\"@type\":\"ImageObject\",\"inLanguage\":\"de\",\"@id\":\"https:\\\/\\\/egytourpackages.com\\\/de\\\/touren\\\/zwei-tagesausflug-nach-luxor-von-el-gouna\\\/#local-main-organization-logo\",\"url\":\"https:\\\/\\\/egytourpackages.com\\\/wp-content\\\/uploads\\\/2025\\\/12\\\/Turquoise-Dahabiya-Nile-Cruise-1.jpeg\",\"contentUrl\":\"https:\\\/\\\/egytourpackages.com\\\/wp-content\\\/uploads\\\/2025\\\/12\\\/Turquoise-Dahabiya-Nile-Cruise-1.jpeg\",\"width\":1040,\"height\":694,\"caption\":\"egypt tour packages\"}]}<\/script>\n<meta property=\"product:brand\" content=\"\u00c4gypten Tagestouren\" \/>\n<meta property=\"product:price:amount\" content=\"250\" \/>\n<meta property=\"product:price:currency\" content=\"EUR\" \/>\n<meta property=\"og:availability\" content=\"instock\" \/>\n<meta property=\"product:availability\" content=\"instock\" \/>\n<meta property=\"product:retailer_item_id\" content=\"GDT02\" \/>\n<meta property=\"product:condition\" content=\"new\" \/>\n<meta name=\"geo.placename\" content=\"Hurghada\" \/>\n<meta name=\"geo.region\" content=\"\u00c4gypten\" \/>\n<!-- \/ Yoast SEO Premium plugin. -->","yoast_head_json":{"title":"Zwei Tagesausflug nach Luxor von El Gouna","description":"Zwei Tagesausflug nach Luxor von El Gouna | Tal der K\u00f6nige, Hatschepsut-Tempel, Memnon-Kolosse, Karnak-Tempel, Luxor-Tempel, Tutanchamun-Grab.","robots":{"index":"index","follow":"follow","max-snippet":"max-snippet:-1","max-image-preview":"max-image-preview:large","max-video-preview":"max-video-preview:-1"},"canonical":"https:\/\/egytourpackages.com\/de\/touren\/zwei-tagesausflug-nach-luxor-von-el-gouna\/","og_locale":"de_DE","og_type":"article","og_title":"Zwei Tagesausflug nach Luxor von El Gouna","og_description":"Zwei Tagesausflug nach Luxor von El Gouna | Tal der K\u00f6nige, Hatschepsut-Tempel, Memnon-Kolosse, Karnak-Tempel, Luxor-Tempel, Tutanchamun-Grab, Hei\u00dfluftballon","og_url":"https:\/\/egytourpackages.com\/de\/touren\/zwei-tagesausflug-nach-luxor-von-el-gouna\/","og_site_name":"\u00c4gypten-Reisepakete","article_publisher":"https:\/\/www.facebook.com\/egytourpackages","article_modified_time":"2026-01-28T21:33:00+00:00","og_image":[{"width":2000,"height":1333,"url":"https:\/\/egytourpackages.com\/wp-content\/uploads\/2023\/07\/Offener-Hof-Tempel-von-Karnak.jpg","type":"image\/jpeg"}],"twitter_card":"summary_large_image","twitter_title":"Zwei Tagesausflug nach Luxor von El Gouna","twitter_description":"Zwei Tagesausflug nach Luxor von El Gouna | Tal der K\u00f6nige, Hatschepsut-Tempel, Memnon-Kolosse, Karnak-Tempel, Luxor-Tempel, Tutanchamun-Grab, Hei\u00dfluftballon","twitter_image":"https:\/\/egytourpackages.com\/wp-content\/uploads\/2023\/07\/Mortuary-temple-of-Hatshepsut-Luxor-1024x682.jpg","twitter_misc":{"Preis":"&euro;250","Verf\u00fcgbarkeit":"Auf Lager"},"schema":{"@context":"https:\/\/schema.org","@graph":[{"@type":"WebPage","@id":"https:\/\/egytourpackages.com\/de\/touren\/zwei-tagesausflug-nach-luxor-von-el-gouna\/","url":"https:\/\/egytourpackages.com\/de\/touren\/zwei-tagesausflug-nach-luxor-von-el-gouna\/","name":"Zwei Tagesausflug nach Luxor von El Gouna","isPartOf":{"@id":"https:\/\/egytourpackages.com\/de\/#website"},"primaryImageOfPage":{"@id":"https:\/\/egytourpackages.com\/de\/touren\/zwei-tagesausflug-nach-luxor-von-el-gouna\/#primaryimage"},"image":{"@id":"https:\/\/egytourpackages.com\/de\/touren\/zwei-tagesausflug-nach-luxor-von-el-gouna\/#primaryimage"},"thumbnailUrl":"https:\/\/egytourpackages.com\/wp-content\/uploads\/2023\/07\/Mortuary-temple-of-Hatshepsut-Luxor.jpg","datePublished":"2023-07-25T00:00:25+00:00","dateModified":"2026-01-28T21:33:00+00:00","description":"Zwei Tagesausflug nach Luxor von El Gouna | Tal der K\u00f6nige, Hatschepsut-Tempel, Memnon-Kolosse, Karnak-Tempel, Luxor-Tempel, Tutanchamun-Grab.","breadcrumb":{"@id":"https:\/\/egytourpackages.com\/de\/touren\/zwei-tagesausflug-nach-luxor-von-el-gouna\/#breadcrumb"},"inLanguage":"de","potentialAction":[{"@type":"ReadAction","target":["https:\/\/egytourpackages.com\/de\/touren\/zwei-tagesausflug-nach-luxor-von-el-gouna\/"]}]},{"@type":"ImageObject","inLanguage":"de","@id":"https:\/\/egytourpackages.com\/de\/touren\/zwei-tagesausflug-nach-luxor-von-el-gouna\/#primaryimage","url":"https:\/\/egytourpackages.com\/wp-content\/uploads\/2023\/07\/Mortuary-temple-of-Hatshepsut-Luxor.jpg","contentUrl":"https:\/\/egytourpackages.com\/wp-content\/uploads\/2023\/07\/Mortuary-temple-of-Hatshepsut-Luxor.jpg","width":2000,"height":1333,"caption":"Totentempel der Hatschepsut, Luxor"},{"@type":"BreadcrumbList","@id":"https:\/\/egytourpackages.com\/de\/touren\/zwei-tagesausflug-nach-luxor-von-el-gouna\/#breadcrumb","itemListElement":[{"@type":"ListItem","position":1,"name":"Startseite","item":"https:\/\/egytourpackages.com\/de\/"},{"@type":"ListItem","position":2,"name":"Shop","item":"https:\/\/egytourpackages.com\/de\/shop\/"},{"@type":"ListItem","position":3,"name":"Zwei Tagesausflug nach Luxor von El Gouna"}]},{"@type":"WebSite","@id":"https:\/\/egytourpackages.com\/de\/#website","url":"https:\/\/egytourpackages.com\/de\/","name":"Egy tour packages","description":"","publisher":{"@id":"https:\/\/egytourpackages.com\/de\/#organization"},"potentialAction":[{"@type":"SearchAction","target":{"@type":"EntryPoint","urlTemplate":"https:\/\/egytourpackages.com\/de\/?s={search_term_string}"},"query-input":{"@type":"PropertyValueSpecification","valueRequired":true,"valueName":"search_term_string"}}],"inLanguage":"de"},{"@type":["Organization","Place","TravelAgency"],"@id":"https:\/\/egytourpackages.com\/de\/#organization","name":"egypt tour packages","alternateName":"egypt tour packages","url":"https:\/\/egytourpackages.com\/de\/","logo":{"@id":"https:\/\/egytourpackages.com\/de\/touren\/zwei-tagesausflug-nach-luxor-von-el-gouna\/#local-main-organization-logo"},"image":{"@id":"https:\/\/egytourpackages.com\/de\/touren\/zwei-tagesausflug-nach-luxor-von-el-gouna\/#local-main-organization-logo"},"sameAs":["https:\/\/www.facebook.com\/egytourpackages"],"legalName":"Egy tour packages","address":{"@id":"https:\/\/egytourpackages.com\/de\/touren\/zwei-tagesausflug-nach-luxor-von-el-gouna\/#local-main-place-address"},"telephone":["00201000852186","00201028685533"],"contactPoint":{"@type":"ContactPoint","telephone":"00201000852186"},"openingHoursSpecification":[{"@type":"OpeningHoursSpecification","dayOfWeek":["Monday","Tuesday","Wednesday","Thursday","Friday","Saturday","Sunday"],"opens":"00:00","closes":"23:59"}],"email":"info@egytourpackages.com","areaServed":"Cairo, Hurghada, Luxor, Sharm El Sheikh, Marsa Alam, Aswan","priceRange":"$","currenciesAccepted":"euro","paymentAccepted":"Payment links online"},{"@type":"PostalAddress","@id":"https:\/\/egytourpackages.com\/de\/touren\/zwei-tagesausflug-nach-luxor-von-el-gouna\/#local-main-place-address","streetAddress":"Mubarak 8, Al Kawthar District, Hurghada","addressLocality":"Hurghada","postalCode":"84511","addressRegion":"Red Sea","addressCountry":"EG"},{"@type":"ImageObject","inLanguage":"de","@id":"https:\/\/egytourpackages.com\/de\/touren\/zwei-tagesausflug-nach-luxor-von-el-gouna\/#local-main-organization-logo","url":"https:\/\/egytourpackages.com\/wp-content\/uploads\/2025\/12\/Turquoise-Dahabiya-Nile-Cruise-1.jpeg","contentUrl":"https:\/\/egytourpackages.com\/wp-content\/uploads\/2025\/12\/Turquoise-Dahabiya-Nile-Cruise-1.jpeg","width":1040,"height":694,"caption":"egypt tour packages"}]},"product_brand":"\u00c4gypten Tagestouren","product_price_amount":"250","product_price_currency":"EUR","og_availability":"instock","product_availability":"instock","product_retailer_item_id":"GDT02","product_condition":"new","geo.placename":"Hurghada","geo.region":"\u00c4gypten"},"_links":{"self":[{"href":"https:\/\/egytourpackages.com\/de\/wp-json\/wp\/v2\/product\/3970","targetHints":{"allow":["GET"]}}],"collection":[{"href":"https:\/\/egytourpackages.com\/de\/wp-json\/wp\/v2\/product"}],"about":[{"href":"https:\/\/egytourpackages.com\/de\/wp-json\/wp\/v2\/types\/product"}],"replies":[{"embeddable":true,"href":"https:\/\/egytourpackages.com\/de\/wp-json\/wp\/v2\/comments?post=3970"}],"wp:featuredmedia":[{"embeddable":true,"href":"https:\/\/egytourpackages.com\/de\/wp-json\/wp\/v2\/media\/2888"}],"wp:attachment":[{"href":"https:\/\/egytourpackages.com\/de\/wp-json\/wp\/v2\/media?parent=3970"}],"wp:term":[{"taxonomy":"product_brand","embeddable":true,"href":"https:\/\/egytourpackages.com\/de\/wp-json\/wp\/v2\/product_brand?post=3970"},{"taxonomy":"product_cat","embeddable":true,"href":"https:\/\/egytourpackages.com\/de\/wp-json\/wp\/v2\/product_cat?post=3970"},{"taxonomy":"product_tag","embeddable":true,"href":"https:\/\/egytourpackages.com\/de\/wp-json\/wp\/v2\/product_tag?post=3970"}],"curies":[{"name":"wp","href":"https:\/\/api.w.org\/{rel}","templated":true}]}}