{"id":4062,"date":"2024-07-19T17:14:10","date_gmt":"2024-07-19T17:14:10","guid":{"rendered":"https:\/\/egytourpackages.com\/product\/heissluftballonfahrt-luxor-ab-hurghada\/"},"modified":"2026-01-06T09:41:49","modified_gmt":"2026-01-06T09:41:49","slug":"heissluftballonfahrt-luxor-ab-hurghada","status":"publish","type":"product","link":"https:\/\/egytourpackages.com\/de\/touren\/heissluftballonfahrt-luxor-ab-hurghada\/","title":{"rendered":"Hei\u00dfluftballonfahrt Luxor ab Hurghada"},"content":{"rendered":"<p><span style=\"color: #ff6600;\"><strong>Luxor Hei\u00dfluftballonfahrt von Hurghada |\u00a0 Ein unvergessliches \u00c4gypten-Erlebnis<\/strong><\/span><\/p>\n<p>Diese exklusive <strong>Hei\u00dfluftballonfahrt Luxor von Hurghada<\/strong> wurde speziell f\u00fcr all jene konzipiert, die das atemberaubende Erlebnis einer <strong>Ballonfahrt \u00fcber Luxor<\/strong> genie\u00dfen m\u00f6chten, ohne dabei die fantastischen <strong>Rotmeer-Aktivit\u00e4ten<\/strong> zu verpassen. <strong>Egy Tour Packages<\/strong> pr\u00e4sentiert diesen \u00e4u\u00dferst <strong>beliebten Tagesausflug Luxor von Hurghada<\/strong>, der Komfort mit spektakul\u00e4ren Luftaufnahmen der historischen Sch\u00e4tze \u00c4gyptens vereint. Erleben Sie einen unvergleichlichen Sonnenaufgang \u00fcber dem <strong>Tal der K\u00f6nige<\/strong>, dem Tempel der <strong>K\u00f6nigin Hatschepsut<\/strong>, den <strong>Memnonkolossen<\/strong> und dem <strong>Ramesseum<\/strong> aus einer einzigartigen Perspektive.<\/p>\n<p>Diese <strong>Hurghada Exkursion<\/strong> beginnt am sp\u00e4ten Nachmittag von Hurghada und endet am n\u00e4chsten Tag gegen maximal 14:00 Uhr. Tats\u00e4chlich beinhalten diese <strong>\u00c4gypten Reisepakete<\/strong> einen <strong>privaten Transfer<\/strong>, einen <strong>privaten Reisef\u00fchrer in Luxor<\/strong>, jedoch eine geteilte Ballonfahrt am fr\u00fchen Morgen. Verpassen Sie also nicht die Gelegenheit, Ihrer \u00c4gypten-Reise eine wahrhaft magische <strong>Ballonfahrt Luxor von Hurghada<\/strong> hinzuzuf\u00fcgen, um unglaubliche Fotos zu machen und Erinnerungen f\u00fcr ein Leben lang zu schaffen.<\/p>\n<h3>Tourdetails<\/h3>\n<p>Dauer: 1 Nacht<\/p>\n<p>Tour-Ort: Luxor<\/p>\n<p>Tour-Verf\u00fcgbarkeit: T\u00e4glich<\/p>\n<p>Abholung &amp; R\u00fccktransfer: Hurghada Hotels \/ El Gouna Hotels \/ Makadi Bay Hotels \/ Soma Bay Hotels \/ Sahl Hasheesh Hotels<\/p>\n<p>Tour-Typ: Private Tour<\/p>\n<p>Geeignet f\u00fcr: Paare, Familien, Senioren, Alleinreisende<\/p>\n<p>Rollstuhl: Zug\u00e4nglich<\/p>\n<h3>Tour-Highlights<\/h3>\n<ul>\n<li>Hei\u00dfluftballon<\/li>\n<li>Tal der K\u00f6nige<\/li>\n<\/ul>\n<h3>Inbegriffen<\/h3>\n<ul>\n<li>Hin- und R\u00fccktransfer mit klimatisiertem Fahrzeug<\/li>\n<li>1 \u00dcbernachtung im Hotel in Luxor mit Abendessen<\/li>\n<li>Privater Arch\u00e4ologen-Reisef\u00fchrer<\/li>\n<li>Eintrittsgelder f\u00fcr alle Sehensw\u00fcrdigkeiten<\/li>\n<li>Hei\u00dfluftballonfahrt<\/li>\n<\/ul>\n<h3>Nicht inbegriffen<\/h3>\n<ul>\n<li>Getr\u00e4nke w\u00e4hrend des Mittagessens<\/li>\n<li>Zus\u00e4tzliche Gr\u00e4ber im Tal der K\u00f6nige wie KV9, KV17 und KV62 \u2013 Tutanchamun-Grab<\/li>\n<li>Feluukenfahrt<\/li>\n<li>Trinkgelder<\/li>\n<\/ul>\n<h3>Was Sie mitnehmen sollten<\/h3>\n<ul>\n<li>Ihre Reisep\u00e4sse<\/li>\n<li>Hut, Sonnenbrille &amp; Sonnencreme<\/li>\n<li>Bequeme Schuhe und Kleidung<\/li>\n<li>Warme Kleidung im Winter<\/li>\n<\/ul>\n<h2>Reiseverlauf<\/h2>\n<p>Treffen Sie Ihren Fahrer in Ihrer Hotellobby gegen 16:00 Uhr, um Ihre Fahrt nach Luxor zu beginnen. Die Entfernung zwischen Hurghada und Luxor betr\u00e4gt etwa 300 km und dauert ca. 4 Stunden Fahrt mit einer Kaffeepause unterwegs. Das Programm sieht wie folgt aus:<\/p>\n<p><strong>16:00 Uhr:<\/strong> Abholung in Ihrer Hotellobby<\/p>\n<p><strong>17:00 Uhr:<\/strong> \u00dcberquerung des Safaga Checkpoints, um Ihre Fahrt nach Luxor zu beginnen<\/p>\n<p><strong>18:00 Uhr:<\/strong> Kaffeepause<\/p>\n<p><strong>20:00 Uhr:<\/strong> Ankunft im Hotel in Luxor und Check-in<\/p>\n<p><strong>21:00 Uhr:<\/strong> Abendessen im Hotel und \u00dcbernachtung<\/p>\n<p><strong>Mahlzeiten:<\/strong><\/p>\n<ul>\n<li>Abendessen<\/li>\n<\/ul>\n<h3>Tag 2, Luxor Hurghada<\/h3>\n<p><strong>04:00 Uhr:<\/strong> Abholung f\u00fcr die <strong>Hei\u00dfluftballonfahrt<\/strong><\/p>\n<p>Sie werden von Ihrer Hotellobby zum Nilufer gebracht, um den Nil mit einem Motorboot zur Westbank von Luxor zu \u00fcberqueren. Anschlie\u00dfend werden Sie zum Startplatz gebracht, um mit dem <strong>Hei\u00dfluftballon<\/strong> \u00fcber die Westbank von Luxor zu fliegen. Von oben k\u00f6nnen Sie bequem das <strong>Tal der K\u00f6nige<\/strong>, den <strong>Hatschepsut-Tempel<\/strong>, das <strong>Ramesseum<\/strong>, die <strong>Memnonkolosse<\/strong> und <strong>Medinet Habu<\/strong> \u00fcberblicken. Au\u00dferdem sehen Sie von oben die <strong>Gr\u00e4ber der Adeligen<\/strong>, das <strong>Tal der K\u00f6niginnen<\/strong> und <strong>Deir El Medina<\/strong>.<\/p>\n<p>Am Ende Ihres Abenteuers werden Sie direkt zu Ihrem Hotel zum Fr\u00fchst\u00fcck gebracht.<\/p>\n<p><strong>05:00 Uhr:<\/strong> Start des Aufstiegs \u00fcber der Westbank von Luxor<\/p>\n<p><strong>06:00 Uhr:<\/strong> Landung an der Westbank von Luxor<\/p>\n<p><strong>07:00 Uhr:<\/strong> Fr\u00fchst\u00fcck im Hotel<\/p>\n<p><strong>08:00 Uhr:<\/strong> Check-out und Beginn Ihrer Besichtigung<\/p>\n<p><strong>08:30 Uhr:<\/strong> <strong>Tal der K\u00f6nige<\/strong><\/p>\n<p><strong>10:00 Uhr:<\/strong> Beginn der R\u00fcckfahrt zu Ihrem Hotel in Hurghada.<\/p>\n<h3>Hei\u00dfluftballon Luxor von Hurghada Preis<\/h3>\n<p><strong>Erwachsenenpreis:<\/strong> 350<\/p>\n<p>2Personen: 230<\/p>\n<p><strong>3 Personen:<\/strong> 200<\/p>\n<h3>Buchung<\/h3>\n<p>Sie k\u00f6nnen Ihre Tour \u00fcber WhatsApp buchen oder uns eine E-Mail senden, und Sie erhalten umgehend eine Best\u00e4tigung. Bitte senden Sie uns Ihren Hotelnamen, Zimmernummer und Kopien Ihrer Reisep\u00e4sse.<\/p>\n<p><strong>WhatsApp:<\/strong> +201000852186<\/p>\n<p><strong>E-Mail:<\/strong> info@egytourpackages.com<\/p>\n<h3>Jetzt buchen &amp; vor Ort bezahlen<\/h3>\n<p>Buchen Sie Ihre Lieblingstour und bezahlen Sie am Tag der Reise.<\/p>\n<h3>Zahlung<\/h3>\n<p>Sie k\u00f6nnen in \u00c4gyptischen Pfund, $, \u20ac oder \u00a3 bezahlen.<\/p>\n<h3>Stornierungsbedingungen<\/h3>\n<ul>\n<li>Kostenlose Stornierung bis zu 24 Stunden im Voraus<\/li>\n<li>Stornierung am Morgen: 50 % des Preises<\/li>\n<\/ul>\n","protected":false},"excerpt":{"rendered":"<p>Hei\u00dfluftballon Luxor von Hurghada \u00c4gypten | Zwei Fliegen mit einer Klappe schlagen: Luxor an einem Tag erleben mit Hei\u00dfluftballonfahrt und dem Tal der K\u00f6nige.<\/p>\n","protected":false},"featured_media":3201,"comment_status":"open","ping_status":"closed","template":"","meta":[],"product_brand":[],"product_cat":[1494],"product_tag":[1495,3607,1503,1920],"class_list":{"0":"post-4062","1":"product","2":"type-product","3":"status-publish","4":"has-post-thumbnail","6":"product_cat-touren","7":"product_tag-agypten-tagestouren","8":"product_tag-buchen-sie-zum-bestpreis-luxor-heisluftballonfahrt-ab-hurghada","9":"product_tag-hurghada-ausfluge","10":"product_tag-luxor-touren-von-hurghada","11":"tour_category-agypten-tagestouren","12":"tour_category-hurghada-ausfluge","14":"first","15":"instock","16":"sale","17":"shipping-taxable","18":"purchasable","19":"product-type-tour","20":"has-default-attributes"},"yoast_head":"<!-- This site is optimized with the Yoast SEO Premium plugin v27.2 (Yoast SEO v27.2) - https:\/\/yoast.com\/product\/yoast-seo-premium-wordpress\/ -->\n<title>Hei\u00dfluftballonfahrt Luxor ab Hurghada |<\/title>\n<meta name=\"description\" content=\"Hei\u00dfluftballon Luxor von Hurghada \u00c4gypten | Zwei Fliegen mit einer Klappe schlagen: Luxor an einem Tag erleben mit Hei\u00dfluftballonfahrt.\" \/>\n<meta name=\"robots\" content=\"index, follow, max-snippet:-1, max-image-preview:large, max-video-preview:-1\" \/>\n<link rel=\"canonical\" href=\"https:\/\/egytourpackages.com\/de\/touren\/heissluftballonfahrt-luxor-ab-hurghada\/\" \/>\n<meta property=\"og:locale\" content=\"de_DE\" \/>\n<meta property=\"og:type\" content=\"article\" \/>\n<meta property=\"og:title\" content=\"Hei\u00dfluftballonfahrt Luxor ab Hurghada\" \/>\n<meta property=\"og:description\" content=\"Hei\u00dfluftballon Luxor von Hurghada \u00c4gypten | Zwei Fliegen mit einer Klappe schlagen: Luxor an einem Tag erleben mit Hei\u00dfluftballonfahrt und dem Tal der K\u00f6nige.\" \/>\n<meta property=\"og:url\" content=\"https:\/\/egytourpackages.com\/de\/touren\/heissluftballonfahrt-luxor-ab-hurghada\/\" \/>\n<meta property=\"og:site_name\" content=\"\u00c4gypten-Reisepakete\" \/>\n<meta property=\"article:publisher\" content=\"https:\/\/www.facebook.com\/egytourpackages\" \/>\n<meta property=\"article:modified_time\" content=\"2026-01-06T09:41:49+00:00\" \/>\n<meta property=\"og:image\" content=\"https:\/\/egytourpackages.com\/wp-content\/uploads\/2024\/06\/Hot-Air-Balloon-Luxor-1024x768.jpg\" \/>\n<meta name=\"twitter:card\" content=\"summary_large_image\" \/>\n<meta name=\"twitter:title\" content=\"Hei\u00dfluftballonfahrt Luxor ab Hurghada\" \/>\n<meta name=\"twitter:label1\" content=\"Preis\" \/>\n\t<meta name=\"twitter:data1\" content=\"&euro;220\" \/>\n\t<meta name=\"twitter:label2\" content=\"Verf\u00fcgbarkeit\" \/>\n\t<meta name=\"twitter:data2\" content=\"Auf Lager\" \/>\n<script type=\"application\/ld+json\" class=\"yoast-schema-graph\">{\"@context\":\"https:\/\/schema.org\",\"@graph\":[{\"@type\":\"WebPage\",\"@id\":\"https:\/\/egytourpackages.com\/de\/touren\/heissluftballonfahrt-luxor-ab-hurghada\/\",\"url\":\"https:\/\/egytourpackages.com\/de\/touren\/heissluftballonfahrt-luxor-ab-hurghada\/\",\"name\":\"Hei\u00dfluftballonfahrt Luxor ab Hurghada |\",\"isPartOf\":{\"@id\":\"https:\/\/egytourpackages.com\/de\/#website\"},\"primaryImageOfPage\":{\"@id\":\"https:\/\/egytourpackages.com\/de\/touren\/heissluftballonfahrt-luxor-ab-hurghada\/#primaryimage\"},\"image\":{\"@id\":\"https:\/\/egytourpackages.com\/de\/touren\/heissluftballonfahrt-luxor-ab-hurghada\/#primaryimage\"},\"thumbnailUrl\":\"https:\/\/egytourpackages.com\/wp-content\/uploads\/2024\/06\/Hot-Air-Balloon-Luxor.jpg\",\"datePublished\":\"2024-07-19T17:14:10+00:00\",\"dateModified\":\"2026-01-06T09:41:49+00:00\",\"description\":\"Hei\u00dfluftballon Luxor von Hurghada \u00c4gypten | Zwei Fliegen mit einer Klappe schlagen: Luxor an einem Tag erleben mit Hei\u00dfluftballonfahrt.\",\"breadcrumb\":{\"@id\":\"https:\/\/egytourpackages.com\/de\/touren\/heissluftballonfahrt-luxor-ab-hurghada\/#breadcrumb\"},\"inLanguage\":\"de\",\"potentialAction\":[{\"@type\":\"ReadAction\",\"target\":[\"https:\/\/egytourpackages.com\/de\/touren\/heissluftballonfahrt-luxor-ab-hurghada\/\"]}]},{\"@type\":\"ImageObject\",\"inLanguage\":\"de\",\"@id\":\"https:\/\/egytourpackages.com\/de\/touren\/heissluftballonfahrt-luxor-ab-hurghada\/#primaryimage\",\"url\":\"https:\/\/egytourpackages.com\/wp-content\/uploads\/2024\/06\/Hot-Air-Balloon-Luxor.jpg\",\"contentUrl\":\"https:\/\/egytourpackages.com\/wp-content\/uploads\/2024\/06\/Hot-Air-Balloon-Luxor.jpg\",\"width\":1900,\"height\":1425,\"caption\":\"Hei\u00dfluftballonfahrt Luxor ab Hurghada\"},{\"@type\":\"BreadcrumbList\",\"@id\":\"https:\/\/egytourpackages.com\/de\/touren\/heissluftballonfahrt-luxor-ab-hurghada\/#breadcrumb\",\"itemListElement\":[{\"@type\":\"ListItem\",\"position\":1,\"name\":\"Startseite\",\"item\":\"https:\/\/egytourpackages.com\/de\/\"},{\"@type\":\"ListItem\",\"position\":2,\"name\":\"Shop\",\"item\":\"https:\/\/egytourpackages.com\/de\/shop\/\"},{\"@type\":\"ListItem\",\"position\":3,\"name\":\"Hei\u00dfluftballonfahrt Luxor ab Hurghada\"}]},{\"@type\":\"WebSite\",\"@id\":\"https:\/\/egytourpackages.com\/de\/#website\",\"url\":\"https:\/\/egytourpackages.com\/de\/\",\"name\":\"Egy tour packages\",\"description\":\"\",\"publisher\":{\"@id\":\"https:\/\/egytourpackages.com\/de\/#organization\"},\"potentialAction\":[{\"@type\":\"SearchAction\",\"target\":{\"@type\":\"EntryPoint\",\"urlTemplate\":\"https:\/\/egytourpackages.com\/de\/?s={search_term_string}\"},\"query-input\":{\"@type\":\"PropertyValueSpecification\",\"valueRequired\":true,\"valueName\":\"search_term_string\"}}],\"inLanguage\":\"de\"},{\"@type\":[\"Organization\",\"Place\",\"TravelAgency\"],\"@id\":\"https:\/\/egytourpackages.com\/de\/#organization\",\"name\":\"egypt tour packages\",\"alternateName\":\"egypt tour packages\",\"url\":\"https:\/\/egytourpackages.com\/de\/\",\"logo\":{\"@id\":\"https:\/\/egytourpackages.com\/de\/touren\/heissluftballonfahrt-luxor-ab-hurghada\/#local-main-organization-logo\"},\"image\":{\"@id\":\"https:\/\/egytourpackages.com\/de\/touren\/heissluftballonfahrt-luxor-ab-hurghada\/#local-main-organization-logo\"},\"sameAs\":[\"https:\/\/www.facebook.com\/egytourpackages\"],\"legalName\":\"Egy tour packages\",\"address\":{\"@id\":\"https:\/\/egytourpackages.com\/de\/touren\/heissluftballonfahrt-luxor-ab-hurghada\/#local-main-place-address\"},\"telephone\":[\"00201000852186\",\"00201028685533\"],\"contactPoint\":{\"@type\":\"ContactPoint\",\"telephone\":\"00201000852186\"},\"openingHoursSpecification\":[{\"@type\":\"OpeningHoursSpecification\",\"dayOfWeek\":[\"Monday\",\"Tuesday\",\"Wednesday\",\"Thursday\",\"Friday\",\"Saturday\",\"Sunday\"],\"opens\":\"00:00\",\"closes\":\"23:59\"}],\"email\":\"info@egytourpackages.com\",\"areaServed\":\"Cairo, Hurghada, Luxor, Sharm El Sheikh, Marsa Alam, Aswan\",\"priceRange\":\"$\",\"currenciesAccepted\":\"euro\",\"paymentAccepted\":\"Payment links online\"},{\"@type\":\"PostalAddress\",\"@id\":\"https:\/\/egytourpackages.com\/de\/touren\/heissluftballonfahrt-luxor-ab-hurghada\/#local-main-place-address\",\"streetAddress\":\"Mubarak 8, Al Kawthar District, Hurghada\",\"addressLocality\":\"Hurghada\",\"postalCode\":\"84511\",\"addressRegion\":\"Red Sea\",\"addressCountry\":\"EG\"},{\"@type\":\"ImageObject\",\"inLanguage\":\"de\",\"@id\":\"https:\/\/egytourpackages.com\/de\/touren\/heissluftballonfahrt-luxor-ab-hurghada\/#local-main-organization-logo\",\"url\":\"https:\/\/egytourpackages.com\/wp-content\/uploads\/2025\/12\/Turquoise-Dahabiya-Nile-Cruise-1.jpeg\",\"contentUrl\":\"https:\/\/egytourpackages.com\/wp-content\/uploads\/2025\/12\/Turquoise-Dahabiya-Nile-Cruise-1.jpeg\",\"width\":1040,\"height\":694,\"caption\":\"egypt tour packages\"}]}<\/script>\n<meta property=\"product:brand\" content=\"\u00c4gypten Tagestouren\" \/>\n<meta property=\"product:price:amount\" content=\"220\" \/>\n<meta property=\"product:price:currency\" content=\"EUR\" \/>\n<meta property=\"og:availability\" content=\"instock\" \/>\n<meta property=\"product:availability\" content=\"instock\" \/>\n<meta property=\"product:retailer_item_id\" content=\"HDT18\" \/>\n<meta property=\"product:condition\" content=\"new\" \/>\n<meta name=\"geo.placename\" content=\"Hurghada\" \/>\n<meta name=\"geo.region\" content=\"\u00c4gypten\" \/>\n<!-- \/ Yoast SEO Premium plugin. -->","yoast_head_json":{"title":"Hei\u00dfluftballonfahrt Luxor ab Hurghada |","description":"Hei\u00dfluftballon Luxor von Hurghada \u00c4gypten | Zwei Fliegen mit einer Klappe schlagen: Luxor an einem Tag erleben mit Hei\u00dfluftballonfahrt.","robots":{"index":"index","follow":"follow","max-snippet":"max-snippet:-1","max-image-preview":"max-image-preview:large","max-video-preview":"max-video-preview:-1"},"canonical":"https:\/\/egytourpackages.com\/de\/touren\/heissluftballonfahrt-luxor-ab-hurghada\/","og_locale":"de_DE","og_type":"article","og_title":"Hei\u00dfluftballonfahrt Luxor ab Hurghada","og_description":"Hei\u00dfluftballon Luxor von Hurghada \u00c4gypten | Zwei Fliegen mit einer Klappe schlagen: Luxor an einem Tag erleben mit Hei\u00dfluftballonfahrt und dem Tal der K\u00f6nige.","og_url":"https:\/\/egytourpackages.com\/de\/touren\/heissluftballonfahrt-luxor-ab-hurghada\/","og_site_name":"\u00c4gypten-Reisepakete","article_publisher":"https:\/\/www.facebook.com\/egytourpackages","article_modified_time":"2026-01-06T09:41:49+00:00","og_image":[{"url":"https:\/\/egytourpackages.com\/wp-content\/uploads\/2024\/06\/Hot-Air-Balloon-Luxor-1024x768.jpg","type":"","width":"","height":""}],"twitter_card":"summary_large_image","twitter_title":"Hei\u00dfluftballonfahrt Luxor ab Hurghada","twitter_misc":{"Preis":"&euro;220","Verf\u00fcgbarkeit":"Auf Lager"},"schema":{"@context":"https:\/\/schema.org","@graph":[{"@type":"WebPage","@id":"https:\/\/egytourpackages.com\/de\/touren\/heissluftballonfahrt-luxor-ab-hurghada\/","url":"https:\/\/egytourpackages.com\/de\/touren\/heissluftballonfahrt-luxor-ab-hurghada\/","name":"Hei\u00dfluftballonfahrt Luxor ab Hurghada |","isPartOf":{"@id":"https:\/\/egytourpackages.com\/de\/#website"},"primaryImageOfPage":{"@id":"https:\/\/egytourpackages.com\/de\/touren\/heissluftballonfahrt-luxor-ab-hurghada\/#primaryimage"},"image":{"@id":"https:\/\/egytourpackages.com\/de\/touren\/heissluftballonfahrt-luxor-ab-hurghada\/#primaryimage"},"thumbnailUrl":"https:\/\/egytourpackages.com\/wp-content\/uploads\/2024\/06\/Hot-Air-Balloon-Luxor.jpg","datePublished":"2024-07-19T17:14:10+00:00","dateModified":"2026-01-06T09:41:49+00:00","description":"Hei\u00dfluftballon Luxor von Hurghada \u00c4gypten | Zwei Fliegen mit einer Klappe schlagen: Luxor an einem Tag erleben mit Hei\u00dfluftballonfahrt.","breadcrumb":{"@id":"https:\/\/egytourpackages.com\/de\/touren\/heissluftballonfahrt-luxor-ab-hurghada\/#breadcrumb"},"inLanguage":"de","potentialAction":[{"@type":"ReadAction","target":["https:\/\/egytourpackages.com\/de\/touren\/heissluftballonfahrt-luxor-ab-hurghada\/"]}]},{"@type":"ImageObject","inLanguage":"de","@id":"https:\/\/egytourpackages.com\/de\/touren\/heissluftballonfahrt-luxor-ab-hurghada\/#primaryimage","url":"https:\/\/egytourpackages.com\/wp-content\/uploads\/2024\/06\/Hot-Air-Balloon-Luxor.jpg","contentUrl":"https:\/\/egytourpackages.com\/wp-content\/uploads\/2024\/06\/Hot-Air-Balloon-Luxor.jpg","width":1900,"height":1425,"caption":"Hei\u00dfluftballonfahrt Luxor ab Hurghada"},{"@type":"BreadcrumbList","@id":"https:\/\/egytourpackages.com\/de\/touren\/heissluftballonfahrt-luxor-ab-hurghada\/#breadcrumb","itemListElement":[{"@type":"ListItem","position":1,"name":"Startseite","item":"https:\/\/egytourpackages.com\/de\/"},{"@type":"ListItem","position":2,"name":"Shop","item":"https:\/\/egytourpackages.com\/de\/shop\/"},{"@type":"ListItem","position":3,"name":"Hei\u00dfluftballonfahrt Luxor ab Hurghada"}]},{"@type":"WebSite","@id":"https:\/\/egytourpackages.com\/de\/#website","url":"https:\/\/egytourpackages.com\/de\/","name":"Egy tour packages","description":"","publisher":{"@id":"https:\/\/egytourpackages.com\/de\/#organization"},"potentialAction":[{"@type":"SearchAction","target":{"@type":"EntryPoint","urlTemplate":"https:\/\/egytourpackages.com\/de\/?s={search_term_string}"},"query-input":{"@type":"PropertyValueSpecification","valueRequired":true,"valueName":"search_term_string"}}],"inLanguage":"de"},{"@type":["Organization","Place","TravelAgency"],"@id":"https:\/\/egytourpackages.com\/de\/#organization","name":"egypt tour packages","alternateName":"egypt tour packages","url":"https:\/\/egytourpackages.com\/de\/","logo":{"@id":"https:\/\/egytourpackages.com\/de\/touren\/heissluftballonfahrt-luxor-ab-hurghada\/#local-main-organization-logo"},"image":{"@id":"https:\/\/egytourpackages.com\/de\/touren\/heissluftballonfahrt-luxor-ab-hurghada\/#local-main-organization-logo"},"sameAs":["https:\/\/www.facebook.com\/egytourpackages"],"legalName":"Egy tour packages","address":{"@id":"https:\/\/egytourpackages.com\/de\/touren\/heissluftballonfahrt-luxor-ab-hurghada\/#local-main-place-address"},"telephone":["00201000852186","00201028685533"],"contactPoint":{"@type":"ContactPoint","telephone":"00201000852186"},"openingHoursSpecification":[{"@type":"OpeningHoursSpecification","dayOfWeek":["Monday","Tuesday","Wednesday","Thursday","Friday","Saturday","Sunday"],"opens":"00:00","closes":"23:59"}],"email":"info@egytourpackages.com","areaServed":"Cairo, Hurghada, Luxor, Sharm El Sheikh, Marsa Alam, Aswan","priceRange":"$","currenciesAccepted":"euro","paymentAccepted":"Payment links online"},{"@type":"PostalAddress","@id":"https:\/\/egytourpackages.com\/de\/touren\/heissluftballonfahrt-luxor-ab-hurghada\/#local-main-place-address","streetAddress":"Mubarak 8, Al Kawthar District, Hurghada","addressLocality":"Hurghada","postalCode":"84511","addressRegion":"Red Sea","addressCountry":"EG"},{"@type":"ImageObject","inLanguage":"de","@id":"https:\/\/egytourpackages.com\/de\/touren\/heissluftballonfahrt-luxor-ab-hurghada\/#local-main-organization-logo","url":"https:\/\/egytourpackages.com\/wp-content\/uploads\/2025\/12\/Turquoise-Dahabiya-Nile-Cruise-1.jpeg","contentUrl":"https:\/\/egytourpackages.com\/wp-content\/uploads\/2025\/12\/Turquoise-Dahabiya-Nile-Cruise-1.jpeg","width":1040,"height":694,"caption":"egypt tour packages"}]},"product_brand":"\u00c4gypten Tagestouren","product_price_amount":"220","product_price_currency":"EUR","og_availability":"instock","product_availability":"instock","product_retailer_item_id":"HDT18","product_condition":"new","geo.placename":"Hurghada","geo.region":"\u00c4gypten"},"_links":{"self":[{"href":"https:\/\/egytourpackages.com\/de\/wp-json\/wp\/v2\/product\/4062","targetHints":{"allow":["GET"]}}],"collection":[{"href":"https:\/\/egytourpackages.com\/de\/wp-json\/wp\/v2\/product"}],"about":[{"href":"https:\/\/egytourpackages.com\/de\/wp-json\/wp\/v2\/types\/product"}],"replies":[{"embeddable":true,"href":"https:\/\/egytourpackages.com\/de\/wp-json\/wp\/v2\/comments?post=4062"}],"wp:featuredmedia":[{"embeddable":true,"href":"https:\/\/egytourpackages.com\/de\/wp-json\/wp\/v2\/media\/3201"}],"wp:attachment":[{"href":"https:\/\/egytourpackages.com\/de\/wp-json\/wp\/v2\/media?parent=4062"}],"wp:term":[{"taxonomy":"product_brand","embeddable":true,"href":"https:\/\/egytourpackages.com\/de\/wp-json\/wp\/v2\/product_brand?post=4062"},{"taxonomy":"product_cat","embeddable":true,"href":"https:\/\/egytourpackages.com\/de\/wp-json\/wp\/v2\/product_cat?post=4062"},{"taxonomy":"product_tag","embeddable":true,"href":"https:\/\/egytourpackages.com\/de\/wp-json\/wp\/v2\/product_tag?post=4062"}],"curies":[{"name":"wp","href":"https:\/\/api.w.org\/{rel}","templated":true}]}}