{"id":4066,"date":"2025-03-30T22:31:30","date_gmt":"2025-03-30T22:31:30","guid":{"rendered":"https:\/\/egytourpackages.com\/product\/quad-tour-hurghada-morgens\/"},"modified":"2026-01-28T23:45:43","modified_gmt":"2026-01-28T23:45:43","slug":"quad-tour-hurghada-morgens","status":"publish","type":"product","link":"https:\/\/egytourpackages.com\/de\/touren\/quad-tour-hurghada-morgens\/","title":{"rendered":"Quad Tour Hurghada morgens"},"content":{"rendered":"<p><span style=\"color: #ff6600;\"><strong>Quad Tour Hurghada morgens<\/strong><\/span><\/p>\n<p>W\u00fcstenabenteuer Hurghada | Morgen Quad Touren | Sonnenaufgang Quad Touren | Beduinendorf | Online buchen | Kostenlose Stornierung | Zahlung vor Ort | Keine versteckten Geb\u00fchren<\/p>\n<h3>\u00dcbersicht<\/h3>\n<p><strong>Quadfahren am Morgen ab Hurghada<\/strong> ist ein einzigartiges Erlebnis in der W\u00fcste des Roten Meeres, das Sie nie vergessen werden. Buchen Sie eine <strong>Morgen Quad Safari in der W\u00fcste ab Hurghada<\/strong>, ein wunderbares Abenteuer fernab der Hotelmassen mit Ihren Liebsten.<\/p>\n<p>Fahren Sie <strong>Quad Bikes<\/strong> in der <strong>W\u00fcste des Roten Meeres<\/strong> auf einer <strong>Luxus Safari Tour<\/strong> mit einem <strong>erfahrenen Guide<\/strong> zu den Bergen des Roten Meeres. Genie\u00dfen Sie das Fahren von <strong>Quads<\/strong> und das Beschleunigen <strong>off-road<\/strong> als eine der sch\u00f6nsten Ideen f\u00fcr jugendliche Touren, um w\u00e4hrend der gesamten Reise Spannung und Nervenkitzel zu sp\u00fcren. Neben dem einzigartigen Erlebnis bieten wir einen privaten Transfer von \u00fcberall in Hurghada zum W\u00fcstencamp und zur\u00fcck an. Au\u00dferdem bieten wir <strong>Private W\u00fcstensafari Touren f\u00fcr Familien<\/strong>, Paare und Freunde an.<\/p>\n<p>Buchen Sie diese <strong>g\u00fcnstigen Safari Urlaube<\/strong> und erhalten Sie den besten Preis f\u00fcr die Sahara-W\u00fcstentour, um das Beduinenleben zu erleben und die malerischen W\u00fcstenlandschaften zu genie\u00dfen. Genie\u00dfen Sie eine kurze Probefahrt und fahren Sie dann zum <strong>Beduinendorf<\/strong>, um Beduinentee zu probieren, Kamel zu reiten und das t\u00e4gliche Leben der Beduinen zu entdecken.<\/p>\n<p>Egal, ob Sie ein erfahrener Fahrer oder ein Neuling sind, diese <strong>Morgen Quad Safari Hurghada<\/strong> bietet ein unvergessliches Abenteuer. Buchen Sie Ihr <strong>ATV Hurghada am Morgen<\/strong> f\u00fcr einen aufregenden Start in Ihren Tag in \u00c4gypten!<\/p>\n<h3>Tourdetails<\/h3>\n<p><strong>Dauer:<\/strong> 4 Stunden Tour inklusive Transfer<\/p>\n<p><strong>Abholzeit:<\/strong> Morgens um 08:00 Uhr<\/p>\n<p><strong>R\u00fcckgabezeit:<\/strong> Morgens um 12:30 Uhr<\/p>\n<p><strong>Tourtyp:<\/strong> Gruppe<\/p>\n<p><strong>Verf\u00fcgbarkeit:<\/strong> T\u00e4glich<\/p>\n<p><strong>Fahrzeit:<\/strong> 3 Stunden<\/p>\n<p><strong>Gruppengr\u00f6\u00dfe:<\/strong> 6-15<\/p>\n<p><strong>Sprachen:<\/strong> Tourguide spricht Englisch<\/p>\n<p><strong>Planung:<\/strong> <strong>Online buchen<\/strong><\/p>\n<p><strong>Abholung &amp; R\u00fccktransfer:<\/strong> Hurghada Hotels<\/p>\n<p><strong>H\u00f6hepunkte<\/strong><\/p>\n<ul>\n<li>25 km <strong>ATV Quad Bike Fahrt<\/strong><\/li>\n<li><strong>Beduinendorf<\/strong><\/li>\n<li><strong>Kamelritt<\/strong><\/li>\n<\/ul>\n<h3>Inklusive<\/h3>\n<ul>\n<li>Abholung und R\u00fccktransfer vom Hotel<\/li>\n<li>Steuern<\/li>\n<li>W\u00fcstentourguide<\/li>\n<li>Wasser<\/li>\n<li>Helm<\/li>\n<\/ul>\n<h3>Exklusive<\/h3>\n<ul>\n<li>Trinkgeld<\/li>\n<li>Schal<\/li>\n<li>Schutzbrille<\/li>\n<li>DVD oder Fotos vom Kameramann<\/li>\n<li>Nicht erw\u00e4hnte Extras<\/li>\n<\/ul>\n<h2>Reiseverlauf<\/h2>\n<p>Beginnen Sie Ihr <strong>morgendliches Quadfahren Hurghada<\/strong> mit einem Transfer vom Hotel zur W\u00fcstensafari-Station. Erhalten Sie Ihre Sicherheitsausr\u00fcstung und starten Sie mit detaillierten Anweisungen von Ihrem Guide, um sich mit Ihren Fahrzeugen vertraut zu machen.<\/p>\n<p>Fahren Sie von der Quad-Station an Bord Ihres <strong>privaten ATV<\/strong> zu einigen der spektakul\u00e4rsten Orte in der W\u00fcste. Erleben Sie das Gef\u00fchl des <strong>W\u00fcstensafari-Abenteuers<\/strong> \u00fcber die Sandd\u00fcnen der W\u00fcste. Sie werden zwei Fotostopps w\u00e4hrend der Fahrt zum <strong>Beduinendorf<\/strong> genie\u00dfen.<\/p>\n<p><strong>Beduinenlager<\/strong> Entspannen Sie sich im Beduinen-Zelt im <strong>Beduinendorf<\/strong> und genie\u00dfen Sie \u00e4gyptischen Tee mit Minze. Genie\u00dfen Sie einen <strong>Kamelritt<\/strong>, bevor Ihre Tour endet. Danach, nach dem Kamelritt, fahren Sie zur\u00fcck zur ATV-Station, bevor Sie am Ende Ihrer <strong>Hurghada Ausfl\u00fcge<\/strong> zu Ihrem Hotel zur\u00fcckgebracht werden.<\/p>\n<h3>Hinweis<\/h3>\n<p>Kinder unter 14 Jahren sind auf dem ATV nicht erlaubt.<\/p>\n<h3>Quadfahren am Morgen Hurghada Preis<\/h3>\n<p>Erwachsenenpreis = 20 $<\/p>\n<p>Kinder 0-5 Jahre = kostenlos<\/p>\n<p>Kinder 5-11 Jahre = 50% des Erwachsenenpreises<\/p>\n<h3>Buchung<\/h3>\n<p>Sie k\u00f6nnen Ihre Tour per WhatsApp buchen oder uns eine E-Mail senden und erhalten die Best\u00e4tigung vor Ort. Bitte senden Sie uns Ihren Hotelnamen, Zimmernummer und Passkopien.<\/p>\n<p>WhatsApp: +201000852186<\/p>\n<p>info@egytourpackages.com<\/p>\n<h3>Jetzt buchen &amp; vor Ort bezahlen<\/h3>\n<p>Buchen Sie Ihre Lieblingstour und bezahlen Sie am Tag der Reise.<\/p>\n<h3>Zahlung<\/h3>\n<p>Sie k\u00f6nnen in \u00e4gyptischen Pfund, $, \u20ac oder \u00a3 bezahlen.<\/p>\n<h3>Stornierungsbedingungen<\/h3>\n<ul>\n<li>Kostenlose Stornierung bis zu 24 Stunden im Voraus<\/li>\n<li>Stornierung am Morgen betr\u00e4gt 50% des Preises<\/li>\n<\/ul>\n","protected":false},"excerpt":{"rendered":"<p>Quad Tour Hurghada morgens | Erkunden Sie die W\u00fcste von Hurghada und Kamelritt mit Hurghada Ausfl\u00fcgen \u2013 morgendliche Quad Tour von Hurghada Hotels.<\/p>\n","protected":false},"featured_media":3534,"comment_status":"open","ping_status":"closed","template":"","meta":[],"product_brand":[],"product_cat":[1494],"product_tag":[1495,1503],"class_list":{"0":"post-4066","1":"product","2":"type-product","3":"status-publish","4":"has-post-thumbnail","6":"product_cat-touren","7":"product_tag-agypten-tagestouren","8":"product_tag-hurghada-ausfluge","9":"tour_category-agypten-tagestouren","10":"tour_category-hurghada-ausfluge","11":"tour_category-hurghada-wustensafari-touren","13":"first","14":"instock","15":"sale","16":"shipping-taxable","17":"purchasable","18":"product-type-tour","19":"has-default-attributes"},"yoast_head":"<!-- This site is optimized with the Yoast SEO Premium plugin v27.2 (Yoast SEO v27.2) - https:\/\/yoast.com\/product\/yoast-seo-premium-wordpress\/ -->\n<title>Quad Tour Hurghada morgens<\/title>\n<meta name=\"description\" content=\"Quad Tour Hurghada morgens | Erkunden Sie die W\u00fcste von Hurghada und Kamelritt mit Hurghada Ausfl\u00fcgen \u2013 morgendliche Quad Tour von Hurghada Hotels.\" \/>\n<meta name=\"robots\" content=\"index, follow, max-snippet:-1, max-image-preview:large, max-video-preview:-1\" \/>\n<link rel=\"canonical\" href=\"https:\/\/egytourpackages.com\/de\/touren\/quad-tour-hurghada-morgens\/\" \/>\n<meta property=\"og:locale\" content=\"de_DE\" \/>\n<meta property=\"og:type\" content=\"article\" \/>\n<meta property=\"og:title\" content=\"Quad Tour Hurghada morgens\" \/>\n<meta property=\"og:description\" content=\"Quad Tour Hurghada morgens | Erkunden Sie die W\u00fcste von Hurghada und Kamelritt mit Hurghada Ausfl\u00fcgen \u2013 morgendliche Quad Tour von Hurghada Hotels.\" \/>\n<meta property=\"og:url\" content=\"https:\/\/egytourpackages.com\/de\/touren\/quad-tour-hurghada-morgens\/\" \/>\n<meta property=\"og:site_name\" content=\"\u00c4gypten-Reisepakete\" \/>\n<meta property=\"article:publisher\" content=\"https:\/\/www.facebook.com\/egytourpackages\" \/>\n<meta property=\"article:modified_time\" content=\"2026-01-28T23:45:43+00:00\" \/>\n<meta property=\"og:image\" content=\"https:\/\/egytourpackages.com\/wp-content\/uploads\/2025\/03\/Morning-Quad-Biking-Safari-from-Hurghada.jpeg\" \/>\n\t<meta property=\"og:image:width\" content=\"1200\" \/>\n\t<meta property=\"og:image:height\" content=\"799\" \/>\n\t<meta property=\"og:image:type\" content=\"image\/jpeg\" \/>\n<meta name=\"twitter:card\" content=\"summary_large_image\" \/>\n<meta name=\"twitter:title\" content=\"Quad Tour Hurghada morgens\" \/>\n<meta name=\"twitter:label1\" content=\"Preis\" \/>\n\t<meta name=\"twitter:data1\" content=\"&euro;20\" \/>\n\t<meta name=\"twitter:label2\" content=\"Verf\u00fcgbarkeit\" \/>\n\t<meta name=\"twitter:data2\" content=\"Auf Lager\" \/>\n<script type=\"application\/ld+json\" class=\"yoast-schema-graph\">{\"@context\":\"https:\/\/schema.org\",\"@graph\":[{\"@type\":\"WebPage\",\"@id\":\"https:\/\/egytourpackages.com\/de\/touren\/quad-tour-hurghada-morgens\/\",\"url\":\"https:\/\/egytourpackages.com\/de\/touren\/quad-tour-hurghada-morgens\/\",\"name\":\"Quad Tour Hurghada morgens\",\"isPartOf\":{\"@id\":\"https:\/\/egytourpackages.com\/de\/#website\"},\"primaryImageOfPage\":{\"@id\":\"https:\/\/egytourpackages.com\/de\/touren\/quad-tour-hurghada-morgens\/#primaryimage\"},\"image\":{\"@id\":\"https:\/\/egytourpackages.com\/de\/touren\/quad-tour-hurghada-morgens\/#primaryimage\"},\"thumbnailUrl\":\"https:\/\/egytourpackages.com\/wp-content\/uploads\/2025\/03\/Morning-Quad-Biking-Safari-from-Hurghada.jpeg\",\"datePublished\":\"2025-03-30T22:31:30+00:00\",\"dateModified\":\"2026-01-28T23:45:43+00:00\",\"description\":\"Quad Tour Hurghada morgens | Erkunden Sie die W\u00fcste von Hurghada und Kamelritt mit Hurghada Ausfl\u00fcgen \u2013 morgendliche Quad Tour von Hurghada Hotels.\",\"breadcrumb\":{\"@id\":\"https:\/\/egytourpackages.com\/de\/touren\/quad-tour-hurghada-morgens\/#breadcrumb\"},\"inLanguage\":\"de\",\"potentialAction\":[{\"@type\":\"ReadAction\",\"target\":[\"https:\/\/egytourpackages.com\/de\/touren\/quad-tour-hurghada-morgens\/\"]}]},{\"@type\":\"ImageObject\",\"inLanguage\":\"de\",\"@id\":\"https:\/\/egytourpackages.com\/de\/touren\/quad-tour-hurghada-morgens\/#primaryimage\",\"url\":\"https:\/\/egytourpackages.com\/wp-content\/uploads\/2025\/03\/Morning-Quad-Biking-Safari-from-Hurghada.jpeg\",\"contentUrl\":\"https:\/\/egytourpackages.com\/wp-content\/uploads\/2025\/03\/Morning-Quad-Biking-Safari-from-Hurghada.jpeg\",\"width\":1200,\"height\":799,\"caption\":\"Quad Tour Hurghada morgens\"},{\"@type\":\"BreadcrumbList\",\"@id\":\"https:\/\/egytourpackages.com\/de\/touren\/quad-tour-hurghada-morgens\/#breadcrumb\",\"itemListElement\":[{\"@type\":\"ListItem\",\"position\":1,\"name\":\"Startseite\",\"item\":\"https:\/\/egytourpackages.com\/de\/\"},{\"@type\":\"ListItem\",\"position\":2,\"name\":\"Shop\",\"item\":\"https:\/\/egytourpackages.com\/de\/shop\/\"},{\"@type\":\"ListItem\",\"position\":3,\"name\":\"Quad Tour Hurghada morgens\"}]},{\"@type\":\"WebSite\",\"@id\":\"https:\/\/egytourpackages.com\/de\/#website\",\"url\":\"https:\/\/egytourpackages.com\/de\/\",\"name\":\"Egy tour packages\",\"description\":\"\",\"publisher\":{\"@id\":\"https:\/\/egytourpackages.com\/de\/#organization\"},\"potentialAction\":[{\"@type\":\"SearchAction\",\"target\":{\"@type\":\"EntryPoint\",\"urlTemplate\":\"https:\/\/egytourpackages.com\/de\/?s={search_term_string}\"},\"query-input\":{\"@type\":\"PropertyValueSpecification\",\"valueRequired\":true,\"valueName\":\"search_term_string\"}}],\"inLanguage\":\"de\"},{\"@type\":[\"Organization\",\"Place\",\"TravelAgency\"],\"@id\":\"https:\/\/egytourpackages.com\/de\/#organization\",\"name\":\"egypt tour packages\",\"alternateName\":\"egypt tour packages\",\"url\":\"https:\/\/egytourpackages.com\/de\/\",\"logo\":{\"@id\":\"https:\/\/egytourpackages.com\/de\/touren\/quad-tour-hurghada-morgens\/#local-main-organization-logo\"},\"image\":{\"@id\":\"https:\/\/egytourpackages.com\/de\/touren\/quad-tour-hurghada-morgens\/#local-main-organization-logo\"},\"sameAs\":[\"https:\/\/www.facebook.com\/egytourpackages\"],\"legalName\":\"Egy tour packages\",\"address\":{\"@id\":\"https:\/\/egytourpackages.com\/de\/touren\/quad-tour-hurghada-morgens\/#local-main-place-address\"},\"telephone\":[\"00201000852186\",\"00201028685533\"],\"contactPoint\":{\"@type\":\"ContactPoint\",\"telephone\":\"00201000852186\"},\"openingHoursSpecification\":[{\"@type\":\"OpeningHoursSpecification\",\"dayOfWeek\":[\"Monday\",\"Tuesday\",\"Wednesday\",\"Thursday\",\"Friday\",\"Saturday\",\"Sunday\"],\"opens\":\"00:00\",\"closes\":\"23:59\"}],\"email\":\"info@egytourpackages.com\",\"areaServed\":\"Cairo, Hurghada, Luxor, Sharm El Sheikh, Marsa Alam, Aswan\",\"priceRange\":\"$\",\"currenciesAccepted\":\"euro\",\"paymentAccepted\":\"Payment links online\"},{\"@type\":\"PostalAddress\",\"@id\":\"https:\/\/egytourpackages.com\/de\/touren\/quad-tour-hurghada-morgens\/#local-main-place-address\",\"streetAddress\":\"Mubarak 8, Al Kawthar District, Hurghada\",\"addressLocality\":\"Hurghada\",\"postalCode\":\"84511\",\"addressRegion\":\"Red Sea\",\"addressCountry\":\"EG\"},{\"@type\":\"ImageObject\",\"inLanguage\":\"de\",\"@id\":\"https:\/\/egytourpackages.com\/de\/touren\/quad-tour-hurghada-morgens\/#local-main-organization-logo\",\"url\":\"https:\/\/egytourpackages.com\/wp-content\/uploads\/2025\/12\/Turquoise-Dahabiya-Nile-Cruise-1.jpeg\",\"contentUrl\":\"https:\/\/egytourpackages.com\/wp-content\/uploads\/2025\/12\/Turquoise-Dahabiya-Nile-Cruise-1.jpeg\",\"width\":1040,\"height\":694,\"caption\":\"egypt tour packages\"}]}<\/script>\n<meta property=\"product:brand\" content=\"\u00c4gypten Tagestouren\" \/>\n<meta property=\"product:price:amount\" content=\"20\" \/>\n<meta property=\"product:price:currency\" content=\"EUR\" \/>\n<meta property=\"og:availability\" content=\"instock\" \/>\n<meta property=\"product:availability\" content=\"instock\" \/>\n<meta property=\"product:retailer_item_id\" content=\"HDT12\" \/>\n<meta property=\"product:condition\" content=\"new\" \/>\n<meta name=\"geo.placename\" content=\"Hurghada\" \/>\n<meta name=\"geo.region\" content=\"\u00c4gypten\" \/>\n<!-- \/ Yoast SEO Premium plugin. -->","yoast_head_json":{"title":"Quad Tour Hurghada morgens","description":"Quad Tour Hurghada morgens | Erkunden Sie die W\u00fcste von Hurghada und Kamelritt mit Hurghada Ausfl\u00fcgen \u2013 morgendliche Quad Tour von Hurghada Hotels.","robots":{"index":"index","follow":"follow","max-snippet":"max-snippet:-1","max-image-preview":"max-image-preview:large","max-video-preview":"max-video-preview:-1"},"canonical":"https:\/\/egytourpackages.com\/de\/touren\/quad-tour-hurghada-morgens\/","og_locale":"de_DE","og_type":"article","og_title":"Quad Tour Hurghada morgens","og_description":"Quad Tour Hurghada morgens | Erkunden Sie die W\u00fcste von Hurghada und Kamelritt mit Hurghada Ausfl\u00fcgen \u2013 morgendliche Quad Tour von Hurghada Hotels.","og_url":"https:\/\/egytourpackages.com\/de\/touren\/quad-tour-hurghada-morgens\/","og_site_name":"\u00c4gypten-Reisepakete","article_publisher":"https:\/\/www.facebook.com\/egytourpackages","article_modified_time":"2026-01-28T23:45:43+00:00","og_image":[{"width":1200,"height":799,"url":"https:\/\/egytourpackages.com\/wp-content\/uploads\/2025\/03\/Morning-Quad-Biking-Safari-from-Hurghada.jpeg","type":"image\/jpeg"}],"twitter_card":"summary_large_image","twitter_title":"Quad Tour Hurghada morgens","twitter_misc":{"Preis":"&euro;20","Verf\u00fcgbarkeit":"Auf Lager"},"schema":{"@context":"https:\/\/schema.org","@graph":[{"@type":"WebPage","@id":"https:\/\/egytourpackages.com\/de\/touren\/quad-tour-hurghada-morgens\/","url":"https:\/\/egytourpackages.com\/de\/touren\/quad-tour-hurghada-morgens\/","name":"Quad Tour Hurghada morgens","isPartOf":{"@id":"https:\/\/egytourpackages.com\/de\/#website"},"primaryImageOfPage":{"@id":"https:\/\/egytourpackages.com\/de\/touren\/quad-tour-hurghada-morgens\/#primaryimage"},"image":{"@id":"https:\/\/egytourpackages.com\/de\/touren\/quad-tour-hurghada-morgens\/#primaryimage"},"thumbnailUrl":"https:\/\/egytourpackages.com\/wp-content\/uploads\/2025\/03\/Morning-Quad-Biking-Safari-from-Hurghada.jpeg","datePublished":"2025-03-30T22:31:30+00:00","dateModified":"2026-01-28T23:45:43+00:00","description":"Quad Tour Hurghada morgens | Erkunden Sie die W\u00fcste von Hurghada und Kamelritt mit Hurghada Ausfl\u00fcgen \u2013 morgendliche Quad Tour von Hurghada Hotels.","breadcrumb":{"@id":"https:\/\/egytourpackages.com\/de\/touren\/quad-tour-hurghada-morgens\/#breadcrumb"},"inLanguage":"de","potentialAction":[{"@type":"ReadAction","target":["https:\/\/egytourpackages.com\/de\/touren\/quad-tour-hurghada-morgens\/"]}]},{"@type":"ImageObject","inLanguage":"de","@id":"https:\/\/egytourpackages.com\/de\/touren\/quad-tour-hurghada-morgens\/#primaryimage","url":"https:\/\/egytourpackages.com\/wp-content\/uploads\/2025\/03\/Morning-Quad-Biking-Safari-from-Hurghada.jpeg","contentUrl":"https:\/\/egytourpackages.com\/wp-content\/uploads\/2025\/03\/Morning-Quad-Biking-Safari-from-Hurghada.jpeg","width":1200,"height":799,"caption":"Quad Tour Hurghada morgens"},{"@type":"BreadcrumbList","@id":"https:\/\/egytourpackages.com\/de\/touren\/quad-tour-hurghada-morgens\/#breadcrumb","itemListElement":[{"@type":"ListItem","position":1,"name":"Startseite","item":"https:\/\/egytourpackages.com\/de\/"},{"@type":"ListItem","position":2,"name":"Shop","item":"https:\/\/egytourpackages.com\/de\/shop\/"},{"@type":"ListItem","position":3,"name":"Quad Tour Hurghada morgens"}]},{"@type":"WebSite","@id":"https:\/\/egytourpackages.com\/de\/#website","url":"https:\/\/egytourpackages.com\/de\/","name":"Egy tour packages","description":"","publisher":{"@id":"https:\/\/egytourpackages.com\/de\/#organization"},"potentialAction":[{"@type":"SearchAction","target":{"@type":"EntryPoint","urlTemplate":"https:\/\/egytourpackages.com\/de\/?s={search_term_string}"},"query-input":{"@type":"PropertyValueSpecification","valueRequired":true,"valueName":"search_term_string"}}],"inLanguage":"de"},{"@type":["Organization","Place","TravelAgency"],"@id":"https:\/\/egytourpackages.com\/de\/#organization","name":"egypt tour packages","alternateName":"egypt tour packages","url":"https:\/\/egytourpackages.com\/de\/","logo":{"@id":"https:\/\/egytourpackages.com\/de\/touren\/quad-tour-hurghada-morgens\/#local-main-organization-logo"},"image":{"@id":"https:\/\/egytourpackages.com\/de\/touren\/quad-tour-hurghada-morgens\/#local-main-organization-logo"},"sameAs":["https:\/\/www.facebook.com\/egytourpackages"],"legalName":"Egy tour packages","address":{"@id":"https:\/\/egytourpackages.com\/de\/touren\/quad-tour-hurghada-morgens\/#local-main-place-address"},"telephone":["00201000852186","00201028685533"],"contactPoint":{"@type":"ContactPoint","telephone":"00201000852186"},"openingHoursSpecification":[{"@type":"OpeningHoursSpecification","dayOfWeek":["Monday","Tuesday","Wednesday","Thursday","Friday","Saturday","Sunday"],"opens":"00:00","closes":"23:59"}],"email":"info@egytourpackages.com","areaServed":"Cairo, Hurghada, Luxor, Sharm El Sheikh, Marsa Alam, Aswan","priceRange":"$","currenciesAccepted":"euro","paymentAccepted":"Payment links online"},{"@type":"PostalAddress","@id":"https:\/\/egytourpackages.com\/de\/touren\/quad-tour-hurghada-morgens\/#local-main-place-address","streetAddress":"Mubarak 8, Al Kawthar District, Hurghada","addressLocality":"Hurghada","postalCode":"84511","addressRegion":"Red Sea","addressCountry":"EG"},{"@type":"ImageObject","inLanguage":"de","@id":"https:\/\/egytourpackages.com\/de\/touren\/quad-tour-hurghada-morgens\/#local-main-organization-logo","url":"https:\/\/egytourpackages.com\/wp-content\/uploads\/2025\/12\/Turquoise-Dahabiya-Nile-Cruise-1.jpeg","contentUrl":"https:\/\/egytourpackages.com\/wp-content\/uploads\/2025\/12\/Turquoise-Dahabiya-Nile-Cruise-1.jpeg","width":1040,"height":694,"caption":"egypt tour packages"}]},"product_brand":"\u00c4gypten Tagestouren","product_price_amount":"20","product_price_currency":"EUR","og_availability":"instock","product_availability":"instock","product_retailer_item_id":"HDT12","product_condition":"new","geo.placename":"Hurghada","geo.region":"\u00c4gypten"},"_links":{"self":[{"href":"https:\/\/egytourpackages.com\/de\/wp-json\/wp\/v2\/product\/4066","targetHints":{"allow":["GET"]}}],"collection":[{"href":"https:\/\/egytourpackages.com\/de\/wp-json\/wp\/v2\/product"}],"about":[{"href":"https:\/\/egytourpackages.com\/de\/wp-json\/wp\/v2\/types\/product"}],"replies":[{"embeddable":true,"href":"https:\/\/egytourpackages.com\/de\/wp-json\/wp\/v2\/comments?post=4066"}],"wp:featuredmedia":[{"embeddable":true,"href":"https:\/\/egytourpackages.com\/de\/wp-json\/wp\/v2\/media\/3534"}],"wp:attachment":[{"href":"https:\/\/egytourpackages.com\/de\/wp-json\/wp\/v2\/media?parent=4066"}],"wp:term":[{"taxonomy":"product_brand","embeddable":true,"href":"https:\/\/egytourpackages.com\/de\/wp-json\/wp\/v2\/product_brand?post=4066"},{"taxonomy":"product_cat","embeddable":true,"href":"https:\/\/egytourpackages.com\/de\/wp-json\/wp\/v2\/product_cat?post=4066"},{"taxonomy":"product_tag","embeddable":true,"href":"https:\/\/egytourpackages.com\/de\/wp-json\/wp\/v2\/product_tag?post=4066"}],"curies":[{"name":"wp","href":"https:\/\/api.w.org\/{rel}","templated":true}]}}